{"id":3568,"date":"2020-06-17T15:38:37","date_gmt":"2020-06-17T08:38:37","guid":{"rendered":"http:\/\/27430.lamdx.vinawebsite.vn\/san-pham\/vali-cung-mavic-air.html"},"modified":"2020-10-14T17:59:53","modified_gmt":"2020-10-14T10:59:53","slug":"hard-suicase-for-mavic-air","status":"publish","type":"product","link":"https:\/\/phukienflytech.vn\/en\/san-pham\/hard-suicase-for-mavic-air.html","title":{"rendered":"Hard and shock proof suicase for mavic Air"},"content":{"rendered":"<h2><span style=\"color: #0000ff;\"><em><strong>Hard suicase for mavic Air<\/strong><\/em><\/span><\/h2>\n<p>&nbsp;<\/p>\n<p><span style=\"font-size: 18px;\">Hard suicase for mavic Air<\/span><\/p>\n<p><span style=\"font-size: 18px;\"><img loading=\"lazy\" decoding=\"async\" class=\"alignnone wp-image-13625 size-medium\" src=\"https:\/\/phukienflytech.vn\/wp-content\/uploads\/2020\/05\/vali-cung-mavic-air-3555-6-400x400.jpg\" alt=\"Hard-suicase-for-mavic-Air-6\" width=\"400\" height=\"400\" srcset=\"https:\/\/phukienflytech.vn\/wp-content\/uploads\/2020\/05\/vali-cung-mavic-air-3555-6-400x400.jpg 400w, https:\/\/phukienflytech.vn\/wp-content\/uploads\/2020\/05\/vali-cung-mavic-air-3555-6-280x280.jpg 280w, https:\/\/phukienflytech.vn\/wp-content\/uploads\/2020\/05\/vali-cung-mavic-air-3555-6-768x768.jpg 768w, https:\/\/phukienflytech.vn\/wp-content\/uploads\/2020\/05\/vali-cung-mavic-air-3555-6.jpg 800w, https:\/\/phukienflytech.vn\/wp-content\/uploads\/2020\/05\/vali-cung-mavic-air-3555-6-300x300.jpg 300w, https:\/\/phukienflytech.vn\/wp-content\/uploads\/2020\/05\/vali-cung-mavic-air-3555-6-600x600.jpg 600w, https:\/\/phukienflytech.vn\/wp-content\/uploads\/2020\/05\/vali-cung-mavic-air-3555-6-100x100.jpg 100w\" sizes=\"auto, (max-width: 400px) 100vw, 400px\" \/><\/span><\/p>\n<p>&nbsp;<\/p>\n<p><span style=\"font-size: 18px;\"><img loading=\"lazy\" decoding=\"async\" class=\"alignnone size-medium wp-image-13627\" src=\"https:\/\/phukienflytech.vn\/wp-content\/uploads\/2020\/05\/vali-cung-mavic-air-3555-1-1-400x400.jpg\" alt=\"\" width=\"400\" height=\"400\" srcset=\"https:\/\/phukienflytech.vn\/wp-content\/uploads\/2020\/05\/vali-cung-mavic-air-3555-1-1-400x400.jpg 400w, https:\/\/phukienflytech.vn\/wp-content\/uploads\/2020\/05\/vali-cung-mavic-air-3555-1-1-280x280.jpg 280w, https:\/\/phukienflytech.vn\/wp-content\/uploads\/2020\/05\/vali-cung-mavic-air-3555-1-1-300x300.jpg 300w, https:\/\/phukienflytech.vn\/wp-content\/uploads\/2020\/05\/vali-cung-mavic-air-3555-1-1-600x600.jpg 600w, https:\/\/phukienflytech.vn\/wp-content\/uploads\/2020\/05\/vali-cung-mavic-air-3555-1-1-100x100.jpg 100w, https:\/\/phukienflytech.vn\/wp-content\/uploads\/2020\/05\/vali-cung-mavic-air-3555-1-1.jpg 640w\" sizes=\"auto, (max-width: 400px) 100vw, 400px\" \/><\/span><\/p>\n<p>&nbsp;<\/p>\n<p><span style=\"font-size: 18px;\">\u0110\u01b0\u1ee3c cho l\u00e0 d\u00f2ng flycam \u0111\u01b0\u1ee3c \u01b0u \u00e1i v\u1ec1 balo t\u00fai x\u00e1ch khi b\u1ea1n mua g\u00f3i combo v\u1edbi kh\u00e1 nhi\u1ec1u\u00a0<strong>ph\u1ee5 ki\u1ec7n mavic air\u00a0<\/strong>\u00a0b\u1ea1n \u0111\u01b0\u1ee3c s\u1edf h\u1eefu ngay t\u00fai x\u00e1ch b\u1eb1ng da DJI. V\u1ec1 h\u00ecnh th\u1ee9c th\u00ec chi\u1ebfc t\u00fai da r\u1ea5t \u0111\u1eb9p v\u00e0 sang tr\u1ecdng b\u1edfi ch\u1ea5t li\u1ec7u da th\u1eadt, cao c\u1ea5p. Tuy nhi\u00ean, v\u1ec1 m\u1eb7t \u0111\u1ea3m b\u1ea3o cho kh\u00e2u b\u1ea3o qu\u1ea3n c\u0169ng nh\u01b0 b\u1ea3o v\u1ec7 cho flycam th\u00ec chi\u1ebfc t\u00fai da g\u1ed1c l\u1ea1i \u0111\u00e1p \u1ee9ng ch\u01b0a th\u1ef1c s\u1ef1 t\u1ed1t v\u00e0 \u0111\u1ea3m b\u1ea3o.<\/span><\/p>\n<p>&nbsp;<\/p>\n<p><span style=\"font-size: 18px;\"><img loading=\"lazy\" decoding=\"async\" class=\"alignnone size-medium wp-image-13643\" src=\"https:\/\/phukienflytech.vn\/wp-content\/uploads\/2020\/05\/vali-cung-mavic-air-3555-2-1.jpg\" alt=\"\" width=\"450\" height=\"243\" \/><\/span><\/p>\n<p>&nbsp;<\/p>\n<p><span style=\"font-size: 18px;\">Do v\u1eady, vi\u1ec7c l\u1ef1a ch\u1ecdn m\u1ed9t chi\u1ebfc\u00a0<strong>Vali c\u1ee9ng mavic<\/strong>\u00a0ho\u1eb7c\u00a0<a href=\"http:\/\/phukienflytech.vn\/san-pham\/balo-mavic-boc-da.html\" target=\"_blank\" rel=\"noopener noreferrer\">balo c\u1ee9ng<\/a>\u00a0hay b\u1ed9\u00a0<a href=\"http:\/\/phukienflytech.vn\/san-pham\/bo-hop-combo-dung-mavic-pro.html\" target=\"_blank\" rel=\"noopener noreferrer\">h\u1ed9p \u0111\u1ef1ng combo<\/a>\u00a0c\u00f3 ch\u1ea5t li\u1ec7u c\u1ee9ng, c\u00f3 kh\u1ea3 n\u0103ng ch\u1ed1ng s\u1ed1c, ch\u1ed1ng n\u01b0\u1edbc t\u1ed1t h\u01a1n so v\u1edbi t\u00fai da \u0111i k\u00e8m.<\/span><\/p>\n<p><span style=\"font-size: 18px;\">Vali \u00a0c\u1ee9ng\u00a0Mavic Air thu\u1ed9c lo\u1ea1i vali ch\u1ed1ng n\u01b0\u1edbc v\u00e0 ch\u1ed1ng s\u1ed1c r\u1ea5t cao, si\u00eau g\u1ecdn nh\u1eb9<\/span><\/p>\n<p>&nbsp;<\/p>\n<h2><span style=\"font-size: 18px;\"><img loading=\"lazy\" decoding=\"async\" class=\"alignnone size-medium wp-image-13647\" src=\"https:\/\/phukienflytech.vn\/wp-content\/uploads\/2020\/05\/vali-cung-mavic-air-3555-3-1.jpg\" alt=\"\" width=\"450\" height=\"373\" \/><\/span><\/h2>\n<p>&nbsp;<\/p>\n<h2><span style=\"font-size: 21px;\"><strong><span style=\"color: #0000ff;\">Chi ti\u1ebft c\u1ee7a vali c\u1ee9ng mavic air<\/span><\/strong><\/span><\/h2>\n<p><span style=\"font-size: 18px;\">&#8211; B\u00ean ngo\u00e0i vali c\u1ee9ng mavic air: Ch\u1ea5t li\u1ec7u nh\u1ef1a si\u00eau c\u1ee9ng, c\u00f3 quai \u0111eo ch\u00e9o vai t\u1ea1o c\u1ea3m gi\u00e1c tho\u1ea3i m\u00e1i khi \u0111eo l\u00ean, ki\u1ec3u d\u00e1ng g\u1ecdn nh\u1eb9 m\u1ecfng, k\u00edch th\u01b0\u1edbc th\u1eadm ch\u1ec9 c\u00f2n b\u00e9 h\u01a1n kh\u1ed5 gi\u1ea5y A4<\/span><\/p>\n<p><span style=\"font-size: 18px;\">&#8211; B\u00ean trong: l\u00e0 khu\u00f4n x\u1ed1p r\u1ea5t c\u1ee9ng, \u0111\u01b0\u1ee3c ti\u1ec7n r\u1ea5t t\u1ec9 m\u1ec9 theo h\u00ecnh d\u00e1ng t\u1eebng chi ti\u1ebft, ph\u1ee5 ki\u1ec7n\u00a0 ch\u00ednh x\u00e1c, \u0111\u1ef1ng \u0111\u01b0\u1ee3c combo 3 pin t\u1ea5t c\u1ea3 v\u00e0 c\u00e1c m\u00e1y t\u00ednh b\u1ea3ng, filter.. v\u00e0 c\u00e1c ph\u1ee5 ki\u1ec7n cho flycam k\u00e8m th\u00eam kh\u00e1c.<\/span><\/p>\n<p>&nbsp;<\/p>\n<p><span style=\"font-size: 18px;\">Th\u1eadt l\u00e0 ti\u1ebfc cho nh\u1eefng ai s\u1eed d\u1ee5ng mavic air\/ Mavic 2 Pro\/ Mavic 2 Zoom m\u00e0 l\u1ea1i thi\u1ebfu chi\u1ebfc vali \u0111a n\u0103ng n\u00e0y.<\/span><\/p>\n<p><span style=\"font-size: 18px;\">&#8211; S\u1eed d\u1ee5ng balo l\u00e0 ph\u1ee5 ki\u1ec7n b\u1ea3o v\u1ec7 chi\u1ebfc flycam c\u1ee7a b\u1ea1n kh\u1ecfi c\u00e1c t\u00e1c \u0111\u1ed9ng b\u00ean ngo\u00e0i, \u0111em l\u1ea1i s\u1ef1 thu\u1eadn ti\u1ec7n trong qu\u00e1 tr\u00ecnh di chuy\u1ec3n&#8230;<\/span><\/p>\n<p>&nbsp;<\/p>\n<p><span style=\"font-size: 18px;\"><img loading=\"lazy\" decoding=\"async\" class=\"alignnone wp-image-13649 \" src=\"https:\/\/phukienflytech.vn\/wp-content\/uploads\/2020\/05\/vali-cung-mavic-air-3555-4-1-400x400.jpg\" alt=\"Hard-suicase-for-mavic-Air\" width=\"448\" height=\"448\" srcset=\"https:\/\/phukienflytech.vn\/wp-content\/uploads\/2020\/05\/vali-cung-mavic-air-3555-4-1.jpg 400w, https:\/\/phukienflytech.vn\/wp-content\/uploads\/2020\/05\/vali-cung-mavic-air-3555-4-1-280x280.jpg 280w, https:\/\/phukienflytech.vn\/wp-content\/uploads\/2020\/05\/vali-cung-mavic-air-3555-4-1-300x300.jpg 300w, https:\/\/phukienflytech.vn\/wp-content\/uploads\/2020\/05\/vali-cung-mavic-air-3555-4-1-100x100.jpg 100w\" sizes=\"auto, (max-width: 448px) 100vw, 448px\" \/><\/span><\/p>\n<p>&nbsp;<\/p>\n<p><span style=\"font-size: 18px;\">C\u00f9ng l\u00e0m \u0111\u1ea7y \u0111\u1ee7 b\u1ed9\u00a0<strong>ph\u1ee5 ki\u1ec7n mavic air\/ Mavic 2 Pro\/ Mavic 2 Zoom\u00a0<\/strong>c\u1ee7a ch\u00ednh m\u00ecnh<\/span><\/p>\n<p><span style=\"font-size: 18px;\">H\u00e3y \u0111\u1ec3\u00a0<a href=\"https:\/\/facebook.com\/phukienflycam\/\" target=\"_blank\" rel=\"noopener noreferrer\">Ph\u1ee5 Ki\u1ec7n Fly-cam Gi\u00e1 T\u1ed1t<\/a>\u00a0ti\u1ebfp s\u1ee9c \u0111am m\u00ea, c\u00f4ng vi\u1ec7c c\u1ee7a b\u1ea1n, gi\u00fap b\u1ea1n th\u00eam ni\u1ec1m h\u1ee9ng kh\u1edfi trong \u0111am m\u00ea c\u0169ng nh\u01b0 c\u00f4ng vi\u1ec7c c\u1ee7a m\u00ecnh th\u00eam su\u00f4n s\u1ebb<\/span><\/p>\n<p><span style=\"font-size: 18px;\">Nh\u00e0 s\u1ea3n xu\u1ea5t : Sunnylife \u2013 l\u00e0 m\u1ed9t trong nh\u1eefng Vendor cung c\u1ea5p c\u00e1c ph\u1ee5 ki\u1ec7n, linh ki\u1ec7n thay th\u1ebf cho DJI Flycam.<\/span><\/p>\n<p>&nbsp;<\/p>\n","protected":false},"excerpt":{"rendered":"<p>Hard suicase for mavic Air &nbsp; Hard suicase for mavic Air &nbsp; &nbsp; \u0110\u01b0\u1ee3c cho l\u00e0 d\u00f2ng flycam \u0111\u01b0\u1ee3c \u01b0u \u00e1i v\u1ec1 balo t\u00fai x\u00e1ch khi b\u1ea1n mua g\u00f3i combo v\u1edbi kh\u00e1 nhi\u1ec1u\u00a0ph\u1ee5 ki\u1ec7n mavic air\u00a0\u00a0b\u1ea1n \u0111\u01b0\u1ee3c s\u1edf h\u1eefu ngay t\u00fai x\u00e1ch b\u1eb1ng da DJI. V\u1ec1 h\u00ecnh th\u1ee9c th\u00ec chi\u1ebfc t\u00fai da r\u1ea5t \u0111\u1eb9p v\u00e0 &#8230;<\/p>\n","protected":false},"featured_media":7258,"comment_status":"open","ping_status":"closed","template":"","meta":{"_acf_changed":false},"product_brand":[],"product_cat":[180],"product_tag":[206,255],"class_list":{"0":"post-3568","1":"product","2":"type-product","3":"status-publish","4":"has-post-thumbnail","6":"product_cat-mavic-air-accessory","7":"product_tag-phu-kien-dji-en","8":"product_tag-phu-kien-dji-mavic-air-en","10":"first","11":"instock","12":"sale","13":"shipping-taxable","14":"purchasable","15":"product-type-simple"},"acf":[],"yoast_head":"<!-- This site is optimized with the Yoast SEO plugin v25.7 - https:\/\/yoast.com\/wordpress\/plugins\/seo\/ -->\n<title>Hard suicase for mavic Air - Mavic air accessory - Available - Original<\/title>\n<meta name=\"description\" content=\"Hard suicase for mavic Air is one of the most important accessory. Contact us to buy Hard suicase for mavic Air for best price, fast shipping\" \/>\n<meta name=\"robots\" content=\"index, follow, max-snippet:-1, max-image-preview:large, max-video-preview:-1\" \/>\n<link rel=\"canonical\" href=\"https:\/\/phukienflytech.vn\/en\/san-pham\/hard-suicase-for-mavic-air.html\" \/>\n<meta property=\"og:locale\" content=\"en_US\" \/>\n<meta property=\"og:type\" content=\"article\" \/>\n<meta property=\"og:title\" content=\"Hard suicase for mavic Air - Mavic air accessory - Available - Original\" \/>\n<meta property=\"og:description\" content=\"Hard suicase for mavic Air is one of the most important accessory. Contact us to buy Hard suicase for mavic Air for best price, fast shipping\" \/>\n<meta property=\"og:url\" content=\"https:\/\/phukienflytech.vn\/en\/san-pham\/hard-suicase-for-mavic-air.html\" \/>\n<meta property=\"og:site_name\" content=\"Shop M\u00e1y \u1ea3nh - Action Camera - Gimbal - Flycam - Ph\u1ee5 ki\u1ec7n\" \/>\n<meta property=\"article:publisher\" content=\"https:\/\/facebook.com\/phukienflycam\" \/>\n<meta property=\"article:modified_time\" content=\"2020-10-14T10:59:53+00:00\" \/>\n<meta property=\"og:image\" content=\"https:\/\/phukienflytech.vn\/wp-content\/uploads\/2020\/05\/300x300_vali-mavic-air-cung-phu-kien-flycam-dji-mavic-air_-_Copy.png\" \/>\n\t<meta property=\"og:image:width\" content=\"300\" \/>\n\t<meta property=\"og:image:height\" content=\"300\" \/>\n\t<meta property=\"og:image:type\" content=\"image\/png\" \/>\n<meta name=\"twitter:card\" content=\"summary_large_image\" \/>\n<meta name=\"twitter:label1\" content=\"Est. reading time\" \/>\n\t<meta name=\"twitter:data1\" content=\"3 minutes\" \/>\n<script type=\"application\/ld+json\" class=\"yoast-schema-graph\">{\"@context\":\"https:\/\/schema.org\",\"@graph\":[{\"@type\":\"WebPage\",\"@id\":\"https:\/\/phukienflytech.vn\/en\/san-pham\/hard-suicase-for-mavic-air.html\",\"url\":\"https:\/\/phukienflytech.vn\/en\/san-pham\/hard-suicase-for-mavic-air.html\",\"name\":\"Hard suicase for mavic Air - Mavic air accessory - Available - Original\",\"isPartOf\":{\"@id\":\"https:\/\/phukienflytech.vn\/#website\"},\"primaryImageOfPage\":{\"@id\":\"https:\/\/phukienflytech.vn\/en\/san-pham\/hard-suicase-for-mavic-air.html#primaryimage\"},\"image\":{\"@id\":\"https:\/\/phukienflytech.vn\/en\/san-pham\/hard-suicase-for-mavic-air.html#primaryimage\"},\"thumbnailUrl\":\"https:\/\/phukienflytech.vn\/wp-content\/uploads\/2020\/05\/300x300_vali-mavic-air-cung-phu-kien-flycam-dji-mavic-air_-_Copy.png\",\"datePublished\":\"2020-06-17T08:38:37+00:00\",\"dateModified\":\"2020-10-14T10:59:53+00:00\",\"description\":\"Hard suicase for mavic Air is one of the most important accessory. Contact us to buy Hard suicase for mavic Air for best price, fast shipping\",\"breadcrumb\":{\"@id\":\"https:\/\/phukienflytech.vn\/en\/san-pham\/hard-suicase-for-mavic-air.html#breadcrumb\"},\"inLanguage\":\"en-US\",\"potentialAction\":[{\"@type\":\"ReadAction\",\"target\":[\"https:\/\/phukienflytech.vn\/en\/san-pham\/hard-suicase-for-mavic-air.html\"]}]},{\"@type\":\"ImageObject\",\"inLanguage\":\"en-US\",\"@id\":\"https:\/\/phukienflytech.vn\/en\/san-pham\/hard-suicase-for-mavic-air.html#primaryimage\",\"url\":\"https:\/\/phukienflytech.vn\/wp-content\/uploads\/2020\/05\/300x300_vali-mavic-air-cung-phu-kien-flycam-dji-mavic-air_-_Copy.png\",\"contentUrl\":\"https:\/\/phukienflytech.vn\/wp-content\/uploads\/2020\/05\/300x300_vali-mavic-air-cung-phu-kien-flycam-dji-mavic-air_-_Copy.png\",\"width\":300,\"height\":300},{\"@type\":\"BreadcrumbList\",\"@id\":\"https:\/\/phukienflytech.vn\/en\/san-pham\/hard-suicase-for-mavic-air.html#breadcrumb\",\"itemListElement\":[{\"@type\":\"ListItem\",\"position\":1,\"name\":\"Home\",\"item\":\"https:\/\/phukienflytech.vn\/en\"},{\"@type\":\"ListItem\",\"position\":2,\"name\":\"Ph\u1ee5 ki\u1ec7n Mavic Pro\",\"item\":\"https:\/\/phukienflytech.vn\/en\/phu-kien-mavic-pro.html\"},{\"@type\":\"ListItem\",\"position\":3,\"name\":\"DJI Osmo &amp; Drone's accessories\",\"item\":\"https:\/\/phukienflytech.vn\/en\/danh-muc\/dji-osmo-drones-accessories.html\"},{\"@type\":\"ListItem\",\"position\":4,\"name\":\"Ph\u1ee5 ki\u1ec7n flycam Mavic Air\",\"item\":\"https:\/\/phukienflytech.vn\/en\/danh-muc\/mavic-air-accessory.html\"},{\"@type\":\"ListItem\",\"position\":5,\"name\":\"Hard and shock proof suicase for mavic Air\"}]},{\"@type\":\"WebSite\",\"@id\":\"https:\/\/phukienflytech.vn\/#website\",\"url\":\"https:\/\/phukienflytech.vn\/\",\"name\":\"Shop M\u00e1y \u1ea3nh - Action Camera - Gimbal - Flycam - Ph\u1ee5 ki\u1ec7n\",\"description\":\"Shop M\u00e1y \u1ea3nh - Action Camera - Gimbal - Flycam - Ph\u1ee5 ki\u1ec7n\",\"publisher\":{\"@id\":\"https:\/\/phukienflytech.vn\/#organization\"},\"potentialAction\":[{\"@type\":\"SearchAction\",\"target\":{\"@type\":\"EntryPoint\",\"urlTemplate\":\"https:\/\/phukienflytech.vn\/?s={search_term_string}\"},\"query-input\":{\"@type\":\"PropertyValueSpecification\",\"valueRequired\":true,\"valueName\":\"search_term_string\"}}],\"inLanguage\":\"en-US\"},{\"@type\":\"Organization\",\"@id\":\"https:\/\/phukienflytech.vn\/#organization\",\"name\":\"DJI Store - Shop Drone, Action camera, Gimbal DJI |Phukienflytech\",\"alternateName\":\"DJI Store - Shop Drone, Action camera, Gimbal DJI |Phukienflytech\",\"url\":\"https:\/\/phukienflytech.vn\/\",\"logo\":{\"@type\":\"ImageObject\",\"inLanguage\":\"en-US\",\"@id\":\"https:\/\/phukienflytech.vn\/#\/schema\/logo\/image\/\",\"url\":\"https:\/\/phukienflytech.vn\/wp-content\/uploads\/2020\/05\/hAnh_nan.jpg1_.jpg\",\"contentUrl\":\"https:\/\/phukienflytech.vn\/wp-content\/uploads\/2020\/05\/hAnh_nan.jpg1_.jpg\",\"width\":800,\"height\":450,\"caption\":\"DJI Store - Shop Drone, Action camera, Gimbal DJI |Phukienflytech\"},\"image\":{\"@id\":\"https:\/\/phukienflytech.vn\/#\/schema\/logo\/image\/\"},\"sameAs\":[\"https:\/\/facebook.com\/phukienflycam\",\"https:\/\/www.youtube.com\/@phukienflytech\",\"https:\/\/www.tiktok.com\/@flytech.channel?fbclid=IwY2xjawGjg7BleHRuA2FlbQIxMAABHYVGmlXpuSMs0UB2zTpYvyT4GMVfN2qJa4urF4vkSQ6FAVBwXZtDP30qQA_aem_UwMiDcUvlEbd2tXAmsc8Og\"]}]}<\/script>\n<!-- \/ Yoast SEO plugin. -->","yoast_head_json":{"title":"Hard suicase for mavic Air - Mavic air accessory - Available - Original","description":"Hard suicase for mavic Air is one of the most important accessory. Contact us to buy Hard suicase for mavic Air for best price, fast shipping","robots":{"index":"index","follow":"follow","max-snippet":"max-snippet:-1","max-image-preview":"max-image-preview:large","max-video-preview":"max-video-preview:-1"},"canonical":"https:\/\/phukienflytech.vn\/en\/san-pham\/hard-suicase-for-mavic-air.html","og_locale":"en_US","og_type":"article","og_title":"Hard suicase for mavic Air - Mavic air accessory - Available - Original","og_description":"Hard suicase for mavic Air is one of the most important accessory. Contact us to buy Hard suicase for mavic Air for best price, fast shipping","og_url":"https:\/\/phukienflytech.vn\/en\/san-pham\/hard-suicase-for-mavic-air.html","og_site_name":"Shop M\u00e1y \u1ea3nh - Action Camera - Gimbal - Flycam - Ph\u1ee5 ki\u1ec7n","article_publisher":"https:\/\/facebook.com\/phukienflycam","article_modified_time":"2020-10-14T10:59:53+00:00","og_image":[{"width":300,"height":300,"url":"https:\/\/phukienflytech.vn\/wp-content\/uploads\/2020\/05\/300x300_vali-mavic-air-cung-phu-kien-flycam-dji-mavic-air_-_Copy.png","type":"image\/png"}],"twitter_card":"summary_large_image","twitter_misc":{"Est. reading time":"3 minutes"},"schema":{"@context":"https:\/\/schema.org","@graph":[{"@type":"WebPage","@id":"https:\/\/phukienflytech.vn\/en\/san-pham\/hard-suicase-for-mavic-air.html","url":"https:\/\/phukienflytech.vn\/en\/san-pham\/hard-suicase-for-mavic-air.html","name":"Hard suicase for mavic Air - Mavic air accessory - Available - Original","isPartOf":{"@id":"https:\/\/phukienflytech.vn\/#website"},"primaryImageOfPage":{"@id":"https:\/\/phukienflytech.vn\/en\/san-pham\/hard-suicase-for-mavic-air.html#primaryimage"},"image":{"@id":"https:\/\/phukienflytech.vn\/en\/san-pham\/hard-suicase-for-mavic-air.html#primaryimage"},"thumbnailUrl":"https:\/\/phukienflytech.vn\/wp-content\/uploads\/2020\/05\/300x300_vali-mavic-air-cung-phu-kien-flycam-dji-mavic-air_-_Copy.png","datePublished":"2020-06-17T08:38:37+00:00","dateModified":"2020-10-14T10:59:53+00:00","description":"Hard suicase for mavic Air is one of the most important accessory. Contact us to buy Hard suicase for mavic Air for best price, fast shipping","breadcrumb":{"@id":"https:\/\/phukienflytech.vn\/en\/san-pham\/hard-suicase-for-mavic-air.html#breadcrumb"},"inLanguage":"en-US","potentialAction":[{"@type":"ReadAction","target":["https:\/\/phukienflytech.vn\/en\/san-pham\/hard-suicase-for-mavic-air.html"]}]},{"@type":"ImageObject","inLanguage":"en-US","@id":"https:\/\/phukienflytech.vn\/en\/san-pham\/hard-suicase-for-mavic-air.html#primaryimage","url":"https:\/\/phukienflytech.vn\/wp-content\/uploads\/2020\/05\/300x300_vali-mavic-air-cung-phu-kien-flycam-dji-mavic-air_-_Copy.png","contentUrl":"https:\/\/phukienflytech.vn\/wp-content\/uploads\/2020\/05\/300x300_vali-mavic-air-cung-phu-kien-flycam-dji-mavic-air_-_Copy.png","width":300,"height":300},{"@type":"BreadcrumbList","@id":"https:\/\/phukienflytech.vn\/en\/san-pham\/hard-suicase-for-mavic-air.html#breadcrumb","itemListElement":[{"@type":"ListItem","position":1,"name":"Home","item":"https:\/\/phukienflytech.vn\/en"},{"@type":"ListItem","position":2,"name":"Ph\u1ee5 ki\u1ec7n Mavic Pro","item":"https:\/\/phukienflytech.vn\/en\/phu-kien-mavic-pro.html"},{"@type":"ListItem","position":3,"name":"DJI Osmo &amp; Drone's accessories","item":"https:\/\/phukienflytech.vn\/en\/danh-muc\/dji-osmo-drones-accessories.html"},{"@type":"ListItem","position":4,"name":"Ph\u1ee5 ki\u1ec7n flycam Mavic Air","item":"https:\/\/phukienflytech.vn\/en\/danh-muc\/mavic-air-accessory.html"},{"@type":"ListItem","position":5,"name":"Hard and shock proof suicase for mavic Air"}]},{"@type":"WebSite","@id":"https:\/\/phukienflytech.vn\/#website","url":"https:\/\/phukienflytech.vn\/","name":"Shop M\u00e1y \u1ea3nh - Action Camera - Gimbal - Flycam - Ph\u1ee5 ki\u1ec7n","description":"Shop M\u00e1y \u1ea3nh - Action Camera - Gimbal - Flycam - Ph\u1ee5 ki\u1ec7n","publisher":{"@id":"https:\/\/phukienflytech.vn\/#organization"},"potentialAction":[{"@type":"SearchAction","target":{"@type":"EntryPoint","urlTemplate":"https:\/\/phukienflytech.vn\/?s={search_term_string}"},"query-input":{"@type":"PropertyValueSpecification","valueRequired":true,"valueName":"search_term_string"}}],"inLanguage":"en-US"},{"@type":"Organization","@id":"https:\/\/phukienflytech.vn\/#organization","name":"DJI Store - Shop Drone, Action camera, Gimbal DJI |Phukienflytech","alternateName":"DJI Store - Shop Drone, Action camera, Gimbal DJI |Phukienflytech","url":"https:\/\/phukienflytech.vn\/","logo":{"@type":"ImageObject","inLanguage":"en-US","@id":"https:\/\/phukienflytech.vn\/#\/schema\/logo\/image\/","url":"https:\/\/phukienflytech.vn\/wp-content\/uploads\/2020\/05\/hAnh_nan.jpg1_.jpg","contentUrl":"https:\/\/phukienflytech.vn\/wp-content\/uploads\/2020\/05\/hAnh_nan.jpg1_.jpg","width":800,"height":450,"caption":"DJI Store - Shop Drone, Action camera, Gimbal DJI |Phukienflytech"},"image":{"@id":"https:\/\/phukienflytech.vn\/#\/schema\/logo\/image\/"},"sameAs":["https:\/\/facebook.com\/phukienflycam","https:\/\/www.youtube.com\/@phukienflytech","https:\/\/www.tiktok.com\/@flytech.channel?fbclid=IwY2xjawGjg7BleHRuA2FlbQIxMAABHYVGmlXpuSMs0UB2zTpYvyT4GMVfN2qJa4urF4vkSQ6FAVBwXZtDP30qQA_aem_UwMiDcUvlEbd2tXAmsc8Og"]}]}},"_links":{"self":[{"href":"https:\/\/phukienflytech.vn\/en\/wp-json\/wp\/v2\/product\/3568","targetHints":{"allow":["GET"]}}],"collection":[{"href":"https:\/\/phukienflytech.vn\/en\/wp-json\/wp\/v2\/product"}],"about":[{"href":"https:\/\/phukienflytech.vn\/en\/wp-json\/wp\/v2\/types\/product"}],"replies":[{"embeddable":true,"href":"https:\/\/phukienflytech.vn\/en\/wp-json\/wp\/v2\/comments?post=3568"}],"wp:featuredmedia":[{"embeddable":true,"href":"https:\/\/phukienflytech.vn\/en\/wp-json\/wp\/v2\/media\/7258"}],"wp:attachment":[{"href":"https:\/\/phukienflytech.vn\/en\/wp-json\/wp\/v2\/media?parent=3568"}],"wp:term":[{"taxonomy":"product_brand","embeddable":true,"href":"https:\/\/phukienflytech.vn\/en\/wp-json\/wp\/v2\/product_brand?post=3568"},{"taxonomy":"product_cat","embeddable":true,"href":"https:\/\/phukienflytech.vn\/en\/wp-json\/wp\/v2\/product_cat?post=3568"},{"taxonomy":"product_tag","embeddable":true,"href":"https:\/\/phukienflytech.vn\/en\/wp-json\/wp\/v2\/product_tag?post=3568"}],"curies":[{"name":"wp","href":"https:\/\/api.w.org\/{rel}","templated":true}]}}