{"id":3607,"date":"2020-06-22T22:07:23","date_gmt":"2020-06-22T15:07:23","guid":{"rendered":"http:\/\/27430.lamdx.vinawebsite.vn\/san-pham\/combo-kit-mavic-air-option-1.html"},"modified":"2020-09-11T16:03:33","modified_gmt":"2020-09-11T09:03:33","slug":"combo-kit-mavic-air-option-1","status":"publish","type":"product","link":"https:\/\/phukienflytech.vn\/en\/san-pham\/combo-kit-mavic-air-option-1.html","title":{"rendered":"Combo kit Mavic Air &#8211; Option #1"},"content":{"rendered":"<h2><span style=\"font-size: 21px; color: #0000ff;\"><em><strong>Combo Kit mavic air \u2013 New Version(by phukienflytech.vn)\u00a0<\/strong><\/em><\/span><\/h2>\n<p><span style=\"font-size: 18px;\">Combo kit Mavic air option 1<\/span><\/p>\n<h2><span style=\"font-size: 21px; color: #0000ff;\"><strong><em>B\u1ed9 ph\u1ee5 ki\u1ec7n Combo kit Mavic air option 1 g\u1ed3m:<\/em><\/strong><\/span><\/h2>\n<ul>\n<li><span style=\"font-size: 18px;\">T\u00fai \u0111\u1ef1ng combo Mavic series &#8211; 3 ng\u0103n ch\u00ednh h\u00e3ng DJI : x 1<\/span><\/li>\n<li><span style=\"font-size: 18px;\">Pin mavic air ch\u00ednh h\u00e3ng : x 1<\/span><\/li>\n<li><span style=\"font-size: 18px;\">C\u00e1nh mavic air ch\u00ednh h\u00e3ng: 4 c\u00e1nh<\/span><\/li>\n<\/ul>\n<p><span style=\"font-size: 18px;\"><em><u>T\u00fai Mavic series ch\u00ednh h\u00e3ng DJI &#8211; (3 ng\u0103n)<\/u><\/em><\/span><\/p>\n<ul>\n<li><span style=\"font-size: 18px;\">H\u00e3ng : ch\u00ednh h\u00e3ng DJI<\/span><\/li>\n<li><span style=\"font-size: 18px;\">K\u00edch th\u01b0\u1edbc : 25cm x 26cm x16cm<\/span><\/li>\n<li><span style=\"font-size: 18px;\">S\u1ed1 ng\u0103n: 3 ng\u0103n<\/span><\/li>\n<li><span style=\"font-size: 18px;\">Kh\u1ea3 n\u0103ng ch\u1ee9a \u0111\u1ef1ng c\u1ee7a T\u00fai Mavic 2 pro zoom : Smart controller \/ controller , body, 2 pin ph\u1ee5, b\u1ed9 s\u1ea1c. v\u00e0 1 ng\u0103n l\u1edbn kh\u00e1c c\u00f3 th\u1ec3 \u0111\u1ef1ng B\u1ed9 s\u1ea1c nhanh Mavic 2, Filter \u2026<\/span><\/li>\n<li><span style=\"font-size: 18px;\">Gi\u00e1 b\u00e1n l\u1ebb: 1tr350k\u00a0<\/span><\/li>\n<\/ul>\n<p>&nbsp;<\/p>\n<p><span style=\"font-size: 18px;\"><img loading=\"lazy\" decoding=\"async\" class=\"alignnone size-full wp-image-13595\" src=\"https:\/\/phukienflytech.vn\/wp-content\/uploads\/2020\/05\/combo-kit-mavic-air-option-1-3600.png\" alt=\"\" width=\"450\" height=\"347\" \/><\/span><\/p>\n<p>&nbsp;<\/p>\n<p><span style=\"font-size: 18px;\"><u>Pin Mavic Air<\/u><\/span><\/p>\n<p><span style=\"font-size: 18px;\">&#8211; H\u00e3ng s\u1ea3n xu\u1ea5t : DJI<\/span><\/p>\n<p><span style=\"font-size: 18px;\">&#8211; Dung l\u01b0\u1ee3ng: 2375 mAh &#8211; 11.55V<\/span><\/p>\n<p><span style=\"font-size: 18px;\">&#8211; Lo\u1ea1i pin: LiPo 3S<\/span><\/p>\n<p><span style=\"font-size: 18px;\">&#8211; Nhi\u1ec7t \u0111\u1ed9 ho\u1ea1t \u0111\u1ed9ng: 31\u00b0 to 103\u00b0F (5\u00b0 to 40\u00b0C)<\/span><\/p>\n<p><span style=\"font-size: 18px;\">&#8211; Th\u1eddi gian s\u1ea1c : 60 ph\u00fat<\/span><\/p>\n<p><span style=\"font-size: 18px;\">&#8211; Th\u1eddi gian bay t\u1ed1i \u0111a: 20 ph\u00fat<\/span><\/p>\n<p><span style=\"font-size: 18px;\">&#8211; Th\u1eddi gian bay th\u1ef1c t\u1ebf : 18 ph\u00fat<\/span><\/p>\n<p><span style=\"font-size: 18px;\">&#8211; Gi\u00e1 b\u00e1n l\u1ebb : 1tr750k\u00a0<\/span><\/p>\n<p>&nbsp;<\/p>\n<p><span style=\"font-size: 18px;\"><img loading=\"lazy\" decoding=\"async\" class=\"alignnone size-medium wp-image-13597\" src=\"https:\/\/phukienflytech.vn\/wp-content\/uploads\/2020\/05\/combo-kit-mavic-air-option-1-3600-1-1-400x400.jpg\" alt=\"\" width=\"400\" height=\"400\" srcset=\"https:\/\/phukienflytech.vn\/wp-content\/uploads\/2020\/05\/combo-kit-mavic-air-option-1-3600-1-1-400x400.jpg 400w, https:\/\/phukienflytech.vn\/wp-content\/uploads\/2020\/05\/combo-kit-mavic-air-option-1-3600-1-1-280x280.jpg 280w, https:\/\/phukienflytech.vn\/wp-content\/uploads\/2020\/05\/combo-kit-mavic-air-option-1-3600-1-1-300x300.jpg 300w, https:\/\/phukienflytech.vn\/wp-content\/uploads\/2020\/05\/combo-kit-mavic-air-option-1-3600-1-1-600x600.jpg 600w, https:\/\/phukienflytech.vn\/wp-content\/uploads\/2020\/05\/combo-kit-mavic-air-option-1-3600-1-1-100x100.jpg 100w, https:\/\/phukienflytech.vn\/wp-content\/uploads\/2020\/05\/combo-kit-mavic-air-option-1-3600-1-1.jpg 700w\" sizes=\"auto, (max-width: 400px) 100vw, 400px\" \/><\/span><\/p>\n<p>&nbsp;<\/p>\n<p><span style=\"font-size: 18px;\">C\u00e1nh Mavic Air ch\u00ednh h\u00e3ng<\/span><\/p>\n<p>&nbsp;<\/p>\n<p><span style=\"font-size: 18px;\"><img loading=\"lazy\" decoding=\"async\" class=\"alignnone size-medium wp-image-13599\" src=\"https:\/\/phukienflytech.vn\/wp-content\/uploads\/2020\/05\/combo-kit-mavic-air-option-1-3600-2-1-400x400.jpg\" alt=\"\" width=\"400\" height=\"400\" srcset=\"https:\/\/phukienflytech.vn\/wp-content\/uploads\/2020\/05\/combo-kit-mavic-air-option-1-3600-2-1-400x400.jpg 400w, https:\/\/phukienflytech.vn\/wp-content\/uploads\/2020\/05\/combo-kit-mavic-air-option-1-3600-2-1-280x280.jpg 280w, https:\/\/phukienflytech.vn\/wp-content\/uploads\/2020\/05\/combo-kit-mavic-air-option-1-3600-2-1-768x768.jpg 768w, https:\/\/phukienflytech.vn\/wp-content\/uploads\/2020\/05\/combo-kit-mavic-air-option-1-3600-2-1-800x800.jpg 800w, https:\/\/phukienflytech.vn\/wp-content\/uploads\/2020\/05\/combo-kit-mavic-air-option-1-3600-2-1-300x300.jpg 300w, https:\/\/phukienflytech.vn\/wp-content\/uploads\/2020\/05\/combo-kit-mavic-air-option-1-3600-2-1-600x600.jpg 600w, https:\/\/phukienflytech.vn\/wp-content\/uploads\/2020\/05\/combo-kit-mavic-air-option-1-3600-2-1-100x100.jpg 100w, https:\/\/phukienflytech.vn\/wp-content\/uploads\/2020\/05\/combo-kit-mavic-air-option-1-3600-2-1.jpg 1001w\" sizes=\"auto, (max-width: 400px) 100vw, 400px\" \/><\/span><\/p>\n<p>&nbsp;<\/p>\n<p><span style=\"font-size: 18px;\">Li\u00ean h\u1ec7 v\u1edbi ch\u00fang t\u00f4i qua facebook: <a href=\"https:\/\/www.facebook.com\/phukienflycam\" target=\"_blank\" rel=\"noopener noreferrer\">Ph\u1ee5 ki\u1ec7n flytech gi\u00e1 t\u1ed1t<\/a><\/span><\/p>\n<p>&nbsp;<\/p>\n","protected":false},"excerpt":{"rendered":"<p>Combo Kit mavic air \u2013 New Version(by phukienflytech.vn)\u00a0 Combo kit Mavic air option 1 B\u1ed9 ph\u1ee5 ki\u1ec7n Combo kit Mavic air option 1 g\u1ed3m: T\u00fai \u0111\u1ef1ng combo Mavic series &#8211; 3 ng\u0103n ch\u00ednh h\u00e3ng DJI : x 1 Pin mavic air ch\u00ednh h\u00e3ng : x 1 C\u00e1nh mavic air ch\u00ednh h\u00e3ng: 4 c\u00e1nh T\u00fai Mavic &#8230;<\/p>\n","protected":false},"featured_media":7248,"comment_status":"open","ping_status":"closed","template":"","meta":{"_acf_changed":false},"product_brand":[],"product_cat":[180],"product_tag":[206,255],"class_list":{"0":"post-3607","1":"product","2":"type-product","3":"status-publish","4":"has-post-thumbnail","6":"product_cat-mavic-air-accessory","7":"product_tag-phu-kien-dji-en","8":"product_tag-phu-kien-dji-mavic-air-en","10":"first","11":"instock","12":"shipping-taxable","13":"purchasable","14":"product-type-simple"},"acf":[],"yoast_head":"<!-- This site is optimized with the Yoast SEO plugin v25.7 - https:\/\/yoast.com\/wordpress\/plugins\/seo\/ -->\n<title>Combo kit Mavic air option 1 - ph\u1ee5 ki\u1ec7n mavic air ch\u00ednh h\u00e3ng - ship cod<\/title>\n<meta name=\"description\" content=\"Combo kit Mavic air option 1 l\u00e0 ph\u1ee5 ki\u1ec7n ch\u00ednh h\u00e3ng. Combo kit Mavic air option 1 gi\u00fap b\u1ea1n c\u00f3 th\u1ec3 tr\u1ea3i nghi\u1ec7m \u0111\u01b0\u1ee3c tr\u1ecdn v\u1eb9n nh\u1eefng m\u1eabu ph\u1ee5 ki\u1ec7n c\u1ea7n thi\u1ebft\" \/>\n<meta name=\"robots\" content=\"index, follow, max-snippet:-1, max-image-preview:large, max-video-preview:-1\" \/>\n<link rel=\"canonical\" href=\"https:\/\/phukienflytech.vn\/en\/san-pham\/combo-kit-mavic-air-option-1.html\" \/>\n<meta property=\"og:locale\" content=\"en_US\" \/>\n<meta property=\"og:type\" content=\"article\" \/>\n<meta property=\"og:title\" content=\"Combo kit Mavic air option 1 - ph\u1ee5 ki\u1ec7n mavic air ch\u00ednh h\u00e3ng - ship cod\" \/>\n<meta property=\"og:description\" content=\"Combo kit Mavic air option 1 l\u00e0 ph\u1ee5 ki\u1ec7n ch\u00ednh h\u00e3ng. Combo kit Mavic air option 1 gi\u00fap b\u1ea1n c\u00f3 th\u1ec3 tr\u1ea3i nghi\u1ec7m \u0111\u01b0\u1ee3c tr\u1ecdn v\u1eb9n nh\u1eefng m\u1eabu ph\u1ee5 ki\u1ec7n c\u1ea7n thi\u1ebft\" \/>\n<meta property=\"og:url\" content=\"https:\/\/phukienflytech.vn\/en\/san-pham\/combo-kit-mavic-air-option-1.html\" \/>\n<meta property=\"og:site_name\" content=\"Shop M\u00e1y \u1ea3nh - Action Camera - Gimbal - Flycam - Ph\u1ee5 ki\u1ec7n\" \/>\n<meta property=\"article:publisher\" content=\"https:\/\/facebook.com\/phukienflycam\" \/>\n<meta property=\"article:modified_time\" content=\"2020-09-11T09:03:33+00:00\" \/>\n<meta property=\"og:image\" content=\"https:\/\/phukienflytech.vn\/wp-content\/uploads\/2020\/05\/300x300_combo-kit-mavic-airr-option_1-promotion_-_Copy.png\" \/>\n\t<meta property=\"og:image:width\" content=\"300\" \/>\n\t<meta property=\"og:image:height\" content=\"300\" \/>\n\t<meta property=\"og:image:type\" content=\"image\/png\" \/>\n<meta name=\"twitter:card\" content=\"summary_large_image\" \/>\n<meta name=\"twitter:label1\" content=\"Est. reading time\" \/>\n\t<meta name=\"twitter:data1\" content=\"1 minute\" \/>\n<script type=\"application\/ld+json\" class=\"yoast-schema-graph\">{\"@context\":\"https:\/\/schema.org\",\"@graph\":[{\"@type\":\"WebPage\",\"@id\":\"https:\/\/phukienflytech.vn\/en\/san-pham\/combo-kit-mavic-air-option-1.html\",\"url\":\"https:\/\/phukienflytech.vn\/en\/san-pham\/combo-kit-mavic-air-option-1.html\",\"name\":\"Combo kit Mavic air option 1 - ph\u1ee5 ki\u1ec7n mavic air ch\u00ednh h\u00e3ng - ship cod\",\"isPartOf\":{\"@id\":\"https:\/\/phukienflytech.vn\/#website\"},\"primaryImageOfPage\":{\"@id\":\"https:\/\/phukienflytech.vn\/en\/san-pham\/combo-kit-mavic-air-option-1.html#primaryimage\"},\"image\":{\"@id\":\"https:\/\/phukienflytech.vn\/en\/san-pham\/combo-kit-mavic-air-option-1.html#primaryimage\"},\"thumbnailUrl\":\"https:\/\/phukienflytech.vn\/wp-content\/uploads\/2020\/05\/300x300_combo-kit-mavic-airr-option_1-promotion_-_Copy.png\",\"datePublished\":\"2020-06-22T15:07:23+00:00\",\"dateModified\":\"2020-09-11T09:03:33+00:00\",\"description\":\"Combo kit Mavic air option 1 l\u00e0 ph\u1ee5 ki\u1ec7n ch\u00ednh h\u00e3ng. Combo kit Mavic air option 1 gi\u00fap b\u1ea1n c\u00f3 th\u1ec3 tr\u1ea3i nghi\u1ec7m \u0111\u01b0\u1ee3c tr\u1ecdn v\u1eb9n nh\u1eefng m\u1eabu ph\u1ee5 ki\u1ec7n c\u1ea7n thi\u1ebft\",\"breadcrumb\":{\"@id\":\"https:\/\/phukienflytech.vn\/en\/san-pham\/combo-kit-mavic-air-option-1.html#breadcrumb\"},\"inLanguage\":\"en-US\",\"potentialAction\":[{\"@type\":\"ReadAction\",\"target\":[\"https:\/\/phukienflytech.vn\/en\/san-pham\/combo-kit-mavic-air-option-1.html\"]}]},{\"@type\":\"ImageObject\",\"inLanguage\":\"en-US\",\"@id\":\"https:\/\/phukienflytech.vn\/en\/san-pham\/combo-kit-mavic-air-option-1.html#primaryimage\",\"url\":\"https:\/\/phukienflytech.vn\/wp-content\/uploads\/2020\/05\/300x300_combo-kit-mavic-airr-option_1-promotion_-_Copy.png\",\"contentUrl\":\"https:\/\/phukienflytech.vn\/wp-content\/uploads\/2020\/05\/300x300_combo-kit-mavic-airr-option_1-promotion_-_Copy.png\",\"width\":300,\"height\":300},{\"@type\":\"BreadcrumbList\",\"@id\":\"https:\/\/phukienflytech.vn\/en\/san-pham\/combo-kit-mavic-air-option-1.html#breadcrumb\",\"itemListElement\":[{\"@type\":\"ListItem\",\"position\":1,\"name\":\"Home\",\"item\":\"https:\/\/phukienflytech.vn\/en\"},{\"@type\":\"ListItem\",\"position\":2,\"name\":\"Ph\u1ee5 ki\u1ec7n Mavic Pro\",\"item\":\"https:\/\/phukienflytech.vn\/en\/phu-kien-mavic-pro.html\"},{\"@type\":\"ListItem\",\"position\":3,\"name\":\"DJI Osmo &amp; Drone's accessories\",\"item\":\"https:\/\/phukienflytech.vn\/en\/danh-muc\/dji-osmo-drones-accessories.html\"},{\"@type\":\"ListItem\",\"position\":4,\"name\":\"Ph\u1ee5 ki\u1ec7n flycam Mavic Air\",\"item\":\"https:\/\/phukienflytech.vn\/en\/danh-muc\/mavic-air-accessory.html\"},{\"@type\":\"ListItem\",\"position\":5,\"name\":\"Combo kit Mavic Air &#8211; Option #1\"}]},{\"@type\":\"WebSite\",\"@id\":\"https:\/\/phukienflytech.vn\/#website\",\"url\":\"https:\/\/phukienflytech.vn\/\",\"name\":\"Shop M\u00e1y \u1ea3nh - Action Camera - Gimbal - Flycam - Ph\u1ee5 ki\u1ec7n\",\"description\":\"Shop M\u00e1y \u1ea3nh - Action Camera - Gimbal - Flycam - Ph\u1ee5 ki\u1ec7n\",\"publisher\":{\"@id\":\"https:\/\/phukienflytech.vn\/#organization\"},\"potentialAction\":[{\"@type\":\"SearchAction\",\"target\":{\"@type\":\"EntryPoint\",\"urlTemplate\":\"https:\/\/phukienflytech.vn\/?s={search_term_string}\"},\"query-input\":{\"@type\":\"PropertyValueSpecification\",\"valueRequired\":true,\"valueName\":\"search_term_string\"}}],\"inLanguage\":\"en-US\"},{\"@type\":\"Organization\",\"@id\":\"https:\/\/phukienflytech.vn\/#organization\",\"name\":\"DJI Store - Shop Drone, Action camera, Gimbal DJI |Phukienflytech\",\"alternateName\":\"DJI Store - Shop Drone, Action camera, Gimbal DJI |Phukienflytech\",\"url\":\"https:\/\/phukienflytech.vn\/\",\"logo\":{\"@type\":\"ImageObject\",\"inLanguage\":\"en-US\",\"@id\":\"https:\/\/phukienflytech.vn\/#\/schema\/logo\/image\/\",\"url\":\"https:\/\/phukienflytech.vn\/wp-content\/uploads\/2020\/05\/hAnh_nan.jpg1_.jpg\",\"contentUrl\":\"https:\/\/phukienflytech.vn\/wp-content\/uploads\/2020\/05\/hAnh_nan.jpg1_.jpg\",\"width\":800,\"height\":450,\"caption\":\"DJI Store - Shop Drone, Action camera, Gimbal DJI |Phukienflytech\"},\"image\":{\"@id\":\"https:\/\/phukienflytech.vn\/#\/schema\/logo\/image\/\"},\"sameAs\":[\"https:\/\/facebook.com\/phukienflycam\",\"https:\/\/www.youtube.com\/@phukienflytech\",\"https:\/\/www.tiktok.com\/@flytech.channel?fbclid=IwY2xjawGjg7BleHRuA2FlbQIxMAABHYVGmlXpuSMs0UB2zTpYvyT4GMVfN2qJa4urF4vkSQ6FAVBwXZtDP30qQA_aem_UwMiDcUvlEbd2tXAmsc8Og\"]}]}<\/script>\n<!-- \/ Yoast SEO plugin. -->","yoast_head_json":{"title":"Combo kit Mavic air option 1 - ph\u1ee5 ki\u1ec7n mavic air ch\u00ednh h\u00e3ng - ship cod","description":"Combo kit Mavic air option 1 l\u00e0 ph\u1ee5 ki\u1ec7n ch\u00ednh h\u00e3ng. Combo kit Mavic air option 1 gi\u00fap b\u1ea1n c\u00f3 th\u1ec3 tr\u1ea3i nghi\u1ec7m \u0111\u01b0\u1ee3c tr\u1ecdn v\u1eb9n nh\u1eefng m\u1eabu ph\u1ee5 ki\u1ec7n c\u1ea7n thi\u1ebft","robots":{"index":"index","follow":"follow","max-snippet":"max-snippet:-1","max-image-preview":"max-image-preview:large","max-video-preview":"max-video-preview:-1"},"canonical":"https:\/\/phukienflytech.vn\/en\/san-pham\/combo-kit-mavic-air-option-1.html","og_locale":"en_US","og_type":"article","og_title":"Combo kit Mavic air option 1 - ph\u1ee5 ki\u1ec7n mavic air ch\u00ednh h\u00e3ng - ship cod","og_description":"Combo kit Mavic air option 1 l\u00e0 ph\u1ee5 ki\u1ec7n ch\u00ednh h\u00e3ng. Combo kit Mavic air option 1 gi\u00fap b\u1ea1n c\u00f3 th\u1ec3 tr\u1ea3i nghi\u1ec7m \u0111\u01b0\u1ee3c tr\u1ecdn v\u1eb9n nh\u1eefng m\u1eabu ph\u1ee5 ki\u1ec7n c\u1ea7n thi\u1ebft","og_url":"https:\/\/phukienflytech.vn\/en\/san-pham\/combo-kit-mavic-air-option-1.html","og_site_name":"Shop M\u00e1y \u1ea3nh - Action Camera - Gimbal - Flycam - Ph\u1ee5 ki\u1ec7n","article_publisher":"https:\/\/facebook.com\/phukienflycam","article_modified_time":"2020-09-11T09:03:33+00:00","og_image":[{"width":300,"height":300,"url":"https:\/\/phukienflytech.vn\/wp-content\/uploads\/2020\/05\/300x300_combo-kit-mavic-airr-option_1-promotion_-_Copy.png","type":"image\/png"}],"twitter_card":"summary_large_image","twitter_misc":{"Est. reading time":"1 minute"},"schema":{"@context":"https:\/\/schema.org","@graph":[{"@type":"WebPage","@id":"https:\/\/phukienflytech.vn\/en\/san-pham\/combo-kit-mavic-air-option-1.html","url":"https:\/\/phukienflytech.vn\/en\/san-pham\/combo-kit-mavic-air-option-1.html","name":"Combo kit Mavic air option 1 - ph\u1ee5 ki\u1ec7n mavic air ch\u00ednh h\u00e3ng - ship cod","isPartOf":{"@id":"https:\/\/phukienflytech.vn\/#website"},"primaryImageOfPage":{"@id":"https:\/\/phukienflytech.vn\/en\/san-pham\/combo-kit-mavic-air-option-1.html#primaryimage"},"image":{"@id":"https:\/\/phukienflytech.vn\/en\/san-pham\/combo-kit-mavic-air-option-1.html#primaryimage"},"thumbnailUrl":"https:\/\/phukienflytech.vn\/wp-content\/uploads\/2020\/05\/300x300_combo-kit-mavic-airr-option_1-promotion_-_Copy.png","datePublished":"2020-06-22T15:07:23+00:00","dateModified":"2020-09-11T09:03:33+00:00","description":"Combo kit Mavic air option 1 l\u00e0 ph\u1ee5 ki\u1ec7n ch\u00ednh h\u00e3ng. Combo kit Mavic air option 1 gi\u00fap b\u1ea1n c\u00f3 th\u1ec3 tr\u1ea3i nghi\u1ec7m \u0111\u01b0\u1ee3c tr\u1ecdn v\u1eb9n nh\u1eefng m\u1eabu ph\u1ee5 ki\u1ec7n c\u1ea7n thi\u1ebft","breadcrumb":{"@id":"https:\/\/phukienflytech.vn\/en\/san-pham\/combo-kit-mavic-air-option-1.html#breadcrumb"},"inLanguage":"en-US","potentialAction":[{"@type":"ReadAction","target":["https:\/\/phukienflytech.vn\/en\/san-pham\/combo-kit-mavic-air-option-1.html"]}]},{"@type":"ImageObject","inLanguage":"en-US","@id":"https:\/\/phukienflytech.vn\/en\/san-pham\/combo-kit-mavic-air-option-1.html#primaryimage","url":"https:\/\/phukienflytech.vn\/wp-content\/uploads\/2020\/05\/300x300_combo-kit-mavic-airr-option_1-promotion_-_Copy.png","contentUrl":"https:\/\/phukienflytech.vn\/wp-content\/uploads\/2020\/05\/300x300_combo-kit-mavic-airr-option_1-promotion_-_Copy.png","width":300,"height":300},{"@type":"BreadcrumbList","@id":"https:\/\/phukienflytech.vn\/en\/san-pham\/combo-kit-mavic-air-option-1.html#breadcrumb","itemListElement":[{"@type":"ListItem","position":1,"name":"Home","item":"https:\/\/phukienflytech.vn\/en"},{"@type":"ListItem","position":2,"name":"Ph\u1ee5 ki\u1ec7n Mavic Pro","item":"https:\/\/phukienflytech.vn\/en\/phu-kien-mavic-pro.html"},{"@type":"ListItem","position":3,"name":"DJI Osmo &amp; Drone's accessories","item":"https:\/\/phukienflytech.vn\/en\/danh-muc\/dji-osmo-drones-accessories.html"},{"@type":"ListItem","position":4,"name":"Ph\u1ee5 ki\u1ec7n flycam Mavic Air","item":"https:\/\/phukienflytech.vn\/en\/danh-muc\/mavic-air-accessory.html"},{"@type":"ListItem","position":5,"name":"Combo kit Mavic Air &#8211; Option #1"}]},{"@type":"WebSite","@id":"https:\/\/phukienflytech.vn\/#website","url":"https:\/\/phukienflytech.vn\/","name":"Shop M\u00e1y \u1ea3nh - Action Camera - Gimbal - Flycam - Ph\u1ee5 ki\u1ec7n","description":"Shop M\u00e1y \u1ea3nh - Action Camera - Gimbal - Flycam - Ph\u1ee5 ki\u1ec7n","publisher":{"@id":"https:\/\/phukienflytech.vn\/#organization"},"potentialAction":[{"@type":"SearchAction","target":{"@type":"EntryPoint","urlTemplate":"https:\/\/phukienflytech.vn\/?s={search_term_string}"},"query-input":{"@type":"PropertyValueSpecification","valueRequired":true,"valueName":"search_term_string"}}],"inLanguage":"en-US"},{"@type":"Organization","@id":"https:\/\/phukienflytech.vn\/#organization","name":"DJI Store - Shop Drone, Action camera, Gimbal DJI |Phukienflytech","alternateName":"DJI Store - Shop Drone, Action camera, Gimbal DJI |Phukienflytech","url":"https:\/\/phukienflytech.vn\/","logo":{"@type":"ImageObject","inLanguage":"en-US","@id":"https:\/\/phukienflytech.vn\/#\/schema\/logo\/image\/","url":"https:\/\/phukienflytech.vn\/wp-content\/uploads\/2020\/05\/hAnh_nan.jpg1_.jpg","contentUrl":"https:\/\/phukienflytech.vn\/wp-content\/uploads\/2020\/05\/hAnh_nan.jpg1_.jpg","width":800,"height":450,"caption":"DJI Store - Shop Drone, Action camera, Gimbal DJI |Phukienflytech"},"image":{"@id":"https:\/\/phukienflytech.vn\/#\/schema\/logo\/image\/"},"sameAs":["https:\/\/facebook.com\/phukienflycam","https:\/\/www.youtube.com\/@phukienflytech","https:\/\/www.tiktok.com\/@flytech.channel?fbclid=IwY2xjawGjg7BleHRuA2FlbQIxMAABHYVGmlXpuSMs0UB2zTpYvyT4GMVfN2qJa4urF4vkSQ6FAVBwXZtDP30qQA_aem_UwMiDcUvlEbd2tXAmsc8Og"]}]}},"_links":{"self":[{"href":"https:\/\/phukienflytech.vn\/en\/wp-json\/wp\/v2\/product\/3607","targetHints":{"allow":["GET"]}}],"collection":[{"href":"https:\/\/phukienflytech.vn\/en\/wp-json\/wp\/v2\/product"}],"about":[{"href":"https:\/\/phukienflytech.vn\/en\/wp-json\/wp\/v2\/types\/product"}],"replies":[{"embeddable":true,"href":"https:\/\/phukienflytech.vn\/en\/wp-json\/wp\/v2\/comments?post=3607"}],"wp:featuredmedia":[{"embeddable":true,"href":"https:\/\/phukienflytech.vn\/en\/wp-json\/wp\/v2\/media\/7248"}],"wp:attachment":[{"href":"https:\/\/phukienflytech.vn\/en\/wp-json\/wp\/v2\/media?parent=3607"}],"wp:term":[{"taxonomy":"product_brand","embeddable":true,"href":"https:\/\/phukienflytech.vn\/en\/wp-json\/wp\/v2\/product_brand?post=3607"},{"taxonomy":"product_cat","embeddable":true,"href":"https:\/\/phukienflytech.vn\/en\/wp-json\/wp\/v2\/product_cat?post=3607"},{"taxonomy":"product_tag","embeddable":true,"href":"https:\/\/phukienflytech.vn\/en\/wp-json\/wp\/v2\/product_tag?post=3607"}],"curies":[{"name":"wp","href":"https:\/\/api.w.org\/{rel}","templated":true}]}}