{"id":3625,"date":"2020-06-20T16:23:57","date_gmt":"2020-06-20T09:23:57","guid":{"rendered":"http:\/\/27430.lamdx.vinawebsite.vn\/san-pham\/bo-chan-don-mavic-air-pgytech.html"},"modified":"2022-08-21T15:20:35","modified_gmt":"2022-08-21T08:20:35","slug":"extension-landing-for-mavic-air","status":"publish","type":"product","link":"https:\/\/phukienflytech.vn\/en\/san-pham\/extension-landing-for-mavic-air.html","title":{"rendered":"Extension landing for Mavic Air-  PGYtech"},"content":{"rendered":"<h2><span style=\"color: #0000ff;\"><em><strong>Extension landing for Mavic Air<\/strong><\/em><\/span><\/h2>\n<p>&nbsp;<\/p>\n<p><span style=\"font-size: 18px;\">Extension landing for Mavic Air<\/span><\/p>\n<p><span style=\"font-size: 18px;\">DJI Mavic Air V\u1edbi k\u00edch th\u01b0\u1edbc nh\u1ecf g\u1ecdn c\u00f3 th\u1ec3 c\u1ea5t\/h\u1ea1 c\u00e1nh ngay tr\u00ean tay m\u00e0 kh\u00f4ng c\u1ea7n ph\u1ea3i \u0111\u1eb7t tr\u00ean b\u1ec1 m\u1eb7t ph\u1eb3ng kh\u00e1c.<\/span><\/p>\n<p><span style=\"font-size: 18px;\">Tuy nhi\u00ean, tr\u1ecdng m\u1ed9t s\u1ed1 tr\u01b0\u1eddng h\u1ee3p nh\u1ea5t \u0111\u1ecbnh, ch\u00fang ta kh\u00f4ng th\u1ec3 ho\u1eb7c kh\u00f4ng mu\u1ed1n c\u1ea5t c\u00e1nh, h\u1ea1 c\u00e1nh ngay tr\u00ean tay m\u00e0 mu\u1ed1n ch\u00fang h\u1ea1 tr\u00ean m\u1ed9t b\u1ec1 m\u1eb7t b\u1ea5t k\u1ef3, th\u00ec l\u1ea1i g\u1eb7p m\u1ed9t tr\u1edf ng\u1ea1i l\u00e0 Mavic Air, l\u00e0 b\u1ee5ng v\u00e0 m\u1eb7t \u0111\u1ea5t r\u1ea5t g\u1ea7n nhau, d\u1eabn t\u1edbi t\u00ecnh tr\u1ea1ng b\u1ee5ng drone n\u01a1i ch\u1ee9a c\u00e1c m\u1eaft c\u1ea3m bi\u1ebfn s\u1ebd ti\u1ebfp x\u00fac s\u00e1t v\u1edbi b\u1ec1 m\u1eb7t c\u1ee9ng, g\u1ed3 gh\u1ec1\u2026 d\u1ec5 g\u00e2y h\u01b0 h\u1ea1i ho\u1eb7c x\u01b0\u1edbc.<\/span><\/p>\n<p>&nbsp;<\/p>\n<p><span style=\"font-size: 18px;\"><img loading=\"lazy\" decoding=\"async\" class=\"alignnone size-full wp-image-13582\" src=\"https:\/\/phukienflytech.vn\/wp-content\/uploads\/2020\/05\/bo-chan-don-mavic-air-pgytech-3618-3.jpg\" alt=\"\" width=\"575\" height=\"393\" \/><\/span><\/p>\n<p>&nbsp;<\/p>\n<p><span style=\"font-size: 18px;\">L\u00e0 ph\u1ee5 ki\u1ec7n lu\u00f4n \u0111\u01b0\u1ee3c x\u1ebfp v\u00e0o danh s\u00e1ch nh\u1eefng\u00a0<em><strong>ph\u1ee5 ki\u1ec7n flycam DJI c\u1ea7n thi\u1ebft<\/strong><\/em>, kh\u00f4ng th\u1ec3 thi\u1ebfu cho chi\u1ebfc drone c\u1ee7a b\u1ea1n.\u00a0<em><strong>B\u1ed9 ch\u00e2n \u0111\u00f4n mavic Air\u00a0<\/strong><\/em>\u0111\u01b0\u1ee3c h\u00e3ng\u00a0<em><strong>PGYTECH<\/strong><\/em>\u00a0\u0111\u1eb7c bi\u1ec7t thi\u1ebft k\u1ebf \u0111\u1ec3 d\u00e0nh ri\u00eang cho chi\u1ebfc\u00a0<strong>Mavic Air<\/strong>\u00a0c\u1ee7a b\u1ea1n.<\/span><\/p>\n<h2><span style=\"font-size: 21px;\"><strong><span style=\"color: #0000ff;\">Th\u00f4ng tin Extension landing for Mavic Air<\/span><\/strong><\/span><\/h2>\n<p><span style=\"font-size: 18px;\">V\u1edbi thi\u1ebft k\u1ebf th\u00f4ng minh hi\u1ec7n \u0111\u1ea1i,\u00a0<em><strong>b\u1ed9 ch\u00e2n \u0111\u00f4n mavic Air<\/strong><\/em>\u00a0gi\u00fap t\u0103ng chi\u1ec1u cao \u0111\u00e1ng k\u1ec3 cho chi\u1ebfc drone c\u1ee7a b\u1ea1n (35mm). Gi\u00fap chi\u1ebfc drone c\u1ee7a b\u1ea1n c\u00f3 th\u1ec3 h\u1ea1 c\u00e1nh m\u1ed9t c\u00e1ch an to\u00e0n t\u1ea1i b\u1ea5t k\u1ef3 \u0111\u1ecba h\u00ecnh n\u00e0o m\u00e0 kh\u00f4ng l\u00e0m \u1ea3nh h\u01b0\u1edfng, t\u1ed5n th\u01b0\u01a1ng \u0111\u1ebfn chi\u1ebfc camera hay motor c\u1ee7a b\u1ea1n..<\/span><\/p>\n<p>&nbsp;<\/p>\n<p>&nbsp;<\/p>\n<p><span style=\"font-size: 18px;\"><img loading=\"lazy\" decoding=\"async\" class=\"alignnone wp-image-13584 size-medium\" src=\"https:\/\/phukienflytech.vn\/wp-content\/uploads\/2020\/05\/bo-chan-don-mavic-air-pgytech-3618-1-1-400x400.jpg\" alt=\"Extension-landing-for-Mavic-Air-2\" width=\"400\" height=\"400\" srcset=\"https:\/\/phukienflytech.vn\/wp-content\/uploads\/2020\/05\/bo-chan-don-mavic-air-pgytech-3618-1-1-400x400.jpg 400w, https:\/\/phukienflytech.vn\/wp-content\/uploads\/2020\/05\/bo-chan-don-mavic-air-pgytech-3618-1-1-280x280.jpg 280w, https:\/\/phukienflytech.vn\/wp-content\/uploads\/2020\/05\/bo-chan-don-mavic-air-pgytech-3618-1-1-300x300.jpg 300w, https:\/\/phukienflytech.vn\/wp-content\/uploads\/2020\/05\/bo-chan-don-mavic-air-pgytech-3618-1-1-600x600.jpg 600w, https:\/\/phukienflytech.vn\/wp-content\/uploads\/2020\/05\/bo-chan-don-mavic-air-pgytech-3618-1-1-100x100.jpg 100w, https:\/\/phukienflytech.vn\/wp-content\/uploads\/2020\/05\/bo-chan-don-mavic-air-pgytech-3618-1-1.jpg 750w\" sizes=\"auto, (max-width: 400px) 100vw, 400px\" \/><\/span><\/p>\n<p>&nbsp;<\/p>\n<p><span style=\"font-size: 18px;\">N\u1ebfu b\u1ea1n lo l\u1eafng l\u00e0 vi\u1ec7c l\u1eafp th\u00eam\u00a0<em><strong>B\u1ed9 ch\u00e2n \u0111\u00f4n Mavic Air<\/strong><\/em>\u00a0s\u1ebd l\u00e0m cho chi\u1ebfc Mavic Air kh\u00f4ng c\u00f2n \u0111\u1eb9p m\u1eaft n\u1eefa th\u00ec \u0111\u1eebng lo. V\u1edbi thi\u1ebft k\u1ebf li\u1ec1n m\u1ea1ch th\u00ec b\u1ed9 ch\u00e2n \u0111\u00f4n Mavic Air s\u1ebd l\u00e0 s\u1ef1 k\u1ebft h\u1ee3p ho\u00e0n h\u1ea3o v\u1edbi chi\u1ebfc DJI Mavic Air c\u1ee7a b\u1ea1n.<\/span><\/p>\n<p><span style=\"font-size: 18px;\">Thi\u1ebft k\u1ebf th\u00f4ng minh tao t\u00e1c l\u1eafp \u0111\u1eb7t v\u00f4 c\u00f9ng nhanh g\u1ecdn kh\u00f4ng \u1ea3nh h\u01b0\u1edfng t\u1edbi qu\u00e1 tr\u00ecnh bay c\u1ee7a c\u00e1c b\u1ea1n. PGYTech lu\u00f4n c\u1ed1 g\u1eafng h\u01b0\u1edbng t\u1edbi s\u1ef1 ho\u00e0n h\u1ea3o v\u00e0 ch\u1ea5t l\u01b0\u1ee3ng \u0111i k\u00e8m v\u1edbi s\u1ed1 ti\u1ec1n b\u1ea1n b\u1ecf ra. T\u1ea1i m\u1ed7i ch\u00e2n s\u1ebd c\u00f3 m\u1ed9t mi\u1ebfng \u0111\u1ec7m m\u1ec1m l\u00e0m t\u1eeb\u00a0sillica gell c\u00f3 hi\u1ec7u qu\u1ea3 gi\u1ea3m rung \u0111\u1ed9ng khi h\u1ea1 c\u00e1nh<\/span><\/p>\n<p><span style=\"font-size: 18px;\">B\u00ean c\u1ea1nh \u0111\u00f3 ch\u00fang ta v\u1eeba c\u00f3 th\u1ec3 d\u00f9ng ch\u1ee9c n\u0103ng m\u1edf r\u1ed9ng ch\u00e2n v\u00e0 b\u1ea3o v\u1ec7 c\u00e1nh Mavic Air c\u00f9ng m\u1ed9t l\u00fac<\/span><\/p>\n<p>&nbsp;<\/p>\n<p><span style=\"font-size: 18px;\"><img loading=\"lazy\" decoding=\"async\" class=\"alignnone wp-image-13586 size-medium\" src=\"https:\/\/phukienflytech.vn\/wp-content\/uploads\/2020\/05\/bo-chan-don-mavic-air-pgytech-3618-2-1-600x400.jpg\" alt=\"Extension-landing-for-Mavic-Air\" width=\"600\" height=\"400\" srcset=\"https:\/\/phukienflytech.vn\/wp-content\/uploads\/2020\/05\/bo-chan-don-mavic-air-pgytech-3618-2-1-600x400.jpg 600w, https:\/\/phukienflytech.vn\/wp-content\/uploads\/2020\/05\/bo-chan-don-mavic-air-pgytech-3618-2-1-768x512.jpg 768w, https:\/\/phukienflytech.vn\/wp-content\/uploads\/2020\/05\/bo-chan-don-mavic-air-pgytech-3618-2-1-1200x800.jpg 1200w, https:\/\/phukienflytech.vn\/wp-content\/uploads\/2020\/05\/bo-chan-don-mavic-air-pgytech-3618-2-1.jpg 1537w\" sizes=\"auto, (max-width: 600px) 100vw, 600px\" \/><\/span><\/p>\n<p>&nbsp;<\/p>\n<h2><span style=\"font-size: 21px;\"><strong><span style=\"color: #0000ff;\">Chi ti\u1ebft c\u1ee7a\u00a0<em>b\u1ed9 ch\u00e2n \u0111\u00f4n mavic air<\/em><\/span><\/strong><\/span><\/h2>\n<p><span style=\"font-size: 18px;\">Tr\u1ecdng l\u01b0\u1ee3ng: 22g<\/span><\/p>\n<p><span style=\"font-size: 18px;\">Ch\u1ea5t li\u1ec7u: sillica gell<\/span><\/p>\n<p><span style=\"font-size: 18px;\">C\u00f4ng d\u1ee5ng: b\u1ea3o v\u1ec7 camera v\u00e0 motor c\u1ee7a drone tr\u00e1nh va \u0111\u1eadp khi h\u1ea1 c\u00e1nh<\/span><\/p>\n<p><span style=\"font-size: 18px;\">Nh\u00e0 s\u1ea3n xu\u1ea5t: PGYTECH<\/span><\/p>\n<p><span style=\"font-size: 18px;\">&gt;&gt; Learn More : <a href=\"https:\/\/phukienflytech.vn\/danh-muc\/phu-kien-mavic-air.html\"><strong>Mavic air accessories<\/strong><\/a><\/span><\/p>\n<h2><span style=\"font-size: 21px; color: #0000ff;\"><strong><em>Mua ph\u1ee5 ki\u1ec7n Mavic Air\u00a0\u1edf \u0111\u00e2u<\/em><\/strong>?<\/span><\/h2>\n<p><span style=\"font-size: 18px;\">N\u1ebfu b\u1ea1n v\u1eabn \u0111ang ph\u00e2n v\u00e2n kh\u00f4ng bi\u1ebft c\u00f3 th\u1ec3 t\u00ecm mua \u0111\u01b0\u1ee3c\u00a0<strong><em>nh\u1eefng ph\u1ee5 ki\u1ec7n dji mavic Air\u00a0<\/em><\/strong>ch\u1ea5t l\u01b0\u1ee3ng nh\u1ea5t m\u00e0 kh\u00f4ng c\u1ea7n lo l\u1eafng gi\u00e1 c\u1ee7a s\u1ea3n ph\u1ea9m \u1edf \u0111\u00e2u th\u00ec ph\u1ee5 ki\u1ec7n flycam gi\u00e1 t\u1ed1t ch\u00ednh l\u00e0 n\u01a1i ph\u00f9 h\u1ee3p d\u00e0nh cho b\u1ea1n. H\u00e3y \u0111\u1ebfn v\u1edbi ph\u1ee5 ki\u1ec7n fly-cam gi\u00e1 t\u1ed1t \u0111\u1ec3 c\u00f3 \u0111\u01b0\u1ee3c\u00a0<strong><em>gi\u00e1 Mavic Air\u00a0<\/em><\/strong>c\u00f9ng v\u1edbi ch\u1ea5t l\u01b0\u1ee3ng t\u1ed1t nh\u1ea5t.<\/span><\/p>\n<p><span style=\"font-size: 18px;\">Li\u00ean h\u1ec7 v\u1edbi ch\u00fang t\u00f4i qua facebook: <a href=\"https:\/\/www.facebook.com\/phukienflycam\" target=\"_blank\" rel=\"noopener noreferrer\">Ph\u1ee5 ki\u1ec7n flytech gi\u00e1 t\u1ed1t<\/a><\/span><\/p>\n<p>&nbsp;<\/p>\n","protected":false},"excerpt":{"rendered":"<p>Extension landing for Mavic Air &nbsp; Extension landing for Mavic Air DJI Mavic Air V\u1edbi k\u00edch th\u01b0\u1edbc nh\u1ecf g\u1ecdn c\u00f3 th\u1ec3 c\u1ea5t\/h\u1ea1 c\u00e1nh ngay tr\u00ean tay m\u00e0 kh\u00f4ng c\u1ea7n ph\u1ea3i \u0111\u1eb7t tr\u00ean b\u1ec1 m\u1eb7t ph\u1eb3ng kh\u00e1c. Tuy nhi\u00ean, tr\u1ecdng m\u1ed9t s\u1ed1 tr\u01b0\u1eddng h\u1ee3p nh\u1ea5t \u0111\u1ecbnh, ch\u00fang ta kh\u00f4ng th\u1ec3 ho\u1eb7c kh\u00f4ng mu\u1ed1n c\u1ea5t c\u00e1nh, h\u1ea1 &#8230;<\/p>\n","protected":false},"featured_media":7240,"comment_status":"open","ping_status":"closed","template":"","meta":{"_acf_changed":false},"product_brand":[],"product_cat":[180],"product_tag":[206,255],"class_list":{"0":"post-3625","1":"product","2":"type-product","3":"status-publish","4":"has-post-thumbnail","6":"product_cat-mavic-air-accessory","7":"product_tag-phu-kien-dji-en","8":"product_tag-phu-kien-dji-mavic-air-en","10":"first","11":"instock","12":"shipping-taxable","13":"purchasable","14":"product-type-simple"},"acf":[],"yoast_head":"<!-- This site is optimized with the Yoast SEO plugin v25.7 - https:\/\/yoast.com\/wordpress\/plugins\/seo\/ -->\n<title>Extension landing for Mavic Air - Mavic Air accessory - Available - Original<\/title>\n<meta name=\"description\" content=\"Extension landing for Mavic Air is one of the most important accessory. Contact us to buy Extension landing for Mavic Air for best price.\" \/>\n<meta name=\"robots\" content=\"index, follow, max-snippet:-1, max-image-preview:large, max-video-preview:-1\" \/>\n<link rel=\"canonical\" href=\"https:\/\/phukienflytech.vn\/en\/san-pham\/extension-landing-for-mavic-air.html\" \/>\n<meta property=\"og:locale\" content=\"en_US\" \/>\n<meta property=\"og:type\" content=\"article\" \/>\n<meta property=\"og:title\" content=\"Extension landing for Mavic Air - Mavic Air accessory - Available - Original\" \/>\n<meta property=\"og:description\" content=\"Extension landing for Mavic Air is one of the most important accessory. Contact us to buy Extension landing for Mavic Air for best price.\" \/>\n<meta property=\"og:url\" content=\"https:\/\/phukienflytech.vn\/en\/san-pham\/extension-landing-for-mavic-air.html\" \/>\n<meta property=\"og:site_name\" content=\"Shop M\u00e1y \u1ea3nh - Action Camera - Gimbal - Flycam - Ph\u1ee5 ki\u1ec7n\" \/>\n<meta property=\"article:publisher\" content=\"https:\/\/facebook.com\/phukienflycam\" \/>\n<meta property=\"article:modified_time\" content=\"2022-08-21T08:20:35+00:00\" \/>\n<meta property=\"og:image\" content=\"https:\/\/phukienflytech.vn\/wp-content\/uploads\/2020\/05\/300x300_chan-don-mavic-air-phu-kien-flycam-dji-mavic-air-pgytech-1_-_2_-_Copy.jpg\" \/>\n\t<meta property=\"og:image:width\" content=\"300\" \/>\n\t<meta property=\"og:image:height\" content=\"300\" \/>\n\t<meta property=\"og:image:type\" content=\"image\/jpeg\" \/>\n<meta name=\"twitter:card\" content=\"summary_large_image\" \/>\n<meta name=\"twitter:label1\" content=\"Est. reading time\" \/>\n\t<meta name=\"twitter:data1\" content=\"4 minutes\" \/>\n<script type=\"application\/ld+json\" class=\"yoast-schema-graph\">{\"@context\":\"https:\/\/schema.org\",\"@graph\":[{\"@type\":\"WebPage\",\"@id\":\"https:\/\/phukienflytech.vn\/en\/san-pham\/extension-landing-for-mavic-air.html\",\"url\":\"https:\/\/phukienflytech.vn\/en\/san-pham\/extension-landing-for-mavic-air.html\",\"name\":\"Extension landing for Mavic Air - Mavic Air accessory - Available - Original\",\"isPartOf\":{\"@id\":\"https:\/\/phukienflytech.vn\/#website\"},\"primaryImageOfPage\":{\"@id\":\"https:\/\/phukienflytech.vn\/en\/san-pham\/extension-landing-for-mavic-air.html#primaryimage\"},\"image\":{\"@id\":\"https:\/\/phukienflytech.vn\/en\/san-pham\/extension-landing-for-mavic-air.html#primaryimage\"},\"thumbnailUrl\":\"https:\/\/phukienflytech.vn\/wp-content\/uploads\/2020\/05\/300x300_chan-don-mavic-air-phu-kien-flycam-dji-mavic-air-pgytech-1_-_2_-_Copy.jpg\",\"datePublished\":\"2020-06-20T09:23:57+00:00\",\"dateModified\":\"2022-08-21T08:20:35+00:00\",\"description\":\"Extension landing for Mavic Air is one of the most important accessory. Contact us to buy Extension landing for Mavic Air for best price.\",\"breadcrumb\":{\"@id\":\"https:\/\/phukienflytech.vn\/en\/san-pham\/extension-landing-for-mavic-air.html#breadcrumb\"},\"inLanguage\":\"en-US\",\"potentialAction\":[{\"@type\":\"ReadAction\",\"target\":[\"https:\/\/phukienflytech.vn\/en\/san-pham\/extension-landing-for-mavic-air.html\"]}]},{\"@type\":\"ImageObject\",\"inLanguage\":\"en-US\",\"@id\":\"https:\/\/phukienflytech.vn\/en\/san-pham\/extension-landing-for-mavic-air.html#primaryimage\",\"url\":\"https:\/\/phukienflytech.vn\/wp-content\/uploads\/2020\/05\/300x300_chan-don-mavic-air-phu-kien-flycam-dji-mavic-air-pgytech-1_-_2_-_Copy.jpg\",\"contentUrl\":\"https:\/\/phukienflytech.vn\/wp-content\/uploads\/2020\/05\/300x300_chan-don-mavic-air-phu-kien-flycam-dji-mavic-air-pgytech-1_-_2_-_Copy.jpg\",\"width\":300,\"height\":300},{\"@type\":\"BreadcrumbList\",\"@id\":\"https:\/\/phukienflytech.vn\/en\/san-pham\/extension-landing-for-mavic-air.html#breadcrumb\",\"itemListElement\":[{\"@type\":\"ListItem\",\"position\":1,\"name\":\"Home\",\"item\":\"https:\/\/phukienflytech.vn\/en\"},{\"@type\":\"ListItem\",\"position\":2,\"name\":\"Ph\u1ee5 ki\u1ec7n Mavic Pro\",\"item\":\"https:\/\/phukienflytech.vn\/en\/phu-kien-mavic-pro.html\"},{\"@type\":\"ListItem\",\"position\":3,\"name\":\"DJI Osmo &amp; Drone's accessories\",\"item\":\"https:\/\/phukienflytech.vn\/en\/danh-muc\/dji-osmo-drones-accessories.html\"},{\"@type\":\"ListItem\",\"position\":4,\"name\":\"Ph\u1ee5 ki\u1ec7n flycam Mavic Air\",\"item\":\"https:\/\/phukienflytech.vn\/en\/danh-muc\/mavic-air-accessory.html\"},{\"@type\":\"ListItem\",\"position\":5,\"name\":\"Extension landing for Mavic Air- PGYtech\"}]},{\"@type\":\"WebSite\",\"@id\":\"https:\/\/phukienflytech.vn\/#website\",\"url\":\"https:\/\/phukienflytech.vn\/\",\"name\":\"Shop M\u00e1y \u1ea3nh - Action Camera - Gimbal - Flycam - Ph\u1ee5 ki\u1ec7n\",\"description\":\"Shop M\u00e1y \u1ea3nh - Action Camera - Gimbal - Flycam - Ph\u1ee5 ki\u1ec7n\",\"publisher\":{\"@id\":\"https:\/\/phukienflytech.vn\/#organization\"},\"potentialAction\":[{\"@type\":\"SearchAction\",\"target\":{\"@type\":\"EntryPoint\",\"urlTemplate\":\"https:\/\/phukienflytech.vn\/?s={search_term_string}\"},\"query-input\":{\"@type\":\"PropertyValueSpecification\",\"valueRequired\":true,\"valueName\":\"search_term_string\"}}],\"inLanguage\":\"en-US\"},{\"@type\":\"Organization\",\"@id\":\"https:\/\/phukienflytech.vn\/#organization\",\"name\":\"DJI Store - Shop Drone, Action camera, Gimbal DJI |Phukienflytech\",\"alternateName\":\"DJI Store - Shop Drone, Action camera, Gimbal DJI |Phukienflytech\",\"url\":\"https:\/\/phukienflytech.vn\/\",\"logo\":{\"@type\":\"ImageObject\",\"inLanguage\":\"en-US\",\"@id\":\"https:\/\/phukienflytech.vn\/#\/schema\/logo\/image\/\",\"url\":\"https:\/\/phukienflytech.vn\/wp-content\/uploads\/2020\/05\/hAnh_nan.jpg1_.jpg\",\"contentUrl\":\"https:\/\/phukienflytech.vn\/wp-content\/uploads\/2020\/05\/hAnh_nan.jpg1_.jpg\",\"width\":800,\"height\":450,\"caption\":\"DJI Store - Shop Drone, Action camera, Gimbal DJI |Phukienflytech\"},\"image\":{\"@id\":\"https:\/\/phukienflytech.vn\/#\/schema\/logo\/image\/\"},\"sameAs\":[\"https:\/\/facebook.com\/phukienflycam\",\"https:\/\/www.youtube.com\/@phukienflytech\",\"https:\/\/www.tiktok.com\/@flytech.channel?fbclid=IwY2xjawGjg7BleHRuA2FlbQIxMAABHYVGmlXpuSMs0UB2zTpYvyT4GMVfN2qJa4urF4vkSQ6FAVBwXZtDP30qQA_aem_UwMiDcUvlEbd2tXAmsc8Og\"]}]}<\/script>\n<!-- \/ Yoast SEO plugin. -->","yoast_head_json":{"title":"Extension landing for Mavic Air - Mavic Air accessory - Available - Original","description":"Extension landing for Mavic Air is one of the most important accessory. Contact us to buy Extension landing for Mavic Air for best price.","robots":{"index":"index","follow":"follow","max-snippet":"max-snippet:-1","max-image-preview":"max-image-preview:large","max-video-preview":"max-video-preview:-1"},"canonical":"https:\/\/phukienflytech.vn\/en\/san-pham\/extension-landing-for-mavic-air.html","og_locale":"en_US","og_type":"article","og_title":"Extension landing for Mavic Air - Mavic Air accessory - Available - Original","og_description":"Extension landing for Mavic Air is one of the most important accessory. Contact us to buy Extension landing for Mavic Air for best price.","og_url":"https:\/\/phukienflytech.vn\/en\/san-pham\/extension-landing-for-mavic-air.html","og_site_name":"Shop M\u00e1y \u1ea3nh - Action Camera - Gimbal - Flycam - Ph\u1ee5 ki\u1ec7n","article_publisher":"https:\/\/facebook.com\/phukienflycam","article_modified_time":"2022-08-21T08:20:35+00:00","og_image":[{"width":300,"height":300,"url":"https:\/\/phukienflytech.vn\/wp-content\/uploads\/2020\/05\/300x300_chan-don-mavic-air-phu-kien-flycam-dji-mavic-air-pgytech-1_-_2_-_Copy.jpg","type":"image\/jpeg"}],"twitter_card":"summary_large_image","twitter_misc":{"Est. reading time":"4 minutes"},"schema":{"@context":"https:\/\/schema.org","@graph":[{"@type":"WebPage","@id":"https:\/\/phukienflytech.vn\/en\/san-pham\/extension-landing-for-mavic-air.html","url":"https:\/\/phukienflytech.vn\/en\/san-pham\/extension-landing-for-mavic-air.html","name":"Extension landing for Mavic Air - Mavic Air accessory - Available - Original","isPartOf":{"@id":"https:\/\/phukienflytech.vn\/#website"},"primaryImageOfPage":{"@id":"https:\/\/phukienflytech.vn\/en\/san-pham\/extension-landing-for-mavic-air.html#primaryimage"},"image":{"@id":"https:\/\/phukienflytech.vn\/en\/san-pham\/extension-landing-for-mavic-air.html#primaryimage"},"thumbnailUrl":"https:\/\/phukienflytech.vn\/wp-content\/uploads\/2020\/05\/300x300_chan-don-mavic-air-phu-kien-flycam-dji-mavic-air-pgytech-1_-_2_-_Copy.jpg","datePublished":"2020-06-20T09:23:57+00:00","dateModified":"2022-08-21T08:20:35+00:00","description":"Extension landing for Mavic Air is one of the most important accessory. Contact us to buy Extension landing for Mavic Air for best price.","breadcrumb":{"@id":"https:\/\/phukienflytech.vn\/en\/san-pham\/extension-landing-for-mavic-air.html#breadcrumb"},"inLanguage":"en-US","potentialAction":[{"@type":"ReadAction","target":["https:\/\/phukienflytech.vn\/en\/san-pham\/extension-landing-for-mavic-air.html"]}]},{"@type":"ImageObject","inLanguage":"en-US","@id":"https:\/\/phukienflytech.vn\/en\/san-pham\/extension-landing-for-mavic-air.html#primaryimage","url":"https:\/\/phukienflytech.vn\/wp-content\/uploads\/2020\/05\/300x300_chan-don-mavic-air-phu-kien-flycam-dji-mavic-air-pgytech-1_-_2_-_Copy.jpg","contentUrl":"https:\/\/phukienflytech.vn\/wp-content\/uploads\/2020\/05\/300x300_chan-don-mavic-air-phu-kien-flycam-dji-mavic-air-pgytech-1_-_2_-_Copy.jpg","width":300,"height":300},{"@type":"BreadcrumbList","@id":"https:\/\/phukienflytech.vn\/en\/san-pham\/extension-landing-for-mavic-air.html#breadcrumb","itemListElement":[{"@type":"ListItem","position":1,"name":"Home","item":"https:\/\/phukienflytech.vn\/en"},{"@type":"ListItem","position":2,"name":"Ph\u1ee5 ki\u1ec7n Mavic Pro","item":"https:\/\/phukienflytech.vn\/en\/phu-kien-mavic-pro.html"},{"@type":"ListItem","position":3,"name":"DJI Osmo &amp; Drone's accessories","item":"https:\/\/phukienflytech.vn\/en\/danh-muc\/dji-osmo-drones-accessories.html"},{"@type":"ListItem","position":4,"name":"Ph\u1ee5 ki\u1ec7n flycam Mavic Air","item":"https:\/\/phukienflytech.vn\/en\/danh-muc\/mavic-air-accessory.html"},{"@type":"ListItem","position":5,"name":"Extension landing for Mavic Air- PGYtech"}]},{"@type":"WebSite","@id":"https:\/\/phukienflytech.vn\/#website","url":"https:\/\/phukienflytech.vn\/","name":"Shop M\u00e1y \u1ea3nh - Action Camera - Gimbal - Flycam - Ph\u1ee5 ki\u1ec7n","description":"Shop M\u00e1y \u1ea3nh - Action Camera - Gimbal - Flycam - Ph\u1ee5 ki\u1ec7n","publisher":{"@id":"https:\/\/phukienflytech.vn\/#organization"},"potentialAction":[{"@type":"SearchAction","target":{"@type":"EntryPoint","urlTemplate":"https:\/\/phukienflytech.vn\/?s={search_term_string}"},"query-input":{"@type":"PropertyValueSpecification","valueRequired":true,"valueName":"search_term_string"}}],"inLanguage":"en-US"},{"@type":"Organization","@id":"https:\/\/phukienflytech.vn\/#organization","name":"DJI Store - Shop Drone, Action camera, Gimbal DJI |Phukienflytech","alternateName":"DJI Store - Shop Drone, Action camera, Gimbal DJI |Phukienflytech","url":"https:\/\/phukienflytech.vn\/","logo":{"@type":"ImageObject","inLanguage":"en-US","@id":"https:\/\/phukienflytech.vn\/#\/schema\/logo\/image\/","url":"https:\/\/phukienflytech.vn\/wp-content\/uploads\/2020\/05\/hAnh_nan.jpg1_.jpg","contentUrl":"https:\/\/phukienflytech.vn\/wp-content\/uploads\/2020\/05\/hAnh_nan.jpg1_.jpg","width":800,"height":450,"caption":"DJI Store - Shop Drone, Action camera, Gimbal DJI |Phukienflytech"},"image":{"@id":"https:\/\/phukienflytech.vn\/#\/schema\/logo\/image\/"},"sameAs":["https:\/\/facebook.com\/phukienflycam","https:\/\/www.youtube.com\/@phukienflytech","https:\/\/www.tiktok.com\/@flytech.channel?fbclid=IwY2xjawGjg7BleHRuA2FlbQIxMAABHYVGmlXpuSMs0UB2zTpYvyT4GMVfN2qJa4urF4vkSQ6FAVBwXZtDP30qQA_aem_UwMiDcUvlEbd2tXAmsc8Og"]}]}},"_links":{"self":[{"href":"https:\/\/phukienflytech.vn\/en\/wp-json\/wp\/v2\/product\/3625","targetHints":{"allow":["GET"]}}],"collection":[{"href":"https:\/\/phukienflytech.vn\/en\/wp-json\/wp\/v2\/product"}],"about":[{"href":"https:\/\/phukienflytech.vn\/en\/wp-json\/wp\/v2\/types\/product"}],"replies":[{"embeddable":true,"href":"https:\/\/phukienflytech.vn\/en\/wp-json\/wp\/v2\/comments?post=3625"}],"wp:featuredmedia":[{"embeddable":true,"href":"https:\/\/phukienflytech.vn\/en\/wp-json\/wp\/v2\/media\/7240"}],"wp:attachment":[{"href":"https:\/\/phukienflytech.vn\/en\/wp-json\/wp\/v2\/media?parent=3625"}],"wp:term":[{"taxonomy":"product_brand","embeddable":true,"href":"https:\/\/phukienflytech.vn\/en\/wp-json\/wp\/v2\/product_brand?post=3625"},{"taxonomy":"product_cat","embeddable":true,"href":"https:\/\/phukienflytech.vn\/en\/wp-json\/wp\/v2\/product_cat?post=3625"},{"taxonomy":"product_tag","embeddable":true,"href":"https:\/\/phukienflytech.vn\/en\/wp-json\/wp\/v2\/product_tag?post=3625"}],"curies":[{"name":"wp","href":"https:\/\/api.w.org\/{rel}","templated":true}]}}