{"id":3635,"date":"2020-06-20T16:30:38","date_gmt":"2020-06-20T09:30:38","guid":{"rendered":"http:\/\/27430.lamdx.vinawebsite.vn\/san-pham\/hoc-che-nang-camera-mavic-air-pgytech.html"},"modified":"2022-08-21T14:52:49","modified_gmt":"2022-08-21T07:52:49","slug":"camera-sun-hood-for-mavic-air","status":"publish","type":"product","link":"https:\/\/phukienflytech.vn\/en\/san-pham\/camera-sun-hood-for-mavic-air.html","title":{"rendered":"Camera sun hood for Mavic Air &#8211; PGYtech"},"content":{"rendered":"<h2><span style=\"color: #0000ff;\"><em><strong>Camera sun hood for Mavic Air<\/strong><\/em><\/span><\/h2>\n<p>&nbsp;<\/p>\n<p><span style=\"font-size: 18px;\">Camera sun hood for Mavic Air<\/span><\/p>\n<p><span style=\"font-size: 18px;\">H\u1ea7u h\u1ebft c\u00e1c m\u1eabu Flycam tr\u00ean th\u1ecb tr\u01b0\u1eddng \u0111\u00eau g\u1eb7p m\u1ed9t s\u1ed1 v\u1ea5n \u0111\u1ec1 nh\u1ecf khi bay trong th\u1eddi ti\u1ebft c\u00f3 \u00e1nh n\u1eafng ch\u00f3i , camera v\u1eabn b\u1ecb h\u1ea5p th\u1ee5 m\u00e0u ch\u00f3i do \u0111\u00f3 kh\u1ea3 n\u0103ng ph\u01a1i s\u00e1ng camera v\u00e0 t\u1ea7m nh\u00ecn c\u0169ng b\u1ecb h\u1ea1n ch\u1ebf \u0111i r\u1ea5t nhi\u1ec1u. L\u00e0m kh\u1ea3 n\u0103ng tr\u1ea3i nghi\u1ec7m c\u1ee7a ch\u00fang ta.<\/span><\/p>\n<p>&nbsp;<\/p>\n<p><span style=\"font-size: 18px;\"><img loading=\"lazy\" decoding=\"async\" class=\"alignnone size-medium wp-image-13523\" src=\"https:\/\/phukienflytech.vn\/wp-content\/uploads\/2020\/05\/hoc-che-nang-camera-mavic-air-pgytech-3626-4-400x400.jpg\" alt=\"\" width=\"400\" height=\"400\" srcset=\"https:\/\/phukienflytech.vn\/wp-content\/uploads\/2020\/05\/hoc-che-nang-camera-mavic-air-pgytech-3626-4-400x400.jpg 400w, https:\/\/phukienflytech.vn\/wp-content\/uploads\/2020\/05\/hoc-che-nang-camera-mavic-air-pgytech-3626-4-280x280.jpg 280w, https:\/\/phukienflytech.vn\/wp-content\/uploads\/2020\/05\/hoc-che-nang-camera-mavic-air-pgytech-3626-4-768x768.jpg 768w, https:\/\/phukienflytech.vn\/wp-content\/uploads\/2020\/05\/hoc-che-nang-camera-mavic-air-pgytech-3626-4-800x800.jpg 800w, https:\/\/phukienflytech.vn\/wp-content\/uploads\/2020\/05\/hoc-che-nang-camera-mavic-air-pgytech-3626-4-300x300.jpg 300w, https:\/\/phukienflytech.vn\/wp-content\/uploads\/2020\/05\/hoc-che-nang-camera-mavic-air-pgytech-3626-4-600x600.jpg 600w, https:\/\/phukienflytech.vn\/wp-content\/uploads\/2020\/05\/hoc-che-nang-camera-mavic-air-pgytech-3626-4-100x100.jpg 100w, https:\/\/phukienflytech.vn\/wp-content\/uploads\/2020\/05\/hoc-che-nang-camera-mavic-air-pgytech-3626-4.jpg 1000w\" sizes=\"auto, (max-width: 400px) 100vw, 400px\" \/><\/span><\/p>\n<p>&nbsp;<\/p>\n<p><span style=\"font-size: 18px;\">C\u00f3 nh\u1eefng gi\u1ea3i ph\u00e1p chuy\u00ean nghi\u1ec7p nh\u01b0 s\u1eed d\u1ee5ng c\u00e1c lo\u1ea1i k\u00ednh l\u1ecdc\u00a0<strong><em>filter lens mavic air<\/em><\/strong>\u00a0, nh\u01b0\u00a0<strong><em>filter CPL mavic air<\/em><\/strong>\u00a0,\u00a0<em><strong>ND8 ND16<\/strong><\/em>\u00a0ho\u1eb7c\u00a0<strong><em>filter MCUV Mavic Air\u00a0<\/em><\/strong>nh\u1eb1m c\u1ea3i thi\u1ec7n c\u0169ng nh\u01b0 c\u00f3 kh\u1ea3 n\u0103ng ph\u01a1i s\u00e1ng t\u1ed1t h\u01a1n, nh\u01b0ng \u0111\u00f3 l\u00e0 c\u00e1ch m\u00e0 b\u1ea1n s\u1ebd l\u00e0m khi th\u1ef1c s\u1ef1 mu\u1ed1n c\u00f3 b\u1ee9c h\u00ecnh ho\u1eb7c ch\u1ea5t l\u01b0\u1ee3ng video t\u1ed1t. N\u1ebfu nh\u01b0 b\u1ea1n \u0111\u01a1n thu\u1ea7n ch\u1ec9 l\u00e0 ch\u1ee5p h\u00ecnh &#8221; Check in&#8221; m\u00e0 kh\u00f4ng c\u1ea7n qu\u00e1 chi ti\u1ebft ho\u1eb7c h\u00ecnh \u1ea3nh \u0111\u1ea1t ch\u1ea5t l\u01b0\u1ee3ng \u1ed5n khi bay th\u1eddi ti\u1ebft n\u1eafng th\u00ec n\u00ean tham kh\u1ea3o<strong><em>\u00a0H\u1ed1c che n\u1eafng camera Mavic Air\u00a0<\/em><\/strong>\u00a0n\u00e0y<\/span><\/p>\n<p>&nbsp;<\/p>\n<p>&nbsp;<\/p>\n<p><span style=\"font-size: 18px;\"><img loading=\"lazy\" decoding=\"async\" class=\"alignnone wp-image-13525 size-medium\" src=\"https:\/\/phukienflytech.vn\/wp-content\/uploads\/2020\/05\/hoc-che-nang-camera-mavic-air-pgytech-3626-1-1-400x400.jpg\" alt=\"Camera-sun-hood-for-Mavic-Air-6\" width=\"400\" height=\"400\" srcset=\"https:\/\/phukienflytech.vn\/wp-content\/uploads\/2020\/05\/hoc-che-nang-camera-mavic-air-pgytech-3626-1-1-400x400.jpg 400w, https:\/\/phukienflytech.vn\/wp-content\/uploads\/2020\/05\/hoc-che-nang-camera-mavic-air-pgytech-3626-1-1-280x280.jpg 280w, https:\/\/phukienflytech.vn\/wp-content\/uploads\/2020\/05\/hoc-che-nang-camera-mavic-air-pgytech-3626-1-1-768x768.jpg 768w, https:\/\/phukienflytech.vn\/wp-content\/uploads\/2020\/05\/hoc-che-nang-camera-mavic-air-pgytech-3626-1-1-800x800.jpg 800w, https:\/\/phukienflytech.vn\/wp-content\/uploads\/2020\/05\/hoc-che-nang-camera-mavic-air-pgytech-3626-1-1-300x300.jpg 300w, https:\/\/phukienflytech.vn\/wp-content\/uploads\/2020\/05\/hoc-che-nang-camera-mavic-air-pgytech-3626-1-1-600x600.jpg 600w, https:\/\/phukienflytech.vn\/wp-content\/uploads\/2020\/05\/hoc-che-nang-camera-mavic-air-pgytech-3626-1-1-100x100.jpg 100w, https:\/\/phukienflytech.vn\/wp-content\/uploads\/2020\/05\/hoc-che-nang-camera-mavic-air-pgytech-3626-1-1.jpg 1024w\" sizes=\"auto, (max-width: 400px) 100vw, 400px\" \/><\/span><\/p>\n<p>&nbsp;<\/p>\n<p><span style=\"font-size: 18px;\">M\u1ee5c \u0111\u00edch: che n\u1eafng cho chi\u1ebfc camera Mavic Air trong nh\u1eefng chuy\u1ebfn bay \u0111\u1ea7y n\u1eafng , vi\u1ec7c tr\u00e1nh \u0111\u01b0\u1ee3c \u00e1nh n\u1eafng h\u1eaft tr\u1ef1c ti\u1ebfp v\u00e0o camera c\u0169ng g\u00f3p ph\u1ea7n l\u00e0m b\u1ee9c h\u00ecnh ch\u1ee5p \u0111\u01b0\u1ee3c b\u1edbt b\u1ecb \u1ea3nh h\u01b0\u1edfng b\u1edbi \u00e1nh s\u00e1ng ch\u00f3i<\/span><\/p>\n<p>&nbsp;<\/p>\n<p><span style=\"font-size: 18px;\"><img loading=\"lazy\" decoding=\"async\" class=\"alignnone wp-image-13528 size-medium\" src=\"https:\/\/phukienflytech.vn\/wp-content\/uploads\/2020\/05\/hoc-che-nang-camera-mavic-air-pgytech-3626-2-1-400x400.jpg\" alt=\"Camera-sun-hood-for-Mavic-Air-9\" width=\"400\" height=\"400\" srcset=\"https:\/\/phukienflytech.vn\/wp-content\/uploads\/2020\/05\/hoc-che-nang-camera-mavic-air-pgytech-3626-2-1-400x400.jpg 400w, https:\/\/phukienflytech.vn\/wp-content\/uploads\/2020\/05\/hoc-che-nang-camera-mavic-air-pgytech-3626-2-1-280x280.jpg 280w, https:\/\/phukienflytech.vn\/wp-content\/uploads\/2020\/05\/hoc-che-nang-camera-mavic-air-pgytech-3626-2-1-300x300.jpg 300w, https:\/\/phukienflytech.vn\/wp-content\/uploads\/2020\/05\/hoc-che-nang-camera-mavic-air-pgytech-3626-2-1.jpg 600w, https:\/\/phukienflytech.vn\/wp-content\/uploads\/2020\/05\/hoc-che-nang-camera-mavic-air-pgytech-3626-2-1-100x100.jpg 100w\" sizes=\"auto, (max-width: 400px) 100vw, 400px\" \/><\/span><\/p>\n<p>&nbsp;<\/p>\n<h2><span style=\"font-size: 18px;\"><strong><span style=\"color: #0000ff;\">Th\u00f4ng tin Camera sun hood for Mavic Air<\/span><\/strong><\/span><\/h2>\n<p><span style=\"font-size: 18px;\">&#8211; Ch\u1ea5t li\u1ec7u : Nh\u1ef1a<\/span><\/p>\n<p><span style=\"font-size: 18px;\">&#8211; Ph\u00f9 h\u1ee3p : Mavic Air<\/span><\/p>\n<p><span style=\"font-size: 18px;\">&#8211; Tr\u1ecdng l\u01b0\u1ee3ng : ~20g<\/span><\/p>\n<p><span style=\"font-size: 18px;\">&#8211; Nh\u00e0 s\u1ea3n xu\u1ea5t : PGYTech<\/span><\/p>\n<p><span style=\"font-size: 18px;\">&#8211; B\u1ed9 s\u1ea3n ph\u1ea9m: bao g\u1ed3m 1 che n\u1eafng Camera Mavic Air.<\/span><\/p>\n<p>&nbsp;<\/p>\n<p><span style=\"font-size: 18px;\"><img loading=\"lazy\" decoding=\"async\" class=\"alignnone wp-image-13531 size-medium\" src=\"https:\/\/phukienflytech.vn\/wp-content\/uploads\/2020\/05\/hoc-che-nang-camera-mavic-air-pgytech-3626-3-1-400x400.jpg\" alt=\"Camera-sun-hood-for-Mavic-Air\" width=\"400\" height=\"400\" srcset=\"https:\/\/phukienflytech.vn\/wp-content\/uploads\/2020\/05\/hoc-che-nang-camera-mavic-air-pgytech-3626-3-1-400x400.jpg 400w, https:\/\/phukienflytech.vn\/wp-content\/uploads\/2020\/05\/hoc-che-nang-camera-mavic-air-pgytech-3626-3-1-280x280.jpg 280w, https:\/\/phukienflytech.vn\/wp-content\/uploads\/2020\/05\/hoc-che-nang-camera-mavic-air-pgytech-3626-3-1-768x768.jpg 768w, https:\/\/phukienflytech.vn\/wp-content\/uploads\/2020\/05\/hoc-che-nang-camera-mavic-air-pgytech-3626-3-1.jpg 800w, https:\/\/phukienflytech.vn\/wp-content\/uploads\/2020\/05\/hoc-che-nang-camera-mavic-air-pgytech-3626-3-1-300x300.jpg 300w, https:\/\/phukienflytech.vn\/wp-content\/uploads\/2020\/05\/hoc-che-nang-camera-mavic-air-pgytech-3626-3-1-600x600.jpg 600w, https:\/\/phukienflytech.vn\/wp-content\/uploads\/2020\/05\/hoc-che-nang-camera-mavic-air-pgytech-3626-3-1-100x100.jpg 100w\" sizes=\"auto, (max-width: 400px) 100vw, 400px\" \/><\/span><\/p>\n<p>&nbsp;<\/p>\n<p><span style=\"font-size: 18px;\">N\u00e0o c\u00f9ng s\u1edf h\u1eefu ngay\u00a0<strong>H\u1ed1c che n\u1eafng &#8211; PGYTech\u00a0<\/strong>\u0111\u1ec3 t\u0103ng t\u00ednh s\u1ef1 an to\u00e0n v\u00e0 y\u00ean t\u00e2m trong m\u1ed7i l\u1ea7n di chuy\u1ec3n\u00a0 v\u00e0 l\u00e0m b\u1ed9 s\u01b0u t\u1eadp<a href=\"https:\/\/phukienflytech.vn\/en\/danh-muc\/mavic-air-accessory.html\" target=\"_blank\" rel=\"noopener noreferrer\">\u00a0<strong>ph\u1ee5 ki\u1ec7n DJI Mavic Air<\/strong><\/a>\u00a0tr\u1edf l\u00ean \u0111\u1ea7y \u0111\u1ee7 h\u01a1n.<\/span><\/p>\n<p><span style=\"font-size: 18px;\">H\u00e3y \u0111\u1ec3<a href=\"https:\/\/www.facebook.com\/phukienflycam\/?eid=ARCBQ0q12-UOhL1gpeDFhnjm3HjlPSUqIz1ct1Ga5JrKpqFStQo353trGLZf0uATv1_nR7erjs8t17n_\" target=\"_blank\" rel=\"noopener noreferrer\">\u00a0<strong>Ph\u1ee5 Ki\u1ec7n Fly-cam Gi\u00e1 T\u1ed1t<\/strong><\/a>\u00a0ti\u1ebfp s\u1ee9c \u0111am m\u00ea, c\u00f4ng vi\u1ec7c c\u1ee7a b\u1ea1n, gi\u00fap b\u1ea1n th\u00eam ni\u1ec1m h\u1ee9ng kh\u1edfi trong \u0111am m\u00ea c\u0169ng nh\u01b0 c\u00f4ng vi\u1ec7c c\u1ee7a m\u00ecnh th\u00eam su\u00f4n s\u1ebb<\/span><\/p>\n<p><span style=\"font-size: 18px;\">Nh\u00e0 s\u1ea3n xu\u1ea5t :\u00a0<strong>PGYTECH<\/strong>\u00a0\u2013 l\u00e0 m\u1ed9t trong nh\u1eefng Vendor cung c\u1ea5p c\u00e1c ph\u1ee5 ki\u1ec7n, linh ki\u1ec7n thay th\u1ebf cho\u00a0<strong>DJI Flycam<\/strong>.<\/span><\/p>\n<p><span style=\"font-size: 18px;\">Xem m\u1ed9t s\u1ed1 s\u1ea3n ph\u1ea9m m\u1edbi DJI Mavic Air m\u1edbi v\u1ec1\u00a0<a href=\"https:\/\/phukienflytech.vn\/en\/danh-muc\/mavic-air-accessory.html\" target=\"_blank\" rel=\"noopener noreferrer\">t\u1ea1i \u0111\u00e2y.<\/a><\/span><\/p>\n<p>&nbsp;<\/p>\n","protected":false},"excerpt":{"rendered":"<p>Camera sun hood for Mavic Air &nbsp; Camera sun hood for Mavic Air H\u1ea7u h\u1ebft c\u00e1c m\u1eabu Flycam tr\u00ean th\u1ecb tr\u01b0\u1eddng \u0111\u00eau g\u1eb7p m\u1ed9t s\u1ed1 v\u1ea5n \u0111\u1ec1 nh\u1ecf khi bay trong th\u1eddi ti\u1ebft c\u00f3 \u00e1nh n\u1eafng ch\u00f3i , camera v\u1eabn b\u1ecb h\u1ea5p th\u1ee5 m\u00e0u ch\u00f3i do \u0111\u00f3 kh\u1ea3 n\u0103ng ph\u01a1i s\u00e1ng camera v\u00e0 t\u1ea7m nh\u00ecn &#8230;<\/p>\n","protected":false},"featured_media":7237,"comment_status":"open","ping_status":"closed","template":"","meta":{"_acf_changed":false},"product_brand":[],"product_cat":[180],"product_tag":[206,255],"class_list":{"0":"post-3635","1":"product","2":"type-product","3":"status-publish","4":"has-post-thumbnail","6":"product_cat-mavic-air-accessory","7":"product_tag-phu-kien-dji-en","8":"product_tag-phu-kien-dji-mavic-air-en","10":"first","11":"instock","12":"shipping-taxable","13":"purchasable","14":"product-type-simple"},"acf":[],"yoast_head":"<!-- This site is optimized with the Yoast SEO plugin v25.7 - https:\/\/yoast.com\/wordpress\/plugins\/seo\/ -->\n<title>Camera sun hood for Mavic Air - Mavic Air accessory - Available - Original<\/title>\n<meta name=\"description\" content=\"Camera sun hood for Mavic Air is one of the most important accessory. Contact us to buy Camera sun hood for Mavic Air for best price.\" \/>\n<meta name=\"robots\" content=\"index, follow, max-snippet:-1, max-image-preview:large, max-video-preview:-1\" \/>\n<link rel=\"canonical\" href=\"https:\/\/phukienflytech.vn\/en\/san-pham\/camera-sun-hood-for-mavic-air.html\" \/>\n<meta property=\"og:locale\" content=\"en_US\" \/>\n<meta property=\"og:type\" content=\"article\" \/>\n<meta property=\"og:title\" content=\"Camera sun hood for Mavic Air - Mavic Air accessory - Available - Original\" \/>\n<meta property=\"og:description\" content=\"Camera sun hood for Mavic Air is one of the most important accessory. Contact us to buy Camera sun hood for Mavic Air for best price.\" \/>\n<meta property=\"og:url\" content=\"https:\/\/phukienflytech.vn\/en\/san-pham\/camera-sun-hood-for-mavic-air.html\" \/>\n<meta property=\"og:site_name\" content=\"Shop M\u00e1y \u1ea3nh - Action Camera - Gimbal - Flycam - Ph\u1ee5 ki\u1ec7n\" \/>\n<meta property=\"article:publisher\" content=\"https:\/\/facebook.com\/phukienflycam\" \/>\n<meta property=\"article:modified_time\" content=\"2022-08-21T07:52:49+00:00\" \/>\n<meta property=\"og:image\" content=\"https:\/\/phukienflytech.vn\/wp-content\/uploads\/2020\/05\/300x300_phu-kien-flycam-dji-mavic-air-hoc-che-nang-camera-pgy-tech-3_-_Copy_2.jpg\" \/>\n\t<meta property=\"og:image:width\" content=\"300\" \/>\n\t<meta property=\"og:image:height\" content=\"300\" \/>\n\t<meta property=\"og:image:type\" content=\"image\/jpeg\" \/>\n<meta name=\"twitter:card\" content=\"summary_large_image\" \/>\n<meta name=\"twitter:label1\" content=\"Est. reading time\" \/>\n\t<meta name=\"twitter:data1\" content=\"3 minutes\" \/>\n<script type=\"application\/ld+json\" class=\"yoast-schema-graph\">{\"@context\":\"https:\/\/schema.org\",\"@graph\":[{\"@type\":\"WebPage\",\"@id\":\"https:\/\/phukienflytech.vn\/en\/san-pham\/camera-sun-hood-for-mavic-air.html\",\"url\":\"https:\/\/phukienflytech.vn\/en\/san-pham\/camera-sun-hood-for-mavic-air.html\",\"name\":\"Camera sun hood for Mavic Air - Mavic Air accessory - Available - Original\",\"isPartOf\":{\"@id\":\"https:\/\/phukienflytech.vn\/#website\"},\"primaryImageOfPage\":{\"@id\":\"https:\/\/phukienflytech.vn\/en\/san-pham\/camera-sun-hood-for-mavic-air.html#primaryimage\"},\"image\":{\"@id\":\"https:\/\/phukienflytech.vn\/en\/san-pham\/camera-sun-hood-for-mavic-air.html#primaryimage\"},\"thumbnailUrl\":\"https:\/\/phukienflytech.vn\/wp-content\/uploads\/2020\/05\/300x300_phu-kien-flycam-dji-mavic-air-hoc-che-nang-camera-pgy-tech-3_-_Copy_2.jpg\",\"datePublished\":\"2020-06-20T09:30:38+00:00\",\"dateModified\":\"2022-08-21T07:52:49+00:00\",\"description\":\"Camera sun hood for Mavic Air is one of the most important accessory. Contact us to buy Camera sun hood for Mavic Air for best price.\",\"breadcrumb\":{\"@id\":\"https:\/\/phukienflytech.vn\/en\/san-pham\/camera-sun-hood-for-mavic-air.html#breadcrumb\"},\"inLanguage\":\"en-US\",\"potentialAction\":[{\"@type\":\"ReadAction\",\"target\":[\"https:\/\/phukienflytech.vn\/en\/san-pham\/camera-sun-hood-for-mavic-air.html\"]}]},{\"@type\":\"ImageObject\",\"inLanguage\":\"en-US\",\"@id\":\"https:\/\/phukienflytech.vn\/en\/san-pham\/camera-sun-hood-for-mavic-air.html#primaryimage\",\"url\":\"https:\/\/phukienflytech.vn\/wp-content\/uploads\/2020\/05\/300x300_phu-kien-flycam-dji-mavic-air-hoc-che-nang-camera-pgy-tech-3_-_Copy_2.jpg\",\"contentUrl\":\"https:\/\/phukienflytech.vn\/wp-content\/uploads\/2020\/05\/300x300_phu-kien-flycam-dji-mavic-air-hoc-che-nang-camera-pgy-tech-3_-_Copy_2.jpg\",\"width\":300,\"height\":300},{\"@type\":\"BreadcrumbList\",\"@id\":\"https:\/\/phukienflytech.vn\/en\/san-pham\/camera-sun-hood-for-mavic-air.html#breadcrumb\",\"itemListElement\":[{\"@type\":\"ListItem\",\"position\":1,\"name\":\"Home\",\"item\":\"https:\/\/phukienflytech.vn\/en\"},{\"@type\":\"ListItem\",\"position\":2,\"name\":\"Ph\u1ee5 ki\u1ec7n Mavic Pro\",\"item\":\"https:\/\/phukienflytech.vn\/en\/phu-kien-mavic-pro.html\"},{\"@type\":\"ListItem\",\"position\":3,\"name\":\"DJI Osmo &amp; Drone's accessories\",\"item\":\"https:\/\/phukienflytech.vn\/en\/danh-muc\/dji-osmo-drones-accessories.html\"},{\"@type\":\"ListItem\",\"position\":4,\"name\":\"Ph\u1ee5 ki\u1ec7n flycam Mavic Air\",\"item\":\"https:\/\/phukienflytech.vn\/en\/danh-muc\/mavic-air-accessory.html\"},{\"@type\":\"ListItem\",\"position\":5,\"name\":\"Camera sun hood for Mavic Air &#8211; PGYtech\"}]},{\"@type\":\"WebSite\",\"@id\":\"https:\/\/phukienflytech.vn\/#website\",\"url\":\"https:\/\/phukienflytech.vn\/\",\"name\":\"Shop M\u00e1y \u1ea3nh - Action Camera - Gimbal - Flycam - Ph\u1ee5 ki\u1ec7n\",\"description\":\"Shop M\u00e1y \u1ea3nh - Action Camera - Gimbal - Flycam - Ph\u1ee5 ki\u1ec7n\",\"publisher\":{\"@id\":\"https:\/\/phukienflytech.vn\/#organization\"},\"potentialAction\":[{\"@type\":\"SearchAction\",\"target\":{\"@type\":\"EntryPoint\",\"urlTemplate\":\"https:\/\/phukienflytech.vn\/?s={search_term_string}\"},\"query-input\":{\"@type\":\"PropertyValueSpecification\",\"valueRequired\":true,\"valueName\":\"search_term_string\"}}],\"inLanguage\":\"en-US\"},{\"@type\":\"Organization\",\"@id\":\"https:\/\/phukienflytech.vn\/#organization\",\"name\":\"DJI Store - Shop Drone, Action camera, Gimbal DJI |Phukienflytech\",\"alternateName\":\"DJI Store - Shop Drone, Action camera, Gimbal DJI |Phukienflytech\",\"url\":\"https:\/\/phukienflytech.vn\/\",\"logo\":{\"@type\":\"ImageObject\",\"inLanguage\":\"en-US\",\"@id\":\"https:\/\/phukienflytech.vn\/#\/schema\/logo\/image\/\",\"url\":\"https:\/\/phukienflytech.vn\/wp-content\/uploads\/2020\/05\/hAnh_nan.jpg1_.jpg\",\"contentUrl\":\"https:\/\/phukienflytech.vn\/wp-content\/uploads\/2020\/05\/hAnh_nan.jpg1_.jpg\",\"width\":800,\"height\":450,\"caption\":\"DJI Store - Shop Drone, Action camera, Gimbal DJI |Phukienflytech\"},\"image\":{\"@id\":\"https:\/\/phukienflytech.vn\/#\/schema\/logo\/image\/\"},\"sameAs\":[\"https:\/\/facebook.com\/phukienflycam\",\"https:\/\/www.youtube.com\/@phukienflytech\",\"https:\/\/www.tiktok.com\/@flytech.channel?fbclid=IwY2xjawGjg7BleHRuA2FlbQIxMAABHYVGmlXpuSMs0UB2zTpYvyT4GMVfN2qJa4urF4vkSQ6FAVBwXZtDP30qQA_aem_UwMiDcUvlEbd2tXAmsc8Og\"]}]}<\/script>\n<!-- \/ Yoast SEO plugin. -->","yoast_head_json":{"title":"Camera sun hood for Mavic Air - Mavic Air accessory - Available - Original","description":"Camera sun hood for Mavic Air is one of the most important accessory. Contact us to buy Camera sun hood for Mavic Air for best price.","robots":{"index":"index","follow":"follow","max-snippet":"max-snippet:-1","max-image-preview":"max-image-preview:large","max-video-preview":"max-video-preview:-1"},"canonical":"https:\/\/phukienflytech.vn\/en\/san-pham\/camera-sun-hood-for-mavic-air.html","og_locale":"en_US","og_type":"article","og_title":"Camera sun hood for Mavic Air - Mavic Air accessory - Available - Original","og_description":"Camera sun hood for Mavic Air is one of the most important accessory. Contact us to buy Camera sun hood for Mavic Air for best price.","og_url":"https:\/\/phukienflytech.vn\/en\/san-pham\/camera-sun-hood-for-mavic-air.html","og_site_name":"Shop M\u00e1y \u1ea3nh - Action Camera - Gimbal - Flycam - Ph\u1ee5 ki\u1ec7n","article_publisher":"https:\/\/facebook.com\/phukienflycam","article_modified_time":"2022-08-21T07:52:49+00:00","og_image":[{"width":300,"height":300,"url":"https:\/\/phukienflytech.vn\/wp-content\/uploads\/2020\/05\/300x300_phu-kien-flycam-dji-mavic-air-hoc-che-nang-camera-pgy-tech-3_-_Copy_2.jpg","type":"image\/jpeg"}],"twitter_card":"summary_large_image","twitter_misc":{"Est. reading time":"3 minutes"},"schema":{"@context":"https:\/\/schema.org","@graph":[{"@type":"WebPage","@id":"https:\/\/phukienflytech.vn\/en\/san-pham\/camera-sun-hood-for-mavic-air.html","url":"https:\/\/phukienflytech.vn\/en\/san-pham\/camera-sun-hood-for-mavic-air.html","name":"Camera sun hood for Mavic Air - Mavic Air accessory - Available - Original","isPartOf":{"@id":"https:\/\/phukienflytech.vn\/#website"},"primaryImageOfPage":{"@id":"https:\/\/phukienflytech.vn\/en\/san-pham\/camera-sun-hood-for-mavic-air.html#primaryimage"},"image":{"@id":"https:\/\/phukienflytech.vn\/en\/san-pham\/camera-sun-hood-for-mavic-air.html#primaryimage"},"thumbnailUrl":"https:\/\/phukienflytech.vn\/wp-content\/uploads\/2020\/05\/300x300_phu-kien-flycam-dji-mavic-air-hoc-che-nang-camera-pgy-tech-3_-_Copy_2.jpg","datePublished":"2020-06-20T09:30:38+00:00","dateModified":"2022-08-21T07:52:49+00:00","description":"Camera sun hood for Mavic Air is one of the most important accessory. Contact us to buy Camera sun hood for Mavic Air for best price.","breadcrumb":{"@id":"https:\/\/phukienflytech.vn\/en\/san-pham\/camera-sun-hood-for-mavic-air.html#breadcrumb"},"inLanguage":"en-US","potentialAction":[{"@type":"ReadAction","target":["https:\/\/phukienflytech.vn\/en\/san-pham\/camera-sun-hood-for-mavic-air.html"]}]},{"@type":"ImageObject","inLanguage":"en-US","@id":"https:\/\/phukienflytech.vn\/en\/san-pham\/camera-sun-hood-for-mavic-air.html#primaryimage","url":"https:\/\/phukienflytech.vn\/wp-content\/uploads\/2020\/05\/300x300_phu-kien-flycam-dji-mavic-air-hoc-che-nang-camera-pgy-tech-3_-_Copy_2.jpg","contentUrl":"https:\/\/phukienflytech.vn\/wp-content\/uploads\/2020\/05\/300x300_phu-kien-flycam-dji-mavic-air-hoc-che-nang-camera-pgy-tech-3_-_Copy_2.jpg","width":300,"height":300},{"@type":"BreadcrumbList","@id":"https:\/\/phukienflytech.vn\/en\/san-pham\/camera-sun-hood-for-mavic-air.html#breadcrumb","itemListElement":[{"@type":"ListItem","position":1,"name":"Home","item":"https:\/\/phukienflytech.vn\/en"},{"@type":"ListItem","position":2,"name":"Ph\u1ee5 ki\u1ec7n Mavic Pro","item":"https:\/\/phukienflytech.vn\/en\/phu-kien-mavic-pro.html"},{"@type":"ListItem","position":3,"name":"DJI Osmo &amp; Drone's accessories","item":"https:\/\/phukienflytech.vn\/en\/danh-muc\/dji-osmo-drones-accessories.html"},{"@type":"ListItem","position":4,"name":"Ph\u1ee5 ki\u1ec7n flycam Mavic Air","item":"https:\/\/phukienflytech.vn\/en\/danh-muc\/mavic-air-accessory.html"},{"@type":"ListItem","position":5,"name":"Camera sun hood for Mavic Air &#8211; PGYtech"}]},{"@type":"WebSite","@id":"https:\/\/phukienflytech.vn\/#website","url":"https:\/\/phukienflytech.vn\/","name":"Shop M\u00e1y \u1ea3nh - Action Camera - Gimbal - Flycam - Ph\u1ee5 ki\u1ec7n","description":"Shop M\u00e1y \u1ea3nh - Action Camera - Gimbal - Flycam - Ph\u1ee5 ki\u1ec7n","publisher":{"@id":"https:\/\/phukienflytech.vn\/#organization"},"potentialAction":[{"@type":"SearchAction","target":{"@type":"EntryPoint","urlTemplate":"https:\/\/phukienflytech.vn\/?s={search_term_string}"},"query-input":{"@type":"PropertyValueSpecification","valueRequired":true,"valueName":"search_term_string"}}],"inLanguage":"en-US"},{"@type":"Organization","@id":"https:\/\/phukienflytech.vn\/#organization","name":"DJI Store - Shop Drone, Action camera, Gimbal DJI |Phukienflytech","alternateName":"DJI Store - Shop Drone, Action camera, Gimbal DJI |Phukienflytech","url":"https:\/\/phukienflytech.vn\/","logo":{"@type":"ImageObject","inLanguage":"en-US","@id":"https:\/\/phukienflytech.vn\/#\/schema\/logo\/image\/","url":"https:\/\/phukienflytech.vn\/wp-content\/uploads\/2020\/05\/hAnh_nan.jpg1_.jpg","contentUrl":"https:\/\/phukienflytech.vn\/wp-content\/uploads\/2020\/05\/hAnh_nan.jpg1_.jpg","width":800,"height":450,"caption":"DJI Store - Shop Drone, Action camera, Gimbal DJI |Phukienflytech"},"image":{"@id":"https:\/\/phukienflytech.vn\/#\/schema\/logo\/image\/"},"sameAs":["https:\/\/facebook.com\/phukienflycam","https:\/\/www.youtube.com\/@phukienflytech","https:\/\/www.tiktok.com\/@flytech.channel?fbclid=IwY2xjawGjg7BleHRuA2FlbQIxMAABHYVGmlXpuSMs0UB2zTpYvyT4GMVfN2qJa4urF4vkSQ6FAVBwXZtDP30qQA_aem_UwMiDcUvlEbd2tXAmsc8Og"]}]}},"_links":{"self":[{"href":"https:\/\/phukienflytech.vn\/en\/wp-json\/wp\/v2\/product\/3635","targetHints":{"allow":["GET"]}}],"collection":[{"href":"https:\/\/phukienflytech.vn\/en\/wp-json\/wp\/v2\/product"}],"about":[{"href":"https:\/\/phukienflytech.vn\/en\/wp-json\/wp\/v2\/types\/product"}],"replies":[{"embeddable":true,"href":"https:\/\/phukienflytech.vn\/en\/wp-json\/wp\/v2\/comments?post=3635"}],"wp:featuredmedia":[{"embeddable":true,"href":"https:\/\/phukienflytech.vn\/en\/wp-json\/wp\/v2\/media\/7237"}],"wp:attachment":[{"href":"https:\/\/phukienflytech.vn\/en\/wp-json\/wp\/v2\/media?parent=3635"}],"wp:term":[{"taxonomy":"product_brand","embeddable":true,"href":"https:\/\/phukienflytech.vn\/en\/wp-json\/wp\/v2\/product_brand?post=3635"},{"taxonomy":"product_cat","embeddable":true,"href":"https:\/\/phukienflytech.vn\/en\/wp-json\/wp\/v2\/product_cat?post=3635"},{"taxonomy":"product_tag","embeddable":true,"href":"https:\/\/phukienflytech.vn\/en\/wp-json\/wp\/v2\/product_tag?post=3635"}],"curies":[{"name":"wp","href":"https:\/\/api.w.org\/{rel}","templated":true}]}}