{"id":3647,"date":"2020-06-18T20:28:39","date_gmt":"2020-06-18T13:28:39","guid":{"rendered":"http:\/\/27430.lamdx.vinawebsite.vn\/san-pham\/bo-op-lung-mau-mavic-air.html"},"modified":"2020-10-16T09:46:22","modified_gmt":"2020-10-16T02:46:22","slug":"colorful-shell-for-mavic-air-2","status":"publish","type":"product","link":"https:\/\/phukienflytech.vn\/en\/san-pham\/colorful-shell-for-mavic-air-2.html","title":{"rendered":"Colorful top shell for Mavic Air &#8211; optional"},"content":{"rendered":"<h2><span style=\"color: #0000ff;\"><em><strong>Colorful shell for Mavic Air<\/strong><\/em><\/span><\/h2>\n<p>&nbsp;<\/p>\n<p><span style=\"font-size: 18px;\">Colorful shell for Mavic Air<\/span><\/p>\n<p><span style=\"font-size: 18px;\">DJI Mavic Air l\u00e0 m\u1ed9t m\u1eabu flycam nh\u1ecf g\u1ecdn v\u00e0 c\u00f3 thi\u1ebft k\u1ebf th\u1eddi trang t\u1ea1o s\u1ef1 kh\u00e1c bi\u1ec7t so v\u1edbi DJI Mavic Pro, DJI Mavic 2 Pro\/Zoom.<\/span><\/p>\n<p>&nbsp;<\/p>\n<p><span style=\"font-size: 18px;\"><img loading=\"lazy\" decoding=\"async\" class=\"alignnone wp-image-13533\" src=\"https:\/\/phukienflytech.vn\/wp-content\/uploads\/2020\/05\/bo-op-lung-mau-mavic-air-3638-4-800x399.jpg\" alt=\"\" width=\"575\" height=\"287\" srcset=\"https:\/\/phukienflytech.vn\/wp-content\/uploads\/2020\/05\/bo-op-lung-mau-mavic-air-3638-4-800x399.jpg 800w, https:\/\/phukienflytech.vn\/wp-content\/uploads\/2020\/05\/bo-op-lung-mau-mavic-air-3638-4-768x383.jpg 768w, https:\/\/phukienflytech.vn\/wp-content\/uploads\/2020\/05\/bo-op-lung-mau-mavic-air-3638-4-600x299.jpg 600w, https:\/\/phukienflytech.vn\/wp-content\/uploads\/2020\/05\/bo-op-lung-mau-mavic-air-3638-4.jpg 802w\" sizes=\"auto, (max-width: 575px) 100vw, 575px\" \/><\/span><\/p>\n<p>&nbsp;<\/p>\n<p><span style=\"font-size: 18px;\">Kh\u00f4ng gi\u1ed1ng v\u1edbi V\u1ecf c\u1ee7a Mavic Pro, Mavic 2 Pro\/Zoom khi ch\u00fang ta kh\u00f4ng c\u00f3 nhi\u1ec1u s\u1ef1 l\u1ef1a ch\u1ecdn v\u1ec1 v\u1ecf khi thay th\u1ebf v\u00e0 s\u1eeda ch\u1eefa.\u00a0<\/span><\/p>\n<p>&nbsp;<\/p>\n<p><span style=\"font-size: 18px;\"><img loading=\"lazy\" decoding=\"async\" class=\"alignnone wp-image-13537 size-medium\" src=\"https:\/\/phukienflytech.vn\/wp-content\/uploads\/2020\/05\/bo-op-lung-mau-mavic-air-3638-1-1-400x400.jpg\" alt=\"Colorful-shell-for-Mavic-Air-0\" width=\"400\" height=\"400\" srcset=\"https:\/\/phukienflytech.vn\/wp-content\/uploads\/2020\/05\/bo-op-lung-mau-mavic-air-3638-1-1-400x400.jpg 400w, https:\/\/phukienflytech.vn\/wp-content\/uploads\/2020\/05\/bo-op-lung-mau-mavic-air-3638-1-1-280x280.jpg 280w, https:\/\/phukienflytech.vn\/wp-content\/uploads\/2020\/05\/bo-op-lung-mau-mavic-air-3638-1-1-300x300.jpg 300w, https:\/\/phukienflytech.vn\/wp-content\/uploads\/2020\/05\/bo-op-lung-mau-mavic-air-3638-1-1-100x100.jpg 100w, https:\/\/phukienflytech.vn\/wp-content\/uploads\/2020\/05\/bo-op-lung-mau-mavic-air-3638-1-1.jpg 500w\" sizes=\"auto, (max-width: 400px) 100vw, 400px\" \/><\/span><\/p>\n<p>&nbsp;<\/p>\n<p><span style=\"font-size: 18px;\">C\u00f2n v\u1edbi DJI Mavic Air thi\u1ebft k\u1ebf b\u1ed9 l\u01b0ng nhi\u1ec1u m\u00e0u s\u1eafc gi\u00fap b\u1ea1n c\u00f3 th\u1ec3 t\u00f9y bi\u1ebfn \u0111\u1ec3 thay \u0111\u1ed5i chi\u1ebfc l\u01b0ng c\u1ee7a flycam \u0111\u1ec3 tr\u00e1nh s\u1ef1 nh\u00e0m ch\u00e1n.<\/span><\/p>\n<p>&nbsp;<\/p>\n<p><span style=\"font-size: 18px;\"><img loading=\"lazy\" decoding=\"async\" class=\"alignnone wp-image-13541\" src=\"https:\/\/phukienflytech.vn\/wp-content\/uploads\/2020\/05\/bo-op-lung-mau-mavic-air-3638-2-1-711x400.jpg\" alt=\"Colorful-shell-for-Mavic-Air\" width=\"562\" height=\"316\" srcset=\"https:\/\/phukienflytech.vn\/wp-content\/uploads\/2020\/05\/bo-op-lung-mau-mavic-air-3638-2-1-711x400.jpg 711w, https:\/\/phukienflytech.vn\/wp-content\/uploads\/2020\/05\/bo-op-lung-mau-mavic-air-3638-2-1-768x432.jpg 768w, https:\/\/phukienflytech.vn\/wp-content\/uploads\/2020\/05\/bo-op-lung-mau-mavic-air-3638-2-1-1400x788.jpg 1400w, https:\/\/phukienflytech.vn\/wp-content\/uploads\/2020\/05\/bo-op-lung-mau-mavic-air-3638-2-1-600x338.jpg 600w, https:\/\/phukienflytech.vn\/wp-content\/uploads\/2020\/05\/bo-op-lung-mau-mavic-air-3638-2-1.jpg 1920w\" sizes=\"auto, (max-width: 562px) 100vw, 562px\" \/><\/span><\/p>\n<p>&nbsp;<\/p>\n<p><span style=\"font-size: 18px;\">H\u00e3y \u0111\u1ec3 ngo\u1ea1i h\u00ecnh chi\u1ebfc flycam DJI\u00a0 c\u1ee7a b\u1ea1n lu\u00f4n th\u1eadt t\u01b0\u01a1i m\u1edbi<\/span><\/p>\n<p><span style=\"font-size: 18px;\">S\u1ea3n ph\u1ea9m c\u00f3 3 m\u00e0u l\u1ef1a ch\u1ecdn t\u00f9y theo s\u1edf th\u00edch v\u00e0 c\u00e1 t\u00ednh m\u1ed7i ng\u01b0\u1eddi: \u0110\u1ecf, \u0110en, Tr\u1eafng.<\/span><\/p>\n<p><span style=\"font-size: 18px;\"><strong>Ph\u1ee5 ki\u1ec7n Flycam Gi\u00e1 t\u1ed1t<\/strong>\u00a0chuy\u00ean cung c\u1ea5p c\u00e1c linh ki\u1ec7n thay th\u1ebf ch\u00ednh h\u00e3ng DJI c\u1ee7a c\u00e1c d\u00f2ng flycam\u00a0<a href=\"https:\/\/phukienflytech.vn\/danh-muc\/linh-kien-flycam-dji\/linh-kien-dji-mavic.html\" target=\"_blank\" rel=\"noopener noreferrer\"><strong>DJI Mavic series<\/strong><\/a>,\u00a0<a href=\"https:\/\/phukienflytech.vn\/danh-muc\/linh-kien-flycam-dji\/linh-kien-dji-phantom-3.html\" target=\"_blank\" rel=\"noopener noreferrer\"><strong>DJI Phantom 3<\/strong><\/a>,\u00a0<a href=\"https:\/\/phukienflytech.vn\/danh-muc\/linh-kien-flycam-dji\/linh-kien-dji-phantom-4.html\" target=\"_blank\" rel=\"noopener noreferrer\"><strong>DJI Phantom 4<\/strong><\/a>,\u2026 v\u00e0\u00a0<a href=\"https:\/\/phukienflytech.vn\/en\/dich-vu-sua-chua-flycam.html\" target=\"_blank\" rel=\"noopener noreferrer\"><strong>d\u1ecbch v\u1ee5 s\u1eeda ch\u1eefa flycam uy t\u00edn, \u0111\u1ea3m b\u1ea3o v\u00e0 ch\u1ea5t l\u01b0\u1ee3ng.<\/strong><\/a><\/span><\/p>\n<p><span style=\"font-size: 18px;\">H\u00e3y \u0111\u1ec3<a href=\"https:\/\/www.facebook.com\/phukienflycam\/?eid=ARCBQ0q12-UOhL1gpeDFhnjm3HjlPSUqIz1ct1Ga5JrKpqFStQo353trGLZf0uATv1_nR7erjs8t17n_\" target=\"_blank\" rel=\"noopener noreferrer\">\u00a0<strong>Ph\u1ee5 Ki\u1ec7n Fly-cam Gi\u00e1 T\u1ed1t<\/strong><\/a>\u00a0ti\u1ebfp s\u1ee9c \u0111am m\u00ea, c\u00f4ng vi\u1ec7c c\u1ee7a b\u1ea1n, gi\u00fap b\u1ea1n th\u00eam ni\u1ec1m h\u1ee9ng kh\u1edfi trong \u0111am m\u00ea c\u0169ng nh\u01b0 c\u00f4ng vi\u1ec7c c\u1ee7a m\u00ecnh th\u00eam su\u00f4n s\u1ebb.\u00a0<\/span><\/p>\n<p>&nbsp;<\/p>\n","protected":false},"excerpt":{"rendered":"<p>Colorful shell for Mavic Air &nbsp; Colorful shell for Mavic Air DJI Mavic Air l\u00e0 m\u1ed9t m\u1eabu flycam nh\u1ecf g\u1ecdn v\u00e0 c\u00f3 thi\u1ebft k\u1ebf th\u1eddi trang t\u1ea1o s\u1ef1 kh\u00e1c bi\u1ec7t so v\u1edbi DJI Mavic Pro, DJI Mavic 2 Pro\/Zoom. &nbsp; &nbsp; Kh\u00f4ng gi\u1ed1ng v\u1edbi V\u1ecf c\u1ee7a Mavic Pro, Mavic 2 Pro\/Zoom khi ch\u00fang ta kh\u00f4ng &#8230;<\/p>\n","protected":false},"featured_media":7245,"comment_status":"open","ping_status":"closed","template":"","meta":{"_acf_changed":false},"product_brand":[],"product_cat":[180],"product_tag":[206,255],"class_list":{"0":"post-3647","1":"product","2":"type-product","3":"status-publish","4":"has-post-thumbnail","6":"product_cat-mavic-air-accessory","7":"product_tag-phu-kien-dji-en","8":"product_tag-phu-kien-dji-mavic-air-en","10":"first","11":"instock","12":"shipping-taxable","13":"purchasable","14":"product-type-simple"},"acf":[],"yoast_head":"<!-- This site is optimized with the Yoast SEO plugin v25.7 - https:\/\/yoast.com\/wordpress\/plugins\/seo\/ -->\n<title>Colorful shell for Mavic Air - Mavic Air accessory - Available - Original<\/title>\n<meta name=\"description\" content=\"Colorful shell for Mavic Air is one of the most important accessory. Contact us to buy Colorful shell for Mavic Air for best price\" \/>\n<meta name=\"robots\" content=\"index, follow, max-snippet:-1, max-image-preview:large, max-video-preview:-1\" \/>\n<link rel=\"canonical\" href=\"https:\/\/phukienflytech.vn\/en\/san-pham\/colorful-shell-for-mavic-air-2.html\" \/>\n<meta property=\"og:locale\" content=\"en_US\" \/>\n<meta property=\"og:type\" content=\"article\" \/>\n<meta property=\"og:title\" content=\"Colorful shell for Mavic Air - Mavic Air accessory - Available - Original\" \/>\n<meta property=\"og:description\" content=\"Colorful shell for Mavic Air is one of the most important accessory. Contact us to buy Colorful shell for Mavic Air for best price\" \/>\n<meta property=\"og:url\" content=\"https:\/\/phukienflytech.vn\/en\/san-pham\/colorful-shell-for-mavic-air-2.html\" \/>\n<meta property=\"og:site_name\" content=\"Shop M\u00e1y \u1ea3nh - Action Camera - Gimbal - Flycam - Ph\u1ee5 ki\u1ec7n\" \/>\n<meta property=\"article:publisher\" content=\"https:\/\/facebook.com\/phukienflycam\" \/>\n<meta property=\"article:modified_time\" content=\"2020-10-16T02:46:22+00:00\" \/>\n<meta property=\"og:image\" content=\"https:\/\/phukienflytech.vn\/wp-content\/uploads\/2020\/05\/300x300_vo-mau-mavic-air-phu-kien-dji-mavic-air1.jpg34231_-_Copy.png\" \/>\n\t<meta property=\"og:image:width\" content=\"300\" \/>\n\t<meta property=\"og:image:height\" content=\"300\" \/>\n\t<meta property=\"og:image:type\" content=\"image\/png\" \/>\n<meta name=\"twitter:card\" content=\"summary_large_image\" \/>\n<meta name=\"twitter:label1\" content=\"Est. reading time\" \/>\n\t<meta name=\"twitter:data1\" content=\"2 minutes\" \/>\n<script type=\"application\/ld+json\" class=\"yoast-schema-graph\">{\"@context\":\"https:\/\/schema.org\",\"@graph\":[{\"@type\":\"WebPage\",\"@id\":\"https:\/\/phukienflytech.vn\/en\/san-pham\/colorful-shell-for-mavic-air-2.html\",\"url\":\"https:\/\/phukienflytech.vn\/en\/san-pham\/colorful-shell-for-mavic-air-2.html\",\"name\":\"Colorful shell for Mavic Air - Mavic Air accessory - Available - Original\",\"isPartOf\":{\"@id\":\"https:\/\/phukienflytech.vn\/#website\"},\"primaryImageOfPage\":{\"@id\":\"https:\/\/phukienflytech.vn\/en\/san-pham\/colorful-shell-for-mavic-air-2.html#primaryimage\"},\"image\":{\"@id\":\"https:\/\/phukienflytech.vn\/en\/san-pham\/colorful-shell-for-mavic-air-2.html#primaryimage\"},\"thumbnailUrl\":\"https:\/\/phukienflytech.vn\/wp-content\/uploads\/2020\/05\/300x300_vo-mau-mavic-air-phu-kien-dji-mavic-air1.jpg34231_-_Copy.png\",\"datePublished\":\"2020-06-18T13:28:39+00:00\",\"dateModified\":\"2020-10-16T02:46:22+00:00\",\"description\":\"Colorful shell for Mavic Air is one of the most important accessory. Contact us to buy Colorful shell for Mavic Air for best price\",\"breadcrumb\":{\"@id\":\"https:\/\/phukienflytech.vn\/en\/san-pham\/colorful-shell-for-mavic-air-2.html#breadcrumb\"},\"inLanguage\":\"en-US\",\"potentialAction\":[{\"@type\":\"ReadAction\",\"target\":[\"https:\/\/phukienflytech.vn\/en\/san-pham\/colorful-shell-for-mavic-air-2.html\"]}]},{\"@type\":\"ImageObject\",\"inLanguage\":\"en-US\",\"@id\":\"https:\/\/phukienflytech.vn\/en\/san-pham\/colorful-shell-for-mavic-air-2.html#primaryimage\",\"url\":\"https:\/\/phukienflytech.vn\/wp-content\/uploads\/2020\/05\/300x300_vo-mau-mavic-air-phu-kien-dji-mavic-air1.jpg34231_-_Copy.png\",\"contentUrl\":\"https:\/\/phukienflytech.vn\/wp-content\/uploads\/2020\/05\/300x300_vo-mau-mavic-air-phu-kien-dji-mavic-air1.jpg34231_-_Copy.png\",\"width\":300,\"height\":300},{\"@type\":\"BreadcrumbList\",\"@id\":\"https:\/\/phukienflytech.vn\/en\/san-pham\/colorful-shell-for-mavic-air-2.html#breadcrumb\",\"itemListElement\":[{\"@type\":\"ListItem\",\"position\":1,\"name\":\"Home\",\"item\":\"https:\/\/phukienflytech.vn\/en\"},{\"@type\":\"ListItem\",\"position\":2,\"name\":\"Ph\u1ee5 ki\u1ec7n Mavic Pro\",\"item\":\"https:\/\/phukienflytech.vn\/en\/phu-kien-mavic-pro.html\"},{\"@type\":\"ListItem\",\"position\":3,\"name\":\"DJI Osmo &amp; Drone's accessories\",\"item\":\"https:\/\/phukienflytech.vn\/en\/danh-muc\/dji-osmo-drones-accessories.html\"},{\"@type\":\"ListItem\",\"position\":4,\"name\":\"Ph\u1ee5 ki\u1ec7n flycam Mavic Air\",\"item\":\"https:\/\/phukienflytech.vn\/en\/danh-muc\/mavic-air-accessory.html\"},{\"@type\":\"ListItem\",\"position\":5,\"name\":\"Colorful top shell for Mavic Air &#8211; optional\"}]},{\"@type\":\"WebSite\",\"@id\":\"https:\/\/phukienflytech.vn\/#website\",\"url\":\"https:\/\/phukienflytech.vn\/\",\"name\":\"Shop M\u00e1y \u1ea3nh - Action Camera - Gimbal - Flycam - Ph\u1ee5 ki\u1ec7n\",\"description\":\"Shop M\u00e1y \u1ea3nh - Action Camera - Gimbal - Flycam - Ph\u1ee5 ki\u1ec7n\",\"publisher\":{\"@id\":\"https:\/\/phukienflytech.vn\/#organization\"},\"potentialAction\":[{\"@type\":\"SearchAction\",\"target\":{\"@type\":\"EntryPoint\",\"urlTemplate\":\"https:\/\/phukienflytech.vn\/?s={search_term_string}\"},\"query-input\":{\"@type\":\"PropertyValueSpecification\",\"valueRequired\":true,\"valueName\":\"search_term_string\"}}],\"inLanguage\":\"en-US\"},{\"@type\":\"Organization\",\"@id\":\"https:\/\/phukienflytech.vn\/#organization\",\"name\":\"DJI Store - Shop Drone, Action camera, Gimbal DJI |Phukienflytech\",\"alternateName\":\"DJI Store - Shop Drone, Action camera, Gimbal DJI |Phukienflytech\",\"url\":\"https:\/\/phukienflytech.vn\/\",\"logo\":{\"@type\":\"ImageObject\",\"inLanguage\":\"en-US\",\"@id\":\"https:\/\/phukienflytech.vn\/#\/schema\/logo\/image\/\",\"url\":\"https:\/\/phukienflytech.vn\/wp-content\/uploads\/2020\/05\/hAnh_nan.jpg1_.jpg\",\"contentUrl\":\"https:\/\/phukienflytech.vn\/wp-content\/uploads\/2020\/05\/hAnh_nan.jpg1_.jpg\",\"width\":800,\"height\":450,\"caption\":\"DJI Store - Shop Drone, Action camera, Gimbal DJI |Phukienflytech\"},\"image\":{\"@id\":\"https:\/\/phukienflytech.vn\/#\/schema\/logo\/image\/\"},\"sameAs\":[\"https:\/\/facebook.com\/phukienflycam\",\"https:\/\/www.youtube.com\/@phukienflytech\",\"https:\/\/www.tiktok.com\/@flytech.channel?fbclid=IwY2xjawGjg7BleHRuA2FlbQIxMAABHYVGmlXpuSMs0UB2zTpYvyT4GMVfN2qJa4urF4vkSQ6FAVBwXZtDP30qQA_aem_UwMiDcUvlEbd2tXAmsc8Og\"]}]}<\/script>\n<!-- \/ Yoast SEO plugin. -->","yoast_head_json":{"title":"Colorful shell for Mavic Air - Mavic Air accessory - Available - Original","description":"Colorful shell for Mavic Air is one of the most important accessory. Contact us to buy Colorful shell for Mavic Air for best price","robots":{"index":"index","follow":"follow","max-snippet":"max-snippet:-1","max-image-preview":"max-image-preview:large","max-video-preview":"max-video-preview:-1"},"canonical":"https:\/\/phukienflytech.vn\/en\/san-pham\/colorful-shell-for-mavic-air-2.html","og_locale":"en_US","og_type":"article","og_title":"Colorful shell for Mavic Air - Mavic Air accessory - Available - Original","og_description":"Colorful shell for Mavic Air is one of the most important accessory. Contact us to buy Colorful shell for Mavic Air for best price","og_url":"https:\/\/phukienflytech.vn\/en\/san-pham\/colorful-shell-for-mavic-air-2.html","og_site_name":"Shop M\u00e1y \u1ea3nh - Action Camera - Gimbal - Flycam - Ph\u1ee5 ki\u1ec7n","article_publisher":"https:\/\/facebook.com\/phukienflycam","article_modified_time":"2020-10-16T02:46:22+00:00","og_image":[{"width":300,"height":300,"url":"https:\/\/phukienflytech.vn\/wp-content\/uploads\/2020\/05\/300x300_vo-mau-mavic-air-phu-kien-dji-mavic-air1.jpg34231_-_Copy.png","type":"image\/png"}],"twitter_card":"summary_large_image","twitter_misc":{"Est. reading time":"2 minutes"},"schema":{"@context":"https:\/\/schema.org","@graph":[{"@type":"WebPage","@id":"https:\/\/phukienflytech.vn\/en\/san-pham\/colorful-shell-for-mavic-air-2.html","url":"https:\/\/phukienflytech.vn\/en\/san-pham\/colorful-shell-for-mavic-air-2.html","name":"Colorful shell for Mavic Air - Mavic Air accessory - Available - Original","isPartOf":{"@id":"https:\/\/phukienflytech.vn\/#website"},"primaryImageOfPage":{"@id":"https:\/\/phukienflytech.vn\/en\/san-pham\/colorful-shell-for-mavic-air-2.html#primaryimage"},"image":{"@id":"https:\/\/phukienflytech.vn\/en\/san-pham\/colorful-shell-for-mavic-air-2.html#primaryimage"},"thumbnailUrl":"https:\/\/phukienflytech.vn\/wp-content\/uploads\/2020\/05\/300x300_vo-mau-mavic-air-phu-kien-dji-mavic-air1.jpg34231_-_Copy.png","datePublished":"2020-06-18T13:28:39+00:00","dateModified":"2020-10-16T02:46:22+00:00","description":"Colorful shell for Mavic Air is one of the most important accessory. Contact us to buy Colorful shell for Mavic Air for best price","breadcrumb":{"@id":"https:\/\/phukienflytech.vn\/en\/san-pham\/colorful-shell-for-mavic-air-2.html#breadcrumb"},"inLanguage":"en-US","potentialAction":[{"@type":"ReadAction","target":["https:\/\/phukienflytech.vn\/en\/san-pham\/colorful-shell-for-mavic-air-2.html"]}]},{"@type":"ImageObject","inLanguage":"en-US","@id":"https:\/\/phukienflytech.vn\/en\/san-pham\/colorful-shell-for-mavic-air-2.html#primaryimage","url":"https:\/\/phukienflytech.vn\/wp-content\/uploads\/2020\/05\/300x300_vo-mau-mavic-air-phu-kien-dji-mavic-air1.jpg34231_-_Copy.png","contentUrl":"https:\/\/phukienflytech.vn\/wp-content\/uploads\/2020\/05\/300x300_vo-mau-mavic-air-phu-kien-dji-mavic-air1.jpg34231_-_Copy.png","width":300,"height":300},{"@type":"BreadcrumbList","@id":"https:\/\/phukienflytech.vn\/en\/san-pham\/colorful-shell-for-mavic-air-2.html#breadcrumb","itemListElement":[{"@type":"ListItem","position":1,"name":"Home","item":"https:\/\/phukienflytech.vn\/en"},{"@type":"ListItem","position":2,"name":"Ph\u1ee5 ki\u1ec7n Mavic Pro","item":"https:\/\/phukienflytech.vn\/en\/phu-kien-mavic-pro.html"},{"@type":"ListItem","position":3,"name":"DJI Osmo &amp; Drone's accessories","item":"https:\/\/phukienflytech.vn\/en\/danh-muc\/dji-osmo-drones-accessories.html"},{"@type":"ListItem","position":4,"name":"Ph\u1ee5 ki\u1ec7n flycam Mavic Air","item":"https:\/\/phukienflytech.vn\/en\/danh-muc\/mavic-air-accessory.html"},{"@type":"ListItem","position":5,"name":"Colorful top shell for Mavic Air &#8211; optional"}]},{"@type":"WebSite","@id":"https:\/\/phukienflytech.vn\/#website","url":"https:\/\/phukienflytech.vn\/","name":"Shop M\u00e1y \u1ea3nh - Action Camera - Gimbal - Flycam - Ph\u1ee5 ki\u1ec7n","description":"Shop M\u00e1y \u1ea3nh - Action Camera - Gimbal - Flycam - Ph\u1ee5 ki\u1ec7n","publisher":{"@id":"https:\/\/phukienflytech.vn\/#organization"},"potentialAction":[{"@type":"SearchAction","target":{"@type":"EntryPoint","urlTemplate":"https:\/\/phukienflytech.vn\/?s={search_term_string}"},"query-input":{"@type":"PropertyValueSpecification","valueRequired":true,"valueName":"search_term_string"}}],"inLanguage":"en-US"},{"@type":"Organization","@id":"https:\/\/phukienflytech.vn\/#organization","name":"DJI Store - Shop Drone, Action camera, Gimbal DJI |Phukienflytech","alternateName":"DJI Store - Shop Drone, Action camera, Gimbal DJI |Phukienflytech","url":"https:\/\/phukienflytech.vn\/","logo":{"@type":"ImageObject","inLanguage":"en-US","@id":"https:\/\/phukienflytech.vn\/#\/schema\/logo\/image\/","url":"https:\/\/phukienflytech.vn\/wp-content\/uploads\/2020\/05\/hAnh_nan.jpg1_.jpg","contentUrl":"https:\/\/phukienflytech.vn\/wp-content\/uploads\/2020\/05\/hAnh_nan.jpg1_.jpg","width":800,"height":450,"caption":"DJI Store - Shop Drone, Action camera, Gimbal DJI |Phukienflytech"},"image":{"@id":"https:\/\/phukienflytech.vn\/#\/schema\/logo\/image\/"},"sameAs":["https:\/\/facebook.com\/phukienflycam","https:\/\/www.youtube.com\/@phukienflytech","https:\/\/www.tiktok.com\/@flytech.channel?fbclid=IwY2xjawGjg7BleHRuA2FlbQIxMAABHYVGmlXpuSMs0UB2zTpYvyT4GMVfN2qJa4urF4vkSQ6FAVBwXZtDP30qQA_aem_UwMiDcUvlEbd2tXAmsc8Og"]}]}},"_links":{"self":[{"href":"https:\/\/phukienflytech.vn\/en\/wp-json\/wp\/v2\/product\/3647","targetHints":{"allow":["GET"]}}],"collection":[{"href":"https:\/\/phukienflytech.vn\/en\/wp-json\/wp\/v2\/product"}],"about":[{"href":"https:\/\/phukienflytech.vn\/en\/wp-json\/wp\/v2\/types\/product"}],"replies":[{"embeddable":true,"href":"https:\/\/phukienflytech.vn\/en\/wp-json\/wp\/v2\/comments?post=3647"}],"wp:featuredmedia":[{"embeddable":true,"href":"https:\/\/phukienflytech.vn\/en\/wp-json\/wp\/v2\/media\/7245"}],"wp:attachment":[{"href":"https:\/\/phukienflytech.vn\/en\/wp-json\/wp\/v2\/media?parent=3647"}],"wp:term":[{"taxonomy":"product_brand","embeddable":true,"href":"https:\/\/phukienflytech.vn\/en\/wp-json\/wp\/v2\/product_brand?post=3647"},{"taxonomy":"product_cat","embeddable":true,"href":"https:\/\/phukienflytech.vn\/en\/wp-json\/wp\/v2\/product_cat?post=3647"},{"taxonomy":"product_tag","embeddable":true,"href":"https:\/\/phukienflytech.vn\/en\/wp-json\/wp\/v2\/product_tag?post=3647"}],"curies":[{"name":"wp","href":"https:\/\/api.w.org\/{rel}","templated":true}]}}