{"id":3657,"date":"2020-06-18T20:38:51","date_gmt":"2020-06-18T13:38:51","guid":{"rendered":"http:\/\/27430.lamdx.vinawebsite.vn\/san-pham\/khung-vo-tren-mavic-air-dji.html"},"modified":"2020-10-16T09:52:09","modified_gmt":"2020-10-16T02:52:09","slug":"top-shell-of-mavic-air","status":"publish","type":"product","link":"https:\/\/phukienflytech.vn\/en\/san-pham\/top-shell-of-mavic-air.html","title":{"rendered":"Top shell of Mavic Air"},"content":{"rendered":"<h2><span style=\"color: #0000ff;\"><em><strong>Top shell of Mavic Air<\/strong><\/em><\/span><\/h2>\n<p>&nbsp;<\/p>\n<p><span style=\"font-size: 18px;\">Top shell of Mavic Air<\/span><\/p>\n<p><span style=\"font-size: 18px;\">Trong qu\u00e1 tr\u00ecnh bay th\u00ec nh\u1eefng s\u1ef1 c\u1ed1 tai n\u1ea1n lu\u00f4n lu\u00f4n c\u00f3 th\u1ec3 x\u1ea3y ra, v\u00ec th\u1ebf ch\u1ec9 c\u1ea7n m\u1ed9t ph\u00fat m\u1ea5t \u0111i\u1ec1u khi\u1ec3n th\u00ec thi\u1ec7t h\u1ea1i d\u1eabn t\u1edbi vi\u1ec7c ph\u1ea3i ti\u1ebfn h\u00e0nh s\u1eeda ch\u1eefa thay th\u1ebf linh ki\u1ec7n<\/span><\/p>\n<p>&nbsp;<\/p>\n<p><span style=\"font-size: 18px;\"><img loading=\"lazy\" decoding=\"async\" class=\"alignnone wp-image-13545 size-medium\" src=\"https:\/\/phukienflytech.vn\/wp-content\/uploads\/2020\/05\/khung-vo-tren-mavic-air-dji-3648-4-599x400.jpg\" alt=\"Top-shell-of-Mavic-Air-8\" width=\"599\" height=\"400\" srcset=\"https:\/\/phukienflytech.vn\/wp-content\/uploads\/2020\/05\/khung-vo-tren-mavic-air-dji-3648-4-599x400.jpg 599w, https:\/\/phukienflytech.vn\/wp-content\/uploads\/2020\/05\/khung-vo-tren-mavic-air-dji-3648-4-768x513.jpg 768w, https:\/\/phukienflytech.vn\/wp-content\/uploads\/2020\/05\/khung-vo-tren-mavic-air-dji-3648-4-1199x800.jpg 1199w, https:\/\/phukienflytech.vn\/wp-content\/uploads\/2020\/05\/khung-vo-tren-mavic-air-dji-3648-4-600x400.jpg 600w, https:\/\/phukienflytech.vn\/wp-content\/uploads\/2020\/05\/khung-vo-tren-mavic-air-dji-3648-4.jpg 2048w\" sizes=\"auto, (max-width: 599px) 100vw, 599px\" \/><\/span><\/p>\n<p>&nbsp;<\/p>\n<p><span style=\"font-size: 18px;\">Nh\u1ecf g\u1ecdn nh\u01b0ng \u0111\u00f3 c\u0169ng l\u00e0 m\u1ed9t khuy\u1ebft \u0111i\u1ec3m c\u1ee7a DJI Mavic Air khi k\u00edch th\u01b0\u1edbc \u0111\u00e3 \u0111\u01b0\u1ee3c thu g\u1ecdn xu\u1ed1ng v\u00e0 ch\u1ec9 c\u00f3 2 b\u1ed9 v\u1ecf l\u00e0\u00a0<strong>v\u1ecf b\u1ee5ng Mavic Air<\/strong> v\u00e0 <strong>\u00a0Khung v\u1ecf tr\u00ean Mavic air\u00a0<\/strong>c\u00f3 nhi\u1ec7m v\u0169 \u00a0\u0111\u1ec3 b\u1ea3o v\u1ec7 to\u00e0n b\u1ed9 m\u00e1y c\u1ee7a Mavic Air<\/span><\/p>\n<p>&nbsp;<\/p>\n<p><span style=\"font-size: 18px;\"><img loading=\"lazy\" decoding=\"async\" class=\"alignnone size-medium wp-image-13549\" src=\"https:\/\/phukienflytech.vn\/wp-content\/uploads\/2020\/05\/khung-vo-tren-mavic-air-dji-3648-1-1-400x400.jpg\" alt=\"\" width=\"400\" height=\"400\" srcset=\"https:\/\/phukienflytech.vn\/wp-content\/uploads\/2020\/05\/khung-vo-tren-mavic-air-dji-3648-1-1-400x400.jpg 400w, https:\/\/phukienflytech.vn\/wp-content\/uploads\/2020\/05\/khung-vo-tren-mavic-air-dji-3648-1-1-280x280.jpg 280w, https:\/\/phukienflytech.vn\/wp-content\/uploads\/2020\/05\/khung-vo-tren-mavic-air-dji-3648-1-1-300x300.jpg 300w, https:\/\/phukienflytech.vn\/wp-content\/uploads\/2020\/05\/khung-vo-tren-mavic-air-dji-3648-1-1-600x600.jpg 600w, https:\/\/phukienflytech.vn\/wp-content\/uploads\/2020\/05\/khung-vo-tren-mavic-air-dji-3648-1-1-100x100.jpg 100w, https:\/\/phukienflytech.vn\/wp-content\/uploads\/2020\/05\/khung-vo-tren-mavic-air-dji-3648-1-1.jpg 700w\" sizes=\"auto, (max-width: 400px) 100vw, 400px\" \/><\/span><\/p>\n<p>&nbsp;<\/p>\n<p><span style=\"font-size: 18px;\">V\u00ec th\u1ebf khi x\u1ea3y ra s\u1ef1 c\u1ed1 \u0111\u00e2y l\u00e0 2 ph\u1ea7n ch\u1ecbu \u1ea3nh h\u01b0\u1edfng tr\u1ef1c ti\u1ebfp t\u1eeb ngo\u1ea1i l\u1ef1c t\u00e1c \u0111\u1ed9ng\u00a0 t\u1edbi l\u00e0m h\u1ecfng v\u1ecf. V\u00e0 vi\u1ec7c s\u1eeda ch\u1eefa v\u00e0 thay th\u1ebf linh ki\u1ec7n l\u00e0 vi\u1ec7c n\u00ean l\u00e0m ngay v\u00ec n\u00f3 \u1ea3nh h\u01b0\u1edfng tr\u1ef1c ti\u1ebfp t\u1edbi chi\u1ebfc flycam c\u1ee7a b\u1ea1n<\/span><\/p>\n<p>&nbsp;<\/p>\n<p><span style=\"font-size: 18px;\"><img loading=\"lazy\" decoding=\"async\" class=\"alignnone wp-image-13555\" src=\"https:\/\/phukienflytech.vn\/wp-content\/uploads\/2020\/05\/khung-vo-tren-mavic-air-dji-3648-2-1-400x400.jpg\" alt=\"\" width=\"530\" height=\"530\" srcset=\"https:\/\/phukienflytech.vn\/wp-content\/uploads\/2020\/05\/khung-vo-tren-mavic-air-dji-3648-2-1-400x400.jpg 400w, https:\/\/phukienflytech.vn\/wp-content\/uploads\/2020\/05\/khung-vo-tren-mavic-air-dji-3648-2-1-280x280.jpg 280w, https:\/\/phukienflytech.vn\/wp-content\/uploads\/2020\/05\/khung-vo-tren-mavic-air-dji-3648-2-1-768x768.jpg 768w, https:\/\/phukienflytech.vn\/wp-content\/uploads\/2020\/05\/khung-vo-tren-mavic-air-dji-3648-2-1.jpg 800w, https:\/\/phukienflytech.vn\/wp-content\/uploads\/2020\/05\/khung-vo-tren-mavic-air-dji-3648-2-1-300x300.jpg 300w, https:\/\/phukienflytech.vn\/wp-content\/uploads\/2020\/05\/khung-vo-tren-mavic-air-dji-3648-2-1-600x600.jpg 600w, https:\/\/phukienflytech.vn\/wp-content\/uploads\/2020\/05\/khung-vo-tren-mavic-air-dji-3648-2-1-100x100.jpg 100w\" sizes=\"auto, (max-width: 530px) 100vw, 530px\" \/><\/span><\/p>\n<p><span style=\"font-size: 18px;\"><img loading=\"lazy\" decoding=\"async\" class=\"alignnone wp-image-13559 size-medium\" src=\"https:\/\/phukienflytech.vn\/wp-content\/uploads\/2020\/05\/khung-vo-tren-mavic-air-dji-3648-3-1-599x400.jpg\" alt=\"Top-shell-of-Mavic-Air\" width=\"599\" height=\"400\" srcset=\"https:\/\/phukienflytech.vn\/wp-content\/uploads\/2020\/05\/khung-vo-tren-mavic-air-dji-3648-3-1-599x400.jpg 599w, https:\/\/phukienflytech.vn\/wp-content\/uploads\/2020\/05\/khung-vo-tren-mavic-air-dji-3648-3-1-768x513.jpg 768w, https:\/\/phukienflytech.vn\/wp-content\/uploads\/2020\/05\/khung-vo-tren-mavic-air-dji-3648-3-1-1199x800.jpg 1199w, https:\/\/phukienflytech.vn\/wp-content\/uploads\/2020\/05\/khung-vo-tren-mavic-air-dji-3648-3-1-600x400.jpg 600w, https:\/\/phukienflytech.vn\/wp-content\/uploads\/2020\/05\/khung-vo-tren-mavic-air-dji-3648-3-1.jpg 2048w\" sizes=\"auto, (max-width: 599px) 100vw, 599px\" \/><\/span><\/p>\n<p>&nbsp;<\/p>\n<p><span style=\"font-size: 18px;\">N\u1ebfu b\u1ea1n c\u00f2n \u0111ang b\u0103n kho\u0103n ch\u01b0a r\u00f5 v\u1ec1 c\u00e1ch\u00a0<strong>s\u1eeda ch\u1eefa v\u00e0 thay th\u1ebf linh ki\u1ec7n DJI Mavic Air<\/strong>, h\u00e3y y\u00ean t\u00e2m nh\u1eefng nh\u00e2n vi\u00ean k\u1ef9 thu\u1eadt Ph\u1ee5 ki\u1ec7n flycam gi\u00e1 t\u1ed1t s\u1ebd t\u01b0 v\u1ea5n v\u00e0 h\u01b0\u1edbng d\u1eabn qua \u0111i\u1ec7n tho\u1ea1i n\u1ebfu b\u1ea1n \u1edf xa kh\u00f4ng c\u00f3 \u0111i\u1ec1u ki\u1ec7n qua shop thay tr\u1ef1c ti\u1ebfp \u00a0<\/span><\/p>\n<p><span style=\"font-size: 18px;\"><strong>Ph\u1ee5 ki\u1ec7n Flycam Gi\u00e1 t\u1ed1t<\/strong>\u00a0chuy\u00ean cung c\u1ea5p c\u00e1c linh ki\u1ec7n thay th\u1ebf ch\u00ednh h\u00e3ng DJI c\u1ee7a c\u00e1c d\u00f2ng flycam\u00a0<a href=\"https:\/\/phukienflytech.vn\/danh-muc\/linh-kien-flycam-dji\/linh-kien-dji-mavic.html\" target=\"_blank\" rel=\"noopener noreferrer\"><strong>DJI Mavic series<\/strong><\/a>,\u00a0<a href=\"https:\/\/phukienflytech.vn\/danh-muc\/linh-kien-flycam-dji\/linh-kien-dji-phantom-3.html\" target=\"_blank\" rel=\"noopener noreferrer\"><strong>DJI Phantom 3<\/strong><\/a>,\u00a0<a href=\"https:\/\/phukienflytech.vn\/danh-muc\/linh-kien-flycam-dji\/linh-kien-dji-phantom-4.html\" target=\"_blank\" rel=\"noopener noreferrer\"><strong>DJI Phantom 4<\/strong><\/a>,\u2026 v\u00e0\u00a0<a href=\"https:\/\/phukienflytech.vn\/en\/dich-vu-sua-chua-flycam.html\" target=\"_blank\" rel=\"noopener noreferrer\"><strong>d\u1ecbch v\u1ee5 s\u1eeda ch\u1eefa flycam uy t\u00edn, \u0111\u1ea3m b\u1ea3o v\u00e0 ch\u1ea5t l\u01b0\u1ee3ng.<\/strong><\/a><\/span><\/p>\n<p><span style=\"font-size: 18px;\">H\u00e3y \u0111\u1ec3<a href=\"https:\/\/www.facebook.com\/phukienflycam\/?eid=ARCBQ0q12-UOhL1gpeDFhnjm3HjlPSUqIz1ct1Ga5JrKpqFStQo353trGLZf0uATv1_nR7erjs8t17n_\" target=\"_blank\" rel=\"noopener noreferrer\">\u00a0<strong>Ph\u1ee5 Ki\u1ec7n Fly-cam Gi\u00e1 T\u1ed1t<\/strong><\/a>\u00a0ti\u1ebfp s\u1ee9c \u0111am m\u00ea, c\u00f4ng vi\u1ec7c c\u1ee7a b\u1ea1n, gi\u00fap b\u1ea1n th\u00eam ni\u1ec1m h\u1ee9ng kh\u1edfi trong \u0111am m\u00ea c\u0169ng nh\u01b0 c\u00f4ng vi\u1ec7c c\u1ee7a m\u00ecnh th\u00eam su\u00f4n s\u1ebb<\/span><\/p>\n<p><span style=\"font-size: 18px;\">Nh\u00e0 s\u1ea3n xu\u1ea5t :\u00a0<strong>DJI<\/strong>\u00a0\u2013 l\u00e0 m\u1ed9t trong nh\u1eefng Vendor cung c\u1ea5p c\u00e1c ph\u1ee5 ki\u1ec7n, linh ki\u1ec7n thay th\u1ebf cho\u00a0<strong>DJI Flycam<\/strong>.<\/span><\/p>\n<p>&nbsp;<\/p>\n","protected":false},"excerpt":{"rendered":"<p>Top shell of Mavic Air &nbsp; Top shell of Mavic Air Trong qu\u00e1 tr\u00ecnh bay th\u00ec nh\u1eefng s\u1ef1 c\u1ed1 tai n\u1ea1n lu\u00f4n lu\u00f4n c\u00f3 th\u1ec3 x\u1ea3y ra, v\u00ec th\u1ebf ch\u1ec9 c\u1ea7n m\u1ed9t ph\u00fat m\u1ea5t \u0111i\u1ec1u khi\u1ec3n th\u00ec thi\u1ec7t h\u1ea1i d\u1eabn t\u1edbi vi\u1ec7c ph\u1ea3i ti\u1ebfn h\u00e0nh s\u1eeda ch\u1eefa thay th\u1ebf linh ki\u1ec7n &nbsp; &nbsp; Nh\u1ecf g\u1ecdn &#8230;<\/p>\n","protected":false},"featured_media":7231,"comment_status":"open","ping_status":"closed","template":"","meta":{"_acf_changed":false},"product_brand":[],"product_cat":[180],"product_tag":[206,255],"class_list":{"0":"post-3657","1":"product","2":"type-product","3":"status-publish","4":"has-post-thumbnail","6":"product_cat-mavic-air-accessory","7":"product_tag-phu-kien-dji-en","8":"product_tag-phu-kien-dji-mavic-air-en","10":"first","11":"instock","12":"shipping-taxable","13":"purchasable","14":"product-type-simple"},"acf":[],"yoast_head":"<!-- This site is optimized with the Yoast SEO plugin v25.7 - https:\/\/yoast.com\/wordpress\/plugins\/seo\/ -->\n<title>Top shell of Mavic Air - Mavic Air accessory - Available - Original<\/title>\n<meta name=\"description\" content=\"Top shell of Mavic Air is one of the most important accessory. Contact us to buy Top shell of Mavic Air for best price, fast shipping.\" \/>\n<meta name=\"robots\" content=\"index, follow, max-snippet:-1, max-image-preview:large, max-video-preview:-1\" \/>\n<link rel=\"canonical\" href=\"https:\/\/phukienflytech.vn\/en\/san-pham\/top-shell-of-mavic-air.html\" \/>\n<meta property=\"og:locale\" content=\"en_US\" \/>\n<meta property=\"og:type\" content=\"article\" \/>\n<meta property=\"og:title\" content=\"Top shell of Mavic Air - Mavic Air accessory - Available - Original\" \/>\n<meta property=\"og:description\" content=\"Top shell of Mavic Air is one of the most important accessory. Contact us to buy Top shell of Mavic Air for best price, fast shipping.\" \/>\n<meta property=\"og:url\" content=\"https:\/\/phukienflytech.vn\/en\/san-pham\/top-shell-of-mavic-air.html\" \/>\n<meta property=\"og:site_name\" content=\"Shop M\u00e1y \u1ea3nh - Action Camera - Gimbal - Flycam - Ph\u1ee5 ki\u1ec7n\" \/>\n<meta property=\"article:publisher\" content=\"https:\/\/facebook.com\/phukienflycam\" \/>\n<meta property=\"article:modified_time\" content=\"2020-10-16T02:52:09+00:00\" \/>\n<meta property=\"og:image\" content=\"https:\/\/phukienflytech.vn\/wp-content\/uploads\/2020\/05\/300x300_vo-mau-mavic-air-phu-kien-dji-mavic-2_-_Copy.png\" \/>\n\t<meta property=\"og:image:width\" content=\"300\" \/>\n\t<meta property=\"og:image:height\" content=\"300\" \/>\n\t<meta property=\"og:image:type\" content=\"image\/png\" \/>\n<meta name=\"twitter:card\" content=\"summary_large_image\" \/>\n<meta name=\"twitter:label1\" content=\"Est. reading time\" \/>\n\t<meta name=\"twitter:data1\" content=\"2 minutes\" \/>\n<script type=\"application\/ld+json\" class=\"yoast-schema-graph\">{\"@context\":\"https:\/\/schema.org\",\"@graph\":[{\"@type\":\"WebPage\",\"@id\":\"https:\/\/phukienflytech.vn\/en\/san-pham\/top-shell-of-mavic-air.html\",\"url\":\"https:\/\/phukienflytech.vn\/en\/san-pham\/top-shell-of-mavic-air.html\",\"name\":\"Top shell of Mavic Air - Mavic Air accessory - Available - Original\",\"isPartOf\":{\"@id\":\"https:\/\/phukienflytech.vn\/#website\"},\"primaryImageOfPage\":{\"@id\":\"https:\/\/phukienflytech.vn\/en\/san-pham\/top-shell-of-mavic-air.html#primaryimage\"},\"image\":{\"@id\":\"https:\/\/phukienflytech.vn\/en\/san-pham\/top-shell-of-mavic-air.html#primaryimage\"},\"thumbnailUrl\":\"https:\/\/phukienflytech.vn\/wp-content\/uploads\/2020\/05\/300x300_vo-mau-mavic-air-phu-kien-dji-mavic-2_-_Copy.png\",\"datePublished\":\"2020-06-18T13:38:51+00:00\",\"dateModified\":\"2020-10-16T02:52:09+00:00\",\"description\":\"Top shell of Mavic Air is one of the most important accessory. Contact us to buy Top shell of Mavic Air for best price, fast shipping.\",\"breadcrumb\":{\"@id\":\"https:\/\/phukienflytech.vn\/en\/san-pham\/top-shell-of-mavic-air.html#breadcrumb\"},\"inLanguage\":\"en-US\",\"potentialAction\":[{\"@type\":\"ReadAction\",\"target\":[\"https:\/\/phukienflytech.vn\/en\/san-pham\/top-shell-of-mavic-air.html\"]}]},{\"@type\":\"ImageObject\",\"inLanguage\":\"en-US\",\"@id\":\"https:\/\/phukienflytech.vn\/en\/san-pham\/top-shell-of-mavic-air.html#primaryimage\",\"url\":\"https:\/\/phukienflytech.vn\/wp-content\/uploads\/2020\/05\/300x300_vo-mau-mavic-air-phu-kien-dji-mavic-2_-_Copy.png\",\"contentUrl\":\"https:\/\/phukienflytech.vn\/wp-content\/uploads\/2020\/05\/300x300_vo-mau-mavic-air-phu-kien-dji-mavic-2_-_Copy.png\",\"width\":300,\"height\":300},{\"@type\":\"BreadcrumbList\",\"@id\":\"https:\/\/phukienflytech.vn\/en\/san-pham\/top-shell-of-mavic-air.html#breadcrumb\",\"itemListElement\":[{\"@type\":\"ListItem\",\"position\":1,\"name\":\"Home\",\"item\":\"https:\/\/phukienflytech.vn\/en\"},{\"@type\":\"ListItem\",\"position\":2,\"name\":\"Ph\u1ee5 ki\u1ec7n Mavic Pro\",\"item\":\"https:\/\/phukienflytech.vn\/en\/phu-kien-mavic-pro.html\"},{\"@type\":\"ListItem\",\"position\":3,\"name\":\"DJI Osmo &amp; Drone's accessories\",\"item\":\"https:\/\/phukienflytech.vn\/en\/danh-muc\/dji-osmo-drones-accessories.html\"},{\"@type\":\"ListItem\",\"position\":4,\"name\":\"Ph\u1ee5 ki\u1ec7n flycam Mavic Air\",\"item\":\"https:\/\/phukienflytech.vn\/en\/danh-muc\/mavic-air-accessory.html\"},{\"@type\":\"ListItem\",\"position\":5,\"name\":\"Top shell of Mavic Air\"}]},{\"@type\":\"WebSite\",\"@id\":\"https:\/\/phukienflytech.vn\/#website\",\"url\":\"https:\/\/phukienflytech.vn\/\",\"name\":\"Shop M\u00e1y \u1ea3nh - Action Camera - Gimbal - Flycam - Ph\u1ee5 ki\u1ec7n\",\"description\":\"Shop M\u00e1y \u1ea3nh - Action Camera - Gimbal - Flycam - Ph\u1ee5 ki\u1ec7n\",\"publisher\":{\"@id\":\"https:\/\/phukienflytech.vn\/#organization\"},\"potentialAction\":[{\"@type\":\"SearchAction\",\"target\":{\"@type\":\"EntryPoint\",\"urlTemplate\":\"https:\/\/phukienflytech.vn\/?s={search_term_string}\"},\"query-input\":{\"@type\":\"PropertyValueSpecification\",\"valueRequired\":true,\"valueName\":\"search_term_string\"}}],\"inLanguage\":\"en-US\"},{\"@type\":\"Organization\",\"@id\":\"https:\/\/phukienflytech.vn\/#organization\",\"name\":\"DJI Store - Shop Drone, Action camera, Gimbal DJI |Phukienflytech\",\"alternateName\":\"DJI Store - Shop Drone, Action camera, Gimbal DJI |Phukienflytech\",\"url\":\"https:\/\/phukienflytech.vn\/\",\"logo\":{\"@type\":\"ImageObject\",\"inLanguage\":\"en-US\",\"@id\":\"https:\/\/phukienflytech.vn\/#\/schema\/logo\/image\/\",\"url\":\"https:\/\/phukienflytech.vn\/wp-content\/uploads\/2020\/05\/hAnh_nan.jpg1_.jpg\",\"contentUrl\":\"https:\/\/phukienflytech.vn\/wp-content\/uploads\/2020\/05\/hAnh_nan.jpg1_.jpg\",\"width\":800,\"height\":450,\"caption\":\"DJI Store - Shop Drone, Action camera, Gimbal DJI |Phukienflytech\"},\"image\":{\"@id\":\"https:\/\/phukienflytech.vn\/#\/schema\/logo\/image\/\"},\"sameAs\":[\"https:\/\/facebook.com\/phukienflycam\",\"https:\/\/www.youtube.com\/@phukienflytech\",\"https:\/\/www.tiktok.com\/@flytech.channel?fbclid=IwY2xjawGjg7BleHRuA2FlbQIxMAABHYVGmlXpuSMs0UB2zTpYvyT4GMVfN2qJa4urF4vkSQ6FAVBwXZtDP30qQA_aem_UwMiDcUvlEbd2tXAmsc8Og\"]}]}<\/script>\n<!-- \/ Yoast SEO plugin. -->","yoast_head_json":{"title":"Top shell of Mavic Air - Mavic Air accessory - Available - Original","description":"Top shell of Mavic Air is one of the most important accessory. Contact us to buy Top shell of Mavic Air for best price, fast shipping.","robots":{"index":"index","follow":"follow","max-snippet":"max-snippet:-1","max-image-preview":"max-image-preview:large","max-video-preview":"max-video-preview:-1"},"canonical":"https:\/\/phukienflytech.vn\/en\/san-pham\/top-shell-of-mavic-air.html","og_locale":"en_US","og_type":"article","og_title":"Top shell of Mavic Air - Mavic Air accessory - Available - Original","og_description":"Top shell of Mavic Air is one of the most important accessory. Contact us to buy Top shell of Mavic Air for best price, fast shipping.","og_url":"https:\/\/phukienflytech.vn\/en\/san-pham\/top-shell-of-mavic-air.html","og_site_name":"Shop M\u00e1y \u1ea3nh - Action Camera - Gimbal - Flycam - Ph\u1ee5 ki\u1ec7n","article_publisher":"https:\/\/facebook.com\/phukienflycam","article_modified_time":"2020-10-16T02:52:09+00:00","og_image":[{"width":300,"height":300,"url":"https:\/\/phukienflytech.vn\/wp-content\/uploads\/2020\/05\/300x300_vo-mau-mavic-air-phu-kien-dji-mavic-2_-_Copy.png","type":"image\/png"}],"twitter_card":"summary_large_image","twitter_misc":{"Est. reading time":"2 minutes"},"schema":{"@context":"https:\/\/schema.org","@graph":[{"@type":"WebPage","@id":"https:\/\/phukienflytech.vn\/en\/san-pham\/top-shell-of-mavic-air.html","url":"https:\/\/phukienflytech.vn\/en\/san-pham\/top-shell-of-mavic-air.html","name":"Top shell of Mavic Air - Mavic Air accessory - Available - Original","isPartOf":{"@id":"https:\/\/phukienflytech.vn\/#website"},"primaryImageOfPage":{"@id":"https:\/\/phukienflytech.vn\/en\/san-pham\/top-shell-of-mavic-air.html#primaryimage"},"image":{"@id":"https:\/\/phukienflytech.vn\/en\/san-pham\/top-shell-of-mavic-air.html#primaryimage"},"thumbnailUrl":"https:\/\/phukienflytech.vn\/wp-content\/uploads\/2020\/05\/300x300_vo-mau-mavic-air-phu-kien-dji-mavic-2_-_Copy.png","datePublished":"2020-06-18T13:38:51+00:00","dateModified":"2020-10-16T02:52:09+00:00","description":"Top shell of Mavic Air is one of the most important accessory. Contact us to buy Top shell of Mavic Air for best price, fast shipping.","breadcrumb":{"@id":"https:\/\/phukienflytech.vn\/en\/san-pham\/top-shell-of-mavic-air.html#breadcrumb"},"inLanguage":"en-US","potentialAction":[{"@type":"ReadAction","target":["https:\/\/phukienflytech.vn\/en\/san-pham\/top-shell-of-mavic-air.html"]}]},{"@type":"ImageObject","inLanguage":"en-US","@id":"https:\/\/phukienflytech.vn\/en\/san-pham\/top-shell-of-mavic-air.html#primaryimage","url":"https:\/\/phukienflytech.vn\/wp-content\/uploads\/2020\/05\/300x300_vo-mau-mavic-air-phu-kien-dji-mavic-2_-_Copy.png","contentUrl":"https:\/\/phukienflytech.vn\/wp-content\/uploads\/2020\/05\/300x300_vo-mau-mavic-air-phu-kien-dji-mavic-2_-_Copy.png","width":300,"height":300},{"@type":"BreadcrumbList","@id":"https:\/\/phukienflytech.vn\/en\/san-pham\/top-shell-of-mavic-air.html#breadcrumb","itemListElement":[{"@type":"ListItem","position":1,"name":"Home","item":"https:\/\/phukienflytech.vn\/en"},{"@type":"ListItem","position":2,"name":"Ph\u1ee5 ki\u1ec7n Mavic Pro","item":"https:\/\/phukienflytech.vn\/en\/phu-kien-mavic-pro.html"},{"@type":"ListItem","position":3,"name":"DJI Osmo &amp; Drone's accessories","item":"https:\/\/phukienflytech.vn\/en\/danh-muc\/dji-osmo-drones-accessories.html"},{"@type":"ListItem","position":4,"name":"Ph\u1ee5 ki\u1ec7n flycam Mavic Air","item":"https:\/\/phukienflytech.vn\/en\/danh-muc\/mavic-air-accessory.html"},{"@type":"ListItem","position":5,"name":"Top shell of Mavic Air"}]},{"@type":"WebSite","@id":"https:\/\/phukienflytech.vn\/#website","url":"https:\/\/phukienflytech.vn\/","name":"Shop M\u00e1y \u1ea3nh - Action Camera - Gimbal - Flycam - Ph\u1ee5 ki\u1ec7n","description":"Shop M\u00e1y \u1ea3nh - Action Camera - Gimbal - Flycam - Ph\u1ee5 ki\u1ec7n","publisher":{"@id":"https:\/\/phukienflytech.vn\/#organization"},"potentialAction":[{"@type":"SearchAction","target":{"@type":"EntryPoint","urlTemplate":"https:\/\/phukienflytech.vn\/?s={search_term_string}"},"query-input":{"@type":"PropertyValueSpecification","valueRequired":true,"valueName":"search_term_string"}}],"inLanguage":"en-US"},{"@type":"Organization","@id":"https:\/\/phukienflytech.vn\/#organization","name":"DJI Store - Shop Drone, Action camera, Gimbal DJI |Phukienflytech","alternateName":"DJI Store - Shop Drone, Action camera, Gimbal DJI |Phukienflytech","url":"https:\/\/phukienflytech.vn\/","logo":{"@type":"ImageObject","inLanguage":"en-US","@id":"https:\/\/phukienflytech.vn\/#\/schema\/logo\/image\/","url":"https:\/\/phukienflytech.vn\/wp-content\/uploads\/2020\/05\/hAnh_nan.jpg1_.jpg","contentUrl":"https:\/\/phukienflytech.vn\/wp-content\/uploads\/2020\/05\/hAnh_nan.jpg1_.jpg","width":800,"height":450,"caption":"DJI Store - Shop Drone, Action camera, Gimbal DJI |Phukienflytech"},"image":{"@id":"https:\/\/phukienflytech.vn\/#\/schema\/logo\/image\/"},"sameAs":["https:\/\/facebook.com\/phukienflycam","https:\/\/www.youtube.com\/@phukienflytech","https:\/\/www.tiktok.com\/@flytech.channel?fbclid=IwY2xjawGjg7BleHRuA2FlbQIxMAABHYVGmlXpuSMs0UB2zTpYvyT4GMVfN2qJa4urF4vkSQ6FAVBwXZtDP30qQA_aem_UwMiDcUvlEbd2tXAmsc8Og"]}]}},"_links":{"self":[{"href":"https:\/\/phukienflytech.vn\/en\/wp-json\/wp\/v2\/product\/3657","targetHints":{"allow":["GET"]}}],"collection":[{"href":"https:\/\/phukienflytech.vn\/en\/wp-json\/wp\/v2\/product"}],"about":[{"href":"https:\/\/phukienflytech.vn\/en\/wp-json\/wp\/v2\/types\/product"}],"replies":[{"embeddable":true,"href":"https:\/\/phukienflytech.vn\/en\/wp-json\/wp\/v2\/comments?post=3657"}],"wp:featuredmedia":[{"embeddable":true,"href":"https:\/\/phukienflytech.vn\/en\/wp-json\/wp\/v2\/media\/7231"}],"wp:attachment":[{"href":"https:\/\/phukienflytech.vn\/en\/wp-json\/wp\/v2\/media?parent=3657"}],"wp:term":[{"taxonomy":"product_brand","embeddable":true,"href":"https:\/\/phukienflytech.vn\/en\/wp-json\/wp\/v2\/product_brand?post=3657"},{"taxonomy":"product_cat","embeddable":true,"href":"https:\/\/phukienflytech.vn\/en\/wp-json\/wp\/v2\/product_cat?post=3657"},{"taxonomy":"product_tag","embeddable":true,"href":"https:\/\/phukienflytech.vn\/en\/wp-json\/wp\/v2\/product_tag?post=3657"}],"curies":[{"name":"wp","href":"https:\/\/api.w.org\/{rel}","templated":true}]}}