{"id":3674,"date":"2020-05-25T20:55:38","date_gmt":"2020-05-25T13:55:38","guid":{"rendered":"http:\/\/27430.lamdx.vinawebsite.vn\/san-pham\/tui-vai-mavic-mini-mavic-air-chinh-hang-dji-2.html"},"modified":"2020-10-14T18:24:31","modified_gmt":"2020-10-14T11:24:31","slug":"original-bag-for-mavic-mini","status":"publish","type":"product","link":"https:\/\/phukienflytech.vn\/en\/san-pham\/original-bag-for-mavic-mini.html","title":{"rendered":"Original bag for Mavic Mini, Air"},"content":{"rendered":"<h2><span style=\"color: #0000ff;\"><em><strong>Original bag for Mavic Mini<\/strong><\/em><\/span><\/h2>\n<p>&nbsp;<\/p>\n<p><span style=\"font-size: 18px;\">Original bag for Mavic Mini<\/span><\/p>\n<p><span style=\"font-size: 20px;\">Hi\u1ec7n nay tr\u00ean th\u1ecb tr\u01b0\u1eddng c\u00f3 nhi\u1ec1u s\u1ea3n ph\u1ea9m\u00a0<strong>t\u00fai ch\u1ed1ng s\u1ed1c mavic air<\/strong>,\u00a0<strong>vali mavic air<\/strong>,\u00a0<strong>vali mavic mini<\/strong>,\u00a0<strong>t\u00fai mavic mini<\/strong>\u00a0\u2026 t\u1edbi t\u1eeb nhi\u1ec1u th\u01b0\u01a1ng hi\u1ec7u s\u1ea3n xu\u1ea5t nh\u01b0 DJI, PGYTech, Sunnylife,.\u2026.. v\u1edbi nhi\u1ec1u m\u1eabu m\u00e3 \u0111a d\u1ea1ng \u0111\u1ec3 ch\u00fang ta c\u00f3 th\u1ec3 t\u00f9y \u00fd l\u1ef1a ch\u1ecdn<\/span><\/p>\n<p><span style=\"font-size: 20px;\"><img loading=\"lazy\" decoding=\"async\" src=\"https:\/\/phukienflytech.vn\/wp-content\/uploads\/2020\/05\/tui-vai-mavic-mini-mavic-air-chinh-hang-dji-3667.jpg\" alt=\"\" width=\"450\" height=\"450\" \/><\/span><\/p>\n<p><span style=\"font-size: 20px;\">V\u1edbi nh\u1eefng d\u00f2ng s\u1ea3n ph\u1ea9m\u00a0<strong>Vali mavic air<\/strong>,\u00a0<strong>vali mavic\u00a0mini<\/strong>\u00a0lu\u00f4n c\u00f3 thi\u1ebft k\u1ebf h\u1ea7m h\u1ed1, v\u1edbi kh\u1ea3 n\u0103ng ch\u1ed1ng s\u1ed1c, ch\u1ed1ng n\u01b0\u1edbc tuy\u1ec7t v\u1eddi cho chi\u1ebfc flycam c\u1ee7a b\u1ea1n<\/span><\/p>\n<p><span style=\"font-size: 20px;\">C\u00f2n v\u1edbi nh\u1eefng m\u1eabu\u00a0<strong>t\u00fai mavic air<\/strong>,\u00a0<strong>t\u00fai mavic mini<\/strong>\u00a0tr\u01b0\u1edbc \u0111\u00e2y \u0111a s\u1ed1 \u0111\u1ec1u \u0111\u01b0\u1ee3c l\u00e0m b\u1eb1ng da nh\u01b0ng x\u00e9t v\u1ec1 kh\u1ea3 n\u0103ng ch\u1ed1ng s\u1ed1c, ch\u1ed1ng n\u01b0\u1edbc th\u00ec c\u0169ng kh\u00f4ng h\u1ec1 k\u00e9m c\u1ea1nh so v\u1edbi nh\u1eefng m\u1eabu\u00a0<strong>Vali mavic air, mavic mini<\/strong>\u00a0kia<\/span><\/p>\n<p><span style=\"font-size: 20px;\"><img loading=\"lazy\" decoding=\"async\" class=\"alignnone\" src=\"https:\/\/phukienflytech.vn\/wp-content\/uploads\/2020\/05\/tui-vai-mavic-mini-mavic-air-chinh-hang-dji-3667-1.jpg\" alt=\"Original-bag-for-Mavic-Mini-3\" width=\"450\" height=\"464\" \/><\/span><\/p>\n<p><span style=\"font-size: 20px;\">H\u00f4m nay\u00a0<strong>ph\u1ee5 ki\u1ec7n flycam \u2013 gi\u00e1 t\u1ed1t<\/strong>\u00a0gi\u1edbi thi\u1ec7u t\u1edbi c\u00e1c b\u1ea1n m\u1ed9t\u00a0<strong>m\u1eabu t\u00fai mavic air\/mavic mini<\/strong>\u00a0v\u1edbi thi\u1ebft k\u1ebf m\u1edbi \u0111\u01b0\u1ee3c tung ra g\u1ea7n \u0111\u00e2y. \u0110\u00f3 l\u00e0 m\u1eabu\u00a0<strong>t\u00fai v\u1ea3i mavic air\/ mavic mini<\/strong><\/span><\/p>\n<p><span style=\"font-size: 20px;\">V\u1edbi thi\u1ebft k\u1ebf n\u0103ng \u0111\u1ed9ng,\u00a0<strong>t\u00fai v\u1ea3i mavic air\/mavic mini<\/strong>\u00a0c\u00f3 kh\u1ea3 n\u0103ng ch\u1ee9a c\u1ea3 2 model l\u00e0 DJI mavic air v\u00e0 DJI mavic mini<\/span><\/p>\n<p><span style=\"font-size: 20px;\"><strong>T\u00fai v\u1ea3i Mavic air\/ mavic mini<\/strong>\u00a0 c\u00f3 m\u00e0u ghi.\u00a0 V\u1ecf m\u1ec1m, v\u1edbi l\u1edbp m\u00fat m\u1ec1m, d\u00e0y thi\u1ebft k\u1ebf theo ti\u00eau chu\u1ea9n ch\u1ecbu l\u1ef1c, Flycam c\u1ee7a b\u1ea1n s\u1ebd an to\u00e0n h\u01a1n khi kh\u00f4ng may va qu\u1ec7t v\u00e0o c\u00e1c v\u1eadt d\u1ee5ng c\u1ee9ng.<\/span><\/p>\n<p><span style=\"font-size: 20px;\">K\u00edch th\u01b0\u1edbc t\u00fai:\u00a020x20x15<\/span><\/p>\n<p><span style=\"font-size: 20px;\"><strong>T\u00fai v\u1ea3i Mavic air\/ mavic mini<\/strong>\u00a0c\u00f3 k\u00edch c\u1ee1 nh\u1ecf g\u1ecdn, quai \u0111eo b\u1ec1n ch\u1eafc, c\u00f3 c\u00e1c ng\u0103n ph\u1ee5 khi\u1ebfn vi\u1ec7c mang flycam theo ng\u01b0\u1eddi tr\u1edf n\u00ean thu\u1eadn ti\u1ec7n v\u00e0 tho\u1ea3i m\u00e1i h\u01a1n. \u0110\u1eb7c bi\u1ec7t ph\u00f9 h\u1ee3p v\u1edbi nh\u1eefng ai th\u01b0\u1eddng xuy\u00ean di chuy\u1ec3n.<\/span><\/p>\n<p><span style=\"font-size: 20px;\"><img loading=\"lazy\" decoding=\"async\" class=\"alignnone\" src=\"https:\/\/phukienflytech.vn\/wp-content\/uploads\/2020\/05\/tui-vai-mavic-mini-mavic-air-chinh-hang-dji-3667-2.jpg\" alt=\"Original-bag-for-Mavic-Mini\" width=\"450\" height=\"380\" \/><\/span><\/p>\n<p>&nbsp;<\/p>\n<h2><span style=\"font-size: 24px; color: #0000ff;\"><strong>Mua ph\u1ee5 ki\u1ec7n t\u00fai v\u1ea3i Mavic mini\/Mavic air <\/strong><strong>\u1edf \u0111\u00e2u?<\/strong><\/span><\/h2>\n<p><span style=\"font-size: 20px;\">N\u1ebfu b\u1ea1n v\u1eabn \u0111ang ph\u00e2n v\u00e2n kh\u00f4ng bi\u1ebft c\u00f3 th\u1ec3 t\u00ecm mua \u0111\u01b0\u1ee3c\u00a0<strong>nh\u1eefng ph\u1ee5 ki\u1ec7n dji mavic air, dji mavic mini<em>\u00a0<\/em><\/strong>ch\u1ea5t l\u01b0\u1ee3ng nh\u1ea5t m\u00e0 kh\u00f4ng c\u1ea7n lo l\u1eafng gi\u00e1 c\u1ee7a s\u1ea3n ph\u1ea9m \u1edf \u0111\u00e2u th\u00ec ph\u1ee5 ki\u1ec7n flycam gi\u00e1 t\u1ed1t ch\u00ednh l\u00e0 n\u01a1i ph\u00f9 h\u1ee3p d\u00e0nh cho b\u1ea1n. H\u00e3y \u0111\u1ebfn v\u1edbi\u00a0<strong>ph\u1ee5 ki\u1ec7n fly-cam gi\u00e1 t\u1ed1t<\/strong>\u00a0\u0111\u1ec3 c\u00f3 \u0111\u01b0\u1ee3c\u00a0<strong>gi\u00e1 mavic air<\/strong>,\u00a0<strong>gi\u00e1 mavic mini<\/strong>,..c\u00f9ng v\u1edbi ch\u1ea5t l\u01b0\u1ee3ng t\u1ed1t nh\u1ea5t.<\/span><\/p>\n<p><span style=\"font-size: 20px;\"><strong><em><a href=\"https:\/\/facebook.com\/phukienflycam\">Ph\u1ee5 Ki\u1ec7n Flytech Gi\u00e1 T\u1ed1t<\/a><\/em><\/strong>\u00a0h\u00e2n h\u1ea1nh \u0111em l\u1ea1i c\u00e1c m\u1eabu s\u1ea3n ph\u1ea9m Balo phatom ch\u00ednh h\u00e3ng t\u1ed1t nh\u1ea5t ph\u1ee5c v\u1ee5 \u0111am m\u00ea, v\u00e0 c\u00f4ng vi\u1ec7c c\u1ee7a c\u00e1c b\u1ea1n, h\u00e3y \u0111\u1ec3 ch\u00fang t\u00f4i ti\u1ebfp s\u1ee9c \u0111am m\u00ea, c\u00f4ng vi\u1ec7c c\u1ee7a b\u1ea1n, gi\u00fap b\u1ea1n th\u00eam ni\u1ec1m h\u1ee9ng kh\u1edfi trong \u0111am m\u00ea c\u0169ng nh\u01b0 c\u00f4ng vi\u1ec7c c\u1ee7a m\u00ecnh th\u00eam su\u00f4n s\u1ebb<\/span><\/p>\n<p><span style=\"font-size: 18px;\">&gt;&gt; Learn More : <a href=\"https:\/\/phukienflytech.vn\/danh-muc\/phu-kien-mavic-air.html\"><strong>Mavic air accessories<\/strong><\/a><\/span><\/p>\n<p><span style=\"font-size: 20px;\">Ch\u00fang t\u00f4i chuy\u00ean cung c\u1ea5p h\u1ea7u h\u1ebft t\u1ea5t c\u00e1c c\u00e1c ph\u1ee5 ki\u1ec7n flycam DJI c\u1ee7a Phantom 3,4 series, Mavic pro\/ Mavic 2 Pro\/ Mavic 2 Zoom series, DJI Spark v\u00e0 inspire 1<\/span><\/p>\n","protected":false},"excerpt":{"rendered":"<p>Original bag for Mavic Mini &nbsp; Original bag for Mavic Mini Hi\u1ec7n nay tr\u00ean th\u1ecb tr\u01b0\u1eddng c\u00f3 nhi\u1ec1u s\u1ea3n ph\u1ea9m\u00a0t\u00fai ch\u1ed1ng s\u1ed1c mavic air,\u00a0vali mavic air,\u00a0vali mavic mini,\u00a0t\u00fai mavic mini\u00a0\u2026 t\u1edbi t\u1eeb nhi\u1ec1u th\u01b0\u01a1ng hi\u1ec7u s\u1ea3n xu\u1ea5t nh\u01b0 DJI, PGYTech, Sunnylife,.\u2026.. v\u1edbi nhi\u1ec1u m\u1eabu m\u00e3 \u0111a d\u1ea1ng \u0111\u1ec3 ch\u00fang ta c\u00f3 th\u1ec3 t\u00f9y \u00fd l\u1ef1a &#8230;<\/p>\n","protected":false},"featured_media":7227,"comment_status":"open","ping_status":"closed","template":"","meta":{"_acf_changed":false},"product_brand":[],"product_cat":[176,180,181],"product_tag":[206,255],"class_list":{"0":"post-3674","1":"product","2":"type-product","3":"status-publish","4":"has-post-thumbnail","6":"product_cat-dji-osmo-drones-accessories","7":"product_cat-mavic-air-accessory","8":"product_cat-mavic-mini-accessory","9":"product_tag-phu-kien-dji-en","10":"product_tag-phu-kien-dji-mavic-air-en","12":"first","13":"instock","14":"shipping-taxable","15":"purchasable","16":"product-type-simple"},"acf":[],"yoast_head":"<!-- This site is optimized with the Yoast SEO plugin v25.7 - https:\/\/yoast.com\/wordpress\/plugins\/seo\/ -->\n<title>Original bag for Mavic Mini - Mavic air accessory - Available - Original<\/title>\n<meta name=\"description\" content=\"Original bag for Mavic Mini is one of the most important accessory. Contact us to buy Original bag for Mavic Mini for best price.\" \/>\n<meta name=\"robots\" content=\"index, follow, max-snippet:-1, max-image-preview:large, max-video-preview:-1\" \/>\n<link rel=\"canonical\" href=\"https:\/\/phukienflytech.vn\/en\/san-pham\/original-bag-for-mavic-mini.html\" \/>\n<meta property=\"og:locale\" content=\"en_US\" \/>\n<meta property=\"og:type\" content=\"article\" \/>\n<meta property=\"og:title\" content=\"Original bag for Mavic Mini - Mavic air accessory - Available - Original\" \/>\n<meta property=\"og:description\" content=\"Original bag for Mavic Mini is one of the most important accessory. Contact us to buy Original bag for Mavic Mini for best price.\" \/>\n<meta property=\"og:url\" content=\"https:\/\/phukienflytech.vn\/en\/san-pham\/original-bag-for-mavic-mini.html\" \/>\n<meta property=\"og:site_name\" content=\"Shop M\u00e1y \u1ea3nh - Action Camera - Gimbal - Flycam - Ph\u1ee5 ki\u1ec7n\" \/>\n<meta property=\"article:publisher\" content=\"https:\/\/facebook.com\/phukienflycam\" \/>\n<meta property=\"article:modified_time\" content=\"2020-10-14T11:24:31+00:00\" \/>\n<meta property=\"og:image\" content=\"https:\/\/phukienflytech.vn\/wp-content\/uploads\/2020\/05\/300x300_tAi-mavic-mini-air-chinh-hang-dji-phu-kien-flycam-3_-_Copy_2.jpg\" \/>\n\t<meta property=\"og:image:width\" content=\"300\" \/>\n\t<meta property=\"og:image:height\" content=\"300\" \/>\n\t<meta property=\"og:image:type\" content=\"image\/jpeg\" \/>\n<meta name=\"twitter:card\" content=\"summary_large_image\" \/>\n<meta name=\"twitter:label1\" content=\"Est. reading time\" \/>\n\t<meta name=\"twitter:data1\" content=\"3 minutes\" \/>\n<script type=\"application\/ld+json\" class=\"yoast-schema-graph\">{\"@context\":\"https:\/\/schema.org\",\"@graph\":[{\"@type\":\"WebPage\",\"@id\":\"https:\/\/phukienflytech.vn\/en\/san-pham\/original-bag-for-mavic-mini.html\",\"url\":\"https:\/\/phukienflytech.vn\/en\/san-pham\/original-bag-for-mavic-mini.html\",\"name\":\"Original bag for Mavic Mini - Mavic air accessory - Available - Original\",\"isPartOf\":{\"@id\":\"https:\/\/phukienflytech.vn\/#website\"},\"primaryImageOfPage\":{\"@id\":\"https:\/\/phukienflytech.vn\/en\/san-pham\/original-bag-for-mavic-mini.html#primaryimage\"},\"image\":{\"@id\":\"https:\/\/phukienflytech.vn\/en\/san-pham\/original-bag-for-mavic-mini.html#primaryimage\"},\"thumbnailUrl\":\"https:\/\/phukienflytech.vn\/wp-content\/uploads\/2020\/05\/300x300_tAi-mavic-mini-air-chinh-hang-dji-phu-kien-flycam-3_-_Copy_2.jpg\",\"datePublished\":\"2020-05-25T13:55:38+00:00\",\"dateModified\":\"2020-10-14T11:24:31+00:00\",\"description\":\"Original bag for Mavic Mini is one of the most important accessory. Contact us to buy Original bag for Mavic Mini for best price.\",\"breadcrumb\":{\"@id\":\"https:\/\/phukienflytech.vn\/en\/san-pham\/original-bag-for-mavic-mini.html#breadcrumb\"},\"inLanguage\":\"en-US\",\"potentialAction\":[{\"@type\":\"ReadAction\",\"target\":[\"https:\/\/phukienflytech.vn\/en\/san-pham\/original-bag-for-mavic-mini.html\"]}]},{\"@type\":\"ImageObject\",\"inLanguage\":\"en-US\",\"@id\":\"https:\/\/phukienflytech.vn\/en\/san-pham\/original-bag-for-mavic-mini.html#primaryimage\",\"url\":\"https:\/\/phukienflytech.vn\/wp-content\/uploads\/2020\/05\/300x300_tAi-mavic-mini-air-chinh-hang-dji-phu-kien-flycam-3_-_Copy_2.jpg\",\"contentUrl\":\"https:\/\/phukienflytech.vn\/wp-content\/uploads\/2020\/05\/300x300_tAi-mavic-mini-air-chinh-hang-dji-phu-kien-flycam-3_-_Copy_2.jpg\",\"width\":300,\"height\":300},{\"@type\":\"BreadcrumbList\",\"@id\":\"https:\/\/phukienflytech.vn\/en\/san-pham\/original-bag-for-mavic-mini.html#breadcrumb\",\"itemListElement\":[{\"@type\":\"ListItem\",\"position\":1,\"name\":\"Home\",\"item\":\"https:\/\/phukienflytech.vn\/en\"},{\"@type\":\"ListItem\",\"position\":2,\"name\":\"Ph\u1ee5 ki\u1ec7n Mavic Pro\",\"item\":\"https:\/\/phukienflytech.vn\/en\/phu-kien-mavic-pro.html\"},{\"@type\":\"ListItem\",\"position\":3,\"name\":\"Ph\u1ee5 ki\u1ec7n DJI - Osmo\",\"item\":\"https:\/\/phukienflytech.vn\/danh-muc\/phu-kien-dji-osmo.html\"},{\"@type\":\"ListItem\",\"position\":4,\"name\":\"Original bag for Mavic Mini, Air\"}]},{\"@type\":\"WebSite\",\"@id\":\"https:\/\/phukienflytech.vn\/#website\",\"url\":\"https:\/\/phukienflytech.vn\/\",\"name\":\"Shop M\u00e1y \u1ea3nh - Action Camera - Gimbal - Flycam - Ph\u1ee5 ki\u1ec7n\",\"description\":\"Shop M\u00e1y \u1ea3nh - Action Camera - Gimbal - Flycam - Ph\u1ee5 ki\u1ec7n\",\"publisher\":{\"@id\":\"https:\/\/phukienflytech.vn\/#organization\"},\"potentialAction\":[{\"@type\":\"SearchAction\",\"target\":{\"@type\":\"EntryPoint\",\"urlTemplate\":\"https:\/\/phukienflytech.vn\/?s={search_term_string}\"},\"query-input\":{\"@type\":\"PropertyValueSpecification\",\"valueRequired\":true,\"valueName\":\"search_term_string\"}}],\"inLanguage\":\"en-US\"},{\"@type\":\"Organization\",\"@id\":\"https:\/\/phukienflytech.vn\/#organization\",\"name\":\"DJI Store - Shop Drone, Action camera, Gimbal DJI |Phukienflytech\",\"alternateName\":\"DJI Store - Shop Drone, Action camera, Gimbal DJI |Phukienflytech\",\"url\":\"https:\/\/phukienflytech.vn\/\",\"logo\":{\"@type\":\"ImageObject\",\"inLanguage\":\"en-US\",\"@id\":\"https:\/\/phukienflytech.vn\/#\/schema\/logo\/image\/\",\"url\":\"https:\/\/phukienflytech.vn\/wp-content\/uploads\/2020\/05\/hAnh_nan.jpg1_.jpg\",\"contentUrl\":\"https:\/\/phukienflytech.vn\/wp-content\/uploads\/2020\/05\/hAnh_nan.jpg1_.jpg\",\"width\":800,\"height\":450,\"caption\":\"DJI Store - Shop Drone, Action camera, Gimbal DJI |Phukienflytech\"},\"image\":{\"@id\":\"https:\/\/phukienflytech.vn\/#\/schema\/logo\/image\/\"},\"sameAs\":[\"https:\/\/facebook.com\/phukienflycam\",\"https:\/\/www.youtube.com\/@phukienflytech\",\"https:\/\/www.tiktok.com\/@flytech.channel?fbclid=IwY2xjawGjg7BleHRuA2FlbQIxMAABHYVGmlXpuSMs0UB2zTpYvyT4GMVfN2qJa4urF4vkSQ6FAVBwXZtDP30qQA_aem_UwMiDcUvlEbd2tXAmsc8Og\"]}]}<\/script>\n<!-- \/ Yoast SEO plugin. -->","yoast_head_json":{"title":"Original bag for Mavic Mini - Mavic air accessory - Available - Original","description":"Original bag for Mavic Mini is one of the most important accessory. Contact us to buy Original bag for Mavic Mini for best price.","robots":{"index":"index","follow":"follow","max-snippet":"max-snippet:-1","max-image-preview":"max-image-preview:large","max-video-preview":"max-video-preview:-1"},"canonical":"https:\/\/phukienflytech.vn\/en\/san-pham\/original-bag-for-mavic-mini.html","og_locale":"en_US","og_type":"article","og_title":"Original bag for Mavic Mini - Mavic air accessory - Available - Original","og_description":"Original bag for Mavic Mini is one of the most important accessory. Contact us to buy Original bag for Mavic Mini for best price.","og_url":"https:\/\/phukienflytech.vn\/en\/san-pham\/original-bag-for-mavic-mini.html","og_site_name":"Shop M\u00e1y \u1ea3nh - Action Camera - Gimbal - Flycam - Ph\u1ee5 ki\u1ec7n","article_publisher":"https:\/\/facebook.com\/phukienflycam","article_modified_time":"2020-10-14T11:24:31+00:00","og_image":[{"width":300,"height":300,"url":"https:\/\/phukienflytech.vn\/wp-content\/uploads\/2020\/05\/300x300_tAi-mavic-mini-air-chinh-hang-dji-phu-kien-flycam-3_-_Copy_2.jpg","type":"image\/jpeg"}],"twitter_card":"summary_large_image","twitter_misc":{"Est. reading time":"3 minutes"},"schema":{"@context":"https:\/\/schema.org","@graph":[{"@type":"WebPage","@id":"https:\/\/phukienflytech.vn\/en\/san-pham\/original-bag-for-mavic-mini.html","url":"https:\/\/phukienflytech.vn\/en\/san-pham\/original-bag-for-mavic-mini.html","name":"Original bag for Mavic Mini - Mavic air accessory - Available - Original","isPartOf":{"@id":"https:\/\/phukienflytech.vn\/#website"},"primaryImageOfPage":{"@id":"https:\/\/phukienflytech.vn\/en\/san-pham\/original-bag-for-mavic-mini.html#primaryimage"},"image":{"@id":"https:\/\/phukienflytech.vn\/en\/san-pham\/original-bag-for-mavic-mini.html#primaryimage"},"thumbnailUrl":"https:\/\/phukienflytech.vn\/wp-content\/uploads\/2020\/05\/300x300_tAi-mavic-mini-air-chinh-hang-dji-phu-kien-flycam-3_-_Copy_2.jpg","datePublished":"2020-05-25T13:55:38+00:00","dateModified":"2020-10-14T11:24:31+00:00","description":"Original bag for Mavic Mini is one of the most important accessory. Contact us to buy Original bag for Mavic Mini for best price.","breadcrumb":{"@id":"https:\/\/phukienflytech.vn\/en\/san-pham\/original-bag-for-mavic-mini.html#breadcrumb"},"inLanguage":"en-US","potentialAction":[{"@type":"ReadAction","target":["https:\/\/phukienflytech.vn\/en\/san-pham\/original-bag-for-mavic-mini.html"]}]},{"@type":"ImageObject","inLanguage":"en-US","@id":"https:\/\/phukienflytech.vn\/en\/san-pham\/original-bag-for-mavic-mini.html#primaryimage","url":"https:\/\/phukienflytech.vn\/wp-content\/uploads\/2020\/05\/300x300_tAi-mavic-mini-air-chinh-hang-dji-phu-kien-flycam-3_-_Copy_2.jpg","contentUrl":"https:\/\/phukienflytech.vn\/wp-content\/uploads\/2020\/05\/300x300_tAi-mavic-mini-air-chinh-hang-dji-phu-kien-flycam-3_-_Copy_2.jpg","width":300,"height":300},{"@type":"BreadcrumbList","@id":"https:\/\/phukienflytech.vn\/en\/san-pham\/original-bag-for-mavic-mini.html#breadcrumb","itemListElement":[{"@type":"ListItem","position":1,"name":"Home","item":"https:\/\/phukienflytech.vn\/en"},{"@type":"ListItem","position":2,"name":"Ph\u1ee5 ki\u1ec7n Mavic Pro","item":"https:\/\/phukienflytech.vn\/en\/phu-kien-mavic-pro.html"},{"@type":"ListItem","position":3,"name":"Ph\u1ee5 ki\u1ec7n DJI - Osmo","item":"https:\/\/phukienflytech.vn\/danh-muc\/phu-kien-dji-osmo.html"},{"@type":"ListItem","position":4,"name":"Original bag for Mavic Mini, Air"}]},{"@type":"WebSite","@id":"https:\/\/phukienflytech.vn\/#website","url":"https:\/\/phukienflytech.vn\/","name":"Shop M\u00e1y \u1ea3nh - Action Camera - Gimbal - Flycam - Ph\u1ee5 ki\u1ec7n","description":"Shop M\u00e1y \u1ea3nh - Action Camera - Gimbal - Flycam - Ph\u1ee5 ki\u1ec7n","publisher":{"@id":"https:\/\/phukienflytech.vn\/#organization"},"potentialAction":[{"@type":"SearchAction","target":{"@type":"EntryPoint","urlTemplate":"https:\/\/phukienflytech.vn\/?s={search_term_string}"},"query-input":{"@type":"PropertyValueSpecification","valueRequired":true,"valueName":"search_term_string"}}],"inLanguage":"en-US"},{"@type":"Organization","@id":"https:\/\/phukienflytech.vn\/#organization","name":"DJI Store - Shop Drone, Action camera, Gimbal DJI |Phukienflytech","alternateName":"DJI Store - Shop Drone, Action camera, Gimbal DJI |Phukienflytech","url":"https:\/\/phukienflytech.vn\/","logo":{"@type":"ImageObject","inLanguage":"en-US","@id":"https:\/\/phukienflytech.vn\/#\/schema\/logo\/image\/","url":"https:\/\/phukienflytech.vn\/wp-content\/uploads\/2020\/05\/hAnh_nan.jpg1_.jpg","contentUrl":"https:\/\/phukienflytech.vn\/wp-content\/uploads\/2020\/05\/hAnh_nan.jpg1_.jpg","width":800,"height":450,"caption":"DJI Store - Shop Drone, Action camera, Gimbal DJI |Phukienflytech"},"image":{"@id":"https:\/\/phukienflytech.vn\/#\/schema\/logo\/image\/"},"sameAs":["https:\/\/facebook.com\/phukienflycam","https:\/\/www.youtube.com\/@phukienflytech","https:\/\/www.tiktok.com\/@flytech.channel?fbclid=IwY2xjawGjg7BleHRuA2FlbQIxMAABHYVGmlXpuSMs0UB2zTpYvyT4GMVfN2qJa4urF4vkSQ6FAVBwXZtDP30qQA_aem_UwMiDcUvlEbd2tXAmsc8Og"]}]}},"_links":{"self":[{"href":"https:\/\/phukienflytech.vn\/en\/wp-json\/wp\/v2\/product\/3674","targetHints":{"allow":["GET"]}}],"collection":[{"href":"https:\/\/phukienflytech.vn\/en\/wp-json\/wp\/v2\/product"}],"about":[{"href":"https:\/\/phukienflytech.vn\/en\/wp-json\/wp\/v2\/types\/product"}],"replies":[{"embeddable":true,"href":"https:\/\/phukienflytech.vn\/en\/wp-json\/wp\/v2\/comments?post=3674"}],"wp:featuredmedia":[{"embeddable":true,"href":"https:\/\/phukienflytech.vn\/en\/wp-json\/wp\/v2\/media\/7227"}],"wp:attachment":[{"href":"https:\/\/phukienflytech.vn\/en\/wp-json\/wp\/v2\/media?parent=3674"}],"wp:term":[{"taxonomy":"product_brand","embeddable":true,"href":"https:\/\/phukienflytech.vn\/en\/wp-json\/wp\/v2\/product_brand?post=3674"},{"taxonomy":"product_cat","embeddable":true,"href":"https:\/\/phukienflytech.vn\/en\/wp-json\/wp\/v2\/product_cat?post=3674"},{"taxonomy":"product_tag","embeddable":true,"href":"https:\/\/phukienflytech.vn\/en\/wp-json\/wp\/v2\/product_tag?post=3674"}],"curies":[{"name":"wp","href":"https:\/\/api.w.org\/{rel}","templated":true}]}}