{"id":3684,"date":"2020-06-18T20:59:52","date_gmt":"2020-06-18T13:59:52","guid":{"rendered":"http:\/\/27430.lamdx.vinawebsite.vn\/san-pham\/bo-nep-co-dinh-canh-mavic-air-sunnylife.html"},"modified":"2022-08-21T15:24:15","modified_gmt":"2022-08-21T08:24:15","slug":"mavic-air-propeller-holder","status":"publish","type":"product","link":"https:\/\/phukienflytech.vn\/en\/san-pham\/mavic-air-propeller-holder.html","title":{"rendered":"Mavic Air propeller holder  &#8211; SunnyLife"},"content":{"rendered":"<h2><span style=\"color: #0000ff;\"><em><strong>Mavic Air propeller holder<\/strong> <\/em><\/span><\/h2>\n<p>&nbsp;<\/p>\n<p><span style=\"font-size: 18px;\">Mavic Air propeller holder<\/span><\/p>\n<p><span style=\"font-size: 18px;\">Hi\u1ec7n nay tr\u00ean th\u1ecb tr\u01b0\u1eddng \u0111\u00e3 c\u00f3 nhi\u1ec1u\u00a0<strong><a href=\"https:\/\/phukienflytech.vn\/en\/san-pham\/bo-nep-co-dinh-canh-mavic-2-pro-zoom-pgytech.html\" target=\"_blank\" rel=\"noopener noreferrer\">s\u1ea3n ph\u1ea9m n\u1eb9p c\u1ed1 \u0111\u1ecbnh c\u00e1nh Mavi<\/a>c 2<\/strong>,\u00a0<strong><a href=\"https:\/\/phukienflytech.vn\/en\/san-pham\/bo-nep-co-dinh-canh-mavic-pro-pgytech.html\" target=\"_blank\" rel=\"noopener noreferrer\">n\u1eb9p c\u00e1nh Mavic pro<\/a><\/strong>,\u2026 nh\u1eb1m b\u1ea3o v\u1ec7 t\u1ed1i \u0111a \u0111\u00f4i c\u00e1nh c\u1ee7a b\u1ea1n. Sau m\u1ed9t th\u1eddi gian mong \u0111\u1ee3i th\u00ec DJI Mavic Mini \u0111\u00e3 c\u00f3 cho m\u00ecnh ph\u1ee5 ki\u1ec7n\u00a0<strong>n\u1eb9p c\u00e1nh Mavic Air\u00a0\u2013 SunnyLife<\/strong><\/span><\/p>\n<p>&nbsp;<\/p>\n<p><span style=\"font-size: 18px;\"><img loading=\"lazy\" decoding=\"async\" class=\"alignnone size-medium wp-image-13515\" src=\"https:\/\/phukienflytech.vn\/wp-content\/uploads\/2020\/05\/bo-nep-co-dinh-canh-mavic-air-sunnylife-3675-4-400x400.jpg\" alt=\"\" width=\"400\" height=\"400\" srcset=\"https:\/\/phukienflytech.vn\/wp-content\/uploads\/2020\/05\/bo-nep-co-dinh-canh-mavic-air-sunnylife-3675-4-400x400.jpg 400w, https:\/\/phukienflytech.vn\/wp-content\/uploads\/2020\/05\/bo-nep-co-dinh-canh-mavic-air-sunnylife-3675-4-280x280.jpg 280w, https:\/\/phukienflytech.vn\/wp-content\/uploads\/2020\/05\/bo-nep-co-dinh-canh-mavic-air-sunnylife-3675-4-768x768.jpg 768w, https:\/\/phukienflytech.vn\/wp-content\/uploads\/2020\/05\/bo-nep-co-dinh-canh-mavic-air-sunnylife-3675-4-800x800.jpg 800w, https:\/\/phukienflytech.vn\/wp-content\/uploads\/2020\/05\/bo-nep-co-dinh-canh-mavic-air-sunnylife-3675-4-300x300.jpg 300w, https:\/\/phukienflytech.vn\/wp-content\/uploads\/2020\/05\/bo-nep-co-dinh-canh-mavic-air-sunnylife-3675-4-600x600.jpg 600w, https:\/\/phukienflytech.vn\/wp-content\/uploads\/2020\/05\/bo-nep-co-dinh-canh-mavic-air-sunnylife-3675-4-100x100.jpg 100w, https:\/\/phukienflytech.vn\/wp-content\/uploads\/2020\/05\/bo-nep-co-dinh-canh-mavic-air-sunnylife-3675-4.jpg 1000w\" sizes=\"auto, (max-width: 400px) 100vw, 400px\" \/><\/span><\/p>\n<p>&nbsp;<\/p>\n<p><span style=\"font-size: 18px;\">Khi di chuy\u1ec3n m\u1eb7c d\u00f9 \u0111\u00e3 \u0111\u1ec3 trong\u00a0<strong><a href=\"https:\/\/phukienflytech.vn\/en\/san-pham\/vali-2-tang-sunny-cho-mavic-air-new-phu-kien.html\" target=\"_blank\" rel=\"noopener noreferrer\">vali mavic air<\/a><\/strong>\u00a0hay\u00a0<strong><a href=\"https:\/\/phukienflytech.vn\/en\/san-pham\/tui-deo-mavic-air.html\" target=\"_blank\" rel=\"noopener noreferrer\">t\u00fai mavic ai<\/a>r<\/strong>\u00a0nh\u01b0ng \u0111\u00f4i\u00a0 khi c\u00e1nh c\u1ee7a nh\u1eefng chi\u1ebfc drone c\u1ee7a b\u1ea1n c\u00f3 th\u1ec3 b\u1ecb l\u1ecfng d\u1eabn \u0111\u1ebfn nh\u1eefng h\u01b0 t\u1ed1n, h\u1ecfng h\u00f3c kh\u00f4ng \u0111\u00e1ng c\u00f3. M\u1ed9t trong nh\u1eefng\u00a0<em><strong>ph\u1ee5 ki\u1ec7n mavic air\u00a0<\/strong><\/em>v\u00f4 c\u00f9ng c\u1ea7n thi\u1ebft c\u00f3 th\u1ec3 gi\u1ea3i quy\u1ebft v\u1ea5n \u0111\u1ec1 \u0111\u00f3 m\u1ed9t c\u00e1ch \u0111\u01a1n gi\u1ea3n \u0111\u00f3 ch\u00ednh l\u00e0\u00a0<em><strong>b\u1ed9 n\u1eb9p c\u1ed1 \u0111\u1ecbnh c\u00e1nh mavic air<\/strong><\/em><\/span><\/p>\n<p>&nbsp;<\/p>\n<p><span style=\"font-size: 18px;\"><img loading=\"lazy\" decoding=\"async\" class=\"alignnone size-medium wp-image-13517\" src=\"https:\/\/phukienflytech.vn\/wp-content\/uploads\/2020\/05\/bo-nep-co-dinh-canh-mavic-air-sunnylife-3675-1-1-400x400.jpg\" alt=\"\" width=\"400\" height=\"400\" srcset=\"https:\/\/phukienflytech.vn\/wp-content\/uploads\/2020\/05\/bo-nep-co-dinh-canh-mavic-air-sunnylife-3675-1-1-400x400.jpg 400w, https:\/\/phukienflytech.vn\/wp-content\/uploads\/2020\/05\/bo-nep-co-dinh-canh-mavic-air-sunnylife-3675-1-1-280x280.jpg 280w, https:\/\/phukienflytech.vn\/wp-content\/uploads\/2020\/05\/bo-nep-co-dinh-canh-mavic-air-sunnylife-3675-1-1-768x768.jpg 768w, https:\/\/phukienflytech.vn\/wp-content\/uploads\/2020\/05\/bo-nep-co-dinh-canh-mavic-air-sunnylife-3675-1-1-800x800.jpg 800w, https:\/\/phukienflytech.vn\/wp-content\/uploads\/2020\/05\/bo-nep-co-dinh-canh-mavic-air-sunnylife-3675-1-1-300x300.jpg 300w, https:\/\/phukienflytech.vn\/wp-content\/uploads\/2020\/05\/bo-nep-co-dinh-canh-mavic-air-sunnylife-3675-1-1-600x600.jpg 600w, https:\/\/phukienflytech.vn\/wp-content\/uploads\/2020\/05\/bo-nep-co-dinh-canh-mavic-air-sunnylife-3675-1-1-100x100.jpg 100w, https:\/\/phukienflytech.vn\/wp-content\/uploads\/2020\/05\/bo-nep-co-dinh-canh-mavic-air-sunnylife-3675-1-1.jpg 1000w\" sizes=\"auto, (max-width: 400px) 100vw, 400px\" \/><\/span><\/p>\n<p>&nbsp;<\/p>\n<p><span style=\"font-size: 18px;\">S\u1ea3n ph\u1ea9m \u0111\u01b0\u1ee3c\u00a0<em><strong>h\u00e3ng SunnyLife<\/strong><\/em>\u00a0thi\u1ebft k\u1ebf kh\u00e1 \u0111\u01a1n gi\u1ea3n c\u00f9ng ch\u1ea5t li\u1ec7u sillica gel m\u1ec1m \u00f4m tr\u1ecdn l\u1ea5y thi\u1ebft b\u1ecb gi\u00fap ng\u01b0\u1eddi d\u00f9ng c\u00f3 th\u1ec3 d\u00e0ng s\u1eed d\u1ee5ng m\u00e0 kh\u00f4ng s\u1ee3 l\u00e0m \u1ea3nh h\u01b0\u1edfng g\u00ec \u0111\u1ebfn thi\u1ebft b\u1ecb.<\/span><\/p>\n<h2><span style=\"font-size: 21px;\"><strong><span style=\"color: #0000ff;\">Chi ti\u1ebft\u00a0<em>b\u1ed9 n\u1eb9p c\u1ed1 \u0111\u1ecbnh c\u00e1nh Mavic Air<\/em><\/span><\/strong><\/span><\/h2>\n<p><span style=\"font-size: 18px;\">Tr\u1ecdng l\u01b0\u1ee3ng: 20g<\/span><\/p>\n<p><span style=\"font-size: 18px;\">Ch\u1ea5t li\u1ec7u: sillca gel<\/span><\/p>\n<p><span style=\"font-size: 18px;\">C\u00f4ng d\u1ee5ng: c\u1ed1 \u0111\u1ecbnh c\u00e1nh khi di chuy\u1ec3n<\/span><\/p>\n<p><span style=\"font-size: 18px;\">H\u00e3ng s\u1ea3n xu\u1ea5t: SunnyLife<\/span><\/p>\n<p><span style=\"font-size: 18px;\">M\u00e0u: \u0110\u1ecf<\/span><\/p>\n<p>&nbsp;<\/p>\n<p><span style=\"font-size: 18px;\"><img loading=\"lazy\" decoding=\"async\" class=\"alignnone wp-image-13519 size-medium\" src=\"https:\/\/phukienflytech.vn\/wp-content\/uploads\/2020\/05\/bo-nep-co-dinh-canh-mavic-air-sunnylife-3675-2-1-400x400.jpg\" alt=\"Mavic-Air-propeller-holder -9\" width=\"400\" height=\"400\" srcset=\"https:\/\/phukienflytech.vn\/wp-content\/uploads\/2020\/05\/bo-nep-co-dinh-canh-mavic-air-sunnylife-3675-2-1-400x400.jpg 400w, https:\/\/phukienflytech.vn\/wp-content\/uploads\/2020\/05\/bo-nep-co-dinh-canh-mavic-air-sunnylife-3675-2-1-280x280.jpg 280w, https:\/\/phukienflytech.vn\/wp-content\/uploads\/2020\/05\/bo-nep-co-dinh-canh-mavic-air-sunnylife-3675-2-1-768x768.jpg 768w, https:\/\/phukienflytech.vn\/wp-content\/uploads\/2020\/05\/bo-nep-co-dinh-canh-mavic-air-sunnylife-3675-2-1-800x800.jpg 800w, https:\/\/phukienflytech.vn\/wp-content\/uploads\/2020\/05\/bo-nep-co-dinh-canh-mavic-air-sunnylife-3675-2-1-300x300.jpg 300w, https:\/\/phukienflytech.vn\/wp-content\/uploads\/2020\/05\/bo-nep-co-dinh-canh-mavic-air-sunnylife-3675-2-1-600x600.jpg 600w, https:\/\/phukienflytech.vn\/wp-content\/uploads\/2020\/05\/bo-nep-co-dinh-canh-mavic-air-sunnylife-3675-2-1-100x100.jpg 100w, https:\/\/phukienflytech.vn\/wp-content\/uploads\/2020\/05\/bo-nep-co-dinh-canh-mavic-air-sunnylife-3675-2-1.jpg 1000w\" sizes=\"auto, (max-width: 400px) 100vw, 400px\" \/><\/span><\/p>\n<p>&nbsp;<\/p>\n<p><span style=\"font-size: 18px;\">Ngo\u00e0i\u00a0<strong>ph\u1ee5 ki\u1ec7n Mavic Mini<\/strong>,\u00a0<em><strong>Shop ph\u1ee5 ki\u1ec7n flycam gi\u00e1 t\u1ed1t<\/strong><\/em>\u00a0c\u00f2n cung c\u1ea5p Ph\u1ee5 ki\u1ec7n c\u00e1c d\u00f2ng flycam DJI Phantom, Ph\u1ee5 ki\u1ec7n flycam DJI Mavic,\u2026<\/span><\/p>\n<h2><span style=\"font-size: 21px; color: #0000ff;\"><em><strong>Mua ph\u1ee5 ki\u1ec7n flycam DJI phantom,Mavic,Spark \u1edf \u0111\u00e2u?<\/strong><\/em><\/span><\/h2>\n<p><span style=\"font-size: 18px;\"><em><strong><a href=\"https:\/\/facebook.com\/phukienflycam\" target=\"_blank\" rel=\"noopener noreferrer\">Ph\u1ee5 Ki\u1ec7n Flytech Gi\u00e1 T\u1ed1t<\/a><\/strong><\/em>\u00a0h\u00e2n h\u1ea1nh \u0111em l\u1ea1i c\u00e1c m\u1eabu s\u1ea3n ph\u1ea9m\u00a0<strong>Balo phatom ch\u00ednh h\u00e3ng<\/strong>\u00a0t\u1ed1t nh\u1ea5t ph\u1ee5c v\u1ee5 \u0111am m\u00ea, v\u00e0 c\u00f4ng vi\u1ec7c c\u1ee7a c\u00e1c b\u1ea1n, h\u00e3y \u0111\u1ec3 ch\u00fang t\u00f4i ti\u1ebfp s\u1ee9c \u0111am m\u00ea, c\u00f4ng vi\u1ec7c c\u1ee7a b\u1ea1n, gi\u00fap b\u1ea1n th\u00eam ni\u1ec1m h\u1ee9ng kh\u1edfi trong \u0111am m\u00ea c\u0169ng nh\u01b0 c\u00f4ng vi\u1ec7c c\u1ee7a m\u00ecnh th\u00eam su\u00f4n s\u1ebb<\/span><\/p>\n<p>&nbsp;<\/p>\n<p><span style=\"font-size: 18px;\"><img loading=\"lazy\" decoding=\"async\" class=\"alignnone wp-image-13521 \" src=\"https:\/\/phukienflytech.vn\/wp-content\/uploads\/2020\/05\/bo-nep-co-dinh-canh-mavic-air-sunnylife-3675-3-1-400x400.jpg\" alt=\"Mavic-Air-propeller-holder \" width=\"518\" height=\"518\" srcset=\"https:\/\/phukienflytech.vn\/wp-content\/uploads\/2020\/05\/bo-nep-co-dinh-canh-mavic-air-sunnylife-3675-3-1-400x400.jpg 400w, https:\/\/phukienflytech.vn\/wp-content\/uploads\/2020\/05\/bo-nep-co-dinh-canh-mavic-air-sunnylife-3675-3-1-280x280.jpg 280w, https:\/\/phukienflytech.vn\/wp-content\/uploads\/2020\/05\/bo-nep-co-dinh-canh-mavic-air-sunnylife-3675-3-1-768x768.jpg 768w, https:\/\/phukienflytech.vn\/wp-content\/uploads\/2020\/05\/bo-nep-co-dinh-canh-mavic-air-sunnylife-3675-3-1-800x800.jpg 800w, https:\/\/phukienflytech.vn\/wp-content\/uploads\/2020\/05\/bo-nep-co-dinh-canh-mavic-air-sunnylife-3675-3-1-300x300.jpg 300w, https:\/\/phukienflytech.vn\/wp-content\/uploads\/2020\/05\/bo-nep-co-dinh-canh-mavic-air-sunnylife-3675-3-1-600x600.jpg 600w, https:\/\/phukienflytech.vn\/wp-content\/uploads\/2020\/05\/bo-nep-co-dinh-canh-mavic-air-sunnylife-3675-3-1-100x100.jpg 100w, https:\/\/phukienflytech.vn\/wp-content\/uploads\/2020\/05\/bo-nep-co-dinh-canh-mavic-air-sunnylife-3675-3-1.jpg 1000w\" sizes=\"auto, (max-width: 518px) 100vw, 518px\" \/><\/span><\/p>\n<p>&nbsp;<\/p>\n<p><span style=\"font-size: 18px;\">Ch\u00fang t\u00f4i chuy\u00ean cung c\u1ea5p h\u1ea7u h\u1ebft t\u1ea5t c\u00e1c c\u00e1c ph\u1ee5 ki\u1ec7n flycam DJI c\u1ee7a Phantom 3,4 series, Mavic series, DJI Spark v\u00e0 inspire 1<\/span><\/p>\n<p><span style=\"font-size: 18px;\">H\u00e3y \u0111\u1ec3\u00a0<strong><a href=\"https:\/\/facebook.com\/phukienflycam\/\" target=\"_blank\" rel=\"noopener noreferrer\">Ph\u1ee5 Ki\u1ec7n Fly-cam Gi\u00e1 T\u1ed1t<\/a><\/strong>\u00a0ti\u1ebfp s\u1ee9c \u0111am m\u00ea, c\u00f4ng vi\u1ec7c c\u1ee7a b\u1ea1n, gi\u00fap b\u1ea1n th\u00eam ni\u1ec1m h\u1ee9ng kh\u1edfi trong \u0111am m\u00ea c\u0169ng nh\u01b0 c\u00f4ng vi\u1ec7c c\u1ee7a m\u00ecnh th\u00eam su\u00f4n s\u1ebb<\/span><\/p>\n<p>&nbsp;<\/p>\n","protected":false},"excerpt":{"rendered":"<p>Mavic Air propeller holder &nbsp; Mavic Air propeller holder Hi\u1ec7n nay tr\u00ean th\u1ecb tr\u01b0\u1eddng \u0111\u00e3 c\u00f3 nhi\u1ec1u\u00a0s\u1ea3n ph\u1ea9m n\u1eb9p c\u1ed1 \u0111\u1ecbnh c\u00e1nh Mavic 2,\u00a0n\u1eb9p c\u00e1nh Mavic pro,\u2026 nh\u1eb1m b\u1ea3o v\u1ec7 t\u1ed1i \u0111a \u0111\u00f4i c\u00e1nh c\u1ee7a b\u1ea1n. Sau m\u1ed9t th\u1eddi gian mong \u0111\u1ee3i th\u00ec DJI Mavic Mini \u0111\u00e3 c\u00f3 cho m\u00ecnh ph\u1ee5 ki\u1ec7n\u00a0n\u1eb9p c\u00e1nh Mavic Air\u00a0\u2013 &#8230;<\/p>\n","protected":false},"featured_media":7225,"comment_status":"open","ping_status":"closed","template":"","meta":{"_acf_changed":false},"product_brand":[],"product_cat":[180],"product_tag":[206,255],"class_list":{"0":"post-3684","1":"product","2":"type-product","3":"status-publish","4":"has-post-thumbnail","6":"product_cat-mavic-air-accessory","7":"product_tag-phu-kien-dji-en","8":"product_tag-phu-kien-dji-mavic-air-en","10":"first","11":"instock","12":"shipping-taxable","13":"purchasable","14":"product-type-simple"},"acf":[],"yoast_head":"<!-- This site is optimized with the Yoast SEO plugin v25.7 - https:\/\/yoast.com\/wordpress\/plugins\/seo\/ -->\n<title>Mavic Air propeller holder - Mavic Air accessory - Available - Original<\/title>\n<meta name=\"description\" content=\"Mavic Air propeller holder is one of the most important accessory. Contact us to buy Mavic Air propeller holder for best price, fast shipping\" \/>\n<meta name=\"robots\" content=\"index, follow, max-snippet:-1, max-image-preview:large, max-video-preview:-1\" \/>\n<link rel=\"canonical\" href=\"https:\/\/phukienflytech.vn\/en\/san-pham\/mavic-air-propeller-holder.html\" \/>\n<meta property=\"og:locale\" content=\"en_US\" \/>\n<meta property=\"og:type\" content=\"article\" \/>\n<meta property=\"og:title\" content=\"Mavic Air propeller holder - Mavic Air accessory - Available - Original\" \/>\n<meta property=\"og:description\" content=\"Mavic Air propeller holder is one of the most important accessory. Contact us to buy Mavic Air propeller holder for best price, fast shipping\" \/>\n<meta property=\"og:url\" content=\"https:\/\/phukienflytech.vn\/en\/san-pham\/mavic-air-propeller-holder.html\" \/>\n<meta property=\"og:site_name\" content=\"Shop M\u00e1y \u1ea3nh - Action Camera - Gimbal - Flycam - Ph\u1ee5 ki\u1ec7n\" \/>\n<meta property=\"article:publisher\" content=\"https:\/\/facebook.com\/phukienflycam\" \/>\n<meta property=\"article:modified_time\" content=\"2022-08-21T08:24:15+00:00\" \/>\n<meta property=\"og:image\" content=\"https:\/\/phukienflytech.vn\/wp-content\/uploads\/2020\/05\/300x300_sac-mavic-air-hub-charging-phu-kien-flycam-dji-mavic-air-dji-chinh-hang81_-_Copy.jpg\" \/>\n\t<meta property=\"og:image:width\" content=\"300\" \/>\n\t<meta property=\"og:image:height\" content=\"300\" \/>\n\t<meta property=\"og:image:type\" content=\"image\/jpeg\" \/>\n<meta name=\"twitter:card\" content=\"summary_large_image\" \/>\n<meta name=\"twitter:label1\" content=\"Est. reading time\" \/>\n\t<meta name=\"twitter:data1\" content=\"3 minutes\" \/>\n<script type=\"application\/ld+json\" class=\"yoast-schema-graph\">{\"@context\":\"https:\/\/schema.org\",\"@graph\":[{\"@type\":\"WebPage\",\"@id\":\"https:\/\/phukienflytech.vn\/en\/san-pham\/mavic-air-propeller-holder.html\",\"url\":\"https:\/\/phukienflytech.vn\/en\/san-pham\/mavic-air-propeller-holder.html\",\"name\":\"Mavic Air propeller holder - Mavic Air accessory - Available - Original\",\"isPartOf\":{\"@id\":\"https:\/\/phukienflytech.vn\/#website\"},\"primaryImageOfPage\":{\"@id\":\"https:\/\/phukienflytech.vn\/en\/san-pham\/mavic-air-propeller-holder.html#primaryimage\"},\"image\":{\"@id\":\"https:\/\/phukienflytech.vn\/en\/san-pham\/mavic-air-propeller-holder.html#primaryimage\"},\"thumbnailUrl\":\"https:\/\/phukienflytech.vn\/wp-content\/uploads\/2020\/05\/300x300_sac-mavic-air-hub-charging-phu-kien-flycam-dji-mavic-air-dji-chinh-hang81_-_Copy.jpg\",\"datePublished\":\"2020-06-18T13:59:52+00:00\",\"dateModified\":\"2022-08-21T08:24:15+00:00\",\"description\":\"Mavic Air propeller holder is one of the most important accessory. Contact us to buy Mavic Air propeller holder for best price, fast shipping\",\"breadcrumb\":{\"@id\":\"https:\/\/phukienflytech.vn\/en\/san-pham\/mavic-air-propeller-holder.html#breadcrumb\"},\"inLanguage\":\"en-US\",\"potentialAction\":[{\"@type\":\"ReadAction\",\"target\":[\"https:\/\/phukienflytech.vn\/en\/san-pham\/mavic-air-propeller-holder.html\"]}]},{\"@type\":\"ImageObject\",\"inLanguage\":\"en-US\",\"@id\":\"https:\/\/phukienflytech.vn\/en\/san-pham\/mavic-air-propeller-holder.html#primaryimage\",\"url\":\"https:\/\/phukienflytech.vn\/wp-content\/uploads\/2020\/05\/300x300_sac-mavic-air-hub-charging-phu-kien-flycam-dji-mavic-air-dji-chinh-hang81_-_Copy.jpg\",\"contentUrl\":\"https:\/\/phukienflytech.vn\/wp-content\/uploads\/2020\/05\/300x300_sac-mavic-air-hub-charging-phu-kien-flycam-dji-mavic-air-dji-chinh-hang81_-_Copy.jpg\",\"width\":300,\"height\":300},{\"@type\":\"BreadcrumbList\",\"@id\":\"https:\/\/phukienflytech.vn\/en\/san-pham\/mavic-air-propeller-holder.html#breadcrumb\",\"itemListElement\":[{\"@type\":\"ListItem\",\"position\":1,\"name\":\"Home\",\"item\":\"https:\/\/phukienflytech.vn\/en\"},{\"@type\":\"ListItem\",\"position\":2,\"name\":\"Ph\u1ee5 ki\u1ec7n Mavic Pro\",\"item\":\"https:\/\/phukienflytech.vn\/en\/phu-kien-mavic-pro.html\"},{\"@type\":\"ListItem\",\"position\":3,\"name\":\"DJI Osmo &amp; Drone's accessories\",\"item\":\"https:\/\/phukienflytech.vn\/en\/danh-muc\/dji-osmo-drones-accessories.html\"},{\"@type\":\"ListItem\",\"position\":4,\"name\":\"Ph\u1ee5 ki\u1ec7n flycam Mavic Air\",\"item\":\"https:\/\/phukienflytech.vn\/en\/danh-muc\/mavic-air-accessory.html\"},{\"@type\":\"ListItem\",\"position\":5,\"name\":\"Mavic Air propeller holder &#8211; SunnyLife\"}]},{\"@type\":\"WebSite\",\"@id\":\"https:\/\/phukienflytech.vn\/#website\",\"url\":\"https:\/\/phukienflytech.vn\/\",\"name\":\"Shop M\u00e1y \u1ea3nh - Action Camera - Gimbal - Flycam - Ph\u1ee5 ki\u1ec7n\",\"description\":\"Shop M\u00e1y \u1ea3nh - Action Camera - Gimbal - Flycam - Ph\u1ee5 ki\u1ec7n\",\"publisher\":{\"@id\":\"https:\/\/phukienflytech.vn\/#organization\"},\"potentialAction\":[{\"@type\":\"SearchAction\",\"target\":{\"@type\":\"EntryPoint\",\"urlTemplate\":\"https:\/\/phukienflytech.vn\/?s={search_term_string}\"},\"query-input\":{\"@type\":\"PropertyValueSpecification\",\"valueRequired\":true,\"valueName\":\"search_term_string\"}}],\"inLanguage\":\"en-US\"},{\"@type\":\"Organization\",\"@id\":\"https:\/\/phukienflytech.vn\/#organization\",\"name\":\"DJI Store - Shop Drone, Action camera, Gimbal DJI |Phukienflytech\",\"alternateName\":\"DJI Store - Shop Drone, Action camera, Gimbal DJI |Phukienflytech\",\"url\":\"https:\/\/phukienflytech.vn\/\",\"logo\":{\"@type\":\"ImageObject\",\"inLanguage\":\"en-US\",\"@id\":\"https:\/\/phukienflytech.vn\/#\/schema\/logo\/image\/\",\"url\":\"https:\/\/phukienflytech.vn\/wp-content\/uploads\/2020\/05\/hAnh_nan.jpg1_.jpg\",\"contentUrl\":\"https:\/\/phukienflytech.vn\/wp-content\/uploads\/2020\/05\/hAnh_nan.jpg1_.jpg\",\"width\":800,\"height\":450,\"caption\":\"DJI Store - Shop Drone, Action camera, Gimbal DJI |Phukienflytech\"},\"image\":{\"@id\":\"https:\/\/phukienflytech.vn\/#\/schema\/logo\/image\/\"},\"sameAs\":[\"https:\/\/facebook.com\/phukienflycam\",\"https:\/\/www.youtube.com\/@phukienflytech\",\"https:\/\/www.tiktok.com\/@flytech.channel?fbclid=IwY2xjawGjg7BleHRuA2FlbQIxMAABHYVGmlXpuSMs0UB2zTpYvyT4GMVfN2qJa4urF4vkSQ6FAVBwXZtDP30qQA_aem_UwMiDcUvlEbd2tXAmsc8Og\"]}]}<\/script>\n<!-- \/ Yoast SEO plugin. -->","yoast_head_json":{"title":"Mavic Air propeller holder - Mavic Air accessory - Available - Original","description":"Mavic Air propeller holder is one of the most important accessory. Contact us to buy Mavic Air propeller holder for best price, fast shipping","robots":{"index":"index","follow":"follow","max-snippet":"max-snippet:-1","max-image-preview":"max-image-preview:large","max-video-preview":"max-video-preview:-1"},"canonical":"https:\/\/phukienflytech.vn\/en\/san-pham\/mavic-air-propeller-holder.html","og_locale":"en_US","og_type":"article","og_title":"Mavic Air propeller holder - Mavic Air accessory - Available - Original","og_description":"Mavic Air propeller holder is one of the most important accessory. Contact us to buy Mavic Air propeller holder for best price, fast shipping","og_url":"https:\/\/phukienflytech.vn\/en\/san-pham\/mavic-air-propeller-holder.html","og_site_name":"Shop M\u00e1y \u1ea3nh - Action Camera - Gimbal - Flycam - Ph\u1ee5 ki\u1ec7n","article_publisher":"https:\/\/facebook.com\/phukienflycam","article_modified_time":"2022-08-21T08:24:15+00:00","og_image":[{"width":300,"height":300,"url":"https:\/\/phukienflytech.vn\/wp-content\/uploads\/2020\/05\/300x300_sac-mavic-air-hub-charging-phu-kien-flycam-dji-mavic-air-dji-chinh-hang81_-_Copy.jpg","type":"image\/jpeg"}],"twitter_card":"summary_large_image","twitter_misc":{"Est. reading time":"3 minutes"},"schema":{"@context":"https:\/\/schema.org","@graph":[{"@type":"WebPage","@id":"https:\/\/phukienflytech.vn\/en\/san-pham\/mavic-air-propeller-holder.html","url":"https:\/\/phukienflytech.vn\/en\/san-pham\/mavic-air-propeller-holder.html","name":"Mavic Air propeller holder - Mavic Air accessory - Available - Original","isPartOf":{"@id":"https:\/\/phukienflytech.vn\/#website"},"primaryImageOfPage":{"@id":"https:\/\/phukienflytech.vn\/en\/san-pham\/mavic-air-propeller-holder.html#primaryimage"},"image":{"@id":"https:\/\/phukienflytech.vn\/en\/san-pham\/mavic-air-propeller-holder.html#primaryimage"},"thumbnailUrl":"https:\/\/phukienflytech.vn\/wp-content\/uploads\/2020\/05\/300x300_sac-mavic-air-hub-charging-phu-kien-flycam-dji-mavic-air-dji-chinh-hang81_-_Copy.jpg","datePublished":"2020-06-18T13:59:52+00:00","dateModified":"2022-08-21T08:24:15+00:00","description":"Mavic Air propeller holder is one of the most important accessory. Contact us to buy Mavic Air propeller holder for best price, fast shipping","breadcrumb":{"@id":"https:\/\/phukienflytech.vn\/en\/san-pham\/mavic-air-propeller-holder.html#breadcrumb"},"inLanguage":"en-US","potentialAction":[{"@type":"ReadAction","target":["https:\/\/phukienflytech.vn\/en\/san-pham\/mavic-air-propeller-holder.html"]}]},{"@type":"ImageObject","inLanguage":"en-US","@id":"https:\/\/phukienflytech.vn\/en\/san-pham\/mavic-air-propeller-holder.html#primaryimage","url":"https:\/\/phukienflytech.vn\/wp-content\/uploads\/2020\/05\/300x300_sac-mavic-air-hub-charging-phu-kien-flycam-dji-mavic-air-dji-chinh-hang81_-_Copy.jpg","contentUrl":"https:\/\/phukienflytech.vn\/wp-content\/uploads\/2020\/05\/300x300_sac-mavic-air-hub-charging-phu-kien-flycam-dji-mavic-air-dji-chinh-hang81_-_Copy.jpg","width":300,"height":300},{"@type":"BreadcrumbList","@id":"https:\/\/phukienflytech.vn\/en\/san-pham\/mavic-air-propeller-holder.html#breadcrumb","itemListElement":[{"@type":"ListItem","position":1,"name":"Home","item":"https:\/\/phukienflytech.vn\/en"},{"@type":"ListItem","position":2,"name":"Ph\u1ee5 ki\u1ec7n Mavic Pro","item":"https:\/\/phukienflytech.vn\/en\/phu-kien-mavic-pro.html"},{"@type":"ListItem","position":3,"name":"DJI Osmo &amp; Drone's accessories","item":"https:\/\/phukienflytech.vn\/en\/danh-muc\/dji-osmo-drones-accessories.html"},{"@type":"ListItem","position":4,"name":"Ph\u1ee5 ki\u1ec7n flycam Mavic Air","item":"https:\/\/phukienflytech.vn\/en\/danh-muc\/mavic-air-accessory.html"},{"@type":"ListItem","position":5,"name":"Mavic Air propeller holder &#8211; SunnyLife"}]},{"@type":"WebSite","@id":"https:\/\/phukienflytech.vn\/#website","url":"https:\/\/phukienflytech.vn\/","name":"Shop M\u00e1y \u1ea3nh - Action Camera - Gimbal - Flycam - Ph\u1ee5 ki\u1ec7n","description":"Shop M\u00e1y \u1ea3nh - Action Camera - Gimbal - Flycam - Ph\u1ee5 ki\u1ec7n","publisher":{"@id":"https:\/\/phukienflytech.vn\/#organization"},"potentialAction":[{"@type":"SearchAction","target":{"@type":"EntryPoint","urlTemplate":"https:\/\/phukienflytech.vn\/?s={search_term_string}"},"query-input":{"@type":"PropertyValueSpecification","valueRequired":true,"valueName":"search_term_string"}}],"inLanguage":"en-US"},{"@type":"Organization","@id":"https:\/\/phukienflytech.vn\/#organization","name":"DJI Store - Shop Drone, Action camera, Gimbal DJI |Phukienflytech","alternateName":"DJI Store - Shop Drone, Action camera, Gimbal DJI |Phukienflytech","url":"https:\/\/phukienflytech.vn\/","logo":{"@type":"ImageObject","inLanguage":"en-US","@id":"https:\/\/phukienflytech.vn\/#\/schema\/logo\/image\/","url":"https:\/\/phukienflytech.vn\/wp-content\/uploads\/2020\/05\/hAnh_nan.jpg1_.jpg","contentUrl":"https:\/\/phukienflytech.vn\/wp-content\/uploads\/2020\/05\/hAnh_nan.jpg1_.jpg","width":800,"height":450,"caption":"DJI Store - Shop Drone, Action camera, Gimbal DJI |Phukienflytech"},"image":{"@id":"https:\/\/phukienflytech.vn\/#\/schema\/logo\/image\/"},"sameAs":["https:\/\/facebook.com\/phukienflycam","https:\/\/www.youtube.com\/@phukienflytech","https:\/\/www.tiktok.com\/@flytech.channel?fbclid=IwY2xjawGjg7BleHRuA2FlbQIxMAABHYVGmlXpuSMs0UB2zTpYvyT4GMVfN2qJa4urF4vkSQ6FAVBwXZtDP30qQA_aem_UwMiDcUvlEbd2tXAmsc8Og"]}]}},"_links":{"self":[{"href":"https:\/\/phukienflytech.vn\/en\/wp-json\/wp\/v2\/product\/3684","targetHints":{"allow":["GET"]}}],"collection":[{"href":"https:\/\/phukienflytech.vn\/en\/wp-json\/wp\/v2\/product"}],"about":[{"href":"https:\/\/phukienflytech.vn\/en\/wp-json\/wp\/v2\/types\/product"}],"replies":[{"embeddable":true,"href":"https:\/\/phukienflytech.vn\/en\/wp-json\/wp\/v2\/comments?post=3684"}],"wp:featuredmedia":[{"embeddable":true,"href":"https:\/\/phukienflytech.vn\/en\/wp-json\/wp\/v2\/media\/7225"}],"wp:attachment":[{"href":"https:\/\/phukienflytech.vn\/en\/wp-json\/wp\/v2\/media?parent=3684"}],"wp:term":[{"taxonomy":"product_brand","embeddable":true,"href":"https:\/\/phukienflytech.vn\/en\/wp-json\/wp\/v2\/product_brand?post=3684"},{"taxonomy":"product_cat","embeddable":true,"href":"https:\/\/phukienflytech.vn\/en\/wp-json\/wp\/v2\/product_cat?post=3684"},{"taxonomy":"product_tag","embeddable":true,"href":"https:\/\/phukienflytech.vn\/en\/wp-json\/wp\/v2\/product_tag?post=3684"}],"curies":[{"name":"wp","href":"https:\/\/api.w.org\/{rel}","templated":true}]}}