{"id":3712,"date":"2020-06-18T06:30:55","date_gmt":"2020-06-17T23:30:55","guid":{"rendered":"http:\/\/27430.lamdx.vinawebsite.vn\/san-pham\/gia-gan-mavic-2-voi-action-camera-pgytech.html"},"modified":"2021-01-14T11:44:27","modified_gmt":"2021-01-14T04:44:27","slug":"mavic-2-mount-with-action-camera","status":"publish","type":"product","link":"https:\/\/phukienflytech.vn\/en\/san-pham\/mavic-2-mount-with-action-camera.html","title":{"rendered":"Mavic 2 mount with Action camera &#8211; PGYtech"},"content":{"rendered":"<h2><span style=\"color: #0000ff;\"><em><strong>Mavic 2 mount with Action camera<\/strong><\/em><\/span><\/h2>\n<p>&nbsp;<\/p>\n<p><span style=\"font-size: 18px;\">Mavic 2 mount with Action camera<\/span><\/p>\n<p><span style=\"font-size: 18px;\"><strong>Connector Mavic 2 pro zoom with action camera.<\/strong><\/span><\/p>\n<p><span style=\"font-size: 18px;\">Nhu c\u1ea7u quay phim, ch\u1ee5p h\u00ecnh ng\u00e0y c\u00e0ng tr\u1edf l\u00ean nhi\u1ec1u h\u01a1n bao gi\u1edd h\u1ebft, \u0111\u1eb7c bi\u1ec7t l\u00e0 quay ch\u1ee5p v\u1edbi nh\u1eefng g\u00f3c nh\u00ecn m\u1edbi l\u1ea1 t\u1eeb tr\u00ean cao, vi\u1ec7c trang b\u1ecb cho b\u1ea3n th\u00e2n m\u1ed9t chi\u1ebfc flycam v\u1edbi ch\u1ea5t l\u01b0\u1ee3ng quay film 4K c\u00f3 kh\u1ea3 n\u0103ng ch\u1ed1ng rung tuy\u1ec7t v\u1eddi \u0111ang d\u1ea7n tr\u1edf th\u00e0nh m\u1ed9t xu th\u1ebf v\u00f4 c\u00f9ng ph\u1ed5 bi\u1ebfn.<\/span><\/p>\n<h2><span style=\"font-size: 20px; color: #0000ff;\"><strong><img loading=\"lazy\" decoding=\"async\" class=\"alignnone wp-image-12189\" src=\"https:\/\/phukienflytech.vn\/wp-content\/uploads\/2020\/05\/gia-gan-mavic-2-voi-action-camera-pgytech-3698-5-800x360.jpg\" alt=\"\" width=\"491\" height=\"221\" srcset=\"https:\/\/phukienflytech.vn\/wp-content\/uploads\/2020\/05\/gia-gan-mavic-2-voi-action-camera-pgytech-3698-5.jpg 800w, https:\/\/phukienflytech.vn\/wp-content\/uploads\/2020\/05\/gia-gan-mavic-2-voi-action-camera-pgytech-3698-5-768x346.jpg 768w, https:\/\/phukienflytech.vn\/wp-content\/uploads\/2020\/05\/gia-gan-mavic-2-voi-action-camera-pgytech-3698-5-600x270.jpg 600w\" sizes=\"auto, (max-width: 491px) 100vw, 491px\" \/><\/strong><\/span><\/h2>\n<p>&nbsp;<\/p>\n<p><span style=\"font-size: 18px;\">Ch\u00fang ta ai c\u0169ng mu\u1ed1n s\u1edf h\u1eefu m\u1ed9t chi\u1ebfc \u0111\u1ec3 c\u00f3 th\u1ec3 mang \u0111i \u0111\u1ebfn nh\u1eefng n\u01a1i c\u00f3 th\u1ec3 \u0111em l\u1ea1i nh\u1eefng b\u1ee9c h\u00ecnh, th\u01b0\u1edbc film th\u1eadt \u0111\u1eb9p. V\u00e0 th\u1eadt tuy\u1ec7t v\u1eddi h\u01a1n l\u00e0 khi b\u1ea1n l\u1ea1i \u0111\u01b0\u1ee3c s\u1edf h\u1eefu m\u1ed9t chi\u1ebfc flycam c\u1ee7a h\u00e3ng DJI, \u0111\u1eb7c bi\u1ec7t l\u00e0\u00a0<em><strong>DJI Mavic 2 pro zoom<\/strong><\/em> &#8211; m\u1ed9t chi\u1ebfc flycam tuy\u1ec7t v\u1eddi, nh\u1ecf g\u1ecdn v\u00e0 v\u00f4 c\u00f9ng th\u00f4ng minh, ch\u1ea5t l\u01b0\u1ee3ng quay ch\u1ee5p kh\u00f3 l\u00e0m ng\u01b0\u1eddi kh\u00e1c c\u1ea3m th\u1ea5y th\u1ea5t v\u1ecdng. H\u00e3y k\u1ebft h\u1ee3p mavic 2 v\u1edbi m\u1ed9t chi\u1ebfc camera c\u00f3 kh\u1ea3 n\u0103ng quay 360 \u0111\u1ed9 t\u1ea1o c\u1ea3m gi\u00e1c to\u00e0n c\u1ea3nh h\u1ea5p d\u1eabn c\u00f9ng <strong>gi\u00e1 g\u1eafn camera v\u00e0 mavic 2.<\/strong><\/span><\/p>\n<p>&nbsp;<\/p>\n<h2><span style=\"font-size: 20px; color: #0000ff;\"><strong><img loading=\"lazy\" decoding=\"async\" class=\"alignnone wp-image-12191\" src=\"https:\/\/phukienflytech.vn\/wp-content\/uploads\/2020\/05\/gia-gan-mavic-2-voi-action-camera-pgytech-3698-1-1-775x400.jpg\" alt=\"Mavic-2-mount-with-Action-camera-9\" width=\"453\" height=\"234\" srcset=\"https:\/\/phukienflytech.vn\/wp-content\/uploads\/2020\/05\/gia-gan-mavic-2-voi-action-camera-pgytech-3698-1-1-775x400.jpg 775w, https:\/\/phukienflytech.vn\/wp-content\/uploads\/2020\/05\/gia-gan-mavic-2-voi-action-camera-pgytech-3698-1-1-768x396.jpg 768w, https:\/\/phukienflytech.vn\/wp-content\/uploads\/2020\/05\/gia-gan-mavic-2-voi-action-camera-pgytech-3698-1-1-600x310.jpg 600w, https:\/\/phukienflytech.vn\/wp-content\/uploads\/2020\/05\/gia-gan-mavic-2-voi-action-camera-pgytech-3698-1-1.jpg 876w\" sizes=\"auto, (max-width: 453px) 100vw, 453px\" \/><\/strong><\/span><\/h2>\n<p>&nbsp;<\/p>\n<p><span style=\"font-size: 18px;\">N\u1ebfu b\u1ea1n l\u00e0 ng\u01b0\u1eddi th\u00edch nh\u1eefng b\u1ee9c h\u00ecnh 360 \u0111\u1ed9 mang t\u1edbi nh\u1eefng tr\u1ea3i nghi\u1ec7m h\u00ecnh \u1ea3nh \u1edf m\u1ed9t t\u1ea7m cao m\u1edbi, ch\u1eafc h\u1eb3n b\u1ea1n s\u1ebd kh\u00f4ng th\u1ec3 b\u1ecf qua vi\u1ec7c k\u1ebft h\u1ee3p m\u1ed9t thi\u1ebft b\u1ecb bay tr\u00ean cao v\u1edbi chi\u1ebfc action camera v\u1edbi ch\u1ea5t l\u01b0\u1ee3ng quay ch\u1ee5p v\u00f4 \u0111\u1ed1i c\u1ee7a m\u00ecnh nh\u01b0 Gopro Hero series.<\/span><\/p>\n<p>&nbsp;<\/p>\n<h2><span style=\"font-size: 21px; color: #0000ff;\"><strong>Connector Mavic 2 pro zoom with action camera.<\/strong><\/span><\/h2>\n<h2><span style=\"font-size: 20px; color: #0000ff;\"><strong><img loading=\"lazy\" decoding=\"async\" class=\"alignnone wp-image-12193 size-medium\" src=\"https:\/\/phukienflytech.vn\/wp-content\/uploads\/2020\/05\/gia-gan-mavic-2-voi-action-camera-pgytech-3698-2-1-400x400.jpg\" alt=\"Mavic-2-mount-with-Action-camera\" width=\"400\" height=\"400\" srcset=\"https:\/\/phukienflytech.vn\/wp-content\/uploads\/2020\/05\/gia-gan-mavic-2-voi-action-camera-pgytech-3698-2-1-400x400.jpg 400w, https:\/\/phukienflytech.vn\/wp-content\/uploads\/2020\/05\/gia-gan-mavic-2-voi-action-camera-pgytech-3698-2-1-280x280.jpg 280w, https:\/\/phukienflytech.vn\/wp-content\/uploads\/2020\/05\/gia-gan-mavic-2-voi-action-camera-pgytech-3698-2-1-300x300.jpg 300w, https:\/\/phukienflytech.vn\/wp-content\/uploads\/2020\/05\/gia-gan-mavic-2-voi-action-camera-pgytech-3698-2-1-100x100.jpg 100w, https:\/\/phukienflytech.vn\/wp-content\/uploads\/2020\/05\/gia-gan-mavic-2-voi-action-camera-pgytech-3698-2-1.jpg 498w\" sizes=\"auto, (max-width: 400px) 100vw, 400px\" \/><\/strong><\/span><\/h2>\n<p><span style=\"font-size: 18px;\">Ph\u1ed5 bi\u1ebfn nh\u1ea5t hi\u1ec7n nay l\u00e0 s\u1ef1 k\u1ebft h\u1ee3p gi\u1eefa DJI Mavic 2 pro zoom v\u1edbi Gopro Hero Black 7, ho\u1eb7c nh\u1eefng chi\u1ebfc camera gimbal kh\u00e1c c\u00f3 ch\u1ea5t l\u01b0\u1ee3ng h\u00ecnh \u1ea3nh tuy\u1ec7t v\u1eddi kh\u00f4ng k\u00e9m Gopro camera. h\u00e3y d\u00f9ng ng\u00e0y\u00a0<em><strong>Connector Mavic 2 pro zoom with Hero Black<\/strong><\/em><\/span><\/p>\n<p>&nbsp;<\/p>\n<p><span style=\"font-size: 18px;\">\u00a0&gt;&gt; Xem th\u00eam: <span style=\"color: #0000ff;\"><strong><a style=\"color: #0000ff;\" href=\"https:\/\/phukienflytech.vn\/en\/danh-muc\/mavic-2s-accessory.html\" target=\"_blank\" rel=\"noopener noreferrer\">Ph\u1ee5 ki\u1ec7n mavic 2<\/a><\/strong><\/span><\/span><\/p>\n<p>&nbsp;<\/p>\n<p><span style=\"font-size: 18px;\">M\u1ed9t v\u00e0i s\u1ef1 s\u00e1ng t\u1ea1o kh\u00e1c nh\u01b0 g\u1eafn nh\u1eefng chi\u1ebfc \u0111\u00e8n Flash LED c\u00f3 \u0111\u1ed9 s\u00e1ng cao \u0111\u1ec3 ph\u1ee5c ph\u1ee5 nh\u1eefng c\u1ea3nh quay \u0111\u00eam t\u1ed1i<\/span><\/p>\n<h2><span style=\"font-size: 20px; color: #0000ff;\"><strong><img loading=\"lazy\" decoding=\"async\" class=\"alignnone size-medium wp-image-12195\" src=\"https:\/\/phukienflytech.vn\/wp-content\/uploads\/2020\/05\/gia-gan-mavic-2-voi-action-camera-pgytech-3698-4-1.jpg\" alt=\"\" width=\"700\" height=\"276\" srcset=\"https:\/\/phukienflytech.vn\/wp-content\/uploads\/2020\/05\/gia-gan-mavic-2-voi-action-camera-pgytech-3698-4-1.jpg 700w, https:\/\/phukienflytech.vn\/wp-content\/uploads\/2020\/05\/gia-gan-mavic-2-voi-action-camera-pgytech-3698-4-1-600x237.jpg 600w\" sizes=\"auto, (max-width: 700px) 100vw, 700px\" \/><\/strong><\/span><\/h2>\n<p>&nbsp;<\/p>\n<p><span style=\"font-size: 18px;\">&gt;&gt; Li\u00ean h\u1ec7 ch\u00fang t\u00f4i qua: <span style=\"color: #0000ff;\"><strong><a style=\"color: #0000ff;\" href=\"https:\/\/fb.com\/phukienflycam\" target=\"_blank\" rel=\"noopener noreferrer\">Fanpage<\/a><\/strong><\/span><\/span><\/p>\n","protected":false},"excerpt":{"rendered":"<p>Mavic 2 mount with Action camera &nbsp; Mavic 2 mount with Action camera Connector Mavic 2 pro zoom with action camera. Nhu c\u1ea7u quay phim, ch\u1ee5p h\u00ecnh ng\u00e0y c\u00e0ng tr\u1edf l\u00ean nhi\u1ec1u h\u01a1n bao gi\u1edd h\u1ebft, \u0111\u1eb7c bi\u1ec7t l\u00e0 quay ch\u1ee5p v\u1edbi nh\u1eefng g\u00f3c nh\u00ecn m\u1edbi l\u1ea1 t\u1eeb tr\u00ean cao, vi\u1ec7c trang b\u1ecb cho b\u1ea3n &#8230;<\/p>\n","protected":false},"featured_media":3700,"comment_status":"open","ping_status":"closed","template":"","meta":{"_acf_changed":false},"product_brand":[],"product_cat":[177],"product_tag":[206,209],"class_list":{"0":"post-3712","1":"product","2":"type-product","3":"status-publish","4":"has-post-thumbnail","6":"product_cat-mavic-2s-accessory","7":"product_tag-phu-kien-dji-en","8":"product_tag-phu-kien-mavic-2-en","10":"first","11":"instock","12":"shipping-taxable","13":"purchasable","14":"product-type-simple"},"acf":[],"yoast_head":"<!-- This site is optimized with the Yoast SEO plugin v25.7 - https:\/\/yoast.com\/wordpress\/plugins\/seo\/ -->\n<title>Mavic 2 mount with Action camera - Mavic 2 accessory - Available<\/title>\n<meta name=\"description\" content=\"Mavic 2 mount with Action camera is one of the most important accessory. Contact us to buy Mavic 2 mount with Action camera for best price\" \/>\n<meta name=\"robots\" content=\"index, follow, max-snippet:-1, max-image-preview:large, max-video-preview:-1\" \/>\n<link rel=\"canonical\" href=\"https:\/\/phukienflytech.vn\/en\/san-pham\/mavic-2-mount-with-action-camera.html\" \/>\n<meta property=\"og:locale\" content=\"en_US\" \/>\n<meta property=\"og:type\" content=\"article\" \/>\n<meta property=\"og:title\" content=\"Mavic 2 mount with Action camera - Mavic 2 accessory - Available\" \/>\n<meta property=\"og:description\" content=\"Mavic 2 mount with Action camera is one of the most important accessory. Contact us to buy Mavic 2 mount with Action camera for best price\" \/>\n<meta property=\"og:url\" content=\"https:\/\/phukienflytech.vn\/en\/san-pham\/mavic-2-mount-with-action-camera.html\" \/>\n<meta property=\"og:site_name\" content=\"Shop M\u00e1y \u1ea3nh - Action Camera - Gimbal - Flycam - Ph\u1ee5 ki\u1ec7n\" \/>\n<meta property=\"article:publisher\" content=\"https:\/\/facebook.com\/phukienflycam\" \/>\n<meta property=\"article:modified_time\" content=\"2021-01-14T04:44:27+00:00\" \/>\n<meta property=\"og:image\" content=\"https:\/\/phukienflytech.vn\/wp-content\/uploads\/2020\/05\/giA-gan-camera-hAnh-trAnh-mavic-2-pro-zoom43_-_Copy.jpg\" \/>\n\t<meta property=\"og:image:width\" content=\"300\" \/>\n\t<meta property=\"og:image:height\" content=\"300\" \/>\n\t<meta property=\"og:image:type\" content=\"image\/jpeg\" \/>\n<meta name=\"twitter:card\" content=\"summary_large_image\" \/>\n<meta name=\"twitter:label1\" content=\"Est. reading time\" \/>\n\t<meta name=\"twitter:data1\" content=\"2 minutes\" \/>\n<script type=\"application\/ld+json\" class=\"yoast-schema-graph\">{\"@context\":\"https:\/\/schema.org\",\"@graph\":[{\"@type\":\"WebPage\",\"@id\":\"https:\/\/phukienflytech.vn\/en\/san-pham\/mavic-2-mount-with-action-camera.html\",\"url\":\"https:\/\/phukienflytech.vn\/en\/san-pham\/mavic-2-mount-with-action-camera.html\",\"name\":\"Mavic 2 mount with Action camera - Mavic 2 accessory - Available\",\"isPartOf\":{\"@id\":\"https:\/\/phukienflytech.vn\/#website\"},\"primaryImageOfPage\":{\"@id\":\"https:\/\/phukienflytech.vn\/en\/san-pham\/mavic-2-mount-with-action-camera.html#primaryimage\"},\"image\":{\"@id\":\"https:\/\/phukienflytech.vn\/en\/san-pham\/mavic-2-mount-with-action-camera.html#primaryimage\"},\"thumbnailUrl\":\"https:\/\/phukienflytech.vn\/wp-content\/uploads\/2020\/05\/giA-gan-camera-hAnh-trAnh-mavic-2-pro-zoom43_-_Copy.jpg\",\"datePublished\":\"2020-06-17T23:30:55+00:00\",\"dateModified\":\"2021-01-14T04:44:27+00:00\",\"description\":\"Mavic 2 mount with Action camera is one of the most important accessory. Contact us to buy Mavic 2 mount with Action camera for best price\",\"breadcrumb\":{\"@id\":\"https:\/\/phukienflytech.vn\/en\/san-pham\/mavic-2-mount-with-action-camera.html#breadcrumb\"},\"inLanguage\":\"en-US\",\"potentialAction\":[{\"@type\":\"ReadAction\",\"target\":[\"https:\/\/phukienflytech.vn\/en\/san-pham\/mavic-2-mount-with-action-camera.html\"]}]},{\"@type\":\"ImageObject\",\"inLanguage\":\"en-US\",\"@id\":\"https:\/\/phukienflytech.vn\/en\/san-pham\/mavic-2-mount-with-action-camera.html#primaryimage\",\"url\":\"https:\/\/phukienflytech.vn\/wp-content\/uploads\/2020\/05\/giA-gan-camera-hAnh-trAnh-mavic-2-pro-zoom43_-_Copy.jpg\",\"contentUrl\":\"https:\/\/phukienflytech.vn\/wp-content\/uploads\/2020\/05\/giA-gan-camera-hAnh-trAnh-mavic-2-pro-zoom43_-_Copy.jpg\",\"width\":300,\"height\":300},{\"@type\":\"BreadcrumbList\",\"@id\":\"https:\/\/phukienflytech.vn\/en\/san-pham\/mavic-2-mount-with-action-camera.html#breadcrumb\",\"itemListElement\":[{\"@type\":\"ListItem\",\"position\":1,\"name\":\"Home\",\"item\":\"https:\/\/phukienflytech.vn\/en\"},{\"@type\":\"ListItem\",\"position\":2,\"name\":\"Ph\u1ee5 ki\u1ec7n Mavic Pro\",\"item\":\"https:\/\/phukienflytech.vn\/en\/phu-kien-mavic-pro.html\"},{\"@type\":\"ListItem\",\"position\":3,\"name\":\"DJI Osmo &amp; Drone's accessories\",\"item\":\"https:\/\/phukienflytech.vn\/en\/danh-muc\/dji-osmo-drones-accessories.html\"},{\"@type\":\"ListItem\",\"position\":4,\"name\":\"Ph\u1ee5 ki\u1ec7n DJI Mavic 2\",\"item\":\"https:\/\/phukienflytech.vn\/en\/danh-muc\/mavic-2s-accessory.html\"},{\"@type\":\"ListItem\",\"position\":5,\"name\":\"Mavic 2 mount with Action camera &#8211; PGYtech\"}]},{\"@type\":\"WebSite\",\"@id\":\"https:\/\/phukienflytech.vn\/#website\",\"url\":\"https:\/\/phukienflytech.vn\/\",\"name\":\"Shop M\u00e1y \u1ea3nh - Action Camera - Gimbal - Flycam - Ph\u1ee5 ki\u1ec7n\",\"description\":\"Shop M\u00e1y \u1ea3nh - Action Camera - Gimbal - Flycam - Ph\u1ee5 ki\u1ec7n\",\"publisher\":{\"@id\":\"https:\/\/phukienflytech.vn\/#organization\"},\"potentialAction\":[{\"@type\":\"SearchAction\",\"target\":{\"@type\":\"EntryPoint\",\"urlTemplate\":\"https:\/\/phukienflytech.vn\/?s={search_term_string}\"},\"query-input\":{\"@type\":\"PropertyValueSpecification\",\"valueRequired\":true,\"valueName\":\"search_term_string\"}}],\"inLanguage\":\"en-US\"},{\"@type\":\"Organization\",\"@id\":\"https:\/\/phukienflytech.vn\/#organization\",\"name\":\"DJI Store - Shop Drone, Action camera, Gimbal DJI |Phukienflytech\",\"alternateName\":\"DJI Store - Shop Drone, Action camera, Gimbal DJI |Phukienflytech\",\"url\":\"https:\/\/phukienflytech.vn\/\",\"logo\":{\"@type\":\"ImageObject\",\"inLanguage\":\"en-US\",\"@id\":\"https:\/\/phukienflytech.vn\/#\/schema\/logo\/image\/\",\"url\":\"https:\/\/phukienflytech.vn\/wp-content\/uploads\/2020\/05\/hAnh_nan.jpg1_.jpg\",\"contentUrl\":\"https:\/\/phukienflytech.vn\/wp-content\/uploads\/2020\/05\/hAnh_nan.jpg1_.jpg\",\"width\":800,\"height\":450,\"caption\":\"DJI Store - Shop Drone, Action camera, Gimbal DJI |Phukienflytech\"},\"image\":{\"@id\":\"https:\/\/phukienflytech.vn\/#\/schema\/logo\/image\/\"},\"sameAs\":[\"https:\/\/facebook.com\/phukienflycam\",\"https:\/\/www.youtube.com\/@phukienflytech\",\"https:\/\/www.tiktok.com\/@flytech.channel?fbclid=IwY2xjawGjg7BleHRuA2FlbQIxMAABHYVGmlXpuSMs0UB2zTpYvyT4GMVfN2qJa4urF4vkSQ6FAVBwXZtDP30qQA_aem_UwMiDcUvlEbd2tXAmsc8Og\"]}]}<\/script>\n<!-- \/ Yoast SEO plugin. -->","yoast_head_json":{"title":"Mavic 2 mount with Action camera - Mavic 2 accessory - Available","description":"Mavic 2 mount with Action camera is one of the most important accessory. Contact us to buy Mavic 2 mount with Action camera for best price","robots":{"index":"index","follow":"follow","max-snippet":"max-snippet:-1","max-image-preview":"max-image-preview:large","max-video-preview":"max-video-preview:-1"},"canonical":"https:\/\/phukienflytech.vn\/en\/san-pham\/mavic-2-mount-with-action-camera.html","og_locale":"en_US","og_type":"article","og_title":"Mavic 2 mount with Action camera - Mavic 2 accessory - Available","og_description":"Mavic 2 mount with Action camera is one of the most important accessory. Contact us to buy Mavic 2 mount with Action camera for best price","og_url":"https:\/\/phukienflytech.vn\/en\/san-pham\/mavic-2-mount-with-action-camera.html","og_site_name":"Shop M\u00e1y \u1ea3nh - Action Camera - Gimbal - Flycam - Ph\u1ee5 ki\u1ec7n","article_publisher":"https:\/\/facebook.com\/phukienflycam","article_modified_time":"2021-01-14T04:44:27+00:00","og_image":[{"width":300,"height":300,"url":"https:\/\/phukienflytech.vn\/wp-content\/uploads\/2020\/05\/giA-gan-camera-hAnh-trAnh-mavic-2-pro-zoom43_-_Copy.jpg","type":"image\/jpeg"}],"twitter_card":"summary_large_image","twitter_misc":{"Est. reading time":"2 minutes"},"schema":{"@context":"https:\/\/schema.org","@graph":[{"@type":"WebPage","@id":"https:\/\/phukienflytech.vn\/en\/san-pham\/mavic-2-mount-with-action-camera.html","url":"https:\/\/phukienflytech.vn\/en\/san-pham\/mavic-2-mount-with-action-camera.html","name":"Mavic 2 mount with Action camera - Mavic 2 accessory - Available","isPartOf":{"@id":"https:\/\/phukienflytech.vn\/#website"},"primaryImageOfPage":{"@id":"https:\/\/phukienflytech.vn\/en\/san-pham\/mavic-2-mount-with-action-camera.html#primaryimage"},"image":{"@id":"https:\/\/phukienflytech.vn\/en\/san-pham\/mavic-2-mount-with-action-camera.html#primaryimage"},"thumbnailUrl":"https:\/\/phukienflytech.vn\/wp-content\/uploads\/2020\/05\/giA-gan-camera-hAnh-trAnh-mavic-2-pro-zoom43_-_Copy.jpg","datePublished":"2020-06-17T23:30:55+00:00","dateModified":"2021-01-14T04:44:27+00:00","description":"Mavic 2 mount with Action camera is one of the most important accessory. Contact us to buy Mavic 2 mount with Action camera for best price","breadcrumb":{"@id":"https:\/\/phukienflytech.vn\/en\/san-pham\/mavic-2-mount-with-action-camera.html#breadcrumb"},"inLanguage":"en-US","potentialAction":[{"@type":"ReadAction","target":["https:\/\/phukienflytech.vn\/en\/san-pham\/mavic-2-mount-with-action-camera.html"]}]},{"@type":"ImageObject","inLanguage":"en-US","@id":"https:\/\/phukienflytech.vn\/en\/san-pham\/mavic-2-mount-with-action-camera.html#primaryimage","url":"https:\/\/phukienflytech.vn\/wp-content\/uploads\/2020\/05\/giA-gan-camera-hAnh-trAnh-mavic-2-pro-zoom43_-_Copy.jpg","contentUrl":"https:\/\/phukienflytech.vn\/wp-content\/uploads\/2020\/05\/giA-gan-camera-hAnh-trAnh-mavic-2-pro-zoom43_-_Copy.jpg","width":300,"height":300},{"@type":"BreadcrumbList","@id":"https:\/\/phukienflytech.vn\/en\/san-pham\/mavic-2-mount-with-action-camera.html#breadcrumb","itemListElement":[{"@type":"ListItem","position":1,"name":"Home","item":"https:\/\/phukienflytech.vn\/en"},{"@type":"ListItem","position":2,"name":"Ph\u1ee5 ki\u1ec7n Mavic Pro","item":"https:\/\/phukienflytech.vn\/en\/phu-kien-mavic-pro.html"},{"@type":"ListItem","position":3,"name":"DJI Osmo &amp; Drone's accessories","item":"https:\/\/phukienflytech.vn\/en\/danh-muc\/dji-osmo-drones-accessories.html"},{"@type":"ListItem","position":4,"name":"Ph\u1ee5 ki\u1ec7n DJI Mavic 2","item":"https:\/\/phukienflytech.vn\/en\/danh-muc\/mavic-2s-accessory.html"},{"@type":"ListItem","position":5,"name":"Mavic 2 mount with Action camera &#8211; PGYtech"}]},{"@type":"WebSite","@id":"https:\/\/phukienflytech.vn\/#website","url":"https:\/\/phukienflytech.vn\/","name":"Shop M\u00e1y \u1ea3nh - Action Camera - Gimbal - Flycam - Ph\u1ee5 ki\u1ec7n","description":"Shop M\u00e1y \u1ea3nh - Action Camera - Gimbal - Flycam - Ph\u1ee5 ki\u1ec7n","publisher":{"@id":"https:\/\/phukienflytech.vn\/#organization"},"potentialAction":[{"@type":"SearchAction","target":{"@type":"EntryPoint","urlTemplate":"https:\/\/phukienflytech.vn\/?s={search_term_string}"},"query-input":{"@type":"PropertyValueSpecification","valueRequired":true,"valueName":"search_term_string"}}],"inLanguage":"en-US"},{"@type":"Organization","@id":"https:\/\/phukienflytech.vn\/#organization","name":"DJI Store - Shop Drone, Action camera, Gimbal DJI |Phukienflytech","alternateName":"DJI Store - Shop Drone, Action camera, Gimbal DJI |Phukienflytech","url":"https:\/\/phukienflytech.vn\/","logo":{"@type":"ImageObject","inLanguage":"en-US","@id":"https:\/\/phukienflytech.vn\/#\/schema\/logo\/image\/","url":"https:\/\/phukienflytech.vn\/wp-content\/uploads\/2020\/05\/hAnh_nan.jpg1_.jpg","contentUrl":"https:\/\/phukienflytech.vn\/wp-content\/uploads\/2020\/05\/hAnh_nan.jpg1_.jpg","width":800,"height":450,"caption":"DJI Store - Shop Drone, Action camera, Gimbal DJI |Phukienflytech"},"image":{"@id":"https:\/\/phukienflytech.vn\/#\/schema\/logo\/image\/"},"sameAs":["https:\/\/facebook.com\/phukienflycam","https:\/\/www.youtube.com\/@phukienflytech","https:\/\/www.tiktok.com\/@flytech.channel?fbclid=IwY2xjawGjg7BleHRuA2FlbQIxMAABHYVGmlXpuSMs0UB2zTpYvyT4GMVfN2qJa4urF4vkSQ6FAVBwXZtDP30qQA_aem_UwMiDcUvlEbd2tXAmsc8Og"]}]}},"_links":{"self":[{"href":"https:\/\/phukienflytech.vn\/en\/wp-json\/wp\/v2\/product\/3712","targetHints":{"allow":["GET"]}}],"collection":[{"href":"https:\/\/phukienflytech.vn\/en\/wp-json\/wp\/v2\/product"}],"about":[{"href":"https:\/\/phukienflytech.vn\/en\/wp-json\/wp\/v2\/types\/product"}],"replies":[{"embeddable":true,"href":"https:\/\/phukienflytech.vn\/en\/wp-json\/wp\/v2\/comments?post=3712"}],"wp:featuredmedia":[{"embeddable":true,"href":"https:\/\/phukienflytech.vn\/en\/wp-json\/wp\/v2\/media\/3700"}],"wp:attachment":[{"href":"https:\/\/phukienflytech.vn\/en\/wp-json\/wp\/v2\/media?parent=3712"}],"wp:term":[{"taxonomy":"product_brand","embeddable":true,"href":"https:\/\/phukienflytech.vn\/en\/wp-json\/wp\/v2\/product_brand?post=3712"},{"taxonomy":"product_cat","embeddable":true,"href":"https:\/\/phukienflytech.vn\/en\/wp-json\/wp\/v2\/product_cat?post=3712"},{"taxonomy":"product_tag","embeddable":true,"href":"https:\/\/phukienflytech.vn\/en\/wp-json\/wp\/v2\/product_tag?post=3712"}],"curies":[{"name":"wp","href":"https:\/\/api.w.org\/{rel}","templated":true}]}}