{"id":3739,"date":"2020-06-18T06:48:43","date_gmt":"2020-06-17T23:48:43","guid":{"rendered":"http:\/\/27430.lamdx.vinawebsite.vn\/san-pham\/chao-khuech-song-mavic-2-chuyen-dji-smart-controller.html"},"modified":"2020-10-12T12:02:37","modified_gmt":"2020-10-12T05:02:37","slug":"dji-smart-controller-booster","status":"publish","type":"product","link":"https:\/\/phukienflytech.vn\/en\/san-pham\/dji-smart-controller-booster.html","title":{"rendered":"DJI Smart controller extension antena booster"},"content":{"rendered":"<h2><span style=\"color: #0000ff;\"><em><strong>DJI Smart controller booster<\/strong><\/em><\/span><\/h2>\n<p>&nbsp;<\/p>\n<p><span style=\"font-size: 18px;\">DJI Smart controller booster<\/span><\/p>\n<p><span style=\"font-size: 18px;\">V\u00e0o cu\u1ed1i th\u00e1ng 3 n\u0103m 2019 , DJI \u0111\u00e3 cho ra m\u1eaft phi\u00ean b\u1ea3n \u0111\u01b0\u1ee3c xem l\u00e0 n\u00e2ng c\u1ea5p c\u1ee7a\u00a0<em><strong>DJI Mavic 2 pro<\/strong><\/em>\u00a0v\u00e0\u00a0<em><strong>DJI Mavic 2 zoom<\/strong><\/em>\u00a0v\u1edbi m\u1eabu \u0111i\u1ec1u khi\u1ec3n th\u00f4ng minh t\u00edch h\u1ee3p b\u00e0n h\u00ecnh hi\u1ec3n th\u1ecb 5.5 inch li\u1ec1n, \u0110\u00e2y \u0111\u01b0\u1ee3c xem l\u00e0 m\u1ed9t b\u1ea3n n\u00e2ng c\u1ea5p kh\u00f4ng ch\u1ec9 t\u1ea1o ra s\u1ef1 thu\u1eadn ti\u1ec7n m\u00e0 ch\u00fang c\u00f2n \u0111em l\u1ea1i m\u1ed9t tr\u1ea3i nghi\u1ec7m tuy\u1ec7t v\u1eddi trong su\u1ed1t qu\u00e1 tr\u00ecnh bay c\u0169ng nh\u01b0 s\u1ef1 an to\u00e0n k\u1ebft n\u1ed1i .<\/span><\/p>\n<h2><span style=\"font-size: 18px;\"><img loading=\"lazy\" decoding=\"async\" class=\"alignnone size-medium wp-image-12143\" style=\"color: #333333;\" src=\"https:\/\/phukienflytech.vn\/wp-content\/uploads\/2020\/05\/chao-khuech-song-mavic-2-chuyen-dji-smart-controller-3725-5-400x400.jpg\" alt=\"\" width=\"400\" height=\"400\" srcset=\"https:\/\/phukienflytech.vn\/wp-content\/uploads\/2020\/05\/chao-khuech-song-mavic-2-chuyen-dji-smart-controller-3725-5-400x400.jpg 400w, https:\/\/phukienflytech.vn\/wp-content\/uploads\/2020\/05\/chao-khuech-song-mavic-2-chuyen-dji-smart-controller-3725-5-280x280.jpg 280w, https:\/\/phukienflytech.vn\/wp-content\/uploads\/2020\/05\/chao-khuech-song-mavic-2-chuyen-dji-smart-controller-3725-5-768x768.jpg 768w, https:\/\/phukienflytech.vn\/wp-content\/uploads\/2020\/05\/chao-khuech-song-mavic-2-chuyen-dji-smart-controller-3725-5-800x800.jpg 800w, https:\/\/phukienflytech.vn\/wp-content\/uploads\/2020\/05\/chao-khuech-song-mavic-2-chuyen-dji-smart-controller-3725-5-300x300.jpg 300w, https:\/\/phukienflytech.vn\/wp-content\/uploads\/2020\/05\/chao-khuech-song-mavic-2-chuyen-dji-smart-controller-3725-5-600x600.jpg 600w, https:\/\/phukienflytech.vn\/wp-content\/uploads\/2020\/05\/chao-khuech-song-mavic-2-chuyen-dji-smart-controller-3725-5-100x100.jpg 100w, https:\/\/phukienflytech.vn\/wp-content\/uploads\/2020\/05\/chao-khuech-song-mavic-2-chuyen-dji-smart-controller-3725-5.jpg 1000w\" sizes=\"auto, (max-width: 400px) 100vw, 400px\" \/><\/span><\/h2>\n<p><span style=\"font-size: 18px;\">Do v\u1eady phi\u00ean b\u1ea3n Mavic 2 v\u1edbi\u00a0<em><strong>DJI Smart Controller<\/strong><\/em>\u00a0\u0111ang \u0111\u01b0\u1ee3c s\u1ef1 s\u0103n \u0111\u00f3n c\u1ee7a \u0111\u1ea1i da s\u1ed1 nh\u1eefng ng\u01b0\u1eddi l\u00e0m ngh\u1ec1 quay ch\u1ee5p.<\/span><\/p>\n<h2><span style=\"font-size: 18px;\"><em><strong><img loading=\"lazy\" decoding=\"async\" class=\"alignnone wp-image-12145 size-medium\" src=\"https:\/\/phukienflytech.vn\/wp-content\/uploads\/2020\/05\/chao-khuech-song-mavic-2-chuyen-dji-smart-controller-3725-1-1-400x400.jpg\" alt=\"chao-kich-song-mavic-2-smart-controller\" width=\"400\" height=\"400\" srcset=\"https:\/\/phukienflytech.vn\/wp-content\/uploads\/2020\/05\/chao-khuech-song-mavic-2-chuyen-dji-smart-controller-3725-1-1-400x400.jpg 400w, https:\/\/phukienflytech.vn\/wp-content\/uploads\/2020\/05\/chao-khuech-song-mavic-2-chuyen-dji-smart-controller-3725-1-1-280x280.jpg 280w, https:\/\/phukienflytech.vn\/wp-content\/uploads\/2020\/05\/chao-khuech-song-mavic-2-chuyen-dji-smart-controller-3725-1-1-768x768.jpg 768w, https:\/\/phukienflytech.vn\/wp-content\/uploads\/2020\/05\/chao-khuech-song-mavic-2-chuyen-dji-smart-controller-3725-1-1-800x800.jpg 800w, https:\/\/phukienflytech.vn\/wp-content\/uploads\/2020\/05\/chao-khuech-song-mavic-2-chuyen-dji-smart-controller-3725-1-1-300x300.jpg 300w, https:\/\/phukienflytech.vn\/wp-content\/uploads\/2020\/05\/chao-khuech-song-mavic-2-chuyen-dji-smart-controller-3725-1-1-600x600.jpg 600w, https:\/\/phukienflytech.vn\/wp-content\/uploads\/2020\/05\/chao-khuech-song-mavic-2-chuyen-dji-smart-controller-3725-1-1-100x100.jpg 100w, https:\/\/phukienflytech.vn\/wp-content\/uploads\/2020\/05\/chao-khuech-song-mavic-2-chuyen-dji-smart-controller-3725-1-1.jpg 1000w\" sizes=\"auto, (max-width: 400px) 100vw, 400px\" \/><\/strong><\/em><\/span><\/h2>\n<p><span style=\"font-size: 18px;\">\u0110i c\u00f9ng v\u1edbi b\u1ea3n n\u00e2ng c\u1ea5p c\u1ee7a DJI d\u00e0nh cho\u00a0<em><strong>Mavic 2 pro<\/strong><\/em>\u00a0v\u00e0\u00a0<em><strong>Mavic 2 zoom<\/strong><\/em>. H\u00e3ng Sunnylife c\u0169ng \u0111\u00e3 k\u1ecbp cho ra m\u1eaft ph\u1ee5 ki\u1ec7n Smart Controller l\u00e0 ch\u1ea3o khu\u1ebfch s\u00f3ng Mavic 2 ch\u1ec9 ph\u00f9 h\u1ee3p cho\u00a0<em><strong>DJI Smart Controller.<\/strong>\u00a0<\/em>\u0110\u00e2y \u0111\u01b0\u1ee3c xem l\u00e0 ph\u1ee5 ki\u1ec7n DJI Smart Controller chuy\u00ean d\u1ee5ng cho k\u00edch th\u01b0\u1edbc c\u1ee7a ch\u00fang.<\/span><\/p>\n<h2><span style=\"font-size: 18px;\"><em><strong><img loading=\"lazy\" decoding=\"async\" class=\"alignnone wp-image-12147 size-medium\" src=\"https:\/\/phukienflytech.vn\/wp-content\/uploads\/2020\/05\/chao-khuech-song-mavic-2-chuyen-dji-smart-controller-3725-2-1-400x400.jpg\" alt=\"mua-kich-song-mavic-2-pro\" width=\"400\" height=\"400\" srcset=\"https:\/\/phukienflytech.vn\/wp-content\/uploads\/2020\/05\/chao-khuech-song-mavic-2-chuyen-dji-smart-controller-3725-2-1-400x400.jpg 400w, https:\/\/phukienflytech.vn\/wp-content\/uploads\/2020\/05\/chao-khuech-song-mavic-2-chuyen-dji-smart-controller-3725-2-1-280x280.jpg 280w, https:\/\/phukienflytech.vn\/wp-content\/uploads\/2020\/05\/chao-khuech-song-mavic-2-chuyen-dji-smart-controller-3725-2-1-768x768.jpg 768w, https:\/\/phukienflytech.vn\/wp-content\/uploads\/2020\/05\/chao-khuech-song-mavic-2-chuyen-dji-smart-controller-3725-2-1-800x800.jpg 800w, https:\/\/phukienflytech.vn\/wp-content\/uploads\/2020\/05\/chao-khuech-song-mavic-2-chuyen-dji-smart-controller-3725-2-1-300x300.jpg 300w, https:\/\/phukienflytech.vn\/wp-content\/uploads\/2020\/05\/chao-khuech-song-mavic-2-chuyen-dji-smart-controller-3725-2-1-600x600.jpg 600w, https:\/\/phukienflytech.vn\/wp-content\/uploads\/2020\/05\/chao-khuech-song-mavic-2-chuyen-dji-smart-controller-3725-2-1-100x100.jpg 100w, https:\/\/phukienflytech.vn\/wp-content\/uploads\/2020\/05\/chao-khuech-song-mavic-2-chuyen-dji-smart-controller-3725-2-1.jpg 1000w\" sizes=\"auto, (max-width: 400px) 100vw, 400px\" \/><\/strong><\/em><\/span><\/h2>\n<p>&nbsp;<\/p>\n<h2><span style=\"font-size: 21px;\"><strong><span style=\"color: #0000ff;\">C\u00f4ng d\u1ee5ng Ch\u1ea3o k\u00edch s\u00f3ng mavic 2 v\u00e0 Smart controller<\/span><\/strong><\/span><\/h2>\n<p><span style=\"font-size: 18px;\">Ch\u1ea3o khu\u1ebfch s\u00f3ng DJI Mavic 2 chuy\u00ean\u00a0<em><strong>DJI Smart controller<\/strong><\/em>\u00a0c\u00f3 c\u00f4ng d\u1ee5ng ch\u00ednh l\u00e0 gi\u00fap b\u1ea1n khu\u1ebfch s\u00f3ng m\u1ea1nh v\u1ec1 m\u1ed9t ph\u00eda, t\u0103ng hi\u1ec7u qu\u1ea3 s\u00f3ng g\u1ed1c t\u1eeb tay khi\u1ec3n t\u1edbi m\u00e1y bay Mavic 2 t\u1edbi 95% thay v\u00ec b\u1ecb t\u1ea3n ra 360 \u0111\u1ed9.<\/span><\/p>\n<h2><span style=\"font-size: 18px;\"><em><strong><img loading=\"lazy\" decoding=\"async\" class=\"alignnone wp-image-12149 size-medium\" src=\"https:\/\/phukienflytech.vn\/wp-content\/uploads\/2020\/05\/chao-khuech-song-mavic-2-chuyen-dji-smart-controller-3725-3-1-400x400.jpg\" alt=\"DJI-Smart-controller-booster \" width=\"400\" height=\"400\" srcset=\"https:\/\/phukienflytech.vn\/wp-content\/uploads\/2020\/05\/chao-khuech-song-mavic-2-chuyen-dji-smart-controller-3725-3-1-400x400.jpg 400w, https:\/\/phukienflytech.vn\/wp-content\/uploads\/2020\/05\/chao-khuech-song-mavic-2-chuyen-dji-smart-controller-3725-3-1-280x280.jpg 280w, https:\/\/phukienflytech.vn\/wp-content\/uploads\/2020\/05\/chao-khuech-song-mavic-2-chuyen-dji-smart-controller-3725-3-1-768x768.jpg 768w, https:\/\/phukienflytech.vn\/wp-content\/uploads\/2020\/05\/chao-khuech-song-mavic-2-chuyen-dji-smart-controller-3725-3-1-800x800.jpg 800w, https:\/\/phukienflytech.vn\/wp-content\/uploads\/2020\/05\/chao-khuech-song-mavic-2-chuyen-dji-smart-controller-3725-3-1-300x300.jpg 300w, https:\/\/phukienflytech.vn\/wp-content\/uploads\/2020\/05\/chao-khuech-song-mavic-2-chuyen-dji-smart-controller-3725-3-1-600x600.jpg 600w, https:\/\/phukienflytech.vn\/wp-content\/uploads\/2020\/05\/chao-khuech-song-mavic-2-chuyen-dji-smart-controller-3725-3-1-100x100.jpg 100w, https:\/\/phukienflytech.vn\/wp-content\/uploads\/2020\/05\/chao-khuech-song-mavic-2-chuyen-dji-smart-controller-3725-3-1.jpg 1000w\" sizes=\"auto, (max-width: 400px) 100vw, 400px\" \/><\/strong><\/em><\/span><\/h2>\n<p><span style=\"font-size: 18px;\">N\u00f3i v\u1eady c\u00f3 ngh\u0129a l\u00e0, <strong>Ch\u1ea3o k\u00edch s\u00f3ng mavic 2<\/strong> v\u00e0 <em><strong>Smart Controller <\/strong>\u00a0<\/em>kh\u00f4ng gi\u00fap b\u1ea1n bay xa hay cao h\u01a1n gi\u1ed1ng nh\u01b0 mod , \u0111\u1ed9 s\u00f3ng m\u1edbi nh\u01b0ng ch\u1eafc ch\u1eafn s\u1ebd gi\u00fap b\u1ea1n t\u1ea1o ra s\u1ef1 \u1ed5n \u0111\u1ecbnh k\u1ebft n\u1ed1i trong chuy\u1ebfn bay, \u0111\u1ea3m b\u1ea3o s\u00f3ng g\u1ed1c lu\u00f4n \u0111\u01b0\u1ee3c truy\u1ec1n t\u1eeb tay khi\u1ec3n\u00a0<em><strong>DJI Smart Controller<\/strong><\/em>\u00a0t\u1edbi Mavic 2 pro lu\u00f4n \u0111\u1ea1t tr\u1ea1ng th\u00e1i tr\u00ean 90% hi\u1ec7u qu\u1ea3.<\/span><\/p>\n<h2><span style=\"font-size: 18px;\"><em><strong><img loading=\"lazy\" decoding=\"async\" class=\"alignnone wp-image-12151 size-medium\" src=\"https:\/\/phukienflytech.vn\/wp-content\/uploads\/2020\/05\/chao-khuech-song-mavic-2-chuyen-dji-smart-controller-3725-4-1-400x400.jpg\" alt=\"DJI-Smart-controller-booster-9\" width=\"400\" height=\"400\" srcset=\"https:\/\/phukienflytech.vn\/wp-content\/uploads\/2020\/05\/chao-khuech-song-mavic-2-chuyen-dji-smart-controller-3725-4-1-400x400.jpg 400w, https:\/\/phukienflytech.vn\/wp-content\/uploads\/2020\/05\/chao-khuech-song-mavic-2-chuyen-dji-smart-controller-3725-4-1-280x280.jpg 280w, https:\/\/phukienflytech.vn\/wp-content\/uploads\/2020\/05\/chao-khuech-song-mavic-2-chuyen-dji-smart-controller-3725-4-1-768x768.jpg 768w, https:\/\/phukienflytech.vn\/wp-content\/uploads\/2020\/05\/chao-khuech-song-mavic-2-chuyen-dji-smart-controller-3725-4-1-800x800.jpg 800w, https:\/\/phukienflytech.vn\/wp-content\/uploads\/2020\/05\/chao-khuech-song-mavic-2-chuyen-dji-smart-controller-3725-4-1-300x300.jpg 300w, https:\/\/phukienflytech.vn\/wp-content\/uploads\/2020\/05\/chao-khuech-song-mavic-2-chuyen-dji-smart-controller-3725-4-1-600x600.jpg 600w, https:\/\/phukienflytech.vn\/wp-content\/uploads\/2020\/05\/chao-khuech-song-mavic-2-chuyen-dji-smart-controller-3725-4-1-100x100.jpg 100w, https:\/\/phukienflytech.vn\/wp-content\/uploads\/2020\/05\/chao-khuech-song-mavic-2-chuyen-dji-smart-controller-3725-4-1.jpg 1000w\" sizes=\"auto, (max-width: 400px) 100vw, 400px\" \/><\/strong><\/em><\/span><\/h2>\n<p><span style=\"font-size: 18px;\">Ph\u1ee5 Ki\u1ec7n Flytech . Ch\u00fac b\u1ea1n c\u00f3 nh\u1eefng chuy\u1ebfn bay an to\u00e0n !<\/span><\/p>\n<p>&nbsp;<\/p>\n<p><span style=\"font-size: 18px;\">&gt;&gt; Xem th\u00eam: <span style=\"color: #0000ff;\"><strong><a style=\"color: #0000ff;\" href=\"https:\/\/phukienflytech.vn\/danh-muc\/phu-kien-mavic-2.html\" target=\"_blank\" rel=\"noopener noreferrer\">Ph\u1ee5 ki\u1ec7n Mavic 2<\/a><\/strong><\/span><\/span><\/p>\n<p><span style=\"font-size: 18px;\">&gt;&gt; Li\u00ean h\u1ec7 ch\u00fang t\u00f4i qua: <a href=\"https:\/\/fb.com\/phukienflycam\" target=\"_blank\" rel=\"noopener noreferrer\"><strong><span style=\"color: #0000ff;\">Fanpage<\/span><\/strong><\/a><\/span><\/p>\n","protected":false},"excerpt":{"rendered":"<p>DJI Smart controller booster &nbsp; DJI Smart controller booster V\u00e0o cu\u1ed1i th\u00e1ng 3 n\u0103m 2019 , DJI \u0111\u00e3 cho ra m\u1eaft phi\u00ean b\u1ea3n \u0111\u01b0\u1ee3c xem l\u00e0 n\u00e2ng c\u1ea5p c\u1ee7a\u00a0DJI Mavic 2 pro\u00a0v\u00e0\u00a0DJI Mavic 2 zoom\u00a0v\u1edbi m\u1eabu \u0111i\u1ec1u khi\u1ec3n th\u00f4ng minh t\u00edch h\u1ee3p b\u00e0n h\u00ecnh hi\u1ec3n th\u1ecb 5.5 inch li\u1ec1n, \u0110\u00e2y \u0111\u01b0\u1ee3c xem l\u00e0 m\u1ed9t b\u1ea3n &#8230;<\/p>\n","protected":false},"featured_media":3728,"comment_status":"open","ping_status":"closed","template":"","meta":{"_acf_changed":false},"product_brand":[],"product_cat":[177],"product_tag":[281,206,209],"class_list":{"0":"post-3739","1":"product","2":"type-product","3":"status-publish","4":"has-post-thumbnail","6":"product_cat-mavic-2s-accessory","7":"product_tag-kich-song-mavic-2-en","8":"product_tag-phu-kien-dji-en","9":"product_tag-phu-kien-mavic-2-en","11":"first","12":"instock","13":"shipping-taxable","14":"purchasable","15":"product-type-simple"},"acf":[],"yoast_head":"<!-- This site is optimized with the Yoast SEO plugin v25.7 - https:\/\/yoast.com\/wordpress\/plugins\/seo\/ -->\n<title>DJI Smart controller booster - Mavic 2 accessory - Available - Original<\/title>\n<meta name=\"description\" content=\"DJI Smart controller booster is one of the most important accessory. Contact us to buy DJI Smart controller booster for best price...\" \/>\n<meta name=\"robots\" content=\"index, follow, max-snippet:-1, max-image-preview:large, max-video-preview:-1\" \/>\n<link rel=\"canonical\" href=\"https:\/\/phukienflytech.vn\/en\/san-pham\/dji-smart-controller-booster.html\" \/>\n<meta property=\"og:locale\" content=\"en_US\" \/>\n<meta property=\"og:type\" content=\"article\" \/>\n<meta property=\"og:title\" content=\"DJI Smart controller booster - Mavic 2 accessory - Available - Original\" \/>\n<meta property=\"og:description\" content=\"DJI Smart controller booster is one of the most important accessory. Contact us to buy DJI Smart controller booster for best price...\" \/>\n<meta property=\"og:url\" content=\"https:\/\/phukienflytech.vn\/en\/san-pham\/dji-smart-controller-booster.html\" \/>\n<meta property=\"og:site_name\" content=\"Shop M\u00e1y \u1ea3nh - Action Camera - Gimbal - Flycam - Ph\u1ee5 ki\u1ec7n\" \/>\n<meta property=\"article:publisher\" content=\"https:\/\/facebook.com\/phukienflycam\" \/>\n<meta property=\"article:modified_time\" content=\"2020-10-12T05:02:37+00:00\" \/>\n<meta property=\"og:image\" content=\"https:\/\/phukienflytech.vn\/wp-content\/uploads\/2020\/05\/chao-khuach-song-dji-mavic-2-smart-controller235_-_Copy-1.png\" \/>\n\t<meta property=\"og:image:width\" content=\"300\" \/>\n\t<meta property=\"og:image:height\" content=\"300\" \/>\n\t<meta property=\"og:image:type\" content=\"image\/png\" \/>\n<meta name=\"twitter:card\" content=\"summary_large_image\" \/>\n<meta name=\"twitter:label1\" content=\"Est. reading time\" \/>\n\t<meta name=\"twitter:data1\" content=\"2 minutes\" \/>\n<script type=\"application\/ld+json\" class=\"yoast-schema-graph\">{\"@context\":\"https:\/\/schema.org\",\"@graph\":[{\"@type\":\"WebPage\",\"@id\":\"https:\/\/phukienflytech.vn\/en\/san-pham\/dji-smart-controller-booster.html\",\"url\":\"https:\/\/phukienflytech.vn\/en\/san-pham\/dji-smart-controller-booster.html\",\"name\":\"DJI Smart controller booster - Mavic 2 accessory - Available - Original\",\"isPartOf\":{\"@id\":\"https:\/\/phukienflytech.vn\/#website\"},\"primaryImageOfPage\":{\"@id\":\"https:\/\/phukienflytech.vn\/en\/san-pham\/dji-smart-controller-booster.html#primaryimage\"},\"image\":{\"@id\":\"https:\/\/phukienflytech.vn\/en\/san-pham\/dji-smart-controller-booster.html#primaryimage\"},\"thumbnailUrl\":\"https:\/\/phukienflytech.vn\/wp-content\/uploads\/2020\/05\/chao-khuach-song-dji-mavic-2-smart-controller235_-_Copy-1.png\",\"datePublished\":\"2020-06-17T23:48:43+00:00\",\"dateModified\":\"2020-10-12T05:02:37+00:00\",\"description\":\"DJI Smart controller booster is one of the most important accessory. Contact us to buy DJI Smart controller booster for best price...\",\"breadcrumb\":{\"@id\":\"https:\/\/phukienflytech.vn\/en\/san-pham\/dji-smart-controller-booster.html#breadcrumb\"},\"inLanguage\":\"en-US\",\"potentialAction\":[{\"@type\":\"ReadAction\",\"target\":[\"https:\/\/phukienflytech.vn\/en\/san-pham\/dji-smart-controller-booster.html\"]}]},{\"@type\":\"ImageObject\",\"inLanguage\":\"en-US\",\"@id\":\"https:\/\/phukienflytech.vn\/en\/san-pham\/dji-smart-controller-booster.html#primaryimage\",\"url\":\"https:\/\/phukienflytech.vn\/wp-content\/uploads\/2020\/05\/chao-khuach-song-dji-mavic-2-smart-controller235_-_Copy-1.png\",\"contentUrl\":\"https:\/\/phukienflytech.vn\/wp-content\/uploads\/2020\/05\/chao-khuach-song-dji-mavic-2-smart-controller235_-_Copy-1.png\",\"width\":300,\"height\":300},{\"@type\":\"BreadcrumbList\",\"@id\":\"https:\/\/phukienflytech.vn\/en\/san-pham\/dji-smart-controller-booster.html#breadcrumb\",\"itemListElement\":[{\"@type\":\"ListItem\",\"position\":1,\"name\":\"Home\",\"item\":\"https:\/\/phukienflytech.vn\/en\"},{\"@type\":\"ListItem\",\"position\":2,\"name\":\"Ph\u1ee5 ki\u1ec7n Mavic Pro\",\"item\":\"https:\/\/phukienflytech.vn\/en\/phu-kien-mavic-pro.html\"},{\"@type\":\"ListItem\",\"position\":3,\"name\":\"DJI Osmo &amp; Drone's accessories\",\"item\":\"https:\/\/phukienflytech.vn\/en\/danh-muc\/dji-osmo-drones-accessories.html\"},{\"@type\":\"ListItem\",\"position\":4,\"name\":\"Ph\u1ee5 ki\u1ec7n DJI Mavic 2\",\"item\":\"https:\/\/phukienflytech.vn\/en\/danh-muc\/mavic-2s-accessory.html\"},{\"@type\":\"ListItem\",\"position\":5,\"name\":\"DJI Smart controller extension antena booster\"}]},{\"@type\":\"WebSite\",\"@id\":\"https:\/\/phukienflytech.vn\/#website\",\"url\":\"https:\/\/phukienflytech.vn\/\",\"name\":\"Shop M\u00e1y \u1ea3nh - Action Camera - Gimbal - Flycam - Ph\u1ee5 ki\u1ec7n\",\"description\":\"Shop M\u00e1y \u1ea3nh - Action Camera - Gimbal - Flycam - Ph\u1ee5 ki\u1ec7n\",\"publisher\":{\"@id\":\"https:\/\/phukienflytech.vn\/#organization\"},\"potentialAction\":[{\"@type\":\"SearchAction\",\"target\":{\"@type\":\"EntryPoint\",\"urlTemplate\":\"https:\/\/phukienflytech.vn\/?s={search_term_string}\"},\"query-input\":{\"@type\":\"PropertyValueSpecification\",\"valueRequired\":true,\"valueName\":\"search_term_string\"}}],\"inLanguage\":\"en-US\"},{\"@type\":\"Organization\",\"@id\":\"https:\/\/phukienflytech.vn\/#organization\",\"name\":\"DJI Store - Shop Drone, Action camera, Gimbal DJI |Phukienflytech\",\"alternateName\":\"DJI Store - Shop Drone, Action camera, Gimbal DJI |Phukienflytech\",\"url\":\"https:\/\/phukienflytech.vn\/\",\"logo\":{\"@type\":\"ImageObject\",\"inLanguage\":\"en-US\",\"@id\":\"https:\/\/phukienflytech.vn\/#\/schema\/logo\/image\/\",\"url\":\"https:\/\/phukienflytech.vn\/wp-content\/uploads\/2020\/05\/hAnh_nan.jpg1_.jpg\",\"contentUrl\":\"https:\/\/phukienflytech.vn\/wp-content\/uploads\/2020\/05\/hAnh_nan.jpg1_.jpg\",\"width\":800,\"height\":450,\"caption\":\"DJI Store - Shop Drone, Action camera, Gimbal DJI |Phukienflytech\"},\"image\":{\"@id\":\"https:\/\/phukienflytech.vn\/#\/schema\/logo\/image\/\"},\"sameAs\":[\"https:\/\/facebook.com\/phukienflycam\",\"https:\/\/www.youtube.com\/@phukienflytech\",\"https:\/\/www.tiktok.com\/@flytech.channel?fbclid=IwY2xjawGjg7BleHRuA2FlbQIxMAABHYVGmlXpuSMs0UB2zTpYvyT4GMVfN2qJa4urF4vkSQ6FAVBwXZtDP30qQA_aem_UwMiDcUvlEbd2tXAmsc8Og\"]}]}<\/script>\n<!-- \/ Yoast SEO plugin. -->","yoast_head_json":{"title":"DJI Smart controller booster - Mavic 2 accessory - Available - Original","description":"DJI Smart controller booster is one of the most important accessory. Contact us to buy DJI Smart controller booster for best price...","robots":{"index":"index","follow":"follow","max-snippet":"max-snippet:-1","max-image-preview":"max-image-preview:large","max-video-preview":"max-video-preview:-1"},"canonical":"https:\/\/phukienflytech.vn\/en\/san-pham\/dji-smart-controller-booster.html","og_locale":"en_US","og_type":"article","og_title":"DJI Smart controller booster - Mavic 2 accessory - Available - Original","og_description":"DJI Smart controller booster is one of the most important accessory. Contact us to buy DJI Smart controller booster for best price...","og_url":"https:\/\/phukienflytech.vn\/en\/san-pham\/dji-smart-controller-booster.html","og_site_name":"Shop M\u00e1y \u1ea3nh - Action Camera - Gimbal - Flycam - Ph\u1ee5 ki\u1ec7n","article_publisher":"https:\/\/facebook.com\/phukienflycam","article_modified_time":"2020-10-12T05:02:37+00:00","og_image":[{"width":300,"height":300,"url":"https:\/\/phukienflytech.vn\/wp-content\/uploads\/2020\/05\/chao-khuach-song-dji-mavic-2-smart-controller235_-_Copy-1.png","type":"image\/png"}],"twitter_card":"summary_large_image","twitter_misc":{"Est. reading time":"2 minutes"},"schema":{"@context":"https:\/\/schema.org","@graph":[{"@type":"WebPage","@id":"https:\/\/phukienflytech.vn\/en\/san-pham\/dji-smart-controller-booster.html","url":"https:\/\/phukienflytech.vn\/en\/san-pham\/dji-smart-controller-booster.html","name":"DJI Smart controller booster - Mavic 2 accessory - Available - Original","isPartOf":{"@id":"https:\/\/phukienflytech.vn\/#website"},"primaryImageOfPage":{"@id":"https:\/\/phukienflytech.vn\/en\/san-pham\/dji-smart-controller-booster.html#primaryimage"},"image":{"@id":"https:\/\/phukienflytech.vn\/en\/san-pham\/dji-smart-controller-booster.html#primaryimage"},"thumbnailUrl":"https:\/\/phukienflytech.vn\/wp-content\/uploads\/2020\/05\/chao-khuach-song-dji-mavic-2-smart-controller235_-_Copy-1.png","datePublished":"2020-06-17T23:48:43+00:00","dateModified":"2020-10-12T05:02:37+00:00","description":"DJI Smart controller booster is one of the most important accessory. Contact us to buy DJI Smart controller booster for best price...","breadcrumb":{"@id":"https:\/\/phukienflytech.vn\/en\/san-pham\/dji-smart-controller-booster.html#breadcrumb"},"inLanguage":"en-US","potentialAction":[{"@type":"ReadAction","target":["https:\/\/phukienflytech.vn\/en\/san-pham\/dji-smart-controller-booster.html"]}]},{"@type":"ImageObject","inLanguage":"en-US","@id":"https:\/\/phukienflytech.vn\/en\/san-pham\/dji-smart-controller-booster.html#primaryimage","url":"https:\/\/phukienflytech.vn\/wp-content\/uploads\/2020\/05\/chao-khuach-song-dji-mavic-2-smart-controller235_-_Copy-1.png","contentUrl":"https:\/\/phukienflytech.vn\/wp-content\/uploads\/2020\/05\/chao-khuach-song-dji-mavic-2-smart-controller235_-_Copy-1.png","width":300,"height":300},{"@type":"BreadcrumbList","@id":"https:\/\/phukienflytech.vn\/en\/san-pham\/dji-smart-controller-booster.html#breadcrumb","itemListElement":[{"@type":"ListItem","position":1,"name":"Home","item":"https:\/\/phukienflytech.vn\/en"},{"@type":"ListItem","position":2,"name":"Ph\u1ee5 ki\u1ec7n Mavic Pro","item":"https:\/\/phukienflytech.vn\/en\/phu-kien-mavic-pro.html"},{"@type":"ListItem","position":3,"name":"DJI Osmo &amp; Drone's accessories","item":"https:\/\/phukienflytech.vn\/en\/danh-muc\/dji-osmo-drones-accessories.html"},{"@type":"ListItem","position":4,"name":"Ph\u1ee5 ki\u1ec7n DJI Mavic 2","item":"https:\/\/phukienflytech.vn\/en\/danh-muc\/mavic-2s-accessory.html"},{"@type":"ListItem","position":5,"name":"DJI Smart controller extension antena booster"}]},{"@type":"WebSite","@id":"https:\/\/phukienflytech.vn\/#website","url":"https:\/\/phukienflytech.vn\/","name":"Shop M\u00e1y \u1ea3nh - Action Camera - Gimbal - Flycam - Ph\u1ee5 ki\u1ec7n","description":"Shop M\u00e1y \u1ea3nh - Action Camera - Gimbal - Flycam - Ph\u1ee5 ki\u1ec7n","publisher":{"@id":"https:\/\/phukienflytech.vn\/#organization"},"potentialAction":[{"@type":"SearchAction","target":{"@type":"EntryPoint","urlTemplate":"https:\/\/phukienflytech.vn\/?s={search_term_string}"},"query-input":{"@type":"PropertyValueSpecification","valueRequired":true,"valueName":"search_term_string"}}],"inLanguage":"en-US"},{"@type":"Organization","@id":"https:\/\/phukienflytech.vn\/#organization","name":"DJI Store - Shop Drone, Action camera, Gimbal DJI |Phukienflytech","alternateName":"DJI Store - Shop Drone, Action camera, Gimbal DJI |Phukienflytech","url":"https:\/\/phukienflytech.vn\/","logo":{"@type":"ImageObject","inLanguage":"en-US","@id":"https:\/\/phukienflytech.vn\/#\/schema\/logo\/image\/","url":"https:\/\/phukienflytech.vn\/wp-content\/uploads\/2020\/05\/hAnh_nan.jpg1_.jpg","contentUrl":"https:\/\/phukienflytech.vn\/wp-content\/uploads\/2020\/05\/hAnh_nan.jpg1_.jpg","width":800,"height":450,"caption":"DJI Store - Shop Drone, Action camera, Gimbal DJI |Phukienflytech"},"image":{"@id":"https:\/\/phukienflytech.vn\/#\/schema\/logo\/image\/"},"sameAs":["https:\/\/facebook.com\/phukienflycam","https:\/\/www.youtube.com\/@phukienflytech","https:\/\/www.tiktok.com\/@flytech.channel?fbclid=IwY2xjawGjg7BleHRuA2FlbQIxMAABHYVGmlXpuSMs0UB2zTpYvyT4GMVfN2qJa4urF4vkSQ6FAVBwXZtDP30qQA_aem_UwMiDcUvlEbd2tXAmsc8Og"]}]}},"_links":{"self":[{"href":"https:\/\/phukienflytech.vn\/en\/wp-json\/wp\/v2\/product\/3739","targetHints":{"allow":["GET"]}}],"collection":[{"href":"https:\/\/phukienflytech.vn\/en\/wp-json\/wp\/v2\/product"}],"about":[{"href":"https:\/\/phukienflytech.vn\/en\/wp-json\/wp\/v2\/types\/product"}],"replies":[{"embeddable":true,"href":"https:\/\/phukienflytech.vn\/en\/wp-json\/wp\/v2\/comments?post=3739"}],"wp:featuredmedia":[{"embeddable":true,"href":"https:\/\/phukienflytech.vn\/en\/wp-json\/wp\/v2\/media\/3728"}],"wp:attachment":[{"href":"https:\/\/phukienflytech.vn\/en\/wp-json\/wp\/v2\/media?parent=3739"}],"wp:term":[{"taxonomy":"product_brand","embeddable":true,"href":"https:\/\/phukienflytech.vn\/en\/wp-json\/wp\/v2\/product_brand?post=3739"},{"taxonomy":"product_cat","embeddable":true,"href":"https:\/\/phukienflytech.vn\/en\/wp-json\/wp\/v2\/product_cat?post=3739"},{"taxonomy":"product_tag","embeddable":true,"href":"https:\/\/phukienflytech.vn\/en\/wp-json\/wp\/v2\/product_tag?post=3739"}],"curies":[{"name":"wp","href":"https:\/\/api.w.org\/{rel}","templated":true}]}}