{"id":3751,"date":"2020-06-18T06:54:45","date_gmt":"2020-06-17T23:54:45","guid":{"rendered":"http:\/\/27430.lamdx.vinawebsite.vn\/san-pham\/tam-bao-ve-joystick-va-man-hinh-dji-smart-controller.html"},"modified":"2020-10-12T12:05:51","modified_gmt":"2020-10-12T05:05:51","slug":"smart-controller-cover-panel","status":"publish","type":"product","link":"https:\/\/phukienflytech.vn\/en\/san-pham\/smart-controller-cover-panel.html","title":{"rendered":"DJI Smart Controller joystick screen protection cover panel"},"content":{"rendered":"<h2><span style=\"color: #0000ff;\"><em><strong>Smart Controller cover panel<\/strong> <\/em><\/span><\/h2>\n<p>&nbsp;<\/p>\n<p><span style=\"font-size: 18px;\">Smart Controller cover panel<\/span><\/p>\n<p><span style=\"font-size: 18px;\">V\u00e0o cu\u1ed1i th\u00e1ng 3 n\u0103m 2019 , DJI \u0111\u00e3 cho ra m\u1eaft phi\u00ean b\u1ea3n \u0111\u01b0\u1ee3c xem l\u00e0 n\u00e2ng c\u1ea5p c\u1ee7a DJI Mavic 2 pro v\u00e0 DJI Mavic 2 zoom v\u1edbi m\u1eabu \u0111i\u1ec1u khi\u1ec3n th\u00f4ng minh t\u00edch h\u1ee3p b\u00e0n h\u00ecnh hi\u1ec3n th\u1ecb 5.5 inch li\u1ec1n.<\/span><\/p>\n<h2><span style=\"font-size: 20px; color: #0000ff;\"><strong><em><img loading=\"lazy\" decoding=\"async\" class=\"alignnone wp-image-12074\" src=\"https:\/\/phukienflytech.vn\/wp-content\/uploads\/2020\/05\/tam-bao-ve-joystick-va-man-hinh-dji-smart-controller-3740-4-713x400.jpg\" alt=\"\" width=\"592\" height=\"332\" srcset=\"https:\/\/phukienflytech.vn\/wp-content\/uploads\/2020\/05\/tam-bao-ve-joystick-va-man-hinh-dji-smart-controller-3740-4-713x400.jpg 713w, https:\/\/phukienflytech.vn\/wp-content\/uploads\/2020\/05\/tam-bao-ve-joystick-va-man-hinh-dji-smart-controller-3740-4-768x431.jpg 768w, https:\/\/phukienflytech.vn\/wp-content\/uploads\/2020\/05\/tam-bao-ve-joystick-va-man-hinh-dji-smart-controller-3740-4-600x336.jpg 600w, https:\/\/phukienflytech.vn\/wp-content\/uploads\/2020\/05\/tam-bao-ve-joystick-va-man-hinh-dji-smart-controller-3740-4.jpg 997w\" sizes=\"auto, (max-width: 592px) 100vw, 592px\" \/><\/em><\/strong><\/span><\/h2>\n<p><span style=\"font-size: 18px;\">\u0110\u00e2y \u0111\u01b0\u1ee3c xem l\u00e0 m\u1ed9t b\u1ea3n n\u00e2ng c\u1ea5p kh\u00f4ng ch\u1ec9 t\u1ea1o ra s\u1ef1 thu\u1eadn ti\u1ec7n m\u00e0 ch\u00fang c\u00f2n \u0111em l\u1ea1i m\u1ed9t tr\u1ea3i nghi\u1ec7m tuy\u1ec7t v\u1eddi trong su\u1ed1t qu\u00e1 tr\u00ecnh bay c\u0169ng nh\u01b0 s\u1ef1 an to\u00e0n k\u1ebft n\u1ed1i . Do v\u1eady phi\u00ean b\u1ea3n\u00a0<em><strong>Mavic 2 v\u1edbi DJI Smart Controller<\/strong>\u00a0<\/em>\u0111ang \u0111\u01b0\u1ee3c s\u1ef1 s\u0103n \u0111\u00f3n c\u1ee7a \u0111\u1ea1i da s\u1ed1 nh\u1eefng ng\u01b0\u1eddi l\u00e0m ngh\u1ec1 quay ch\u1ee5p.<\/span><\/p>\n<h2><span style=\"font-size: 20px; color: #0000ff;\"><strong><em><img loading=\"lazy\" decoding=\"async\" class=\"alignnone size-medium wp-image-12076\" src=\"https:\/\/phukienflytech.vn\/wp-content\/uploads\/2020\/05\/tam-bao-ve-joystick-va-man-hinh-dji-smart-controller-3740-1-1-400x400.jpg\" alt=\"\" width=\"400\" height=\"400\" srcset=\"https:\/\/phukienflytech.vn\/wp-content\/uploads\/2020\/05\/tam-bao-ve-joystick-va-man-hinh-dji-smart-controller-3740-1-1-400x400.jpg 400w, https:\/\/phukienflytech.vn\/wp-content\/uploads\/2020\/05\/tam-bao-ve-joystick-va-man-hinh-dji-smart-controller-3740-1-1-280x280.jpg 280w, https:\/\/phukienflytech.vn\/wp-content\/uploads\/2020\/05\/tam-bao-ve-joystick-va-man-hinh-dji-smart-controller-3740-1-1-768x768.jpg 768w, https:\/\/phukienflytech.vn\/wp-content\/uploads\/2020\/05\/tam-bao-ve-joystick-va-man-hinh-dji-smart-controller-3740-1-1-800x800.jpg 800w, https:\/\/phukienflytech.vn\/wp-content\/uploads\/2020\/05\/tam-bao-ve-joystick-va-man-hinh-dji-smart-controller-3740-1-1-300x300.jpg 300w, https:\/\/phukienflytech.vn\/wp-content\/uploads\/2020\/05\/tam-bao-ve-joystick-va-man-hinh-dji-smart-controller-3740-1-1-600x600.jpg 600w, https:\/\/phukienflytech.vn\/wp-content\/uploads\/2020\/05\/tam-bao-ve-joystick-va-man-hinh-dji-smart-controller-3740-1-1-100x100.jpg 100w, https:\/\/phukienflytech.vn\/wp-content\/uploads\/2020\/05\/tam-bao-ve-joystick-va-man-hinh-dji-smart-controller-3740-1-1.jpg 1000w\" sizes=\"auto, (max-width: 400px) 100vw, 400px\" \/><\/em><\/strong><\/span><\/h2>\n<p><span style=\"font-size: 18px;\"><em><strong>DJI Smart controller<\/strong><\/em>\u00a0c\u00f3 m\u1ed9t \u0111i\u1ec3m y\u1ebfu d\u1ec5 b\u1ecb t\u1ed5n th\u01b0\u1edfng v\u00e0 h\u01b0 h\u1ea1i m\u00e0 ai trong ch\u00fang ta c\u0169ng \u0111\u1ec1u c\u00f3 th\u1ec3 nh\u1eadn ra \u0111\u00f3 ch\u00ednh l\u00e0 m\u00e0n h\u00ecnh \u0111i\u1ec1u khi\u1ec3n l\u1edbn. Trong su\u1ed1t qu\u00e1 tr\u00ecnh v\u1eadn chuy\u1ec3n, m\u1eb7c d\u00f9 \u0111\u00e3 \u0111\u01b0\u1ee3c c\u1ea5t v\u00e0o trong balo, t\u00fai \u0111\u1ef1ng hay vali DJI Mavic 2 pro zoom nh\u01b0ng b\u1ea1n s\u1ebd kh\u00f3 \u0111\u1ea3m b\u1ea3o \u0111\u01b0\u1ee3c m\u00e0n h\u00ecnh v\u00e0 joystick<em><strong>\u00a0Smart Controller<\/strong><\/em> s\u1ebd kh\u00f4ng b\u1ecb t\u1ed5n h\u1ea1i, x\u01b0\u1edbc x\u00e1t ho\u1eb7c th\u1eadm ch\u00ed l\u00e0 b\u1ecb n\u1ee9t v\u1ee1 cho ch\u1ea5n \u0111\u1ed9ng ngo\u1ea1i l\u1ef1c manh.<\/span><\/p>\n<h2><span style=\"font-size: 20px; color: #0000ff;\"><strong><em><img loading=\"lazy\" decoding=\"async\" class=\"alignnone wp-image-12078 size-medium\" src=\"https:\/\/phukienflytech.vn\/wp-content\/uploads\/2020\/05\/tam-bao-ve-joystick-va-man-hinh-dji-smart-controller-3740-2-1-400x400.jpg\" alt=\"Smart-Controller-cover-panel -9\" width=\"400\" height=\"400\" srcset=\"https:\/\/phukienflytech.vn\/wp-content\/uploads\/2020\/05\/tam-bao-ve-joystick-va-man-hinh-dji-smart-controller-3740-2-1-400x400.jpg 400w, https:\/\/phukienflytech.vn\/wp-content\/uploads\/2020\/05\/tam-bao-ve-joystick-va-man-hinh-dji-smart-controller-3740-2-1-280x280.jpg 280w, https:\/\/phukienflytech.vn\/wp-content\/uploads\/2020\/05\/tam-bao-ve-joystick-va-man-hinh-dji-smart-controller-3740-2-1-768x768.jpg 768w, https:\/\/phukienflytech.vn\/wp-content\/uploads\/2020\/05\/tam-bao-ve-joystick-va-man-hinh-dji-smart-controller-3740-2-1-800x800.jpg 800w, https:\/\/phukienflytech.vn\/wp-content\/uploads\/2020\/05\/tam-bao-ve-joystick-va-man-hinh-dji-smart-controller-3740-2-1-300x300.jpg 300w, https:\/\/phukienflytech.vn\/wp-content\/uploads\/2020\/05\/tam-bao-ve-joystick-va-man-hinh-dji-smart-controller-3740-2-1-600x600.jpg 600w, https:\/\/phukienflytech.vn\/wp-content\/uploads\/2020\/05\/tam-bao-ve-joystick-va-man-hinh-dji-smart-controller-3740-2-1-100x100.jpg 100w, https:\/\/phukienflytech.vn\/wp-content\/uploads\/2020\/05\/tam-bao-ve-joystick-va-man-hinh-dji-smart-controller-3740-2-1.jpg 1000w\" sizes=\"auto, (max-width: 400px) 100vw, 400px\" \/><\/em><\/strong><\/span><\/h2>\n<p><span style=\"font-size: 18px;\">C\u00e1ch t\u1ed1t nh\u1ea5t \u0111\u1ec3 ch\u1eafc ch\u1eafn l\u00e0 s\u1eed d\u1ee5ng ngay t\u1ea5m b\u1ea3o v\u1ec7 smart controller<\/span><\/p>\n<p>&nbsp;<\/p>\n<h2><span style=\"font-size: 21px;\"><strong><span style=\"color: #0000ff;\">Th\u00f4ng tin s\u1ea3n ph\u1ea9m t\u1ea5m b\u1ea3o v\u1ec7 smart controller<\/span><\/strong><\/span><\/h2>\n<p><span style=\"font-size: 18px;\">Ch\u1ea5t li\u1ec7u : nh\u1ef1a \u0111\u00fac c\u1ee9ng<\/span><\/p>\n<p><span style=\"font-size: 18px;\">M\u00e0u s\u1eafc : \u0110en tuy\u1ec1n<\/span><\/p>\n<p><span style=\"font-size: 18px;\">C\u00f4ng d\u1ee5ng : c\u1ed1 \u0111\u1ecbnh joystick v\u00e0 che m\u00e0n h\u00ecnh \u0111i\u1ec1u ki\u1ec3n DJI Smart Controller<\/span><\/p>\n<p><span style=\"font-size: 18px;\">Nh\u00e0 s\u1ea3n xu\u1ea5t : Sunnylife<\/span><\/p>\n<h2><span style=\"font-size: 20px; color: #0000ff;\"><strong><em><img loading=\"lazy\" decoding=\"async\" class=\"alignnone wp-image-12080 size-medium\" src=\"https:\/\/phukienflytech.vn\/wp-content\/uploads\/2020\/05\/tam-bao-ve-joystick-va-man-hinh-dji-smart-controller-3740-3-1-400x400.jpg\" alt=\"Smart-Controller-cover-panel \" width=\"400\" height=\"400\" srcset=\"https:\/\/phukienflytech.vn\/wp-content\/uploads\/2020\/05\/tam-bao-ve-joystick-va-man-hinh-dji-smart-controller-3740-3-1-400x400.jpg 400w, https:\/\/phukienflytech.vn\/wp-content\/uploads\/2020\/05\/tam-bao-ve-joystick-va-man-hinh-dji-smart-controller-3740-3-1-280x280.jpg 280w, https:\/\/phukienflytech.vn\/wp-content\/uploads\/2020\/05\/tam-bao-ve-joystick-va-man-hinh-dji-smart-controller-3740-3-1-768x768.jpg 768w, https:\/\/phukienflytech.vn\/wp-content\/uploads\/2020\/05\/tam-bao-ve-joystick-va-man-hinh-dji-smart-controller-3740-3-1-800x800.jpg 800w, https:\/\/phukienflytech.vn\/wp-content\/uploads\/2020\/05\/tam-bao-ve-joystick-va-man-hinh-dji-smart-controller-3740-3-1-300x300.jpg 300w, https:\/\/phukienflytech.vn\/wp-content\/uploads\/2020\/05\/tam-bao-ve-joystick-va-man-hinh-dji-smart-controller-3740-3-1-600x600.jpg 600w, https:\/\/phukienflytech.vn\/wp-content\/uploads\/2020\/05\/tam-bao-ve-joystick-va-man-hinh-dji-smart-controller-3740-3-1-100x100.jpg 100w, https:\/\/phukienflytech.vn\/wp-content\/uploads\/2020\/05\/tam-bao-ve-joystick-va-man-hinh-dji-smart-controller-3740-3-1.jpg 1000w\" sizes=\"auto, (max-width: 400px) 100vw, 400px\" \/><\/em><\/strong><\/span><\/h2>\n<p><span style=\"font-size: 18px;\">Xem th\u00eam &gt;&gt;&gt;&gt; <span style=\"font-size: 20px;\"><a href=\"https:\/\/phukienflytech.vn\/danh-muc\/phu-kien-mavic-2.html\" target=\"_blank\" rel=\"noopener noreferrer\">Ph\u1ee5 ki\u1ec7n mavic 2\u00a0<\/a><\/span><\/span><\/p>\n<p><span style=\"font-size: 18px;\">Li\u00ean h\u1ec7 v\u1edbi ch\u00fang t\u00f4i qua <a href=\"https:\/\/www.facebook.com\/phukienflycam\" target=\"_blank\" rel=\"noopener noreferrer\">Fanpage<\/a><\/span><\/p>\n","protected":false},"excerpt":{"rendered":"<p>Smart Controller cover panel &nbsp; Smart Controller cover panel V\u00e0o cu\u1ed1i th\u00e1ng 3 n\u0103m 2019 , DJI \u0111\u00e3 cho ra m\u1eaft phi\u00ean b\u1ea3n \u0111\u01b0\u1ee3c xem l\u00e0 n\u00e2ng c\u1ea5p c\u1ee7a DJI Mavic 2 pro v\u00e0 DJI Mavic 2 zoom v\u1edbi m\u1eabu \u0111i\u1ec1u khi\u1ec3n th\u00f4ng minh t\u00edch h\u1ee3p b\u00e0n h\u00ecnh hi\u1ec3n th\u1ecb 5.5 inch li\u1ec1n. \u0110\u00e2y \u0111\u01b0\u1ee3c &#8230;<\/p>\n","protected":false},"featured_media":3750,"comment_status":"open","ping_status":"closed","template":"","meta":{"_acf_changed":false},"product_brand":[],"product_cat":[177],"product_tag":[206,209,283],"class_list":{"0":"post-3751","1":"product","2":"type-product","3":"status-publish","4":"has-post-thumbnail","6":"product_cat-mavic-2s-accessory","7":"product_tag-phu-kien-dji-en","8":"product_tag-phu-kien-mavic-2-en","9":"product_tag-phu-kien-smart-controller-en","11":"first","12":"instock","13":"shipping-taxable","14":"purchasable","15":"product-type-simple"},"acf":[],"yoast_head":"<!-- This site is optimized with the Yoast SEO plugin v25.7 - https:\/\/yoast.com\/wordpress\/plugins\/seo\/ -->\n<title>Smart Controller cover panel - Mavic 2 accessory - Available - Original<\/title>\n<meta name=\"description\" content=\"Smart Controller cover panel is one of the most important accessory. Contact us to buy Smart Controller cover panel for best price...\" \/>\n<meta name=\"robots\" content=\"index, follow, max-snippet:-1, max-image-preview:large, max-video-preview:-1\" \/>\n<link rel=\"canonical\" href=\"https:\/\/phukienflytech.vn\/en\/san-pham\/smart-controller-cover-panel.html\" \/>\n<meta property=\"og:locale\" content=\"en_US\" \/>\n<meta property=\"og:type\" content=\"article\" \/>\n<meta property=\"og:title\" content=\"Smart Controller cover panel - Mavic 2 accessory - Available - Original\" \/>\n<meta property=\"og:description\" content=\"Smart Controller cover panel is one of the most important accessory. Contact us to buy Smart Controller cover panel for best price...\" \/>\n<meta property=\"og:url\" content=\"https:\/\/phukienflytech.vn\/en\/san-pham\/smart-controller-cover-panel.html\" \/>\n<meta property=\"og:site_name\" content=\"Shop M\u00e1y \u1ea3nh - Action Camera - Gimbal - Flycam - Ph\u1ee5 ki\u1ec7n\" \/>\n<meta property=\"article:publisher\" content=\"https:\/\/facebook.com\/phukienflycam\" \/>\n<meta property=\"article:modified_time\" content=\"2020-10-12T05:05:51+00:00\" \/>\n<meta property=\"og:image\" content=\"https:\/\/phukienflytech.vn\/wp-content\/uploads\/2020\/05\/bao-vA-man-hinh-dji-smart-controller-mavic-42_-_Copy-1.png\" \/>\n\t<meta property=\"og:image:width\" content=\"300\" \/>\n\t<meta property=\"og:image:height\" content=\"300\" \/>\n\t<meta property=\"og:image:type\" content=\"image\/png\" \/>\n<meta name=\"twitter:card\" content=\"summary_large_image\" \/>\n<meta name=\"twitter:label1\" content=\"Est. reading time\" \/>\n\t<meta name=\"twitter:data1\" content=\"2 minutes\" \/>\n<script type=\"application\/ld+json\" class=\"yoast-schema-graph\">{\"@context\":\"https:\/\/schema.org\",\"@graph\":[{\"@type\":\"WebPage\",\"@id\":\"https:\/\/phukienflytech.vn\/en\/san-pham\/smart-controller-cover-panel.html\",\"url\":\"https:\/\/phukienflytech.vn\/en\/san-pham\/smart-controller-cover-panel.html\",\"name\":\"Smart Controller cover panel - Mavic 2 accessory - Available - Original\",\"isPartOf\":{\"@id\":\"https:\/\/phukienflytech.vn\/#website\"},\"primaryImageOfPage\":{\"@id\":\"https:\/\/phukienflytech.vn\/en\/san-pham\/smart-controller-cover-panel.html#primaryimage\"},\"image\":{\"@id\":\"https:\/\/phukienflytech.vn\/en\/san-pham\/smart-controller-cover-panel.html#primaryimage\"},\"thumbnailUrl\":\"https:\/\/phukienflytech.vn\/wp-content\/uploads\/2020\/05\/bao-vA-man-hinh-dji-smart-controller-mavic-42_-_Copy-1.png\",\"datePublished\":\"2020-06-17T23:54:45+00:00\",\"dateModified\":\"2020-10-12T05:05:51+00:00\",\"description\":\"Smart Controller cover panel is one of the most important accessory. Contact us to buy Smart Controller cover panel for best price...\",\"breadcrumb\":{\"@id\":\"https:\/\/phukienflytech.vn\/en\/san-pham\/smart-controller-cover-panel.html#breadcrumb\"},\"inLanguage\":\"en-US\",\"potentialAction\":[{\"@type\":\"ReadAction\",\"target\":[\"https:\/\/phukienflytech.vn\/en\/san-pham\/smart-controller-cover-panel.html\"]}]},{\"@type\":\"ImageObject\",\"inLanguage\":\"en-US\",\"@id\":\"https:\/\/phukienflytech.vn\/en\/san-pham\/smart-controller-cover-panel.html#primaryimage\",\"url\":\"https:\/\/phukienflytech.vn\/wp-content\/uploads\/2020\/05\/bao-vA-man-hinh-dji-smart-controller-mavic-42_-_Copy-1.png\",\"contentUrl\":\"https:\/\/phukienflytech.vn\/wp-content\/uploads\/2020\/05\/bao-vA-man-hinh-dji-smart-controller-mavic-42_-_Copy-1.png\",\"width\":300,\"height\":300},{\"@type\":\"BreadcrumbList\",\"@id\":\"https:\/\/phukienflytech.vn\/en\/san-pham\/smart-controller-cover-panel.html#breadcrumb\",\"itemListElement\":[{\"@type\":\"ListItem\",\"position\":1,\"name\":\"Home\",\"item\":\"https:\/\/phukienflytech.vn\/en\"},{\"@type\":\"ListItem\",\"position\":2,\"name\":\"Ph\u1ee5 ki\u1ec7n Mavic Pro\",\"item\":\"https:\/\/phukienflytech.vn\/en\/phu-kien-mavic-pro.html\"},{\"@type\":\"ListItem\",\"position\":3,\"name\":\"DJI Osmo &amp; Drone's accessories\",\"item\":\"https:\/\/phukienflytech.vn\/en\/danh-muc\/dji-osmo-drones-accessories.html\"},{\"@type\":\"ListItem\",\"position\":4,\"name\":\"Ph\u1ee5 ki\u1ec7n DJI Mavic 2\",\"item\":\"https:\/\/phukienflytech.vn\/en\/danh-muc\/mavic-2s-accessory.html\"},{\"@type\":\"ListItem\",\"position\":5,\"name\":\"DJI Smart Controller joystick screen protection cover panel\"}]},{\"@type\":\"WebSite\",\"@id\":\"https:\/\/phukienflytech.vn\/#website\",\"url\":\"https:\/\/phukienflytech.vn\/\",\"name\":\"Shop M\u00e1y \u1ea3nh - Action Camera - Gimbal - Flycam - Ph\u1ee5 ki\u1ec7n\",\"description\":\"Shop M\u00e1y \u1ea3nh - Action Camera - Gimbal - Flycam - Ph\u1ee5 ki\u1ec7n\",\"publisher\":{\"@id\":\"https:\/\/phukienflytech.vn\/#organization\"},\"potentialAction\":[{\"@type\":\"SearchAction\",\"target\":{\"@type\":\"EntryPoint\",\"urlTemplate\":\"https:\/\/phukienflytech.vn\/?s={search_term_string}\"},\"query-input\":{\"@type\":\"PropertyValueSpecification\",\"valueRequired\":true,\"valueName\":\"search_term_string\"}}],\"inLanguage\":\"en-US\"},{\"@type\":\"Organization\",\"@id\":\"https:\/\/phukienflytech.vn\/#organization\",\"name\":\"DJI Store - Shop Drone, Action camera, Gimbal DJI |Phukienflytech\",\"alternateName\":\"DJI Store - Shop Drone, Action camera, Gimbal DJI |Phukienflytech\",\"url\":\"https:\/\/phukienflytech.vn\/\",\"logo\":{\"@type\":\"ImageObject\",\"inLanguage\":\"en-US\",\"@id\":\"https:\/\/phukienflytech.vn\/#\/schema\/logo\/image\/\",\"url\":\"https:\/\/phukienflytech.vn\/wp-content\/uploads\/2020\/05\/hAnh_nan.jpg1_.jpg\",\"contentUrl\":\"https:\/\/phukienflytech.vn\/wp-content\/uploads\/2020\/05\/hAnh_nan.jpg1_.jpg\",\"width\":800,\"height\":450,\"caption\":\"DJI Store - Shop Drone, Action camera, Gimbal DJI |Phukienflytech\"},\"image\":{\"@id\":\"https:\/\/phukienflytech.vn\/#\/schema\/logo\/image\/\"},\"sameAs\":[\"https:\/\/facebook.com\/phukienflycam\",\"https:\/\/www.youtube.com\/@phukienflytech\",\"https:\/\/www.tiktok.com\/@flytech.channel?fbclid=IwY2xjawGjg7BleHRuA2FlbQIxMAABHYVGmlXpuSMs0UB2zTpYvyT4GMVfN2qJa4urF4vkSQ6FAVBwXZtDP30qQA_aem_UwMiDcUvlEbd2tXAmsc8Og\"]}]}<\/script>\n<!-- \/ Yoast SEO plugin. -->","yoast_head_json":{"title":"Smart Controller cover panel - Mavic 2 accessory - Available - Original","description":"Smart Controller cover panel is one of the most important accessory. Contact us to buy Smart Controller cover panel for best price...","robots":{"index":"index","follow":"follow","max-snippet":"max-snippet:-1","max-image-preview":"max-image-preview:large","max-video-preview":"max-video-preview:-1"},"canonical":"https:\/\/phukienflytech.vn\/en\/san-pham\/smart-controller-cover-panel.html","og_locale":"en_US","og_type":"article","og_title":"Smart Controller cover panel - Mavic 2 accessory - Available - Original","og_description":"Smart Controller cover panel is one of the most important accessory. Contact us to buy Smart Controller cover panel for best price...","og_url":"https:\/\/phukienflytech.vn\/en\/san-pham\/smart-controller-cover-panel.html","og_site_name":"Shop M\u00e1y \u1ea3nh - Action Camera - Gimbal - Flycam - Ph\u1ee5 ki\u1ec7n","article_publisher":"https:\/\/facebook.com\/phukienflycam","article_modified_time":"2020-10-12T05:05:51+00:00","og_image":[{"width":300,"height":300,"url":"https:\/\/phukienflytech.vn\/wp-content\/uploads\/2020\/05\/bao-vA-man-hinh-dji-smart-controller-mavic-42_-_Copy-1.png","type":"image\/png"}],"twitter_card":"summary_large_image","twitter_misc":{"Est. reading time":"2 minutes"},"schema":{"@context":"https:\/\/schema.org","@graph":[{"@type":"WebPage","@id":"https:\/\/phukienflytech.vn\/en\/san-pham\/smart-controller-cover-panel.html","url":"https:\/\/phukienflytech.vn\/en\/san-pham\/smart-controller-cover-panel.html","name":"Smart Controller cover panel - Mavic 2 accessory - Available - Original","isPartOf":{"@id":"https:\/\/phukienflytech.vn\/#website"},"primaryImageOfPage":{"@id":"https:\/\/phukienflytech.vn\/en\/san-pham\/smart-controller-cover-panel.html#primaryimage"},"image":{"@id":"https:\/\/phukienflytech.vn\/en\/san-pham\/smart-controller-cover-panel.html#primaryimage"},"thumbnailUrl":"https:\/\/phukienflytech.vn\/wp-content\/uploads\/2020\/05\/bao-vA-man-hinh-dji-smart-controller-mavic-42_-_Copy-1.png","datePublished":"2020-06-17T23:54:45+00:00","dateModified":"2020-10-12T05:05:51+00:00","description":"Smart Controller cover panel is one of the most important accessory. Contact us to buy Smart Controller cover panel for best price...","breadcrumb":{"@id":"https:\/\/phukienflytech.vn\/en\/san-pham\/smart-controller-cover-panel.html#breadcrumb"},"inLanguage":"en-US","potentialAction":[{"@type":"ReadAction","target":["https:\/\/phukienflytech.vn\/en\/san-pham\/smart-controller-cover-panel.html"]}]},{"@type":"ImageObject","inLanguage":"en-US","@id":"https:\/\/phukienflytech.vn\/en\/san-pham\/smart-controller-cover-panel.html#primaryimage","url":"https:\/\/phukienflytech.vn\/wp-content\/uploads\/2020\/05\/bao-vA-man-hinh-dji-smart-controller-mavic-42_-_Copy-1.png","contentUrl":"https:\/\/phukienflytech.vn\/wp-content\/uploads\/2020\/05\/bao-vA-man-hinh-dji-smart-controller-mavic-42_-_Copy-1.png","width":300,"height":300},{"@type":"BreadcrumbList","@id":"https:\/\/phukienflytech.vn\/en\/san-pham\/smart-controller-cover-panel.html#breadcrumb","itemListElement":[{"@type":"ListItem","position":1,"name":"Home","item":"https:\/\/phukienflytech.vn\/en"},{"@type":"ListItem","position":2,"name":"Ph\u1ee5 ki\u1ec7n Mavic Pro","item":"https:\/\/phukienflytech.vn\/en\/phu-kien-mavic-pro.html"},{"@type":"ListItem","position":3,"name":"DJI Osmo &amp; Drone's accessories","item":"https:\/\/phukienflytech.vn\/en\/danh-muc\/dji-osmo-drones-accessories.html"},{"@type":"ListItem","position":4,"name":"Ph\u1ee5 ki\u1ec7n DJI Mavic 2","item":"https:\/\/phukienflytech.vn\/en\/danh-muc\/mavic-2s-accessory.html"},{"@type":"ListItem","position":5,"name":"DJI Smart Controller joystick screen protection cover panel"}]},{"@type":"WebSite","@id":"https:\/\/phukienflytech.vn\/#website","url":"https:\/\/phukienflytech.vn\/","name":"Shop M\u00e1y \u1ea3nh - Action Camera - Gimbal - Flycam - Ph\u1ee5 ki\u1ec7n","description":"Shop M\u00e1y \u1ea3nh - Action Camera - Gimbal - Flycam - Ph\u1ee5 ki\u1ec7n","publisher":{"@id":"https:\/\/phukienflytech.vn\/#organization"},"potentialAction":[{"@type":"SearchAction","target":{"@type":"EntryPoint","urlTemplate":"https:\/\/phukienflytech.vn\/?s={search_term_string}"},"query-input":{"@type":"PropertyValueSpecification","valueRequired":true,"valueName":"search_term_string"}}],"inLanguage":"en-US"},{"@type":"Organization","@id":"https:\/\/phukienflytech.vn\/#organization","name":"DJI Store - Shop Drone, Action camera, Gimbal DJI |Phukienflytech","alternateName":"DJI Store - Shop Drone, Action camera, Gimbal DJI |Phukienflytech","url":"https:\/\/phukienflytech.vn\/","logo":{"@type":"ImageObject","inLanguage":"en-US","@id":"https:\/\/phukienflytech.vn\/#\/schema\/logo\/image\/","url":"https:\/\/phukienflytech.vn\/wp-content\/uploads\/2020\/05\/hAnh_nan.jpg1_.jpg","contentUrl":"https:\/\/phukienflytech.vn\/wp-content\/uploads\/2020\/05\/hAnh_nan.jpg1_.jpg","width":800,"height":450,"caption":"DJI Store - Shop Drone, Action camera, Gimbal DJI |Phukienflytech"},"image":{"@id":"https:\/\/phukienflytech.vn\/#\/schema\/logo\/image\/"},"sameAs":["https:\/\/facebook.com\/phukienflycam","https:\/\/www.youtube.com\/@phukienflytech","https:\/\/www.tiktok.com\/@flytech.channel?fbclid=IwY2xjawGjg7BleHRuA2FlbQIxMAABHYVGmlXpuSMs0UB2zTpYvyT4GMVfN2qJa4urF4vkSQ6FAVBwXZtDP30qQA_aem_UwMiDcUvlEbd2tXAmsc8Og"]}]}},"_links":{"self":[{"href":"https:\/\/phukienflytech.vn\/en\/wp-json\/wp\/v2\/product\/3751","targetHints":{"allow":["GET"]}}],"collection":[{"href":"https:\/\/phukienflytech.vn\/en\/wp-json\/wp\/v2\/product"}],"about":[{"href":"https:\/\/phukienflytech.vn\/en\/wp-json\/wp\/v2\/types\/product"}],"replies":[{"embeddable":true,"href":"https:\/\/phukienflytech.vn\/en\/wp-json\/wp\/v2\/comments?post=3751"}],"wp:featuredmedia":[{"embeddable":true,"href":"https:\/\/phukienflytech.vn\/en\/wp-json\/wp\/v2\/media\/3750"}],"wp:attachment":[{"href":"https:\/\/phukienflytech.vn\/en\/wp-json\/wp\/v2\/media?parent=3751"}],"wp:term":[{"taxonomy":"product_brand","embeddable":true,"href":"https:\/\/phukienflytech.vn\/en\/wp-json\/wp\/v2\/product_brand?post=3751"},{"taxonomy":"product_cat","embeddable":true,"href":"https:\/\/phukienflytech.vn\/en\/wp-json\/wp\/v2\/product_cat?post=3751"},{"taxonomy":"product_tag","embeddable":true,"href":"https:\/\/phukienflytech.vn\/en\/wp-json\/wp\/v2\/product_tag?post=3751"}],"curies":[{"name":"wp","href":"https:\/\/api.w.org\/{rel}","templated":true}]}}