{"id":3805,"date":"2020-06-16T09:35:50","date_gmt":"2020-06-16T02:35:50","guid":{"rendered":"http:\/\/27430.lamdx.vinawebsite.vn\/san-pham\/combo-kich-song-cuc-dai-cho-phantom-3-standard-se.html"},"modified":"2020-10-15T21:44:22","modified_gmt":"2020-10-15T14:44:22","slug":"antena-booster-phantom-3s-se","status":"publish","type":"product","link":"https:\/\/phukienflytech.vn\/en\/san-pham\/antena-booster-phantom-3s-se.html","title":{"rendered":"Extension antena booster Mod for Phantom 3 S\/ SE"},"content":{"rendered":"<h2><span style=\"color: #0000ff;\"><em><strong><span style=\"font-size: 21px;\">Antena Booster Phantom 3 S\/ SE<\/span><\/strong><\/em><\/span><\/h2>\n<p><span style=\"font-size: 18px;\">Antena Booster Phantom 3 S\/ SE<\/span><\/p>\n<p><span style=\"font-size: 18px;\">N\u1ebfu ai y\u00eau th\u00edch chinh ph\u1ee5c kho\u1ea3ng c\u00e1ch bay c\u1ee7a chi\u1ebfc flycam Phantom 3standard c\u1ee7a m\u00ecnh th\u00ec s\u1ebd kh\u00f4ng th\u1ec3 b\u1ecf l\u1ee1 b\u1ed9 Mod s\u00f3ng khu\u1ebfch \u0111\u1ea1i n\u00e0y. Bay xa h\u01a1n t\u1edbi 1200m so v\u1edbi b\u1ed9 g\u1ed1c.<\/span><\/p>\n<p>&nbsp;<\/p>\n<p><span style=\"font-size: 18px;\"><img loading=\"lazy\" decoding=\"async\" class=\"alignnone wp-image-13379 size-full\" src=\"https:\/\/phukienflytech.vn\/wp-content\/uploads\/2020\/05\/combo-kich-song-cuc-dai-cho-phantom-3-standard-se-3798.png\" alt=\"Antena-Booster-Phantom-3S\/SE\" width=\"450\" height=\"224\" \/><\/span><\/p>\n<p>&nbsp;<\/p>\n<p><span style=\"font-size: 18px;\"><em>Gi\u1edbi h\u1ea1n h\u01a1n 2000m l\u00e0 k\u1ebft qu\u1ea3 t\u1ed1t nh\u1ea5t sau khi MOD<\/em><\/span><\/p>\n<h2><strong><em><span style=\"font-size: 21px; color: #0000ff;\">Combo k\u00edch s\u00f3ng c\u1ef1c \u0111\u1ea1i Phantom 3standard g\u1ed3m:<\/span><\/em><\/strong><\/h2>\n<p><span style=\"font-size: 18px;\">+ 2 t\u1ea5m t\u00e1n s\u00f3ng h\u00ecnh vu\u00f4ng t\u1ea7n s\u1ed1\u2026 (2 b\u00ean \u2013 c\u1ed1 \u0111\u1ecbnh)<\/span><\/p>\n<p><span style=\"font-size: 18px;\">+ 1 t\u1ea5m t\u00e1n s\u00f3ng vu\u00f4ng t\u1ea5n s\u1ed1: \u2026 (\u1edf gi\u1eefa \u2013 thay th\u1ebf \u0111\u01b0\u1ee3c v\u1edbi c\u1ea7n t\u00e1n s\u00f3ng d\u00e0i)<\/span><\/p>\n<p><span style=\"font-size: 18px;\">+ 1 c\u1ea7n s\u00f3ng d\u00e0i t\u1ea5n s\u1ed1: \u2026. ( \u1edf gi\u1eefa \u2013 thay th\u1ebf v\u1edbi t\u1ea5m t\u00e1n s\u00f3ng vu\u00f4ng \u1edf gi\u1eefa)<\/span><\/p>\n<p><span style=\"font-size: 18px;\">+ \u0110\u1ebf g\u1eafn t\u1ea5m k\u00edch s\u00f3ng<\/span><\/p>\n<p><span style=\"font-size: 18px;\">+ c\u00e1c ph\u1ee5 t\u00f9ng h\u1ed7 tr\u1ee3 th\u00e1o l\u1eafp \u0111i\u1ec1u khi\u1ec3n<\/span><\/p>\n<p><span style=\"font-size: 18px;\">&#8211; V\u1edbi kh\u1ea3 n\u0103ng c\u00f3 th\u1ebf khu\u1ebfch \u0111\u1ea1i s\u00f3ng truy\u1ec1n h\u00ecnh \u1ea3nh , s\u00f3ng \u0111i\u1ec1u ki\u1ec3n khi\u1ec3n h\u01b0\u1edbng t\u1eeb \u0111i\u1ec1u khi\u1ec3n t\u1edbi m\u00e1y bay l\u00ean t\u1edbi 1100m<\/span><\/p>\n<p><span style=\"font-size: 18px;\">&#8211; R\u1ea5t d\u1ec5 thay th\u1ebf,\u00a0 v\u00e0 g\u1eafn v\u00e0o chi\u1ebfc \u0111i\u1ec1u khi\u1ec3n.<\/span><\/p>\n<p><span style=\"font-size: 18px;\">H\u00e3y \u0111\u1ec3\u00a0<a href=\"https:\/\/facebook.com\/phukienflycam\/\" target=\"_blank\" rel=\"noopener noreferrer\">Ph\u1ee5 Ki\u1ec7n Fly-cam Gi\u00e1 T\u1ed1t<\/a>\u00a0ti\u1ebfp s\u1ee9c \u0111am m\u00ea, c\u00f4ng vi\u1ec7c c\u1ee7a b\u1ea1n, gi\u00fap b\u1ea1n th\u00eam ni\u1ec1m h\u1ee9ng kh\u1edfi trong \u0111am m\u00ea c\u0169ng nh\u01b0 c\u00f4ng vi\u1ec7c c\u1ee7a m\u00ecnh th\u00eam su\u00f4n s\u1ebb v\u00e0 c\u00f3 nh\u1eefng chuy\u1ebfn bay an to\u00e0n<\/span><\/p>\n<p><span style=\"font-size: 18px;\">Nh\u00e0 s\u1ea3n xu\u1ea5t : ARGtek\u00a0<\/span><\/p>\n<p><span style=\"font-size: 18px;\">&gt;&gt; Contact us on: <a href=\"https:\/\/www.facebook.com\/phukienflycam\"><strong>Facebook<\/strong><\/a><\/span><\/p>\n<p><span style=\"font-size: 18px;\">&gt;&gt; Learn More : <a href=\"https:\/\/phukienflytech.vn\/danh-muc\/phu-kien-dji-phantom-3-series.html\"><strong>Phantom accessories<\/strong><\/a><\/span><\/p>\n","protected":false},"excerpt":{"rendered":"<p>Antena Booster Phantom 3 S\/ SE Antena Booster Phantom 3 S\/ SE N\u1ebfu ai y\u00eau th\u00edch chinh ph\u1ee5c kho\u1ea3ng c\u00e1ch bay c\u1ee7a chi\u1ebfc flycam Phantom 3standard c\u1ee7a m\u00ecnh th\u00ec s\u1ebd kh\u00f4ng th\u1ec3 b\u1ecf l\u1ee1 b\u1ed9 Mod s\u00f3ng khu\u1ebfch \u0111\u1ea1i n\u00e0y. Bay xa h\u01a1n t\u1edbi 1200m so v\u1edbi b\u1ed9 g\u1ed1c. &nbsp; &nbsp; Gi\u1edbi h\u1ea1n h\u01a1n 2000m &#8230;<\/p>\n","protected":false},"featured_media":16416,"comment_status":"open","ping_status":"closed","template":"","meta":{"_acf_changed":false},"product_brand":[],"product_cat":[176,183],"product_tag":[206,226,245,227],"class_list":{"0":"post-3805","1":"product","2":"type-product","3":"status-publish","4":"has-post-thumbnail","6":"product_cat-dji-osmo-drones-accessories","7":"product_cat-phantom-3-accessory","8":"product_tag-phu-kien-dji-en","9":"product_tag-phu-kien-phantom-en","10":"product_tag-phu-kien-phantom-3-en","11":"product_tag-phu-kien-phantom-4-en","13":"first","14":"instock","15":"sale","16":"shipping-taxable","17":"purchasable","18":"product-type-simple"},"acf":[],"yoast_head":"<!-- This site is optimized with the Yoast SEO plugin v25.7 - https:\/\/yoast.com\/wordpress\/plugins\/seo\/ -->\n<title>Antena Booster Phantom 3 S\/ SE - Sunnylife - Phantom accessory.<\/title>\n<meta name=\"description\" content=\"Antena Booster Phantom 3 S\/ SE is one of the most important accessory. Contact us to buy Antena Booster Phantom 3 S\/ SE for best price.\" \/>\n<meta name=\"robots\" content=\"index, follow, max-snippet:-1, max-image-preview:large, max-video-preview:-1\" \/>\n<link rel=\"canonical\" href=\"https:\/\/phukienflytech.vn\/en\/san-pham\/antena-booster-phantom-3s-se.html\" \/>\n<meta property=\"og:locale\" content=\"en_US\" \/>\n<meta property=\"og:type\" content=\"article\" \/>\n<meta property=\"og:title\" content=\"Antena Booster Phantom 3 S\/ SE - Sunnylife - Phantom accessory.\" \/>\n<meta property=\"og:description\" content=\"Antena Booster Phantom 3 S\/ SE is one of the most important accessory. Contact us to buy Antena Booster Phantom 3 S\/ SE for best price.\" \/>\n<meta property=\"og:url\" content=\"https:\/\/phukienflytech.vn\/en\/san-pham\/antena-booster-phantom-3s-se.html\" \/>\n<meta property=\"og:site_name\" content=\"Shop M\u00e1y \u1ea3nh - Action Camera - Gimbal - Flycam - Ph\u1ee5 ki\u1ec7n\" \/>\n<meta property=\"article:publisher\" content=\"https:\/\/facebook.com\/phukienflycam\" \/>\n<meta property=\"article:modified_time\" content=\"2020-10-15T14:44:22+00:00\" \/>\n<meta property=\"og:image\" content=\"https:\/\/phukienflytech.vn\/wp-content\/uploads\/2020\/05\/kichs3s-se.jpg\" \/>\n\t<meta property=\"og:image:width\" content=\"243\" \/>\n\t<meta property=\"og:image:height\" content=\"243\" \/>\n\t<meta property=\"og:image:type\" content=\"image\/jpeg\" \/>\n<meta name=\"twitter:card\" content=\"summary_large_image\" \/>\n<meta name=\"twitter:label1\" content=\"Est. reading time\" \/>\n\t<meta name=\"twitter:data1\" content=\"2 minutes\" \/>\n<script type=\"application\/ld+json\" class=\"yoast-schema-graph\">{\"@context\":\"https:\/\/schema.org\",\"@graph\":[{\"@type\":\"WebPage\",\"@id\":\"https:\/\/phukienflytech.vn\/en\/san-pham\/antena-booster-phantom-3s-se.html\",\"url\":\"https:\/\/phukienflytech.vn\/en\/san-pham\/antena-booster-phantom-3s-se.html\",\"name\":\"Antena Booster Phantom 3 S\/ SE - Sunnylife - Phantom accessory.\",\"isPartOf\":{\"@id\":\"https:\/\/phukienflytech.vn\/#website\"},\"primaryImageOfPage\":{\"@id\":\"https:\/\/phukienflytech.vn\/en\/san-pham\/antena-booster-phantom-3s-se.html#primaryimage\"},\"image\":{\"@id\":\"https:\/\/phukienflytech.vn\/en\/san-pham\/antena-booster-phantom-3s-se.html#primaryimage\"},\"thumbnailUrl\":\"https:\/\/phukienflytech.vn\/wp-content\/uploads\/2020\/05\/kichs3s-se.jpg\",\"datePublished\":\"2020-06-16T02:35:50+00:00\",\"dateModified\":\"2020-10-15T14:44:22+00:00\",\"description\":\"Antena Booster Phantom 3 S\/ SE is one of the most important accessory. Contact us to buy Antena Booster Phantom 3 S\/ SE for best price.\",\"breadcrumb\":{\"@id\":\"https:\/\/phukienflytech.vn\/en\/san-pham\/antena-booster-phantom-3s-se.html#breadcrumb\"},\"inLanguage\":\"en-US\",\"potentialAction\":[{\"@type\":\"ReadAction\",\"target\":[\"https:\/\/phukienflytech.vn\/en\/san-pham\/antena-booster-phantom-3s-se.html\"]}]},{\"@type\":\"ImageObject\",\"inLanguage\":\"en-US\",\"@id\":\"https:\/\/phukienflytech.vn\/en\/san-pham\/antena-booster-phantom-3s-se.html#primaryimage\",\"url\":\"https:\/\/phukienflytech.vn\/wp-content\/uploads\/2020\/05\/kichs3s-se.jpg\",\"contentUrl\":\"https:\/\/phukienflytech.vn\/wp-content\/uploads\/2020\/05\/kichs3s-se.jpg\",\"width\":243,\"height\":243},{\"@type\":\"BreadcrumbList\",\"@id\":\"https:\/\/phukienflytech.vn\/en\/san-pham\/antena-booster-phantom-3s-se.html#breadcrumb\",\"itemListElement\":[{\"@type\":\"ListItem\",\"position\":1,\"name\":\"Home\",\"item\":\"https:\/\/phukienflytech.vn\/en\"},{\"@type\":\"ListItem\",\"position\":2,\"name\":\"Ph\u1ee5 ki\u1ec7n Mavic Pro\",\"item\":\"https:\/\/phukienflytech.vn\/en\/phu-kien-mavic-pro.html\"},{\"@type\":\"ListItem\",\"position\":3,\"name\":\"Ph\u1ee5 ki\u1ec7n DJI - Osmo\",\"item\":\"https:\/\/phukienflytech.vn\/danh-muc\/phu-kien-dji-osmo.html\"},{\"@type\":\"ListItem\",\"position\":4,\"name\":\"Extension antena booster Mod for Phantom 3 S\/ SE\"}]},{\"@type\":\"WebSite\",\"@id\":\"https:\/\/phukienflytech.vn\/#website\",\"url\":\"https:\/\/phukienflytech.vn\/\",\"name\":\"Shop M\u00e1y \u1ea3nh - Action Camera - Gimbal - Flycam - Ph\u1ee5 ki\u1ec7n\",\"description\":\"Shop M\u00e1y \u1ea3nh - Action Camera - Gimbal - Flycam - Ph\u1ee5 ki\u1ec7n\",\"publisher\":{\"@id\":\"https:\/\/phukienflytech.vn\/#organization\"},\"potentialAction\":[{\"@type\":\"SearchAction\",\"target\":{\"@type\":\"EntryPoint\",\"urlTemplate\":\"https:\/\/phukienflytech.vn\/?s={search_term_string}\"},\"query-input\":{\"@type\":\"PropertyValueSpecification\",\"valueRequired\":true,\"valueName\":\"search_term_string\"}}],\"inLanguage\":\"en-US\"},{\"@type\":\"Organization\",\"@id\":\"https:\/\/phukienflytech.vn\/#organization\",\"name\":\"DJI Store - Shop Drone, Action camera, Gimbal DJI |Phukienflytech\",\"alternateName\":\"DJI Store - Shop Drone, Action camera, Gimbal DJI |Phukienflytech\",\"url\":\"https:\/\/phukienflytech.vn\/\",\"logo\":{\"@type\":\"ImageObject\",\"inLanguage\":\"en-US\",\"@id\":\"https:\/\/phukienflytech.vn\/#\/schema\/logo\/image\/\",\"url\":\"https:\/\/phukienflytech.vn\/wp-content\/uploads\/2020\/05\/hAnh_nan.jpg1_.jpg\",\"contentUrl\":\"https:\/\/phukienflytech.vn\/wp-content\/uploads\/2020\/05\/hAnh_nan.jpg1_.jpg\",\"width\":800,\"height\":450,\"caption\":\"DJI Store - Shop Drone, Action camera, Gimbal DJI |Phukienflytech\"},\"image\":{\"@id\":\"https:\/\/phukienflytech.vn\/#\/schema\/logo\/image\/\"},\"sameAs\":[\"https:\/\/facebook.com\/phukienflycam\",\"https:\/\/www.youtube.com\/@phukienflytech\",\"https:\/\/www.tiktok.com\/@flytech.channel?fbclid=IwY2xjawGjg7BleHRuA2FlbQIxMAABHYVGmlXpuSMs0UB2zTpYvyT4GMVfN2qJa4urF4vkSQ6FAVBwXZtDP30qQA_aem_UwMiDcUvlEbd2tXAmsc8Og\"]}]}<\/script>\n<!-- \/ Yoast SEO plugin. -->","yoast_head_json":{"title":"Antena Booster Phantom 3 S\/ SE - Sunnylife - Phantom accessory.","description":"Antena Booster Phantom 3 S\/ SE is one of the most important accessory. Contact us to buy Antena Booster Phantom 3 S\/ SE for best price.","robots":{"index":"index","follow":"follow","max-snippet":"max-snippet:-1","max-image-preview":"max-image-preview:large","max-video-preview":"max-video-preview:-1"},"canonical":"https:\/\/phukienflytech.vn\/en\/san-pham\/antena-booster-phantom-3s-se.html","og_locale":"en_US","og_type":"article","og_title":"Antena Booster Phantom 3 S\/ SE - Sunnylife - Phantom accessory.","og_description":"Antena Booster Phantom 3 S\/ SE is one of the most important accessory. Contact us to buy Antena Booster Phantom 3 S\/ SE for best price.","og_url":"https:\/\/phukienflytech.vn\/en\/san-pham\/antena-booster-phantom-3s-se.html","og_site_name":"Shop M\u00e1y \u1ea3nh - Action Camera - Gimbal - Flycam - Ph\u1ee5 ki\u1ec7n","article_publisher":"https:\/\/facebook.com\/phukienflycam","article_modified_time":"2020-10-15T14:44:22+00:00","og_image":[{"width":243,"height":243,"url":"https:\/\/phukienflytech.vn\/wp-content\/uploads\/2020\/05\/kichs3s-se.jpg","type":"image\/jpeg"}],"twitter_card":"summary_large_image","twitter_misc":{"Est. reading time":"2 minutes"},"schema":{"@context":"https:\/\/schema.org","@graph":[{"@type":"WebPage","@id":"https:\/\/phukienflytech.vn\/en\/san-pham\/antena-booster-phantom-3s-se.html","url":"https:\/\/phukienflytech.vn\/en\/san-pham\/antena-booster-phantom-3s-se.html","name":"Antena Booster Phantom 3 S\/ SE - Sunnylife - Phantom accessory.","isPartOf":{"@id":"https:\/\/phukienflytech.vn\/#website"},"primaryImageOfPage":{"@id":"https:\/\/phukienflytech.vn\/en\/san-pham\/antena-booster-phantom-3s-se.html#primaryimage"},"image":{"@id":"https:\/\/phukienflytech.vn\/en\/san-pham\/antena-booster-phantom-3s-se.html#primaryimage"},"thumbnailUrl":"https:\/\/phukienflytech.vn\/wp-content\/uploads\/2020\/05\/kichs3s-se.jpg","datePublished":"2020-06-16T02:35:50+00:00","dateModified":"2020-10-15T14:44:22+00:00","description":"Antena Booster Phantom 3 S\/ SE is one of the most important accessory. Contact us to buy Antena Booster Phantom 3 S\/ SE for best price.","breadcrumb":{"@id":"https:\/\/phukienflytech.vn\/en\/san-pham\/antena-booster-phantom-3s-se.html#breadcrumb"},"inLanguage":"en-US","potentialAction":[{"@type":"ReadAction","target":["https:\/\/phukienflytech.vn\/en\/san-pham\/antena-booster-phantom-3s-se.html"]}]},{"@type":"ImageObject","inLanguage":"en-US","@id":"https:\/\/phukienflytech.vn\/en\/san-pham\/antena-booster-phantom-3s-se.html#primaryimage","url":"https:\/\/phukienflytech.vn\/wp-content\/uploads\/2020\/05\/kichs3s-se.jpg","contentUrl":"https:\/\/phukienflytech.vn\/wp-content\/uploads\/2020\/05\/kichs3s-se.jpg","width":243,"height":243},{"@type":"BreadcrumbList","@id":"https:\/\/phukienflytech.vn\/en\/san-pham\/antena-booster-phantom-3s-se.html#breadcrumb","itemListElement":[{"@type":"ListItem","position":1,"name":"Home","item":"https:\/\/phukienflytech.vn\/en"},{"@type":"ListItem","position":2,"name":"Ph\u1ee5 ki\u1ec7n Mavic Pro","item":"https:\/\/phukienflytech.vn\/en\/phu-kien-mavic-pro.html"},{"@type":"ListItem","position":3,"name":"Ph\u1ee5 ki\u1ec7n DJI - Osmo","item":"https:\/\/phukienflytech.vn\/danh-muc\/phu-kien-dji-osmo.html"},{"@type":"ListItem","position":4,"name":"Extension antena booster Mod for Phantom 3 S\/ SE"}]},{"@type":"WebSite","@id":"https:\/\/phukienflytech.vn\/#website","url":"https:\/\/phukienflytech.vn\/","name":"Shop M\u00e1y \u1ea3nh - Action Camera - Gimbal - Flycam - Ph\u1ee5 ki\u1ec7n","description":"Shop M\u00e1y \u1ea3nh - Action Camera - Gimbal - Flycam - Ph\u1ee5 ki\u1ec7n","publisher":{"@id":"https:\/\/phukienflytech.vn\/#organization"},"potentialAction":[{"@type":"SearchAction","target":{"@type":"EntryPoint","urlTemplate":"https:\/\/phukienflytech.vn\/?s={search_term_string}"},"query-input":{"@type":"PropertyValueSpecification","valueRequired":true,"valueName":"search_term_string"}}],"inLanguage":"en-US"},{"@type":"Organization","@id":"https:\/\/phukienflytech.vn\/#organization","name":"DJI Store - Shop Drone, Action camera, Gimbal DJI |Phukienflytech","alternateName":"DJI Store - Shop Drone, Action camera, Gimbal DJI |Phukienflytech","url":"https:\/\/phukienflytech.vn\/","logo":{"@type":"ImageObject","inLanguage":"en-US","@id":"https:\/\/phukienflytech.vn\/#\/schema\/logo\/image\/","url":"https:\/\/phukienflytech.vn\/wp-content\/uploads\/2020\/05\/hAnh_nan.jpg1_.jpg","contentUrl":"https:\/\/phukienflytech.vn\/wp-content\/uploads\/2020\/05\/hAnh_nan.jpg1_.jpg","width":800,"height":450,"caption":"DJI Store - Shop Drone, Action camera, Gimbal DJI |Phukienflytech"},"image":{"@id":"https:\/\/phukienflytech.vn\/#\/schema\/logo\/image\/"},"sameAs":["https:\/\/facebook.com\/phukienflycam","https:\/\/www.youtube.com\/@phukienflytech","https:\/\/www.tiktok.com\/@flytech.channel?fbclid=IwY2xjawGjg7BleHRuA2FlbQIxMAABHYVGmlXpuSMs0UB2zTpYvyT4GMVfN2qJa4urF4vkSQ6FAVBwXZtDP30qQA_aem_UwMiDcUvlEbd2tXAmsc8Og"]}]}},"_links":{"self":[{"href":"https:\/\/phukienflytech.vn\/en\/wp-json\/wp\/v2\/product\/3805","targetHints":{"allow":["GET"]}}],"collection":[{"href":"https:\/\/phukienflytech.vn\/en\/wp-json\/wp\/v2\/product"}],"about":[{"href":"https:\/\/phukienflytech.vn\/en\/wp-json\/wp\/v2\/types\/product"}],"replies":[{"embeddable":true,"href":"https:\/\/phukienflytech.vn\/en\/wp-json\/wp\/v2\/comments?post=3805"}],"wp:featuredmedia":[{"embeddable":true,"href":"https:\/\/phukienflytech.vn\/en\/wp-json\/wp\/v2\/media\/16416"}],"wp:attachment":[{"href":"https:\/\/phukienflytech.vn\/en\/wp-json\/wp\/v2\/media?parent=3805"}],"wp:term":[{"taxonomy":"product_brand","embeddable":true,"href":"https:\/\/phukienflytech.vn\/en\/wp-json\/wp\/v2\/product_brand?post=3805"},{"taxonomy":"product_cat","embeddable":true,"href":"https:\/\/phukienflytech.vn\/en\/wp-json\/wp\/v2\/product_cat?post=3805"},{"taxonomy":"product_tag","embeddable":true,"href":"https:\/\/phukienflytech.vn\/en\/wp-json\/wp\/v2\/product_tag?post=3805"}],"curies":[{"name":"wp","href":"https:\/\/api.w.org\/{rel}","templated":true}]}}