{"id":3867,"date":"2020-05-26T15:08:40","date_gmt":"2020-05-26T08:08:40","guid":{"rendered":"http:\/\/27430.lamdx.vinawebsite.vn\/san-pham\/bo-filter-combo-phantom-34.html"},"modified":"2020-10-14T20:16:52","modified_gmt":"2020-10-14T13:16:52","slug":"combo-fillter-phantom-3-4","status":"publish","type":"product","link":"https:\/\/phukienflytech.vn\/en\/san-pham\/combo-fillter-phantom-3-4.html","title":{"rendered":"Combo fillter for Phantom 3\/4"},"content":{"rendered":"<h2><span style=\"color: #0000ff;\"><em><strong><span style=\"font-size: 21px;\">Combo fillter Phantom 3\/4<\/span><\/strong><\/em><\/span><\/h2>\n<p><span style=\"font-size: 18px;\">Combo fillter Phantom 3\/4<\/span><\/p>\n<p>&nbsp;<\/p>\n<p><img loading=\"lazy\" decoding=\"async\" class=\"alignnone size-full wp-image-12342\" src=\"https:\/\/phukienflytech.vn\/wp-content\/uploads\/2020\/05\/bo-filter-combo-phantom-3-4-3852-7.jpg\" alt=\"\" width=\"449\" height=\"356\" \/><\/p>\n<p>&nbsp;<\/p>\n<p><span style=\"font-size: 20px;\">S\u1edf h\u1eefu cho m\u00ecnh m\u1ed9t chi\u1ebfc drone flycam DJI Phantom 3 hay 4 series c\u1ee7a h\u00e3ng DJI qu\u1ea3 th\u1ef1c b\u1ea1n s\u1ebd r\u1ea5t kh\u00f3 c\u00f3 th\u1ec3 t\u00ecm ra \u0111i\u1ec3m kh\u00f4ng h\u00e0i l\u00f2ng v\u1ec1 n\u00f3 ngay c\u1ea3 nh\u1eefng ng\u01b0\u1eddi ch\u01a1i kh\u00f3 t\u00ednh nh\u1ea5t. B\u1edfi s\u1ef1 an to\u00e0n khi bay, t\u00ednh \u1ed5n \u0111\u1ecbnh, s\u1ef1 th\u00f4ng minh c\u1ee7a thi\u1ebft b\u1ecb v\u00e0 s\u1ef1 h\u1ed7 tr\u1ee3 tuy\u1ec7t v\u1eddi c\u1ee7a c\u1ee5m gimbal \u0111\u00e3 gi\u00fap cho ch\u00fang ta c\u00f3 nh\u1eefng b\u1ee9c h\u00ecnh, th\u01b0\u1edbc phim tuy\u1ec7t v\u1eddi nh\u1ea5t.<\/span><\/p>\n<h2><strong><span style=\"font-size: 24px; color: #0000ff;\">Chi ti\u1ebft b\u1ed9 combo filter<\/span><\/strong><\/h2>\n<p><span style=\"font-size: 20px;\">B\u1ed9 s\u1ea3n ph\u1ea9m g\u1ed3m :<\/span><\/p>\n<p><span style=\"font-size: 20px;\">+\u00a0<a href=\"https:\/\/phukienflytech.vn\/en\/san-pham\/filter-nd-phantom-34.html\" target=\"_blank\" rel=\"noopener noreferrer\">Filter ND: 4 \/ 8 \/ 16 \/ 32<\/a><\/span><\/p>\n<p><span style=\"font-size: 20px;\">+\u00a0<a href=\"https:\/\/phukienflytech.vn\/en\/san-pham\/filter-mcuv-phantom-34.html\" target=\"_blank\" rel=\"noopener noreferrer\">Filter MCUV<\/a><\/span><\/p>\n<p><span style=\"font-size: 20px;\">+\u00a0<a href=\"https:\/\/phukienflytech.vn\/en\/san-pham\/filter-cpl-phantom-34.html\" target=\"_blank\" rel=\"noopener noreferrer\">Filter CPL<\/a><\/span><\/p>\n<p><span style=\"font-size: 20px;\">+ H\u1ed9p \u0111\u1ef1ng ch\u1ea5t li\u1ec7u b\u1ecdc da cao c\u1ea5p<\/span><\/p>\n<h2><span style=\"font-size: 24px; color: #0000ff;\"><strong>C\u00f4ng d\u1ee5ng:<\/strong><\/span><\/h2>\n<p><span style=\"font-size: 20px;\"><em>&#8211;\u00a0<a href=\"https:\/\/phukienflytech.vn\/en\/san-pham\/filter-nd-phantom-34.html\" target=\"_blank\" rel=\"noopener noreferrer\">K\u00ednh l\u1ecdc ND<\/a><\/em>\u00a0(vi\u1ebft t\u1eaft c\u1ee7a Neutral Density) l\u00e0 m\u1ed9t thi\u1ebft b\u1ecb gi\u00fap gi\u1ea3m s\u00e1ng to\u00e0n ph\u1ea7n t\u1ef1 nhi\u00ean, c\u1ea3n b\u1edbt c\u01b0\u1eddng \u0111\u1ed9 \u00e1nh s\u00e1ng l\u00e0m gi\u1ea3m t\u1ed1c \u0111\u1ed9 ch\u1ee5p \u0111\u00e1ng k\u1ec3 ngay c\u1ea3 trong b\u1ed1i c\u1ea3nh r\u1ea5t s\u00e1ng, r\u1ea5t ch\u00f3i, ch\u1ee5p m\u1eb7t tr\u1eddi ch\u1eb3ng h\u1ea1n.<\/span><\/p>\n<p>&nbsp;<\/p>\n<p><img loading=\"lazy\" decoding=\"async\" class=\"alignnone wp-image-12344 size-thumbnail\" src=\"https:\/\/phukienflytech.vn\/wp-content\/uploads\/2020\/05\/bo-filter-combo-phantom-3-4-3852-2-280x280.png\" alt=\"Combo-fillter-Phantom-3\/4-2\" width=\"280\" height=\"280\" srcset=\"https:\/\/phukienflytech.vn\/wp-content\/uploads\/2020\/05\/bo-filter-combo-phantom-3-4-3852-2-280x280.png 280w, https:\/\/phukienflytech.vn\/wp-content\/uploads\/2020\/05\/bo-filter-combo-phantom-3-4-3852-2-300x300.png 300w, https:\/\/phukienflytech.vn\/wp-content\/uploads\/2020\/05\/bo-filter-combo-phantom-3-4-3852-2-100x100.png 100w\" sizes=\"auto, (max-width: 280px) 100vw, 280px\" \/><\/p>\n<p>&nbsp;<\/p>\n<p><span style=\"font-size: 20px;\"><em>&#8211;\u00a0<a href=\"https:\/\/phukienflytech.vn\/en\/san-pham\/filter-mcuv-phantom-34.html\" target=\"_blank\" rel=\"noopener noreferrer\">K\u00ednh l\u1ecdc MCUV<\/a><\/em>\u00a0c\u00f2n g\u1ecdi l\u00e0 k\u00ednh l\u1ecdc c\u1ea3n tia c\u1ef1c t\u00edm UV (Ultra Violet). Lo\u1ea1i tia n\u00e0y kh\u00f4ng nh\u1eadn th\u1ea5y b\u1eb1ng m\u1eaft th\u01b0\u1eddng nh\u01b0ng l\u1ea1i c\u00f3 \u1ea3nh h\u01b0\u1edfng \u0111\u1ebfn \u00e1nh s\u00e1ng trong \u1ea3nh. Hi\u1ec7n t\u01b0\u1ee3ng &#8220;m\u00f9&#8221; khi ch\u1ee5p \u1ea3nh \u0111\u01b0\u1ee3c h\u00ecnh th\u00e0nh khi tia c\u1ef1c t\u00edm ph\u1ea3n chi\u1ebfu b\u1ee5i trong kh\u00f4ng kh\u00ed.<\/span><\/p>\n<p>&nbsp;<\/p>\n<p><img loading=\"lazy\" decoding=\"async\" class=\"alignnone wp-image-12346 size-thumbnail\" src=\"https:\/\/phukienflytech.vn\/wp-content\/uploads\/2020\/05\/bo-filter-combo-phantom-3-4-3852-3-1-280x280.jpg\" alt=\"Combo-fillter-Phantom-3\/4-1\" width=\"280\" height=\"280\" srcset=\"https:\/\/phukienflytech.vn\/wp-content\/uploads\/2020\/05\/bo-filter-combo-phantom-3-4-3852-3-1-280x280.jpg 280w, https:\/\/phukienflytech.vn\/wp-content\/uploads\/2020\/05\/bo-filter-combo-phantom-3-4-3852-3-1-300x300.jpg 300w, https:\/\/phukienflytech.vn\/wp-content\/uploads\/2020\/05\/bo-filter-combo-phantom-3-4-3852-3-1-100x100.jpg 100w\" sizes=\"auto, (max-width: 280px) 100vw, 280px\" \/><\/p>\n<p>&nbsp;<\/p>\n<p><span style=\"font-size: 20px;\"><em>&#8211;\u00a0<a href=\"https:\/\/phukienflytech.vn\/en\/san-pham\/filter-cpl-phantom-34.html\" target=\"_blank\" rel=\"noopener noreferrer\">K\u00ednh l\u1ecdc ph\u00e2n c\u1ef1c CPL<\/a><\/em>\u00a0(vi\u1ebft t\u1eaft c\u1ee7a Circular Polarizing Filter) l\u00e0 m\u1ed9t thi\u1ebft b\u1ecb l\u1ecdc ph\u00f9 h\u1ee3p v\u1edbi nh\u1eefng b\u1ee9c \u1ea3nh ngo\u1ea1i c\u1ea3nh, nh\u1ea5t l\u00e0 v\u00e0o nh\u1eefng ng\u00e0y n\u1eafng. N\u00f3 gi\u00fap m\u00e0u tr\u1eddi trong \u1ea3nh s\u00e2u h\u01a1n, \u0111\u1eb9p h\u01a1n, \u0111\u1ed3ng th\u1eddi ng\u0103n kh\u00f4ng cho nh\u1eefng tia s\u00e1ng \u1edf h\u01b0\u1edbng kh\u00e1c \u0111i v\u00e0o t\u1ea5m \u1ea3nh.<\/span><\/p>\n<p>&nbsp;<\/p>\n<p><img loading=\"lazy\" decoding=\"async\" class=\"alignnone wp-image-12348 size-thumbnail\" src=\"https:\/\/phukienflytech.vn\/wp-content\/uploads\/2020\/05\/bo-filter-combo-phantom-3-4-3852-4-1-280x280.jpg\" alt=\"Combo-fillter-Phantom-3\/4\" width=\"280\" height=\"280\" srcset=\"https:\/\/phukienflytech.vn\/wp-content\/uploads\/2020\/05\/bo-filter-combo-phantom-3-4-3852-4-1-280x280.jpg 280w, https:\/\/phukienflytech.vn\/wp-content\/uploads\/2020\/05\/bo-filter-combo-phantom-3-4-3852-4-1-300x300.jpg 300w, https:\/\/phukienflytech.vn\/wp-content\/uploads\/2020\/05\/bo-filter-combo-phantom-3-4-3852-4-1-100x100.jpg 100w\" sizes=\"auto, (max-width: 280px) 100vw, 280px\" \/><\/p>\n<p>&nbsp;<\/p>\n<p><span style=\"font-size: 20px;\">\u0110\u1eb7c bi\u1ec7t khi mu\u1ed1n ch\u1ee5p h\u00ecnh nh\u1eefng \u0111\u1ed1i t\u01b0\u1ee3ng c\u00f3 \u0111\u1ed9 trong nh\u01b0 m\u1eb7t n\u01b0\u1edbc, th\u1ee7y tinh, s\u1eed d\u1ee5ng k\u00ednh l\u1ecdc CPL cho hi\u1ec7u qu\u1ea3 t\u1ed1t, gi\u1ea3m \u0111\u1ed9 &#8220;ch\u00f3i&#8221;. Ai \u0111\u00e3 t\u1eebng th\u1eed ch\u1ee5p m\u1eb7t h\u1ed3, b\u1ec3 c\u00e1&#8230; \u0111\u1ec1u c\u00f3 th\u1ec3 th\u1ea5y hi\u1ec7n t\u01b0\u1ee3ng ch\u1ec9 ch\u1ee5p \u0111\u01b0\u1ee3c h\u00ecnh ph\u1ea3n chi\u1ebfu ho\u1eb7c qu\u1ea7ng s\u00e1ng ch\u00f3i m\u00e0 kh\u00f4ng ch\u1ee5p \u0111\u01b0\u1ee3c \u0111\u1ed1i t\u01b0\u1ee3ng mong mu\u1ed1n. CPL s\u1ebd gi\u00fap b\u1ea1n l\u00e0m \u0111\u01b0\u1ee3c \u01b0\u1edbc mu\u1ed1n nh\u1ecf nhoi n\u00e0y.<\/span><\/p>\n<p><span style=\"font-size: 20px;\">&#8211; R\u1ea5t d\u1ec5 th\u00e1o, l\u1eafp m\u00e0 kh\u00f4ng s\u1ee3 \u1ea3nh h\u01b0\u1edbng t\u1edbi gimbal v\u00e0 camera c\u1ee7a m\u00e1y<\/span><\/p>\n<p><span style=\"font-size: 20px;\">H\u00e3y \u0111\u1ec3\u00a0<a href=\"https:\/\/facebook.com\/phukienflycam\/\" target=\"_blank\" rel=\"noopener noreferrer\">Ph\u1ee5 Ki\u1ec7n Fly-cam Gi\u00e1 T\u1ed1t<\/a>\u00a0ti\u1ebfp s\u1ee9c \u0111am m\u00ea, c\u00f4ng vi\u1ec7c c\u1ee7a b\u1ea1n, gi\u00fap b\u1ea1n th\u00eam ni\u1ec1m h\u1ee9ng kh\u1edfi trong \u0111am m\u00ea c\u0169ng nh\u01b0 c\u00f4ng vi\u1ec7c c\u1ee7a m\u00ecnh th\u00eam su\u00f4n s\u1ebb<\/span><\/p>\n<p><span style=\"font-size: 20px;\">Nh\u00e0 s\u1ea3n xu\u1ea5t : PGYTECH \u2013 l\u00e0 m\u1ed9t trong nh\u1eefng Vendor cung c\u1ea5p c\u00e1c ph\u1ee5 ki\u1ec7n, linh ki\u1ec7n thay th\u1ebf cho DJI Flycam.<\/span><\/p>\n<p>&nbsp;<\/p>\n","protected":false},"excerpt":{"rendered":"<p>Combo fillter Phantom 3\/4 Combo fillter Phantom 3\/4 &nbsp; &nbsp; S\u1edf h\u1eefu cho m\u00ecnh m\u1ed9t chi\u1ebfc drone flycam DJI Phantom 3 hay 4 series c\u1ee7a h\u00e3ng DJI qu\u1ea3 th\u1ef1c b\u1ea1n s\u1ebd r\u1ea5t kh\u00f3 c\u00f3 th\u1ec3 t\u00ecm ra \u0111i\u1ec3m kh\u00f4ng h\u00e0i l\u00f2ng v\u1ec1 n\u00f3 ngay c\u1ea3 nh\u1eefng ng\u01b0\u1eddi ch\u01a1i kh\u00f3 t\u00ednh nh\u1ea5t. B\u1edfi s\u1ef1 an to\u00e0n &#8230;<\/p>\n","protected":false},"featured_media":16316,"comment_status":"open","ping_status":"closed","template":"","meta":{"_acf_changed":false},"product_brand":[],"product_cat":[176,183,182],"product_tag":[206,245,227],"class_list":{"0":"post-3867","1":"product","2":"type-product","3":"status-publish","4":"has-post-thumbnail","6":"product_cat-dji-osmo-drones-accessories","7":"product_cat-phantom-3-accessory","8":"product_cat-phantom-4-accessory","9":"product_tag-phu-kien-dji-en","10":"product_tag-phu-kien-phantom-3-en","11":"product_tag-phu-kien-phantom-4-en","13":"first","14":"instock","15":"sale","16":"shipping-taxable","17":"purchasable","18":"product-type-simple"},"acf":[],"yoast_head":"<!-- This site is optimized with the Yoast SEO plugin v25.7 - https:\/\/yoast.com\/wordpress\/plugins\/seo\/ -->\n<title>Combo fillter Phantom 3\/4 - Sunnylife - Phantom 3 accessory - available.<\/title>\n<meta name=\"description\" content=\"Combo fillter Phantom 3\/4 is one of the most important accessory. Contact us to buy Combo fillter Phantom 3\/4 for best price, fast shipping.\" \/>\n<meta name=\"robots\" content=\"index, follow, max-snippet:-1, max-image-preview:large, max-video-preview:-1\" \/>\n<link rel=\"canonical\" href=\"https:\/\/phukienflytech.vn\/en\/san-pham\/combo-fillter-phantom-3-4.html\" \/>\n<meta property=\"og:locale\" content=\"en_US\" \/>\n<meta property=\"og:type\" content=\"article\" \/>\n<meta property=\"og:title\" content=\"Combo fillter Phantom 3\/4 - Sunnylife - Phantom 3 accessory - available.\" \/>\n<meta property=\"og:description\" content=\"Combo fillter Phantom 3\/4 is one of the most important accessory. Contact us to buy Combo fillter Phantom 3\/4 for best price, fast shipping.\" \/>\n<meta property=\"og:url\" content=\"https:\/\/phukienflytech.vn\/en\/san-pham\/combo-fillter-phantom-3-4.html\" \/>\n<meta property=\"og:site_name\" content=\"Shop M\u00e1y \u1ea3nh - Action Camera - Gimbal - Flycam - Ph\u1ee5 ki\u1ec7n\" \/>\n<meta property=\"article:publisher\" content=\"https:\/\/facebook.com\/phukienflycam\" \/>\n<meta property=\"article:modified_time\" content=\"2020-10-14T13:16:52+00:00\" \/>\n<meta property=\"og:image\" content=\"https:\/\/phukienflytech.vn\/wp-content\/uploads\/2020\/05\/Combo_3_filter_p4p_-_Copy.png\" \/>\n\t<meta property=\"og:image:width\" content=\"243\" \/>\n\t<meta property=\"og:image:height\" content=\"243\" \/>\n\t<meta property=\"og:image:type\" content=\"image\/png\" \/>\n<meta name=\"twitter:card\" content=\"summary_large_image\" \/>\n<meta name=\"twitter:label1\" content=\"Est. reading time\" \/>\n\t<meta name=\"twitter:data1\" content=\"3 minutes\" \/>\n<script type=\"application\/ld+json\" class=\"yoast-schema-graph\">{\"@context\":\"https:\/\/schema.org\",\"@graph\":[{\"@type\":\"WebPage\",\"@id\":\"https:\/\/phukienflytech.vn\/en\/san-pham\/combo-fillter-phantom-3-4.html\",\"url\":\"https:\/\/phukienflytech.vn\/en\/san-pham\/combo-fillter-phantom-3-4.html\",\"name\":\"Combo fillter Phantom 3\/4 - Sunnylife - Phantom 3 accessory - available.\",\"isPartOf\":{\"@id\":\"https:\/\/phukienflytech.vn\/#website\"},\"primaryImageOfPage\":{\"@id\":\"https:\/\/phukienflytech.vn\/en\/san-pham\/combo-fillter-phantom-3-4.html#primaryimage\"},\"image\":{\"@id\":\"https:\/\/phukienflytech.vn\/en\/san-pham\/combo-fillter-phantom-3-4.html#primaryimage\"},\"thumbnailUrl\":\"https:\/\/phukienflytech.vn\/wp-content\/uploads\/2020\/05\/Combo_3_filter_p4p_-_Copy.png\",\"datePublished\":\"2020-05-26T08:08:40+00:00\",\"dateModified\":\"2020-10-14T13:16:52+00:00\",\"description\":\"Combo fillter Phantom 3\/4 is one of the most important accessory. Contact us to buy Combo fillter Phantom 3\/4 for best price, fast shipping.\",\"breadcrumb\":{\"@id\":\"https:\/\/phukienflytech.vn\/en\/san-pham\/combo-fillter-phantom-3-4.html#breadcrumb\"},\"inLanguage\":\"en-US\",\"potentialAction\":[{\"@type\":\"ReadAction\",\"target\":[\"https:\/\/phukienflytech.vn\/en\/san-pham\/combo-fillter-phantom-3-4.html\"]}]},{\"@type\":\"ImageObject\",\"inLanguage\":\"en-US\",\"@id\":\"https:\/\/phukienflytech.vn\/en\/san-pham\/combo-fillter-phantom-3-4.html#primaryimage\",\"url\":\"https:\/\/phukienflytech.vn\/wp-content\/uploads\/2020\/05\/Combo_3_filter_p4p_-_Copy.png\",\"contentUrl\":\"https:\/\/phukienflytech.vn\/wp-content\/uploads\/2020\/05\/Combo_3_filter_p4p_-_Copy.png\",\"width\":243,\"height\":243},{\"@type\":\"BreadcrumbList\",\"@id\":\"https:\/\/phukienflytech.vn\/en\/san-pham\/combo-fillter-phantom-3-4.html#breadcrumb\",\"itemListElement\":[{\"@type\":\"ListItem\",\"position\":1,\"name\":\"Home\",\"item\":\"https:\/\/phukienflytech.vn\/en\"},{\"@type\":\"ListItem\",\"position\":2,\"name\":\"Ph\u1ee5 ki\u1ec7n Mavic Pro\",\"item\":\"https:\/\/phukienflytech.vn\/en\/phu-kien-mavic-pro.html\"},{\"@type\":\"ListItem\",\"position\":3,\"name\":\"Ph\u1ee5 ki\u1ec7n DJI - Osmo\",\"item\":\"https:\/\/phukienflytech.vn\/danh-muc\/phu-kien-dji-osmo.html\"},{\"@type\":\"ListItem\",\"position\":4,\"name\":\"Combo fillter for Phantom 3\/4\"}]},{\"@type\":\"WebSite\",\"@id\":\"https:\/\/phukienflytech.vn\/#website\",\"url\":\"https:\/\/phukienflytech.vn\/\",\"name\":\"Shop M\u00e1y \u1ea3nh - Action Camera - Gimbal - Flycam - Ph\u1ee5 ki\u1ec7n\",\"description\":\"Shop M\u00e1y \u1ea3nh - Action Camera - Gimbal - Flycam - Ph\u1ee5 ki\u1ec7n\",\"publisher\":{\"@id\":\"https:\/\/phukienflytech.vn\/#organization\"},\"potentialAction\":[{\"@type\":\"SearchAction\",\"target\":{\"@type\":\"EntryPoint\",\"urlTemplate\":\"https:\/\/phukienflytech.vn\/?s={search_term_string}\"},\"query-input\":{\"@type\":\"PropertyValueSpecification\",\"valueRequired\":true,\"valueName\":\"search_term_string\"}}],\"inLanguage\":\"en-US\"},{\"@type\":\"Organization\",\"@id\":\"https:\/\/phukienflytech.vn\/#organization\",\"name\":\"DJI Store - Shop Drone, Action camera, Gimbal DJI |Phukienflytech\",\"alternateName\":\"DJI Store - Shop Drone, Action camera, Gimbal DJI |Phukienflytech\",\"url\":\"https:\/\/phukienflytech.vn\/\",\"logo\":{\"@type\":\"ImageObject\",\"inLanguage\":\"en-US\",\"@id\":\"https:\/\/phukienflytech.vn\/#\/schema\/logo\/image\/\",\"url\":\"https:\/\/phukienflytech.vn\/wp-content\/uploads\/2020\/05\/hAnh_nan.jpg1_.jpg\",\"contentUrl\":\"https:\/\/phukienflytech.vn\/wp-content\/uploads\/2020\/05\/hAnh_nan.jpg1_.jpg\",\"width\":800,\"height\":450,\"caption\":\"DJI Store - Shop Drone, Action camera, Gimbal DJI |Phukienflytech\"},\"image\":{\"@id\":\"https:\/\/phukienflytech.vn\/#\/schema\/logo\/image\/\"},\"sameAs\":[\"https:\/\/facebook.com\/phukienflycam\",\"https:\/\/www.youtube.com\/@phukienflytech\",\"https:\/\/www.tiktok.com\/@flytech.channel?fbclid=IwY2xjawGjg7BleHRuA2FlbQIxMAABHYVGmlXpuSMs0UB2zTpYvyT4GMVfN2qJa4urF4vkSQ6FAVBwXZtDP30qQA_aem_UwMiDcUvlEbd2tXAmsc8Og\"]}]}<\/script>\n<!-- \/ Yoast SEO plugin. -->","yoast_head_json":{"title":"Combo fillter Phantom 3\/4 - Sunnylife - Phantom 3 accessory - available.","description":"Combo fillter Phantom 3\/4 is one of the most important accessory. Contact us to buy Combo fillter Phantom 3\/4 for best price, fast shipping.","robots":{"index":"index","follow":"follow","max-snippet":"max-snippet:-1","max-image-preview":"max-image-preview:large","max-video-preview":"max-video-preview:-1"},"canonical":"https:\/\/phukienflytech.vn\/en\/san-pham\/combo-fillter-phantom-3-4.html","og_locale":"en_US","og_type":"article","og_title":"Combo fillter Phantom 3\/4 - Sunnylife - Phantom 3 accessory - available.","og_description":"Combo fillter Phantom 3\/4 is one of the most important accessory. Contact us to buy Combo fillter Phantom 3\/4 for best price, fast shipping.","og_url":"https:\/\/phukienflytech.vn\/en\/san-pham\/combo-fillter-phantom-3-4.html","og_site_name":"Shop M\u00e1y \u1ea3nh - Action Camera - Gimbal - Flycam - Ph\u1ee5 ki\u1ec7n","article_publisher":"https:\/\/facebook.com\/phukienflycam","article_modified_time":"2020-10-14T13:16:52+00:00","og_image":[{"width":243,"height":243,"url":"https:\/\/phukienflytech.vn\/wp-content\/uploads\/2020\/05\/Combo_3_filter_p4p_-_Copy.png","type":"image\/png"}],"twitter_card":"summary_large_image","twitter_misc":{"Est. reading time":"3 minutes"},"schema":{"@context":"https:\/\/schema.org","@graph":[{"@type":"WebPage","@id":"https:\/\/phukienflytech.vn\/en\/san-pham\/combo-fillter-phantom-3-4.html","url":"https:\/\/phukienflytech.vn\/en\/san-pham\/combo-fillter-phantom-3-4.html","name":"Combo fillter Phantom 3\/4 - Sunnylife - Phantom 3 accessory - available.","isPartOf":{"@id":"https:\/\/phukienflytech.vn\/#website"},"primaryImageOfPage":{"@id":"https:\/\/phukienflytech.vn\/en\/san-pham\/combo-fillter-phantom-3-4.html#primaryimage"},"image":{"@id":"https:\/\/phukienflytech.vn\/en\/san-pham\/combo-fillter-phantom-3-4.html#primaryimage"},"thumbnailUrl":"https:\/\/phukienflytech.vn\/wp-content\/uploads\/2020\/05\/Combo_3_filter_p4p_-_Copy.png","datePublished":"2020-05-26T08:08:40+00:00","dateModified":"2020-10-14T13:16:52+00:00","description":"Combo fillter Phantom 3\/4 is one of the most important accessory. Contact us to buy Combo fillter Phantom 3\/4 for best price, fast shipping.","breadcrumb":{"@id":"https:\/\/phukienflytech.vn\/en\/san-pham\/combo-fillter-phantom-3-4.html#breadcrumb"},"inLanguage":"en-US","potentialAction":[{"@type":"ReadAction","target":["https:\/\/phukienflytech.vn\/en\/san-pham\/combo-fillter-phantom-3-4.html"]}]},{"@type":"ImageObject","inLanguage":"en-US","@id":"https:\/\/phukienflytech.vn\/en\/san-pham\/combo-fillter-phantom-3-4.html#primaryimage","url":"https:\/\/phukienflytech.vn\/wp-content\/uploads\/2020\/05\/Combo_3_filter_p4p_-_Copy.png","contentUrl":"https:\/\/phukienflytech.vn\/wp-content\/uploads\/2020\/05\/Combo_3_filter_p4p_-_Copy.png","width":243,"height":243},{"@type":"BreadcrumbList","@id":"https:\/\/phukienflytech.vn\/en\/san-pham\/combo-fillter-phantom-3-4.html#breadcrumb","itemListElement":[{"@type":"ListItem","position":1,"name":"Home","item":"https:\/\/phukienflytech.vn\/en"},{"@type":"ListItem","position":2,"name":"Ph\u1ee5 ki\u1ec7n Mavic Pro","item":"https:\/\/phukienflytech.vn\/en\/phu-kien-mavic-pro.html"},{"@type":"ListItem","position":3,"name":"Ph\u1ee5 ki\u1ec7n DJI - Osmo","item":"https:\/\/phukienflytech.vn\/danh-muc\/phu-kien-dji-osmo.html"},{"@type":"ListItem","position":4,"name":"Combo fillter for Phantom 3\/4"}]},{"@type":"WebSite","@id":"https:\/\/phukienflytech.vn\/#website","url":"https:\/\/phukienflytech.vn\/","name":"Shop M\u00e1y \u1ea3nh - Action Camera - Gimbal - Flycam - Ph\u1ee5 ki\u1ec7n","description":"Shop M\u00e1y \u1ea3nh - Action Camera - Gimbal - Flycam - Ph\u1ee5 ki\u1ec7n","publisher":{"@id":"https:\/\/phukienflytech.vn\/#organization"},"potentialAction":[{"@type":"SearchAction","target":{"@type":"EntryPoint","urlTemplate":"https:\/\/phukienflytech.vn\/?s={search_term_string}"},"query-input":{"@type":"PropertyValueSpecification","valueRequired":true,"valueName":"search_term_string"}}],"inLanguage":"en-US"},{"@type":"Organization","@id":"https:\/\/phukienflytech.vn\/#organization","name":"DJI Store - Shop Drone, Action camera, Gimbal DJI |Phukienflytech","alternateName":"DJI Store - Shop Drone, Action camera, Gimbal DJI |Phukienflytech","url":"https:\/\/phukienflytech.vn\/","logo":{"@type":"ImageObject","inLanguage":"en-US","@id":"https:\/\/phukienflytech.vn\/#\/schema\/logo\/image\/","url":"https:\/\/phukienflytech.vn\/wp-content\/uploads\/2020\/05\/hAnh_nan.jpg1_.jpg","contentUrl":"https:\/\/phukienflytech.vn\/wp-content\/uploads\/2020\/05\/hAnh_nan.jpg1_.jpg","width":800,"height":450,"caption":"DJI Store - Shop Drone, Action camera, Gimbal DJI |Phukienflytech"},"image":{"@id":"https:\/\/phukienflytech.vn\/#\/schema\/logo\/image\/"},"sameAs":["https:\/\/facebook.com\/phukienflycam","https:\/\/www.youtube.com\/@phukienflytech","https:\/\/www.tiktok.com\/@flytech.channel?fbclid=IwY2xjawGjg7BleHRuA2FlbQIxMAABHYVGmlXpuSMs0UB2zTpYvyT4GMVfN2qJa4urF4vkSQ6FAVBwXZtDP30qQA_aem_UwMiDcUvlEbd2tXAmsc8Og"]}]}},"_links":{"self":[{"href":"https:\/\/phukienflytech.vn\/en\/wp-json\/wp\/v2\/product\/3867","targetHints":{"allow":["GET"]}}],"collection":[{"href":"https:\/\/phukienflytech.vn\/en\/wp-json\/wp\/v2\/product"}],"about":[{"href":"https:\/\/phukienflytech.vn\/en\/wp-json\/wp\/v2\/types\/product"}],"replies":[{"embeddable":true,"href":"https:\/\/phukienflytech.vn\/en\/wp-json\/wp\/v2\/comments?post=3867"}],"wp:featuredmedia":[{"embeddable":true,"href":"https:\/\/phukienflytech.vn\/en\/wp-json\/wp\/v2\/media\/16316"}],"wp:attachment":[{"href":"https:\/\/phukienflytech.vn\/en\/wp-json\/wp\/v2\/media?parent=3867"}],"wp:term":[{"taxonomy":"product_brand","embeddable":true,"href":"https:\/\/phukienflytech.vn\/en\/wp-json\/wp\/v2\/product_brand?post=3867"},{"taxonomy":"product_cat","embeddable":true,"href":"https:\/\/phukienflytech.vn\/en\/wp-json\/wp\/v2\/product_cat?post=3867"},{"taxonomy":"product_tag","embeddable":true,"href":"https:\/\/phukienflytech.vn\/en\/wp-json\/wp\/v2\/product_tag?post=3867"}],"curies":[{"name":"wp","href":"https:\/\/api.w.org\/{rel}","templated":true}]}}