{"id":39469,"date":"2021-12-31T11:24:06","date_gmt":"2021-12-31T04:24:06","guid":{"rendered":"https:\/\/phukienflytech.vn\/san-pham\/skin-decals-3m-mavic-3-sunnylife.html"},"modified":"2022-08-25T17:17:16","modified_gmt":"2022-08-25T10:17:16","slug":"skin-decals-3m-mavic-3-sunnylife","status":"publish","type":"product","link":"https:\/\/phukienflytech.vn\/en\/san-pham\/skin-decals-3m-mavic-3-sunnylife.html","title":{"rendered":"Skin decals 3M Mavic 3 Sunnylife &#8211; Th\u1ea9m m\u1ef9 cao v\u00e0 b\u1ea3o v\u1ec7 s\u01a1n v\u1ecf m\u00e1y"},"content":{"rendered":"<h2 style=\"text-align: left;\"><span style=\"color: #0000ff; font-size: 20px;\"><strong>Skin decals 3M Mavic 3 Sunnylife &#8211; Th\u1ea9m m\u1ef9 cao v\u00e0 b\u1ea3o v\u1ec7 s\u01a1n v\u1ecf m\u00e1y<\/strong> <\/span><\/h2>\n<p style=\"text-align: left;\"><span style=\"font-size: 17px;\">Skin decals 3M Mavic 3<\/span><\/p>\n<p style=\"text-align: left;\"><span style=\"font-size: 17px;\">.<\/span><\/p>\n<p><span style=\"font-size: 17px;\"><img loading=\"lazy\" decoding=\"async\" class=\"aligncenter size-full wp-image-39324\" src=\"https:\/\/phukienflytech.vn\/wp-content\/uploads\/2021\/12\/skin-decals-3m-mavic-3-sunnylife-5.png\" alt=\"\" width=\"850\" height=\"474\" srcset=\"https:\/\/phukienflytech.vn\/wp-content\/uploads\/2021\/12\/skin-decals-3m-mavic-3-sunnylife-5.png 850w, https:\/\/phukienflytech.vn\/wp-content\/uploads\/2021\/12\/skin-decals-3m-mavic-3-sunnylife-5-717x400.png 717w, https:\/\/phukienflytech.vn\/wp-content\/uploads\/2021\/12\/skin-decals-3m-mavic-3-sunnylife-5-768x428.png 768w, https:\/\/phukienflytech.vn\/wp-content\/uploads\/2021\/12\/skin-decals-3m-mavic-3-sunnylife-5-600x335.png 600w\" sizes=\"auto, (max-width: 850px) 100vw, 850px\" \/><\/span><\/p>\n<p><span style=\"font-size: 17px;\">.<\/span><\/p>\n<h2><span style=\"font-size: 20px; color: #0000ff;\"><strong>\u270d Gi\u1edbi thi\u1ec7u s\u1ea3n ph\u1ea9m: Skin decals 3M Mavic 3<\/strong><\/span><\/h2>\n<p style=\"text-align: justify;\"><span style=\"font-size: 17px;\">Nh\u1eefng chi\u1ebfc flycam DJI \u0111\u00e3 \u0111\u01b0\u1ee3c Dji thi\u1ebft k\u1ebf v\u1edbi v\u1ebb ngo\u00e0i r\u1ea5t \u0111\u1eb9p v\u00e0 th\u1eddi trang. Nh\u01b0ng b\u00ean c\u1ea1nh \u0111\u00f3 vi\u1ec7c s\u1eed d\u1ee5ng flycam sau 1 th\u1eddi gian s\u1ebd xu\u1ea5t hi\u1ec7n tr\u1ea7y x\u01b0\u1edbc, v\u1ebft b\u1ea9n,.. \u0110\u1ec3 gi\u1eef cho chi\u1ebfc flycam c\u1ee7a b\u1ea1n lu\u00f4n m\u1edbi v\u00e0 \u0111\u1ec3 c\u00e1 nh\u00e2n h\u00f3a chi\u1ebfc flycam. Phukienflytech xin gi\u1edbi thi\u1ec7u t\u1edbi c\u00e1c b\u1ea1n b\u1ed9 tem d\u00e1n Skin v\u1edbi nhi\u1ec1u phi\u00ean b\u1ea3n cho DJI Mavic 3. B\u1ed9 tem skin d\u00e1n gi\u00fap flycam c\u1ee7a b\u1ea1n c\u00f3 m\u1ed9t di\u1ec7n m\u1ea1o m\u1edbi, c\u00e1 t\u00ednh h\u01a1n n\u1ed5i b\u1eadt trong \u0111\u00e1m \u0111\u00f4ng v\u00e0 kh\u00f4ng h\u1ec1 b\u1ecb l\u1eabn v\u1edbi b\u1ea5t k\u1ef3 thi\u1ebft b\u1ecb n\u00e0o.<\/span><\/p>\n<p><span style=\"font-size: 17px;\">.<\/span><\/p>\n<p><span style=\"font-size: 17px;\"><img loading=\"lazy\" decoding=\"async\" class=\"aligncenter size-full wp-image-39316\" src=\"https:\/\/phukienflytech.vn\/wp-content\/uploads\/2021\/12\/skin-decals-3m-mavic-3-sunnylife-1.png\" alt=\"\" width=\"850\" height=\"553\" srcset=\"https:\/\/phukienflytech.vn\/wp-content\/uploads\/2021\/12\/skin-decals-3m-mavic-3-sunnylife-1.png 850w, https:\/\/phukienflytech.vn\/wp-content\/uploads\/2021\/12\/skin-decals-3m-mavic-3-sunnylife-1-615x400.png 615w, https:\/\/phukienflytech.vn\/wp-content\/uploads\/2021\/12\/skin-decals-3m-mavic-3-sunnylife-1-768x500.png 768w, https:\/\/phukienflytech.vn\/wp-content\/uploads\/2021\/12\/skin-decals-3m-mavic-3-sunnylife-1-600x390.png 600w\" sizes=\"auto, (max-width: 850px) 100vw, 850px\" \/><\/span><\/p>\n<p style=\"text-align: left;\"><span style=\"font-size: 17px;\"><strong>&gt;&gt;&gt;Xem th\u00eam :<span style=\"color: #0000ff;\"><a style=\"color: #0000ff;\" href=\"https:\/\/phukienflytech.vn\/danh-muc\/phu-kien-mavic-3.html\" target=\"_blank\" rel=\"noopener\"> ph\u1ee5 ki\u1ec7n mavic 3<\/a><\/span><\/strong><\/span><\/p>\n<p><span style=\"font-size: 17px;\">.<\/span><\/p>\n<h2><span style=\"font-size: 20px; color: #0000ff;\"><strong>\u270d M\u00f4 t\u1ea3 s\u1ea3n ph\u1ea9m:\u00a0<\/strong><\/span><\/h2>\n<div><span style=\"font-size: 17px; color: #000000;\">\u2705 H\u00e3ng s\u1ea3n xu\u1ea5t: SunnyLife\u00a0<\/span><\/div>\n<div><span style=\"font-size: 17px; color: #000000;\">\u2705 Th\u00edch h\u1ee3p : Mavic 3<\/span><\/div>\n<div><span style=\"font-size: 17px;\"><span style=\"color: #000000;\">\u2705 l\u00e0m t\u1eeb ch\u1ea5t li\u1ec7u <\/span>PVC nh\u1eadp kh\u1ea9u<\/span><\/div>\n<div><span style=\"font-size: 17px; color: #000000;\">\u2705 \u0110a d\u1ea1ng m\u1eabu m\u00e3, nhi\u1ec1u ki\u1ec3u d\u00e1ng\u00a0<\/span><\/div>\n<div><span style=\"font-size: 17px;\">.<\/span><\/div>\n<div><span style=\"font-size: 17px;\"><img loading=\"lazy\" decoding=\"async\" class=\"aligncenter wp-image-39318 size-full\" src=\"https:\/\/phukienflytech.vn\/wp-content\/uploads\/2021\/12\/skin-decals-3m-mavic-3-sunnylife-2.png\" alt=\"skin-decals-3m-mavic-3-sunnylife\" width=\"850\" height=\"327\" srcset=\"https:\/\/phukienflytech.vn\/wp-content\/uploads\/2021\/12\/skin-decals-3m-mavic-3-sunnylife-2.png 850w, https:\/\/phukienflytech.vn\/wp-content\/uploads\/2021\/12\/skin-decals-3m-mavic-3-sunnylife-2-800x308.png 800w, https:\/\/phukienflytech.vn\/wp-content\/uploads\/2021\/12\/skin-decals-3m-mavic-3-sunnylife-2-768x295.png 768w, https:\/\/phukienflytech.vn\/wp-content\/uploads\/2021\/12\/skin-decals-3m-mavic-3-sunnylife-2-600x231.png 600w\" sizes=\"auto, (max-width: 850px) 100vw, 850px\" \/><\/span><\/div>\n<h3 style=\"text-align: center;\"><span style=\"font-size: 14px;\"><strong>\u0110a d\u1ea1ng m\u1eabu m\u00e3 cho ng\u01b0\u1eddi d\u00f9ng l\u1ef1a ch\u1ecdn<\/strong><\/span><\/h3>\n<p><span style=\"font-size: 17px;\">.<\/span><\/p>\n<h2><span style=\"color: #0000ff; font-size: 20px;\"><strong>\u270d <\/strong><strong>HU\u031bO\u031b\u0301NG DA\u0302\u0303N SU\u031b\u0309 DU\u0323NG:<\/strong><\/span><\/h2>\n<p><span style=\"font-size: 17px;\">B1: Chu\u0300i, lau, la\u0300m sa\u0323ch be\u0302\u0300 ma\u0323\u0306t da\u0301n<\/span><\/p>\n<p><span style=\"font-size: 17px;\">B2:Ta\u0301ch lo\u031b\u0301p tra\u0301ng cu\u0309a keo di\u0301nh va\u0300 da\u0301n va\u0300o be\u0302\u0300 ma\u0323\u0306t cu\u0309a sa\u0309n pha\u0302\u0309m<\/span><\/p>\n<p><span style=\"font-size: 17px;\">B3: Ta\u0301ch lo\u031b\u0301p tra\u0301ng cu\u0309a keo di\u0301nh o\u031b\u0309 ma\u0323\u0306t \u0111o\u0302\u0301i die\u0323\u0302n co\u0300n la\u0323i va\u0300 da\u0301n va\u0300o be\u0302\u0300 ma\u0323\u0306t muo\u0302\u0301n da\u0301n<\/span><\/p>\n<p><span style=\"font-size: 17px;\">B4: Su\u031b\u0309 du\u0323ng ma\u0301y sa\u0302\u0301y to\u0301c \u0111e\u0302\u0309 ta\u0306ng \u0111o\u0323\u0302 ba\u0301m di\u0301nh va\u0300 giu\u031b\u0303 \u0111o\u0323\u0302 di\u0301nh cu\u0309a sa\u0309n pha\u0302\u0309m la\u0302u ho\u031bn<\/span><\/p>\n<p><span style=\"font-size: 17px;\">B5: Khi da\u0301n bo\u0301c \u0111a\u0302u da\u0301n \u0111o\u0301 (mie\u0302\u0301t tu\u031b\u0300 tu\u031b\u0300 tu\u031b\u0300ng i\u0301t mo\u0323\u0302t )<\/span><\/p>\n<p><span style=\"font-size: 17px;\"> <span style=\"color: #000000;\">\u2705 <\/span>Du\u0300ng ma\u0301y kho\u0300 \u0111e\u0302\u0309 co\u0301 the\u0302\u0309 ta\u0306ng \u0111o\u0323\u0302 co da\u0303n va\u0300 ba\u0301m di\u0301nh cu\u0309a tem<\/span><\/p>\n<p><span style=\"font-size: 17px;\"><span style=\"color: #000000;\">\u2705 <\/span>Tuye\u0323\u0302t \u0111o\u0302\u0301i kho\u0302ng \u0111u\u031bo\u031b\u0323c bo\u0301c lo\u031b\u0301p nilon be\u0302n ngoa\u0300i pha\u0302\u0300n decal<\/span><\/p>\n<p><span style=\"font-size: 17px;\">.<\/span><\/p>\n<p><span style=\"font-size: 17px;\"><img loading=\"lazy\" decoding=\"async\" class=\"aligncenter wp-image-39322 size-full\" src=\"https:\/\/phukienflytech.vn\/wp-content\/uploads\/2021\/12\/skin-decals-3m-mavic-3-sunnylife-4.png\" alt=\"skin-decals-3m-mavic-3-sunnylife\" width=\"850\" height=\"363\" srcset=\"https:\/\/phukienflytech.vn\/wp-content\/uploads\/2021\/12\/skin-decals-3m-mavic-3-sunnylife-4.png 850w, https:\/\/phukienflytech.vn\/wp-content\/uploads\/2021\/12\/skin-decals-3m-mavic-3-sunnylife-4-800x342.png 800w, https:\/\/phukienflytech.vn\/wp-content\/uploads\/2021\/12\/skin-decals-3m-mavic-3-sunnylife-4-768x328.png 768w, https:\/\/phukienflytech.vn\/wp-content\/uploads\/2021\/12\/skin-decals-3m-mavic-3-sunnylife-4-600x256.png 600w\" sizes=\"auto, (max-width: 850px) 100vw, 850px\" \/><\/span><\/p>\n<p><span style=\"font-size: 17px;\">.<\/span><\/p>\n<p><span style=\"color: #0000ff; font-size: 20px;\"><strong> H\u01b0\u1edbng d\u1eabn b\u1ea3o qu\u1ea3n:<\/strong><\/span><\/p>\n<div><span style=\"font-size: 17px;\">\u2705\u00a0 Tr\u00e1nh ti\u1ebfp x\u00fac v\u1edbi c\u00e1c v\u1eadt d\u1ee5ng s\u1eafc nh\u1ecdn<\/span><\/div>\n<div><span style=\"font-size: 17px;\">\u2705\u00a0 Kh\u00f4ng \u0111\u1ec3 ti\u1ebfp x\u00fac v\u01a1i nhi\u1ec7t \u0111\u1ed9 cao\u00a0<\/span><\/div>\n<p><span style=\"font-size: 17px;\">.<\/span><\/p>\n<p><span style=\"font-size: 17px;\"><img loading=\"lazy\" decoding=\"async\" class=\"aligncenter wp-image-39320 size-full\" src=\"https:\/\/phukienflytech.vn\/wp-content\/uploads\/2021\/12\/skin-decals-3m-mavic-3-sunnylife-3.png\" alt=\"skin-decals-3m-mavic-3-sunnylife\" width=\"850\" height=\"458\" srcset=\"https:\/\/phukienflytech.vn\/wp-content\/uploads\/2021\/12\/skin-decals-3m-mavic-3-sunnylife-3.png 850w, https:\/\/phukienflytech.vn\/wp-content\/uploads\/2021\/12\/skin-decals-3m-mavic-3-sunnylife-3-742x400.png 742w, https:\/\/phukienflytech.vn\/wp-content\/uploads\/2021\/12\/skin-decals-3m-mavic-3-sunnylife-3-768x414.png 768w, https:\/\/phukienflytech.vn\/wp-content\/uploads\/2021\/12\/skin-decals-3m-mavic-3-sunnylife-3-600x323.png 600w\" sizes=\"auto, (max-width: 850px) 100vw, 850px\" \/><\/span><\/p>\n<h3 style=\"text-align: center;\"><span style=\"font-size: 14px;\"><strong> Skin decals 3M Mavic 3 d\u00ea\u0303 da\u0300ng s\u01b0\u0309 du\u0323ng. ba\u0309o qua\u0309n\u00a0<\/strong><\/span><\/h3>\n<p><span style=\"font-size: 17px;\">.<\/span><\/p>\n<h2><span style=\"color: #0000ff; font-size: 20px;\"><strong>Mua ph\u1ee5 ki\u1ec7n flycam ch\u00ednh h\u00e3ng \u1edf \u0111\u00e2u?<\/strong><\/span><\/h2>\n<p><span style=\"font-size: 17px;\">Ph\u1ee5 ki\u1ec7n flycam gi\u00e1 t\u1ed1t\u00a0h\u00e2n h\u1ea1nh l\u00e0 \u0111\u01a1n v\u1ecb ph\u00e2n ph\u1ed1i ch\u00ednh h\u00e3ng c\u00e1c s\u1ea3n ph\u1ea9m ph\u1ee5 ki\u1ec7n flycam. T\u1edbi v\u1edbi ch\u00fang t\u00f4i, c\u00e1c b\u1ea1n s\u1ebd mua \u0111\u01b0\u1ee3c nh\u1eefng s\u1ea3n ph\u1ea9m ch\u00ednh h\u00e3ng v\u1edbi gi\u00e1 m\u1ed9t m\u1ee9c gi\u00e1 t\u1ed1t nh\u1ea5t tr\u00ean th\u1ecb tr\u01b0\u1eddng.<\/span><\/p>\n<p><span style=\"font-size: 17px;\">Kh\u00f4ng ch\u1ec9 nh\u1eefng s\u1ea3n ph\u1ea9m ph\u1ee5 ki\u1ec7n ch\u00ednh h\u00e3ng DJI FPV Drone. Ch\u00fang t\u00f4i c\u0169ng ph\u00e2n ph\u1ed1i c\u00e1c d\u00f2ng s\u1ea3n ph\u1ea9m ph\u1ee5 ki\u1ec7n c\u1ee7a DJI Mavic 2, DJI Phantom, DJI Spark,.. ch\u00ednh h\u00e3ng t\u1edbi t\u1eeb DJI, Pgytech v\u00e0 SunnyLife.<\/span><\/p>\n<p><span style=\"font-size: 17px;\">H\u00e3y \u0111\u1ebfn v\u1edbi ph\u1ee5 ki\u1ec7n flycam gi\u00e1 t\u1ed1t \u0111\u1ec3 c\u00f3 \u0111\u01b0\u1ee3c\u00a0m\u1ee9c gi\u00e1 t\u1ed1t v\u00e0 ch\u1ea5t l\u01b0\u1ee3ng \u0111\u1ea3m b\u1ea3o.<\/span><\/p>\n<p><span style=\"font-size: 17px;\"><strong>&gt;&gt; Xem th\u00eam:\u00a0<\/strong><span style=\"color: #0000ff;\"><strong><a style=\"color: #0000ff;\" href=\"https:\/\/phukienflytech.vn\/danh-muc\/phu-kien-dji-fpv.html\" target=\"_blank\" rel=\"noopener\">Ph\u1ee5 ki\u1ec7n FPV Drone<\/a><\/strong><\/span><\/span><\/p>\n<p><span style=\"font-size: 17px;\"><strong>&gt;&gt; Xem th\u00eam:\u00a0<\/strong><span style=\"color: #0000ff;\"><a style=\"color: #0000ff;\" href=\"https:\/\/phukienflytech.vn\/danh-muc\/phu-kien-mavic-2.html\" target=\"_blank\" rel=\"noopener\"><strong>Ph\u1ee5 ki\u1ec7n Mavic 2 series<\/strong><\/a><\/span><\/span><\/p>\n<p><span style=\"font-size: 17px;\"><strong>&gt;&gt; Xem th\u00eam:<span style=\"color: #0000ff;\">\u00a0<\/span><\/strong><span style=\"color: #0000ff;\"><strong><a style=\"color: #0000ff;\" href=\"https:\/\/phukienflytech.vn\/danh-muc\/phu-kien-mavic-air-2.html\" target=\"_blank\" rel=\"noopener\">Ph\u1ee5 ki\u1ec7n Mavic Air 2<\/a><\/strong><\/span><\/span><\/p>\n<p><span style=\"font-size: 17px;\"><strong>&gt;&gt; Xem th\u00eam:\u00a0<\/strong><span style=\"color: #0000ff;\"><strong><a style=\"color: #0000ff;\" href=\"https:\/\/phukienflytech.vn\/danh-muc\/phu-kien-mavic-mini.html\" target=\"_blank\" rel=\"noopener\">Ph\u1ee5 ki\u1ec7n Mavic Mini|Mini 2<\/a><\/strong><\/span><\/span><\/p>\n<p><span style=\"font-size: 17px;\"><strong>&gt;&gt; Li\u00ean h\u1ec7 v\u1edbi ch\u00fang t\u00f4i qua\u00a0Fanpage:<span style=\"color: #0000ff;\">\u00a0<\/span><\/strong><span style=\"color: #0000ff;\"><a style=\"color: #0000ff;\" href=\"https:\/\/www.facebook.com\/phukienflycam\" target=\"_blank\" rel=\"noopener\"><strong>Ph\u1ee5 ki\u1ec7n flycam gi\u00e1 t\u1ed1t\u00a0<\/strong><\/a><\/span><\/span><\/p>\n<p>&nbsp;<\/p>\n","protected":false},"excerpt":{"rendered":"<p>Skin decals 3M Mavic 3 Sunnylife &#8211; Th\u1ea9m m\u1ef9 cao v\u00e0 b\u1ea3o v\u1ec7 s\u01a1n v\u1ecf m\u00e1y Skin decals 3M Mavic 3 . . \u270d Gi\u1edbi thi\u1ec7u s\u1ea3n ph\u1ea9m: Skin decals 3M Mavic 3 Nh\u1eefng chi\u1ebfc flycam DJI \u0111\u00e3 \u0111\u01b0\u1ee3c Dji thi\u1ebft k\u1ebf v\u1edbi v\u1ebb ngo\u00e0i r\u1ea5t \u0111\u1eb9p v\u00e0 th\u1eddi trang. Nh\u01b0ng b\u00ean c\u1ea1nh \u0111\u00f3 vi\u1ec7c &#8230;<\/p>\n","protected":false},"featured_media":39531,"comment_status":"open","ping_status":"closed","template":"","meta":{"_acf_changed":false},"product_brand":[],"product_cat":[],"product_tag":[],"class_list":{"0":"post-39469","1":"product","2":"type-product","3":"status-publish","4":"has-post-thumbnail","7":"first","8":"instock","9":"shipping-taxable","10":"purchasable","11":"product-type-simple"},"acf":[],"yoast_head":"<!-- This site is optimized with the Yoast SEO plugin v25.7 - https:\/\/yoast.com\/wordpress\/plugins\/seo\/ -->\n<title>Skin decals 3M Mavic 3 Sunnylife - Th\u1ea9m m\u1ef9 cao v\u00e0 b\u1ea3o v\u1ec7 s\u01a1n v\u1ecf m\u00e1y<\/title>\n<meta name=\"description\" content=\"Skin decals 3M Mavic 3 C\u00e1 nh\u00e2n h\u00f3a b\u1ed9 flycam c\u1ee7a m\u00ecnh b\u1eb1ng b\u1ed9 tem d\u00e1n decal chuy\u00ean nghi\u1ec7p t\u1edbi t\u1eeb Phukienflytech\" \/>\n<meta name=\"robots\" content=\"index, follow, max-snippet:-1, max-image-preview:large, max-video-preview:-1\" \/>\n<link rel=\"canonical\" href=\"https:\/\/phukienflytech.vn\/en\/san-pham\/skin-decals-3m-mavic-3-sunnylife.html\" \/>\n<meta property=\"og:locale\" content=\"en_US\" \/>\n<meta property=\"og:type\" content=\"article\" \/>\n<meta property=\"og:title\" content=\"Skin decals 3M Mavic 3 Sunnylife - Th\u1ea9m m\u1ef9 cao v\u00e0 b\u1ea3o v\u1ec7 s\u01a1n v\u1ecf m\u00e1y\" \/>\n<meta property=\"og:description\" content=\"Skin decals 3M Mavic 3 C\u00e1 nh\u00e2n h\u00f3a b\u1ed9 flycam c\u1ee7a m\u00ecnh b\u1eb1ng b\u1ed9 tem d\u00e1n decal chuy\u00ean nghi\u1ec7p t\u1edbi t\u1eeb Phukienflytech\" \/>\n<meta property=\"og:url\" content=\"https:\/\/phukienflytech.vn\/en\/san-pham\/skin-decals-3m-mavic-3-sunnylife.html\" \/>\n<meta property=\"og:site_name\" content=\"Shop M\u00e1y \u1ea3nh - Action Camera - Gimbal - Flycam - Ph\u1ee5 ki\u1ec7n\" \/>\n<meta property=\"article:publisher\" content=\"https:\/\/facebook.com\/phukienflycam\" \/>\n<meta property=\"article:modified_time\" content=\"2022-08-25T10:17:16+00:00\" \/>\n<meta property=\"og:image\" content=\"https:\/\/phukienflytech.vn\/wp-content\/uploads\/2021\/12\/Picture9-1.png\" \/>\n\t<meta property=\"og:image:width\" content=\"850\" \/>\n\t<meta property=\"og:image:height\" content=\"850\" \/>\n\t<meta property=\"og:image:type\" content=\"image\/png\" \/>\n<meta name=\"twitter:card\" content=\"summary_large_image\" \/>\n<meta name=\"twitter:label1\" content=\"Est. reading time\" \/>\n\t<meta name=\"twitter:data1\" content=\"4 minutes\" \/>\n<script type=\"application\/ld+json\" class=\"yoast-schema-graph\">{\"@context\":\"https:\/\/schema.org\",\"@graph\":[{\"@type\":\"WebPage\",\"@id\":\"https:\/\/phukienflytech.vn\/en\/san-pham\/skin-decals-3m-mavic-3-sunnylife.html\",\"url\":\"https:\/\/phukienflytech.vn\/en\/san-pham\/skin-decals-3m-mavic-3-sunnylife.html\",\"name\":\"Skin decals 3M Mavic 3 Sunnylife - Th\u1ea9m m\u1ef9 cao v\u00e0 b\u1ea3o v\u1ec7 s\u01a1n v\u1ecf m\u00e1y\",\"isPartOf\":{\"@id\":\"https:\/\/phukienflytech.vn\/#website\"},\"primaryImageOfPage\":{\"@id\":\"https:\/\/phukienflytech.vn\/en\/san-pham\/skin-decals-3m-mavic-3-sunnylife.html#primaryimage\"},\"image\":{\"@id\":\"https:\/\/phukienflytech.vn\/en\/san-pham\/skin-decals-3m-mavic-3-sunnylife.html#primaryimage\"},\"thumbnailUrl\":\"https:\/\/phukienflytech.vn\/wp-content\/uploads\/2021\/12\/Picture9-1.png\",\"datePublished\":\"2021-12-31T04:24:06+00:00\",\"dateModified\":\"2022-08-25T10:17:16+00:00\",\"description\":\"Skin decals 3M Mavic 3 C\u00e1 nh\u00e2n h\u00f3a b\u1ed9 flycam c\u1ee7a m\u00ecnh b\u1eb1ng b\u1ed9 tem d\u00e1n decal chuy\u00ean nghi\u1ec7p t\u1edbi t\u1eeb Phukienflytech\",\"breadcrumb\":{\"@id\":\"https:\/\/phukienflytech.vn\/en\/san-pham\/skin-decals-3m-mavic-3-sunnylife.html#breadcrumb\"},\"inLanguage\":\"en-US\",\"potentialAction\":[{\"@type\":\"ReadAction\",\"target\":[\"https:\/\/phukienflytech.vn\/en\/san-pham\/skin-decals-3m-mavic-3-sunnylife.html\"]}]},{\"@type\":\"ImageObject\",\"inLanguage\":\"en-US\",\"@id\":\"https:\/\/phukienflytech.vn\/en\/san-pham\/skin-decals-3m-mavic-3-sunnylife.html#primaryimage\",\"url\":\"https:\/\/phukienflytech.vn\/wp-content\/uploads\/2021\/12\/Picture9-1.png\",\"contentUrl\":\"https:\/\/phukienflytech.vn\/wp-content\/uploads\/2021\/12\/Picture9-1.png\",\"width\":850,\"height\":850},{\"@type\":\"BreadcrumbList\",\"@id\":\"https:\/\/phukienflytech.vn\/en\/san-pham\/skin-decals-3m-mavic-3-sunnylife.html#breadcrumb\",\"itemListElement\":[{\"@type\":\"ListItem\",\"position\":1,\"name\":\"Home\",\"item\":\"https:\/\/phukienflytech.vn\/en\"},{\"@type\":\"ListItem\",\"position\":2,\"name\":\"Ph\u1ee5 ki\u1ec7n Mavic Pro\",\"item\":\"https:\/\/phukienflytech.vn\/en\/phu-kien-mavic-pro.html\"},{\"@type\":\"ListItem\",\"position\":3,\"name\":\"Ph\u1ee5 ki\u1ec7n DJI - Osmo\",\"item\":\"https:\/\/phukienflytech.vn\/danh-muc\/phu-kien-dji-osmo.html\"},{\"@type\":\"ListItem\",\"position\":4,\"name\":\"Ph\u1ee5 ki\u1ec7n mavic 3\",\"item\":\"https:\/\/phukienflytech.vn\/danh-muc\/phu-kien-mavic-3.html\"},{\"@type\":\"ListItem\",\"position\":5,\"name\":\"Skin decals 3M Mavic 3 Sunnylife &#8211; Th\u1ea9m m\u1ef9 cao v\u00e0 b\u1ea3o v\u1ec7 s\u01a1n v\u1ecf m\u00e1y\"}]},{\"@type\":\"WebSite\",\"@id\":\"https:\/\/phukienflytech.vn\/#website\",\"url\":\"https:\/\/phukienflytech.vn\/\",\"name\":\"Shop M\u00e1y \u1ea3nh - Action Camera - Gimbal - Flycam - Ph\u1ee5 ki\u1ec7n\",\"description\":\"Shop M\u00e1y \u1ea3nh - Action Camera - Gimbal - Flycam - Ph\u1ee5 ki\u1ec7n\",\"publisher\":{\"@id\":\"https:\/\/phukienflytech.vn\/#organization\"},\"potentialAction\":[{\"@type\":\"SearchAction\",\"target\":{\"@type\":\"EntryPoint\",\"urlTemplate\":\"https:\/\/phukienflytech.vn\/?s={search_term_string}\"},\"query-input\":{\"@type\":\"PropertyValueSpecification\",\"valueRequired\":true,\"valueName\":\"search_term_string\"}}],\"inLanguage\":\"en-US\"},{\"@type\":\"Organization\",\"@id\":\"https:\/\/phukienflytech.vn\/#organization\",\"name\":\"DJI Store - Shop Drone, Action camera, Gimbal DJI |Phukienflytech\",\"alternateName\":\"DJI Store - Shop Drone, Action camera, Gimbal DJI |Phukienflytech\",\"url\":\"https:\/\/phukienflytech.vn\/\",\"logo\":{\"@type\":\"ImageObject\",\"inLanguage\":\"en-US\",\"@id\":\"https:\/\/phukienflytech.vn\/#\/schema\/logo\/image\/\",\"url\":\"https:\/\/phukienflytech.vn\/wp-content\/uploads\/2020\/05\/hAnh_nan.jpg1_.jpg\",\"contentUrl\":\"https:\/\/phukienflytech.vn\/wp-content\/uploads\/2020\/05\/hAnh_nan.jpg1_.jpg\",\"width\":800,\"height\":450,\"caption\":\"DJI Store - Shop Drone, Action camera, Gimbal DJI |Phukienflytech\"},\"image\":{\"@id\":\"https:\/\/phukienflytech.vn\/#\/schema\/logo\/image\/\"},\"sameAs\":[\"https:\/\/facebook.com\/phukienflycam\",\"https:\/\/www.youtube.com\/@phukienflytech\",\"https:\/\/www.tiktok.com\/@flytech.channel?fbclid=IwY2xjawGjg7BleHRuA2FlbQIxMAABHYVGmlXpuSMs0UB2zTpYvyT4GMVfN2qJa4urF4vkSQ6FAVBwXZtDP30qQA_aem_UwMiDcUvlEbd2tXAmsc8Og\"]}]}<\/script>\n<!-- \/ Yoast SEO plugin. -->","yoast_head_json":{"title":"Skin decals 3M Mavic 3 Sunnylife - Th\u1ea9m m\u1ef9 cao v\u00e0 b\u1ea3o v\u1ec7 s\u01a1n v\u1ecf m\u00e1y","description":"Skin decals 3M Mavic 3 C\u00e1 nh\u00e2n h\u00f3a b\u1ed9 flycam c\u1ee7a m\u00ecnh b\u1eb1ng b\u1ed9 tem d\u00e1n decal chuy\u00ean nghi\u1ec7p t\u1edbi t\u1eeb Phukienflytech","robots":{"index":"index","follow":"follow","max-snippet":"max-snippet:-1","max-image-preview":"max-image-preview:large","max-video-preview":"max-video-preview:-1"},"canonical":"https:\/\/phukienflytech.vn\/en\/san-pham\/skin-decals-3m-mavic-3-sunnylife.html","og_locale":"en_US","og_type":"article","og_title":"Skin decals 3M Mavic 3 Sunnylife - Th\u1ea9m m\u1ef9 cao v\u00e0 b\u1ea3o v\u1ec7 s\u01a1n v\u1ecf m\u00e1y","og_description":"Skin decals 3M Mavic 3 C\u00e1 nh\u00e2n h\u00f3a b\u1ed9 flycam c\u1ee7a m\u00ecnh b\u1eb1ng b\u1ed9 tem d\u00e1n decal chuy\u00ean nghi\u1ec7p t\u1edbi t\u1eeb Phukienflytech","og_url":"https:\/\/phukienflytech.vn\/en\/san-pham\/skin-decals-3m-mavic-3-sunnylife.html","og_site_name":"Shop M\u00e1y \u1ea3nh - Action Camera - Gimbal - Flycam - Ph\u1ee5 ki\u1ec7n","article_publisher":"https:\/\/facebook.com\/phukienflycam","article_modified_time":"2022-08-25T10:17:16+00:00","og_image":[{"width":850,"height":850,"url":"https:\/\/phukienflytech.vn\/wp-content\/uploads\/2021\/12\/Picture9-1.png","type":"image\/png"}],"twitter_card":"summary_large_image","twitter_misc":{"Est. reading time":"4 minutes"},"schema":{"@context":"https:\/\/schema.org","@graph":[{"@type":"WebPage","@id":"https:\/\/phukienflytech.vn\/en\/san-pham\/skin-decals-3m-mavic-3-sunnylife.html","url":"https:\/\/phukienflytech.vn\/en\/san-pham\/skin-decals-3m-mavic-3-sunnylife.html","name":"Skin decals 3M Mavic 3 Sunnylife - Th\u1ea9m m\u1ef9 cao v\u00e0 b\u1ea3o v\u1ec7 s\u01a1n v\u1ecf m\u00e1y","isPartOf":{"@id":"https:\/\/phukienflytech.vn\/#website"},"primaryImageOfPage":{"@id":"https:\/\/phukienflytech.vn\/en\/san-pham\/skin-decals-3m-mavic-3-sunnylife.html#primaryimage"},"image":{"@id":"https:\/\/phukienflytech.vn\/en\/san-pham\/skin-decals-3m-mavic-3-sunnylife.html#primaryimage"},"thumbnailUrl":"https:\/\/phukienflytech.vn\/wp-content\/uploads\/2021\/12\/Picture9-1.png","datePublished":"2021-12-31T04:24:06+00:00","dateModified":"2022-08-25T10:17:16+00:00","description":"Skin decals 3M Mavic 3 C\u00e1 nh\u00e2n h\u00f3a b\u1ed9 flycam c\u1ee7a m\u00ecnh b\u1eb1ng b\u1ed9 tem d\u00e1n decal chuy\u00ean nghi\u1ec7p t\u1edbi t\u1eeb Phukienflytech","breadcrumb":{"@id":"https:\/\/phukienflytech.vn\/en\/san-pham\/skin-decals-3m-mavic-3-sunnylife.html#breadcrumb"},"inLanguage":"en-US","potentialAction":[{"@type":"ReadAction","target":["https:\/\/phukienflytech.vn\/en\/san-pham\/skin-decals-3m-mavic-3-sunnylife.html"]}]},{"@type":"ImageObject","inLanguage":"en-US","@id":"https:\/\/phukienflytech.vn\/en\/san-pham\/skin-decals-3m-mavic-3-sunnylife.html#primaryimage","url":"https:\/\/phukienflytech.vn\/wp-content\/uploads\/2021\/12\/Picture9-1.png","contentUrl":"https:\/\/phukienflytech.vn\/wp-content\/uploads\/2021\/12\/Picture9-1.png","width":850,"height":850},{"@type":"BreadcrumbList","@id":"https:\/\/phukienflytech.vn\/en\/san-pham\/skin-decals-3m-mavic-3-sunnylife.html#breadcrumb","itemListElement":[{"@type":"ListItem","position":1,"name":"Home","item":"https:\/\/phukienflytech.vn\/en"},{"@type":"ListItem","position":2,"name":"Ph\u1ee5 ki\u1ec7n Mavic Pro","item":"https:\/\/phukienflytech.vn\/en\/phu-kien-mavic-pro.html"},{"@type":"ListItem","position":3,"name":"Ph\u1ee5 ki\u1ec7n DJI - Osmo","item":"https:\/\/phukienflytech.vn\/danh-muc\/phu-kien-dji-osmo.html"},{"@type":"ListItem","position":4,"name":"Ph\u1ee5 ki\u1ec7n mavic 3","item":"https:\/\/phukienflytech.vn\/danh-muc\/phu-kien-mavic-3.html"},{"@type":"ListItem","position":5,"name":"Skin decals 3M Mavic 3 Sunnylife &#8211; Th\u1ea9m m\u1ef9 cao v\u00e0 b\u1ea3o v\u1ec7 s\u01a1n v\u1ecf m\u00e1y"}]},{"@type":"WebSite","@id":"https:\/\/phukienflytech.vn\/#website","url":"https:\/\/phukienflytech.vn\/","name":"Shop M\u00e1y \u1ea3nh - Action Camera - Gimbal - Flycam - Ph\u1ee5 ki\u1ec7n","description":"Shop M\u00e1y \u1ea3nh - Action Camera - Gimbal - Flycam - Ph\u1ee5 ki\u1ec7n","publisher":{"@id":"https:\/\/phukienflytech.vn\/#organization"},"potentialAction":[{"@type":"SearchAction","target":{"@type":"EntryPoint","urlTemplate":"https:\/\/phukienflytech.vn\/?s={search_term_string}"},"query-input":{"@type":"PropertyValueSpecification","valueRequired":true,"valueName":"search_term_string"}}],"inLanguage":"en-US"},{"@type":"Organization","@id":"https:\/\/phukienflytech.vn\/#organization","name":"DJI Store - Shop Drone, Action camera, Gimbal DJI |Phukienflytech","alternateName":"DJI Store - Shop Drone, Action camera, Gimbal DJI |Phukienflytech","url":"https:\/\/phukienflytech.vn\/","logo":{"@type":"ImageObject","inLanguage":"en-US","@id":"https:\/\/phukienflytech.vn\/#\/schema\/logo\/image\/","url":"https:\/\/phukienflytech.vn\/wp-content\/uploads\/2020\/05\/hAnh_nan.jpg1_.jpg","contentUrl":"https:\/\/phukienflytech.vn\/wp-content\/uploads\/2020\/05\/hAnh_nan.jpg1_.jpg","width":800,"height":450,"caption":"DJI Store - Shop Drone, Action camera, Gimbal DJI |Phukienflytech"},"image":{"@id":"https:\/\/phukienflytech.vn\/#\/schema\/logo\/image\/"},"sameAs":["https:\/\/facebook.com\/phukienflycam","https:\/\/www.youtube.com\/@phukienflytech","https:\/\/www.tiktok.com\/@flytech.channel?fbclid=IwY2xjawGjg7BleHRuA2FlbQIxMAABHYVGmlXpuSMs0UB2zTpYvyT4GMVfN2qJa4urF4vkSQ6FAVBwXZtDP30qQA_aem_UwMiDcUvlEbd2tXAmsc8Og"]}]}},"_links":{"self":[{"href":"https:\/\/phukienflytech.vn\/en\/wp-json\/wp\/v2\/product\/39469","targetHints":{"allow":["GET"]}}],"collection":[{"href":"https:\/\/phukienflytech.vn\/en\/wp-json\/wp\/v2\/product"}],"about":[{"href":"https:\/\/phukienflytech.vn\/en\/wp-json\/wp\/v2\/types\/product"}],"replies":[{"embeddable":true,"href":"https:\/\/phukienflytech.vn\/en\/wp-json\/wp\/v2\/comments?post=39469"}],"wp:featuredmedia":[{"embeddable":true,"href":"https:\/\/phukienflytech.vn\/en\/wp-json\/wp\/v2\/media\/39531"}],"wp:attachment":[{"href":"https:\/\/phukienflytech.vn\/en\/wp-json\/wp\/v2\/media?parent=39469"}],"wp:term":[{"taxonomy":"product_brand","embeddable":true,"href":"https:\/\/phukienflytech.vn\/en\/wp-json\/wp\/v2\/product_brand?post=39469"},{"taxonomy":"product_cat","embeddable":true,"href":"https:\/\/phukienflytech.vn\/en\/wp-json\/wp\/v2\/product_cat?post=39469"},{"taxonomy":"product_tag","embeddable":true,"href":"https:\/\/phukienflytech.vn\/en\/wp-json\/wp\/v2\/product_tag?post=39469"}],"curies":[{"name":"wp","href":"https:\/\/api.w.org\/{rel}","templated":true}]}}