{"id":3984,"date":"2020-06-23T17:31:53","date_gmt":"2020-06-23T10:31:53","guid":{"rendered":"http:\/\/27430.lamdx.vinawebsite.vn\/san-pham\/canh-mavic-pro-canh-carbon-giam-on-sieu-cung-4-canh.html"},"modified":"2021-01-16T09:26:39","modified_gmt":"2021-01-16T02:26:39","slug":"carbon-propellers-mavic-pro","status":"publish","type":"product","link":"https:\/\/phukienflytech.vn\/en\/san-pham\/carbon-propellers-mavic-pro.html","title":{"rendered":"Low noise carbon filber propellers for Mavic Pro"},"content":{"rendered":"<h2><span style=\"color: #0000ff;\"><em><strong>Carbon propellers Mavic Pro<\/strong><\/em><\/span><\/h2>\n<p>&nbsp;<\/p>\n<p><span style=\"font-size: 18px;\">Carbon propellers Mavic Pro<\/span><\/p>\n<p><span style=\"font-size: 18px;\"><strong>C\u00e1nh carbon mavic pro 4 c\u00e1nh<\/strong> l\u00e0 ph\u1ee5 ki\u1ec7n mavic pro\u00a0 \u0111\u01b0\u1ee3c m\u1ec7nh danh l\u00e0 k\u1ebb ch\u1ed1ng l\u1ea1i th\u1ea7n gi\u00f3, \u0111\u01a1n gi\u1ea3n v\u00ec s\u1ee9c c\u1ea3n l\u01b0\u1edbt v\u00e0 ch\u1ecbu \u0111\u1ef1ng \u0111\u01b0\u1ee3c l\u1ef1c quay motor kh\u1ee7ng khi\u1ebfp c\u1ee7a mavic pro m\u00e0 c\u00e1nh carbon mavic pro kh\u00f4ng c\u00f3 b\u1ea5t k\u1ef3 m\u1ed9t s\u1ef1 bi\u1ebfn d\u1ea1ng n\u00e0o nh\u01b0 c\u00e1nh nh\u1ef1a tr\u01b0\u1edbc m\u1ed9t l\u1ef1c quay kh\u00f4ng g\u00ec c\u1ea3n n\u1ed5i nh\u01b0 v\u1eady s\u1ebd gi\u00fap cho vi\u1ec7c bay tr\u1edf l\u00ean \u1ed5n \u0111\u1ecbnh v\u00e0 ch\u1eafc ch\u1eafn h\u01a1n r\u1ea5t nhi\u1ec1u. C\u00e1ch\u00a0 Mavic pro &#8211; C\u00e1nh carbon gi\u1ea3m \u1ed3n si\u00eau c\u1ee9ng (4 c\u00e1nh)<\/span><\/p>\n<p><span style=\"font-size: 18px;\"><img loading=\"lazy\" decoding=\"async\" class=\"alignnone size-medium wp-image-15837\" src=\"https:\/\/phukienflytech.vn\/wp-content\/uploads\/2020\/05\/canh-mavic-pro-canh-carbon-giam-on-sieu-cung-4-canh-3971-5-400x400.jpg\" alt=\"\" width=\"400\" height=\"400\" srcset=\"https:\/\/phukienflytech.vn\/wp-content\/uploads\/2020\/05\/canh-mavic-pro-canh-carbon-giam-on-sieu-cung-4-canh-3971-5-400x400.jpg 400w, https:\/\/phukienflytech.vn\/wp-content\/uploads\/2020\/05\/canh-mavic-pro-canh-carbon-giam-on-sieu-cung-4-canh-3971-5-280x280.jpg 280w, https:\/\/phukienflytech.vn\/wp-content\/uploads\/2020\/05\/canh-mavic-pro-canh-carbon-giam-on-sieu-cung-4-canh-3971-5-768x768.jpg 768w, https:\/\/phukienflytech.vn\/wp-content\/uploads\/2020\/05\/canh-mavic-pro-canh-carbon-giam-on-sieu-cung-4-canh-3971-5-800x800.jpg 800w, https:\/\/phukienflytech.vn\/wp-content\/uploads\/2020\/05\/canh-mavic-pro-canh-carbon-giam-on-sieu-cung-4-canh-3971-5-300x300.jpg 300w, https:\/\/phukienflytech.vn\/wp-content\/uploads\/2020\/05\/canh-mavic-pro-canh-carbon-giam-on-sieu-cung-4-canh-3971-5-600x600.jpg 600w, https:\/\/phukienflytech.vn\/wp-content\/uploads\/2020\/05\/canh-mavic-pro-canh-carbon-giam-on-sieu-cung-4-canh-3971-5-100x100.jpg 100w, https:\/\/phukienflytech.vn\/wp-content\/uploads\/2020\/05\/canh-mavic-pro-canh-carbon-giam-on-sieu-cung-4-canh-3971-5.jpg 1600w\" sizes=\"auto, (max-width: 400px) 100vw, 400px\" \/><\/span><\/p>\n<p><span style=\"font-size: 18px;\">C\u00e1nh mavic pro carbon \u0111ang l\u00e0 l\u1ef1a ch\u1ecdn c\u1ee7a r\u1ea5t r\u1ea5t nhi\u1ec1u Pilot mavic, m\u1ed9t lo\u1ea1i ph\u1ee5 ki\u1ec7n d\u00e0nh cho mavic pro \u0111\u00e3 \u0111\u01b0\u1ee3c xem l\u00e0 c\u1ea7n thi\u1ebft<\/span><\/p>\n<p><span style=\"font-size: 18px;\"><img loading=\"lazy\" decoding=\"async\" class=\"alignnone wp-image-15841 size-medium\" src=\"https:\/\/phukienflytech.vn\/wp-content\/uploads\/2020\/05\/canh-mavic-pro-canh-carbon-giam-on-sieu-cung-4-canh-3971-2-1-400x400.jpg\" alt=\"Carbon-propellers-Mavic-Pro-3\" width=\"400\" height=\"400\" srcset=\"https:\/\/phukienflytech.vn\/wp-content\/uploads\/2020\/05\/canh-mavic-pro-canh-carbon-giam-on-sieu-cung-4-canh-3971-2-1-400x400.jpg 400w, https:\/\/phukienflytech.vn\/wp-content\/uploads\/2020\/05\/canh-mavic-pro-canh-carbon-giam-on-sieu-cung-4-canh-3971-2-1-280x280.jpg 280w, https:\/\/phukienflytech.vn\/wp-content\/uploads\/2020\/05\/canh-mavic-pro-canh-carbon-giam-on-sieu-cung-4-canh-3971-2-1-768x768.jpg 768w, https:\/\/phukienflytech.vn\/wp-content\/uploads\/2020\/05\/canh-mavic-pro-canh-carbon-giam-on-sieu-cung-4-canh-3971-2-1-800x800.jpg 800w, https:\/\/phukienflytech.vn\/wp-content\/uploads\/2020\/05\/canh-mavic-pro-canh-carbon-giam-on-sieu-cung-4-canh-3971-2-1-300x300.jpg 300w, https:\/\/phukienflytech.vn\/wp-content\/uploads\/2020\/05\/canh-mavic-pro-canh-carbon-giam-on-sieu-cung-4-canh-3971-2-1-600x600.jpg 600w, https:\/\/phukienflytech.vn\/wp-content\/uploads\/2020\/05\/canh-mavic-pro-canh-carbon-giam-on-sieu-cung-4-canh-3971-2-1-100x100.jpg 100w, https:\/\/phukienflytech.vn\/wp-content\/uploads\/2020\/05\/canh-mavic-pro-canh-carbon-giam-on-sieu-cung-4-canh-3971-2-1.jpg 900w\" sizes=\"auto, (max-width: 400px) 100vw, 400px\" \/><\/span><\/p>\n<h2><span style=\"font-size: 18px;\"><em><strong>T\u1ea1i sao b\u1ea1n n\u00ean s\u1eed d\u1ee5ng c\u00e1nh carbon mavic pro<\/strong><\/em><\/span><\/h2>\n<p><span style=\"font-size: 18px;\">B\u1ea1n c\u0169ng \u0111\u00e3 th\u1ea5y, c\u00e1nh carbon mavic pro c\u00f3 \u0111\u1ed9 c\u1ee9ng th\u1eadt l\u00e0 cao, n\u1ebfu dung s\u1ee9c c\u1ee7a tay th\u00ec th\u1eadt kh\u00f3 \u0111\u1ec3 b\u1ebb cong v\u00e0 g\u00e3y c\u00e1nh hay th\u00e2m ch\u00ed l\u00e0 m\u1ed9t ch\u00fat bi\u1ebfn d\u1ea1ng. \u0110\u00f3 ch\u00ednh l\u00e0 \u0111\u1eb7c \u0111i\u1ec3m quan tr\u1ecdng khi\u1ebfn c\u00e1nh carbon mavic pro c\u00f3 kh\u1ea3 n\u0103ng kh\u00e1ng gi\u00f3 kh\u1ee7ng khi\u1ebfp nh\u1ea5t.<\/span><\/p>\n<p><span style=\"font-size: 18px;\"><img loading=\"lazy\" decoding=\"async\" class=\"alignnone wp-image-15839 size-medium\" src=\"https:\/\/phukienflytech.vn\/wp-content\/uploads\/2020\/05\/canh-mavic-pro-canh-carbon-giam-on-sieu-cung-4-canh-3971-1-1-400x400.jpg\" alt=\"Carbon-propellers-Mavic-Pro\" width=\"400\" height=\"400\" srcset=\"https:\/\/phukienflytech.vn\/wp-content\/uploads\/2020\/05\/canh-mavic-pro-canh-carbon-giam-on-sieu-cung-4-canh-3971-1-1-400x400.jpg 400w, https:\/\/phukienflytech.vn\/wp-content\/uploads\/2020\/05\/canh-mavic-pro-canh-carbon-giam-on-sieu-cung-4-canh-3971-1-1-280x280.jpg 280w, https:\/\/phukienflytech.vn\/wp-content\/uploads\/2020\/05\/canh-mavic-pro-canh-carbon-giam-on-sieu-cung-4-canh-3971-1-1-300x300.jpg 300w, https:\/\/phukienflytech.vn\/wp-content\/uploads\/2020\/05\/canh-mavic-pro-canh-carbon-giam-on-sieu-cung-4-canh-3971-1-1.jpg 600w, https:\/\/phukienflytech.vn\/wp-content\/uploads\/2020\/05\/canh-mavic-pro-canh-carbon-giam-on-sieu-cung-4-canh-3971-1-1-100x100.jpg 100w\" sizes=\"auto, (max-width: 400px) 100vw, 400px\" \/><\/span><\/p>\n<p><span style=\"font-size: 18px;\">C\u00e1nh carbon dji mavic pro \u0111\u01b0\u1ee3c l\u00e0m t\u1eeb khu\u00f4n th\u00e9p \u0111\u00fac c\u00f9ng v\u1edbi s\u1ee3i carbon d\u1ebbo dai v\u00e0 c\u1ee9ng c\u00e1p. S\u1ea3n ph\u1ea9m c\u00f3 m\u00e0u \u0111en tuy\u1ec1n b\u00f3ng v\u00e0 \u0111\u01b0\u1ee3c h\u00e3ng th\u1ee9 3 Sunnylife s\u1ea3n xu\u1ea5t<\/span><\/p>\n<p><span style=\"font-size: 18px;\"><img loading=\"lazy\" decoding=\"async\" class=\"alignnone size-medium wp-image-15843\" src=\"https:\/\/phukienflytech.vn\/wp-content\/uploads\/2020\/05\/canh-mavic-pro-canh-carbon-giam-on-sieu-cung-4-canh-3971-3-1-400x400.jpg\" alt=\"\" width=\"400\" height=\"400\" srcset=\"https:\/\/phukienflytech.vn\/wp-content\/uploads\/2020\/05\/canh-mavic-pro-canh-carbon-giam-on-sieu-cung-4-canh-3971-3-1-400x400.jpg 400w, https:\/\/phukienflytech.vn\/wp-content\/uploads\/2020\/05\/canh-mavic-pro-canh-carbon-giam-on-sieu-cung-4-canh-3971-3-1-280x280.jpg 280w, https:\/\/phukienflytech.vn\/wp-content\/uploads\/2020\/05\/canh-mavic-pro-canh-carbon-giam-on-sieu-cung-4-canh-3971-3-1-768x768.jpg 768w, https:\/\/phukienflytech.vn\/wp-content\/uploads\/2020\/05\/canh-mavic-pro-canh-carbon-giam-on-sieu-cung-4-canh-3971-3-1.jpg 800w, https:\/\/phukienflytech.vn\/wp-content\/uploads\/2020\/05\/canh-mavic-pro-canh-carbon-giam-on-sieu-cung-4-canh-3971-3-1-300x300.jpg 300w, https:\/\/phukienflytech.vn\/wp-content\/uploads\/2020\/05\/canh-mavic-pro-canh-carbon-giam-on-sieu-cung-4-canh-3971-3-1-600x600.jpg 600w, https:\/\/phukienflytech.vn\/wp-content\/uploads\/2020\/05\/canh-mavic-pro-canh-carbon-giam-on-sieu-cung-4-canh-3971-3-1-100x100.jpg 100w\" sizes=\"auto, (max-width: 400px) 100vw, 400px\" \/><\/span><\/p>\n<h3><span style=\"font-size: 18px;\"><em><strong>Mua ph\u1ee5 ki\u1ec7n flycam DJI phantom,Mavic,Spark \u1edf \u0111\u00e2u?<\/strong><\/em><\/span><\/h3>\n<p><span style=\"font-size: 18px;\"><em><strong><a href=\"https:\/\/facebook.com\/phukienflycam\">Ph\u1ee5 Ki\u1ec7n Flytech Gi\u00e1 T\u1ed1t<\/a><\/strong><\/em>\u00a0h\u00e2n h\u1ea1nh \u0111em l\u1ea1i c\u00e1c m\u1eabu s\u1ea3n ph\u1ea9m Balo phatom ch\u00ednh h\u00e3ng t\u1ed1t nh\u1ea5t ph\u1ee5c v\u1ee5 \u0111am m\u00ea, v\u00e0 c\u00f4ng vi\u1ec7c c\u1ee7a c\u00e1c b\u1ea1n, h\u00e3y \u0111\u1ec3 ch\u00fang t\u00f4i ti\u1ebfp s\u1ee9c \u0111am m\u00ea, c\u00f4ng vi\u1ec7c c\u1ee7a b\u1ea1n, gi\u00fap b\u1ea1n th\u00eam ni\u1ec1m h\u1ee9ng kh\u1edfi trong \u0111am m\u00ea c\u0169ng nh\u01b0 c\u00f4ng vi\u1ec7c c\u1ee7a m\u00ecnh th\u00eam su\u00f4n s\u1ebb<\/span><\/p>\n<p><span style=\"font-size: 18px;\">\u00a0<\/span><\/p>\n<p><span style=\"font-size: 18px;\">Ch\u00fang t\u00f4i chuy\u00ean cung c\u1ea5p h\u1ea7u h\u1ebft t\u1ea5t c\u00e1c c\u00e1c ph\u1ee5 ki\u1ec7n flycam DJI c\u1ee7a Phantom 3,4 series, Mavic series, DJI Spark v\u00e0 inspire 1<\/span><\/p>\n<p><span style=\"font-size: 18px;\">H\u00e3y xem th\u00eam c\u00e1c\u00a0<em>ph\u1ee5 ki\u1ec7n flycam dji Phantom 3 4<\/em>\u00a0b\u1eb1ng c\u00e1ch\u00a0<strong><a href=\"https:\/\/phukienflytech.vn\/en\/danh-muc\/phantom-4-accessory.html\" target=\"_blank\" rel=\"noopener noreferrer\">click t\u1ea1i \u0111\u00e2y<\/a><\/strong>\u00a0!<\/span><\/p>\n<p><span style=\"font-size: 18px;\">Nh\u00e0 s\u1ea3n xu\u1ea5t : Sunnylife \u2013 l\u00e0 m\u1ed9t trong nh\u1eefng Vendor cung c\u1ea5p c\u00e1c ph\u1ee5 ki\u1ec7n, linh ki\u1ec7n thay th\u1ebf cho DJI Flycam.<\/span><\/p>\n","protected":false},"excerpt":{"rendered":"<p>Carbon propellers Mavic Pro &nbsp; Carbon propellers Mavic Pro C\u00e1nh carbon mavic pro 4 c\u00e1nh l\u00e0 ph\u1ee5 ki\u1ec7n mavic pro\u00a0 \u0111\u01b0\u1ee3c m\u1ec7nh danh l\u00e0 k\u1ebb ch\u1ed1ng l\u1ea1i th\u1ea7n gi\u00f3, \u0111\u01a1n gi\u1ea3n v\u00ec s\u1ee9c c\u1ea3n l\u01b0\u1edbt v\u00e0 ch\u1ecbu \u0111\u1ef1ng \u0111\u01b0\u1ee3c l\u1ef1c quay motor kh\u1ee7ng khi\u1ebfp c\u1ee7a mavic pro m\u00e0 c\u00e1nh carbon mavic pro kh\u00f4ng c\u00f3 b\u1ea5t &#8230;<\/p>\n","protected":false},"featured_media":3973,"comment_status":"open","ping_status":"closed","template":"","meta":{"_acf_changed":false},"product_brand":[],"product_cat":[178],"product_tag":[295,223],"class_list":{"0":"post-3984","1":"product","2":"type-product","3":"status-publish","4":"has-post-thumbnail","6":"product_cat-mavic-pro-accessory","7":"product_tag-canh-carbon-mavic-pro-4-canh-en","8":"product_tag-phu-kien-mavic-pro-en","10":"first","11":"instock","12":"shipping-taxable","13":"purchasable","14":"product-type-simple"},"acf":[],"yoast_head":"<!-- This site is optimized with the Yoast SEO plugin v25.7 - https:\/\/yoast.com\/wordpress\/plugins\/seo\/ -->\n<title>Carbon propellers Mavic Pro - Mavic pro accessory - Available - Original<\/title>\n<meta name=\"description\" content=\"Carbon propellers Mavic Pro is one of the most important accessory. Contact us to buy Carbon propellers Mavic Pro for best price\" \/>\n<meta name=\"robots\" content=\"index, follow, max-snippet:-1, max-image-preview:large, max-video-preview:-1\" \/>\n<link rel=\"canonical\" href=\"https:\/\/phukienflytech.vn\/en\/san-pham\/carbon-propellers-mavic-pro.html\" \/>\n<meta property=\"og:locale\" content=\"en_US\" \/>\n<meta property=\"og:type\" content=\"article\" \/>\n<meta property=\"og:title\" content=\"Carbon propellers Mavic Pro - Mavic pro accessory - Available - Original\" \/>\n<meta property=\"og:description\" content=\"Carbon propellers Mavic Pro is one of the most important accessory. Contact us to buy Carbon propellers Mavic Pro for best price\" \/>\n<meta property=\"og:url\" content=\"https:\/\/phukienflytech.vn\/en\/san-pham\/carbon-propellers-mavic-pro.html\" \/>\n<meta property=\"og:site_name\" content=\"Shop M\u00e1y \u1ea3nh - Action Camera - Gimbal - Flycam - Ph\u1ee5 ki\u1ec7n\" \/>\n<meta property=\"article:publisher\" content=\"https:\/\/facebook.com\/phukienflycam\" \/>\n<meta property=\"article:modified_time\" content=\"2021-01-16T02:26:39+00:00\" \/>\n<meta property=\"og:image\" content=\"https:\/\/phukienflytech.vn\/wp-content\/uploads\/2020\/05\/ph\u1ee5-ki\u1ec7n-mavic-pro-c\u00e1nh.png\" \/>\n\t<meta property=\"og:image:width\" content=\"300\" \/>\n\t<meta property=\"og:image:height\" content=\"300\" \/>\n\t<meta property=\"og:image:type\" content=\"image\/png\" \/>\n<meta name=\"twitter:card\" content=\"summary_large_image\" \/>\n<meta name=\"twitter:label1\" content=\"Est. reading time\" \/>\n\t<meta name=\"twitter:data1\" content=\"3 minutes\" \/>\n<script type=\"application\/ld+json\" class=\"yoast-schema-graph\">{\"@context\":\"https:\/\/schema.org\",\"@graph\":[{\"@type\":\"WebPage\",\"@id\":\"https:\/\/phukienflytech.vn\/en\/san-pham\/carbon-propellers-mavic-pro.html\",\"url\":\"https:\/\/phukienflytech.vn\/en\/san-pham\/carbon-propellers-mavic-pro.html\",\"name\":\"Carbon propellers Mavic Pro - Mavic pro accessory - Available - Original\",\"isPartOf\":{\"@id\":\"https:\/\/phukienflytech.vn\/#website\"},\"primaryImageOfPage\":{\"@id\":\"https:\/\/phukienflytech.vn\/en\/san-pham\/carbon-propellers-mavic-pro.html#primaryimage\"},\"image\":{\"@id\":\"https:\/\/phukienflytech.vn\/en\/san-pham\/carbon-propellers-mavic-pro.html#primaryimage\"},\"thumbnailUrl\":\"https:\/\/phukienflytech.vn\/wp-content\/uploads\/2020\/05\/ph\u1ee5-ki\u1ec7n-mavic-pro-c\u00e1nh.png\",\"datePublished\":\"2020-06-23T10:31:53+00:00\",\"dateModified\":\"2021-01-16T02:26:39+00:00\",\"description\":\"Carbon propellers Mavic Pro is one of the most important accessory. Contact us to buy Carbon propellers Mavic Pro for best price\",\"breadcrumb\":{\"@id\":\"https:\/\/phukienflytech.vn\/en\/san-pham\/carbon-propellers-mavic-pro.html#breadcrumb\"},\"inLanguage\":\"en-US\",\"potentialAction\":[{\"@type\":\"ReadAction\",\"target\":[\"https:\/\/phukienflytech.vn\/en\/san-pham\/carbon-propellers-mavic-pro.html\"]}]},{\"@type\":\"ImageObject\",\"inLanguage\":\"en-US\",\"@id\":\"https:\/\/phukienflytech.vn\/en\/san-pham\/carbon-propellers-mavic-pro.html#primaryimage\",\"url\":\"https:\/\/phukienflytech.vn\/wp-content\/uploads\/2020\/05\/ph\u1ee5-ki\u1ec7n-mavic-pro-c\u00e1nh.png\",\"contentUrl\":\"https:\/\/phukienflytech.vn\/wp-content\/uploads\/2020\/05\/ph\u1ee5-ki\u1ec7n-mavic-pro-c\u00e1nh.png\",\"width\":300,\"height\":300},{\"@type\":\"BreadcrumbList\",\"@id\":\"https:\/\/phukienflytech.vn\/en\/san-pham\/carbon-propellers-mavic-pro.html#breadcrumb\",\"itemListElement\":[{\"@type\":\"ListItem\",\"position\":1,\"name\":\"Home\",\"item\":\"https:\/\/phukienflytech.vn\/en\"},{\"@type\":\"ListItem\",\"position\":2,\"name\":\"Ph\u1ee5 ki\u1ec7n Mavic Pro\",\"item\":\"https:\/\/phukienflytech.vn\/en\/phu-kien-mavic-pro.html\"},{\"@type\":\"ListItem\",\"position\":3,\"name\":\"DJI Osmo &amp; Drone's accessories\",\"item\":\"https:\/\/phukienflytech.vn\/en\/danh-muc\/dji-osmo-drones-accessories.html\"},{\"@type\":\"ListItem\",\"position\":4,\"name\":\"Mavic Pro Accessory\",\"item\":\"https:\/\/phukienflytech.vn\/en\/danh-muc\/mavic-pro-accessory.html\"},{\"@type\":\"ListItem\",\"position\":5,\"name\":\"Low noise carbon filber propellers for Mavic Pro\"}]},{\"@type\":\"WebSite\",\"@id\":\"https:\/\/phukienflytech.vn\/#website\",\"url\":\"https:\/\/phukienflytech.vn\/\",\"name\":\"Shop M\u00e1y \u1ea3nh - Action Camera - Gimbal - Flycam - Ph\u1ee5 ki\u1ec7n\",\"description\":\"Shop M\u00e1y \u1ea3nh - Action Camera - Gimbal - Flycam - Ph\u1ee5 ki\u1ec7n\",\"publisher\":{\"@id\":\"https:\/\/phukienflytech.vn\/#organization\"},\"potentialAction\":[{\"@type\":\"SearchAction\",\"target\":{\"@type\":\"EntryPoint\",\"urlTemplate\":\"https:\/\/phukienflytech.vn\/?s={search_term_string}\"},\"query-input\":{\"@type\":\"PropertyValueSpecification\",\"valueRequired\":true,\"valueName\":\"search_term_string\"}}],\"inLanguage\":\"en-US\"},{\"@type\":\"Organization\",\"@id\":\"https:\/\/phukienflytech.vn\/#organization\",\"name\":\"DJI Store - Shop Drone, Action camera, Gimbal DJI |Phukienflytech\",\"alternateName\":\"DJI Store - Shop Drone, Action camera, Gimbal DJI |Phukienflytech\",\"url\":\"https:\/\/phukienflytech.vn\/\",\"logo\":{\"@type\":\"ImageObject\",\"inLanguage\":\"en-US\",\"@id\":\"https:\/\/phukienflytech.vn\/#\/schema\/logo\/image\/\",\"url\":\"https:\/\/phukienflytech.vn\/wp-content\/uploads\/2020\/05\/hAnh_nan.jpg1_.jpg\",\"contentUrl\":\"https:\/\/phukienflytech.vn\/wp-content\/uploads\/2020\/05\/hAnh_nan.jpg1_.jpg\",\"width\":800,\"height\":450,\"caption\":\"DJI Store - Shop Drone, Action camera, Gimbal DJI |Phukienflytech\"},\"image\":{\"@id\":\"https:\/\/phukienflytech.vn\/#\/schema\/logo\/image\/\"},\"sameAs\":[\"https:\/\/facebook.com\/phukienflycam\",\"https:\/\/www.youtube.com\/@phukienflytech\",\"https:\/\/www.tiktok.com\/@flytech.channel?fbclid=IwY2xjawGjg7BleHRuA2FlbQIxMAABHYVGmlXpuSMs0UB2zTpYvyT4GMVfN2qJa4urF4vkSQ6FAVBwXZtDP30qQA_aem_UwMiDcUvlEbd2tXAmsc8Og\"]}]}<\/script>\n<!-- \/ Yoast SEO plugin. -->","yoast_head_json":{"title":"Carbon propellers Mavic Pro - Mavic pro accessory - Available - Original","description":"Carbon propellers Mavic Pro is one of the most important accessory. Contact us to buy Carbon propellers Mavic Pro for best price","robots":{"index":"index","follow":"follow","max-snippet":"max-snippet:-1","max-image-preview":"max-image-preview:large","max-video-preview":"max-video-preview:-1"},"canonical":"https:\/\/phukienflytech.vn\/en\/san-pham\/carbon-propellers-mavic-pro.html","og_locale":"en_US","og_type":"article","og_title":"Carbon propellers Mavic Pro - Mavic pro accessory - Available - Original","og_description":"Carbon propellers Mavic Pro is one of the most important accessory. Contact us to buy Carbon propellers Mavic Pro for best price","og_url":"https:\/\/phukienflytech.vn\/en\/san-pham\/carbon-propellers-mavic-pro.html","og_site_name":"Shop M\u00e1y \u1ea3nh - Action Camera - Gimbal - Flycam - Ph\u1ee5 ki\u1ec7n","article_publisher":"https:\/\/facebook.com\/phukienflycam","article_modified_time":"2021-01-16T02:26:39+00:00","og_image":[{"width":300,"height":300,"url":"https:\/\/phukienflytech.vn\/wp-content\/uploads\/2020\/05\/ph\u1ee5-ki\u1ec7n-mavic-pro-c\u00e1nh.png","type":"image\/png"}],"twitter_card":"summary_large_image","twitter_misc":{"Est. reading time":"3 minutes"},"schema":{"@context":"https:\/\/schema.org","@graph":[{"@type":"WebPage","@id":"https:\/\/phukienflytech.vn\/en\/san-pham\/carbon-propellers-mavic-pro.html","url":"https:\/\/phukienflytech.vn\/en\/san-pham\/carbon-propellers-mavic-pro.html","name":"Carbon propellers Mavic Pro - Mavic pro accessory - Available - Original","isPartOf":{"@id":"https:\/\/phukienflytech.vn\/#website"},"primaryImageOfPage":{"@id":"https:\/\/phukienflytech.vn\/en\/san-pham\/carbon-propellers-mavic-pro.html#primaryimage"},"image":{"@id":"https:\/\/phukienflytech.vn\/en\/san-pham\/carbon-propellers-mavic-pro.html#primaryimage"},"thumbnailUrl":"https:\/\/phukienflytech.vn\/wp-content\/uploads\/2020\/05\/ph\u1ee5-ki\u1ec7n-mavic-pro-c\u00e1nh.png","datePublished":"2020-06-23T10:31:53+00:00","dateModified":"2021-01-16T02:26:39+00:00","description":"Carbon propellers Mavic Pro is one of the most important accessory. Contact us to buy Carbon propellers Mavic Pro for best price","breadcrumb":{"@id":"https:\/\/phukienflytech.vn\/en\/san-pham\/carbon-propellers-mavic-pro.html#breadcrumb"},"inLanguage":"en-US","potentialAction":[{"@type":"ReadAction","target":["https:\/\/phukienflytech.vn\/en\/san-pham\/carbon-propellers-mavic-pro.html"]}]},{"@type":"ImageObject","inLanguage":"en-US","@id":"https:\/\/phukienflytech.vn\/en\/san-pham\/carbon-propellers-mavic-pro.html#primaryimage","url":"https:\/\/phukienflytech.vn\/wp-content\/uploads\/2020\/05\/ph\u1ee5-ki\u1ec7n-mavic-pro-c\u00e1nh.png","contentUrl":"https:\/\/phukienflytech.vn\/wp-content\/uploads\/2020\/05\/ph\u1ee5-ki\u1ec7n-mavic-pro-c\u00e1nh.png","width":300,"height":300},{"@type":"BreadcrumbList","@id":"https:\/\/phukienflytech.vn\/en\/san-pham\/carbon-propellers-mavic-pro.html#breadcrumb","itemListElement":[{"@type":"ListItem","position":1,"name":"Home","item":"https:\/\/phukienflytech.vn\/en"},{"@type":"ListItem","position":2,"name":"Ph\u1ee5 ki\u1ec7n Mavic Pro","item":"https:\/\/phukienflytech.vn\/en\/phu-kien-mavic-pro.html"},{"@type":"ListItem","position":3,"name":"DJI Osmo &amp; Drone's accessories","item":"https:\/\/phukienflytech.vn\/en\/danh-muc\/dji-osmo-drones-accessories.html"},{"@type":"ListItem","position":4,"name":"Mavic Pro Accessory","item":"https:\/\/phukienflytech.vn\/en\/danh-muc\/mavic-pro-accessory.html"},{"@type":"ListItem","position":5,"name":"Low noise carbon filber propellers for Mavic Pro"}]},{"@type":"WebSite","@id":"https:\/\/phukienflytech.vn\/#website","url":"https:\/\/phukienflytech.vn\/","name":"Shop M\u00e1y \u1ea3nh - Action Camera - Gimbal - Flycam - Ph\u1ee5 ki\u1ec7n","description":"Shop M\u00e1y \u1ea3nh - Action Camera - Gimbal - Flycam - Ph\u1ee5 ki\u1ec7n","publisher":{"@id":"https:\/\/phukienflytech.vn\/#organization"},"potentialAction":[{"@type":"SearchAction","target":{"@type":"EntryPoint","urlTemplate":"https:\/\/phukienflytech.vn\/?s={search_term_string}"},"query-input":{"@type":"PropertyValueSpecification","valueRequired":true,"valueName":"search_term_string"}}],"inLanguage":"en-US"},{"@type":"Organization","@id":"https:\/\/phukienflytech.vn\/#organization","name":"DJI Store - Shop Drone, Action camera, Gimbal DJI |Phukienflytech","alternateName":"DJI Store - Shop Drone, Action camera, Gimbal DJI |Phukienflytech","url":"https:\/\/phukienflytech.vn\/","logo":{"@type":"ImageObject","inLanguage":"en-US","@id":"https:\/\/phukienflytech.vn\/#\/schema\/logo\/image\/","url":"https:\/\/phukienflytech.vn\/wp-content\/uploads\/2020\/05\/hAnh_nan.jpg1_.jpg","contentUrl":"https:\/\/phukienflytech.vn\/wp-content\/uploads\/2020\/05\/hAnh_nan.jpg1_.jpg","width":800,"height":450,"caption":"DJI Store - Shop Drone, Action camera, Gimbal DJI |Phukienflytech"},"image":{"@id":"https:\/\/phukienflytech.vn\/#\/schema\/logo\/image\/"},"sameAs":["https:\/\/facebook.com\/phukienflycam","https:\/\/www.youtube.com\/@phukienflytech","https:\/\/www.tiktok.com\/@flytech.channel?fbclid=IwY2xjawGjg7BleHRuA2FlbQIxMAABHYVGmlXpuSMs0UB2zTpYvyT4GMVfN2qJa4urF4vkSQ6FAVBwXZtDP30qQA_aem_UwMiDcUvlEbd2tXAmsc8Og"]}]}},"_links":{"self":[{"href":"https:\/\/phukienflytech.vn\/en\/wp-json\/wp\/v2\/product\/3984","targetHints":{"allow":["GET"]}}],"collection":[{"href":"https:\/\/phukienflytech.vn\/en\/wp-json\/wp\/v2\/product"}],"about":[{"href":"https:\/\/phukienflytech.vn\/en\/wp-json\/wp\/v2\/types\/product"}],"replies":[{"embeddable":true,"href":"https:\/\/phukienflytech.vn\/en\/wp-json\/wp\/v2\/comments?post=3984"}],"wp:featuredmedia":[{"embeddable":true,"href":"https:\/\/phukienflytech.vn\/en\/wp-json\/wp\/v2\/media\/3973"}],"wp:attachment":[{"href":"https:\/\/phukienflytech.vn\/en\/wp-json\/wp\/v2\/media?parent=3984"}],"wp:term":[{"taxonomy":"product_brand","embeddable":true,"href":"https:\/\/phukienflytech.vn\/en\/wp-json\/wp\/v2\/product_brand?post=3984"},{"taxonomy":"product_cat","embeddable":true,"href":"https:\/\/phukienflytech.vn\/en\/wp-json\/wp\/v2\/product_cat?post=3984"},{"taxonomy":"product_tag","embeddable":true,"href":"https:\/\/phukienflytech.vn\/en\/wp-json\/wp\/v2\/product_tag?post=3984"}],"curies":[{"name":"wp","href":"https:\/\/api.w.org\/{rel}","templated":true}]}}