{"id":3998,"date":"2020-06-18T17:47:26","date_gmt":"2020-06-18T10:47:26","guid":{"rendered":"http:\/\/27430.lamdx.vinawebsite.vn\/san-pham\/tripod-va-tay-quay-phim-mavic-pro.html"},"modified":"2020-10-18T16:07:08","modified_gmt":"2020-10-18T09:07:08","slug":"mavic-pro-tripod-and-handheld","status":"publish","type":"product","link":"https:\/\/phukienflytech.vn\/en\/san-pham\/mavic-pro-tripod-and-handheld.html","title":{"rendered":"Mavic pro tripod and handheld"},"content":{"rendered":"<h2><strong><em><span style=\"color: #0000ff;\">Mavic pro tripod and handheld<\/span><\/em><\/strong><\/h2>\n<p>&nbsp;<\/p>\n<p><span style=\"font-size: 18px;\">Mavic pro tripod and handheld<\/span><\/p>\n<p><span style=\"font-size: 18px;\"><strong>Tripod v\u00e0 tay quay mavic pro<\/strong> L\u00e0 m\u1ed9t\u00a0 trong nh\u1eefng ph\u1ee5 ki\u1ec7n kh\u00e1 quan trong g\u00f3p ph\u1ea7n l\u00e0m cho nh\u1eefng b\u1ee9c \u1ea3nh hay video c\u1ee7a b\u1ea1n c\u00f3 th\u1ec3 tr\u1edf n\u00ean s\u1eafc n\u00e9t v\u00e0 \u1ed5n \u0111\u1ecbnh. Tripod v\u00e0 tay quay mavic pro \u0111\u1eb7c bi\u1ec7t gi\u00fap nh\u1eefng b\u1ee9c \u1ea3nh hay video c\u1ee7a b\u1ea1n gi\u1ea3m thi\u1ec3u c\u00e1c hi\u1ec7n t\u01b0\u1ee3ng nh\u00f2e v\u00e0 m\u1edd g\u00e2y ra do rung m\u00e1y khi s\u1eed d\u1ee5ng tay c\u1ea7m Mavic pro tr\u1ef1c ti\u1ebfp \u0111\u1ec3 th\u1ef1c hi\u1ec7n vi\u1ec7c quay video\u00a0<\/span><\/p>\n<p><span style=\"font-size: 18px;\"><img loading=\"lazy\" decoding=\"async\" class=\"alignnone size-medium wp-image-15846\" src=\"https:\/\/phukienflytech.vn\/wp-content\/uploads\/2020\/05\/tripod-va-tay-quay-phim-mavic-pro-3985-5-400x400.jpg\" alt=\"\" width=\"400\" height=\"400\" srcset=\"https:\/\/phukienflytech.vn\/wp-content\/uploads\/2020\/05\/tripod-va-tay-quay-phim-mavic-pro-3985-5-400x400.jpg 400w, https:\/\/phukienflytech.vn\/wp-content\/uploads\/2020\/05\/tripod-va-tay-quay-phim-mavic-pro-3985-5-280x280.jpg 280w, https:\/\/phukienflytech.vn\/wp-content\/uploads\/2020\/05\/tripod-va-tay-quay-phim-mavic-pro-3985-5-768x768.jpg 768w, https:\/\/phukienflytech.vn\/wp-content\/uploads\/2020\/05\/tripod-va-tay-quay-phim-mavic-pro-3985-5-800x800.jpg 800w, https:\/\/phukienflytech.vn\/wp-content\/uploads\/2020\/05\/tripod-va-tay-quay-phim-mavic-pro-3985-5-300x300.jpg 300w, https:\/\/phukienflytech.vn\/wp-content\/uploads\/2020\/05\/tripod-va-tay-quay-phim-mavic-pro-3985-5-600x600.jpg 600w, https:\/\/phukienflytech.vn\/wp-content\/uploads\/2020\/05\/tripod-va-tay-quay-phim-mavic-pro-3985-5-100x100.jpg 100w, https:\/\/phukienflytech.vn\/wp-content\/uploads\/2020\/05\/tripod-va-tay-quay-phim-mavic-pro-3985-5.jpg 1000w\" sizes=\"auto, (max-width: 400px) 100vw, 400px\" \/><\/span><\/p>\n<h3><span style=\"font-size: 18px;\"><em><strong>\u0110\u1eb7c \u0111i\u1ec3m s\u1ea3n ph\u1ea9m<\/strong><\/em><\/span><\/h3>\n<p><span style=\"font-size: 18px;\"><img loading=\"lazy\" decoding=\"async\" class=\"alignnone size-medium wp-image-15848\" src=\"https:\/\/phukienflytech.vn\/wp-content\/uploads\/2020\/05\/tripod-va-tay-quay-phim-mavic-pro-3985-1-1-400x400.jpg\" alt=\"\" width=\"400\" height=\"400\" srcset=\"https:\/\/phukienflytech.vn\/wp-content\/uploads\/2020\/05\/tripod-va-tay-quay-phim-mavic-pro-3985-1-1-400x400.jpg 400w, https:\/\/phukienflytech.vn\/wp-content\/uploads\/2020\/05\/tripod-va-tay-quay-phim-mavic-pro-3985-1-1-280x280.jpg 280w, https:\/\/phukienflytech.vn\/wp-content\/uploads\/2020\/05\/tripod-va-tay-quay-phim-mavic-pro-3985-1-1-768x768.jpg 768w, https:\/\/phukienflytech.vn\/wp-content\/uploads\/2020\/05\/tripod-va-tay-quay-phim-mavic-pro-3985-1-1-800x800.jpg 800w, https:\/\/phukienflytech.vn\/wp-content\/uploads\/2020\/05\/tripod-va-tay-quay-phim-mavic-pro-3985-1-1-300x300.jpg 300w, https:\/\/phukienflytech.vn\/wp-content\/uploads\/2020\/05\/tripod-va-tay-quay-phim-mavic-pro-3985-1-1-600x600.jpg 600w, https:\/\/phukienflytech.vn\/wp-content\/uploads\/2020\/05\/tripod-va-tay-quay-phim-mavic-pro-3985-1-1-100x100.jpg 100w, https:\/\/phukienflytech.vn\/wp-content\/uploads\/2020\/05\/tripod-va-tay-quay-phim-mavic-pro-3985-1-1.jpg 1000w\" sizes=\"auto, (max-width: 400px) 100vw, 400px\" \/><\/span><\/p>\n<p><span style=\"font-size: 18px;\">\u0110\u1ec1u c\u00f3 t\u00e1c d\u1ee5ng gi\u1ea3m thi\u1ec3u hi\u1ec7n t\u01b0\u1ee3ng nh\u00f2e, kh\u00f4ng s\u1eafc n\u00e9t do rung m\u00e1y g\u00e2y ra s\u1ea3n ph\u1ea9m c\u00f3 thi\u1ebft k\u1ebf v\u00f4 c\u00f9ng g\u1ecdn nh\u1eb9 v\u00e0 ti\u00eanh d\u1ee5ng gi\u00fap ng\u01b0\u1eddi d\u00f9ng c\u00f3 th\u1ec3 d\u1ec5 d\u00e0ng mang \u0111i c\u0169ng nh\u01b0ng s\u1eed d\u1ee5ng trong khi di chuy\u1ec3n<\/span><\/p>\n<p><span style=\"font-size: 18px;\"><img loading=\"lazy\" decoding=\"async\" class=\"alignnone wp-image-15850 size-medium\" src=\"https:\/\/phukienflytech.vn\/wp-content\/uploads\/2020\/05\/tripod-va-tay-quay-phim-mavic-pro-3985-2-1-400x400.jpg\" alt=\"Mavic-pro-tripod-and-handheld-9\" width=\"400\" height=\"400\" srcset=\"https:\/\/phukienflytech.vn\/wp-content\/uploads\/2020\/05\/tripod-va-tay-quay-phim-mavic-pro-3985-2-1-400x400.jpg 400w, https:\/\/phukienflytech.vn\/wp-content\/uploads\/2020\/05\/tripod-va-tay-quay-phim-mavic-pro-3985-2-1-280x280.jpg 280w, https:\/\/phukienflytech.vn\/wp-content\/uploads\/2020\/05\/tripod-va-tay-quay-phim-mavic-pro-3985-2-1-768x768.jpg 768w, https:\/\/phukienflytech.vn\/wp-content\/uploads\/2020\/05\/tripod-va-tay-quay-phim-mavic-pro-3985-2-1-800x800.jpg 800w, https:\/\/phukienflytech.vn\/wp-content\/uploads\/2020\/05\/tripod-va-tay-quay-phim-mavic-pro-3985-2-1-300x300.jpg 300w, https:\/\/phukienflytech.vn\/wp-content\/uploads\/2020\/05\/tripod-va-tay-quay-phim-mavic-pro-3985-2-1-600x600.jpg 600w, https:\/\/phukienflytech.vn\/wp-content\/uploads\/2020\/05\/tripod-va-tay-quay-phim-mavic-pro-3985-2-1-100x100.jpg 100w, https:\/\/phukienflytech.vn\/wp-content\/uploads\/2020\/05\/tripod-va-tay-quay-phim-mavic-pro-3985-2-1.jpg 1000w\" sizes=\"auto, (max-width: 400px) 100vw, 400px\" \/><\/span><\/p>\n<ul>\n<li><span style=\"font-size: 18px;\">S\u1ea3n ph\u1ea9m ph\u00f9 h\u1ee3p: DJI Mavic pro \/ Platium<\/span><\/li>\n<li><span style=\"font-size: 18px;\">Ch\u1ea5t li\u1ec7u : Nh\u1ef1a khu\u00f4n<\/span><\/li>\n<li><span style=\"font-size: 18px;\">M\u00e0u s\u1eafc : \u0111\u00e8n tuy\u1ec1n<\/span><\/li>\n<li><span style=\"font-size: 18px;\">B\u1ed9 s\u1ea3n ph\u1ea9m \u0111\u1ea7y \u0111\u1ee7 : Tripod , gi\u00e1 k\u1eb9p Smart phone, n\u1eb9p gi\u1eef body Mavic, ph\u1ee5 t\u00f9ng \u1ed1c v\u00e0 bu l\u00f4ng si\u1ebft\u00a0<\/span><\/li>\n<li><span style=\"font-size: 18px;\">C\u00f3 th\u1ec3 th\u00e1o l\u1eafp d\u1ec5 d\u00e0ng v\u00e0 \u0111\u1ec3 g\u1ecdn trong vali, balo<\/span><\/li>\n<\/ul>\n<p><span style=\"font-size: 18px;\"><img loading=\"lazy\" decoding=\"async\" class=\"alignnone wp-image-15852 size-medium\" src=\"https:\/\/phukienflytech.vn\/wp-content\/uploads\/2020\/05\/tripod-va-tay-quay-phim-mavic-pro-3985-3-1-400x400.jpg\" alt=\"Mavic-pro-tripod-and-handheld\" width=\"400\" height=\"400\" srcset=\"https:\/\/phukienflytech.vn\/wp-content\/uploads\/2020\/05\/tripod-va-tay-quay-phim-mavic-pro-3985-3-1-400x400.jpg 400w, https:\/\/phukienflytech.vn\/wp-content\/uploads\/2020\/05\/tripod-va-tay-quay-phim-mavic-pro-3985-3-1-280x280.jpg 280w, https:\/\/phukienflytech.vn\/wp-content\/uploads\/2020\/05\/tripod-va-tay-quay-phim-mavic-pro-3985-3-1-768x768.jpg 768w, https:\/\/phukienflytech.vn\/wp-content\/uploads\/2020\/05\/tripod-va-tay-quay-phim-mavic-pro-3985-3-1-800x800.jpg 800w, https:\/\/phukienflytech.vn\/wp-content\/uploads\/2020\/05\/tripod-va-tay-quay-phim-mavic-pro-3985-3-1-300x300.jpg 300w, https:\/\/phukienflytech.vn\/wp-content\/uploads\/2020\/05\/tripod-va-tay-quay-phim-mavic-pro-3985-3-1-600x600.jpg 600w, https:\/\/phukienflytech.vn\/wp-content\/uploads\/2020\/05\/tripod-va-tay-quay-phim-mavic-pro-3985-3-1-100x100.jpg 100w, https:\/\/phukienflytech.vn\/wp-content\/uploads\/2020\/05\/tripod-va-tay-quay-phim-mavic-pro-3985-3-1.jpg 1000w\" sizes=\"auto, (max-width: 400px) 100vw, 400px\" \/><\/span><\/p>\n<h2><span style=\"font-size: 21px; color: #0000ff;\"><em><strong>Mua ph\u1ee5 ki\u1ec7n flycam DJI phantom,Mavic,Spark \u1edf \u0111\u00e2u?<\/strong><\/em><\/span><\/h2>\n<p><span style=\"font-size: 18px;\"><em><strong><a href=\"https:\/\/facebook.com\/phukienflycam\" target=\"_blank\" rel=\"noopener noreferrer\">Ph\u1ee5 Ki\u1ec7n Flytech Gi\u00e1 T\u1ed1t<\/a><\/strong><\/em>\u00a0h\u00e2n h\u1ea1nh \u0111em l\u1ea1i c\u00e1c m\u1eabu s\u1ea3n ph\u1ea9m Balo phatom ch\u00ednh h\u00e3ng t\u1ed1t nh\u1ea5t ph\u1ee5c v\u1ee5 \u0111am m\u00ea, v\u00e0 c\u00f4ng vi\u1ec7c c\u1ee7a c\u00e1c b\u1ea1n, h\u00e3y \u0111\u1ec3 ch\u00fang t\u00f4i ti\u1ebfp s\u1ee9c \u0111am m\u00ea, c\u00f4ng vi\u1ec7c c\u1ee7a b\u1ea1n, gi\u00fap b\u1ea1n th\u00eam ni\u1ec1m h\u1ee9ng kh\u1edfi trong \u0111am m\u00ea c\u0169ng nh\u01b0 c\u00f4ng vi\u1ec7c c\u1ee7a m\u00ecnh th\u00eam su\u00f4n s\u1ebb<\/span><\/p>\n<p><span style=\"font-size: 18px;\"> <img loading=\"lazy\" decoding=\"async\" class=\"alignnone wp-image-15854\" src=\"https:\/\/phukienflytech.vn\/wp-content\/uploads\/2020\/05\/tripod-va-tay-quay-phim-mavic-pro-3985-4-800x251.png\" alt=\"\" width=\"519\" height=\"163\" srcset=\"https:\/\/phukienflytech.vn\/wp-content\/uploads\/2020\/05\/tripod-va-tay-quay-phim-mavic-pro-3985-4-800x251.png 800w, https:\/\/phukienflytech.vn\/wp-content\/uploads\/2020\/05\/tripod-va-tay-quay-phim-mavic-pro-3985-4-768x241.png 768w, https:\/\/phukienflytech.vn\/wp-content\/uploads\/2020\/05\/tripod-va-tay-quay-phim-mavic-pro-3985-4-600x188.png 600w, https:\/\/phukienflytech.vn\/wp-content\/uploads\/2020\/05\/tripod-va-tay-quay-phim-mavic-pro-3985-4.png 1013w\" sizes=\"auto, (max-width: 519px) 100vw, 519px\" \/><\/span><\/p>\n<p><span style=\"font-size: 18px;\">Ch\u00fang t\u00f4i chuy\u00ean cung c\u1ea5p h\u1ea7u h\u1ebft t\u1ea5t c\u00e1c c\u00e1c ph\u1ee5 ki\u1ec7n flycam DJI c\u1ee7a Phantom 3,4 series, Mavic series, DJI Spark v\u00e0 inspire 1<\/span><\/p>\n<p><span style=\"font-size: 18px;\">H\u00e3y xem th\u00eam c\u00e1c\u00a0<em>ph\u1ee5 ki\u1ec7n flycam dji Phantom 3 4<\/em>\u00a0b\u1eb1ng c\u00e1ch\u00a0<strong><a href=\"https:\/\/phukienflytech.vn\/en\/danh-muc\/phantom-4-accessory.html\" target=\"_blank\" rel=\"noopener noreferrer\">click t\u1ea1i \u0111\u00e2y<\/a><\/strong>\u00a0!<\/span><\/p>\n<p><span style=\"font-size: 18px;\">Nh\u00e0 s\u1ea3n xu\u1ea5t : Sunnylife \u2013 l\u00e0 m\u1ed9t trong nh\u1eefng Vendor cung c\u1ea5p c\u00e1c ph\u1ee5 ki\u1ec7n, linh ki\u1ec7n thay th\u1ebf cho DJI Flycam.<\/span><\/p>\n","protected":false},"excerpt":{"rendered":"<p>Mavic pro tripod and handheld &nbsp; Mavic pro tripod and handheld Tripod v\u00e0 tay quay mavic pro L\u00e0 m\u1ed9t\u00a0 trong nh\u1eefng ph\u1ee5 ki\u1ec7n kh\u00e1 quan trong g\u00f3p ph\u1ea7n l\u00e0m cho nh\u1eefng b\u1ee9c \u1ea3nh hay video c\u1ee7a b\u1ea1n c\u00f3 th\u1ec3 tr\u1edf n\u00ean s\u1eafc n\u00e9t v\u00e0 \u1ed5n \u0111\u1ecbnh. Tripod v\u00e0 tay quay mavic pro \u0111\u1eb7c bi\u1ec7t gi\u00fap &#8230;<\/p>\n","protected":false},"featured_media":3987,"comment_status":"open","ping_status":"closed","template":"","meta":{"_acf_changed":false},"product_brand":[],"product_cat":[178],"product_tag":[223,297],"class_list":{"0":"post-3998","1":"product","2":"type-product","3":"status-publish","4":"has-post-thumbnail","6":"product_cat-mavic-pro-accessory","7":"product_tag-phu-kien-mavic-pro-en","8":"product_tag-tripod-va-tay-quay-mavic-pro-en","10":"first","11":"instock","12":"shipping-taxable","13":"purchasable","14":"product-type-simple"},"acf":[],"yoast_head":"<!-- This site is optimized with the Yoast SEO plugin v25.7 - https:\/\/yoast.com\/wordpress\/plugins\/seo\/ -->\n<title>Mavic pro tripod and handheld - Mavic pro accessory - Available - Original<\/title>\n<meta name=\"description\" content=\"Mavic pro tripod and handheld is one of the most important accessory. Contact us to buy Mavic pro tripod and handheld for best price\" \/>\n<meta name=\"robots\" content=\"index, follow, max-snippet:-1, max-image-preview:large, max-video-preview:-1\" \/>\n<link rel=\"canonical\" href=\"https:\/\/phukienflytech.vn\/en\/san-pham\/mavic-pro-tripod-and-handheld.html\" \/>\n<meta property=\"og:locale\" content=\"en_US\" \/>\n<meta property=\"og:type\" content=\"article\" \/>\n<meta property=\"og:title\" content=\"Mavic pro tripod and handheld - Mavic pro accessory - Available - Original\" \/>\n<meta property=\"og:description\" content=\"Mavic pro tripod and handheld is one of the most important accessory. Contact us to buy Mavic pro tripod and handheld for best price\" \/>\n<meta property=\"og:url\" content=\"https:\/\/phukienflytech.vn\/en\/san-pham\/mavic-pro-tripod-and-handheld.html\" \/>\n<meta property=\"og:site_name\" content=\"Shop M\u00e1y \u1ea3nh - Action Camera - Gimbal - Flycam - Ph\u1ee5 ki\u1ec7n\" \/>\n<meta property=\"article:publisher\" content=\"https:\/\/facebook.com\/phukienflycam\" \/>\n<meta property=\"article:modified_time\" content=\"2020-10-18T09:07:08+00:00\" \/>\n<meta property=\"og:image\" content=\"https:\/\/phukienflytech.vn\/wp-content\/uploads\/2020\/05\/tripod-mavic-pro.png\" \/>\n\t<meta property=\"og:image:width\" content=\"300\" \/>\n\t<meta property=\"og:image:height\" content=\"300\" \/>\n\t<meta property=\"og:image:type\" content=\"image\/png\" \/>\n<meta name=\"twitter:card\" content=\"summary_large_image\" \/>\n<meta name=\"twitter:label1\" content=\"Est. reading time\" \/>\n\t<meta name=\"twitter:data1\" content=\"2 minutes\" \/>\n<script type=\"application\/ld+json\" class=\"yoast-schema-graph\">{\"@context\":\"https:\/\/schema.org\",\"@graph\":[{\"@type\":\"WebPage\",\"@id\":\"https:\/\/phukienflytech.vn\/en\/san-pham\/mavic-pro-tripod-and-handheld.html\",\"url\":\"https:\/\/phukienflytech.vn\/en\/san-pham\/mavic-pro-tripod-and-handheld.html\",\"name\":\"Mavic pro tripod and handheld - Mavic pro accessory - Available - Original\",\"isPartOf\":{\"@id\":\"https:\/\/phukienflytech.vn\/#website\"},\"primaryImageOfPage\":{\"@id\":\"https:\/\/phukienflytech.vn\/en\/san-pham\/mavic-pro-tripod-and-handheld.html#primaryimage\"},\"image\":{\"@id\":\"https:\/\/phukienflytech.vn\/en\/san-pham\/mavic-pro-tripod-and-handheld.html#primaryimage\"},\"thumbnailUrl\":\"https:\/\/phukienflytech.vn\/wp-content\/uploads\/2020\/05\/tripod-mavic-pro.png\",\"datePublished\":\"2020-06-18T10:47:26+00:00\",\"dateModified\":\"2020-10-18T09:07:08+00:00\",\"description\":\"Mavic pro tripod and handheld is one of the most important accessory. Contact us to buy Mavic pro tripod and handheld for best price\",\"breadcrumb\":{\"@id\":\"https:\/\/phukienflytech.vn\/en\/san-pham\/mavic-pro-tripod-and-handheld.html#breadcrumb\"},\"inLanguage\":\"en-US\",\"potentialAction\":[{\"@type\":\"ReadAction\",\"target\":[\"https:\/\/phukienflytech.vn\/en\/san-pham\/mavic-pro-tripod-and-handheld.html\"]}]},{\"@type\":\"ImageObject\",\"inLanguage\":\"en-US\",\"@id\":\"https:\/\/phukienflytech.vn\/en\/san-pham\/mavic-pro-tripod-and-handheld.html#primaryimage\",\"url\":\"https:\/\/phukienflytech.vn\/wp-content\/uploads\/2020\/05\/tripod-mavic-pro.png\",\"contentUrl\":\"https:\/\/phukienflytech.vn\/wp-content\/uploads\/2020\/05\/tripod-mavic-pro.png\",\"width\":300,\"height\":300},{\"@type\":\"BreadcrumbList\",\"@id\":\"https:\/\/phukienflytech.vn\/en\/san-pham\/mavic-pro-tripod-and-handheld.html#breadcrumb\",\"itemListElement\":[{\"@type\":\"ListItem\",\"position\":1,\"name\":\"Home\",\"item\":\"https:\/\/phukienflytech.vn\/en\"},{\"@type\":\"ListItem\",\"position\":2,\"name\":\"Ph\u1ee5 ki\u1ec7n Mavic Pro\",\"item\":\"https:\/\/phukienflytech.vn\/en\/phu-kien-mavic-pro.html\"},{\"@type\":\"ListItem\",\"position\":3,\"name\":\"DJI Osmo &amp; Drone's accessories\",\"item\":\"https:\/\/phukienflytech.vn\/en\/danh-muc\/dji-osmo-drones-accessories.html\"},{\"@type\":\"ListItem\",\"position\":4,\"name\":\"Mavic Pro Accessory\",\"item\":\"https:\/\/phukienflytech.vn\/en\/danh-muc\/mavic-pro-accessory.html\"},{\"@type\":\"ListItem\",\"position\":5,\"name\":\"Mavic pro tripod and handheld\"}]},{\"@type\":\"WebSite\",\"@id\":\"https:\/\/phukienflytech.vn\/#website\",\"url\":\"https:\/\/phukienflytech.vn\/\",\"name\":\"Shop M\u00e1y \u1ea3nh - Action Camera - Gimbal - Flycam - Ph\u1ee5 ki\u1ec7n\",\"description\":\"Shop M\u00e1y \u1ea3nh - Action Camera - Gimbal - Flycam - Ph\u1ee5 ki\u1ec7n\",\"publisher\":{\"@id\":\"https:\/\/phukienflytech.vn\/#organization\"},\"potentialAction\":[{\"@type\":\"SearchAction\",\"target\":{\"@type\":\"EntryPoint\",\"urlTemplate\":\"https:\/\/phukienflytech.vn\/?s={search_term_string}\"},\"query-input\":{\"@type\":\"PropertyValueSpecification\",\"valueRequired\":true,\"valueName\":\"search_term_string\"}}],\"inLanguage\":\"en-US\"},{\"@type\":\"Organization\",\"@id\":\"https:\/\/phukienflytech.vn\/#organization\",\"name\":\"DJI Store - Shop Drone, Action camera, Gimbal DJI |Phukienflytech\",\"alternateName\":\"DJI Store - Shop Drone, Action camera, Gimbal DJI |Phukienflytech\",\"url\":\"https:\/\/phukienflytech.vn\/\",\"logo\":{\"@type\":\"ImageObject\",\"inLanguage\":\"en-US\",\"@id\":\"https:\/\/phukienflytech.vn\/#\/schema\/logo\/image\/\",\"url\":\"https:\/\/phukienflytech.vn\/wp-content\/uploads\/2020\/05\/hAnh_nan.jpg1_.jpg\",\"contentUrl\":\"https:\/\/phukienflytech.vn\/wp-content\/uploads\/2020\/05\/hAnh_nan.jpg1_.jpg\",\"width\":800,\"height\":450,\"caption\":\"DJI Store - Shop Drone, Action camera, Gimbal DJI |Phukienflytech\"},\"image\":{\"@id\":\"https:\/\/phukienflytech.vn\/#\/schema\/logo\/image\/\"},\"sameAs\":[\"https:\/\/facebook.com\/phukienflycam\",\"https:\/\/www.youtube.com\/@phukienflytech\",\"https:\/\/www.tiktok.com\/@flytech.channel?fbclid=IwY2xjawGjg7BleHRuA2FlbQIxMAABHYVGmlXpuSMs0UB2zTpYvyT4GMVfN2qJa4urF4vkSQ6FAVBwXZtDP30qQA_aem_UwMiDcUvlEbd2tXAmsc8Og\"]}]}<\/script>\n<!-- \/ Yoast SEO plugin. -->","yoast_head_json":{"title":"Mavic pro tripod and handheld - Mavic pro accessory - Available - Original","description":"Mavic pro tripod and handheld is one of the most important accessory. Contact us to buy Mavic pro tripod and handheld for best price","robots":{"index":"index","follow":"follow","max-snippet":"max-snippet:-1","max-image-preview":"max-image-preview:large","max-video-preview":"max-video-preview:-1"},"canonical":"https:\/\/phukienflytech.vn\/en\/san-pham\/mavic-pro-tripod-and-handheld.html","og_locale":"en_US","og_type":"article","og_title":"Mavic pro tripod and handheld - Mavic pro accessory - Available - Original","og_description":"Mavic pro tripod and handheld is one of the most important accessory. Contact us to buy Mavic pro tripod and handheld for best price","og_url":"https:\/\/phukienflytech.vn\/en\/san-pham\/mavic-pro-tripod-and-handheld.html","og_site_name":"Shop M\u00e1y \u1ea3nh - Action Camera - Gimbal - Flycam - Ph\u1ee5 ki\u1ec7n","article_publisher":"https:\/\/facebook.com\/phukienflycam","article_modified_time":"2020-10-18T09:07:08+00:00","og_image":[{"width":300,"height":300,"url":"https:\/\/phukienflytech.vn\/wp-content\/uploads\/2020\/05\/tripod-mavic-pro.png","type":"image\/png"}],"twitter_card":"summary_large_image","twitter_misc":{"Est. reading time":"2 minutes"},"schema":{"@context":"https:\/\/schema.org","@graph":[{"@type":"WebPage","@id":"https:\/\/phukienflytech.vn\/en\/san-pham\/mavic-pro-tripod-and-handheld.html","url":"https:\/\/phukienflytech.vn\/en\/san-pham\/mavic-pro-tripod-and-handheld.html","name":"Mavic pro tripod and handheld - Mavic pro accessory - Available - Original","isPartOf":{"@id":"https:\/\/phukienflytech.vn\/#website"},"primaryImageOfPage":{"@id":"https:\/\/phukienflytech.vn\/en\/san-pham\/mavic-pro-tripod-and-handheld.html#primaryimage"},"image":{"@id":"https:\/\/phukienflytech.vn\/en\/san-pham\/mavic-pro-tripod-and-handheld.html#primaryimage"},"thumbnailUrl":"https:\/\/phukienflytech.vn\/wp-content\/uploads\/2020\/05\/tripod-mavic-pro.png","datePublished":"2020-06-18T10:47:26+00:00","dateModified":"2020-10-18T09:07:08+00:00","description":"Mavic pro tripod and handheld is one of the most important accessory. Contact us to buy Mavic pro tripod and handheld for best price","breadcrumb":{"@id":"https:\/\/phukienflytech.vn\/en\/san-pham\/mavic-pro-tripod-and-handheld.html#breadcrumb"},"inLanguage":"en-US","potentialAction":[{"@type":"ReadAction","target":["https:\/\/phukienflytech.vn\/en\/san-pham\/mavic-pro-tripod-and-handheld.html"]}]},{"@type":"ImageObject","inLanguage":"en-US","@id":"https:\/\/phukienflytech.vn\/en\/san-pham\/mavic-pro-tripod-and-handheld.html#primaryimage","url":"https:\/\/phukienflytech.vn\/wp-content\/uploads\/2020\/05\/tripod-mavic-pro.png","contentUrl":"https:\/\/phukienflytech.vn\/wp-content\/uploads\/2020\/05\/tripod-mavic-pro.png","width":300,"height":300},{"@type":"BreadcrumbList","@id":"https:\/\/phukienflytech.vn\/en\/san-pham\/mavic-pro-tripod-and-handheld.html#breadcrumb","itemListElement":[{"@type":"ListItem","position":1,"name":"Home","item":"https:\/\/phukienflytech.vn\/en"},{"@type":"ListItem","position":2,"name":"Ph\u1ee5 ki\u1ec7n Mavic Pro","item":"https:\/\/phukienflytech.vn\/en\/phu-kien-mavic-pro.html"},{"@type":"ListItem","position":3,"name":"DJI Osmo &amp; Drone's accessories","item":"https:\/\/phukienflytech.vn\/en\/danh-muc\/dji-osmo-drones-accessories.html"},{"@type":"ListItem","position":4,"name":"Mavic Pro Accessory","item":"https:\/\/phukienflytech.vn\/en\/danh-muc\/mavic-pro-accessory.html"},{"@type":"ListItem","position":5,"name":"Mavic pro tripod and handheld"}]},{"@type":"WebSite","@id":"https:\/\/phukienflytech.vn\/#website","url":"https:\/\/phukienflytech.vn\/","name":"Shop M\u00e1y \u1ea3nh - Action Camera - Gimbal - Flycam - Ph\u1ee5 ki\u1ec7n","description":"Shop M\u00e1y \u1ea3nh - Action Camera - Gimbal - Flycam - Ph\u1ee5 ki\u1ec7n","publisher":{"@id":"https:\/\/phukienflytech.vn\/#organization"},"potentialAction":[{"@type":"SearchAction","target":{"@type":"EntryPoint","urlTemplate":"https:\/\/phukienflytech.vn\/?s={search_term_string}"},"query-input":{"@type":"PropertyValueSpecification","valueRequired":true,"valueName":"search_term_string"}}],"inLanguage":"en-US"},{"@type":"Organization","@id":"https:\/\/phukienflytech.vn\/#organization","name":"DJI Store - Shop Drone, Action camera, Gimbal DJI |Phukienflytech","alternateName":"DJI Store - Shop Drone, Action camera, Gimbal DJI |Phukienflytech","url":"https:\/\/phukienflytech.vn\/","logo":{"@type":"ImageObject","inLanguage":"en-US","@id":"https:\/\/phukienflytech.vn\/#\/schema\/logo\/image\/","url":"https:\/\/phukienflytech.vn\/wp-content\/uploads\/2020\/05\/hAnh_nan.jpg1_.jpg","contentUrl":"https:\/\/phukienflytech.vn\/wp-content\/uploads\/2020\/05\/hAnh_nan.jpg1_.jpg","width":800,"height":450,"caption":"DJI Store - Shop Drone, Action camera, Gimbal DJI |Phukienflytech"},"image":{"@id":"https:\/\/phukienflytech.vn\/#\/schema\/logo\/image\/"},"sameAs":["https:\/\/facebook.com\/phukienflycam","https:\/\/www.youtube.com\/@phukienflytech","https:\/\/www.tiktok.com\/@flytech.channel?fbclid=IwY2xjawGjg7BleHRuA2FlbQIxMAABHYVGmlXpuSMs0UB2zTpYvyT4GMVfN2qJa4urF4vkSQ6FAVBwXZtDP30qQA_aem_UwMiDcUvlEbd2tXAmsc8Og"]}]}},"_links":{"self":[{"href":"https:\/\/phukienflytech.vn\/en\/wp-json\/wp\/v2\/product\/3998","targetHints":{"allow":["GET"]}}],"collection":[{"href":"https:\/\/phukienflytech.vn\/en\/wp-json\/wp\/v2\/product"}],"about":[{"href":"https:\/\/phukienflytech.vn\/en\/wp-json\/wp\/v2\/types\/product"}],"replies":[{"embeddable":true,"href":"https:\/\/phukienflytech.vn\/en\/wp-json\/wp\/v2\/comments?post=3998"}],"wp:featuredmedia":[{"embeddable":true,"href":"https:\/\/phukienflytech.vn\/en\/wp-json\/wp\/v2\/media\/3987"}],"wp:attachment":[{"href":"https:\/\/phukienflytech.vn\/en\/wp-json\/wp\/v2\/media?parent=3998"}],"wp:term":[{"taxonomy":"product_brand","embeddable":true,"href":"https:\/\/phukienflytech.vn\/en\/wp-json\/wp\/v2\/product_brand?post=3998"},{"taxonomy":"product_cat","embeddable":true,"href":"https:\/\/phukienflytech.vn\/en\/wp-json\/wp\/v2\/product_cat?post=3998"},{"taxonomy":"product_tag","embeddable":true,"href":"https:\/\/phukienflytech.vn\/en\/wp-json\/wp\/v2\/product_tag?post=3998"}],"curies":[{"name":"wp","href":"https:\/\/api.w.org\/{rel}","templated":true}]}}