{"id":4047,"date":"2020-06-18T18:28:02","date_gmt":"2020-06-18T11:28:02","guid":{"rendered":"http:\/\/27430.lamdx.vinawebsite.vn\/san-pham\/chup-bao-ve-camera-dji-mavic.html"},"modified":"2020-10-18T16:09:50","modified_gmt":"2020-10-18T09:09:50","slug":"mavic-pro-gimbal-protection-cover","status":"publish","type":"product","link":"https:\/\/phukienflytech.vn\/en\/san-pham\/mavic-pro-gimbal-protection-cover.html","title":{"rendered":"Mavic Pro camera gimbal protection cover"},"content":{"rendered":"<h2><span style=\"color: #0000ff;\"><em><strong>Mavic Pro gimbal protection cover<\/strong><\/em><\/span><\/h2>\n<p>&nbsp;<\/p>\n<p><span style=\"font-size: 18px;\">Mavic Pro gimbal protection cover<\/span><\/p>\n<p><span style=\"font-size: 18px;\">S\u1edf h\u1eefu m\u1ed9t ngo\u1ea1i h\u00ecnh v\u00f4 c\u00f9ng nh\u1ecf g\u1ecdn, \u0111\u01b0\u1ee3c nhi\u1ec1u t\u00edn \u0111\u1ed3 c\u00f4ng ngh\u1ec7 bi\u1ebft t\u1edbi v\u00e0 mong mu\u1ed1n s\u1edf h\u1eefu kh\u00f4ng ch\u1ec9 b\u1edfi nh\u1eefng t\u00ednh n\u0103ng th\u00f4ng minh m\u00e0 c\u00f2n v\u00ec s\u1ef1 s\u1eafc n\u00e9t trong nh\u1eefng b\u1ee9c h\u00ecnh, thu\u1eadn ti\u1ec7n khi s\u1eed d\u1ee5ng. \u0110\u00f3 ch\u00ednh l\u00e0 DJI mavic<\/span><\/p>\n<p><span style=\"font-size: 18px;\"><img loading=\"lazy\" decoding=\"async\" class=\"alignnone size-medium wp-image-15884\" src=\"https:\/\/phukienflytech.vn\/wp-content\/uploads\/2020\/05\/chup-bao-ve-camera-dji-mavic-4036-1-1.jpg\" alt=\"\" width=\"447\" height=\"347\" \/><\/span><\/p>\n<p><span style=\"font-size: 18px;\">Do v\u1eady, h\u00e3y th\u1eadt c\u1ea9n tr\u1ecdng khi s\u1eed d\u1ee5ng thi\u1ebft b\u1ecb c\u0169ng nh\u01b0 c\u1ea9n tr\u1ecdng b\u1ea3o v\u1ec7, b\u1ea3o qu\u1ea3n chi\u1ebfc mavic c\u1ee7a m\u00ecnh th\u1eadt chu\u1ea9n x\u00e1c khi \u0111\u00f3ng g\u00f3i di chuy\u1ec3n.<\/span><\/p>\n<p><span style=\"font-size: 18px;\"><img loading=\"lazy\" decoding=\"async\" class=\"alignnone wp-image-15882 size-medium\" src=\"https:\/\/phukienflytech.vn\/wp-content\/uploads\/2020\/05\/chup-bao-ve-camera-dji-mavic-4036-4-400x400.jpg\" alt=\"Mavic-Pro-gimbal-protection-cover-9\" width=\"400\" height=\"400\" srcset=\"https:\/\/phukienflytech.vn\/wp-content\/uploads\/2020\/05\/chup-bao-ve-camera-dji-mavic-4036-4-400x400.jpg 400w, https:\/\/phukienflytech.vn\/wp-content\/uploads\/2020\/05\/chup-bao-ve-camera-dji-mavic-4036-4-280x280.jpg 280w, https:\/\/phukienflytech.vn\/wp-content\/uploads\/2020\/05\/chup-bao-ve-camera-dji-mavic-4036-4-300x300.jpg 300w, https:\/\/phukienflytech.vn\/wp-content\/uploads\/2020\/05\/chup-bao-ve-camera-dji-mavic-4036-4-100x100.jpg 100w, https:\/\/phukienflytech.vn\/wp-content\/uploads\/2020\/05\/chup-bao-ve-camera-dji-mavic-4036-4.jpg 450w\" sizes=\"auto, (max-width: 400px) 100vw, 400px\" \/><\/span><\/p>\n<p><span style=\"font-size: 18px;\">Th\u1eadt \u0111\u00e1ng ti\u1ebfc n\u1ebfu b\u1ea1n kh\u00f4ng coi tr\u1ecdng vi\u1ec7c b\u1ea3o qu\u1ea3n m\u00e1y v\u00e0 \u0111\u1eb7c bi\u1ec7t l\u00e0 b\u1ed9 ph\u1eadn y\u1ebfu \u1edbt v\u00e0 d\u1ec5 b\u1ecb t\u1ed5n th\u01b0\u01a1ng h\u1ecfng h\u00f3c nh\u1ea5t ch\u00ednh l\u00e0 c\u1ee5m gimbal \u2013 camera v\u00e0 ph\u1ea7n c\u1ea3m bi\u1ebfn ph\u00eda tr\u01b0\u1edbc<\/span><\/p>\n<p><span style=\"font-size: 18px;\"><img loading=\"lazy\" decoding=\"async\" class=\"alignnone size-medium wp-image-15888\" src=\"https:\/\/phukienflytech.vn\/wp-content\/uploads\/2020\/05\/chup-bao-ve-camera-dji-mavic-4036-2-2-400x400.jpg\" alt=\"\" width=\"400\" height=\"400\" srcset=\"https:\/\/phukienflytech.vn\/wp-content\/uploads\/2020\/05\/chup-bao-ve-camera-dji-mavic-4036-2-2-400x400.jpg 400w, https:\/\/phukienflytech.vn\/wp-content\/uploads\/2020\/05\/chup-bao-ve-camera-dji-mavic-4036-2-2-280x280.jpg 280w, https:\/\/phukienflytech.vn\/wp-content\/uploads\/2020\/05\/chup-bao-ve-camera-dji-mavic-4036-2-2-300x300.jpg 300w, https:\/\/phukienflytech.vn\/wp-content\/uploads\/2020\/05\/chup-bao-ve-camera-dji-mavic-4036-2-2-100x100.jpg 100w, https:\/\/phukienflytech.vn\/wp-content\/uploads\/2020\/05\/chup-bao-ve-camera-dji-mavic-4036-2-2.jpg 450w\" sizes=\"auto, (max-width: 400px) 100vw, 400px\" \/><\/span><\/p>\n<p><span style=\"font-size: 18px;\">Ch\u1ec9 c\u1ea7n m\u1ed9t t\u00e1c \u0111\u1ed9ng ngo\u1ea1i l\u1ef1c v\u00e0o c\u1ee5m gimbal camera n\u00e0y nh\u1ecf th\u00f4i c\u0169ng \u0111\u1ee7 cho b\u1ea1n ph\u1ea3i tr\u1ea3 m\u1ed9t c\u00e1i gi\u00e1 r\u1ea5t \u0111\u1eaft cho s\u1ef1 ch\u1ee7 quan c\u1ee7a m\u00ecnh<\/span><\/p>\n<p><span style=\"font-size: 18px;\"><img loading=\"lazy\" decoding=\"async\" class=\"alignnone wp-image-15886 size-medium\" src=\"https:\/\/phukienflytech.vn\/wp-content\/uploads\/2020\/05\/chup-bao-ve-camera-dji-mavic-4036-2-1-400x400.jpg\" alt=\"Mavic-Pro-gimbal-protection-cover\" width=\"400\" height=\"400\" srcset=\"https:\/\/phukienflytech.vn\/wp-content\/uploads\/2020\/05\/chup-bao-ve-camera-dji-mavic-4036-2-1-400x400.jpg 400w, https:\/\/phukienflytech.vn\/wp-content\/uploads\/2020\/05\/chup-bao-ve-camera-dji-mavic-4036-2-1-280x280.jpg 280w, https:\/\/phukienflytech.vn\/wp-content\/uploads\/2020\/05\/chup-bao-ve-camera-dji-mavic-4036-2-1-300x300.jpg 300w, https:\/\/phukienflytech.vn\/wp-content\/uploads\/2020\/05\/chup-bao-ve-camera-dji-mavic-4036-2-1-100x100.jpg 100w, https:\/\/phukienflytech.vn\/wp-content\/uploads\/2020\/05\/chup-bao-ve-camera-dji-mavic-4036-2-1.jpg 450w\" sizes=\"auto, (max-width: 400px) 100vw, 400px\" \/><\/span><\/p>\n<p><span style=\"font-size: 18px;\">H\u00e3y c\u00f9ng b\u1ea3o v\u1ec7 camera v\u00e0 gimbal DJI mavic b\u1eb1ng chi\u1ebfc Ch\u1ee5p b\u1ea3o v\u1ec7 camera- DJI mavic n\u00e0y<\/span><\/p>\n<p>&nbsp;<\/p>\n<p><span style=\"font-size: 19px;\"><strong>&gt;&gt; <\/strong>Learn More : <strong><a href=\"https:\/\/phukienflytech.vn\/danh-muc\/phu-kien-mavic-pro.html\">Mavic pro Accessories<\/a><\/strong><\/span><\/p>\n<p><span style=\"font-size: 18px;\">H\u00e3y \u0111\u1ec3\u00a0<a href=\"https:\/\/facebook.com\/phukienflycam\/\" target=\"_blank\" rel=\"noopener noreferrer\">Ph\u1ee5 Ki\u1ec7n Fly-cam Gi\u00e1 T\u1ed1t<\/a>\u00a0ti\u1ebfp s\u1ee9c \u0111am m\u00ea, c\u00f4ng vi\u1ec7c c\u1ee7a b\u1ea1n, gi\u00fap b\u1ea1n th\u00eam ni\u1ec1m h\u1ee9ng kh\u1edfi trong \u0111am m\u00ea c\u0169ng nh\u01b0 c\u00f4ng vi\u1ec7c c\u1ee7a m\u00ecnh th\u00eam su\u00f4n s\u1ebb<\/span><\/p>\n<p><span style=\"font-size: 18px;\">Nh\u00e0 s\u1ea3n xu\u1ea5t : Sunnylife<\/span><\/p>\n","protected":false},"excerpt":{"rendered":"<p>Mavic Pro gimbal protection cover &nbsp; Mavic Pro gimbal protection cover S\u1edf h\u1eefu m\u1ed9t ngo\u1ea1i h\u00ecnh v\u00f4 c\u00f9ng nh\u1ecf g\u1ecdn, \u0111\u01b0\u1ee3c nhi\u1ec1u t\u00edn \u0111\u1ed3 c\u00f4ng ngh\u1ec7 bi\u1ebft t\u1edbi v\u00e0 mong mu\u1ed1n s\u1edf h\u1eefu kh\u00f4ng ch\u1ec9 b\u1edfi nh\u1eefng t\u00ednh n\u0103ng th\u00f4ng minh m\u00e0 c\u00f2n v\u00ec s\u1ef1 s\u1eafc n\u00e9t trong nh\u1eefng b\u1ee9c h\u00ecnh, thu\u1eadn ti\u1ec7n khi s\u1eed &#8230;<\/p>\n","protected":false},"featured_media":4038,"comment_status":"open","ping_status":"closed","template":"","meta":{"_acf_changed":false},"product_brand":[],"product_cat":[178],"product_tag":[303,223],"class_list":{"0":"post-4047","1":"product","2":"type-product","3":"status-publish","4":"has-post-thumbnail","6":"product_cat-mavic-pro-accessory","7":"product_tag-chup-bao-ve-camera-mavic-en","8":"product_tag-phu-kien-mavic-pro-en","10":"first","11":"instock","12":"shipping-taxable","13":"purchasable","14":"product-type-simple"},"acf":[],"yoast_head":"<!-- This site is optimized with the Yoast SEO plugin v25.7 - https:\/\/yoast.com\/wordpress\/plugins\/seo\/ -->\n<title>Mavic Pro gimbal protection cover - Mavic pro accessory - Available<\/title>\n<meta name=\"description\" content=\"Mavic Pro gimbal protection cover is one of the most important accessory. Contact us to buy Mavic Pro gimbal protection cover for best price\" \/>\n<meta name=\"robots\" content=\"index, follow, max-snippet:-1, max-image-preview:large, max-video-preview:-1\" \/>\n<link rel=\"canonical\" href=\"https:\/\/phukienflytech.vn\/en\/san-pham\/mavic-pro-gimbal-protection-cover.html\" \/>\n<meta property=\"og:locale\" content=\"en_US\" \/>\n<meta property=\"og:type\" content=\"article\" \/>\n<meta property=\"og:title\" content=\"Mavic Pro gimbal protection cover - Mavic pro accessory - Available\" \/>\n<meta property=\"og:description\" content=\"Mavic Pro gimbal protection cover is one of the most important accessory. Contact us to buy Mavic Pro gimbal protection cover for best price\" \/>\n<meta property=\"og:url\" content=\"https:\/\/phukienflytech.vn\/en\/san-pham\/mavic-pro-gimbal-protection-cover.html\" \/>\n<meta property=\"og:site_name\" content=\"Shop M\u00e1y \u1ea3nh - Action Camera - Gimbal - Flycam - Ph\u1ee5 ki\u1ec7n\" \/>\n<meta property=\"article:publisher\" content=\"https:\/\/facebook.com\/phukienflycam\" \/>\n<meta property=\"article:modified_time\" content=\"2020-10-18T09:09:50+00:00\" \/>\n<meta property=\"og:image\" content=\"https:\/\/phukienflytech.vn\/wp-content\/uploads\/2020\/05\/ch\u1ee5p-bao-ve-camera-gimbal-mavic-pro-platinum-phu-kien-flycam.png\" \/>\n\t<meta property=\"og:image:width\" content=\"300\" \/>\n\t<meta property=\"og:image:height\" content=\"300\" \/>\n\t<meta property=\"og:image:type\" content=\"image\/png\" \/>\n<meta name=\"twitter:card\" content=\"summary_large_image\" \/>\n<meta name=\"twitter:label1\" content=\"Est. reading time\" \/>\n\t<meta name=\"twitter:data1\" content=\"2 minutes\" \/>\n<script type=\"application\/ld+json\" class=\"yoast-schema-graph\">{\"@context\":\"https:\/\/schema.org\",\"@graph\":[{\"@type\":\"WebPage\",\"@id\":\"https:\/\/phukienflytech.vn\/en\/san-pham\/mavic-pro-gimbal-protection-cover.html\",\"url\":\"https:\/\/phukienflytech.vn\/en\/san-pham\/mavic-pro-gimbal-protection-cover.html\",\"name\":\"Mavic Pro gimbal protection cover - Mavic pro accessory - Available\",\"isPartOf\":{\"@id\":\"https:\/\/phukienflytech.vn\/#website\"},\"primaryImageOfPage\":{\"@id\":\"https:\/\/phukienflytech.vn\/en\/san-pham\/mavic-pro-gimbal-protection-cover.html#primaryimage\"},\"image\":{\"@id\":\"https:\/\/phukienflytech.vn\/en\/san-pham\/mavic-pro-gimbal-protection-cover.html#primaryimage\"},\"thumbnailUrl\":\"https:\/\/phukienflytech.vn\/wp-content\/uploads\/2020\/05\/ch\u1ee5p-bao-ve-camera-gimbal-mavic-pro-platinum-phu-kien-flycam.png\",\"datePublished\":\"2020-06-18T11:28:02+00:00\",\"dateModified\":\"2020-10-18T09:09:50+00:00\",\"description\":\"Mavic Pro gimbal protection cover is one of the most important accessory. Contact us to buy Mavic Pro gimbal protection cover for best price\",\"breadcrumb\":{\"@id\":\"https:\/\/phukienflytech.vn\/en\/san-pham\/mavic-pro-gimbal-protection-cover.html#breadcrumb\"},\"inLanguage\":\"en-US\",\"potentialAction\":[{\"@type\":\"ReadAction\",\"target\":[\"https:\/\/phukienflytech.vn\/en\/san-pham\/mavic-pro-gimbal-protection-cover.html\"]}]},{\"@type\":\"ImageObject\",\"inLanguage\":\"en-US\",\"@id\":\"https:\/\/phukienflytech.vn\/en\/san-pham\/mavic-pro-gimbal-protection-cover.html#primaryimage\",\"url\":\"https:\/\/phukienflytech.vn\/wp-content\/uploads\/2020\/05\/ch\u1ee5p-bao-ve-camera-gimbal-mavic-pro-platinum-phu-kien-flycam.png\",\"contentUrl\":\"https:\/\/phukienflytech.vn\/wp-content\/uploads\/2020\/05\/ch\u1ee5p-bao-ve-camera-gimbal-mavic-pro-platinum-phu-kien-flycam.png\",\"width\":300,\"height\":300},{\"@type\":\"BreadcrumbList\",\"@id\":\"https:\/\/phukienflytech.vn\/en\/san-pham\/mavic-pro-gimbal-protection-cover.html#breadcrumb\",\"itemListElement\":[{\"@type\":\"ListItem\",\"position\":1,\"name\":\"Home\",\"item\":\"https:\/\/phukienflytech.vn\/en\"},{\"@type\":\"ListItem\",\"position\":2,\"name\":\"Ph\u1ee5 ki\u1ec7n Mavic Pro\",\"item\":\"https:\/\/phukienflytech.vn\/en\/phu-kien-mavic-pro.html\"},{\"@type\":\"ListItem\",\"position\":3,\"name\":\"DJI Osmo &amp; Drone's accessories\",\"item\":\"https:\/\/phukienflytech.vn\/en\/danh-muc\/dji-osmo-drones-accessories.html\"},{\"@type\":\"ListItem\",\"position\":4,\"name\":\"Mavic Pro Accessory\",\"item\":\"https:\/\/phukienflytech.vn\/en\/danh-muc\/mavic-pro-accessory.html\"},{\"@type\":\"ListItem\",\"position\":5,\"name\":\"Mavic Pro camera gimbal protection cover\"}]},{\"@type\":\"WebSite\",\"@id\":\"https:\/\/phukienflytech.vn\/#website\",\"url\":\"https:\/\/phukienflytech.vn\/\",\"name\":\"Shop M\u00e1y \u1ea3nh - Action Camera - Gimbal - Flycam - Ph\u1ee5 ki\u1ec7n\",\"description\":\"Shop M\u00e1y \u1ea3nh - Action Camera - Gimbal - Flycam - Ph\u1ee5 ki\u1ec7n\",\"publisher\":{\"@id\":\"https:\/\/phukienflytech.vn\/#organization\"},\"potentialAction\":[{\"@type\":\"SearchAction\",\"target\":{\"@type\":\"EntryPoint\",\"urlTemplate\":\"https:\/\/phukienflytech.vn\/?s={search_term_string}\"},\"query-input\":{\"@type\":\"PropertyValueSpecification\",\"valueRequired\":true,\"valueName\":\"search_term_string\"}}],\"inLanguage\":\"en-US\"},{\"@type\":\"Organization\",\"@id\":\"https:\/\/phukienflytech.vn\/#organization\",\"name\":\"DJI Store - Shop Drone, Action camera, Gimbal DJI |Phukienflytech\",\"alternateName\":\"DJI Store - Shop Drone, Action camera, Gimbal DJI |Phukienflytech\",\"url\":\"https:\/\/phukienflytech.vn\/\",\"logo\":{\"@type\":\"ImageObject\",\"inLanguage\":\"en-US\",\"@id\":\"https:\/\/phukienflytech.vn\/#\/schema\/logo\/image\/\",\"url\":\"https:\/\/phukienflytech.vn\/wp-content\/uploads\/2020\/05\/hAnh_nan.jpg1_.jpg\",\"contentUrl\":\"https:\/\/phukienflytech.vn\/wp-content\/uploads\/2020\/05\/hAnh_nan.jpg1_.jpg\",\"width\":800,\"height\":450,\"caption\":\"DJI Store - Shop Drone, Action camera, Gimbal DJI |Phukienflytech\"},\"image\":{\"@id\":\"https:\/\/phukienflytech.vn\/#\/schema\/logo\/image\/\"},\"sameAs\":[\"https:\/\/facebook.com\/phukienflycam\",\"https:\/\/www.youtube.com\/@phukienflytech\",\"https:\/\/www.tiktok.com\/@flytech.channel?fbclid=IwY2xjawGjg7BleHRuA2FlbQIxMAABHYVGmlXpuSMs0UB2zTpYvyT4GMVfN2qJa4urF4vkSQ6FAVBwXZtDP30qQA_aem_UwMiDcUvlEbd2tXAmsc8Og\"]}]}<\/script>\n<!-- \/ Yoast SEO plugin. -->","yoast_head_json":{"title":"Mavic Pro gimbal protection cover - Mavic pro accessory - Available","description":"Mavic Pro gimbal protection cover is one of the most important accessory. Contact us to buy Mavic Pro gimbal protection cover for best price","robots":{"index":"index","follow":"follow","max-snippet":"max-snippet:-1","max-image-preview":"max-image-preview:large","max-video-preview":"max-video-preview:-1"},"canonical":"https:\/\/phukienflytech.vn\/en\/san-pham\/mavic-pro-gimbal-protection-cover.html","og_locale":"en_US","og_type":"article","og_title":"Mavic Pro gimbal protection cover - Mavic pro accessory - Available","og_description":"Mavic Pro gimbal protection cover is one of the most important accessory. Contact us to buy Mavic Pro gimbal protection cover for best price","og_url":"https:\/\/phukienflytech.vn\/en\/san-pham\/mavic-pro-gimbal-protection-cover.html","og_site_name":"Shop M\u00e1y \u1ea3nh - Action Camera - Gimbal - Flycam - Ph\u1ee5 ki\u1ec7n","article_publisher":"https:\/\/facebook.com\/phukienflycam","article_modified_time":"2020-10-18T09:09:50+00:00","og_image":[{"width":300,"height":300,"url":"https:\/\/phukienflytech.vn\/wp-content\/uploads\/2020\/05\/ch\u1ee5p-bao-ve-camera-gimbal-mavic-pro-platinum-phu-kien-flycam.png","type":"image\/png"}],"twitter_card":"summary_large_image","twitter_misc":{"Est. reading time":"2 minutes"},"schema":{"@context":"https:\/\/schema.org","@graph":[{"@type":"WebPage","@id":"https:\/\/phukienflytech.vn\/en\/san-pham\/mavic-pro-gimbal-protection-cover.html","url":"https:\/\/phukienflytech.vn\/en\/san-pham\/mavic-pro-gimbal-protection-cover.html","name":"Mavic Pro gimbal protection cover - Mavic pro accessory - Available","isPartOf":{"@id":"https:\/\/phukienflytech.vn\/#website"},"primaryImageOfPage":{"@id":"https:\/\/phukienflytech.vn\/en\/san-pham\/mavic-pro-gimbal-protection-cover.html#primaryimage"},"image":{"@id":"https:\/\/phukienflytech.vn\/en\/san-pham\/mavic-pro-gimbal-protection-cover.html#primaryimage"},"thumbnailUrl":"https:\/\/phukienflytech.vn\/wp-content\/uploads\/2020\/05\/ch\u1ee5p-bao-ve-camera-gimbal-mavic-pro-platinum-phu-kien-flycam.png","datePublished":"2020-06-18T11:28:02+00:00","dateModified":"2020-10-18T09:09:50+00:00","description":"Mavic Pro gimbal protection cover is one of the most important accessory. Contact us to buy Mavic Pro gimbal protection cover for best price","breadcrumb":{"@id":"https:\/\/phukienflytech.vn\/en\/san-pham\/mavic-pro-gimbal-protection-cover.html#breadcrumb"},"inLanguage":"en-US","potentialAction":[{"@type":"ReadAction","target":["https:\/\/phukienflytech.vn\/en\/san-pham\/mavic-pro-gimbal-protection-cover.html"]}]},{"@type":"ImageObject","inLanguage":"en-US","@id":"https:\/\/phukienflytech.vn\/en\/san-pham\/mavic-pro-gimbal-protection-cover.html#primaryimage","url":"https:\/\/phukienflytech.vn\/wp-content\/uploads\/2020\/05\/ch\u1ee5p-bao-ve-camera-gimbal-mavic-pro-platinum-phu-kien-flycam.png","contentUrl":"https:\/\/phukienflytech.vn\/wp-content\/uploads\/2020\/05\/ch\u1ee5p-bao-ve-camera-gimbal-mavic-pro-platinum-phu-kien-flycam.png","width":300,"height":300},{"@type":"BreadcrumbList","@id":"https:\/\/phukienflytech.vn\/en\/san-pham\/mavic-pro-gimbal-protection-cover.html#breadcrumb","itemListElement":[{"@type":"ListItem","position":1,"name":"Home","item":"https:\/\/phukienflytech.vn\/en"},{"@type":"ListItem","position":2,"name":"Ph\u1ee5 ki\u1ec7n Mavic Pro","item":"https:\/\/phukienflytech.vn\/en\/phu-kien-mavic-pro.html"},{"@type":"ListItem","position":3,"name":"DJI Osmo &amp; Drone's accessories","item":"https:\/\/phukienflytech.vn\/en\/danh-muc\/dji-osmo-drones-accessories.html"},{"@type":"ListItem","position":4,"name":"Mavic Pro Accessory","item":"https:\/\/phukienflytech.vn\/en\/danh-muc\/mavic-pro-accessory.html"},{"@type":"ListItem","position":5,"name":"Mavic Pro camera gimbal protection cover"}]},{"@type":"WebSite","@id":"https:\/\/phukienflytech.vn\/#website","url":"https:\/\/phukienflytech.vn\/","name":"Shop M\u00e1y \u1ea3nh - Action Camera - Gimbal - Flycam - Ph\u1ee5 ki\u1ec7n","description":"Shop M\u00e1y \u1ea3nh - Action Camera - Gimbal - Flycam - Ph\u1ee5 ki\u1ec7n","publisher":{"@id":"https:\/\/phukienflytech.vn\/#organization"},"potentialAction":[{"@type":"SearchAction","target":{"@type":"EntryPoint","urlTemplate":"https:\/\/phukienflytech.vn\/?s={search_term_string}"},"query-input":{"@type":"PropertyValueSpecification","valueRequired":true,"valueName":"search_term_string"}}],"inLanguage":"en-US"},{"@type":"Organization","@id":"https:\/\/phukienflytech.vn\/#organization","name":"DJI Store - Shop Drone, Action camera, Gimbal DJI |Phukienflytech","alternateName":"DJI Store - Shop Drone, Action camera, Gimbal DJI |Phukienflytech","url":"https:\/\/phukienflytech.vn\/","logo":{"@type":"ImageObject","inLanguage":"en-US","@id":"https:\/\/phukienflytech.vn\/#\/schema\/logo\/image\/","url":"https:\/\/phukienflytech.vn\/wp-content\/uploads\/2020\/05\/hAnh_nan.jpg1_.jpg","contentUrl":"https:\/\/phukienflytech.vn\/wp-content\/uploads\/2020\/05\/hAnh_nan.jpg1_.jpg","width":800,"height":450,"caption":"DJI Store - Shop Drone, Action camera, Gimbal DJI |Phukienflytech"},"image":{"@id":"https:\/\/phukienflytech.vn\/#\/schema\/logo\/image\/"},"sameAs":["https:\/\/facebook.com\/phukienflycam","https:\/\/www.youtube.com\/@phukienflytech","https:\/\/www.tiktok.com\/@flytech.channel?fbclid=IwY2xjawGjg7BleHRuA2FlbQIxMAABHYVGmlXpuSMs0UB2zTpYvyT4GMVfN2qJa4urF4vkSQ6FAVBwXZtDP30qQA_aem_UwMiDcUvlEbd2tXAmsc8Og"]}]}},"_links":{"self":[{"href":"https:\/\/phukienflytech.vn\/en\/wp-json\/wp\/v2\/product\/4047","targetHints":{"allow":["GET"]}}],"collection":[{"href":"https:\/\/phukienflytech.vn\/en\/wp-json\/wp\/v2\/product"}],"about":[{"href":"https:\/\/phukienflytech.vn\/en\/wp-json\/wp\/v2\/types\/product"}],"replies":[{"embeddable":true,"href":"https:\/\/phukienflytech.vn\/en\/wp-json\/wp\/v2\/comments?post=4047"}],"wp:featuredmedia":[{"embeddable":true,"href":"https:\/\/phukienflytech.vn\/en\/wp-json\/wp\/v2\/media\/4038"}],"wp:attachment":[{"href":"https:\/\/phukienflytech.vn\/en\/wp-json\/wp\/v2\/media?parent=4047"}],"wp:term":[{"taxonomy":"product_brand","embeddable":true,"href":"https:\/\/phukienflytech.vn\/en\/wp-json\/wp\/v2\/product_brand?post=4047"},{"taxonomy":"product_cat","embeddable":true,"href":"https:\/\/phukienflytech.vn\/en\/wp-json\/wp\/v2\/product_cat?post=4047"},{"taxonomy":"product_tag","embeddable":true,"href":"https:\/\/phukienflytech.vn\/en\/wp-json\/wp\/v2\/product_tag?post=4047"}],"curies":[{"name":"wp","href":"https:\/\/api.w.org\/{rel}","templated":true}]}}