{"id":4068,"date":"2020-06-18T09:35:28","date_gmt":"2020-06-18T02:35:28","guid":{"rendered":"http:\/\/27430.lamdx.vinawebsite.vn\/san-pham\/bo-gia-co-de-motor-phantom-3.html"},"modified":"2020-10-15T11:05:37","modified_gmt":"2020-10-15T04:05:37","slug":"phantom-3-motor-protection-cover","status":"publish","type":"product","link":"https:\/\/phukienflytech.vn\/en\/san-pham\/phantom-3-motor-protection-cover.html","title":{"rendered":"Phantom 3 motor shell protection cover"},"content":{"rendered":"<h2><em><strong><span style=\"font-size: 21px; color: #0000ff;\">Phantom 3 motor protection cover<\/span><\/strong><\/em><\/h2>\n<p><span style=\"font-size: 18px;\">Phantom 3 motor protection cover<\/span><\/p>\n<p><span style=\"font-size: 18px;\">H\u1ea7u h\u1ebft nh\u1eefng ng\u01b0\u1eddi ch\u01a1i\u00a0<strong>DJI Phantom 3<\/strong>\u00a0\u0111\u1ec1u ch\u1ec9 quan t\u00e2m v\u00e0 ch\u00fa \u00fd t\u1edbi vi\u1ec7c ch\u1ea5t l\u01b0\u1ee3ng c\u1ee7a camera, l\u00e0m sao \u0111\u1ec3 t\u0103ng ch\u1ea5t l\u01b0\u1ee3ng h\u00ecnh \u1ea3nh b\u1eb1ng filter hay xa h\u01a1n b\u1eb1ng nh\u1eefng thi\u1ebft b\u1ecb k\u00edch s\u00f3ng m\u00e0 kh\u00f4ng h\u1ec1 bi\u1ebft t\u1edbi\u00a0<strong>m\u1ed9t m\u1ed1i nguy h\u1ea1i v\u00f4 c\u00f9ng l\u1edbn !<\/strong><\/span><\/p>\n<p>&nbsp;<\/p>\n<p><span style=\"font-size: 18px;\"><img loading=\"lazy\" decoding=\"async\" class=\"alignnone wp-image-13356\" src=\"https:\/\/phukienflytech.vn\/wp-content\/uploads\/2020\/05\/bo-gia-co-de-motor-phantom-3-4059-4.jpg\" alt=\"Phantom-3-motor-protection-cover-1\" width=\"455\" height=\"255\" \/><\/span><\/p>\n<p>&nbsp;<\/p>\n<p><span style=\"font-size: 18px;\">\u00a0 C\u00f3 th\u1ec3 b\u1ea1n bi\u1ebft m\u00e0 ch\u01b0a \u0111\u1ec3 \u00fd r\u1eb1ng motor c\u1ee7a DJI Phantom 3 l\u00e0 lo\u1ea1i kh\u00f4ng ch\u1ed5i than, do v\u1eady t\u1ed1c \u0111\u1ed9 quay c\u1ee7a motor s\u1ebd v\u00f4 c\u00f9ng nhanh v\u00e0 m\u1ea1nh m\u1ebd, v\u1edbi t\u1ed1c \u0111\u1ed9 kh\u1ee7ng khi\u1ebfp<\/span><\/p>\n<p><span style=\"font-size: 18px;\">Do v\u1eady, n\u1ebfu ai th\u1ef1c s\u1ef1 \u0111\u1ec3 \u00fd th\u00ec \u0111\u1ebf motor sau m\u1ed9t th\u1eddi gian bay chi\u1ebfc Phantom 3 c\u1ee7a m\u00ecnh, th\u00ec \u0111\u1ebf motor th\u01b0\u1eddng s\u1ebd b\u1ecb r\u1ea1n n\u1ee9t<\/span><\/p>\n<p>&nbsp;<\/p>\n<p><span style=\"font-size: 18px;\"><img loading=\"lazy\" decoding=\"async\" class=\"alignnone wp-image-13360 size-medium\" src=\"https:\/\/phukienflytech.vn\/wp-content\/uploads\/2020\/05\/bo-gia-co-de-motor-phantom-3-4059-2-1-533x400.jpg\" alt=\"Phantom-3-motor-protection-cover\" width=\"533\" height=\"400\" srcset=\"https:\/\/phukienflytech.vn\/wp-content\/uploads\/2020\/05\/bo-gia-co-de-motor-phantom-3-4059-2-1-533x400.jpg 533w, https:\/\/phukienflytech.vn\/wp-content\/uploads\/2020\/05\/bo-gia-co-de-motor-phantom-3-4059-2-1-768x576.jpg 768w, https:\/\/phukienflytech.vn\/wp-content\/uploads\/2020\/05\/bo-gia-co-de-motor-phantom-3-4059-2-1-1067x800.jpg 1067w, https:\/\/phukienflytech.vn\/wp-content\/uploads\/2020\/05\/bo-gia-co-de-motor-phantom-3-4059-2-1-600x450.jpg 600w, https:\/\/phukienflytech.vn\/wp-content\/uploads\/2020\/05\/bo-gia-co-de-motor-phantom-3-4059-2-1.jpg 2016w\" sizes=\"auto, (max-width: 533px) 100vw, 533px\" \/><\/span><\/p>\n<p>&nbsp;<\/p>\n<p><span style=\"font-size: 18px;\">nguy\u00ean nh\u00e2n l\u00e0 do qu\u00e1 tr\u00ecnh motor ph\u1ea3i g\u1ed3ng g\u00e1nh, ho\u1ea1t \u0111\u1ed9ng v\u1edbi c\u01b0\u1eddng \u0111\u1ed9 cao. Nh\u01b0 v\u1eady, chi\u1ebfc Drone c\u1ee7a b\u1ea1n s\u1ebd s\u1edbm tr\u1edf l\u00ean c\u0169 k\u1ef9, gi\u1ea3m gi\u00e1 tr\u1ecb \u0111i r\u1ea5t nhi\u1ec1u v\u00e0 th\u1eadm ch\u00ed g\u00e2y nguy hi\u1ec3m n\u1ebfu kh\u00f4ng kh\u1eafc ph\u1ee5c ngay.<\/span><\/p>\n<p><span style=\"font-size: 18px;\"><em><u>h\u00ecnh \u1ea3nh minh h\u1ecda<\/u><\/em><\/span><\/p>\n<p><span style=\"font-size: 18px;\">Gi\u1ea3i ph\u00e1p l\u00e0<em><u>: GIA C\u1ed0 NGAY NG\u00c0Y \u0110\u1ea6U S\u1eec D\u1ee4NG<\/u><\/em><\/span><\/p>\n<p><span style=\"font-size: 18px;\">Ch\u1ea5t li\u1ec7u: nh\u1ef1a in 3D<\/span><\/p>\n<p><span style=\"font-size: 18px;\">.H\u00e3y \u0111\u1ec3\u00a0<a href=\"https:\/\/facebook.com\/phukienflycam\/\" target=\"_blank\" rel=\"noopener noreferrer\">Ph\u1ee5 Ki\u1ec7n Fly-cam Gi\u00e1 T\u1ed1t<\/a>\u00a0ti\u1ebfp s\u1ee9c \u0111am m\u00ea, c\u00f4ng vi\u1ec7c c\u1ee7a b\u1ea1n, gi\u00fap b\u1ea1n th\u00eam ni\u1ec1m h\u1ee9ng kh\u1edfi trong \u0111am m\u00ea c\u0169ng nh\u01b0 c\u00f4ng vi\u1ec7c c\u1ee7a m\u00ecnh th\u00eam su\u00f4n s\u1ebb<\/span><\/p>\n<p><span style=\"font-size: 18px;\">Nh\u00e0 s\u1ea3n xu\u1ea5t : Sunnylife \u2013 l\u00e0 m\u1ed9t trong nh\u1eefng Vendor cung c\u1ea5p c\u00e1c ph\u1ee5 ki\u1ec7n, linh ki\u1ec7n thay th\u1ebf cho DJI Flycam<\/span><\/p>\n<p><span style=\"font-size: 18px;\">&gt;&gt; Contact us on: <a href=\"https:\/\/www.facebook.com\/phukienflycam\"><strong>Facebook<\/strong><\/a><\/span><\/p>\n<p><span style=\"font-size: 18px;\">&gt;&gt; Learn More : <a href=\"https:\/\/phukienflytech.vn\/danh-muc\/phu-kien-dji-phantom-3-series.html\"><strong>Phantom accessories<\/strong><\/a><\/span><\/p>\n","protected":false},"excerpt":{"rendered":"<p>Phantom 3 motor protection cover Phantom 3 motor protection cover H\u1ea7u h\u1ebft nh\u1eefng ng\u01b0\u1eddi ch\u01a1i\u00a0DJI Phantom 3\u00a0\u0111\u1ec1u ch\u1ec9 quan t\u00e2m v\u00e0 ch\u00fa \u00fd t\u1edbi vi\u1ec7c ch\u1ea5t l\u01b0\u1ee3ng c\u1ee7a camera, l\u00e0m sao \u0111\u1ec3 t\u0103ng ch\u1ea5t l\u01b0\u1ee3ng h\u00ecnh \u1ea3nh b\u1eb1ng filter hay xa h\u01a1n b\u1eb1ng nh\u1eefng thi\u1ebft b\u1ecb k\u00edch s\u00f3ng m\u00e0 kh\u00f4ng h\u1ec1 bi\u1ebft t\u1edbi\u00a0m\u1ed9t m\u1ed1i nguy &#8230;<\/p>\n","protected":false},"featured_media":16412,"comment_status":"open","ping_status":"closed","template":"","meta":{"_acf_changed":false},"product_brand":[],"product_cat":[183],"product_tag":[206,226],"class_list":{"0":"post-4068","1":"product","2":"type-product","3":"status-publish","4":"has-post-thumbnail","6":"product_cat-phantom-3-accessory","7":"product_tag-phu-kien-dji-en","8":"product_tag-phu-kien-phantom-en","10":"first","11":"instock","12":"sale","13":"shipping-taxable","14":"purchasable","15":"product-type-simple"},"acf":[],"yoast_head":"<!-- This site is optimized with the Yoast SEO plugin v25.7 - https:\/\/yoast.com\/wordpress\/plugins\/seo\/ -->\n<title>Phantom 3 motor protection cover - Sunnylife - Phantom accessory.<\/title>\n<meta name=\"description\" content=\"Phantom 3 motor protection cover is one of the most important accessory. Contact us to buy Phantom 3 motor protection cover for best price\" \/>\n<meta name=\"robots\" content=\"index, follow, max-snippet:-1, max-image-preview:large, max-video-preview:-1\" \/>\n<link rel=\"canonical\" href=\"https:\/\/phukienflytech.vn\/en\/san-pham\/phantom-3-motor-protection-cover.html\" \/>\n<meta property=\"og:locale\" content=\"en_US\" \/>\n<meta property=\"og:type\" content=\"article\" \/>\n<meta property=\"og:title\" content=\"Phantom 3 motor protection cover - Sunnylife - Phantom accessory.\" \/>\n<meta property=\"og:description\" content=\"Phantom 3 motor protection cover is one of the most important accessory. Contact us to buy Phantom 3 motor protection cover for best price\" \/>\n<meta property=\"og:url\" content=\"https:\/\/phukienflytech.vn\/en\/san-pham\/phantom-3-motor-protection-cover.html\" \/>\n<meta property=\"og:site_name\" content=\"Shop M\u00e1y \u1ea3nh - Action Camera - Gimbal - Flycam - Ph\u1ee5 ki\u1ec7n\" \/>\n<meta property=\"article:publisher\" content=\"https:\/\/facebook.com\/phukienflycam\" \/>\n<meta property=\"article:modified_time\" content=\"2020-10-15T04:05:37+00:00\" \/>\n<meta property=\"og:image\" content=\"https:\/\/phukienflytech.vn\/wp-content\/uploads\/2020\/05\/gia_ca_moto-1.jpg\" \/>\n\t<meta property=\"og:image:width\" content=\"243\" \/>\n\t<meta property=\"og:image:height\" content=\"243\" \/>\n\t<meta property=\"og:image:type\" content=\"image\/jpeg\" \/>\n<meta name=\"twitter:card\" content=\"summary_large_image\" \/>\n<meta name=\"twitter:label1\" content=\"Est. reading time\" \/>\n\t<meta name=\"twitter:data1\" content=\"2 minutes\" \/>\n<script type=\"application\/ld+json\" class=\"yoast-schema-graph\">{\"@context\":\"https:\/\/schema.org\",\"@graph\":[{\"@type\":\"WebPage\",\"@id\":\"https:\/\/phukienflytech.vn\/en\/san-pham\/phantom-3-motor-protection-cover.html\",\"url\":\"https:\/\/phukienflytech.vn\/en\/san-pham\/phantom-3-motor-protection-cover.html\",\"name\":\"Phantom 3 motor protection cover - Sunnylife - Phantom accessory.\",\"isPartOf\":{\"@id\":\"https:\/\/phukienflytech.vn\/#website\"},\"primaryImageOfPage\":{\"@id\":\"https:\/\/phukienflytech.vn\/en\/san-pham\/phantom-3-motor-protection-cover.html#primaryimage\"},\"image\":{\"@id\":\"https:\/\/phukienflytech.vn\/en\/san-pham\/phantom-3-motor-protection-cover.html#primaryimage\"},\"thumbnailUrl\":\"https:\/\/phukienflytech.vn\/wp-content\/uploads\/2020\/05\/gia_ca_moto-1.jpg\",\"datePublished\":\"2020-06-18T02:35:28+00:00\",\"dateModified\":\"2020-10-15T04:05:37+00:00\",\"description\":\"Phantom 3 motor protection cover is one of the most important accessory. Contact us to buy Phantom 3 motor protection cover for best price\",\"breadcrumb\":{\"@id\":\"https:\/\/phukienflytech.vn\/en\/san-pham\/phantom-3-motor-protection-cover.html#breadcrumb\"},\"inLanguage\":\"en-US\",\"potentialAction\":[{\"@type\":\"ReadAction\",\"target\":[\"https:\/\/phukienflytech.vn\/en\/san-pham\/phantom-3-motor-protection-cover.html\"]}]},{\"@type\":\"ImageObject\",\"inLanguage\":\"en-US\",\"@id\":\"https:\/\/phukienflytech.vn\/en\/san-pham\/phantom-3-motor-protection-cover.html#primaryimage\",\"url\":\"https:\/\/phukienflytech.vn\/wp-content\/uploads\/2020\/05\/gia_ca_moto-1.jpg\",\"contentUrl\":\"https:\/\/phukienflytech.vn\/wp-content\/uploads\/2020\/05\/gia_ca_moto-1.jpg\",\"width\":243,\"height\":243},{\"@type\":\"BreadcrumbList\",\"@id\":\"https:\/\/phukienflytech.vn\/en\/san-pham\/phantom-3-motor-protection-cover.html#breadcrumb\",\"itemListElement\":[{\"@type\":\"ListItem\",\"position\":1,\"name\":\"Home\",\"item\":\"https:\/\/phukienflytech.vn\/en\"},{\"@type\":\"ListItem\",\"position\":2,\"name\":\"Ph\u1ee5 ki\u1ec7n Mavic Pro\",\"item\":\"https:\/\/phukienflytech.vn\/en\/phu-kien-mavic-pro.html\"},{\"@type\":\"ListItem\",\"position\":3,\"name\":\"DJI Osmo &amp; Drone's accessories\",\"item\":\"https:\/\/phukienflytech.vn\/en\/danh-muc\/dji-osmo-drones-accessories.html\"},{\"@type\":\"ListItem\",\"position\":4,\"name\":\"Ph\u1ee5 ki\u1ec7n flycam Phantom 3\",\"item\":\"https:\/\/phukienflytech.vn\/en\/danh-muc\/phantom-3-accessory.html\"},{\"@type\":\"ListItem\",\"position\":5,\"name\":\"Phantom 3 motor shell protection cover\"}]},{\"@type\":\"WebSite\",\"@id\":\"https:\/\/phukienflytech.vn\/#website\",\"url\":\"https:\/\/phukienflytech.vn\/\",\"name\":\"Shop M\u00e1y \u1ea3nh - Action Camera - Gimbal - Flycam - Ph\u1ee5 ki\u1ec7n\",\"description\":\"Shop M\u00e1y \u1ea3nh - Action Camera - Gimbal - Flycam - Ph\u1ee5 ki\u1ec7n\",\"publisher\":{\"@id\":\"https:\/\/phukienflytech.vn\/#organization\"},\"potentialAction\":[{\"@type\":\"SearchAction\",\"target\":{\"@type\":\"EntryPoint\",\"urlTemplate\":\"https:\/\/phukienflytech.vn\/?s={search_term_string}\"},\"query-input\":{\"@type\":\"PropertyValueSpecification\",\"valueRequired\":true,\"valueName\":\"search_term_string\"}}],\"inLanguage\":\"en-US\"},{\"@type\":\"Organization\",\"@id\":\"https:\/\/phukienflytech.vn\/#organization\",\"name\":\"DJI Store - Shop Drone, Action camera, Gimbal DJI |Phukienflytech\",\"alternateName\":\"DJI Store - Shop Drone, Action camera, Gimbal DJI |Phukienflytech\",\"url\":\"https:\/\/phukienflytech.vn\/\",\"logo\":{\"@type\":\"ImageObject\",\"inLanguage\":\"en-US\",\"@id\":\"https:\/\/phukienflytech.vn\/#\/schema\/logo\/image\/\",\"url\":\"https:\/\/phukienflytech.vn\/wp-content\/uploads\/2020\/05\/hAnh_nan.jpg1_.jpg\",\"contentUrl\":\"https:\/\/phukienflytech.vn\/wp-content\/uploads\/2020\/05\/hAnh_nan.jpg1_.jpg\",\"width\":800,\"height\":450,\"caption\":\"DJI Store - Shop Drone, Action camera, Gimbal DJI |Phukienflytech\"},\"image\":{\"@id\":\"https:\/\/phukienflytech.vn\/#\/schema\/logo\/image\/\"},\"sameAs\":[\"https:\/\/facebook.com\/phukienflycam\",\"https:\/\/www.youtube.com\/@phukienflytech\",\"https:\/\/www.tiktok.com\/@flytech.channel?fbclid=IwY2xjawGjg7BleHRuA2FlbQIxMAABHYVGmlXpuSMs0UB2zTpYvyT4GMVfN2qJa4urF4vkSQ6FAVBwXZtDP30qQA_aem_UwMiDcUvlEbd2tXAmsc8Og\"]}]}<\/script>\n<!-- \/ Yoast SEO plugin. -->","yoast_head_json":{"title":"Phantom 3 motor protection cover - Sunnylife - Phantom accessory.","description":"Phantom 3 motor protection cover is one of the most important accessory. Contact us to buy Phantom 3 motor protection cover for best price","robots":{"index":"index","follow":"follow","max-snippet":"max-snippet:-1","max-image-preview":"max-image-preview:large","max-video-preview":"max-video-preview:-1"},"canonical":"https:\/\/phukienflytech.vn\/en\/san-pham\/phantom-3-motor-protection-cover.html","og_locale":"en_US","og_type":"article","og_title":"Phantom 3 motor protection cover - Sunnylife - Phantom accessory.","og_description":"Phantom 3 motor protection cover is one of the most important accessory. Contact us to buy Phantom 3 motor protection cover for best price","og_url":"https:\/\/phukienflytech.vn\/en\/san-pham\/phantom-3-motor-protection-cover.html","og_site_name":"Shop M\u00e1y \u1ea3nh - Action Camera - Gimbal - Flycam - Ph\u1ee5 ki\u1ec7n","article_publisher":"https:\/\/facebook.com\/phukienflycam","article_modified_time":"2020-10-15T04:05:37+00:00","og_image":[{"width":243,"height":243,"url":"https:\/\/phukienflytech.vn\/wp-content\/uploads\/2020\/05\/gia_ca_moto-1.jpg","type":"image\/jpeg"}],"twitter_card":"summary_large_image","twitter_misc":{"Est. reading time":"2 minutes"},"schema":{"@context":"https:\/\/schema.org","@graph":[{"@type":"WebPage","@id":"https:\/\/phukienflytech.vn\/en\/san-pham\/phantom-3-motor-protection-cover.html","url":"https:\/\/phukienflytech.vn\/en\/san-pham\/phantom-3-motor-protection-cover.html","name":"Phantom 3 motor protection cover - Sunnylife - Phantom accessory.","isPartOf":{"@id":"https:\/\/phukienflytech.vn\/#website"},"primaryImageOfPage":{"@id":"https:\/\/phukienflytech.vn\/en\/san-pham\/phantom-3-motor-protection-cover.html#primaryimage"},"image":{"@id":"https:\/\/phukienflytech.vn\/en\/san-pham\/phantom-3-motor-protection-cover.html#primaryimage"},"thumbnailUrl":"https:\/\/phukienflytech.vn\/wp-content\/uploads\/2020\/05\/gia_ca_moto-1.jpg","datePublished":"2020-06-18T02:35:28+00:00","dateModified":"2020-10-15T04:05:37+00:00","description":"Phantom 3 motor protection cover is one of the most important accessory. Contact us to buy Phantom 3 motor protection cover for best price","breadcrumb":{"@id":"https:\/\/phukienflytech.vn\/en\/san-pham\/phantom-3-motor-protection-cover.html#breadcrumb"},"inLanguage":"en-US","potentialAction":[{"@type":"ReadAction","target":["https:\/\/phukienflytech.vn\/en\/san-pham\/phantom-3-motor-protection-cover.html"]}]},{"@type":"ImageObject","inLanguage":"en-US","@id":"https:\/\/phukienflytech.vn\/en\/san-pham\/phantom-3-motor-protection-cover.html#primaryimage","url":"https:\/\/phukienflytech.vn\/wp-content\/uploads\/2020\/05\/gia_ca_moto-1.jpg","contentUrl":"https:\/\/phukienflytech.vn\/wp-content\/uploads\/2020\/05\/gia_ca_moto-1.jpg","width":243,"height":243},{"@type":"BreadcrumbList","@id":"https:\/\/phukienflytech.vn\/en\/san-pham\/phantom-3-motor-protection-cover.html#breadcrumb","itemListElement":[{"@type":"ListItem","position":1,"name":"Home","item":"https:\/\/phukienflytech.vn\/en"},{"@type":"ListItem","position":2,"name":"Ph\u1ee5 ki\u1ec7n Mavic Pro","item":"https:\/\/phukienflytech.vn\/en\/phu-kien-mavic-pro.html"},{"@type":"ListItem","position":3,"name":"DJI Osmo &amp; Drone's accessories","item":"https:\/\/phukienflytech.vn\/en\/danh-muc\/dji-osmo-drones-accessories.html"},{"@type":"ListItem","position":4,"name":"Ph\u1ee5 ki\u1ec7n flycam Phantom 3","item":"https:\/\/phukienflytech.vn\/en\/danh-muc\/phantom-3-accessory.html"},{"@type":"ListItem","position":5,"name":"Phantom 3 motor shell protection cover"}]},{"@type":"WebSite","@id":"https:\/\/phukienflytech.vn\/#website","url":"https:\/\/phukienflytech.vn\/","name":"Shop M\u00e1y \u1ea3nh - Action Camera - Gimbal - Flycam - Ph\u1ee5 ki\u1ec7n","description":"Shop M\u00e1y \u1ea3nh - Action Camera - Gimbal - Flycam - Ph\u1ee5 ki\u1ec7n","publisher":{"@id":"https:\/\/phukienflytech.vn\/#organization"},"potentialAction":[{"@type":"SearchAction","target":{"@type":"EntryPoint","urlTemplate":"https:\/\/phukienflytech.vn\/?s={search_term_string}"},"query-input":{"@type":"PropertyValueSpecification","valueRequired":true,"valueName":"search_term_string"}}],"inLanguage":"en-US"},{"@type":"Organization","@id":"https:\/\/phukienflytech.vn\/#organization","name":"DJI Store - Shop Drone, Action camera, Gimbal DJI |Phukienflytech","alternateName":"DJI Store - Shop Drone, Action camera, Gimbal DJI |Phukienflytech","url":"https:\/\/phukienflytech.vn\/","logo":{"@type":"ImageObject","inLanguage":"en-US","@id":"https:\/\/phukienflytech.vn\/#\/schema\/logo\/image\/","url":"https:\/\/phukienflytech.vn\/wp-content\/uploads\/2020\/05\/hAnh_nan.jpg1_.jpg","contentUrl":"https:\/\/phukienflytech.vn\/wp-content\/uploads\/2020\/05\/hAnh_nan.jpg1_.jpg","width":800,"height":450,"caption":"DJI Store - Shop Drone, Action camera, Gimbal DJI |Phukienflytech"},"image":{"@id":"https:\/\/phukienflytech.vn\/#\/schema\/logo\/image\/"},"sameAs":["https:\/\/facebook.com\/phukienflycam","https:\/\/www.youtube.com\/@phukienflytech","https:\/\/www.tiktok.com\/@flytech.channel?fbclid=IwY2xjawGjg7BleHRuA2FlbQIxMAABHYVGmlXpuSMs0UB2zTpYvyT4GMVfN2qJa4urF4vkSQ6FAVBwXZtDP30qQA_aem_UwMiDcUvlEbd2tXAmsc8Og"]}]}},"_links":{"self":[{"href":"https:\/\/phukienflytech.vn\/en\/wp-json\/wp\/v2\/product\/4068","targetHints":{"allow":["GET"]}}],"collection":[{"href":"https:\/\/phukienflytech.vn\/en\/wp-json\/wp\/v2\/product"}],"about":[{"href":"https:\/\/phukienflytech.vn\/en\/wp-json\/wp\/v2\/types\/product"}],"replies":[{"embeddable":true,"href":"https:\/\/phukienflytech.vn\/en\/wp-json\/wp\/v2\/comments?post=4068"}],"wp:featuredmedia":[{"embeddable":true,"href":"https:\/\/phukienflytech.vn\/en\/wp-json\/wp\/v2\/media\/16412"}],"wp:attachment":[{"href":"https:\/\/phukienflytech.vn\/en\/wp-json\/wp\/v2\/media?parent=4068"}],"wp:term":[{"taxonomy":"product_brand","embeddable":true,"href":"https:\/\/phukienflytech.vn\/en\/wp-json\/wp\/v2\/product_brand?post=4068"},{"taxonomy":"product_cat","embeddable":true,"href":"https:\/\/phukienflytech.vn\/en\/wp-json\/wp\/v2\/product_cat?post=4068"},{"taxonomy":"product_tag","embeddable":true,"href":"https:\/\/phukienflytech.vn\/en\/wp-json\/wp\/v2\/product_tag?post=4068"}],"curies":[{"name":"wp","href":"https:\/\/api.w.org\/{rel}","templated":true}]}}