{"id":4121,"date":"2020-06-22T14:05:25","date_gmt":"2020-06-22T07:05:25","guid":{"rendered":"http:\/\/27430.lamdx.vinawebsite.vn\/san-pham\/kep-phonetablet-sunny-cho-phantom-3s-loai-a.html"},"modified":"2020-10-14T18:25:21","modified_gmt":"2020-10-14T11:25:21","slug":"phone-holder-for-phantom-3","status":"publish","type":"product","link":"https:\/\/phukienflytech.vn\/en\/san-pham\/phone-holder-for-phantom-3.html","title":{"rendered":"Tablet and phone holder for Phantom 3 &#8211; Type A"},"content":{"rendered":"<h2><span style=\"color: #0000ff;\"><em><strong><span style=\"font-size: 21px;\">Phone holder for Phantom 3<\/span><\/strong><\/em><\/span><\/h2>\n<p><span style=\"font-size: 18px;\">Phone holder for Phantom 3<\/span><\/p>\n<p><span style=\"font-size: 18px;\">H\u00e3ng DJI lu\u00f4n mu\u1ed1n t\u1ed1i gi\u1ea3n h\u00f3a k\u00edch th\u01b0\u1edbc c\u0169ng nh\u01b0 s\u1ef1 g\u1ecdn nh\u1eb9 c\u1ee7a s\u1ea3n ph\u1ea9m c\u1ea3 trong khi di chuy\u1ec3n l\u1eabn khi s\u1eed d\u1ee5ng. \u0110\u1eb7c bi\u1ec7t l\u00e0 s\u1ef1 ti\u1ec7n d\u1ee5ng cho Pilot trong su\u1ed1t th\u1eddi gian \u0111i\u1ec1u khi\u1ec3n c\u1ee7a m\u00ecnh, do v\u1eady k\u1ec3 t\u1eeb th\u1ebf h\u1ec7 flycam<strong>\u00a0DJI Phantom 3<\/strong>\u00a0advanced tr\u1edf \u0111i, c\u00e1c \u0111\u1eddi Phantom \u0111\u1ec1u \u0111\u01b0\u1ee3c trang b\u1ecb chi\u1ebfc k\u1eb9p \u0111a n\u0103ng c\u00f3 th\u1ec3 gi\u1eef Smart phone t\u1edbi Tablet c\u00f3 size l\u1edbn<\/span><\/p>\n<p>&nbsp;<\/p>\n<p><span style=\"font-size: 18px;\"><img loading=\"lazy\" decoding=\"async\" class=\"alignnone wp-image-13326 size-medium\" src=\"https:\/\/phukienflytech.vn\/wp-content\/uploads\/2020\/05\/kep-phone-tablet-sunny-cho-phantom-3s-loai-a-4110-5-393x400.jpg\" alt=\"Phone-holder-for-Phantom-3-2\" width=\"393\" height=\"400\" srcset=\"https:\/\/phukienflytech.vn\/wp-content\/uploads\/2020\/05\/kep-phone-tablet-sunny-cho-phantom-3s-loai-a-4110-5-393x400.jpg 393w, https:\/\/phukienflytech.vn\/wp-content\/uploads\/2020\/05\/kep-phone-tablet-sunny-cho-phantom-3s-loai-a-4110-5.jpg 450w\" sizes=\"auto, (max-width: 393px) 100vw, 393px\" \/><\/span><\/p>\n<p>&nbsp;<\/p>\n<p><span style=\"font-size: 18px;\">\u0110\u01b0\u1ee3c thi\u1ebft k\u1ebf v\u1edbi m\u1ee5c \u0111\u00edch t\u1ea1o s\u1ef1 thu\u1eadn ti\u1ec7n c\u0169ng nh\u01b0 \u0111\u1ec3 support cho chi\u1ebfc Smart phone trong su\u1ed1t qu\u00e1 tr\u00ecnh s\u1eed d\u1ee5ng. \u0110\u1ed1i v\u1edbi nh\u1eefng Pilot c\u00f3 nhu c\u1ea7u s\u1eed d\u1ee5ng m\u00e1y t\u00ednh b\u1ea3ng, Ipad.. c\u00f3 k\u00edch th\u01b0\u1edbc m\u00e0n h\u00ecnh l\u1edbn h\u01a1n 6 &#8211; 9.7 inch th\u00ec l\u1ef1a ch\u1ecdn s\u1eed d\u1ee5ng chi\u1ebfc\u00a0<a href=\"http:\/\/phukienflytech.vn\/san-pham\/kep-phonetablet-phantom-3s-loai-c.html\" target=\"_blank\" rel=\"noopener noreferrer\">K\u1eb9p gi\u1eef\u00a0 Phone \u00a0Phantom 3S &#8211; Type C<\/a>.<\/span><\/p>\n<p><span style=\"font-size: 18px;\">V\u1edbi thi\u1ebft k\u1ebf c\u1ee7a\u00a0<strong>K\u1eb9p phone\/tablet Phantom 3S lo\u1ea1i A\u00a0<\/strong>\u00a0th\u00ec c\u00f3 t\u1edbi 95% c\u00e1c \u0111\u1eb7c \u0111i\u1ec3m l\u00e0 gi\u1ed1ng v\u1edbi K\u1eb9p g\u1ed1c c\u1ee7a\u00a0<strong>DJI Phantom 3<\/strong>\u00a0professional\/advanced<\/span><\/p>\n<p>&nbsp;<\/p>\n<p><span style=\"font-size: 18px;\"><img loading=\"lazy\" decoding=\"async\" class=\"alignnone wp-image-13328 size-thumbnail\" src=\"https:\/\/phukienflytech.vn\/wp-content\/uploads\/2020\/05\/kep-phone-tablet-sunny-cho-phantom-3s-loai-a-4110-1-1-280x280.jpg\" alt=\"Phone-holder-for-Phantom-3-1\" width=\"280\" height=\"280\" srcset=\"https:\/\/phukienflytech.vn\/wp-content\/uploads\/2020\/05\/kep-phone-tablet-sunny-cho-phantom-3s-loai-a-4110-1-1-280x280.jpg 280w, https:\/\/phukienflytech.vn\/wp-content\/uploads\/2020\/05\/kep-phone-tablet-sunny-cho-phantom-3s-loai-a-4110-1-1-100x100.jpg 100w\" sizes=\"auto, (max-width: 280px) 100vw, 280px\" \/><\/span><\/p>\n<p>&nbsp;<\/p>\n<p><span style=\"font-size: 18px;\">C\u00f2n b\u1ea1n, n\u1ebfu ch\u1ec9 nhu c\u1ea7u l\u00e0 s\u1eed d\u1ee5ng chi\u1ebfc Smartphone th\u00ec h\u00e3y l\u1ef1a ngay\u00a0<a href=\"http:\/\/phukienflytech.vn\/san-pham\/kep-phonephantom-3s-loai-b.html\" target=\"_blank\" rel=\"noopener noreferrer\">K\u1eb9p type B<\/a><\/span><\/p>\n<p><span style=\"font-size: 18px;\">Nh\u1eb1m h\u1ed7 tr\u1ee3 thay \u0111\u1ed5i di\u1ec7n m\u1ea1o c\u0169ng nh\u01b0 t\u00ednh ti\u1ec7n nghi v\u00e0 \u0111\u00e1p \u1ee9ng \u0111\u01b0\u1ee3c nhu c\u1ea7u n\u00e2ng c\u1ea5p thay v\u00ec s\u1eed d\u1ee5ng smart-phone \u0111\u1ec3 quan s\u00e1t tr\u1ef1c ti\u1ebfp h\u00ecnh \u1ea3nh, c\u00e1c Pilot c\u00f3 nhu c\u1ea7u s\u1eed d\u1ee5ng Ipad, hay c\u00e1c d\u00f2ng m\u00e1y t\u00ednh b\u1ea3ng kh\u00e1c<\/span><\/p>\n<p><span style=\"font-size: 18px;\">Sunnylife \u0111\u00e3 thi\u1ebft k\u1ebf chi\u1ebfc k\u1eb9p Phone \/Tablet d\u1ef1a tr\u00ean phi\u00ean b\u1ea3n c\u1ee7a c\u00e1c d\u00f2ng flycam Phantom \u0111\u1eddi sau nh\u01b0: Professional. Advanced\u2026<\/span><\/p>\n<h2><span style=\"font-size: 21px;\"><strong><span style=\"color: #0000ff;\">Chi ti\u1ebft c\u1ee7a Phone holder for Phantom 3<\/span><\/strong><\/span><\/h2>\n<p><span style=\"font-size: 18px;\">K\u00edch th\u01b0\u1edbc phone \/ tablet :\u00a0\u00a0<em><u>max 9.6 inch<\/u><\/em><\/span><\/p>\n<p><span style=\"font-size: 18px;\">\u0110\u01b0\u1ee3c thi\u1ebft k\u1ebf r\u1ea5t ch\u1eafc ch\u1eafn, g\u1eadp linh ho\u1ea1t, ki\u1ec3u d\u00e1ng m\u1edbi theo phong c\u00e1ch th\u1ebf h\u1ec7 flycam m\u1edbi.<\/span><\/p>\n<p>&nbsp;<\/p>\n<p><span style=\"font-size: 18px;\"><img loading=\"lazy\" decoding=\"async\" class=\"alignnone wp-image-13330 size-medium\" src=\"https:\/\/phukienflytech.vn\/wp-content\/uploads\/2020\/05\/kep-phone-tablet-sunny-cho-phantom-3s-loai-a-4110-4-1-406x400.jpg\" alt=\"Phone-holder-for-Phantom-3\" width=\"406\" height=\"400\" srcset=\"https:\/\/phukienflytech.vn\/wp-content\/uploads\/2020\/05\/kep-phone-tablet-sunny-cho-phantom-3s-loai-a-4110-4-1-406x400.jpg 406w, https:\/\/phukienflytech.vn\/wp-content\/uploads\/2020\/05\/kep-phone-tablet-sunny-cho-phantom-3s-loai-a-4110-4-1-100x100.jpg 100w, https:\/\/phukienflytech.vn\/wp-content\/uploads\/2020\/05\/kep-phone-tablet-sunny-cho-phantom-3s-loai-a-4110-4-1.jpg 578w\" sizes=\"auto, (max-width: 406px) 100vw, 406px\" \/><\/span><\/p>\n<p>&nbsp;<\/p>\n<p><span style=\"font-size: 18px;\">H\u00e3y \u0111\u1ec3\u00a0<a href=\"https:\/\/facebook.com\/phukienflycam\/\">Ph\u1ee5 Ki\u1ec7n Fly-cam Gi\u00e1 T\u1ed1t<\/a>\u00a0ti\u1ebfp s\u1ee9c \u0111am m\u00ea, c\u00f4ng vi\u1ec7c c\u1ee7a b\u1ea1n, gi\u00fap b\u1ea1n th\u00eam ni\u1ec1m h\u1ee9ng kh\u1edfi trong \u0111am m\u00ea c\u0169ng nh\u01b0 c\u00f4ng vi\u1ec7c c\u1ee7a m\u00ecnh th\u00eam su\u00f4n s\u1ebb<\/span><\/p>\n<p><span style=\"font-size: 18px;\">Nh\u00e0 s\u1ea3n xu\u1ea5t: Sunnylife \u2013 Vendor c\u1ee7a DJI v\u1ec1 cung c\u1ea5p ph\u1ee5 ki\u1ec7n<\/span><\/p>\n<p>&nbsp;<\/p>\n","protected":false},"excerpt":{"rendered":"<p>Phone holder for Phantom 3 Phone holder for Phantom 3 H\u00e3ng DJI lu\u00f4n mu\u1ed1n t\u1ed1i gi\u1ea3n h\u00f3a k\u00edch th\u01b0\u1edbc c\u0169ng nh\u01b0 s\u1ef1 g\u1ecdn nh\u1eb9 c\u1ee7a s\u1ea3n ph\u1ea9m c\u1ea3 trong khi di chuy\u1ec3n l\u1eabn khi s\u1eed d\u1ee5ng. \u0110\u1eb7c bi\u1ec7t l\u00e0 s\u1ef1 ti\u1ec7n d\u1ee5ng cho Pilot trong su\u1ed1t th\u1eddi gian \u0111i\u1ec1u khi\u1ec3n c\u1ee7a m\u00ecnh, do v\u1eady k\u1ec3 &#8230;<\/p>\n","protected":false},"featured_media":16406,"comment_status":"open","ping_status":"closed","template":"","meta":{"_acf_changed":false},"product_brand":[],"product_cat":[183],"product_tag":[206,245],"class_list":{"0":"post-4121","1":"product","2":"type-product","3":"status-publish","4":"has-post-thumbnail","6":"product_cat-phantom-3-accessory","7":"product_tag-phu-kien-dji-en","8":"product_tag-phu-kien-phantom-3-en","10":"first","11":"instock","12":"sale","13":"shipping-taxable","14":"purchasable","15":"product-type-simple"},"acf":[],"yoast_head":"<!-- This site is optimized with the Yoast SEO plugin v25.7 - https:\/\/yoast.com\/wordpress\/plugins\/seo\/ -->\n<title>Phone holder for Phantom 3 - sunnylife - Phantom accessorry - available.<\/title>\n<meta name=\"description\" content=\"Phone holder for Phantom 3 is one of the most important accessory. Contact us to buy Phone holder for Phantom 3 for best price, fast shipping\" \/>\n<meta name=\"robots\" content=\"index, follow, max-snippet:-1, max-image-preview:large, max-video-preview:-1\" \/>\n<link rel=\"canonical\" href=\"https:\/\/phukienflytech.vn\/en\/san-pham\/phone-holder-for-phantom-3.html\" \/>\n<meta property=\"og:locale\" content=\"en_US\" \/>\n<meta property=\"og:type\" content=\"article\" \/>\n<meta property=\"og:title\" content=\"Phone holder for Phantom 3 - sunnylife - Phantom accessorry - available.\" \/>\n<meta property=\"og:description\" content=\"Phone holder for Phantom 3 is one of the most important accessory. Contact us to buy Phone holder for Phantom 3 for best price, fast shipping\" \/>\n<meta property=\"og:url\" content=\"https:\/\/phukienflytech.vn\/en\/san-pham\/phone-holder-for-phantom-3.html\" \/>\n<meta property=\"og:site_name\" content=\"Shop M\u00e1y \u1ea3nh - Action Camera - Gimbal - Flycam - Ph\u1ee5 ki\u1ec7n\" \/>\n<meta property=\"article:publisher\" content=\"https:\/\/facebook.com\/phukienflycam\" \/>\n<meta property=\"article:modified_time\" content=\"2020-10-14T11:25:21+00:00\" \/>\n<meta property=\"og:image\" content=\"https:\/\/phukienflytech.vn\/wp-content\/uploads\/2020\/05\/kap_340k.jpg\" \/>\n\t<meta property=\"og:image:width\" content=\"243\" \/>\n\t<meta property=\"og:image:height\" content=\"243\" \/>\n\t<meta property=\"og:image:type\" content=\"image\/jpeg\" \/>\n<meta name=\"twitter:card\" content=\"summary_large_image\" \/>\n<meta name=\"twitter:label1\" content=\"Est. reading time\" \/>\n\t<meta name=\"twitter:data1\" content=\"2 minutes\" \/>\n<script type=\"application\/ld+json\" class=\"yoast-schema-graph\">{\"@context\":\"https:\/\/schema.org\",\"@graph\":[{\"@type\":\"WebPage\",\"@id\":\"https:\/\/phukienflytech.vn\/en\/san-pham\/phone-holder-for-phantom-3.html\",\"url\":\"https:\/\/phukienflytech.vn\/en\/san-pham\/phone-holder-for-phantom-3.html\",\"name\":\"Phone holder for Phantom 3 - sunnylife - Phantom accessorry - available.\",\"isPartOf\":{\"@id\":\"https:\/\/phukienflytech.vn\/#website\"},\"primaryImageOfPage\":{\"@id\":\"https:\/\/phukienflytech.vn\/en\/san-pham\/phone-holder-for-phantom-3.html#primaryimage\"},\"image\":{\"@id\":\"https:\/\/phukienflytech.vn\/en\/san-pham\/phone-holder-for-phantom-3.html#primaryimage\"},\"thumbnailUrl\":\"https:\/\/phukienflytech.vn\/wp-content\/uploads\/2020\/05\/kap_340k.jpg\",\"datePublished\":\"2020-06-22T07:05:25+00:00\",\"dateModified\":\"2020-10-14T11:25:21+00:00\",\"description\":\"Phone holder for Phantom 3 is one of the most important accessory. Contact us to buy Phone holder for Phantom 3 for best price, fast shipping\",\"breadcrumb\":{\"@id\":\"https:\/\/phukienflytech.vn\/en\/san-pham\/phone-holder-for-phantom-3.html#breadcrumb\"},\"inLanguage\":\"en-US\",\"potentialAction\":[{\"@type\":\"ReadAction\",\"target\":[\"https:\/\/phukienflytech.vn\/en\/san-pham\/phone-holder-for-phantom-3.html\"]}]},{\"@type\":\"ImageObject\",\"inLanguage\":\"en-US\",\"@id\":\"https:\/\/phukienflytech.vn\/en\/san-pham\/phone-holder-for-phantom-3.html#primaryimage\",\"url\":\"https:\/\/phukienflytech.vn\/wp-content\/uploads\/2020\/05\/kap_340k.jpg\",\"contentUrl\":\"https:\/\/phukienflytech.vn\/wp-content\/uploads\/2020\/05\/kap_340k.jpg\",\"width\":243,\"height\":243},{\"@type\":\"BreadcrumbList\",\"@id\":\"https:\/\/phukienflytech.vn\/en\/san-pham\/phone-holder-for-phantom-3.html#breadcrumb\",\"itemListElement\":[{\"@type\":\"ListItem\",\"position\":1,\"name\":\"Home\",\"item\":\"https:\/\/phukienflytech.vn\/en\"},{\"@type\":\"ListItem\",\"position\":2,\"name\":\"Ph\u1ee5 ki\u1ec7n Mavic Pro\",\"item\":\"https:\/\/phukienflytech.vn\/en\/phu-kien-mavic-pro.html\"},{\"@type\":\"ListItem\",\"position\":3,\"name\":\"DJI Osmo &amp; Drone's accessories\",\"item\":\"https:\/\/phukienflytech.vn\/en\/danh-muc\/dji-osmo-drones-accessories.html\"},{\"@type\":\"ListItem\",\"position\":4,\"name\":\"Ph\u1ee5 ki\u1ec7n flycam Phantom 3\",\"item\":\"https:\/\/phukienflytech.vn\/en\/danh-muc\/phantom-3-accessory.html\"},{\"@type\":\"ListItem\",\"position\":5,\"name\":\"Tablet and phone holder for Phantom 3 &#8211; Type A\"}]},{\"@type\":\"WebSite\",\"@id\":\"https:\/\/phukienflytech.vn\/#website\",\"url\":\"https:\/\/phukienflytech.vn\/\",\"name\":\"Shop M\u00e1y \u1ea3nh - Action Camera - Gimbal - Flycam - Ph\u1ee5 ki\u1ec7n\",\"description\":\"Shop M\u00e1y \u1ea3nh - Action Camera - Gimbal - Flycam - Ph\u1ee5 ki\u1ec7n\",\"publisher\":{\"@id\":\"https:\/\/phukienflytech.vn\/#organization\"},\"potentialAction\":[{\"@type\":\"SearchAction\",\"target\":{\"@type\":\"EntryPoint\",\"urlTemplate\":\"https:\/\/phukienflytech.vn\/?s={search_term_string}\"},\"query-input\":{\"@type\":\"PropertyValueSpecification\",\"valueRequired\":true,\"valueName\":\"search_term_string\"}}],\"inLanguage\":\"en-US\"},{\"@type\":\"Organization\",\"@id\":\"https:\/\/phukienflytech.vn\/#organization\",\"name\":\"DJI Store - Shop Drone, Action camera, Gimbal DJI |Phukienflytech\",\"alternateName\":\"DJI Store - Shop Drone, Action camera, Gimbal DJI |Phukienflytech\",\"url\":\"https:\/\/phukienflytech.vn\/\",\"logo\":{\"@type\":\"ImageObject\",\"inLanguage\":\"en-US\",\"@id\":\"https:\/\/phukienflytech.vn\/#\/schema\/logo\/image\/\",\"url\":\"https:\/\/phukienflytech.vn\/wp-content\/uploads\/2020\/05\/hAnh_nan.jpg1_.jpg\",\"contentUrl\":\"https:\/\/phukienflytech.vn\/wp-content\/uploads\/2020\/05\/hAnh_nan.jpg1_.jpg\",\"width\":800,\"height\":450,\"caption\":\"DJI Store - Shop Drone, Action camera, Gimbal DJI |Phukienflytech\"},\"image\":{\"@id\":\"https:\/\/phukienflytech.vn\/#\/schema\/logo\/image\/\"},\"sameAs\":[\"https:\/\/facebook.com\/phukienflycam\",\"https:\/\/www.youtube.com\/@phukienflytech\",\"https:\/\/www.tiktok.com\/@flytech.channel?fbclid=IwY2xjawGjg7BleHRuA2FlbQIxMAABHYVGmlXpuSMs0UB2zTpYvyT4GMVfN2qJa4urF4vkSQ6FAVBwXZtDP30qQA_aem_UwMiDcUvlEbd2tXAmsc8Og\"]}]}<\/script>\n<!-- \/ Yoast SEO plugin. -->","yoast_head_json":{"title":"Phone holder for Phantom 3 - sunnylife - Phantom accessorry - available.","description":"Phone holder for Phantom 3 is one of the most important accessory. Contact us to buy Phone holder for Phantom 3 for best price, fast shipping","robots":{"index":"index","follow":"follow","max-snippet":"max-snippet:-1","max-image-preview":"max-image-preview:large","max-video-preview":"max-video-preview:-1"},"canonical":"https:\/\/phukienflytech.vn\/en\/san-pham\/phone-holder-for-phantom-3.html","og_locale":"en_US","og_type":"article","og_title":"Phone holder for Phantom 3 - sunnylife - Phantom accessorry - available.","og_description":"Phone holder for Phantom 3 is one of the most important accessory. Contact us to buy Phone holder for Phantom 3 for best price, fast shipping","og_url":"https:\/\/phukienflytech.vn\/en\/san-pham\/phone-holder-for-phantom-3.html","og_site_name":"Shop M\u00e1y \u1ea3nh - Action Camera - Gimbal - Flycam - Ph\u1ee5 ki\u1ec7n","article_publisher":"https:\/\/facebook.com\/phukienflycam","article_modified_time":"2020-10-14T11:25:21+00:00","og_image":[{"width":243,"height":243,"url":"https:\/\/phukienflytech.vn\/wp-content\/uploads\/2020\/05\/kap_340k.jpg","type":"image\/jpeg"}],"twitter_card":"summary_large_image","twitter_misc":{"Est. reading time":"2 minutes"},"schema":{"@context":"https:\/\/schema.org","@graph":[{"@type":"WebPage","@id":"https:\/\/phukienflytech.vn\/en\/san-pham\/phone-holder-for-phantom-3.html","url":"https:\/\/phukienflytech.vn\/en\/san-pham\/phone-holder-for-phantom-3.html","name":"Phone holder for Phantom 3 - sunnylife - Phantom accessorry - available.","isPartOf":{"@id":"https:\/\/phukienflytech.vn\/#website"},"primaryImageOfPage":{"@id":"https:\/\/phukienflytech.vn\/en\/san-pham\/phone-holder-for-phantom-3.html#primaryimage"},"image":{"@id":"https:\/\/phukienflytech.vn\/en\/san-pham\/phone-holder-for-phantom-3.html#primaryimage"},"thumbnailUrl":"https:\/\/phukienflytech.vn\/wp-content\/uploads\/2020\/05\/kap_340k.jpg","datePublished":"2020-06-22T07:05:25+00:00","dateModified":"2020-10-14T11:25:21+00:00","description":"Phone holder for Phantom 3 is one of the most important accessory. Contact us to buy Phone holder for Phantom 3 for best price, fast shipping","breadcrumb":{"@id":"https:\/\/phukienflytech.vn\/en\/san-pham\/phone-holder-for-phantom-3.html#breadcrumb"},"inLanguage":"en-US","potentialAction":[{"@type":"ReadAction","target":["https:\/\/phukienflytech.vn\/en\/san-pham\/phone-holder-for-phantom-3.html"]}]},{"@type":"ImageObject","inLanguage":"en-US","@id":"https:\/\/phukienflytech.vn\/en\/san-pham\/phone-holder-for-phantom-3.html#primaryimage","url":"https:\/\/phukienflytech.vn\/wp-content\/uploads\/2020\/05\/kap_340k.jpg","contentUrl":"https:\/\/phukienflytech.vn\/wp-content\/uploads\/2020\/05\/kap_340k.jpg","width":243,"height":243},{"@type":"BreadcrumbList","@id":"https:\/\/phukienflytech.vn\/en\/san-pham\/phone-holder-for-phantom-3.html#breadcrumb","itemListElement":[{"@type":"ListItem","position":1,"name":"Home","item":"https:\/\/phukienflytech.vn\/en"},{"@type":"ListItem","position":2,"name":"Ph\u1ee5 ki\u1ec7n Mavic Pro","item":"https:\/\/phukienflytech.vn\/en\/phu-kien-mavic-pro.html"},{"@type":"ListItem","position":3,"name":"DJI Osmo &amp; Drone's accessories","item":"https:\/\/phukienflytech.vn\/en\/danh-muc\/dji-osmo-drones-accessories.html"},{"@type":"ListItem","position":4,"name":"Ph\u1ee5 ki\u1ec7n flycam Phantom 3","item":"https:\/\/phukienflytech.vn\/en\/danh-muc\/phantom-3-accessory.html"},{"@type":"ListItem","position":5,"name":"Tablet and phone holder for Phantom 3 &#8211; Type A"}]},{"@type":"WebSite","@id":"https:\/\/phukienflytech.vn\/#website","url":"https:\/\/phukienflytech.vn\/","name":"Shop M\u00e1y \u1ea3nh - Action Camera - Gimbal - Flycam - Ph\u1ee5 ki\u1ec7n","description":"Shop M\u00e1y \u1ea3nh - Action Camera - Gimbal - Flycam - Ph\u1ee5 ki\u1ec7n","publisher":{"@id":"https:\/\/phukienflytech.vn\/#organization"},"potentialAction":[{"@type":"SearchAction","target":{"@type":"EntryPoint","urlTemplate":"https:\/\/phukienflytech.vn\/?s={search_term_string}"},"query-input":{"@type":"PropertyValueSpecification","valueRequired":true,"valueName":"search_term_string"}}],"inLanguage":"en-US"},{"@type":"Organization","@id":"https:\/\/phukienflytech.vn\/#organization","name":"DJI Store - Shop Drone, Action camera, Gimbal DJI |Phukienflytech","alternateName":"DJI Store - Shop Drone, Action camera, Gimbal DJI |Phukienflytech","url":"https:\/\/phukienflytech.vn\/","logo":{"@type":"ImageObject","inLanguage":"en-US","@id":"https:\/\/phukienflytech.vn\/#\/schema\/logo\/image\/","url":"https:\/\/phukienflytech.vn\/wp-content\/uploads\/2020\/05\/hAnh_nan.jpg1_.jpg","contentUrl":"https:\/\/phukienflytech.vn\/wp-content\/uploads\/2020\/05\/hAnh_nan.jpg1_.jpg","width":800,"height":450,"caption":"DJI Store - Shop Drone, Action camera, Gimbal DJI |Phukienflytech"},"image":{"@id":"https:\/\/phukienflytech.vn\/#\/schema\/logo\/image\/"},"sameAs":["https:\/\/facebook.com\/phukienflycam","https:\/\/www.youtube.com\/@phukienflytech","https:\/\/www.tiktok.com\/@flytech.channel?fbclid=IwY2xjawGjg7BleHRuA2FlbQIxMAABHYVGmlXpuSMs0UB2zTpYvyT4GMVfN2qJa4urF4vkSQ6FAVBwXZtDP30qQA_aem_UwMiDcUvlEbd2tXAmsc8Og"]}]}},"_links":{"self":[{"href":"https:\/\/phukienflytech.vn\/en\/wp-json\/wp\/v2\/product\/4121","targetHints":{"allow":["GET"]}}],"collection":[{"href":"https:\/\/phukienflytech.vn\/en\/wp-json\/wp\/v2\/product"}],"about":[{"href":"https:\/\/phukienflytech.vn\/en\/wp-json\/wp\/v2\/types\/product"}],"replies":[{"embeddable":true,"href":"https:\/\/phukienflytech.vn\/en\/wp-json\/wp\/v2\/comments?post=4121"}],"wp:featuredmedia":[{"embeddable":true,"href":"https:\/\/phukienflytech.vn\/en\/wp-json\/wp\/v2\/media\/16406"}],"wp:attachment":[{"href":"https:\/\/phukienflytech.vn\/en\/wp-json\/wp\/v2\/media?parent=4121"}],"wp:term":[{"taxonomy":"product_brand","embeddable":true,"href":"https:\/\/phukienflytech.vn\/en\/wp-json\/wp\/v2\/product_brand?post=4121"},{"taxonomy":"product_cat","embeddable":true,"href":"https:\/\/phukienflytech.vn\/en\/wp-json\/wp\/v2\/product_cat?post=4121"},{"taxonomy":"product_tag","embeddable":true,"href":"https:\/\/phukienflytech.vn\/en\/wp-json\/wp\/v2\/product_tag?post=4121"}],"curies":[{"name":"wp","href":"https:\/\/api.w.org\/{rel}","templated":true}]}}