{"id":4133,"date":"2020-06-18T14:17:31","date_gmt":"2020-06-18T07:17:31","guid":{"rendered":"http:\/\/27430.lamdx.vinawebsite.vn\/san-pham\/tay-giu-sunny-cho-phantom-3-quay-phim.html"},"modified":"2020-10-15T10:19:10","modified_gmt":"2020-10-15T03:19:10","slug":"phantom-3-handheld","status":"publish","type":"product","link":"https:\/\/phukienflytech.vn\/en\/san-pham\/phantom-3-handheld.html","title":{"rendered":"Phantom 3 Handheld"},"content":{"rendered":"<h2><em><strong><span style=\"color: #0000ff; font-size: 21px;\">Phantom 3 Handheld<\/span><\/strong><\/em><\/h2>\n<p><span style=\"font-size: 18px;\">Phantom 3 Handheld<\/span><\/p>\n<p><span style=\"font-size: 18px;\">B\u1ea1n \u0111ang ch\u01a1i flycam\u00a0<strong><span style=\"font-size: 18px;\">DJI Ph<\/span>antom 3<\/strong>\u00a0n\u00e0o?<\/span><\/p>\n<p><span style=\"font-size: 18px;\">B\u1ea1n \u0111\u00e3 c\u00f3 nh\u1eefng g\u00ec trong b\u1ed9 s\u01b0u t\u1eadp\u00a0ph\u1ee5 ki\u1ec7n\u00a0<strong>Phantom 3 \/pro \/advanced&#8230;<\/strong>\u00a0c\u1ee7a m\u00ecnh?<\/span><\/p>\n<p>&nbsp;<\/p>\n<p><span style=\"font-size: 18px;\"><img loading=\"lazy\" decoding=\"async\" class=\"alignnone wp-image-13308 size-full\" src=\"https:\/\/phukienflytech.vn\/wp-content\/uploads\/2020\/05\/tay-giu-sunny-cho-phantom-3-quay-phim-4128.png\" alt=\"Phantom-3-Handheld-1\" width=\"450\" height=\"395\" \/><\/span><\/p>\n<p>&nbsp;<\/p>\n<p><span style=\"font-size: 18px;\">V\u1edbi ch\u1ea5t l\u01b0\u1ee3ng\u00a0<strong>camera quay film 2,7K &#8211; 4K<\/strong>\u00a0c\u00f9ng s\u1ef1 h\u1ed7 tr\u1ee3 c\u1ee7a c\u1ee5m gimbal 3 tr\u1ee5c linh ho\u1ea1t v\u00e0 ho\u1ea1t \u0111\u1ed9ng si\u00eau m\u01b0\u1ee3t m\u00e0.\u00a0<\/span><\/p>\n<p><span style=\"font-size: 18px;\">Hi\u1ec7n c\u00f3 r\u1ea5t nhi\u1ec1u c\u00e1c option ph\u1ee5 ki\u1ec7n kh\u00e1c nhau r\u1ea5t c\u1ea7n thi\u1ebft cho flycam DJI\u00a0Phantom 4 v\u00e0 m\u1ed9t trong s\u1ed1 \u0111\u00f3 \u0111\u00e3 v\u00e0 \u0111ang \u0111\u01b0\u1ee3c \u01b0u ti\u00ean s\u1eed d\u1ee5ng l\u00e0\u00a0<strong>Tay gi\u1eef quay phim<\/strong><strong>.\u00a0<\/strong><\/span><\/p>\n<p><span style=\"font-size: 18px;\">H\u00e3y c\u00f9ng tham kh\u1ea3o c\u00e1c th\u00f4ng tin d\u01b0\u1edbi \u0111\u00e2y v\u1ec1 s\u1ea3n ph\u1ea9m<\/span><\/p>\n<p><span style=\"font-size: 18px;\">Do v\u1eady, nhu c\u1ea7u s\u1eed d\u1ee5ng ch\u00ednh chi\u1ebfc Phantom 3 \u0111\u1ec3 quay nh\u1eefng th\u01b0\u1edbc phim \u0111\u00f2i h\u1ecfi \u0111\u1ed9 n\u00e9t cao, m\u01b0\u1ee3t v\u00e0 chuy\u00ean nghi\u1ec7p. V\u1edbi nhu c\u1ea7u \u0111\u00f3, h\u00e3ng Sunnylife \u0111\u00e3 thi\u1ebft k\u1ebf m\u1ed9t lo\u1ea1i tay gi\u1eef mavic \u0111\u1ec3 \u0111\u00e1p \u1ee9ng nhu c\u1ea7u c\u00e1c filmer<\/span><\/p>\n<p>&nbsp;<\/p>\n<p><span style=\"font-size: 18px;\"><img loading=\"lazy\" decoding=\"async\" class=\"alignnone wp-image-13310 size-thumbnail\" src=\"https:\/\/phukienflytech.vn\/wp-content\/uploads\/2020\/05\/tay-giu-sunny-cho-phantom-3-quay-phim-4128-1-1-280x280.jpg\" alt=\"Phantom-3-Handheld\" width=\"280\" height=\"280\" srcset=\"https:\/\/phukienflytech.vn\/wp-content\/uploads\/2020\/05\/tay-giu-sunny-cho-phantom-3-quay-phim-4128-1-1-280x280.jpg 280w, https:\/\/phukienflytech.vn\/wp-content\/uploads\/2020\/05\/tay-giu-sunny-cho-phantom-3-quay-phim-4128-1-1-300x300.jpg 300w, https:\/\/phukienflytech.vn\/wp-content\/uploads\/2020\/05\/tay-giu-sunny-cho-phantom-3-quay-phim-4128-1-1-100x100.jpg 100w\" sizes=\"auto, (max-width: 280px) 100vw, 280px\" \/><\/span><\/p>\n<p>&nbsp;<\/p>\n<p><span style=\"font-size: 18px;\">Ch\u1ea5t li\u1ec7u: Nh\u1ef1a in 3D<\/span><\/p>\n<p><span style=\"font-size: 18px;\">.H\u00e3y \u0111\u1ec3\u00a0<a href=\"https:\/\/facebook.com\/phukienflycam\/\" target=\"_blank\" rel=\"noopener noreferrer\">Ph\u1ee5 Ki\u1ec7n Fly-cam Gi\u00e1 T\u1ed1t<\/a>\u00a0ti\u1ebfp s\u1ee9c \u0111am m\u00ea, c\u00f4ng vi\u1ec7c c\u1ee7a b\u1ea1n, gi\u00fap b\u1ea1n th\u00eam ni\u1ec1m h\u1ee9ng kh\u1edfi trong \u0111am m\u00ea c\u0169ng nh\u01b0 c\u00f4ng vi\u1ec7c c\u1ee7a m\u00ecnh th\u00eam su\u00f4n s\u1ebb<\/span><\/p>\n<p><span style=\"font-size: 18px;\">Nh\u00e0 s\u1ea3n xu\u1ea5t: Sunnylife &#8211; Vendor c\u1ee7a DJI v\u1ec1 cung c\u1ea5p ph\u1ee5 ki\u1ec7n<\/span><\/p>\n<p><span style=\"font-size: 18px;\">&gt;&gt; Contact us on: <a href=\"https:\/\/www.facebook.com\/phukienflycam\"><strong>Facebook<\/strong><\/a><\/span><\/p>\n<p><span style=\"font-size: 18px;\">&gt;&gt; Learn More : <a href=\"https:\/\/phukienflytech.vn\/danh-muc\/phu-kien-dji-phantom-3-series.html\"><strong>Phantom accessories<\/strong><\/a><\/span><\/p>\n","protected":false},"excerpt":{"rendered":"<p>Phantom 3 Handheld Phantom 3 Handheld B\u1ea1n \u0111ang ch\u01a1i flycam\u00a0DJI Phantom 3\u00a0n\u00e0o? B\u1ea1n \u0111\u00e3 c\u00f3 nh\u1eefng g\u00ec trong b\u1ed9 s\u01b0u t\u1eadp\u00a0ph\u1ee5 ki\u1ec7n\u00a0Phantom 3 \/pro \/advanced&#8230;\u00a0c\u1ee7a m\u00ecnh? &nbsp; &nbsp; V\u1edbi ch\u1ea5t l\u01b0\u1ee3ng\u00a0camera quay film 2,7K &#8211; 4K\u00a0c\u00f9ng s\u1ef1 h\u1ed7 tr\u1ee3 c\u1ee7a c\u1ee5m gimbal 3 tr\u1ee5c linh ho\u1ea1t v\u00e0 ho\u1ea1t \u0111\u1ed9ng si\u00eau m\u01b0\u1ee3t m\u00e0.\u00a0 Hi\u1ec7n c\u00f3 r\u1ea5t &#8230;<\/p>\n","protected":false},"featured_media":16402,"comment_status":"open","ping_status":"closed","template":"","meta":{"_acf_changed":false},"product_brand":[],"product_cat":[183],"product_tag":[206,245],"class_list":{"0":"post-4133","1":"product","2":"type-product","3":"status-publish","4":"has-post-thumbnail","6":"product_cat-phantom-3-accessory","7":"product_tag-phu-kien-dji-en","8":"product_tag-phu-kien-phantom-3-en","10":"first","11":"instock","12":"shipping-taxable","13":"purchasable","14":"product-type-simple"},"acf":[],"yoast_head":"<!-- This site is optimized with the Yoast SEO plugin v25.7 - https:\/\/yoast.com\/wordpress\/plugins\/seo\/ -->\n<title>Phantom 3 Handheld - Sunnylife - Phantom accessory - availalbe - orriginal<\/title>\n<meta name=\"description\" content=\"Phantom 3 Handheld is one of the most important accessory. Contact us to buy Phantom 3 Handheld for best price, fast shipping.\" \/>\n<meta name=\"robots\" content=\"index, follow, max-snippet:-1, max-image-preview:large, max-video-preview:-1\" \/>\n<link rel=\"canonical\" href=\"https:\/\/phukienflytech.vn\/en\/san-pham\/phantom-3-handheld.html\" \/>\n<meta property=\"og:locale\" content=\"en_US\" \/>\n<meta property=\"og:type\" content=\"article\" \/>\n<meta property=\"og:title\" content=\"Phantom 3 Handheld - Sunnylife - Phantom accessory - availalbe - orriginal\" \/>\n<meta property=\"og:description\" content=\"Phantom 3 Handheld is one of the most important accessory. Contact us to buy Phantom 3 Handheld for best price, fast shipping.\" \/>\n<meta property=\"og:url\" content=\"https:\/\/phukienflytech.vn\/en\/san-pham\/phantom-3-handheld.html\" \/>\n<meta property=\"og:site_name\" content=\"Shop M\u00e1y \u1ea3nh - Action Camera - Gimbal - Flycam - Ph\u1ee5 ki\u1ec7n\" \/>\n<meta property=\"article:publisher\" content=\"https:\/\/facebook.com\/phukienflycam\" \/>\n<meta property=\"article:modified_time\" content=\"2020-10-15T03:19:10+00:00\" \/>\n<meta property=\"og:image\" content=\"https:\/\/phukienflytech.vn\/wp-content\/uploads\/2020\/05\/tay_quay_pt3.jpg\" \/>\n\t<meta property=\"og:image:width\" content=\"243\" \/>\n\t<meta property=\"og:image:height\" content=\"243\" \/>\n\t<meta property=\"og:image:type\" content=\"image\/jpeg\" \/>\n<meta name=\"twitter:card\" content=\"summary_large_image\" \/>\n<meta name=\"twitter:label1\" content=\"Est. reading time\" \/>\n\t<meta name=\"twitter:data1\" content=\"1 minute\" \/>\n<script type=\"application\/ld+json\" class=\"yoast-schema-graph\">{\"@context\":\"https:\/\/schema.org\",\"@graph\":[{\"@type\":\"WebPage\",\"@id\":\"https:\/\/phukienflytech.vn\/en\/san-pham\/phantom-3-handheld.html\",\"url\":\"https:\/\/phukienflytech.vn\/en\/san-pham\/phantom-3-handheld.html\",\"name\":\"Phantom 3 Handheld - Sunnylife - Phantom accessory - availalbe - orriginal\",\"isPartOf\":{\"@id\":\"https:\/\/phukienflytech.vn\/#website\"},\"primaryImageOfPage\":{\"@id\":\"https:\/\/phukienflytech.vn\/en\/san-pham\/phantom-3-handheld.html#primaryimage\"},\"image\":{\"@id\":\"https:\/\/phukienflytech.vn\/en\/san-pham\/phantom-3-handheld.html#primaryimage\"},\"thumbnailUrl\":\"https:\/\/phukienflytech.vn\/wp-content\/uploads\/2020\/05\/tay_quay_pt3.jpg\",\"datePublished\":\"2020-06-18T07:17:31+00:00\",\"dateModified\":\"2020-10-15T03:19:10+00:00\",\"description\":\"Phantom 3 Handheld is one of the most important accessory. Contact us to buy Phantom 3 Handheld for best price, fast shipping.\",\"breadcrumb\":{\"@id\":\"https:\/\/phukienflytech.vn\/en\/san-pham\/phantom-3-handheld.html#breadcrumb\"},\"inLanguage\":\"en-US\",\"potentialAction\":[{\"@type\":\"ReadAction\",\"target\":[\"https:\/\/phukienflytech.vn\/en\/san-pham\/phantom-3-handheld.html\"]}]},{\"@type\":\"ImageObject\",\"inLanguage\":\"en-US\",\"@id\":\"https:\/\/phukienflytech.vn\/en\/san-pham\/phantom-3-handheld.html#primaryimage\",\"url\":\"https:\/\/phukienflytech.vn\/wp-content\/uploads\/2020\/05\/tay_quay_pt3.jpg\",\"contentUrl\":\"https:\/\/phukienflytech.vn\/wp-content\/uploads\/2020\/05\/tay_quay_pt3.jpg\",\"width\":243,\"height\":243},{\"@type\":\"BreadcrumbList\",\"@id\":\"https:\/\/phukienflytech.vn\/en\/san-pham\/phantom-3-handheld.html#breadcrumb\",\"itemListElement\":[{\"@type\":\"ListItem\",\"position\":1,\"name\":\"Home\",\"item\":\"https:\/\/phukienflytech.vn\/en\"},{\"@type\":\"ListItem\",\"position\":2,\"name\":\"Ph\u1ee5 ki\u1ec7n Mavic Pro\",\"item\":\"https:\/\/phukienflytech.vn\/en\/phu-kien-mavic-pro.html\"},{\"@type\":\"ListItem\",\"position\":3,\"name\":\"DJI Osmo &amp; Drone's accessories\",\"item\":\"https:\/\/phukienflytech.vn\/en\/danh-muc\/dji-osmo-drones-accessories.html\"},{\"@type\":\"ListItem\",\"position\":4,\"name\":\"Ph\u1ee5 ki\u1ec7n flycam Phantom 3\",\"item\":\"https:\/\/phukienflytech.vn\/en\/danh-muc\/phantom-3-accessory.html\"},{\"@type\":\"ListItem\",\"position\":5,\"name\":\"Phantom 3 Handheld\"}]},{\"@type\":\"WebSite\",\"@id\":\"https:\/\/phukienflytech.vn\/#website\",\"url\":\"https:\/\/phukienflytech.vn\/\",\"name\":\"Shop M\u00e1y \u1ea3nh - Action Camera - Gimbal - Flycam - Ph\u1ee5 ki\u1ec7n\",\"description\":\"Shop M\u00e1y \u1ea3nh - Action Camera - Gimbal - Flycam - Ph\u1ee5 ki\u1ec7n\",\"publisher\":{\"@id\":\"https:\/\/phukienflytech.vn\/#organization\"},\"potentialAction\":[{\"@type\":\"SearchAction\",\"target\":{\"@type\":\"EntryPoint\",\"urlTemplate\":\"https:\/\/phukienflytech.vn\/?s={search_term_string}\"},\"query-input\":{\"@type\":\"PropertyValueSpecification\",\"valueRequired\":true,\"valueName\":\"search_term_string\"}}],\"inLanguage\":\"en-US\"},{\"@type\":\"Organization\",\"@id\":\"https:\/\/phukienflytech.vn\/#organization\",\"name\":\"DJI Store - Shop Drone, Action camera, Gimbal DJI |Phukienflytech\",\"alternateName\":\"DJI Store - Shop Drone, Action camera, Gimbal DJI |Phukienflytech\",\"url\":\"https:\/\/phukienflytech.vn\/\",\"logo\":{\"@type\":\"ImageObject\",\"inLanguage\":\"en-US\",\"@id\":\"https:\/\/phukienflytech.vn\/#\/schema\/logo\/image\/\",\"url\":\"https:\/\/phukienflytech.vn\/wp-content\/uploads\/2020\/05\/hAnh_nan.jpg1_.jpg\",\"contentUrl\":\"https:\/\/phukienflytech.vn\/wp-content\/uploads\/2020\/05\/hAnh_nan.jpg1_.jpg\",\"width\":800,\"height\":450,\"caption\":\"DJI Store - Shop Drone, Action camera, Gimbal DJI |Phukienflytech\"},\"image\":{\"@id\":\"https:\/\/phukienflytech.vn\/#\/schema\/logo\/image\/\"},\"sameAs\":[\"https:\/\/facebook.com\/phukienflycam\",\"https:\/\/www.youtube.com\/@phukienflytech\",\"https:\/\/www.tiktok.com\/@flytech.channel?fbclid=IwY2xjawGjg7BleHRuA2FlbQIxMAABHYVGmlXpuSMs0UB2zTpYvyT4GMVfN2qJa4urF4vkSQ6FAVBwXZtDP30qQA_aem_UwMiDcUvlEbd2tXAmsc8Og\"]}]}<\/script>\n<!-- \/ Yoast SEO plugin. -->","yoast_head_json":{"title":"Phantom 3 Handheld - Sunnylife - Phantom accessory - availalbe - orriginal","description":"Phantom 3 Handheld is one of the most important accessory. Contact us to buy Phantom 3 Handheld for best price, fast shipping.","robots":{"index":"index","follow":"follow","max-snippet":"max-snippet:-1","max-image-preview":"max-image-preview:large","max-video-preview":"max-video-preview:-1"},"canonical":"https:\/\/phukienflytech.vn\/en\/san-pham\/phantom-3-handheld.html","og_locale":"en_US","og_type":"article","og_title":"Phantom 3 Handheld - Sunnylife - Phantom accessory - availalbe - orriginal","og_description":"Phantom 3 Handheld is one of the most important accessory. Contact us to buy Phantom 3 Handheld for best price, fast shipping.","og_url":"https:\/\/phukienflytech.vn\/en\/san-pham\/phantom-3-handheld.html","og_site_name":"Shop M\u00e1y \u1ea3nh - Action Camera - Gimbal - Flycam - Ph\u1ee5 ki\u1ec7n","article_publisher":"https:\/\/facebook.com\/phukienflycam","article_modified_time":"2020-10-15T03:19:10+00:00","og_image":[{"width":243,"height":243,"url":"https:\/\/phukienflytech.vn\/wp-content\/uploads\/2020\/05\/tay_quay_pt3.jpg","type":"image\/jpeg"}],"twitter_card":"summary_large_image","twitter_misc":{"Est. reading time":"1 minute"},"schema":{"@context":"https:\/\/schema.org","@graph":[{"@type":"WebPage","@id":"https:\/\/phukienflytech.vn\/en\/san-pham\/phantom-3-handheld.html","url":"https:\/\/phukienflytech.vn\/en\/san-pham\/phantom-3-handheld.html","name":"Phantom 3 Handheld - Sunnylife - Phantom accessory - availalbe - orriginal","isPartOf":{"@id":"https:\/\/phukienflytech.vn\/#website"},"primaryImageOfPage":{"@id":"https:\/\/phukienflytech.vn\/en\/san-pham\/phantom-3-handheld.html#primaryimage"},"image":{"@id":"https:\/\/phukienflytech.vn\/en\/san-pham\/phantom-3-handheld.html#primaryimage"},"thumbnailUrl":"https:\/\/phukienflytech.vn\/wp-content\/uploads\/2020\/05\/tay_quay_pt3.jpg","datePublished":"2020-06-18T07:17:31+00:00","dateModified":"2020-10-15T03:19:10+00:00","description":"Phantom 3 Handheld is one of the most important accessory. Contact us to buy Phantom 3 Handheld for best price, fast shipping.","breadcrumb":{"@id":"https:\/\/phukienflytech.vn\/en\/san-pham\/phantom-3-handheld.html#breadcrumb"},"inLanguage":"en-US","potentialAction":[{"@type":"ReadAction","target":["https:\/\/phukienflytech.vn\/en\/san-pham\/phantom-3-handheld.html"]}]},{"@type":"ImageObject","inLanguage":"en-US","@id":"https:\/\/phukienflytech.vn\/en\/san-pham\/phantom-3-handheld.html#primaryimage","url":"https:\/\/phukienflytech.vn\/wp-content\/uploads\/2020\/05\/tay_quay_pt3.jpg","contentUrl":"https:\/\/phukienflytech.vn\/wp-content\/uploads\/2020\/05\/tay_quay_pt3.jpg","width":243,"height":243},{"@type":"BreadcrumbList","@id":"https:\/\/phukienflytech.vn\/en\/san-pham\/phantom-3-handheld.html#breadcrumb","itemListElement":[{"@type":"ListItem","position":1,"name":"Home","item":"https:\/\/phukienflytech.vn\/en"},{"@type":"ListItem","position":2,"name":"Ph\u1ee5 ki\u1ec7n Mavic Pro","item":"https:\/\/phukienflytech.vn\/en\/phu-kien-mavic-pro.html"},{"@type":"ListItem","position":3,"name":"DJI Osmo &amp; Drone's accessories","item":"https:\/\/phukienflytech.vn\/en\/danh-muc\/dji-osmo-drones-accessories.html"},{"@type":"ListItem","position":4,"name":"Ph\u1ee5 ki\u1ec7n flycam Phantom 3","item":"https:\/\/phukienflytech.vn\/en\/danh-muc\/phantom-3-accessory.html"},{"@type":"ListItem","position":5,"name":"Phantom 3 Handheld"}]},{"@type":"WebSite","@id":"https:\/\/phukienflytech.vn\/#website","url":"https:\/\/phukienflytech.vn\/","name":"Shop M\u00e1y \u1ea3nh - Action Camera - Gimbal - Flycam - Ph\u1ee5 ki\u1ec7n","description":"Shop M\u00e1y \u1ea3nh - Action Camera - Gimbal - Flycam - Ph\u1ee5 ki\u1ec7n","publisher":{"@id":"https:\/\/phukienflytech.vn\/#organization"},"potentialAction":[{"@type":"SearchAction","target":{"@type":"EntryPoint","urlTemplate":"https:\/\/phukienflytech.vn\/?s={search_term_string}"},"query-input":{"@type":"PropertyValueSpecification","valueRequired":true,"valueName":"search_term_string"}}],"inLanguage":"en-US"},{"@type":"Organization","@id":"https:\/\/phukienflytech.vn\/#organization","name":"DJI Store - Shop Drone, Action camera, Gimbal DJI |Phukienflytech","alternateName":"DJI Store - Shop Drone, Action camera, Gimbal DJI |Phukienflytech","url":"https:\/\/phukienflytech.vn\/","logo":{"@type":"ImageObject","inLanguage":"en-US","@id":"https:\/\/phukienflytech.vn\/#\/schema\/logo\/image\/","url":"https:\/\/phukienflytech.vn\/wp-content\/uploads\/2020\/05\/hAnh_nan.jpg1_.jpg","contentUrl":"https:\/\/phukienflytech.vn\/wp-content\/uploads\/2020\/05\/hAnh_nan.jpg1_.jpg","width":800,"height":450,"caption":"DJI Store - Shop Drone, Action camera, Gimbal DJI |Phukienflytech"},"image":{"@id":"https:\/\/phukienflytech.vn\/#\/schema\/logo\/image\/"},"sameAs":["https:\/\/facebook.com\/phukienflycam","https:\/\/www.youtube.com\/@phukienflytech","https:\/\/www.tiktok.com\/@flytech.channel?fbclid=IwY2xjawGjg7BleHRuA2FlbQIxMAABHYVGmlXpuSMs0UB2zTpYvyT4GMVfN2qJa4urF4vkSQ6FAVBwXZtDP30qQA_aem_UwMiDcUvlEbd2tXAmsc8Og"]}]}},"_links":{"self":[{"href":"https:\/\/phukienflytech.vn\/en\/wp-json\/wp\/v2\/product\/4133","targetHints":{"allow":["GET"]}}],"collection":[{"href":"https:\/\/phukienflytech.vn\/en\/wp-json\/wp\/v2\/product"}],"about":[{"href":"https:\/\/phukienflytech.vn\/en\/wp-json\/wp\/v2\/types\/product"}],"replies":[{"embeddable":true,"href":"https:\/\/phukienflytech.vn\/en\/wp-json\/wp\/v2\/comments?post=4133"}],"wp:featuredmedia":[{"embeddable":true,"href":"https:\/\/phukienflytech.vn\/en\/wp-json\/wp\/v2\/media\/16402"}],"wp:attachment":[{"href":"https:\/\/phukienflytech.vn\/en\/wp-json\/wp\/v2\/media?parent=4133"}],"wp:term":[{"taxonomy":"product_brand","embeddable":true,"href":"https:\/\/phukienflytech.vn\/en\/wp-json\/wp\/v2\/product_brand?post=4133"},{"taxonomy":"product_cat","embeddable":true,"href":"https:\/\/phukienflytech.vn\/en\/wp-json\/wp\/v2\/product_cat?post=4133"},{"taxonomy":"product_tag","embeddable":true,"href":"https:\/\/phukienflytech.vn\/en\/wp-json\/wp\/v2\/product_tag?post=4133"}],"curies":[{"name":"wp","href":"https:\/\/api.w.org\/{rel}","templated":true}]}}