{"id":4139,"date":"2020-06-24T14:22:01","date_gmt":"2020-06-24T07:22:01","guid":{"rendered":"http:\/\/27430.lamdx.vinawebsite.vn\/san-pham\/sac-pin-phantom-3-tren-oto.html"},"modified":"2021-01-16T10:15:21","modified_gmt":"2021-01-16T03:15:21","slug":"phantom-3-car-charger","status":"publish","type":"product","link":"https:\/\/phukienflytech.vn\/en\/san-pham\/phantom-3-car-charger.html","title":{"rendered":"Phantom 3 car charger &#8211; Yxtech"},"content":{"rendered":"<h2><span style=\"color: #0000ff;\"><em><strong><span style=\"font-size: 21px;\">Phantom 3 car charger<\/span><\/strong><\/em><\/span><\/h2>\n<p><span style=\"font-size: 18px;\">Phantom 3 car charger<\/span><\/p>\n<p><span style=\"font-size: 18px;\">Hi\u1ec7n nay, nhu c\u1ea7u du l\u1ecbch tr\u00ean oto c\u00e1 nh\u00e2n, du l\u1ecbch r\u1ea5t th\u01b0\u1eddng xuy\u00ean tr\u00ean c\u00e1c qu\u00e3ng \u0111\u01b0\u1eddng d\u00e0i tr\u1edf l\u00ean m\u1ed9t ph\u1ed5 bi\u1ebfn.<\/span><\/p>\n<p>&nbsp;<\/p>\n<p><span style=\"font-size: 18px;\"><img loading=\"lazy\" decoding=\"async\" class=\"alignnone wp-image-13282 size-medium\" src=\"https:\/\/phukienflytech.vn\/wp-content\/uploads\/2020\/05\/sac-pin-phantom-3-tren-oto-4134-2-400x400.jpg\" alt=\"Phantom-3-car-charger-1\" width=\"400\" height=\"400\" srcset=\"https:\/\/phukienflytech.vn\/wp-content\/uploads\/2020\/05\/sac-pin-phantom-3-tren-oto-4134-2-400x400.jpg 400w, https:\/\/phukienflytech.vn\/wp-content\/uploads\/2020\/05\/sac-pin-phantom-3-tren-oto-4134-2-280x280.jpg 280w, https:\/\/phukienflytech.vn\/wp-content\/uploads\/2020\/05\/sac-pin-phantom-3-tren-oto-4134-2-300x300.jpg 300w, https:\/\/phukienflytech.vn\/wp-content\/uploads\/2020\/05\/sac-pin-phantom-3-tren-oto-4134-2-100x100.jpg 100w, https:\/\/phukienflytech.vn\/wp-content\/uploads\/2020\/05\/sac-pin-phantom-3-tren-oto-4134-2.jpg 450w\" sizes=\"auto, (max-width: 400px) 100vw, 400px\" \/><\/span><\/p>\n<p>&nbsp;<\/p>\n<p><span style=\"font-size: 18px;\">V\u00e0 m\u1ed7i ch\u00fang ta th\u01b0\u1eddng ch\u1ec9 c\u00f3 t\u1eeb 2-3 pin cho chi\u1ebfc Phantom c\u1ee7a m\u00ecnh, tr\u00ean su\u1ed1t qu\u00e3ng \u0111\u01b0\u1eddng di chuy\u1ec3n c\u00f3 bi\u1ebft bao c\u1ea3nh \u0111\u1eb9p m\u00e0 ta mu\u1ed1n cho flycam bay l\u00ean v\u00e0 ghi l\u1ea1i t\u1ea5t c\u1ea3 nh\u01b0ng khung c\u1ea3nh \u0111\u00f3.<\/span><\/p>\n<p>&nbsp;<\/p>\n<p><span style=\"font-size: 18px;\"><img loading=\"lazy\" decoding=\"async\" class=\"alignnone wp-image-13286 size-medium\" src=\"https:\/\/phukienflytech.vn\/wp-content\/uploads\/2020\/05\/sac-pin-phantom-3-tren-oto-4134-1-1-400x400.jpg\" alt=\"Phantom-3-car-charger\" width=\"400\" height=\"400\" srcset=\"https:\/\/phukienflytech.vn\/wp-content\/uploads\/2020\/05\/sac-pin-phantom-3-tren-oto-4134-1-1-400x400.jpg 400w, https:\/\/phukienflytech.vn\/wp-content\/uploads\/2020\/05\/sac-pin-phantom-3-tren-oto-4134-1-1-280x280.jpg 280w, https:\/\/phukienflytech.vn\/wp-content\/uploads\/2020\/05\/sac-pin-phantom-3-tren-oto-4134-1-1-300x300.jpg 300w, https:\/\/phukienflytech.vn\/wp-content\/uploads\/2020\/05\/sac-pin-phantom-3-tren-oto-4134-1-1-100x100.jpg 100w, https:\/\/phukienflytech.vn\/wp-content\/uploads\/2020\/05\/sac-pin-phantom-3-tren-oto-4134-1-1.jpg 450w\" sizes=\"auto, (max-width: 400px) 100vw, 400px\" \/><\/span><\/p>\n<p>&nbsp;<\/p>\n<p><span style=\"font-size: 18px;\">Tuy nhi\u00ean, dung l\u01b0\u1ee3ng pin ch\u00ednh l\u00e0 \u0111i\u1ec1u h\u1ea1n ch\u1ebf \u0111\u00f3 trong c\u00e1c chuy\u1ebfn \u0111i. Ta kh\u00f4ng th\u1ec3 t\u00ecm m\u1ed9t n\u01a1i s\u1ea1c pin v\u00e0 ng\u1ed3i \u0111\u1ee3i ch\u00fang \u0111\u1ea7y trong khi th\u1eddi gian th\u00ec c\u00f3 h\u1ea1n<\/span><\/p>\n<p><span style=\"font-size: 18px;\">Gi\u1ea3i ph\u00e1p l\u00e0 g\u00ec: S\u1ea1c pin ngay tr\u00ean ch\u00ednh chi\u1ebfc oto c\u1ee7a b\u1ea1n trong su\u1ed1t qu\u00e1 tr\u00ecnh di chuy\u1ec3n b\u1eb1ng\u00a0<strong>S\u1ea1c pin tr\u00ean oto<\/strong><\/span><\/p>\n<p><span style=\"font-size: 18px;\">S\u1ea1c pin v\u1edbi th\u1eddi gian t\u01b0\u01a1ng t\u1ef1 nh\u01b0 d\u00f9ng adapter c\u1ee7a m\u00e1y<\/span><\/p>\n<p><span style=\"font-size: 18px;\">Th\u00f4ng th\u01b0\u1eddng c\u00e1c Pilot c\u1ee7a Mavic Pro \u01b0u ti\u00ean s\u1eed d\u1ee5ng\u00a0<a href=\"http:\/\/phukienflytech.vn\/san-pham\/bo-sac-nhanh-phantom-3.html\" target=\"_blank\" rel=\"noopener noreferrer\">B\u1ed9 s\u1ea1c nhanh Phantom 3\u00a0<\/a>\u0111\u1ec3 ti\u1ebft ki\u1ec7m th\u1eddi gian t\u1ed1i \u0111a cho vi\u1ec7c s\u1ea1c t\u1edbi 3 c\u1ee5c pin, \u0111i\u1ec7n tho\u1ea1i v\u00e0 c\u1ea3 tay khi\u1ec3n<\/span><\/p>\n<p><span style=\"font-size: 18px;\">H\u00e3y \u0111\u1ec3\u00a0<a href=\"https:\/\/facebook.com\/phukienflycam\/\" target=\"_blank\" rel=\"noopener noreferrer\">Ph\u1ee5 Ki\u1ec7n Fly-cam Gi\u00e1 T\u1ed1t<\/a>\u00a0ti\u1ebfp s\u1ee9c \u0111am m\u00ea, c\u00f4ng vi\u1ec7c c\u1ee7a b\u1ea1n, gi\u00fap b\u1ea1n th\u00eam ni\u1ec1m h\u1ee9ng kh\u1edfi trong \u0111am m\u00ea c\u0169ng nh\u01b0 c\u00f4ng vi\u1ec7c c\u1ee7a m\u00ecnh th\u00eam su\u00f4n s\u1ebb<\/span><\/p>\n<p><span style=\"font-size: 18px;\">Nh\u00e0 s\u1ea3n xu\u1ea5t: Sunnylife &#8211; vendor cung c\u1ea5p ph\u1ee5 ki\u1ec7n c\u1ee7a DJI<\/span><\/p>\n<p>&nbsp;<\/p>\n","protected":false},"excerpt":{"rendered":"<p>Phantom 3 car charger Phantom 3 car charger Hi\u1ec7n nay, nhu c\u1ea7u du l\u1ecbch tr\u00ean oto c\u00e1 nh\u00e2n, du l\u1ecbch r\u1ea5t th\u01b0\u1eddng xuy\u00ean tr\u00ean c\u00e1c qu\u00e3ng \u0111\u01b0\u1eddng d\u00e0i tr\u1edf l\u00ean m\u1ed9t ph\u1ed5 bi\u1ebfn. &nbsp; &nbsp; V\u00e0 m\u1ed7i ch\u00fang ta th\u01b0\u1eddng ch\u1ec9 c\u00f3 t\u1eeb 2-3 pin cho chi\u1ebfc Phantom c\u1ee7a m\u00ecnh, tr\u00ean su\u1ed1t qu\u00e3ng \u0111\u01b0\u1eddng di &#8230;<\/p>\n","protected":false},"featured_media":16400,"comment_status":"open","ping_status":"closed","template":"","meta":{"_acf_changed":false},"product_brand":[],"product_cat":[183],"product_tag":[206,245],"class_list":{"0":"post-4139","1":"product","2":"type-product","3":"status-publish","4":"has-post-thumbnail","6":"product_cat-phantom-3-accessory","7":"product_tag-phu-kien-dji-en","8":"product_tag-phu-kien-phantom-3-en","10":"first","11":"instock","12":"sale","13":"shipping-taxable","14":"purchasable","15":"product-type-simple"},"acf":[],"yoast_head":"<!-- This site is optimized with the Yoast SEO plugin v25.7 - https:\/\/yoast.com\/wordpress\/plugins\/seo\/ -->\n<title>Phantom 3 car charger - Yxtech - Phantom 3 accessory - available.<\/title>\n<meta name=\"description\" content=\"Phantom 3 car charger is one of the most important accessory. Contact us to buy Phantom 3 car charger for best price, fast shipping .\" \/>\n<meta name=\"robots\" content=\"index, follow, max-snippet:-1, max-image-preview:large, max-video-preview:-1\" \/>\n<link rel=\"canonical\" href=\"https:\/\/phukienflytech.vn\/en\/san-pham\/phantom-3-car-charger.html\" \/>\n<meta property=\"og:locale\" content=\"en_US\" \/>\n<meta property=\"og:type\" content=\"article\" \/>\n<meta property=\"og:title\" content=\"Phantom 3 car charger - Yxtech - Phantom 3 accessory - available.\" \/>\n<meta property=\"og:description\" content=\"Phantom 3 car charger is one of the most important accessory. Contact us to buy Phantom 3 car charger for best price, fast shipping .\" \/>\n<meta property=\"og:url\" content=\"https:\/\/phukienflytech.vn\/en\/san-pham\/phantom-3-car-charger.html\" \/>\n<meta property=\"og:site_name\" content=\"Shop M\u00e1y \u1ea3nh - Action Camera - Gimbal - Flycam - Ph\u1ee5 ki\u1ec7n\" \/>\n<meta property=\"article:publisher\" content=\"https:\/\/facebook.com\/phukienflycam\" \/>\n<meta property=\"article:modified_time\" content=\"2021-01-16T03:15:21+00:00\" \/>\n<meta property=\"og:image\" content=\"https:\/\/phukienflytech.vn\/wp-content\/uploads\/2020\/05\/sac_oto_3.jpg\" \/>\n\t<meta property=\"og:image:width\" content=\"243\" \/>\n\t<meta property=\"og:image:height\" content=\"243\" \/>\n\t<meta property=\"og:image:type\" content=\"image\/jpeg\" \/>\n<meta name=\"twitter:card\" content=\"summary_large_image\" \/>\n<meta name=\"twitter:label1\" content=\"Est. reading time\" \/>\n\t<meta name=\"twitter:data1\" content=\"2 minutes\" \/>\n<script type=\"application\/ld+json\" class=\"yoast-schema-graph\">{\"@context\":\"https:\/\/schema.org\",\"@graph\":[{\"@type\":\"WebPage\",\"@id\":\"https:\/\/phukienflytech.vn\/en\/san-pham\/phantom-3-car-charger.html\",\"url\":\"https:\/\/phukienflytech.vn\/en\/san-pham\/phantom-3-car-charger.html\",\"name\":\"Phantom 3 car charger - Yxtech - Phantom 3 accessory - available.\",\"isPartOf\":{\"@id\":\"https:\/\/phukienflytech.vn\/#website\"},\"primaryImageOfPage\":{\"@id\":\"https:\/\/phukienflytech.vn\/en\/san-pham\/phantom-3-car-charger.html#primaryimage\"},\"image\":{\"@id\":\"https:\/\/phukienflytech.vn\/en\/san-pham\/phantom-3-car-charger.html#primaryimage\"},\"thumbnailUrl\":\"https:\/\/phukienflytech.vn\/wp-content\/uploads\/2020\/05\/sac_oto_3.jpg\",\"datePublished\":\"2020-06-24T07:22:01+00:00\",\"dateModified\":\"2021-01-16T03:15:21+00:00\",\"description\":\"Phantom 3 car charger is one of the most important accessory. Contact us to buy Phantom 3 car charger for best price, fast shipping .\",\"breadcrumb\":{\"@id\":\"https:\/\/phukienflytech.vn\/en\/san-pham\/phantom-3-car-charger.html#breadcrumb\"},\"inLanguage\":\"en-US\",\"potentialAction\":[{\"@type\":\"ReadAction\",\"target\":[\"https:\/\/phukienflytech.vn\/en\/san-pham\/phantom-3-car-charger.html\"]}]},{\"@type\":\"ImageObject\",\"inLanguage\":\"en-US\",\"@id\":\"https:\/\/phukienflytech.vn\/en\/san-pham\/phantom-3-car-charger.html#primaryimage\",\"url\":\"https:\/\/phukienflytech.vn\/wp-content\/uploads\/2020\/05\/sac_oto_3.jpg\",\"contentUrl\":\"https:\/\/phukienflytech.vn\/wp-content\/uploads\/2020\/05\/sac_oto_3.jpg\",\"width\":243,\"height\":243},{\"@type\":\"BreadcrumbList\",\"@id\":\"https:\/\/phukienflytech.vn\/en\/san-pham\/phantom-3-car-charger.html#breadcrumb\",\"itemListElement\":[{\"@type\":\"ListItem\",\"position\":1,\"name\":\"Home\",\"item\":\"https:\/\/phukienflytech.vn\/en\"},{\"@type\":\"ListItem\",\"position\":2,\"name\":\"Ph\u1ee5 ki\u1ec7n Mavic Pro\",\"item\":\"https:\/\/phukienflytech.vn\/en\/phu-kien-mavic-pro.html\"},{\"@type\":\"ListItem\",\"position\":3,\"name\":\"DJI Osmo &amp; Drone's accessories\",\"item\":\"https:\/\/phukienflytech.vn\/en\/danh-muc\/dji-osmo-drones-accessories.html\"},{\"@type\":\"ListItem\",\"position\":4,\"name\":\"Ph\u1ee5 ki\u1ec7n flycam Phantom 3\",\"item\":\"https:\/\/phukienflytech.vn\/en\/danh-muc\/phantom-3-accessory.html\"},{\"@type\":\"ListItem\",\"position\":5,\"name\":\"Phantom 3 car charger &#8211; Yxtech\"}]},{\"@type\":\"WebSite\",\"@id\":\"https:\/\/phukienflytech.vn\/#website\",\"url\":\"https:\/\/phukienflytech.vn\/\",\"name\":\"Shop M\u00e1y \u1ea3nh - Action Camera - Gimbal - Flycam - Ph\u1ee5 ki\u1ec7n\",\"description\":\"Shop M\u00e1y \u1ea3nh - Action Camera - Gimbal - Flycam - Ph\u1ee5 ki\u1ec7n\",\"publisher\":{\"@id\":\"https:\/\/phukienflytech.vn\/#organization\"},\"potentialAction\":[{\"@type\":\"SearchAction\",\"target\":{\"@type\":\"EntryPoint\",\"urlTemplate\":\"https:\/\/phukienflytech.vn\/?s={search_term_string}\"},\"query-input\":{\"@type\":\"PropertyValueSpecification\",\"valueRequired\":true,\"valueName\":\"search_term_string\"}}],\"inLanguage\":\"en-US\"},{\"@type\":\"Organization\",\"@id\":\"https:\/\/phukienflytech.vn\/#organization\",\"name\":\"DJI Store - Shop Drone, Action camera, Gimbal DJI |Phukienflytech\",\"alternateName\":\"DJI Store - Shop Drone, Action camera, Gimbal DJI |Phukienflytech\",\"url\":\"https:\/\/phukienflytech.vn\/\",\"logo\":{\"@type\":\"ImageObject\",\"inLanguage\":\"en-US\",\"@id\":\"https:\/\/phukienflytech.vn\/#\/schema\/logo\/image\/\",\"url\":\"https:\/\/phukienflytech.vn\/wp-content\/uploads\/2020\/05\/hAnh_nan.jpg1_.jpg\",\"contentUrl\":\"https:\/\/phukienflytech.vn\/wp-content\/uploads\/2020\/05\/hAnh_nan.jpg1_.jpg\",\"width\":800,\"height\":450,\"caption\":\"DJI Store - Shop Drone, Action camera, Gimbal DJI |Phukienflytech\"},\"image\":{\"@id\":\"https:\/\/phukienflytech.vn\/#\/schema\/logo\/image\/\"},\"sameAs\":[\"https:\/\/facebook.com\/phukienflycam\",\"https:\/\/www.youtube.com\/@phukienflytech\",\"https:\/\/www.tiktok.com\/@flytech.channel?fbclid=IwY2xjawGjg7BleHRuA2FlbQIxMAABHYVGmlXpuSMs0UB2zTpYvyT4GMVfN2qJa4urF4vkSQ6FAVBwXZtDP30qQA_aem_UwMiDcUvlEbd2tXAmsc8Og\"]}]}<\/script>\n<!-- \/ Yoast SEO plugin. -->","yoast_head_json":{"title":"Phantom 3 car charger - Yxtech - Phantom 3 accessory - available.","description":"Phantom 3 car charger is one of the most important accessory. Contact us to buy Phantom 3 car charger for best price, fast shipping .","robots":{"index":"index","follow":"follow","max-snippet":"max-snippet:-1","max-image-preview":"max-image-preview:large","max-video-preview":"max-video-preview:-1"},"canonical":"https:\/\/phukienflytech.vn\/en\/san-pham\/phantom-3-car-charger.html","og_locale":"en_US","og_type":"article","og_title":"Phantom 3 car charger - Yxtech - Phantom 3 accessory - available.","og_description":"Phantom 3 car charger is one of the most important accessory. Contact us to buy Phantom 3 car charger for best price, fast shipping .","og_url":"https:\/\/phukienflytech.vn\/en\/san-pham\/phantom-3-car-charger.html","og_site_name":"Shop M\u00e1y \u1ea3nh - Action Camera - Gimbal - Flycam - Ph\u1ee5 ki\u1ec7n","article_publisher":"https:\/\/facebook.com\/phukienflycam","article_modified_time":"2021-01-16T03:15:21+00:00","og_image":[{"width":243,"height":243,"url":"https:\/\/phukienflytech.vn\/wp-content\/uploads\/2020\/05\/sac_oto_3.jpg","type":"image\/jpeg"}],"twitter_card":"summary_large_image","twitter_misc":{"Est. reading time":"2 minutes"},"schema":{"@context":"https:\/\/schema.org","@graph":[{"@type":"WebPage","@id":"https:\/\/phukienflytech.vn\/en\/san-pham\/phantom-3-car-charger.html","url":"https:\/\/phukienflytech.vn\/en\/san-pham\/phantom-3-car-charger.html","name":"Phantom 3 car charger - Yxtech - Phantom 3 accessory - available.","isPartOf":{"@id":"https:\/\/phukienflytech.vn\/#website"},"primaryImageOfPage":{"@id":"https:\/\/phukienflytech.vn\/en\/san-pham\/phantom-3-car-charger.html#primaryimage"},"image":{"@id":"https:\/\/phukienflytech.vn\/en\/san-pham\/phantom-3-car-charger.html#primaryimage"},"thumbnailUrl":"https:\/\/phukienflytech.vn\/wp-content\/uploads\/2020\/05\/sac_oto_3.jpg","datePublished":"2020-06-24T07:22:01+00:00","dateModified":"2021-01-16T03:15:21+00:00","description":"Phantom 3 car charger is one of the most important accessory. Contact us to buy Phantom 3 car charger for best price, fast shipping .","breadcrumb":{"@id":"https:\/\/phukienflytech.vn\/en\/san-pham\/phantom-3-car-charger.html#breadcrumb"},"inLanguage":"en-US","potentialAction":[{"@type":"ReadAction","target":["https:\/\/phukienflytech.vn\/en\/san-pham\/phantom-3-car-charger.html"]}]},{"@type":"ImageObject","inLanguage":"en-US","@id":"https:\/\/phukienflytech.vn\/en\/san-pham\/phantom-3-car-charger.html#primaryimage","url":"https:\/\/phukienflytech.vn\/wp-content\/uploads\/2020\/05\/sac_oto_3.jpg","contentUrl":"https:\/\/phukienflytech.vn\/wp-content\/uploads\/2020\/05\/sac_oto_3.jpg","width":243,"height":243},{"@type":"BreadcrumbList","@id":"https:\/\/phukienflytech.vn\/en\/san-pham\/phantom-3-car-charger.html#breadcrumb","itemListElement":[{"@type":"ListItem","position":1,"name":"Home","item":"https:\/\/phukienflytech.vn\/en"},{"@type":"ListItem","position":2,"name":"Ph\u1ee5 ki\u1ec7n Mavic Pro","item":"https:\/\/phukienflytech.vn\/en\/phu-kien-mavic-pro.html"},{"@type":"ListItem","position":3,"name":"DJI Osmo &amp; Drone's accessories","item":"https:\/\/phukienflytech.vn\/en\/danh-muc\/dji-osmo-drones-accessories.html"},{"@type":"ListItem","position":4,"name":"Ph\u1ee5 ki\u1ec7n flycam Phantom 3","item":"https:\/\/phukienflytech.vn\/en\/danh-muc\/phantom-3-accessory.html"},{"@type":"ListItem","position":5,"name":"Phantom 3 car charger &#8211; Yxtech"}]},{"@type":"WebSite","@id":"https:\/\/phukienflytech.vn\/#website","url":"https:\/\/phukienflytech.vn\/","name":"Shop M\u00e1y \u1ea3nh - Action Camera - Gimbal - Flycam - Ph\u1ee5 ki\u1ec7n","description":"Shop M\u00e1y \u1ea3nh - Action Camera - Gimbal - Flycam - Ph\u1ee5 ki\u1ec7n","publisher":{"@id":"https:\/\/phukienflytech.vn\/#organization"},"potentialAction":[{"@type":"SearchAction","target":{"@type":"EntryPoint","urlTemplate":"https:\/\/phukienflytech.vn\/?s={search_term_string}"},"query-input":{"@type":"PropertyValueSpecification","valueRequired":true,"valueName":"search_term_string"}}],"inLanguage":"en-US"},{"@type":"Organization","@id":"https:\/\/phukienflytech.vn\/#organization","name":"DJI Store - Shop Drone, Action camera, Gimbal DJI |Phukienflytech","alternateName":"DJI Store - Shop Drone, Action camera, Gimbal DJI |Phukienflytech","url":"https:\/\/phukienflytech.vn\/","logo":{"@type":"ImageObject","inLanguage":"en-US","@id":"https:\/\/phukienflytech.vn\/#\/schema\/logo\/image\/","url":"https:\/\/phukienflytech.vn\/wp-content\/uploads\/2020\/05\/hAnh_nan.jpg1_.jpg","contentUrl":"https:\/\/phukienflytech.vn\/wp-content\/uploads\/2020\/05\/hAnh_nan.jpg1_.jpg","width":800,"height":450,"caption":"DJI Store - Shop Drone, Action camera, Gimbal DJI |Phukienflytech"},"image":{"@id":"https:\/\/phukienflytech.vn\/#\/schema\/logo\/image\/"},"sameAs":["https:\/\/facebook.com\/phukienflycam","https:\/\/www.youtube.com\/@phukienflytech","https:\/\/www.tiktok.com\/@flytech.channel?fbclid=IwY2xjawGjg7BleHRuA2FlbQIxMAABHYVGmlXpuSMs0UB2zTpYvyT4GMVfN2qJa4urF4vkSQ6FAVBwXZtDP30qQA_aem_UwMiDcUvlEbd2tXAmsc8Og"]}]}},"_links":{"self":[{"href":"https:\/\/phukienflytech.vn\/en\/wp-json\/wp\/v2\/product\/4139","targetHints":{"allow":["GET"]}}],"collection":[{"href":"https:\/\/phukienflytech.vn\/en\/wp-json\/wp\/v2\/product"}],"about":[{"href":"https:\/\/phukienflytech.vn\/en\/wp-json\/wp\/v2\/types\/product"}],"replies":[{"embeddable":true,"href":"https:\/\/phukienflytech.vn\/en\/wp-json\/wp\/v2\/comments?post=4139"}],"wp:featuredmedia":[{"embeddable":true,"href":"https:\/\/phukienflytech.vn\/en\/wp-json\/wp\/v2\/media\/16400"}],"wp:attachment":[{"href":"https:\/\/phukienflytech.vn\/en\/wp-json\/wp\/v2\/media?parent=4139"}],"wp:term":[{"taxonomy":"product_brand","embeddable":true,"href":"https:\/\/phukienflytech.vn\/en\/wp-json\/wp\/v2\/product_brand?post=4139"},{"taxonomy":"product_cat","embeddable":true,"href":"https:\/\/phukienflytech.vn\/en\/wp-json\/wp\/v2\/product_cat?post=4139"},{"taxonomy":"product_tag","embeddable":true,"href":"https:\/\/phukienflytech.vn\/en\/wp-json\/wp\/v2\/product_tag?post=4139"}],"curies":[{"name":"wp","href":"https:\/\/api.w.org\/{rel}","templated":true}]}}