{"id":4179,"date":"2020-06-17T15:20:23","date_gmt":"2020-06-17T08:20:23","guid":{"rendered":"http:\/\/27430.lamdx.vinawebsite.vn\/san-pham\/balo-cung-van-bong-phantom-34.html"},"modified":"2020-10-15T19:12:00","modified_gmt":"2020-10-15T12:12:00","slug":"original-backpack-phantom-3-4","status":"publish","type":"product","link":"https:\/\/phukienflytech.vn\/en\/san-pham\/original-backpack-phantom-3-4.html","title":{"rendered":"Original hard backpack for Phantom 3\/4 &#8211; Benchmarked Wooden"},"content":{"rendered":"<h2><span style=\"color: #0000ff;\"><em><strong><span style=\"font-size: 21px;\">Original Backpack Phantom 3\/4<\/span><\/strong><\/em><\/span><\/h2>\n<p><span style=\"font-size: 18px;\">Original Backpack Phantom 3\/4<\/span><\/p>\n<p><span style=\"font-size: 18px;\"><img loading=\"lazy\" decoding=\"async\" class=\"alignnone size-full wp-image-12255\" src=\"https:\/\/phukienflytech.vn\/wp-content\/uploads\/2020\/05\/khuech-song-phantom-3s-se-4172-3.jpg\" alt=\"\" width=\"450\" height=\"253\" \/><\/span><\/p>\n<p>&nbsp;<\/p>\n<p><span style=\"font-size: 18px;\">S\u1edf h\u1eefu cho m\u00ecnh m\u1ed9t chi\u1ebfc drone flycam DJI Phantom 3 hay 4 series c\u1ee7a h\u00e3ng DJI qu\u1ea3 th\u1ef1c b\u1ea1n s\u1ebd r\u1ea5t kh\u00f3 c\u00f3 th\u1ec3 t\u00ecm ra \u0111i\u1ec3m kh\u00f4ng h\u00e0i l\u00f2ng v\u1ec1 n\u00f3 ngay c\u1ea3 nh\u1eefng ng\u01b0\u1eddi ch\u01a1i kh\u00f3 t\u00ednh nh\u1ea5t. B\u1edfi s\u1ef1 an to\u00e0n khi bay, t\u00ednh \u1ed5n \u0111\u1ecbnh, s\u1ef1 th\u00f4ng minh c\u1ee7a thi\u1ebft b\u1ecb v\u00e0 s\u1ef1 h\u1ed7 tr\u1ee3 tuy\u1ec7t v\u1eddi c\u1ee7a c\u1ee5m gimbal \u0111\u00e3 gi\u00fap cho ch\u00fang ta c\u00f3 nh\u1eefng b\u1ee9c h\u00ecnh, th\u01b0\u1edbc phim tuy\u1ec7t v\u1eddi nh\u1ea5t.<\/span><\/p>\n<p>&nbsp;<\/p>\n<p><span style=\"font-size: 18px;\"><img loading=\"lazy\" decoding=\"async\" class=\"alignnone wp-image-12259 size-thumbnail\" src=\"https:\/\/phukienflytech.vn\/wp-content\/uploads\/2020\/05\/x-280x280.jpg\" alt=\"Original-Backpack-Phantom-3\/4-1\" width=\"280\" height=\"280\" srcset=\"https:\/\/phukienflytech.vn\/wp-content\/uploads\/2020\/05\/x-280x280.jpg 280w, https:\/\/phukienflytech.vn\/wp-content\/uploads\/2020\/05\/x-300x300.jpg 300w, https:\/\/phukienflytech.vn\/wp-content\/uploads\/2020\/05\/x-100x100.jpg 100w\" sizes=\"auto, (max-width: 280px) 100vw, 280px\" \/><\/span><\/p>\n<p>&nbsp;<\/p>\n<p><span style=\"font-size: 18px;\">V\u1edbi m\u1ed9t thi\u1ebft b\u1ecb c\u00f3 gi\u00e1 tr\u1ecb cao v\u1ec1 m\u1eb7t kinh t\u1ebf c\u0169ng nh\u01b0 l\u00e0 gi\u00e1 tr\u1ecb cao v\u1ec1 m\u1eb7t s\u1eed d\u1ee5ng th\u00ec vi\u1ec7c b\u1ea3o qu\u1ea3n v\u00e0 \u0111\u00f3ng g\u00f3i trong l\u00fac di chuy\u1ec3n v\u00f4 c\u00f9ng quan tr\u1ecdng. V\u00ec \u0111\u1ed3 \u0111i\u1ec7n t\u1eed v\u1edbi gi\u00e1 tr\u1ecb l\u1edbn lu\u00f4n ph\u1ea3i \u0111\u01b0\u1ee3c b\u1ea3o qu\u1ea3n, b\u1ea3o v\u1ec7 th\u1eadt k\u1ef9 v\u00e0 c\u1ea9n th\u1eadn n\u00ean h\u00e3y trang b\u1ecb ngay cho chi\u1ebfc flycam Phantom c\u1ee7a m\u00ecnh m\u1ed9t chi\u1ebfc balo c\u00f3 kh\u1ea3 n\u0103ng ch\u1ed1ng s\u1ed1c, ch\u1ed1ng n\u01b0\u1edbc th\u1eadt t\u1ed1t. Hi\u1ec7n nay c\u0169ng c\u00f3 r\u1ea5t nhi\u1ec1u lo\u1ea1i balo kh\u00e1c nhau cho Phantom DJI nh\u01b0:\u00a0<a href=\"http:\/\/phukienflytech.vn\/san-pham\/balo-mem-phantom-34.html\" target=\"_blank\" rel=\"noopener noreferrer\">Balo m\u1ec1m d\u00e0nh cho phantom<\/a>,\u00a0<a href=\"http:\/\/phukienflytech.vn\/san-pham\/balo-cung-dji-phantom-34.html\" target=\"_blank\" rel=\"noopener noreferrer\">Balo c\u1ee9ng s\u1ea7n ch\u00ednh h\u00e3ng DJI d\u00e0nh cho Phantom<\/a>,\u00a0<a href=\"http:\/\/phukienflytech.vn\/san-pham\/balo-vai-phantom-4.html\" target=\"_blank\" rel=\"noopener noreferrer\">Balo v\u1ea3i b\u1ecdc d\u00e0nh cho phantom 4<\/a>&#8230;<\/span><\/p>\n<p>&nbsp;<\/p>\n<p><span style=\"font-size: 18px;\"><img loading=\"lazy\" decoding=\"async\" class=\"alignnone wp-image-12257 size-thumbnail\" src=\"https:\/\/phukienflytech.vn\/wp-content\/uploads\/2020\/05\/khuech-song-phantom-3s-se-4172-2-1-280x280.jpg\" alt=\"Original-Backpack-Phantom-3\/4\" width=\"280\" height=\"280\" srcset=\"https:\/\/phukienflytech.vn\/wp-content\/uploads\/2020\/05\/khuech-song-phantom-3s-se-4172-2-1-280x280.jpg 280w, https:\/\/phukienflytech.vn\/wp-content\/uploads\/2020\/05\/khuech-song-phantom-3s-se-4172-2-1-300x300.jpg 300w, https:\/\/phukienflytech.vn\/wp-content\/uploads\/2020\/05\/khuech-song-phantom-3s-se-4172-2-1-100x100.jpg 100w\" sizes=\"auto, (max-width: 280px) 100vw, 280px\" \/><\/span><\/p>\n<p>&nbsp;<\/p>\n<h2><span style=\"font-size: 21px;\"><strong><span style=\"color: #0000ff;\">Chi ti\u1ebft v\u1ec1 balo c\u1ee9ng v\u00e2n b\u00f3ng:<\/span><\/strong><\/span><\/h2>\n<p><span style=\"font-size: 18px;\"><strong>Balo c\u1ee9ng v\u00e2n b\u00f3ng Phantom 3\/4<\/strong>\u00a0d\u00e0nh cho c\u00e1c \u0111\u1eddi phantom 2\/3\/4\/ series:<\/span><\/p>\n<p><span style=\"font-size: 18px;\">L\u00e0 lo\u1ea1i balo ch\u1ed1ng s\u1ed1c, ch\u1ed1ng n\u01b0\u1edbc.. c\u1ef1c k\u1ef3 t\u1ed1t<\/span><\/p>\n<p><span style=\"font-size: 18px;\">&#8211; B\u00ean ngo\u00e0i: v\u1ecf nh\u1ef1a si\u00eau c\u1ee9ng m\u1ecbn, v\u00e0 c\u00f3 \u0111\u1ed9 b\u00f3ng k\u1ebb v\u00e2n r\u1ea5t cao<\/span><\/p>\n<p><span style=\"font-size: 18px;\">M\u1eb7t ph\u00eda sau l\u00e0 l\u1edbp v\u1ea3i b\u1ecdc \u0111\u1ec7m m\u00fat t\u1ea1o c\u1ea3m gi\u00e1c tho\u1ea3i m\u00e1i, \u00eam \u00e1i khi \u0111eo l\u00ean.<\/span><\/p>\n<p><span style=\"font-size: 18px;\">&#8211; B\u00ean trong: l\u00e0 m\u1ed9t khu\u00f4n x\u1ed1p r\u1ea5t c\u1ee9ng \u0111\u01b0\u1ee3c ti\u1ec7n chi ti\u1ebft r\u1ea5t t\u1ec9 m\u1ec9 v\u00e0 c\u00f3 th\u1ec3 th\u00e1o ra<\/span><\/p>\n<p><span style=\"font-size: 18px;\">S\u1eed d\u1ee5ng balo l\u00e0 ph\u1ee5 ki\u1ec7n b\u1ea3o v\u1ec7 chi\u1ebfc flycam c\u1ee7a b\u1ea1n kh\u1ecfi c\u00e1c t\u00e1c \u0111\u1ed9ng b\u00ean ngo\u00e0i, \u0111em l\u1ea1i s\u1ef1 thu\u1eadn ti\u1ec7n trong qu\u00e1 tr\u00ecnh di chuy\u1ec3n&#8230;<\/span><\/p>\n<p><span style=\"font-size: 18px;\">H\u00e3y \u0111\u1ec3\u00a0<a href=\"https:\/\/facebook.com\/phukienflycam\/\" target=\"_blank\" rel=\"noopener noreferrer\">Ph\u1ee5 Ki\u1ec7n Fly-cam Gi\u00e1 T\u1ed1t<\/a>\u00a0ti\u1ebfp s\u1ee9c \u0111am m\u00ea, c\u00f4ng vi\u1ec7c c\u1ee7a b\u1ea1n, gi\u00fap b\u1ea1n th\u00eam ni\u1ec1m h\u1ee9ng kh\u1edfi trong \u0111am m\u00ea c\u0169ng nh\u01b0 c\u00f4ng vi\u1ec7c c\u1ee7a m\u00ecnh th\u00eam su\u00f4n s\u1ebb<\/span><\/p>\n<p><span style=\"font-size: 18px;\">Nh\u00e0 s\u1ea3n xu\u1ea5t : Sunnylife &#8211; vendor chuy\u00ean cung \u1ee9ng ph\u1ee5 ki\u1ec7n DJI<\/span><\/p>\n<p>&nbsp;<\/p>\n","protected":false},"excerpt":{"rendered":"<p>Original Backpack Phantom 3\/4 Original Backpack Phantom 3\/4 &nbsp; S\u1edf h\u1eefu cho m\u00ecnh m\u1ed9t chi\u1ebfc drone flycam DJI Phantom 3 hay 4 series c\u1ee7a h\u00e3ng DJI qu\u1ea3 th\u1ef1c b\u1ea1n s\u1ebd r\u1ea5t kh\u00f3 c\u00f3 th\u1ec3 t\u00ecm ra \u0111i\u1ec3m kh\u00f4ng h\u00e0i l\u00f2ng v\u1ec1 n\u00f3 ngay c\u1ea3 nh\u1eefng ng\u01b0\u1eddi ch\u01a1i kh\u00f3 t\u00ednh nh\u1ea5t. B\u1edfi s\u1ef1 an to\u00e0n khi &#8230;<\/p>\n","protected":false},"featured_media":16304,"comment_status":"open","ping_status":"closed","template":"","meta":{"_acf_changed":false},"product_brand":[],"product_cat":[183,182],"product_tag":[206,245,227],"class_list":{"0":"post-4179","1":"product","2":"type-product","3":"status-publish","4":"has-post-thumbnail","6":"product_cat-phantom-3-accessory","7":"product_cat-phantom-4-accessory","8":"product_tag-phu-kien-dji-en","9":"product_tag-phu-kien-phantom-3-en","10":"product_tag-phu-kien-phantom-4-en","12":"first","13":"outofstock","14":"shipping-taxable","15":"purchasable","16":"product-type-simple"},"acf":[],"yoast_head":"<!-- This site is optimized with the Yoast SEO plugin v25.7 - https:\/\/yoast.com\/wordpress\/plugins\/seo\/ -->\n<title>Original Backpack Phantom 3\/4 - DJI - Phantom accessory - available.<\/title>\n<meta name=\"description\" content=\"Original Backpack Phantom 3\/4 is one of the most important accessory. Contact us to buy Original Backpack Phantom 3\/4 for best price.\" \/>\n<meta name=\"robots\" content=\"index, follow, max-snippet:-1, max-image-preview:large, max-video-preview:-1\" \/>\n<link rel=\"canonical\" href=\"https:\/\/phukienflytech.vn\/en\/san-pham\/original-backpack-phantom-3-4.html\" \/>\n<meta property=\"og:locale\" content=\"en_US\" \/>\n<meta property=\"og:type\" content=\"article\" \/>\n<meta property=\"og:title\" content=\"Original Backpack Phantom 3\/4 - DJI - Phantom accessory - available.\" \/>\n<meta property=\"og:description\" content=\"Original Backpack Phantom 3\/4 is one of the most important accessory. Contact us to buy Original Backpack Phantom 3\/4 for best price.\" \/>\n<meta property=\"og:url\" content=\"https:\/\/phukienflytech.vn\/en\/san-pham\/original-backpack-phantom-3-4.html\" \/>\n<meta property=\"og:site_name\" content=\"Shop M\u00e1y \u1ea3nh - Action Camera - Gimbal - Flycam - Ph\u1ee5 ki\u1ec7n\" \/>\n<meta property=\"article:publisher\" content=\"https:\/\/facebook.com\/phukienflycam\" \/>\n<meta property=\"article:modified_time\" content=\"2020-10-15T12:12:00+00:00\" \/>\n<meta property=\"og:image\" content=\"https:\/\/phukienflytech.vn\/wp-content\/uploads\/2020\/05\/balo_dji_bAng.jpg\" \/>\n\t<meta property=\"og:image:width\" content=\"243\" \/>\n\t<meta property=\"og:image:height\" content=\"243\" \/>\n\t<meta property=\"og:image:type\" content=\"image\/jpeg\" \/>\n<meta name=\"twitter:card\" content=\"summary_large_image\" \/>\n<meta name=\"twitter:label1\" content=\"Est. reading time\" \/>\n\t<meta name=\"twitter:data1\" content=\"3 minutes\" \/>\n<script type=\"application\/ld+json\" class=\"yoast-schema-graph\">{\"@context\":\"https:\/\/schema.org\",\"@graph\":[{\"@type\":\"WebPage\",\"@id\":\"https:\/\/phukienflytech.vn\/en\/san-pham\/original-backpack-phantom-3-4.html\",\"url\":\"https:\/\/phukienflytech.vn\/en\/san-pham\/original-backpack-phantom-3-4.html\",\"name\":\"Original Backpack Phantom 3\/4 - DJI - Phantom accessory - available.\",\"isPartOf\":{\"@id\":\"https:\/\/phukienflytech.vn\/#website\"},\"primaryImageOfPage\":{\"@id\":\"https:\/\/phukienflytech.vn\/en\/san-pham\/original-backpack-phantom-3-4.html#primaryimage\"},\"image\":{\"@id\":\"https:\/\/phukienflytech.vn\/en\/san-pham\/original-backpack-phantom-3-4.html#primaryimage\"},\"thumbnailUrl\":\"https:\/\/phukienflytech.vn\/wp-content\/uploads\/2020\/05\/balo_dji_bAng.jpg\",\"datePublished\":\"2020-06-17T08:20:23+00:00\",\"dateModified\":\"2020-10-15T12:12:00+00:00\",\"description\":\"Original Backpack Phantom 3\/4 is one of the most important accessory. Contact us to buy Original Backpack Phantom 3\/4 for best price.\",\"breadcrumb\":{\"@id\":\"https:\/\/phukienflytech.vn\/en\/san-pham\/original-backpack-phantom-3-4.html#breadcrumb\"},\"inLanguage\":\"en-US\",\"potentialAction\":[{\"@type\":\"ReadAction\",\"target\":[\"https:\/\/phukienflytech.vn\/en\/san-pham\/original-backpack-phantom-3-4.html\"]}]},{\"@type\":\"ImageObject\",\"inLanguage\":\"en-US\",\"@id\":\"https:\/\/phukienflytech.vn\/en\/san-pham\/original-backpack-phantom-3-4.html#primaryimage\",\"url\":\"https:\/\/phukienflytech.vn\/wp-content\/uploads\/2020\/05\/balo_dji_bAng.jpg\",\"contentUrl\":\"https:\/\/phukienflytech.vn\/wp-content\/uploads\/2020\/05\/balo_dji_bAng.jpg\",\"width\":243,\"height\":243},{\"@type\":\"BreadcrumbList\",\"@id\":\"https:\/\/phukienflytech.vn\/en\/san-pham\/original-backpack-phantom-3-4.html#breadcrumb\",\"itemListElement\":[{\"@type\":\"ListItem\",\"position\":1,\"name\":\"Home\",\"item\":\"https:\/\/phukienflytech.vn\/en\"},{\"@type\":\"ListItem\",\"position\":2,\"name\":\"Ph\u1ee5 ki\u1ec7n Mavic Pro\",\"item\":\"https:\/\/phukienflytech.vn\/en\/phu-kien-mavic-pro.html\"},{\"@type\":\"ListItem\",\"position\":3,\"name\":\"Ph\u1ee5 ki\u1ec7n DJI - Osmo\",\"item\":\"https:\/\/phukienflytech.vn\/danh-muc\/phu-kien-dji-osmo.html\"},{\"@type\":\"ListItem\",\"position\":4,\"name\":\"Original hard backpack for Phantom 3\/4 &#8211; Benchmarked Wooden\"}]},{\"@type\":\"WebSite\",\"@id\":\"https:\/\/phukienflytech.vn\/#website\",\"url\":\"https:\/\/phukienflytech.vn\/\",\"name\":\"Shop M\u00e1y \u1ea3nh - Action Camera - Gimbal - Flycam - Ph\u1ee5 ki\u1ec7n\",\"description\":\"Shop M\u00e1y \u1ea3nh - Action Camera - Gimbal - Flycam - Ph\u1ee5 ki\u1ec7n\",\"publisher\":{\"@id\":\"https:\/\/phukienflytech.vn\/#organization\"},\"potentialAction\":[{\"@type\":\"SearchAction\",\"target\":{\"@type\":\"EntryPoint\",\"urlTemplate\":\"https:\/\/phukienflytech.vn\/?s={search_term_string}\"},\"query-input\":{\"@type\":\"PropertyValueSpecification\",\"valueRequired\":true,\"valueName\":\"search_term_string\"}}],\"inLanguage\":\"en-US\"},{\"@type\":\"Organization\",\"@id\":\"https:\/\/phukienflytech.vn\/#organization\",\"name\":\"DJI Store - Shop Drone, Action camera, Gimbal DJI |Phukienflytech\",\"alternateName\":\"DJI Store - Shop Drone, Action camera, Gimbal DJI |Phukienflytech\",\"url\":\"https:\/\/phukienflytech.vn\/\",\"logo\":{\"@type\":\"ImageObject\",\"inLanguage\":\"en-US\",\"@id\":\"https:\/\/phukienflytech.vn\/#\/schema\/logo\/image\/\",\"url\":\"https:\/\/phukienflytech.vn\/wp-content\/uploads\/2020\/05\/hAnh_nan.jpg1_.jpg\",\"contentUrl\":\"https:\/\/phukienflytech.vn\/wp-content\/uploads\/2020\/05\/hAnh_nan.jpg1_.jpg\",\"width\":800,\"height\":450,\"caption\":\"DJI Store - Shop Drone, Action camera, Gimbal DJI |Phukienflytech\"},\"image\":{\"@id\":\"https:\/\/phukienflytech.vn\/#\/schema\/logo\/image\/\"},\"sameAs\":[\"https:\/\/facebook.com\/phukienflycam\",\"https:\/\/www.youtube.com\/@phukienflytech\",\"https:\/\/www.tiktok.com\/@flytech.channel?fbclid=IwY2xjawGjg7BleHRuA2FlbQIxMAABHYVGmlXpuSMs0UB2zTpYvyT4GMVfN2qJa4urF4vkSQ6FAVBwXZtDP30qQA_aem_UwMiDcUvlEbd2tXAmsc8Og\"]}]}<\/script>\n<!-- \/ Yoast SEO plugin. -->","yoast_head_json":{"title":"Original Backpack Phantom 3\/4 - DJI - Phantom accessory - available.","description":"Original Backpack Phantom 3\/4 is one of the most important accessory. Contact us to buy Original Backpack Phantom 3\/4 for best price.","robots":{"index":"index","follow":"follow","max-snippet":"max-snippet:-1","max-image-preview":"max-image-preview:large","max-video-preview":"max-video-preview:-1"},"canonical":"https:\/\/phukienflytech.vn\/en\/san-pham\/original-backpack-phantom-3-4.html","og_locale":"en_US","og_type":"article","og_title":"Original Backpack Phantom 3\/4 - DJI - Phantom accessory - available.","og_description":"Original Backpack Phantom 3\/4 is one of the most important accessory. Contact us to buy Original Backpack Phantom 3\/4 for best price.","og_url":"https:\/\/phukienflytech.vn\/en\/san-pham\/original-backpack-phantom-3-4.html","og_site_name":"Shop M\u00e1y \u1ea3nh - Action Camera - Gimbal - Flycam - Ph\u1ee5 ki\u1ec7n","article_publisher":"https:\/\/facebook.com\/phukienflycam","article_modified_time":"2020-10-15T12:12:00+00:00","og_image":[{"width":243,"height":243,"url":"https:\/\/phukienflytech.vn\/wp-content\/uploads\/2020\/05\/balo_dji_bAng.jpg","type":"image\/jpeg"}],"twitter_card":"summary_large_image","twitter_misc":{"Est. reading time":"3 minutes"},"schema":{"@context":"https:\/\/schema.org","@graph":[{"@type":"WebPage","@id":"https:\/\/phukienflytech.vn\/en\/san-pham\/original-backpack-phantom-3-4.html","url":"https:\/\/phukienflytech.vn\/en\/san-pham\/original-backpack-phantom-3-4.html","name":"Original Backpack Phantom 3\/4 - DJI - Phantom accessory - available.","isPartOf":{"@id":"https:\/\/phukienflytech.vn\/#website"},"primaryImageOfPage":{"@id":"https:\/\/phukienflytech.vn\/en\/san-pham\/original-backpack-phantom-3-4.html#primaryimage"},"image":{"@id":"https:\/\/phukienflytech.vn\/en\/san-pham\/original-backpack-phantom-3-4.html#primaryimage"},"thumbnailUrl":"https:\/\/phukienflytech.vn\/wp-content\/uploads\/2020\/05\/balo_dji_bAng.jpg","datePublished":"2020-06-17T08:20:23+00:00","dateModified":"2020-10-15T12:12:00+00:00","description":"Original Backpack Phantom 3\/4 is one of the most important accessory. Contact us to buy Original Backpack Phantom 3\/4 for best price.","breadcrumb":{"@id":"https:\/\/phukienflytech.vn\/en\/san-pham\/original-backpack-phantom-3-4.html#breadcrumb"},"inLanguage":"en-US","potentialAction":[{"@type":"ReadAction","target":["https:\/\/phukienflytech.vn\/en\/san-pham\/original-backpack-phantom-3-4.html"]}]},{"@type":"ImageObject","inLanguage":"en-US","@id":"https:\/\/phukienflytech.vn\/en\/san-pham\/original-backpack-phantom-3-4.html#primaryimage","url":"https:\/\/phukienflytech.vn\/wp-content\/uploads\/2020\/05\/balo_dji_bAng.jpg","contentUrl":"https:\/\/phukienflytech.vn\/wp-content\/uploads\/2020\/05\/balo_dji_bAng.jpg","width":243,"height":243},{"@type":"BreadcrumbList","@id":"https:\/\/phukienflytech.vn\/en\/san-pham\/original-backpack-phantom-3-4.html#breadcrumb","itemListElement":[{"@type":"ListItem","position":1,"name":"Home","item":"https:\/\/phukienflytech.vn\/en"},{"@type":"ListItem","position":2,"name":"Ph\u1ee5 ki\u1ec7n Mavic Pro","item":"https:\/\/phukienflytech.vn\/en\/phu-kien-mavic-pro.html"},{"@type":"ListItem","position":3,"name":"Ph\u1ee5 ki\u1ec7n DJI - Osmo","item":"https:\/\/phukienflytech.vn\/danh-muc\/phu-kien-dji-osmo.html"},{"@type":"ListItem","position":4,"name":"Original hard backpack for Phantom 3\/4 &#8211; Benchmarked Wooden"}]},{"@type":"WebSite","@id":"https:\/\/phukienflytech.vn\/#website","url":"https:\/\/phukienflytech.vn\/","name":"Shop M\u00e1y \u1ea3nh - Action Camera - Gimbal - Flycam - Ph\u1ee5 ki\u1ec7n","description":"Shop M\u00e1y \u1ea3nh - Action Camera - Gimbal - Flycam - Ph\u1ee5 ki\u1ec7n","publisher":{"@id":"https:\/\/phukienflytech.vn\/#organization"},"potentialAction":[{"@type":"SearchAction","target":{"@type":"EntryPoint","urlTemplate":"https:\/\/phukienflytech.vn\/?s={search_term_string}"},"query-input":{"@type":"PropertyValueSpecification","valueRequired":true,"valueName":"search_term_string"}}],"inLanguage":"en-US"},{"@type":"Organization","@id":"https:\/\/phukienflytech.vn\/#organization","name":"DJI Store - Shop Drone, Action camera, Gimbal DJI |Phukienflytech","alternateName":"DJI Store - Shop Drone, Action camera, Gimbal DJI |Phukienflytech","url":"https:\/\/phukienflytech.vn\/","logo":{"@type":"ImageObject","inLanguage":"en-US","@id":"https:\/\/phukienflytech.vn\/#\/schema\/logo\/image\/","url":"https:\/\/phukienflytech.vn\/wp-content\/uploads\/2020\/05\/hAnh_nan.jpg1_.jpg","contentUrl":"https:\/\/phukienflytech.vn\/wp-content\/uploads\/2020\/05\/hAnh_nan.jpg1_.jpg","width":800,"height":450,"caption":"DJI Store - Shop Drone, Action camera, Gimbal DJI |Phukienflytech"},"image":{"@id":"https:\/\/phukienflytech.vn\/#\/schema\/logo\/image\/"},"sameAs":["https:\/\/facebook.com\/phukienflycam","https:\/\/www.youtube.com\/@phukienflytech","https:\/\/www.tiktok.com\/@flytech.channel?fbclid=IwY2xjawGjg7BleHRuA2FlbQIxMAABHYVGmlXpuSMs0UB2zTpYvyT4GMVfN2qJa4urF4vkSQ6FAVBwXZtDP30qQA_aem_UwMiDcUvlEbd2tXAmsc8Og"]}]}},"_links":{"self":[{"href":"https:\/\/phukienflytech.vn\/en\/wp-json\/wp\/v2\/product\/4179","targetHints":{"allow":["GET"]}}],"collection":[{"href":"https:\/\/phukienflytech.vn\/en\/wp-json\/wp\/v2\/product"}],"about":[{"href":"https:\/\/phukienflytech.vn\/en\/wp-json\/wp\/v2\/types\/product"}],"replies":[{"embeddable":true,"href":"https:\/\/phukienflytech.vn\/en\/wp-json\/wp\/v2\/comments?post=4179"}],"wp:featuredmedia":[{"embeddable":true,"href":"https:\/\/phukienflytech.vn\/en\/wp-json\/wp\/v2\/media\/16304"}],"wp:attachment":[{"href":"https:\/\/phukienflytech.vn\/en\/wp-json\/wp\/v2\/media?parent=4179"}],"wp:term":[{"taxonomy":"product_brand","embeddable":true,"href":"https:\/\/phukienflytech.vn\/en\/wp-json\/wp\/v2\/product_brand?post=4179"},{"taxonomy":"product_cat","embeddable":true,"href":"https:\/\/phukienflytech.vn\/en\/wp-json\/wp\/v2\/product_cat?post=4179"},{"taxonomy":"product_tag","embeddable":true,"href":"https:\/\/phukienflytech.vn\/en\/wp-json\/wp\/v2\/product_tag?post=4179"}],"curies":[{"name":"wp","href":"https:\/\/api.w.org\/{rel}","templated":true}]}}