{"id":4195,"date":"2020-06-22T15:49:42","date_gmt":"2020-06-22T08:49:42","guid":{"rendered":"http:\/\/27430.lamdx.vinawebsite.vn\/san-pham\/kep-phonetablet-phantom-3s-loai-c.html"},"modified":"2020-11-18T13:48:21","modified_gmt":"2020-11-18T06:48:21","slug":"tablet-phone-holder-phantom-3-2","status":"publish","type":"product","link":"https:\/\/phukienflytech.vn\/en\/san-pham\/tablet-phone-holder-phantom-3-2.html","title":{"rendered":"Tablet and phone holder for Phantom 3 &#8211; Type C"},"content":{"rendered":"<h2><span style=\"color: #0000ff;\"><em><strong><span style=\"font-size: 21px;\">Tablet phone holder Phantom 3<\/span><\/strong><\/em><\/span><\/h2>\n<p><span style=\"font-size: 18px;\">Tablet phone holder Phantom 3<\/span><\/p>\n<p><img loading=\"lazy\" decoding=\"async\" class=\"alignnone size-medium wp-image-20778\" src=\"https:\/\/phukienflytech.vn\/wp-content\/uploads\/2020\/06\/DJI-ZJ009-29-400x400.jpg\" alt=\"\" width=\"400\" height=\"400\" srcset=\"https:\/\/phukienflytech.vn\/wp-content\/uploads\/2020\/06\/DJI-ZJ009-29-400x400.jpg 400w, https:\/\/phukienflytech.vn\/wp-content\/uploads\/2020\/06\/DJI-ZJ009-29-800x800.jpg 800w, https:\/\/phukienflytech.vn\/wp-content\/uploads\/2020\/06\/DJI-ZJ009-29-280x280.jpg 280w, https:\/\/phukienflytech.vn\/wp-content\/uploads\/2020\/06\/DJI-ZJ009-29-768x768.jpg 768w, https:\/\/phukienflytech.vn\/wp-content\/uploads\/2020\/06\/DJI-ZJ009-29-300x300.jpg 300w, https:\/\/phukienflytech.vn\/wp-content\/uploads\/2020\/06\/DJI-ZJ009-29-600x600.jpg 600w, https:\/\/phukienflytech.vn\/wp-content\/uploads\/2020\/06\/DJI-ZJ009-29-100x100.jpg 100w, https:\/\/phukienflytech.vn\/wp-content\/uploads\/2020\/06\/DJI-ZJ009-29.jpg 900w\" sizes=\"auto, (max-width: 400px) 100vw, 400px\" \/><\/p>\n<p><span style=\"font-size: 18px;\">H\u00e3ng DJI lu\u00f4n mu\u1ed1n t\u1ed1i gi\u1ea3n h\u00f3a k\u00edch th\u01b0\u1edbc c\u0169ng nh\u01b0 s\u1ef1 g\u1ecdn nh\u1eb9 c\u1ee7a s\u1ea3n ph\u1ea9m c\u1ea3 trong khi di chuy\u1ec3n l\u1eabn khi s\u1eed d\u1ee5ng. \u0110\u1eb7c bi\u1ec7t l\u00e0 s\u1ef1 ti\u1ec7n d\u1ee5ng cho Pilot trong su\u1ed1t th\u1eddi gian \u0111i\u1ec1u khi\u1ec3n c\u1ee7a m\u00ecnh, do v\u1eady k\u1ec3 t\u1eeb th\u1ebf h\u1ec7 flycam<strong>\u00a0DJI Phantom 3<\/strong>\u00a0advanced tr\u1edf \u0111i, c\u00e1c \u0111\u1eddi Phantom \u0111\u1ec1u \u0111\u01b0\u1ee3c trang b\u1ecb chi\u1ebfc k\u1eb9p \u0111a n\u0103ng c\u00f3 th\u1ec3 gi\u1eef Smart phone t\u1edbi Tablet c\u00f3 size l\u1edbn<\/span><\/p>\n<p>&nbsp;<\/p>\n<p><img loading=\"lazy\" decoding=\"async\" class=\"alignnone size-medium wp-image-20774\" src=\"https:\/\/phukienflytech.vn\/wp-content\/uploads\/2020\/06\/DJI-ZJ009-22-400x400.jpg\" alt=\"\" width=\"400\" height=\"400\" srcset=\"https:\/\/phukienflytech.vn\/wp-content\/uploads\/2020\/06\/DJI-ZJ009-22-400x400.jpg 400w, https:\/\/phukienflytech.vn\/wp-content\/uploads\/2020\/06\/DJI-ZJ009-22-800x800.jpg 800w, https:\/\/phukienflytech.vn\/wp-content\/uploads\/2020\/06\/DJI-ZJ009-22-280x280.jpg 280w, https:\/\/phukienflytech.vn\/wp-content\/uploads\/2020\/06\/DJI-ZJ009-22-768x768.jpg 768w, https:\/\/phukienflytech.vn\/wp-content\/uploads\/2020\/06\/DJI-ZJ009-22-300x300.jpg 300w, https:\/\/phukienflytech.vn\/wp-content\/uploads\/2020\/06\/DJI-ZJ009-22-600x600.jpg 600w, https:\/\/phukienflytech.vn\/wp-content\/uploads\/2020\/06\/DJI-ZJ009-22-100x100.jpg 100w, https:\/\/phukienflytech.vn\/wp-content\/uploads\/2020\/06\/DJI-ZJ009-22.jpg 900w\" sizes=\"auto, (max-width: 400px) 100vw, 400px\" \/><\/p>\n<p>&nbsp;<\/p>\n<p><span style=\"font-size: 18px;\">\u0110\u01b0\u1ee3c thi\u1ebft k\u1ebf v\u1edbi m\u1ee5c \u0111\u00edch t\u1ea1o s\u1ef1 thu\u1eadn ti\u1ec7n c\u0169ng nh\u01b0 \u0111\u1ec3 support cho chi\u1ebfc Smart phone trong su\u1ed1t qu\u00e1 tr\u00ecnh s\u1eed d\u1ee5ng. \u0110\u1ed1i v\u1edbi nh\u1eefng Pilot c\u00f3 nhu c\u1ea7u s\u1eed d\u1ee5ng m\u00e1y t\u00ednh b\u1ea3ng, Ipad.. c\u00f3 k\u00edch th\u01b0\u1edbc m\u00e0n h\u00ecnh l\u1edbn h\u01a1n 6 &#8211; 9.7 inch th\u00ec l\u1ef1a ch\u1ecdn s\u1eed d\u1ee5ng chi\u1ebfc\u00a0<em><strong><a href=\"http:\/\/phukienflytech.vn\/san-pham\/kep-phonetablet-phantom-3s-loai-a.html\" target=\"_blank\" rel=\"noopener noreferrer\">K\u1eb9p gi\u1eef\u00a0 Phone \u00a0Phantom 3S &#8211; Type A<\/a>\u00a0<\/strong><\/em>l\u00e0 t\u1ed1i \u01b0u nh\u1ea5t. C\u00f2n b\u1ea1n, n\u1ebfu ch\u1ec9 nhu c\u1ea7u l\u00e0 s\u1eed d\u1ee5ng chi\u1ebfc Smartphone th\u00ec h\u00e3y l\u1ef1a ngay\u00a0<em><strong><a href=\"http:\/\/phukienflytech.vn\/san-pham\/kep-phonephantom-3s-loai-b.html\" target=\"_blank\" rel=\"noopener noreferrer\">K\u1eb9p type B<\/a><\/strong><\/em><\/span><\/p>\n<p><span style=\"font-size: 18px;\"><strong>Xem c\u00e1ch h\u01b0\u1edbng d\u1eabn c\u00e1ch l\u1eafp chi\u1ebfc k\u1eb9p type C n\u00e0y nh\u00e9 !<\/strong><\/span><\/p>\n<p>&nbsp;<\/p>\n<p><span style=\"font-size: 18px;\"><em><strong><iframe loading=\"lazy\" src=\"https:\/\/www.youtube.com\/embed\/fE4gTRU6WrQ\" width=\"600\" height=\"400\" allowfullscreen=\"allowfullscreen\" data-mce-fragment=\"1\"><\/iframe><\/strong><\/em><\/span><\/p>\n<p>&nbsp;<\/p>\n<p><span style=\"font-size: 18px;\"><img loading=\"lazy\" decoding=\"async\" class=\"alignnone wp-image-13227 size-medium\" src=\"https:\/\/phukienflytech.vn\/wp-content\/uploads\/2020\/05\/kep-phone-tablet-phantom-3s-loai-c-4188-1-1-400x400.jpg\" alt=\"Tablet-phone-holder-Phantom-3-1\" width=\"400\" height=\"400\" srcset=\"https:\/\/phukienflytech.vn\/wp-content\/uploads\/2020\/05\/kep-phone-tablet-phantom-3s-loai-c-4188-1-1-400x400.jpg 400w, https:\/\/phukienflytech.vn\/wp-content\/uploads\/2020\/05\/kep-phone-tablet-phantom-3s-loai-c-4188-1-1-280x280.jpg 280w, https:\/\/phukienflytech.vn\/wp-content\/uploads\/2020\/05\/kep-phone-tablet-phantom-3s-loai-c-4188-1-1-300x300.jpg 300w, https:\/\/phukienflytech.vn\/wp-content\/uploads\/2020\/05\/kep-phone-tablet-phantom-3s-loai-c-4188-1-1-100x100.jpg 100w, https:\/\/phukienflytech.vn\/wp-content\/uploads\/2020\/05\/kep-phone-tablet-phantom-3s-loai-c-4188-1-1.jpg 450w\" sizes=\"auto, (max-width: 400px) 100vw, 400px\" \/><\/span><\/p>\n<p>&nbsp;<\/p>\n<p><span style=\"font-size: 18px;\">Nh\u1eb1m h\u1ed7 tr\u1ee3 thay \u0111\u1ed5i di\u1ec7n m\u1ea1o c\u0169ng nh\u01b0 t\u00ednh ti\u1ec7n nghi v\u00e0 \u0111\u00e1p \u1ee9ng \u0111\u01b0\u1ee3c nhu c\u1ea7u \u00a0s\u1eed d\u1ee5ng smart-phone c\u00f3 k\u00edch th\u01b0\u1edbc l\u1edbn \u00a0\u0111\u1ec3 quan s\u00e1t tr\u1ef1c ti\u1ebfp h\u00ecnh \u1ea3nh, Sunnylife \u0111\u00e3 thi\u1ebft k\u1ebf chi\u1ebfc k\u1eb9p Phone d\u1ef1a tr\u00ean phi\u00ean b\u1ea3n c\u1ee7a c\u00e1c d\u00f2ng flycam Phantom \u0111\u1eddi sau nh\u01b0:<\/span><\/p>\n<p><span style=\"font-size: 18px;\">K\u00edch th\u01b0\u1edbc phone \/ tablet :\u00a0<em>\u00a0<u>t\u1eeb 4 &#8211; 12 inch<\/u><\/em><\/span><\/p>\n<p><span style=\"font-size: 18px;\">\u0110\u01b0\u1ee3c thi\u1ebft k\u1ebf r\u1ea5t ch\u1eafc ch\u1eafn, g\u1eadp linh ho\u1ea1t, ki\u1ec3u d\u00e1ng m\u1edbi theo phong c\u00e1ch th\u1ebf h\u1ec7 flycam m\u1edbi.<\/span><\/p>\n<p>&nbsp;<\/p>\n<p><span style=\"font-size: 18px;\"><img loading=\"lazy\" decoding=\"async\" class=\"alignnone wp-image-13230 size-medium\" src=\"https:\/\/phukienflytech.vn\/wp-content\/uploads\/2020\/05\/kep-phone-tablet-phantom-3s-loai-c-4188-2-1-400x400.jpg\" alt=\"Tablet-phone-holder-Phantom-3\" width=\"400\" height=\"400\" srcset=\"https:\/\/phukienflytech.vn\/wp-content\/uploads\/2020\/05\/kep-phone-tablet-phantom-3s-loai-c-4188-2-1-400x400.jpg 400w, https:\/\/phukienflytech.vn\/wp-content\/uploads\/2020\/05\/kep-phone-tablet-phantom-3s-loai-c-4188-2-1-280x280.jpg 280w, https:\/\/phukienflytech.vn\/wp-content\/uploads\/2020\/05\/kep-phone-tablet-phantom-3s-loai-c-4188-2-1-300x300.jpg 300w, https:\/\/phukienflytech.vn\/wp-content\/uploads\/2020\/05\/kep-phone-tablet-phantom-3s-loai-c-4188-2-1-100x100.jpg 100w, https:\/\/phukienflytech.vn\/wp-content\/uploads\/2020\/05\/kep-phone-tablet-phantom-3s-loai-c-4188-2-1.jpg 450w\" sizes=\"auto, (max-width: 400px) 100vw, 400px\" \/><\/span><\/p>\n<p>&nbsp;<\/p>\n<p><span style=\"font-size: 18px;\">H\u00e3y \u0111\u1ec3\u00a0<strong><a href=\"https:\/\/facebook.com\/phukienflycam\/\">Ph\u1ee5 Ki\u1ec7n Fly-cam Gi\u00e1 T\u1ed1t<\/a><\/strong>\u00a0ti\u1ebfp s\u1ee9c \u0111am m\u00ea, c\u00f4ng vi\u1ec7c c\u1ee7a b\u1ea1n, gi\u00fap b\u1ea1n th\u00eam ni\u1ec1m h\u1ee9ng kh\u1edfi trong \u0111am m\u00ea c\u0169ng nh\u01b0 c\u00f4ng vi\u1ec7c c\u1ee7a m\u00ecnh th\u00eam su\u00f4n s\u1ebb<\/span><\/p>\n<p><span style=\"font-size: 18px;\">Nh\u00e0 s\u1ea3n xu\u1ea5t: Sunnylife \u2013 Vendor c\u1ee7a DJI v\u1ec1 cung c\u1ea5p ph\u1ee5 ki\u1ec7n<\/span><\/p>\n<p>&nbsp;<\/p>\n","protected":false},"excerpt":{"rendered":"<p>Tablet phone holder Phantom 3 Tablet phone holder Phantom 3 H\u00e3ng DJI lu\u00f4n mu\u1ed1n t\u1ed1i gi\u1ea3n h\u00f3a k\u00edch th\u01b0\u1edbc c\u0169ng nh\u01b0 s\u1ef1 g\u1ecdn nh\u1eb9 c\u1ee7a s\u1ea3n ph\u1ea9m c\u1ea3 trong khi di chuy\u1ec3n l\u1eabn khi s\u1eed d\u1ee5ng. \u0110\u1eb7c bi\u1ec7t l\u00e0 s\u1ef1 ti\u1ec7n d\u1ee5ng cho Pilot trong su\u1ed1t th\u1eddi gian \u0111i\u1ec1u khi\u1ec3n c\u1ee7a m\u00ecnh, do v\u1eady k\u1ec3 &#8230;<\/p>\n","protected":false},"featured_media":20780,"comment_status":"open","ping_status":"closed","template":"","meta":{"_acf_changed":false},"product_brand":[],"product_cat":[183],"product_tag":[206,245],"class_list":{"0":"post-4195","1":"product","2":"type-product","3":"status-publish","4":"has-post-thumbnail","6":"product_cat-phantom-3-accessory","7":"product_tag-phu-kien-dji-en","8":"product_tag-phu-kien-phantom-3-en","10":"first","11":"instock","12":"sale","13":"shipping-taxable","14":"purchasable","15":"product-type-simple"},"acf":[],"yoast_head":"<!-- This site is optimized with the Yoast SEO plugin v25.7 - https:\/\/yoast.com\/wordpress\/plugins\/seo\/ -->\n<title>Tablet phone holder Phantom 3 - Sunnylife - Phantom 3 accessory.<\/title>\n<meta name=\"description\" content=\"Tablet phone holder Phantom 3 is one of the most important accessory. Contact us to buy Tablet phone holder Phantom 3 for best price.\" \/>\n<meta name=\"robots\" content=\"index, follow, max-snippet:-1, max-image-preview:large, max-video-preview:-1\" \/>\n<link rel=\"canonical\" href=\"https:\/\/phukienflytech.vn\/en\/san-pham\/tablet-phone-holder-phantom-3-2.html\" \/>\n<meta property=\"og:locale\" content=\"en_US\" \/>\n<meta property=\"og:type\" content=\"article\" \/>\n<meta property=\"og:title\" content=\"Tablet phone holder Phantom 3 - Sunnylife - Phantom 3 accessory.\" \/>\n<meta property=\"og:description\" content=\"Tablet phone holder Phantom 3 is one of the most important accessory. Contact us to buy Tablet phone holder Phantom 3 for best price.\" \/>\n<meta property=\"og:url\" content=\"https:\/\/phukienflytech.vn\/en\/san-pham\/tablet-phone-holder-phantom-3-2.html\" \/>\n<meta property=\"og:site_name\" content=\"Shop M\u00e1y \u1ea3nh - Action Camera - Gimbal - Flycam - Ph\u1ee5 ki\u1ec7n\" \/>\n<meta property=\"article:publisher\" content=\"https:\/\/facebook.com\/phukienflycam\" \/>\n<meta property=\"article:modified_time\" content=\"2020-11-18T06:48:21+00:00\" \/>\n<meta property=\"og:image\" content=\"https:\/\/phukienflytech.vn\/wp-content\/uploads\/2020\/06\/DJI-ZJ009-26.jpg\" \/>\n\t<meta property=\"og:image:width\" content=\"900\" \/>\n\t<meta property=\"og:image:height\" content=\"900\" \/>\n\t<meta property=\"og:image:type\" content=\"image\/jpeg\" \/>\n<meta name=\"twitter:card\" content=\"summary_large_image\" \/>\n<meta name=\"twitter:label1\" content=\"Est. reading time\" \/>\n\t<meta name=\"twitter:data1\" content=\"2 minutes\" \/>\n<script type=\"application\/ld+json\" class=\"yoast-schema-graph\">{\"@context\":\"https:\/\/schema.org\",\"@graph\":[{\"@type\":\"WebPage\",\"@id\":\"https:\/\/phukienflytech.vn\/en\/san-pham\/tablet-phone-holder-phantom-3-2.html\",\"url\":\"https:\/\/phukienflytech.vn\/en\/san-pham\/tablet-phone-holder-phantom-3-2.html\",\"name\":\"Tablet phone holder Phantom 3 - Sunnylife - Phantom 3 accessory.\",\"isPartOf\":{\"@id\":\"https:\/\/phukienflytech.vn\/#website\"},\"primaryImageOfPage\":{\"@id\":\"https:\/\/phukienflytech.vn\/en\/san-pham\/tablet-phone-holder-phantom-3-2.html#primaryimage\"},\"image\":{\"@id\":\"https:\/\/phukienflytech.vn\/en\/san-pham\/tablet-phone-holder-phantom-3-2.html#primaryimage\"},\"thumbnailUrl\":\"https:\/\/phukienflytech.vn\/wp-content\/uploads\/2020\/06\/DJI-ZJ009-26.jpg\",\"datePublished\":\"2020-06-22T08:49:42+00:00\",\"dateModified\":\"2020-11-18T06:48:21+00:00\",\"description\":\"Tablet phone holder Phantom 3 is one of the most important accessory. Contact us to buy Tablet phone holder Phantom 3 for best price.\",\"breadcrumb\":{\"@id\":\"https:\/\/phukienflytech.vn\/en\/san-pham\/tablet-phone-holder-phantom-3-2.html#breadcrumb\"},\"inLanguage\":\"en-US\",\"potentialAction\":[{\"@type\":\"ReadAction\",\"target\":[\"https:\/\/phukienflytech.vn\/en\/san-pham\/tablet-phone-holder-phantom-3-2.html\"]}]},{\"@type\":\"ImageObject\",\"inLanguage\":\"en-US\",\"@id\":\"https:\/\/phukienflytech.vn\/en\/san-pham\/tablet-phone-holder-phantom-3-2.html#primaryimage\",\"url\":\"https:\/\/phukienflytech.vn\/wp-content\/uploads\/2020\/06\/DJI-ZJ009-26.jpg\",\"contentUrl\":\"https:\/\/phukienflytech.vn\/wp-content\/uploads\/2020\/06\/DJI-ZJ009-26.jpg\",\"width\":900,\"height\":900},{\"@type\":\"BreadcrumbList\",\"@id\":\"https:\/\/phukienflytech.vn\/en\/san-pham\/tablet-phone-holder-phantom-3-2.html#breadcrumb\",\"itemListElement\":[{\"@type\":\"ListItem\",\"position\":1,\"name\":\"Home\",\"item\":\"https:\/\/phukienflytech.vn\/en\"},{\"@type\":\"ListItem\",\"position\":2,\"name\":\"Ph\u1ee5 ki\u1ec7n Mavic Pro\",\"item\":\"https:\/\/phukienflytech.vn\/en\/phu-kien-mavic-pro.html\"},{\"@type\":\"ListItem\",\"position\":3,\"name\":\"DJI Osmo &amp; Drone's accessories\",\"item\":\"https:\/\/phukienflytech.vn\/en\/danh-muc\/dji-osmo-drones-accessories.html\"},{\"@type\":\"ListItem\",\"position\":4,\"name\":\"Ph\u1ee5 ki\u1ec7n flycam Phantom 3\",\"item\":\"https:\/\/phukienflytech.vn\/en\/danh-muc\/phantom-3-accessory.html\"},{\"@type\":\"ListItem\",\"position\":5,\"name\":\"Tablet and phone holder for Phantom 3 &#8211; Type C\"}]},{\"@type\":\"WebSite\",\"@id\":\"https:\/\/phukienflytech.vn\/#website\",\"url\":\"https:\/\/phukienflytech.vn\/\",\"name\":\"Shop M\u00e1y \u1ea3nh - Action Camera - Gimbal - Flycam - Ph\u1ee5 ki\u1ec7n\",\"description\":\"Shop M\u00e1y \u1ea3nh - Action Camera - Gimbal - Flycam - Ph\u1ee5 ki\u1ec7n\",\"publisher\":{\"@id\":\"https:\/\/phukienflytech.vn\/#organization\"},\"potentialAction\":[{\"@type\":\"SearchAction\",\"target\":{\"@type\":\"EntryPoint\",\"urlTemplate\":\"https:\/\/phukienflytech.vn\/?s={search_term_string}\"},\"query-input\":{\"@type\":\"PropertyValueSpecification\",\"valueRequired\":true,\"valueName\":\"search_term_string\"}}],\"inLanguage\":\"en-US\"},{\"@type\":\"Organization\",\"@id\":\"https:\/\/phukienflytech.vn\/#organization\",\"name\":\"DJI Store - Shop Drone, Action camera, Gimbal DJI |Phukienflytech\",\"alternateName\":\"DJI Store - Shop Drone, Action camera, Gimbal DJI |Phukienflytech\",\"url\":\"https:\/\/phukienflytech.vn\/\",\"logo\":{\"@type\":\"ImageObject\",\"inLanguage\":\"en-US\",\"@id\":\"https:\/\/phukienflytech.vn\/#\/schema\/logo\/image\/\",\"url\":\"https:\/\/phukienflytech.vn\/wp-content\/uploads\/2020\/05\/hAnh_nan.jpg1_.jpg\",\"contentUrl\":\"https:\/\/phukienflytech.vn\/wp-content\/uploads\/2020\/05\/hAnh_nan.jpg1_.jpg\",\"width\":800,\"height\":450,\"caption\":\"DJI Store - Shop Drone, Action camera, Gimbal DJI |Phukienflytech\"},\"image\":{\"@id\":\"https:\/\/phukienflytech.vn\/#\/schema\/logo\/image\/\"},\"sameAs\":[\"https:\/\/facebook.com\/phukienflycam\",\"https:\/\/www.youtube.com\/@phukienflytech\",\"https:\/\/www.tiktok.com\/@flytech.channel?fbclid=IwY2xjawGjg7BleHRuA2FlbQIxMAABHYVGmlXpuSMs0UB2zTpYvyT4GMVfN2qJa4urF4vkSQ6FAVBwXZtDP30qQA_aem_UwMiDcUvlEbd2tXAmsc8Og\"]}]}<\/script>\n<!-- \/ Yoast SEO plugin. -->","yoast_head_json":{"title":"Tablet phone holder Phantom 3 - Sunnylife - Phantom 3 accessory.","description":"Tablet phone holder Phantom 3 is one of the most important accessory. Contact us to buy Tablet phone holder Phantom 3 for best price.","robots":{"index":"index","follow":"follow","max-snippet":"max-snippet:-1","max-image-preview":"max-image-preview:large","max-video-preview":"max-video-preview:-1"},"canonical":"https:\/\/phukienflytech.vn\/en\/san-pham\/tablet-phone-holder-phantom-3-2.html","og_locale":"en_US","og_type":"article","og_title":"Tablet phone holder Phantom 3 - Sunnylife - Phantom 3 accessory.","og_description":"Tablet phone holder Phantom 3 is one of the most important accessory. Contact us to buy Tablet phone holder Phantom 3 for best price.","og_url":"https:\/\/phukienflytech.vn\/en\/san-pham\/tablet-phone-holder-phantom-3-2.html","og_site_name":"Shop M\u00e1y \u1ea3nh - Action Camera - Gimbal - Flycam - Ph\u1ee5 ki\u1ec7n","article_publisher":"https:\/\/facebook.com\/phukienflycam","article_modified_time":"2020-11-18T06:48:21+00:00","og_image":[{"width":900,"height":900,"url":"https:\/\/phukienflytech.vn\/wp-content\/uploads\/2020\/06\/DJI-ZJ009-26.jpg","type":"image\/jpeg"}],"twitter_card":"summary_large_image","twitter_misc":{"Est. reading time":"2 minutes"},"schema":{"@context":"https:\/\/schema.org","@graph":[{"@type":"WebPage","@id":"https:\/\/phukienflytech.vn\/en\/san-pham\/tablet-phone-holder-phantom-3-2.html","url":"https:\/\/phukienflytech.vn\/en\/san-pham\/tablet-phone-holder-phantom-3-2.html","name":"Tablet phone holder Phantom 3 - Sunnylife - Phantom 3 accessory.","isPartOf":{"@id":"https:\/\/phukienflytech.vn\/#website"},"primaryImageOfPage":{"@id":"https:\/\/phukienflytech.vn\/en\/san-pham\/tablet-phone-holder-phantom-3-2.html#primaryimage"},"image":{"@id":"https:\/\/phukienflytech.vn\/en\/san-pham\/tablet-phone-holder-phantom-3-2.html#primaryimage"},"thumbnailUrl":"https:\/\/phukienflytech.vn\/wp-content\/uploads\/2020\/06\/DJI-ZJ009-26.jpg","datePublished":"2020-06-22T08:49:42+00:00","dateModified":"2020-11-18T06:48:21+00:00","description":"Tablet phone holder Phantom 3 is one of the most important accessory. Contact us to buy Tablet phone holder Phantom 3 for best price.","breadcrumb":{"@id":"https:\/\/phukienflytech.vn\/en\/san-pham\/tablet-phone-holder-phantom-3-2.html#breadcrumb"},"inLanguage":"en-US","potentialAction":[{"@type":"ReadAction","target":["https:\/\/phukienflytech.vn\/en\/san-pham\/tablet-phone-holder-phantom-3-2.html"]}]},{"@type":"ImageObject","inLanguage":"en-US","@id":"https:\/\/phukienflytech.vn\/en\/san-pham\/tablet-phone-holder-phantom-3-2.html#primaryimage","url":"https:\/\/phukienflytech.vn\/wp-content\/uploads\/2020\/06\/DJI-ZJ009-26.jpg","contentUrl":"https:\/\/phukienflytech.vn\/wp-content\/uploads\/2020\/06\/DJI-ZJ009-26.jpg","width":900,"height":900},{"@type":"BreadcrumbList","@id":"https:\/\/phukienflytech.vn\/en\/san-pham\/tablet-phone-holder-phantom-3-2.html#breadcrumb","itemListElement":[{"@type":"ListItem","position":1,"name":"Home","item":"https:\/\/phukienflytech.vn\/en"},{"@type":"ListItem","position":2,"name":"Ph\u1ee5 ki\u1ec7n Mavic Pro","item":"https:\/\/phukienflytech.vn\/en\/phu-kien-mavic-pro.html"},{"@type":"ListItem","position":3,"name":"DJI Osmo &amp; Drone's accessories","item":"https:\/\/phukienflytech.vn\/en\/danh-muc\/dji-osmo-drones-accessories.html"},{"@type":"ListItem","position":4,"name":"Ph\u1ee5 ki\u1ec7n flycam Phantom 3","item":"https:\/\/phukienflytech.vn\/en\/danh-muc\/phantom-3-accessory.html"},{"@type":"ListItem","position":5,"name":"Tablet and phone holder for Phantom 3 &#8211; Type C"}]},{"@type":"WebSite","@id":"https:\/\/phukienflytech.vn\/#website","url":"https:\/\/phukienflytech.vn\/","name":"Shop M\u00e1y \u1ea3nh - Action Camera - Gimbal - Flycam - Ph\u1ee5 ki\u1ec7n","description":"Shop M\u00e1y \u1ea3nh - Action Camera - Gimbal - Flycam - Ph\u1ee5 ki\u1ec7n","publisher":{"@id":"https:\/\/phukienflytech.vn\/#organization"},"potentialAction":[{"@type":"SearchAction","target":{"@type":"EntryPoint","urlTemplate":"https:\/\/phukienflytech.vn\/?s={search_term_string}"},"query-input":{"@type":"PropertyValueSpecification","valueRequired":true,"valueName":"search_term_string"}}],"inLanguage":"en-US"},{"@type":"Organization","@id":"https:\/\/phukienflytech.vn\/#organization","name":"DJI Store - Shop Drone, Action camera, Gimbal DJI |Phukienflytech","alternateName":"DJI Store - Shop Drone, Action camera, Gimbal DJI |Phukienflytech","url":"https:\/\/phukienflytech.vn\/","logo":{"@type":"ImageObject","inLanguage":"en-US","@id":"https:\/\/phukienflytech.vn\/#\/schema\/logo\/image\/","url":"https:\/\/phukienflytech.vn\/wp-content\/uploads\/2020\/05\/hAnh_nan.jpg1_.jpg","contentUrl":"https:\/\/phukienflytech.vn\/wp-content\/uploads\/2020\/05\/hAnh_nan.jpg1_.jpg","width":800,"height":450,"caption":"DJI Store - Shop Drone, Action camera, Gimbal DJI |Phukienflytech"},"image":{"@id":"https:\/\/phukienflytech.vn\/#\/schema\/logo\/image\/"},"sameAs":["https:\/\/facebook.com\/phukienflycam","https:\/\/www.youtube.com\/@phukienflytech","https:\/\/www.tiktok.com\/@flytech.channel?fbclid=IwY2xjawGjg7BleHRuA2FlbQIxMAABHYVGmlXpuSMs0UB2zTpYvyT4GMVfN2qJa4urF4vkSQ6FAVBwXZtDP30qQA_aem_UwMiDcUvlEbd2tXAmsc8Og"]}]}},"_links":{"self":[{"href":"https:\/\/phukienflytech.vn\/en\/wp-json\/wp\/v2\/product\/4195","targetHints":{"allow":["GET"]}}],"collection":[{"href":"https:\/\/phukienflytech.vn\/en\/wp-json\/wp\/v2\/product"}],"about":[{"href":"https:\/\/phukienflytech.vn\/en\/wp-json\/wp\/v2\/types\/product"}],"replies":[{"embeddable":true,"href":"https:\/\/phukienflytech.vn\/en\/wp-json\/wp\/v2\/comments?post=4195"}],"wp:featuredmedia":[{"embeddable":true,"href":"https:\/\/phukienflytech.vn\/en\/wp-json\/wp\/v2\/media\/20780"}],"wp:attachment":[{"href":"https:\/\/phukienflytech.vn\/en\/wp-json\/wp\/v2\/media?parent=4195"}],"wp:term":[{"taxonomy":"product_brand","embeddable":true,"href":"https:\/\/phukienflytech.vn\/en\/wp-json\/wp\/v2\/product_brand?post=4195"},{"taxonomy":"product_cat","embeddable":true,"href":"https:\/\/phukienflytech.vn\/en\/wp-json\/wp\/v2\/product_cat?post=4195"},{"taxonomy":"product_tag","embeddable":true,"href":"https:\/\/phukienflytech.vn\/en\/wp-json\/wp\/v2\/product_tag?post=4195"}],"curies":[{"name":"wp","href":"https:\/\/api.w.org\/{rel}","templated":true}]}}