{"id":4215,"date":"2020-06-24T16:05:13","date_gmt":"2020-06-24T09:05:13","guid":{"rendered":"http:\/\/27430.lamdx.vinawebsite.vn\/san-pham\/thanh-sac-3pin-phantom-3.html"},"modified":"2021-01-16T10:15:17","modified_gmt":"2021-01-16T03:15:17","slug":"charging-panel-for-phantom-3","status":"publish","type":"product","link":"https:\/\/phukienflytech.vn\/en\/san-pham\/charging-panel-for-phantom-3.html","title":{"rendered":"Charging panel for Phantom 3"},"content":{"rendered":"<h2 style=\"text-align: justify;\"><span style=\"color: #0000ff;\"><em><strong><span style=\"font-size: 21px;\">Charging panel for Phantom 3<\/span><\/strong><\/em><\/span><\/h2>\n<p><span style=\"font-size: 18px;\">Charging panel for Phantom 3<\/span><\/p>\n<p style=\"text-align: justify;\"><span style=\"font-size: 18px;\">Khi ch\u00fang ta ch\u01a1i flycam DJI Phantom 3 series \u0111\u1ec1u c\u00f3 cho m\u00ecnh t\u1eeb 2 &#8211; 3 pin Phantom 3. \u0110\u1ec3 c\u00f3 th\u1ec3 th\u1ecfa m\u00e3n th\u1eddi gian \u0111am m\u00ea c\u0169ng nh\u01b0 l\u00e0 \u0111\u00e1p \u1ee9ng \u0111\u01b0\u1ee3c nhu c\u1ea7u quay film v\u00e0 ch\u1ee5p h\u00ecnh t\u1eeb tr\u00ean cao c\u1ee7a m\u00ecnh.<\/span><\/p>\n<p>&nbsp;<\/p>\n<p style=\"text-align: justify;\"><span style=\"font-size: 18px;\"><img loading=\"lazy\" decoding=\"async\" class=\"alignnone size-medium wp-image-13189\" src=\"https:\/\/phukienflytech.vn\/wp-content\/uploads\/2020\/05\/thanh-sac-3pin-phantom-3-4208-3-400x400.jpg\" alt=\"\" width=\"400\" height=\"400\" srcset=\"https:\/\/phukienflytech.vn\/wp-content\/uploads\/2020\/05\/thanh-sac-3pin-phantom-3-4208-3-400x400.jpg 400w, https:\/\/phukienflytech.vn\/wp-content\/uploads\/2020\/05\/thanh-sac-3pin-phantom-3-4208-3-280x280.jpg 280w, https:\/\/phukienflytech.vn\/wp-content\/uploads\/2020\/05\/thanh-sac-3pin-phantom-3-4208-3-300x300.jpg 300w, https:\/\/phukienflytech.vn\/wp-content\/uploads\/2020\/05\/thanh-sac-3pin-phantom-3-4208-3-100x100.jpg 100w, https:\/\/phukienflytech.vn\/wp-content\/uploads\/2020\/05\/thanh-sac-3pin-phantom-3-4208-3.jpg 450w\" sizes=\"auto, (max-width: 400px) 100vw, 400px\" \/><\/span><\/p>\n<p>&nbsp;<\/p>\n<p style=\"text-align: justify;\"><span style=\"font-size: 18px;\">V\u1eady t\u1ea1i sao ch\u00fang ta l\u1ea1i c\u1ea7n t\u1edbi m\u1ed9t thi\u1ebft b\u1ecb h\u1ed7 tr\u1ee3 s\u1ea1c \u0111\u1ec3 h\u1ea1n ch\u1ebf s\u1ef1 b\u1ea5t ti\u1ec7n khi ph\u1ea3i thay th\u1ebf c\u00e1c vi\u00ean pin \u0111\u1ec3 s\u1ea1c cho \u0111\u1ee7 \u0111\u1ea7y\u00a0 2, 3 vi\u00ean pin.<\/span><\/p>\n<p>&nbsp;<\/p>\n<p style=\"text-align: justify;\"><span style=\"font-size: 18px;\"><img loading=\"lazy\" decoding=\"async\" class=\"alignnone wp-image-13191 size-medium\" src=\"https:\/\/phukienflytech.vn\/wp-content\/uploads\/2020\/05\/thanh-sac-3pin-phantom-3-4208-1-1-400x400.jpg\" alt=\"Charging-panel-for-Phantom-3-1\" width=\"400\" height=\"400\" srcset=\"https:\/\/phukienflytech.vn\/wp-content\/uploads\/2020\/05\/thanh-sac-3pin-phantom-3-4208-1-1-400x400.jpg 400w, https:\/\/phukienflytech.vn\/wp-content\/uploads\/2020\/05\/thanh-sac-3pin-phantom-3-4208-1-1-280x280.jpg 280w, https:\/\/phukienflytech.vn\/wp-content\/uploads\/2020\/05\/thanh-sac-3pin-phantom-3-4208-1-1-300x300.jpg 300w, https:\/\/phukienflytech.vn\/wp-content\/uploads\/2020\/05\/thanh-sac-3pin-phantom-3-4208-1-1-100x100.jpg 100w, https:\/\/phukienflytech.vn\/wp-content\/uploads\/2020\/05\/thanh-sac-3pin-phantom-3-4208-1-1.jpg 450w\" sizes=\"auto, (max-width: 400px) 100vw, 400px\" \/><\/span><\/p>\n<p>&nbsp;<\/p>\n<h2 style=\"text-align: justify;\"><span style=\"font-size: 21px;\"><strong><span style=\"color: #0000ff;\">V\u00ec sao ch\u00fang ta n\u00ean s\u1eed d\u1ee5ng?<\/span><\/strong><\/span><\/h2>\n<p style=\"text-align: justify;\"><span style=\"font-size: 18px;\">Thanh s\u1ea1c 3 pin Phantom 3 r\u1ea5t nh\u1ecf g\u1ecdn, gi\u00fap b\u1ea1n mang theo b\u00ean m\u00ecnh m\u1ecdi n\u01a1i. H\u1ed7 tr\u1ee3 s\u1ea1c \u0111\u1ed3ng th\u1eddi 3 pin gi\u00fap b\u1ea1n ti\u1ebft ki\u1ec7m \u0111\u01b0\u1ee3c nhi\u1ec1u th\u1eddi gian h\u01a1n.<\/span><\/p>\n<ul>\n<li style=\"text-align: justify;\"><span style=\"font-size: 18px;\">T\u1ed5ng th\u1eddi gian s\u1ea1c: 190 -200 ph\u00fat \/ 3pin<\/span><\/li>\n<li style=\"text-align: justify;\"><span style=\"font-size: 18px;\"> H\u1ed7 tr\u1ee3: Pin Phantom 3<\/span><\/li>\n<\/ul>\n<p>&nbsp;<\/p>\n<p style=\"text-align: justify;\"><span style=\"font-size: 18px;\"><img loading=\"lazy\" decoding=\"async\" class=\"alignnone wp-image-13193 size-medium\" src=\"https:\/\/phukienflytech.vn\/wp-content\/uploads\/2020\/05\/thanh-sac-3pin-phantom-3-4208-2-1-402x400.jpg\" alt=\"Charging-panel-for-Phantom-3\" width=\"402\" height=\"400\" srcset=\"https:\/\/phukienflytech.vn\/wp-content\/uploads\/2020\/05\/thanh-sac-3pin-phantom-3-4208-2-1-402x400.jpg 402w, https:\/\/phukienflytech.vn\/wp-content\/uploads\/2020\/05\/thanh-sac-3pin-phantom-3-4208-2-1-280x280.jpg 280w, https:\/\/phukienflytech.vn\/wp-content\/uploads\/2020\/05\/thanh-sac-3pin-phantom-3-4208-2-1-300x300.jpg 300w, https:\/\/phukienflytech.vn\/wp-content\/uploads\/2020\/05\/thanh-sac-3pin-phantom-3-4208-2-1-100x100.jpg 100w, https:\/\/phukienflytech.vn\/wp-content\/uploads\/2020\/05\/thanh-sac-3pin-phantom-3-4208-2-1.jpg 450w\" sizes=\"auto, (max-width: 402px) 100vw, 402px\" \/><\/span><\/p>\n<p>&nbsp;<\/p>\n<p style=\"text-align: justify;\"><span style=\"font-size: 18px;\">N\u1ebfu b\u1ea1n mu\u1ed1n t\u00ednh n\u0103ng n\u00e0y \u0111\u01b0\u1ee3c n\u00e2ng c\u1ea5p v\u1ec1 m\u1eb7t ti\u1ebft ki\u1ec7m th\u1eddi gian s\u1ea1c nh\u01b0 s\u1ea1c \u0111\u1ed3ng th\u1eddi 3 pin 1 l\u00fac th\u00ec h\u00e3y tham kh\u1ea3o ngay\u00a0<strong><a href=\"http:\/\/phukienflytech.vn\/san-pham\/bo-sac-nhanh-phantom-3.html\" target=\"_blank\" rel=\"noopener noreferrer\">B\u1ed9 s\u1ea1c nhanh d\u00e0nh cho Phantom\u00a03<\/a><\/strong><\/span><\/p>\n<p style=\"text-align: justify;\"><span style=\"font-size: 18px;\">H\u00e3y \u0111\u1ec3\u00a0<strong><a href=\"https:\/\/facebook.com\/phukienflycam\/\" target=\"_blank\" rel=\"noopener noreferrer\">Ph\u1ee5 Ki\u1ec7n Fly-cam Gi\u00e1 T\u1ed1t<\/a><\/strong> ti\u1ebfp s\u1ee9c \u0111am m\u00ea, c\u00f4ng vi\u1ec7c c\u1ee7a b\u1ea1n. Gi\u00fap b\u1ea1n th\u00eam ni\u1ec1m h\u1ee9ng kh\u1edfi trong \u0111am m\u00ea c\u0169ng nh\u01b0 c\u00f4ng vi\u1ec7c c\u1ee7a m\u00ecnh th\u00eam su\u00f4n s\u1ebb.<\/span><\/p>\n<p><span style=\"font-size: 18px;\">&gt;&gt; Contact us on: <a href=\"https:\/\/www.facebook.com\/phukienflycam\"><strong>Facebook<\/strong><\/a><\/span><\/p>\n<p><span style=\"font-size: 18px;\">&gt;&gt; Learn More : <a href=\"https:\/\/phukienflytech.vn\/danh-muc\/phu-kien-dji-phantom-3-series.html\"><strong>Phantom accessories<\/strong><\/a><\/span><\/p>\n","protected":false},"excerpt":{"rendered":"<p>Charging panel for Phantom 3 Charging panel for Phantom 3 Khi ch\u00fang ta ch\u01a1i flycam DJI Phantom 3 series \u0111\u1ec1u c\u00f3 cho m\u00ecnh t\u1eeb 2 &#8211; 3 pin Phantom 3. \u0110\u1ec3 c\u00f3 th\u1ec3 th\u1ecfa m\u00e3n th\u1eddi gian \u0111am m\u00ea c\u0169ng nh\u01b0 l\u00e0 \u0111\u00e1p \u1ee9ng \u0111\u01b0\u1ee3c nhu c\u1ea7u quay film v\u00e0 ch\u1ee5p h\u00ecnh t\u1eeb tr\u00ean cao &#8230;<\/p>\n","protected":false},"featured_media":16390,"comment_status":"open","ping_status":"closed","template":"","meta":{"_acf_changed":false},"product_brand":[],"product_cat":[183],"product_tag":[206,245],"class_list":{"0":"post-4215","1":"product","2":"type-product","3":"status-publish","4":"has-post-thumbnail","6":"product_cat-phantom-3-accessory","7":"product_tag-phu-kien-dji-en","8":"product_tag-phu-kien-phantom-3-en","10":"first","11":"instock","12":"shipping-taxable","13":"purchasable","14":"product-type-simple"},"acf":[],"yoast_head":"<!-- This site is optimized with the Yoast SEO plugin v25.7 - https:\/\/yoast.com\/wordpress\/plugins\/seo\/ -->\n<title>Charging panel for Phantom 3 - Phantom 3 accessory - available - original.<\/title>\n<meta name=\"description\" content=\"Charging panel for Phantom 3 is one of the most important accessory. Contact us to buy Charging panel for Phantom 3 for best price.\" \/>\n<meta name=\"robots\" content=\"index, follow, max-snippet:-1, max-image-preview:large, max-video-preview:-1\" \/>\n<link rel=\"canonical\" href=\"https:\/\/phukienflytech.vn\/en\/san-pham\/charging-panel-for-phantom-3.html\" \/>\n<meta property=\"og:locale\" content=\"en_US\" \/>\n<meta property=\"og:type\" content=\"article\" \/>\n<meta property=\"og:title\" content=\"Charging panel for Phantom 3 - Phantom 3 accessory - available - original.\" \/>\n<meta property=\"og:description\" content=\"Charging panel for Phantom 3 is one of the most important accessory. Contact us to buy Charging panel for Phantom 3 for best price.\" \/>\n<meta property=\"og:url\" content=\"https:\/\/phukienflytech.vn\/en\/san-pham\/charging-panel-for-phantom-3.html\" \/>\n<meta property=\"og:site_name\" content=\"Shop M\u00e1y \u1ea3nh - Action Camera - Gimbal - Flycam - Ph\u1ee5 ki\u1ec7n\" \/>\n<meta property=\"article:publisher\" content=\"https:\/\/facebook.com\/phukienflycam\" \/>\n<meta property=\"article:modified_time\" content=\"2021-01-16T03:15:17+00:00\" \/>\n<meta property=\"og:image\" content=\"https:\/\/phukienflytech.vn\/wp-content\/uploads\/2020\/05\/thanhsac3pin.jpg\" \/>\n\t<meta property=\"og:image:width\" content=\"243\" \/>\n\t<meta property=\"og:image:height\" content=\"243\" \/>\n\t<meta property=\"og:image:type\" content=\"image\/jpeg\" \/>\n<meta name=\"twitter:card\" content=\"summary_large_image\" \/>\n<meta name=\"twitter:label1\" content=\"Est. reading time\" \/>\n\t<meta name=\"twitter:data1\" content=\"2 minutes\" \/>\n<script type=\"application\/ld+json\" class=\"yoast-schema-graph\">{\"@context\":\"https:\/\/schema.org\",\"@graph\":[{\"@type\":\"WebPage\",\"@id\":\"https:\/\/phukienflytech.vn\/en\/san-pham\/charging-panel-for-phantom-3.html\",\"url\":\"https:\/\/phukienflytech.vn\/en\/san-pham\/charging-panel-for-phantom-3.html\",\"name\":\"Charging panel for Phantom 3 - Phantom 3 accessory - available - original.\",\"isPartOf\":{\"@id\":\"https:\/\/phukienflytech.vn\/#website\"},\"primaryImageOfPage\":{\"@id\":\"https:\/\/phukienflytech.vn\/en\/san-pham\/charging-panel-for-phantom-3.html#primaryimage\"},\"image\":{\"@id\":\"https:\/\/phukienflytech.vn\/en\/san-pham\/charging-panel-for-phantom-3.html#primaryimage\"},\"thumbnailUrl\":\"https:\/\/phukienflytech.vn\/wp-content\/uploads\/2020\/05\/thanhsac3pin.jpg\",\"datePublished\":\"2020-06-24T09:05:13+00:00\",\"dateModified\":\"2021-01-16T03:15:17+00:00\",\"description\":\"Charging panel for Phantom 3 is one of the most important accessory. Contact us to buy Charging panel for Phantom 3 for best price.\",\"breadcrumb\":{\"@id\":\"https:\/\/phukienflytech.vn\/en\/san-pham\/charging-panel-for-phantom-3.html#breadcrumb\"},\"inLanguage\":\"en-US\",\"potentialAction\":[{\"@type\":\"ReadAction\",\"target\":[\"https:\/\/phukienflytech.vn\/en\/san-pham\/charging-panel-for-phantom-3.html\"]}]},{\"@type\":\"ImageObject\",\"inLanguage\":\"en-US\",\"@id\":\"https:\/\/phukienflytech.vn\/en\/san-pham\/charging-panel-for-phantom-3.html#primaryimage\",\"url\":\"https:\/\/phukienflytech.vn\/wp-content\/uploads\/2020\/05\/thanhsac3pin.jpg\",\"contentUrl\":\"https:\/\/phukienflytech.vn\/wp-content\/uploads\/2020\/05\/thanhsac3pin.jpg\",\"width\":243,\"height\":243},{\"@type\":\"BreadcrumbList\",\"@id\":\"https:\/\/phukienflytech.vn\/en\/san-pham\/charging-panel-for-phantom-3.html#breadcrumb\",\"itemListElement\":[{\"@type\":\"ListItem\",\"position\":1,\"name\":\"Home\",\"item\":\"https:\/\/phukienflytech.vn\/en\"},{\"@type\":\"ListItem\",\"position\":2,\"name\":\"Ph\u1ee5 ki\u1ec7n Mavic Pro\",\"item\":\"https:\/\/phukienflytech.vn\/en\/phu-kien-mavic-pro.html\"},{\"@type\":\"ListItem\",\"position\":3,\"name\":\"DJI Osmo &amp; Drone's accessories\",\"item\":\"https:\/\/phukienflytech.vn\/en\/danh-muc\/dji-osmo-drones-accessories.html\"},{\"@type\":\"ListItem\",\"position\":4,\"name\":\"Ph\u1ee5 ki\u1ec7n flycam Phantom 3\",\"item\":\"https:\/\/phukienflytech.vn\/en\/danh-muc\/phantom-3-accessory.html\"},{\"@type\":\"ListItem\",\"position\":5,\"name\":\"Charging panel for Phantom 3\"}]},{\"@type\":\"WebSite\",\"@id\":\"https:\/\/phukienflytech.vn\/#website\",\"url\":\"https:\/\/phukienflytech.vn\/\",\"name\":\"Shop M\u00e1y \u1ea3nh - Action Camera - Gimbal - Flycam - Ph\u1ee5 ki\u1ec7n\",\"description\":\"Shop M\u00e1y \u1ea3nh - Action Camera - Gimbal - Flycam - Ph\u1ee5 ki\u1ec7n\",\"publisher\":{\"@id\":\"https:\/\/phukienflytech.vn\/#organization\"},\"potentialAction\":[{\"@type\":\"SearchAction\",\"target\":{\"@type\":\"EntryPoint\",\"urlTemplate\":\"https:\/\/phukienflytech.vn\/?s={search_term_string}\"},\"query-input\":{\"@type\":\"PropertyValueSpecification\",\"valueRequired\":true,\"valueName\":\"search_term_string\"}}],\"inLanguage\":\"en-US\"},{\"@type\":\"Organization\",\"@id\":\"https:\/\/phukienflytech.vn\/#organization\",\"name\":\"DJI Store - Shop Drone, Action camera, Gimbal DJI |Phukienflytech\",\"alternateName\":\"DJI Store - Shop Drone, Action camera, Gimbal DJI |Phukienflytech\",\"url\":\"https:\/\/phukienflytech.vn\/\",\"logo\":{\"@type\":\"ImageObject\",\"inLanguage\":\"en-US\",\"@id\":\"https:\/\/phukienflytech.vn\/#\/schema\/logo\/image\/\",\"url\":\"https:\/\/phukienflytech.vn\/wp-content\/uploads\/2020\/05\/hAnh_nan.jpg1_.jpg\",\"contentUrl\":\"https:\/\/phukienflytech.vn\/wp-content\/uploads\/2020\/05\/hAnh_nan.jpg1_.jpg\",\"width\":800,\"height\":450,\"caption\":\"DJI Store - Shop Drone, Action camera, Gimbal DJI |Phukienflytech\"},\"image\":{\"@id\":\"https:\/\/phukienflytech.vn\/#\/schema\/logo\/image\/\"},\"sameAs\":[\"https:\/\/facebook.com\/phukienflycam\",\"https:\/\/www.youtube.com\/@phukienflytech\",\"https:\/\/www.tiktok.com\/@flytech.channel?fbclid=IwY2xjawGjg7BleHRuA2FlbQIxMAABHYVGmlXpuSMs0UB2zTpYvyT4GMVfN2qJa4urF4vkSQ6FAVBwXZtDP30qQA_aem_UwMiDcUvlEbd2tXAmsc8Og\"]}]}<\/script>\n<!-- \/ Yoast SEO plugin. -->","yoast_head_json":{"title":"Charging panel for Phantom 3 - Phantom 3 accessory - available - original.","description":"Charging panel for Phantom 3 is one of the most important accessory. Contact us to buy Charging panel for Phantom 3 for best price.","robots":{"index":"index","follow":"follow","max-snippet":"max-snippet:-1","max-image-preview":"max-image-preview:large","max-video-preview":"max-video-preview:-1"},"canonical":"https:\/\/phukienflytech.vn\/en\/san-pham\/charging-panel-for-phantom-3.html","og_locale":"en_US","og_type":"article","og_title":"Charging panel for Phantom 3 - Phantom 3 accessory - available - original.","og_description":"Charging panel for Phantom 3 is one of the most important accessory. Contact us to buy Charging panel for Phantom 3 for best price.","og_url":"https:\/\/phukienflytech.vn\/en\/san-pham\/charging-panel-for-phantom-3.html","og_site_name":"Shop M\u00e1y \u1ea3nh - Action Camera - Gimbal - Flycam - Ph\u1ee5 ki\u1ec7n","article_publisher":"https:\/\/facebook.com\/phukienflycam","article_modified_time":"2021-01-16T03:15:17+00:00","og_image":[{"width":243,"height":243,"url":"https:\/\/phukienflytech.vn\/wp-content\/uploads\/2020\/05\/thanhsac3pin.jpg","type":"image\/jpeg"}],"twitter_card":"summary_large_image","twitter_misc":{"Est. reading time":"2 minutes"},"schema":{"@context":"https:\/\/schema.org","@graph":[{"@type":"WebPage","@id":"https:\/\/phukienflytech.vn\/en\/san-pham\/charging-panel-for-phantom-3.html","url":"https:\/\/phukienflytech.vn\/en\/san-pham\/charging-panel-for-phantom-3.html","name":"Charging panel for Phantom 3 - Phantom 3 accessory - available - original.","isPartOf":{"@id":"https:\/\/phukienflytech.vn\/#website"},"primaryImageOfPage":{"@id":"https:\/\/phukienflytech.vn\/en\/san-pham\/charging-panel-for-phantom-3.html#primaryimage"},"image":{"@id":"https:\/\/phukienflytech.vn\/en\/san-pham\/charging-panel-for-phantom-3.html#primaryimage"},"thumbnailUrl":"https:\/\/phukienflytech.vn\/wp-content\/uploads\/2020\/05\/thanhsac3pin.jpg","datePublished":"2020-06-24T09:05:13+00:00","dateModified":"2021-01-16T03:15:17+00:00","description":"Charging panel for Phantom 3 is one of the most important accessory. Contact us to buy Charging panel for Phantom 3 for best price.","breadcrumb":{"@id":"https:\/\/phukienflytech.vn\/en\/san-pham\/charging-panel-for-phantom-3.html#breadcrumb"},"inLanguage":"en-US","potentialAction":[{"@type":"ReadAction","target":["https:\/\/phukienflytech.vn\/en\/san-pham\/charging-panel-for-phantom-3.html"]}]},{"@type":"ImageObject","inLanguage":"en-US","@id":"https:\/\/phukienflytech.vn\/en\/san-pham\/charging-panel-for-phantom-3.html#primaryimage","url":"https:\/\/phukienflytech.vn\/wp-content\/uploads\/2020\/05\/thanhsac3pin.jpg","contentUrl":"https:\/\/phukienflytech.vn\/wp-content\/uploads\/2020\/05\/thanhsac3pin.jpg","width":243,"height":243},{"@type":"BreadcrumbList","@id":"https:\/\/phukienflytech.vn\/en\/san-pham\/charging-panel-for-phantom-3.html#breadcrumb","itemListElement":[{"@type":"ListItem","position":1,"name":"Home","item":"https:\/\/phukienflytech.vn\/en"},{"@type":"ListItem","position":2,"name":"Ph\u1ee5 ki\u1ec7n Mavic Pro","item":"https:\/\/phukienflytech.vn\/en\/phu-kien-mavic-pro.html"},{"@type":"ListItem","position":3,"name":"DJI Osmo &amp; Drone's accessories","item":"https:\/\/phukienflytech.vn\/en\/danh-muc\/dji-osmo-drones-accessories.html"},{"@type":"ListItem","position":4,"name":"Ph\u1ee5 ki\u1ec7n flycam Phantom 3","item":"https:\/\/phukienflytech.vn\/en\/danh-muc\/phantom-3-accessory.html"},{"@type":"ListItem","position":5,"name":"Charging panel for Phantom 3"}]},{"@type":"WebSite","@id":"https:\/\/phukienflytech.vn\/#website","url":"https:\/\/phukienflytech.vn\/","name":"Shop M\u00e1y \u1ea3nh - Action Camera - Gimbal - Flycam - Ph\u1ee5 ki\u1ec7n","description":"Shop M\u00e1y \u1ea3nh - Action Camera - Gimbal - Flycam - Ph\u1ee5 ki\u1ec7n","publisher":{"@id":"https:\/\/phukienflytech.vn\/#organization"},"potentialAction":[{"@type":"SearchAction","target":{"@type":"EntryPoint","urlTemplate":"https:\/\/phukienflytech.vn\/?s={search_term_string}"},"query-input":{"@type":"PropertyValueSpecification","valueRequired":true,"valueName":"search_term_string"}}],"inLanguage":"en-US"},{"@type":"Organization","@id":"https:\/\/phukienflytech.vn\/#organization","name":"DJI Store - Shop Drone, Action camera, Gimbal DJI |Phukienflytech","alternateName":"DJI Store - Shop Drone, Action camera, Gimbal DJI |Phukienflytech","url":"https:\/\/phukienflytech.vn\/","logo":{"@type":"ImageObject","inLanguage":"en-US","@id":"https:\/\/phukienflytech.vn\/#\/schema\/logo\/image\/","url":"https:\/\/phukienflytech.vn\/wp-content\/uploads\/2020\/05\/hAnh_nan.jpg1_.jpg","contentUrl":"https:\/\/phukienflytech.vn\/wp-content\/uploads\/2020\/05\/hAnh_nan.jpg1_.jpg","width":800,"height":450,"caption":"DJI Store - Shop Drone, Action camera, Gimbal DJI |Phukienflytech"},"image":{"@id":"https:\/\/phukienflytech.vn\/#\/schema\/logo\/image\/"},"sameAs":["https:\/\/facebook.com\/phukienflycam","https:\/\/www.youtube.com\/@phukienflytech","https:\/\/www.tiktok.com\/@flytech.channel?fbclid=IwY2xjawGjg7BleHRuA2FlbQIxMAABHYVGmlXpuSMs0UB2zTpYvyT4GMVfN2qJa4urF4vkSQ6FAVBwXZtDP30qQA_aem_UwMiDcUvlEbd2tXAmsc8Og"]}]}},"_links":{"self":[{"href":"https:\/\/phukienflytech.vn\/en\/wp-json\/wp\/v2\/product\/4215","targetHints":{"allow":["GET"]}}],"collection":[{"href":"https:\/\/phukienflytech.vn\/en\/wp-json\/wp\/v2\/product"}],"about":[{"href":"https:\/\/phukienflytech.vn\/en\/wp-json\/wp\/v2\/types\/product"}],"replies":[{"embeddable":true,"href":"https:\/\/phukienflytech.vn\/en\/wp-json\/wp\/v2\/comments?post=4215"}],"wp:featuredmedia":[{"embeddable":true,"href":"https:\/\/phukienflytech.vn\/en\/wp-json\/wp\/v2\/media\/16390"}],"wp:attachment":[{"href":"https:\/\/phukienflytech.vn\/en\/wp-json\/wp\/v2\/media?parent=4215"}],"wp:term":[{"taxonomy":"product_brand","embeddable":true,"href":"https:\/\/phukienflytech.vn\/en\/wp-json\/wp\/v2\/product_brand?post=4215"},{"taxonomy":"product_cat","embeddable":true,"href":"https:\/\/phukienflytech.vn\/en\/wp-json\/wp\/v2\/product_cat?post=4215"},{"taxonomy":"product_tag","embeddable":true,"href":"https:\/\/phukienflytech.vn\/en\/wp-json\/wp\/v2\/product_tag?post=4215"}],"curies":[{"name":"wp","href":"https:\/\/api.w.org\/{rel}","templated":true}]}}