{"id":4264,"date":"2020-06-18T21:25:38","date_gmt":"2020-06-18T14:25:38","guid":{"rendered":"http:\/\/27430.lamdx.vinawebsite.vn\/san-pham\/motor-phantom-3.html"},"modified":"2020-10-14T21:54:23","modified_gmt":"2020-10-14T14:54:23","slug":"motor-phantom-3","status":"publish","type":"product","link":"https:\/\/phukienflytech.vn\/en\/san-pham\/motor-phantom-3.html","title":{"rendered":"Motor Phantom 3"},"content":{"rendered":"<h2><span style=\"font-size: 21px; color: #0000ff;\"><strong>Motor Phantom 3<\/strong><\/span><\/h2>\n<p><span style=\"font-size: 18px;\">Motor Phantom 3<\/span><\/p>\n<p><span style=\"font-size: 18px;\"><img loading=\"lazy\" decoding=\"async\" class=\"alignnone wp-image-16966 size-medium\" src=\"https:\/\/phukienflytech.vn\/wp-content\/uploads\/2020\/05\/4pcs-Phantom-2-3-CNC-Aluminum-font-b-Reinforcement-b-font-Plate-Kit-Protect-font-b-600x500-480x400.jpg\" alt=\"motor-phantom-3-2\" width=\"480\" height=\"400\" srcset=\"https:\/\/phukienflytech.vn\/wp-content\/uploads\/2020\/05\/4pcs-Phantom-2-3-CNC-Aluminum-font-b-Reinforcement-b-font-Plate-Kit-Protect-font-b-600x500-480x400.jpg 480w, https:\/\/phukienflytech.vn\/wp-content\/uploads\/2020\/05\/4pcs-Phantom-2-3-CNC-Aluminum-font-b-Reinforcement-b-font-Plate-Kit-Protect-font-b-600x500.jpg 600w\" sizes=\"auto, (max-width: 480px) 100vw, 480px\" \/><\/span><\/p>\n<p><span style=\"font-size: 18px;\">Trong m\u1ed9t s\u1ed1 tr\u01b0\u1eddng h\u1ee3p motor ch\u00fang ta b\u1ecb ch\u00e1y ho\u1eb7c c\u00f3 d\u1ea5u hi\u1ec7u b\u1ecb tr\u1ec5 motor c\u00f3 th\u1ec3 nguy\u00ean nh\u00e2n do s\u1ef1 han g\u1ec9 c\u1ee7a motor c\u00f3 th\u1ec3 d\u1eabn t\u1edbi t\u00ecnh tr\u1ea1ng m\u00e1y bay c\u1ee7a ch\u00fang ta s\u1ebd b\u1ecb m\u1ea5t th\u0103ng b\u1eb1ng, c\u00e2n \u0111\u1ed1i v\u00e0 th\u1eadp ch\u1ec9 b\u1ecb l\u1eadt nh\u00e0o khi bay<\/span><\/p>\n<p><span style=\"font-size: 18px;\">Motor l\u00e0 m\u1ed9t trong s\u1ed1 nh\u1eefng \u0111\u1ed9ng c\u01a1, b\u1ed9 ph\u1eadn c\u1ea7n \u0111\u01b0\u1ee3c b\u1ea3o tr\u00ec, thay th\u1ebf m\u1ed9t c\u00e1ch th\u01b0\u1eddng xuy\u00ean v\u00e0 \u0111\u1ecbnh k\u1ef3 nh\u1ea5t \u0111\u1ec3 lu\u00f4n \u0111\u1ea3m b\u1ea3o \u0111\u1ed9ng c\u01a1 c\u1ee7a flycam lu\u00f4n \u1edf m\u1ee9c an to\u00e0n t\u1ed1i \u0111a, tr\u00e1nh nh\u1eefng r\u1ee7i ro kh\u00f4ng \u0111\u00e1ng c\u00f3 d\u1eabn t\u1edbi thi\u1ec7t h\u1ea1i l\u1edbn v\u00e0 g\u00e2y nguy hi\u1ec3m t\u1edbi nh\u1eefng y\u1ebfu t\u1ed1 xung quanh.<\/span><\/p>\n<p>&nbsp;<\/p>\n<p><span style=\"font-size: 18px;\"><img loading=\"lazy\" decoding=\"async\" class=\"alignnone wp-image-16968 size-medium\" src=\"https:\/\/phukienflytech.vn\/wp-content\/uploads\/2020\/05\/41ciboo4jfL-400x400.jpg\" alt=\"motor-phantom-3-1\" width=\"400\" height=\"400\" srcset=\"https:\/\/phukienflytech.vn\/wp-content\/uploads\/2020\/05\/41ciboo4jfL-400x400.jpg 400w, https:\/\/phukienflytech.vn\/wp-content\/uploads\/2020\/05\/41ciboo4jfL-280x280.jpg 280w, https:\/\/phukienflytech.vn\/wp-content\/uploads\/2020\/05\/41ciboo4jfL-300x300.jpg 300w, https:\/\/phukienflytech.vn\/wp-content\/uploads\/2020\/05\/41ciboo4jfL-100x100.jpg 100w, https:\/\/phukienflytech.vn\/wp-content\/uploads\/2020\/05\/41ciboo4jfL.jpg 500w\" sizes=\"auto, (max-width: 400px) 100vw, 400px\" \/><\/span><\/p>\n<p><span style=\"font-size: 18px;\">\u0110\u1ed9ng c\u01a1: d\u00e0nh cho\u00a0<strong>phantom 3<\/strong>\u00a0kh\u00f4ng ch\u1ed5i than<\/span><\/p>\n<p><span style=\"font-size: 18px;\">Nh\u00e0 s\u1ea3n xu\u1ea5t : DJI\u2019s factor<\/span><\/p>\n<p>&nbsp;<\/p>\n<p><span style=\"font-size: 18px;\"><img loading=\"lazy\" decoding=\"async\" class=\"alignnone wp-image-16795\" src=\"https:\/\/phukienflytech.vn\/wp-content\/uploads\/2020\/06\/nen-chon-mua-mavic-mini-ban-sd25-hay-ban-ss5-dau-la-lua-chon-cua-ban-9048-4-1-800x251.png\" alt=\"motor-phantom-3\" width=\"557\" height=\"175\" srcset=\"https:\/\/phukienflytech.vn\/wp-content\/uploads\/2020\/06\/nen-chon-mua-mavic-mini-ban-sd25-hay-ban-ss5-dau-la-lua-chon-cua-ban-9048-4-1-800x251.png 800w, https:\/\/phukienflytech.vn\/wp-content\/uploads\/2020\/06\/nen-chon-mua-mavic-mini-ban-sd25-hay-ban-ss5-dau-la-lua-chon-cua-ban-9048-4-1-768x241.png 768w, https:\/\/phukienflytech.vn\/wp-content\/uploads\/2020\/06\/nen-chon-mua-mavic-mini-ban-sd25-hay-ban-ss5-dau-la-lua-chon-cua-ban-9048-4-1-600x188.png 600w, https:\/\/phukienflytech.vn\/wp-content\/uploads\/2020\/06\/nen-chon-mua-mavic-mini-ban-sd25-hay-ban-ss5-dau-la-lua-chon-cua-ban-9048-4-1.png 1013w\" sizes=\"auto, (max-width: 557px) 100vw, 557px\" \/><\/span><\/p>\n<p><span style=\"font-size: 18px;\">Li\u00ean h\u1ec7 v\u1edbi ch\u00fang t\u00f4i qua facebook: <a href=\"https:\/\/www.facebook.com\/phukienflycam\">Ph\u1ee5 ki\u1ec7n flytech gi\u00e1 t\u1ed1t<\/a><\/span><\/p>\n<p><span style=\"font-size: 18px;\">Ho\u1eb7c qua trang web <strong><a href=\"https:\/\/phukienflytech.vn\/\">phukienflytech gi\u00e1 r\u1ebb<\/a><\/strong><\/span><\/p>\n","protected":false},"excerpt":{"rendered":"<p>Motor Phantom 3 Motor Phantom 3 Trong m\u1ed9t s\u1ed1 tr\u01b0\u1eddng h\u1ee3p motor ch\u00fang ta b\u1ecb ch\u00e1y ho\u1eb7c c\u00f3 d\u1ea5u hi\u1ec7u b\u1ecb tr\u1ec5 motor c\u00f3 th\u1ec3 nguy\u00ean nh\u00e2n do s\u1ef1 han g\u1ec9 c\u1ee7a motor c\u00f3 th\u1ec3 d\u1eabn t\u1edbi t\u00ecnh tr\u1ea1ng m\u00e1y bay c\u1ee7a ch\u00fang ta s\u1ebd b\u1ecb m\u1ea5t th\u0103ng b\u1eb1ng, c\u00e2n \u0111\u1ed1i v\u00e0 th\u1eadp ch\u1ec9 b\u1ecb &#8230;<\/p>\n","protected":false},"featured_media":16380,"comment_status":"open","ping_status":"closed","template":"","meta":{"_acf_changed":false},"product_brand":[],"product_cat":[176,183],"product_tag":[206,245],"class_list":{"0":"post-4264","1":"product","2":"type-product","3":"status-publish","4":"has-post-thumbnail","6":"product_cat-dji-osmo-drones-accessories","7":"product_cat-phantom-3-accessory","8":"product_tag-phu-kien-dji-en","9":"product_tag-phu-kien-phantom-3-en","11":"first","12":"instock","13":"shipping-taxable","14":"purchasable","15":"product-type-simple"},"acf":[],"yoast_head":"<!-- This site is optimized with the Yoast SEO plugin v25.7 - https:\/\/yoast.com\/wordpress\/plugins\/seo\/ -->\n<title>Motor Phantom 3 - DJI - phantom 3 accessory - available - original.<\/title>\n<meta name=\"description\" content=\"Motor Phantom 3 is one of the most important accessory. Contact us to buy Motor Phantom 3 for best price, fast shipping in Vietnam.\" \/>\n<meta name=\"robots\" content=\"index, follow, max-snippet:-1, max-image-preview:large, max-video-preview:-1\" \/>\n<link rel=\"canonical\" href=\"https:\/\/phukienflytech.vn\/en\/san-pham\/motor-phantom-3.html\" \/>\n<meta property=\"og:locale\" content=\"en_US\" \/>\n<meta property=\"og:type\" content=\"article\" \/>\n<meta property=\"og:title\" content=\"Motor Phantom 3 - DJI - phantom 3 accessory - available - original.\" \/>\n<meta property=\"og:description\" content=\"Motor Phantom 3 is one of the most important accessory. Contact us to buy Motor Phantom 3 for best price, fast shipping in Vietnam.\" \/>\n<meta property=\"og:url\" content=\"https:\/\/phukienflytech.vn\/en\/san-pham\/motor-phantom-3.html\" \/>\n<meta property=\"og:site_name\" content=\"Shop M\u00e1y \u1ea3nh - Action Camera - Gimbal - Flycam - Ph\u1ee5 ki\u1ec7n\" \/>\n<meta property=\"article:publisher\" content=\"https:\/\/facebook.com\/phukienflycam\" \/>\n<meta property=\"article:modified_time\" content=\"2020-10-14T14:54:23+00:00\" \/>\n<meta property=\"og:image\" content=\"https:\/\/phukienflytech.vn\/wp-content\/uploads\/2020\/05\/motor_phantom3.jpg\" \/>\n\t<meta property=\"og:image:width\" content=\"243\" \/>\n\t<meta property=\"og:image:height\" content=\"243\" \/>\n\t<meta property=\"og:image:type\" content=\"image\/jpeg\" \/>\n<meta name=\"twitter:card\" content=\"summary_large_image\" \/>\n<meta name=\"twitter:label1\" content=\"Est. reading time\" \/>\n\t<meta name=\"twitter:data1\" content=\"1 minute\" \/>\n<script type=\"application\/ld+json\" class=\"yoast-schema-graph\">{\"@context\":\"https:\/\/schema.org\",\"@graph\":[{\"@type\":\"WebPage\",\"@id\":\"https:\/\/phukienflytech.vn\/en\/san-pham\/motor-phantom-3.html\",\"url\":\"https:\/\/phukienflytech.vn\/en\/san-pham\/motor-phantom-3.html\",\"name\":\"Motor Phantom 3 - DJI - phantom 3 accessory - available - original.\",\"isPartOf\":{\"@id\":\"https:\/\/phukienflytech.vn\/#website\"},\"primaryImageOfPage\":{\"@id\":\"https:\/\/phukienflytech.vn\/en\/san-pham\/motor-phantom-3.html#primaryimage\"},\"image\":{\"@id\":\"https:\/\/phukienflytech.vn\/en\/san-pham\/motor-phantom-3.html#primaryimage\"},\"thumbnailUrl\":\"https:\/\/phukienflytech.vn\/wp-content\/uploads\/2020\/05\/motor_phantom3.jpg\",\"datePublished\":\"2020-06-18T14:25:38+00:00\",\"dateModified\":\"2020-10-14T14:54:23+00:00\",\"description\":\"Motor Phantom 3 is one of the most important accessory. Contact us to buy Motor Phantom 3 for best price, fast shipping in Vietnam.\",\"breadcrumb\":{\"@id\":\"https:\/\/phukienflytech.vn\/en\/san-pham\/motor-phantom-3.html#breadcrumb\"},\"inLanguage\":\"en-US\",\"potentialAction\":[{\"@type\":\"ReadAction\",\"target\":[\"https:\/\/phukienflytech.vn\/en\/san-pham\/motor-phantom-3.html\"]}]},{\"@type\":\"ImageObject\",\"inLanguage\":\"en-US\",\"@id\":\"https:\/\/phukienflytech.vn\/en\/san-pham\/motor-phantom-3.html#primaryimage\",\"url\":\"https:\/\/phukienflytech.vn\/wp-content\/uploads\/2020\/05\/motor_phantom3.jpg\",\"contentUrl\":\"https:\/\/phukienflytech.vn\/wp-content\/uploads\/2020\/05\/motor_phantom3.jpg\",\"width\":243,\"height\":243},{\"@type\":\"BreadcrumbList\",\"@id\":\"https:\/\/phukienflytech.vn\/en\/san-pham\/motor-phantom-3.html#breadcrumb\",\"itemListElement\":[{\"@type\":\"ListItem\",\"position\":1,\"name\":\"Home\",\"item\":\"https:\/\/phukienflytech.vn\/en\"},{\"@type\":\"ListItem\",\"position\":2,\"name\":\"Ph\u1ee5 ki\u1ec7n Mavic Pro\",\"item\":\"https:\/\/phukienflytech.vn\/en\/phu-kien-mavic-pro.html\"},{\"@type\":\"ListItem\",\"position\":3,\"name\":\"Ph\u1ee5 ki\u1ec7n DJI - Osmo\",\"item\":\"https:\/\/phukienflytech.vn\/danh-muc\/phu-kien-dji-osmo.html\"},{\"@type\":\"ListItem\",\"position\":4,\"name\":\"Motor Phantom 3\"}]},{\"@type\":\"WebSite\",\"@id\":\"https:\/\/phukienflytech.vn\/#website\",\"url\":\"https:\/\/phukienflytech.vn\/\",\"name\":\"Shop M\u00e1y \u1ea3nh - Action Camera - Gimbal - Flycam - Ph\u1ee5 ki\u1ec7n\",\"description\":\"Shop M\u00e1y \u1ea3nh - Action Camera - Gimbal - Flycam - Ph\u1ee5 ki\u1ec7n\",\"publisher\":{\"@id\":\"https:\/\/phukienflytech.vn\/#organization\"},\"potentialAction\":[{\"@type\":\"SearchAction\",\"target\":{\"@type\":\"EntryPoint\",\"urlTemplate\":\"https:\/\/phukienflytech.vn\/?s={search_term_string}\"},\"query-input\":{\"@type\":\"PropertyValueSpecification\",\"valueRequired\":true,\"valueName\":\"search_term_string\"}}],\"inLanguage\":\"en-US\"},{\"@type\":\"Organization\",\"@id\":\"https:\/\/phukienflytech.vn\/#organization\",\"name\":\"DJI Store - Shop Drone, Action camera, Gimbal DJI |Phukienflytech\",\"alternateName\":\"DJI Store - Shop Drone, Action camera, Gimbal DJI |Phukienflytech\",\"url\":\"https:\/\/phukienflytech.vn\/\",\"logo\":{\"@type\":\"ImageObject\",\"inLanguage\":\"en-US\",\"@id\":\"https:\/\/phukienflytech.vn\/#\/schema\/logo\/image\/\",\"url\":\"https:\/\/phukienflytech.vn\/wp-content\/uploads\/2020\/05\/hAnh_nan.jpg1_.jpg\",\"contentUrl\":\"https:\/\/phukienflytech.vn\/wp-content\/uploads\/2020\/05\/hAnh_nan.jpg1_.jpg\",\"width\":800,\"height\":450,\"caption\":\"DJI Store - Shop Drone, Action camera, Gimbal DJI |Phukienflytech\"},\"image\":{\"@id\":\"https:\/\/phukienflytech.vn\/#\/schema\/logo\/image\/\"},\"sameAs\":[\"https:\/\/facebook.com\/phukienflycam\",\"https:\/\/www.youtube.com\/@phukienflytech\",\"https:\/\/www.tiktok.com\/@flytech.channel?fbclid=IwY2xjawGjg7BleHRuA2FlbQIxMAABHYVGmlXpuSMs0UB2zTpYvyT4GMVfN2qJa4urF4vkSQ6FAVBwXZtDP30qQA_aem_UwMiDcUvlEbd2tXAmsc8Og\"]}]}<\/script>\n<!-- \/ Yoast SEO plugin. -->","yoast_head_json":{"title":"Motor Phantom 3 - DJI - phantom 3 accessory - available - original.","description":"Motor Phantom 3 is one of the most important accessory. Contact us to buy Motor Phantom 3 for best price, fast shipping in Vietnam.","robots":{"index":"index","follow":"follow","max-snippet":"max-snippet:-1","max-image-preview":"max-image-preview:large","max-video-preview":"max-video-preview:-1"},"canonical":"https:\/\/phukienflytech.vn\/en\/san-pham\/motor-phantom-3.html","og_locale":"en_US","og_type":"article","og_title":"Motor Phantom 3 - DJI - phantom 3 accessory - available - original.","og_description":"Motor Phantom 3 is one of the most important accessory. Contact us to buy Motor Phantom 3 for best price, fast shipping in Vietnam.","og_url":"https:\/\/phukienflytech.vn\/en\/san-pham\/motor-phantom-3.html","og_site_name":"Shop M\u00e1y \u1ea3nh - Action Camera - Gimbal - Flycam - Ph\u1ee5 ki\u1ec7n","article_publisher":"https:\/\/facebook.com\/phukienflycam","article_modified_time":"2020-10-14T14:54:23+00:00","og_image":[{"width":243,"height":243,"url":"https:\/\/phukienflytech.vn\/wp-content\/uploads\/2020\/05\/motor_phantom3.jpg","type":"image\/jpeg"}],"twitter_card":"summary_large_image","twitter_misc":{"Est. reading time":"1 minute"},"schema":{"@context":"https:\/\/schema.org","@graph":[{"@type":"WebPage","@id":"https:\/\/phukienflytech.vn\/en\/san-pham\/motor-phantom-3.html","url":"https:\/\/phukienflytech.vn\/en\/san-pham\/motor-phantom-3.html","name":"Motor Phantom 3 - DJI - phantom 3 accessory - available - original.","isPartOf":{"@id":"https:\/\/phukienflytech.vn\/#website"},"primaryImageOfPage":{"@id":"https:\/\/phukienflytech.vn\/en\/san-pham\/motor-phantom-3.html#primaryimage"},"image":{"@id":"https:\/\/phukienflytech.vn\/en\/san-pham\/motor-phantom-3.html#primaryimage"},"thumbnailUrl":"https:\/\/phukienflytech.vn\/wp-content\/uploads\/2020\/05\/motor_phantom3.jpg","datePublished":"2020-06-18T14:25:38+00:00","dateModified":"2020-10-14T14:54:23+00:00","description":"Motor Phantom 3 is one of the most important accessory. Contact us to buy Motor Phantom 3 for best price, fast shipping in Vietnam.","breadcrumb":{"@id":"https:\/\/phukienflytech.vn\/en\/san-pham\/motor-phantom-3.html#breadcrumb"},"inLanguage":"en-US","potentialAction":[{"@type":"ReadAction","target":["https:\/\/phukienflytech.vn\/en\/san-pham\/motor-phantom-3.html"]}]},{"@type":"ImageObject","inLanguage":"en-US","@id":"https:\/\/phukienflytech.vn\/en\/san-pham\/motor-phantom-3.html#primaryimage","url":"https:\/\/phukienflytech.vn\/wp-content\/uploads\/2020\/05\/motor_phantom3.jpg","contentUrl":"https:\/\/phukienflytech.vn\/wp-content\/uploads\/2020\/05\/motor_phantom3.jpg","width":243,"height":243},{"@type":"BreadcrumbList","@id":"https:\/\/phukienflytech.vn\/en\/san-pham\/motor-phantom-3.html#breadcrumb","itemListElement":[{"@type":"ListItem","position":1,"name":"Home","item":"https:\/\/phukienflytech.vn\/en"},{"@type":"ListItem","position":2,"name":"Ph\u1ee5 ki\u1ec7n Mavic Pro","item":"https:\/\/phukienflytech.vn\/en\/phu-kien-mavic-pro.html"},{"@type":"ListItem","position":3,"name":"Ph\u1ee5 ki\u1ec7n DJI - Osmo","item":"https:\/\/phukienflytech.vn\/danh-muc\/phu-kien-dji-osmo.html"},{"@type":"ListItem","position":4,"name":"Motor Phantom 3"}]},{"@type":"WebSite","@id":"https:\/\/phukienflytech.vn\/#website","url":"https:\/\/phukienflytech.vn\/","name":"Shop M\u00e1y \u1ea3nh - Action Camera - Gimbal - Flycam - Ph\u1ee5 ki\u1ec7n","description":"Shop M\u00e1y \u1ea3nh - Action Camera - Gimbal - Flycam - Ph\u1ee5 ki\u1ec7n","publisher":{"@id":"https:\/\/phukienflytech.vn\/#organization"},"potentialAction":[{"@type":"SearchAction","target":{"@type":"EntryPoint","urlTemplate":"https:\/\/phukienflytech.vn\/?s={search_term_string}"},"query-input":{"@type":"PropertyValueSpecification","valueRequired":true,"valueName":"search_term_string"}}],"inLanguage":"en-US"},{"@type":"Organization","@id":"https:\/\/phukienflytech.vn\/#organization","name":"DJI Store - Shop Drone, Action camera, Gimbal DJI |Phukienflytech","alternateName":"DJI Store - Shop Drone, Action camera, Gimbal DJI |Phukienflytech","url":"https:\/\/phukienflytech.vn\/","logo":{"@type":"ImageObject","inLanguage":"en-US","@id":"https:\/\/phukienflytech.vn\/#\/schema\/logo\/image\/","url":"https:\/\/phukienflytech.vn\/wp-content\/uploads\/2020\/05\/hAnh_nan.jpg1_.jpg","contentUrl":"https:\/\/phukienflytech.vn\/wp-content\/uploads\/2020\/05\/hAnh_nan.jpg1_.jpg","width":800,"height":450,"caption":"DJI Store - Shop Drone, Action camera, Gimbal DJI |Phukienflytech"},"image":{"@id":"https:\/\/phukienflytech.vn\/#\/schema\/logo\/image\/"},"sameAs":["https:\/\/facebook.com\/phukienflycam","https:\/\/www.youtube.com\/@phukienflytech","https:\/\/www.tiktok.com\/@flytech.channel?fbclid=IwY2xjawGjg7BleHRuA2FlbQIxMAABHYVGmlXpuSMs0UB2zTpYvyT4GMVfN2qJa4urF4vkSQ6FAVBwXZtDP30qQA_aem_UwMiDcUvlEbd2tXAmsc8Og"]}]}},"_links":{"self":[{"href":"https:\/\/phukienflytech.vn\/en\/wp-json\/wp\/v2\/product\/4264","targetHints":{"allow":["GET"]}}],"collection":[{"href":"https:\/\/phukienflytech.vn\/en\/wp-json\/wp\/v2\/product"}],"about":[{"href":"https:\/\/phukienflytech.vn\/en\/wp-json\/wp\/v2\/types\/product"}],"replies":[{"embeddable":true,"href":"https:\/\/phukienflytech.vn\/en\/wp-json\/wp\/v2\/comments?post=4264"}],"wp:featuredmedia":[{"embeddable":true,"href":"https:\/\/phukienflytech.vn\/en\/wp-json\/wp\/v2\/media\/16380"}],"wp:attachment":[{"href":"https:\/\/phukienflytech.vn\/en\/wp-json\/wp\/v2\/media?parent=4264"}],"wp:term":[{"taxonomy":"product_brand","embeddable":true,"href":"https:\/\/phukienflytech.vn\/en\/wp-json\/wp\/v2\/product_brand?post=4264"},{"taxonomy":"product_cat","embeddable":true,"href":"https:\/\/phukienflytech.vn\/en\/wp-json\/wp\/v2\/product_cat?post=4264"},{"taxonomy":"product_tag","embeddable":true,"href":"https:\/\/phukienflytech.vn\/en\/wp-json\/wp\/v2\/product_tag?post=4264"}],"curies":[{"name":"wp","href":"https:\/\/api.w.org\/{rel}","templated":true}]}}