{"id":4306,"date":"2020-06-18T06:30:57","date_gmt":"2020-06-17T23:30:57","guid":{"rendered":"http:\/\/27430.lamdx.vinawebsite.vn\/san-pham\/silicon-tay-khien-dji-smart-controler-mavic-2-ban-co-hoc-che-nang.html"},"modified":"2020-10-12T11:52:03","modified_gmt":"2020-10-12T04:52:03","slug":"dji-smart-controller-cover","status":"publish","type":"product","link":"https:\/\/phukienflytech.vn\/en\/san-pham\/dji-smart-controller-cover.html","title":{"rendered":"DJI Smart controller protection silicon cover included sunshade"},"content":{"rendered":"<h2><span style=\"color: #0000ff;\"><em><strong>DJI Smart controller cover<\/strong><\/em><\/span><\/h2>\n<p>&nbsp;<\/p>\n<p><span style=\"font-size: 18px;\"><em>DJI Smart controller cover<\/em><\/span><\/p>\n<p><span style=\"font-size: 18px;\">Th\u1eadt tuy\u1ec7t v\u1eddi khi bi\u1ebft b\u1ea1n \u0111\u00e3 ho\u1eb7c \u0111ang nghi\u00ean c\u1ee9u \u0111\u1ec3 s\u1edf h\u1eefu cho m\u00ecnh m\u1ed9t b\u1ed9 DJI Smart Controlle \u2013 chi\u1ebfc \u0111i\u1ec1u khi\u1ec3n th\u00f4ng minh chuy\u00ean nghi\u1ec7p \u0111\u1ea7u ti\u00ean d\u00e0nh cho th\u1ebf h\u1ec7 Mavic 2 c\u1ee7a DJI.<\/span><\/p>\n<h2><strong><span style=\"font-size: 20px; color: #0000ff;\"><img loading=\"lazy\" decoding=\"async\" class=\"alignnone wp-image-12082 size-medium\" src=\"https:\/\/phukienflytech.vn\/wp-content\/uploads\/2020\/05\/silicon-tay-khien-dji-smart-controler-mavic-2-ban-co-hoc-che-nang-4285-7-400x400.jpg\" alt=\"DJI-Smart-controller-cover-2\" width=\"400\" height=\"400\" srcset=\"https:\/\/phukienflytech.vn\/wp-content\/uploads\/2020\/05\/silicon-tay-khien-dji-smart-controler-mavic-2-ban-co-hoc-che-nang-4285-7-400x400.jpg 400w, https:\/\/phukienflytech.vn\/wp-content\/uploads\/2020\/05\/silicon-tay-khien-dji-smart-controler-mavic-2-ban-co-hoc-che-nang-4285-7-280x280.jpg 280w, https:\/\/phukienflytech.vn\/wp-content\/uploads\/2020\/05\/silicon-tay-khien-dji-smart-controler-mavic-2-ban-co-hoc-che-nang-4285-7-768x768.jpg 768w, https:\/\/phukienflytech.vn\/wp-content\/uploads\/2020\/05\/silicon-tay-khien-dji-smart-controler-mavic-2-ban-co-hoc-che-nang-4285-7-800x800.jpg 800w, https:\/\/phukienflytech.vn\/wp-content\/uploads\/2020\/05\/silicon-tay-khien-dji-smart-controler-mavic-2-ban-co-hoc-che-nang-4285-7-300x300.jpg 300w, https:\/\/phukienflytech.vn\/wp-content\/uploads\/2020\/05\/silicon-tay-khien-dji-smart-controler-mavic-2-ban-co-hoc-che-nang-4285-7-600x600.jpg 600w, https:\/\/phukienflytech.vn\/wp-content\/uploads\/2020\/05\/silicon-tay-khien-dji-smart-controler-mavic-2-ban-co-hoc-che-nang-4285-7-100x100.jpg 100w, https:\/\/phukienflytech.vn\/wp-content\/uploads\/2020\/05\/silicon-tay-khien-dji-smart-controler-mavic-2-ban-co-hoc-che-nang-4285-7.jpg 1000w\" sizes=\"auto, (max-width: 400px) 100vw, 400px\" \/><\/span><\/strong><\/h2>\n<p><span style=\"font-size: 18px;\">N\u1ebfu b\u1ea1n \u0111\u00e3 mua DJI Smart Controler cho Mavic 2 r\u1ed3i th\u00ec ch\u1eafc h\u1eb3n b\u1ea1n c\u0169ng \u0111ang quan t\u00e2m t\u1edbi c\u00e1ch \u0111\u1ec3 b\u1ea3o v\u1ec7 chi\u1ebfc DJI Smart Controler c\u1ee7a m\u00ecnh t\u1ed1t nh\u1ea5t \u0111\u00fang kh\u00f4ng?<\/span><\/p>\n<h2><strong><span style=\"font-size: 20px; color: #0000ff;\"><img loading=\"lazy\" decoding=\"async\" class=\"alignnone wp-image-12085 size-medium\" src=\"https:\/\/phukienflytech.vn\/wp-content\/uploads\/2020\/05\/silicon-tay-khien-dji-smart-controler-mavic-2-ban-co-hoc-che-nang-4285-1-2-400x400.jpg\" alt=\"DJI-Smart-controller-cover-3\" width=\"400\" height=\"400\" srcset=\"https:\/\/phukienflytech.vn\/wp-content\/uploads\/2020\/05\/silicon-tay-khien-dji-smart-controler-mavic-2-ban-co-hoc-che-nang-4285-1-2-400x400.jpg 400w, https:\/\/phukienflytech.vn\/wp-content\/uploads\/2020\/05\/silicon-tay-khien-dji-smart-controler-mavic-2-ban-co-hoc-che-nang-4285-1-2-280x280.jpg 280w, https:\/\/phukienflytech.vn\/wp-content\/uploads\/2020\/05\/silicon-tay-khien-dji-smart-controler-mavic-2-ban-co-hoc-che-nang-4285-1-2-768x768.jpg 768w, https:\/\/phukienflytech.vn\/wp-content\/uploads\/2020\/05\/silicon-tay-khien-dji-smart-controler-mavic-2-ban-co-hoc-che-nang-4285-1-2-800x800.jpg 800w, https:\/\/phukienflytech.vn\/wp-content\/uploads\/2020\/05\/silicon-tay-khien-dji-smart-controler-mavic-2-ban-co-hoc-che-nang-4285-1-2-300x300.jpg 300w, https:\/\/phukienflytech.vn\/wp-content\/uploads\/2020\/05\/silicon-tay-khien-dji-smart-controler-mavic-2-ban-co-hoc-che-nang-4285-1-2-600x600.jpg 600w, https:\/\/phukienflytech.vn\/wp-content\/uploads\/2020\/05\/silicon-tay-khien-dji-smart-controler-mavic-2-ban-co-hoc-che-nang-4285-1-2-100x100.jpg 100w, https:\/\/phukienflytech.vn\/wp-content\/uploads\/2020\/05\/silicon-tay-khien-dji-smart-controler-mavic-2-ban-co-hoc-che-nang-4285-1-2.jpg 1000w\" sizes=\"auto, (max-width: 400px) 100vw, 400px\" \/><\/span><\/strong><\/h2>\n<p><span style=\"font-size: 18px;\">B\u1ea1n c\u00f3 bi\u1ebft m\u1ed9t trong s\u1ed1 nh\u1eefng ph\u1ee5 ki\u1ec7n DJI Smart controller quan tr\u1ecdng h\u00e0ng \u0111\u1ea7u l\u00e0 g\u00ec ch\u01b0a?<\/span><\/p>\n<h2><strong><span style=\"font-size: 20px; color: #0000ff;\"><img loading=\"lazy\" decoding=\"async\" class=\"alignnone size-medium wp-image-12087\" src=\"https:\/\/phukienflytech.vn\/wp-content\/uploads\/2020\/05\/silicon-tay-khien-dji-smart-controler-mavic-2-ban-co-hoc-che-nang-4285-2-2-400x400.jpg\" alt=\"\" width=\"400\" height=\"400\" srcset=\"https:\/\/phukienflytech.vn\/wp-content\/uploads\/2020\/05\/silicon-tay-khien-dji-smart-controler-mavic-2-ban-co-hoc-che-nang-4285-2-2-400x400.jpg 400w, https:\/\/phukienflytech.vn\/wp-content\/uploads\/2020\/05\/silicon-tay-khien-dji-smart-controler-mavic-2-ban-co-hoc-che-nang-4285-2-2-280x280.jpg 280w, https:\/\/phukienflytech.vn\/wp-content\/uploads\/2020\/05\/silicon-tay-khien-dji-smart-controler-mavic-2-ban-co-hoc-che-nang-4285-2-2-768x768.jpg 768w, https:\/\/phukienflytech.vn\/wp-content\/uploads\/2020\/05\/silicon-tay-khien-dji-smart-controler-mavic-2-ban-co-hoc-che-nang-4285-2-2-800x800.jpg 800w, https:\/\/phukienflytech.vn\/wp-content\/uploads\/2020\/05\/silicon-tay-khien-dji-smart-controler-mavic-2-ban-co-hoc-che-nang-4285-2-2-300x300.jpg 300w, https:\/\/phukienflytech.vn\/wp-content\/uploads\/2020\/05\/silicon-tay-khien-dji-smart-controler-mavic-2-ban-co-hoc-che-nang-4285-2-2-600x600.jpg 600w, https:\/\/phukienflytech.vn\/wp-content\/uploads\/2020\/05\/silicon-tay-khien-dji-smart-controler-mavic-2-ban-co-hoc-che-nang-4285-2-2-100x100.jpg 100w, https:\/\/phukienflytech.vn\/wp-content\/uploads\/2020\/05\/silicon-tay-khien-dji-smart-controler-mavic-2-ban-co-hoc-che-nang-4285-2-2.jpg 1000w\" sizes=\"auto, (max-width: 400px) 100vw, 400px\" \/><\/span><\/strong><\/h2>\n<h2><span style=\"font-size: 21px;\"><strong><span style=\"color: #0000ff;\">D\u01b0\u1edbi \u0111\u00e2y l\u00e0 B\u1ecdc b\u1ea3o v\u1ec7 smart controller\u00a0 c\u00f3 h\u1ed1c che n\u1eafng c\u1ee7a ch\u00fang ta.<\/span><\/strong><\/span><\/h2>\n<h2><strong><span style=\"font-size: 20px; color: #0000ff;\"><img loading=\"lazy\" decoding=\"async\" class=\"alignnone wp-image-12091 size-medium\" src=\"https:\/\/phukienflytech.vn\/wp-content\/uploads\/2020\/05\/silicon-tay-khien-dji-smart-controler-mavic-2-ban-co-hoc-che-nang-4285-4-2-400x400.jpg\" alt=\"DJI-Smart-controller-cover-9\" width=\"400\" height=\"400\" srcset=\"https:\/\/phukienflytech.vn\/wp-content\/uploads\/2020\/05\/silicon-tay-khien-dji-smart-controler-mavic-2-ban-co-hoc-che-nang-4285-4-2-400x400.jpg 400w, https:\/\/phukienflytech.vn\/wp-content\/uploads\/2020\/05\/silicon-tay-khien-dji-smart-controler-mavic-2-ban-co-hoc-che-nang-4285-4-2-280x280.jpg 280w, https:\/\/phukienflytech.vn\/wp-content\/uploads\/2020\/05\/silicon-tay-khien-dji-smart-controler-mavic-2-ban-co-hoc-che-nang-4285-4-2-768x768.jpg 768w, https:\/\/phukienflytech.vn\/wp-content\/uploads\/2020\/05\/silicon-tay-khien-dji-smart-controler-mavic-2-ban-co-hoc-che-nang-4285-4-2-800x800.jpg 800w, https:\/\/phukienflytech.vn\/wp-content\/uploads\/2020\/05\/silicon-tay-khien-dji-smart-controler-mavic-2-ban-co-hoc-che-nang-4285-4-2-300x300.jpg 300w, https:\/\/phukienflytech.vn\/wp-content\/uploads\/2020\/05\/silicon-tay-khien-dji-smart-controler-mavic-2-ban-co-hoc-che-nang-4285-4-2-600x600.jpg 600w, https:\/\/phukienflytech.vn\/wp-content\/uploads\/2020\/05\/silicon-tay-khien-dji-smart-controler-mavic-2-ban-co-hoc-che-nang-4285-4-2-100x100.jpg 100w, https:\/\/phukienflytech.vn\/wp-content\/uploads\/2020\/05\/silicon-tay-khien-dji-smart-controler-mavic-2-ban-co-hoc-che-nang-4285-4-2.jpg 1000w\" sizes=\"auto, (max-width: 400px) 100vw, 400px\" \/><\/span><\/strong><\/h2>\n<p><span style=\"font-size: 18px;\">\u0110\u1eb7c \u0111i\u1ec3m<\/span><\/p>\n<ul>\n<li><span style=\"font-size: 18px;\">Ch\u1ea5t li\u1ec7u : cao su silicon ch\u1ea5t l\u01b0\u1ee3ng cao<\/span><\/li>\n<li><span style=\"font-size: 18px;\">M\u00e0u s\u1eafc : \u0110\u1ecf , \u0110en<\/span><\/li>\n<li><span style=\"font-size: 18px;\">C\u00f4ng d\u1ee5ng : b\u1ecdc to\u00e0n b\u1ed9 tay khi\u1ec3n v\u00e0 c\u00f3 h\u1ed1c che n\u1eafng gi\u00fap vi\u1ec7c quan s\u00e1t m\u00e0n h\u00ecnh \u0111i\u1ec1u khi\u1ec3n s\u1ebd d\u1ec5 d\u00e0ng v\u00e0 r\u00f5 n\u00e9t h\u01a1n.<\/span><\/li>\n<li><span style=\"font-size: 18px;\">S\u1ea3n ph\u1ea9m d\u1ebbo n\u00ean ho\u00e0n to\u00e0n thu g\u1ecdn v\u00e0o vali, t\u00fai \u0111\u1ef1ng, balo<\/span><\/li>\n<li><span style=\"font-size: 18px;\">Ph\u00f9 h\u1ee3p : DJI Smart controller mavic 2<\/span><\/li>\n<li><span style=\"font-size: 18px;\">Nh\u00e0 s\u1ea3n xu\u1ea5t : Sunnylife<\/span><\/li>\n<\/ul>\n<h2><strong><span style=\"font-size: 20px; color: #0000ff;\"><img loading=\"lazy\" decoding=\"async\" class=\"alignnone wp-image-12089 size-medium\" src=\"https:\/\/phukienflytech.vn\/wp-content\/uploads\/2020\/05\/silicon-tay-khien-dji-smart-controler-mavic-2-ban-co-hoc-che-nang-4285-3-2-400x400.jpg\" alt=\"DJI-Smart-controller-cover\" width=\"400\" height=\"400\" srcset=\"https:\/\/phukienflytech.vn\/wp-content\/uploads\/2020\/05\/silicon-tay-khien-dji-smart-controler-mavic-2-ban-co-hoc-che-nang-4285-3-2-400x400.jpg 400w, https:\/\/phukienflytech.vn\/wp-content\/uploads\/2020\/05\/silicon-tay-khien-dji-smart-controler-mavic-2-ban-co-hoc-che-nang-4285-3-2-280x280.jpg 280w, https:\/\/phukienflytech.vn\/wp-content\/uploads\/2020\/05\/silicon-tay-khien-dji-smart-controler-mavic-2-ban-co-hoc-che-nang-4285-3-2-768x768.jpg 768w, https:\/\/phukienflytech.vn\/wp-content\/uploads\/2020\/05\/silicon-tay-khien-dji-smart-controler-mavic-2-ban-co-hoc-che-nang-4285-3-2-800x800.jpg 800w, https:\/\/phukienflytech.vn\/wp-content\/uploads\/2020\/05\/silicon-tay-khien-dji-smart-controler-mavic-2-ban-co-hoc-che-nang-4285-3-2-300x300.jpg 300w, https:\/\/phukienflytech.vn\/wp-content\/uploads\/2020\/05\/silicon-tay-khien-dji-smart-controler-mavic-2-ban-co-hoc-che-nang-4285-3-2-600x600.jpg 600w, https:\/\/phukienflytech.vn\/wp-content\/uploads\/2020\/05\/silicon-tay-khien-dji-smart-controler-mavic-2-ban-co-hoc-che-nang-4285-3-2-100x100.jpg 100w, https:\/\/phukienflytech.vn\/wp-content\/uploads\/2020\/05\/silicon-tay-khien-dji-smart-controler-mavic-2-ban-co-hoc-che-nang-4285-3-2.jpg 1000w\" sizes=\"auto, (max-width: 400px) 100vw, 400px\" \/><\/span><\/strong><\/h2>\n<h2><strong><span style=\"font-size: 20px; color: #0000ff;\"><img loading=\"lazy\" decoding=\"async\" class=\"alignnone size-medium wp-image-12093\" src=\"https:\/\/phukienflytech.vn\/wp-content\/uploads\/2020\/05\/silicon-tay-khien-dji-smart-controler-mavic-2-ban-co-hoc-che-nang-4285-5-2-400x400.jpg\" alt=\"\" width=\"400\" height=\"400\" srcset=\"https:\/\/phukienflytech.vn\/wp-content\/uploads\/2020\/05\/silicon-tay-khien-dji-smart-controler-mavic-2-ban-co-hoc-che-nang-4285-5-2-400x400.jpg 400w, https:\/\/phukienflytech.vn\/wp-content\/uploads\/2020\/05\/silicon-tay-khien-dji-smart-controler-mavic-2-ban-co-hoc-che-nang-4285-5-2-280x280.jpg 280w, https:\/\/phukienflytech.vn\/wp-content\/uploads\/2020\/05\/silicon-tay-khien-dji-smart-controler-mavic-2-ban-co-hoc-che-nang-4285-5-2-768x768.jpg 768w, https:\/\/phukienflytech.vn\/wp-content\/uploads\/2020\/05\/silicon-tay-khien-dji-smart-controler-mavic-2-ban-co-hoc-che-nang-4285-5-2-800x800.jpg 800w, https:\/\/phukienflytech.vn\/wp-content\/uploads\/2020\/05\/silicon-tay-khien-dji-smart-controler-mavic-2-ban-co-hoc-che-nang-4285-5-2-300x300.jpg 300w, https:\/\/phukienflytech.vn\/wp-content\/uploads\/2020\/05\/silicon-tay-khien-dji-smart-controler-mavic-2-ban-co-hoc-che-nang-4285-5-2-600x600.jpg 600w, https:\/\/phukienflytech.vn\/wp-content\/uploads\/2020\/05\/silicon-tay-khien-dji-smart-controler-mavic-2-ban-co-hoc-che-nang-4285-5-2-100x100.jpg 100w, https:\/\/phukienflytech.vn\/wp-content\/uploads\/2020\/05\/silicon-tay-khien-dji-smart-controler-mavic-2-ban-co-hoc-che-nang-4285-5-2.jpg 1000w\" sizes=\"auto, (max-width: 400px) 100vw, 400px\" \/><\/span><\/strong><\/h2>\n<p><span style=\"font-size: 18px;\">Xem th\u00eam &gt;&gt;&gt;&gt; <span style=\"font-size: 19px;\"><a href=\"https:\/\/phukienflytech.vn\/danh-muc\/phu-kien-mavic-2.html\" target=\"_blank\" rel=\"noopener noreferrer\">Ph\u1ee5 ki\u1ec7n mavic 2<\/a><\/span><\/span><\/p>\n<p><span style=\"font-size: 18px;\">Li\u00ean h\u1ec7 v\u1edbi ch\u00fang t\u00f4i qua <span style=\"font-size: 19px;\"><a href=\"https:\/\/www.facebook.com\/phukienflycam\" target=\"_blank\" rel=\"noopener noreferrer\">Fanpage<\/a><\/span><\/span><\/p>\n","protected":false},"excerpt":{"rendered":"<p>DJI Smart controller cover &nbsp; DJI Smart controller cover Th\u1eadt tuy\u1ec7t v\u1eddi khi bi\u1ebft b\u1ea1n \u0111\u00e3 ho\u1eb7c \u0111ang nghi\u00ean c\u1ee9u \u0111\u1ec3 s\u1edf h\u1eefu cho m\u00ecnh m\u1ed9t b\u1ed9 DJI Smart Controlle \u2013 chi\u1ebfc \u0111i\u1ec1u khi\u1ec3n th\u00f4ng minh chuy\u00ean nghi\u1ec7p \u0111\u1ea7u ti\u00ean d\u00e0nh cho th\u1ebf h\u1ec7 Mavic 2 c\u1ee7a DJI. N\u1ebfu b\u1ea1n \u0111\u00e3 mua DJI Smart Controler &#8230;<\/p>\n","protected":false},"featured_media":4305,"comment_status":"open","ping_status":"closed","template":"","meta":{"_acf_changed":false},"product_brand":[],"product_cat":[177],"product_tag":[206,209],"class_list":{"0":"post-4306","1":"product","2":"type-product","3":"status-publish","4":"has-post-thumbnail","6":"product_cat-mavic-2s-accessory","7":"product_tag-phu-kien-dji-en","8":"product_tag-phu-kien-mavic-2-en","10":"first","11":"instock","12":"shipping-taxable","13":"purchasable","14":"product-type-simple"},"acf":[],"yoast_head":"<!-- This site is optimized with the Yoast SEO plugin v25.7 - https:\/\/yoast.com\/wordpress\/plugins\/seo\/ -->\n<title>DJI Smart controller cover - Mavic 2 accessory - Available - Original<\/title>\n<meta name=\"description\" content=\"DJI Smart controller cover is one of the most important accessory. Contact us to buy DJI Smart controller cover for best price, fast shipping\" \/>\n<meta name=\"robots\" content=\"index, follow, max-snippet:-1, max-image-preview:large, max-video-preview:-1\" \/>\n<link rel=\"canonical\" href=\"https:\/\/phukienflytech.vn\/en\/san-pham\/dji-smart-controller-cover.html\" \/>\n<meta property=\"og:locale\" content=\"en_US\" \/>\n<meta property=\"og:type\" content=\"article\" \/>\n<meta property=\"og:title\" content=\"DJI Smart controller cover - Mavic 2 accessory - Available - Original\" \/>\n<meta property=\"og:description\" content=\"DJI Smart controller cover is one of the most important accessory. Contact us to buy DJI Smart controller cover for best price, fast shipping\" \/>\n<meta property=\"og:url\" content=\"https:\/\/phukienflytech.vn\/en\/san-pham\/dji-smart-controller-cover.html\" \/>\n<meta property=\"og:site_name\" content=\"Shop M\u00e1y \u1ea3nh - Action Camera - Gimbal - Flycam - Ph\u1ee5 ki\u1ec7n\" \/>\n<meta property=\"article:publisher\" content=\"https:\/\/facebook.com\/phukienflycam\" \/>\n<meta property=\"article:modified_time\" content=\"2020-10-12T04:52:03+00:00\" \/>\n<meta property=\"og:image\" content=\"https:\/\/phukienflytech.vn\/wp-content\/uploads\/2020\/05\/300x300_boc-silicon-tay-khian-smart-controller-dji-mavic-2-1_-_Copy.png\" \/>\n\t<meta property=\"og:image:width\" content=\"300\" \/>\n\t<meta property=\"og:image:height\" content=\"300\" \/>\n\t<meta property=\"og:image:type\" content=\"image\/png\" \/>\n<meta name=\"twitter:card\" content=\"summary_large_image\" \/>\n<meta name=\"twitter:label1\" content=\"Est. reading time\" \/>\n\t<meta name=\"twitter:data1\" content=\"1 minute\" \/>\n<script type=\"application\/ld+json\" class=\"yoast-schema-graph\">{\"@context\":\"https:\/\/schema.org\",\"@graph\":[{\"@type\":\"WebPage\",\"@id\":\"https:\/\/phukienflytech.vn\/en\/san-pham\/dji-smart-controller-cover.html\",\"url\":\"https:\/\/phukienflytech.vn\/en\/san-pham\/dji-smart-controller-cover.html\",\"name\":\"DJI Smart controller cover - Mavic 2 accessory - Available - Original\",\"isPartOf\":{\"@id\":\"https:\/\/phukienflytech.vn\/#website\"},\"primaryImageOfPage\":{\"@id\":\"https:\/\/phukienflytech.vn\/en\/san-pham\/dji-smart-controller-cover.html#primaryimage\"},\"image\":{\"@id\":\"https:\/\/phukienflytech.vn\/en\/san-pham\/dji-smart-controller-cover.html#primaryimage\"},\"thumbnailUrl\":\"https:\/\/phukienflytech.vn\/wp-content\/uploads\/2020\/05\/300x300_boc-silicon-tay-khian-smart-controller-dji-mavic-2-1_-_Copy.png\",\"datePublished\":\"2020-06-17T23:30:57+00:00\",\"dateModified\":\"2020-10-12T04:52:03+00:00\",\"description\":\"DJI Smart controller cover is one of the most important accessory. Contact us to buy DJI Smart controller cover for best price, fast shipping\",\"breadcrumb\":{\"@id\":\"https:\/\/phukienflytech.vn\/en\/san-pham\/dji-smart-controller-cover.html#breadcrumb\"},\"inLanguage\":\"en-US\",\"potentialAction\":[{\"@type\":\"ReadAction\",\"target\":[\"https:\/\/phukienflytech.vn\/en\/san-pham\/dji-smart-controller-cover.html\"]}]},{\"@type\":\"ImageObject\",\"inLanguage\":\"en-US\",\"@id\":\"https:\/\/phukienflytech.vn\/en\/san-pham\/dji-smart-controller-cover.html#primaryimage\",\"url\":\"https:\/\/phukienflytech.vn\/wp-content\/uploads\/2020\/05\/300x300_boc-silicon-tay-khian-smart-controller-dji-mavic-2-1_-_Copy.png\",\"contentUrl\":\"https:\/\/phukienflytech.vn\/wp-content\/uploads\/2020\/05\/300x300_boc-silicon-tay-khian-smart-controller-dji-mavic-2-1_-_Copy.png\",\"width\":300,\"height\":300},{\"@type\":\"BreadcrumbList\",\"@id\":\"https:\/\/phukienflytech.vn\/en\/san-pham\/dji-smart-controller-cover.html#breadcrumb\",\"itemListElement\":[{\"@type\":\"ListItem\",\"position\":1,\"name\":\"Home\",\"item\":\"https:\/\/phukienflytech.vn\/en\"},{\"@type\":\"ListItem\",\"position\":2,\"name\":\"Ph\u1ee5 ki\u1ec7n Mavic Pro\",\"item\":\"https:\/\/phukienflytech.vn\/en\/phu-kien-mavic-pro.html\"},{\"@type\":\"ListItem\",\"position\":3,\"name\":\"DJI Osmo &amp; Drone's accessories\",\"item\":\"https:\/\/phukienflytech.vn\/en\/danh-muc\/dji-osmo-drones-accessories.html\"},{\"@type\":\"ListItem\",\"position\":4,\"name\":\"Ph\u1ee5 ki\u1ec7n DJI Mavic 2\",\"item\":\"https:\/\/phukienflytech.vn\/en\/danh-muc\/mavic-2s-accessory.html\"},{\"@type\":\"ListItem\",\"position\":5,\"name\":\"DJI Smart controller protection silicon cover included sunshade\"}]},{\"@type\":\"WebSite\",\"@id\":\"https:\/\/phukienflytech.vn\/#website\",\"url\":\"https:\/\/phukienflytech.vn\/\",\"name\":\"Shop M\u00e1y \u1ea3nh - Action Camera - Gimbal - Flycam - Ph\u1ee5 ki\u1ec7n\",\"description\":\"Shop M\u00e1y \u1ea3nh - Action Camera - Gimbal - Flycam - Ph\u1ee5 ki\u1ec7n\",\"publisher\":{\"@id\":\"https:\/\/phukienflytech.vn\/#organization\"},\"potentialAction\":[{\"@type\":\"SearchAction\",\"target\":{\"@type\":\"EntryPoint\",\"urlTemplate\":\"https:\/\/phukienflytech.vn\/?s={search_term_string}\"},\"query-input\":{\"@type\":\"PropertyValueSpecification\",\"valueRequired\":true,\"valueName\":\"search_term_string\"}}],\"inLanguage\":\"en-US\"},{\"@type\":\"Organization\",\"@id\":\"https:\/\/phukienflytech.vn\/#organization\",\"name\":\"DJI Store - Shop Drone, Action camera, Gimbal DJI |Phukienflytech\",\"alternateName\":\"DJI Store - Shop Drone, Action camera, Gimbal DJI |Phukienflytech\",\"url\":\"https:\/\/phukienflytech.vn\/\",\"logo\":{\"@type\":\"ImageObject\",\"inLanguage\":\"en-US\",\"@id\":\"https:\/\/phukienflytech.vn\/#\/schema\/logo\/image\/\",\"url\":\"https:\/\/phukienflytech.vn\/wp-content\/uploads\/2020\/05\/hAnh_nan.jpg1_.jpg\",\"contentUrl\":\"https:\/\/phukienflytech.vn\/wp-content\/uploads\/2020\/05\/hAnh_nan.jpg1_.jpg\",\"width\":800,\"height\":450,\"caption\":\"DJI Store - Shop Drone, Action camera, Gimbal DJI |Phukienflytech\"},\"image\":{\"@id\":\"https:\/\/phukienflytech.vn\/#\/schema\/logo\/image\/\"},\"sameAs\":[\"https:\/\/facebook.com\/phukienflycam\",\"https:\/\/www.youtube.com\/@phukienflytech\",\"https:\/\/www.tiktok.com\/@flytech.channel?fbclid=IwY2xjawGjg7BleHRuA2FlbQIxMAABHYVGmlXpuSMs0UB2zTpYvyT4GMVfN2qJa4urF4vkSQ6FAVBwXZtDP30qQA_aem_UwMiDcUvlEbd2tXAmsc8Og\"]}]}<\/script>\n<!-- \/ Yoast SEO plugin. -->","yoast_head_json":{"title":"DJI Smart controller cover - Mavic 2 accessory - Available - Original","description":"DJI Smart controller cover is one of the most important accessory. Contact us to buy DJI Smart controller cover for best price, fast shipping","robots":{"index":"index","follow":"follow","max-snippet":"max-snippet:-1","max-image-preview":"max-image-preview:large","max-video-preview":"max-video-preview:-1"},"canonical":"https:\/\/phukienflytech.vn\/en\/san-pham\/dji-smart-controller-cover.html","og_locale":"en_US","og_type":"article","og_title":"DJI Smart controller cover - Mavic 2 accessory - Available - Original","og_description":"DJI Smart controller cover is one of the most important accessory. Contact us to buy DJI Smart controller cover for best price, fast shipping","og_url":"https:\/\/phukienflytech.vn\/en\/san-pham\/dji-smart-controller-cover.html","og_site_name":"Shop M\u00e1y \u1ea3nh - Action Camera - Gimbal - Flycam - Ph\u1ee5 ki\u1ec7n","article_publisher":"https:\/\/facebook.com\/phukienflycam","article_modified_time":"2020-10-12T04:52:03+00:00","og_image":[{"width":300,"height":300,"url":"https:\/\/phukienflytech.vn\/wp-content\/uploads\/2020\/05\/300x300_boc-silicon-tay-khian-smart-controller-dji-mavic-2-1_-_Copy.png","type":"image\/png"}],"twitter_card":"summary_large_image","twitter_misc":{"Est. reading time":"1 minute"},"schema":{"@context":"https:\/\/schema.org","@graph":[{"@type":"WebPage","@id":"https:\/\/phukienflytech.vn\/en\/san-pham\/dji-smart-controller-cover.html","url":"https:\/\/phukienflytech.vn\/en\/san-pham\/dji-smart-controller-cover.html","name":"DJI Smart controller cover - Mavic 2 accessory - Available - Original","isPartOf":{"@id":"https:\/\/phukienflytech.vn\/#website"},"primaryImageOfPage":{"@id":"https:\/\/phukienflytech.vn\/en\/san-pham\/dji-smart-controller-cover.html#primaryimage"},"image":{"@id":"https:\/\/phukienflytech.vn\/en\/san-pham\/dji-smart-controller-cover.html#primaryimage"},"thumbnailUrl":"https:\/\/phukienflytech.vn\/wp-content\/uploads\/2020\/05\/300x300_boc-silicon-tay-khian-smart-controller-dji-mavic-2-1_-_Copy.png","datePublished":"2020-06-17T23:30:57+00:00","dateModified":"2020-10-12T04:52:03+00:00","description":"DJI Smart controller cover is one of the most important accessory. Contact us to buy DJI Smart controller cover for best price, fast shipping","breadcrumb":{"@id":"https:\/\/phukienflytech.vn\/en\/san-pham\/dji-smart-controller-cover.html#breadcrumb"},"inLanguage":"en-US","potentialAction":[{"@type":"ReadAction","target":["https:\/\/phukienflytech.vn\/en\/san-pham\/dji-smart-controller-cover.html"]}]},{"@type":"ImageObject","inLanguage":"en-US","@id":"https:\/\/phukienflytech.vn\/en\/san-pham\/dji-smart-controller-cover.html#primaryimage","url":"https:\/\/phukienflytech.vn\/wp-content\/uploads\/2020\/05\/300x300_boc-silicon-tay-khian-smart-controller-dji-mavic-2-1_-_Copy.png","contentUrl":"https:\/\/phukienflytech.vn\/wp-content\/uploads\/2020\/05\/300x300_boc-silicon-tay-khian-smart-controller-dji-mavic-2-1_-_Copy.png","width":300,"height":300},{"@type":"BreadcrumbList","@id":"https:\/\/phukienflytech.vn\/en\/san-pham\/dji-smart-controller-cover.html#breadcrumb","itemListElement":[{"@type":"ListItem","position":1,"name":"Home","item":"https:\/\/phukienflytech.vn\/en"},{"@type":"ListItem","position":2,"name":"Ph\u1ee5 ki\u1ec7n Mavic Pro","item":"https:\/\/phukienflytech.vn\/en\/phu-kien-mavic-pro.html"},{"@type":"ListItem","position":3,"name":"DJI Osmo &amp; Drone's accessories","item":"https:\/\/phukienflytech.vn\/en\/danh-muc\/dji-osmo-drones-accessories.html"},{"@type":"ListItem","position":4,"name":"Ph\u1ee5 ki\u1ec7n DJI Mavic 2","item":"https:\/\/phukienflytech.vn\/en\/danh-muc\/mavic-2s-accessory.html"},{"@type":"ListItem","position":5,"name":"DJI Smart controller protection silicon cover included sunshade"}]},{"@type":"WebSite","@id":"https:\/\/phukienflytech.vn\/#website","url":"https:\/\/phukienflytech.vn\/","name":"Shop M\u00e1y \u1ea3nh - Action Camera - Gimbal - Flycam - Ph\u1ee5 ki\u1ec7n","description":"Shop M\u00e1y \u1ea3nh - Action Camera - Gimbal - Flycam - Ph\u1ee5 ki\u1ec7n","publisher":{"@id":"https:\/\/phukienflytech.vn\/#organization"},"potentialAction":[{"@type":"SearchAction","target":{"@type":"EntryPoint","urlTemplate":"https:\/\/phukienflytech.vn\/?s={search_term_string}"},"query-input":{"@type":"PropertyValueSpecification","valueRequired":true,"valueName":"search_term_string"}}],"inLanguage":"en-US"},{"@type":"Organization","@id":"https:\/\/phukienflytech.vn\/#organization","name":"DJI Store - Shop Drone, Action camera, Gimbal DJI |Phukienflytech","alternateName":"DJI Store - Shop Drone, Action camera, Gimbal DJI |Phukienflytech","url":"https:\/\/phukienflytech.vn\/","logo":{"@type":"ImageObject","inLanguage":"en-US","@id":"https:\/\/phukienflytech.vn\/#\/schema\/logo\/image\/","url":"https:\/\/phukienflytech.vn\/wp-content\/uploads\/2020\/05\/hAnh_nan.jpg1_.jpg","contentUrl":"https:\/\/phukienflytech.vn\/wp-content\/uploads\/2020\/05\/hAnh_nan.jpg1_.jpg","width":800,"height":450,"caption":"DJI Store - Shop Drone, Action camera, Gimbal DJI |Phukienflytech"},"image":{"@id":"https:\/\/phukienflytech.vn\/#\/schema\/logo\/image\/"},"sameAs":["https:\/\/facebook.com\/phukienflycam","https:\/\/www.youtube.com\/@phukienflytech","https:\/\/www.tiktok.com\/@flytech.channel?fbclid=IwY2xjawGjg7BleHRuA2FlbQIxMAABHYVGmlXpuSMs0UB2zTpYvyT4GMVfN2qJa4urF4vkSQ6FAVBwXZtDP30qQA_aem_UwMiDcUvlEbd2tXAmsc8Og"]}]}},"_links":{"self":[{"href":"https:\/\/phukienflytech.vn\/en\/wp-json\/wp\/v2\/product\/4306","targetHints":{"allow":["GET"]}}],"collection":[{"href":"https:\/\/phukienflytech.vn\/en\/wp-json\/wp\/v2\/product"}],"about":[{"href":"https:\/\/phukienflytech.vn\/en\/wp-json\/wp\/v2\/types\/product"}],"replies":[{"embeddable":true,"href":"https:\/\/phukienflytech.vn\/en\/wp-json\/wp\/v2\/comments?post=4306"}],"wp:featuredmedia":[{"embeddable":true,"href":"https:\/\/phukienflytech.vn\/en\/wp-json\/wp\/v2\/media\/4305"}],"wp:attachment":[{"href":"https:\/\/phukienflytech.vn\/en\/wp-json\/wp\/v2\/media?parent=4306"}],"wp:term":[{"taxonomy":"product_brand","embeddable":true,"href":"https:\/\/phukienflytech.vn\/en\/wp-json\/wp\/v2\/product_brand?post=4306"},{"taxonomy":"product_cat","embeddable":true,"href":"https:\/\/phukienflytech.vn\/en\/wp-json\/wp\/v2\/product_cat?post=4306"},{"taxonomy":"product_tag","embeddable":true,"href":"https:\/\/phukienflytech.vn\/en\/wp-json\/wp\/v2\/product_tag?post=4306"}],"curies":[{"name":"wp","href":"https:\/\/api.w.org\/{rel}","templated":true}]}}