{"id":4320,"date":"2020-06-19T06:37:01","date_gmt":"2020-06-18T23:37:01","guid":{"rendered":"http:\/\/27430.lamdx.vinawebsite.vn\/san-pham\/kinh-cuong-luc-dji-smart-controller.html"},"modified":"2021-03-27T19:45:41","modified_gmt":"2021-03-27T12:45:41","slug":"smart-controller-screen-protection-glass","status":"publish","type":"product","link":"https:\/\/phukienflytech.vn\/en\/san-pham\/smart-controller-screen-protection-glass.html","title":{"rendered":"DJI Smart Controller Screen tempered  protection glass"},"content":{"rendered":"<h2><span style=\"color: #0000ff;\"><em><strong>Smart Controller Screen protection glass<\/strong> <\/em><\/span><\/h2>\n<p>&nbsp;<\/p>\n<p><span style=\"font-size: 20px;\">Smart Controller Screen protection glass<\/span><\/p>\n<p><span style=\"font-size: 18px;\"><em><strong><img loading=\"lazy\" decoding=\"async\" class=\"alignnone size-medium wp-image-12015\" src=\"https:\/\/phukienflytech.vn\/wp-content\/uploads\/2020\/05\/kinh-cuong-luc-dji-smart-controller-4296-5-400x400.jpg\" alt=\"\" width=\"400\" height=\"400\" srcset=\"https:\/\/phukienflytech.vn\/wp-content\/uploads\/2020\/05\/kinh-cuong-luc-dji-smart-controller-4296-5-400x400.jpg 400w, https:\/\/phukienflytech.vn\/wp-content\/uploads\/2020\/05\/kinh-cuong-luc-dji-smart-controller-4296-5-280x280.jpg 280w, https:\/\/phukienflytech.vn\/wp-content\/uploads\/2020\/05\/kinh-cuong-luc-dji-smart-controller-4296-5-768x768.jpg 768w, https:\/\/phukienflytech.vn\/wp-content\/uploads\/2020\/05\/kinh-cuong-luc-dji-smart-controller-4296-5-800x800.jpg 800w, https:\/\/phukienflytech.vn\/wp-content\/uploads\/2020\/05\/kinh-cuong-luc-dji-smart-controller-4296-5-300x300.jpg 300w, https:\/\/phukienflytech.vn\/wp-content\/uploads\/2020\/05\/kinh-cuong-luc-dji-smart-controller-4296-5-600x600.jpg 600w, https:\/\/phukienflytech.vn\/wp-content\/uploads\/2020\/05\/kinh-cuong-luc-dji-smart-controller-4296-5-100x100.jpg 100w, https:\/\/phukienflytech.vn\/wp-content\/uploads\/2020\/05\/kinh-cuong-luc-dji-smart-controller-4296-5.jpg 1000w\" sizes=\"auto, (max-width: 400px) 100vw, 400px\" \/><\/strong><\/em><\/span><\/p>\n<p><span style=\"font-size: 18px;\">Th\u1eadt tuy\u1ec7t v\u1eddi khi bi\u1ebft b\u1ea1n \u0111\u00e3 ho\u1eb7c \u0111ang nghi\u00ean c\u1ee9u \u0111\u1ec3 s\u1edf h\u1eefu cho m\u00ecnh m\u1ed9t b\u1ed9 DJI Smart Controlle \u2013 chi\u1ebfc \u0111i\u1ec1u khi\u1ec3n th\u00f4ng minh chuy\u00ean nghi\u1ec7p \u0111\u1ea7u ti\u00ean d\u00e0nh cho th\u1ebf h\u1ec7 Mavic 2 c\u1ee7a DJI.<\/span><\/p>\n<p><span style=\"font-size: 18px;\"><em><strong><img loading=\"lazy\" decoding=\"async\" class=\"alignnone size-medium wp-image-12019\" src=\"https:\/\/phukienflytech.vn\/wp-content\/uploads\/2020\/05\/kinh-cuong-luc-dji-smart-controller-4296-2-1-400x400.jpg\" alt=\"\" width=\"400\" height=\"400\" srcset=\"https:\/\/phukienflytech.vn\/wp-content\/uploads\/2020\/05\/kinh-cuong-luc-dji-smart-controller-4296-2-1-400x400.jpg 400w, https:\/\/phukienflytech.vn\/wp-content\/uploads\/2020\/05\/kinh-cuong-luc-dji-smart-controller-4296-2-1-280x280.jpg 280w, https:\/\/phukienflytech.vn\/wp-content\/uploads\/2020\/05\/kinh-cuong-luc-dji-smart-controller-4296-2-1-768x768.jpg 768w, https:\/\/phukienflytech.vn\/wp-content\/uploads\/2020\/05\/kinh-cuong-luc-dji-smart-controller-4296-2-1-800x800.jpg 800w, https:\/\/phukienflytech.vn\/wp-content\/uploads\/2020\/05\/kinh-cuong-luc-dji-smart-controller-4296-2-1-300x300.jpg 300w, https:\/\/phukienflytech.vn\/wp-content\/uploads\/2020\/05\/kinh-cuong-luc-dji-smart-controller-4296-2-1-600x600.jpg 600w, https:\/\/phukienflytech.vn\/wp-content\/uploads\/2020\/05\/kinh-cuong-luc-dji-smart-controller-4296-2-1-100x100.jpg 100w, https:\/\/phukienflytech.vn\/wp-content\/uploads\/2020\/05\/kinh-cuong-luc-dji-smart-controller-4296-2-1.jpg 1000w\" sizes=\"auto, (max-width: 400px) 100vw, 400px\" \/><\/strong><\/em><\/span><\/p>\n<p><span style=\"font-size: 18px;\">N\u1ebfu b\u1ea1n \u0111\u00e3\u00a0<em><strong>mua DJI Smart Controler<\/strong><\/em>\u00a0cho Mavic 2 r\u1ed3i th\u00ec ch\u1eafc h\u1eb3n b\u1ea1n c\u0169ng \u0111ang quan t\u00e2m t\u1edbi c\u00e1ch \u0111\u1ec3 b\u1ea3o v\u1ec7 chi\u1ebfc DJI Smart Controler c\u1ee7a m\u00ecnh t\u1ed1t nh\u1ea5t \u0111\u00fang kh\u00f4ng?<\/span><\/p>\n<p><span style=\"font-size: 18px;\"><img loading=\"lazy\" decoding=\"async\" class=\"alignnone\" src=\"https:\/\/phukienflytech.vn\/wp-content\/uploads\/2020\/05\/kinh-cuong-luc-dji-smart-controller-4296-2.jpg\" alt=\"\" width=\"450\" height=\"450\" \/><\/span><\/p>\n<p><span style=\"font-size: 18px;\">B\u1ea1n c\u00f3 bi\u1ebft m\u1ed9t trong s\u1ed1 nh\u1eefng\u00a0<em><strong>ph\u1ee5 ki\u1ec7n Smart controller<\/strong><\/em>\u00a0quan tr\u1ecdng h\u00e0ng \u0111\u1ea7u l\u00e0 g\u00ec ch\u01b0a? V\u1edbi ch\u00fang t\u00f4i, b\u1ea3o v\u1ec7 2 chi\u1ebfc c\u1ea7n joystick v\u00e0 m\u00e0n h\u00ecnh hi\u1ec3n th\u1ecb 5.5 l\u00e0 \u0111i\u1ec1u b\u1ea1n c\u1ea7n ch\u00fa \u00fd \u0111\u1ea7u ti\u00ean.<\/span><\/p>\n<p><span style=\"font-size: 18px;\"><em><strong><img loading=\"lazy\" decoding=\"async\" class=\"alignnone wp-image-12021 size-medium\" src=\"https:\/\/phukienflytech.vn\/wp-content\/uploads\/2020\/05\/kinh-cuong-luc-dji-smart-controller-4296-3-1-400x400.jpg\" alt=\"Smart-Controller-Screen-protection-glass \" width=\"400\" height=\"400\" srcset=\"https:\/\/phukienflytech.vn\/wp-content\/uploads\/2020\/05\/kinh-cuong-luc-dji-smart-controller-4296-3-1-400x400.jpg 400w, https:\/\/phukienflytech.vn\/wp-content\/uploads\/2020\/05\/kinh-cuong-luc-dji-smart-controller-4296-3-1-280x280.jpg 280w, https:\/\/phukienflytech.vn\/wp-content\/uploads\/2020\/05\/kinh-cuong-luc-dji-smart-controller-4296-3-1-768x768.jpg 768w, https:\/\/phukienflytech.vn\/wp-content\/uploads\/2020\/05\/kinh-cuong-luc-dji-smart-controller-4296-3-1-800x800.jpg 800w, https:\/\/phukienflytech.vn\/wp-content\/uploads\/2020\/05\/kinh-cuong-luc-dji-smart-controller-4296-3-1-300x300.jpg 300w, https:\/\/phukienflytech.vn\/wp-content\/uploads\/2020\/05\/kinh-cuong-luc-dji-smart-controller-4296-3-1-600x600.jpg 600w, https:\/\/phukienflytech.vn\/wp-content\/uploads\/2020\/05\/kinh-cuong-luc-dji-smart-controller-4296-3-1-100x100.jpg 100w, https:\/\/phukienflytech.vn\/wp-content\/uploads\/2020\/05\/kinh-cuong-luc-dji-smart-controller-4296-3-1.jpg 1000w\" sizes=\"auto, (max-width: 400px) 100vw, 400px\" \/><\/strong><\/em><\/span><\/p>\n<p><span style=\"font-size: 18px;\"><em><strong>K\u00ednh c\u01b0\u1eddng l\u1ef1c Smart controller<\/strong><\/em>\u00a0\u2013 b\u1ea3n c\u01b0\u1eddng l\u1ef1c<\/span><\/p>\n<p><span style=\"font-size: 18px;\">\u0110\u1eb7c \u0111i\u1ec3m:<\/span><\/p>\n<ul>\n<li><span style=\"font-size: 18px;\">K\u00ednh c\u01b0\u1eddng l\u1ef1c<\/span><\/li>\n<li><span style=\"font-size: 18px;\">\u0110\u1ed9 d\u00e0y:<\/span><\/li>\n<li><span style=\"font-size: 18px;\">K\u00edch th\u01b0\u1edbc: \u0111\u00fac chu\u1ea9n theo m\u00e0n h\u00ecnh<\/span><\/li>\n<li><span style=\"font-size: 18px;\">Nh\u00e0 s\u1ea3n xu\u1ea5t: Sunnylife<\/span><\/li>\n<\/ul>\n<p><span style=\"font-size: 18px;\"><em><strong><img loading=\"lazy\" decoding=\"async\" class=\"alignnone wp-image-12023 size-medium\" src=\"https:\/\/phukienflytech.vn\/wp-content\/uploads\/2020\/05\/kinh-cuong-luc-dji-smart-controller-4296-4-1-400x400.jpg\" alt=\"Smart-Controller-Screen-protection-glass -9\" width=\"400\" height=\"400\" srcset=\"https:\/\/phukienflytech.vn\/wp-content\/uploads\/2020\/05\/kinh-cuong-luc-dji-smart-controller-4296-4-1-400x400.jpg 400w, https:\/\/phukienflytech.vn\/wp-content\/uploads\/2020\/05\/kinh-cuong-luc-dji-smart-controller-4296-4-1-280x280.jpg 280w, https:\/\/phukienflytech.vn\/wp-content\/uploads\/2020\/05\/kinh-cuong-luc-dji-smart-controller-4296-4-1-768x768.jpg 768w, https:\/\/phukienflytech.vn\/wp-content\/uploads\/2020\/05\/kinh-cuong-luc-dji-smart-controller-4296-4-1-800x800.jpg 800w, https:\/\/phukienflytech.vn\/wp-content\/uploads\/2020\/05\/kinh-cuong-luc-dji-smart-controller-4296-4-1-300x300.jpg 300w, https:\/\/phukienflytech.vn\/wp-content\/uploads\/2020\/05\/kinh-cuong-luc-dji-smart-controller-4296-4-1-600x600.jpg 600w, https:\/\/phukienflytech.vn\/wp-content\/uploads\/2020\/05\/kinh-cuong-luc-dji-smart-controller-4296-4-1-100x100.jpg 100w, https:\/\/phukienflytech.vn\/wp-content\/uploads\/2020\/05\/kinh-cuong-luc-dji-smart-controller-4296-4-1.jpg 1000w\" sizes=\"auto, (max-width: 400px) 100vw, 400px\" \/><\/strong><\/em><\/span><\/p>\n<p><span style=\"font-size: 18px;\"><em><strong>\u00a0 Ph\u1ee5 ki\u1ec7n dji smart controller Mavic 2 pro zoom<\/strong><\/em><\/span><\/p>\n<p><span style=\"font-size: 18px;\">Xem th\u00eam &gt;&gt;&gt; <span style=\"color: #0000ff;\"><strong><span style=\"font-size: 20px;\"><a style=\"color: #0000ff;\" href=\"https:\/\/phukienflytech.vn\/danh-muc\/phu-kien-mavic-2.html\" target=\"_blank\" rel=\"noopener noreferrer\">Ph\u1ee5 ki\u1ec7n mavic 2<\/a><\/span><\/strong><\/span><\/span><\/p>\n<p><span style=\"font-size: 18px;\">Li\u00ean h\u1ec7 v\u1edbi ch\u00fang t\u00f4i qua <span style=\"font-size: 20px; color: #0000ff;\"><a style=\"color: #0000ff;\" href=\"https:\/\/www.facebook.com\/phukienflycam\" target=\"_blank\" rel=\"noopener noreferrer\">Fanpage<\/a><\/span><\/span><\/p>\n","protected":false},"excerpt":{"rendered":"<p>Smart Controller Screen protection glass &nbsp; Smart Controller Screen protection glass Th\u1eadt tuy\u1ec7t v\u1eddi khi bi\u1ebft b\u1ea1n \u0111\u00e3 ho\u1eb7c \u0111ang nghi\u00ean c\u1ee9u \u0111\u1ec3 s\u1edf h\u1eefu cho m\u00ecnh m\u1ed9t b\u1ed9 DJI Smart Controlle \u2013 chi\u1ebfc \u0111i\u1ec1u khi\u1ec3n th\u00f4ng minh chuy\u00ean nghi\u1ec7p \u0111\u1ea7u ti\u00ean d\u00e0nh cho th\u1ebf h\u1ec7 Mavic 2 c\u1ee7a DJI. N\u1ebfu b\u1ea1n \u0111\u00e3\u00a0mua DJI Smart &#8230;<\/p>\n","protected":false},"featured_media":4308,"comment_status":"open","ping_status":"closed","template":"","meta":{"_acf_changed":false},"product_brand":[],"product_cat":[177],"product_tag":[307,206,209],"class_list":{"0":"post-4320","1":"product","2":"type-product","3":"status-publish","4":"has-post-thumbnail","6":"product_cat-mavic-2s-accessory","7":"product_tag-kinh-cuong-luc-smart-controller-en","8":"product_tag-phu-kien-dji-en","9":"product_tag-phu-kien-mavic-2-en","11":"first","12":"instock","13":"shipping-taxable","14":"purchasable","15":"product-type-simple"},"acf":[],"yoast_head":"<!-- This site is optimized with the Yoast SEO plugin v25.7 - https:\/\/yoast.com\/wordpress\/plugins\/seo\/ -->\n<title>Smart Controller Screen protection glass - Mavic 2 accessory - Available<\/title>\n<meta name=\"description\" content=\"Smart Controller Screen protection glass is one of the most important accessory. Contact us to buy Smart Controller Screen protection glass\" \/>\n<meta name=\"robots\" content=\"index, follow, max-snippet:-1, max-image-preview:large, max-video-preview:-1\" \/>\n<link rel=\"canonical\" href=\"https:\/\/phukienflytech.vn\/en\/san-pham\/smart-controller-screen-protection-glass.html\" \/>\n<meta property=\"og:locale\" content=\"en_US\" \/>\n<meta property=\"og:type\" content=\"article\" \/>\n<meta property=\"og:title\" content=\"Smart Controller Screen protection glass - Mavic 2 accessory - Available\" \/>\n<meta property=\"og:description\" content=\"Smart Controller Screen protection glass is one of the most important accessory. Contact us to buy Smart Controller Screen protection glass\" \/>\n<meta property=\"og:url\" content=\"https:\/\/phukienflytech.vn\/en\/san-pham\/smart-controller-screen-protection-glass.html\" \/>\n<meta property=\"og:site_name\" content=\"Shop M\u00e1y \u1ea3nh - Action Camera - Gimbal - Flycam - Ph\u1ee5 ki\u1ec7n\" \/>\n<meta property=\"article:publisher\" content=\"https:\/\/facebook.com\/phukienflycam\" \/>\n<meta property=\"article:modified_time\" content=\"2021-03-27T12:45:41+00:00\" \/>\n<meta property=\"og:image\" content=\"https:\/\/phukienflytech.vn\/wp-content\/uploads\/2020\/05\/300x300_phu-kien-flycam-dji-mavic-2-smart-controller-phu-kien_-_Copy.png\" \/>\n\t<meta property=\"og:image:width\" content=\"300\" \/>\n\t<meta property=\"og:image:height\" content=\"300\" \/>\n\t<meta property=\"og:image:type\" content=\"image\/png\" \/>\n<meta name=\"twitter:card\" content=\"summary_large_image\" \/>\n<meta name=\"twitter:label1\" content=\"Est. reading time\" \/>\n\t<meta name=\"twitter:data1\" content=\"1 minute\" \/>\n<script type=\"application\/ld+json\" class=\"yoast-schema-graph\">{\"@context\":\"https:\/\/schema.org\",\"@graph\":[{\"@type\":\"WebPage\",\"@id\":\"https:\/\/phukienflytech.vn\/en\/san-pham\/smart-controller-screen-protection-glass.html\",\"url\":\"https:\/\/phukienflytech.vn\/en\/san-pham\/smart-controller-screen-protection-glass.html\",\"name\":\"Smart Controller Screen protection glass - Mavic 2 accessory - Available\",\"isPartOf\":{\"@id\":\"https:\/\/phukienflytech.vn\/#website\"},\"primaryImageOfPage\":{\"@id\":\"https:\/\/phukienflytech.vn\/en\/san-pham\/smart-controller-screen-protection-glass.html#primaryimage\"},\"image\":{\"@id\":\"https:\/\/phukienflytech.vn\/en\/san-pham\/smart-controller-screen-protection-glass.html#primaryimage\"},\"thumbnailUrl\":\"https:\/\/phukienflytech.vn\/wp-content\/uploads\/2020\/05\/300x300_phu-kien-flycam-dji-mavic-2-smart-controller-phu-kien_-_Copy.png\",\"datePublished\":\"2020-06-18T23:37:01+00:00\",\"dateModified\":\"2021-03-27T12:45:41+00:00\",\"description\":\"Smart Controller Screen protection glass is one of the most important accessory. Contact us to buy Smart Controller Screen protection glass\",\"breadcrumb\":{\"@id\":\"https:\/\/phukienflytech.vn\/en\/san-pham\/smart-controller-screen-protection-glass.html#breadcrumb\"},\"inLanguage\":\"en-US\",\"potentialAction\":[{\"@type\":\"ReadAction\",\"target\":[\"https:\/\/phukienflytech.vn\/en\/san-pham\/smart-controller-screen-protection-glass.html\"]}]},{\"@type\":\"ImageObject\",\"inLanguage\":\"en-US\",\"@id\":\"https:\/\/phukienflytech.vn\/en\/san-pham\/smart-controller-screen-protection-glass.html#primaryimage\",\"url\":\"https:\/\/phukienflytech.vn\/wp-content\/uploads\/2020\/05\/300x300_phu-kien-flycam-dji-mavic-2-smart-controller-phu-kien_-_Copy.png\",\"contentUrl\":\"https:\/\/phukienflytech.vn\/wp-content\/uploads\/2020\/05\/300x300_phu-kien-flycam-dji-mavic-2-smart-controller-phu-kien_-_Copy.png\",\"width\":300,\"height\":300},{\"@type\":\"BreadcrumbList\",\"@id\":\"https:\/\/phukienflytech.vn\/en\/san-pham\/smart-controller-screen-protection-glass.html#breadcrumb\",\"itemListElement\":[{\"@type\":\"ListItem\",\"position\":1,\"name\":\"Home\",\"item\":\"https:\/\/phukienflytech.vn\/en\"},{\"@type\":\"ListItem\",\"position\":2,\"name\":\"Ph\u1ee5 ki\u1ec7n Mavic Pro\",\"item\":\"https:\/\/phukienflytech.vn\/en\/phu-kien-mavic-pro.html\"},{\"@type\":\"ListItem\",\"position\":3,\"name\":\"DJI Osmo &amp; Drone's accessories\",\"item\":\"https:\/\/phukienflytech.vn\/en\/danh-muc\/dji-osmo-drones-accessories.html\"},{\"@type\":\"ListItem\",\"position\":4,\"name\":\"Ph\u1ee5 ki\u1ec7n DJI Mavic 2\",\"item\":\"https:\/\/phukienflytech.vn\/en\/danh-muc\/mavic-2s-accessory.html\"},{\"@type\":\"ListItem\",\"position\":5,\"name\":\"DJI Smart Controller Screen tempered protection glass\"}]},{\"@type\":\"WebSite\",\"@id\":\"https:\/\/phukienflytech.vn\/#website\",\"url\":\"https:\/\/phukienflytech.vn\/\",\"name\":\"Shop M\u00e1y \u1ea3nh - Action Camera - Gimbal - Flycam - Ph\u1ee5 ki\u1ec7n\",\"description\":\"Shop M\u00e1y \u1ea3nh - Action Camera - Gimbal - Flycam - Ph\u1ee5 ki\u1ec7n\",\"publisher\":{\"@id\":\"https:\/\/phukienflytech.vn\/#organization\"},\"potentialAction\":[{\"@type\":\"SearchAction\",\"target\":{\"@type\":\"EntryPoint\",\"urlTemplate\":\"https:\/\/phukienflytech.vn\/?s={search_term_string}\"},\"query-input\":{\"@type\":\"PropertyValueSpecification\",\"valueRequired\":true,\"valueName\":\"search_term_string\"}}],\"inLanguage\":\"en-US\"},{\"@type\":\"Organization\",\"@id\":\"https:\/\/phukienflytech.vn\/#organization\",\"name\":\"DJI Store - Shop Drone, Action camera, Gimbal DJI |Phukienflytech\",\"alternateName\":\"DJI Store - Shop Drone, Action camera, Gimbal DJI |Phukienflytech\",\"url\":\"https:\/\/phukienflytech.vn\/\",\"logo\":{\"@type\":\"ImageObject\",\"inLanguage\":\"en-US\",\"@id\":\"https:\/\/phukienflytech.vn\/#\/schema\/logo\/image\/\",\"url\":\"https:\/\/phukienflytech.vn\/wp-content\/uploads\/2020\/05\/hAnh_nan.jpg1_.jpg\",\"contentUrl\":\"https:\/\/phukienflytech.vn\/wp-content\/uploads\/2020\/05\/hAnh_nan.jpg1_.jpg\",\"width\":800,\"height\":450,\"caption\":\"DJI Store - Shop Drone, Action camera, Gimbal DJI |Phukienflytech\"},\"image\":{\"@id\":\"https:\/\/phukienflytech.vn\/#\/schema\/logo\/image\/\"},\"sameAs\":[\"https:\/\/facebook.com\/phukienflycam\",\"https:\/\/www.youtube.com\/@phukienflytech\",\"https:\/\/www.tiktok.com\/@flytech.channel?fbclid=IwY2xjawGjg7BleHRuA2FlbQIxMAABHYVGmlXpuSMs0UB2zTpYvyT4GMVfN2qJa4urF4vkSQ6FAVBwXZtDP30qQA_aem_UwMiDcUvlEbd2tXAmsc8Og\"]}]}<\/script>\n<!-- \/ Yoast SEO plugin. -->","yoast_head_json":{"title":"Smart Controller Screen protection glass - Mavic 2 accessory - Available","description":"Smart Controller Screen protection glass is one of the most important accessory. Contact us to buy Smart Controller Screen protection glass","robots":{"index":"index","follow":"follow","max-snippet":"max-snippet:-1","max-image-preview":"max-image-preview:large","max-video-preview":"max-video-preview:-1"},"canonical":"https:\/\/phukienflytech.vn\/en\/san-pham\/smart-controller-screen-protection-glass.html","og_locale":"en_US","og_type":"article","og_title":"Smart Controller Screen protection glass - Mavic 2 accessory - Available","og_description":"Smart Controller Screen protection glass is one of the most important accessory. Contact us to buy Smart Controller Screen protection glass","og_url":"https:\/\/phukienflytech.vn\/en\/san-pham\/smart-controller-screen-protection-glass.html","og_site_name":"Shop M\u00e1y \u1ea3nh - Action Camera - Gimbal - Flycam - Ph\u1ee5 ki\u1ec7n","article_publisher":"https:\/\/facebook.com\/phukienflycam","article_modified_time":"2021-03-27T12:45:41+00:00","og_image":[{"width":300,"height":300,"url":"https:\/\/phukienflytech.vn\/wp-content\/uploads\/2020\/05\/300x300_phu-kien-flycam-dji-mavic-2-smart-controller-phu-kien_-_Copy.png","type":"image\/png"}],"twitter_card":"summary_large_image","twitter_misc":{"Est. reading time":"1 minute"},"schema":{"@context":"https:\/\/schema.org","@graph":[{"@type":"WebPage","@id":"https:\/\/phukienflytech.vn\/en\/san-pham\/smart-controller-screen-protection-glass.html","url":"https:\/\/phukienflytech.vn\/en\/san-pham\/smart-controller-screen-protection-glass.html","name":"Smart Controller Screen protection glass - Mavic 2 accessory - Available","isPartOf":{"@id":"https:\/\/phukienflytech.vn\/#website"},"primaryImageOfPage":{"@id":"https:\/\/phukienflytech.vn\/en\/san-pham\/smart-controller-screen-protection-glass.html#primaryimage"},"image":{"@id":"https:\/\/phukienflytech.vn\/en\/san-pham\/smart-controller-screen-protection-glass.html#primaryimage"},"thumbnailUrl":"https:\/\/phukienflytech.vn\/wp-content\/uploads\/2020\/05\/300x300_phu-kien-flycam-dji-mavic-2-smart-controller-phu-kien_-_Copy.png","datePublished":"2020-06-18T23:37:01+00:00","dateModified":"2021-03-27T12:45:41+00:00","description":"Smart Controller Screen protection glass is one of the most important accessory. Contact us to buy Smart Controller Screen protection glass","breadcrumb":{"@id":"https:\/\/phukienflytech.vn\/en\/san-pham\/smart-controller-screen-protection-glass.html#breadcrumb"},"inLanguage":"en-US","potentialAction":[{"@type":"ReadAction","target":["https:\/\/phukienflytech.vn\/en\/san-pham\/smart-controller-screen-protection-glass.html"]}]},{"@type":"ImageObject","inLanguage":"en-US","@id":"https:\/\/phukienflytech.vn\/en\/san-pham\/smart-controller-screen-protection-glass.html#primaryimage","url":"https:\/\/phukienflytech.vn\/wp-content\/uploads\/2020\/05\/300x300_phu-kien-flycam-dji-mavic-2-smart-controller-phu-kien_-_Copy.png","contentUrl":"https:\/\/phukienflytech.vn\/wp-content\/uploads\/2020\/05\/300x300_phu-kien-flycam-dji-mavic-2-smart-controller-phu-kien_-_Copy.png","width":300,"height":300},{"@type":"BreadcrumbList","@id":"https:\/\/phukienflytech.vn\/en\/san-pham\/smart-controller-screen-protection-glass.html#breadcrumb","itemListElement":[{"@type":"ListItem","position":1,"name":"Home","item":"https:\/\/phukienflytech.vn\/en"},{"@type":"ListItem","position":2,"name":"Ph\u1ee5 ki\u1ec7n Mavic Pro","item":"https:\/\/phukienflytech.vn\/en\/phu-kien-mavic-pro.html"},{"@type":"ListItem","position":3,"name":"DJI Osmo &amp; Drone's accessories","item":"https:\/\/phukienflytech.vn\/en\/danh-muc\/dji-osmo-drones-accessories.html"},{"@type":"ListItem","position":4,"name":"Ph\u1ee5 ki\u1ec7n DJI Mavic 2","item":"https:\/\/phukienflytech.vn\/en\/danh-muc\/mavic-2s-accessory.html"},{"@type":"ListItem","position":5,"name":"DJI Smart Controller Screen tempered protection glass"}]},{"@type":"WebSite","@id":"https:\/\/phukienflytech.vn\/#website","url":"https:\/\/phukienflytech.vn\/","name":"Shop M\u00e1y \u1ea3nh - Action Camera - Gimbal - Flycam - Ph\u1ee5 ki\u1ec7n","description":"Shop M\u00e1y \u1ea3nh - Action Camera - Gimbal - Flycam - Ph\u1ee5 ki\u1ec7n","publisher":{"@id":"https:\/\/phukienflytech.vn\/#organization"},"potentialAction":[{"@type":"SearchAction","target":{"@type":"EntryPoint","urlTemplate":"https:\/\/phukienflytech.vn\/?s={search_term_string}"},"query-input":{"@type":"PropertyValueSpecification","valueRequired":true,"valueName":"search_term_string"}}],"inLanguage":"en-US"},{"@type":"Organization","@id":"https:\/\/phukienflytech.vn\/#organization","name":"DJI Store - Shop Drone, Action camera, Gimbal DJI |Phukienflytech","alternateName":"DJI Store - Shop Drone, Action camera, Gimbal DJI |Phukienflytech","url":"https:\/\/phukienflytech.vn\/","logo":{"@type":"ImageObject","inLanguage":"en-US","@id":"https:\/\/phukienflytech.vn\/#\/schema\/logo\/image\/","url":"https:\/\/phukienflytech.vn\/wp-content\/uploads\/2020\/05\/hAnh_nan.jpg1_.jpg","contentUrl":"https:\/\/phukienflytech.vn\/wp-content\/uploads\/2020\/05\/hAnh_nan.jpg1_.jpg","width":800,"height":450,"caption":"DJI Store - Shop Drone, Action camera, Gimbal DJI |Phukienflytech"},"image":{"@id":"https:\/\/phukienflytech.vn\/#\/schema\/logo\/image\/"},"sameAs":["https:\/\/facebook.com\/phukienflycam","https:\/\/www.youtube.com\/@phukienflytech","https:\/\/www.tiktok.com\/@flytech.channel?fbclid=IwY2xjawGjg7BleHRuA2FlbQIxMAABHYVGmlXpuSMs0UB2zTpYvyT4GMVfN2qJa4urF4vkSQ6FAVBwXZtDP30qQA_aem_UwMiDcUvlEbd2tXAmsc8Og"]}]}},"_links":{"self":[{"href":"https:\/\/phukienflytech.vn\/en\/wp-json\/wp\/v2\/product\/4320","targetHints":{"allow":["GET"]}}],"collection":[{"href":"https:\/\/phukienflytech.vn\/en\/wp-json\/wp\/v2\/product"}],"about":[{"href":"https:\/\/phukienflytech.vn\/en\/wp-json\/wp\/v2\/types\/product"}],"replies":[{"embeddable":true,"href":"https:\/\/phukienflytech.vn\/en\/wp-json\/wp\/v2\/comments?post=4320"}],"wp:featuredmedia":[{"embeddable":true,"href":"https:\/\/phukienflytech.vn\/en\/wp-json\/wp\/v2\/media\/4308"}],"wp:attachment":[{"href":"https:\/\/phukienflytech.vn\/en\/wp-json\/wp\/v2\/media?parent=4320"}],"wp:term":[{"taxonomy":"product_brand","embeddable":true,"href":"https:\/\/phukienflytech.vn\/en\/wp-json\/wp\/v2\/product_brand?post=4320"},{"taxonomy":"product_cat","embeddable":true,"href":"https:\/\/phukienflytech.vn\/en\/wp-json\/wp\/v2\/product_cat?post=4320"},{"taxonomy":"product_tag","embeddable":true,"href":"https:\/\/phukienflytech.vn\/en\/wp-json\/wp\/v2\/product_tag?post=4320"}],"curies":[{"name":"wp","href":"https:\/\/api.w.org\/{rel}","templated":true}]}}