{"id":4333,"date":"2020-06-16T09:32:04","date_gmt":"2020-06-16T02:32:04","guid":{"rendered":"http:\/\/27430.lamdx.vinawebsite.vn\/san-pham\/goi-combo-2-phantom-3-ad-pro.html"},"modified":"2020-08-19T21:08:36","modified_gmt":"2020-08-19T14:08:36","slug":"goi-combo-2-phantom-3-ad-pro","status":"publish","type":"product","link":"https:\/\/phukienflytech.vn\/en\/san-pham\/goi-combo-2-phantom-3-ad-pro.html","title":{"rendered":"G\u00f3i combo 2 &#8211; Phantom 3 ad \/pro"},"content":{"rendered":"<h2><span style=\"font-size: 21px; color: #0000ff;\"><strong>G\u00f3i combo 2 &#8211; Phantom 3 ad \/pro<\/strong><\/span><\/h2>\n<p><span style=\"font-size: 18px;\">G\u00f3i combo 2 Phantom 3<\/span><\/p>\n<p>&nbsp;<\/p>\n<p><span style=\"font-size: 18px;\"><img loading=\"lazy\" decoding=\"async\" class=\"alignnone size-full wp-image-13149\" src=\"https:\/\/phukienflytech.vn\/wp-content\/uploads\/2020\/05\/goi-combo-2-phantom-3-ad-pro-4322-5.jpg\" alt=\"\" width=\"450\" height=\"253\" \/><\/span><\/p>\n<p>&nbsp;<\/p>\n<p><span style=\"font-size: 18px;\">V\u1edbi nhu c\u1ea7u ng\u00e0y c\u00e0ng cao c\u1ee7a c\u00e1c Pilot s\u1edf h\u1eefu<strong>\u00a0Phantom 3Ad\/ pro<\/strong>\u00a0t\u1ea1i Vi\u1ec7t Nam v\u1ec1 c\u00e1c lo\u1ea1i ph\u1ee5 ki\u1ec7n h\u1ed7 tr\u1ee3 cho su\u1ed1t qu\u00e1 tr\u00ecnh s\u1eed d\u1ee5ng cho chuy\u1ebfn bay c\u0169ng nh\u01b0 di chuy\u1ec3n thi\u1ebft b\u1ecb c\u1ee7a m\u00ecnh. Ch\u00fang t\u00f4i h\u1eadn h\u1ea1n gi\u1edbi thi\u1ec7u t\u1edbi c\u00e1c b\u1ea1n\u00a0<strong>G\u00f3i combo 2 &#8211; Phantom 3 ad \/pro<\/strong><\/span><\/p>\n<p>&nbsp;<\/p>\n<p><span style=\"font-size: 18px;\"><img loading=\"lazy\" decoding=\"async\" class=\"alignnone size-medium wp-image-13153\" src=\"https:\/\/phukienflytech.vn\/wp-content\/uploads\/2020\/05\/goi-combo-2-phantom-3-ad-pro-4322-1-1-440x400.jpg\" alt=\"\" width=\"440\" height=\"400\" srcset=\"https:\/\/phukienflytech.vn\/wp-content\/uploads\/2020\/05\/goi-combo-2-phantom-3-ad-pro-4322-1-1-440x400.jpg 440w, https:\/\/phukienflytech.vn\/wp-content\/uploads\/2020\/05\/goi-combo-2-phantom-3-ad-pro-4322-1-1-768x698.jpg 768w, https:\/\/phukienflytech.vn\/wp-content\/uploads\/2020\/05\/goi-combo-2-phantom-3-ad-pro-4322-1-1-880x800.jpg 880w, https:\/\/phukienflytech.vn\/wp-content\/uploads\/2020\/05\/goi-combo-2-phantom-3-ad-pro-4322-1-1-600x545.jpg 600w, https:\/\/phukienflytech.vn\/wp-content\/uploads\/2020\/05\/goi-combo-2-phantom-3-ad-pro-4322-1-1.jpg 1100w\" sizes=\"auto, (max-width: 440px) 100vw, 440px\" \/><\/span><\/p>\n<p>&nbsp;<\/p>\n<p><span style=\"font-size: 18px;\">\u0110\u00e2y \u0111\u01b0\u1ee3c xem l\u00e0 g\u00f3i combo ho\u00e0n thi\u1ec7n t\u1ea5t c\u1ea3 c\u00e1c ph\u1ee5 ki\u1ec7n cho Phantom 3ad\/pro\u00a0m\u00e0 nh\u00e0 cung c\u1ea5p\u00a0<em><u>Ph\u1ee5 Ki\u1ec7n Fly-tech Gi\u00e1 T\u1ed1t<\/u><\/em>\u00a0\u0111\u00e3 \u0111\u01b0a ra.<\/span><\/p>\n<p>&nbsp;<\/p>\n<p><span style=\"font-size: 18px;\"><img loading=\"lazy\" decoding=\"async\" class=\"alignnone wp-image-13155\" src=\"https:\/\/phukienflytech.vn\/wp-content\/uploads\/2020\/05\/goi-combo-2-phantom-3-ad-pro-4322-2-1.jpg\" alt=\"\" width=\"442\" height=\"442\" srcset=\"https:\/\/phukienflytech.vn\/wp-content\/uploads\/2020\/05\/goi-combo-2-phantom-3-ad-pro-4322-2-1.jpg 300w, https:\/\/phukienflytech.vn\/wp-content\/uploads\/2020\/05\/goi-combo-2-phantom-3-ad-pro-4322-2-1-280x280.jpg 280w, https:\/\/phukienflytech.vn\/wp-content\/uploads\/2020\/05\/goi-combo-2-phantom-3-ad-pro-4322-2-1-100x100.jpg 100w\" sizes=\"auto, (max-width: 442px) 100vw, 442px\" \/><\/span><\/p>\n<p>&nbsp;<\/p>\n<p><span style=\"font-size: 18px;\"><strong>G\u00f3i combo 2 <\/strong>\u0111\u00e3 \u0111\u01b0\u1ee3c chi\u1ebft kh\u1ea5u gi\u00e1 m\u1ed9t c\u00e1c t\u1ed1i \u0111a nh\u1ea5t \u0111\u1ec3 \u0111\u1ea3m b\u1ea3o \u0111\u01b0\u1ee3c s\u1ef1 kh\u00e1c bi\u1ec7t v\u1ec1 gi\u00e1 khi l\u1ef1a ch\u1ecdn g\u00f3i combo n\u00e0y.<\/span><\/p>\n<p>&nbsp;<\/p>\n<p><span style=\"font-size: 18px;\"><img loading=\"lazy\" decoding=\"async\" class=\"alignnone wp-image-13161\" src=\"https:\/\/phukienflytech.vn\/wp-content\/uploads\/2020\/05\/goi-combo-2-phantom-3-ad-pro-4322-3-1-593x400.jpg\" alt=\"\" width=\"517\" height=\"349\" srcset=\"https:\/\/phukienflytech.vn\/wp-content\/uploads\/2020\/05\/goi-combo-2-phantom-3-ad-pro-4322-3-1-593x400.jpg 593w, https:\/\/phukienflytech.vn\/wp-content\/uploads\/2020\/05\/goi-combo-2-phantom-3-ad-pro-4322-3-1-768x518.jpg 768w, https:\/\/phukienflytech.vn\/wp-content\/uploads\/2020\/05\/goi-combo-2-phantom-3-ad-pro-4322-3-1-600x405.jpg 600w, https:\/\/phukienflytech.vn\/wp-content\/uploads\/2020\/05\/goi-combo-2-phantom-3-ad-pro-4322-3-1.jpg 960w\" sizes=\"auto, (max-width: 517px) 100vw, 517px\" \/><\/span><\/p>\n<p>&nbsp;<\/p>\n<p><span style=\"font-size: 18px;\">G\u00f3i ph\u1ee5 ki\u1ec7n l\u00ean t\u1edbi 9 s\u1ea3n ph\u1ea9m<\/span><\/p>\n<p><span style=\"font-size: 18px;\"><a href=\"http:\/\/phukienflytech.vn\/san-pham\/che-nang-phone-phantom-55-inch.html\" target=\"_blank\" rel=\"noopener noreferrer\">&#8211; Che n\u1eafng phone b\u1eb1ng da : 5.5 inch<\/a><\/span><\/p>\n<p><span style=\"font-size: 18px;\"><a href=\"http:\/\/phukienflytech.vn\/san-pham\/bo-bao-ve-canh-phantom-3.html\" target=\"_blank\" rel=\"noopener noreferrer\">&#8211; B\u1ed9 b\u1ea3o v\u1ec7 c\u00e1nh\u00a0Phantom 3<\/a><\/span><\/p>\n<p><span style=\"font-size: 18px;\">&#8211;\u00a0<a href=\"http:\/\/phukienflytech.vn\/san-pham\/thanh-bao-ve-gimbal-phantom-3.html\" target=\"_blank\" rel=\"noopener noreferrer\">Thanh b\u1ea3o v\u1ec7 gimbal phantom 3<\/a><\/span><\/p>\n<p><span style=\"font-size: 18px;\"><a href=\"http:\/\/phukienflytech.vn\/san-pham\/bo-gia-co-de-motor-phantom-3.html\" target=\"_blank\" rel=\"noopener noreferrer\">&#8211; B\u1ed9 gia c\u1ed1 \u0111\u1ebf motor<\/a><\/span><\/p>\n<p><span style=\"font-size: 18px;\"><a href=\"http:\/\/phukienflytech.vn\/san-pham\/thanh-sac-3pin-phantom-3.html\" target=\"_blank\" rel=\"noopener noreferrer\">&#8211; Thanh s\u1ea1c h\u1ed7 tr\u1ee3 s\u1ea1c 3 pin ( kh\u00f4ng ph\u1ea3i s\u1ea1c nhanh)<\/a><\/span><\/p>\n<p><span style=\"font-size: 18px;\">&#8211;\u00a0<a href=\"http:\/\/phukienflytech.vn\/san-pham\/silicon-khien-dji-phantom-3-inspire.html\" target=\"_blank\" rel=\"noopener noreferrer\">Bao silicon tay khi\u1ec3n:<\/a>\u00a0xanh d\u01b0\u01a1ng &#8211; l\u1ee5c &#8211; \u0111\u1ecf &#8211; v\u00e0ng (l\u1ef1a ch\u1ecdn)<\/span><\/p>\n<p><span style=\"font-size: 18px;\">&#8211;\u00a0<a href=\"http:\/\/phukienflytech.vn\/san-pham\/chup-bao-ve-motor-phantom.html\" target=\"_blank\" rel=\"noopener noreferrer\">Ch\u1ee5p b\u1ea3o v\u1ec7 motor<\/a><\/span><\/p>\n<p><span style=\"font-size: 18px;\">&#8211;\u00a0<a href=\"http:\/\/phukienflytech.vn\/san-pham\/day-deo-be.html\" target=\"_blank\" rel=\"noopener noreferrer\">D\u00e2y \u0111eo b\u00e9 DJI\u00a0<\/a><\/span><\/p>\n<p><span style=\"font-size: 18px;\">&#8211;\u00a0<a href=\"http:\/\/phukienflytech.vn\/san-pham\/khuech-song-phantom.html\" target=\"_blank\" rel=\"noopener noreferrer\">Khu\u1ebfch s\u00f3ng\u00a0Phantom khi\u1ec3n 2 r\u00e2u<\/a><\/span><\/p>\n<p>&nbsp;<\/p>\n<p><span style=\"font-size: 18px;\"><img loading=\"lazy\" decoding=\"async\" class=\"alignnone wp-image-13167\" src=\"https:\/\/phukienflytech.vn\/wp-content\/uploads\/2020\/05\/goi-combo-2-phantom-3-ad-pro-4322-4-1.jpg\" alt=\"\" width=\"438\" height=\"428\" \/><\/span><\/p>\n<p>&nbsp;<\/p>\n<p><span style=\"font-size: 18px;\">H\u00e3y \u0111\u1ec3\u00a0<a href=\"https:\/\/facebook.com\/phukienflycam\/\" target=\"_blank\" rel=\"noopener noreferrer\">Ph\u1ee5 Ki\u1ec7n Fly-cam Gi\u00e1 T\u1ed1t<\/a>\u00a0ti\u1ebfp s\u1ee9c \u0111am m\u00ea, c\u00f4ng vi\u1ec7c c\u1ee7a b\u1ea1n, gi\u00fap b\u1ea1n th\u00eam ni\u1ec1m h\u1ee9ng kh\u1edfi trong \u0111am m\u00ea c\u0169ng nh\u01b0 c\u00f4ng vi\u1ec7c c\u1ee7a m\u00ecnh th\u00eam su\u00f4n s\u1ebb<\/span><\/p>\n<p><span style=\"font-size: 18px;\">Nh\u00e0 s\u1ea3n xu\u1ea5t: Sunnylife \u2013 M\u1ed9t trong nh\u1eefng Vendor h\u00e0ng \u0111\u1ea7u cung c\u1ea5p ph\u1ee5 ki\u1ec7n \u00a0cho DJI flycam<\/span><\/p>\n<p>&nbsp;<\/p>\n","protected":false},"excerpt":{"rendered":"<p>G\u00f3i combo 2 &#8211; Phantom 3 ad \/pro G\u00f3i combo 2 Phantom 3 &nbsp; &nbsp; V\u1edbi nhu c\u1ea7u ng\u00e0y c\u00e0ng cao c\u1ee7a c\u00e1c Pilot s\u1edf h\u1eefu\u00a0Phantom 3Ad\/ pro\u00a0t\u1ea1i Vi\u1ec7t Nam v\u1ec1 c\u00e1c lo\u1ea1i ph\u1ee5 ki\u1ec7n h\u1ed7 tr\u1ee3 cho su\u1ed1t qu\u00e1 tr\u00ecnh s\u1eed d\u1ee5ng cho chuy\u1ebfn bay c\u0169ng nh\u01b0 di chuy\u1ec3n thi\u1ebft b\u1ecb c\u1ee7a m\u00ecnh. Ch\u00fang &#8230;<\/p>\n","protected":false},"featured_media":16376,"comment_status":"open","ping_status":"closed","template":"","meta":{"_acf_changed":false},"product_brand":[],"product_cat":[176,183],"product_tag":[206,245],"class_list":{"0":"post-4333","1":"product","2":"type-product","3":"status-publish","4":"has-post-thumbnail","6":"product_cat-dji-osmo-drones-accessories","7":"product_cat-phantom-3-accessory","8":"product_tag-phu-kien-dji-en","9":"product_tag-phu-kien-phantom-3-en","11":"first","12":"instock","13":"shipping-taxable","14":"purchasable","15":"product-type-simple"},"acf":[],"yoast_head":"<!-- This site is optimized with the Yoast SEO plugin v25.7 - https:\/\/yoast.com\/wordpress\/plugins\/seo\/ -->\n<title>G\u00f3i combo 2 Phantom 3 ad\/pro - ph\u1ee5 ki\u1ec7n Phantom 3 ch\u00ednh h\u00e3ng<\/title>\n<meta name=\"description\" content=\"G\u00f3i combo 2 Phantom 3 l\u00e0 ph\u1ee5 ki\u00ean ch\u00ednh h\u00e3ng. G\u00f3i combo 2 Phantom 3 gi\u00fap b\u1ea1n c\u00f3 th\u1ec3 d\u1ec5 d\u00e0ng tr\u1ea3i nghi\u1ec7m nh\u1eefng m\u1eabu ph\u1ee5 ki\u1ec7n c\u1ea7n thi\u1ebft h\u1eefu d\u1ee5ng\" \/>\n<meta name=\"robots\" content=\"index, follow, max-snippet:-1, max-image-preview:large, max-video-preview:-1\" \/>\n<link rel=\"canonical\" href=\"https:\/\/phukienflytech.vn\/en\/san-pham\/goi-combo-2-phantom-3-ad-pro.html\" \/>\n<meta property=\"og:locale\" content=\"en_US\" \/>\n<meta property=\"og:type\" content=\"article\" \/>\n<meta property=\"og:title\" content=\"G\u00f3i combo 2 Phantom 3 ad\/pro - ph\u1ee5 ki\u1ec7n Phantom 3 ch\u00ednh h\u00e3ng\" \/>\n<meta property=\"og:description\" content=\"G\u00f3i combo 2 Phantom 3 l\u00e0 ph\u1ee5 ki\u00ean ch\u00ednh h\u00e3ng. G\u00f3i combo 2 Phantom 3 gi\u00fap b\u1ea1n c\u00f3 th\u1ec3 d\u1ec5 d\u00e0ng tr\u1ea3i nghi\u1ec7m nh\u1eefng m\u1eabu ph\u1ee5 ki\u1ec7n c\u1ea7n thi\u1ebft h\u1eefu d\u1ee5ng\" \/>\n<meta property=\"og:url\" content=\"https:\/\/phukienflytech.vn\/en\/san-pham\/goi-combo-2-phantom-3-ad-pro.html\" \/>\n<meta property=\"og:site_name\" content=\"Shop M\u00e1y \u1ea3nh - Action Camera - Gimbal - Flycam - Ph\u1ee5 ki\u1ec7n\" \/>\n<meta property=\"article:publisher\" content=\"https:\/\/facebook.com\/phukienflycam\" \/>\n<meta property=\"article:modified_time\" content=\"2020-08-19T14:08:36+00:00\" \/>\n<meta property=\"og:image\" content=\"https:\/\/phukienflytech.vn\/wp-content\/uploads\/2020\/05\/combo_3-_3pro.jpg\" \/>\n\t<meta property=\"og:image:width\" content=\"243\" \/>\n\t<meta property=\"og:image:height\" content=\"243\" \/>\n\t<meta property=\"og:image:type\" content=\"image\/jpeg\" \/>\n<meta name=\"twitter:card\" content=\"summary_large_image\" \/>\n<meta name=\"twitter:label1\" content=\"Est. reading time\" \/>\n\t<meta name=\"twitter:data1\" content=\"2 minutes\" \/>\n<script type=\"application\/ld+json\" class=\"yoast-schema-graph\">{\"@context\":\"https:\/\/schema.org\",\"@graph\":[{\"@type\":\"WebPage\",\"@id\":\"https:\/\/phukienflytech.vn\/en\/san-pham\/goi-combo-2-phantom-3-ad-pro.html\",\"url\":\"https:\/\/phukienflytech.vn\/en\/san-pham\/goi-combo-2-phantom-3-ad-pro.html\",\"name\":\"G\u00f3i combo 2 Phantom 3 ad\/pro - ph\u1ee5 ki\u1ec7n Phantom 3 ch\u00ednh h\u00e3ng\",\"isPartOf\":{\"@id\":\"https:\/\/phukienflytech.vn\/#website\"},\"primaryImageOfPage\":{\"@id\":\"https:\/\/phukienflytech.vn\/en\/san-pham\/goi-combo-2-phantom-3-ad-pro.html#primaryimage\"},\"image\":{\"@id\":\"https:\/\/phukienflytech.vn\/en\/san-pham\/goi-combo-2-phantom-3-ad-pro.html#primaryimage\"},\"thumbnailUrl\":\"https:\/\/phukienflytech.vn\/wp-content\/uploads\/2020\/05\/combo_3-_3pro.jpg\",\"datePublished\":\"2020-06-16T02:32:04+00:00\",\"dateModified\":\"2020-08-19T14:08:36+00:00\",\"description\":\"G\u00f3i combo 2 Phantom 3 l\u00e0 ph\u1ee5 ki\u00ean ch\u00ednh h\u00e3ng. G\u00f3i combo 2 Phantom 3 gi\u00fap b\u1ea1n c\u00f3 th\u1ec3 d\u1ec5 d\u00e0ng tr\u1ea3i nghi\u1ec7m nh\u1eefng m\u1eabu ph\u1ee5 ki\u1ec7n c\u1ea7n thi\u1ebft h\u1eefu d\u1ee5ng\",\"breadcrumb\":{\"@id\":\"https:\/\/phukienflytech.vn\/en\/san-pham\/goi-combo-2-phantom-3-ad-pro.html#breadcrumb\"},\"inLanguage\":\"en-US\",\"potentialAction\":[{\"@type\":\"ReadAction\",\"target\":[\"https:\/\/phukienflytech.vn\/en\/san-pham\/goi-combo-2-phantom-3-ad-pro.html\"]}]},{\"@type\":\"ImageObject\",\"inLanguage\":\"en-US\",\"@id\":\"https:\/\/phukienflytech.vn\/en\/san-pham\/goi-combo-2-phantom-3-ad-pro.html#primaryimage\",\"url\":\"https:\/\/phukienflytech.vn\/wp-content\/uploads\/2020\/05\/combo_3-_3pro.jpg\",\"contentUrl\":\"https:\/\/phukienflytech.vn\/wp-content\/uploads\/2020\/05\/combo_3-_3pro.jpg\",\"width\":243,\"height\":243},{\"@type\":\"BreadcrumbList\",\"@id\":\"https:\/\/phukienflytech.vn\/en\/san-pham\/goi-combo-2-phantom-3-ad-pro.html#breadcrumb\",\"itemListElement\":[{\"@type\":\"ListItem\",\"position\":1,\"name\":\"Home\",\"item\":\"https:\/\/phukienflytech.vn\/en\"},{\"@type\":\"ListItem\",\"position\":2,\"name\":\"Ph\u1ee5 ki\u1ec7n Mavic Pro\",\"item\":\"https:\/\/phukienflytech.vn\/en\/phu-kien-mavic-pro.html\"},{\"@type\":\"ListItem\",\"position\":3,\"name\":\"Ph\u1ee5 ki\u1ec7n DJI - Osmo\",\"item\":\"https:\/\/phukienflytech.vn\/danh-muc\/phu-kien-dji-osmo.html\"},{\"@type\":\"ListItem\",\"position\":4,\"name\":\"G\u00f3i combo 2 &#8211; Phantom 3 ad \/pro\"}]},{\"@type\":\"WebSite\",\"@id\":\"https:\/\/phukienflytech.vn\/#website\",\"url\":\"https:\/\/phukienflytech.vn\/\",\"name\":\"Shop M\u00e1y \u1ea3nh - Action Camera - Gimbal - Flycam - Ph\u1ee5 ki\u1ec7n\",\"description\":\"Shop M\u00e1y \u1ea3nh - Action Camera - Gimbal - Flycam - Ph\u1ee5 ki\u1ec7n\",\"publisher\":{\"@id\":\"https:\/\/phukienflytech.vn\/#organization\"},\"potentialAction\":[{\"@type\":\"SearchAction\",\"target\":{\"@type\":\"EntryPoint\",\"urlTemplate\":\"https:\/\/phukienflytech.vn\/?s={search_term_string}\"},\"query-input\":{\"@type\":\"PropertyValueSpecification\",\"valueRequired\":true,\"valueName\":\"search_term_string\"}}],\"inLanguage\":\"en-US\"},{\"@type\":\"Organization\",\"@id\":\"https:\/\/phukienflytech.vn\/#organization\",\"name\":\"DJI Store - Shop Drone, Action camera, Gimbal DJI |Phukienflytech\",\"alternateName\":\"DJI Store - Shop Drone, Action camera, Gimbal DJI |Phukienflytech\",\"url\":\"https:\/\/phukienflytech.vn\/\",\"logo\":{\"@type\":\"ImageObject\",\"inLanguage\":\"en-US\",\"@id\":\"https:\/\/phukienflytech.vn\/#\/schema\/logo\/image\/\",\"url\":\"https:\/\/phukienflytech.vn\/wp-content\/uploads\/2020\/05\/hAnh_nan.jpg1_.jpg\",\"contentUrl\":\"https:\/\/phukienflytech.vn\/wp-content\/uploads\/2020\/05\/hAnh_nan.jpg1_.jpg\",\"width\":800,\"height\":450,\"caption\":\"DJI Store - Shop Drone, Action camera, Gimbal DJI |Phukienflytech\"},\"image\":{\"@id\":\"https:\/\/phukienflytech.vn\/#\/schema\/logo\/image\/\"},\"sameAs\":[\"https:\/\/facebook.com\/phukienflycam\",\"https:\/\/www.youtube.com\/@phukienflytech\",\"https:\/\/www.tiktok.com\/@flytech.channel?fbclid=IwY2xjawGjg7BleHRuA2FlbQIxMAABHYVGmlXpuSMs0UB2zTpYvyT4GMVfN2qJa4urF4vkSQ6FAVBwXZtDP30qQA_aem_UwMiDcUvlEbd2tXAmsc8Og\"]}]}<\/script>\n<!-- \/ Yoast SEO plugin. -->","yoast_head_json":{"title":"G\u00f3i combo 2 Phantom 3 ad\/pro - ph\u1ee5 ki\u1ec7n Phantom 3 ch\u00ednh h\u00e3ng","description":"G\u00f3i combo 2 Phantom 3 l\u00e0 ph\u1ee5 ki\u00ean ch\u00ednh h\u00e3ng. G\u00f3i combo 2 Phantom 3 gi\u00fap b\u1ea1n c\u00f3 th\u1ec3 d\u1ec5 d\u00e0ng tr\u1ea3i nghi\u1ec7m nh\u1eefng m\u1eabu ph\u1ee5 ki\u1ec7n c\u1ea7n thi\u1ebft h\u1eefu d\u1ee5ng","robots":{"index":"index","follow":"follow","max-snippet":"max-snippet:-1","max-image-preview":"max-image-preview:large","max-video-preview":"max-video-preview:-1"},"canonical":"https:\/\/phukienflytech.vn\/en\/san-pham\/goi-combo-2-phantom-3-ad-pro.html","og_locale":"en_US","og_type":"article","og_title":"G\u00f3i combo 2 Phantom 3 ad\/pro - ph\u1ee5 ki\u1ec7n Phantom 3 ch\u00ednh h\u00e3ng","og_description":"G\u00f3i combo 2 Phantom 3 l\u00e0 ph\u1ee5 ki\u00ean ch\u00ednh h\u00e3ng. G\u00f3i combo 2 Phantom 3 gi\u00fap b\u1ea1n c\u00f3 th\u1ec3 d\u1ec5 d\u00e0ng tr\u1ea3i nghi\u1ec7m nh\u1eefng m\u1eabu ph\u1ee5 ki\u1ec7n c\u1ea7n thi\u1ebft h\u1eefu d\u1ee5ng","og_url":"https:\/\/phukienflytech.vn\/en\/san-pham\/goi-combo-2-phantom-3-ad-pro.html","og_site_name":"Shop M\u00e1y \u1ea3nh - Action Camera - Gimbal - Flycam - Ph\u1ee5 ki\u1ec7n","article_publisher":"https:\/\/facebook.com\/phukienflycam","article_modified_time":"2020-08-19T14:08:36+00:00","og_image":[{"width":243,"height":243,"url":"https:\/\/phukienflytech.vn\/wp-content\/uploads\/2020\/05\/combo_3-_3pro.jpg","type":"image\/jpeg"}],"twitter_card":"summary_large_image","twitter_misc":{"Est. reading time":"2 minutes"},"schema":{"@context":"https:\/\/schema.org","@graph":[{"@type":"WebPage","@id":"https:\/\/phukienflytech.vn\/en\/san-pham\/goi-combo-2-phantom-3-ad-pro.html","url":"https:\/\/phukienflytech.vn\/en\/san-pham\/goi-combo-2-phantom-3-ad-pro.html","name":"G\u00f3i combo 2 Phantom 3 ad\/pro - ph\u1ee5 ki\u1ec7n Phantom 3 ch\u00ednh h\u00e3ng","isPartOf":{"@id":"https:\/\/phukienflytech.vn\/#website"},"primaryImageOfPage":{"@id":"https:\/\/phukienflytech.vn\/en\/san-pham\/goi-combo-2-phantom-3-ad-pro.html#primaryimage"},"image":{"@id":"https:\/\/phukienflytech.vn\/en\/san-pham\/goi-combo-2-phantom-3-ad-pro.html#primaryimage"},"thumbnailUrl":"https:\/\/phukienflytech.vn\/wp-content\/uploads\/2020\/05\/combo_3-_3pro.jpg","datePublished":"2020-06-16T02:32:04+00:00","dateModified":"2020-08-19T14:08:36+00:00","description":"G\u00f3i combo 2 Phantom 3 l\u00e0 ph\u1ee5 ki\u00ean ch\u00ednh h\u00e3ng. G\u00f3i combo 2 Phantom 3 gi\u00fap b\u1ea1n c\u00f3 th\u1ec3 d\u1ec5 d\u00e0ng tr\u1ea3i nghi\u1ec7m nh\u1eefng m\u1eabu ph\u1ee5 ki\u1ec7n c\u1ea7n thi\u1ebft h\u1eefu d\u1ee5ng","breadcrumb":{"@id":"https:\/\/phukienflytech.vn\/en\/san-pham\/goi-combo-2-phantom-3-ad-pro.html#breadcrumb"},"inLanguage":"en-US","potentialAction":[{"@type":"ReadAction","target":["https:\/\/phukienflytech.vn\/en\/san-pham\/goi-combo-2-phantom-3-ad-pro.html"]}]},{"@type":"ImageObject","inLanguage":"en-US","@id":"https:\/\/phukienflytech.vn\/en\/san-pham\/goi-combo-2-phantom-3-ad-pro.html#primaryimage","url":"https:\/\/phukienflytech.vn\/wp-content\/uploads\/2020\/05\/combo_3-_3pro.jpg","contentUrl":"https:\/\/phukienflytech.vn\/wp-content\/uploads\/2020\/05\/combo_3-_3pro.jpg","width":243,"height":243},{"@type":"BreadcrumbList","@id":"https:\/\/phukienflytech.vn\/en\/san-pham\/goi-combo-2-phantom-3-ad-pro.html#breadcrumb","itemListElement":[{"@type":"ListItem","position":1,"name":"Home","item":"https:\/\/phukienflytech.vn\/en"},{"@type":"ListItem","position":2,"name":"Ph\u1ee5 ki\u1ec7n Mavic Pro","item":"https:\/\/phukienflytech.vn\/en\/phu-kien-mavic-pro.html"},{"@type":"ListItem","position":3,"name":"Ph\u1ee5 ki\u1ec7n DJI - Osmo","item":"https:\/\/phukienflytech.vn\/danh-muc\/phu-kien-dji-osmo.html"},{"@type":"ListItem","position":4,"name":"G\u00f3i combo 2 &#8211; Phantom 3 ad \/pro"}]},{"@type":"WebSite","@id":"https:\/\/phukienflytech.vn\/#website","url":"https:\/\/phukienflytech.vn\/","name":"Shop M\u00e1y \u1ea3nh - Action Camera - Gimbal - Flycam - Ph\u1ee5 ki\u1ec7n","description":"Shop M\u00e1y \u1ea3nh - Action Camera - Gimbal - Flycam - Ph\u1ee5 ki\u1ec7n","publisher":{"@id":"https:\/\/phukienflytech.vn\/#organization"},"potentialAction":[{"@type":"SearchAction","target":{"@type":"EntryPoint","urlTemplate":"https:\/\/phukienflytech.vn\/?s={search_term_string}"},"query-input":{"@type":"PropertyValueSpecification","valueRequired":true,"valueName":"search_term_string"}}],"inLanguage":"en-US"},{"@type":"Organization","@id":"https:\/\/phukienflytech.vn\/#organization","name":"DJI Store - Shop Drone, Action camera, Gimbal DJI |Phukienflytech","alternateName":"DJI Store - Shop Drone, Action camera, Gimbal DJI |Phukienflytech","url":"https:\/\/phukienflytech.vn\/","logo":{"@type":"ImageObject","inLanguage":"en-US","@id":"https:\/\/phukienflytech.vn\/#\/schema\/logo\/image\/","url":"https:\/\/phukienflytech.vn\/wp-content\/uploads\/2020\/05\/hAnh_nan.jpg1_.jpg","contentUrl":"https:\/\/phukienflytech.vn\/wp-content\/uploads\/2020\/05\/hAnh_nan.jpg1_.jpg","width":800,"height":450,"caption":"DJI Store - Shop Drone, Action camera, Gimbal DJI |Phukienflytech"},"image":{"@id":"https:\/\/phukienflytech.vn\/#\/schema\/logo\/image\/"},"sameAs":["https:\/\/facebook.com\/phukienflycam","https:\/\/www.youtube.com\/@phukienflytech","https:\/\/www.tiktok.com\/@flytech.channel?fbclid=IwY2xjawGjg7BleHRuA2FlbQIxMAABHYVGmlXpuSMs0UB2zTpYvyT4GMVfN2qJa4urF4vkSQ6FAVBwXZtDP30qQA_aem_UwMiDcUvlEbd2tXAmsc8Og"]}]}},"_links":{"self":[{"href":"https:\/\/phukienflytech.vn\/en\/wp-json\/wp\/v2\/product\/4333","targetHints":{"allow":["GET"]}}],"collection":[{"href":"https:\/\/phukienflytech.vn\/en\/wp-json\/wp\/v2\/product"}],"about":[{"href":"https:\/\/phukienflytech.vn\/en\/wp-json\/wp\/v2\/types\/product"}],"replies":[{"embeddable":true,"href":"https:\/\/phukienflytech.vn\/en\/wp-json\/wp\/v2\/comments?post=4333"}],"wp:featuredmedia":[{"embeddable":true,"href":"https:\/\/phukienflytech.vn\/en\/wp-json\/wp\/v2\/media\/16376"}],"wp:attachment":[{"href":"https:\/\/phukienflytech.vn\/en\/wp-json\/wp\/v2\/media?parent=4333"}],"wp:term":[{"taxonomy":"product_brand","embeddable":true,"href":"https:\/\/phukienflytech.vn\/en\/wp-json\/wp\/v2\/product_brand?post=4333"},{"taxonomy":"product_cat","embeddable":true,"href":"https:\/\/phukienflytech.vn\/en\/wp-json\/wp\/v2\/product_cat?post=4333"},{"taxonomy":"product_tag","embeddable":true,"href":"https:\/\/phukienflytech.vn\/en\/wp-json\/wp\/v2\/product_tag?post=4333"}],"curies":[{"name":"wp","href":"https:\/\/api.w.org\/{rel}","templated":true}]}}