{"id":4343,"date":"2020-06-16T09:36:43","date_gmt":"2020-06-16T02:36:43","guid":{"rendered":"http:\/\/27430.lamdx.vinawebsite.vn\/san-pham\/goi-combo-1-phantom-3-ad-pro.html"},"modified":"2022-08-23T13:06:08","modified_gmt":"2022-08-23T06:06:08","slug":"goi-combo-1-phantom-3-ad-pro","status":"publish","type":"product","link":"https:\/\/phukienflytech.vn\/en\/san-pham\/goi-combo-1-phantom-3-ad-pro.html","title":{"rendered":"G\u00f3i combo 1 &#8211; Phantom 3 ad \/pro"},"content":{"rendered":"<h2><span style=\"color: #0000ff; font-size: 20px;\"><strong>G\u00f3i combo 1 &#8211; Phantom 3 ad \/pro<\/strong><\/span><\/h2>\n<p><span style=\"font-size: 17px;\"><em>G\u00f3i combo 1 &#8211; Phantom 3 ad \/pro<\/em><\/span><\/p>\n<p>.<\/p>\n<p><img loading=\"lazy\" decoding=\"async\" class=\"aligncenter wp-image-37921\" src=\"https:\/\/phukienflytech.vn\/wp-content\/uploads\/2020\/06\/1-76.png\" alt=\"goi-combo-1-phantom-3-ad-pro\" width=\"850\" height=\"512\" srcset=\"https:\/\/phukienflytech.vn\/wp-content\/uploads\/2020\/06\/1-76.png 2994w, https:\/\/phukienflytech.vn\/wp-content\/uploads\/2020\/06\/1-76-663x400.png 663w, https:\/\/phukienflytech.vn\/wp-content\/uploads\/2020\/06\/1-76-1327x800.png 1327w, https:\/\/phukienflytech.vn\/wp-content\/uploads\/2020\/06\/1-76-768x463.png 768w, https:\/\/phukienflytech.vn\/wp-content\/uploads\/2020\/06\/1-76-1536x926.png 1536w, https:\/\/phukienflytech.vn\/wp-content\/uploads\/2020\/06\/1-76-2048x1235.png 2048w, https:\/\/phukienflytech.vn\/wp-content\/uploads\/2020\/06\/1-76-600x362.png 600w\" sizes=\"auto, (max-width: 850px) 100vw, 850px\" \/><\/p>\n<h2><span style=\"color: #0000ff; font-size: 20px;\"><strong>\u270d Gi\u1edbi thi\u1ec7u s\u1ea3n ph\u1ea9m:<\/strong><\/span><\/h2>\n<p><span style=\"font-size: 17px;\">V\u1edbi nhu c\u1ea7u ng\u00e0y c\u00e0ng cao c\u1ee7a c\u00e1c Pilot s\u1edf h\u1eefu Phantom 3 S\/SE t\u1ea1i Vi\u1ec7t Nam v\u1ec1 c\u00e1c lo\u1ea1i ph\u1ee5 ki\u1ec7n h\u1ed7 tr\u1ee3 cho su\u1ed1t qu\u00e1 tr\u00ecnh s\u1eed d\u1ee5ng cho chuy\u1ebfn bay c\u0169ng nh\u01b0 di chuy\u1ec3n thi\u1ebft b\u1ecb c\u1ee7a m\u00ecnh. Ch\u00fang t\u00f4i h\u1eadn h\u1ea1n gi\u1edbi thi\u1ec7u t\u1edbi c\u00e1c b\u1ea1n\u00a0<strong>G\u00f3i combo 1 \u2013 Phantom 3 S\/SE\u00a0<\/strong>. B\u1ed9 s\u1ea3n ph\u1ea9m s\u1ebd gi\u00fap b\u1ea1n c\u00f3 nh\u1eefng tr\u1ea3i nghi\u1ec7m tuy\u1ec7t v\u1eddi h\u01a1n b\u00ean chi\u1ebfc phantom 3 c\u1ee7a m\u00ecnh. V\u1eady b\u1ed9 combo c\u00f3 g\u00ec m\u00e0 hot \u0111\u1ebfn v\u1eady, ta h\u00e3y c\u00f9ng t\u00ecm hi\u1ec3u qua b\u00e0i vi\u1ebft n\u00e0y nh\u00e9.<\/span><\/p>\n<p>.<\/p>\n<p><strong><span style=\"font-size: 17px;\">&gt;&gt; Xem th\u00eam ph\u1ee5 ki\u1ec7n Phantom 3: <span style=\"color: #0000ff;\"><a style=\"color: #0000ff;\" href=\"https:\/\/phukienflytech.vn\/en\/danh-muc\/phantom-3-accessory.html\">T\u1ea1i \u0111\u00e2y<\/a><\/span><\/span><\/strong><\/p>\n<p>.<\/p>\n<p><span style=\"color: #0000ff; font-size: 20px;\"><strong>\u270d M\u00f4 t\u1ea3 s\u1ea3n ph\u1ea9m<\/strong><\/span><\/p>\n<p><span style=\"font-size: 17px;\">\u2705 Ph\u1ee5 ki\u1ec7n d\u00e0nh cho Phantom 3<\/span><\/p>\n<p><span style=\"font-size: 17px;\">\u2705 Nha\u0300 sa\u0309n xu\u00e2\u0301t: OEM,Yxtech,..<\/span><\/p>\n<p><span style=\"font-size: 17px;\">\u2705 D\u1ec5 d\u00e0ng th\u00e1o l\u1eafp<\/span><\/p>\n<p><span style=\"font-size: 17px;\">\u2705 S\u1ea3n ph\u1ea9m bao g\u1ed3m:<\/span><\/p>\n<p><span style=\"font-size: 17px;\">\u2013\u00a0Thanh b\u1ea3o v\u1ec7 gimbal phantom 3<\/span><\/p>\n<p>.<\/p>\n<p><img loading=\"lazy\" decoding=\"async\" class=\"aligncenter wp-image-37903\" src=\"https:\/\/phukienflytech.vn\/wp-content\/uploads\/2020\/06\/4-62.png\" alt=\"\" width=\"850\" height=\"641\" srcset=\"https:\/\/phukienflytech.vn\/wp-content\/uploads\/2020\/06\/4-62.png 1537w, https:\/\/phukienflytech.vn\/wp-content\/uploads\/2020\/06\/4-62-530x400.png 530w, https:\/\/phukienflytech.vn\/wp-content\/uploads\/2020\/06\/4-62-1061x800.png 1061w, https:\/\/phukienflytech.vn\/wp-content\/uploads\/2020\/06\/4-62-768x579.png 768w, https:\/\/phukienflytech.vn\/wp-content\/uploads\/2020\/06\/4-62-600x452.png 600w\" sizes=\"auto, (max-width: 850px) 100vw, 850px\" \/><\/p>\n<p><span style=\"font-size: 17px;\">\u2013\u00a0Bao silicon tay khi\u1ec3n:\u00a0xanh d\u01b0\u01a1ng \u2013 l\u1ee5c \u2013 \u0111\u1ecf \u2013 v\u00e0ng (l\u1ef1a ch\u1ecdn)<\/span><\/p>\n<p>.<\/p>\n<p><img loading=\"lazy\" decoding=\"async\" class=\"aligncenter wp-image-37915\" src=\"https:\/\/phukienflytech.vn\/wp-content\/uploads\/2020\/06\/10-2.png\" alt=\"goi-combo-1-phantom-3-ad-pro\" width=\"850\" height=\"626\" srcset=\"https:\/\/phukienflytech.vn\/wp-content\/uploads\/2020\/06\/10-2.png 1537w, https:\/\/phukienflytech.vn\/wp-content\/uploads\/2020\/06\/10-2-543x400.png 543w, https:\/\/phukienflytech.vn\/wp-content\/uploads\/2020\/06\/10-2-1086x800.png 1086w, https:\/\/phukienflytech.vn\/wp-content\/uploads\/2020\/06\/10-2-768x566.png 768w, https:\/\/phukienflytech.vn\/wp-content\/uploads\/2020\/06\/10-2-600x442.png 600w\" sizes=\"auto, (max-width: 850px) 100vw, 850px\" \/><\/p>\n<p><span style=\"font-size: 17px;\">\u2013\u00a0Ch\u1ee5p b\u1ea3o v\u1ec7 motor<\/span><\/p>\n<p>.<\/p>\n<p><img loading=\"lazy\" decoding=\"async\" class=\"aligncenter wp-image-37913\" src=\"https:\/\/phukienflytech.vn\/wp-content\/uploads\/2020\/06\/9-5.png\" alt=\"\" width=\"850\" height=\"626\" srcset=\"https:\/\/phukienflytech.vn\/wp-content\/uploads\/2020\/06\/9-5.png 1537w, https:\/\/phukienflytech.vn\/wp-content\/uploads\/2020\/06\/9-5-543x400.png 543w, https:\/\/phukienflytech.vn\/wp-content\/uploads\/2020\/06\/9-5-1086x800.png 1086w, https:\/\/phukienflytech.vn\/wp-content\/uploads\/2020\/06\/9-5-768x566.png 768w, https:\/\/phukienflytech.vn\/wp-content\/uploads\/2020\/06\/9-5-600x442.png 600w\" sizes=\"auto, (max-width: 850px) 100vw, 850px\" \/><\/p>\n<p><span style=\"font-size: 17px;\">\u2013\u00a0D\u00e2y \u0111eo b\u00e9 DJI\u00a0<\/span><\/p>\n<p>.<\/p>\n<p><img loading=\"lazy\" decoding=\"async\" class=\"aligncenter wp-image-37909\" src=\"https:\/\/phukienflytech.vn\/wp-content\/uploads\/2020\/06\/7-22.png\" alt=\"\" width=\"850\" height=\"626\" srcset=\"https:\/\/phukienflytech.vn\/wp-content\/uploads\/2020\/06\/7-22.png 1537w, https:\/\/phukienflytech.vn\/wp-content\/uploads\/2020\/06\/7-22-543x400.png 543w, https:\/\/phukienflytech.vn\/wp-content\/uploads\/2020\/06\/7-22-1086x800.png 1086w, https:\/\/phukienflytech.vn\/wp-content\/uploads\/2020\/06\/7-22-768x566.png 768w, https:\/\/phukienflytech.vn\/wp-content\/uploads\/2020\/06\/7-22-600x442.png 600w\" sizes=\"auto, (max-width: 850px) 100vw, 850px\" \/><\/p>\n<p><span style=\"font-size: 17px;\">\u2013\u00a0Khu\u1ebfch s\u00f3ng\u00a0Phantom khi\u1ec3n 2 r\u00e2u<\/span><\/p>\n<p><img loading=\"lazy\" decoding=\"async\" class=\"aligncenter wp-image-37911\" src=\"https:\/\/phukienflytech.vn\/wp-content\/uploads\/2020\/06\/8-11.png\" alt=\"\" width=\"850\" height=\"626\" srcset=\"https:\/\/phukienflytech.vn\/wp-content\/uploads\/2020\/06\/8-11.png 1537w, https:\/\/phukienflytech.vn\/wp-content\/uploads\/2020\/06\/8-11-543x400.png 543w, https:\/\/phukienflytech.vn\/wp-content\/uploads\/2020\/06\/8-11-1086x800.png 1086w, https:\/\/phukienflytech.vn\/wp-content\/uploads\/2020\/06\/8-11-768x566.png 768w, https:\/\/phukienflytech.vn\/wp-content\/uploads\/2020\/06\/8-11-600x442.png 600w\" sizes=\"auto, (max-width: 850px) 100vw, 850px\" \/><\/p>\n<p>&nbsp;<\/p>\n<p>&nbsp;<\/p>\n<h2><span style=\"font-size: 20px; color: #0000ff;\"><strong>\u270d C\u00f4ng d\u1ee5ng s\u1ea3n ph\u1ea9m:<\/strong><\/span><\/h2>\n<p><span style=\"font-size: 17px;\">\u2705 Che n\u1eafng phone b\u1eb1ng da : 5.5 inch<\/span><\/p>\n<p><span style=\"font-size: 17px;\">\u2705 Bao silicon tay khi\u1ec3n:\u00a0xanh d\u01b0\u01a1ng \u2013 l\u1ee5c \u2013 \u0111\u1ecf \u2013 v\u00e0ng (l\u1ef1a ch\u1ecdn)<\/span><\/p>\n<p><span style=\"font-size: 17px;\">\u2705 Ch\u1ee5p b\u1ea3o v\u1ec7 motor<\/span><\/p>\n<p><span style=\"font-size: 17px;\">\u2705 D\u00e2y \u0111eo b\u00e9 DJI\u00a0<\/span><\/p>\n<p><span style=\"font-size: 17px;\">\u2705 Khu\u1ebfch s\u00f3ng\u00a0Phantom khi\u1ec3n 2 r\u00e2u<\/span><\/p>\n<p>.<\/p>\n<p><img loading=\"lazy\" decoding=\"async\" class=\"aligncenter wp-image-37925\" src=\"https:\/\/phukienflytech.vn\/wp-content\/uploads\/2020\/06\/3-69.png\" alt=\"goi-combo-1-phantom-3-ad-pro\" width=\"850\" height=\"473\" srcset=\"https:\/\/phukienflytech.vn\/wp-content\/uploads\/2020\/06\/3-69.png 2023w, https:\/\/phukienflytech.vn\/wp-content\/uploads\/2020\/06\/3-69-719x400.png 719w, https:\/\/phukienflytech.vn\/wp-content\/uploads\/2020\/06\/3-69-1400x779.png 1400w, https:\/\/phukienflytech.vn\/wp-content\/uploads\/2020\/06\/3-69-768x427.png 768w, https:\/\/phukienflytech.vn\/wp-content\/uploads\/2020\/06\/3-69-1536x854.png 1536w, https:\/\/phukienflytech.vn\/wp-content\/uploads\/2020\/06\/3-69-600x334.png 600w\" sizes=\"auto, (max-width: 850px) 100vw, 850px\" \/><\/p>\n<p><span style=\"font-size: 20px; color: #0000ff;\"><strong>\u270d H\u01b0\u1edbng d\u1eabn b\u1ea3o qu\u1ea3n:<\/strong><\/span><\/p>\n<p><span style=\"font-size: 17px;\">\u2705 Ba\u0309o qua\u0309n n\u01a1i kh\u00f4 ra\u0301o thoa\u0301ng ma\u0301t<\/span><\/p>\n<p><span style=\"font-size: 17px;\">\u2705 Tr\u00e1nh \u0111\u1ec3 \u1edf n\u01a1i c\u00f3 nhi\u1ec7t \u0111\u1ed9 &gt;80 \u0111\u1ed9 C<\/span><\/p>\n<p>.<\/p>\n<p><img loading=\"lazy\" decoding=\"async\" class=\"aligncenter wp-image-37923\" src=\"https:\/\/phukienflytech.vn\/wp-content\/uploads\/2020\/06\/2-68.png\" alt=\"\" width=\"850\" height=\"473\" srcset=\"https:\/\/phukienflytech.vn\/wp-content\/uploads\/2020\/06\/2-68.png 1863w, https:\/\/phukienflytech.vn\/wp-content\/uploads\/2020\/06\/2-68-719x400.png 719w, https:\/\/phukienflytech.vn\/wp-content\/uploads\/2020\/06\/2-68-1400x779.png 1400w, https:\/\/phukienflytech.vn\/wp-content\/uploads\/2020\/06\/2-68-768x427.png 768w, https:\/\/phukienflytech.vn\/wp-content\/uploads\/2020\/06\/2-68-1536x855.png 1536w, https:\/\/phukienflytech.vn\/wp-content\/uploads\/2020\/06\/2-68-600x334.png 600w\" sizes=\"auto, (max-width: 850px) 100vw, 850px\" \/><\/p>\n<p><span style=\"font-size: 20px; color: #0000ff;\"><strong>Mua ph\u1ee5 ki\u1ec7n Phantom <\/strong><strong>3<\/strong><strong> \u1edf \u0111\u00e2u?<\/strong><\/span><\/p>\n<p><span style=\"font-size: 17px;\"><a href=\"https:\/\/phukienflytech.vn\/en\"><strong><span style=\"color: #0000ff;\">Ph\u1ee5 ki\u1ec7n flycam gi\u00e1 t\u1ed1t<\/span><\/strong><\/a><span style=\"color: #0000ff;\">\u00a0<\/span>h\u00e2n h\u1ea1nh l\u00e0 \u0111\u01a1n v\u1ecb ph\u00e2n ph\u1ed1i ch\u00ednh h\u00e3ng c\u00e1c s\u1ea3n ph\u1ea9m c\u1ee7a Pgytech. T\u1edbi v\u1edbi ch\u00fang t\u00f4i, c\u00e1c b\u1ea1n s\u1ebd mua \u0111\u01b0\u1ee3c nh\u1eefng s\u1ea3n ph\u1ea9m ch\u00ednh h\u00e3ng v\u1edbi gi\u00e1 m\u1ed9t m\u1ee9c gi\u00e1 t\u1ed1t nh\u1ea5t tr\u00ean th\u1ecb tr\u01b0\u1eddng<\/span><\/p>\n<p><span style=\"font-size: 17px;\">Kh\u00f4ng ch\u1ec9 nh\u1eefng s\u1ea3n ph\u1ea9m ph\u1ee5 ki\u1ec7n ch\u00ednh h\u00e3ng Phantom 3. Ch\u00fang t\u00f4i c\u0169ng ph\u00e2n ph\u1ed1i c\u00e1c d\u00f2ng s\u1ea3n ph\u1ea9m ph\u1ee5 ki\u1ec7n c\u1ee7a DJI Mavic 2, DJI Phantom, DJI Spark,.. ch\u00ednh h\u00e3ng t\u1edbi t\u1eeb DJI, Pgytech v\u00e0 SunnyLife.<\/span><\/p>\n<p><span style=\"font-size: 17px;\">H\u00e3y \u0111\u1ebfn v\u1edbi ph\u1ee5 ki\u1ec7n flycam gi\u00e1 t\u1ed1t \u0111\u1ec3 c\u00f3 \u0111\u01b0\u1ee3c\u00a0 m\u1ee9c gi\u00e1 t\u1ed1t v\u00e0 ch\u1ea5t l\u01b0\u1ee3ng \u0111\u1ea3m b\u1ea3o.<\/span><\/p>\n<p><span style=\"font-size: 17px;\"><strong>&gt;&gt; Li\u00ean h\u1ec7 v\u1edbi Admin tr\u00ean: <\/strong><span style=\"color: #0000ff;\"><a style=\"color: #0000ff;\" href=\"https:\/\/fb.com\/phukienflycam\"><strong>Fanpage<\/strong><\/a><\/span><\/span><\/p>\n<p>&nbsp;<\/p>\n","protected":false},"excerpt":{"rendered":"<p>G\u00f3i combo 1 &#8211; Phantom 3 ad \/pro G\u00f3i combo 1 &#8211; Phantom 3 ad \/pro . \u270d Gi\u1edbi thi\u1ec7u s\u1ea3n ph\u1ea9m: V\u1edbi nhu c\u1ea7u ng\u00e0y c\u00e0ng cao c\u1ee7a c\u00e1c Pilot s\u1edf h\u1eefu Phantom 3 S\/SE t\u1ea1i Vi\u1ec7t Nam v\u1ec1 c\u00e1c lo\u1ea1i ph\u1ee5 ki\u1ec7n h\u1ed7 tr\u1ee3 cho su\u1ed1t qu\u00e1 tr\u00ecnh s\u1eed d\u1ee5ng cho chuy\u1ebfn bay &#8230;<\/p>\n","protected":false},"featured_media":16374,"comment_status":"open","ping_status":"closed","template":"","meta":{"_acf_changed":false},"product_brand":[],"product_cat":[176,183],"product_tag":[206,245],"class_list":{"0":"post-4343","1":"product","2":"type-product","3":"status-publish","4":"has-post-thumbnail","6":"product_cat-dji-osmo-drones-accessories","7":"product_cat-phantom-3-accessory","8":"product_tag-phu-kien-dji-en","9":"product_tag-phu-kien-phantom-3-en","11":"first","12":"instock","13":"shipping-taxable","14":"purchasable","15":"product-type-simple"},"acf":[],"yoast_head":"<!-- This site is optimized with the Yoast SEO plugin v25.7 - https:\/\/yoast.com\/wordpress\/plugins\/seo\/ -->\n<title>G\u00f3i combo 1 Phantom 3 ad\/pro - ph\u1ee5 ki\u1ec7n Phantom 3 ch\u00ednh h\u00e3ng<\/title>\n<meta name=\"description\" content=\"G\u00f3i combo 1 Phantom 3 l\u00e0 ph\u1ee5 ki\u1ec7n Phantom 3 ch\u00ednh h\u00e3n. G\u00f3i combo 1 Phantom 3 gi\u00fap b\u1ea1n c\u00f3 th\u1ec3 tr\u1ea3i nghi\u1ec7m \u0111\u01b0\u1ee3c t\u1ea5t c\u1ea3 nh\u1eefng ph\u1ee5 ki\u1ec7n c\u1ea7n thi\u1ebft\" \/>\n<meta name=\"robots\" content=\"index, follow, max-snippet:-1, max-image-preview:large, max-video-preview:-1\" \/>\n<link rel=\"canonical\" href=\"https:\/\/phukienflytech.vn\/en\/san-pham\/goi-combo-1-phantom-3-ad-pro.html\" \/>\n<meta property=\"og:locale\" content=\"en_US\" \/>\n<meta property=\"og:type\" content=\"article\" \/>\n<meta property=\"og:title\" content=\"G\u00f3i combo 1 Phantom 3 ad\/pro - ph\u1ee5 ki\u1ec7n Phantom 3 ch\u00ednh h\u00e3ng\" \/>\n<meta property=\"og:description\" content=\"G\u00f3i combo 1 Phantom 3 l\u00e0 ph\u1ee5 ki\u1ec7n Phantom 3 ch\u00ednh h\u00e3n. G\u00f3i combo 1 Phantom 3 gi\u00fap b\u1ea1n c\u00f3 th\u1ec3 tr\u1ea3i nghi\u1ec7m \u0111\u01b0\u1ee3c t\u1ea5t c\u1ea3 nh\u1eefng ph\u1ee5 ki\u1ec7n c\u1ea7n thi\u1ebft\" \/>\n<meta property=\"og:url\" content=\"https:\/\/phukienflytech.vn\/en\/san-pham\/goi-combo-1-phantom-3-ad-pro.html\" \/>\n<meta property=\"og:site_name\" content=\"Shop M\u00e1y \u1ea3nh - Action Camera - Gimbal - Flycam - Ph\u1ee5 ki\u1ec7n\" \/>\n<meta property=\"article:publisher\" content=\"https:\/\/facebook.com\/phukienflycam\" \/>\n<meta property=\"article:modified_time\" content=\"2022-08-23T06:06:08+00:00\" \/>\n<meta property=\"og:image\" content=\"https:\/\/phukienflytech.vn\/wp-content\/uploads\/2020\/05\/combo_1_-_3pro.jpg\" \/>\n\t<meta property=\"og:image:width\" content=\"242\" \/>\n\t<meta property=\"og:image:height\" content=\"240\" \/>\n\t<meta property=\"og:image:type\" content=\"image\/jpeg\" \/>\n<meta name=\"twitter:card\" content=\"summary_large_image\" \/>\n<meta name=\"twitter:label1\" content=\"Est. reading time\" \/>\n\t<meta name=\"twitter:data1\" content=\"3 minutes\" \/>\n<script type=\"application\/ld+json\" class=\"yoast-schema-graph\">{\"@context\":\"https:\/\/schema.org\",\"@graph\":[{\"@type\":\"WebPage\",\"@id\":\"https:\/\/phukienflytech.vn\/en\/san-pham\/goi-combo-1-phantom-3-ad-pro.html\",\"url\":\"https:\/\/phukienflytech.vn\/en\/san-pham\/goi-combo-1-phantom-3-ad-pro.html\",\"name\":\"G\u00f3i combo 1 Phantom 3 ad\/pro - ph\u1ee5 ki\u1ec7n Phantom 3 ch\u00ednh h\u00e3ng\",\"isPartOf\":{\"@id\":\"https:\/\/phukienflytech.vn\/#website\"},\"primaryImageOfPage\":{\"@id\":\"https:\/\/phukienflytech.vn\/en\/san-pham\/goi-combo-1-phantom-3-ad-pro.html#primaryimage\"},\"image\":{\"@id\":\"https:\/\/phukienflytech.vn\/en\/san-pham\/goi-combo-1-phantom-3-ad-pro.html#primaryimage\"},\"thumbnailUrl\":\"https:\/\/phukienflytech.vn\/wp-content\/uploads\/2020\/05\/combo_1_-_3pro.jpg\",\"datePublished\":\"2020-06-16T02:36:43+00:00\",\"dateModified\":\"2022-08-23T06:06:08+00:00\",\"description\":\"G\u00f3i combo 1 Phantom 3 l\u00e0 ph\u1ee5 ki\u1ec7n Phantom 3 ch\u00ednh h\u00e3n. G\u00f3i combo 1 Phantom 3 gi\u00fap b\u1ea1n c\u00f3 th\u1ec3 tr\u1ea3i nghi\u1ec7m \u0111\u01b0\u1ee3c t\u1ea5t c\u1ea3 nh\u1eefng ph\u1ee5 ki\u1ec7n c\u1ea7n thi\u1ebft\",\"breadcrumb\":{\"@id\":\"https:\/\/phukienflytech.vn\/en\/san-pham\/goi-combo-1-phantom-3-ad-pro.html#breadcrumb\"},\"inLanguage\":\"en-US\",\"potentialAction\":[{\"@type\":\"ReadAction\",\"target\":[\"https:\/\/phukienflytech.vn\/en\/san-pham\/goi-combo-1-phantom-3-ad-pro.html\"]}]},{\"@type\":\"ImageObject\",\"inLanguage\":\"en-US\",\"@id\":\"https:\/\/phukienflytech.vn\/en\/san-pham\/goi-combo-1-phantom-3-ad-pro.html#primaryimage\",\"url\":\"https:\/\/phukienflytech.vn\/wp-content\/uploads\/2020\/05\/combo_1_-_3pro.jpg\",\"contentUrl\":\"https:\/\/phukienflytech.vn\/wp-content\/uploads\/2020\/05\/combo_1_-_3pro.jpg\",\"width\":242,\"height\":240},{\"@type\":\"BreadcrumbList\",\"@id\":\"https:\/\/phukienflytech.vn\/en\/san-pham\/goi-combo-1-phantom-3-ad-pro.html#breadcrumb\",\"itemListElement\":[{\"@type\":\"ListItem\",\"position\":1,\"name\":\"Home\",\"item\":\"https:\/\/phukienflytech.vn\/en\"},{\"@type\":\"ListItem\",\"position\":2,\"name\":\"Ph\u1ee5 ki\u1ec7n Mavic Pro\",\"item\":\"https:\/\/phukienflytech.vn\/en\/phu-kien-mavic-pro.html\"},{\"@type\":\"ListItem\",\"position\":3,\"name\":\"Ph\u1ee5 ki\u1ec7n DJI - Osmo\",\"item\":\"https:\/\/phukienflytech.vn\/danh-muc\/phu-kien-dji-osmo.html\"},{\"@type\":\"ListItem\",\"position\":4,\"name\":\"G\u00f3i combo 1 &#8211; Phantom 3 ad \/pro\"}]},{\"@type\":\"WebSite\",\"@id\":\"https:\/\/phukienflytech.vn\/#website\",\"url\":\"https:\/\/phukienflytech.vn\/\",\"name\":\"Shop M\u00e1y \u1ea3nh - Action Camera - Gimbal - Flycam - Ph\u1ee5 ki\u1ec7n\",\"description\":\"Shop M\u00e1y \u1ea3nh - Action Camera - Gimbal - Flycam - Ph\u1ee5 ki\u1ec7n\",\"publisher\":{\"@id\":\"https:\/\/phukienflytech.vn\/#organization\"},\"potentialAction\":[{\"@type\":\"SearchAction\",\"target\":{\"@type\":\"EntryPoint\",\"urlTemplate\":\"https:\/\/phukienflytech.vn\/?s={search_term_string}\"},\"query-input\":{\"@type\":\"PropertyValueSpecification\",\"valueRequired\":true,\"valueName\":\"search_term_string\"}}],\"inLanguage\":\"en-US\"},{\"@type\":\"Organization\",\"@id\":\"https:\/\/phukienflytech.vn\/#organization\",\"name\":\"DJI Store - Shop Drone, Action camera, Gimbal DJI |Phukienflytech\",\"alternateName\":\"DJI Store - Shop Drone, Action camera, Gimbal DJI |Phukienflytech\",\"url\":\"https:\/\/phukienflytech.vn\/\",\"logo\":{\"@type\":\"ImageObject\",\"inLanguage\":\"en-US\",\"@id\":\"https:\/\/phukienflytech.vn\/#\/schema\/logo\/image\/\",\"url\":\"https:\/\/phukienflytech.vn\/wp-content\/uploads\/2020\/05\/hAnh_nan.jpg1_.jpg\",\"contentUrl\":\"https:\/\/phukienflytech.vn\/wp-content\/uploads\/2020\/05\/hAnh_nan.jpg1_.jpg\",\"width\":800,\"height\":450,\"caption\":\"DJI Store - Shop Drone, Action camera, Gimbal DJI |Phukienflytech\"},\"image\":{\"@id\":\"https:\/\/phukienflytech.vn\/#\/schema\/logo\/image\/\"},\"sameAs\":[\"https:\/\/facebook.com\/phukienflycam\",\"https:\/\/www.youtube.com\/@phukienflytech\",\"https:\/\/www.tiktok.com\/@flytech.channel?fbclid=IwY2xjawGjg7BleHRuA2FlbQIxMAABHYVGmlXpuSMs0UB2zTpYvyT4GMVfN2qJa4urF4vkSQ6FAVBwXZtDP30qQA_aem_UwMiDcUvlEbd2tXAmsc8Og\"]}]}<\/script>\n<!-- \/ Yoast SEO plugin. -->","yoast_head_json":{"title":"G\u00f3i combo 1 Phantom 3 ad\/pro - ph\u1ee5 ki\u1ec7n Phantom 3 ch\u00ednh h\u00e3ng","description":"G\u00f3i combo 1 Phantom 3 l\u00e0 ph\u1ee5 ki\u1ec7n Phantom 3 ch\u00ednh h\u00e3n. G\u00f3i combo 1 Phantom 3 gi\u00fap b\u1ea1n c\u00f3 th\u1ec3 tr\u1ea3i nghi\u1ec7m \u0111\u01b0\u1ee3c t\u1ea5t c\u1ea3 nh\u1eefng ph\u1ee5 ki\u1ec7n c\u1ea7n thi\u1ebft","robots":{"index":"index","follow":"follow","max-snippet":"max-snippet:-1","max-image-preview":"max-image-preview:large","max-video-preview":"max-video-preview:-1"},"canonical":"https:\/\/phukienflytech.vn\/en\/san-pham\/goi-combo-1-phantom-3-ad-pro.html","og_locale":"en_US","og_type":"article","og_title":"G\u00f3i combo 1 Phantom 3 ad\/pro - ph\u1ee5 ki\u1ec7n Phantom 3 ch\u00ednh h\u00e3ng","og_description":"G\u00f3i combo 1 Phantom 3 l\u00e0 ph\u1ee5 ki\u1ec7n Phantom 3 ch\u00ednh h\u00e3n. G\u00f3i combo 1 Phantom 3 gi\u00fap b\u1ea1n c\u00f3 th\u1ec3 tr\u1ea3i nghi\u1ec7m \u0111\u01b0\u1ee3c t\u1ea5t c\u1ea3 nh\u1eefng ph\u1ee5 ki\u1ec7n c\u1ea7n thi\u1ebft","og_url":"https:\/\/phukienflytech.vn\/en\/san-pham\/goi-combo-1-phantom-3-ad-pro.html","og_site_name":"Shop M\u00e1y \u1ea3nh - Action Camera - Gimbal - Flycam - Ph\u1ee5 ki\u1ec7n","article_publisher":"https:\/\/facebook.com\/phukienflycam","article_modified_time":"2022-08-23T06:06:08+00:00","og_image":[{"width":242,"height":240,"url":"https:\/\/phukienflytech.vn\/wp-content\/uploads\/2020\/05\/combo_1_-_3pro.jpg","type":"image\/jpeg"}],"twitter_card":"summary_large_image","twitter_misc":{"Est. reading time":"3 minutes"},"schema":{"@context":"https:\/\/schema.org","@graph":[{"@type":"WebPage","@id":"https:\/\/phukienflytech.vn\/en\/san-pham\/goi-combo-1-phantom-3-ad-pro.html","url":"https:\/\/phukienflytech.vn\/en\/san-pham\/goi-combo-1-phantom-3-ad-pro.html","name":"G\u00f3i combo 1 Phantom 3 ad\/pro - ph\u1ee5 ki\u1ec7n Phantom 3 ch\u00ednh h\u00e3ng","isPartOf":{"@id":"https:\/\/phukienflytech.vn\/#website"},"primaryImageOfPage":{"@id":"https:\/\/phukienflytech.vn\/en\/san-pham\/goi-combo-1-phantom-3-ad-pro.html#primaryimage"},"image":{"@id":"https:\/\/phukienflytech.vn\/en\/san-pham\/goi-combo-1-phantom-3-ad-pro.html#primaryimage"},"thumbnailUrl":"https:\/\/phukienflytech.vn\/wp-content\/uploads\/2020\/05\/combo_1_-_3pro.jpg","datePublished":"2020-06-16T02:36:43+00:00","dateModified":"2022-08-23T06:06:08+00:00","description":"G\u00f3i combo 1 Phantom 3 l\u00e0 ph\u1ee5 ki\u1ec7n Phantom 3 ch\u00ednh h\u00e3n. G\u00f3i combo 1 Phantom 3 gi\u00fap b\u1ea1n c\u00f3 th\u1ec3 tr\u1ea3i nghi\u1ec7m \u0111\u01b0\u1ee3c t\u1ea5t c\u1ea3 nh\u1eefng ph\u1ee5 ki\u1ec7n c\u1ea7n thi\u1ebft","breadcrumb":{"@id":"https:\/\/phukienflytech.vn\/en\/san-pham\/goi-combo-1-phantom-3-ad-pro.html#breadcrumb"},"inLanguage":"en-US","potentialAction":[{"@type":"ReadAction","target":["https:\/\/phukienflytech.vn\/en\/san-pham\/goi-combo-1-phantom-3-ad-pro.html"]}]},{"@type":"ImageObject","inLanguage":"en-US","@id":"https:\/\/phukienflytech.vn\/en\/san-pham\/goi-combo-1-phantom-3-ad-pro.html#primaryimage","url":"https:\/\/phukienflytech.vn\/wp-content\/uploads\/2020\/05\/combo_1_-_3pro.jpg","contentUrl":"https:\/\/phukienflytech.vn\/wp-content\/uploads\/2020\/05\/combo_1_-_3pro.jpg","width":242,"height":240},{"@type":"BreadcrumbList","@id":"https:\/\/phukienflytech.vn\/en\/san-pham\/goi-combo-1-phantom-3-ad-pro.html#breadcrumb","itemListElement":[{"@type":"ListItem","position":1,"name":"Home","item":"https:\/\/phukienflytech.vn\/en"},{"@type":"ListItem","position":2,"name":"Ph\u1ee5 ki\u1ec7n Mavic Pro","item":"https:\/\/phukienflytech.vn\/en\/phu-kien-mavic-pro.html"},{"@type":"ListItem","position":3,"name":"Ph\u1ee5 ki\u1ec7n DJI - Osmo","item":"https:\/\/phukienflytech.vn\/danh-muc\/phu-kien-dji-osmo.html"},{"@type":"ListItem","position":4,"name":"G\u00f3i combo 1 &#8211; Phantom 3 ad \/pro"}]},{"@type":"WebSite","@id":"https:\/\/phukienflytech.vn\/#website","url":"https:\/\/phukienflytech.vn\/","name":"Shop M\u00e1y \u1ea3nh - Action Camera - Gimbal - Flycam - Ph\u1ee5 ki\u1ec7n","description":"Shop M\u00e1y \u1ea3nh - Action Camera - Gimbal - Flycam - Ph\u1ee5 ki\u1ec7n","publisher":{"@id":"https:\/\/phukienflytech.vn\/#organization"},"potentialAction":[{"@type":"SearchAction","target":{"@type":"EntryPoint","urlTemplate":"https:\/\/phukienflytech.vn\/?s={search_term_string}"},"query-input":{"@type":"PropertyValueSpecification","valueRequired":true,"valueName":"search_term_string"}}],"inLanguage":"en-US"},{"@type":"Organization","@id":"https:\/\/phukienflytech.vn\/#organization","name":"DJI Store - Shop Drone, Action camera, Gimbal DJI |Phukienflytech","alternateName":"DJI Store - Shop Drone, Action camera, Gimbal DJI |Phukienflytech","url":"https:\/\/phukienflytech.vn\/","logo":{"@type":"ImageObject","inLanguage":"en-US","@id":"https:\/\/phukienflytech.vn\/#\/schema\/logo\/image\/","url":"https:\/\/phukienflytech.vn\/wp-content\/uploads\/2020\/05\/hAnh_nan.jpg1_.jpg","contentUrl":"https:\/\/phukienflytech.vn\/wp-content\/uploads\/2020\/05\/hAnh_nan.jpg1_.jpg","width":800,"height":450,"caption":"DJI Store - Shop Drone, Action camera, Gimbal DJI |Phukienflytech"},"image":{"@id":"https:\/\/phukienflytech.vn\/#\/schema\/logo\/image\/"},"sameAs":["https:\/\/facebook.com\/phukienflycam","https:\/\/www.youtube.com\/@phukienflytech","https:\/\/www.tiktok.com\/@flytech.channel?fbclid=IwY2xjawGjg7BleHRuA2FlbQIxMAABHYVGmlXpuSMs0UB2zTpYvyT4GMVfN2qJa4urF4vkSQ6FAVBwXZtDP30qQA_aem_UwMiDcUvlEbd2tXAmsc8Og"]}]}},"_links":{"self":[{"href":"https:\/\/phukienflytech.vn\/en\/wp-json\/wp\/v2\/product\/4343","targetHints":{"allow":["GET"]}}],"collection":[{"href":"https:\/\/phukienflytech.vn\/en\/wp-json\/wp\/v2\/product"}],"about":[{"href":"https:\/\/phukienflytech.vn\/en\/wp-json\/wp\/v2\/types\/product"}],"replies":[{"embeddable":true,"href":"https:\/\/phukienflytech.vn\/en\/wp-json\/wp\/v2\/comments?post=4343"}],"wp:featuredmedia":[{"embeddable":true,"href":"https:\/\/phukienflytech.vn\/en\/wp-json\/wp\/v2\/media\/16374"}],"wp:attachment":[{"href":"https:\/\/phukienflytech.vn\/en\/wp-json\/wp\/v2\/media?parent=4343"}],"wp:term":[{"taxonomy":"product_brand","embeddable":true,"href":"https:\/\/phukienflytech.vn\/en\/wp-json\/wp\/v2\/product_brand?post=4343"},{"taxonomy":"product_cat","embeddable":true,"href":"https:\/\/phukienflytech.vn\/en\/wp-json\/wp\/v2\/product_cat?post=4343"},{"taxonomy":"product_tag","embeddable":true,"href":"https:\/\/phukienflytech.vn\/en\/wp-json\/wp\/v2\/product_tag?post=4343"}],"curies":[{"name":"wp","href":"https:\/\/api.w.org\/{rel}","templated":true}]}}