{"id":43638,"date":"2022-06-16T22:12:28","date_gmt":"2022-06-16T15:12:28","guid":{"rendered":"https:\/\/phukienflytech.vn\/san-pham\/kinh-cuong-luc-smart-controller-mavic-mini-3-pro-sunnylife.html"},"modified":"2022-06-19T14:18:16","modified_gmt":"2022-06-19T07:18:16","slug":"kinh-cuong-luc-smart-controller-mavic-mini-3-pro-sunnylife","status":"publish","type":"product","link":"https:\/\/phukienflytech.vn\/en\/san-pham\/kinh-cuong-luc-smart-controller-mavic-mini-3-pro-sunnylife.html","title":{"rendered":"K\u00ednh c\u01b0\u1eddng l\u1ef1c Smart controller Mavic Mini 3 pro &#8211; Sunnylife"},"content":{"rendered":"<h2><span style=\"font-size: 20px; color: #0000ff;\"><strong>K\u00ednh c\u01b0\u1eddng l\u1ef1c Mavic Mini 3<\/strong><\/span><\/h2>\n<p><span style=\"font-size: 17px;\"><em><span style=\"color: #000000;\">K\u00ednh c\u01b0\u1eddng l\u1ef1c Mavic Mini 3<\/span><\/em><\/span><\/p>\n<p>.<\/p>\n<p><img loading=\"lazy\" decoding=\"async\" class=\"aligncenter wp-image-43504\" src=\"https:\/\/phukienflytech.vn\/wp-content\/uploads\/2022\/06\/Picture10.jpg\" alt=\"\" width=\"850\" height=\"1368\" srcset=\"https:\/\/phukienflytech.vn\/wp-content\/uploads\/2022\/06\/Picture10.jpg 750w, https:\/\/phukienflytech.vn\/wp-content\/uploads\/2022\/06\/Picture10-249x400.jpg 249w, https:\/\/phukienflytech.vn\/wp-content\/uploads\/2022\/06\/Picture10-497x800.jpg 497w, https:\/\/phukienflytech.vn\/wp-content\/uploads\/2022\/06\/Picture10-600x966.jpg 600w\" sizes=\"auto, (max-width: 850px) 100vw, 850px\" \/><\/p>\n<p><span style=\"font-size: 20px; color: #0000ff;\"><strong>Gi\u1edbi thi\u1ec7u s\u1ea3n ph\u1ea9m: <\/strong><\/span><span style=\"font-size: 20px; color: #0000ff;\"><strong>K\u00ednh c\u01b0\u1eddng l\u1ef1c Mavic Mini 3<\/strong><\/span><\/p>\n<div><span style=\"color: #000000;\"><span style=\"font-size: 17px;\">Vi\u1ec7c b\u1ea3o v\u1ec7 m\u00e0n h\u00ecnh Smart controller cho Mavic Mini 3 l\u00e0 \u0111i\u1ec1u r\u1ea5t quan tr\u1ecdng n\u1ebfu b\u1ea1n mu\u1ed1n c\u00f3 1 tr\u1ea3i nghi\u1ec7m t\u1ed1t khi bay flycam c\u0169ng nh\u01b0 b\u1ea3o v\u1ec7 m\u1eb7t k\u00ednh tr\u01b0\u1edbc c\u00e1c t\u00e1c \u0111\u1ed9ng b\u00ean ngo\u00e0i. V\u1edbi k\u00ednh c\u01b0\u1eddng l\u1ef1c \u0111\u1ebfn t\u1eeb nh\u00e3n h\u00e0ng Sunnylife th\u00ec \u0111\u00e2y l\u00e0 m\u1ed9t gi\u1ea3i ph\u00e1p cho b\u1ea1n l\u1ef1a ch\u1ecdn, k\u00ednh c\u00f3 \u0111\u1ed9 b\u1ec1n cao, ch\u1ed1ng x\u01b0\u1edbc v\u00e0 b\u1ee5i v\u00e0o m\u1eb7t k\u00ednh<\/span><\/span><span style=\"font-size: 14.4px;\">.<\/span><\/div>\n<p><span style=\"font-size: 17px; color: #000000;\">.<\/span><\/p>\n<p><img loading=\"lazy\" decoding=\"async\" class=\"aligncenter wp-image-43512\" src=\"https:\/\/phukienflytech.vn\/wp-content\/uploads\/2022\/06\/Picture13.jpg\" alt=\"\" width=\"850\" height=\"1235\" srcset=\"https:\/\/phukienflytech.vn\/wp-content\/uploads\/2022\/06\/Picture13.jpg 752w, https:\/\/phukienflytech.vn\/wp-content\/uploads\/2022\/06\/Picture13-275x400.jpg 275w, https:\/\/phukienflytech.vn\/wp-content\/uploads\/2022\/06\/Picture13-550x800.jpg 550w, https:\/\/phukienflytech.vn\/wp-content\/uploads\/2022\/06\/Picture13-600x872.jpg 600w\" sizes=\"auto, (max-width: 850px) 100vw, 850px\" \/><\/p>\n<p>.<\/p>\n<h2><span style=\"color: #0000ff; font-size: 20px;\"><strong>M\u00f4 t\u1ea3 s\u1ea3n ph\u1ea9m: K\u00ednh c\u01b0\u1eddng l\u1ef1c Mavic Mini 3<\/strong><\/span><\/h2>\n<p><span style=\"color: #000000; font-size: 17px;\">\u2705 T\u00ean: K\u00ednh c\u01b0\u1eddng l\u1ef1c Mini 3<\/span><\/p>\n<div><span style=\"color: #000000; font-size: 17px;\">\u2705 M\u1eabu: MM3-GHM387<\/span><\/div>\n<div><\/div>\n<div><span style=\"color: #000000; font-size: 17px;\">\u2705 C\u00e1c m\u1eabu t\u01b0\u01a1ng th\u00edch: DJI RC<\/span><\/div>\n<div><\/div>\n<div><span style=\"color: #000000; font-size: 17px;\">\u2705 Ch\u1ea5t li\u1ec7u: K\u00ednh c\u01b0\u1eddng l\u1ef1c<\/span><\/div>\n<div>.<\/div>\n<div><img loading=\"lazy\" decoding=\"async\" class=\"aligncenter wp-image-43516\" src=\"https:\/\/phukienflytech.vn\/wp-content\/uploads\/2022\/06\/Picture15.jpg\" alt=\"\" width=\"850\" height=\"1435\" srcset=\"https:\/\/phukienflytech.vn\/wp-content\/uploads\/2022\/06\/Picture15.jpg 750w, https:\/\/phukienflytech.vn\/wp-content\/uploads\/2022\/06\/Picture15-237x400.jpg 237w, https:\/\/phukienflytech.vn\/wp-content\/uploads\/2022\/06\/Picture15-474x800.jpg 474w, https:\/\/phukienflytech.vn\/wp-content\/uploads\/2022\/06\/Picture15-600x1013.jpg 600w\" sizes=\"auto, (max-width: 850px) 100vw, 850px\" \/><\/div>\n<div><\/div>\n<div><span style=\"color: #000000; font-size: 17px;\">\u2705 Nh\u00e0 s\u1ea3n xu\u1ea5t : Sunnylife<\/span><\/div>\n<div><\/div>\n<div><span style=\"color: #000000; font-size: 17px;\">\u2705 K\u00edch th\u01b0\u1edbc \u0111\u00f3ng g\u00f3i: 151 * 91 * 18mm<\/span><\/div>\n<div><\/div>\n<div><span style=\"color: #000000; font-size: 17px;\">\u2705 T\u01b0\u01a1ng th\u00edch v\u1edbi : khi\u1ec3n smart controller Mni 3 Pro<\/span><\/div>\n<p>.<\/p>\n<p><span style=\"font-size: 17px; color: #000000;\"><img loading=\"lazy\" decoding=\"async\" class=\"aligncenter wp-image-43514\" src=\"https:\/\/phukienflytech.vn\/wp-content\/uploads\/2022\/06\/Picture14.jpg\" alt=\"\" width=\"850\" height=\"1910\" srcset=\"https:\/\/phukienflytech.vn\/wp-content\/uploads\/2022\/06\/Picture14.jpg 750w, https:\/\/phukienflytech.vn\/wp-content\/uploads\/2022\/06\/Picture14-178x400.jpg 178w, https:\/\/phukienflytech.vn\/wp-content\/uploads\/2022\/06\/Picture14-356x800.jpg 356w, https:\/\/phukienflytech.vn\/wp-content\/uploads\/2022\/06\/Picture14-684x1536.jpg 684w, https:\/\/phukienflytech.vn\/wp-content\/uploads\/2022\/06\/Picture14-600x1348.jpg 600w\" sizes=\"auto, (max-width: 850px) 100vw, 850px\" \/><\/span><\/p>\n<p>.<\/p>\n<h2><span style=\"font-size: 20px; color: #0000ff;\"><strong>C\u00f4ng d\u1ee5ng s\u1ea3n ph\u1ea9m:<\/strong><\/span><\/h2>\n<p><span style=\"font-size: 17px; color: #000000;\">\u2705 K\u00ednh c\u01b0\u1eddng l\u1ef1c \u0111\u1ed9 c\u1ee9ng cao 9H, ch\u1ed1ng ch\u00e1y n\u1ed5, ch\u1ed1ng va \u0111\u1eadp.<\/span><\/p>\n<p><span style=\"font-size: 17px; color: #000000;\">\u2705 \u0110\u1ed9 truy\u1ec1n quang cao v\u00e0 hi\u1ec3n th\u1ecb m\u00e0u s\u1eafc trung th\u1ef1c c\u1ee7a m\u00e0n h\u00ecnh.<\/span><\/p>\n<p><span style=\"font-size: 17px; color: #000000;\">\u2705 Ch\u1ed1ng b\u00e1m v\u00e2n tay, ch\u1ed1ng b\u1ee5i v\u00e0 ch\u1ed1ng th\u1ea5m d\u1ea7u, ch\u1ed1ng x\u01b0\u1edbc.<\/span><\/p>\n<p><span style=\"font-size: 17px; color: #000000;\">\u2705 B\u1ea3o v\u1ec7 hi\u1ec7u qu\u1ea3 m\u00e0n h\u00ecnh b\u1ed9 \u0111i\u1ec1u khi\u1ec3n c\u1ee7a b\u1ea1n kh\u1ecfi b\u1ee5i, d\u1ea7u v\u00e0 d\u1ea5u v\u00e2n tay.<\/span><\/p>\n<p>.<\/p>\n<p><img loading=\"lazy\" decoding=\"async\" class=\"aligncenter wp-image-43507\" src=\"https:\/\/phukienflytech.vn\/wp-content\/uploads\/2022\/06\/Picture11.jpg\" alt=\"\" width=\"850\" height=\"1450\" srcset=\"https:\/\/phukienflytech.vn\/wp-content\/uploads\/2022\/06\/Picture11.jpg 750w, https:\/\/phukienflytech.vn\/wp-content\/uploads\/2022\/06\/Picture11-235x400.jpg 235w, https:\/\/phukienflytech.vn\/wp-content\/uploads\/2022\/06\/Picture11-469x800.jpg 469w, https:\/\/phukienflytech.vn\/wp-content\/uploads\/2022\/06\/Picture11-600x1023.jpg 600w\" sizes=\"auto, (max-width: 850px) 100vw, 850px\" \/><\/p>\n<p>.<\/p>\n<p><span style=\"font-size: 17px; color: #000000;\">\u00a0<\/span><\/p>\n<p>.<\/p>\n<h2><span style=\"font-size: 20px; color: #0000ff;\"><strong>H\u01b0\u1edbng d\u1eabn b\u1ea3o qu\u1ea3n:<\/strong><\/span><\/h2>\n<p><span style=\"color: #000000; font-size: 17px;\">\u2705\u00a0\u0110\u1ec3 n\u01a1i kh\u00f4 r\u00e1o, tho\u00e1ng m\u00e1t, h\u1ea1n ch\u1ebf \u0111\u1ec3 \u0111\u1ed3 n\u1eb7ng \u0111\u00e8 l\u00ean qu\u00e1 l\u00e2u<\/span><\/p>\n<p><span style=\"color: #000000; font-size: 17px;\">\u2705 Kh\u00f4ng \u0111\u1ec3 c\u00e1c v\u1eadt n\u0103ng \u0111\u00e8n l\u00ean k\u00ednh<\/span><\/p>\n<p><span style=\"color: #000000; font-size: 17px;\">\u2705 \u0110\u1ecdc k\u00fd h\u01b0\u1edbng d\u1eabn s\u1eed d\u1ee5ng tr\u01b0\u1edbc khi d\u00f9ng<\/span><\/p>\n<p>.<\/p>\n<p><img loading=\"lazy\" decoding=\"async\" class=\"aligncenter wp-image-43510\" src=\"https:\/\/phukienflytech.vn\/wp-content\/uploads\/2022\/06\/Picture12.jpg\" alt=\"kinh-cuong-luc-smart-controller-mavic-mini-3-pro-sunnylife\" width=\"850\" height=\"1444\" srcset=\"https:\/\/phukienflytech.vn\/wp-content\/uploads\/2022\/06\/Picture12.jpg 750w, https:\/\/phukienflytech.vn\/wp-content\/uploads\/2022\/06\/Picture12-235x400.jpg 235w, https:\/\/phukienflytech.vn\/wp-content\/uploads\/2022\/06\/Picture12-471x800.jpg 471w, https:\/\/phukienflytech.vn\/wp-content\/uploads\/2022\/06\/Picture12-600x1019.jpg 600w\" sizes=\"auto, (max-width: 850px) 100vw, 850px\" \/><\/p>\n<h2><span style=\"font-size: 20px; color: #0000ff;\"><strong>Mua ph\u1ee5 ki\u1ec7n flycam ch\u00ednh h\u00e3ng \u1edf \u0111\u00e2u?<\/strong><\/span><\/h2>\n<p><span style=\"font-size: 17px; color: #000000;\">Ph\u1ee5 ki\u1ec7n flycam gi\u00e1 t\u1ed1t\u00a0h\u00e2n h\u1ea1nh l\u00e0 \u0111\u01a1n v\u1ecb ph\u00e2n ph\u1ed1i ch\u00ednh h\u00e3ng c\u00e1c s\u1ea3n ph\u1ea9m ph\u1ee5 ki\u1ec7n flycam. T\u1edbi v\u1edbi ch\u00fang t\u00f4i, c\u00e1c b\u1ea1n s\u1ebd mua \u0111\u01b0\u1ee3c nh\u1eefng s\u1ea3n ph\u1ea9m ch\u00ednh h\u00e3ng v\u1edbi gi\u00e1 m\u1ed9t m\u1ee9c gi\u00e1 t\u1ed1t nh\u1ea5t tr\u00ean th\u1ecb tr\u01b0\u1eddng.<\/span><\/p>\n<p><span style=\"font-size: 17px; color: #000000;\">Kh\u00f4ng ch\u1ec9 nh\u1eefng s\u1ea3n ph\u1ea9m ph\u1ee5 ki\u1ec7n ch\u00ednh h\u00e3ng DJI FPV Drone. Ch\u00fang t\u00f4i c\u0169ng ph\u00e2n ph\u1ed1i c\u00e1c d\u00f2ng s\u1ea3n ph\u1ea9m ph\u1ee5 ki\u1ec7n c\u1ee7a DJI Mavic 2, DJI Phantom, DJI Spark,.. ch\u00ednh h\u00e3ng t\u1edbi t\u1eeb DJI, Pgytech v\u00e0 SunnyLife.<\/span><\/p>\n<p><span style=\"font-size: 17px; color: #000000;\">H\u00e3y \u0111\u1ebfn v\u1edbi ph\u1ee5 ki\u1ec7n flycam gi\u00e1 t\u1ed1t \u0111\u1ec3 c\u00f3 \u0111\u01b0\u1ee3c\u00a0m\u1ee9c gi\u00e1 t\u1ed1t v\u00e0 ch\u1ea5t l\u01b0\u1ee3ng \u0111\u1ea3m b\u1ea3o.<\/span><\/p>\n<p><span style=\"font-size: 17px; color: #000000;\"><strong>&gt;&gt; Xem th\u00eam:\u00a0<\/strong><strong><a style=\"color: #000000;\" href=\"https:\/\/phukienflytech.vn\/danh-muc\/phu-kien-dji-fpv.html\" target=\"_blank\" rel=\"noopener\">Ph\u1ee5 ki\u1ec7n FPV Drone<\/a><\/strong><\/span><\/p>\n<p><span style=\"font-size: 17px; color: #000000;\"><strong>&gt;&gt; Xem th\u00eam:\u00a0<\/strong><a style=\"color: #000000;\" href=\"https:\/\/phukienflytech.vn\/danh-muc\/phu-kien-mavic-2.html\" target=\"_blank\" rel=\"noopener\"><strong>Ph\u1ee5 ki\u1ec7n Mavic 2 series<\/strong><\/a><\/span><\/p>\n<p><span style=\"font-size: 17px; color: #000000;\"><strong>&gt;&gt; Xem th\u00eam:\u00a0<\/strong><strong><a style=\"color: #000000;\" href=\"https:\/\/phukienflytech.vn\/danh-muc\/phu-kien-mavic-air-2.html\" target=\"_blank\" rel=\"noopener\">Ph\u1ee5 ki\u1ec7n Mavic Air 2<\/a><\/strong><\/span><\/p>\n<p><span style=\"font-size: 17px; color: #000000;\"><strong>&gt;&gt; Xem th\u00eam:\u00a0<\/strong><strong><a style=\"color: #000000;\" href=\"https:\/\/phukienflytech.vn\/danh-muc\/phu-kien-mavic-mini.html\" target=\"_blank\" rel=\"noopener\">Ph\u1ee5 ki\u1ec7n Mavic Mini|Mini 2<\/a><\/strong><\/span><\/p>\n<p><span style=\"font-size: 17px; color: #000000;\"><strong>&gt;&gt; Li\u00ean h\u1ec7 v\u1edbi ch\u00fang t\u00f4i qua\u00a0Fanpage:\u00a0<\/strong><a style=\"color: #000000;\" href=\"https:\/\/www.facebook.com\/phukienflycam\" target=\"_blank\" rel=\"noopener\"><strong>Ph\u1ee5 ki\u1ec7n flycam gi\u00e1 t\u1ed1t\u00a0<\/strong><\/a><\/span><\/p>\n","protected":false},"excerpt":{"rendered":"<p>K\u00ednh c\u01b0\u1eddng l\u1ef1c Mavic Mini 3 K\u00ednh c\u01b0\u1eddng l\u1ef1c Mavic Mini 3 . Gi\u1edbi thi\u1ec7u s\u1ea3n ph\u1ea9m: K\u00ednh c\u01b0\u1eddng l\u1ef1c Mavic Mini 3 Vi\u1ec7c b\u1ea3o v\u1ec7 m\u00e0n h\u00ecnh Smart controller cho Mavic Mini 3 l\u00e0 \u0111i\u1ec1u r\u1ea5t quan tr\u1ecdng n\u1ebfu b\u1ea1n mu\u1ed1n c\u00f3 1 tr\u1ea3i nghi\u1ec7m t\u1ed1t khi bay flycam c\u0169ng nh\u01b0 b\u1ea3o v\u1ec7 m\u1eb7t &#8230;<\/p>\n","protected":false},"featured_media":43501,"comment_status":"open","ping_status":"closed","template":"","meta":{"_acf_changed":false},"product_brand":[],"product_cat":[],"product_tag":[],"class_list":{"0":"post-43638","1":"product","2":"type-product","3":"status-publish","4":"has-post-thumbnail","7":"first","8":"instock","9":"shipping-taxable","10":"purchasable","11":"product-type-simple"},"acf":[],"yoast_head":"<!-- This site is optimized with the Yoast SEO plugin v25.7 - https:\/\/yoast.com\/wordpress\/plugins\/seo\/ -->\n<title>K\u00ednh c\u01b0\u1eddng l\u1ef1c Mavic Mini 3 ch\u00ednh h\u00e3ng Sunnylife<\/title>\n<meta name=\"description\" content=\"K\u00ednh c\u01b0\u1eddng l\u1ef1c Mavic Mini 3 - Sunnylife b\u1ea3o v\u1ec7 t\u1ed1t m\u00e0n h\u00ecnh smart cho Mini 3 c\u1ee7a b\u1ea1n kh\u1ecfi b\u1ee5i b\u1ea9n, v\u00e2n tay, ch\u1ed1ng x\u01b0\u1edbc hi\u1ec7u qu\u1ea3\" \/>\n<meta name=\"robots\" content=\"index, follow, max-snippet:-1, max-image-preview:large, max-video-preview:-1\" \/>\n<link rel=\"canonical\" href=\"https:\/\/phukienflytech.vn\/en\/san-pham\/kinh-cuong-luc-smart-controller-mavic-mini-3-pro-sunnylife.html\" \/>\n<meta property=\"og:locale\" content=\"en_US\" \/>\n<meta property=\"og:type\" content=\"article\" \/>\n<meta property=\"og:title\" content=\"K\u00ednh c\u01b0\u1eddng l\u1ef1c Mavic Mini 3 ch\u00ednh h\u00e3ng Sunnylife\" \/>\n<meta property=\"og:description\" content=\"K\u00ednh c\u01b0\u1eddng l\u1ef1c Mavic Mini 3 - Sunnylife b\u1ea3o v\u1ec7 t\u1ed1t m\u00e0n h\u00ecnh smart cho Mini 3 c\u1ee7a b\u1ea1n kh\u1ecfi b\u1ee5i b\u1ea9n, v\u00e2n tay, ch\u1ed1ng x\u01b0\u1edbc hi\u1ec7u qu\u1ea3\" \/>\n<meta property=\"og:url\" content=\"https:\/\/phukienflytech.vn\/en\/san-pham\/kinh-cuong-luc-smart-controller-mavic-mini-3-pro-sunnylife.html\" \/>\n<meta property=\"og:site_name\" content=\"Shop M\u00e1y \u1ea3nh - Action Camera - Gimbal - Flycam - Ph\u1ee5 ki\u1ec7n\" \/>\n<meta property=\"article:publisher\" content=\"https:\/\/facebook.com\/phukienflycam\" \/>\n<meta property=\"article:modified_time\" content=\"2022-06-19T07:18:16+00:00\" \/>\n<meta property=\"og:image\" content=\"https:\/\/phukienflytech.vn\/wp-content\/uploads\/2022\/06\/1-2-800x800.png\" \/>\n\t<meta property=\"og:image:width\" content=\"800\" \/>\n\t<meta property=\"og:image:height\" content=\"800\" \/>\n\t<meta property=\"og:image:type\" content=\"image\/png\" \/>\n<meta name=\"twitter:card\" content=\"summary_large_image\" \/>\n<meta name=\"twitter:label1\" content=\"Est. reading time\" \/>\n\t<meta name=\"twitter:data1\" content=\"4 minutes\" \/>\n<script type=\"application\/ld+json\" class=\"yoast-schema-graph\">{\"@context\":\"https:\/\/schema.org\",\"@graph\":[{\"@type\":\"WebPage\",\"@id\":\"https:\/\/phukienflytech.vn\/en\/san-pham\/kinh-cuong-luc-smart-controller-mavic-mini-3-pro-sunnylife.html\",\"url\":\"https:\/\/phukienflytech.vn\/en\/san-pham\/kinh-cuong-luc-smart-controller-mavic-mini-3-pro-sunnylife.html\",\"name\":\"K\u00ednh c\u01b0\u1eddng l\u1ef1c Mavic Mini 3 ch\u00ednh h\u00e3ng Sunnylife\",\"isPartOf\":{\"@id\":\"https:\/\/phukienflytech.vn\/#website\"},\"primaryImageOfPage\":{\"@id\":\"https:\/\/phukienflytech.vn\/en\/san-pham\/kinh-cuong-luc-smart-controller-mavic-mini-3-pro-sunnylife.html#primaryimage\"},\"image\":{\"@id\":\"https:\/\/phukienflytech.vn\/en\/san-pham\/kinh-cuong-luc-smart-controller-mavic-mini-3-pro-sunnylife.html#primaryimage\"},\"thumbnailUrl\":\"https:\/\/phukienflytech.vn\/wp-content\/uploads\/2022\/06\/1-2-scaled.png\",\"datePublished\":\"2022-06-16T15:12:28+00:00\",\"dateModified\":\"2022-06-19T07:18:16+00:00\",\"description\":\"K\u00ednh c\u01b0\u1eddng l\u1ef1c Mavic Mini 3 - Sunnylife b\u1ea3o v\u1ec7 t\u1ed1t m\u00e0n h\u00ecnh smart cho Mini 3 c\u1ee7a b\u1ea1n kh\u1ecfi b\u1ee5i b\u1ea9n, v\u00e2n tay, ch\u1ed1ng x\u01b0\u1edbc hi\u1ec7u qu\u1ea3\",\"breadcrumb\":{\"@id\":\"https:\/\/phukienflytech.vn\/en\/san-pham\/kinh-cuong-luc-smart-controller-mavic-mini-3-pro-sunnylife.html#breadcrumb\"},\"inLanguage\":\"en-US\",\"potentialAction\":[{\"@type\":\"ReadAction\",\"target\":[\"https:\/\/phukienflytech.vn\/en\/san-pham\/kinh-cuong-luc-smart-controller-mavic-mini-3-pro-sunnylife.html\"]}]},{\"@type\":\"ImageObject\",\"inLanguage\":\"en-US\",\"@id\":\"https:\/\/phukienflytech.vn\/en\/san-pham\/kinh-cuong-luc-smart-controller-mavic-mini-3-pro-sunnylife.html#primaryimage\",\"url\":\"https:\/\/phukienflytech.vn\/wp-content\/uploads\/2022\/06\/1-2-scaled.png\",\"contentUrl\":\"https:\/\/phukienflytech.vn\/wp-content\/uploads\/2022\/06\/1-2-scaled.png\",\"width\":4407,\"height\":4408},{\"@type\":\"BreadcrumbList\",\"@id\":\"https:\/\/phukienflytech.vn\/en\/san-pham\/kinh-cuong-luc-smart-controller-mavic-mini-3-pro-sunnylife.html#breadcrumb\",\"itemListElement\":[{\"@type\":\"ListItem\",\"position\":1,\"name\":\"Home\",\"item\":\"https:\/\/phukienflytech.vn\/en\"},{\"@type\":\"ListItem\",\"position\":2,\"name\":\"Ph\u1ee5 ki\u1ec7n Mavic Pro\",\"item\":\"https:\/\/phukienflytech.vn\/en\/phu-kien-mavic-pro.html\"},{\"@type\":\"ListItem\",\"position\":3,\"name\":\"Ph\u1ee5 ki\u1ec7n DJI - Osmo\",\"item\":\"https:\/\/phukienflytech.vn\/danh-muc\/phu-kien-dji-osmo.html\"},{\"@type\":\"ListItem\",\"position\":4,\"name\":\"Ph\u1ee5 ki\u1ec7n flycam Mavic Mini\",\"item\":\"https:\/\/phukienflytech.vn\/danh-muc\/phu-kien-mavic-mini.html\"},{\"@type\":\"ListItem\",\"position\":5,\"name\":\"K\u00ednh c\u01b0\u1eddng l\u1ef1c Smart controller Mavic Mini 3 pro &#8211; Sunnylife\"}]},{\"@type\":\"WebSite\",\"@id\":\"https:\/\/phukienflytech.vn\/#website\",\"url\":\"https:\/\/phukienflytech.vn\/\",\"name\":\"Shop M\u00e1y \u1ea3nh - Action Camera - Gimbal - Flycam - Ph\u1ee5 ki\u1ec7n\",\"description\":\"Shop M\u00e1y \u1ea3nh - Action Camera - Gimbal - Flycam - Ph\u1ee5 ki\u1ec7n\",\"publisher\":{\"@id\":\"https:\/\/phukienflytech.vn\/#organization\"},\"potentialAction\":[{\"@type\":\"SearchAction\",\"target\":{\"@type\":\"EntryPoint\",\"urlTemplate\":\"https:\/\/phukienflytech.vn\/?s={search_term_string}\"},\"query-input\":{\"@type\":\"PropertyValueSpecification\",\"valueRequired\":true,\"valueName\":\"search_term_string\"}}],\"inLanguage\":\"en-US\"},{\"@type\":\"Organization\",\"@id\":\"https:\/\/phukienflytech.vn\/#organization\",\"name\":\"DJI Store - Shop Drone, Action camera, Gimbal DJI |Phukienflytech\",\"alternateName\":\"DJI Store - Shop Drone, Action camera, Gimbal DJI |Phukienflytech\",\"url\":\"https:\/\/phukienflytech.vn\/\",\"logo\":{\"@type\":\"ImageObject\",\"inLanguage\":\"en-US\",\"@id\":\"https:\/\/phukienflytech.vn\/#\/schema\/logo\/image\/\",\"url\":\"https:\/\/phukienflytech.vn\/wp-content\/uploads\/2020\/05\/hAnh_nan.jpg1_.jpg\",\"contentUrl\":\"https:\/\/phukienflytech.vn\/wp-content\/uploads\/2020\/05\/hAnh_nan.jpg1_.jpg\",\"width\":800,\"height\":450,\"caption\":\"DJI Store - Shop Drone, Action camera, Gimbal DJI |Phukienflytech\"},\"image\":{\"@id\":\"https:\/\/phukienflytech.vn\/#\/schema\/logo\/image\/\"},\"sameAs\":[\"https:\/\/facebook.com\/phukienflycam\",\"https:\/\/www.youtube.com\/@phukienflytech\",\"https:\/\/www.tiktok.com\/@flytech.channel?fbclid=IwY2xjawGjg7BleHRuA2FlbQIxMAABHYVGmlXpuSMs0UB2zTpYvyT4GMVfN2qJa4urF4vkSQ6FAVBwXZtDP30qQA_aem_UwMiDcUvlEbd2tXAmsc8Og\"]}]}<\/script>\n<!-- \/ Yoast SEO plugin. -->","yoast_head_json":{"title":"K\u00ednh c\u01b0\u1eddng l\u1ef1c Mavic Mini 3 ch\u00ednh h\u00e3ng Sunnylife","description":"K\u00ednh c\u01b0\u1eddng l\u1ef1c Mavic Mini 3 - Sunnylife b\u1ea3o v\u1ec7 t\u1ed1t m\u00e0n h\u00ecnh smart cho Mini 3 c\u1ee7a b\u1ea1n kh\u1ecfi b\u1ee5i b\u1ea9n, v\u00e2n tay, ch\u1ed1ng x\u01b0\u1edbc hi\u1ec7u qu\u1ea3","robots":{"index":"index","follow":"follow","max-snippet":"max-snippet:-1","max-image-preview":"max-image-preview:large","max-video-preview":"max-video-preview:-1"},"canonical":"https:\/\/phukienflytech.vn\/en\/san-pham\/kinh-cuong-luc-smart-controller-mavic-mini-3-pro-sunnylife.html","og_locale":"en_US","og_type":"article","og_title":"K\u00ednh c\u01b0\u1eddng l\u1ef1c Mavic Mini 3 ch\u00ednh h\u00e3ng Sunnylife","og_description":"K\u00ednh c\u01b0\u1eddng l\u1ef1c Mavic Mini 3 - Sunnylife b\u1ea3o v\u1ec7 t\u1ed1t m\u00e0n h\u00ecnh smart cho Mini 3 c\u1ee7a b\u1ea1n kh\u1ecfi b\u1ee5i b\u1ea9n, v\u00e2n tay, ch\u1ed1ng x\u01b0\u1edbc hi\u1ec7u qu\u1ea3","og_url":"https:\/\/phukienflytech.vn\/en\/san-pham\/kinh-cuong-luc-smart-controller-mavic-mini-3-pro-sunnylife.html","og_site_name":"Shop M\u00e1y \u1ea3nh - Action Camera - Gimbal - Flycam - Ph\u1ee5 ki\u1ec7n","article_publisher":"https:\/\/facebook.com\/phukienflycam","article_modified_time":"2022-06-19T07:18:16+00:00","og_image":[{"width":800,"height":800,"url":"https:\/\/phukienflytech.vn\/wp-content\/uploads\/2022\/06\/1-2-800x800.png","type":"image\/png"}],"twitter_card":"summary_large_image","twitter_misc":{"Est. reading time":"4 minutes"},"schema":{"@context":"https:\/\/schema.org","@graph":[{"@type":"WebPage","@id":"https:\/\/phukienflytech.vn\/en\/san-pham\/kinh-cuong-luc-smart-controller-mavic-mini-3-pro-sunnylife.html","url":"https:\/\/phukienflytech.vn\/en\/san-pham\/kinh-cuong-luc-smart-controller-mavic-mini-3-pro-sunnylife.html","name":"K\u00ednh c\u01b0\u1eddng l\u1ef1c Mavic Mini 3 ch\u00ednh h\u00e3ng Sunnylife","isPartOf":{"@id":"https:\/\/phukienflytech.vn\/#website"},"primaryImageOfPage":{"@id":"https:\/\/phukienflytech.vn\/en\/san-pham\/kinh-cuong-luc-smart-controller-mavic-mini-3-pro-sunnylife.html#primaryimage"},"image":{"@id":"https:\/\/phukienflytech.vn\/en\/san-pham\/kinh-cuong-luc-smart-controller-mavic-mini-3-pro-sunnylife.html#primaryimage"},"thumbnailUrl":"https:\/\/phukienflytech.vn\/wp-content\/uploads\/2022\/06\/1-2-scaled.png","datePublished":"2022-06-16T15:12:28+00:00","dateModified":"2022-06-19T07:18:16+00:00","description":"K\u00ednh c\u01b0\u1eddng l\u1ef1c Mavic Mini 3 - Sunnylife b\u1ea3o v\u1ec7 t\u1ed1t m\u00e0n h\u00ecnh smart cho Mini 3 c\u1ee7a b\u1ea1n kh\u1ecfi b\u1ee5i b\u1ea9n, v\u00e2n tay, ch\u1ed1ng x\u01b0\u1edbc hi\u1ec7u qu\u1ea3","breadcrumb":{"@id":"https:\/\/phukienflytech.vn\/en\/san-pham\/kinh-cuong-luc-smart-controller-mavic-mini-3-pro-sunnylife.html#breadcrumb"},"inLanguage":"en-US","potentialAction":[{"@type":"ReadAction","target":["https:\/\/phukienflytech.vn\/en\/san-pham\/kinh-cuong-luc-smart-controller-mavic-mini-3-pro-sunnylife.html"]}]},{"@type":"ImageObject","inLanguage":"en-US","@id":"https:\/\/phukienflytech.vn\/en\/san-pham\/kinh-cuong-luc-smart-controller-mavic-mini-3-pro-sunnylife.html#primaryimage","url":"https:\/\/phukienflytech.vn\/wp-content\/uploads\/2022\/06\/1-2-scaled.png","contentUrl":"https:\/\/phukienflytech.vn\/wp-content\/uploads\/2022\/06\/1-2-scaled.png","width":4407,"height":4408},{"@type":"BreadcrumbList","@id":"https:\/\/phukienflytech.vn\/en\/san-pham\/kinh-cuong-luc-smart-controller-mavic-mini-3-pro-sunnylife.html#breadcrumb","itemListElement":[{"@type":"ListItem","position":1,"name":"Home","item":"https:\/\/phukienflytech.vn\/en"},{"@type":"ListItem","position":2,"name":"Ph\u1ee5 ki\u1ec7n Mavic Pro","item":"https:\/\/phukienflytech.vn\/en\/phu-kien-mavic-pro.html"},{"@type":"ListItem","position":3,"name":"Ph\u1ee5 ki\u1ec7n DJI - Osmo","item":"https:\/\/phukienflytech.vn\/danh-muc\/phu-kien-dji-osmo.html"},{"@type":"ListItem","position":4,"name":"Ph\u1ee5 ki\u1ec7n flycam Mavic Mini","item":"https:\/\/phukienflytech.vn\/danh-muc\/phu-kien-mavic-mini.html"},{"@type":"ListItem","position":5,"name":"K\u00ednh c\u01b0\u1eddng l\u1ef1c Smart controller Mavic Mini 3 pro &#8211; Sunnylife"}]},{"@type":"WebSite","@id":"https:\/\/phukienflytech.vn\/#website","url":"https:\/\/phukienflytech.vn\/","name":"Shop M\u00e1y \u1ea3nh - Action Camera - Gimbal - Flycam - Ph\u1ee5 ki\u1ec7n","description":"Shop M\u00e1y \u1ea3nh - Action Camera - Gimbal - Flycam - Ph\u1ee5 ki\u1ec7n","publisher":{"@id":"https:\/\/phukienflytech.vn\/#organization"},"potentialAction":[{"@type":"SearchAction","target":{"@type":"EntryPoint","urlTemplate":"https:\/\/phukienflytech.vn\/?s={search_term_string}"},"query-input":{"@type":"PropertyValueSpecification","valueRequired":true,"valueName":"search_term_string"}}],"inLanguage":"en-US"},{"@type":"Organization","@id":"https:\/\/phukienflytech.vn\/#organization","name":"DJI Store - Shop Drone, Action camera, Gimbal DJI |Phukienflytech","alternateName":"DJI Store - Shop Drone, Action camera, Gimbal DJI |Phukienflytech","url":"https:\/\/phukienflytech.vn\/","logo":{"@type":"ImageObject","inLanguage":"en-US","@id":"https:\/\/phukienflytech.vn\/#\/schema\/logo\/image\/","url":"https:\/\/phukienflytech.vn\/wp-content\/uploads\/2020\/05\/hAnh_nan.jpg1_.jpg","contentUrl":"https:\/\/phukienflytech.vn\/wp-content\/uploads\/2020\/05\/hAnh_nan.jpg1_.jpg","width":800,"height":450,"caption":"DJI Store - Shop Drone, Action camera, Gimbal DJI |Phukienflytech"},"image":{"@id":"https:\/\/phukienflytech.vn\/#\/schema\/logo\/image\/"},"sameAs":["https:\/\/facebook.com\/phukienflycam","https:\/\/www.youtube.com\/@phukienflytech","https:\/\/www.tiktok.com\/@flytech.channel?fbclid=IwY2xjawGjg7BleHRuA2FlbQIxMAABHYVGmlXpuSMs0UB2zTpYvyT4GMVfN2qJa4urF4vkSQ6FAVBwXZtDP30qQA_aem_UwMiDcUvlEbd2tXAmsc8Og"]}]}},"_links":{"self":[{"href":"https:\/\/phukienflytech.vn\/en\/wp-json\/wp\/v2\/product\/43638","targetHints":{"allow":["GET"]}}],"collection":[{"href":"https:\/\/phukienflytech.vn\/en\/wp-json\/wp\/v2\/product"}],"about":[{"href":"https:\/\/phukienflytech.vn\/en\/wp-json\/wp\/v2\/types\/product"}],"replies":[{"embeddable":true,"href":"https:\/\/phukienflytech.vn\/en\/wp-json\/wp\/v2\/comments?post=43638"}],"wp:featuredmedia":[{"embeddable":true,"href":"https:\/\/phukienflytech.vn\/en\/wp-json\/wp\/v2\/media\/43501"}],"wp:attachment":[{"href":"https:\/\/phukienflytech.vn\/en\/wp-json\/wp\/v2\/media?parent=43638"}],"wp:term":[{"taxonomy":"product_brand","embeddable":true,"href":"https:\/\/phukienflytech.vn\/en\/wp-json\/wp\/v2\/product_brand?post=43638"},{"taxonomy":"product_cat","embeddable":true,"href":"https:\/\/phukienflytech.vn\/en\/wp-json\/wp\/v2\/product_cat?post=43638"},{"taxonomy":"product_tag","embeddable":true,"href":"https:\/\/phukienflytech.vn\/en\/wp-json\/wp\/v2\/product_tag?post=43638"}],"curies":[{"name":"wp","href":"https:\/\/api.w.org\/{rel}","templated":true}]}}