{"id":43640,"date":"2022-06-16T21:37:06","date_gmt":"2022-06-16T14:37:06","guid":{"rendered":"https:\/\/phukienflytech.vn\/san-pham\/joystick-cho-mavic-mini-3-sunnylife.html"},"modified":"2022-06-19T14:20:00","modified_gmt":"2022-06-19T07:20:00","slug":"joystick-cho-mavic-mini-3-sunnylife","status":"publish","type":"product","link":"https:\/\/phukienflytech.vn\/en\/san-pham\/joystick-cho-mavic-mini-3-sunnylife.html","title":{"rendered":"Joystick cho Mavic Mini 3 &#8211; Sunnylife"},"content":{"rendered":"<h2><span style=\"color: #0000ff; font-size: 20px;\"><strong>Joystick Mavic Mini 3<\/strong><\/span><\/h2>\n<p><span style=\"font-size: 17px; color: #000000;\"><em>Joystick Mavic Mini 3<\/em><br \/>\n. <\/span><\/p>\n<p><img loading=\"lazy\" decoding=\"async\" class=\"aligncenter wp-image-43490\" src=\"https:\/\/phukienflytech.vn\/wp-content\/uploads\/2022\/06\/Picture2.jpg\" alt=\"\" width=\"850\" height=\"1815\" srcset=\"https:\/\/phukienflytech.vn\/wp-content\/uploads\/2022\/06\/Picture2.jpg 747w, https:\/\/phukienflytech.vn\/wp-content\/uploads\/2022\/06\/Picture2-187x400.jpg 187w, https:\/\/phukienflytech.vn\/wp-content\/uploads\/2022\/06\/Picture2-375x800.jpg 375w, https:\/\/phukienflytech.vn\/wp-content\/uploads\/2022\/06\/Picture2-719x1536.jpg 719w, https:\/\/phukienflytech.vn\/wp-content\/uploads\/2022\/06\/Picture2-600x1281.jpg 600w\" sizes=\"auto, (max-width: 850px) 100vw, 850px\" \/><\/p>\n<h2><span style=\"font-size: 20px; color: #0000ff;\"><strong>Gi\u1edbi thi\u1ec7u s\u1ea3n ph\u1ea9m: Joystick Mavic Mini 3<\/strong><\/span><\/h2>\n<div><span style=\"font-size: 17px; color: #000000;\">Joystick Mavic Mini 3 \u0111\u1ebfn t\u1eeb h\u00e3ng Sunnylife \u0111\u01b0\u1ee3c l\u00e0m t\u1eeb ch\u1ea5t li\u1ec7u nh\u00f4m cao c\u1ea5p l\u00e0 link ki\u1ec7n gi\u00fap thay th\u1ebf b\u1ea3n joystcik c\u1ee7a b\u1ea1n khi kh\u00f4ng may b\u1ecb g\u00e3y hay \u0111\u01a1n gi\u1ea3n l\u00e0 mu\u1ed1n thay 1 b\u1ea3n Joystick m\u1edbi m\u00e0u s\u1eafc b\u1eaft m\u1eaft h\u01a1n. V\u1edbi 3 m\u00e0u V\u00e0ng, X\u00e1m, \u0110\u1ecf gi\u00fap b\u1ea1n d\u1ec5 d\u00e0ng l\u1ef1a ch\u1ecdn theo s\u1edf th\u00edch c\u00e1 nh\u00e2n c\u1ee7a m\u00ecnh. S\u1ea3n ph\u1ea9m v\u1edbi ch\u1ea5t l\u01b0\u1ee3ng cao c\u1ea5p, b\u1ec1n v\u00e0 th\u1ea9m m\u0129 joystick Mini 3 Sunnylife s\u1ebd l\u00e0 s\u1ef1 l\u1ef1a ch\u1ecdn tuy\u1ec7t v\u1eddi cho tay khi\u1ec3n<\/span><\/div>\n<div>.<\/div>\n<p><span style=\"font-size: 17px; color: #000000;\"><img loading=\"lazy\" decoding=\"async\" class=\"aligncenter wp-image-43496\" src=\"https:\/\/phukienflytech.vn\/wp-content\/uploads\/2022\/06\/Picture5.jpg\" alt=\"\" width=\"850\" height=\"1623\" srcset=\"https:\/\/phukienflytech.vn\/wp-content\/uploads\/2022\/06\/Picture5.jpg 748w, https:\/\/phukienflytech.vn\/wp-content\/uploads\/2022\/06\/Picture5-210x400.jpg 210w, https:\/\/phukienflytech.vn\/wp-content\/uploads\/2022\/06\/Picture5-419x800.jpg 419w, https:\/\/phukienflytech.vn\/wp-content\/uploads\/2022\/06\/Picture5-600x1145.jpg 600w\" sizes=\"auto, (max-width: 850px) 100vw, 850px\" \/><\/span><\/p>\n<p>.<\/p>\n<h2><span style=\"color: #0000ff; font-size: 20px;\"><strong>M\u00f4 t\u1ea3 s\u1ea3n ph\u1ea9m:<\/strong><\/span><\/h2>\n<p><span style=\"color: #000000; font-size: 17px;\">\u2705 T\u00ean: Joystick cho Mavic Mini 3<\/span><\/p>\n<div><span style=\"color: #000000; font-size: 17px;\">\u2705 Ch\u1ea5t li\u1ec7u: H\u1ee3p kim nh\u00f4m<\/span><\/div>\n<div><\/div>\n<div><span style=\"color: #000000; font-size: 17px;\">\u2705 Tr\u1ecdng l\u01b0\u1ee3ng : 2g<\/span><\/div>\n<div><\/div>\n<div><span style=\"color: #000000; font-size: 17px;\">\u2705 K\u00edch th\u01b0\u1edbc : 120 x 75mm<\/span><\/div>\n<div><\/div>\n<div><span style=\"color: #000000; font-size: 17px;\">\u2705 Nh\u00e0 s\u1ea3n xu\u1ea5t : Sunnylife<\/span><\/div>\n<div><\/div>\n<div><span style=\"color: #000000; font-size: 17px;\">\u2705 T\u01b0\u01a1ng th\u00edch v\u1edbi : Mni 3 Pro , Mavic 3 , Air 2\/2s , Mni 2<\/span><\/div>\n<p>.<\/p>\n<p><span style=\"font-size: 17px; color: #000000;\"><img loading=\"lazy\" decoding=\"async\" class=\"aligncenter wp-image-43492\" src=\"https:\/\/phukienflytech.vn\/wp-content\/uploads\/2022\/06\/Picture3.jpg\" alt=\"\" width=\"850\" height=\"1158\" srcset=\"https:\/\/phukienflytech.vn\/wp-content\/uploads\/2022\/06\/Picture3.jpg 748w, https:\/\/phukienflytech.vn\/wp-content\/uploads\/2022\/06\/Picture3-294x400.jpg 294w, https:\/\/phukienflytech.vn\/wp-content\/uploads\/2022\/06\/Picture3-587x800.jpg 587w, https:\/\/phukienflytech.vn\/wp-content\/uploads\/2022\/06\/Picture3-600x817.jpg 600w\" sizes=\"auto, (max-width: 850px) 100vw, 850px\" \/><\/span><\/p>\n<p>.<\/p>\n<h2><span style=\"font-size: 20px; color: #0000ff;\"><strong>C\u00f4ng d\u1ee5ng s\u1ea3n ph\u1ea9m:<\/strong><\/span><\/h2>\n<p><span style=\"font-size: 17px; color: #000000;\">\u2705 C\u1ea7n g\u1ea1t \u0111i\u1ec1u khi\u1ec3n Flycam<\/span><\/p>\n<p><span style=\"font-size: 17px; color: #000000;\">\u2705 Thi\u1ebft k\u1ebf Ergonomic, Ch\u1ed1ng Knurling, Tho\u1ea3i m\u00e1i S\u1eed d\u1ee5ng.<\/span><\/p>\n<p><span style=\"font-size: 17px; color: #000000;\">\u2705 Gia c\u00f4ng CNC ch\u00ednh x\u00e1c.<\/span><\/p>\n<p><span style=\"font-size: 17px; color: #000000;\">\u2705 Ti\u1ec7n l\u1ee3i, d\u1ec5 dang mang \u0111i trong l\u00fac di chuy\u1ec3n<\/span><\/p>\n<p><span style=\"font-size: 17px; color: #000000;\">\u2705 Ti\u1ec7n l\u1eddi d\u1ec5 d\u00e0ng s\u1eed d\u1ee5ng<\/span><\/p>\n<p>.<\/p>\n<p><span style=\"font-size: 17px; color: #000000;\"><img loading=\"lazy\" decoding=\"async\" class=\"aligncenter wp-image-43498\" src=\"https:\/\/phukienflytech.vn\/wp-content\/uploads\/2022\/06\/Picture6.jpg\" alt=\"joystick-cho-mavic-mini-3-sunnylife\" width=\"850\" height=\"1420\" srcset=\"https:\/\/phukienflytech.vn\/wp-content\/uploads\/2022\/06\/Picture6.jpg 748w, https:\/\/phukienflytech.vn\/wp-content\/uploads\/2022\/06\/Picture6-239x400.jpg 239w, https:\/\/phukienflytech.vn\/wp-content\/uploads\/2022\/06\/Picture6-479x800.jpg 479w, https:\/\/phukienflytech.vn\/wp-content\/uploads\/2022\/06\/Picture6-600x1003.jpg 600w\" sizes=\"auto, (max-width: 850px) 100vw, 850px\" \/><\/span><\/p>\n<p>.<\/p>\n<h2><span style=\"font-size: 20px; color: #0000ff;\"><strong>H\u01b0\u1edbng d\u1eabn b\u1ea3o qu\u1ea3n:<\/strong><\/span><\/h2>\n<p><span style=\"color: #000000; font-size: 17px;\">\u2705\u00a0\u0110\u1ec3 n\u01a1i kh\u00f4 r\u00e1o, tho\u00e1ng m\u00e1t, h\u1ea1n ch\u1ebf \u0111\u1ec3 \u0111\u1ed3 n\u1eb7ng \u0111\u00e8 l\u00ean qu\u00e1 l\u00e2u<\/span><\/p>\n<p><span style=\"color: #000000; font-size: 17px;\">\u2705 Tr\u00e1nh \u0111\u1ec3 g\u1ea7n tay tr\u1ebb em<\/span><\/p>\n<p>.<\/p>\n<p><img loading=\"lazy\" decoding=\"async\" class=\"aligncenter wp-image-43494\" src=\"https:\/\/phukienflytech.vn\/wp-content\/uploads\/2022\/06\/Picture4.jpg\" alt=\"joystick-cho-mavic-mini-3-sunnylife\" width=\"850\" height=\"1491\" srcset=\"https:\/\/phukienflytech.vn\/wp-content\/uploads\/2022\/06\/Picture4.jpg 748w, https:\/\/phukienflytech.vn\/wp-content\/uploads\/2022\/06\/Picture4-228x400.jpg 228w, https:\/\/phukienflytech.vn\/wp-content\/uploads\/2022\/06\/Picture4-456x800.jpg 456w, https:\/\/phukienflytech.vn\/wp-content\/uploads\/2022\/06\/Picture4-600x1052.jpg 600w\" sizes=\"auto, (max-width: 850px) 100vw, 850px\" \/><\/p>\n<h2><span style=\"font-size: 20px; color: #0000ff;\"><strong>Mua ph\u1ee5 ki\u1ec7n flycam ch\u00ednh h\u00e3ng \u1edf \u0111\u00e2u?<\/strong><\/span><\/h2>\n<p><span style=\"font-size: 17px; color: #000000;\">Ph\u1ee5 ki\u1ec7n flycam gi\u00e1 t\u1ed1t\u00a0h\u00e2n h\u1ea1nh l\u00e0 \u0111\u01a1n v\u1ecb ph\u00e2n ph\u1ed1i ch\u00ednh h\u00e3ng c\u00e1c s\u1ea3n ph\u1ea9m ph\u1ee5 ki\u1ec7n flycam. T\u1edbi v\u1edbi ch\u00fang t\u00f4i, c\u00e1c b\u1ea1n s\u1ebd mua \u0111\u01b0\u1ee3c nh\u1eefng s\u1ea3n ph\u1ea9m ch\u00ednh h\u00e3ng v\u1edbi gi\u00e1 m\u1ed9t m\u1ee9c gi\u00e1 t\u1ed1t nh\u1ea5t tr\u00ean th\u1ecb tr\u01b0\u1eddng.<\/span><\/p>\n<p><span style=\"font-size: 17px; color: #000000;\">Kh\u00f4ng ch\u1ec9 nh\u1eefng s\u1ea3n ph\u1ea9m ph\u1ee5 ki\u1ec7n ch\u00ednh h\u00e3ng DJI FPV Drone. Ch\u00fang t\u00f4i c\u0169ng ph\u00e2n ph\u1ed1i c\u00e1c d\u00f2ng s\u1ea3n ph\u1ea9m ph\u1ee5 ki\u1ec7n c\u1ee7a DJI Mavic 2, DJI Phantom, DJI Spark,.. ch\u00ednh h\u00e3ng t\u1edbi t\u1eeb DJI, Pgytech v\u00e0 SunnyLife.<\/span><\/p>\n<p><span style=\"font-size: 17px; color: #000000;\">H\u00e3y \u0111\u1ebfn v\u1edbi ph\u1ee5 ki\u1ec7n flycam gi\u00e1 t\u1ed1t \u0111\u1ec3 c\u00f3 \u0111\u01b0\u1ee3c\u00a0m\u1ee9c gi\u00e1 t\u1ed1t v\u00e0 ch\u1ea5t l\u01b0\u1ee3ng \u0111\u1ea3m b\u1ea3o.<\/span><\/p>\n<p><span style=\"font-size: 17px; color: #000000;\"><strong>&gt;&gt; Xem th\u00eam:\u00a0<\/strong><strong><a style=\"color: #000000;\" href=\"https:\/\/phukienflytech.vn\/danh-muc\/phu-kien-dji-fpv.html\" target=\"_blank\" rel=\"noopener\">Ph\u1ee5 ki\u1ec7n FPV Drone<\/a><\/strong><\/span><\/p>\n<p><span style=\"font-size: 17px; color: #000000;\"><strong>&gt;&gt; Xem th\u00eam:\u00a0<\/strong><a style=\"color: #000000;\" href=\"https:\/\/phukienflytech.vn\/danh-muc\/phu-kien-mavic-2.html\" target=\"_blank\" rel=\"noopener\"><strong>Ph\u1ee5 ki\u1ec7n Mavic 2 series<\/strong><\/a><\/span><\/p>\n<p><span style=\"font-size: 17px; color: #000000;\"><strong>&gt;&gt; Xem th\u00eam:\u00a0<\/strong><strong><a style=\"color: #000000;\" href=\"https:\/\/phukienflytech.vn\/danh-muc\/phu-kien-mavic-air-2.html\" target=\"_blank\" rel=\"noopener\">Ph\u1ee5 ki\u1ec7n Mavic Air 2<\/a><\/strong><\/span><\/p>\n<p><span style=\"font-size: 17px; color: #000000;\"><strong>&gt;&gt; Xem th\u00eam:\u00a0<\/strong><strong><a style=\"color: #000000;\" href=\"https:\/\/phukienflytech.vn\/danh-muc\/phu-kien-mavic-mini.html\" target=\"_blank\" rel=\"noopener\">Ph\u1ee5 ki\u1ec7n Mavic Mini|Mini 2<\/a><\/strong><\/span><\/p>\n<p><span style=\"font-size: 17px; color: #000000;\"><strong>&gt;&gt; Li\u00ean h\u1ec7 v\u1edbi ch\u00fang t\u00f4i qua\u00a0Fanpage:\u00a0<\/strong><a style=\"color: #000000;\" href=\"https:\/\/www.facebook.com\/phukienflycam\" target=\"_blank\" rel=\"noopener\"><strong>Ph\u1ee5 ki\u1ec7n flycam gi\u00e1 t\u1ed1t\u00a0<\/strong><\/a><\/span><\/p>\n","protected":false},"excerpt":{"rendered":"<p>Joystick Mavic Mini 3 Joystick Mavic Mini 3 . Gi\u1edbi thi\u1ec7u s\u1ea3n ph\u1ea9m: Joystick Mavic Mini 3 Joystick Mavic Mini 3 \u0111\u1ebfn t\u1eeb h\u00e3ng Sunnylife \u0111\u01b0\u1ee3c l\u00e0m t\u1eeb ch\u1ea5t li\u1ec7u nh\u00f4m cao c\u1ea5p l\u00e0 link ki\u1ec7n gi\u00fap thay th\u1ebf b\u1ea3n joystcik c\u1ee7a b\u1ea1n khi kh\u00f4ng may b\u1ecb g\u00e3y hay \u0111\u01a1n gi\u1ea3n l\u00e0 mu\u1ed1n thay 1 &#8230;<\/p>\n","protected":false},"featured_media":43487,"comment_status":"open","ping_status":"closed","template":"","meta":{"_acf_changed":false},"product_brand":[],"product_cat":[],"product_tag":[],"class_list":{"0":"post-43640","1":"product","2":"type-product","3":"status-publish","4":"has-post-thumbnail","7":"first","8":"instock","9":"shipping-taxable","10":"purchasable","11":"product-type-variable"},"acf":[],"yoast_head":"<!-- This site is optimized with the Yoast SEO plugin v25.7 - https:\/\/yoast.com\/wordpress\/plugins\/seo\/ -->\n<title>Joystick Mavic Mini 3 ch\u00ednh h\u00e3ng Sunnylife<\/title>\n<meta name=\"description\" content=\"Joystick Mavic Mini 3 - Sunnylife v\u1edbi ch\u1ea5t li\u1ec7u nh\u00f4m cao c\u1ea5p v\u1edbi 3 m\u00e0u s\u1eafc v\u00e0ng, x\u00e1m, \u0111\u1ecf gi\u00fap ph\u00f9 h\u1ee3p v\u1edbi vi\u1ec7c s\u1eed d\u1ee5ng cho c\u00e1 nh\u00e2n\" \/>\n<meta name=\"robots\" content=\"index, follow, max-snippet:-1, max-image-preview:large, max-video-preview:-1\" \/>\n<link rel=\"canonical\" href=\"https:\/\/phukienflytech.vn\/en\/san-pham\/joystick-cho-mavic-mini-3-sunnylife.html\" \/>\n<meta property=\"og:locale\" content=\"en_US\" \/>\n<meta property=\"og:type\" content=\"article\" \/>\n<meta property=\"og:title\" content=\"Joystick Mavic Mini 3 ch\u00ednh h\u00e3ng Sunnylife\" \/>\n<meta property=\"og:description\" content=\"Joystick Mavic Mini 3 - Sunnylife v\u1edbi ch\u1ea5t li\u1ec7u nh\u00f4m cao c\u1ea5p v\u1edbi 3 m\u00e0u s\u1eafc v\u00e0ng, x\u00e1m, \u0111\u1ecf gi\u00fap ph\u00f9 h\u1ee3p v\u1edbi vi\u1ec7c s\u1eed d\u1ee5ng cho c\u00e1 nh\u00e2n\" \/>\n<meta property=\"og:url\" content=\"https:\/\/phukienflytech.vn\/en\/san-pham\/joystick-cho-mavic-mini-3-sunnylife.html\" \/>\n<meta property=\"og:site_name\" content=\"Shop M\u00e1y \u1ea3nh - Action Camera - Gimbal - Flycam - Ph\u1ee5 ki\u1ec7n\" \/>\n<meta property=\"article:publisher\" content=\"https:\/\/facebook.com\/phukienflycam\" \/>\n<meta property=\"article:modified_time\" content=\"2022-06-19T07:20:00+00:00\" \/>\n<meta property=\"og:image\" content=\"https:\/\/phukienflytech.vn\/wp-content\/uploads\/2022\/06\/Picture1-800x800.png\" \/>\n\t<meta property=\"og:image:width\" content=\"800\" \/>\n\t<meta property=\"og:image:height\" content=\"800\" \/>\n\t<meta property=\"og:image:type\" content=\"image\/png\" \/>\n<meta name=\"twitter:card\" content=\"summary_large_image\" \/>\n<meta name=\"twitter:label1\" content=\"Est. reading time\" \/>\n\t<meta name=\"twitter:data1\" content=\"4 minutes\" \/>\n<script type=\"application\/ld+json\" class=\"yoast-schema-graph\">{\"@context\":\"https:\/\/schema.org\",\"@graph\":[{\"@type\":\"WebPage\",\"@id\":\"https:\/\/phukienflytech.vn\/en\/san-pham\/joystick-cho-mavic-mini-3-sunnylife.html\",\"url\":\"https:\/\/phukienflytech.vn\/en\/san-pham\/joystick-cho-mavic-mini-3-sunnylife.html\",\"name\":\"Joystick Mavic Mini 3 ch\u00ednh h\u00e3ng Sunnylife\",\"isPartOf\":{\"@id\":\"https:\/\/phukienflytech.vn\/#website\"},\"primaryImageOfPage\":{\"@id\":\"https:\/\/phukienflytech.vn\/en\/san-pham\/joystick-cho-mavic-mini-3-sunnylife.html#primaryimage\"},\"image\":{\"@id\":\"https:\/\/phukienflytech.vn\/en\/san-pham\/joystick-cho-mavic-mini-3-sunnylife.html#primaryimage\"},\"thumbnailUrl\":\"https:\/\/phukienflytech.vn\/wp-content\/uploads\/2022\/06\/Picture1-scaled.png\",\"datePublished\":\"2022-06-16T14:37:06+00:00\",\"dateModified\":\"2022-06-19T07:20:00+00:00\",\"description\":\"Joystick Mavic Mini 3 - Sunnylife v\u1edbi ch\u1ea5t li\u1ec7u nh\u00f4m cao c\u1ea5p v\u1edbi 3 m\u00e0u s\u1eafc v\u00e0ng, x\u00e1m, \u0111\u1ecf gi\u00fap ph\u00f9 h\u1ee3p v\u1edbi vi\u1ec7c s\u1eed d\u1ee5ng cho c\u00e1 nh\u00e2n\",\"breadcrumb\":{\"@id\":\"https:\/\/phukienflytech.vn\/en\/san-pham\/joystick-cho-mavic-mini-3-sunnylife.html#breadcrumb\"},\"inLanguage\":\"en-US\",\"potentialAction\":[{\"@type\":\"ReadAction\",\"target\":[\"https:\/\/phukienflytech.vn\/en\/san-pham\/joystick-cho-mavic-mini-3-sunnylife.html\"]}]},{\"@type\":\"ImageObject\",\"inLanguage\":\"en-US\",\"@id\":\"https:\/\/phukienflytech.vn\/en\/san-pham\/joystick-cho-mavic-mini-3-sunnylife.html#primaryimage\",\"url\":\"https:\/\/phukienflytech.vn\/wp-content\/uploads\/2022\/06\/Picture1-scaled.png\",\"contentUrl\":\"https:\/\/phukienflytech.vn\/wp-content\/uploads\/2022\/06\/Picture1-scaled.png\",\"width\":4408,\"height\":4408},{\"@type\":\"BreadcrumbList\",\"@id\":\"https:\/\/phukienflytech.vn\/en\/san-pham\/joystick-cho-mavic-mini-3-sunnylife.html#breadcrumb\",\"itemListElement\":[{\"@type\":\"ListItem\",\"position\":1,\"name\":\"Home\",\"item\":\"https:\/\/phukienflytech.vn\/en\"},{\"@type\":\"ListItem\",\"position\":2,\"name\":\"Ph\u1ee5 ki\u1ec7n Mavic Pro\",\"item\":\"https:\/\/phukienflytech.vn\/en\/phu-kien-mavic-pro.html\"},{\"@type\":\"ListItem\",\"position\":3,\"name\":\"Ph\u1ee5 ki\u1ec7n DJI - Osmo\",\"item\":\"https:\/\/phukienflytech.vn\/danh-muc\/phu-kien-dji-osmo.html\"},{\"@type\":\"ListItem\",\"position\":4,\"name\":\"Ph\u1ee5 ki\u1ec7n Mini 3\",\"item\":\"https:\/\/phukienflytech.vn\/danh-muc\/phu-kien-mini-3-phu-kien-dji-osmo.html\"},{\"@type\":\"ListItem\",\"position\":5,\"name\":\"Joystick cho Mavic Mini 3 &#8211; Sunnylife\"}]},{\"@type\":\"WebSite\",\"@id\":\"https:\/\/phukienflytech.vn\/#website\",\"url\":\"https:\/\/phukienflytech.vn\/\",\"name\":\"Shop M\u00e1y \u1ea3nh - Action Camera - Gimbal - Flycam - Ph\u1ee5 ki\u1ec7n\",\"description\":\"Shop M\u00e1y \u1ea3nh - Action Camera - Gimbal - Flycam - Ph\u1ee5 ki\u1ec7n\",\"publisher\":{\"@id\":\"https:\/\/phukienflytech.vn\/#organization\"},\"potentialAction\":[{\"@type\":\"SearchAction\",\"target\":{\"@type\":\"EntryPoint\",\"urlTemplate\":\"https:\/\/phukienflytech.vn\/?s={search_term_string}\"},\"query-input\":{\"@type\":\"PropertyValueSpecification\",\"valueRequired\":true,\"valueName\":\"search_term_string\"}}],\"inLanguage\":\"en-US\"},{\"@type\":\"Organization\",\"@id\":\"https:\/\/phukienflytech.vn\/#organization\",\"name\":\"DJI Store - Shop Drone, Action camera, Gimbal DJI |Phukienflytech\",\"alternateName\":\"DJI Store - Shop Drone, Action camera, Gimbal DJI |Phukienflytech\",\"url\":\"https:\/\/phukienflytech.vn\/\",\"logo\":{\"@type\":\"ImageObject\",\"inLanguage\":\"en-US\",\"@id\":\"https:\/\/phukienflytech.vn\/#\/schema\/logo\/image\/\",\"url\":\"https:\/\/phukienflytech.vn\/wp-content\/uploads\/2020\/05\/hAnh_nan.jpg1_.jpg\",\"contentUrl\":\"https:\/\/phukienflytech.vn\/wp-content\/uploads\/2020\/05\/hAnh_nan.jpg1_.jpg\",\"width\":800,\"height\":450,\"caption\":\"DJI Store - Shop Drone, Action camera, Gimbal DJI |Phukienflytech\"},\"image\":{\"@id\":\"https:\/\/phukienflytech.vn\/#\/schema\/logo\/image\/\"},\"sameAs\":[\"https:\/\/facebook.com\/phukienflycam\",\"https:\/\/www.youtube.com\/@phukienflytech\",\"https:\/\/www.tiktok.com\/@flytech.channel?fbclid=IwY2xjawGjg7BleHRuA2FlbQIxMAABHYVGmlXpuSMs0UB2zTpYvyT4GMVfN2qJa4urF4vkSQ6FAVBwXZtDP30qQA_aem_UwMiDcUvlEbd2tXAmsc8Og\"]}]}<\/script>\n<!-- \/ Yoast SEO plugin. -->","yoast_head_json":{"title":"Joystick Mavic Mini 3 ch\u00ednh h\u00e3ng Sunnylife","description":"Joystick Mavic Mini 3 - Sunnylife v\u1edbi ch\u1ea5t li\u1ec7u nh\u00f4m cao c\u1ea5p v\u1edbi 3 m\u00e0u s\u1eafc v\u00e0ng, x\u00e1m, \u0111\u1ecf gi\u00fap ph\u00f9 h\u1ee3p v\u1edbi vi\u1ec7c s\u1eed d\u1ee5ng cho c\u00e1 nh\u00e2n","robots":{"index":"index","follow":"follow","max-snippet":"max-snippet:-1","max-image-preview":"max-image-preview:large","max-video-preview":"max-video-preview:-1"},"canonical":"https:\/\/phukienflytech.vn\/en\/san-pham\/joystick-cho-mavic-mini-3-sunnylife.html","og_locale":"en_US","og_type":"article","og_title":"Joystick Mavic Mini 3 ch\u00ednh h\u00e3ng Sunnylife","og_description":"Joystick Mavic Mini 3 - Sunnylife v\u1edbi ch\u1ea5t li\u1ec7u nh\u00f4m cao c\u1ea5p v\u1edbi 3 m\u00e0u s\u1eafc v\u00e0ng, x\u00e1m, \u0111\u1ecf gi\u00fap ph\u00f9 h\u1ee3p v\u1edbi vi\u1ec7c s\u1eed d\u1ee5ng cho c\u00e1 nh\u00e2n","og_url":"https:\/\/phukienflytech.vn\/en\/san-pham\/joystick-cho-mavic-mini-3-sunnylife.html","og_site_name":"Shop M\u00e1y \u1ea3nh - Action Camera - Gimbal - Flycam - Ph\u1ee5 ki\u1ec7n","article_publisher":"https:\/\/facebook.com\/phukienflycam","article_modified_time":"2022-06-19T07:20:00+00:00","og_image":[{"width":800,"height":800,"url":"https:\/\/phukienflytech.vn\/wp-content\/uploads\/2022\/06\/Picture1-800x800.png","type":"image\/png"}],"twitter_card":"summary_large_image","twitter_misc":{"Est. reading time":"4 minutes"},"schema":{"@context":"https:\/\/schema.org","@graph":[{"@type":"WebPage","@id":"https:\/\/phukienflytech.vn\/en\/san-pham\/joystick-cho-mavic-mini-3-sunnylife.html","url":"https:\/\/phukienflytech.vn\/en\/san-pham\/joystick-cho-mavic-mini-3-sunnylife.html","name":"Joystick Mavic Mini 3 ch\u00ednh h\u00e3ng Sunnylife","isPartOf":{"@id":"https:\/\/phukienflytech.vn\/#website"},"primaryImageOfPage":{"@id":"https:\/\/phukienflytech.vn\/en\/san-pham\/joystick-cho-mavic-mini-3-sunnylife.html#primaryimage"},"image":{"@id":"https:\/\/phukienflytech.vn\/en\/san-pham\/joystick-cho-mavic-mini-3-sunnylife.html#primaryimage"},"thumbnailUrl":"https:\/\/phukienflytech.vn\/wp-content\/uploads\/2022\/06\/Picture1-scaled.png","datePublished":"2022-06-16T14:37:06+00:00","dateModified":"2022-06-19T07:20:00+00:00","description":"Joystick Mavic Mini 3 - Sunnylife v\u1edbi ch\u1ea5t li\u1ec7u nh\u00f4m cao c\u1ea5p v\u1edbi 3 m\u00e0u s\u1eafc v\u00e0ng, x\u00e1m, \u0111\u1ecf gi\u00fap ph\u00f9 h\u1ee3p v\u1edbi vi\u1ec7c s\u1eed d\u1ee5ng cho c\u00e1 nh\u00e2n","breadcrumb":{"@id":"https:\/\/phukienflytech.vn\/en\/san-pham\/joystick-cho-mavic-mini-3-sunnylife.html#breadcrumb"},"inLanguage":"en-US","potentialAction":[{"@type":"ReadAction","target":["https:\/\/phukienflytech.vn\/en\/san-pham\/joystick-cho-mavic-mini-3-sunnylife.html"]}]},{"@type":"ImageObject","inLanguage":"en-US","@id":"https:\/\/phukienflytech.vn\/en\/san-pham\/joystick-cho-mavic-mini-3-sunnylife.html#primaryimage","url":"https:\/\/phukienflytech.vn\/wp-content\/uploads\/2022\/06\/Picture1-scaled.png","contentUrl":"https:\/\/phukienflytech.vn\/wp-content\/uploads\/2022\/06\/Picture1-scaled.png","width":4408,"height":4408},{"@type":"BreadcrumbList","@id":"https:\/\/phukienflytech.vn\/en\/san-pham\/joystick-cho-mavic-mini-3-sunnylife.html#breadcrumb","itemListElement":[{"@type":"ListItem","position":1,"name":"Home","item":"https:\/\/phukienflytech.vn\/en"},{"@type":"ListItem","position":2,"name":"Ph\u1ee5 ki\u1ec7n Mavic Pro","item":"https:\/\/phukienflytech.vn\/en\/phu-kien-mavic-pro.html"},{"@type":"ListItem","position":3,"name":"Ph\u1ee5 ki\u1ec7n DJI - Osmo","item":"https:\/\/phukienflytech.vn\/danh-muc\/phu-kien-dji-osmo.html"},{"@type":"ListItem","position":4,"name":"Ph\u1ee5 ki\u1ec7n Mini 3","item":"https:\/\/phukienflytech.vn\/danh-muc\/phu-kien-mini-3-phu-kien-dji-osmo.html"},{"@type":"ListItem","position":5,"name":"Joystick cho Mavic Mini 3 &#8211; Sunnylife"}]},{"@type":"WebSite","@id":"https:\/\/phukienflytech.vn\/#website","url":"https:\/\/phukienflytech.vn\/","name":"Shop M\u00e1y \u1ea3nh - Action Camera - Gimbal - Flycam - Ph\u1ee5 ki\u1ec7n","description":"Shop M\u00e1y \u1ea3nh - Action Camera - Gimbal - Flycam - Ph\u1ee5 ki\u1ec7n","publisher":{"@id":"https:\/\/phukienflytech.vn\/#organization"},"potentialAction":[{"@type":"SearchAction","target":{"@type":"EntryPoint","urlTemplate":"https:\/\/phukienflytech.vn\/?s={search_term_string}"},"query-input":{"@type":"PropertyValueSpecification","valueRequired":true,"valueName":"search_term_string"}}],"inLanguage":"en-US"},{"@type":"Organization","@id":"https:\/\/phukienflytech.vn\/#organization","name":"DJI Store - Shop Drone, Action camera, Gimbal DJI |Phukienflytech","alternateName":"DJI Store - Shop Drone, Action camera, Gimbal DJI |Phukienflytech","url":"https:\/\/phukienflytech.vn\/","logo":{"@type":"ImageObject","inLanguage":"en-US","@id":"https:\/\/phukienflytech.vn\/#\/schema\/logo\/image\/","url":"https:\/\/phukienflytech.vn\/wp-content\/uploads\/2020\/05\/hAnh_nan.jpg1_.jpg","contentUrl":"https:\/\/phukienflytech.vn\/wp-content\/uploads\/2020\/05\/hAnh_nan.jpg1_.jpg","width":800,"height":450,"caption":"DJI Store - Shop Drone, Action camera, Gimbal DJI |Phukienflytech"},"image":{"@id":"https:\/\/phukienflytech.vn\/#\/schema\/logo\/image\/"},"sameAs":["https:\/\/facebook.com\/phukienflycam","https:\/\/www.youtube.com\/@phukienflytech","https:\/\/www.tiktok.com\/@flytech.channel?fbclid=IwY2xjawGjg7BleHRuA2FlbQIxMAABHYVGmlXpuSMs0UB2zTpYvyT4GMVfN2qJa4urF4vkSQ6FAVBwXZtDP30qQA_aem_UwMiDcUvlEbd2tXAmsc8Og"]}]}},"_links":{"self":[{"href":"https:\/\/phukienflytech.vn\/en\/wp-json\/wp\/v2\/product\/43640","targetHints":{"allow":["GET"]}}],"collection":[{"href":"https:\/\/phukienflytech.vn\/en\/wp-json\/wp\/v2\/product"}],"about":[{"href":"https:\/\/phukienflytech.vn\/en\/wp-json\/wp\/v2\/types\/product"}],"replies":[{"embeddable":true,"href":"https:\/\/phukienflytech.vn\/en\/wp-json\/wp\/v2\/comments?post=43640"}],"wp:featuredmedia":[{"embeddable":true,"href":"https:\/\/phukienflytech.vn\/en\/wp-json\/wp\/v2\/media\/43487"}],"wp:attachment":[{"href":"https:\/\/phukienflytech.vn\/en\/wp-json\/wp\/v2\/media?parent=43640"}],"wp:term":[{"taxonomy":"product_brand","embeddable":true,"href":"https:\/\/phukienflytech.vn\/en\/wp-json\/wp\/v2\/product_brand?post=43640"},{"taxonomy":"product_cat","embeddable":true,"href":"https:\/\/phukienflytech.vn\/en\/wp-json\/wp\/v2\/product_cat?post=43640"},{"taxonomy":"product_tag","embeddable":true,"href":"https:\/\/phukienflytech.vn\/en\/wp-json\/wp\/v2\/product_tag?post=43640"}],"curies":[{"name":"wp","href":"https:\/\/api.w.org\/{rel}","templated":true}]}}