{"id":43645,"date":"2022-06-16T15:25:39","date_gmt":"2022-06-16T08:25:39","guid":{"rendered":"https:\/\/phukienflytech.vn\/san-pham\/combo-4-filter-nd-pl-mavic-mini-3-sunnylife.html"},"modified":"2022-06-19T14:22:34","modified_gmt":"2022-06-19T07:22:34","slug":"combo-4-filter-nd-pl-mavic-mini-3-sunnylife","status":"publish","type":"product","link":"https:\/\/phukienflytech.vn\/en\/san-pham\/combo-4-filter-nd-pl-mavic-mini-3-sunnylife.html","title":{"rendered":"Combo 4 filter ND-PL Mavic Mini 3 &#8211; Sunnylife"},"content":{"rendered":"<h2><span style=\"font-size: 20px; color: #0000ff;\"><strong>Combo 4 filter ND-PL Mavic Mini 3 &#8211; Sunnylife<\/strong><\/span><\/h2>\n<p><span style=\"font-size: 17px;\">Combo 4 filter ND-PL Mini 3 &#8211; Sunnylife<\/span><\/p>\n<p><span style=\"font-size: 17px;\">.<\/span><\/p>\n<p><span style=\"font-size: 17px;\"><img loading=\"lazy\" decoding=\"async\" class=\"aligncenter wp-image-43351\" src=\"https:\/\/phukienflytech.vn\/wp-content\/uploads\/2022\/06\/10.jpg\" alt=\"\" width=\"850\" height=\"850\" srcset=\"https:\/\/phukienflytech.vn\/wp-content\/uploads\/2022\/06\/10.jpg 700w, https:\/\/phukienflytech.vn\/wp-content\/uploads\/2022\/06\/10-400x400.jpg 400w, https:\/\/phukienflytech.vn\/wp-content\/uploads\/2022\/06\/10-280x280.jpg 280w, https:\/\/phukienflytech.vn\/wp-content\/uploads\/2022\/06\/10-300x300.jpg 300w, https:\/\/phukienflytech.vn\/wp-content\/uploads\/2022\/06\/10-600x600.jpg 600w, https:\/\/phukienflytech.vn\/wp-content\/uploads\/2022\/06\/10-100x100.jpg 100w\" sizes=\"auto, (max-width: 850px) 100vw, 850px\" \/><\/span><\/p>\n<p><span style=\"font-size: 17px;\">.<\/span><\/p>\n<h2><span style=\"font-size: 20px; color: #0000ff;\"><strong>Gi\u1edbi thi\u1ec7u s\u1ea3n ph\u1ea9m :\u00a0<\/strong><\/span><\/h2>\n<p><span style=\"font-size: 17px;\"><strong>Combo 4 filter ND-PL &#8211; Sunnylife<\/strong>\u00a0h\u1ed7 tr\u1ee3 Flycam ghi h\u00ecnh trong c\u00e1c \u0111i\u1ec1u ki\u1ec7n \u00e1nh s\u00e1ng kh\u00e1c nhau t\u1eeb u \u00e1m \u0111\u1ebfn \u00e1nh s\u00e1ng g\u1eaft. B\u1ed9 l\u1ecdc gi\u00fap l\u00e0m gi\u1ea3m l\u01b0\u1ee3ng \u00e1nh s\u00e1ng \u0111i v\u00e0o \u1ed1ng k\u00ednh. V\u1edbi s\u1ef1 h\u1ed7 tr\u1ee3 n\u00e0y, ng\u01b0\u1eddi \u0111i\u1ec1u khi\u1ec3n c\u00f3 th\u1ec3 \u0111i\u1ec1u ch\u1ec9nh c\u00e1c c\u00e0i \u0111\u1eb7t ph\u01a1i s\u00e1ng theo c\u00e1ch th\u1ee7 c\u00f4ng khi c\u1ea7n. Ch\u00fang t\u00f4i xin gi\u1edbi thi\u1ec7u<strong> ND\/PL Filter Set Mini 3.<\/strong><\/span><\/p>\n<p><span style=\"font-size: 17px;\">.<\/span><\/p>\n<p><span style=\"font-size: 17px;\"><img loading=\"lazy\" decoding=\"async\" class=\"aligncenter wp-image-43353\" src=\"https:\/\/phukienflytech.vn\/wp-content\/uploads\/2022\/06\/9.jpg\" alt=\"\" width=\"850\" height=\"850\" srcset=\"https:\/\/phukienflytech.vn\/wp-content\/uploads\/2022\/06\/9.jpg 750w, https:\/\/phukienflytech.vn\/wp-content\/uploads\/2022\/06\/9-400x400.jpg 400w, https:\/\/phukienflytech.vn\/wp-content\/uploads\/2022\/06\/9-280x280.jpg 280w, https:\/\/phukienflytech.vn\/wp-content\/uploads\/2022\/06\/9-300x300.jpg 300w, https:\/\/phukienflytech.vn\/wp-content\/uploads\/2022\/06\/9-600x600.jpg 600w, https:\/\/phukienflytech.vn\/wp-content\/uploads\/2022\/06\/9-100x100.jpg 100w\" sizes=\"auto, (max-width: 850px) 100vw, 850px\" \/><\/span><\/p>\n<p><span style=\"font-size: 17px;\">.<\/span><\/p>\n<h2><span style=\"font-size: 20px; color: #0000ff;\"><strong>M\u00f4 t\u1ea3 s\u1ea3n ph\u1ea9m : Combo 4 filter ND-PL Mini 3 &#8211; Sunnylife<\/strong><\/span><\/h2>\n<p><span style=\"font-size: 17px;\">\u2705 Ch\u00ednh h\u00e3ng:<strong> Sunnylife<\/strong><\/span><\/p>\n<p><span style=\"font-size: 17px;\">\u2705 Ph\u00f9 h\u1ee3p:\u00a0<strong>Mavic Mini 3<\/strong><\/span><\/p>\n<p><span style=\"font-size: 17px;\">\u2705 Ch\u1ed1ng n\u01b0\u1edbc, ch\u1ed1ng d\u1ea7u, ch\u1ed1ng b\u1ee5i b\u1ea9n<\/span><\/p>\n<p><span style=\"font-size: 17px;\">\u2705 Filter ND-PL l\u00e0 s\u1ef1 k\u1ebft h\u1ee3p nh\u1eefng \u0111i\u1ec3m m\u1ea1nh c\u1ee7a 2 filter ND v\u00e0 CPL theo c\u00e1c c\u1ea5p \u0111\u1ed9 Stop kh\u00e1c nhau.<\/span><\/p>\n<p><span style=\"font-size: 17px;\">.<\/span><\/p>\n<p><span style=\"font-size: 17px;\"><img loading=\"lazy\" decoding=\"async\" class=\"aligncenter wp-image-43355\" src=\"https:\/\/phukienflytech.vn\/wp-content\/uploads\/2022\/06\/4.jpg\" alt=\"\" width=\"850\" height=\"850\" srcset=\"https:\/\/phukienflytech.vn\/wp-content\/uploads\/2022\/06\/4.jpg 750w, https:\/\/phukienflytech.vn\/wp-content\/uploads\/2022\/06\/4-400x400.jpg 400w, https:\/\/phukienflytech.vn\/wp-content\/uploads\/2022\/06\/4-280x280.jpg 280w, https:\/\/phukienflytech.vn\/wp-content\/uploads\/2022\/06\/4-300x300.jpg 300w, https:\/\/phukienflytech.vn\/wp-content\/uploads\/2022\/06\/4-600x600.jpg 600w, https:\/\/phukienflytech.vn\/wp-content\/uploads\/2022\/06\/4-100x100.jpg 100w\" sizes=\"auto, (max-width: 850px) 100vw, 850px\" \/><\/span><\/p>\n<p><span style=\"font-size: 17px;\">.<\/span><\/p>\n<p><span style=\"font-size: 17px;\">\u2705 D\u1ec5 d\u00e0ng th\u00e1o l\u1eafp v\u00e0 s\u1eed d\u1ee5ng<\/span><\/p>\n<p><span style=\"font-size: 17px;\">\u2705 \u0110i k\u00e8m h\u1ed9p \u0111\u1ef1ng v\u00e0 kh\u0103n lau chuy\u00ean d\u1ee5ng<\/span><\/p>\n<p><span style=\"font-size: 17px;\">\u2705 Kh\u00f4ng \u1ea3nh h\u01b0\u1edfng \u0111\u1ebfn gimbal v\u00e0 qu\u00e1 tr\u00ecnh bay<\/span><\/p>\n<p><span style=\"font-size: 17px;\">.<\/span><\/p>\n<p><span style=\"font-size: 17px;\"><img loading=\"lazy\" decoding=\"async\" class=\"aligncenter wp-image-43379\" src=\"https:\/\/phukienflytech.vn\/wp-content\/uploads\/2022\/06\/11-1.jpg\" alt=\"\" width=\"850\" height=\"743\" srcset=\"https:\/\/phukienflytech.vn\/wp-content\/uploads\/2022\/06\/11-1.jpg 750w, https:\/\/phukienflytech.vn\/wp-content\/uploads\/2022\/06\/11-1-457x400.jpg 457w, https:\/\/phukienflytech.vn\/wp-content\/uploads\/2022\/06\/11-1-600x525.jpg 600w\" sizes=\"auto, (max-width: 850px) 100vw, 850px\" \/><\/span><\/p>\n<p><span style=\"font-size: 17px;\">.<\/span><\/p>\n<h2><span style=\"font-size: 20px; color: #0000ff;\"><strong>C\u00f4ng d\u1ee5ng s\u1ea3n ph\u1ea9m : Combo 4 filter ND-PL Mini 3<\/strong><\/span><\/h2>\n<p><span style=\"font-size: 17px;\">\u2705 Gi\u00fap b\u00e3o h\u00f2a m\u00e0u s\u1eafc v\u00e0 c\u1ea3i thi\u1ec7n \u0111\u1ed9 s\u1eafc n\u00e9t c\u1ee7a h\u00ecnh \u1ea3nh \u0111\u1ec3 t\u1ea1o ra nh\u1eefng b\u1ee9c \u1ea3nh s\u1ed1ng \u0111\u1ed9ng h\u01a1n<\/span><\/p>\n<p><span style=\"font-size: 17px;\">\u2705 B\u1ed9 l\u1ecdc Hybrid ND-PL ng\u0103n ch\u1eb7n c\u00e1c ph\u1ea3n x\u1ea1 kh\u00f4ng mong mu\u1ed1n<\/span><\/p>\n<p><span style=\"font-size: 17px;\">\u2705 \u0110em l\u1ea1i tr\u1ea3i nghi\u1ec7m tuy\u1ec7t v\u1eddi v\u1ec1 h\u00ecnh \u1ea3nh, kh\u00f4ng \u1ea3nh h\u01b0\u1edfng t\u1edbi tr\u1ea3i nghi\u1ec7m bay<\/span><\/p>\n<p><span style=\"font-size: 17px;\">.<\/span><\/p>\n<p><span style=\"font-size: 17px;\"><img loading=\"lazy\" decoding=\"async\" class=\"aligncenter wp-image-43381\" src=\"https:\/\/phukienflytech.vn\/wp-content\/uploads\/2022\/06\/6.jpg\" alt=\"combo-4-filter-nd-pl-mavic-mini-3-sunnylife-9\" width=\"850\" height=\"850\" srcset=\"https:\/\/phukienflytech.vn\/wp-content\/uploads\/2022\/06\/6.jpg 750w, https:\/\/phukienflytech.vn\/wp-content\/uploads\/2022\/06\/6-400x400.jpg 400w, https:\/\/phukienflytech.vn\/wp-content\/uploads\/2022\/06\/6-280x280.jpg 280w, https:\/\/phukienflytech.vn\/wp-content\/uploads\/2022\/06\/6-300x300.jpg 300w, https:\/\/phukienflytech.vn\/wp-content\/uploads\/2022\/06\/6-600x600.jpg 600w, https:\/\/phukienflytech.vn\/wp-content\/uploads\/2022\/06\/6-100x100.jpg 100w\" sizes=\"auto, (max-width: 850px) 100vw, 850px\" \/><\/span><\/p>\n<p><span style=\"font-size: 17px;\">.<\/span><\/p>\n<h2><span style=\"font-size: 20px; color: #0000ff;\"><strong>H\u01b0\u1edbng d\u1eabn b\u1ea3o qu\u1ea3n : ND\/PL Filter Set\u00a0<\/strong><\/span><\/h2>\n<p><span style=\"font-size: 17px;\">\u2705 Tr\u00e1nh \u0111\u1ec3 \u1edf g\u1ea7n c\u00e1c v\u1eadt ng\u1ecdn<\/span><\/p>\n<p><span style=\"font-size: 17px;\">\u2705 Th\u01b0\u1eddng xuy\u00ean v\u1ec7 sinh s\u1ea3n ph\u1ea9m b\u1eb1ng kh\u0103n lau chuy\u00ean d\u1ee5ng<\/span><\/p>\n<p><span style=\"font-size: 17px;\">\u2705 Tr\u00e1nh \u0111\u1ec3 va \u0111\u1eadp m\u1ea1nh<\/span><\/p>\n<p><span style=\"font-size: 17px;\">.<\/span><\/p>\n<p><span style=\"font-size: 17px;\"><img loading=\"lazy\" decoding=\"async\" class=\"aligncenter wp-image-43383\" src=\"https:\/\/phukienflytech.vn\/wp-content\/uploads\/2022\/06\/7.jpg\" alt=\"combo-4-filter-nd-pl-mavic-mini-3-sunnylife\" width=\"850\" height=\"635\" srcset=\"https:\/\/phukienflytech.vn\/wp-content\/uploads\/2022\/06\/7.jpg 750w, https:\/\/phukienflytech.vn\/wp-content\/uploads\/2022\/06\/7-536x400.jpg 536w, https:\/\/phukienflytech.vn\/wp-content\/uploads\/2022\/06\/7-600x448.jpg 600w\" sizes=\"auto, (max-width: 850px) 100vw, 850px\" \/><\/span><\/p>\n<p><span style=\"font-size: 17px;\">.<\/span><\/p>\n<h2><span style=\"font-size: 20px; color: #0000ff;\"><strong>Mua ph\u1ee5 ki\u1ec7n DJI Mavic Mini 3 \u1edf \u0111\u00e2u?<\/strong><\/span><\/h2>\n<p><span style=\"font-size: 17px;\"><span style=\"color: #0000ff;\"><a style=\"color: #0000ff;\" href=\"https:\/\/phukienflytech.vn\/\" target=\"_blank\" rel=\"noopener\"><strong>Ph\u1ee5 ki\u1ec7n flycam gi\u00e1 t\u1ed1t<\/strong><\/a>\u00a0<\/span>h\u00e2n h\u1ea1nh l\u00e0 \u0111\u01a1n v\u1ecb ph\u00e2n ph\u1ed1i ch\u00ednh h\u00e3ng c\u00e1c s\u1ea3n ph\u1ea9m c\u1ee7a Pgytech. T\u1edbi v\u1edbi ch\u00fang t\u00f4i, c\u00e1c b\u1ea1n s\u1ebd mua \u0111\u01b0\u1ee3c nh\u1eefng s\u1ea3n ph\u1ea9m ch\u00ednh h\u00e3ng v\u1edbi gi\u00e1 m\u1ed9t m\u1ee9c gi\u00e1 t\u1ed1t nh\u1ea5t tr\u00ean th\u1ecb tr\u01b0\u1eddng.<\/span><\/p>\n<p><span style=\"font-size: 17px;\">Kh\u00f4ng ch\u1ec9 nh\u1eefng s\u1ea3n ph\u1ea9m ph\u1ee5 ki\u1ec7n ch\u00ednh h\u00e3ng DJI Mavic Mini 3. Ch\u00fang t\u00f4i c\u0169ng ph\u00e2n ph\u1ed1i c\u00e1c d\u00f2ng s\u1ea3n ph\u1ea9m ph\u1ee5 ki\u1ec7n c\u1ee7a DJI Mavic 2, DJI Phantom, DJI Spark,.. ch\u00ednh h\u00e3ng t\u1edbi t\u1eeb DJI, Pgytech v\u00e0 SunnyLife.<\/span><\/p>\n<p><span style=\"font-size: 17px;\">H\u00e3y \u0111\u1ebfn v\u1edbi ph\u1ee5 ki\u1ec7n flycam gi\u00e1 t\u1ed1t \u0111\u1ec3 c\u00f3 \u0111\u01b0\u1ee3c\u00a0 m\u1ee9c gi\u00e1 t\u1ed1t v\u00e0 ch\u1ea5t l\u01b0\u1ee3ng \u0111\u1ea3m b\u1ea3o.<\/span><\/p>\n<p><span style=\"font-size: 17px;\"><strong>&gt;&gt;&gt; Li\u00ean h\u1ec7 v\u1edbi Admin tr\u00ean:<span style=\"color: #0000ff;\"> <a style=\"color: #0000ff;\" href=\"https:\/\/fb.com\/phukienflycam\" target=\"_blank\" rel=\"noopener\">Fanpage<\/a><\/span><\/strong><\/span><\/p>\n<p><span style=\"font-size: 17px;\">.<\/span><\/p>\n<p><span style=\"font-size: 17px;\"><img loading=\"lazy\" decoding=\"async\" class=\"aligncenter wp-image-43385\" src=\"https:\/\/phukienflytech.vn\/wp-content\/uploads\/2022\/06\/8.jpg\" alt=\"combo-4-filter-nd-pl-mavic-mini-3-sunnylife\" width=\"850\" height=\"712\" srcset=\"https:\/\/phukienflytech.vn\/wp-content\/uploads\/2022\/06\/8.jpg 750w, https:\/\/phukienflytech.vn\/wp-content\/uploads\/2022\/06\/8-478x400.jpg 478w, https:\/\/phukienflytech.vn\/wp-content\/uploads\/2022\/06\/8-600x502.jpg 600w\" sizes=\"auto, (max-width: 850px) 100vw, 850px\" \/><\/span><\/p>\n<p><span style=\"font-size: 17px;\">.<\/span><\/p>\n<p><span style=\"font-size: 17px;\"><img loading=\"lazy\" decoding=\"async\" class=\"aligncenter size-full wp-image-43387\" src=\"https:\/\/phukienflytech.vn\/wp-content\/uploads\/2022\/06\/99.png\" alt=\"\" width=\"671\" height=\"400\" srcset=\"https:\/\/phukienflytech.vn\/wp-content\/uploads\/2022\/06\/99.png 671w, https:\/\/phukienflytech.vn\/wp-content\/uploads\/2022\/06\/99-600x358.png 600w\" sizes=\"auto, (max-width: 671px) 100vw, 671px\" \/><\/span><\/p>\n<h3 style=\"text-align: center;\"><span style=\"font-size: 14px;\"><strong>B\u1ea3ng quy chu\u1ea9n Stop to ND<\/strong><\/span><\/h3>\n<p>&nbsp;<\/p>\n","protected":false},"excerpt":{"rendered":"<p>Combo 4 filter ND-PL Mavic Mini 3 &#8211; Sunnylife Combo 4 filter ND-PL Mini 3 &#8211; Sunnylife . . Gi\u1edbi thi\u1ec7u s\u1ea3n ph\u1ea9m :\u00a0 Combo 4 filter ND-PL &#8211; Sunnylife\u00a0h\u1ed7 tr\u1ee3 Flycam ghi h\u00ecnh trong c\u00e1c \u0111i\u1ec1u ki\u1ec7n \u00e1nh s\u00e1ng kh\u00e1c nhau t\u1eeb u \u00e1m \u0111\u1ebfn \u00e1nh s\u00e1ng g\u1eaft. B\u1ed9 l\u1ecdc gi\u00fap l\u00e0m gi\u1ea3m l\u01b0\u1ee3ng &#8230;<\/p>\n","protected":false},"featured_media":43390,"comment_status":"open","ping_status":"closed","template":"","meta":{"_acf_changed":false},"product_brand":[],"product_cat":[],"product_tag":[],"class_list":{"0":"post-43645","1":"product","2":"type-product","3":"status-publish","4":"has-post-thumbnail","7":"first","8":"instock","9":"shipping-taxable","10":"purchasable","11":"product-type-simple"},"acf":[],"yoast_head":"<!-- This site is optimized with the Yoast SEO plugin v25.7 - https:\/\/yoast.com\/wordpress\/plugins\/seo\/ -->\n<title>Combo 4 filter ND-PL Mini 3 - Sunnylife tr\u1ea3i nghi\u1ec7m tuy\u1ec7t v\u1eddi v\u1ec1 h\u00ecnh \u1ea3nh<\/title>\n<meta name=\"description\" content=\"Combo 4 filter ND-PL Mini 3 - Sunnylife tr\u1ea3i nghi\u1ec7m tuy\u1ec7t v\u1eddi v\u1ec1 h\u00ecnh \u1ea3nh. ND\/PL Filter Set ng\u0103n ch\u1eb7n c\u00e1c ph\u1ea3n x\u1ea1 kh\u00f4ng mong mu\u1ed1n\" \/>\n<meta name=\"robots\" content=\"index, follow, max-snippet:-1, max-image-preview:large, max-video-preview:-1\" \/>\n<link rel=\"canonical\" href=\"https:\/\/phukienflytech.vn\/en\/san-pham\/combo-4-filter-nd-pl-mavic-mini-3-sunnylife.html\" \/>\n<meta property=\"og:locale\" content=\"en_US\" \/>\n<meta property=\"og:type\" content=\"article\" \/>\n<meta property=\"og:title\" content=\"Combo 4 filter ND-PL Mini 3 - Sunnylife tr\u1ea3i nghi\u1ec7m tuy\u1ec7t v\u1eddi v\u1ec1 h\u00ecnh \u1ea3nh\" \/>\n<meta property=\"og:description\" content=\"Combo 4 filter ND-PL Mini 3 - Sunnylife tr\u1ea3i nghi\u1ec7m tuy\u1ec7t v\u1eddi v\u1ec1 h\u00ecnh \u1ea3nh. ND\/PL Filter Set ng\u0103n ch\u1eb7n c\u00e1c ph\u1ea3n x\u1ea1 kh\u00f4ng mong mu\u1ed1n\" \/>\n<meta property=\"og:url\" content=\"https:\/\/phukienflytech.vn\/en\/san-pham\/combo-4-filter-nd-pl-mavic-mini-3-sunnylife.html\" \/>\n<meta property=\"og:site_name\" content=\"Shop M\u00e1y \u1ea3nh - Action Camera - Gimbal - Flycam - Ph\u1ee5 ki\u1ec7n\" \/>\n<meta property=\"article:publisher\" content=\"https:\/\/facebook.com\/phukienflycam\" \/>\n<meta property=\"article:modified_time\" content=\"2022-06-19T07:22:34+00:00\" \/>\n<meta property=\"og:image\" content=\"https:\/\/phukienflytech.vn\/wp-content\/uploads\/2022\/06\/15.png\" \/>\n\t<meta property=\"og:image:width\" content=\"1125\" \/>\n\t<meta property=\"og:image:height\" content=\"1125\" \/>\n\t<meta property=\"og:image:type\" content=\"image\/png\" \/>\n<meta name=\"twitter:card\" content=\"summary_large_image\" \/>\n<meta name=\"twitter:label1\" content=\"Est. reading time\" \/>\n\t<meta name=\"twitter:data1\" content=\"4 minutes\" \/>\n<script type=\"application\/ld+json\" class=\"yoast-schema-graph\">{\"@context\":\"https:\/\/schema.org\",\"@graph\":[{\"@type\":\"WebPage\",\"@id\":\"https:\/\/phukienflytech.vn\/en\/san-pham\/combo-4-filter-nd-pl-mavic-mini-3-sunnylife.html\",\"url\":\"https:\/\/phukienflytech.vn\/en\/san-pham\/combo-4-filter-nd-pl-mavic-mini-3-sunnylife.html\",\"name\":\"Combo 4 filter ND-PL Mini 3 - Sunnylife tr\u1ea3i nghi\u1ec7m tuy\u1ec7t v\u1eddi v\u1ec1 h\u00ecnh \u1ea3nh\",\"isPartOf\":{\"@id\":\"https:\/\/phukienflytech.vn\/#website\"},\"primaryImageOfPage\":{\"@id\":\"https:\/\/phukienflytech.vn\/en\/san-pham\/combo-4-filter-nd-pl-mavic-mini-3-sunnylife.html#primaryimage\"},\"image\":{\"@id\":\"https:\/\/phukienflytech.vn\/en\/san-pham\/combo-4-filter-nd-pl-mavic-mini-3-sunnylife.html#primaryimage\"},\"thumbnailUrl\":\"https:\/\/phukienflytech.vn\/wp-content\/uploads\/2022\/06\/15.png\",\"datePublished\":\"2022-06-16T08:25:39+00:00\",\"dateModified\":\"2022-06-19T07:22:34+00:00\",\"description\":\"Combo 4 filter ND-PL Mini 3 - Sunnylife tr\u1ea3i nghi\u1ec7m tuy\u1ec7t v\u1eddi v\u1ec1 h\u00ecnh \u1ea3nh. ND\/PL Filter Set ng\u0103n ch\u1eb7n c\u00e1c ph\u1ea3n x\u1ea1 kh\u00f4ng mong mu\u1ed1n\",\"breadcrumb\":{\"@id\":\"https:\/\/phukienflytech.vn\/en\/san-pham\/combo-4-filter-nd-pl-mavic-mini-3-sunnylife.html#breadcrumb\"},\"inLanguage\":\"en-US\",\"potentialAction\":[{\"@type\":\"ReadAction\",\"target\":[\"https:\/\/phukienflytech.vn\/en\/san-pham\/combo-4-filter-nd-pl-mavic-mini-3-sunnylife.html\"]}]},{\"@type\":\"ImageObject\",\"inLanguage\":\"en-US\",\"@id\":\"https:\/\/phukienflytech.vn\/en\/san-pham\/combo-4-filter-nd-pl-mavic-mini-3-sunnylife.html#primaryimage\",\"url\":\"https:\/\/phukienflytech.vn\/wp-content\/uploads\/2022\/06\/15.png\",\"contentUrl\":\"https:\/\/phukienflytech.vn\/wp-content\/uploads\/2022\/06\/15.png\",\"width\":1125,\"height\":1125},{\"@type\":\"BreadcrumbList\",\"@id\":\"https:\/\/phukienflytech.vn\/en\/san-pham\/combo-4-filter-nd-pl-mavic-mini-3-sunnylife.html#breadcrumb\",\"itemListElement\":[{\"@type\":\"ListItem\",\"position\":1,\"name\":\"Home\",\"item\":\"https:\/\/phukienflytech.vn\/en\"},{\"@type\":\"ListItem\",\"position\":2,\"name\":\"Ph\u1ee5 ki\u1ec7n Mavic Pro\",\"item\":\"https:\/\/phukienflytech.vn\/en\/phu-kien-mavic-pro.html\"},{\"@type\":\"ListItem\",\"position\":3,\"name\":\"Ph\u1ee5 ki\u1ec7n DJI - Osmo\",\"item\":\"https:\/\/phukienflytech.vn\/danh-muc\/phu-kien-dji-osmo.html\"},{\"@type\":\"ListItem\",\"position\":4,\"name\":\"Ph\u1ee5 ki\u1ec7n flycam Mavic Mini\",\"item\":\"https:\/\/phukienflytech.vn\/danh-muc\/phu-kien-mavic-mini.html\"},{\"@type\":\"ListItem\",\"position\":5,\"name\":\"Combo 4 filter ND-PL Mavic Mini 3 &#8211; Sunnylife\"}]},{\"@type\":\"WebSite\",\"@id\":\"https:\/\/phukienflytech.vn\/#website\",\"url\":\"https:\/\/phukienflytech.vn\/\",\"name\":\"Shop M\u00e1y \u1ea3nh - Action Camera - Gimbal - Flycam - Ph\u1ee5 ki\u1ec7n\",\"description\":\"Shop M\u00e1y \u1ea3nh - Action Camera - Gimbal - Flycam - Ph\u1ee5 ki\u1ec7n\",\"publisher\":{\"@id\":\"https:\/\/phukienflytech.vn\/#organization\"},\"potentialAction\":[{\"@type\":\"SearchAction\",\"target\":{\"@type\":\"EntryPoint\",\"urlTemplate\":\"https:\/\/phukienflytech.vn\/?s={search_term_string}\"},\"query-input\":{\"@type\":\"PropertyValueSpecification\",\"valueRequired\":true,\"valueName\":\"search_term_string\"}}],\"inLanguage\":\"en-US\"},{\"@type\":\"Organization\",\"@id\":\"https:\/\/phukienflytech.vn\/#organization\",\"name\":\"DJI Store - Shop Drone, Action camera, Gimbal DJI |Phukienflytech\",\"alternateName\":\"DJI Store - Shop Drone, Action camera, Gimbal DJI |Phukienflytech\",\"url\":\"https:\/\/phukienflytech.vn\/\",\"logo\":{\"@type\":\"ImageObject\",\"inLanguage\":\"en-US\",\"@id\":\"https:\/\/phukienflytech.vn\/#\/schema\/logo\/image\/\",\"url\":\"https:\/\/phukienflytech.vn\/wp-content\/uploads\/2020\/05\/hAnh_nan.jpg1_.jpg\",\"contentUrl\":\"https:\/\/phukienflytech.vn\/wp-content\/uploads\/2020\/05\/hAnh_nan.jpg1_.jpg\",\"width\":800,\"height\":450,\"caption\":\"DJI Store - Shop Drone, Action camera, Gimbal DJI |Phukienflytech\"},\"image\":{\"@id\":\"https:\/\/phukienflytech.vn\/#\/schema\/logo\/image\/\"},\"sameAs\":[\"https:\/\/facebook.com\/phukienflycam\",\"https:\/\/www.youtube.com\/@phukienflytech\",\"https:\/\/www.tiktok.com\/@flytech.channel?fbclid=IwY2xjawGjg7BleHRuA2FlbQIxMAABHYVGmlXpuSMs0UB2zTpYvyT4GMVfN2qJa4urF4vkSQ6FAVBwXZtDP30qQA_aem_UwMiDcUvlEbd2tXAmsc8Og\"]}]}<\/script>\n<!-- \/ Yoast SEO plugin. -->","yoast_head_json":{"title":"Combo 4 filter ND-PL Mini 3 - Sunnylife tr\u1ea3i nghi\u1ec7m tuy\u1ec7t v\u1eddi v\u1ec1 h\u00ecnh \u1ea3nh","description":"Combo 4 filter ND-PL Mini 3 - Sunnylife tr\u1ea3i nghi\u1ec7m tuy\u1ec7t v\u1eddi v\u1ec1 h\u00ecnh \u1ea3nh. ND\/PL Filter Set ng\u0103n ch\u1eb7n c\u00e1c ph\u1ea3n x\u1ea1 kh\u00f4ng mong mu\u1ed1n","robots":{"index":"index","follow":"follow","max-snippet":"max-snippet:-1","max-image-preview":"max-image-preview:large","max-video-preview":"max-video-preview:-1"},"canonical":"https:\/\/phukienflytech.vn\/en\/san-pham\/combo-4-filter-nd-pl-mavic-mini-3-sunnylife.html","og_locale":"en_US","og_type":"article","og_title":"Combo 4 filter ND-PL Mini 3 - Sunnylife tr\u1ea3i nghi\u1ec7m tuy\u1ec7t v\u1eddi v\u1ec1 h\u00ecnh \u1ea3nh","og_description":"Combo 4 filter ND-PL Mini 3 - Sunnylife tr\u1ea3i nghi\u1ec7m tuy\u1ec7t v\u1eddi v\u1ec1 h\u00ecnh \u1ea3nh. ND\/PL Filter Set ng\u0103n ch\u1eb7n c\u00e1c ph\u1ea3n x\u1ea1 kh\u00f4ng mong mu\u1ed1n","og_url":"https:\/\/phukienflytech.vn\/en\/san-pham\/combo-4-filter-nd-pl-mavic-mini-3-sunnylife.html","og_site_name":"Shop M\u00e1y \u1ea3nh - Action Camera - Gimbal - Flycam - Ph\u1ee5 ki\u1ec7n","article_publisher":"https:\/\/facebook.com\/phukienflycam","article_modified_time":"2022-06-19T07:22:34+00:00","og_image":[{"width":1125,"height":1125,"url":"https:\/\/phukienflytech.vn\/wp-content\/uploads\/2022\/06\/15.png","type":"image\/png"}],"twitter_card":"summary_large_image","twitter_misc":{"Est. reading time":"4 minutes"},"schema":{"@context":"https:\/\/schema.org","@graph":[{"@type":"WebPage","@id":"https:\/\/phukienflytech.vn\/en\/san-pham\/combo-4-filter-nd-pl-mavic-mini-3-sunnylife.html","url":"https:\/\/phukienflytech.vn\/en\/san-pham\/combo-4-filter-nd-pl-mavic-mini-3-sunnylife.html","name":"Combo 4 filter ND-PL Mini 3 - Sunnylife tr\u1ea3i nghi\u1ec7m tuy\u1ec7t v\u1eddi v\u1ec1 h\u00ecnh \u1ea3nh","isPartOf":{"@id":"https:\/\/phukienflytech.vn\/#website"},"primaryImageOfPage":{"@id":"https:\/\/phukienflytech.vn\/en\/san-pham\/combo-4-filter-nd-pl-mavic-mini-3-sunnylife.html#primaryimage"},"image":{"@id":"https:\/\/phukienflytech.vn\/en\/san-pham\/combo-4-filter-nd-pl-mavic-mini-3-sunnylife.html#primaryimage"},"thumbnailUrl":"https:\/\/phukienflytech.vn\/wp-content\/uploads\/2022\/06\/15.png","datePublished":"2022-06-16T08:25:39+00:00","dateModified":"2022-06-19T07:22:34+00:00","description":"Combo 4 filter ND-PL Mini 3 - Sunnylife tr\u1ea3i nghi\u1ec7m tuy\u1ec7t v\u1eddi v\u1ec1 h\u00ecnh \u1ea3nh. ND\/PL Filter Set ng\u0103n ch\u1eb7n c\u00e1c ph\u1ea3n x\u1ea1 kh\u00f4ng mong mu\u1ed1n","breadcrumb":{"@id":"https:\/\/phukienflytech.vn\/en\/san-pham\/combo-4-filter-nd-pl-mavic-mini-3-sunnylife.html#breadcrumb"},"inLanguage":"en-US","potentialAction":[{"@type":"ReadAction","target":["https:\/\/phukienflytech.vn\/en\/san-pham\/combo-4-filter-nd-pl-mavic-mini-3-sunnylife.html"]}]},{"@type":"ImageObject","inLanguage":"en-US","@id":"https:\/\/phukienflytech.vn\/en\/san-pham\/combo-4-filter-nd-pl-mavic-mini-3-sunnylife.html#primaryimage","url":"https:\/\/phukienflytech.vn\/wp-content\/uploads\/2022\/06\/15.png","contentUrl":"https:\/\/phukienflytech.vn\/wp-content\/uploads\/2022\/06\/15.png","width":1125,"height":1125},{"@type":"BreadcrumbList","@id":"https:\/\/phukienflytech.vn\/en\/san-pham\/combo-4-filter-nd-pl-mavic-mini-3-sunnylife.html#breadcrumb","itemListElement":[{"@type":"ListItem","position":1,"name":"Home","item":"https:\/\/phukienflytech.vn\/en"},{"@type":"ListItem","position":2,"name":"Ph\u1ee5 ki\u1ec7n Mavic Pro","item":"https:\/\/phukienflytech.vn\/en\/phu-kien-mavic-pro.html"},{"@type":"ListItem","position":3,"name":"Ph\u1ee5 ki\u1ec7n DJI - Osmo","item":"https:\/\/phukienflytech.vn\/danh-muc\/phu-kien-dji-osmo.html"},{"@type":"ListItem","position":4,"name":"Ph\u1ee5 ki\u1ec7n flycam Mavic Mini","item":"https:\/\/phukienflytech.vn\/danh-muc\/phu-kien-mavic-mini.html"},{"@type":"ListItem","position":5,"name":"Combo 4 filter ND-PL Mavic Mini 3 &#8211; Sunnylife"}]},{"@type":"WebSite","@id":"https:\/\/phukienflytech.vn\/#website","url":"https:\/\/phukienflytech.vn\/","name":"Shop M\u00e1y \u1ea3nh - Action Camera - Gimbal - Flycam - Ph\u1ee5 ki\u1ec7n","description":"Shop M\u00e1y \u1ea3nh - Action Camera - Gimbal - Flycam - Ph\u1ee5 ki\u1ec7n","publisher":{"@id":"https:\/\/phukienflytech.vn\/#organization"},"potentialAction":[{"@type":"SearchAction","target":{"@type":"EntryPoint","urlTemplate":"https:\/\/phukienflytech.vn\/?s={search_term_string}"},"query-input":{"@type":"PropertyValueSpecification","valueRequired":true,"valueName":"search_term_string"}}],"inLanguage":"en-US"},{"@type":"Organization","@id":"https:\/\/phukienflytech.vn\/#organization","name":"DJI Store - Shop Drone, Action camera, Gimbal DJI |Phukienflytech","alternateName":"DJI Store - Shop Drone, Action camera, Gimbal DJI |Phukienflytech","url":"https:\/\/phukienflytech.vn\/","logo":{"@type":"ImageObject","inLanguage":"en-US","@id":"https:\/\/phukienflytech.vn\/#\/schema\/logo\/image\/","url":"https:\/\/phukienflytech.vn\/wp-content\/uploads\/2020\/05\/hAnh_nan.jpg1_.jpg","contentUrl":"https:\/\/phukienflytech.vn\/wp-content\/uploads\/2020\/05\/hAnh_nan.jpg1_.jpg","width":800,"height":450,"caption":"DJI Store - Shop Drone, Action camera, Gimbal DJI |Phukienflytech"},"image":{"@id":"https:\/\/phukienflytech.vn\/#\/schema\/logo\/image\/"},"sameAs":["https:\/\/facebook.com\/phukienflycam","https:\/\/www.youtube.com\/@phukienflytech","https:\/\/www.tiktok.com\/@flytech.channel?fbclid=IwY2xjawGjg7BleHRuA2FlbQIxMAABHYVGmlXpuSMs0UB2zTpYvyT4GMVfN2qJa4urF4vkSQ6FAVBwXZtDP30qQA_aem_UwMiDcUvlEbd2tXAmsc8Og"]}]}},"_links":{"self":[{"href":"https:\/\/phukienflytech.vn\/en\/wp-json\/wp\/v2\/product\/43645","targetHints":{"allow":["GET"]}}],"collection":[{"href":"https:\/\/phukienflytech.vn\/en\/wp-json\/wp\/v2\/product"}],"about":[{"href":"https:\/\/phukienflytech.vn\/en\/wp-json\/wp\/v2\/types\/product"}],"replies":[{"embeddable":true,"href":"https:\/\/phukienflytech.vn\/en\/wp-json\/wp\/v2\/comments?post=43645"}],"wp:featuredmedia":[{"embeddable":true,"href":"https:\/\/phukienflytech.vn\/en\/wp-json\/wp\/v2\/media\/43390"}],"wp:attachment":[{"href":"https:\/\/phukienflytech.vn\/en\/wp-json\/wp\/v2\/media?parent=43645"}],"wp:term":[{"taxonomy":"product_brand","embeddable":true,"href":"https:\/\/phukienflytech.vn\/en\/wp-json\/wp\/v2\/product_brand?post=43645"},{"taxonomy":"product_cat","embeddable":true,"href":"https:\/\/phukienflytech.vn\/en\/wp-json\/wp\/v2\/product_cat?post=43645"},{"taxonomy":"product_tag","embeddable":true,"href":"https:\/\/phukienflytech.vn\/en\/wp-json\/wp\/v2\/product_tag?post=43645"}],"curies":[{"name":"wp","href":"https:\/\/api.w.org\/{rel}","templated":true}]}}