{"id":43647,"date":"2022-06-16T15:42:37","date_gmt":"2022-06-16T08:42:37","guid":{"rendered":"https:\/\/phukienflytech.vn\/san-pham\/bo-nep-canh-mavic-mini-3-sunnylife.html"},"modified":"2022-06-19T21:53:54","modified_gmt":"2022-06-19T14:53:54","slug":"bo-nep-canh-mavic-mini-3-sunnylife","status":"publish","type":"product","link":"https:\/\/phukienflytech.vn\/en\/san-pham\/bo-nep-canh-mavic-mini-3-sunnylife.html","title":{"rendered":"B\u1ed9 n\u1eb9p c\u00e1nh Mavic Mini 3 \u2013 SunnyLife"},"content":{"rendered":"<h2><span style=\"font-size: 21px; color: #0000ff;\"><strong>B\u1ed9 n\u1eb9p c\u00e1nh Mavic Mini 3 \u2013 SunnyLife<\/strong><\/span><\/h2>\n<p><span style=\"font-size: 17px;\">B\u1ed9 n\u1eb9p c\u00e1nh Mavic Mini 3<\/span><\/p>\n<div><span style=\"font-size: 17px;\">.<\/span><\/div>\n<div><span style=\"font-size: 17px;\"><img loading=\"lazy\" decoding=\"async\" class=\"aligncenter wp-image-43357\" src=\"https:\/\/phukienflytech.vn\/wp-content\/uploads\/2022\/06\/Screenshot-2022-06-15-155713.png\" alt=\"\" width=\"850\" height=\"953\" srcset=\"https:\/\/phukienflytech.vn\/wp-content\/uploads\/2022\/06\/Screenshot-2022-06-15-155713.png 560w, https:\/\/phukienflytech.vn\/wp-content\/uploads\/2022\/06\/Screenshot-2022-06-15-155713-357x400.png 357w\" sizes=\"auto, (max-width: 850px) 100vw, 850px\" \/><\/span><\/div>\n<h3 style=\"text-align: center;\"><span style=\"font-size: 17px;\"><strong>Ph\u1ee5 ki\u1ec7n Mavic Mini \u2013 H\u00e0ng ch\u00ednh h\u00e3ng SunnyLife\u00a0<\/strong><\/span><\/h3>\n<div><span style=\"font-size: 17px;\">.<\/span><\/div>\n<h2><span style=\"font-size: 21px; color: #0000ff;\"><strong>Gi\u1edbi thi\u1ec7u s\u1ea3n ph\u1ea9m: B\u1ed9 n\u1eb9p c\u00e1nh Mavic Mini 3<\/strong><\/span><\/h2>\n<div><span style=\"font-size: 17px;\">Hi\u1ec7n nay tr\u00ean th\u1ecb tr\u01b0\u1eddng \u0111\u00e3 c\u00f3 nhi\u1ec1u s\u1ea3n ph\u1ea9m n\u1eb9p c\u1ed1 \u0111\u1ecbnh c\u00e1nh Mavic 2, n\u1eb9p c\u00e1nh Mavic pro,\u2026 nh\u1eb1m b\u1ea3o v\u1ec7 t\u1ed1i \u0111a \u0111\u00f4i c\u00e1nh c\u1ee7a b\u1ea1n.\u00a0 Khi di chuy\u1ec3n m\u1eb7c d\u00f9 \u0111\u00e3 \u0111\u1ec3 trong vali hay t\u00fai nh\u01b0ng \u0111\u00f4i\u00a0 khi c\u00e1nh c\u1ee7a nh\u1eefng chi\u1ebfc drone c\u1ee7a b\u1ea1n c\u00f3 th\u1ec3 b\u1ecb l\u1ecfng d\u1eabn \u0111\u1ebfn nh\u1eefng h\u01b0 t\u1ed1n, h\u1ecfng h\u00f3c kh\u00f4ng \u0111\u00e1ng c\u00f3. M\u1ed9t trong nh\u1eefng ph\u1ee5 ki\u1ec7n Mavic Mini 3 v\u00f4 c\u00f9ng c\u1ea7n thi\u1ebft c\u00f3 th\u1ec3 gi\u1ea3i quy\u1ebft v\u1ea5n \u0111\u1ec1 \u0111\u00f3 m\u1ed9t c\u00e1ch \u0111\u01a1n gi\u1ea3n \u0111\u00f3 ch\u00ednh l\u00e0 b\u1ed9 c\u1ed1 \u0111\u1ecbnh c\u00e1nh Mavic Mini 3. Sau m\u1ed9t th\u1eddi gian mong \u0111\u1ee3i th\u00ec DJI Mavic Mini 3 \u0111\u00e3 c\u00f3 cho m\u00ecnh ph\u1ee5 ki\u1ec7n n\u1eb9p c\u00e1nh t\u1eeb h\u00e3ng SunnyLife.<\/span><\/div>\n<div><span style=\"font-size: 17px;\">.<\/span><\/div>\n<div><span style=\"font-size: 17px;\"><img loading=\"lazy\" decoding=\"async\" class=\"aligncenter wp-image-43375\" src=\"https:\/\/phukienflytech.vn\/wp-content\/uploads\/2022\/06\/Screenshot-2022-06-15-155936.png\" alt=\"\" width=\"850\" height=\"553\" srcset=\"https:\/\/phukienflytech.vn\/wp-content\/uploads\/2022\/06\/Screenshot-2022-06-15-155936.png 604w, https:\/\/phukienflytech.vn\/wp-content\/uploads\/2022\/06\/Screenshot-2022-06-15-155936-600x390.png 600w\" sizes=\"auto, (max-width: 850px) 100vw, 850px\" \/><\/span><\/div>\n<h3 style=\"text-align: center;\"><span style=\"font-size: 14px;\"><strong>C\u1ed1 \u0111\u1ecbnh c\u00e1nh \u2013 B\u1ea3o v\u1ec7 kh\u1ecfi va ch\u1ea1m\u00a0<\/strong><\/span><\/h3>\n<div><span style=\"font-size: 17px;\">.<\/span><\/div>\n<div><span style=\"font-size: 17px;\"><img loading=\"lazy\" decoding=\"async\" class=\"aligncenter wp-image-43363\" src=\"https:\/\/phukienflytech.vn\/wp-content\/uploads\/2022\/06\/Screenshot-2022-06-15-155813.png\" alt=\"\" width=\"850\" height=\"879\" srcset=\"https:\/\/phukienflytech.vn\/wp-content\/uploads\/2022\/06\/Screenshot-2022-06-15-155813.png 552w, https:\/\/phukienflytech.vn\/wp-content\/uploads\/2022\/06\/Screenshot-2022-06-15-155813-387x400.png 387w\" sizes=\"auto, (max-width: 850px) 100vw, 850px\" \/><\/span><\/div>\n<div>.<\/div>\n<h2><span style=\"font-size: 21px; color: #0000ff;\"><strong>M\u00f4 t\u1ea3 s\u1ea3n ph\u1ea9m: B\u1ed9 n\u1eb9p c\u00e1nh Mavic Mini 3<\/strong><\/span><\/h2>\n<div><span style=\"font-size: 17px;\">\u2705 Tr\u1ecdng l\u01b0\u1ee3ng: 20g<\/span><\/div>\n<div><span style=\"font-size: 17px;\">\u2705 Ch\u1ea5t li\u1ec7u: Sillca gel<\/span><\/div>\n<div><span style=\"font-size: 17px;\">\u2705 S\u1eed d\u1ee5ng cho : Mavic Mini 3<\/span><\/div>\n<div><span style=\"font-size: 17px;\">\u2705 Thu\u1eadn ti\u1ec7n, nh\u1ecf g\u1ecdn d\u1ec5 s\u1eed d\u1ee5ng.<\/span><\/div>\n<div><span style=\"font-size: 17px;\">\u2705 M\u00e0u: \u0110en\/ Cam<\/span><\/div>\n<div><span style=\"font-size: 17px;\"><img loading=\"lazy\" decoding=\"async\" class=\"aligncenter wp-image-43359\" src=\"https:\/\/phukienflytech.vn\/wp-content\/uploads\/2022\/06\/Screenshot-2022-06-15-155740.png\" alt=\"\" width=\"850\" height=\"430\" \/><\/span><\/div>\n<div><span style=\"font-size: 17px;\">\u2705 H\u00e3ng s\u1ea3n xu\u1ea5t: SunnyLife<\/span><\/div>\n<div><span style=\"font-size: 17px;\">.<\/span><\/div>\n<div><span style=\"font-size: 17px;\"><img loading=\"lazy\" decoding=\"async\" class=\"aligncenter wp-image-43367\" src=\"https:\/\/phukienflytech.vn\/wp-content\/uploads\/2022\/06\/Screenshot-2022-06-15-155846.png\" alt=\"bo-nep-canh-mavic-mini-3-sunnylife-3\" width=\"850\" height=\"772\" srcset=\"https:\/\/phukienflytech.vn\/wp-content\/uploads\/2022\/06\/Screenshot-2022-06-15-155846.png 591w, https:\/\/phukienflytech.vn\/wp-content\/uploads\/2022\/06\/Screenshot-2022-06-15-155846-440x400.png 440w\" sizes=\"auto, (max-width: 850px) 100vw, 850px\" \/><\/span><\/div>\n<div><span style=\"font-size: 17px;\">.<\/span><\/div>\n<h2><span style=\"font-size: 21px; color: #0000ff;\"><strong>C\u00f4ng d\u1ee5ng s\u1ea3n ph\u1ea9m :\u00a0<\/strong><\/span><\/h2>\n<div><span style=\"font-size: 17px;\">\u2705 N\u1eb9p c\u00e1nh, gi\u00fap b\u1ea3o b\u1ec7 c\u00e1nh khi cho v\u00e0o t\u00fai.<\/span><\/div>\n<div><span style=\"font-size: 17px;\">\u2705 Gi\u00fap vi\u1ec7c mang theo Flycam \u0111\u01b0\u1ee3c thu\u1eadn ti\u1ec7n h\u01a1n.<\/span><\/div>\n<div><span style=\"font-size: 17px;\">\u2705 S\u1ea3n ph\u1ea9m \u0111\u01b0\u1ee3c h\u00e3ng SunnyLife thi\u1ebft k\u1ebf kh\u00e1 \u0111\u01a1n gi\u1ea3n c\u00f9ng ch\u1ea5t li\u1ec7u sillica gel m\u1ec1m \u00f4m tr\u1ecdn l\u1ea5y thi\u1ebft b\u1ecb.<\/span><\/div>\n<div><span style=\"font-size: 17px;\">\u2705 Gi\u00fap ng\u01b0\u1eddi d\u00f9ng c\u00f3 th\u1ec3 d\u00e0ng s\u1eed d\u1ee5ng m\u00e0 kh\u00f4ng s\u1ee3 l\u00e0m \u1ea3nh h\u01b0\u1edfng g\u00ec \u0111\u1ebfn thi\u1ebft b\u1ecb.<\/span><\/div>\n<div><span style=\"font-size: 17px;\">.<\/span><\/div>\n<div><span style=\"font-size: 17px;\"><img loading=\"lazy\" decoding=\"async\" class=\"aligncenter wp-image-43365\" src=\"https:\/\/phukienflytech.vn\/wp-content\/uploads\/2022\/06\/Screenshot-2022-06-15-155828.png\" alt=\"bo-nep-canh-mavic-mini-3-sunnylife-2\" width=\"850\" height=\"777\" srcset=\"https:\/\/phukienflytech.vn\/wp-content\/uploads\/2022\/06\/Screenshot-2022-06-15-155828.png 544w, https:\/\/phukienflytech.vn\/wp-content\/uploads\/2022\/06\/Screenshot-2022-06-15-155828-438x400.png 438w\" sizes=\"auto, (max-width: 850px) 100vw, 850px\" \/><\/span><\/div>\n<div><span style=\"font-size: 17px;\">.<\/span><\/div>\n<h2><span style=\"font-size: 21px; color: #0000ff;\"><strong>H\u01b0\u1edbng d\u1eabn b\u1ea3o qu\u1ea3n:<\/strong><\/span><\/h2>\n<div><span style=\"font-size: 17px;\">\u2705 Tr\u00e1nh \u0111\u1ec3 \u1edf g\u1ea7n n\u01a1i c\u00f3 nhi\u1ec7t \u0111\u1ed9 qu\u00e1 cao nh\u01b0 l\u1eeda ch\u00e1y\u00a0<\/span><\/div>\n<div><span style=\"font-size: 17px;\">\u2705 Th\u00e1o l\u1eafp \u0111\u00fang theo h\u01b0\u1edbng d\u1eabn tr\u00e1nh th\u1ecfng s\u1ea3n ph\u1ea9m\u00a0<\/span><\/div>\n<div><span style=\"font-size: 17px;\">.<\/span><\/div>\n<div><span style=\"font-size: 17px;\"><img loading=\"lazy\" decoding=\"async\" class=\"aligncenter wp-image-43371\" src=\"https:\/\/phukienflytech.vn\/wp-content\/uploads\/2022\/06\/Screenshot-2022-06-15-155913.png\" alt=\"bo-nep-canh-mavic-mini-3-sunnylife-1\" width=\"850\" height=\"770\" srcset=\"https:\/\/phukienflytech.vn\/wp-content\/uploads\/2022\/06\/Screenshot-2022-06-15-155913.png 595w, https:\/\/phukienflytech.vn\/wp-content\/uploads\/2022\/06\/Screenshot-2022-06-15-155913-442x400.png 442w\" sizes=\"auto, (max-width: 850px) 100vw, 850px\" \/><\/span><\/div>\n<div><span style=\"font-size: 17px;\">.<\/span><\/div>\n<div>\n<h2><span style=\"font-size: 21px; color: #0000ff;\"><strong>Mua ph\u1ee5 ki\u1ec7n flycam Mavic Mini \u1edf \u0111\u00e2u?<\/strong><\/span><\/h2>\n<p>&nbsp;<\/p>\n<p><span style=\"font-size: 17px;\"><a href=\"https:\/\/phukienflytech.vn\/\" target=\"_blank\" rel=\"noopener\"><strong>Ph\u1ee5 ki\u1ec7n flycam gi\u00e1 t\u1ed1t<\/strong><\/a>\u00a0h\u00e2n h\u1ea1nh l\u00e0 \u0111\u01a1n v\u1ecb ph\u00e2n ph\u1ed1i ch\u00ednh h\u00e3ng c\u00e1c s\u1ea3n ph\u1ea9m c\u1ee7a Pgytech. T\u1edbi v\u1edbi ch\u00fang t\u00f4i, c\u00e1c b\u1ea1n s\u1ebd mua \u0111\u01b0\u1ee3c nh\u1eefng s\u1ea3n ph\u1ea9m ch\u00ednh h\u00e3ng v\u1edbi gi\u00e1 m\u1ed9t m\u1ee9c gi\u00e1 t\u1ed1t nh\u1ea5t tr\u00ean th\u1ecb tr\u01b0\u1eddng.<\/span><\/p>\n<p><span style=\"font-size: 17px;\">Kh\u00f4ng ch\u1ec9 nh\u1eefng s\u1ea3n ph\u1ea9m ph\u1ee5 ki\u1ec7n ch\u00ednh h\u00e3ng DJI Mavic Mini 3. Ch\u00fang t\u00f4i c\u0169ng ph\u00e2n ph\u1ed1i c\u00e1c d\u00f2ng s\u1ea3n ph\u1ea9m ph\u1ee5 ki\u1ec7n c\u1ee7a DJI Mavic 2, DJI Phantom, DJI Spark,.. ch\u00ednh h\u00e3ng t\u1edbi t\u1eeb DJI, Pgytech v\u00e0 SunnyLife.<\/span><\/p>\n<p><span style=\"font-size: 17px;\">H\u00e3y \u0111\u1ebfn v\u1edbi ph\u1ee5 ki\u1ec7n flycam gi\u00e1 t\u1ed1t \u0111\u1ec3 c\u00f3 \u0111\u01b0\u1ee3c\u00a0 m\u1ee9c gi\u00e1 t\u1ed1t v\u00e0 ch\u1ea5t l\u01b0\u1ee3ng \u0111\u1ea3m b\u1ea3o.<\/span><\/p>\n<p><span style=\"font-size: 17px;\"><strong>&gt;&gt;&gt; Li\u00ean h\u1ec7 v\u1edbi Admin tr\u00ean:\u00a0<a href=\"https:\/\/fb.com\/phukienflycam\" target=\"_blank\" rel=\"noopener\">Fanpage<\/a><\/strong><\/span><\/p>\n<div class=\"content_product\">\n<p><span style=\"font-size: 17px;\">.<\/span><\/p>\n<\/div>\n<p><span style=\"font-size: 17px;\"><img loading=\"lazy\" decoding=\"async\" class=\"aligncenter wp-image-43369\" src=\"https:\/\/phukienflytech.vn\/wp-content\/uploads\/2022\/06\/Screenshot-2022-06-15-155859.png\" alt=\"bo-nep-canh-mavic-mini-3-sunnylife\" width=\"850\" height=\"623\" srcset=\"https:\/\/phukienflytech.vn\/wp-content\/uploads\/2022\/06\/Screenshot-2022-06-15-155859.png 596w, https:\/\/phukienflytech.vn\/wp-content\/uploads\/2022\/06\/Screenshot-2022-06-15-155859-546x400.png 546w\" sizes=\"auto, (max-width: 850px) 100vw, 850px\" \/><\/span><\/p>\n<\/div>\n","protected":false},"excerpt":{"rendered":"<p>B\u1ed9 n\u1eb9p c\u00e1nh Mavic Mini 3 \u2013 SunnyLife B\u1ed9 n\u1eb9p c\u00e1nh Mavic Mini 3 . Ph\u1ee5 ki\u1ec7n Mavic Mini \u2013 H\u00e0ng ch\u00ednh h\u00e3ng SunnyLife\u00a0 . Gi\u1edbi thi\u1ec7u s\u1ea3n ph\u1ea9m: B\u1ed9 n\u1eb9p c\u00e1nh Mavic Mini 3 Hi\u1ec7n nay tr\u00ean th\u1ecb tr\u01b0\u1eddng \u0111\u00e3 c\u00f3 nhi\u1ec1u s\u1ea3n ph\u1ea9m n\u1eb9p c\u1ed1 \u0111\u1ecbnh c\u00e1nh Mavic 2, n\u1eb9p c\u00e1nh Mavic pro,\u2026 &#8230;<\/p>\n","protected":false},"featured_media":43719,"comment_status":"open","ping_status":"closed","template":"","meta":{"_acf_changed":false},"product_brand":[],"product_cat":[],"product_tag":[],"class_list":{"0":"post-43647","1":"product","2":"type-product","3":"status-publish","4":"has-post-thumbnail","7":"first","8":"instock","9":"shipping-taxable","10":"purchasable","11":"product-type-simple"},"acf":[],"yoast_head":"<!-- This site is optimized with the Yoast SEO plugin v25.7 - https:\/\/yoast.com\/wordpress\/plugins\/seo\/ -->\n<title>B\u1ed9 n\u1eb9p c\u00e1nh Mavic Mini 3 \u2013 SunnyLife - C\u1ed1 \u0111\u1ecbnh b\u1ed9 c\u00e1nh trong di chuy\u1ec3n<\/title>\n<meta name=\"description\" content=\"B\u1ed9 n\u1eb9p c\u00e1nh Mavic Mini 3 \u2013 SunnyLife - C\u1ed1 \u0111\u1ecbnh b\u1ed9 c\u00e1nh trong di chuy\u1ec3n. L\u00e0 gi\u1ea3i ph\u00e1p tuy\u1ec7t v\u1eddi trong c\u00e1c chuy\u1ec3n \u0111i xa, di chuy\u1ec3n li\u00ean t\u1ee5c\" \/>\n<meta name=\"robots\" content=\"index, follow, max-snippet:-1, max-image-preview:large, max-video-preview:-1\" \/>\n<link rel=\"canonical\" href=\"https:\/\/phukienflytech.vn\/en\/san-pham\/bo-nep-canh-mavic-mini-3-sunnylife.html\" \/>\n<meta property=\"og:locale\" content=\"en_US\" \/>\n<meta property=\"og:type\" content=\"article\" \/>\n<meta property=\"og:title\" content=\"B\u1ed9 n\u1eb9p c\u00e1nh Mavic Mini 3 \u2013 SunnyLife - C\u1ed1 \u0111\u1ecbnh b\u1ed9 c\u00e1nh trong di chuy\u1ec3n\" \/>\n<meta property=\"og:description\" content=\"B\u1ed9 n\u1eb9p c\u00e1nh Mavic Mini 3 \u2013 SunnyLife - C\u1ed1 \u0111\u1ecbnh b\u1ed9 c\u00e1nh trong di chuy\u1ec3n. L\u00e0 gi\u1ea3i ph\u00e1p tuy\u1ec7t v\u1eddi trong c\u00e1c chuy\u1ec3n \u0111i xa, di chuy\u1ec3n li\u00ean t\u1ee5c\" \/>\n<meta property=\"og:url\" content=\"https:\/\/phukienflytech.vn\/en\/san-pham\/bo-nep-canh-mavic-mini-3-sunnylife.html\" \/>\n<meta property=\"og:site_name\" content=\"Shop M\u00e1y \u1ea3nh - Action Camera - Gimbal - Flycam - Ph\u1ee5 ki\u1ec7n\" \/>\n<meta property=\"article:publisher\" content=\"https:\/\/facebook.com\/phukienflycam\" \/>\n<meta property=\"article:modified_time\" content=\"2022-06-19T14:53:54+00:00\" \/>\n<meta property=\"og:image\" content=\"https:\/\/phukienflytech.vn\/wp-content\/uploads\/2022\/06\/ANH-7.png\" \/>\n\t<meta property=\"og:image:width\" content=\"735\" \/>\n\t<meta property=\"og:image:height\" content=\"737\" \/>\n\t<meta property=\"og:image:type\" content=\"image\/png\" \/>\n<meta name=\"twitter:card\" content=\"summary_large_image\" \/>\n<meta name=\"twitter:label1\" content=\"Est. reading time\" \/>\n\t<meta name=\"twitter:data1\" content=\"4 minutes\" \/>\n<script type=\"application\/ld+json\" class=\"yoast-schema-graph\">{\"@context\":\"https:\/\/schema.org\",\"@graph\":[{\"@type\":\"WebPage\",\"@id\":\"https:\/\/phukienflytech.vn\/en\/san-pham\/bo-nep-canh-mavic-mini-3-sunnylife.html\",\"url\":\"https:\/\/phukienflytech.vn\/en\/san-pham\/bo-nep-canh-mavic-mini-3-sunnylife.html\",\"name\":\"B\u1ed9 n\u1eb9p c\u00e1nh Mavic Mini 3 \u2013 SunnyLife - C\u1ed1 \u0111\u1ecbnh b\u1ed9 c\u00e1nh trong di chuy\u1ec3n\",\"isPartOf\":{\"@id\":\"https:\/\/phukienflytech.vn\/#website\"},\"primaryImageOfPage\":{\"@id\":\"https:\/\/phukienflytech.vn\/en\/san-pham\/bo-nep-canh-mavic-mini-3-sunnylife.html#primaryimage\"},\"image\":{\"@id\":\"https:\/\/phukienflytech.vn\/en\/san-pham\/bo-nep-canh-mavic-mini-3-sunnylife.html#primaryimage\"},\"thumbnailUrl\":\"https:\/\/phukienflytech.vn\/wp-content\/uploads\/2022\/06\/ANH-7.png\",\"datePublished\":\"2022-06-16T08:42:37+00:00\",\"dateModified\":\"2022-06-19T14:53:54+00:00\",\"description\":\"B\u1ed9 n\u1eb9p c\u00e1nh Mavic Mini 3 \u2013 SunnyLife - C\u1ed1 \u0111\u1ecbnh b\u1ed9 c\u00e1nh trong di chuy\u1ec3n. L\u00e0 gi\u1ea3i ph\u00e1p tuy\u1ec7t v\u1eddi trong c\u00e1c chuy\u1ec3n \u0111i xa, di chuy\u1ec3n li\u00ean t\u1ee5c\",\"breadcrumb\":{\"@id\":\"https:\/\/phukienflytech.vn\/en\/san-pham\/bo-nep-canh-mavic-mini-3-sunnylife.html#breadcrumb\"},\"inLanguage\":\"en-US\",\"potentialAction\":[{\"@type\":\"ReadAction\",\"target\":[\"https:\/\/phukienflytech.vn\/en\/san-pham\/bo-nep-canh-mavic-mini-3-sunnylife.html\"]}]},{\"@type\":\"ImageObject\",\"inLanguage\":\"en-US\",\"@id\":\"https:\/\/phukienflytech.vn\/en\/san-pham\/bo-nep-canh-mavic-mini-3-sunnylife.html#primaryimage\",\"url\":\"https:\/\/phukienflytech.vn\/wp-content\/uploads\/2022\/06\/ANH-7.png\",\"contentUrl\":\"https:\/\/phukienflytech.vn\/wp-content\/uploads\/2022\/06\/ANH-7.png\",\"width\":735,\"height\":737},{\"@type\":\"BreadcrumbList\",\"@id\":\"https:\/\/phukienflytech.vn\/en\/san-pham\/bo-nep-canh-mavic-mini-3-sunnylife.html#breadcrumb\",\"itemListElement\":[{\"@type\":\"ListItem\",\"position\":1,\"name\":\"Home\",\"item\":\"https:\/\/phukienflytech.vn\/en\"},{\"@type\":\"ListItem\",\"position\":2,\"name\":\"Ph\u1ee5 ki\u1ec7n Mavic Pro\",\"item\":\"https:\/\/phukienflytech.vn\/en\/phu-kien-mavic-pro.html\"},{\"@type\":\"ListItem\",\"position\":3,\"name\":\"Ph\u1ee5 ki\u1ec7n DJI - Osmo\",\"item\":\"https:\/\/phukienflytech.vn\/danh-muc\/phu-kien-dji-osmo.html\"},{\"@type\":\"ListItem\",\"position\":4,\"name\":\"Ph\u1ee5 ki\u1ec7n flycam Mavic Mini\",\"item\":\"https:\/\/phukienflytech.vn\/danh-muc\/phu-kien-mavic-mini.html\"},{\"@type\":\"ListItem\",\"position\":5,\"name\":\"B\u1ed9 n\u1eb9p c\u00e1nh Mavic Mini 3 \u2013 SunnyLife\"}]},{\"@type\":\"WebSite\",\"@id\":\"https:\/\/phukienflytech.vn\/#website\",\"url\":\"https:\/\/phukienflytech.vn\/\",\"name\":\"Shop M\u00e1y \u1ea3nh - Action Camera - Gimbal - Flycam - Ph\u1ee5 ki\u1ec7n\",\"description\":\"Shop M\u00e1y \u1ea3nh - Action Camera - Gimbal - Flycam - Ph\u1ee5 ki\u1ec7n\",\"publisher\":{\"@id\":\"https:\/\/phukienflytech.vn\/#organization\"},\"potentialAction\":[{\"@type\":\"SearchAction\",\"target\":{\"@type\":\"EntryPoint\",\"urlTemplate\":\"https:\/\/phukienflytech.vn\/?s={search_term_string}\"},\"query-input\":{\"@type\":\"PropertyValueSpecification\",\"valueRequired\":true,\"valueName\":\"search_term_string\"}}],\"inLanguage\":\"en-US\"},{\"@type\":\"Organization\",\"@id\":\"https:\/\/phukienflytech.vn\/#organization\",\"name\":\"DJI Store - Shop Drone, Action camera, Gimbal DJI |Phukienflytech\",\"alternateName\":\"DJI Store - Shop Drone, Action camera, Gimbal DJI |Phukienflytech\",\"url\":\"https:\/\/phukienflytech.vn\/\",\"logo\":{\"@type\":\"ImageObject\",\"inLanguage\":\"en-US\",\"@id\":\"https:\/\/phukienflytech.vn\/#\/schema\/logo\/image\/\",\"url\":\"https:\/\/phukienflytech.vn\/wp-content\/uploads\/2020\/05\/hAnh_nan.jpg1_.jpg\",\"contentUrl\":\"https:\/\/phukienflytech.vn\/wp-content\/uploads\/2020\/05\/hAnh_nan.jpg1_.jpg\",\"width\":800,\"height\":450,\"caption\":\"DJI Store - Shop Drone, Action camera, Gimbal DJI |Phukienflytech\"},\"image\":{\"@id\":\"https:\/\/phukienflytech.vn\/#\/schema\/logo\/image\/\"},\"sameAs\":[\"https:\/\/facebook.com\/phukienflycam\",\"https:\/\/www.youtube.com\/@phukienflytech\",\"https:\/\/www.tiktok.com\/@flytech.channel?fbclid=IwY2xjawGjg7BleHRuA2FlbQIxMAABHYVGmlXpuSMs0UB2zTpYvyT4GMVfN2qJa4urF4vkSQ6FAVBwXZtDP30qQA_aem_UwMiDcUvlEbd2tXAmsc8Og\"]}]}<\/script>\n<!-- \/ Yoast SEO plugin. -->","yoast_head_json":{"title":"B\u1ed9 n\u1eb9p c\u00e1nh Mavic Mini 3 \u2013 SunnyLife - C\u1ed1 \u0111\u1ecbnh b\u1ed9 c\u00e1nh trong di chuy\u1ec3n","description":"B\u1ed9 n\u1eb9p c\u00e1nh Mavic Mini 3 \u2013 SunnyLife - C\u1ed1 \u0111\u1ecbnh b\u1ed9 c\u00e1nh trong di chuy\u1ec3n. L\u00e0 gi\u1ea3i ph\u00e1p tuy\u1ec7t v\u1eddi trong c\u00e1c chuy\u1ec3n \u0111i xa, di chuy\u1ec3n li\u00ean t\u1ee5c","robots":{"index":"index","follow":"follow","max-snippet":"max-snippet:-1","max-image-preview":"max-image-preview:large","max-video-preview":"max-video-preview:-1"},"canonical":"https:\/\/phukienflytech.vn\/en\/san-pham\/bo-nep-canh-mavic-mini-3-sunnylife.html","og_locale":"en_US","og_type":"article","og_title":"B\u1ed9 n\u1eb9p c\u00e1nh Mavic Mini 3 \u2013 SunnyLife - C\u1ed1 \u0111\u1ecbnh b\u1ed9 c\u00e1nh trong di chuy\u1ec3n","og_description":"B\u1ed9 n\u1eb9p c\u00e1nh Mavic Mini 3 \u2013 SunnyLife - C\u1ed1 \u0111\u1ecbnh b\u1ed9 c\u00e1nh trong di chuy\u1ec3n. L\u00e0 gi\u1ea3i ph\u00e1p tuy\u1ec7t v\u1eddi trong c\u00e1c chuy\u1ec3n \u0111i xa, di chuy\u1ec3n li\u00ean t\u1ee5c","og_url":"https:\/\/phukienflytech.vn\/en\/san-pham\/bo-nep-canh-mavic-mini-3-sunnylife.html","og_site_name":"Shop M\u00e1y \u1ea3nh - Action Camera - Gimbal - Flycam - Ph\u1ee5 ki\u1ec7n","article_publisher":"https:\/\/facebook.com\/phukienflycam","article_modified_time":"2022-06-19T14:53:54+00:00","og_image":[{"width":735,"height":737,"url":"https:\/\/phukienflytech.vn\/wp-content\/uploads\/2022\/06\/ANH-7.png","type":"image\/png"}],"twitter_card":"summary_large_image","twitter_misc":{"Est. reading time":"4 minutes"},"schema":{"@context":"https:\/\/schema.org","@graph":[{"@type":"WebPage","@id":"https:\/\/phukienflytech.vn\/en\/san-pham\/bo-nep-canh-mavic-mini-3-sunnylife.html","url":"https:\/\/phukienflytech.vn\/en\/san-pham\/bo-nep-canh-mavic-mini-3-sunnylife.html","name":"B\u1ed9 n\u1eb9p c\u00e1nh Mavic Mini 3 \u2013 SunnyLife - C\u1ed1 \u0111\u1ecbnh b\u1ed9 c\u00e1nh trong di chuy\u1ec3n","isPartOf":{"@id":"https:\/\/phukienflytech.vn\/#website"},"primaryImageOfPage":{"@id":"https:\/\/phukienflytech.vn\/en\/san-pham\/bo-nep-canh-mavic-mini-3-sunnylife.html#primaryimage"},"image":{"@id":"https:\/\/phukienflytech.vn\/en\/san-pham\/bo-nep-canh-mavic-mini-3-sunnylife.html#primaryimage"},"thumbnailUrl":"https:\/\/phukienflytech.vn\/wp-content\/uploads\/2022\/06\/ANH-7.png","datePublished":"2022-06-16T08:42:37+00:00","dateModified":"2022-06-19T14:53:54+00:00","description":"B\u1ed9 n\u1eb9p c\u00e1nh Mavic Mini 3 \u2013 SunnyLife - C\u1ed1 \u0111\u1ecbnh b\u1ed9 c\u00e1nh trong di chuy\u1ec3n. L\u00e0 gi\u1ea3i ph\u00e1p tuy\u1ec7t v\u1eddi trong c\u00e1c chuy\u1ec3n \u0111i xa, di chuy\u1ec3n li\u00ean t\u1ee5c","breadcrumb":{"@id":"https:\/\/phukienflytech.vn\/en\/san-pham\/bo-nep-canh-mavic-mini-3-sunnylife.html#breadcrumb"},"inLanguage":"en-US","potentialAction":[{"@type":"ReadAction","target":["https:\/\/phukienflytech.vn\/en\/san-pham\/bo-nep-canh-mavic-mini-3-sunnylife.html"]}]},{"@type":"ImageObject","inLanguage":"en-US","@id":"https:\/\/phukienflytech.vn\/en\/san-pham\/bo-nep-canh-mavic-mini-3-sunnylife.html#primaryimage","url":"https:\/\/phukienflytech.vn\/wp-content\/uploads\/2022\/06\/ANH-7.png","contentUrl":"https:\/\/phukienflytech.vn\/wp-content\/uploads\/2022\/06\/ANH-7.png","width":735,"height":737},{"@type":"BreadcrumbList","@id":"https:\/\/phukienflytech.vn\/en\/san-pham\/bo-nep-canh-mavic-mini-3-sunnylife.html#breadcrumb","itemListElement":[{"@type":"ListItem","position":1,"name":"Home","item":"https:\/\/phukienflytech.vn\/en"},{"@type":"ListItem","position":2,"name":"Ph\u1ee5 ki\u1ec7n Mavic Pro","item":"https:\/\/phukienflytech.vn\/en\/phu-kien-mavic-pro.html"},{"@type":"ListItem","position":3,"name":"Ph\u1ee5 ki\u1ec7n DJI - Osmo","item":"https:\/\/phukienflytech.vn\/danh-muc\/phu-kien-dji-osmo.html"},{"@type":"ListItem","position":4,"name":"Ph\u1ee5 ki\u1ec7n flycam Mavic Mini","item":"https:\/\/phukienflytech.vn\/danh-muc\/phu-kien-mavic-mini.html"},{"@type":"ListItem","position":5,"name":"B\u1ed9 n\u1eb9p c\u00e1nh Mavic Mini 3 \u2013 SunnyLife"}]},{"@type":"WebSite","@id":"https:\/\/phukienflytech.vn\/#website","url":"https:\/\/phukienflytech.vn\/","name":"Shop M\u00e1y \u1ea3nh - Action Camera - Gimbal - Flycam - Ph\u1ee5 ki\u1ec7n","description":"Shop M\u00e1y \u1ea3nh - Action Camera - Gimbal - Flycam - Ph\u1ee5 ki\u1ec7n","publisher":{"@id":"https:\/\/phukienflytech.vn\/#organization"},"potentialAction":[{"@type":"SearchAction","target":{"@type":"EntryPoint","urlTemplate":"https:\/\/phukienflytech.vn\/?s={search_term_string}"},"query-input":{"@type":"PropertyValueSpecification","valueRequired":true,"valueName":"search_term_string"}}],"inLanguage":"en-US"},{"@type":"Organization","@id":"https:\/\/phukienflytech.vn\/#organization","name":"DJI Store - Shop Drone, Action camera, Gimbal DJI |Phukienflytech","alternateName":"DJI Store - Shop Drone, Action camera, Gimbal DJI |Phukienflytech","url":"https:\/\/phukienflytech.vn\/","logo":{"@type":"ImageObject","inLanguage":"en-US","@id":"https:\/\/phukienflytech.vn\/#\/schema\/logo\/image\/","url":"https:\/\/phukienflytech.vn\/wp-content\/uploads\/2020\/05\/hAnh_nan.jpg1_.jpg","contentUrl":"https:\/\/phukienflytech.vn\/wp-content\/uploads\/2020\/05\/hAnh_nan.jpg1_.jpg","width":800,"height":450,"caption":"DJI Store - Shop Drone, Action camera, Gimbal DJI |Phukienflytech"},"image":{"@id":"https:\/\/phukienflytech.vn\/#\/schema\/logo\/image\/"},"sameAs":["https:\/\/facebook.com\/phukienflycam","https:\/\/www.youtube.com\/@phukienflytech","https:\/\/www.tiktok.com\/@flytech.channel?fbclid=IwY2xjawGjg7BleHRuA2FlbQIxMAABHYVGmlXpuSMs0UB2zTpYvyT4GMVfN2qJa4urF4vkSQ6FAVBwXZtDP30qQA_aem_UwMiDcUvlEbd2tXAmsc8Og"]}]}},"_links":{"self":[{"href":"https:\/\/phukienflytech.vn\/en\/wp-json\/wp\/v2\/product\/43647","targetHints":{"allow":["GET"]}}],"collection":[{"href":"https:\/\/phukienflytech.vn\/en\/wp-json\/wp\/v2\/product"}],"about":[{"href":"https:\/\/phukienflytech.vn\/en\/wp-json\/wp\/v2\/types\/product"}],"replies":[{"embeddable":true,"href":"https:\/\/phukienflytech.vn\/en\/wp-json\/wp\/v2\/comments?post=43647"}],"wp:featuredmedia":[{"embeddable":true,"href":"https:\/\/phukienflytech.vn\/en\/wp-json\/wp\/v2\/media\/43719"}],"wp:attachment":[{"href":"https:\/\/phukienflytech.vn\/en\/wp-json\/wp\/v2\/media?parent=43647"}],"wp:term":[{"taxonomy":"product_brand","embeddable":true,"href":"https:\/\/phukienflytech.vn\/en\/wp-json\/wp\/v2\/product_brand?post=43647"},{"taxonomy":"product_cat","embeddable":true,"href":"https:\/\/phukienflytech.vn\/en\/wp-json\/wp\/v2\/product_cat?post=43647"},{"taxonomy":"product_tag","embeddable":true,"href":"https:\/\/phukienflytech.vn\/en\/wp-json\/wp\/v2\/product_tag?post=43647"}],"curies":[{"name":"wp","href":"https:\/\/api.w.org\/{rel}","templated":true}]}}