{"id":43648,"date":"2022-06-16T16:21:56","date_gmt":"2022-06-16T09:21:56","guid":{"rendered":"https:\/\/phukienflytech.vn\/san-pham\/combo-4-filter-nd-mavic-mini-3-sunnylife.html"},"modified":"2022-06-19T14:23:47","modified_gmt":"2022-06-19T07:23:47","slug":"combo-4-filter-nd-mavic-mini-3-sunnylife","status":"publish","type":"product","link":"https:\/\/phukienflytech.vn\/en\/san-pham\/combo-4-filter-nd-mavic-mini-3-sunnylife.html","title":{"rendered":"Combo 4 filter ND Mavic Mini 3 &#8211; Sunnylife"},"content":{"rendered":"<h2><span style=\"color: #0000ff;\"><strong><span style=\"font-size: 20px;\">Combo 4 filter ND Mavic Mini 3 &#8211; Sunnylife<\/span><\/strong><\/span><\/h2>\n<p><span style=\"font-size: 17px;\">Combo 4 filter ND Mini 3<\/span><\/p>\n<p><span style=\"font-size: 17px;\">.<\/span><\/p>\n<p><span style=\"font-size: 17px;\"><img loading=\"lazy\" decoding=\"async\" class=\"aligncenter wp-image-43394\" src=\"https:\/\/phukienflytech.vn\/wp-content\/uploads\/2022\/06\/1.jpg\" alt=\"\" width=\"850\" height=\"850\" srcset=\"https:\/\/phukienflytech.vn\/wp-content\/uploads\/2022\/06\/1.jpg 750w, https:\/\/phukienflytech.vn\/wp-content\/uploads\/2022\/06\/1-400x400.jpg 400w, https:\/\/phukienflytech.vn\/wp-content\/uploads\/2022\/06\/1-280x280.jpg 280w, https:\/\/phukienflytech.vn\/wp-content\/uploads\/2022\/06\/1-300x300.jpg 300w, https:\/\/phukienflytech.vn\/wp-content\/uploads\/2022\/06\/1-600x600.jpg 600w, https:\/\/phukienflytech.vn\/wp-content\/uploads\/2022\/06\/1-100x100.jpg 100w\" sizes=\"auto, (max-width: 850px) 100vw, 850px\" \/><\/span><\/p>\n<p><span style=\"font-size: 17px;\">.<\/span><\/p>\n<h2><span style=\"font-size: 20px; color: #0000ff;\"><strong>Gi\u1edbi thi\u1ec7u s\u1ea3n ph\u1ea9m: Combo 4 filter ND Mini 3<\/strong><\/span><\/h2>\n<p><span style=\"font-size: 17px;\">Combo 4 filter ND Mini3 h\u1ed7 tr\u1ee3 Flycam ghi h\u00ecnh trong c\u00e1c \u0111i\u1ec1u ki\u1ec7n \u00e1nh s\u00e1ng kh\u00e1c nhau t\u1eeb u \u00e1m \u0111\u1ebfn \u00e1nh s\u00e1ng g\u1eaft. B\u1ed9 l\u1ecdc gi\u00fap l\u00e0m gi\u1ea3m l\u01b0\u1ee3ng \u00e1nh s\u00e1ng \u0111i v\u00e0o \u1ed1ng k\u00ednh. V\u1edbi s\u1ef1 h\u1ed7 tr\u1ee3 n\u00e0y, ng\u01b0\u1eddi \u0111i\u1ec1u khi\u1ec3n c\u00f3 th\u1ec3 \u0111i\u1ec1u ch\u1ec9nh c\u00e1c c\u00e0i \u0111\u1eb7t ph\u01a1i s\u00e1ng theo c\u00e1ch th\u1ee7 c\u00f4ng khi c\u1ea7n. \u0110\u00e2y ch\u00ednh l\u00e0 ph\u1ee5 ki\u1ec7n c\u1ea7n thi\u1ebft cho ng\u01b0\u1eddi ch\u01a1i Flycam, h\u1ed7 tr\u1ee3 b\u1ea3o v\u1ec7 camera kh\u1ecfi c\u00e1t b\u1ee5i, gi\u00fap cho m\u00e0u \u1ea3nh th\u00eam s\u1eafc n\u00e9t, \u0111\u1eadm m\u00e0u. V\u1eady b\u1ed9 Filter n\u00e0y thi\u1ebft k\u1ebf ra sao, ch\u00fang ta c\u00f9ng t\u00ecm hi\u1ec3u qua b\u00e0i vi\u1ebft d\u01b0\u1edbi \u0111\u00e2y nh\u00e9.\u00a0<\/span><\/p>\n<p><span style=\"font-size: 17px;\">.<\/span><\/p>\n<p><span style=\"font-size: 17px;\"><img loading=\"lazy\" decoding=\"async\" class=\"aligncenter wp-image-43396\" src=\"https:\/\/phukienflytech.vn\/wp-content\/uploads\/2022\/06\/4-1.jpg\" alt=\"\" width=\"850\" height=\"850\" srcset=\"https:\/\/phukienflytech.vn\/wp-content\/uploads\/2022\/06\/4-1.jpg 750w, https:\/\/phukienflytech.vn\/wp-content\/uploads\/2022\/06\/4-1-400x400.jpg 400w, https:\/\/phukienflytech.vn\/wp-content\/uploads\/2022\/06\/4-1-280x280.jpg 280w, https:\/\/phukienflytech.vn\/wp-content\/uploads\/2022\/06\/4-1-300x300.jpg 300w, https:\/\/phukienflytech.vn\/wp-content\/uploads\/2022\/06\/4-1-600x600.jpg 600w, https:\/\/phukienflytech.vn\/wp-content\/uploads\/2022\/06\/4-1-100x100.jpg 100w\" sizes=\"auto, (max-width: 850px) 100vw, 850px\" \/><\/span><\/p>\n<p><span style=\"font-size: 17px;\">.<\/span><\/p>\n<h2><span style=\"font-size: 20px; color: #0000ff;\"><strong>M\u00f4 t\u1ea3 s\u1ea3n ph\u1ea9m: Combo 4 filter ND Mini 3<\/strong><\/span><\/h2>\n<p><span style=\"font-size: 17px;\">\u2705 Ph\u00f9 h\u1ee3p: Mavic mini 3<\/span><\/p>\n<p><span style=\"font-size: 17px;\">\u2705 H\u00e3ng ch\u00ednh h\u00e3ng Sunnylife<\/span><\/p>\n<p><span style=\"font-size: 17px;\">\u2705 B\u00ean trong g\u1ed3m 4 Filter ND<\/span><\/p>\n<p><span style=\"font-size: 17px;\">.<\/span><\/p>\n<p><span style=\"font-size: 17px;\"><img loading=\"lazy\" decoding=\"async\" class=\"aligncenter wp-image-43398\" src=\"https:\/\/phukienflytech.vn\/wp-content\/uploads\/2022\/06\/6-1.jpg\" alt=\"\" width=\"850\" height=\"678\" srcset=\"https:\/\/phukienflytech.vn\/wp-content\/uploads\/2022\/06\/6-1.jpg 750w, https:\/\/phukienflytech.vn\/wp-content\/uploads\/2022\/06\/6-1-502x400.jpg 502w, https:\/\/phukienflytech.vn\/wp-content\/uploads\/2022\/06\/6-1-600x478.jpg 600w\" sizes=\"auto, (max-width: 850px) 100vw, 850px\" \/><\/span><\/p>\n<p><span style=\"font-size: 17px;\">.<\/span><\/p>\n<p><span style=\"font-size: 17px;\">\u2705 Kh\u00f4ng \u1ea3nh h\u01b0\u1edfng \u0111\u1ebfn gimbal v\u00e0 qu\u00e1 tr\u00ecnh bay<\/span><\/p>\n<p><span style=\"font-size: 17px;\">\u2705 L\u1edbp ph\u1ee7 hai m\u1eb7t ch\u1ed1ng th\u1ea5m n\u01b0\u1edbc, ch\u1ed1ng d\u1ea7u, ch\u1ed1ng tr\u1ea7y x\u01b0\u1edbc.<\/span><\/p>\n<p><span style=\"font-size: 17px;\">.<\/span><\/p>\n<p><span style=\"font-size: 17px;\"><img loading=\"lazy\" decoding=\"async\" class=\"aligncenter wp-image-43402\" src=\"https:\/\/phukienflytech.vn\/wp-content\/uploads\/2022\/06\/7-1.jpg\" alt=\"combo-4-filter-nd-mavic-mini-3-sunnylife-6\" width=\"850\" height=\"850\" srcset=\"https:\/\/phukienflytech.vn\/wp-content\/uploads\/2022\/06\/7-1.jpg 750w, https:\/\/phukienflytech.vn\/wp-content\/uploads\/2022\/06\/7-1-400x400.jpg 400w, https:\/\/phukienflytech.vn\/wp-content\/uploads\/2022\/06\/7-1-280x280.jpg 280w, https:\/\/phukienflytech.vn\/wp-content\/uploads\/2022\/06\/7-1-300x300.jpg 300w, https:\/\/phukienflytech.vn\/wp-content\/uploads\/2022\/06\/7-1-600x600.jpg 600w, https:\/\/phukienflytech.vn\/wp-content\/uploads\/2022\/06\/7-1-100x100.jpg 100w\" sizes=\"auto, (max-width: 850px) 100vw, 850px\" \/><\/span><\/p>\n<p><span style=\"font-size: 17px;\">.<\/span><\/p>\n<h2><span style=\"font-size: 20px; color: #0000ff;\"><strong>C\u00f4ng d\u1ee5ng s\u1ea3n ph\u1ea9m:\u00a0<\/strong><\/span><\/h2>\n<p><span style=\"font-size: 17px;\">\u2705 L\u00e0m gi\u1ea3m c\u01b0\u1eddng \u0111\u1ed9 s\u00e1ng \u0111\u1ebfn c\u1ea3m bi\u1ebfn c\u1ee7a m\u00e1y \u1ea3nh, gi\u00fap ta k\u00e9o d\u00e0i th\u1eddi gian ch\u1ee5p \u1ea3nh d\u01b0\u1edbi ngu\u1ed3n \u00e1nh s\u00e1ng m\u1ea1nh<\/span><\/p>\n<p><span style=\"font-size: 17px;\">\u2705 Ng\u0103n ch\u1eb7n ph\u01a1i s\u00e1ng qu\u00e1 m\u1ee9c v\u00e0 b\u00e3o h\u00f2a m\u00e0u s\u1eafc<\/span><\/p>\n<p><span style=\"font-size: 17px;\">\u2705 \u0110i\u1ec1u n\u00e0y \u0111\u1eb7c bi\u1ec7t h\u1eefu \u00edch khi ch\u1ee5p s\u01b0\u01a1ng m\u00f9 n\u01b0\u1edbc ho\u1eb7c v\u1ec7t s\u00e1ng v\u00e0o ban \u0111\u00eam<\/span><\/p>\n<p><span style=\"font-size: 17px;\">.<\/span><\/p>\n<p><span style=\"font-size: 17px;\"><img loading=\"lazy\" decoding=\"async\" class=\"aligncenter wp-image-43404\" src=\"https:\/\/phukienflytech.vn\/wp-content\/uploads\/2022\/06\/8-1.jpg\" alt=\"combo-4-filter-nd-mavic-mini-3-sunnylife-9\" width=\"850\" height=\"850\" srcset=\"https:\/\/phukienflytech.vn\/wp-content\/uploads\/2022\/06\/8-1.jpg 750w, https:\/\/phukienflytech.vn\/wp-content\/uploads\/2022\/06\/8-1-400x400.jpg 400w, https:\/\/phukienflytech.vn\/wp-content\/uploads\/2022\/06\/8-1-280x280.jpg 280w, https:\/\/phukienflytech.vn\/wp-content\/uploads\/2022\/06\/8-1-300x300.jpg 300w, https:\/\/phukienflytech.vn\/wp-content\/uploads\/2022\/06\/8-1-600x600.jpg 600w, https:\/\/phukienflytech.vn\/wp-content\/uploads\/2022\/06\/8-1-100x100.jpg 100w\" sizes=\"auto, (max-width: 850px) 100vw, 850px\" \/><\/span><\/p>\n<p><span style=\"font-size: 17px;\">.<\/span><\/p>\n<h2><span style=\"font-size: 20px; color: #0000ff;\"><strong>H\u01b0\u1edbng d\u1eabn b\u1ea3o qu\u1ea3n:<\/strong><\/span><\/h2>\n<p><span style=\"font-size: 17px;\">\u2705 Tr\u00e1nh va \u0111\u1eadp m\u1ea1nh, d\u1ee5ng c\u1ee5 s\u1eafc, n\u01a1i c\u00f3 nhi\u1ec7t \u0111\u1ed9 cao<\/span><\/p>\n<p><span style=\"font-size: 17px;\">\u2705 S\u1eed d\u1ee5ng theo s\u00e1ch h\u01b0\u1edbng d\u1eabn tr\u00e1nh h\u1ecfng s\u1ea3n ph\u1ea9m<\/span><\/p>\n<p><span style=\"font-size: 17px;\">.<\/span><\/p>\n<p><span style=\"font-size: 17px;\"><img loading=\"lazy\" decoding=\"async\" class=\"aligncenter wp-image-43406\" src=\"https:\/\/phukienflytech.vn\/wp-content\/uploads\/2022\/06\/5.jpg\" alt=\"combo-4-filter-nd-mavic-mini-3-sunnylife\" width=\"850\" height=\"850\" srcset=\"https:\/\/phukienflytech.vn\/wp-content\/uploads\/2022\/06\/5.jpg 750w, https:\/\/phukienflytech.vn\/wp-content\/uploads\/2022\/06\/5-400x400.jpg 400w, https:\/\/phukienflytech.vn\/wp-content\/uploads\/2022\/06\/5-280x280.jpg 280w, https:\/\/phukienflytech.vn\/wp-content\/uploads\/2022\/06\/5-300x300.jpg 300w, https:\/\/phukienflytech.vn\/wp-content\/uploads\/2022\/06\/5-600x600.jpg 600w, https:\/\/phukienflytech.vn\/wp-content\/uploads\/2022\/06\/5-100x100.jpg 100w\" sizes=\"auto, (max-width: 850px) 100vw, 850px\" \/><\/span><\/p>\n<p><span style=\"font-size: 17px;\">.<\/span><\/p>\n<h2><span style=\"font-size: 20px; color: #0000ff;\"><strong>Mua ph\u1ee5 ki\u1ec7n flycam ch\u00ednh h\u00e3ng \u1edf \u0111\u00e2u?<\/strong><\/span><\/h2>\n<p><span style=\"font-size: 17px;\"><span style=\"color: #0000ff;\"><strong><a style=\"color: #0000ff;\" href=\"https:\/\/phukienflytech.vn\/\" target=\"_blank\" rel=\"noopener\">Ph\u1ee5 ki\u1ec7n flycam gi\u00e1 t\u1ed1t<\/a><\/strong><\/span>\u00a0h\u00e2n h\u1ea1nh l\u00e0 \u0111\u01a1n v\u1ecb ph\u00e2n ph\u1ed1i ch\u00ednh h\u00e3ng c\u00e1c s\u1ea3n ph\u1ea9m ph\u1ee5 ki\u1ec7n flycam. T\u1edbi v\u1edbi ch\u00fang t\u00f4i, c\u00e1c b\u1ea1n s\u1ebd mua \u0111\u01b0\u1ee3c nh\u1eefng s\u1ea3n ph\u1ea9m ch\u00ednh h\u00e3ng v\u1edbi gi\u00e1 m\u1ed9t m\u1ee9c gi\u00e1 t\u1ed1t nh\u1ea5t tr\u00ean th\u1ecb tr\u01b0\u1eddng.<\/span><\/p>\n<p><span style=\"font-size: 17px;\">Kh\u00f4ng ch\u1ec9 nh\u1eefng s\u1ea3n ph\u1ea9m ph\u1ee5 ki\u1ec7n ch\u00ednh h\u00e3ng DJI Mavic Mini 3. Ch\u00fang t\u00f4i c\u0169ng ph\u00e2n ph\u1ed1i c\u00e1c d\u00f2ng s\u1ea3n ph\u1ea9m ph\u1ee5 ki\u1ec7n c\u1ee7a DJI Mavic 2, DJI Phantom, DJI Spark,.. ch\u00ednh h\u00e3ng t\u1edbi t\u1eeb DJI, Pgytech v\u00e0 SunnyLife.<\/span><\/p>\n<p><span style=\"font-size: 17px;\">H\u00e3y \u0111\u1ebfn v\u1edbi ph\u1ee5 ki\u1ec7n flycam gi\u00e1 t\u1ed1t \u0111\u1ec3 c\u00f3 \u0111\u01b0\u1ee3c\u00a0m\u1ee9c gi\u00e1 t\u1ed1t v\u00e0 ch\u1ea5t l\u01b0\u1ee3ng \u0111\u1ea3m b\u1ea3o.<\/span><\/p>\n<p><span style=\"font-size: 17px;\">.<\/span><\/p>\n<p><span style=\"font-size: 17px;\"><strong>&gt;&gt; Li\u00ean h\u1ec7 v\u1edbi ch\u00fang t\u00f4i qua\u00a0Fanpage:\u00a0<span style=\"color: #0000ff;\"><a style=\"color: #0000ff;\" href=\"https:\/\/www.facebook.com\/phukienflycam\" target=\"_blank\" rel=\"noopener\">Ph\u1ee5 ki\u1ec7n flycam gi\u00e1 t\u1ed1t\u00a0<\/a><\/span><\/strong><\/span><\/p>\n<p><span style=\"font-size: 17px;\">.<\/span><\/p>\n<p><span style=\"font-size: 17px;\"><img loading=\"lazy\" decoding=\"async\" class=\"aligncenter size-full wp-image-43408\" src=\"https:\/\/phukienflytech.vn\/wp-content\/uploads\/2022\/06\/99-1.png\" alt=\"\" width=\"671\" height=\"400\" srcset=\"https:\/\/phukienflytech.vn\/wp-content\/uploads\/2022\/06\/99-1.png 671w, https:\/\/phukienflytech.vn\/wp-content\/uploads\/2022\/06\/99-1-600x358.png 600w\" sizes=\"auto, (max-width: 671px) 100vw, 671px\" \/><\/span><\/p>\n<h3 style=\"text-align: center;\"><span style=\"font-size: 14px;\"><strong>B\u1ea3ng quy chu\u1ea9n Stop to ND<\/strong><\/span><\/h3>\n","protected":false},"excerpt":{"rendered":"<p>Combo 4 filter ND Mavic Mini 3 &#8211; Sunnylife Combo 4 filter ND Mini 3 . . Gi\u1edbi thi\u1ec7u s\u1ea3n ph\u1ea9m: Combo 4 filter ND Mini 3 Combo 4 filter ND Mini3 h\u1ed7 tr\u1ee3 Flycam ghi h\u00ecnh trong c\u00e1c \u0111i\u1ec1u ki\u1ec7n \u00e1nh s\u00e1ng kh\u00e1c nhau t\u1eeb u \u00e1m \u0111\u1ebfn \u00e1nh s\u00e1ng g\u1eaft. B\u1ed9 l\u1ecdc gi\u00fap &#8230;<\/p>\n","protected":false},"featured_media":43410,"comment_status":"open","ping_status":"closed","template":"","meta":{"_acf_changed":false},"product_brand":[],"product_cat":[],"product_tag":[],"class_list":{"0":"post-43648","1":"product","2":"type-product","3":"status-publish","4":"has-post-thumbnail","7":"first","8":"instock","9":"shipping-taxable","10":"purchasable","11":"product-type-simple"},"acf":[],"yoast_head":"<!-- This site is optimized with the Yoast SEO plugin v25.7 - https:\/\/yoast.com\/wordpress\/plugins\/seo\/ -->\n<title>Combo 4 filter ND Mini 3 - Sunnylife<\/title>\n<meta name=\"description\" content=\"Combo 4 filter ND Mini 3 - Sunnylife Gi\u00fap gi\u1ea3m \u00e1nh s\u00e1ng ch\u00f3i c\u1ee7a \u00e1nh m\u1eb7t tr\u1eddi, mang l\u1ea1i nh\u1eefng t\u1ea5m h\u00ecnh m\u01b0\u1ee3t m\u00e0 h\u01a1n. ND Filter Set\" \/>\n<meta name=\"robots\" content=\"index, follow, max-snippet:-1, max-image-preview:large, max-video-preview:-1\" \/>\n<link rel=\"canonical\" href=\"https:\/\/phukienflytech.vn\/en\/san-pham\/combo-4-filter-nd-mavic-mini-3-sunnylife.html\" \/>\n<meta property=\"og:locale\" content=\"en_US\" \/>\n<meta property=\"og:type\" content=\"article\" \/>\n<meta property=\"og:title\" content=\"Combo 4 filter ND Mini 3 - Sunnylife\" \/>\n<meta property=\"og:description\" content=\"Combo 4 filter ND Mini 3 - Sunnylife Gi\u00fap gi\u1ea3m \u00e1nh s\u00e1ng ch\u00f3i c\u1ee7a \u00e1nh m\u1eb7t tr\u1eddi, mang l\u1ea1i nh\u1eefng t\u1ea5m h\u00ecnh m\u01b0\u1ee3t m\u00e0 h\u01a1n. ND Filter Set\" \/>\n<meta property=\"og:url\" content=\"https:\/\/phukienflytech.vn\/en\/san-pham\/combo-4-filter-nd-mavic-mini-3-sunnylife.html\" \/>\n<meta property=\"og:site_name\" content=\"Shop M\u00e1y \u1ea3nh - Action Camera - Gimbal - Flycam - Ph\u1ee5 ki\u1ec7n\" \/>\n<meta property=\"article:publisher\" content=\"https:\/\/facebook.com\/phukienflycam\" \/>\n<meta property=\"article:modified_time\" content=\"2022-06-19T07:23:47+00:00\" \/>\n<meta property=\"og:image\" content=\"https:\/\/phukienflytech.vn\/wp-content\/uploads\/2022\/06\/3.png\" \/>\n\t<meta property=\"og:image:width\" content=\"1125\" \/>\n\t<meta property=\"og:image:height\" content=\"1125\" \/>\n\t<meta property=\"og:image:type\" content=\"image\/png\" \/>\n<meta name=\"twitter:card\" content=\"summary_large_image\" \/>\n<meta name=\"twitter:label1\" content=\"Est. reading time\" \/>\n\t<meta name=\"twitter:data1\" content=\"4 minutes\" \/>\n<script type=\"application\/ld+json\" class=\"yoast-schema-graph\">{\"@context\":\"https:\/\/schema.org\",\"@graph\":[{\"@type\":\"WebPage\",\"@id\":\"https:\/\/phukienflytech.vn\/en\/san-pham\/combo-4-filter-nd-mavic-mini-3-sunnylife.html\",\"url\":\"https:\/\/phukienflytech.vn\/en\/san-pham\/combo-4-filter-nd-mavic-mini-3-sunnylife.html\",\"name\":\"Combo 4 filter ND Mini 3 - Sunnylife\",\"isPartOf\":{\"@id\":\"https:\/\/phukienflytech.vn\/#website\"},\"primaryImageOfPage\":{\"@id\":\"https:\/\/phukienflytech.vn\/en\/san-pham\/combo-4-filter-nd-mavic-mini-3-sunnylife.html#primaryimage\"},\"image\":{\"@id\":\"https:\/\/phukienflytech.vn\/en\/san-pham\/combo-4-filter-nd-mavic-mini-3-sunnylife.html#primaryimage\"},\"thumbnailUrl\":\"https:\/\/phukienflytech.vn\/wp-content\/uploads\/2022\/06\/3.png\",\"datePublished\":\"2022-06-16T09:21:56+00:00\",\"dateModified\":\"2022-06-19T07:23:47+00:00\",\"description\":\"Combo 4 filter ND Mini 3 - Sunnylife Gi\u00fap gi\u1ea3m \u00e1nh s\u00e1ng ch\u00f3i c\u1ee7a \u00e1nh m\u1eb7t tr\u1eddi, mang l\u1ea1i nh\u1eefng t\u1ea5m h\u00ecnh m\u01b0\u1ee3t m\u00e0 h\u01a1n. ND Filter Set\",\"breadcrumb\":{\"@id\":\"https:\/\/phukienflytech.vn\/en\/san-pham\/combo-4-filter-nd-mavic-mini-3-sunnylife.html#breadcrumb\"},\"inLanguage\":\"en-US\",\"potentialAction\":[{\"@type\":\"ReadAction\",\"target\":[\"https:\/\/phukienflytech.vn\/en\/san-pham\/combo-4-filter-nd-mavic-mini-3-sunnylife.html\"]}]},{\"@type\":\"ImageObject\",\"inLanguage\":\"en-US\",\"@id\":\"https:\/\/phukienflytech.vn\/en\/san-pham\/combo-4-filter-nd-mavic-mini-3-sunnylife.html#primaryimage\",\"url\":\"https:\/\/phukienflytech.vn\/wp-content\/uploads\/2022\/06\/3.png\",\"contentUrl\":\"https:\/\/phukienflytech.vn\/wp-content\/uploads\/2022\/06\/3.png\",\"width\":1125,\"height\":1125},{\"@type\":\"BreadcrumbList\",\"@id\":\"https:\/\/phukienflytech.vn\/en\/san-pham\/combo-4-filter-nd-mavic-mini-3-sunnylife.html#breadcrumb\",\"itemListElement\":[{\"@type\":\"ListItem\",\"position\":1,\"name\":\"Home\",\"item\":\"https:\/\/phukienflytech.vn\/en\"},{\"@type\":\"ListItem\",\"position\":2,\"name\":\"Ph\u1ee5 ki\u1ec7n Mavic Pro\",\"item\":\"https:\/\/phukienflytech.vn\/en\/phu-kien-mavic-pro.html\"},{\"@type\":\"ListItem\",\"position\":3,\"name\":\"Ph\u1ee5 ki\u1ec7n DJI - Osmo\",\"item\":\"https:\/\/phukienflytech.vn\/danh-muc\/phu-kien-dji-osmo.html\"},{\"@type\":\"ListItem\",\"position\":4,\"name\":\"Ph\u1ee5 ki\u1ec7n flycam Mavic Mini\",\"item\":\"https:\/\/phukienflytech.vn\/danh-muc\/phu-kien-mavic-mini.html\"},{\"@type\":\"ListItem\",\"position\":5,\"name\":\"Combo 4 filter ND Mavic Mini 3 &#8211; Sunnylife\"}]},{\"@type\":\"WebSite\",\"@id\":\"https:\/\/phukienflytech.vn\/#website\",\"url\":\"https:\/\/phukienflytech.vn\/\",\"name\":\"Shop M\u00e1y \u1ea3nh - Action Camera - Gimbal - Flycam - Ph\u1ee5 ki\u1ec7n\",\"description\":\"Shop M\u00e1y \u1ea3nh - Action Camera - Gimbal - Flycam - Ph\u1ee5 ki\u1ec7n\",\"publisher\":{\"@id\":\"https:\/\/phukienflytech.vn\/#organization\"},\"potentialAction\":[{\"@type\":\"SearchAction\",\"target\":{\"@type\":\"EntryPoint\",\"urlTemplate\":\"https:\/\/phukienflytech.vn\/?s={search_term_string}\"},\"query-input\":{\"@type\":\"PropertyValueSpecification\",\"valueRequired\":true,\"valueName\":\"search_term_string\"}}],\"inLanguage\":\"en-US\"},{\"@type\":\"Organization\",\"@id\":\"https:\/\/phukienflytech.vn\/#organization\",\"name\":\"DJI Store - Shop Drone, Action camera, Gimbal DJI |Phukienflytech\",\"alternateName\":\"DJI Store - Shop Drone, Action camera, Gimbal DJI |Phukienflytech\",\"url\":\"https:\/\/phukienflytech.vn\/\",\"logo\":{\"@type\":\"ImageObject\",\"inLanguage\":\"en-US\",\"@id\":\"https:\/\/phukienflytech.vn\/#\/schema\/logo\/image\/\",\"url\":\"https:\/\/phukienflytech.vn\/wp-content\/uploads\/2020\/05\/hAnh_nan.jpg1_.jpg\",\"contentUrl\":\"https:\/\/phukienflytech.vn\/wp-content\/uploads\/2020\/05\/hAnh_nan.jpg1_.jpg\",\"width\":800,\"height\":450,\"caption\":\"DJI Store - Shop Drone, Action camera, Gimbal DJI |Phukienflytech\"},\"image\":{\"@id\":\"https:\/\/phukienflytech.vn\/#\/schema\/logo\/image\/\"},\"sameAs\":[\"https:\/\/facebook.com\/phukienflycam\",\"https:\/\/www.youtube.com\/@phukienflytech\",\"https:\/\/www.tiktok.com\/@flytech.channel?fbclid=IwY2xjawGjg7BleHRuA2FlbQIxMAABHYVGmlXpuSMs0UB2zTpYvyT4GMVfN2qJa4urF4vkSQ6FAVBwXZtDP30qQA_aem_UwMiDcUvlEbd2tXAmsc8Og\"]}]}<\/script>\n<!-- \/ Yoast SEO plugin. -->","yoast_head_json":{"title":"Combo 4 filter ND Mini 3 - Sunnylife","description":"Combo 4 filter ND Mini 3 - Sunnylife Gi\u00fap gi\u1ea3m \u00e1nh s\u00e1ng ch\u00f3i c\u1ee7a \u00e1nh m\u1eb7t tr\u1eddi, mang l\u1ea1i nh\u1eefng t\u1ea5m h\u00ecnh m\u01b0\u1ee3t m\u00e0 h\u01a1n. ND Filter Set","robots":{"index":"index","follow":"follow","max-snippet":"max-snippet:-1","max-image-preview":"max-image-preview:large","max-video-preview":"max-video-preview:-1"},"canonical":"https:\/\/phukienflytech.vn\/en\/san-pham\/combo-4-filter-nd-mavic-mini-3-sunnylife.html","og_locale":"en_US","og_type":"article","og_title":"Combo 4 filter ND Mini 3 - Sunnylife","og_description":"Combo 4 filter ND Mini 3 - Sunnylife Gi\u00fap gi\u1ea3m \u00e1nh s\u00e1ng ch\u00f3i c\u1ee7a \u00e1nh m\u1eb7t tr\u1eddi, mang l\u1ea1i nh\u1eefng t\u1ea5m h\u00ecnh m\u01b0\u1ee3t m\u00e0 h\u01a1n. ND Filter Set","og_url":"https:\/\/phukienflytech.vn\/en\/san-pham\/combo-4-filter-nd-mavic-mini-3-sunnylife.html","og_site_name":"Shop M\u00e1y \u1ea3nh - Action Camera - Gimbal - Flycam - Ph\u1ee5 ki\u1ec7n","article_publisher":"https:\/\/facebook.com\/phukienflycam","article_modified_time":"2022-06-19T07:23:47+00:00","og_image":[{"width":1125,"height":1125,"url":"https:\/\/phukienflytech.vn\/wp-content\/uploads\/2022\/06\/3.png","type":"image\/png"}],"twitter_card":"summary_large_image","twitter_misc":{"Est. reading time":"4 minutes"},"schema":{"@context":"https:\/\/schema.org","@graph":[{"@type":"WebPage","@id":"https:\/\/phukienflytech.vn\/en\/san-pham\/combo-4-filter-nd-mavic-mini-3-sunnylife.html","url":"https:\/\/phukienflytech.vn\/en\/san-pham\/combo-4-filter-nd-mavic-mini-3-sunnylife.html","name":"Combo 4 filter ND Mini 3 - Sunnylife","isPartOf":{"@id":"https:\/\/phukienflytech.vn\/#website"},"primaryImageOfPage":{"@id":"https:\/\/phukienflytech.vn\/en\/san-pham\/combo-4-filter-nd-mavic-mini-3-sunnylife.html#primaryimage"},"image":{"@id":"https:\/\/phukienflytech.vn\/en\/san-pham\/combo-4-filter-nd-mavic-mini-3-sunnylife.html#primaryimage"},"thumbnailUrl":"https:\/\/phukienflytech.vn\/wp-content\/uploads\/2022\/06\/3.png","datePublished":"2022-06-16T09:21:56+00:00","dateModified":"2022-06-19T07:23:47+00:00","description":"Combo 4 filter ND Mini 3 - Sunnylife Gi\u00fap gi\u1ea3m \u00e1nh s\u00e1ng ch\u00f3i c\u1ee7a \u00e1nh m\u1eb7t tr\u1eddi, mang l\u1ea1i nh\u1eefng t\u1ea5m h\u00ecnh m\u01b0\u1ee3t m\u00e0 h\u01a1n. ND Filter Set","breadcrumb":{"@id":"https:\/\/phukienflytech.vn\/en\/san-pham\/combo-4-filter-nd-mavic-mini-3-sunnylife.html#breadcrumb"},"inLanguage":"en-US","potentialAction":[{"@type":"ReadAction","target":["https:\/\/phukienflytech.vn\/en\/san-pham\/combo-4-filter-nd-mavic-mini-3-sunnylife.html"]}]},{"@type":"ImageObject","inLanguage":"en-US","@id":"https:\/\/phukienflytech.vn\/en\/san-pham\/combo-4-filter-nd-mavic-mini-3-sunnylife.html#primaryimage","url":"https:\/\/phukienflytech.vn\/wp-content\/uploads\/2022\/06\/3.png","contentUrl":"https:\/\/phukienflytech.vn\/wp-content\/uploads\/2022\/06\/3.png","width":1125,"height":1125},{"@type":"BreadcrumbList","@id":"https:\/\/phukienflytech.vn\/en\/san-pham\/combo-4-filter-nd-mavic-mini-3-sunnylife.html#breadcrumb","itemListElement":[{"@type":"ListItem","position":1,"name":"Home","item":"https:\/\/phukienflytech.vn\/en"},{"@type":"ListItem","position":2,"name":"Ph\u1ee5 ki\u1ec7n Mavic Pro","item":"https:\/\/phukienflytech.vn\/en\/phu-kien-mavic-pro.html"},{"@type":"ListItem","position":3,"name":"Ph\u1ee5 ki\u1ec7n DJI - Osmo","item":"https:\/\/phukienflytech.vn\/danh-muc\/phu-kien-dji-osmo.html"},{"@type":"ListItem","position":4,"name":"Ph\u1ee5 ki\u1ec7n flycam Mavic Mini","item":"https:\/\/phukienflytech.vn\/danh-muc\/phu-kien-mavic-mini.html"},{"@type":"ListItem","position":5,"name":"Combo 4 filter ND Mavic Mini 3 &#8211; Sunnylife"}]},{"@type":"WebSite","@id":"https:\/\/phukienflytech.vn\/#website","url":"https:\/\/phukienflytech.vn\/","name":"Shop M\u00e1y \u1ea3nh - Action Camera - Gimbal - Flycam - Ph\u1ee5 ki\u1ec7n","description":"Shop M\u00e1y \u1ea3nh - Action Camera - Gimbal - Flycam - Ph\u1ee5 ki\u1ec7n","publisher":{"@id":"https:\/\/phukienflytech.vn\/#organization"},"potentialAction":[{"@type":"SearchAction","target":{"@type":"EntryPoint","urlTemplate":"https:\/\/phukienflytech.vn\/?s={search_term_string}"},"query-input":{"@type":"PropertyValueSpecification","valueRequired":true,"valueName":"search_term_string"}}],"inLanguage":"en-US"},{"@type":"Organization","@id":"https:\/\/phukienflytech.vn\/#organization","name":"DJI Store - Shop Drone, Action camera, Gimbal DJI |Phukienflytech","alternateName":"DJI Store - Shop Drone, Action camera, Gimbal DJI |Phukienflytech","url":"https:\/\/phukienflytech.vn\/","logo":{"@type":"ImageObject","inLanguage":"en-US","@id":"https:\/\/phukienflytech.vn\/#\/schema\/logo\/image\/","url":"https:\/\/phukienflytech.vn\/wp-content\/uploads\/2020\/05\/hAnh_nan.jpg1_.jpg","contentUrl":"https:\/\/phukienflytech.vn\/wp-content\/uploads\/2020\/05\/hAnh_nan.jpg1_.jpg","width":800,"height":450,"caption":"DJI Store - Shop Drone, Action camera, Gimbal DJI |Phukienflytech"},"image":{"@id":"https:\/\/phukienflytech.vn\/#\/schema\/logo\/image\/"},"sameAs":["https:\/\/facebook.com\/phukienflycam","https:\/\/www.youtube.com\/@phukienflytech","https:\/\/www.tiktok.com\/@flytech.channel?fbclid=IwY2xjawGjg7BleHRuA2FlbQIxMAABHYVGmlXpuSMs0UB2zTpYvyT4GMVfN2qJa4urF4vkSQ6FAVBwXZtDP30qQA_aem_UwMiDcUvlEbd2tXAmsc8Og"]}]}},"_links":{"self":[{"href":"https:\/\/phukienflytech.vn\/en\/wp-json\/wp\/v2\/product\/43648","targetHints":{"allow":["GET"]}}],"collection":[{"href":"https:\/\/phukienflytech.vn\/en\/wp-json\/wp\/v2\/product"}],"about":[{"href":"https:\/\/phukienflytech.vn\/en\/wp-json\/wp\/v2\/types\/product"}],"replies":[{"embeddable":true,"href":"https:\/\/phukienflytech.vn\/en\/wp-json\/wp\/v2\/comments?post=43648"}],"wp:featuredmedia":[{"embeddable":true,"href":"https:\/\/phukienflytech.vn\/en\/wp-json\/wp\/v2\/media\/43410"}],"wp:attachment":[{"href":"https:\/\/phukienflytech.vn\/en\/wp-json\/wp\/v2\/media?parent=43648"}],"wp:term":[{"taxonomy":"product_brand","embeddable":true,"href":"https:\/\/phukienflytech.vn\/en\/wp-json\/wp\/v2\/product_brand?post=43648"},{"taxonomy":"product_cat","embeddable":true,"href":"https:\/\/phukienflytech.vn\/en\/wp-json\/wp\/v2\/product_cat?post=43648"},{"taxonomy":"product_tag","embeddable":true,"href":"https:\/\/phukienflytech.vn\/en\/wp-json\/wp\/v2\/product_tag?post=43648"}],"curies":[{"name":"wp","href":"https:\/\/api.w.org\/{rel}","templated":true}]}}