{"id":43650,"date":"2022-06-16T17:29:37","date_gmt":"2022-06-16T10:29:37","guid":{"rendered":"https:\/\/phukienflytech.vn\/san-pham\/filter-cpl-mavic-mini-3-sunnylife.html"},"modified":"2022-06-19T14:25:35","modified_gmt":"2022-06-19T07:25:35","slug":"filter-cpl-mavic-mini-3-sunnylife","status":"publish","type":"product","link":"https:\/\/phukienflytech.vn\/en\/san-pham\/filter-cpl-mavic-mini-3-sunnylife.html","title":{"rendered":"Filter CPL Mavic Mini 3 &#8211; Sunnylife"},"content":{"rendered":"<h2><span style=\"font-size: 20px; color: #0000ff;\"><strong>Filter CPL Mavic Mini 3 &#8211; Sunnylife<\/strong><\/span><\/h2>\n<p><span style=\"font-size: 17px;\">Filter CPL Mavic Mini 3 &#8211; Sunnylife<\/span><\/p>\n<p><span style=\"font-size: 17px;\">.<\/span><\/p>\n<p><span style=\"font-size: 17px;\"><img loading=\"lazy\" decoding=\"async\" class=\"aligncenter wp-image-43419\" src=\"https:\/\/phukienflytech.vn\/wp-content\/uploads\/2022\/06\/2.jpg\" alt=\"\" width=\"850\" height=\"850\" srcset=\"https:\/\/phukienflytech.vn\/wp-content\/uploads\/2022\/06\/2.jpg 750w, https:\/\/phukienflytech.vn\/wp-content\/uploads\/2022\/06\/2-400x400.jpg 400w, https:\/\/phukienflytech.vn\/wp-content\/uploads\/2022\/06\/2-280x280.jpg 280w, https:\/\/phukienflytech.vn\/wp-content\/uploads\/2022\/06\/2-300x300.jpg 300w, https:\/\/phukienflytech.vn\/wp-content\/uploads\/2022\/06\/2-600x600.jpg 600w, https:\/\/phukienflytech.vn\/wp-content\/uploads\/2022\/06\/2-100x100.jpg 100w\" sizes=\"auto, (max-width: 850px) 100vw, 850px\" \/><\/span><\/p>\n<p><span style=\"font-size: 17px;\">.<\/span><\/p>\n<h2><span style=\"font-size: 20px; color: #0000ff;\"><strong>Gi\u1edbi thi\u1ec7u s\u1ea3n ph\u1ea9m:\u00a0<\/strong><\/span><\/h2>\n<p><span style=\"font-size: 17px;\">SunnyLife l\u00e0 th\u01b0\u01a1ng hi\u1ec7u chuy\u00ean s\u1ea3n xu\u1ea5t ph\u1ee5 ki\u1ec7n flycam v\u1edbi m\u1ee9c gi\u00e1 r\u1ebb v\u00e0 ch\u1ea5t l\u01b0\u1ee3ng t\u1ed1t. DJI Mavic Mini 3 l\u00e0 m\u1ed9t s\u1ea3n ph\u1ea9m m\u1edbi tr\u00ecnh l\u00e0ng c\u1ee7a DJI. \u0110\u1ec3 \u0111\u00e1p \u1ee9ng nhu c\u1ea7u c\u1ee7a ng\u01b0\u1eddi ti\u00eau d\u00f9ng v\u1ec1 k\u00ednh l\u1ecdc Mavic Mini 3. K\u00ednh l\u1ecdc CPL Mavic Mini 3 \u2013 Sunnylife gi\u00fap b\u1ea1n c\u00f3 nh\u1eefng shoot h\u00ecnh \u0111\u1eb9p, lo\u1ea1i b\u1ecf y\u1ebfu t\u1ed1 kh\u00f4ng mong mu\u1ed1n.\u00a0<\/span><\/p>\n<p><span style=\"font-size: 17px;\">.<\/span><\/p>\n<p><span style=\"font-size: 17px;\"><img loading=\"lazy\" decoding=\"async\" class=\"aligncenter wp-image-43423\" src=\"https:\/\/phukienflytech.vn\/wp-content\/uploads\/2022\/06\/1-1.png\" alt=\"\" width=\"850\" height=\"850\" srcset=\"https:\/\/phukienflytech.vn\/wp-content\/uploads\/2022\/06\/1-1.png 1125w, https:\/\/phukienflytech.vn\/wp-content\/uploads\/2022\/06\/1-1-400x400.png 400w, https:\/\/phukienflytech.vn\/wp-content\/uploads\/2022\/06\/1-1-800x800.png 800w, https:\/\/phukienflytech.vn\/wp-content\/uploads\/2022\/06\/1-1-280x280.png 280w, https:\/\/phukienflytech.vn\/wp-content\/uploads\/2022\/06\/1-1-768x768.png 768w, https:\/\/phukienflytech.vn\/wp-content\/uploads\/2022\/06\/1-1-300x300.png 300w, https:\/\/phukienflytech.vn\/wp-content\/uploads\/2022\/06\/1-1-600x600.png 600w, https:\/\/phukienflytech.vn\/wp-content\/uploads\/2022\/06\/1-1-100x100.png 100w\" sizes=\"auto, (max-width: 850px) 100vw, 850px\" \/><\/span><\/p>\n<p><span style=\"font-size: 17px;\">.<\/span><\/p>\n<h2><span style=\"font-size: 20px; color: #0000ff;\"><strong>C\u00f4ng d\u1ee5ng s\u1ea3n ph\u1ea9m: Filter CPL Mavic Mini 3 &#8211; Sunnylife<\/strong><\/span><\/h2>\n<p><span style=\"font-size: 17px;\">\u2705 Ch\u00ednh h\u00e3ng: Sunnylife<\/span><\/p>\n<p><span style=\"font-size: 17px;\">\u2705 Ph\u00f9 h\u1ee3p: Mavic mini 3<\/span><\/p>\n<p><span style=\"font-size: 17px;\">\u2705 M\u00e0ng ph\u1ee7 nhi\u1ec1u l\u1edbp v\u00e0 \u0111\u1ed9 truy\u1ec1n qua cao.<\/span><\/p>\n<p><span style=\"font-size: 17px;\">\u2705 S\u1eed d\u1ee5ng \u1ed1ng k\u00ednh th\u1ee7y tinh quang ch\u1ea5t l\u01b0\u1ee3ng cao, c\u00f3 t\u00ednh ch\u1ea5t quang \u1ed5n \u0111\u1ecbnh v\u00e0 \u0111\u1ed9 \u0111\u1ed3ng nh\u1ea5t quang cao.<\/span><\/p>\n<p><span style=\"font-size: 17px;\">\u2705 Kh\u00f4ng \u1ea3nh h\u01b0\u1edbng t\u1edbi camera khi bay<\/span><\/p>\n<p><span style=\"font-size: 17px;\">.<\/span><\/p>\n<p><span style=\"font-size: 17px;\"><img loading=\"lazy\" decoding=\"async\" class=\"aligncenter wp-image-43425\" src=\"https:\/\/phukienflytech.vn\/wp-content\/uploads\/2022\/06\/3.jpg\" alt=\"\" width=\"850\" height=\"850\" srcset=\"https:\/\/phukienflytech.vn\/wp-content\/uploads\/2022\/06\/3.jpg 750w, https:\/\/phukienflytech.vn\/wp-content\/uploads\/2022\/06\/3-400x400.jpg 400w, https:\/\/phukienflytech.vn\/wp-content\/uploads\/2022\/06\/3-280x280.jpg 280w, https:\/\/phukienflytech.vn\/wp-content\/uploads\/2022\/06\/3-300x300.jpg 300w, https:\/\/phukienflytech.vn\/wp-content\/uploads\/2022\/06\/3-600x600.jpg 600w, https:\/\/phukienflytech.vn\/wp-content\/uploads\/2022\/06\/3-100x100.jpg 100w\" sizes=\"auto, (max-width: 850px) 100vw, 850px\" \/><\/span><\/p>\n<p><span style=\"font-size: 17px;\">.<\/span><\/p>\n<h2><span style=\"font-size: 20px; color: #0000ff;\"><strong>C\u00f4ng d\u1ee5ng s\u1ea3n ph\u1ea9m:\u00a0<\/strong><\/span><\/h2>\n<p><span style=\"font-size: 17px;\">\u2705 K\u00ednh l\u1ecdc CPL ch\u1ee7 y\u1ebfu \u0111\u01b0\u1ee3c s\u1eed d\u1ee5ng \u0111\u1ec3 lo\u1ea1i b\u1ecf \u00e1nh s\u00e1ng ph\u1ea3n x\u1ea1 t\u1edbi camera v\u00e0 gi\u00fap m\u00e0u s\u1eafc r\u00f5 n\u00e9t c\u00f3 ph\u1ea7n \u0111\u1eadm h\u01a1n.\u00a0<\/span><\/p>\n<p><span style=\"font-size: 17px;\">\u2705 R\u1ea5t ph\u00f9 h\u1ee3p khi ch\u1ee5p c\u00e1c v\u1eadt th\u1ec3 l\u00e0 m\u1eb7t h\u1ed3, m\u1eb7t n\u01b0\u1edbc, c\u00e1c b\u1ec1 m\u1eb7t kim lo\u1ea1i.<\/span><\/p>\n<p><span style=\"font-size: 17px;\">.<\/span><\/p>\n<p><span style=\"font-size: 17px;\"><img loading=\"lazy\" decoding=\"async\" class=\"aligncenter wp-image-43427\" src=\"https:\/\/phukienflytech.vn\/wp-content\/uploads\/2022\/06\/8-2.jpg\" alt=\"filter-cpl-mavic-mini-3-sunnylife-9\" width=\"850\" height=\"712\" srcset=\"https:\/\/phukienflytech.vn\/wp-content\/uploads\/2022\/06\/8-2.jpg 750w, https:\/\/phukienflytech.vn\/wp-content\/uploads\/2022\/06\/8-2-478x400.jpg 478w, https:\/\/phukienflytech.vn\/wp-content\/uploads\/2022\/06\/8-2-600x502.jpg 600w\" sizes=\"auto, (max-width: 850px) 100vw, 850px\" \/><\/span><\/p>\n<p><span style=\"font-size: 17px;\">.<\/span><\/p>\n<h2><span style=\"font-size: 20px; color: #0000ff;\"><strong>H\u01b0\u1edbng d\u1eabn b\u1ea3o qu\u1ea3n:<\/strong><\/span><\/h2>\n<p><span style=\"font-size: 17px;\">\u2705 Tr\u00e1nh \u0111\u1ec3 tay ch\u1ea1m v\u00e0o m\u1eb7t k\u00ednh g\u00e2y nh\u1eefng v\u1ebft v\u00e2n tay l\u00e0m m\u1edd k\u00ednh<\/span><\/p>\n<p><span style=\"font-size: 17px;\">\u2705 Th\u01b0\u1eddng xuy\u00ean lau kinh b\u1eb1ng khan c\u00f3 trong h\u1ed9p<\/span><\/p>\n<p><span style=\"font-size: 17px;\">.<\/span><\/p>\n<p><span style=\"font-size: 17px;\"><img loading=\"lazy\" decoding=\"async\" class=\"aligncenter wp-image-43429\" src=\"https:\/\/phukienflytech.vn\/wp-content\/uploads\/2022\/06\/filter-cpl-mavic-air-2-dji-chinh-hang-sunnylife-phu-kien-flycam-2-Copy-Copy.jpg\" alt=\"filter-cpl-mavic-mini-3-sunnylife\" width=\"850\" height=\"409\" srcset=\"https:\/\/phukienflytech.vn\/wp-content\/uploads\/2022\/06\/filter-cpl-mavic-air-2-dji-chinh-hang-sunnylife-phu-kien-flycam-2-Copy-Copy.jpg 715w, https:\/\/phukienflytech.vn\/wp-content\/uploads\/2022\/06\/filter-cpl-mavic-air-2-dji-chinh-hang-sunnylife-phu-kien-flycam-2-Copy-Copy-600x289.jpg 600w\" sizes=\"auto, (max-width: 850px) 100vw, 850px\" \/><\/span><\/p>\n<p><span style=\"font-size: 17px;\">.<\/span><\/p>\n<h2><span style=\"font-size: 20px; color: #0000ff;\"><strong>Mua ph\u1ee5 ki\u1ec7n DJI Mavic Mini 3 \u1edf \u0111\u00e2u?<\/strong><\/span><\/h2>\n<p><span style=\"font-size: 17px;\"><a href=\"https:\/\/phukienflytech.vn\/\" target=\"_blank\" rel=\"noopener\"><strong><span style=\"color: #0000ff;\">Ph\u1ee5 ki\u1ec7n flycam gi\u00e1 t\u1ed1t<\/span><\/strong><\/a>\u00a0h\u00e2n h\u1ea1nh l\u00e0 \u0111\u01a1n v\u1ecb ph\u00e2n ph\u1ed1i ch\u00ednh h\u00e3ng c\u00e1c s\u1ea3n ph\u1ea9m c\u1ee7a Pgytech. T\u1edbi v\u1edbi ch\u00fang t\u00f4i, c\u00e1c b\u1ea1n s\u1ebd mua \u0111\u01b0\u1ee3c nh\u1eefng s\u1ea3n ph\u1ea9m ch\u00ednh h\u00e3ng v\u1edbi gi\u00e1 m\u1ed9t m\u1ee9c gi\u00e1 t\u1ed1t nh\u1ea5t tr\u00ean th\u1ecb tr\u01b0\u1eddng.<\/span><\/p>\n<p><span style=\"font-size: 17px;\">Kh\u00f4ng ch\u1ec9 nh\u1eefng s\u1ea3n ph\u1ea9m ph\u1ee5 ki\u1ec7n ch\u00ednh h\u00e3ng DJI Mavic Mini 3. Ch\u00fang t\u00f4i c\u0169ng ph\u00e2n ph\u1ed1i c\u00e1c d\u00f2ng s\u1ea3n ph\u1ea9m ph\u1ee5 ki\u1ec7n c\u1ee7a DJI Mavic 2, DJI Phantom, DJI Spark,.. ch\u00ednh h\u00e3ng t\u1edbi t\u1eeb DJI, Pgytech v\u00e0 SunnyLife.<\/span><\/p>\n<p><span style=\"font-size: 17px;\">H\u00e3y \u0111\u1ebfn v\u1edbi ph\u1ee5 ki\u1ec7n flycam gi\u00e1 t\u1ed1t \u0111\u1ec3 c\u00f3 \u0111\u01b0\u1ee3c\u00a0 m\u1ee9c gi\u00e1 t\u1ed1t v\u00e0 ch\u1ea5t l\u01b0\u1ee3ng \u0111\u1ea3m b\u1ea3o.<\/span><\/p>\n<p><span style=\"font-size: 17px;\"><strong>&gt;&gt;&gt; Li\u00ean h\u1ec7 v\u1edbi Admin tr\u00ean:\u00a0<span style=\"color: #0000ff;\"><a style=\"color: #0000ff;\" href=\"https:\/\/fb.com\/phukienflycam\" target=\"_blank\" rel=\"noopener\">Fanpage<\/a><\/span><\/strong><\/span><\/p>\n","protected":false},"excerpt":{"rendered":"<p>Filter CPL Mavic Mini 3 &#8211; Sunnylife Filter CPL Mavic Mini 3 &#8211; Sunnylife . . Gi\u1edbi thi\u1ec7u s\u1ea3n ph\u1ea9m:\u00a0 SunnyLife l\u00e0 th\u01b0\u01a1ng hi\u1ec7u chuy\u00ean s\u1ea3n xu\u1ea5t ph\u1ee5 ki\u1ec7n flycam v\u1edbi m\u1ee9c gi\u00e1 r\u1ebb v\u00e0 ch\u1ea5t l\u01b0\u1ee3ng t\u1ed1t. DJI Mavic Mini 3 l\u00e0 m\u1ed9t s\u1ea3n ph\u1ea9m m\u1edbi tr\u00ecnh l\u00e0ng c\u1ee7a DJI. \u0110\u1ec3 \u0111\u00e1p \u1ee9ng nhu &#8230;<\/p>\n","protected":false},"featured_media":43414,"comment_status":"open","ping_status":"closed","template":"","meta":{"_acf_changed":false},"product_brand":[],"product_cat":[],"product_tag":[],"class_list":{"0":"post-43650","1":"product","2":"type-product","3":"status-publish","4":"has-post-thumbnail","7":"first","8":"instock","9":"shipping-taxable","10":"purchasable","11":"product-type-simple"},"acf":[],"yoast_head":"<!-- This site is optimized with the Yoast SEO plugin v25.7 - https:\/\/yoast.com\/wordpress\/plugins\/seo\/ -->\n<title>Filter CPL Mavic Mini 3 - Sunnylife Gi\u1ea3m thi\u1ec3u s\u1ef1 ph\u1ea3n x\u1ea1 \u00e1nh s\u00e1ng<\/title>\n<meta name=\"description\" content=\"Filter CPL Mavic Mini 3 - Sunnylife Gi\u1ea3m thi\u1ec3u s\u1ef1 ph\u1ea3n x\u1ea1 \u00e1nh s\u00e1ng. Lens Filter CPL for DJI Mini 3 \u0111em l\u1ea1i tr\u1ea3i nghi\u1ec7m tuy\u1ec7t v\u1eddi v\u1ec1 h\u00ecnh \u1ea3nh\" \/>\n<meta name=\"robots\" content=\"index, follow, max-snippet:-1, max-image-preview:large, max-video-preview:-1\" \/>\n<link rel=\"canonical\" href=\"https:\/\/phukienflytech.vn\/en\/san-pham\/filter-cpl-mavic-mini-3-sunnylife.html\" \/>\n<meta property=\"og:locale\" content=\"en_US\" \/>\n<meta property=\"og:type\" content=\"article\" \/>\n<meta property=\"og:title\" content=\"Filter CPL Mavic Mini 3 - Sunnylife Gi\u1ea3m thi\u1ec3u s\u1ef1 ph\u1ea3n x\u1ea1 \u00e1nh s\u00e1ng\" \/>\n<meta property=\"og:description\" content=\"Filter CPL Mavic Mini 3 - Sunnylife Gi\u1ea3m thi\u1ec3u s\u1ef1 ph\u1ea3n x\u1ea1 \u00e1nh s\u00e1ng. Lens Filter CPL for DJI Mini 3 \u0111em l\u1ea1i tr\u1ea3i nghi\u1ec7m tuy\u1ec7t v\u1eddi v\u1ec1 h\u00ecnh \u1ea3nh\" \/>\n<meta property=\"og:url\" content=\"https:\/\/phukienflytech.vn\/en\/san-pham\/filter-cpl-mavic-mini-3-sunnylife.html\" \/>\n<meta property=\"og:site_name\" content=\"Shop M\u00e1y \u1ea3nh - Action Camera - Gimbal - Flycam - Ph\u1ee5 ki\u1ec7n\" \/>\n<meta property=\"article:publisher\" content=\"https:\/\/facebook.com\/phukienflycam\" \/>\n<meta property=\"article:modified_time\" content=\"2022-06-19T07:25:35+00:00\" \/>\n<meta property=\"og:image\" content=\"https:\/\/phukienflytech.vn\/wp-content\/uploads\/2022\/06\/1.png\" \/>\n\t<meta property=\"og:image:width\" content=\"1125\" \/>\n\t<meta property=\"og:image:height\" content=\"1125\" \/>\n\t<meta property=\"og:image:type\" content=\"image\/png\" \/>\n<meta name=\"twitter:card\" content=\"summary_large_image\" \/>\n<meta name=\"twitter:label1\" content=\"Est. reading time\" \/>\n\t<meta name=\"twitter:data1\" content=\"3 minutes\" \/>\n<script type=\"application\/ld+json\" class=\"yoast-schema-graph\">{\"@context\":\"https:\/\/schema.org\",\"@graph\":[{\"@type\":\"WebPage\",\"@id\":\"https:\/\/phukienflytech.vn\/en\/san-pham\/filter-cpl-mavic-mini-3-sunnylife.html\",\"url\":\"https:\/\/phukienflytech.vn\/en\/san-pham\/filter-cpl-mavic-mini-3-sunnylife.html\",\"name\":\"Filter CPL Mavic Mini 3 - Sunnylife Gi\u1ea3m thi\u1ec3u s\u1ef1 ph\u1ea3n x\u1ea1 \u00e1nh s\u00e1ng\",\"isPartOf\":{\"@id\":\"https:\/\/phukienflytech.vn\/#website\"},\"primaryImageOfPage\":{\"@id\":\"https:\/\/phukienflytech.vn\/en\/san-pham\/filter-cpl-mavic-mini-3-sunnylife.html#primaryimage\"},\"image\":{\"@id\":\"https:\/\/phukienflytech.vn\/en\/san-pham\/filter-cpl-mavic-mini-3-sunnylife.html#primaryimage\"},\"thumbnailUrl\":\"https:\/\/phukienflytech.vn\/wp-content\/uploads\/2022\/06\/1.png\",\"datePublished\":\"2022-06-16T10:29:37+00:00\",\"dateModified\":\"2022-06-19T07:25:35+00:00\",\"description\":\"Filter CPL Mavic Mini 3 - Sunnylife Gi\u1ea3m thi\u1ec3u s\u1ef1 ph\u1ea3n x\u1ea1 \u00e1nh s\u00e1ng. Lens Filter CPL for DJI Mini 3 \u0111em l\u1ea1i tr\u1ea3i nghi\u1ec7m tuy\u1ec7t v\u1eddi v\u1ec1 h\u00ecnh \u1ea3nh\",\"breadcrumb\":{\"@id\":\"https:\/\/phukienflytech.vn\/en\/san-pham\/filter-cpl-mavic-mini-3-sunnylife.html#breadcrumb\"},\"inLanguage\":\"en-US\",\"potentialAction\":[{\"@type\":\"ReadAction\",\"target\":[\"https:\/\/phukienflytech.vn\/en\/san-pham\/filter-cpl-mavic-mini-3-sunnylife.html\"]}]},{\"@type\":\"ImageObject\",\"inLanguage\":\"en-US\",\"@id\":\"https:\/\/phukienflytech.vn\/en\/san-pham\/filter-cpl-mavic-mini-3-sunnylife.html#primaryimage\",\"url\":\"https:\/\/phukienflytech.vn\/wp-content\/uploads\/2022\/06\/1.png\",\"contentUrl\":\"https:\/\/phukienflytech.vn\/wp-content\/uploads\/2022\/06\/1.png\",\"width\":1125,\"height\":1125},{\"@type\":\"BreadcrumbList\",\"@id\":\"https:\/\/phukienflytech.vn\/en\/san-pham\/filter-cpl-mavic-mini-3-sunnylife.html#breadcrumb\",\"itemListElement\":[{\"@type\":\"ListItem\",\"position\":1,\"name\":\"Home\",\"item\":\"https:\/\/phukienflytech.vn\/en\"},{\"@type\":\"ListItem\",\"position\":2,\"name\":\"Ph\u1ee5 ki\u1ec7n Mavic Pro\",\"item\":\"https:\/\/phukienflytech.vn\/en\/phu-kien-mavic-pro.html\"},{\"@type\":\"ListItem\",\"position\":3,\"name\":\"Ph\u1ee5 ki\u1ec7n DJI - Osmo\",\"item\":\"https:\/\/phukienflytech.vn\/danh-muc\/phu-kien-dji-osmo.html\"},{\"@type\":\"ListItem\",\"position\":4,\"name\":\"Ph\u1ee5 ki\u1ec7n flycam Mavic Mini\",\"item\":\"https:\/\/phukienflytech.vn\/danh-muc\/phu-kien-mavic-mini.html\"},{\"@type\":\"ListItem\",\"position\":5,\"name\":\"Filter CPL Mavic Mini 3 &#8211; Sunnylife\"}]},{\"@type\":\"WebSite\",\"@id\":\"https:\/\/phukienflytech.vn\/#website\",\"url\":\"https:\/\/phukienflytech.vn\/\",\"name\":\"Shop M\u00e1y \u1ea3nh - Action Camera - Gimbal - Flycam - Ph\u1ee5 ki\u1ec7n\",\"description\":\"Shop M\u00e1y \u1ea3nh - Action Camera - Gimbal - Flycam - Ph\u1ee5 ki\u1ec7n\",\"publisher\":{\"@id\":\"https:\/\/phukienflytech.vn\/#organization\"},\"potentialAction\":[{\"@type\":\"SearchAction\",\"target\":{\"@type\":\"EntryPoint\",\"urlTemplate\":\"https:\/\/phukienflytech.vn\/?s={search_term_string}\"},\"query-input\":{\"@type\":\"PropertyValueSpecification\",\"valueRequired\":true,\"valueName\":\"search_term_string\"}}],\"inLanguage\":\"en-US\"},{\"@type\":\"Organization\",\"@id\":\"https:\/\/phukienflytech.vn\/#organization\",\"name\":\"DJI Store - Shop Drone, Action camera, Gimbal DJI |Phukienflytech\",\"alternateName\":\"DJI Store - Shop Drone, Action camera, Gimbal DJI |Phukienflytech\",\"url\":\"https:\/\/phukienflytech.vn\/\",\"logo\":{\"@type\":\"ImageObject\",\"inLanguage\":\"en-US\",\"@id\":\"https:\/\/phukienflytech.vn\/#\/schema\/logo\/image\/\",\"url\":\"https:\/\/phukienflytech.vn\/wp-content\/uploads\/2020\/05\/hAnh_nan.jpg1_.jpg\",\"contentUrl\":\"https:\/\/phukienflytech.vn\/wp-content\/uploads\/2020\/05\/hAnh_nan.jpg1_.jpg\",\"width\":800,\"height\":450,\"caption\":\"DJI Store - Shop Drone, Action camera, Gimbal DJI |Phukienflytech\"},\"image\":{\"@id\":\"https:\/\/phukienflytech.vn\/#\/schema\/logo\/image\/\"},\"sameAs\":[\"https:\/\/facebook.com\/phukienflycam\",\"https:\/\/www.youtube.com\/@phukienflytech\",\"https:\/\/www.tiktok.com\/@flytech.channel?fbclid=IwY2xjawGjg7BleHRuA2FlbQIxMAABHYVGmlXpuSMs0UB2zTpYvyT4GMVfN2qJa4urF4vkSQ6FAVBwXZtDP30qQA_aem_UwMiDcUvlEbd2tXAmsc8Og\"]}]}<\/script>\n<!-- \/ Yoast SEO plugin. -->","yoast_head_json":{"title":"Filter CPL Mavic Mini 3 - Sunnylife Gi\u1ea3m thi\u1ec3u s\u1ef1 ph\u1ea3n x\u1ea1 \u00e1nh s\u00e1ng","description":"Filter CPL Mavic Mini 3 - Sunnylife Gi\u1ea3m thi\u1ec3u s\u1ef1 ph\u1ea3n x\u1ea1 \u00e1nh s\u00e1ng. Lens Filter CPL for DJI Mini 3 \u0111em l\u1ea1i tr\u1ea3i nghi\u1ec7m tuy\u1ec7t v\u1eddi v\u1ec1 h\u00ecnh \u1ea3nh","robots":{"index":"index","follow":"follow","max-snippet":"max-snippet:-1","max-image-preview":"max-image-preview:large","max-video-preview":"max-video-preview:-1"},"canonical":"https:\/\/phukienflytech.vn\/en\/san-pham\/filter-cpl-mavic-mini-3-sunnylife.html","og_locale":"en_US","og_type":"article","og_title":"Filter CPL Mavic Mini 3 - Sunnylife Gi\u1ea3m thi\u1ec3u s\u1ef1 ph\u1ea3n x\u1ea1 \u00e1nh s\u00e1ng","og_description":"Filter CPL Mavic Mini 3 - Sunnylife Gi\u1ea3m thi\u1ec3u s\u1ef1 ph\u1ea3n x\u1ea1 \u00e1nh s\u00e1ng. Lens Filter CPL for DJI Mini 3 \u0111em l\u1ea1i tr\u1ea3i nghi\u1ec7m tuy\u1ec7t v\u1eddi v\u1ec1 h\u00ecnh \u1ea3nh","og_url":"https:\/\/phukienflytech.vn\/en\/san-pham\/filter-cpl-mavic-mini-3-sunnylife.html","og_site_name":"Shop M\u00e1y \u1ea3nh - Action Camera - Gimbal - Flycam - Ph\u1ee5 ki\u1ec7n","article_publisher":"https:\/\/facebook.com\/phukienflycam","article_modified_time":"2022-06-19T07:25:35+00:00","og_image":[{"width":1125,"height":1125,"url":"https:\/\/phukienflytech.vn\/wp-content\/uploads\/2022\/06\/1.png","type":"image\/png"}],"twitter_card":"summary_large_image","twitter_misc":{"Est. reading time":"3 minutes"},"schema":{"@context":"https:\/\/schema.org","@graph":[{"@type":"WebPage","@id":"https:\/\/phukienflytech.vn\/en\/san-pham\/filter-cpl-mavic-mini-3-sunnylife.html","url":"https:\/\/phukienflytech.vn\/en\/san-pham\/filter-cpl-mavic-mini-3-sunnylife.html","name":"Filter CPL Mavic Mini 3 - Sunnylife Gi\u1ea3m thi\u1ec3u s\u1ef1 ph\u1ea3n x\u1ea1 \u00e1nh s\u00e1ng","isPartOf":{"@id":"https:\/\/phukienflytech.vn\/#website"},"primaryImageOfPage":{"@id":"https:\/\/phukienflytech.vn\/en\/san-pham\/filter-cpl-mavic-mini-3-sunnylife.html#primaryimage"},"image":{"@id":"https:\/\/phukienflytech.vn\/en\/san-pham\/filter-cpl-mavic-mini-3-sunnylife.html#primaryimage"},"thumbnailUrl":"https:\/\/phukienflytech.vn\/wp-content\/uploads\/2022\/06\/1.png","datePublished":"2022-06-16T10:29:37+00:00","dateModified":"2022-06-19T07:25:35+00:00","description":"Filter CPL Mavic Mini 3 - Sunnylife Gi\u1ea3m thi\u1ec3u s\u1ef1 ph\u1ea3n x\u1ea1 \u00e1nh s\u00e1ng. Lens Filter CPL for DJI Mini 3 \u0111em l\u1ea1i tr\u1ea3i nghi\u1ec7m tuy\u1ec7t v\u1eddi v\u1ec1 h\u00ecnh \u1ea3nh","breadcrumb":{"@id":"https:\/\/phukienflytech.vn\/en\/san-pham\/filter-cpl-mavic-mini-3-sunnylife.html#breadcrumb"},"inLanguage":"en-US","potentialAction":[{"@type":"ReadAction","target":["https:\/\/phukienflytech.vn\/en\/san-pham\/filter-cpl-mavic-mini-3-sunnylife.html"]}]},{"@type":"ImageObject","inLanguage":"en-US","@id":"https:\/\/phukienflytech.vn\/en\/san-pham\/filter-cpl-mavic-mini-3-sunnylife.html#primaryimage","url":"https:\/\/phukienflytech.vn\/wp-content\/uploads\/2022\/06\/1.png","contentUrl":"https:\/\/phukienflytech.vn\/wp-content\/uploads\/2022\/06\/1.png","width":1125,"height":1125},{"@type":"BreadcrumbList","@id":"https:\/\/phukienflytech.vn\/en\/san-pham\/filter-cpl-mavic-mini-3-sunnylife.html#breadcrumb","itemListElement":[{"@type":"ListItem","position":1,"name":"Home","item":"https:\/\/phukienflytech.vn\/en"},{"@type":"ListItem","position":2,"name":"Ph\u1ee5 ki\u1ec7n Mavic Pro","item":"https:\/\/phukienflytech.vn\/en\/phu-kien-mavic-pro.html"},{"@type":"ListItem","position":3,"name":"Ph\u1ee5 ki\u1ec7n DJI - Osmo","item":"https:\/\/phukienflytech.vn\/danh-muc\/phu-kien-dji-osmo.html"},{"@type":"ListItem","position":4,"name":"Ph\u1ee5 ki\u1ec7n flycam Mavic Mini","item":"https:\/\/phukienflytech.vn\/danh-muc\/phu-kien-mavic-mini.html"},{"@type":"ListItem","position":5,"name":"Filter CPL Mavic Mini 3 &#8211; Sunnylife"}]},{"@type":"WebSite","@id":"https:\/\/phukienflytech.vn\/#website","url":"https:\/\/phukienflytech.vn\/","name":"Shop M\u00e1y \u1ea3nh - Action Camera - Gimbal - Flycam - Ph\u1ee5 ki\u1ec7n","description":"Shop M\u00e1y \u1ea3nh - Action Camera - Gimbal - Flycam - Ph\u1ee5 ki\u1ec7n","publisher":{"@id":"https:\/\/phukienflytech.vn\/#organization"},"potentialAction":[{"@type":"SearchAction","target":{"@type":"EntryPoint","urlTemplate":"https:\/\/phukienflytech.vn\/?s={search_term_string}"},"query-input":{"@type":"PropertyValueSpecification","valueRequired":true,"valueName":"search_term_string"}}],"inLanguage":"en-US"},{"@type":"Organization","@id":"https:\/\/phukienflytech.vn\/#organization","name":"DJI Store - Shop Drone, Action camera, Gimbal DJI |Phukienflytech","alternateName":"DJI Store - Shop Drone, Action camera, Gimbal DJI |Phukienflytech","url":"https:\/\/phukienflytech.vn\/","logo":{"@type":"ImageObject","inLanguage":"en-US","@id":"https:\/\/phukienflytech.vn\/#\/schema\/logo\/image\/","url":"https:\/\/phukienflytech.vn\/wp-content\/uploads\/2020\/05\/hAnh_nan.jpg1_.jpg","contentUrl":"https:\/\/phukienflytech.vn\/wp-content\/uploads\/2020\/05\/hAnh_nan.jpg1_.jpg","width":800,"height":450,"caption":"DJI Store - Shop Drone, Action camera, Gimbal DJI |Phukienflytech"},"image":{"@id":"https:\/\/phukienflytech.vn\/#\/schema\/logo\/image\/"},"sameAs":["https:\/\/facebook.com\/phukienflycam","https:\/\/www.youtube.com\/@phukienflytech","https:\/\/www.tiktok.com\/@flytech.channel?fbclid=IwY2xjawGjg7BleHRuA2FlbQIxMAABHYVGmlXpuSMs0UB2zTpYvyT4GMVfN2qJa4urF4vkSQ6FAVBwXZtDP30qQA_aem_UwMiDcUvlEbd2tXAmsc8Og"]}]}},"_links":{"self":[{"href":"https:\/\/phukienflytech.vn\/en\/wp-json\/wp\/v2\/product\/43650","targetHints":{"allow":["GET"]}}],"collection":[{"href":"https:\/\/phukienflytech.vn\/en\/wp-json\/wp\/v2\/product"}],"about":[{"href":"https:\/\/phukienflytech.vn\/en\/wp-json\/wp\/v2\/types\/product"}],"replies":[{"embeddable":true,"href":"https:\/\/phukienflytech.vn\/en\/wp-json\/wp\/v2\/comments?post=43650"}],"wp:featuredmedia":[{"embeddable":true,"href":"https:\/\/phukienflytech.vn\/en\/wp-json\/wp\/v2\/media\/43414"}],"wp:attachment":[{"href":"https:\/\/phukienflytech.vn\/en\/wp-json\/wp\/v2\/media?parent=43650"}],"wp:term":[{"taxonomy":"product_brand","embeddable":true,"href":"https:\/\/phukienflytech.vn\/en\/wp-json\/wp\/v2\/product_brand?post=43650"},{"taxonomy":"product_cat","embeddable":true,"href":"https:\/\/phukienflytech.vn\/en\/wp-json\/wp\/v2\/product_cat?post=43650"},{"taxonomy":"product_tag","embeddable":true,"href":"https:\/\/phukienflytech.vn\/en\/wp-json\/wp\/v2\/product_tag?post=43650"}],"curies":[{"name":"wp","href":"https:\/\/api.w.org\/{rel}","templated":true}]}}