{"id":43651,"date":"2022-06-16T14:59:22","date_gmt":"2022-06-16T07:59:22","guid":{"rendered":"https:\/\/phukienflytech.vn\/san-pham\/filter-mcuv-mavic-mini-3-sunnylife.html"},"modified":"2022-06-19T21:55:41","modified_gmt":"2022-06-19T14:55:41","slug":"filter-mcuv-mavic-mini-3-sunnylife","status":"publish","type":"product","link":"https:\/\/phukienflytech.vn\/en\/san-pham\/filter-mcuv-mavic-mini-3-sunnylife.html","title":{"rendered":"Filter MCUV Mavic Mini 3 \u2013 SunnyLife"},"content":{"rendered":"<h2><span style=\"font-size: 21px; color: #0000ff;\"><strong>Filter MCUV Mavic Mini 3 \u2013 SunnyLife<\/strong><\/span><\/h2>\n<p><span style=\"font-size: 17px;\">Filter MCUV Mavic Mini 3 \u2013 SunnyLife<\/span><\/p>\n<p><span style=\"font-size: 17px;\"><img loading=\"lazy\" decoding=\"async\" class=\"aligncenter wp-image-43331\" src=\"https:\/\/phukienflytech.vn\/wp-content\/uploads\/2022\/06\/Screenshot-2022-06-15-160642.png\" alt=\"filter-mcuv-mavic-mini-3-sunnylife-1\" width=\"850\" height=\"715\" srcset=\"https:\/\/phukienflytech.vn\/wp-content\/uploads\/2022\/06\/Screenshot-2022-06-15-160642.png 593w, https:\/\/phukienflytech.vn\/wp-content\/uploads\/2022\/06\/Screenshot-2022-06-15-160642-475x400.png 475w\" sizes=\"auto, (max-width: 850px) 100vw, 850px\" \/><\/span><\/p>\n<h3 style=\"text-align: center;\"><span style=\"font-size: 14px;\"><strong>Ph\u1ee5 ki\u1ec7n kh\u00f4ng th\u1ec3 thi\u1ebfu v\u1edbi ng\u01b0\u1eddi d\u00f9ng Mini 3<\/strong><\/span><\/h3>\n<p><span style=\"font-size: 17px;\">.<\/span><\/p>\n<h2><span style=\"font-size: 21px; color: #0000ff;\"><strong>Gi\u1edbi thi\u1ec7u s\u1ea3n ph\u1ea9m: Filter MCUV Mavic Mini 3<\/strong><\/span><\/h2>\n<p><span style=\"font-size: 17px;\">B\u1ea1n l\u00e0 m\u1ed9t ng\u01b0\u1eddi th\u00edch quay film, ch\u1ee5p \u1ea3nh? B\u1ea1n lu\u00f4n mong mu\u1ed1n thu \u0111\u01b0\u1ee3c nh\u1eefng s\u1ea3n ph\u1ea9m c\u00f3 ch\u1ea5t l\u01b0\u1ee3ng t\u00f4t nh\u1ea5t m\u00e0 kh\u00f4ng b\u1ecb \u1ea3nh h\u01b0\u1edfng b\u1edfi nh\u1eefng \u00e1nh s\u00e1ng kh\u00f4ng c\u1ea7n thi\u1ebft, filter lens ch\u00ednh l\u00e0 ph\u1ee5 ki\u1ec7n flycam m\u00e0 b\u1ea1n c\u1ea7n.Lu\u00f4n n\u1eb1m trong top danh s\u00e1ch nh\u1eefng ph\u1ee5 ki\u1ec7n DJI mavic mini c\u1ea7n thi\u1ebft cho c\u00e1c pilot ch\u00ednh v\u00ec v\u1eady hi\u1ec7n nay c\u00f3 kh\u00e1 nhi\u1ec1u filter mavic mini b\u1ea1n c\u00f3 th\u1ec3 l\u1ef1a ch\u1ecdn. Lens filter MCUV mavic mini 3 c\u0169ng n\u1eb1m trong s\u1ed1 \u0111\u00f3.<\/span><\/p>\n<p><span style=\"font-size: 17px;\">.<img loading=\"lazy\" decoding=\"async\" class=\"aligncenter wp-image-43345\" src=\"https:\/\/phukienflytech.vn\/wp-content\/uploads\/2022\/06\/Screenshot-2022-06-15-160831.png\" alt=\"filter-mcuv-mavic-mini-3-sunnylife-2\" width=\"850\" height=\"679\" srcset=\"https:\/\/phukienflytech.vn\/wp-content\/uploads\/2022\/06\/Screenshot-2022-06-15-160831.png 622w, https:\/\/phukienflytech.vn\/wp-content\/uploads\/2022\/06\/Screenshot-2022-06-15-160831-501x400.png 501w, https:\/\/phukienflytech.vn\/wp-content\/uploads\/2022\/06\/Screenshot-2022-06-15-160831-600x479.png 600w\" sizes=\"auto, (max-width: 850px) 100vw, 850px\" \/><\/span><\/p>\n<p><span style=\"font-size: 17px;\">.<\/span><\/p>\n<h2><span style=\"font-size: 21px; color: #0000ff;\"><strong>M\u00f4 t\u1ea3 s\u1ea3n ph\u1ea9m : Filter MCUV Mavic Mini 3<\/strong><\/span><\/h2>\n<p><span style=\"font-size: 17px;\">\u2705 Ph\u00f9 h\u1ee3p : Mavic Mini 3\u00a0<\/span><\/p>\n<p><span style=\"font-size: 17px;\">\u2705 Ch\u00ednh h\u00e3ng Sunnylife<\/span><\/p>\n<p><span style=\"font-size: 17px;\">\u2705 S\u1eed d\u1ee5ng \u1ed1ng k\u00ednh th\u1ee7y tinh quang ch\u1ea5t l\u01b0\u1ee3ng cao, c\u00f3 t\u00ednh ch\u1ea5t quang \u1ed5n \u0111\u1ecbnh v\u00e0 \u0111\u1ed9 \u0111\u1ed3ng nh\u1ea5t quang cao.<\/span><\/p>\n<p><span style=\"font-size: 17px;\">\u2705 M\u00e0ng ph\u1ee7 nhi\u1ec1u l\u1edbp v\u00e0 \u0111\u1ed9 truy\u1ec1n qua cao.<\/span><\/p>\n<p><span style=\"font-size: 17px;\">.<\/span><\/p>\n<p><span style=\"font-size: 17px;\"><img loading=\"lazy\" decoding=\"async\" class=\"aligncenter wp-image-43335\" src=\"https:\/\/phukienflytech.vn\/wp-content\/uploads\/2022\/06\/Screenshot-2022-06-15-160709.png\" alt=\"\" width=\"850\" height=\"792\" srcset=\"https:\/\/phukienflytech.vn\/wp-content\/uploads\/2022\/06\/Screenshot-2022-06-15-160709.png 588w, https:\/\/phukienflytech.vn\/wp-content\/uploads\/2022\/06\/Screenshot-2022-06-15-160709-429x400.png 429w\" sizes=\"auto, (max-width: 850px) 100vw, 850px\" \/><\/span><\/p>\n<p><span style=\"font-size: 17px;\">.<\/span><\/p>\n<p><span style=\"font-size: 17px;\">\u2705 R\u1ea5t d\u1ec5 th\u00e1o, l\u1eafp m\u00e0 kh\u00f4ng s\u1ee3 \u1ea3nh h\u01b0\u1edbng t\u1edbi gimbal v\u00e0 camera c\u1ee7a m\u00e1y.<\/span><\/p>\n<p><span style=\"font-size: 17px;\">.<\/span><\/p>\n<p><span style=\"font-size: 17px;\"><img loading=\"lazy\" decoding=\"async\" class=\"aligncenter wp-image-43337\" src=\"https:\/\/phukienflytech.vn\/wp-content\/uploads\/2022\/06\/Screenshot-2022-06-15-160724.png\" alt=\"\" width=\"850\" height=\"874\" srcset=\"https:\/\/phukienflytech.vn\/wp-content\/uploads\/2022\/06\/Screenshot-2022-06-15-160724.png 590w, https:\/\/phukienflytech.vn\/wp-content\/uploads\/2022\/06\/Screenshot-2022-06-15-160724-389x400.png 389w\" sizes=\"auto, (max-width: 850px) 100vw, 850px\" \/><\/span><\/p>\n<p><span style=\"font-size: 17px;\">.<\/span><\/p>\n<p><span style=\"font-size: 17px;\"><strong>&gt;&gt;&gt; Xem th\u00eam :<a href=\"https:\/\/phukienflytech.vn\/danh-muc\/phu-kien-mavic-mini.html\" target=\"_blank\" rel=\"noopener\">\u00a0Ph\u1ee5 ki\u1ec7n Mavic Mini<\/a><\/strong><\/span><\/p>\n<p><span style=\"font-size: 17px;\">.<\/span><\/p>\n<h2><span style=\"font-size: 21px; color: #0000ff;\"><strong>C\u00f4ng d\u1ee5ng s\u1ea3n ph\u1ea9m : Filter MCUV Mavic Mini 3<\/strong><\/span><\/h2>\n<p><span style=\"font-size: 17px;\">\u2705 C\u00f3 t\u00e1c d\u1ee5ng l\u00e0m gi\u1ea3m v\u1ea9n \u0111\u1ee5c m\u00e0u xanh lam v\u00e0 m\u00e0u x\u00e1m xanh t\u1eeb tia c\u1ef1c t\u00edm, t\u0103ng \u0111\u1ed9 truy\u1ec1n \u00e1nh s\u00e1ng. S\u1eed d\u1ee5ng Filter MCUV \u1edf v\u00f9ng n\u00fai cao ho\u1eb7c \u0111\u1ed9 cao..<\/span><\/p>\n<p><span style=\"font-size: 17px;\">\u2705 Gi\u00fap t\u0103ng kho\u1ea3ng c\u00e1ch ch\u1ee5p c\u1ee7a \u1ea3nh v\u00e0 c\u00f3 m\u1ed9t b\u1ee9c \u1ea3nh r\u00f5 r\u00e0ng h\u01a1n. \u0110\u1ed3ng th\u1eddi v\u1edbi ch\u1ea5t li\u1ec7u k\u00ednh ch\u1ed1ng x\u01b0\u1edbc, ch\u1ed1ng n\u01b0\u1edbc s\u1ebd gi\u00fap b\u1ea3o v\u1ec7 gimbal flycam c\u1ee7a b\u1ea1n.<\/span><\/p>\n<p><span style=\"font-size: 17px;\">.<\/span><\/p>\n<p><span style=\"font-size: 17px;\"><img loading=\"lazy\" decoding=\"async\" class=\"aligncenter wp-image-43333\" src=\"https:\/\/phukienflytech.vn\/wp-content\/uploads\/2022\/06\/Screenshot-2022-06-15-160654.png\" alt=\"\" width=\"850\" height=\"691\" srcset=\"https:\/\/phukienflytech.vn\/wp-content\/uploads\/2022\/06\/Screenshot-2022-06-15-160654.png 592w, https:\/\/phukienflytech.vn\/wp-content\/uploads\/2022\/06\/Screenshot-2022-06-15-160654-492x400.png 492w\" sizes=\"auto, (max-width: 850px) 100vw, 850px\" \/><\/span><\/p>\n<p><span style=\"font-size: 17px;\">.<\/span><\/p>\n<p><span style=\"font-size: 17px;\"><strong>\u2705 K\u00ednh l\u1ecdc MCUV Mavic Mini 3 \u2013 SunnyLife<\/strong>: UV l\u00e0 t\u1eeb vi\u1ebft t\u1eaft ti\u1ebfng Anh l\u00e0 (Utlra Violet), c\u00f3 ngh\u0129a l\u00e0 \u00e1nh s\u00e1ng c\u1ef1c t\u00edm. \u1ed0ng k\u00ednh UV c\u00f3 th\u1ec3 l\u1ecdc ra c\u00e1c tia c\u1ef1c t\u00edm c\u1ee7a \u00e1nh n\u1eafng m\u1eb7t tr\u1eddi. Mang \u0111\u1ebfn s\u1ef1 s\u1eafc n\u00e9t v\u00e0 kh\u00f4ng h\u01b0\u1edfng \u0111\u1ebfn s\u1ef1 c\u00e2n b\u1eb1ng m\u00e0u s\u1eafc. Filter b\u1ea3o v\u1ec7 \u1ed1ng k\u00ednh kh\u1ecfi b\u1ee5i, d\u1ea5u v\u00e2n tay v\u00e0 c\u00e1c va ch\u1ea1m kh\u00e1c ngo\u00e0i mong mu\u1ed1n.<\/span><\/p>\n<p><span style=\"font-size: 17px;\">.<\/span><\/p>\n<p><span style=\"font-size: 17px;\"><img loading=\"lazy\" decoding=\"async\" class=\"aligncenter wp-image-32590\" src=\"https:\/\/phukienflytech.vn\/wp-content\/uploads\/2020\/06\/8-11.jpg\" sizes=\"auto, (max-width: 850px) 100vw, 850px\" srcset=\"https:\/\/phukienflytech.vn\/wp-content\/uploads\/2020\/06\/8-11.jpg 1031w, https:\/\/phukienflytech.vn\/wp-content\/uploads\/2020\/06\/8-11-761x400.jpg 761w, https:\/\/phukienflytech.vn\/wp-content\/uploads\/2020\/06\/8-11-768x404.jpg 768w, https:\/\/phukienflytech.vn\/wp-content\/uploads\/2020\/06\/8-11-600x315.jpg 600w\" alt=\"filter-mcuv-mavic-mini-sunnylife-3\" width=\"850\" height=\"447\" \/><\/span><\/p>\n<p><span style=\"font-size: 17px;\">.<\/span><\/p>\n<h2><span style=\"font-size: 21px; color: #0000ff;\"><strong>H\u01b0\u1edbng d\u1eabn b\u1ea3o qu\u1ea3n :<\/strong><\/span><\/h2>\n<p><span style=\"font-size: 17px;\">\u2705 N\u00ean lau ch\u00f9i th\u01b0\u1eddng xuy\u00ean sau khi s\u1eed d\u1ee5ng xong.<\/span><\/p>\n<p><span style=\"font-size: 17px;\">\u2705 H\u1ea1n ch\u1ebf \u0111\u1ec3 v\u00e2n tay b\u00e1m tr\u00ean m\u1eb7t k\u00ednh g\u00e2y m\u1edd k\u00ednh.<\/span><\/p>\n<p><span style=\"font-size: 17px;\">\u2705 Tr\u00e1nh \u0111\u1ec3 c\u00e1c v\u1eadt n\u1eb7ng t\u00e1c \u0111\u1ed9ng m\u1ea1nh v\u00f4 k\u00ednh g\u00e2y x\u01b0\u1edbc, n\u1ee9t k\u00ednh.<\/span><\/p>\n<p><span style=\"font-size: 17px;\">.<\/span><\/p>\n<p><span style=\"font-size: 17px;\"><img loading=\"lazy\" decoding=\"async\" class=\"aligncenter wp-image-43343\" src=\"https:\/\/phukienflytech.vn\/wp-content\/uploads\/2022\/06\/Screenshot-2022-06-15-160814.png\" alt=\"filter-mcuv-mavic-mini-3-sunnylife\" width=\"850\" height=\"427\" srcset=\"https:\/\/phukienflytech.vn\/wp-content\/uploads\/2022\/06\/Screenshot-2022-06-15-160814.png 609w, https:\/\/phukienflytech.vn\/wp-content\/uploads\/2022\/06\/Screenshot-2022-06-15-160814-600x301.png 600w\" sizes=\"auto, (max-width: 850px) 100vw, 850px\" \/><\/span><\/p>\n<p><span style=\"font-size: 17px;\">.<\/span><\/p>\n<h2><span style=\"font-size: 17px;\"><strong>Mua ph\u1ee5 ki\u1ec7n Mavic Mini \u1edf \u0111\u00e2u?<\/strong><\/span><\/h2>\n<p><span style=\"font-size: 17px;\"><a href=\"https:\/\/phukienflytech.vn\/\" target=\"_blank\" rel=\"noopener\"><strong>Ph\u1ee5 ki\u1ec7n flycam gi\u00e1 t\u1ed1t<\/strong><\/a>\u00a0h\u00e2n h\u1ea1nh l\u00e0 \u0111\u01a1n v\u1ecb ph\u00e2n ph\u1ed1i ch\u00ednh h\u00e3ng c\u00e1c s\u1ea3n ph\u1ea9m c\u1ee7a Pgytech. T\u1edbi v\u1edbi ch\u00fang t\u00f4i, c\u00e1c b\u1ea1n s\u1ebd mua \u0111\u01b0\u1ee3c nh\u1eefng s\u1ea3n ph\u1ea9m ch\u00ednh h\u00e3ng v\u1edbi gi\u00e1 m\u1ed9t m\u1ee9c gi\u00e1 t\u1ed1t nh\u1ea5t tr\u00ean th\u1ecb tr\u01b0\u1eddng.<\/span><\/p>\n<p><span style=\"font-size: 17px;\">Kh\u00f4ng ch\u1ec9 nh\u1eefng s\u1ea3n ph\u1ea9m ph\u1ee5 ki\u1ec7n ch\u00ednh h\u00e3ng Mavic Mini. Ch\u00fang t\u00f4i c\u0169ng ph\u00e2n ph\u1ed1i c\u00e1c d\u00f2ng s\u1ea3n ph\u1ea9m ph\u1ee5 ki\u1ec7n c\u1ee7a DJI Mavic 2, DJI Phantom, DJI Spark,.. ch\u00ednh h\u00e3ng t\u1edbi t\u1eeb DJI, Pgytech v\u00e0 SunnyLife.<\/span><\/p>\n<p><span style=\"font-size: 17px;\">H\u00e3y \u0111\u1ebfn v\u1edbi ph\u1ee5 ki\u1ec7n flycam gi\u00e1 t\u1ed1t \u0111\u1ec3 c\u00f3 \u0111\u01b0\u1ee3c\u00a0 m\u1ee9c gi\u00e1 t\u1ed1t v\u00e0 ch\u1ea5t l\u01b0\u1ee3ng \u0111\u1ea3m b\u1ea3o.<\/span><\/p>\n<p><span style=\"font-size: 17px;\">&gt;&gt;&gt; Admin lu\u00f4n s\u1eb5n s\u00e0ng l\u1eafng nghe b\u1ea1n tr\u00ean :<strong>\u00a0<a href=\"https:\/\/fb.com\/phukienflycam\" target=\"_blank\" rel=\"noopener\">FANPAGE Facebook<\/a><\/strong><\/span><\/p>\n","protected":false},"excerpt":{"rendered":"<p>Filter MCUV Mavic Mini 3 \u2013 SunnyLife Filter MCUV Mavic Mini 3 \u2013 SunnyLife Ph\u1ee5 ki\u1ec7n kh\u00f4ng th\u1ec3 thi\u1ebfu v\u1edbi ng\u01b0\u1eddi d\u00f9ng Mini 3 . Gi\u1edbi thi\u1ec7u s\u1ea3n ph\u1ea9m: Filter MCUV Mavic Mini 3 B\u1ea1n l\u00e0 m\u1ed9t ng\u01b0\u1eddi th\u00edch quay film, ch\u1ee5p \u1ea3nh? B\u1ea1n lu\u00f4n mong mu\u1ed1n thu \u0111\u01b0\u1ee3c nh\u1eefng s\u1ea3n ph\u1ea9m c\u00f3 ch\u1ea5t l\u01b0\u1ee3ng &#8230;<\/p>\n","protected":false},"featured_media":43721,"comment_status":"open","ping_status":"closed","template":"","meta":{"_acf_changed":false},"product_brand":[],"product_cat":[],"product_tag":[],"class_list":{"0":"post-43651","1":"product","2":"type-product","3":"status-publish","4":"has-post-thumbnail","7":"first","8":"instock","9":"shipping-taxable","10":"purchasable","11":"product-type-simple"},"acf":[],"yoast_head":"<!-- This site is optimized with the Yoast SEO plugin v25.7 - https:\/\/yoast.com\/wordpress\/plugins\/seo\/ -->\n<title>Filter MCUV Mavic Mini 3 \u2013 SunnyLife - gi\u1ea3m thi\u1ec3u tia UV cho b\u1ee9c \u1ea3nh.<\/title>\n<meta name=\"description\" content=\"Filter MCUV Mavic Mini 3 \u2013 SunnyLife - gi\u1ea3m thi\u1ec3u tia UV cho b\u1ee9c \u1ea3nh. L\u00e0 gi\u1ea3i ph\u00e1p tuy\u1ec7t v\u1eddi cho nh\u1eefng ng\u00e0y c\u00f3 ch\u1ec9 s\u1ed1 UV cao\" \/>\n<meta name=\"robots\" content=\"index, follow, max-snippet:-1, max-image-preview:large, max-video-preview:-1\" \/>\n<link rel=\"canonical\" href=\"https:\/\/phukienflytech.vn\/en\/san-pham\/filter-mcuv-mavic-mini-3-sunnylife.html\" \/>\n<meta property=\"og:locale\" content=\"en_US\" \/>\n<meta property=\"og:type\" content=\"article\" \/>\n<meta property=\"og:title\" content=\"Filter MCUV Mavic Mini 3 \u2013 SunnyLife - gi\u1ea3m thi\u1ec3u tia UV cho b\u1ee9c \u1ea3nh.\" \/>\n<meta property=\"og:description\" content=\"Filter MCUV Mavic Mini 3 \u2013 SunnyLife - gi\u1ea3m thi\u1ec3u tia UV cho b\u1ee9c \u1ea3nh. L\u00e0 gi\u1ea3i ph\u00e1p tuy\u1ec7t v\u1eddi cho nh\u1eefng ng\u00e0y c\u00f3 ch\u1ec9 s\u1ed1 UV cao\" \/>\n<meta property=\"og:url\" content=\"https:\/\/phukienflytech.vn\/en\/san-pham\/filter-mcuv-mavic-mini-3-sunnylife.html\" \/>\n<meta property=\"og:site_name\" content=\"Shop M\u00e1y \u1ea3nh - Action Camera - Gimbal - Flycam - Ph\u1ee5 ki\u1ec7n\" \/>\n<meta property=\"article:publisher\" content=\"https:\/\/facebook.com\/phukienflycam\" \/>\n<meta property=\"article:modified_time\" content=\"2022-06-19T14:55:41+00:00\" \/>\n<meta property=\"og:image\" content=\"https:\/\/phukienflytech.vn\/wp-content\/uploads\/2022\/06\/ANH-8.png\" \/>\n\t<meta property=\"og:image:width\" content=\"735\" \/>\n\t<meta property=\"og:image:height\" content=\"738\" \/>\n\t<meta property=\"og:image:type\" content=\"image\/png\" \/>\n<meta name=\"twitter:card\" content=\"summary_large_image\" \/>\n<meta name=\"twitter:label1\" content=\"Est. reading time\" \/>\n\t<meta name=\"twitter:data1\" content=\"5 minutes\" \/>\n<script type=\"application\/ld+json\" class=\"yoast-schema-graph\">{\"@context\":\"https:\/\/schema.org\",\"@graph\":[{\"@type\":\"WebPage\",\"@id\":\"https:\/\/phukienflytech.vn\/en\/san-pham\/filter-mcuv-mavic-mini-3-sunnylife.html\",\"url\":\"https:\/\/phukienflytech.vn\/en\/san-pham\/filter-mcuv-mavic-mini-3-sunnylife.html\",\"name\":\"Filter MCUV Mavic Mini 3 \u2013 SunnyLife - gi\u1ea3m thi\u1ec3u tia UV cho b\u1ee9c \u1ea3nh.\",\"isPartOf\":{\"@id\":\"https:\/\/phukienflytech.vn\/#website\"},\"primaryImageOfPage\":{\"@id\":\"https:\/\/phukienflytech.vn\/en\/san-pham\/filter-mcuv-mavic-mini-3-sunnylife.html#primaryimage\"},\"image\":{\"@id\":\"https:\/\/phukienflytech.vn\/en\/san-pham\/filter-mcuv-mavic-mini-3-sunnylife.html#primaryimage\"},\"thumbnailUrl\":\"https:\/\/phukienflytech.vn\/wp-content\/uploads\/2022\/06\/ANH-8.png\",\"datePublished\":\"2022-06-16T07:59:22+00:00\",\"dateModified\":\"2022-06-19T14:55:41+00:00\",\"description\":\"Filter MCUV Mavic Mini 3 \u2013 SunnyLife - gi\u1ea3m thi\u1ec3u tia UV cho b\u1ee9c \u1ea3nh. L\u00e0 gi\u1ea3i ph\u00e1p tuy\u1ec7t v\u1eddi cho nh\u1eefng ng\u00e0y c\u00f3 ch\u1ec9 s\u1ed1 UV cao\",\"breadcrumb\":{\"@id\":\"https:\/\/phukienflytech.vn\/en\/san-pham\/filter-mcuv-mavic-mini-3-sunnylife.html#breadcrumb\"},\"inLanguage\":\"en-US\",\"potentialAction\":[{\"@type\":\"ReadAction\",\"target\":[\"https:\/\/phukienflytech.vn\/en\/san-pham\/filter-mcuv-mavic-mini-3-sunnylife.html\"]}]},{\"@type\":\"ImageObject\",\"inLanguage\":\"en-US\",\"@id\":\"https:\/\/phukienflytech.vn\/en\/san-pham\/filter-mcuv-mavic-mini-3-sunnylife.html#primaryimage\",\"url\":\"https:\/\/phukienflytech.vn\/wp-content\/uploads\/2022\/06\/ANH-8.png\",\"contentUrl\":\"https:\/\/phukienflytech.vn\/wp-content\/uploads\/2022\/06\/ANH-8.png\",\"width\":735,\"height\":738},{\"@type\":\"BreadcrumbList\",\"@id\":\"https:\/\/phukienflytech.vn\/en\/san-pham\/filter-mcuv-mavic-mini-3-sunnylife.html#breadcrumb\",\"itemListElement\":[{\"@type\":\"ListItem\",\"position\":1,\"name\":\"Home\",\"item\":\"https:\/\/phukienflytech.vn\/en\"},{\"@type\":\"ListItem\",\"position\":2,\"name\":\"Ph\u1ee5 ki\u1ec7n Mavic Pro\",\"item\":\"https:\/\/phukienflytech.vn\/en\/phu-kien-mavic-pro.html\"},{\"@type\":\"ListItem\",\"position\":3,\"name\":\"Ph\u1ee5 ki\u1ec7n DJI - Osmo\",\"item\":\"https:\/\/phukienflytech.vn\/danh-muc\/phu-kien-dji-osmo.html\"},{\"@type\":\"ListItem\",\"position\":4,\"name\":\"Ph\u1ee5 ki\u1ec7n flycam Mavic Mini\",\"item\":\"https:\/\/phukienflytech.vn\/danh-muc\/phu-kien-mavic-mini.html\"},{\"@type\":\"ListItem\",\"position\":5,\"name\":\"Filter MCUV Mavic Mini 3 \u2013 SunnyLife\"}]},{\"@type\":\"WebSite\",\"@id\":\"https:\/\/phukienflytech.vn\/#website\",\"url\":\"https:\/\/phukienflytech.vn\/\",\"name\":\"Shop M\u00e1y \u1ea3nh - Action Camera - Gimbal - Flycam - Ph\u1ee5 ki\u1ec7n\",\"description\":\"Shop M\u00e1y \u1ea3nh - Action Camera - Gimbal - Flycam - Ph\u1ee5 ki\u1ec7n\",\"publisher\":{\"@id\":\"https:\/\/phukienflytech.vn\/#organization\"},\"potentialAction\":[{\"@type\":\"SearchAction\",\"target\":{\"@type\":\"EntryPoint\",\"urlTemplate\":\"https:\/\/phukienflytech.vn\/?s={search_term_string}\"},\"query-input\":{\"@type\":\"PropertyValueSpecification\",\"valueRequired\":true,\"valueName\":\"search_term_string\"}}],\"inLanguage\":\"en-US\"},{\"@type\":\"Organization\",\"@id\":\"https:\/\/phukienflytech.vn\/#organization\",\"name\":\"DJI Store - Shop Drone, Action camera, Gimbal DJI |Phukienflytech\",\"alternateName\":\"DJI Store - Shop Drone, Action camera, Gimbal DJI |Phukienflytech\",\"url\":\"https:\/\/phukienflytech.vn\/\",\"logo\":{\"@type\":\"ImageObject\",\"inLanguage\":\"en-US\",\"@id\":\"https:\/\/phukienflytech.vn\/#\/schema\/logo\/image\/\",\"url\":\"https:\/\/phukienflytech.vn\/wp-content\/uploads\/2020\/05\/hAnh_nan.jpg1_.jpg\",\"contentUrl\":\"https:\/\/phukienflytech.vn\/wp-content\/uploads\/2020\/05\/hAnh_nan.jpg1_.jpg\",\"width\":800,\"height\":450,\"caption\":\"DJI Store - Shop Drone, Action camera, Gimbal DJI |Phukienflytech\"},\"image\":{\"@id\":\"https:\/\/phukienflytech.vn\/#\/schema\/logo\/image\/\"},\"sameAs\":[\"https:\/\/facebook.com\/phukienflycam\",\"https:\/\/www.youtube.com\/@phukienflytech\",\"https:\/\/www.tiktok.com\/@flytech.channel?fbclid=IwY2xjawGjg7BleHRuA2FlbQIxMAABHYVGmlXpuSMs0UB2zTpYvyT4GMVfN2qJa4urF4vkSQ6FAVBwXZtDP30qQA_aem_UwMiDcUvlEbd2tXAmsc8Og\"]}]}<\/script>\n<!-- \/ Yoast SEO plugin. -->","yoast_head_json":{"title":"Filter MCUV Mavic Mini 3 \u2013 SunnyLife - gi\u1ea3m thi\u1ec3u tia UV cho b\u1ee9c \u1ea3nh.","description":"Filter MCUV Mavic Mini 3 \u2013 SunnyLife - gi\u1ea3m thi\u1ec3u tia UV cho b\u1ee9c \u1ea3nh. L\u00e0 gi\u1ea3i ph\u00e1p tuy\u1ec7t v\u1eddi cho nh\u1eefng ng\u00e0y c\u00f3 ch\u1ec9 s\u1ed1 UV cao","robots":{"index":"index","follow":"follow","max-snippet":"max-snippet:-1","max-image-preview":"max-image-preview:large","max-video-preview":"max-video-preview:-1"},"canonical":"https:\/\/phukienflytech.vn\/en\/san-pham\/filter-mcuv-mavic-mini-3-sunnylife.html","og_locale":"en_US","og_type":"article","og_title":"Filter MCUV Mavic Mini 3 \u2013 SunnyLife - gi\u1ea3m thi\u1ec3u tia UV cho b\u1ee9c \u1ea3nh.","og_description":"Filter MCUV Mavic Mini 3 \u2013 SunnyLife - gi\u1ea3m thi\u1ec3u tia UV cho b\u1ee9c \u1ea3nh. L\u00e0 gi\u1ea3i ph\u00e1p tuy\u1ec7t v\u1eddi cho nh\u1eefng ng\u00e0y c\u00f3 ch\u1ec9 s\u1ed1 UV cao","og_url":"https:\/\/phukienflytech.vn\/en\/san-pham\/filter-mcuv-mavic-mini-3-sunnylife.html","og_site_name":"Shop M\u00e1y \u1ea3nh - Action Camera - Gimbal - Flycam - Ph\u1ee5 ki\u1ec7n","article_publisher":"https:\/\/facebook.com\/phukienflycam","article_modified_time":"2022-06-19T14:55:41+00:00","og_image":[{"width":735,"height":738,"url":"https:\/\/phukienflytech.vn\/wp-content\/uploads\/2022\/06\/ANH-8.png","type":"image\/png"}],"twitter_card":"summary_large_image","twitter_misc":{"Est. reading time":"5 minutes"},"schema":{"@context":"https:\/\/schema.org","@graph":[{"@type":"WebPage","@id":"https:\/\/phukienflytech.vn\/en\/san-pham\/filter-mcuv-mavic-mini-3-sunnylife.html","url":"https:\/\/phukienflytech.vn\/en\/san-pham\/filter-mcuv-mavic-mini-3-sunnylife.html","name":"Filter MCUV Mavic Mini 3 \u2013 SunnyLife - gi\u1ea3m thi\u1ec3u tia UV cho b\u1ee9c \u1ea3nh.","isPartOf":{"@id":"https:\/\/phukienflytech.vn\/#website"},"primaryImageOfPage":{"@id":"https:\/\/phukienflytech.vn\/en\/san-pham\/filter-mcuv-mavic-mini-3-sunnylife.html#primaryimage"},"image":{"@id":"https:\/\/phukienflytech.vn\/en\/san-pham\/filter-mcuv-mavic-mini-3-sunnylife.html#primaryimage"},"thumbnailUrl":"https:\/\/phukienflytech.vn\/wp-content\/uploads\/2022\/06\/ANH-8.png","datePublished":"2022-06-16T07:59:22+00:00","dateModified":"2022-06-19T14:55:41+00:00","description":"Filter MCUV Mavic Mini 3 \u2013 SunnyLife - gi\u1ea3m thi\u1ec3u tia UV cho b\u1ee9c \u1ea3nh. L\u00e0 gi\u1ea3i ph\u00e1p tuy\u1ec7t v\u1eddi cho nh\u1eefng ng\u00e0y c\u00f3 ch\u1ec9 s\u1ed1 UV cao","breadcrumb":{"@id":"https:\/\/phukienflytech.vn\/en\/san-pham\/filter-mcuv-mavic-mini-3-sunnylife.html#breadcrumb"},"inLanguage":"en-US","potentialAction":[{"@type":"ReadAction","target":["https:\/\/phukienflytech.vn\/en\/san-pham\/filter-mcuv-mavic-mini-3-sunnylife.html"]}]},{"@type":"ImageObject","inLanguage":"en-US","@id":"https:\/\/phukienflytech.vn\/en\/san-pham\/filter-mcuv-mavic-mini-3-sunnylife.html#primaryimage","url":"https:\/\/phukienflytech.vn\/wp-content\/uploads\/2022\/06\/ANH-8.png","contentUrl":"https:\/\/phukienflytech.vn\/wp-content\/uploads\/2022\/06\/ANH-8.png","width":735,"height":738},{"@type":"BreadcrumbList","@id":"https:\/\/phukienflytech.vn\/en\/san-pham\/filter-mcuv-mavic-mini-3-sunnylife.html#breadcrumb","itemListElement":[{"@type":"ListItem","position":1,"name":"Home","item":"https:\/\/phukienflytech.vn\/en"},{"@type":"ListItem","position":2,"name":"Ph\u1ee5 ki\u1ec7n Mavic Pro","item":"https:\/\/phukienflytech.vn\/en\/phu-kien-mavic-pro.html"},{"@type":"ListItem","position":3,"name":"Ph\u1ee5 ki\u1ec7n DJI - Osmo","item":"https:\/\/phukienflytech.vn\/danh-muc\/phu-kien-dji-osmo.html"},{"@type":"ListItem","position":4,"name":"Ph\u1ee5 ki\u1ec7n flycam Mavic Mini","item":"https:\/\/phukienflytech.vn\/danh-muc\/phu-kien-mavic-mini.html"},{"@type":"ListItem","position":5,"name":"Filter MCUV Mavic Mini 3 \u2013 SunnyLife"}]},{"@type":"WebSite","@id":"https:\/\/phukienflytech.vn\/#website","url":"https:\/\/phukienflytech.vn\/","name":"Shop M\u00e1y \u1ea3nh - Action Camera - Gimbal - Flycam - Ph\u1ee5 ki\u1ec7n","description":"Shop M\u00e1y \u1ea3nh - Action Camera - Gimbal - Flycam - Ph\u1ee5 ki\u1ec7n","publisher":{"@id":"https:\/\/phukienflytech.vn\/#organization"},"potentialAction":[{"@type":"SearchAction","target":{"@type":"EntryPoint","urlTemplate":"https:\/\/phukienflytech.vn\/?s={search_term_string}"},"query-input":{"@type":"PropertyValueSpecification","valueRequired":true,"valueName":"search_term_string"}}],"inLanguage":"en-US"},{"@type":"Organization","@id":"https:\/\/phukienflytech.vn\/#organization","name":"DJI Store - Shop Drone, Action camera, Gimbal DJI |Phukienflytech","alternateName":"DJI Store - Shop Drone, Action camera, Gimbal DJI |Phukienflytech","url":"https:\/\/phukienflytech.vn\/","logo":{"@type":"ImageObject","inLanguage":"en-US","@id":"https:\/\/phukienflytech.vn\/#\/schema\/logo\/image\/","url":"https:\/\/phukienflytech.vn\/wp-content\/uploads\/2020\/05\/hAnh_nan.jpg1_.jpg","contentUrl":"https:\/\/phukienflytech.vn\/wp-content\/uploads\/2020\/05\/hAnh_nan.jpg1_.jpg","width":800,"height":450,"caption":"DJI Store - Shop Drone, Action camera, Gimbal DJI |Phukienflytech"},"image":{"@id":"https:\/\/phukienflytech.vn\/#\/schema\/logo\/image\/"},"sameAs":["https:\/\/facebook.com\/phukienflycam","https:\/\/www.youtube.com\/@phukienflytech","https:\/\/www.tiktok.com\/@flytech.channel?fbclid=IwY2xjawGjg7BleHRuA2FlbQIxMAABHYVGmlXpuSMs0UB2zTpYvyT4GMVfN2qJa4urF4vkSQ6FAVBwXZtDP30qQA_aem_UwMiDcUvlEbd2tXAmsc8Og"]}]}},"_links":{"self":[{"href":"https:\/\/phukienflytech.vn\/en\/wp-json\/wp\/v2\/product\/43651","targetHints":{"allow":["GET"]}}],"collection":[{"href":"https:\/\/phukienflytech.vn\/en\/wp-json\/wp\/v2\/product"}],"about":[{"href":"https:\/\/phukienflytech.vn\/en\/wp-json\/wp\/v2\/types\/product"}],"replies":[{"embeddable":true,"href":"https:\/\/phukienflytech.vn\/en\/wp-json\/wp\/v2\/comments?post=43651"}],"wp:featuredmedia":[{"embeddable":true,"href":"https:\/\/phukienflytech.vn\/en\/wp-json\/wp\/v2\/media\/43721"}],"wp:attachment":[{"href":"https:\/\/phukienflytech.vn\/en\/wp-json\/wp\/v2\/media?parent=43651"}],"wp:term":[{"taxonomy":"product_brand","embeddable":true,"href":"https:\/\/phukienflytech.vn\/en\/wp-json\/wp\/v2\/product_brand?post=43651"},{"taxonomy":"product_cat","embeddable":true,"href":"https:\/\/phukienflytech.vn\/en\/wp-json\/wp\/v2\/product_cat?post=43651"},{"taxonomy":"product_tag","embeddable":true,"href":"https:\/\/phukienflytech.vn\/en\/wp-json\/wp\/v2\/product_tag?post=43651"}],"curies":[{"name":"wp","href":"https:\/\/api.w.org\/{rel}","templated":true}]}}