{"id":44059,"date":"2022-05-04T15:31:14","date_gmt":"2022-05-04T08:31:14","guid":{"rendered":"https:\/\/phukienflytech.vn\/san-pham\/hub-sac-mavic-3-like-new-hang-chinh-hang-dji.html"},"modified":"2026-02-11T15:07:52","modified_gmt":"2026-02-11T08:07:52","slug":"hub-sac-mavic-3-like-new-hang-chinh-hang-dji","status":"publish","type":"product","link":"https:\/\/phukienflytech.vn\/en\/san-pham\/hub-sac-mavic-3-like-new-hang-chinh-hang-dji.html","title":{"rendered":"Hub s\u1ea1c Mavic 3 Like new &#8211; H\u00e0ng ch\u00ednh h\u00e3ng DJI"},"content":{"rendered":"<h2><span style=\"font-size: 20px; color: #0000ff;\"><strong>Hub s\u1ea1c Mavic 3 Like new &#8211; H\u00e0ng ch\u00ednh h\u00e3ng DJI<\/strong> <\/span><\/h2>\n<p><span style=\"font-size: 17px;\">Hub s\u1ea1c mavic 3 c\u0169\u00a0<\/span><\/p>\n<p><span style=\"font-size: 17px;\">.<\/span><\/p>\n<p><img loading=\"lazy\" decoding=\"async\" class=\"aligncenter wp-image-41765 size-full\" src=\"https:\/\/phukienflytech.vn\/wp-content\/uploads\/2022\/05\/Picture5-1.jpg\" alt=\"Hub s\u1ea1c Mavic 3 c\u0169 \" width=\"850\" height=\"255\" srcset=\"https:\/\/phukienflytech.vn\/wp-content\/uploads\/2022\/05\/Picture5-1.jpg 850w, https:\/\/phukienflytech.vn\/wp-content\/uploads\/2022\/05\/Picture5-1-800x240.jpg 800w, https:\/\/phukienflytech.vn\/wp-content\/uploads\/2022\/05\/Picture5-1-768x230.jpg 768w, https:\/\/phukienflytech.vn\/wp-content\/uploads\/2022\/05\/Picture5-1-600x180.jpg 600w\" sizes=\"auto, (max-width: 850px) 100vw, 850px\" \/><\/p>\n<p><span style=\"font-size: 17px;\">.<\/span><\/p>\n<h2><span style=\"font-size: 20px; color: #0000ff;\"><strong>Gi\u1edbi thi\u1ec7u v\u1ec1 : Hub s\u1ea1c Mavic 3 C\u0169 \u2013 ch\u00ednh h\u00e3ng DJI\u00a0<\/strong><\/span><\/h2>\n<p><span style=\"font-size: 17px;\">Trong m\u1ed7i b\u1ed9 s\u1ea3n ph\u1ea7m Flycam \u0111\u1ec1u c\u00f3 duy nh\u1ea5t 1 b\u1ed9 s\u1ea1c zin \u0111i k\u00e8m theo m\u00e1y v\u00e0 pin. Tuy nhi\u00ean sau m\u1ed9t th\u1eddi gian s\u1eed d\u1ee5ng, ng\u01b0\u1eddi d\u00f9ng s\u1ebd g\u1eb7p ph\u1ea3i nh\u1eefng v\u1ea5n \u0111\u1ec1 nh\u01b0 h\u1ecfng d\u00e2y s\u1ea1c, ch\u00e1y ngu\u1ed3n s\u1ea1c, \u2026 V\u1eady gi\u1ea3i ph\u00e1p \u1edf \u0111\u00e2y ch\u00ednh l\u00e0 b\u1ed9 Hub s\u1ea1c DJI Mavic 3 Likenew s\u1ebd h\u1ed7 tr\u1ee3 cho b\u1ea1n trong nh\u1eefng tr\u01b0\u1eddng h\u1ee3p \u0111\u00f3.<\/span><\/p>\n<p><span style=\"font-size: 17px;\">.<\/span><\/p>\n<p><img loading=\"lazy\" decoding=\"async\" class=\"aligncenter wp-image-41773 size-full\" src=\"https:\/\/phukienflytech.vn\/wp-content\/uploads\/2022\/05\/Picture4-1.jpg\" alt=\"Hub s\u1ea1c Mavic 3 c\u0169 \" width=\"850\" height=\"373\" srcset=\"https:\/\/phukienflytech.vn\/wp-content\/uploads\/2022\/05\/Picture4-1.jpg 850w, https:\/\/phukienflytech.vn\/wp-content\/uploads\/2022\/05\/Picture4-1-800x351.jpg 800w, https:\/\/phukienflytech.vn\/wp-content\/uploads\/2022\/05\/Picture4-1-768x337.jpg 768w, https:\/\/phukienflytech.vn\/wp-content\/uploads\/2022\/05\/Picture4-1-600x263.jpg 600w\" sizes=\"auto, (max-width: 850px) 100vw, 850px\" \/><\/p>\n<p><span style=\"font-size: 17px;\">.<\/span><\/p>\n<h2><span style=\"font-size: 20px; color: #0000ff;\"><strong>Th\u00f4ng s\u1ed1 Hub s<\/strong><strong>\u1ea1c Mavic 3 C\u0169 \u2013 DJI\u00a0<\/strong><\/span><\/h2>\n<p><span style=\"font-size: 17px;\">\u2705 S\u1ea3n ph\u1ea9m ch\u00ednh h\u00e3ng DJI<\/span><\/p>\n<p><span style=\"font-size: 17px;\">\u2705 Ph\u00f9 h\u1ee3p v\u1edbi DJI Mavic 3 \/ Mavic 3 Cine\u00a0<\/span><\/p>\n<p><span style=\"font-size: 17px;\">\u2705 Input: 13.2 V, 0-5 A<\/span><\/p>\n<p><span style=\"font-size: 17px;\">\u2705 V\u1ecf ngo\u00e0i b\u1eb1ng nh\u1ef1a cao c\u1ea5p<\/span><\/p>\n<p><span style=\"font-size: 17px;\">\u2705 Th\u1eddi gian s\u1ea1c : 1 gi\u1edd 36 Ph\u00fat \/ vi\u00ean<\/span><\/p>\n<div class=\"font-sm block-summary\"><span style=\"font-size: 17px;\">.<\/span><\/div>\n<div><img loading=\"lazy\" decoding=\"async\" class=\"aligncenter wp-image-41771 size-full\" src=\"https:\/\/phukienflytech.vn\/wp-content\/uploads\/2022\/05\/Picture3-2.jpg\" alt=\"Hub s\u1ea1c Mavic 3 c\u0169 \" width=\"850\" height=\"325\" srcset=\"https:\/\/phukienflytech.vn\/wp-content\/uploads\/2022\/05\/Picture3-2.jpg 850w, https:\/\/phukienflytech.vn\/wp-content\/uploads\/2022\/05\/Picture3-2-800x306.jpg 800w, https:\/\/phukienflytech.vn\/wp-content\/uploads\/2022\/05\/Picture3-2-768x294.jpg 768w, https:\/\/phukienflytech.vn\/wp-content\/uploads\/2022\/05\/Picture3-2-600x229.jpg 600w\" sizes=\"auto, (max-width: 850px) 100vw, 850px\" \/><\/div>\n<div>.<\/div>\n<div>\n<h2><span style=\"font-size: 20px; color: #0000ff;\"><strong>Ch\u00ednh s\u00e1ch b\u1ea3o h\u00e0nh Hub s<\/strong><strong>\u1ea1c Mavic 3 Like new<\/strong><\/span><\/h2>\n<p><span style=\"font-size: 17px;\">.<\/span><\/p>\n<\/div>\n<p><span style=\"font-size: 17px;\"><img loading=\"lazy\" decoding=\"async\" class=\"aligncenter\" src=\"https:\/\/phukienflytech.vn\/wp-content\/uploads\/2022\/04\/Picture6.png\" alt=\"Hub s\u1ea1c Spark c\u0169\" width=\"850\" height=\"298\" \/><\/span><\/p>\n<p><span style=\"font-size: 17px;\">.<\/span><\/p>\n<p><span style=\"font-size: 17px;\">&gt;&gt; Xem th\u00eam t\u1ea1i \u0111\u00e2y: <span style=\"color: #0000ff;\"><a style=\"color: #0000ff;\" href=\"https:\/\/phukienflytech.vn\/danh-muc\/phu-kien-mavic-3.html\"><strong>Ph\u1ee5 ki\u1ec7n Mavic 3<\/strong><\/a><\/span><\/span><\/p>\n<h2><span style=\"font-size: 20px; color: #0000ff;\"><strong>H\u01b0\u1edbng d\u1eabn b\u1ea3o qu\u1ea3n\u00a0<\/strong><\/span><\/h2>\n<p><span style=\"font-size: 17px;\">\u2705 Tr\u00e1nh va \u0111\u1eadp m\u1ea1nh<\/span><br \/>\n<span style=\"font-size: 17px;\">\u2705 S\u1eed d\u1ee5ng theo s\u00e1ch h\u01b0\u1edbng d\u1eabn tr\u00e1nh h\u1ecfng s\u1ea3n ph\u1ea9m<\/span><br \/>\n<span style=\"font-size: 17px;\">\u2705 Kh\u00f4ng \u0111\u1ec3 s\u1ea1c ti\u1ebfp x\u00fac v\u1edbi l\u1eeda<\/span><\/p>\n<p><span style=\"font-size: 17px;\">.<\/span><\/p>\n<p><img loading=\"lazy\" decoding=\"async\" class=\"aligncenter size-full wp-image-41767\" src=\"https:\/\/phukienflytech.vn\/wp-content\/uploads\/2022\/05\/Picture6-1.jpg\" alt=\"\" width=\"850\" height=\"457\" srcset=\"https:\/\/phukienflytech.vn\/wp-content\/uploads\/2022\/05\/Picture6-1.jpg 850w, https:\/\/phukienflytech.vn\/wp-content\/uploads\/2022\/05\/Picture6-1-744x400.jpg 744w, https:\/\/phukienflytech.vn\/wp-content\/uploads\/2022\/05\/Picture6-1-768x413.jpg 768w, https:\/\/phukienflytech.vn\/wp-content\/uploads\/2022\/05\/Picture6-1-600x323.jpg 600w\" sizes=\"auto, (max-width: 850px) 100vw, 850px\" \/><\/p>\n<p><span style=\"font-size: 17px;\">.<\/span><\/p>\n<h2><span style=\"font-size: 20px; color: #0000ff;\"><strong>Ch\u00ednh s\u00e1ch cam k\u1ebft s\u1ea3n ph\u1ea9m Hub s<\/strong><strong>\u1ea1c DJI Mavic 3 C\u0169<\/strong><\/span><\/h2>\n<p><span style=\"font-size: 17px;\"><strong>1 \u2013 D\u1ecbch v\u1ee5 s\u1eeda ch\u1eefa chuy\u00ean nghi\u1ec7p<\/strong><\/span><\/p>\n<p><span style=\"font-size: 17px;\">C\u00e1c s\u1ea3n ph\u1ea9m Pin Like New \u0111\u01b0\u1ee3c b\u00e1n t\u1ea1i Phukienflytech s\u1ebd \u0111\u01b0\u1ee3c b\u1ea3o h\u00e0nh theo c\u00e1c ch\u00ednh s\u00e1ch b\u1ea3o h\u00e0nh c\u1ee7a shop. Nh\u00e2n vi\u00ean k\u1ef9 thu\u1eadt s\u1ebd h\u1ed7 tr\u1ee3 b\u1ea1n trong su\u1ed1t qu\u00e1 tr\u00ecnh mua h\u00e0ng, \u0111\u1eb7c bi\u1ec7t n\u1ebfu b\u1ea1n l\u00e0 m\u1ed9t ng\u01b0\u1eddi ch\u01a1i Flycam m\u1edbi, nh\u00e2n vi\u00ean s\u1ebd h\u01b0\u1edbng d\u1eabn b\u1ea1n c\u00e1c thao t\u00e1c c\u01a1 b\u1ea3n \u0111\u1ec3 s\u1eed d\u1ee5ng s\u1ea3n ph\u1ea9m<\/span><\/p>\n<p>.<\/p>\n<p><span style=\"font-size: 17px; color: #282828;\"><img loading=\"lazy\" decoding=\"async\" class=\"aligncenter size-full wp-image-41392\" src=\"https:\/\/phukienflytech.vn\/wp-content\/uploads\/2022\/04\/phukienflytech-1.jpg\" sizes=\"auto, (max-width: 850px) 100vw, 850px\" srcset=\"https:\/\/phukienflytech.vn\/wp-content\/uploads\/2022\/04\/phukienflytech-1.jpg 850w, https:\/\/phukienflytech.vn\/wp-content\/uploads\/2022\/04\/phukienflytech-1-800x305.jpg 800w, https:\/\/phukienflytech.vn\/wp-content\/uploads\/2022\/04\/phukienflytech-1-768x293.jpg 768w, https:\/\/phukienflytech.vn\/wp-content\/uploads\/2022\/04\/phukienflytech-1-600x229.jpg 600w\" alt=\"\" width=\"850\" height=\"324\" \/><\/span><\/p>\n<p>.<\/p>\n<p><span style=\"font-size: 17px;\"><strong>2 \u2013 \u0110\u1ea7y \u0111\u1ee7 linh ki\u1ec7n thay th\u1ebf ch\u00ednh h\u00e3ng<\/strong><\/span><\/p>\n<p><span style=\"font-size: 17px;\">V\u1edbi cam k\u1ebft h\u00e0ng ch\u00ednh h\u00e3ng DJI, ph\u1ee5 ki\u1ec7n thay th\u1ebf ho\u00e0n to\u00e0n \u0111\u1ea3m b\u1ea3o an to\u00e0n sau khi s\u1eeda m\u00e1y v\u00e0 b\u1ea3o h\u00e0nh 6 th\u00e1ng khi c\u00f3 l\u1ed7i v\u1ec1 k\u1ef9 thu\u1eadt<\/span><\/p>\n<p>.<\/p>\n<p><img loading=\"lazy\" decoding=\"async\" class=\"aligncenter size-full wp-image-41394\" style=\"color: #282828; font-size: 17px;\" src=\"https:\/\/phukienflytech.vn\/wp-content\/uploads\/2022\/04\/phukienflytech-2.jpg\" sizes=\"auto, (max-width: 850px) 100vw, 850px\" srcset=\"https:\/\/phukienflytech.vn\/wp-content\/uploads\/2022\/04\/phukienflytech-2.jpg 850w, https:\/\/phukienflytech.vn\/wp-content\/uploads\/2022\/04\/phukienflytech-2-613x400.jpg 613w, https:\/\/phukienflytech.vn\/wp-content\/uploads\/2022\/04\/phukienflytech-2-768x501.jpg 768w, https:\/\/phukienflytech.vn\/wp-content\/uploads\/2022\/04\/phukienflytech-2-600x392.jpg 600w\" alt=\"\" width=\"850\" height=\"555\" \/><\/p>\n<p>.<\/p>\n<p><span style=\"font-size: 17px;\"><strong>3 \u2013 Cam k\u1ebft c\u1ee7a ch\u00fang t\u00f4i: Ph\u1ee5 ki\u1ec7n Flytech Vi\u1ec7t Nam<\/strong><\/span><\/p>\n<ul>\n<li><span style=\"font-size: 17px;\">S\u1ea3n ph\u1ea9m \u0111\u01b0\u1ee3c test \u00e1p su\u1ea5t m\u00e1y c\u0169ng nh\u01b0 to\u00e0n b\u1ed9 ph\u1ea7n c\u1ee9ng, ph\u1ea7n m\u1ec1m tr\u01b0\u1edbc khi \u0111\u01b0\u1ee3c nh\u1eadp v\u00e0 kinh doanh t\u1ea1i Vi\u1ec7t Nam<\/span><\/li>\n<li><span style=\"font-size: 17px;\">S\u1ea3n ph\u1ea9m \u0111\u1ea1t chu\u1ea9n Like New 95%-99%<\/span><\/li>\n<li><span style=\"font-size: 17px;\">S\u1ea3n ph\u1ea9m kh\u00f4ng c\u00f3 b\u1ea5t k\u1ef3 1 l\u1ed7i do qu\u00e1 tr\u00ecnh s\u1eed d\u1ee5ng tr\u01b0\u1edbc \u0111\u00f3<\/span><\/li>\n<\/ul>\n<p><span style=\"font-size: 17px;\">.<\/span><\/p>\n<p style=\"text-align: center;\"><iframe loading=\"lazy\" src=\"\/\/www.youtube.com\/embed\/n7PKj8q7cQ8\" width=\"850\" height=\"477\" allowfullscreen=\"allowfullscreen\"><\/iframe><\/p>\n<p>.<\/p>\n<p><span style=\"font-size: 17px;\">H\u00e3y li\u00ean h\u1ec7 tr\u1ef1c ti\u1ebfp v\u1edbi\u00a0 Ph\u1ee5 ki\u1ec7n Flytech qua s\u1ed1 \u0111i\u1ec7n tho\u1ea1i:\u00a0<strong>0866.781.866<\/strong><\/span><\/p>\n<p><span style=\"font-size: 17px;\">FanPage Facebook :\u00a0<a href=\"https:\/\/www.facebook.com\/phukienflycam\/?ref=pages_you_manage\" target=\"_blank\" rel=\"noopener\"><strong>Ph\u1ee5 Ki\u1ec7n FlyTech<\/strong><\/a><\/span><\/p>\n<p><span style=\"font-size: 17px;\">Ch\u00fang t\u00f4i cam k\u1ebft mang s\u1ea3n ph\u1ea9m t\u1edbi tay c\u00e1c b\u1ea1n v\u1edbi m\u1ed9t m\u1ee9c gi\u00e1 c\u00f9ng ch\u1ea5t l\u01b0\u1ee3ng tuy\u1ec7t v\u1eddi nh\u1ea5t.<\/span><\/p>\n","protected":false},"excerpt":{"rendered":"<ul>\n<li>B\u1ea3o h\u00e0nh 6 th\u00e1ng ph\u1ea7n c\u1ee9ng<\/li>\n<li>\u0110\u1ed5i m\u1edbi trong 7 ng\u00e0y n\u1ebfu c\u00f3 l\u1ed7i NSX<\/li>\n<li>H\u1ed7 tr\u1ee3 thu c\u0169 \u0111\u1ed5i m\u1edbi tr\u1ecdn \u0111\u1eddi<\/li>\n<li>T\u1eb7ng voucher 50.000 VND<\/li>\n<\/ul>\n","protected":false},"featured_media":41770,"comment_status":"open","ping_status":"closed","template":"","meta":{"_acf_changed":false},"product_brand":[],"product_cat":[],"product_tag":[],"class_list":{"0":"post-44059","1":"product","2":"type-product","3":"status-publish","4":"has-post-thumbnail","7":"first","8":"instock","9":"sale","10":"shipping-taxable","11":"purchasable","12":"product-type-simple"},"acf":[],"yoast_head":"<!-- This site is optimized with the Yoast SEO plugin v25.7 - https:\/\/yoast.com\/wordpress\/plugins\/seo\/ -->\n<title>Hub s\u1ea1c Mavic 3 c\u0169 - H\u00e0ng ch\u00ednh h\u00e3ng DJI<\/title>\n<meta name=\"description\" content=\"Hub s\u1ea1c Mavic 3 c\u0169 - H\u00e0ng ch\u00ednh h\u00e3ng DJI - Hub s\u1ea1c Like New - Ship COD - B\u1ea3o h\u00e0nh 6 th\u00e1ng t\u1ea1i Ph\u1ee5 ki\u1ec7n Flytech Vi\u1ec7t Nam\" \/>\n<meta name=\"robots\" content=\"index, follow, max-snippet:-1, max-image-preview:large, max-video-preview:-1\" \/>\n<link rel=\"canonical\" href=\"https:\/\/phukienflytech.vn\/en\/san-pham\/hub-sac-mavic-3-like-new-hang-chinh-hang-dji.html\" \/>\n<meta property=\"og:locale\" content=\"en_US\" \/>\n<meta property=\"og:type\" content=\"article\" \/>\n<meta property=\"og:title\" content=\"Hub s\u1ea1c Mavic 3 c\u0169 - H\u00e0ng ch\u00ednh h\u00e3ng DJI\" \/>\n<meta property=\"og:description\" content=\"Hub s\u1ea1c Mavic 3 c\u0169 - H\u00e0ng ch\u00ednh h\u00e3ng DJI - Hub s\u1ea1c Like New - Ship COD - B\u1ea3o h\u00e0nh 6 th\u00e1ng t\u1ea1i Ph\u1ee5 ki\u1ec7n Flytech Vi\u1ec7t Nam\" \/>\n<meta property=\"og:url\" content=\"https:\/\/phukienflytech.vn\/en\/san-pham\/hub-sac-mavic-3-like-new-hang-chinh-hang-dji.html\" \/>\n<meta property=\"og:site_name\" content=\"Shop M\u00e1y \u1ea3nh - Action Camera - Gimbal - Flycam - Ph\u1ee5 ki\u1ec7n\" \/>\n<meta property=\"article:publisher\" content=\"https:\/\/facebook.com\/phukienflycam\" \/>\n<meta property=\"article:modified_time\" content=\"2026-02-11T08:07:52+00:00\" \/>\n<meta property=\"og:image\" content=\"https:\/\/phukienflytech.vn\/wp-content\/uploads\/2022\/05\/Picture7-1.png\" \/>\n\t<meta property=\"og:image:width\" content=\"600\" \/>\n\t<meta property=\"og:image:height\" content=\"599\" \/>\n\t<meta property=\"og:image:type\" content=\"image\/png\" \/>\n<meta name=\"twitter:card\" content=\"summary_large_image\" \/>\n<meta name=\"twitter:label1\" content=\"Est. reading time\" \/>\n\t<meta name=\"twitter:data1\" content=\"4 minutes\" \/>\n<script type=\"application\/ld+json\" class=\"yoast-schema-graph\">{\"@context\":\"https:\/\/schema.org\",\"@graph\":[{\"@type\":\"WebPage\",\"@id\":\"https:\/\/phukienflytech.vn\/en\/san-pham\/hub-sac-mavic-3-like-new-hang-chinh-hang-dji.html\",\"url\":\"https:\/\/phukienflytech.vn\/en\/san-pham\/hub-sac-mavic-3-like-new-hang-chinh-hang-dji.html\",\"name\":\"Hub s\u1ea1c Mavic 3 c\u0169 - H\u00e0ng ch\u00ednh h\u00e3ng DJI\",\"isPartOf\":{\"@id\":\"https:\/\/phukienflytech.vn\/#website\"},\"primaryImageOfPage\":{\"@id\":\"https:\/\/phukienflytech.vn\/en\/san-pham\/hub-sac-mavic-3-like-new-hang-chinh-hang-dji.html#primaryimage\"},\"image\":{\"@id\":\"https:\/\/phukienflytech.vn\/en\/san-pham\/hub-sac-mavic-3-like-new-hang-chinh-hang-dji.html#primaryimage\"},\"thumbnailUrl\":\"https:\/\/phukienflytech.vn\/wp-content\/uploads\/2022\/05\/Picture7-1.png\",\"datePublished\":\"2022-05-04T08:31:14+00:00\",\"dateModified\":\"2026-02-11T08:07:52+00:00\",\"description\":\"Hub s\u1ea1c Mavic 3 c\u0169 - H\u00e0ng ch\u00ednh h\u00e3ng DJI - Hub s\u1ea1c Like New - Ship COD - B\u1ea3o h\u00e0nh 6 th\u00e1ng t\u1ea1i Ph\u1ee5 ki\u1ec7n Flytech Vi\u1ec7t Nam\",\"breadcrumb\":{\"@id\":\"https:\/\/phukienflytech.vn\/en\/san-pham\/hub-sac-mavic-3-like-new-hang-chinh-hang-dji.html#breadcrumb\"},\"inLanguage\":\"en-US\",\"potentialAction\":[{\"@type\":\"ReadAction\",\"target\":[\"https:\/\/phukienflytech.vn\/en\/san-pham\/hub-sac-mavic-3-like-new-hang-chinh-hang-dji.html\"]}]},{\"@type\":\"ImageObject\",\"inLanguage\":\"en-US\",\"@id\":\"https:\/\/phukienflytech.vn\/en\/san-pham\/hub-sac-mavic-3-like-new-hang-chinh-hang-dji.html#primaryimage\",\"url\":\"https:\/\/phukienflytech.vn\/wp-content\/uploads\/2022\/05\/Picture7-1.png\",\"contentUrl\":\"https:\/\/phukienflytech.vn\/wp-content\/uploads\/2022\/05\/Picture7-1.png\",\"width\":600,\"height\":599},{\"@type\":\"BreadcrumbList\",\"@id\":\"https:\/\/phukienflytech.vn\/en\/san-pham\/hub-sac-mavic-3-like-new-hang-chinh-hang-dji.html#breadcrumb\",\"itemListElement\":[{\"@type\":\"ListItem\",\"position\":1,\"name\":\"Home\",\"item\":\"https:\/\/phukienflytech.vn\/en\"},{\"@type\":\"ListItem\",\"position\":2,\"name\":\"Ph\u1ee5 ki\u1ec7n Mavic Pro\",\"item\":\"https:\/\/phukienflytech.vn\/en\/phu-kien-mavic-pro.html\"},{\"@type\":\"ListItem\",\"position\":3,\"name\":\"Ph\u1ee5 ki\u1ec7n DJI - Osmo\",\"item\":\"https:\/\/phukienflytech.vn\/danh-muc\/phu-kien-dji-osmo.html\"},{\"@type\":\"ListItem\",\"position\":4,\"name\":\"Ph\u1ee5 ki\u1ec7n mavic 3\",\"item\":\"https:\/\/phukienflytech.vn\/danh-muc\/phu-kien-mavic-3.html\"},{\"@type\":\"ListItem\",\"position\":5,\"name\":\"Hub s\u1ea1c Mavic 3 Like new &#8211; H\u00e0ng ch\u00ednh h\u00e3ng DJI\"}]},{\"@type\":\"WebSite\",\"@id\":\"https:\/\/phukienflytech.vn\/#website\",\"url\":\"https:\/\/phukienflytech.vn\/\",\"name\":\"Shop M\u00e1y \u1ea3nh - Action Camera - Gimbal - Flycam - Ph\u1ee5 ki\u1ec7n\",\"description\":\"Shop M\u00e1y \u1ea3nh - Action Camera - Gimbal - Flycam - Ph\u1ee5 ki\u1ec7n\",\"publisher\":{\"@id\":\"https:\/\/phukienflytech.vn\/#organization\"},\"potentialAction\":[{\"@type\":\"SearchAction\",\"target\":{\"@type\":\"EntryPoint\",\"urlTemplate\":\"https:\/\/phukienflytech.vn\/?s={search_term_string}\"},\"query-input\":{\"@type\":\"PropertyValueSpecification\",\"valueRequired\":true,\"valueName\":\"search_term_string\"}}],\"inLanguage\":\"en-US\"},{\"@type\":\"Organization\",\"@id\":\"https:\/\/phukienflytech.vn\/#organization\",\"name\":\"DJI Store - Shop Drone, Action camera, Gimbal DJI |Phukienflytech\",\"alternateName\":\"DJI Store - Shop Drone, Action camera, Gimbal DJI |Phukienflytech\",\"url\":\"https:\/\/phukienflytech.vn\/\",\"logo\":{\"@type\":\"ImageObject\",\"inLanguage\":\"en-US\",\"@id\":\"https:\/\/phukienflytech.vn\/#\/schema\/logo\/image\/\",\"url\":\"https:\/\/phukienflytech.vn\/wp-content\/uploads\/2020\/05\/hAnh_nan.jpg1_.jpg\",\"contentUrl\":\"https:\/\/phukienflytech.vn\/wp-content\/uploads\/2020\/05\/hAnh_nan.jpg1_.jpg\",\"width\":800,\"height\":450,\"caption\":\"DJI Store - Shop Drone, Action camera, Gimbal DJI |Phukienflytech\"},\"image\":{\"@id\":\"https:\/\/phukienflytech.vn\/#\/schema\/logo\/image\/\"},\"sameAs\":[\"https:\/\/facebook.com\/phukienflycam\",\"https:\/\/www.youtube.com\/@phukienflytech\",\"https:\/\/www.tiktok.com\/@flytech.channel?fbclid=IwY2xjawGjg7BleHRuA2FlbQIxMAABHYVGmlXpuSMs0UB2zTpYvyT4GMVfN2qJa4urF4vkSQ6FAVBwXZtDP30qQA_aem_UwMiDcUvlEbd2tXAmsc8Og\"]}]}<\/script>\n<!-- \/ Yoast SEO plugin. -->","yoast_head_json":{"title":"Hub s\u1ea1c Mavic 3 c\u0169 - H\u00e0ng ch\u00ednh h\u00e3ng DJI","description":"Hub s\u1ea1c Mavic 3 c\u0169 - H\u00e0ng ch\u00ednh h\u00e3ng DJI - Hub s\u1ea1c Like New - Ship COD - B\u1ea3o h\u00e0nh 6 th\u00e1ng t\u1ea1i Ph\u1ee5 ki\u1ec7n Flytech Vi\u1ec7t Nam","robots":{"index":"index","follow":"follow","max-snippet":"max-snippet:-1","max-image-preview":"max-image-preview:large","max-video-preview":"max-video-preview:-1"},"canonical":"https:\/\/phukienflytech.vn\/en\/san-pham\/hub-sac-mavic-3-like-new-hang-chinh-hang-dji.html","og_locale":"en_US","og_type":"article","og_title":"Hub s\u1ea1c Mavic 3 c\u0169 - H\u00e0ng ch\u00ednh h\u00e3ng DJI","og_description":"Hub s\u1ea1c Mavic 3 c\u0169 - H\u00e0ng ch\u00ednh h\u00e3ng DJI - Hub s\u1ea1c Like New - Ship COD - B\u1ea3o h\u00e0nh 6 th\u00e1ng t\u1ea1i Ph\u1ee5 ki\u1ec7n Flytech Vi\u1ec7t Nam","og_url":"https:\/\/phukienflytech.vn\/en\/san-pham\/hub-sac-mavic-3-like-new-hang-chinh-hang-dji.html","og_site_name":"Shop M\u00e1y \u1ea3nh - Action Camera - Gimbal - Flycam - Ph\u1ee5 ki\u1ec7n","article_publisher":"https:\/\/facebook.com\/phukienflycam","article_modified_time":"2026-02-11T08:07:52+00:00","og_image":[{"width":600,"height":599,"url":"https:\/\/phukienflytech.vn\/wp-content\/uploads\/2022\/05\/Picture7-1.png","type":"image\/png"}],"twitter_card":"summary_large_image","twitter_misc":{"Est. reading time":"4 minutes"},"schema":{"@context":"https:\/\/schema.org","@graph":[{"@type":"WebPage","@id":"https:\/\/phukienflytech.vn\/en\/san-pham\/hub-sac-mavic-3-like-new-hang-chinh-hang-dji.html","url":"https:\/\/phukienflytech.vn\/en\/san-pham\/hub-sac-mavic-3-like-new-hang-chinh-hang-dji.html","name":"Hub s\u1ea1c Mavic 3 c\u0169 - H\u00e0ng ch\u00ednh h\u00e3ng DJI","isPartOf":{"@id":"https:\/\/phukienflytech.vn\/#website"},"primaryImageOfPage":{"@id":"https:\/\/phukienflytech.vn\/en\/san-pham\/hub-sac-mavic-3-like-new-hang-chinh-hang-dji.html#primaryimage"},"image":{"@id":"https:\/\/phukienflytech.vn\/en\/san-pham\/hub-sac-mavic-3-like-new-hang-chinh-hang-dji.html#primaryimage"},"thumbnailUrl":"https:\/\/phukienflytech.vn\/wp-content\/uploads\/2022\/05\/Picture7-1.png","datePublished":"2022-05-04T08:31:14+00:00","dateModified":"2026-02-11T08:07:52+00:00","description":"Hub s\u1ea1c Mavic 3 c\u0169 - H\u00e0ng ch\u00ednh h\u00e3ng DJI - Hub s\u1ea1c Like New - Ship COD - B\u1ea3o h\u00e0nh 6 th\u00e1ng t\u1ea1i Ph\u1ee5 ki\u1ec7n Flytech Vi\u1ec7t Nam","breadcrumb":{"@id":"https:\/\/phukienflytech.vn\/en\/san-pham\/hub-sac-mavic-3-like-new-hang-chinh-hang-dji.html#breadcrumb"},"inLanguage":"en-US","potentialAction":[{"@type":"ReadAction","target":["https:\/\/phukienflytech.vn\/en\/san-pham\/hub-sac-mavic-3-like-new-hang-chinh-hang-dji.html"]}]},{"@type":"ImageObject","inLanguage":"en-US","@id":"https:\/\/phukienflytech.vn\/en\/san-pham\/hub-sac-mavic-3-like-new-hang-chinh-hang-dji.html#primaryimage","url":"https:\/\/phukienflytech.vn\/wp-content\/uploads\/2022\/05\/Picture7-1.png","contentUrl":"https:\/\/phukienflytech.vn\/wp-content\/uploads\/2022\/05\/Picture7-1.png","width":600,"height":599},{"@type":"BreadcrumbList","@id":"https:\/\/phukienflytech.vn\/en\/san-pham\/hub-sac-mavic-3-like-new-hang-chinh-hang-dji.html#breadcrumb","itemListElement":[{"@type":"ListItem","position":1,"name":"Home","item":"https:\/\/phukienflytech.vn\/en"},{"@type":"ListItem","position":2,"name":"Ph\u1ee5 ki\u1ec7n Mavic Pro","item":"https:\/\/phukienflytech.vn\/en\/phu-kien-mavic-pro.html"},{"@type":"ListItem","position":3,"name":"Ph\u1ee5 ki\u1ec7n DJI - Osmo","item":"https:\/\/phukienflytech.vn\/danh-muc\/phu-kien-dji-osmo.html"},{"@type":"ListItem","position":4,"name":"Ph\u1ee5 ki\u1ec7n mavic 3","item":"https:\/\/phukienflytech.vn\/danh-muc\/phu-kien-mavic-3.html"},{"@type":"ListItem","position":5,"name":"Hub s\u1ea1c Mavic 3 Like new &#8211; H\u00e0ng ch\u00ednh h\u00e3ng DJI"}]},{"@type":"WebSite","@id":"https:\/\/phukienflytech.vn\/#website","url":"https:\/\/phukienflytech.vn\/","name":"Shop M\u00e1y \u1ea3nh - Action Camera - Gimbal - Flycam - Ph\u1ee5 ki\u1ec7n","description":"Shop M\u00e1y \u1ea3nh - Action Camera - Gimbal - Flycam - Ph\u1ee5 ki\u1ec7n","publisher":{"@id":"https:\/\/phukienflytech.vn\/#organization"},"potentialAction":[{"@type":"SearchAction","target":{"@type":"EntryPoint","urlTemplate":"https:\/\/phukienflytech.vn\/?s={search_term_string}"},"query-input":{"@type":"PropertyValueSpecification","valueRequired":true,"valueName":"search_term_string"}}],"inLanguage":"en-US"},{"@type":"Organization","@id":"https:\/\/phukienflytech.vn\/#organization","name":"DJI Store - Shop Drone, Action camera, Gimbal DJI |Phukienflytech","alternateName":"DJI Store - Shop Drone, Action camera, Gimbal DJI |Phukienflytech","url":"https:\/\/phukienflytech.vn\/","logo":{"@type":"ImageObject","inLanguage":"en-US","@id":"https:\/\/phukienflytech.vn\/#\/schema\/logo\/image\/","url":"https:\/\/phukienflytech.vn\/wp-content\/uploads\/2020\/05\/hAnh_nan.jpg1_.jpg","contentUrl":"https:\/\/phukienflytech.vn\/wp-content\/uploads\/2020\/05\/hAnh_nan.jpg1_.jpg","width":800,"height":450,"caption":"DJI Store - Shop Drone, Action camera, Gimbal DJI |Phukienflytech"},"image":{"@id":"https:\/\/phukienflytech.vn\/#\/schema\/logo\/image\/"},"sameAs":["https:\/\/facebook.com\/phukienflycam","https:\/\/www.youtube.com\/@phukienflytech","https:\/\/www.tiktok.com\/@flytech.channel?fbclid=IwY2xjawGjg7BleHRuA2FlbQIxMAABHYVGmlXpuSMs0UB2zTpYvyT4GMVfN2qJa4urF4vkSQ6FAVBwXZtDP30qQA_aem_UwMiDcUvlEbd2tXAmsc8Og"]}]}},"_links":{"self":[{"href":"https:\/\/phukienflytech.vn\/en\/wp-json\/wp\/v2\/product\/44059","targetHints":{"allow":["GET"]}}],"collection":[{"href":"https:\/\/phukienflytech.vn\/en\/wp-json\/wp\/v2\/product"}],"about":[{"href":"https:\/\/phukienflytech.vn\/en\/wp-json\/wp\/v2\/types\/product"}],"replies":[{"embeddable":true,"href":"https:\/\/phukienflytech.vn\/en\/wp-json\/wp\/v2\/comments?post=44059"}],"wp:featuredmedia":[{"embeddable":true,"href":"https:\/\/phukienflytech.vn\/en\/wp-json\/wp\/v2\/media\/41770"}],"wp:attachment":[{"href":"https:\/\/phukienflytech.vn\/en\/wp-json\/wp\/v2\/media?parent=44059"}],"wp:term":[{"taxonomy":"product_brand","embeddable":true,"href":"https:\/\/phukienflytech.vn\/en\/wp-json\/wp\/v2\/product_brand?post=44059"},{"taxonomy":"product_cat","embeddable":true,"href":"https:\/\/phukienflytech.vn\/en\/wp-json\/wp\/v2\/product_cat?post=44059"},{"taxonomy":"product_tag","embeddable":true,"href":"https:\/\/phukienflytech.vn\/en\/wp-json\/wp\/v2\/product_tag?post=44059"}],"curies":[{"name":"wp","href":"https:\/\/api.w.org\/{rel}","templated":true}]}}