{"id":4428,"date":"2020-06-17T14:28:23","date_gmt":"2020-06-17T07:28:23","guid":{"rendered":"http:\/\/27430.lamdx.vinawebsite.vn\/san-pham\/balo-cung-phantom-34-van-bong-dji.html"},"modified":"2020-12-09T15:56:16","modified_gmt":"2020-12-09T08:56:16","slug":"hard-backpack-for-phantom","status":"publish","type":"product","link":"https:\/\/phukienflytech.vn\/en\/san-pham\/hard-backpack-for-phantom.html","title":{"rendered":"Hard backpack for Phantom &#8211; DJI"},"content":{"rendered":"<h2><em><strong><span style=\"font-size: 21px; color: #0000ff;\">Hard backpack for Phantom<\/span><\/strong><\/em><\/h2>\n<p><span style=\"font-size: 18px;\">Hard backpack for Phantom<\/span><\/p>\n<p>&nbsp;<\/p>\n<p><span style=\"font-size: 18px;\"><img loading=\"lazy\" decoding=\"async\" class=\"alignnone wp-image-12217 size-full\" src=\"https:\/\/phukienflytech.vn\/wp-content\/uploads\/2020\/05\/balo-cung-phantom-3-4-van-bong-dji-4412-7.jpg\" alt=\"Hard-backpack-for-Phantom-3\" width=\"449\" height=\"356\" \/><\/span><\/p>\n<p>&nbsp;<\/p>\n<p><span style=\"font-size: 18px;\">S\u1edf h\u1eefu cho m\u00ecnh m\u1ed9t chi\u1ebfc drone<strong><em>\u00a0flycam DJI Phantom 3<\/em><\/strong>\u00a0hay 4 series c\u1ee7a h\u00e3ng DJI qu\u1ea3 th\u1ef1c b\u1ea1n s\u1ebd r\u1ea5t kh\u00f3 c\u00f3 th\u1ec3 t\u00ecm ra \u0111i\u1ec3m kh\u00f4ng h\u00e0i l\u00f2ng v\u1ec1 n\u00f3 ngay c\u1ea3 nh\u1eefng ng\u01b0\u1eddi ch\u01a1i kh\u00f3 t\u00ednh nh\u1ea5t. B\u1edfi s\u1ef1 an to\u00e0n khi bay, t\u00ednh \u1ed5n \u0111\u1ecbnh, s\u1ef1 th\u00f4ng minh c\u1ee7a thi\u1ebft b\u1ecb v\u00e0 s\u1ef1 h\u1ed7 tr\u1ee3 tuy\u1ec7t v\u1eddi c\u1ee7a c\u1ee5m gimbal \u0111\u00e3 gi\u00fap cho ch\u00fang ta c\u00f3 nh\u1eefng b\u1ee9c h\u00ecnh, th\u01b0\u1edbc phim tuy\u1ec7t v\u1eddi nh\u1ea5t.<\/span><\/p>\n<p><span style=\"font-size: 18px;\"><img loading=\"lazy\" decoding=\"async\" src=\"https:\/\/phukienflytech.vn\/wp-content\/uploads\/2020\/05\/balo-cung-phantom-3-4-van-bong-dji-4412.jpg1.jpg\" alt=\"\" width=\"344\" height=\"229\" \/><\/span><\/p>\n<p><span style=\"font-size: 18px;\">V\u1edbi m\u1ed9t thi\u1ebft b\u1ecb c\u00f3 gi\u00e1 tr\u1ecb cao v\u1ec1 m\u1eb7t kinh t\u1ebf c\u0169ng nh\u01b0 l\u00e0 gi\u00e1 tr\u1ecb cao v\u1ec1 m\u1eb7t s\u1eed d\u1ee5ng th\u00ec vi\u1ec7c b\u1ea3o qu\u1ea3n v\u00e0 \u0111\u00f3ng g\u00f3i trong l\u00fac di chuy\u1ec3n v\u00f4 c\u00f9ng quan tr\u1ecdng. V\u00ec \u0111\u1ed3 \u0111i\u1ec7n t\u1eed v\u1edbi gi\u00e1 tr\u1ecb l\u1edbn lu\u00f4n ph\u1ea3i \u0111\u01b0\u1ee3c b\u1ea3o qu\u1ea3n, b\u1ea3o v\u1ec7 th\u1eadt k\u1ef9 v\u00e0 c\u1ea9n th\u1eadn n\u00ean h\u00e3y trang b\u1ecb ngay cho chi\u1ebfc flycam Phantom c\u1ee7a m\u00ecnh m\u1ed9t chi\u1ebfc balo c\u00f3 kh\u1ea3 n\u0103ng ch\u1ed1ng s\u1ed1c, ch\u1ed1ng n\u01b0\u1edbc th\u1eadt t\u1ed1t. Hi\u1ec7n nay c\u0169ng c\u00f3 r\u1ea5t nhi\u1ec1u lo\u1ea1i balo kh\u00e1c nhau cho Phantom DJI nh\u01b0:\u00a0<em><strong><a href=\"http:\/\/phukienflytech.vn\/san-pham\/balo-mem-phantom-34.html\" target=\"_blank\" rel=\"noopener noreferrer\">Balo m\u1ec1m d\u00e0nh cho phantom<\/a>,\u00a0<a href=\"http:\/\/phukienflytech.vn\/san-pham\/balo-cung-dji-phantom-34.html\" target=\"_blank\" rel=\"noopener noreferrer\">Balo c\u1ee9ng s\u1ea7n ch\u00ednh h\u00e3ng DJI d\u00e0nh cho Phantom<\/a>,\u00a0<a href=\"http:\/\/phukienflytech.vn\/san-pham\/balo-vai-phantom-4.html\" target=\"_blank\" rel=\"noopener noreferrer\">Balo v\u1ea3i b\u1ecdc d\u00e0nh cho phantom 4<\/a>&#8230;\u00a0<\/strong><\/em>V\u00e0 \u0111\u1eb7c bi\u1ec7t l\u00e0<em><strong> Balo c\u1ee9ng V\u00e2n b\u00f3ng DJI<\/strong><\/em><\/span><\/p>\n<p>&nbsp;<\/p>\n<p><span style=\"font-size: 18px;\"><img loading=\"lazy\" decoding=\"async\" class=\"alignnone wp-image-12221 size-thumbnail\" src=\"https:\/\/phukienflytech.vn\/wp-content\/uploads\/2020\/05\/balo-cung-phantom-3-4-van-bong-dji-4412-2-1-280x280.jpg\" alt=\"Hard-backpack-for-Phantom-2\" width=\"280\" height=\"280\" srcset=\"https:\/\/phukienflytech.vn\/wp-content\/uploads\/2020\/05\/balo-cung-phantom-3-4-van-bong-dji-4412-2-1-280x280.jpg 280w, https:\/\/phukienflytech.vn\/wp-content\/uploads\/2020\/05\/balo-cung-phantom-3-4-van-bong-dji-4412-2-1-100x100.jpg 100w\" sizes=\"auto, (max-width: 280px) 100vw, 280px\" \/><\/span><\/p>\n<p>&nbsp;<\/p>\n<p><span style=\"font-size: 18px;\">B\u1ea1n c\u00f3 th\u1ec3 s\u1eed d\u1ee5ng\u00a0<strong><em><a href=\"https:\/\/phukienflytech.vn\/en\/san-pham\/balo-mem-phantom-34.html\" target=\"_blank\" rel=\"noopener noreferrer\">balo m\u1ec1m phantom 3 4<\/a><\/em><\/strong>,\u00a0<em><strong><a href=\"https:\/\/phukienflytech.vn\/timkiem.html?s=balo+c%E1%BB%A9ng\" target=\"_blank\" rel=\"noopener noreferrer\">balo c\u1ee9ng<\/a><\/strong>\u00a0<\/em>kh\u00e1c nhau. C\u00f2n ri\u00eang \u0111\u1ed1i v\u1edbi d\u00f2ng flycam dji Phantom 4 th\u00ec b\u1ea1n \u0111\u00e3 \u0111\u01b0\u1ee3c trang b\u1ecb s\u1eb5n h\u1ed9p \u0111\u1ef1ng ch\u1ed1ng s\u1ed1c x\u00e1ch tay v\u00f4 c\u00f9ng ch\u1eafc ch\u1eafn do v\u1eady b\u1ea1n c\u00f3 th\u1ec3 tham kh\u1ea3o\u00a0<strong><em><a href=\"https:\/\/phukienflytech.vn\/en\/san-pham\/balo-vai-phantom-4.html\" target=\"_blank\" rel=\"noopener noreferrer\">balo v\u1ea3i phantom 4<\/a><\/em><\/strong><\/span><\/p>\n<h2><span style=\"font-size: 21px;\"><strong><span style=\"color: #0000ff;\"><em>C\u00e1c chi ti\u1ebft v\u1ec1 Balo c\u1ee9ng \u2013 V\u00e2n b\u00f3ng DJI<\/em><\/span><\/strong><\/span><\/h2>\n<p><span style=\"font-size: 18px;\"><em><strong><a href=\"http:\/\/phukienflytech.vn\/san-pham\/balo-cung-bong-dji-phantom-34.html\">Balo c\u1ee9ng Phantom 3 4 &#8211; V\u00e2n b\u00f3ng\u00a0<\/a>DJI<\/strong><\/em>\u00a0d\u00e0nh cho c\u00e1c \u0111\u1eddi phantom 2\/3\/4\/ series:<\/span><\/p>\n<p><span style=\"font-size: 18px;\">L\u00e0 lo\u1ea1i balo ch\u1ed1ng s\u1ed1c, ch\u1ed1ng n\u01b0\u1edbc.. c\u1ef1c k\u1ef3 t\u1ed1t<\/span><\/p>\n<p><span style=\"font-size: 18px;\">K\u00edch th\u01b0\u1edbc : 47cm x 35cm x 25cm<\/span><\/p>\n<p><span style=\"font-size: 18px;\">Ch\u1ea5t li\u1ec7u: nh\u1ef1a si\u00eau c\u1ee9ng, b\u1ec1 m\u1eb7t\u00a0nh\u1eb5n k\u1ebb v\u00e2n gi\u1ea3 g\u1ed7<\/span><\/p>\n<p><span style=\"font-size: 18px;\">&#8211; B\u00ean ngo\u00e0i: m\u1eb7t tr\u01b0\u1edbc l\u00e0 v\u1ecf nh\u1ef1a c\u1ee9ng v\u00e0 \u00a0v\u00e0 \u0111\u01b0\u1ee3c in logo ch\u00ednh h\u00e3ng &#8220;DJI&#8221;<\/span><\/p>\n<p>&nbsp;<\/p>\n<p><span style=\"font-size: 18px;\">\u00a0<img loading=\"lazy\" decoding=\"async\" src=\"https:\/\/phukienflytech.vn\/wp-content\/uploads\/2020\/05\/balo-cung-phantom-3-4-van-bong-dji-4412-3.jpg\" alt=\"\" width=\"560\" height=\"213\" \/><img loading=\"lazy\" decoding=\"async\" class=\"alignnone size-medium wp-image-12225\" src=\"https:\/\/phukienflytech.vn\/wp-content\/uploads\/2020\/05\/balo-cung-phantom-3-4-van-bong-dji-4412-4-1-400x400.jpg\" alt=\"\" width=\"400\" height=\"400\" srcset=\"https:\/\/phukienflytech.vn\/wp-content\/uploads\/2020\/05\/balo-cung-phantom-3-4-van-bong-dji-4412-4-1.jpg 400w, https:\/\/phukienflytech.vn\/wp-content\/uploads\/2020\/05\/balo-cung-phantom-3-4-van-bong-dji-4412-4-1-280x280.jpg 280w, https:\/\/phukienflytech.vn\/wp-content\/uploads\/2020\/05\/balo-cung-phantom-3-4-van-bong-dji-4412-4-1-300x300.jpg 300w, https:\/\/phukienflytech.vn\/wp-content\/uploads\/2020\/05\/balo-cung-phantom-3-4-van-bong-dji-4412-4-1-100x100.jpg 100w\" sizes=\"auto, (max-width: 400px) 100vw, 400px\" \/><\/span><\/p>\n<p>&nbsp;<\/p>\n<p><span style=\"font-size: 18px;\">M\u1eb7t ph\u00eda sau l\u00e0 l\u1edbp v\u1ea3i b\u1ecdc \u0111\u1ec7m m\u00fat t\u1ea1o c\u1ea3m gi\u00e1c tho\u1ea3i m\u00e1i, \u00eam \u00e1i khi \u0111eo l\u00ean.<\/span><\/p>\n<p><span style=\"font-size: 18px;\">&#8211; B\u00ean trong: l\u00e0 m\u1ed9t khu\u00f4n x\u1ed1p r\u1ea5t c\u1ee9ng \u0111\u01b0\u1ee3c ti\u1ec7n chi ti\u1ebft r\u1ea5t t\u1ec9 m\u1ec9 v\u00e0 c\u00f3 th\u1ec3 th\u00e1o ra<\/span><\/p>\n<p><span style=\"font-size: 18px;\">S\u1eed d\u1ee5ng balo l\u00e0 ph\u1ee5 ki\u1ec7n b\u1ea3o v\u1ec7 chi\u1ebfc flycam c\u1ee7a b\u1ea1n kh\u1ecfi c\u00e1c t\u00e1c \u0111\u1ed9ng b\u00ean ngo\u00e0i, \u0111em l\u1ea1i s\u1ef1 thu\u1eadn ti\u1ec7n trong qu\u00e1 tr\u00ecnh di chuy\u1ec3n&#8230;<\/span><\/p>\n<p><span style=\"font-size: 18px;\"><em><strong>T\u1ea1i sao ch\u00fang ta n\u00ean trang b\u1ecb ngay\u00a0<\/strong><\/em><em><strong>Balo Phantom 3 4 \u2013 Balo c\u1ee9ng v\u00e2n b\u00f3ng DJI?<\/strong><\/em><\/span><\/p>\n<p><span style=\"font-size: 18px;\"><em>&#8211; Balo ch\u1ed1ng s\u1ed1c , ch\u1ed1ng n\u01b0\u1edbc t\u1ed1t<\/em><\/span><\/p>\n<p><span style=\"font-size: 18px;\"><em>&#8211; Thi\u1ebft k\u1ebf v\u00f4 c\u00f9ng \u0111\u1eb9p v\u00e0 sang tr\u1ecdng<\/em><\/span><\/p>\n<p><span style=\"font-size: 18px;\"><em>&#8211; S\u1ea3n ph\u1ea9m ch\u00ednh h\u00e3ng DJI<\/em><\/span><\/p>\n<p><span style=\"font-size: 18px;\"><em>&#8211; Ch\u1ee9a \u0111\u1ef1ng t\u1ed1t v\u00e0 d\u1ec5 d\u00e0ng s\u1eed d\u1ee5ng v\u00e0 mang di chuy\u1ec3n<\/em><\/span><\/p>\n<p>&nbsp;<\/p>\n<p><span style=\"font-size: 18px;\"><img loading=\"lazy\" decoding=\"async\" class=\"alignnone wp-image-12231\" src=\"https:\/\/phukienflytech.vn\/wp-content\/uploads\/2020\/05\/balo-cung-phantom-3-4-van-bong-dji-4412-5-1-711x400.jpg\" alt=\"Hard-backpack-for-Phantom-1\" width=\"537\" height=\"302\" srcset=\"https:\/\/phukienflytech.vn\/wp-content\/uploads\/2020\/05\/balo-cung-phantom-3-4-van-bong-dji-4412-5-1-711x400.jpg 711w, https:\/\/phukienflytech.vn\/wp-content\/uploads\/2020\/05\/balo-cung-phantom-3-4-van-bong-dji-4412-5-1-768x432.jpg 768w, https:\/\/phukienflytech.vn\/wp-content\/uploads\/2020\/05\/balo-cung-phantom-3-4-van-bong-dji-4412-5-1-1400x788.jpg 1400w, https:\/\/phukienflytech.vn\/wp-content\/uploads\/2020\/05\/balo-cung-phantom-3-4-van-bong-dji-4412-5-1-600x338.jpg 600w, https:\/\/phukienflytech.vn\/wp-content\/uploads\/2020\/05\/balo-cung-phantom-3-4-van-bong-dji-4412-5-1.jpg 1600w\" sizes=\"auto, (max-width: 537px) 100vw, 537px\" \/><\/span><\/p>\n<p>&nbsp;<\/p>\n<h2><span style=\"font-size: 21px; color: #0000ff;\"><em><strong>Mua balo phantom 3 4 \u2013 Balo\u00a0c\u1ee9ng v\u00e2n b\u00f3ng DJI\u00a0\u1edf \u0111\u00e2u?<\/strong><\/em><\/span><\/h2>\n<p><span style=\"font-size: 18px;\"><em><strong><a href=\"https:\/\/facebook.com\/phukienflycam\">Ph\u1ee5 Ki\u1ec7n Flytech Gi\u00e1 T\u1ed1t<\/a><\/strong><\/em>\u00a0h\u00e2n h\u1ea1nh \u0111em l\u1ea1i c\u00e1c m\u1eabu s\u1ea3n ph\u1ea9m Balo phatom ch\u00ednh h\u00e3ng t\u1ed1t nh\u1ea5t ph\u1ee5c v\u1ee5 \u0111am m\u00ea, v\u00e0 c\u00f4ng vi\u1ec7c c\u1ee7a c\u00e1c b\u1ea1n, h\u00e3y \u0111\u1ec3 ch\u00fang t\u00f4i ti\u1ebfp s\u1ee9c \u0111am m\u00ea, c\u00f4ng vi\u1ec7c c\u1ee7a b\u1ea1n, gi\u00fap b\u1ea1n th\u00eam ni\u1ec1m h\u1ee9ng kh\u1edfi trong \u0111am m\u00ea c\u0169ng nh\u01b0 c\u00f4ng vi\u1ec7c c\u1ee7a m\u00ecnh th\u00eam su\u00f4n s\u1ebb<\/span><\/p>\n<p>&nbsp;<\/p>\n<p><span style=\"font-size: 18px;\"> <img loading=\"lazy\" decoding=\"async\" class=\"alignnone wp-image-12237\" src=\"https:\/\/phukienflytech.vn\/wp-content\/uploads\/2020\/05\/balo-cung-phantom-3-4-van-bong-dji-4412-6-800x251.png\" alt=\"Hard-backpack-for-Phantom\" width=\"602\" height=\"189\" srcset=\"https:\/\/phukienflytech.vn\/wp-content\/uploads\/2020\/05\/balo-cung-phantom-3-4-van-bong-dji-4412-6-800x251.png 800w, https:\/\/phukienflytech.vn\/wp-content\/uploads\/2020\/05\/balo-cung-phantom-3-4-van-bong-dji-4412-6-768x241.png 768w, https:\/\/phukienflytech.vn\/wp-content\/uploads\/2020\/05\/balo-cung-phantom-3-4-van-bong-dji-4412-6-600x188.png 600w, https:\/\/phukienflytech.vn\/wp-content\/uploads\/2020\/05\/balo-cung-phantom-3-4-van-bong-dji-4412-6.png 1013w\" sizes=\"auto, (max-width: 602px) 100vw, 602px\" \/><\/span><\/p>\n<p>&nbsp;<\/p>\n<p><span style=\"font-size: 18px;\">Ch\u00fang t\u00f4i chuy\u00ean cung c\u1ea5p h\u1ea7u h\u1ebft t\u1ea5t c\u00e1c c\u00e1c ph\u1ee5 ki\u1ec7n flycam DJI<\/span><\/p>\n<p><span style=\"font-size: 18px;\">H\u00e3y xem th\u00eam c\u00e1c\u00a0<em>ph\u1ee5 ki\u1ec7n flycam dji Phantom 3 4<\/em>\u00a0b\u1eb1ng c\u00e1ch\u00a0<strong><a href=\"https:\/\/phukienflytech.vn\/en\/danh-muc\/phantom-4-accessory.html\" target=\"_blank\" rel=\"noopener noreferrer\">click t\u1ea1i \u0111\u00e2y<\/a><\/strong>\u00a0!<\/span><\/p>\n<p><span style=\"font-size: 18px;\">Nh\u00e0 s\u1ea3n xu\u1ea5t :\u00a0DJI&#8217;s factory<\/span><\/p>\n<p>&nbsp;<\/p>\n<p>&nbsp;<\/p>\n","protected":false},"excerpt":{"rendered":"<p>Hard backpack for Phantom Hard backpack for Phantom &nbsp; &nbsp; S\u1edf h\u1eefu cho m\u00ecnh m\u1ed9t chi\u1ebfc drone\u00a0flycam DJI Phantom 3\u00a0hay 4 series c\u1ee7a h\u00e3ng DJI qu\u1ea3 th\u1ef1c b\u1ea1n s\u1ebd r\u1ea5t kh\u00f3 c\u00f3 th\u1ec3 t\u00ecm ra \u0111i\u1ec3m kh\u00f4ng h\u00e0i l\u00f2ng v\u1ec1 n\u00f3 ngay c\u1ea3 nh\u1eefng ng\u01b0\u1eddi ch\u01a1i kh\u00f3 t\u00ednh nh\u1ea5t. B\u1edfi s\u1ef1 an to\u00e0n khi bay, &#8230;<\/p>\n","protected":false},"featured_media":21087,"comment_status":"open","ping_status":"closed","template":"","meta":{"_acf_changed":false},"product_brand":[],"product_cat":[183,182],"product_tag":[206,245,227],"class_list":{"0":"post-4428","1":"product","2":"type-product","3":"status-publish","4":"has-post-thumbnail","6":"product_cat-phantom-3-accessory","7":"product_cat-phantom-4-accessory","8":"product_tag-phu-kien-dji-en","9":"product_tag-phu-kien-phantom-3-en","10":"product_tag-phu-kien-phantom-4-en","12":"first","13":"instock","14":"sale","15":"shipping-taxable","16":"purchasable","17":"product-type-simple"},"acf":[],"yoast_head":"<!-- This site is optimized with the Yoast SEO plugin v25.7 - https:\/\/yoast.com\/wordpress\/plugins\/seo\/ -->\n<title>Hard backpack for Phantom - DJI - Phantom accessory - available.<\/title>\n<meta name=\"description\" content=\"Hard backpack for Phantom is one of the most important accessory. Contact us to buy Hard backpack for Phantom for best price, fast shipping.\" \/>\n<meta name=\"robots\" content=\"index, follow, max-snippet:-1, max-image-preview:large, max-video-preview:-1\" \/>\n<link rel=\"canonical\" href=\"https:\/\/phukienflytech.vn\/en\/san-pham\/hard-backpack-for-phantom.html\" \/>\n<meta property=\"og:locale\" content=\"en_US\" \/>\n<meta property=\"og:type\" content=\"article\" \/>\n<meta property=\"og:title\" content=\"Hard backpack for Phantom - DJI - Phantom accessory - available.\" \/>\n<meta property=\"og:description\" content=\"Hard backpack for Phantom is one of the most important accessory. Contact us to buy Hard backpack for Phantom for best price, fast shipping.\" \/>\n<meta property=\"og:url\" content=\"https:\/\/phukienflytech.vn\/en\/san-pham\/hard-backpack-for-phantom.html\" \/>\n<meta property=\"og:site_name\" content=\"Shop M\u00e1y \u1ea3nh - Action Camera - Gimbal - Flycam - Ph\u1ee5 ki\u1ec7n\" \/>\n<meta property=\"article:publisher\" content=\"https:\/\/facebook.com\/phukienflycam\" \/>\n<meta property=\"article:modified_time\" content=\"2020-12-09T08:56:16+00:00\" \/>\n<meta property=\"og:image\" content=\"https:\/\/phukienflytech.vn\/wp-content\/uploads\/2020\/06\/Balo-phantom-3-4-cung-chong-soc-chong-nuoc-chinh-hang-dji-3.jpg\" \/>\n\t<meta property=\"og:image:width\" content=\"679\" \/>\n\t<meta property=\"og:image:height\" content=\"725\" \/>\n\t<meta property=\"og:image:type\" content=\"image\/jpeg\" \/>\n<meta name=\"twitter:card\" content=\"summary_large_image\" \/>\n<meta name=\"twitter:label1\" content=\"Est. reading time\" \/>\n\t<meta name=\"twitter:data1\" content=\"4 minutes\" \/>\n<script type=\"application\/ld+json\" class=\"yoast-schema-graph\">{\"@context\":\"https:\/\/schema.org\",\"@graph\":[{\"@type\":\"WebPage\",\"@id\":\"https:\/\/phukienflytech.vn\/en\/san-pham\/hard-backpack-for-phantom.html\",\"url\":\"https:\/\/phukienflytech.vn\/en\/san-pham\/hard-backpack-for-phantom.html\",\"name\":\"Hard backpack for Phantom - DJI - Phantom accessory - available.\",\"isPartOf\":{\"@id\":\"https:\/\/phukienflytech.vn\/#website\"},\"primaryImageOfPage\":{\"@id\":\"https:\/\/phukienflytech.vn\/en\/san-pham\/hard-backpack-for-phantom.html#primaryimage\"},\"image\":{\"@id\":\"https:\/\/phukienflytech.vn\/en\/san-pham\/hard-backpack-for-phantom.html#primaryimage\"},\"thumbnailUrl\":\"https:\/\/phukienflytech.vn\/wp-content\/uploads\/2020\/06\/Balo-phantom-3-4-cung-chong-soc-chong-nuoc-chinh-hang-dji-3.jpg\",\"datePublished\":\"2020-06-17T07:28:23+00:00\",\"dateModified\":\"2020-12-09T08:56:16+00:00\",\"description\":\"Hard backpack for Phantom is one of the most important accessory. Contact us to buy Hard backpack for Phantom for best price, fast shipping.\",\"breadcrumb\":{\"@id\":\"https:\/\/phukienflytech.vn\/en\/san-pham\/hard-backpack-for-phantom.html#breadcrumb\"},\"inLanguage\":\"en-US\",\"potentialAction\":[{\"@type\":\"ReadAction\",\"target\":[\"https:\/\/phukienflytech.vn\/en\/san-pham\/hard-backpack-for-phantom.html\"]}]},{\"@type\":\"ImageObject\",\"inLanguage\":\"en-US\",\"@id\":\"https:\/\/phukienflytech.vn\/en\/san-pham\/hard-backpack-for-phantom.html#primaryimage\",\"url\":\"https:\/\/phukienflytech.vn\/wp-content\/uploads\/2020\/06\/Balo-phantom-3-4-cung-chong-soc-chong-nuoc-chinh-hang-dji-3.jpg\",\"contentUrl\":\"https:\/\/phukienflytech.vn\/wp-content\/uploads\/2020\/06\/Balo-phantom-3-4-cung-chong-soc-chong-nuoc-chinh-hang-dji-3.jpg\",\"width\":679,\"height\":725},{\"@type\":\"BreadcrumbList\",\"@id\":\"https:\/\/phukienflytech.vn\/en\/san-pham\/hard-backpack-for-phantom.html#breadcrumb\",\"itemListElement\":[{\"@type\":\"ListItem\",\"position\":1,\"name\":\"Home\",\"item\":\"https:\/\/phukienflytech.vn\/en\"},{\"@type\":\"ListItem\",\"position\":2,\"name\":\"Ph\u1ee5 ki\u1ec7n Mavic Pro\",\"item\":\"https:\/\/phukienflytech.vn\/en\/phu-kien-mavic-pro.html\"},{\"@type\":\"ListItem\",\"position\":3,\"name\":\"DJI Osmo &amp; Drone's accessories\",\"item\":\"https:\/\/phukienflytech.vn\/en\/danh-muc\/dji-osmo-drones-accessories.html\"},{\"@type\":\"ListItem\",\"position\":4,\"name\":\"Ph\u1ee5 ki\u1ec7n flycam Phantom 3\",\"item\":\"https:\/\/phukienflytech.vn\/en\/danh-muc\/phantom-3-accessory.html\"},{\"@type\":\"ListItem\",\"position\":5,\"name\":\"Hard backpack for Phantom &#8211; DJI\"}]},{\"@type\":\"WebSite\",\"@id\":\"https:\/\/phukienflytech.vn\/#website\",\"url\":\"https:\/\/phukienflytech.vn\/\",\"name\":\"Shop M\u00e1y \u1ea3nh - Action Camera - Gimbal - Flycam - Ph\u1ee5 ki\u1ec7n\",\"description\":\"Shop M\u00e1y \u1ea3nh - Action Camera - Gimbal - Flycam - Ph\u1ee5 ki\u1ec7n\",\"publisher\":{\"@id\":\"https:\/\/phukienflytech.vn\/#organization\"},\"potentialAction\":[{\"@type\":\"SearchAction\",\"target\":{\"@type\":\"EntryPoint\",\"urlTemplate\":\"https:\/\/phukienflytech.vn\/?s={search_term_string}\"},\"query-input\":{\"@type\":\"PropertyValueSpecification\",\"valueRequired\":true,\"valueName\":\"search_term_string\"}}],\"inLanguage\":\"en-US\"},{\"@type\":\"Organization\",\"@id\":\"https:\/\/phukienflytech.vn\/#organization\",\"name\":\"DJI Store - Shop Drone, Action camera, Gimbal DJI |Phukienflytech\",\"alternateName\":\"DJI Store - Shop Drone, Action camera, Gimbal DJI |Phukienflytech\",\"url\":\"https:\/\/phukienflytech.vn\/\",\"logo\":{\"@type\":\"ImageObject\",\"inLanguage\":\"en-US\",\"@id\":\"https:\/\/phukienflytech.vn\/#\/schema\/logo\/image\/\",\"url\":\"https:\/\/phukienflytech.vn\/wp-content\/uploads\/2020\/05\/hAnh_nan.jpg1_.jpg\",\"contentUrl\":\"https:\/\/phukienflytech.vn\/wp-content\/uploads\/2020\/05\/hAnh_nan.jpg1_.jpg\",\"width\":800,\"height\":450,\"caption\":\"DJI Store - Shop Drone, Action camera, Gimbal DJI |Phukienflytech\"},\"image\":{\"@id\":\"https:\/\/phukienflytech.vn\/#\/schema\/logo\/image\/\"},\"sameAs\":[\"https:\/\/facebook.com\/phukienflycam\",\"https:\/\/www.youtube.com\/@phukienflytech\",\"https:\/\/www.tiktok.com\/@flytech.channel?fbclid=IwY2xjawGjg7BleHRuA2FlbQIxMAABHYVGmlXpuSMs0UB2zTpYvyT4GMVfN2qJa4urF4vkSQ6FAVBwXZtDP30qQA_aem_UwMiDcUvlEbd2tXAmsc8Og\"]}]}<\/script>\n<!-- \/ Yoast SEO plugin. -->","yoast_head_json":{"title":"Hard backpack for Phantom - DJI - Phantom accessory - available.","description":"Hard backpack for Phantom is one of the most important accessory. Contact us to buy Hard backpack for Phantom for best price, fast shipping.","robots":{"index":"index","follow":"follow","max-snippet":"max-snippet:-1","max-image-preview":"max-image-preview:large","max-video-preview":"max-video-preview:-1"},"canonical":"https:\/\/phukienflytech.vn\/en\/san-pham\/hard-backpack-for-phantom.html","og_locale":"en_US","og_type":"article","og_title":"Hard backpack for Phantom - DJI - Phantom accessory - available.","og_description":"Hard backpack for Phantom is one of the most important accessory. Contact us to buy Hard backpack for Phantom for best price, fast shipping.","og_url":"https:\/\/phukienflytech.vn\/en\/san-pham\/hard-backpack-for-phantom.html","og_site_name":"Shop M\u00e1y \u1ea3nh - Action Camera - Gimbal - Flycam - Ph\u1ee5 ki\u1ec7n","article_publisher":"https:\/\/facebook.com\/phukienflycam","article_modified_time":"2020-12-09T08:56:16+00:00","og_image":[{"width":679,"height":725,"url":"https:\/\/phukienflytech.vn\/wp-content\/uploads\/2020\/06\/Balo-phantom-3-4-cung-chong-soc-chong-nuoc-chinh-hang-dji-3.jpg","type":"image\/jpeg"}],"twitter_card":"summary_large_image","twitter_misc":{"Est. reading time":"4 minutes"},"schema":{"@context":"https:\/\/schema.org","@graph":[{"@type":"WebPage","@id":"https:\/\/phukienflytech.vn\/en\/san-pham\/hard-backpack-for-phantom.html","url":"https:\/\/phukienflytech.vn\/en\/san-pham\/hard-backpack-for-phantom.html","name":"Hard backpack for Phantom - DJI - Phantom accessory - available.","isPartOf":{"@id":"https:\/\/phukienflytech.vn\/#website"},"primaryImageOfPage":{"@id":"https:\/\/phukienflytech.vn\/en\/san-pham\/hard-backpack-for-phantom.html#primaryimage"},"image":{"@id":"https:\/\/phukienflytech.vn\/en\/san-pham\/hard-backpack-for-phantom.html#primaryimage"},"thumbnailUrl":"https:\/\/phukienflytech.vn\/wp-content\/uploads\/2020\/06\/Balo-phantom-3-4-cung-chong-soc-chong-nuoc-chinh-hang-dji-3.jpg","datePublished":"2020-06-17T07:28:23+00:00","dateModified":"2020-12-09T08:56:16+00:00","description":"Hard backpack for Phantom is one of the most important accessory. Contact us to buy Hard backpack for Phantom for best price, fast shipping.","breadcrumb":{"@id":"https:\/\/phukienflytech.vn\/en\/san-pham\/hard-backpack-for-phantom.html#breadcrumb"},"inLanguage":"en-US","potentialAction":[{"@type":"ReadAction","target":["https:\/\/phukienflytech.vn\/en\/san-pham\/hard-backpack-for-phantom.html"]}]},{"@type":"ImageObject","inLanguage":"en-US","@id":"https:\/\/phukienflytech.vn\/en\/san-pham\/hard-backpack-for-phantom.html#primaryimage","url":"https:\/\/phukienflytech.vn\/wp-content\/uploads\/2020\/06\/Balo-phantom-3-4-cung-chong-soc-chong-nuoc-chinh-hang-dji-3.jpg","contentUrl":"https:\/\/phukienflytech.vn\/wp-content\/uploads\/2020\/06\/Balo-phantom-3-4-cung-chong-soc-chong-nuoc-chinh-hang-dji-3.jpg","width":679,"height":725},{"@type":"BreadcrumbList","@id":"https:\/\/phukienflytech.vn\/en\/san-pham\/hard-backpack-for-phantom.html#breadcrumb","itemListElement":[{"@type":"ListItem","position":1,"name":"Home","item":"https:\/\/phukienflytech.vn\/en"},{"@type":"ListItem","position":2,"name":"Ph\u1ee5 ki\u1ec7n Mavic Pro","item":"https:\/\/phukienflytech.vn\/en\/phu-kien-mavic-pro.html"},{"@type":"ListItem","position":3,"name":"DJI Osmo &amp; Drone's accessories","item":"https:\/\/phukienflytech.vn\/en\/danh-muc\/dji-osmo-drones-accessories.html"},{"@type":"ListItem","position":4,"name":"Ph\u1ee5 ki\u1ec7n flycam Phantom 3","item":"https:\/\/phukienflytech.vn\/en\/danh-muc\/phantom-3-accessory.html"},{"@type":"ListItem","position":5,"name":"Hard backpack for Phantom &#8211; DJI"}]},{"@type":"WebSite","@id":"https:\/\/phukienflytech.vn\/#website","url":"https:\/\/phukienflytech.vn\/","name":"Shop M\u00e1y \u1ea3nh - Action Camera - Gimbal - Flycam - Ph\u1ee5 ki\u1ec7n","description":"Shop M\u00e1y \u1ea3nh - Action Camera - Gimbal - Flycam - Ph\u1ee5 ki\u1ec7n","publisher":{"@id":"https:\/\/phukienflytech.vn\/#organization"},"potentialAction":[{"@type":"SearchAction","target":{"@type":"EntryPoint","urlTemplate":"https:\/\/phukienflytech.vn\/?s={search_term_string}"},"query-input":{"@type":"PropertyValueSpecification","valueRequired":true,"valueName":"search_term_string"}}],"inLanguage":"en-US"},{"@type":"Organization","@id":"https:\/\/phukienflytech.vn\/#organization","name":"DJI Store - Shop Drone, Action camera, Gimbal DJI |Phukienflytech","alternateName":"DJI Store - Shop Drone, Action camera, Gimbal DJI |Phukienflytech","url":"https:\/\/phukienflytech.vn\/","logo":{"@type":"ImageObject","inLanguage":"en-US","@id":"https:\/\/phukienflytech.vn\/#\/schema\/logo\/image\/","url":"https:\/\/phukienflytech.vn\/wp-content\/uploads\/2020\/05\/hAnh_nan.jpg1_.jpg","contentUrl":"https:\/\/phukienflytech.vn\/wp-content\/uploads\/2020\/05\/hAnh_nan.jpg1_.jpg","width":800,"height":450,"caption":"DJI Store - Shop Drone, Action camera, Gimbal DJI |Phukienflytech"},"image":{"@id":"https:\/\/phukienflytech.vn\/#\/schema\/logo\/image\/"},"sameAs":["https:\/\/facebook.com\/phukienflycam","https:\/\/www.youtube.com\/@phukienflytech","https:\/\/www.tiktok.com\/@flytech.channel?fbclid=IwY2xjawGjg7BleHRuA2FlbQIxMAABHYVGmlXpuSMs0UB2zTpYvyT4GMVfN2qJa4urF4vkSQ6FAVBwXZtDP30qQA_aem_UwMiDcUvlEbd2tXAmsc8Og"]}]}},"_links":{"self":[{"href":"https:\/\/phukienflytech.vn\/en\/wp-json\/wp\/v2\/product\/4428","targetHints":{"allow":["GET"]}}],"collection":[{"href":"https:\/\/phukienflytech.vn\/en\/wp-json\/wp\/v2\/product"}],"about":[{"href":"https:\/\/phukienflytech.vn\/en\/wp-json\/wp\/v2\/types\/product"}],"replies":[{"embeddable":true,"href":"https:\/\/phukienflytech.vn\/en\/wp-json\/wp\/v2\/comments?post=4428"}],"wp:featuredmedia":[{"embeddable":true,"href":"https:\/\/phukienflytech.vn\/en\/wp-json\/wp\/v2\/media\/21087"}],"wp:attachment":[{"href":"https:\/\/phukienflytech.vn\/en\/wp-json\/wp\/v2\/media?parent=4428"}],"wp:term":[{"taxonomy":"product_brand","embeddable":true,"href":"https:\/\/phukienflytech.vn\/en\/wp-json\/wp\/v2\/product_brand?post=4428"},{"taxonomy":"product_cat","embeddable":true,"href":"https:\/\/phukienflytech.vn\/en\/wp-json\/wp\/v2\/product_cat?post=4428"},{"taxonomy":"product_tag","embeddable":true,"href":"https:\/\/phukienflytech.vn\/en\/wp-json\/wp\/v2\/product_tag?post=4428"}],"curies":[{"name":"wp","href":"https:\/\/api.w.org\/{rel}","templated":true}]}}