{"id":4440,"date":"2020-06-17T14:40:53","date_gmt":"2020-06-17T07:40:53","guid":{"rendered":"http:\/\/27430.lamdx.vinawebsite.vn\/san-pham\/hop-dung-filter-phantom-3-4-series.html"},"modified":"2020-10-15T19:22:17","modified_gmt":"2020-10-15T12:22:17","slug":"filter-box-for-phantom","status":"publish","type":"product","link":"https:\/\/phukienflytech.vn\/en\/san-pham\/filter-box-for-phantom.html","title":{"rendered":"Filter box for Phantom 3\/4"},"content":{"rendered":"<h2><em><strong><span style=\"font-size: 21px; color: #0000ff;\">Filter box for Phantom<\/span><\/strong><\/em><\/h2>\n<p><span style=\"font-size: 18px;\">Filter box for Phantom<\/span><\/p>\n<p><span style=\"font-size: 18px;\">M\u1ed7i m\u1ed9t Pilot khi s\u1edf h\u1eefu m\u1ed9t chi\u1ebfc flycam c\u1ee7a DJI th\u00ec ai c\u0169ng trang b\u1ecb cho drone m\u1ed9t hay v\u00e0i chi\u1ebfc filter, \u0111\u1ec3 ta c\u00f3 th\u1ec3 th\u1ecfa m\u00e3n h\u01a1n sau nh\u1eefng t\u1ea7m h\u00ecnh hay th\u01b0\u1edbc film ghi l\u1ea1i nh\u1eefng khung c\u1ea3nh th\u1eadt \u0111\u1eb9p theo c\u00e1ch c\u1ee7a ri\u00eang m\u00ecnh<\/span><\/p>\n<p>&nbsp;<\/p>\n<p><span style=\"font-size: 18px;\"><img loading=\"lazy\" decoding=\"async\" class=\"alignnone wp-image-12212 size-medium\" src=\"https:\/\/phukienflytech.vn\/wp-content\/uploads\/2020\/05\/hop-dung-filter-phantom-3-4-series-4429-5-400x400.jpg\" alt=\"Filter-box-for-Phantom-1\" width=\"400\" height=\"400\" srcset=\"https:\/\/phukienflytech.vn\/wp-content\/uploads\/2020\/05\/hop-dung-filter-phantom-3-4-series-4429-5.jpg 400w, https:\/\/phukienflytech.vn\/wp-content\/uploads\/2020\/05\/hop-dung-filter-phantom-3-4-series-4429-5-280x280.jpg 280w, https:\/\/phukienflytech.vn\/wp-content\/uploads\/2020\/05\/hop-dung-filter-phantom-3-4-series-4429-5-300x300.jpg 300w, https:\/\/phukienflytech.vn\/wp-content\/uploads\/2020\/05\/hop-dung-filter-phantom-3-4-series-4429-5-100x100.jpg 100w\" sizes=\"auto, (max-width: 400px) 100vw, 400px\" \/><\/span><\/p>\n<p>&nbsp;<\/p>\n<p><span style=\"font-size: 18px;\">C\u0169ng c\u00f3 nh\u1eefng Pilot l\u1ef1a ch\u1ecdn cho m\u00ecnh nguy\u00ean m\u1ed9t g\u00f3i combo filter \u0111\u1ea7y \u0111\u1ee7, c\u00f2n \u0111a s\u1ed1 ch\u00fang ta \u0111\u1ec1u l\u1ef1a ch\u1ecdn nh\u1eefng filter l\u1ebb theo \u00fd mu\u1ed1n. Vi\u1ec7c c\u00f3 t\u1edbi 2 hay 3 filter l\u1ebb m\u00e0 ph\u1ea3i s\u1eed d\u1ee5ng t\u1eebng chi\u1ebfc h\u1ed9p r\u1eddi \u0111\u1ec3 mang \u0111i th\u00ec th\u1eadt b\u1ea5t ti\u1ec7n m\u00e0 vi\u1ec7c b\u1ea3o qu\u1ea3n l\u1ea1i kh\u00f4ng th\u1ef1c s\u1ef1 t\u1ed1t.<\/span><\/p>\n<p>&nbsp;<\/p>\n<p><span style=\"font-size: 18px;\"><img loading=\"lazy\" decoding=\"async\" class=\"alignnone wp-image-12214 size-medium\" src=\"https:\/\/phukienflytech.vn\/wp-content\/uploads\/2020\/05\/hop-dung-filter-phantom-3-4-series-4429-1-1-400x400.jpg\" alt=\"Filter-box-for-Phantom\" width=\"400\" height=\"400\" srcset=\"https:\/\/phukienflytech.vn\/wp-content\/uploads\/2020\/05\/hop-dung-filter-phantom-3-4-series-4429-1-1.jpg 400w, https:\/\/phukienflytech.vn\/wp-content\/uploads\/2020\/05\/hop-dung-filter-phantom-3-4-series-4429-1-1-280x280.jpg 280w, https:\/\/phukienflytech.vn\/wp-content\/uploads\/2020\/05\/hop-dung-filter-phantom-3-4-series-4429-1-1-300x300.jpg 300w, https:\/\/phukienflytech.vn\/wp-content\/uploads\/2020\/05\/hop-dung-filter-phantom-3-4-series-4429-1-1-100x100.jpg 100w\" sizes=\"auto, (max-width: 400px) 100vw, 400px\" \/><\/span><\/p>\n<p>&nbsp;<\/p>\n<p><span style=\"font-size: 18px;\">Do v\u1eady, h\u00e3y s\u1eed d\u1ee5ng chi\u1ebfc\u00a0<a href=\"http:\/\/phukienflytech.vn\/san-pham\/hop-dung-filter-phantom-3-4-series.html\">h\u1ed9p \u0111\u1ef1ng filter \u2013 lens flycam DJI Phantom 3\/ 4<\/a>\u00a0series n\u00e0y \u0111\u01b0\u1ee3c h\u00e3ng Sunnylife thi\u1ebft k\u1ebf v\u00e0 s\u1ea3n xu\u1ea5t v\u1edbi ch\u1ea5t li\u1ec7u v\u00f4 c\u00f9ng th\u00e2n thi\u1ec7n, m\u1ec1m m\u1ea1i v\u00e0 c\u00f3 kh\u1ea3 n\u0103ng ch\u1ed1ng s\u1ed1c ch\u1ed1ng n\u01b0\u1edbc r\u1ea5t t\u1ed1t<\/span><\/p>\n<p><span style=\"font-size: 18px;\">Kh\u00f4ng ch\u1ec9 c\u00f3 kh\u1ea3 n\u0103ng ch\u1ee9a \u0111\u1ef1ng filter (b\u1ed9 6) nh\u01b0:\u00a0<a href=\"http:\/\/phukienflytech.vn\/san-pham\/goi-combo-2-phantom-4.html\" target=\"_blank\" rel=\"noopener noreferrer\">Filter ND series\u00a0<\/a>,\u00a0<a href=\"http:\/\/phukienflytech.vn\/san-pham\/filter-mcuv-phantom-34.html\" target=\"_blank\" rel=\"noopener noreferrer\">Filter MCUV<\/a>\u00a0,\u00a0<a href=\"http:\/\/phukienflytech.vn\/san-pham\/filter-cpl-phantom-34.html\" target=\"_blank\" rel=\"noopener noreferrer\">Filter CPL\u00a0<\/a>d\u00e0nh cho Phantom 3, Phantom 4 series m\u00e0 b\u1ea1n c\u00f2n c\u00f3 th\u1ec3 cho th\u00eam c\u00e1c ph\u1ee5 ki\u1ec7n gi\u00e1 tr\u1ecb nh\u01b0ng k\u00edch th\u01b0\u1edbc nh\u1ecf kh\u00e1c nh\u01b0: th\u1ebb nh\u1edb, usb\u2026<\/span><\/p>\n<p><span style=\"font-size: 18px;\">H\u00e3y c\u00f9ng trang b\u1ecb ngay chi\u1ebfc\u00a0<a href=\"http:\/\/phukienflytech.vn\/san-pham\/hop-dung-filter-phantom-3-4-series.html\">h\u1ed9p \u0111\u1ef1ng filter <\/a>\u00a0 si\u00eau ti\u1ec7n l\u1ee3i v\u00e0 th\u1eddi trang n\u00e0y<\/span><\/p>\n<p><span style=\"font-size: 18px;\">H\u00e3y \u0111\u1ec3\u00a0<a href=\"https:\/\/facebook.com\/phukienflycam\/\" target=\"_blank\" rel=\"noopener noreferrer\">Ph\u1ee5 Ki\u1ec7n Fly-cam Gi\u00e1 T\u1ed1t<\/a>\u00a0ti\u1ebfp s\u1ee9c \u0111am m\u00ea, c\u00f4ng vi\u1ec7c c\u1ee7a b\u1ea1n, gi\u00fap b\u1ea1n th\u00eam ni\u1ec1m h\u1ee9ng kh\u1edfi trong \u0111am m\u00ea c\u0169ng nh\u01b0 c\u00f4ng vi\u1ec7c c\u1ee7a m\u00ecnh th\u00eam su\u00f4n s\u1ebb<\/span><\/p>\n<p><span style=\"font-size: 18px;\">Nh\u00e0 s\u1ea3n xu\u1ea5t : Sunnylife \u2013 Vendor cung \u1ee9ng ph\u1ee5 ki\u1ec7n h\u00e0ng \u0111\u1ea7u d\u00e0nh cho flycam DJI<\/span><\/p>\n<p>&nbsp;<\/p>\n","protected":false},"excerpt":{"rendered":"<p>Filter box for Phantom Filter box for Phantom M\u1ed7i m\u1ed9t Pilot khi s\u1edf h\u1eefu m\u1ed9t chi\u1ebfc flycam c\u1ee7a DJI th\u00ec ai c\u0169ng trang b\u1ecb cho drone m\u1ed9t hay v\u00e0i chi\u1ebfc filter, \u0111\u1ec3 ta c\u00f3 th\u1ec3 th\u1ecfa m\u00e3n h\u01a1n sau nh\u1eefng t\u1ea7m h\u00ecnh hay th\u01b0\u1edbc film ghi l\u1ea1i nh\u1eefng khung c\u1ea3nh th\u1eadt \u0111\u1eb9p theo c\u00e1ch c\u1ee7a &#8230;<\/p>\n","protected":false},"featured_media":16294,"comment_status":"open","ping_status":"closed","template":"","meta":{"_acf_changed":false},"product_brand":[],"product_cat":[183,182],"product_tag":[206,226],"class_list":{"0":"post-4440","1":"product","2":"type-product","3":"status-publish","4":"has-post-thumbnail","6":"product_cat-phantom-3-accessory","7":"product_cat-phantom-4-accessory","8":"product_tag-phu-kien-dji-en","9":"product_tag-phu-kien-phantom-en","11":"first","12":"instock","13":"shipping-taxable","14":"purchasable","15":"product-type-simple"},"acf":[],"yoast_head":"<!-- This site is optimized with the Yoast SEO plugin v25.7 - https:\/\/yoast.com\/wordpress\/plugins\/seo\/ -->\n<title>Filter box for Phantom - Sunnylife - Phantom accessory - available.<\/title>\n<meta name=\"description\" content=\"Filter box for Phantom is one of the most important accessory. Contact us to buy Filter box for Phantom for best price, fast shipping.\" \/>\n<meta name=\"robots\" content=\"index, follow, max-snippet:-1, max-image-preview:large, max-video-preview:-1\" \/>\n<link rel=\"canonical\" href=\"https:\/\/phukienflytech.vn\/en\/san-pham\/filter-box-for-phantom.html\" \/>\n<meta property=\"og:locale\" content=\"en_US\" \/>\n<meta property=\"og:type\" content=\"article\" \/>\n<meta property=\"og:title\" content=\"Filter box for Phantom - Sunnylife - Phantom accessory - available.\" \/>\n<meta property=\"og:description\" content=\"Filter box for Phantom is one of the most important accessory. Contact us to buy Filter box for Phantom for best price, fast shipping.\" \/>\n<meta property=\"og:url\" content=\"https:\/\/phukienflytech.vn\/en\/san-pham\/filter-box-for-phantom.html\" \/>\n<meta property=\"og:site_name\" content=\"Shop M\u00e1y \u1ea3nh - Action Camera - Gimbal - Flycam - Ph\u1ee5 ki\u1ec7n\" \/>\n<meta property=\"article:publisher\" content=\"https:\/\/facebook.com\/phukienflycam\" \/>\n<meta property=\"article:modified_time\" content=\"2020-10-15T12:22:17+00:00\" \/>\n<meta property=\"og:image\" content=\"https:\/\/phukienflytech.vn\/wp-content\/uploads\/2020\/05\/hap_filter_pt.jpg1_.jpg\" \/>\n\t<meta property=\"og:image:width\" content=\"243\" \/>\n\t<meta property=\"og:image:height\" content=\"243\" \/>\n\t<meta property=\"og:image:type\" content=\"image\/jpeg\" \/>\n<meta name=\"twitter:card\" content=\"summary_large_image\" \/>\n<meta name=\"twitter:label1\" content=\"Est. reading time\" \/>\n\t<meta name=\"twitter:data1\" content=\"2 minutes\" \/>\n<script type=\"application\/ld+json\" class=\"yoast-schema-graph\">{\"@context\":\"https:\/\/schema.org\",\"@graph\":[{\"@type\":\"WebPage\",\"@id\":\"https:\/\/phukienflytech.vn\/en\/san-pham\/filter-box-for-phantom.html\",\"url\":\"https:\/\/phukienflytech.vn\/en\/san-pham\/filter-box-for-phantom.html\",\"name\":\"Filter box for Phantom - Sunnylife - Phantom accessory - available.\",\"isPartOf\":{\"@id\":\"https:\/\/phukienflytech.vn\/#website\"},\"primaryImageOfPage\":{\"@id\":\"https:\/\/phukienflytech.vn\/en\/san-pham\/filter-box-for-phantom.html#primaryimage\"},\"image\":{\"@id\":\"https:\/\/phukienflytech.vn\/en\/san-pham\/filter-box-for-phantom.html#primaryimage\"},\"thumbnailUrl\":\"https:\/\/phukienflytech.vn\/wp-content\/uploads\/2020\/05\/hap_filter_pt.jpg1_.jpg\",\"datePublished\":\"2020-06-17T07:40:53+00:00\",\"dateModified\":\"2020-10-15T12:22:17+00:00\",\"description\":\"Filter box for Phantom is one of the most important accessory. Contact us to buy Filter box for Phantom for best price, fast shipping.\",\"breadcrumb\":{\"@id\":\"https:\/\/phukienflytech.vn\/en\/san-pham\/filter-box-for-phantom.html#breadcrumb\"},\"inLanguage\":\"en-US\",\"potentialAction\":[{\"@type\":\"ReadAction\",\"target\":[\"https:\/\/phukienflytech.vn\/en\/san-pham\/filter-box-for-phantom.html\"]}]},{\"@type\":\"ImageObject\",\"inLanguage\":\"en-US\",\"@id\":\"https:\/\/phukienflytech.vn\/en\/san-pham\/filter-box-for-phantom.html#primaryimage\",\"url\":\"https:\/\/phukienflytech.vn\/wp-content\/uploads\/2020\/05\/hap_filter_pt.jpg1_.jpg\",\"contentUrl\":\"https:\/\/phukienflytech.vn\/wp-content\/uploads\/2020\/05\/hap_filter_pt.jpg1_.jpg\",\"width\":243,\"height\":243},{\"@type\":\"BreadcrumbList\",\"@id\":\"https:\/\/phukienflytech.vn\/en\/san-pham\/filter-box-for-phantom.html#breadcrumb\",\"itemListElement\":[{\"@type\":\"ListItem\",\"position\":1,\"name\":\"Home\",\"item\":\"https:\/\/phukienflytech.vn\/en\"},{\"@type\":\"ListItem\",\"position\":2,\"name\":\"Ph\u1ee5 ki\u1ec7n Mavic Pro\",\"item\":\"https:\/\/phukienflytech.vn\/en\/phu-kien-mavic-pro.html\"},{\"@type\":\"ListItem\",\"position\":3,\"name\":\"DJI Osmo &amp; Drone's accessories\",\"item\":\"https:\/\/phukienflytech.vn\/en\/danh-muc\/dji-osmo-drones-accessories.html\"},{\"@type\":\"ListItem\",\"position\":4,\"name\":\"Ph\u1ee5 ki\u1ec7n flycam Phantom 3\",\"item\":\"https:\/\/phukienflytech.vn\/en\/danh-muc\/phantom-3-accessory.html\"},{\"@type\":\"ListItem\",\"position\":5,\"name\":\"Filter box for Phantom 3\/4\"}]},{\"@type\":\"WebSite\",\"@id\":\"https:\/\/phukienflytech.vn\/#website\",\"url\":\"https:\/\/phukienflytech.vn\/\",\"name\":\"Shop M\u00e1y \u1ea3nh - Action Camera - Gimbal - Flycam - Ph\u1ee5 ki\u1ec7n\",\"description\":\"Shop M\u00e1y \u1ea3nh - Action Camera - Gimbal - Flycam - Ph\u1ee5 ki\u1ec7n\",\"publisher\":{\"@id\":\"https:\/\/phukienflytech.vn\/#organization\"},\"potentialAction\":[{\"@type\":\"SearchAction\",\"target\":{\"@type\":\"EntryPoint\",\"urlTemplate\":\"https:\/\/phukienflytech.vn\/?s={search_term_string}\"},\"query-input\":{\"@type\":\"PropertyValueSpecification\",\"valueRequired\":true,\"valueName\":\"search_term_string\"}}],\"inLanguage\":\"en-US\"},{\"@type\":\"Organization\",\"@id\":\"https:\/\/phukienflytech.vn\/#organization\",\"name\":\"DJI Store - Shop Drone, Action camera, Gimbal DJI |Phukienflytech\",\"alternateName\":\"DJI Store - Shop Drone, Action camera, Gimbal DJI |Phukienflytech\",\"url\":\"https:\/\/phukienflytech.vn\/\",\"logo\":{\"@type\":\"ImageObject\",\"inLanguage\":\"en-US\",\"@id\":\"https:\/\/phukienflytech.vn\/#\/schema\/logo\/image\/\",\"url\":\"https:\/\/phukienflytech.vn\/wp-content\/uploads\/2020\/05\/hAnh_nan.jpg1_.jpg\",\"contentUrl\":\"https:\/\/phukienflytech.vn\/wp-content\/uploads\/2020\/05\/hAnh_nan.jpg1_.jpg\",\"width\":800,\"height\":450,\"caption\":\"DJI Store - Shop Drone, Action camera, Gimbal DJI |Phukienflytech\"},\"image\":{\"@id\":\"https:\/\/phukienflytech.vn\/#\/schema\/logo\/image\/\"},\"sameAs\":[\"https:\/\/facebook.com\/phukienflycam\",\"https:\/\/www.youtube.com\/@phukienflytech\",\"https:\/\/www.tiktok.com\/@flytech.channel?fbclid=IwY2xjawGjg7BleHRuA2FlbQIxMAABHYVGmlXpuSMs0UB2zTpYvyT4GMVfN2qJa4urF4vkSQ6FAVBwXZtDP30qQA_aem_UwMiDcUvlEbd2tXAmsc8Og\"]}]}<\/script>\n<!-- \/ Yoast SEO plugin. -->","yoast_head_json":{"title":"Filter box for Phantom - Sunnylife - Phantom accessory - available.","description":"Filter box for Phantom is one of the most important accessory. Contact us to buy Filter box for Phantom for best price, fast shipping.","robots":{"index":"index","follow":"follow","max-snippet":"max-snippet:-1","max-image-preview":"max-image-preview:large","max-video-preview":"max-video-preview:-1"},"canonical":"https:\/\/phukienflytech.vn\/en\/san-pham\/filter-box-for-phantom.html","og_locale":"en_US","og_type":"article","og_title":"Filter box for Phantom - Sunnylife - Phantom accessory - available.","og_description":"Filter box for Phantom is one of the most important accessory. Contact us to buy Filter box for Phantom for best price, fast shipping.","og_url":"https:\/\/phukienflytech.vn\/en\/san-pham\/filter-box-for-phantom.html","og_site_name":"Shop M\u00e1y \u1ea3nh - Action Camera - Gimbal - Flycam - Ph\u1ee5 ki\u1ec7n","article_publisher":"https:\/\/facebook.com\/phukienflycam","article_modified_time":"2020-10-15T12:22:17+00:00","og_image":[{"width":243,"height":243,"url":"https:\/\/phukienflytech.vn\/wp-content\/uploads\/2020\/05\/hap_filter_pt.jpg1_.jpg","type":"image\/jpeg"}],"twitter_card":"summary_large_image","twitter_misc":{"Est. reading time":"2 minutes"},"schema":{"@context":"https:\/\/schema.org","@graph":[{"@type":"WebPage","@id":"https:\/\/phukienflytech.vn\/en\/san-pham\/filter-box-for-phantom.html","url":"https:\/\/phukienflytech.vn\/en\/san-pham\/filter-box-for-phantom.html","name":"Filter box for Phantom - Sunnylife - Phantom accessory - available.","isPartOf":{"@id":"https:\/\/phukienflytech.vn\/#website"},"primaryImageOfPage":{"@id":"https:\/\/phukienflytech.vn\/en\/san-pham\/filter-box-for-phantom.html#primaryimage"},"image":{"@id":"https:\/\/phukienflytech.vn\/en\/san-pham\/filter-box-for-phantom.html#primaryimage"},"thumbnailUrl":"https:\/\/phukienflytech.vn\/wp-content\/uploads\/2020\/05\/hap_filter_pt.jpg1_.jpg","datePublished":"2020-06-17T07:40:53+00:00","dateModified":"2020-10-15T12:22:17+00:00","description":"Filter box for Phantom is one of the most important accessory. Contact us to buy Filter box for Phantom for best price, fast shipping.","breadcrumb":{"@id":"https:\/\/phukienflytech.vn\/en\/san-pham\/filter-box-for-phantom.html#breadcrumb"},"inLanguage":"en-US","potentialAction":[{"@type":"ReadAction","target":["https:\/\/phukienflytech.vn\/en\/san-pham\/filter-box-for-phantom.html"]}]},{"@type":"ImageObject","inLanguage":"en-US","@id":"https:\/\/phukienflytech.vn\/en\/san-pham\/filter-box-for-phantom.html#primaryimage","url":"https:\/\/phukienflytech.vn\/wp-content\/uploads\/2020\/05\/hap_filter_pt.jpg1_.jpg","contentUrl":"https:\/\/phukienflytech.vn\/wp-content\/uploads\/2020\/05\/hap_filter_pt.jpg1_.jpg","width":243,"height":243},{"@type":"BreadcrumbList","@id":"https:\/\/phukienflytech.vn\/en\/san-pham\/filter-box-for-phantom.html#breadcrumb","itemListElement":[{"@type":"ListItem","position":1,"name":"Home","item":"https:\/\/phukienflytech.vn\/en"},{"@type":"ListItem","position":2,"name":"Ph\u1ee5 ki\u1ec7n Mavic Pro","item":"https:\/\/phukienflytech.vn\/en\/phu-kien-mavic-pro.html"},{"@type":"ListItem","position":3,"name":"DJI Osmo &amp; Drone's accessories","item":"https:\/\/phukienflytech.vn\/en\/danh-muc\/dji-osmo-drones-accessories.html"},{"@type":"ListItem","position":4,"name":"Ph\u1ee5 ki\u1ec7n flycam Phantom 3","item":"https:\/\/phukienflytech.vn\/en\/danh-muc\/phantom-3-accessory.html"},{"@type":"ListItem","position":5,"name":"Filter box for Phantom 3\/4"}]},{"@type":"WebSite","@id":"https:\/\/phukienflytech.vn\/#website","url":"https:\/\/phukienflytech.vn\/","name":"Shop M\u00e1y \u1ea3nh - Action Camera - Gimbal - Flycam - Ph\u1ee5 ki\u1ec7n","description":"Shop M\u00e1y \u1ea3nh - Action Camera - Gimbal - Flycam - Ph\u1ee5 ki\u1ec7n","publisher":{"@id":"https:\/\/phukienflytech.vn\/#organization"},"potentialAction":[{"@type":"SearchAction","target":{"@type":"EntryPoint","urlTemplate":"https:\/\/phukienflytech.vn\/?s={search_term_string}"},"query-input":{"@type":"PropertyValueSpecification","valueRequired":true,"valueName":"search_term_string"}}],"inLanguage":"en-US"},{"@type":"Organization","@id":"https:\/\/phukienflytech.vn\/#organization","name":"DJI Store - Shop Drone, Action camera, Gimbal DJI |Phukienflytech","alternateName":"DJI Store - Shop Drone, Action camera, Gimbal DJI |Phukienflytech","url":"https:\/\/phukienflytech.vn\/","logo":{"@type":"ImageObject","inLanguage":"en-US","@id":"https:\/\/phukienflytech.vn\/#\/schema\/logo\/image\/","url":"https:\/\/phukienflytech.vn\/wp-content\/uploads\/2020\/05\/hAnh_nan.jpg1_.jpg","contentUrl":"https:\/\/phukienflytech.vn\/wp-content\/uploads\/2020\/05\/hAnh_nan.jpg1_.jpg","width":800,"height":450,"caption":"DJI Store - Shop Drone, Action camera, Gimbal DJI |Phukienflytech"},"image":{"@id":"https:\/\/phukienflytech.vn\/#\/schema\/logo\/image\/"},"sameAs":["https:\/\/facebook.com\/phukienflycam","https:\/\/www.youtube.com\/@phukienflytech","https:\/\/www.tiktok.com\/@flytech.channel?fbclid=IwY2xjawGjg7BleHRuA2FlbQIxMAABHYVGmlXpuSMs0UB2zTpYvyT4GMVfN2qJa4urF4vkSQ6FAVBwXZtDP30qQA_aem_UwMiDcUvlEbd2tXAmsc8Og"]}]}},"_links":{"self":[{"href":"https:\/\/phukienflytech.vn\/en\/wp-json\/wp\/v2\/product\/4440","targetHints":{"allow":["GET"]}}],"collection":[{"href":"https:\/\/phukienflytech.vn\/en\/wp-json\/wp\/v2\/product"}],"about":[{"href":"https:\/\/phukienflytech.vn\/en\/wp-json\/wp\/v2\/types\/product"}],"replies":[{"embeddable":true,"href":"https:\/\/phukienflytech.vn\/en\/wp-json\/wp\/v2\/comments?post=4440"}],"wp:featuredmedia":[{"embeddable":true,"href":"https:\/\/phukienflytech.vn\/en\/wp-json\/wp\/v2\/media\/16294"}],"wp:attachment":[{"href":"https:\/\/phukienflytech.vn\/en\/wp-json\/wp\/v2\/media?parent=4440"}],"wp:term":[{"taxonomy":"product_brand","embeddable":true,"href":"https:\/\/phukienflytech.vn\/en\/wp-json\/wp\/v2\/product_brand?post=4440"},{"taxonomy":"product_cat","embeddable":true,"href":"https:\/\/phukienflytech.vn\/en\/wp-json\/wp\/v2\/product_cat?post=4440"},{"taxonomy":"product_tag","embeddable":true,"href":"https:\/\/phukienflytech.vn\/en\/wp-json\/wp\/v2\/product_tag?post=4440"}],"curies":[{"name":"wp","href":"https:\/\/api.w.org\/{rel}","templated":true}]}}