{"id":44420,"date":"2022-06-23T22:46:10","date_gmt":"2022-06-23T15:46:10","guid":{"rendered":"https:\/\/phukienflytech.vn\/san-pham\/filter-nd-pl-mavic-mini-3-sunnylife.html"},"modified":"2022-08-30T20:28:50","modified_gmt":"2022-08-30T13:28:50","slug":"filter-nd-pl-mavic-mini-3-sunnylife","status":"publish","type":"product","link":"https:\/\/phukienflytech.vn\/en\/san-pham\/filter-nd-pl-mavic-mini-3-sunnylife.html","title":{"rendered":"Filter ND-PL Mavic mini 3 &#8211; Sunnylife"},"content":{"rendered":"<h2><span style=\"font-size: 21px; color: #0000ff;\"><strong>Filter ND-PL Mavic mini 3 &#8211; Sunnylife<\/strong><\/span><\/h2>\n<p><span style=\"font-size: 17px; color: #282828;\">Filter ND-PL Mavic mini 3<\/span><\/p>\n<p><span style=\"font-size: 17px; color: #282828;\">.<\/span><\/p>\n<p><span style=\"font-size: 17px; color: #282828;\"><img loading=\"lazy\" decoding=\"async\" class=\"aligncenter size-full wp-image-43843\" src=\"https:\/\/phukienflytech.vn\/wp-content\/uploads\/2022\/06\/2-3.png\" alt=\"\" width=\"850\" height=\"529\" srcset=\"https:\/\/phukienflytech.vn\/wp-content\/uploads\/2022\/06\/2-3.png 850w, https:\/\/phukienflytech.vn\/wp-content\/uploads\/2022\/06\/2-3-643x400.png 643w, https:\/\/phukienflytech.vn\/wp-content\/uploads\/2022\/06\/2-3-768x478.png 768w, https:\/\/phukienflytech.vn\/wp-content\/uploads\/2022\/06\/2-3-600x373.png 600w\" sizes=\"auto, (max-width: 850px) 100vw, 850px\" \/><\/span><\/p>\n<p><span style=\"font-size: 17px; color: #282828;\">.<\/span><\/p>\n<h2><span style=\"color: #0000ff; font-size: 21px;\"><strong>Gi\u1edbi thi\u1ec7u s\u1ea3n ph\u1ea9m : Filter ND-PL Mavic mini 3<\/strong><\/span><\/h2>\n<p><span style=\"font-size: 17px; color: #282828;\">Filter ND-PL DJI Mavic mini 3 \u2013 Sunnylife h\u1ed7 tr\u1ee3 Flycam ghi h\u00ecnh trong c\u00e1c \u0111i\u1ec1u ki\u1ec7n \u00e1nh s\u00e1ng kh\u00e1c nhau t\u1eeb u \u00e1m \u0111\u1ebfn \u00e1nh s\u00e1ng g\u1eaft. B\u1ed9 l\u1ecdc gi\u00fap l\u00e0m gi\u1ea3m l\u01b0\u1ee3ng \u00e1nh s\u00e1ng \u0111i v\u00e0o \u1ed1ng k\u00ednh. V\u1edbi s\u1ef1 h\u1ed7 tr\u1ee3 n\u00e0y, ng\u01b0\u1eddi \u0111i\u1ec1u khi\u1ec3n c\u00f3 th\u1ec3 \u0111i\u1ec1u ch\u1ec9nh c\u00e1c c\u00e0i \u0111\u1eb7t ph\u01a1i s\u00e1ng theo c\u00e1ch th\u1ee7 c\u00f4ng khi c\u1ea7n. Ch\u00fang t\u00f4i xin gi\u1edbi thi\u1ec7u b\u1ed9 k\u00ednh l\u1ecdc Sunnylife Filter for MAVIC MINI 3 ND-PL\u00a0 (ND8\/PL ND16\/PL ND32\/PL ND64\/PL)<\/span><\/p>\n<p><span style=\"font-size: 17px; color: #282828;\">.<\/span><\/p>\n<p><span style=\"font-size: 17px; color: #282828;\"><img loading=\"lazy\" decoding=\"async\" class=\"aligncenter size-full wp-image-43847\" src=\"https:\/\/phukienflytech.vn\/wp-content\/uploads\/2022\/06\/4-2.png\" alt=\"\" width=\"850\" height=\"708\" srcset=\"https:\/\/phukienflytech.vn\/wp-content\/uploads\/2022\/06\/4-2.png 850w, https:\/\/phukienflytech.vn\/wp-content\/uploads\/2022\/06\/4-2-480x400.png 480w, https:\/\/phukienflytech.vn\/wp-content\/uploads\/2022\/06\/4-2-768x640.png 768w, https:\/\/phukienflytech.vn\/wp-content\/uploads\/2022\/06\/4-2-600x500.png 600w\" sizes=\"auto, (max-width: 850px) 100vw, 850px\" \/><\/span><\/p>\n<p><span style=\"font-size: 17px; color: #282828;\">.<\/span><\/p>\n<p><span style=\"font-size: 17px; color: #282828;\">&gt;&gt;&gt; Xem th\u00eam: <span style=\"color: #0000ff;\"><strong><a style=\"color: #0000ff;\" href=\"https:\/\/phukienflytech.vn\/danh-muc\/phu-kien-mavic-air-2.html\" target=\"_blank\" rel=\"noopener noreferrer\">Ph\u1ee5 ki\u1ec7n Mavic mini \/ mini 3<\/a><\/strong><\/span><\/span><\/p>\n<h2><span style=\"color: #0000ff; font-size: 21px;\"><strong>M\u00f4 t\u1ea3 s\u1ea3n ph\u1ea9m:\u00a0<\/strong><\/span><\/h2>\n<div><span style=\"font-size: 17px; color: #282828;\">\u2705 S\u1ea3n ph\u1ea9m d\u00f9ng cho Mavic mini 3<\/span><\/div>\n<div><span style=\"font-size: 17px; color: #282828;\">\u2705 H\u00e3ng ch\u00ednh h\u00e3ng Sunnylife<\/span><\/div>\n<div><span style=\"font-size: 17px; color: #282828;\">\u2705 Kh\u00f4ng h\u1ec1 \u1ea3nh h\u01b0\u1edfng \u0111\u1ebfn gimbal trong qu\u00e1 tr\u00ecnh s\u1eed d\u1ee5ng<\/span><\/div>\n<div><span style=\"font-size: 17px; color: #282828;\">\u2705 D\u1ec5 d\u00e0ng thao t\u00e1c, th\u00e1o l\u1eafp<\/span><\/div>\n<div><span style=\"font-size: 17px; color: #282828;\"> \u2705 Khung filter \u0111\u01b0\u1ee3c l\u00e0m b\u1eb1ng nh\u00f4m h\u00e0ng kh\u00f4ng.<\/span><\/div>\n<div><span style=\"font-size: 17px; color: #282828;\">\u2705 S\u1eed d\u1ee5ng v\u1eadt li\u1ec7u l\u00e0 k\u00ednh quang h\u1ecdc c\u1ee7a \u0110\u1ee9c \u0111\u01b0\u1ee3c m\u00e0i v\u00e0 \u0111\u00e1nh b\u00f3ng nhi\u1ec1u l\u1ea7n \u0111\u1ec3 t\u1ea1o ra ch\u1ec9 s\u1ed1 kh\u00fac x\u1ea1 th\u1ea5p<\/span><\/div>\n<div><span style=\"font-size: 17px; color: #282828;\">\u2705 B\u1ed9 s\u1ea3n ph\u1ea9m g\u1ed3m : 1 Filter ND-PL + 1 h\u1ed9p \u0111\u1ef1ng v\u00e0 kh\u0103n lau chuy\u00ean nghi\u1ec7p.<\/span><\/div>\n<div><span style=\"color: #282828; font-size: 17px;\">.<\/span><\/div>\n<div><span style=\"font-size: 17px; color: #282828;\"><img loading=\"lazy\" decoding=\"async\" class=\"aligncenter wp-image-43851 size-full\" src=\"https:\/\/phukienflytech.vn\/wp-content\/uploads\/2022\/06\/6-2.png\" alt=\"filter-nd-pl-mavic-mini-3-sunnylife\" width=\"850\" height=\"763\" srcset=\"https:\/\/phukienflytech.vn\/wp-content\/uploads\/2022\/06\/6-2.png 850w, https:\/\/phukienflytech.vn\/wp-content\/uploads\/2022\/06\/6-2-446x400.png 446w, https:\/\/phukienflytech.vn\/wp-content\/uploads\/2022\/06\/6-2-768x689.png 768w, https:\/\/phukienflytech.vn\/wp-content\/uploads\/2022\/06\/6-2-600x539.png 600w\" sizes=\"auto, (max-width: 850px) 100vw, 850px\" \/><\/span><\/div>\n<p><span style=\"font-size: 17px; color: #282828;\"> .<\/span><\/p>\n<h2><span style=\"color: #0000ff; font-size: 21px;\"><strong>C\u00f4ng d\u1ee5ng s\u1ea3n ph\u1ea9m:\u00a0<\/strong><\/span><\/h2>\n<p><span style=\"font-size: 17px; color: #282828;\">\u2705 Gi\u00fap b\u00e3o h\u00f2a m\u00e0u s\u1eafc v\u00e0 c\u1ea3i thi\u1ec7n \u0111\u1ed9 s\u1eafc n\u00e9t c\u1ee7a h\u00ecnh \u1ea3nh \u0111\u1ec3 t\u1ea1o ra nh\u1eefng b\u1ee9c \u1ea3nh s\u1ed1ng \u0111\u1ed9ng h\u01a1n<\/span><\/p>\n<p><span style=\"font-size: 17px; color: #282828;\">\u2705 Ng\u0103n ch\u1eb7n \u00e1nh s\u00e1ng xanh lam gi\u00fap h\u00ecnh \u1ea3nh kh\u00f4ng b\u1ecb ng\u1ea3 xanh ho\u1eb7c h\u01a1i tr\u1eafng khi ch\u1ee5p \u1edf nh\u1eefng kh\u00f4ng gian m\u1edf nh\u01b0 tr\u00ean bi\u1ec3n ho\u1eb7c tr\u00ean nh\u1eefng c\u00e1nh \u0111\u1ed3ng r\u1ed9ng l\u1edbn.<\/span><\/p>\n<p><span style=\"font-size: 17px; color: #282828;\">\u2705 B\u1ed9 l\u1ecdc s\u1eed d\u1ee5ng th\u1ee7y tinh SCHOTT c\u1ee7a \u0110\u1ee9c l\u00e0m v\u1eadt li\u1ec7u c\u01a1 b\u1ea3n, \u0111\u00e3 \u0111\u01b0\u1ee3c m\u00e0i v\u00e0 \u0111\u00e1nh b\u00f3ng nhi\u1ec1u l\u1ea7n \u0111\u1ec3 t\u1ea1o ra ch\u1ec9 s\u1ed1 kh\u00fac x\u1ea1 th\u1ea5p \u0111\u1ec3 ch\u1ee5p \u1ea3nh ch\u00ednh x\u00e1c v\u1ec1 m\u00e0u s\u1eafc.<\/span><\/p>\n<p><span style=\"font-size: 17px; color: #282828;\">.<\/span><\/p>\n<p><span style=\"font-size: 17px; color: #282828;\"><img loading=\"lazy\" decoding=\"async\" class=\"aligncenter wp-image-43857 size-full\" src=\"https:\/\/phukienflytech.vn\/wp-content\/uploads\/2022\/06\/Capture-6.png\" alt=\"filter-nd-pl-mavic-mini-3-sunnylife\" width=\"850\" height=\"579\" srcset=\"https:\/\/phukienflytech.vn\/wp-content\/uploads\/2022\/06\/Capture-6.png 850w, https:\/\/phukienflytech.vn\/wp-content\/uploads\/2022\/06\/Capture-6-587x400.png 587w, https:\/\/phukienflytech.vn\/wp-content\/uploads\/2022\/06\/Capture-6-768x523.png 768w, https:\/\/phukienflytech.vn\/wp-content\/uploads\/2022\/06\/Capture-6-600x409.png 600w\" sizes=\"auto, (max-width: 850px) 100vw, 850px\" \/><\/span><\/p>\n<p><span style=\"font-size: 17px; color: #282828;\">.<\/span><\/p>\n<h2><span style=\"color: #0000ff; font-size: 21px;\"><strong>H\u01b0\u1edbng d\u1eabn b\u1ea3o qu\u1ea3n :<\/strong><\/span><\/h2>\n<p><span style=\"font-size: 17px; color: #282828;\">\u2705 N\u00ean lau ch\u00f9i th\u01b0\u1eddng xuy\u00ean sau khi s\u1eed d\u1ee5ng xong. <\/span><\/p>\n<p><span style=\"font-size: 17px; color: #282828;\">\u2705 H\u1ea1n ch\u1ebf \u0111\u1ec3 v\u00e2n tay b\u00e1m tr\u00ean m\u1eb7t k\u00ednh g\u00e2y m\u1edd k\u00ednh. <\/span><\/p>\n<p><span style=\"font-size: 17px; color: #282828;\">\u2705 Tr\u00e1nh \u0111\u1ec3 c\u00e1c v\u1eadt n\u1eb7ng t\u00e1c \u0111\u1ed9ng m\u1ea1nh v\u00f4 k\u00ednh g\u00e2y x\u01b0\u1edbc, n\u1ee9t k\u00ednh.<\/span><\/p>\n<p><span style=\"color: #282828; font-size: 17px;\">.<\/span><\/p>\n<p><span style=\"font-size: 17px; color: #282828;\"><img loading=\"lazy\" decoding=\"async\" class=\"aligncenter wp-image-43845 size-full\" src=\"https:\/\/phukienflytech.vn\/wp-content\/uploads\/2022\/06\/3-2.png\" alt=\"filter-nd-pl-mavic-mini-3-sunnylife\" width=\"850\" height=\"512\" srcset=\"https:\/\/phukienflytech.vn\/wp-content\/uploads\/2022\/06\/3-2.png 850w, https:\/\/phukienflytech.vn\/wp-content\/uploads\/2022\/06\/3-2-664x400.png 664w, https:\/\/phukienflytech.vn\/wp-content\/uploads\/2022\/06\/3-2-768x463.png 768w, https:\/\/phukienflytech.vn\/wp-content\/uploads\/2022\/06\/3-2-600x361.png 600w\" sizes=\"auto, (max-width: 850px) 100vw, 850px\" \/><\/span><\/p>\n<p><span style=\"font-size: 17px; color: #282828;\">.<\/span><\/p>\n<h2><span style=\"color: #0000ff; font-size: 21px;\"><strong>Mua ph\u1ee5 ki\u1ec7n Mavic mini series \u1edf \u0111\u00e2u?<\/strong><\/span><\/h2>\n<p><span style=\"font-size: 17px; color: #282828;\"><span style=\"color: #0000ff;\"><a style=\"color: #0000ff;\" href=\"https:\/\/phukienflytech.vn\/\" target=\"_blank\" rel=\"noopener\"><strong>Ph\u1ee5 ki\u1ec7n flycam gi\u00e1 t\u1ed1t<\/strong><\/a>\u00a0<\/span>h\u00e2n h\u1ea1nh l\u00e0 \u0111\u01a1n v\u1ecb ph\u00e2n ph\u1ed1i ch\u00ednh h\u00e3ng c\u00e1c s\u1ea3n ph\u1ea9m c\u1ee7a Pgytech. T\u1edbi v\u1edbi ch\u00fang t\u00f4i, c\u00e1c b\u1ea1n s\u1ebd mua \u0111\u01b0\u1ee3c nh\u1eefng s\u1ea3n ph\u1ea9m ch\u00ednh h\u00e3ng v\u1edbi gi\u00e1 m\u1ed9t m\u1ee9c gi\u00e1 t\u1ed1t nh\u1ea5t tr\u00ean th\u1ecb tr\u01b0\u1eddng.<\/span><\/p>\n<p><span style=\"font-size: 17px; color: #282828;\">Kh\u00f4ng ch\u1ec9 nh\u1eefng s\u1ea3n ph\u1ea9m ph\u1ee5 ki\u1ec7n ch\u00ednh h\u00e3ng Mavic Air 2. Ch\u00fang t\u00f4i c\u0169ng ph\u00e2n ph\u1ed1i c\u00e1c d\u00f2ng s\u1ea3n ph\u1ea9m ph\u1ee5 ki\u1ec7n c\u1ee7a DJI Mavic 2, DJI Phantom, DJI Spark,.. ch\u00ednh h\u00e3ng t\u1edbi t\u1eeb DJI, Pgytech v\u00e0 SunnyLife.<\/span><\/p>\n<p><span style=\"font-size: 17px; color: #282828;\">H\u00e3y \u0111\u1ebfn v\u1edbi ph\u1ee5 ki\u1ec7n flycam gi\u00e1 t\u1ed1t \u0111\u1ec3 c\u00f3 \u0111\u01b0\u1ee3c\u00a0 m\u1ee9c gi\u00e1 t\u1ed1t v\u00e0 ch\u1ea5t l\u01b0\u1ee3ng \u0111\u1ea3m b\u1ea3o.<\/span><\/p>\n<p><span style=\"font-size: 17px; color: #282828;\">&gt;&gt;&gt; Admin lu\u00f4n s\u1eb5n s\u00e0ng l\u1eafng nghe b\u1ea1n tr\u00ean <span style=\"color: #0000ff;\">:<strong>\u00a0<a style=\"color: #0000ff;\" href=\"https:\/\/fb.com\/phukienflycam\" target=\"_blank\" rel=\"noopener\">FANPAGE Facebook<\/a><\/strong><\/span><\/span><\/p>\n<p>&nbsp;<\/p>\n<p>&nbsp;<\/p>\n","protected":false},"excerpt":{"rendered":"<p>Filter ND-PL Mavic mini 3 &#8211; Sunnylife Filter ND-PL Mavic mini 3 . . Gi\u1edbi thi\u1ec7u s\u1ea3n ph\u1ea9m : Filter ND-PL Mavic mini 3 Filter ND-PL DJI Mavic mini 3 \u2013 Sunnylife h\u1ed7 tr\u1ee3 Flycam ghi h\u00ecnh trong c\u00e1c \u0111i\u1ec1u ki\u1ec7n \u00e1nh s\u00e1ng kh\u00e1c nhau t\u1eeb u \u00e1m \u0111\u1ebfn \u00e1nh s\u00e1ng g\u1eaft. B\u1ed9 l\u1ecdc gi\u00fap &#8230;<\/p>\n","protected":false},"featured_media":43855,"comment_status":"open","ping_status":"closed","template":"","meta":{"_acf_changed":false},"product_brand":[],"product_cat":[],"product_tag":[],"class_list":{"0":"post-44420","1":"product","2":"type-product","3":"status-publish","4":"has-post-thumbnail","7":"first","8":"instock","9":"shipping-taxable","10":"product-type-simple"},"acf":[],"yoast_head":"<!-- This site is optimized with the Yoast SEO plugin v25.7 - https:\/\/yoast.com\/wordpress\/plugins\/seo\/ -->\n<title>Filter ND-PL Mavic mini 3 - Sunnylife<\/title>\n<meta name=\"description\" content=\"Filter ND-PL Mavic mini 3 - Sunnylife h\u1ed7 tr\u1ee3 ghi h\u00ecnh trong c\u00e1c \u0111i\u1ec1u ki\u1ec7n \u00e1nh s\u00e1ng kh\u00e1c nhau t\u1eeb u \u00e1m \u0111\u1ebfn \u00e1nh s\u00e1ng g\u1eaft.\" \/>\n<meta name=\"robots\" content=\"index, follow, max-snippet:-1, max-image-preview:large, max-video-preview:-1\" \/>\n<link rel=\"canonical\" href=\"https:\/\/phukienflytech.vn\/en\/san-pham\/filter-nd-pl-mavic-mini-3-sunnylife.html\" \/>\n<meta property=\"og:locale\" content=\"en_US\" \/>\n<meta property=\"og:type\" content=\"article\" \/>\n<meta property=\"og:title\" content=\"Filter ND-PL Mavic mini 3 - Sunnylife\" \/>\n<meta property=\"og:description\" content=\"Filter ND-PL Mavic mini 3 - Sunnylife h\u1ed7 tr\u1ee3 ghi h\u00ecnh trong c\u00e1c \u0111i\u1ec1u ki\u1ec7n \u00e1nh s\u00e1ng kh\u00e1c nhau t\u1eeb u \u00e1m \u0111\u1ebfn \u00e1nh s\u00e1ng g\u1eaft.\" \/>\n<meta property=\"og:url\" content=\"https:\/\/phukienflytech.vn\/en\/san-pham\/filter-nd-pl-mavic-mini-3-sunnylife.html\" \/>\n<meta property=\"og:site_name\" content=\"Shop M\u00e1y \u1ea3nh - Action Camera - Gimbal - Flycam - Ph\u1ee5 ki\u1ec7n\" \/>\n<meta property=\"article:publisher\" content=\"https:\/\/facebook.com\/phukienflycam\" \/>\n<meta property=\"article:modified_time\" content=\"2022-08-30T13:28:50+00:00\" \/>\n<meta property=\"og:image\" content=\"https:\/\/phukienflytech.vn\/wp-content\/uploads\/2022\/06\/8-5.png\" \/>\n\t<meta property=\"og:image:width\" content=\"773\" \/>\n\t<meta property=\"og:image:height\" content=\"772\" \/>\n\t<meta property=\"og:image:type\" content=\"image\/png\" \/>\n<meta name=\"twitter:card\" content=\"summary_large_image\" \/>\n<meta name=\"twitter:label1\" content=\"Est. reading time\" \/>\n\t<meta name=\"twitter:data1\" content=\"4 minutes\" \/>\n<script type=\"application\/ld+json\" class=\"yoast-schema-graph\">{\"@context\":\"https:\/\/schema.org\",\"@graph\":[{\"@type\":\"WebPage\",\"@id\":\"https:\/\/phukienflytech.vn\/en\/san-pham\/filter-nd-pl-mavic-mini-3-sunnylife.html\",\"url\":\"https:\/\/phukienflytech.vn\/en\/san-pham\/filter-nd-pl-mavic-mini-3-sunnylife.html\",\"name\":\"Filter ND-PL Mavic mini 3 - Sunnylife\",\"isPartOf\":{\"@id\":\"https:\/\/phukienflytech.vn\/#website\"},\"primaryImageOfPage\":{\"@id\":\"https:\/\/phukienflytech.vn\/en\/san-pham\/filter-nd-pl-mavic-mini-3-sunnylife.html#primaryimage\"},\"image\":{\"@id\":\"https:\/\/phukienflytech.vn\/en\/san-pham\/filter-nd-pl-mavic-mini-3-sunnylife.html#primaryimage\"},\"thumbnailUrl\":\"https:\/\/phukienflytech.vn\/wp-content\/uploads\/2022\/06\/8-5.png\",\"datePublished\":\"2022-06-23T15:46:10+00:00\",\"dateModified\":\"2022-08-30T13:28:50+00:00\",\"description\":\"Filter ND-PL Mavic mini 3 - Sunnylife h\u1ed7 tr\u1ee3 ghi h\u00ecnh trong c\u00e1c \u0111i\u1ec1u ki\u1ec7n \u00e1nh s\u00e1ng kh\u00e1c nhau t\u1eeb u \u00e1m \u0111\u1ebfn \u00e1nh s\u00e1ng g\u1eaft.\",\"breadcrumb\":{\"@id\":\"https:\/\/phukienflytech.vn\/en\/san-pham\/filter-nd-pl-mavic-mini-3-sunnylife.html#breadcrumb\"},\"inLanguage\":\"en-US\",\"potentialAction\":[{\"@type\":\"ReadAction\",\"target\":[\"https:\/\/phukienflytech.vn\/en\/san-pham\/filter-nd-pl-mavic-mini-3-sunnylife.html\"]}]},{\"@type\":\"ImageObject\",\"inLanguage\":\"en-US\",\"@id\":\"https:\/\/phukienflytech.vn\/en\/san-pham\/filter-nd-pl-mavic-mini-3-sunnylife.html#primaryimage\",\"url\":\"https:\/\/phukienflytech.vn\/wp-content\/uploads\/2022\/06\/8-5.png\",\"contentUrl\":\"https:\/\/phukienflytech.vn\/wp-content\/uploads\/2022\/06\/8-5.png\",\"width\":773,\"height\":772},{\"@type\":\"BreadcrumbList\",\"@id\":\"https:\/\/phukienflytech.vn\/en\/san-pham\/filter-nd-pl-mavic-mini-3-sunnylife.html#breadcrumb\",\"itemListElement\":[{\"@type\":\"ListItem\",\"position\":1,\"name\":\"Home\",\"item\":\"https:\/\/phukienflytech.vn\/en\"},{\"@type\":\"ListItem\",\"position\":2,\"name\":\"Ph\u1ee5 ki\u1ec7n Mavic Pro\",\"item\":\"https:\/\/phukienflytech.vn\/en\/phu-kien-mavic-pro.html\"},{\"@type\":\"ListItem\",\"position\":3,\"name\":\"Ph\u1ee5 ki\u1ec7n DJI - Osmo\",\"item\":\"https:\/\/phukienflytech.vn\/danh-muc\/phu-kien-dji-osmo.html\"},{\"@type\":\"ListItem\",\"position\":4,\"name\":\"Ph\u1ee5 ki\u1ec7n flycam Mavic Mini\",\"item\":\"https:\/\/phukienflytech.vn\/danh-muc\/phu-kien-mavic-mini.html\"},{\"@type\":\"ListItem\",\"position\":5,\"name\":\"Filter ND-PL Mavic mini 3 &#8211; Sunnylife\"}]},{\"@type\":\"WebSite\",\"@id\":\"https:\/\/phukienflytech.vn\/#website\",\"url\":\"https:\/\/phukienflytech.vn\/\",\"name\":\"Shop M\u00e1y \u1ea3nh - Action Camera - Gimbal - Flycam - Ph\u1ee5 ki\u1ec7n\",\"description\":\"Shop M\u00e1y \u1ea3nh - Action Camera - Gimbal - Flycam - Ph\u1ee5 ki\u1ec7n\",\"publisher\":{\"@id\":\"https:\/\/phukienflytech.vn\/#organization\"},\"potentialAction\":[{\"@type\":\"SearchAction\",\"target\":{\"@type\":\"EntryPoint\",\"urlTemplate\":\"https:\/\/phukienflytech.vn\/?s={search_term_string}\"},\"query-input\":{\"@type\":\"PropertyValueSpecification\",\"valueRequired\":true,\"valueName\":\"search_term_string\"}}],\"inLanguage\":\"en-US\"},{\"@type\":\"Organization\",\"@id\":\"https:\/\/phukienflytech.vn\/#organization\",\"name\":\"DJI Store - Shop Drone, Action camera, Gimbal DJI |Phukienflytech\",\"alternateName\":\"DJI Store - Shop Drone, Action camera, Gimbal DJI |Phukienflytech\",\"url\":\"https:\/\/phukienflytech.vn\/\",\"logo\":{\"@type\":\"ImageObject\",\"inLanguage\":\"en-US\",\"@id\":\"https:\/\/phukienflytech.vn\/#\/schema\/logo\/image\/\",\"url\":\"https:\/\/phukienflytech.vn\/wp-content\/uploads\/2020\/05\/hAnh_nan.jpg1_.jpg\",\"contentUrl\":\"https:\/\/phukienflytech.vn\/wp-content\/uploads\/2020\/05\/hAnh_nan.jpg1_.jpg\",\"width\":800,\"height\":450,\"caption\":\"DJI Store - Shop Drone, Action camera, Gimbal DJI |Phukienflytech\"},\"image\":{\"@id\":\"https:\/\/phukienflytech.vn\/#\/schema\/logo\/image\/\"},\"sameAs\":[\"https:\/\/facebook.com\/phukienflycam\",\"https:\/\/www.youtube.com\/@phukienflytech\",\"https:\/\/www.tiktok.com\/@flytech.channel?fbclid=IwY2xjawGjg7BleHRuA2FlbQIxMAABHYVGmlXpuSMs0UB2zTpYvyT4GMVfN2qJa4urF4vkSQ6FAVBwXZtDP30qQA_aem_UwMiDcUvlEbd2tXAmsc8Og\"]}]}<\/script>\n<!-- \/ Yoast SEO plugin. -->","yoast_head_json":{"title":"Filter ND-PL Mavic mini 3 - Sunnylife","description":"Filter ND-PL Mavic mini 3 - Sunnylife h\u1ed7 tr\u1ee3 ghi h\u00ecnh trong c\u00e1c \u0111i\u1ec1u ki\u1ec7n \u00e1nh s\u00e1ng kh\u00e1c nhau t\u1eeb u \u00e1m \u0111\u1ebfn \u00e1nh s\u00e1ng g\u1eaft.","robots":{"index":"index","follow":"follow","max-snippet":"max-snippet:-1","max-image-preview":"max-image-preview:large","max-video-preview":"max-video-preview:-1"},"canonical":"https:\/\/phukienflytech.vn\/en\/san-pham\/filter-nd-pl-mavic-mini-3-sunnylife.html","og_locale":"en_US","og_type":"article","og_title":"Filter ND-PL Mavic mini 3 - Sunnylife","og_description":"Filter ND-PL Mavic mini 3 - Sunnylife h\u1ed7 tr\u1ee3 ghi h\u00ecnh trong c\u00e1c \u0111i\u1ec1u ki\u1ec7n \u00e1nh s\u00e1ng kh\u00e1c nhau t\u1eeb u \u00e1m \u0111\u1ebfn \u00e1nh s\u00e1ng g\u1eaft.","og_url":"https:\/\/phukienflytech.vn\/en\/san-pham\/filter-nd-pl-mavic-mini-3-sunnylife.html","og_site_name":"Shop M\u00e1y \u1ea3nh - Action Camera - Gimbal - Flycam - Ph\u1ee5 ki\u1ec7n","article_publisher":"https:\/\/facebook.com\/phukienflycam","article_modified_time":"2022-08-30T13:28:50+00:00","og_image":[{"width":773,"height":772,"url":"https:\/\/phukienflytech.vn\/wp-content\/uploads\/2022\/06\/8-5.png","type":"image\/png"}],"twitter_card":"summary_large_image","twitter_misc":{"Est. reading time":"4 minutes"},"schema":{"@context":"https:\/\/schema.org","@graph":[{"@type":"WebPage","@id":"https:\/\/phukienflytech.vn\/en\/san-pham\/filter-nd-pl-mavic-mini-3-sunnylife.html","url":"https:\/\/phukienflytech.vn\/en\/san-pham\/filter-nd-pl-mavic-mini-3-sunnylife.html","name":"Filter ND-PL Mavic mini 3 - Sunnylife","isPartOf":{"@id":"https:\/\/phukienflytech.vn\/#website"},"primaryImageOfPage":{"@id":"https:\/\/phukienflytech.vn\/en\/san-pham\/filter-nd-pl-mavic-mini-3-sunnylife.html#primaryimage"},"image":{"@id":"https:\/\/phukienflytech.vn\/en\/san-pham\/filter-nd-pl-mavic-mini-3-sunnylife.html#primaryimage"},"thumbnailUrl":"https:\/\/phukienflytech.vn\/wp-content\/uploads\/2022\/06\/8-5.png","datePublished":"2022-06-23T15:46:10+00:00","dateModified":"2022-08-30T13:28:50+00:00","description":"Filter ND-PL Mavic mini 3 - Sunnylife h\u1ed7 tr\u1ee3 ghi h\u00ecnh trong c\u00e1c \u0111i\u1ec1u ki\u1ec7n \u00e1nh s\u00e1ng kh\u00e1c nhau t\u1eeb u \u00e1m \u0111\u1ebfn \u00e1nh s\u00e1ng g\u1eaft.","breadcrumb":{"@id":"https:\/\/phukienflytech.vn\/en\/san-pham\/filter-nd-pl-mavic-mini-3-sunnylife.html#breadcrumb"},"inLanguage":"en-US","potentialAction":[{"@type":"ReadAction","target":["https:\/\/phukienflytech.vn\/en\/san-pham\/filter-nd-pl-mavic-mini-3-sunnylife.html"]}]},{"@type":"ImageObject","inLanguage":"en-US","@id":"https:\/\/phukienflytech.vn\/en\/san-pham\/filter-nd-pl-mavic-mini-3-sunnylife.html#primaryimage","url":"https:\/\/phukienflytech.vn\/wp-content\/uploads\/2022\/06\/8-5.png","contentUrl":"https:\/\/phukienflytech.vn\/wp-content\/uploads\/2022\/06\/8-5.png","width":773,"height":772},{"@type":"BreadcrumbList","@id":"https:\/\/phukienflytech.vn\/en\/san-pham\/filter-nd-pl-mavic-mini-3-sunnylife.html#breadcrumb","itemListElement":[{"@type":"ListItem","position":1,"name":"Home","item":"https:\/\/phukienflytech.vn\/en"},{"@type":"ListItem","position":2,"name":"Ph\u1ee5 ki\u1ec7n Mavic Pro","item":"https:\/\/phukienflytech.vn\/en\/phu-kien-mavic-pro.html"},{"@type":"ListItem","position":3,"name":"Ph\u1ee5 ki\u1ec7n DJI - Osmo","item":"https:\/\/phukienflytech.vn\/danh-muc\/phu-kien-dji-osmo.html"},{"@type":"ListItem","position":4,"name":"Ph\u1ee5 ki\u1ec7n flycam Mavic Mini","item":"https:\/\/phukienflytech.vn\/danh-muc\/phu-kien-mavic-mini.html"},{"@type":"ListItem","position":5,"name":"Filter ND-PL Mavic mini 3 &#8211; Sunnylife"}]},{"@type":"WebSite","@id":"https:\/\/phukienflytech.vn\/#website","url":"https:\/\/phukienflytech.vn\/","name":"Shop M\u00e1y \u1ea3nh - Action Camera - Gimbal - Flycam - Ph\u1ee5 ki\u1ec7n","description":"Shop M\u00e1y \u1ea3nh - Action Camera - Gimbal - Flycam - Ph\u1ee5 ki\u1ec7n","publisher":{"@id":"https:\/\/phukienflytech.vn\/#organization"},"potentialAction":[{"@type":"SearchAction","target":{"@type":"EntryPoint","urlTemplate":"https:\/\/phukienflytech.vn\/?s={search_term_string}"},"query-input":{"@type":"PropertyValueSpecification","valueRequired":true,"valueName":"search_term_string"}}],"inLanguage":"en-US"},{"@type":"Organization","@id":"https:\/\/phukienflytech.vn\/#organization","name":"DJI Store - Shop Drone, Action camera, Gimbal DJI |Phukienflytech","alternateName":"DJI Store - Shop Drone, Action camera, Gimbal DJI |Phukienflytech","url":"https:\/\/phukienflytech.vn\/","logo":{"@type":"ImageObject","inLanguage":"en-US","@id":"https:\/\/phukienflytech.vn\/#\/schema\/logo\/image\/","url":"https:\/\/phukienflytech.vn\/wp-content\/uploads\/2020\/05\/hAnh_nan.jpg1_.jpg","contentUrl":"https:\/\/phukienflytech.vn\/wp-content\/uploads\/2020\/05\/hAnh_nan.jpg1_.jpg","width":800,"height":450,"caption":"DJI Store - Shop Drone, Action camera, Gimbal DJI |Phukienflytech"},"image":{"@id":"https:\/\/phukienflytech.vn\/#\/schema\/logo\/image\/"},"sameAs":["https:\/\/facebook.com\/phukienflycam","https:\/\/www.youtube.com\/@phukienflytech","https:\/\/www.tiktok.com\/@flytech.channel?fbclid=IwY2xjawGjg7BleHRuA2FlbQIxMAABHYVGmlXpuSMs0UB2zTpYvyT4GMVfN2qJa4urF4vkSQ6FAVBwXZtDP30qQA_aem_UwMiDcUvlEbd2tXAmsc8Og"]}]}},"_links":{"self":[{"href":"https:\/\/phukienflytech.vn\/en\/wp-json\/wp\/v2\/product\/44420","targetHints":{"allow":["GET"]}}],"collection":[{"href":"https:\/\/phukienflytech.vn\/en\/wp-json\/wp\/v2\/product"}],"about":[{"href":"https:\/\/phukienflytech.vn\/en\/wp-json\/wp\/v2\/types\/product"}],"replies":[{"embeddable":true,"href":"https:\/\/phukienflytech.vn\/en\/wp-json\/wp\/v2\/comments?post=44420"}],"wp:featuredmedia":[{"embeddable":true,"href":"https:\/\/phukienflytech.vn\/en\/wp-json\/wp\/v2\/media\/43855"}],"wp:attachment":[{"href":"https:\/\/phukienflytech.vn\/en\/wp-json\/wp\/v2\/media?parent=44420"}],"wp:term":[{"taxonomy":"product_brand","embeddable":true,"href":"https:\/\/phukienflytech.vn\/en\/wp-json\/wp\/v2\/product_brand?post=44420"},{"taxonomy":"product_cat","embeddable":true,"href":"https:\/\/phukienflytech.vn\/en\/wp-json\/wp\/v2\/product_cat?post=44420"},{"taxonomy":"product_tag","embeddable":true,"href":"https:\/\/phukienflytech.vn\/en\/wp-json\/wp\/v2\/product_tag?post=44420"}],"curies":[{"name":"wp","href":"https:\/\/api.w.org\/{rel}","templated":true}]}}