{"id":4491,"date":"2020-06-16T15:05:37","date_gmt":"2020-06-16T08:05:37","guid":{"rendered":"http:\/\/27430.lamdx.vinawebsite.vn\/san-pham\/bo-boc-de-motor-phantom-3.html"},"modified":"2020-10-15T21:25:46","modified_gmt":"2020-10-15T14:25:46","slug":"phantom-3-motor-protection-cover-2","status":"publish","type":"product","link":"https:\/\/phukienflytech.vn\/en\/san-pham\/phantom-3-motor-protection-cover-2.html","title":{"rendered":"Phantom 3 motor shell protection cover"},"content":{"rendered":"<h2><span style=\"color: #0000ff;\"><em><strong><span style=\"font-size: 21px;\">Phantom 3 motor protection cover<\/span><\/strong><\/em><\/span><\/h2>\n<p><span style=\"font-size: 18px;\">Phantom 3 motor protection cover<\/span><\/p>\n<p><span style=\"font-size: 18px;\">S\u1edf h\u1eefu cho m\u00ecnh m\u1ed9t chi\u1ebfc drone flycam DJI Phantom 3series c\u1ee7a h\u00e3ng DJI qu\u1ea3 th\u1ef1c b\u1ea1n s\u1ebd r\u1ea5t kh\u00f3 c\u00f3 th\u1ec3 t\u00ecm ra \u0111i\u1ec3m kh\u00f4ng h\u00e0i l\u00f2ng v\u1ec1 n\u00f3 ngay c\u1ea3 nh\u1eefng ng\u01b0\u1eddi ch\u01a1i kh\u00f3 t\u00ednh nh\u1ea5t. B\u1edfi s\u1ef1 an to\u00e0n khi bay, t\u00ednh \u1ed5n \u0111\u1ecbnh, s\u1ef1 th\u00f4ng minh c\u1ee7a thi\u1ebft b\u1ecb v\u00e0 s\u1ef1 h\u1ed7 tr\u1ee3 tuy\u1ec7t v\u1eddi c\u1ee7a c\u1ee5m gimbal \u0111\u00e3 gi\u00fap cho ch\u00fang ta c\u00f3 nh\u1eefng b\u1ee9c h\u00ecnh, th\u01b0\u1edbc phim tuy\u1ec7t v\u1eddi nh\u1ea5t.<\/span><\/p>\n<p>&nbsp;<\/p>\n<p><span style=\"font-size: 18px;\"><img loading=\"lazy\" decoding=\"async\" class=\"alignnone size-full wp-image-12969\" src=\"https:\/\/phukienflytech.vn\/wp-content\/uploads\/2020\/05\/bo-boc-de-motor-phantom-3-4478-6.jpg\" alt=\"\" width=\"400\" height=\"224\" \/><\/span><\/p>\n<p>&nbsp;<\/p>\n<p><span style=\"font-size: 18px;\">V\u1edbi m\u1ed9t thi\u1ebft b\u1ecb c\u00f3 gi\u00e1 tr\u1ecb cao v\u1ec1 m\u1eb7t kinh t\u1ebf c\u0169ng nh\u01b0 l\u00e0 gi\u00e1 tr\u1ecb cao v\u1ec1 m\u1eb7t s\u1eed d\u1ee5ng th\u00ec vi\u1ec7c b\u1ea3o qu\u1ea3n v\u00e0 \u0111\u00f3ng g\u00f3i trong l\u00fac di chuy\u1ec3n v\u00f4 c\u00f9ng quan tr\u1ecdng. V\u00ec \u0111\u1ed3 \u0111i\u1ec7n t\u1eed v\u1edbi gi\u00e1 tr\u1ecb l\u1edbn lu\u00f4n ph\u1ea3i \u0111\u01b0\u1ee3c b\u1ea3o qu\u1ea3n, b\u1ea3o v\u1ec7 th\u1eadt k\u1ef9 v\u00e0 c\u1ea9n th\u1eadn n\u00ean h\u00e3y trang b\u1ecb ngay cho chi\u1ebfc flycam Phantom c\u1ee7a m\u00ecnh m\u1ed9t chi\u1ebfc balo c\u00f3 kh\u1ea3 n\u0103ng ch\u1ed1ng s\u1ed1c, ch\u1ed1ng n\u01b0\u1edbc th\u1eadt t\u1ed1t. Hi\u1ec7n nay c\u0169ng c\u00f3 r\u1ea5t nhi\u1ec1u lo\u1ea1i balo kh\u00e1c nhau cho Phantom DJI nh\u01b0:\u00a0<strong><a href=\"http:\/\/phukienflytech.vn\/san-pham\/balo-mem-phantom-34.html\">Balo m\u1ec1m d\u00e0nh cho phantom<\/a>,\u00a0<a href=\"http:\/\/phukienflytech.vn\/san-pham\/balo-cung-dji-phantom-34.html\">Balo c\u1ee9ng s\u1ea7n ch\u00ednh h\u00e3ng DJI d\u00e0nh cho Phantom<\/a>,\u00a0<a href=\"http:\/\/phukienflytech.vn\/san-pham\/balo-vai-phantom-4.html\">Balo v\u1ea3i b\u1ecdc d\u00e0nh cho phantom 4<\/a>&#8230;<\/strong><\/span><\/p>\n<p>&nbsp;<\/p>\n<p><span style=\"font-size: 18px;\"><img loading=\"lazy\" decoding=\"async\" class=\"alignnone size-medium wp-image-12971\" src=\"https:\/\/phukienflytech.vn\/wp-content\/uploads\/2020\/05\/bo-boc-de-motor-phantom-3-4478-1-1-533x400.jpg\" alt=\"\" width=\"533\" height=\"400\" srcset=\"https:\/\/phukienflytech.vn\/wp-content\/uploads\/2020\/05\/bo-boc-de-motor-phantom-3-4478-1-1-533x400.jpg 533w, https:\/\/phukienflytech.vn\/wp-content\/uploads\/2020\/05\/bo-boc-de-motor-phantom-3-4478-1-1-768x576.jpg 768w, https:\/\/phukienflytech.vn\/wp-content\/uploads\/2020\/05\/bo-boc-de-motor-phantom-3-4478-1-1-1067x800.jpg 1067w, https:\/\/phukienflytech.vn\/wp-content\/uploads\/2020\/05\/bo-boc-de-motor-phantom-3-4478-1-1-600x450.jpg 600w, https:\/\/phukienflytech.vn\/wp-content\/uploads\/2020\/05\/bo-boc-de-motor-phantom-3-4478-1-1.jpg 2016w\" sizes=\"auto, (max-width: 533px) 100vw, 533px\" \/><\/span><\/p>\n<p>&nbsp;<\/p>\n<p><span style=\"font-size: 18px;\"><strong>\u00a0<\/strong>B\u00ean c\u1ea1nh vi\u1ec7c s\u1eed d\u1ee5ng Balo Phantom 3 4 \u0111\u1ec3 b\u1ea3o v\u1ec7 t\u1ed5ng th\u1ec3 th\u00ec b\u1ea1n c\u0169ng n\u00ean ch\u00fa \u00fd t\u1edbi vi\u1ec7c b\u1ea3o v\u1ec7 chi\u1ebfc flycam c\u1ee7a m\u00ecnh tr\u00ean t\u1eebng chi ti\u1ebft<\/span><\/p>\n<p>&nbsp;<\/p>\n<p><span style=\"font-size: 18px;\"><img loading=\"lazy\" decoding=\"async\" class=\"alignnone wp-image-12973 size-medium\" src=\"https:\/\/phukienflytech.vn\/wp-content\/uploads\/2020\/05\/bo-boc-de-motor-phantom-3-4478-2-1-400x400.jpg\" alt=\"Phantom-3-motor-protection-cover-4\" width=\"400\" height=\"400\" srcset=\"https:\/\/phukienflytech.vn\/wp-content\/uploads\/2020\/05\/bo-boc-de-motor-phantom-3-4478-2-1-400x400.jpg 400w, https:\/\/phukienflytech.vn\/wp-content\/uploads\/2020\/05\/bo-boc-de-motor-phantom-3-4478-2-1-280x280.jpg 280w, https:\/\/phukienflytech.vn\/wp-content\/uploads\/2020\/05\/bo-boc-de-motor-phantom-3-4478-2-1-768x768.jpg 768w, https:\/\/phukienflytech.vn\/wp-content\/uploads\/2020\/05\/bo-boc-de-motor-phantom-3-4478-2-1-800x800.jpg 800w, https:\/\/phukienflytech.vn\/wp-content\/uploads\/2020\/05\/bo-boc-de-motor-phantom-3-4478-2-1-300x300.jpg 300w, https:\/\/phukienflytech.vn\/wp-content\/uploads\/2020\/05\/bo-boc-de-motor-phantom-3-4478-2-1-600x600.jpg 600w, https:\/\/phukienflytech.vn\/wp-content\/uploads\/2020\/05\/bo-boc-de-motor-phantom-3-4478-2-1-100x100.jpg 100w, https:\/\/phukienflytech.vn\/wp-content\/uploads\/2020\/05\/bo-boc-de-motor-phantom-3-4478-2-1.jpg 900w\" sizes=\"auto, (max-width: 400px) 100vw, 400px\" \/><\/span><\/p>\n<p>&nbsp;<\/p>\n<p><span style=\"font-size: 18px;\">\u00a0 C\u00f3 th\u1ec3 b\u1ea1n \u0111\u00e3 bi\u1ebft r\u1eb1ng \u0111\u1ebf motor sau m\u1ed9t th\u1eddi gian bay chi\u1ebfc Phantom 3 c\u1ee7a m\u00ecnh, th\u00ec \u0111\u1ebf motor th\u01b0\u1eddng s\u1ebd b\u1ecb r\u1ea1n n\u1ee9t do qu\u00e1 tr\u00ecnh motor ph\u1ea3i g\u1ed3ng g\u00e1nh, ho\u1ea1t \u0111\u1ed9ng v\u1edbi c\u01b0\u1eddng \u0111\u1ed9 cao. Nh\u01b0 v\u1eady, chi\u1ebfc Drone c\u1ee7a b\u1ea1n s\u1ebd s\u1edbm tr\u1edf l\u00ean c\u0169 k\u1ef9, gi\u1ea3m gi\u00e1 tr\u1ecb \u0111i r\u1ea5t nhi\u1ec1u<\/span><\/p>\n<p>&nbsp;<\/p>\n<p><span style=\"font-size: 18px;\"><img loading=\"lazy\" decoding=\"async\" class=\"alignnone wp-image-12975 size-medium\" src=\"https:\/\/phukienflytech.vn\/wp-content\/uploads\/2020\/05\/bo-boc-de-motor-phantom-3-4478-3-1-400x400.jpg\" alt=\"Phantom-3-motor-protection-cover-3\" width=\"400\" height=\"400\" srcset=\"https:\/\/phukienflytech.vn\/wp-content\/uploads\/2020\/05\/bo-boc-de-motor-phantom-3-4478-3-1-400x400.jpg 400w, https:\/\/phukienflytech.vn\/wp-content\/uploads\/2020\/05\/bo-boc-de-motor-phantom-3-4478-3-1-280x280.jpg 280w, https:\/\/phukienflytech.vn\/wp-content\/uploads\/2020\/05\/bo-boc-de-motor-phantom-3-4478-3-1-768x768.jpg 768w, https:\/\/phukienflytech.vn\/wp-content\/uploads\/2020\/05\/bo-boc-de-motor-phantom-3-4478-3-1-800x800.jpg 800w, https:\/\/phukienflytech.vn\/wp-content\/uploads\/2020\/05\/bo-boc-de-motor-phantom-3-4478-3-1-300x300.jpg 300w, https:\/\/phukienflytech.vn\/wp-content\/uploads\/2020\/05\/bo-boc-de-motor-phantom-3-4478-3-1-600x600.jpg 600w, https:\/\/phukienflytech.vn\/wp-content\/uploads\/2020\/05\/bo-boc-de-motor-phantom-3-4478-3-1-100x100.jpg 100w, https:\/\/phukienflytech.vn\/wp-content\/uploads\/2020\/05\/bo-boc-de-motor-phantom-3-4478-3-1.jpg 900w\" sizes=\"auto, (max-width: 400px) 100vw, 400px\" \/><\/span><\/p>\n<p>&nbsp;<\/p>\n<h2><em><strong><span style=\"font-size: 21px; color: #0000ff;\">Gi\u1ea3i ph\u00e1p l\u00e0: B\u1ed9 b\u1ecdc \u0111\u1ebf motor<\/span><\/strong><\/em><\/h2>\n<p><span style=\"font-size: 18px;\">V\u1edbi b\u1ed9 b\u1ecdc \u0111\u1ebf n\u00e0y, b\u1ea1n c\u00f3 th\u1ec3 h\u1ea1n ch\u1ebf \u0111\u01b0\u1ee3c vi\u1ec7c x\u01b0\u1edbc x\u00e1t \u0111\u1ea7u v\u00e0 \u0111\u1ebf n\u1ebfu x\u1ea3y ra tr\u01b0\u1eddng h\u1ee3p ngay l\u00fac c\u1ea5t c\u00e1nh kh\u00f4ng may b\u1ecb qu\u1eb9t \u0111\u1ea5t v\u00e0 h\u1ed7 tr\u1ee3 gia c\u1ed1 &#8211; gi\u1ea3m thi\u1ec3u t\u00ecnh tr\u1ea1ng b\u1ecb n\u1ee9t \u0111\u1ebf motor<\/span><\/p>\n<p>&nbsp;<\/p>\n<p><span style=\"font-size: 18px;\"><img loading=\"lazy\" decoding=\"async\" class=\"alignnone wp-image-12977 size-medium\" src=\"https:\/\/phukienflytech.vn\/wp-content\/uploads\/2020\/05\/bo-boc-de-motor-phantom-3-4478-4-1-400x400.jpg\" alt=\"Phantom-3-motor-protection-cover-1\" width=\"400\" height=\"400\" srcset=\"https:\/\/phukienflytech.vn\/wp-content\/uploads\/2020\/05\/bo-boc-de-motor-phantom-3-4478-4-1-400x400.jpg 400w, https:\/\/phukienflytech.vn\/wp-content\/uploads\/2020\/05\/bo-boc-de-motor-phantom-3-4478-4-1-280x280.jpg 280w, https:\/\/phukienflytech.vn\/wp-content\/uploads\/2020\/05\/bo-boc-de-motor-phantom-3-4478-4-1-768x768.jpg 768w, https:\/\/phukienflytech.vn\/wp-content\/uploads\/2020\/05\/bo-boc-de-motor-phantom-3-4478-4-1-800x800.jpg 800w, https:\/\/phukienflytech.vn\/wp-content\/uploads\/2020\/05\/bo-boc-de-motor-phantom-3-4478-4-1-300x300.jpg 300w, https:\/\/phukienflytech.vn\/wp-content\/uploads\/2020\/05\/bo-boc-de-motor-phantom-3-4478-4-1-600x600.jpg 600w, https:\/\/phukienflytech.vn\/wp-content\/uploads\/2020\/05\/bo-boc-de-motor-phantom-3-4478-4-1-100x100.jpg 100w, https:\/\/phukienflytech.vn\/wp-content\/uploads\/2020\/05\/bo-boc-de-motor-phantom-3-4478-4-1.jpg 900w\" sizes=\"auto, (max-width: 400px) 100vw, 400px\" \/><\/span><\/p>\n<p>&nbsp;<\/p>\n<p><span style=\"font-size: 18px;\">Tuy nhi\u00ean, b\u1ed9 s\u1ea3n ph\u1ea9m b\u1ecdc \u0111\u1ebf motor phantom 3 n\u00e0y kh\u00f4ng \u01b0u vi\u1ec7t trong vi\u1ec7c gia c\u1ed1 \u0111\u1ebf nh\u01b0\u00a0<strong><a href=\"https:\/\/phukienflytech.vn\/en\/san-pham\/bo-gia-co-de-motor-phantom-3.html\" target=\"_blank\" rel=\"noopener noreferrer\">B\u1ed9 gia c\u1ed1 \u0111\u1ebf motor phantom 3<\/a><\/strong><\/span><\/p>\n<p><span style=\"font-size: 18px;\">Ch\u1ea5t li\u1ec7u: nh\u1ef1a in 3D<\/span><\/p>\n<p>&nbsp;<\/p>\n<p><span style=\"font-size: 18px;\"><img loading=\"lazy\" decoding=\"async\" class=\"alignnone wp-image-12979\" src=\"https:\/\/phukienflytech.vn\/wp-content\/uploads\/2020\/05\/bo-boc-de-motor-phantom-3-4478-5-1-592x400.jpg\" alt=\"Phantom-3-motor-protection-cover\" width=\"511\" height=\"345\" srcset=\"https:\/\/phukienflytech.vn\/wp-content\/uploads\/2020\/05\/bo-boc-de-motor-phantom-3-4478-5-1-592x400.jpg 592w, https:\/\/phukienflytech.vn\/wp-content\/uploads\/2020\/05\/bo-boc-de-motor-phantom-3-4478-5-1-768x519.jpg 768w, https:\/\/phukienflytech.vn\/wp-content\/uploads\/2020\/05\/bo-boc-de-motor-phantom-3-4478-5-1-600x406.jpg 600w, https:\/\/phukienflytech.vn\/wp-content\/uploads\/2020\/05\/bo-boc-de-motor-phantom-3-4478-5-1.jpg 799w\" sizes=\"auto, (max-width: 511px) 100vw, 511px\" \/><\/span><\/p>\n<p>&nbsp;<\/p>\n<p><span style=\"font-size: 18px;\">Xem th\u00eam ph\u1ee5 ki\u1ec7n dji flycam Phantom 3 b\u1eb1ng c\u00e1ch click<strong>\u00a0<a href=\"https:\/\/phukienflytech.vn\/\" target=\"_blank\" rel=\"noopener noreferrer\">t\u1ea1i \u0111\u00e2y<\/a>\u00a0<\/strong>!<\/span><\/p>\n<p><span style=\"font-size: 18px;\">Nh\u00e0 s\u1ea3n xu\u1ea5t : Sunnylife \u2013 l\u00e0 m\u1ed9t trong nh\u1eefng Vendor cung c\u1ea5p c\u00e1c ph\u1ee5 ki\u1ec7n, linh ki\u1ec7n thay th\u1ebf cho DJI Flycam<\/span><\/p>\n<p><span style=\"font-size: 18px;\">&gt;&gt; Contact us on: <a href=\"https:\/\/www.facebook.com\/phukienflycam\"><strong>Facebook<\/strong><\/a><\/span><\/p>\n<p><span style=\"font-size: 18px;\">&gt;&gt; Learn More : <a href=\"https:\/\/phukienflytech.vn\/danh-muc\/phu-kien-dji-phantom-3-series.html\"><strong>Phantom accessories<\/strong><\/a><\/span><\/p>\n","protected":false},"excerpt":{"rendered":"<p>Phantom 3 motor protection cover Phantom 3 motor protection cover S\u1edf h\u1eefu cho m\u00ecnh m\u1ed9t chi\u1ebfc drone flycam DJI Phantom 3series c\u1ee7a h\u00e3ng DJI qu\u1ea3 th\u1ef1c b\u1ea1n s\u1ebd r\u1ea5t kh\u00f3 c\u00f3 th\u1ec3 t\u00ecm ra \u0111i\u1ec3m kh\u00f4ng h\u00e0i l\u00f2ng v\u1ec1 n\u00f3 ngay c\u1ea3 nh\u1eefng ng\u01b0\u1eddi ch\u01a1i kh\u00f3 t\u00ednh nh\u1ea5t. B\u1edfi s\u1ef1 an to\u00e0n khi bay, t\u00ednh &#8230;<\/p>\n","protected":false},"featured_media":16356,"comment_status":"open","ping_status":"closed","template":"","meta":{"_acf_changed":false},"product_brand":[],"product_cat":[183],"product_tag":[206,245],"class_list":{"0":"post-4491","1":"product","2":"type-product","3":"status-publish","4":"has-post-thumbnail","6":"product_cat-phantom-3-accessory","7":"product_tag-phu-kien-dji-en","8":"product_tag-phu-kien-phantom-3-en","10":"first","11":"instock","12":"shipping-taxable","13":"purchasable","14":"product-type-simple"},"acf":[],"yoast_head":"<!-- This site is optimized with the Yoast SEO plugin v25.7 - https:\/\/yoast.com\/wordpress\/plugins\/seo\/ -->\n<title>Phantom 3 motor protection cover - Sunnylife - Phantom accessory.<\/title>\n<meta name=\"description\" content=\"Phantom 3 motor protection cover is one of the most important accessory. Contact us to buy Phantom 3 motor protection cover for best price\" \/>\n<meta name=\"robots\" content=\"index, follow, max-snippet:-1, max-image-preview:large, max-video-preview:-1\" \/>\n<link rel=\"canonical\" href=\"https:\/\/phukienflytech.vn\/en\/san-pham\/phantom-3-motor-protection-cover-2.html\" \/>\n<meta property=\"og:locale\" content=\"en_US\" \/>\n<meta property=\"og:type\" content=\"article\" \/>\n<meta property=\"og:title\" content=\"Phantom 3 motor protection cover - Sunnylife - Phantom accessory.\" \/>\n<meta property=\"og:description\" content=\"Phantom 3 motor protection cover is one of the most important accessory. Contact us to buy Phantom 3 motor protection cover for best price\" \/>\n<meta property=\"og:url\" content=\"https:\/\/phukienflytech.vn\/en\/san-pham\/phantom-3-motor-protection-cover-2.html\" \/>\n<meta property=\"og:site_name\" content=\"Shop M\u00e1y \u1ea3nh - Action Camera - Gimbal - Flycam - Ph\u1ee5 ki\u1ec7n\" \/>\n<meta property=\"article:publisher\" content=\"https:\/\/facebook.com\/phukienflycam\" \/>\n<meta property=\"article:modified_time\" content=\"2020-10-15T14:25:46+00:00\" \/>\n<meta property=\"og:image\" content=\"https:\/\/phukienflytech.vn\/wp-content\/uploads\/2020\/05\/gia_ca_moto.jpg\" \/>\n\t<meta property=\"og:image:width\" content=\"243\" \/>\n\t<meta property=\"og:image:height\" content=\"243\" \/>\n\t<meta property=\"og:image:type\" content=\"image\/jpeg\" \/>\n<meta name=\"twitter:card\" content=\"summary_large_image\" \/>\n<meta name=\"twitter:label1\" content=\"Est. reading time\" \/>\n\t<meta name=\"twitter:data1\" content=\"3 minutes\" \/>\n<script type=\"application\/ld+json\" class=\"yoast-schema-graph\">{\"@context\":\"https:\/\/schema.org\",\"@graph\":[{\"@type\":\"WebPage\",\"@id\":\"https:\/\/phukienflytech.vn\/en\/san-pham\/phantom-3-motor-protection-cover-2.html\",\"url\":\"https:\/\/phukienflytech.vn\/en\/san-pham\/phantom-3-motor-protection-cover-2.html\",\"name\":\"Phantom 3 motor protection cover - Sunnylife - Phantom accessory.\",\"isPartOf\":{\"@id\":\"https:\/\/phukienflytech.vn\/#website\"},\"primaryImageOfPage\":{\"@id\":\"https:\/\/phukienflytech.vn\/en\/san-pham\/phantom-3-motor-protection-cover-2.html#primaryimage\"},\"image\":{\"@id\":\"https:\/\/phukienflytech.vn\/en\/san-pham\/phantom-3-motor-protection-cover-2.html#primaryimage\"},\"thumbnailUrl\":\"https:\/\/phukienflytech.vn\/wp-content\/uploads\/2020\/05\/gia_ca_moto.jpg\",\"datePublished\":\"2020-06-16T08:05:37+00:00\",\"dateModified\":\"2020-10-15T14:25:46+00:00\",\"description\":\"Phantom 3 motor protection cover is one of the most important accessory. Contact us to buy Phantom 3 motor protection cover for best price\",\"breadcrumb\":{\"@id\":\"https:\/\/phukienflytech.vn\/en\/san-pham\/phantom-3-motor-protection-cover-2.html#breadcrumb\"},\"inLanguage\":\"en-US\",\"potentialAction\":[{\"@type\":\"ReadAction\",\"target\":[\"https:\/\/phukienflytech.vn\/en\/san-pham\/phantom-3-motor-protection-cover-2.html\"]}]},{\"@type\":\"ImageObject\",\"inLanguage\":\"en-US\",\"@id\":\"https:\/\/phukienflytech.vn\/en\/san-pham\/phantom-3-motor-protection-cover-2.html#primaryimage\",\"url\":\"https:\/\/phukienflytech.vn\/wp-content\/uploads\/2020\/05\/gia_ca_moto.jpg\",\"contentUrl\":\"https:\/\/phukienflytech.vn\/wp-content\/uploads\/2020\/05\/gia_ca_moto.jpg\",\"width\":243,\"height\":243},{\"@type\":\"BreadcrumbList\",\"@id\":\"https:\/\/phukienflytech.vn\/en\/san-pham\/phantom-3-motor-protection-cover-2.html#breadcrumb\",\"itemListElement\":[{\"@type\":\"ListItem\",\"position\":1,\"name\":\"Home\",\"item\":\"https:\/\/phukienflytech.vn\/en\"},{\"@type\":\"ListItem\",\"position\":2,\"name\":\"Ph\u1ee5 ki\u1ec7n Mavic Pro\",\"item\":\"https:\/\/phukienflytech.vn\/en\/phu-kien-mavic-pro.html\"},{\"@type\":\"ListItem\",\"position\":3,\"name\":\"DJI Osmo &amp; Drone's accessories\",\"item\":\"https:\/\/phukienflytech.vn\/en\/danh-muc\/dji-osmo-drones-accessories.html\"},{\"@type\":\"ListItem\",\"position\":4,\"name\":\"Ph\u1ee5 ki\u1ec7n flycam Phantom 3\",\"item\":\"https:\/\/phukienflytech.vn\/en\/danh-muc\/phantom-3-accessory.html\"},{\"@type\":\"ListItem\",\"position\":5,\"name\":\"Phantom 3 motor shell protection cover\"}]},{\"@type\":\"WebSite\",\"@id\":\"https:\/\/phukienflytech.vn\/#website\",\"url\":\"https:\/\/phukienflytech.vn\/\",\"name\":\"Shop M\u00e1y \u1ea3nh - Action Camera - Gimbal - Flycam - Ph\u1ee5 ki\u1ec7n\",\"description\":\"Shop M\u00e1y \u1ea3nh - Action Camera - Gimbal - Flycam - Ph\u1ee5 ki\u1ec7n\",\"publisher\":{\"@id\":\"https:\/\/phukienflytech.vn\/#organization\"},\"potentialAction\":[{\"@type\":\"SearchAction\",\"target\":{\"@type\":\"EntryPoint\",\"urlTemplate\":\"https:\/\/phukienflytech.vn\/?s={search_term_string}\"},\"query-input\":{\"@type\":\"PropertyValueSpecification\",\"valueRequired\":true,\"valueName\":\"search_term_string\"}}],\"inLanguage\":\"en-US\"},{\"@type\":\"Organization\",\"@id\":\"https:\/\/phukienflytech.vn\/#organization\",\"name\":\"DJI Store - Shop Drone, Action camera, Gimbal DJI |Phukienflytech\",\"alternateName\":\"DJI Store - Shop Drone, Action camera, Gimbal DJI |Phukienflytech\",\"url\":\"https:\/\/phukienflytech.vn\/\",\"logo\":{\"@type\":\"ImageObject\",\"inLanguage\":\"en-US\",\"@id\":\"https:\/\/phukienflytech.vn\/#\/schema\/logo\/image\/\",\"url\":\"https:\/\/phukienflytech.vn\/wp-content\/uploads\/2020\/05\/hAnh_nan.jpg1_.jpg\",\"contentUrl\":\"https:\/\/phukienflytech.vn\/wp-content\/uploads\/2020\/05\/hAnh_nan.jpg1_.jpg\",\"width\":800,\"height\":450,\"caption\":\"DJI Store - Shop Drone, Action camera, Gimbal DJI |Phukienflytech\"},\"image\":{\"@id\":\"https:\/\/phukienflytech.vn\/#\/schema\/logo\/image\/\"},\"sameAs\":[\"https:\/\/facebook.com\/phukienflycam\",\"https:\/\/www.youtube.com\/@phukienflytech\",\"https:\/\/www.tiktok.com\/@flytech.channel?fbclid=IwY2xjawGjg7BleHRuA2FlbQIxMAABHYVGmlXpuSMs0UB2zTpYvyT4GMVfN2qJa4urF4vkSQ6FAVBwXZtDP30qQA_aem_UwMiDcUvlEbd2tXAmsc8Og\"]}]}<\/script>\n<!-- \/ Yoast SEO plugin. -->","yoast_head_json":{"title":"Phantom 3 motor protection cover - Sunnylife - Phantom accessory.","description":"Phantom 3 motor protection cover is one of the most important accessory. Contact us to buy Phantom 3 motor protection cover for best price","robots":{"index":"index","follow":"follow","max-snippet":"max-snippet:-1","max-image-preview":"max-image-preview:large","max-video-preview":"max-video-preview:-1"},"canonical":"https:\/\/phukienflytech.vn\/en\/san-pham\/phantom-3-motor-protection-cover-2.html","og_locale":"en_US","og_type":"article","og_title":"Phantom 3 motor protection cover - Sunnylife - Phantom accessory.","og_description":"Phantom 3 motor protection cover is one of the most important accessory. Contact us to buy Phantom 3 motor protection cover for best price","og_url":"https:\/\/phukienflytech.vn\/en\/san-pham\/phantom-3-motor-protection-cover-2.html","og_site_name":"Shop M\u00e1y \u1ea3nh - Action Camera - Gimbal - Flycam - Ph\u1ee5 ki\u1ec7n","article_publisher":"https:\/\/facebook.com\/phukienflycam","article_modified_time":"2020-10-15T14:25:46+00:00","og_image":[{"width":243,"height":243,"url":"https:\/\/phukienflytech.vn\/wp-content\/uploads\/2020\/05\/gia_ca_moto.jpg","type":"image\/jpeg"}],"twitter_card":"summary_large_image","twitter_misc":{"Est. reading time":"3 minutes"},"schema":{"@context":"https:\/\/schema.org","@graph":[{"@type":"WebPage","@id":"https:\/\/phukienflytech.vn\/en\/san-pham\/phantom-3-motor-protection-cover-2.html","url":"https:\/\/phukienflytech.vn\/en\/san-pham\/phantom-3-motor-protection-cover-2.html","name":"Phantom 3 motor protection cover - Sunnylife - Phantom accessory.","isPartOf":{"@id":"https:\/\/phukienflytech.vn\/#website"},"primaryImageOfPage":{"@id":"https:\/\/phukienflytech.vn\/en\/san-pham\/phantom-3-motor-protection-cover-2.html#primaryimage"},"image":{"@id":"https:\/\/phukienflytech.vn\/en\/san-pham\/phantom-3-motor-protection-cover-2.html#primaryimage"},"thumbnailUrl":"https:\/\/phukienflytech.vn\/wp-content\/uploads\/2020\/05\/gia_ca_moto.jpg","datePublished":"2020-06-16T08:05:37+00:00","dateModified":"2020-10-15T14:25:46+00:00","description":"Phantom 3 motor protection cover is one of the most important accessory. Contact us to buy Phantom 3 motor protection cover for best price","breadcrumb":{"@id":"https:\/\/phukienflytech.vn\/en\/san-pham\/phantom-3-motor-protection-cover-2.html#breadcrumb"},"inLanguage":"en-US","potentialAction":[{"@type":"ReadAction","target":["https:\/\/phukienflytech.vn\/en\/san-pham\/phantom-3-motor-protection-cover-2.html"]}]},{"@type":"ImageObject","inLanguage":"en-US","@id":"https:\/\/phukienflytech.vn\/en\/san-pham\/phantom-3-motor-protection-cover-2.html#primaryimage","url":"https:\/\/phukienflytech.vn\/wp-content\/uploads\/2020\/05\/gia_ca_moto.jpg","contentUrl":"https:\/\/phukienflytech.vn\/wp-content\/uploads\/2020\/05\/gia_ca_moto.jpg","width":243,"height":243},{"@type":"BreadcrumbList","@id":"https:\/\/phukienflytech.vn\/en\/san-pham\/phantom-3-motor-protection-cover-2.html#breadcrumb","itemListElement":[{"@type":"ListItem","position":1,"name":"Home","item":"https:\/\/phukienflytech.vn\/en"},{"@type":"ListItem","position":2,"name":"Ph\u1ee5 ki\u1ec7n Mavic Pro","item":"https:\/\/phukienflytech.vn\/en\/phu-kien-mavic-pro.html"},{"@type":"ListItem","position":3,"name":"DJI Osmo &amp; Drone's accessories","item":"https:\/\/phukienflytech.vn\/en\/danh-muc\/dji-osmo-drones-accessories.html"},{"@type":"ListItem","position":4,"name":"Ph\u1ee5 ki\u1ec7n flycam Phantom 3","item":"https:\/\/phukienflytech.vn\/en\/danh-muc\/phantom-3-accessory.html"},{"@type":"ListItem","position":5,"name":"Phantom 3 motor shell protection cover"}]},{"@type":"WebSite","@id":"https:\/\/phukienflytech.vn\/#website","url":"https:\/\/phukienflytech.vn\/","name":"Shop M\u00e1y \u1ea3nh - Action Camera - Gimbal - Flycam - Ph\u1ee5 ki\u1ec7n","description":"Shop M\u00e1y \u1ea3nh - Action Camera - Gimbal - Flycam - Ph\u1ee5 ki\u1ec7n","publisher":{"@id":"https:\/\/phukienflytech.vn\/#organization"},"potentialAction":[{"@type":"SearchAction","target":{"@type":"EntryPoint","urlTemplate":"https:\/\/phukienflytech.vn\/?s={search_term_string}"},"query-input":{"@type":"PropertyValueSpecification","valueRequired":true,"valueName":"search_term_string"}}],"inLanguage":"en-US"},{"@type":"Organization","@id":"https:\/\/phukienflytech.vn\/#organization","name":"DJI Store - Shop Drone, Action camera, Gimbal DJI |Phukienflytech","alternateName":"DJI Store - Shop Drone, Action camera, Gimbal DJI |Phukienflytech","url":"https:\/\/phukienflytech.vn\/","logo":{"@type":"ImageObject","inLanguage":"en-US","@id":"https:\/\/phukienflytech.vn\/#\/schema\/logo\/image\/","url":"https:\/\/phukienflytech.vn\/wp-content\/uploads\/2020\/05\/hAnh_nan.jpg1_.jpg","contentUrl":"https:\/\/phukienflytech.vn\/wp-content\/uploads\/2020\/05\/hAnh_nan.jpg1_.jpg","width":800,"height":450,"caption":"DJI Store - Shop Drone, Action camera, Gimbal DJI |Phukienflytech"},"image":{"@id":"https:\/\/phukienflytech.vn\/#\/schema\/logo\/image\/"},"sameAs":["https:\/\/facebook.com\/phukienflycam","https:\/\/www.youtube.com\/@phukienflytech","https:\/\/www.tiktok.com\/@flytech.channel?fbclid=IwY2xjawGjg7BleHRuA2FlbQIxMAABHYVGmlXpuSMs0UB2zTpYvyT4GMVfN2qJa4urF4vkSQ6FAVBwXZtDP30qQA_aem_UwMiDcUvlEbd2tXAmsc8Og"]}]}},"_links":{"self":[{"href":"https:\/\/phukienflytech.vn\/en\/wp-json\/wp\/v2\/product\/4491","targetHints":{"allow":["GET"]}}],"collection":[{"href":"https:\/\/phukienflytech.vn\/en\/wp-json\/wp\/v2\/product"}],"about":[{"href":"https:\/\/phukienflytech.vn\/en\/wp-json\/wp\/v2\/types\/product"}],"replies":[{"embeddable":true,"href":"https:\/\/phukienflytech.vn\/en\/wp-json\/wp\/v2\/comments?post=4491"}],"wp:featuredmedia":[{"embeddable":true,"href":"https:\/\/phukienflytech.vn\/en\/wp-json\/wp\/v2\/media\/16356"}],"wp:attachment":[{"href":"https:\/\/phukienflytech.vn\/en\/wp-json\/wp\/v2\/media?parent=4491"}],"wp:term":[{"taxonomy":"product_brand","embeddable":true,"href":"https:\/\/phukienflytech.vn\/en\/wp-json\/wp\/v2\/product_brand?post=4491"},{"taxonomy":"product_cat","embeddable":true,"href":"https:\/\/phukienflytech.vn\/en\/wp-json\/wp\/v2\/product_cat?post=4491"},{"taxonomy":"product_tag","embeddable":true,"href":"https:\/\/phukienflytech.vn\/en\/wp-json\/wp\/v2\/product_tag?post=4491"}],"curies":[{"name":"wp","href":"https:\/\/api.w.org\/{rel}","templated":true}]}}