{"id":4519,"date":"2020-06-23T09:25:26","date_gmt":"2020-06-23T02:25:26","guid":{"rendered":"http:\/\/27430.lamdx.vinawebsite.vn\/san-pham\/combo-kit-phantom-3-option-2.html"},"modified":"2020-09-09T08:52:20","modified_gmt":"2020-09-09T01:52:20","slug":"combo-kit-phantom-3-option-2","status":"publish","type":"product","link":"https:\/\/phukienflytech.vn\/en\/san-pham\/combo-kit-phantom-3-option-2.html","title":{"rendered":"Combo kit Phantom 3 &#8211; Option #2"},"content":{"rendered":"<h2><span style=\"font-size: 21px; color: #0000ff;\"><em><strong>Combo Kit\u00a0Phantom 3 series\u00a0\u2013 by phukienflytech.vn\u00a0<\/strong><\/em><\/span><\/h2>\n<p><span style=\"font-size: 18px;\">Combo kit Phantom 3 option 2<\/span><\/p>\n<h2><span style=\"font-size: 18px; color: #0000ff;\"><strong><em>B\u1ed9 Combo kit Phantom 3 option 2 g\u1ed3m:<\/em><\/strong><\/span><\/h2>\n<ul>\n<li><span style=\"font-size: 18px;\">Pin phantom 3 ch\u00ednh\u00a0h\u00e3ng DJI : x 2<\/span><\/li>\n<li><span style=\"font-size: 18px;\">C\u00e1nh Phantom 3\u00a0ch\u00ednh h\u00e3ng : x 2<\/span><\/li>\n<li><span style=\"font-size: 18px;\">Balo c\u1ee9ng Phantom 3 4 ch\u00ednh h\u00e3ng DJI: x1<\/span><\/li>\n<li><span style=\"font-size: 18px;\">B\u1ed9 s\u1ea1c nhanh 5in1 Phantom 3 series : x1<\/span><\/li>\n<\/ul>\n<p><span style=\"font-size: 18px;\">Pin phantom 3 ch\u00ednh h\u00e3ng DJI<\/span><\/p>\n<ul>\n<li><span style=\"font-size: 18px;\">Th\u1eddi gian bay: t\u1ed1i \u0111a 25 ph\u00fat<\/span><\/li>\n<li><span style=\"font-size: 18px;\">Dung l\u01b0\u1ee3ng pin Phantom 3: 4480 mAh<\/span><\/li>\n<li><span style=\"font-size: 18px;\">\u0110i\u1ec7n \u00e1p: 15.2 V<\/span><\/li>\n<li><span style=\"font-size: 18px;\">Lo\u1ea1i pin: LiPo 4S<\/span><\/li>\n<li><span style=\"font-size: 18px;\">C\u00f4ng su\u1ea5t:\u00a068.5 Wh<\/span><\/li>\n<li><span style=\"font-size: 18px;\">C\u00e2n n\u1eb7ng:\u00a0365 g<\/span><\/li>\n<li><span style=\"font-size: 18px;\">Nhi\u1ec7t \u0111\u1ed9 ho\u1ea1t \u0111\u1ed9ng: 31\u00b0 to 103\u00b0F (5\u00b0 to 40\u00b0C)<\/span><\/li>\n<li><span style=\"font-size: 18px;\">N\u0103ng l\u01b0\u1ee3ng s\u1ea1c l\u1edbn nh\u1ea5t: 100 W<\/span><\/li>\n<\/ul>\n<p><span style=\"font-size: 18px;\">Gi\u00e1 b\u00e1n l\u1ebb: 2.700.000 VND<\/span><\/p>\n<p>&nbsp;<\/p>\n<p><span style=\"font-size: 18px;\"><img loading=\"lazy\" decoding=\"async\" class=\"alignnone size-medium wp-image-12949\" src=\"https:\/\/phukienflytech.vn\/wp-content\/uploads\/2020\/05\/combo-kit-phantom-3-option-2-4510-400x400.png\" alt=\"\" width=\"400\" height=\"400\" srcset=\"https:\/\/phukienflytech.vn\/wp-content\/uploads\/2020\/05\/combo-kit-phantom-3-option-2-4510-400x400.png 400w, https:\/\/phukienflytech.vn\/wp-content\/uploads\/2020\/05\/combo-kit-phantom-3-option-2-4510-280x280.png 280w, https:\/\/phukienflytech.vn\/wp-content\/uploads\/2020\/05\/combo-kit-phantom-3-option-2-4510-300x300.png 300w, https:\/\/phukienflytech.vn\/wp-content\/uploads\/2020\/05\/combo-kit-phantom-3-option-2-4510-100x100.png 100w, https:\/\/phukienflytech.vn\/wp-content\/uploads\/2020\/05\/combo-kit-phantom-3-option-2-4510.png 500w\" sizes=\"auto, (max-width: 400px) 100vw, 400px\" \/><\/span><\/p>\n<p>&nbsp;<\/p>\n<p><span style=\"font-size: 18px;\">C\u00e1nh phantom 3 ch\u00ednh h\u00e3ng<\/span><\/p>\n<p><span style=\"font-size: 18px;\">Gi\u00e1 b\u00e1n l\u1ebb: 135.000 VND \/ c\u1eb7p ~ 270.000 VND\/ b\u1ed9 4 c\u00e1nh<\/span><\/p>\n<p>&nbsp;<\/p>\n<p><span style=\"font-size: 18px;\"><img loading=\"lazy\" decoding=\"async\" class=\"alignnone size-medium wp-image-12951\" src=\"https:\/\/phukienflytech.vn\/wp-content\/uploads\/2020\/05\/combo-kit-phantom-3-option-2-4510-1-1-400x400.jpg\" alt=\"\" width=\"400\" height=\"400\" srcset=\"https:\/\/phukienflytech.vn\/wp-content\/uploads\/2020\/05\/combo-kit-phantom-3-option-2-4510-1-1-400x400.jpg 400w, https:\/\/phukienflytech.vn\/wp-content\/uploads\/2020\/05\/combo-kit-phantom-3-option-2-4510-1-1-280x280.jpg 280w, https:\/\/phukienflytech.vn\/wp-content\/uploads\/2020\/05\/combo-kit-phantom-3-option-2-4510-1-1-300x300.jpg 300w, https:\/\/phukienflytech.vn\/wp-content\/uploads\/2020\/05\/combo-kit-phantom-3-option-2-4510-1-1-100x100.jpg 100w, https:\/\/phukienflytech.vn\/wp-content\/uploads\/2020\/05\/combo-kit-phantom-3-option-2-4510-1-1.jpg 500w\" sizes=\"auto, (max-width: 400px) 100vw, 400px\" \/><\/span><\/p>\n<p>&nbsp;<\/p>\n<p><span style=\"font-size: 18px;\">Balo\u00a0c\u1ee9ng\u00a0ch\u1ed1ng s\u1ed1c Phantom 3 4 ch\u00ednh h\u00e3ng DJI<\/span><\/p>\n<p><span style=\"font-size: 18px;\">Gi\u00e1 b\u00e1n l\u1ebb: 950.000 VND<\/span><\/p>\n<p>&nbsp;<\/p>\n<p><span style=\"font-size: 18px;\"><img loading=\"lazy\" decoding=\"async\" class=\"alignnone size-medium wp-image-12953\" src=\"https:\/\/phukienflytech.vn\/wp-content\/uploads\/2020\/05\/combo-kit-phantom-3-option-2-4510-2-1.jpg\" alt=\"\" width=\"340\" height=\"340\" srcset=\"https:\/\/phukienflytech.vn\/wp-content\/uploads\/2020\/05\/combo-kit-phantom-3-option-2-4510-2-1.jpg 340w, https:\/\/phukienflytech.vn\/wp-content\/uploads\/2020\/05\/combo-kit-phantom-3-option-2-4510-2-1-280x280.jpg 280w, https:\/\/phukienflytech.vn\/wp-content\/uploads\/2020\/05\/combo-kit-phantom-3-option-2-4510-2-1-300x300.jpg 300w, https:\/\/phukienflytech.vn\/wp-content\/uploads\/2020\/05\/combo-kit-phantom-3-option-2-4510-2-1-100x100.jpg 100w\" sizes=\"auto, (max-width: 340px) 100vw, 340px\" \/><\/span><\/p>\n<p>&nbsp;<\/p>\n<p><span style=\"font-size: 18px;\">B\u1ed9 s\u1ea1c nhanh 5in1 Phantom 3 series<\/span><\/p>\n<p><span style=\"font-size: 18px;\">Gi\u00e1 b\u00e1n l\u1ebb : 980.000 VND<\/span><\/p>\n<p>&nbsp;<\/p>\n<p><span style=\"font-size: 18px;\"><img loading=\"lazy\" decoding=\"async\" class=\"alignnone size-medium wp-image-12955\" src=\"https:\/\/phukienflytech.vn\/wp-content\/uploads\/2020\/05\/combo-kit-phantom-3-option-2-4510-3-1.jpg\" alt=\"\" width=\"300\" height=\"300\" srcset=\"https:\/\/phukienflytech.vn\/wp-content\/uploads\/2020\/05\/combo-kit-phantom-3-option-2-4510-3-1.jpg 300w, https:\/\/phukienflytech.vn\/wp-content\/uploads\/2020\/05\/combo-kit-phantom-3-option-2-4510-3-1-280x280.jpg 280w, https:\/\/phukienflytech.vn\/wp-content\/uploads\/2020\/05\/combo-kit-phantom-3-option-2-4510-3-1-100x100.jpg 100w\" sizes=\"auto, (max-width: 300px) 100vw, 300px\" \/><\/span><\/p>\n<p>&nbsp;<\/p>\n<p><span style=\"font-size: 18px;\">Li\u00ean h\u1ec7 v\u1edbi ch\u00fang t\u00f4i qua facebook : <a href=\"https:\/\/www.facebook.com\/phukienflycam\">Ph\u1ee5 ki\u1ec7n flytech gi\u00e1 t\u1ed1t<\/a><\/span><\/p>\n<p>&nbsp;<\/p>\n","protected":false},"excerpt":{"rendered":"<p>Combo Kit\u00a0Phantom 3 series\u00a0\u2013 by phukienflytech.vn\u00a0 Combo kit Phantom 3 option 2 B\u1ed9 Combo kit Phantom 3 option 2 g\u1ed3m: Pin phantom 3 ch\u00ednh\u00a0h\u00e3ng DJI : x 2 C\u00e1nh Phantom 3\u00a0ch\u00ednh h\u00e3ng : x 2 Balo c\u1ee9ng Phantom 3 4 ch\u00ednh h\u00e3ng DJI: x1 B\u1ed9 s\u1ea1c nhanh 5in1 Phantom 3 series : x1 Pin phantom &#8230;<\/p>\n","protected":false},"featured_media":6857,"comment_status":"open","ping_status":"closed","template":"","meta":{"_acf_changed":false},"product_brand":[],"product_cat":[183],"product_tag":[206,245],"class_list":{"0":"post-4519","1":"product","2":"type-product","3":"status-publish","4":"has-post-thumbnail","6":"product_cat-phantom-3-accessory","7":"product_tag-phu-kien-dji-en","8":"product_tag-phu-kien-phantom-3-en","10":"first","11":"instock","12":"shipping-taxable","13":"purchasable","14":"product-type-simple"},"acf":[],"yoast_head":"<!-- This site is optimized with the Yoast SEO plugin v25.7 - https:\/\/yoast.com\/wordpress\/plugins\/seo\/ -->\n<title>Combo kit Phantom 3 option 2 - ph\u1ee5 ki\u1ec7n phantom 3 ch\u00ednh h\u00e3ng<\/title>\n<meta name=\"description\" content=\"Combo kit Phantom 3 option 2 l\u00e0 ph\u1ee5 ki\u1ec7n ch\u00ednh h\u00e3ng. Combo kit Phantom 3 option 2 gi\u00fap b\u1ea1n c\u00f3 th\u1ec3 tr\u1ea3i nghi\u1ec7m to\u00e0n b\u1ed9 nh\u1eefng s\u1ea3n ph\u1ea9m c\u1ea7n thi\u1ebft\" \/>\n<meta name=\"robots\" content=\"index, follow, max-snippet:-1, max-image-preview:large, max-video-preview:-1\" \/>\n<link rel=\"canonical\" href=\"https:\/\/phukienflytech.vn\/en\/san-pham\/combo-kit-phantom-3-option-2.html\" \/>\n<meta property=\"og:locale\" content=\"en_US\" \/>\n<meta property=\"og:type\" content=\"article\" \/>\n<meta property=\"og:title\" content=\"Combo kit Phantom 3 option 2 - ph\u1ee5 ki\u1ec7n phantom 3 ch\u00ednh h\u00e3ng\" \/>\n<meta property=\"og:description\" content=\"Combo kit Phantom 3 option 2 l\u00e0 ph\u1ee5 ki\u1ec7n ch\u00ednh h\u00e3ng. Combo kit Phantom 3 option 2 gi\u00fap b\u1ea1n c\u00f3 th\u1ec3 tr\u1ea3i nghi\u1ec7m to\u00e0n b\u1ed9 nh\u1eefng s\u1ea3n ph\u1ea9m c\u1ea7n thi\u1ebft\" \/>\n<meta property=\"og:url\" content=\"https:\/\/phukienflytech.vn\/en\/san-pham\/combo-kit-phantom-3-option-2.html\" \/>\n<meta property=\"og:site_name\" content=\"Shop M\u00e1y \u1ea3nh - Action Camera - Gimbal - Flycam - Ph\u1ee5 ki\u1ec7n\" \/>\n<meta property=\"article:publisher\" content=\"https:\/\/facebook.com\/phukienflycam\" \/>\n<meta property=\"article:modified_time\" content=\"2020-09-09T01:52:20+00:00\" \/>\n<meta property=\"og:image\" content=\"https:\/\/phukienflytech.vn\/wp-content\/uploads\/2020\/05\/300x300_combo-kit-phantom-3-kit-gia-re-phu-kien-pin-balo-canh-sac-phantom-3_-_Copy.png\" \/>\n\t<meta property=\"og:image:width\" content=\"300\" \/>\n\t<meta property=\"og:image:height\" content=\"300\" \/>\n\t<meta property=\"og:image:type\" content=\"image\/png\" \/>\n<meta name=\"twitter:card\" content=\"summary_large_image\" \/>\n<meta name=\"twitter:label1\" content=\"Est. reading time\" \/>\n\t<meta name=\"twitter:data1\" content=\"1 minute\" \/>\n<script type=\"application\/ld+json\" class=\"yoast-schema-graph\">{\"@context\":\"https:\/\/schema.org\",\"@graph\":[{\"@type\":\"WebPage\",\"@id\":\"https:\/\/phukienflytech.vn\/en\/san-pham\/combo-kit-phantom-3-option-2.html\",\"url\":\"https:\/\/phukienflytech.vn\/en\/san-pham\/combo-kit-phantom-3-option-2.html\",\"name\":\"Combo kit Phantom 3 option 2 - ph\u1ee5 ki\u1ec7n phantom 3 ch\u00ednh h\u00e3ng\",\"isPartOf\":{\"@id\":\"https:\/\/phukienflytech.vn\/#website\"},\"primaryImageOfPage\":{\"@id\":\"https:\/\/phukienflytech.vn\/en\/san-pham\/combo-kit-phantom-3-option-2.html#primaryimage\"},\"image\":{\"@id\":\"https:\/\/phukienflytech.vn\/en\/san-pham\/combo-kit-phantom-3-option-2.html#primaryimage\"},\"thumbnailUrl\":\"https:\/\/phukienflytech.vn\/wp-content\/uploads\/2020\/05\/300x300_combo-kit-phantom-3-kit-gia-re-phu-kien-pin-balo-canh-sac-phantom-3_-_Copy.png\",\"datePublished\":\"2020-06-23T02:25:26+00:00\",\"dateModified\":\"2020-09-09T01:52:20+00:00\",\"description\":\"Combo kit Phantom 3 option 2 l\u00e0 ph\u1ee5 ki\u1ec7n ch\u00ednh h\u00e3ng. Combo kit Phantom 3 option 2 gi\u00fap b\u1ea1n c\u00f3 th\u1ec3 tr\u1ea3i nghi\u1ec7m to\u00e0n b\u1ed9 nh\u1eefng s\u1ea3n ph\u1ea9m c\u1ea7n thi\u1ebft\",\"breadcrumb\":{\"@id\":\"https:\/\/phukienflytech.vn\/en\/san-pham\/combo-kit-phantom-3-option-2.html#breadcrumb\"},\"inLanguage\":\"en-US\",\"potentialAction\":[{\"@type\":\"ReadAction\",\"target\":[\"https:\/\/phukienflytech.vn\/en\/san-pham\/combo-kit-phantom-3-option-2.html\"]}]},{\"@type\":\"ImageObject\",\"inLanguage\":\"en-US\",\"@id\":\"https:\/\/phukienflytech.vn\/en\/san-pham\/combo-kit-phantom-3-option-2.html#primaryimage\",\"url\":\"https:\/\/phukienflytech.vn\/wp-content\/uploads\/2020\/05\/300x300_combo-kit-phantom-3-kit-gia-re-phu-kien-pin-balo-canh-sac-phantom-3_-_Copy.png\",\"contentUrl\":\"https:\/\/phukienflytech.vn\/wp-content\/uploads\/2020\/05\/300x300_combo-kit-phantom-3-kit-gia-re-phu-kien-pin-balo-canh-sac-phantom-3_-_Copy.png\",\"width\":300,\"height\":300},{\"@type\":\"BreadcrumbList\",\"@id\":\"https:\/\/phukienflytech.vn\/en\/san-pham\/combo-kit-phantom-3-option-2.html#breadcrumb\",\"itemListElement\":[{\"@type\":\"ListItem\",\"position\":1,\"name\":\"Home\",\"item\":\"https:\/\/phukienflytech.vn\/en\"},{\"@type\":\"ListItem\",\"position\":2,\"name\":\"Ph\u1ee5 ki\u1ec7n Mavic Pro\",\"item\":\"https:\/\/phukienflytech.vn\/en\/phu-kien-mavic-pro.html\"},{\"@type\":\"ListItem\",\"position\":3,\"name\":\"DJI Osmo &amp; Drone's accessories\",\"item\":\"https:\/\/phukienflytech.vn\/en\/danh-muc\/dji-osmo-drones-accessories.html\"},{\"@type\":\"ListItem\",\"position\":4,\"name\":\"Ph\u1ee5 ki\u1ec7n flycam Phantom 3\",\"item\":\"https:\/\/phukienflytech.vn\/en\/danh-muc\/phantom-3-accessory.html\"},{\"@type\":\"ListItem\",\"position\":5,\"name\":\"Combo kit Phantom 3 &#8211; Option #2\"}]},{\"@type\":\"WebSite\",\"@id\":\"https:\/\/phukienflytech.vn\/#website\",\"url\":\"https:\/\/phukienflytech.vn\/\",\"name\":\"Shop M\u00e1y \u1ea3nh - Action Camera - Gimbal - Flycam - Ph\u1ee5 ki\u1ec7n\",\"description\":\"Shop M\u00e1y \u1ea3nh - Action Camera - Gimbal - Flycam - Ph\u1ee5 ki\u1ec7n\",\"publisher\":{\"@id\":\"https:\/\/phukienflytech.vn\/#organization\"},\"potentialAction\":[{\"@type\":\"SearchAction\",\"target\":{\"@type\":\"EntryPoint\",\"urlTemplate\":\"https:\/\/phukienflytech.vn\/?s={search_term_string}\"},\"query-input\":{\"@type\":\"PropertyValueSpecification\",\"valueRequired\":true,\"valueName\":\"search_term_string\"}}],\"inLanguage\":\"en-US\"},{\"@type\":\"Organization\",\"@id\":\"https:\/\/phukienflytech.vn\/#organization\",\"name\":\"DJI Store - Shop Drone, Action camera, Gimbal DJI |Phukienflytech\",\"alternateName\":\"DJI Store - Shop Drone, Action camera, Gimbal DJI |Phukienflytech\",\"url\":\"https:\/\/phukienflytech.vn\/\",\"logo\":{\"@type\":\"ImageObject\",\"inLanguage\":\"en-US\",\"@id\":\"https:\/\/phukienflytech.vn\/#\/schema\/logo\/image\/\",\"url\":\"https:\/\/phukienflytech.vn\/wp-content\/uploads\/2020\/05\/hAnh_nan.jpg1_.jpg\",\"contentUrl\":\"https:\/\/phukienflytech.vn\/wp-content\/uploads\/2020\/05\/hAnh_nan.jpg1_.jpg\",\"width\":800,\"height\":450,\"caption\":\"DJI Store - Shop Drone, Action camera, Gimbal DJI |Phukienflytech\"},\"image\":{\"@id\":\"https:\/\/phukienflytech.vn\/#\/schema\/logo\/image\/\"},\"sameAs\":[\"https:\/\/facebook.com\/phukienflycam\",\"https:\/\/www.youtube.com\/@phukienflytech\",\"https:\/\/www.tiktok.com\/@flytech.channel?fbclid=IwY2xjawGjg7BleHRuA2FlbQIxMAABHYVGmlXpuSMs0UB2zTpYvyT4GMVfN2qJa4urF4vkSQ6FAVBwXZtDP30qQA_aem_UwMiDcUvlEbd2tXAmsc8Og\"]}]}<\/script>\n<!-- \/ Yoast SEO plugin. -->","yoast_head_json":{"title":"Combo kit Phantom 3 option 2 - ph\u1ee5 ki\u1ec7n phantom 3 ch\u00ednh h\u00e3ng","description":"Combo kit Phantom 3 option 2 l\u00e0 ph\u1ee5 ki\u1ec7n ch\u00ednh h\u00e3ng. Combo kit Phantom 3 option 2 gi\u00fap b\u1ea1n c\u00f3 th\u1ec3 tr\u1ea3i nghi\u1ec7m to\u00e0n b\u1ed9 nh\u1eefng s\u1ea3n ph\u1ea9m c\u1ea7n thi\u1ebft","robots":{"index":"index","follow":"follow","max-snippet":"max-snippet:-1","max-image-preview":"max-image-preview:large","max-video-preview":"max-video-preview:-1"},"canonical":"https:\/\/phukienflytech.vn\/en\/san-pham\/combo-kit-phantom-3-option-2.html","og_locale":"en_US","og_type":"article","og_title":"Combo kit Phantom 3 option 2 - ph\u1ee5 ki\u1ec7n phantom 3 ch\u00ednh h\u00e3ng","og_description":"Combo kit Phantom 3 option 2 l\u00e0 ph\u1ee5 ki\u1ec7n ch\u00ednh h\u00e3ng. Combo kit Phantom 3 option 2 gi\u00fap b\u1ea1n c\u00f3 th\u1ec3 tr\u1ea3i nghi\u1ec7m to\u00e0n b\u1ed9 nh\u1eefng s\u1ea3n ph\u1ea9m c\u1ea7n thi\u1ebft","og_url":"https:\/\/phukienflytech.vn\/en\/san-pham\/combo-kit-phantom-3-option-2.html","og_site_name":"Shop M\u00e1y \u1ea3nh - Action Camera - Gimbal - Flycam - Ph\u1ee5 ki\u1ec7n","article_publisher":"https:\/\/facebook.com\/phukienflycam","article_modified_time":"2020-09-09T01:52:20+00:00","og_image":[{"width":300,"height":300,"url":"https:\/\/phukienflytech.vn\/wp-content\/uploads\/2020\/05\/300x300_combo-kit-phantom-3-kit-gia-re-phu-kien-pin-balo-canh-sac-phantom-3_-_Copy.png","type":"image\/png"}],"twitter_card":"summary_large_image","twitter_misc":{"Est. reading time":"1 minute"},"schema":{"@context":"https:\/\/schema.org","@graph":[{"@type":"WebPage","@id":"https:\/\/phukienflytech.vn\/en\/san-pham\/combo-kit-phantom-3-option-2.html","url":"https:\/\/phukienflytech.vn\/en\/san-pham\/combo-kit-phantom-3-option-2.html","name":"Combo kit Phantom 3 option 2 - ph\u1ee5 ki\u1ec7n phantom 3 ch\u00ednh h\u00e3ng","isPartOf":{"@id":"https:\/\/phukienflytech.vn\/#website"},"primaryImageOfPage":{"@id":"https:\/\/phukienflytech.vn\/en\/san-pham\/combo-kit-phantom-3-option-2.html#primaryimage"},"image":{"@id":"https:\/\/phukienflytech.vn\/en\/san-pham\/combo-kit-phantom-3-option-2.html#primaryimage"},"thumbnailUrl":"https:\/\/phukienflytech.vn\/wp-content\/uploads\/2020\/05\/300x300_combo-kit-phantom-3-kit-gia-re-phu-kien-pin-balo-canh-sac-phantom-3_-_Copy.png","datePublished":"2020-06-23T02:25:26+00:00","dateModified":"2020-09-09T01:52:20+00:00","description":"Combo kit Phantom 3 option 2 l\u00e0 ph\u1ee5 ki\u1ec7n ch\u00ednh h\u00e3ng. Combo kit Phantom 3 option 2 gi\u00fap b\u1ea1n c\u00f3 th\u1ec3 tr\u1ea3i nghi\u1ec7m to\u00e0n b\u1ed9 nh\u1eefng s\u1ea3n ph\u1ea9m c\u1ea7n thi\u1ebft","breadcrumb":{"@id":"https:\/\/phukienflytech.vn\/en\/san-pham\/combo-kit-phantom-3-option-2.html#breadcrumb"},"inLanguage":"en-US","potentialAction":[{"@type":"ReadAction","target":["https:\/\/phukienflytech.vn\/en\/san-pham\/combo-kit-phantom-3-option-2.html"]}]},{"@type":"ImageObject","inLanguage":"en-US","@id":"https:\/\/phukienflytech.vn\/en\/san-pham\/combo-kit-phantom-3-option-2.html#primaryimage","url":"https:\/\/phukienflytech.vn\/wp-content\/uploads\/2020\/05\/300x300_combo-kit-phantom-3-kit-gia-re-phu-kien-pin-balo-canh-sac-phantom-3_-_Copy.png","contentUrl":"https:\/\/phukienflytech.vn\/wp-content\/uploads\/2020\/05\/300x300_combo-kit-phantom-3-kit-gia-re-phu-kien-pin-balo-canh-sac-phantom-3_-_Copy.png","width":300,"height":300},{"@type":"BreadcrumbList","@id":"https:\/\/phukienflytech.vn\/en\/san-pham\/combo-kit-phantom-3-option-2.html#breadcrumb","itemListElement":[{"@type":"ListItem","position":1,"name":"Home","item":"https:\/\/phukienflytech.vn\/en"},{"@type":"ListItem","position":2,"name":"Ph\u1ee5 ki\u1ec7n Mavic Pro","item":"https:\/\/phukienflytech.vn\/en\/phu-kien-mavic-pro.html"},{"@type":"ListItem","position":3,"name":"DJI Osmo &amp; Drone's accessories","item":"https:\/\/phukienflytech.vn\/en\/danh-muc\/dji-osmo-drones-accessories.html"},{"@type":"ListItem","position":4,"name":"Ph\u1ee5 ki\u1ec7n flycam Phantom 3","item":"https:\/\/phukienflytech.vn\/en\/danh-muc\/phantom-3-accessory.html"},{"@type":"ListItem","position":5,"name":"Combo kit Phantom 3 &#8211; Option #2"}]},{"@type":"WebSite","@id":"https:\/\/phukienflytech.vn\/#website","url":"https:\/\/phukienflytech.vn\/","name":"Shop M\u00e1y \u1ea3nh - Action Camera - Gimbal - Flycam - Ph\u1ee5 ki\u1ec7n","description":"Shop M\u00e1y \u1ea3nh - Action Camera - Gimbal - Flycam - Ph\u1ee5 ki\u1ec7n","publisher":{"@id":"https:\/\/phukienflytech.vn\/#organization"},"potentialAction":[{"@type":"SearchAction","target":{"@type":"EntryPoint","urlTemplate":"https:\/\/phukienflytech.vn\/?s={search_term_string}"},"query-input":{"@type":"PropertyValueSpecification","valueRequired":true,"valueName":"search_term_string"}}],"inLanguage":"en-US"},{"@type":"Organization","@id":"https:\/\/phukienflytech.vn\/#organization","name":"DJI Store - Shop Drone, Action camera, Gimbal DJI |Phukienflytech","alternateName":"DJI Store - Shop Drone, Action camera, Gimbal DJI |Phukienflytech","url":"https:\/\/phukienflytech.vn\/","logo":{"@type":"ImageObject","inLanguage":"en-US","@id":"https:\/\/phukienflytech.vn\/#\/schema\/logo\/image\/","url":"https:\/\/phukienflytech.vn\/wp-content\/uploads\/2020\/05\/hAnh_nan.jpg1_.jpg","contentUrl":"https:\/\/phukienflytech.vn\/wp-content\/uploads\/2020\/05\/hAnh_nan.jpg1_.jpg","width":800,"height":450,"caption":"DJI Store - Shop Drone, Action camera, Gimbal DJI |Phukienflytech"},"image":{"@id":"https:\/\/phukienflytech.vn\/#\/schema\/logo\/image\/"},"sameAs":["https:\/\/facebook.com\/phukienflycam","https:\/\/www.youtube.com\/@phukienflytech","https:\/\/www.tiktok.com\/@flytech.channel?fbclid=IwY2xjawGjg7BleHRuA2FlbQIxMAABHYVGmlXpuSMs0UB2zTpYvyT4GMVfN2qJa4urF4vkSQ6FAVBwXZtDP30qQA_aem_UwMiDcUvlEbd2tXAmsc8Og"]}]}},"_links":{"self":[{"href":"https:\/\/phukienflytech.vn\/en\/wp-json\/wp\/v2\/product\/4519","targetHints":{"allow":["GET"]}}],"collection":[{"href":"https:\/\/phukienflytech.vn\/en\/wp-json\/wp\/v2\/product"}],"about":[{"href":"https:\/\/phukienflytech.vn\/en\/wp-json\/wp\/v2\/types\/product"}],"replies":[{"embeddable":true,"href":"https:\/\/phukienflytech.vn\/en\/wp-json\/wp\/v2\/comments?post=4519"}],"wp:featuredmedia":[{"embeddable":true,"href":"https:\/\/phukienflytech.vn\/en\/wp-json\/wp\/v2\/media\/6857"}],"wp:attachment":[{"href":"https:\/\/phukienflytech.vn\/en\/wp-json\/wp\/v2\/media?parent=4519"}],"wp:term":[{"taxonomy":"product_brand","embeddable":true,"href":"https:\/\/phukienflytech.vn\/en\/wp-json\/wp\/v2\/product_brand?post=4519"},{"taxonomy":"product_cat","embeddable":true,"href":"https:\/\/phukienflytech.vn\/en\/wp-json\/wp\/v2\/product_cat?post=4519"},{"taxonomy":"product_tag","embeddable":true,"href":"https:\/\/phukienflytech.vn\/en\/wp-json\/wp\/v2\/product_tag?post=4519"}],"curies":[{"name":"wp","href":"https:\/\/api.w.org\/{rel}","templated":true}]}}