{"id":4529,"date":"2020-06-16T15:31:10","date_gmt":"2020-06-16T08:31:10","guid":{"rendered":"http:\/\/27430.lamdx.vinawebsite.vn\/san-pham\/chan-phantom-3-standard-se-chinh-hang-dji.html"},"modified":"2020-10-15T21:19:16","modified_gmt":"2020-10-15T14:19:16","slug":"landing-gear-kit-of-phantom-3","status":"publish","type":"product","link":"https:\/\/phukienflytech.vn\/en\/san-pham\/landing-gear-kit-of-phantom-3.html","title":{"rendered":"Original landing gear kit of Phantom 3 Standard"},"content":{"rendered":"<h2><em><strong><span style=\"font-size: 21px; color: #0000ff;\">Landing gear kit of Phantom 3<\/span><\/strong><\/em><\/h2>\n<p><span style=\"font-size: 18px;\">Landing gear kit of Phantom 3<\/span><\/p>\n<p><span style=\"font-size: 18px;\">Hi\u1ec7n nay, v\u1edbi vi\u1ec7c \u01b0a th\u00edch tr\u1ea3i nghi\u1ec7m c\u1ea3m gi\u00e1c bay flycam kh\u00f4ng ch\u1ec9 \u0111\u01a1n thu\u1ea7n l\u00e0 \u1edf \u0111\u1ed9 xa hay \u1edf m\u1ed9t \u0111\u1ed9 cao nh\u1ea5t \u0111\u1ecbnh n\u00e0o \u0111\u00f3, m\u00e0 \u0111\u00f3 c\u00f2n l\u00e0 tr\u1ea3i nghi\u1ec7m bay trong m\u1ed9t kh\u00f4ng gian h\u1eb9p h\u01a1n, \u0111\u00f2i h\u1ecfi nh\u1eefng k\u1ef9 n\u0103ng bay th\u1eadt ch\u1eafc ch\u1eafn v\u00e0 th\u00e1i \u0111\u1ed9 bay t\u1eadp trung tuy\u1ec7t \u0111\u1ed1i. Tuy nhi\u00ean, \u0111\u00f4i l\u00fac ch\u00fang ta c\u0169ng kh\u00f3 c\u00f3 th\u1ec3 ki\u1ec3m so\u00e1t tuy\u1ec7t \u0111\u1ed1i trong m\u1ed9t t\u00ecnh hu\u1ed1ng x\u1ea3y ra ch\u1edbp nho\u00e1ng .<\/span><\/p>\n<p><span style=\"font-size: 18px;\">\u0110i\u1ec1u t\u1ed9i t\u1ec7 l\u00e0 chi\u1ebfc drone ch\u00fang ta s\u1ebd b\u1ecb va \u0111\u1eadp v\u00e0 r\u1edbt xu\u1ed1ng \u0111\u1ea5t, ph\u1ea7n l\u1edbn t\u1ed5n th\u1ea5t l\u00fac n\u00e0y s\u1ebd l\u00e0 \u0111\u00f4i ch\u00e2n c\u1ee7a Phantom 3\u00a0Standard\/SE , d\u1ec5 g\u00e3y v\u00e0 t\u1ed5n t\u01b0\u01a1ng nh\u1ea5t<\/span><\/p>\n<p>&nbsp;<\/p>\n<p><span style=\"font-size: 18px;\"><img loading=\"lazy\" decoding=\"async\" class=\"alignnone wp-image-12944 size-medium\" src=\"https:\/\/phukienflytech.vn\/wp-content\/uploads\/2020\/05\/chan-phantom-3-standard-se-chinh-hang-dji-4521-1-1-400x400.jpg\" alt=\"Landing-gear-kit-of-Phantom-3-1\" width=\"400\" height=\"400\" srcset=\"https:\/\/phukienflytech.vn\/wp-content\/uploads\/2020\/05\/chan-phantom-3-standard-se-chinh-hang-dji-4521-1-1-400x400.jpg 400w, https:\/\/phukienflytech.vn\/wp-content\/uploads\/2020\/05\/chan-phantom-3-standard-se-chinh-hang-dji-4521-1-1-280x280.jpg 280w, https:\/\/phukienflytech.vn\/wp-content\/uploads\/2020\/05\/chan-phantom-3-standard-se-chinh-hang-dji-4521-1-1-300x300.jpg 300w, https:\/\/phukienflytech.vn\/wp-content\/uploads\/2020\/05\/chan-phantom-3-standard-se-chinh-hang-dji-4521-1-1-600x600.jpg 600w, https:\/\/phukienflytech.vn\/wp-content\/uploads\/2020\/05\/chan-phantom-3-standard-se-chinh-hang-dji-4521-1-1-100x100.jpg 100w, https:\/\/phukienflytech.vn\/wp-content\/uploads\/2020\/05\/chan-phantom-3-standard-se-chinh-hang-dji-4521-1-1.jpg 640w\" sizes=\"auto, (max-width: 400px) 100vw, 400px\" \/><\/span><\/p>\n<p>&nbsp;<\/p>\n<p><span style=\"font-size: 18px;\">Do v\u1eady, b\u1ea1n ph\u1ea3i thay th\u1ebf cho \u0111\u00f4i ch\u00e2n n\u00e0y. H\u00e3y ch\u1ecdn \u0111\u00f4i ch\u00e2n ch\u00ednh h\u00e3ng DJI thay v\u00ec c\u00e1c h\u00e3ng th\u1ee9 3 v\u00ec l\u00fd do ti\u1ebfc r\u1ebb. M\u1ed9t \u0111\u00f4i ch\u00e2n do DJI s\u1ea3n xu\u1ea5t lu\u00f4n t\u1ea1o ra s\u1ef1 an kh\u1edbp tuy\u1ec7t \u0111\u1ed1i v\u1edbi ph\u1ea7n c\u00f2n l\u1ea1i.<\/span><\/p>\n<h2><span style=\"font-size: 21px;\"><strong><span style=\"color: #0000ff;\">S\u1eeda ch\u1eefa v\u00e0 thay th\u1ebf Ch\u00e2n Phantom 3 Standard SE \u1edf \u0111\u00e2u?<\/span><\/strong><\/span><\/h2>\n<p><span style=\"font-size: 18px;\">N\u1ebfu b\u1ea1n c\u00f2n \u0111ang b\u0103n kho\u0103n ch\u01b0a r\u00f5 v\u1ec1 c\u00e1ch\u00a0<strong>s\u1eeda ch\u1eefa v\u00e0 thay th\u1ebf linh ki\u1ec7n DJI Mavic Air<\/strong>, h\u00e3y y\u00ean t\u00e2m nh\u1eefng nh\u00e2n vi\u00ean k\u1ef9 thu\u1eadt Ph\u1ee5 ki\u1ec7n flycam gi\u00e1 t\u1ed1t s\u1ebd t\u01b0 v\u1ea5n v\u00e0 h\u01b0\u1edbng d\u1eabn qua \u0111i\u1ec7n tho\u1ea1i n\u1ebfu b\u1ea1n \u1edf xa kh\u00f4ng c\u00f3 \u0111i\u1ec1u ki\u1ec7n qua shop thay tr\u1ef1c ti\u1ebfp \u00a0<\/span><\/p>\n<p>&nbsp;<\/p>\n<p><span style=\"font-size: 18px;\"><img loading=\"lazy\" decoding=\"async\" class=\"alignnone wp-image-12946 size-medium\" src=\"https:\/\/phukienflytech.vn\/wp-content\/uploads\/2020\/05\/chan-phantom-3-standard-se-chinh-hang-dji-4521-2-1-400x400.jpg\" alt=\"Landing-gear-kit-of-Phantom-3\" width=\"400\" height=\"400\" srcset=\"https:\/\/phukienflytech.vn\/wp-content\/uploads\/2020\/05\/chan-phantom-3-standard-se-chinh-hang-dji-4521-2-1-400x400.jpg 400w, https:\/\/phukienflytech.vn\/wp-content\/uploads\/2020\/05\/chan-phantom-3-standard-se-chinh-hang-dji-4521-2-1-280x280.jpg 280w, https:\/\/phukienflytech.vn\/wp-content\/uploads\/2020\/05\/chan-phantom-3-standard-se-chinh-hang-dji-4521-2-1-768x768.jpg 768w, https:\/\/phukienflytech.vn\/wp-content\/uploads\/2020\/05\/chan-phantom-3-standard-se-chinh-hang-dji-4521-2-1-800x800.jpg 800w, https:\/\/phukienflytech.vn\/wp-content\/uploads\/2020\/05\/chan-phantom-3-standard-se-chinh-hang-dji-4521-2-1-300x300.jpg 300w, https:\/\/phukienflytech.vn\/wp-content\/uploads\/2020\/05\/chan-phantom-3-standard-se-chinh-hang-dji-4521-2-1-600x600.jpg 600w, https:\/\/phukienflytech.vn\/wp-content\/uploads\/2020\/05\/chan-phantom-3-standard-se-chinh-hang-dji-4521-2-1-100x100.jpg 100w, https:\/\/phukienflytech.vn\/wp-content\/uploads\/2020\/05\/chan-phantom-3-standard-se-chinh-hang-dji-4521-2-1.jpg 1000w\" sizes=\"auto, (max-width: 400px) 100vw, 400px\" \/><\/span><\/p>\n<p>&nbsp;<\/p>\n<p><span style=\"font-size: 18px;\"><strong>Ph\u1ee5 ki\u1ec7n Flycam Gi\u00e1 t\u1ed1t<\/strong>\u00a0chuy\u00ean cung c\u1ea5p c\u00e1c linh ki\u1ec7n thay th\u1ebf ch\u00ednh h\u00e3ng DJI c\u1ee7a c\u00e1c d\u00f2ng flycam\u00a0<a href=\"https:\/\/phukienflytech.vn\/danh-muc\/linh-kien-flycam-dji\/linh-kien-dji-mavic.html\" target=\"_blank\" rel=\"noopener noreferrer\"><strong>DJI Mavic series<\/strong><\/a>,\u00a0<a href=\"https:\/\/phukienflytech.vn\/danh-muc\/linh-kien-flycam-dji\/linh-kien-dji-phantom-3.html\" target=\"_blank\" rel=\"noopener noreferrer\"><strong>DJI Phantom 3<\/strong><\/a>,\u00a0<a href=\"https:\/\/phukienflytech.vn\/danh-muc\/linh-kien-flycam-dji\/linh-kien-dji-phantom-4.html\" target=\"_blank\" rel=\"noopener noreferrer\"><strong>DJI Phantom 4<\/strong><\/a>,\u2026 v\u00e0\u00a0<a href=\"https:\/\/phukienflytech.vn\/en\/dich-vu-sua-chua-flycam.html\" target=\"_blank\" rel=\"noopener noreferrer\"><strong>d\u1ecbch v\u1ee5 s\u1eeda ch\u1eefa flycam uy t\u00edn, \u0111\u1ea3m b\u1ea3o v\u00e0 ch\u1ea5t l\u01b0\u1ee3ng.<\/strong><\/a><\/span><\/p>\n<p><span style=\"font-size: 18px;\">H\u00e3y \u0111\u1ec3<a href=\"https:\/\/www.facebook.com\/phukienflycam\/?eid=ARCBQ0q12-UOhL1gpeDFhnjm3HjlPSUqIz1ct1Ga5JrKpqFStQo353trGLZf0uATv1_nR7erjs8t17n_\">\u00a0<strong>Ph\u1ee5 Ki\u1ec7n Fly-cam Gi\u00e1 T\u1ed1t<\/strong><\/a>\u00a0ti\u1ebfp s\u1ee9c \u0111am m\u00ea, c\u00f4ng vi\u1ec7c c\u1ee7a b\u1ea1n, gi\u00fap b\u1ea1n th\u00eam ni\u1ec1m h\u1ee9ng kh\u1edfi trong \u0111am m\u00ea c\u0169ng nh\u01b0 c\u00f4ng vi\u1ec7c c\u1ee7a m\u00ecnh th\u00eam su\u00f4n s\u1ebb<\/span><\/p>\n<p><span style=\"font-size: 18px;\">Nh\u00e0 s\u1ea3n xu\u1ea5t :\u00a0<strong>DJI<\/strong>\u00a0\u2013 l\u00e0 m\u1ed9t trong nh\u1eefng Vendor cung c\u1ea5p c\u00e1c ph\u1ee5 ki\u1ec7n, linh ki\u1ec7n thay th\u1ebf cho\u00a0<strong>DJI Flycam<\/strong>.<\/span><\/p>\n<p>&nbsp;<\/p>\n","protected":false},"excerpt":{"rendered":"<p>Landing gear kit of Phantom 3 Landing gear kit of Phantom 3 Hi\u1ec7n nay, v\u1edbi vi\u1ec7c \u01b0a th\u00edch tr\u1ea3i nghi\u1ec7m c\u1ea3m gi\u00e1c bay flycam kh\u00f4ng ch\u1ec9 \u0111\u01a1n thu\u1ea7n l\u00e0 \u1edf \u0111\u1ed9 xa hay \u1edf m\u1ed9t \u0111\u1ed9 cao nh\u1ea5t \u0111\u1ecbnh n\u00e0o \u0111\u00f3, m\u00e0 \u0111\u00f3 c\u00f2n l\u00e0 tr\u1ea3i nghi\u1ec7m bay trong m\u1ed9t kh\u00f4ng gian h\u1eb9p h\u01a1n, \u0111\u00f2i &#8230;<\/p>\n","protected":false},"featured_media":6841,"comment_status":"open","ping_status":"closed","template":"","meta":{"_acf_changed":false},"product_brand":[],"product_cat":[183],"product_tag":[206,245],"class_list":{"0":"post-4529","1":"product","2":"type-product","3":"status-publish","4":"has-post-thumbnail","6":"product_cat-phantom-3-accessory","7":"product_tag-phu-kien-dji-en","8":"product_tag-phu-kien-phantom-3-en","10":"first","11":"instock","12":"shipping-taxable","13":"purchasable","14":"product-type-simple"},"acf":[],"yoast_head":"<!-- This site is optimized with the Yoast SEO plugin v25.7 - https:\/\/yoast.com\/wordpress\/plugins\/seo\/ -->\n<title>Landing gear kit of Phantom 3 - DJI - Phantom accessory - available<\/title>\n<meta name=\"description\" content=\"Landing gear kit of Phantom 3 is one of the most important accessory. Contact us to buy Landing gear kit of Phantom 3 for best price.\" \/>\n<meta name=\"robots\" content=\"index, follow, max-snippet:-1, max-image-preview:large, max-video-preview:-1\" \/>\n<link rel=\"canonical\" href=\"https:\/\/phukienflytech.vn\/en\/san-pham\/landing-gear-kit-of-phantom-3.html\" \/>\n<meta property=\"og:locale\" content=\"en_US\" \/>\n<meta property=\"og:type\" content=\"article\" \/>\n<meta property=\"og:title\" content=\"Landing gear kit of Phantom 3 - DJI - Phantom accessory - available\" \/>\n<meta property=\"og:description\" content=\"Landing gear kit of Phantom 3 is one of the most important accessory. Contact us to buy Landing gear kit of Phantom 3 for best price.\" \/>\n<meta property=\"og:url\" content=\"https:\/\/phukienflytech.vn\/en\/san-pham\/landing-gear-kit-of-phantom-3.html\" \/>\n<meta property=\"og:site_name\" content=\"Shop M\u00e1y \u1ea3nh - Action Camera - Gimbal - Flycam - Ph\u1ee5 ki\u1ec7n\" \/>\n<meta property=\"article:publisher\" content=\"https:\/\/facebook.com\/phukienflycam\" \/>\n<meta property=\"article:modified_time\" content=\"2020-10-15T14:19:16+00:00\" \/>\n<meta property=\"og:image\" content=\"https:\/\/phukienflytech.vn\/wp-content\/uploads\/2020\/05\/300x300_chan-phantom-3-chinh-hang-dji-pro-adv-s_-_Copy.jpg\" \/>\n\t<meta property=\"og:image:width\" content=\"300\" \/>\n\t<meta property=\"og:image:height\" content=\"299\" \/>\n\t<meta property=\"og:image:type\" content=\"image\/jpeg\" \/>\n<meta name=\"twitter:card\" content=\"summary_large_image\" \/>\n<meta name=\"twitter:label1\" content=\"Est. reading time\" \/>\n\t<meta name=\"twitter:data1\" content=\"2 minutes\" \/>\n<script type=\"application\/ld+json\" class=\"yoast-schema-graph\">{\"@context\":\"https:\/\/schema.org\",\"@graph\":[{\"@type\":\"WebPage\",\"@id\":\"https:\/\/phukienflytech.vn\/en\/san-pham\/landing-gear-kit-of-phantom-3.html\",\"url\":\"https:\/\/phukienflytech.vn\/en\/san-pham\/landing-gear-kit-of-phantom-3.html\",\"name\":\"Landing gear kit of Phantom 3 - DJI - Phantom accessory - available\",\"isPartOf\":{\"@id\":\"https:\/\/phukienflytech.vn\/#website\"},\"primaryImageOfPage\":{\"@id\":\"https:\/\/phukienflytech.vn\/en\/san-pham\/landing-gear-kit-of-phantom-3.html#primaryimage\"},\"image\":{\"@id\":\"https:\/\/phukienflytech.vn\/en\/san-pham\/landing-gear-kit-of-phantom-3.html#primaryimage\"},\"thumbnailUrl\":\"https:\/\/phukienflytech.vn\/wp-content\/uploads\/2020\/05\/300x300_chan-phantom-3-chinh-hang-dji-pro-adv-s_-_Copy.jpg\",\"datePublished\":\"2020-06-16T08:31:10+00:00\",\"dateModified\":\"2020-10-15T14:19:16+00:00\",\"description\":\"Landing gear kit of Phantom 3 is one of the most important accessory. Contact us to buy Landing gear kit of Phantom 3 for best price.\",\"breadcrumb\":{\"@id\":\"https:\/\/phukienflytech.vn\/en\/san-pham\/landing-gear-kit-of-phantom-3.html#breadcrumb\"},\"inLanguage\":\"en-US\",\"potentialAction\":[{\"@type\":\"ReadAction\",\"target\":[\"https:\/\/phukienflytech.vn\/en\/san-pham\/landing-gear-kit-of-phantom-3.html\"]}]},{\"@type\":\"ImageObject\",\"inLanguage\":\"en-US\",\"@id\":\"https:\/\/phukienflytech.vn\/en\/san-pham\/landing-gear-kit-of-phantom-3.html#primaryimage\",\"url\":\"https:\/\/phukienflytech.vn\/wp-content\/uploads\/2020\/05\/300x300_chan-phantom-3-chinh-hang-dji-pro-adv-s_-_Copy.jpg\",\"contentUrl\":\"https:\/\/phukienflytech.vn\/wp-content\/uploads\/2020\/05\/300x300_chan-phantom-3-chinh-hang-dji-pro-adv-s_-_Copy.jpg\",\"width\":300,\"height\":299},{\"@type\":\"BreadcrumbList\",\"@id\":\"https:\/\/phukienflytech.vn\/en\/san-pham\/landing-gear-kit-of-phantom-3.html#breadcrumb\",\"itemListElement\":[{\"@type\":\"ListItem\",\"position\":1,\"name\":\"Home\",\"item\":\"https:\/\/phukienflytech.vn\/en\"},{\"@type\":\"ListItem\",\"position\":2,\"name\":\"Ph\u1ee5 ki\u1ec7n Mavic Pro\",\"item\":\"https:\/\/phukienflytech.vn\/en\/phu-kien-mavic-pro.html\"},{\"@type\":\"ListItem\",\"position\":3,\"name\":\"DJI Osmo &amp; Drone's accessories\",\"item\":\"https:\/\/phukienflytech.vn\/en\/danh-muc\/dji-osmo-drones-accessories.html\"},{\"@type\":\"ListItem\",\"position\":4,\"name\":\"Ph\u1ee5 ki\u1ec7n flycam Phantom 3\",\"item\":\"https:\/\/phukienflytech.vn\/en\/danh-muc\/phantom-3-accessory.html\"},{\"@type\":\"ListItem\",\"position\":5,\"name\":\"Original landing gear kit of Phantom 3 Standard\"}]},{\"@type\":\"WebSite\",\"@id\":\"https:\/\/phukienflytech.vn\/#website\",\"url\":\"https:\/\/phukienflytech.vn\/\",\"name\":\"Shop M\u00e1y \u1ea3nh - Action Camera - Gimbal - Flycam - Ph\u1ee5 ki\u1ec7n\",\"description\":\"Shop M\u00e1y \u1ea3nh - Action Camera - Gimbal - Flycam - Ph\u1ee5 ki\u1ec7n\",\"publisher\":{\"@id\":\"https:\/\/phukienflytech.vn\/#organization\"},\"potentialAction\":[{\"@type\":\"SearchAction\",\"target\":{\"@type\":\"EntryPoint\",\"urlTemplate\":\"https:\/\/phukienflytech.vn\/?s={search_term_string}\"},\"query-input\":{\"@type\":\"PropertyValueSpecification\",\"valueRequired\":true,\"valueName\":\"search_term_string\"}}],\"inLanguage\":\"en-US\"},{\"@type\":\"Organization\",\"@id\":\"https:\/\/phukienflytech.vn\/#organization\",\"name\":\"DJI Store - Shop Drone, Action camera, Gimbal DJI |Phukienflytech\",\"alternateName\":\"DJI Store - Shop Drone, Action camera, Gimbal DJI |Phukienflytech\",\"url\":\"https:\/\/phukienflytech.vn\/\",\"logo\":{\"@type\":\"ImageObject\",\"inLanguage\":\"en-US\",\"@id\":\"https:\/\/phukienflytech.vn\/#\/schema\/logo\/image\/\",\"url\":\"https:\/\/phukienflytech.vn\/wp-content\/uploads\/2020\/05\/hAnh_nan.jpg1_.jpg\",\"contentUrl\":\"https:\/\/phukienflytech.vn\/wp-content\/uploads\/2020\/05\/hAnh_nan.jpg1_.jpg\",\"width\":800,\"height\":450,\"caption\":\"DJI Store - Shop Drone, Action camera, Gimbal DJI |Phukienflytech\"},\"image\":{\"@id\":\"https:\/\/phukienflytech.vn\/#\/schema\/logo\/image\/\"},\"sameAs\":[\"https:\/\/facebook.com\/phukienflycam\",\"https:\/\/www.youtube.com\/@phukienflytech\",\"https:\/\/www.tiktok.com\/@flytech.channel?fbclid=IwY2xjawGjg7BleHRuA2FlbQIxMAABHYVGmlXpuSMs0UB2zTpYvyT4GMVfN2qJa4urF4vkSQ6FAVBwXZtDP30qQA_aem_UwMiDcUvlEbd2tXAmsc8Og\"]}]}<\/script>\n<!-- \/ Yoast SEO plugin. -->","yoast_head_json":{"title":"Landing gear kit of Phantom 3 - DJI - Phantom accessory - available","description":"Landing gear kit of Phantom 3 is one of the most important accessory. Contact us to buy Landing gear kit of Phantom 3 for best price.","robots":{"index":"index","follow":"follow","max-snippet":"max-snippet:-1","max-image-preview":"max-image-preview:large","max-video-preview":"max-video-preview:-1"},"canonical":"https:\/\/phukienflytech.vn\/en\/san-pham\/landing-gear-kit-of-phantom-3.html","og_locale":"en_US","og_type":"article","og_title":"Landing gear kit of Phantom 3 - DJI - Phantom accessory - available","og_description":"Landing gear kit of Phantom 3 is one of the most important accessory. Contact us to buy Landing gear kit of Phantom 3 for best price.","og_url":"https:\/\/phukienflytech.vn\/en\/san-pham\/landing-gear-kit-of-phantom-3.html","og_site_name":"Shop M\u00e1y \u1ea3nh - Action Camera - Gimbal - Flycam - Ph\u1ee5 ki\u1ec7n","article_publisher":"https:\/\/facebook.com\/phukienflycam","article_modified_time":"2020-10-15T14:19:16+00:00","og_image":[{"width":300,"height":299,"url":"https:\/\/phukienflytech.vn\/wp-content\/uploads\/2020\/05\/300x300_chan-phantom-3-chinh-hang-dji-pro-adv-s_-_Copy.jpg","type":"image\/jpeg"}],"twitter_card":"summary_large_image","twitter_misc":{"Est. reading time":"2 minutes"},"schema":{"@context":"https:\/\/schema.org","@graph":[{"@type":"WebPage","@id":"https:\/\/phukienflytech.vn\/en\/san-pham\/landing-gear-kit-of-phantom-3.html","url":"https:\/\/phukienflytech.vn\/en\/san-pham\/landing-gear-kit-of-phantom-3.html","name":"Landing gear kit of Phantom 3 - DJI - Phantom accessory - available","isPartOf":{"@id":"https:\/\/phukienflytech.vn\/#website"},"primaryImageOfPage":{"@id":"https:\/\/phukienflytech.vn\/en\/san-pham\/landing-gear-kit-of-phantom-3.html#primaryimage"},"image":{"@id":"https:\/\/phukienflytech.vn\/en\/san-pham\/landing-gear-kit-of-phantom-3.html#primaryimage"},"thumbnailUrl":"https:\/\/phukienflytech.vn\/wp-content\/uploads\/2020\/05\/300x300_chan-phantom-3-chinh-hang-dji-pro-adv-s_-_Copy.jpg","datePublished":"2020-06-16T08:31:10+00:00","dateModified":"2020-10-15T14:19:16+00:00","description":"Landing gear kit of Phantom 3 is one of the most important accessory. Contact us to buy Landing gear kit of Phantom 3 for best price.","breadcrumb":{"@id":"https:\/\/phukienflytech.vn\/en\/san-pham\/landing-gear-kit-of-phantom-3.html#breadcrumb"},"inLanguage":"en-US","potentialAction":[{"@type":"ReadAction","target":["https:\/\/phukienflytech.vn\/en\/san-pham\/landing-gear-kit-of-phantom-3.html"]}]},{"@type":"ImageObject","inLanguage":"en-US","@id":"https:\/\/phukienflytech.vn\/en\/san-pham\/landing-gear-kit-of-phantom-3.html#primaryimage","url":"https:\/\/phukienflytech.vn\/wp-content\/uploads\/2020\/05\/300x300_chan-phantom-3-chinh-hang-dji-pro-adv-s_-_Copy.jpg","contentUrl":"https:\/\/phukienflytech.vn\/wp-content\/uploads\/2020\/05\/300x300_chan-phantom-3-chinh-hang-dji-pro-adv-s_-_Copy.jpg","width":300,"height":299},{"@type":"BreadcrumbList","@id":"https:\/\/phukienflytech.vn\/en\/san-pham\/landing-gear-kit-of-phantom-3.html#breadcrumb","itemListElement":[{"@type":"ListItem","position":1,"name":"Home","item":"https:\/\/phukienflytech.vn\/en"},{"@type":"ListItem","position":2,"name":"Ph\u1ee5 ki\u1ec7n Mavic Pro","item":"https:\/\/phukienflytech.vn\/en\/phu-kien-mavic-pro.html"},{"@type":"ListItem","position":3,"name":"DJI Osmo &amp; Drone's accessories","item":"https:\/\/phukienflytech.vn\/en\/danh-muc\/dji-osmo-drones-accessories.html"},{"@type":"ListItem","position":4,"name":"Ph\u1ee5 ki\u1ec7n flycam Phantom 3","item":"https:\/\/phukienflytech.vn\/en\/danh-muc\/phantom-3-accessory.html"},{"@type":"ListItem","position":5,"name":"Original landing gear kit of Phantom 3 Standard"}]},{"@type":"WebSite","@id":"https:\/\/phukienflytech.vn\/#website","url":"https:\/\/phukienflytech.vn\/","name":"Shop M\u00e1y \u1ea3nh - Action Camera - Gimbal - Flycam - Ph\u1ee5 ki\u1ec7n","description":"Shop M\u00e1y \u1ea3nh - Action Camera - Gimbal - Flycam - Ph\u1ee5 ki\u1ec7n","publisher":{"@id":"https:\/\/phukienflytech.vn\/#organization"},"potentialAction":[{"@type":"SearchAction","target":{"@type":"EntryPoint","urlTemplate":"https:\/\/phukienflytech.vn\/?s={search_term_string}"},"query-input":{"@type":"PropertyValueSpecification","valueRequired":true,"valueName":"search_term_string"}}],"inLanguage":"en-US"},{"@type":"Organization","@id":"https:\/\/phukienflytech.vn\/#organization","name":"DJI Store - Shop Drone, Action camera, Gimbal DJI |Phukienflytech","alternateName":"DJI Store - Shop Drone, Action camera, Gimbal DJI |Phukienflytech","url":"https:\/\/phukienflytech.vn\/","logo":{"@type":"ImageObject","inLanguage":"en-US","@id":"https:\/\/phukienflytech.vn\/#\/schema\/logo\/image\/","url":"https:\/\/phukienflytech.vn\/wp-content\/uploads\/2020\/05\/hAnh_nan.jpg1_.jpg","contentUrl":"https:\/\/phukienflytech.vn\/wp-content\/uploads\/2020\/05\/hAnh_nan.jpg1_.jpg","width":800,"height":450,"caption":"DJI Store - Shop Drone, Action camera, Gimbal DJI |Phukienflytech"},"image":{"@id":"https:\/\/phukienflytech.vn\/#\/schema\/logo\/image\/"},"sameAs":["https:\/\/facebook.com\/phukienflycam","https:\/\/www.youtube.com\/@phukienflytech","https:\/\/www.tiktok.com\/@flytech.channel?fbclid=IwY2xjawGjg7BleHRuA2FlbQIxMAABHYVGmlXpuSMs0UB2zTpYvyT4GMVfN2qJa4urF4vkSQ6FAVBwXZtDP30qQA_aem_UwMiDcUvlEbd2tXAmsc8Og"]}]}},"_links":{"self":[{"href":"https:\/\/phukienflytech.vn\/en\/wp-json\/wp\/v2\/product\/4529","targetHints":{"allow":["GET"]}}],"collection":[{"href":"https:\/\/phukienflytech.vn\/en\/wp-json\/wp\/v2\/product"}],"about":[{"href":"https:\/\/phukienflytech.vn\/en\/wp-json\/wp\/v2\/types\/product"}],"replies":[{"embeddable":true,"href":"https:\/\/phukienflytech.vn\/en\/wp-json\/wp\/v2\/comments?post=4529"}],"wp:featuredmedia":[{"embeddable":true,"href":"https:\/\/phukienflytech.vn\/en\/wp-json\/wp\/v2\/media\/6841"}],"wp:attachment":[{"href":"https:\/\/phukienflytech.vn\/en\/wp-json\/wp\/v2\/media?parent=4529"}],"wp:term":[{"taxonomy":"product_brand","embeddable":true,"href":"https:\/\/phukienflytech.vn\/en\/wp-json\/wp\/v2\/product_brand?post=4529"},{"taxonomy":"product_cat","embeddable":true,"href":"https:\/\/phukienflytech.vn\/en\/wp-json\/wp\/v2\/product_cat?post=4529"},{"taxonomy":"product_tag","embeddable":true,"href":"https:\/\/phukienflytech.vn\/en\/wp-json\/wp\/v2\/product_tag?post=4529"}],"curies":[{"name":"wp","href":"https:\/\/api.w.org\/{rel}","templated":true}]}}