{"id":4605,"date":"2020-06-17T17:43:46","date_gmt":"2020-06-17T10:43:46","guid":{"rendered":"http:\/\/27430.lamdx.vinawebsite.vn\/san-pham\/balo-mavic-pro-boc-da.html"},"modified":"2020-10-18T17:05:05","modified_gmt":"2020-10-18T10:05:05","slug":"leather-backpack-for-mavic-pro","status":"publish","type":"product","link":"https:\/\/phukienflytech.vn\/en\/san-pham\/leather-backpack-for-mavic-pro.html","title":{"rendered":"Leather backpack for Mavic pro"},"content":{"rendered":"<h2 class=\"fw_medium title_single_product\"><span style=\"color: #0000ff;\"><em><strong>Leather backpack for Mavic pro<\/strong><\/em><\/span><\/h2>\n<p>&nbsp;<\/p>\n<p><span style=\"font-size: 18px;\">Leather backpack for Mavic pro<\/span><\/p>\n<p><span style=\"font-size: 20px;\">Balo mavic pro b\u1ecdc da c\u00f3 th\u1ec3 n\u00f3i l\u00e0 chi\u1ebfc balo \u0111\u00e1ng \u0111\u1ec3 nh\u1eefng ng\u01b0\u1eddi ch\u01a1i Mavic pro quan t\u00e2m t\u1edbi.<\/span><\/p>\n<p><img loading=\"lazy\" decoding=\"async\" class=\"alignnone wp-image-15896 size-medium\" src=\"https:\/\/phukienflytech.vn\/wp-content\/uploads\/2020\/05\/balo-mavic-pro-boc-da-4578-12-400x400.jpg\" alt=\"Leather-backpack-for-Mavic-pro\" width=\"400\" height=\"400\" srcset=\"https:\/\/phukienflytech.vn\/wp-content\/uploads\/2020\/05\/balo-mavic-pro-boc-da-4578-12-400x400.jpg 400w, https:\/\/phukienflytech.vn\/wp-content\/uploads\/2020\/05\/balo-mavic-pro-boc-da-4578-12-280x280.jpg 280w, https:\/\/phukienflytech.vn\/wp-content\/uploads\/2020\/05\/balo-mavic-pro-boc-da-4578-12-300x300.jpg 300w, https:\/\/phukienflytech.vn\/wp-content\/uploads\/2020\/05\/balo-mavic-pro-boc-da-4578-12-100x100.jpg 100w, https:\/\/phukienflytech.vn\/wp-content\/uploads\/2020\/05\/balo-mavic-pro-boc-da-4578-12.jpg 450w\" sizes=\"auto, (max-width: 400px) 100vw, 400px\" \/><\/p>\n<p><span style=\"font-size: 20px;\">\u0110\u01b0\u1ee3c cho l\u00e0 d\u00f2ng flycam \u0111\u01b0\u1ee3c \u01b0u \u00e1i v\u1ec1 balo t\u00fai x\u00e1ch khi b\u1ea1n mua g\u00f3i combo v\u1edbi kh\u00e1 nhi\u1ec1u\u00a0<strong>ph\u1ee5 ki\u1ec7n mavic pro<\/strong>, b\u1ea1n \u0111\u01b0\u1ee3c s\u1edf h\u1eefu ngay t\u00fai x\u00e1ch b\u1eb1ng da DJI. V\u1ec1 h\u00ecnh th\u1ee9c th\u00ec chi\u1ebfc t\u00fai da r\u1ea5t \u0111\u1eb9p v\u00e0 sang tr\u1ecdng b\u1edfi ch\u1ea5t li\u1ec7u da th\u1eadt, cao c\u1ea5p. Tuy nhi\u00ean, v\u1ec1 m\u1eb7t \u0111\u1ea3m b\u1ea3o cho kh\u00e2u b\u1ea3o qu\u1ea3n c\u0169ng nh\u01b0 b\u1ea3o v\u1ec7 cho flycam th\u00ec chi\u1ebfc t\u00fai da g\u1ed1c l\u1ea1i \u0111\u00e1p \u1ee9ng ch\u01b0a th\u1ef1c s\u1ef1 t\u1ed1t v\u00e0 \u0111\u1ea3m b\u1ea3o.<\/span><\/p>\n<p><img loading=\"lazy\" decoding=\"async\" class=\"alignnone wp-image-15898 size-thumbnail\" src=\"https:\/\/phukienflytech.vn\/wp-content\/uploads\/2020\/05\/balo-mavic-pro-boc-da-4578-1-1-280x243.jpg\" alt=\"Leather-backpack-for-Mavic-pro-1\" width=\"280\" height=\"243\" \/><\/p>\n<p><span style=\"font-size: 20px;\">Do v\u1eady, vi\u1ec7c l\u1ef1a ch\u1ecdn m\u1ed9t chi\u1ebfc\u00a0<a href=\"https:\/\/phukienflytech.vn\/san-pham\/vali-cung-mavic-pro.html\" target=\"_blank\" rel=\"noopener noreferrer\">Vali c\u1ee9ng mavic<\/a>\u00a0ho\u1eb7c\u00a0<a href=\"https:\/\/phukienflytech.vn\/san-pham\/balo-mavic-boc-da.html\" target=\"_blank\" rel=\"noopener noreferrer\">balo c\u1ee9ng<\/a>\u00a0hay b\u1ed9\u00a0<a href=\"https:\/\/phukienflytech.vn\/san-pham\/bo-hop-combo-dung-mavic-pro.html\" target=\"_blank\" rel=\"noopener noreferrer\">h\u1ed9p \u0111\u1ef1ng combo<\/a>\u00a0c\u00f3 ch\u1ea5t li\u1ec7u c\u1ee9ng, c\u00f3 kh\u1ea3 n\u0103ng ch\u1ed1ng s\u1ed1c, ch\u1ed1ng n\u01b0\u1edbc t\u1ed1t h\u01a1n so v\u1edbi t\u00fai da \u0111i k\u00e8m.<\/span><\/p>\n<h3><span style=\"font-size: 24px; color: #0000ff;\"><strong><em>Chi ti\u1ebft v\u1ec1 Balo Mavic &#8211; Balo c\u1ee9ng b\u00f3ng<\/em><\/strong><\/span><\/h3>\n<p><span style=\"font-size: 20px;\">Balo c\u1ee9ng v\u1ecf b\u1ecdc da v\u00e2n da b\u00f3ng cho mavic<\/span><\/p>\n<p><span style=\"font-size: 20px;\">K\u00edch th\u01b0\u1edbc : 42 cm * 27 cm * 12cm<\/span><\/p>\n<p>&nbsp;<\/p>\n<p><img loading=\"lazy\" decoding=\"async\" class=\"alignnone  wp-image-20587\" src=\"https:\/\/phukienflytech.vn\/wp-content\/uploads\/2020\/06\/balo-da.jpg9_-400x400.jpg\" alt=\"\" width=\"435\" height=\"435\" srcset=\"https:\/\/phukienflytech.vn\/wp-content\/uploads\/2020\/06\/balo-da.jpg9_-400x400.jpg 400w, https:\/\/phukienflytech.vn\/wp-content\/uploads\/2020\/06\/balo-da.jpg9_-800x800.jpg 800w, https:\/\/phukienflytech.vn\/wp-content\/uploads\/2020\/06\/balo-da.jpg9_-280x280.jpg 280w, https:\/\/phukienflytech.vn\/wp-content\/uploads\/2020\/06\/balo-da.jpg9_-768x768.jpg 768w, https:\/\/phukienflytech.vn\/wp-content\/uploads\/2020\/06\/balo-da.jpg9_-300x300.jpg 300w, https:\/\/phukienflytech.vn\/wp-content\/uploads\/2020\/06\/balo-da.jpg9_-600x600.jpg 600w, https:\/\/phukienflytech.vn\/wp-content\/uploads\/2020\/06\/balo-da.jpg9_-100x100.jpg 100w, https:\/\/phukienflytech.vn\/wp-content\/uploads\/2020\/06\/balo-da.jpg9_.jpg 1000w\" sizes=\"auto, (max-width: 435px) 100vw, 435px\" \/><\/p>\n<p>&nbsp;<\/p>\n<p><span style=\"font-size: 20px;\">thu\u1ed9c lo\u1ea1i balo ch\u1ed1ng n\u01b0\u1edbc v\u00e0 ch\u1ed1ng va \u0111\u1eadp r\u1ea5t t\u1ed1t<\/span><\/p>\n<p><span style=\"font-size: 20px;\">&#8211; B\u00ean ngo\u00e0i: \u00a0c\u1ee9ng, v\u00e2n b\u00f3ng \u1edf m\u1eb7t tr\u01b0\u1edbc.<\/span><\/p>\n<p>&nbsp;<\/p>\n<p><img loading=\"lazy\" decoding=\"async\" class=\"alignnone size-medium wp-image-20585\" src=\"https:\/\/phukienflytech.vn\/wp-content\/uploads\/2020\/06\/balo-da.jpg5_-400x400.jpg\" alt=\"\" width=\"400\" height=\"400\" srcset=\"https:\/\/phukienflytech.vn\/wp-content\/uploads\/2020\/06\/balo-da.jpg5_-400x400.jpg 400w, https:\/\/phukienflytech.vn\/wp-content\/uploads\/2020\/06\/balo-da.jpg5_-800x800.jpg 800w, https:\/\/phukienflytech.vn\/wp-content\/uploads\/2020\/06\/balo-da.jpg5_-280x280.jpg 280w, https:\/\/phukienflytech.vn\/wp-content\/uploads\/2020\/06\/balo-da.jpg5_-768x768.jpg 768w, https:\/\/phukienflytech.vn\/wp-content\/uploads\/2020\/06\/balo-da.jpg5_-300x300.jpg 300w, https:\/\/phukienflytech.vn\/wp-content\/uploads\/2020\/06\/balo-da.jpg5_-600x600.jpg 600w, https:\/\/phukienflytech.vn\/wp-content\/uploads\/2020\/06\/balo-da.jpg5_-100x100.jpg 100w, https:\/\/phukienflytech.vn\/wp-content\/uploads\/2020\/06\/balo-da.jpg5_.jpg 900w\" sizes=\"auto, (max-width: 400px) 100vw, 400px\" \/><\/p>\n<p>&nbsp;<\/p>\n<p><span style=\"font-size: 20px;\">m\u1eb7t sau l\u00e0 l\u1edbp v\u1ea3i d\u1ec7t cao c\u1ea5p b\u1ecdc m\u00fat x\u1ed1p b\u00ean tr\u1ecdng t\u1ea1o c\u1ea3m gi\u00e1c \u00eam \u00e1i, tho\u1ea3i m\u00e1i khi \u0111eo l\u00ean, ki\u1ec3u d\u00e1ng g\u1ecdn nh\u1eb9 m\u1ecfng, s\u00e0nh \u0111i\u1ec7u<\/span><\/p>\n<p>&nbsp;<\/p>\n<p><span style=\"font-size: 20px;\">\u00ad- B\u00ean trong: l\u00e0 khu\u00f4n x\u1ed1p r\u1ea5t c\u1ee9ng, \u0111\u01b0\u1ee3c ti\u1ec7n r\u1ea5t t\u1ec9 m\u1ec9 theo h\u00ecnh d\u00e1ng t\u1eebng chi ti\u1ebft, ph\u1ee5 ki\u1ec7n\u00a0 ch\u00ednh x\u00e1c, \u0111\u1ef1ng \u0111\u01b0\u1ee3c full combo v\u00e0 c\u00e1c m\u00e1y t\u00ednh b\u1ea3ng, lens.. k\u00e8m th\u00eam<\/span><\/p>\n<p>&nbsp;<\/p>\n<p><span style=\"font-size: 20px;\">Th\u1eadt l\u00e0 ti\u1ebfc cho nh\u1eefng ai s\u1eed d\u1ee5ng Mavic pro m\u00e0 l\u1ea1i thi\u1ebfu chi\u1ebfc balo \u0111a n\u0103ng n\u00e0y.<\/span><\/p>\n<p>&nbsp;<\/p>\n<p><img loading=\"lazy\" decoding=\"async\" class=\"alignnone wp-image-20589 size-medium\" src=\"https:\/\/phukienflytech.vn\/wp-content\/uploads\/2020\/06\/balo-da.jpg2_-400x400.jpg\" alt=\"Leather-backpack-for-Mavic-pro-3\" width=\"400\" height=\"400\" srcset=\"https:\/\/phukienflytech.vn\/wp-content\/uploads\/2020\/06\/balo-da.jpg2_-400x400.jpg 400w, https:\/\/phukienflytech.vn\/wp-content\/uploads\/2020\/06\/balo-da.jpg2_-800x800.jpg 800w, https:\/\/phukienflytech.vn\/wp-content\/uploads\/2020\/06\/balo-da.jpg2_-280x280.jpg 280w, https:\/\/phukienflytech.vn\/wp-content\/uploads\/2020\/06\/balo-da.jpg2_-768x768.jpg 768w, https:\/\/phukienflytech.vn\/wp-content\/uploads\/2020\/06\/balo-da.jpg2_-300x300.jpg 300w, https:\/\/phukienflytech.vn\/wp-content\/uploads\/2020\/06\/balo-da.jpg2_-600x600.jpg 600w, https:\/\/phukienflytech.vn\/wp-content\/uploads\/2020\/06\/balo-da.jpg2_-100x100.jpg 100w, https:\/\/phukienflytech.vn\/wp-content\/uploads\/2020\/06\/balo-da.jpg2_.jpg 1000w\" sizes=\"auto, (max-width: 400px) 100vw, 400px\" \/><\/p>\n<p>&nbsp;<\/p>\n<p><span style=\"font-size: 20px;\">&#8211; S\u1eed d\u1ee5ng balo l\u00e0 ph\u1ee5 ki\u1ec7n b\u1ea3o v\u1ec7 chi\u1ebfc flycam c\u1ee7a b\u1ea1n kh\u1ecfi c\u00e1c t\u00e1c \u0111\u1ed9ng b\u00ean ngo\u00e0i, \u0111em l\u1ea1i s\u1ef1 thu\u1eadn ti\u1ec7n trong qu\u00e1 tr\u00ecnh di chuy\u1ec3n&#8230;<\/span><\/p>\n<p><span style=\"font-size: 20px;\">C\u00f9ng l\u00e0m \u0111\u1ea7y \u0111\u1ee7 b\u1ed9\u00a0<strong>ph\u1ee5 ki\u1ec7n mavic pro\u00a0<\/strong>c\u1ee7a ch\u00ednh m\u00ecnh<\/span><\/p>\n<p>&nbsp;<\/p>\n<h2><span style=\"font-size: 24px; color: #0000ff;\"><em><strong>Mua ph\u1ee5 ki\u1ec7n flycam DJI phantom,Mavic,Spark \u1edf \u0111\u00e2u?<\/strong><\/em><\/span><\/h2>\n<p><span style=\"font-size: 20px;\"><em><strong><a href=\"https:\/\/facebook.com\/phukienflycam\" target=\"_blank\" rel=\"noopener noreferrer\">Ph\u1ee5 Ki\u1ec7n Flytech Gi\u00e1 T\u1ed1t<\/a><\/strong><\/em>\u00a0h\u00e2n h\u1ea1nh \u0111em l\u1ea1i c\u00e1c m\u1eabu s\u1ea3n ph\u1ea9m Balo phatom ch\u00ednh h\u00e3ng t\u1ed1t nh\u1ea5t ph\u1ee5c v\u1ee5 \u0111am m\u00ea, v\u00e0 c\u00f4ng vi\u1ec7c c\u1ee7a c\u00e1c b\u1ea1n, h\u00e3y \u0111\u1ec3 ch\u00fang t\u00f4i ti\u1ebfp s\u1ee9c \u0111am m\u00ea, c\u00f4ng vi\u1ec7c c\u1ee7a b\u1ea1n, gi\u00fap b\u1ea1n th\u00eam ni\u1ec1m h\u1ee9ng kh\u1edfi trong \u0111am m\u00ea c\u0169ng nh\u01b0 c\u00f4ng vi\u1ec7c c\u1ee7a m\u00ecnh th\u00eam su\u00f4n s\u1ebb<\/span><\/p>\n<p><span style=\"font-size: 20px;\"> <img loading=\"lazy\" decoding=\"async\" class=\"alignnone wp-image-15900\" src=\"https:\/\/phukienflytech.vn\/wp-content\/uploads\/2020\/05\/balo-mavic-pro-boc-da-4578-11-800x251.png\" alt=\"\" width=\"509\" height=\"160\" srcset=\"https:\/\/phukienflytech.vn\/wp-content\/uploads\/2020\/05\/balo-mavic-pro-boc-da-4578-11-800x251.png 800w, https:\/\/phukienflytech.vn\/wp-content\/uploads\/2020\/05\/balo-mavic-pro-boc-da-4578-11-768x241.png 768w, https:\/\/phukienflytech.vn\/wp-content\/uploads\/2020\/05\/balo-mavic-pro-boc-da-4578-11-600x188.png 600w, https:\/\/phukienflytech.vn\/wp-content\/uploads\/2020\/05\/balo-mavic-pro-boc-da-4578-11.png 1013w\" sizes=\"auto, (max-width: 509px) 100vw, 509px\" \/><\/span><\/p>\n<p><span style=\"font-size: 20px;\">Ch\u00fang t\u00f4i chuy\u00ean cung c\u1ea5p h\u1ea7u h\u1ebft t\u1ea5t c\u00e1c c\u00e1c ph\u1ee5 ki\u1ec7n flycam DJI c\u1ee7a Phantom 3,4 series, Mavic series, DJI Spark v\u00e0 inspire 1<\/span><\/p>\n<p><span style=\"font-size: 20px;\">H\u00e3y xem th\u00eam c\u00e1c\u00a0<em>ph\u1ee5 ki\u1ec7n flycam dji Mavic\u00a0<\/em>b\u1eb1ng c\u00e1ch\u00a0<strong><a href=\"https:\/\/phukienflytech.vn\/en\/danh-muc\/phantom-4-accessory.html\" target=\"_blank\" rel=\"noopener noreferrer\">click t\u1ea1i \u0111\u00e2y<\/a><\/strong>\u00a0!<\/span><\/p>\n<p><span style=\"font-size: 20px;\">Nh\u00e0 s\u1ea3n xu\u1ea5t : Sunnylife \u2013 l\u00e0 m\u1ed9t trong nh\u1eefng Vendor cung c\u1ea5p c\u00e1c ph\u1ee5 ki\u1ec7n, linh ki\u1ec7n thay th\u1ebf cho DJI Flycam.<\/span><\/p>\n","protected":false},"excerpt":{"rendered":"<p>Leather backpack for Mavic pro &nbsp; Leather backpack for Mavic pro Balo mavic pro b\u1ecdc da c\u00f3 th\u1ec3 n\u00f3i l\u00e0 chi\u1ebfc balo \u0111\u00e1ng \u0111\u1ec3 nh\u1eefng ng\u01b0\u1eddi ch\u01a1i Mavic pro quan t\u00e2m t\u1edbi. \u0110\u01b0\u1ee3c cho l\u00e0 d\u00f2ng flycam \u0111\u01b0\u1ee3c \u01b0u \u00e1i v\u1ec1 balo t\u00fai x\u00e1ch khi b\u1ea1n mua g\u00f3i combo v\u1edbi kh\u00e1 nhi\u1ec1u\u00a0ph\u1ee5 ki\u1ec7n mavic pro, &#8230;<\/p>\n","protected":false},"featured_media":4580,"comment_status":"open","ping_status":"closed","template":"","meta":{"_acf_changed":false},"product_brand":[],"product_cat":[178],"product_tag":[309,223],"class_list":{"0":"post-4605","1":"product","2":"type-product","3":"status-publish","4":"has-post-thumbnail","6":"product_cat-mavic-pro-accessory","7":"product_tag-balo-mavic-pro-boc-da-en","8":"product_tag-phu-kien-mavic-pro-en","10":"first","11":"instock","12":"shipping-taxable","13":"purchasable","14":"product-type-simple"},"acf":[],"yoast_head":"<!-- This site is optimized with the Yoast SEO plugin v25.7 - https:\/\/yoast.com\/wordpress\/plugins\/seo\/ -->\n<title>Leather backpack for Mavic pro - Mavic pro accessory - Available<\/title>\n<meta name=\"description\" content=\"Leather backpack for Mavic pro is one of the most important accessory. Contact us to buy Leather backpack for Mavic pro for best price\" \/>\n<meta name=\"robots\" content=\"index, follow, max-snippet:-1, max-image-preview:large, max-video-preview:-1\" \/>\n<link rel=\"canonical\" href=\"https:\/\/phukienflytech.vn\/en\/san-pham\/leather-backpack-for-mavic-pro.html\" \/>\n<meta property=\"og:locale\" content=\"en_US\" \/>\n<meta property=\"og:type\" content=\"article\" \/>\n<meta property=\"og:title\" content=\"Leather backpack for Mavic pro - Mavic pro accessory - Available\" \/>\n<meta property=\"og:description\" content=\"Leather backpack for Mavic pro is one of the most important accessory. Contact us to buy Leather backpack for Mavic pro for best price\" \/>\n<meta property=\"og:url\" content=\"https:\/\/phukienflytech.vn\/en\/san-pham\/leather-backpack-for-mavic-pro.html\" \/>\n<meta property=\"og:site_name\" content=\"Shop M\u00e1y \u1ea3nh - Action Camera - Gimbal - Flycam - Ph\u1ee5 ki\u1ec7n\" \/>\n<meta property=\"article:publisher\" content=\"https:\/\/facebook.com\/phukienflycam\" \/>\n<meta property=\"article:modified_time\" content=\"2020-10-18T10:05:05+00:00\" \/>\n<meta property=\"og:image\" content=\"https:\/\/phukienflytech.vn\/wp-content\/uploads\/2020\/05\/balo-mavic-pro-ph\u1ee5-ki\u1ec7n.png\" \/>\n\t<meta property=\"og:image:width\" content=\"300\" \/>\n\t<meta property=\"og:image:height\" content=\"300\" \/>\n\t<meta property=\"og:image:type\" content=\"image\/png\" \/>\n<meta name=\"twitter:card\" content=\"summary_large_image\" \/>\n<meta name=\"twitter:label1\" content=\"Est. reading time\" \/>\n\t<meta name=\"twitter:data1\" content=\"3 minutes\" \/>\n<script type=\"application\/ld+json\" class=\"yoast-schema-graph\">{\"@context\":\"https:\/\/schema.org\",\"@graph\":[{\"@type\":\"WebPage\",\"@id\":\"https:\/\/phukienflytech.vn\/en\/san-pham\/leather-backpack-for-mavic-pro.html\",\"url\":\"https:\/\/phukienflytech.vn\/en\/san-pham\/leather-backpack-for-mavic-pro.html\",\"name\":\"Leather backpack for Mavic pro - Mavic pro accessory - Available\",\"isPartOf\":{\"@id\":\"https:\/\/phukienflytech.vn\/#website\"},\"primaryImageOfPage\":{\"@id\":\"https:\/\/phukienflytech.vn\/en\/san-pham\/leather-backpack-for-mavic-pro.html#primaryimage\"},\"image\":{\"@id\":\"https:\/\/phukienflytech.vn\/en\/san-pham\/leather-backpack-for-mavic-pro.html#primaryimage\"},\"thumbnailUrl\":\"https:\/\/phukienflytech.vn\/wp-content\/uploads\/2020\/05\/balo-mavic-pro-ph\u1ee5-ki\u1ec7n.png\",\"datePublished\":\"2020-06-17T10:43:46+00:00\",\"dateModified\":\"2020-10-18T10:05:05+00:00\",\"description\":\"Leather backpack for Mavic pro is one of the most important accessory. Contact us to buy Leather backpack for Mavic pro for best price\",\"breadcrumb\":{\"@id\":\"https:\/\/phukienflytech.vn\/en\/san-pham\/leather-backpack-for-mavic-pro.html#breadcrumb\"},\"inLanguage\":\"en-US\",\"potentialAction\":[{\"@type\":\"ReadAction\",\"target\":[\"https:\/\/phukienflytech.vn\/en\/san-pham\/leather-backpack-for-mavic-pro.html\"]}]},{\"@type\":\"ImageObject\",\"inLanguage\":\"en-US\",\"@id\":\"https:\/\/phukienflytech.vn\/en\/san-pham\/leather-backpack-for-mavic-pro.html#primaryimage\",\"url\":\"https:\/\/phukienflytech.vn\/wp-content\/uploads\/2020\/05\/balo-mavic-pro-ph\u1ee5-ki\u1ec7n.png\",\"contentUrl\":\"https:\/\/phukienflytech.vn\/wp-content\/uploads\/2020\/05\/balo-mavic-pro-ph\u1ee5-ki\u1ec7n.png\",\"width\":300,\"height\":300},{\"@type\":\"BreadcrumbList\",\"@id\":\"https:\/\/phukienflytech.vn\/en\/san-pham\/leather-backpack-for-mavic-pro.html#breadcrumb\",\"itemListElement\":[{\"@type\":\"ListItem\",\"position\":1,\"name\":\"Home\",\"item\":\"https:\/\/phukienflytech.vn\/en\"},{\"@type\":\"ListItem\",\"position\":2,\"name\":\"Ph\u1ee5 ki\u1ec7n Mavic Pro\",\"item\":\"https:\/\/phukienflytech.vn\/en\/phu-kien-mavic-pro.html\"},{\"@type\":\"ListItem\",\"position\":3,\"name\":\"DJI Osmo &amp; Drone's accessories\",\"item\":\"https:\/\/phukienflytech.vn\/en\/danh-muc\/dji-osmo-drones-accessories.html\"},{\"@type\":\"ListItem\",\"position\":4,\"name\":\"Ph\u1ee5 ki\u1ec7n flycam Mavic Pro\",\"item\":\"https:\/\/phukienflytech.vn\/danh-muc\/phu-kien-mavic-pro.html\"},{\"@type\":\"ListItem\",\"position\":5,\"name\":\"Leather backpack for Mavic pro\"}]},{\"@type\":\"WebSite\",\"@id\":\"https:\/\/phukienflytech.vn\/#website\",\"url\":\"https:\/\/phukienflytech.vn\/\",\"name\":\"Shop M\u00e1y \u1ea3nh - Action Camera - Gimbal - Flycam - Ph\u1ee5 ki\u1ec7n\",\"description\":\"Shop M\u00e1y \u1ea3nh - Action Camera - Gimbal - Flycam - Ph\u1ee5 ki\u1ec7n\",\"publisher\":{\"@id\":\"https:\/\/phukienflytech.vn\/#organization\"},\"potentialAction\":[{\"@type\":\"SearchAction\",\"target\":{\"@type\":\"EntryPoint\",\"urlTemplate\":\"https:\/\/phukienflytech.vn\/?s={search_term_string}\"},\"query-input\":{\"@type\":\"PropertyValueSpecification\",\"valueRequired\":true,\"valueName\":\"search_term_string\"}}],\"inLanguage\":\"en-US\"},{\"@type\":\"Organization\",\"@id\":\"https:\/\/phukienflytech.vn\/#organization\",\"name\":\"DJI Store - Shop Drone, Action camera, Gimbal DJI |Phukienflytech\",\"alternateName\":\"DJI Store - Shop Drone, Action camera, Gimbal DJI |Phukienflytech\",\"url\":\"https:\/\/phukienflytech.vn\/\",\"logo\":{\"@type\":\"ImageObject\",\"inLanguage\":\"en-US\",\"@id\":\"https:\/\/phukienflytech.vn\/#\/schema\/logo\/image\/\",\"url\":\"https:\/\/phukienflytech.vn\/wp-content\/uploads\/2020\/05\/hAnh_nan.jpg1_.jpg\",\"contentUrl\":\"https:\/\/phukienflytech.vn\/wp-content\/uploads\/2020\/05\/hAnh_nan.jpg1_.jpg\",\"width\":800,\"height\":450,\"caption\":\"DJI Store - Shop Drone, Action camera, Gimbal DJI |Phukienflytech\"},\"image\":{\"@id\":\"https:\/\/phukienflytech.vn\/#\/schema\/logo\/image\/\"},\"sameAs\":[\"https:\/\/facebook.com\/phukienflycam\",\"https:\/\/www.youtube.com\/@phukienflytech\",\"https:\/\/www.tiktok.com\/@flytech.channel?fbclid=IwY2xjawGjg7BleHRuA2FlbQIxMAABHYVGmlXpuSMs0UB2zTpYvyT4GMVfN2qJa4urF4vkSQ6FAVBwXZtDP30qQA_aem_UwMiDcUvlEbd2tXAmsc8Og\"]}]}<\/script>\n<!-- \/ Yoast SEO plugin. -->","yoast_head_json":{"title":"Leather backpack for Mavic pro - Mavic pro accessory - Available","description":"Leather backpack for Mavic pro is one of the most important accessory. Contact us to buy Leather backpack for Mavic pro for best price","robots":{"index":"index","follow":"follow","max-snippet":"max-snippet:-1","max-image-preview":"max-image-preview:large","max-video-preview":"max-video-preview:-1"},"canonical":"https:\/\/phukienflytech.vn\/en\/san-pham\/leather-backpack-for-mavic-pro.html","og_locale":"en_US","og_type":"article","og_title":"Leather backpack for Mavic pro - Mavic pro accessory - Available","og_description":"Leather backpack for Mavic pro is one of the most important accessory. Contact us to buy Leather backpack for Mavic pro for best price","og_url":"https:\/\/phukienflytech.vn\/en\/san-pham\/leather-backpack-for-mavic-pro.html","og_site_name":"Shop M\u00e1y \u1ea3nh - Action Camera - Gimbal - Flycam - Ph\u1ee5 ki\u1ec7n","article_publisher":"https:\/\/facebook.com\/phukienflycam","article_modified_time":"2020-10-18T10:05:05+00:00","og_image":[{"width":300,"height":300,"url":"https:\/\/phukienflytech.vn\/wp-content\/uploads\/2020\/05\/balo-mavic-pro-ph\u1ee5-ki\u1ec7n.png","type":"image\/png"}],"twitter_card":"summary_large_image","twitter_misc":{"Est. reading time":"3 minutes"},"schema":{"@context":"https:\/\/schema.org","@graph":[{"@type":"WebPage","@id":"https:\/\/phukienflytech.vn\/en\/san-pham\/leather-backpack-for-mavic-pro.html","url":"https:\/\/phukienflytech.vn\/en\/san-pham\/leather-backpack-for-mavic-pro.html","name":"Leather backpack for Mavic pro - Mavic pro accessory - Available","isPartOf":{"@id":"https:\/\/phukienflytech.vn\/#website"},"primaryImageOfPage":{"@id":"https:\/\/phukienflytech.vn\/en\/san-pham\/leather-backpack-for-mavic-pro.html#primaryimage"},"image":{"@id":"https:\/\/phukienflytech.vn\/en\/san-pham\/leather-backpack-for-mavic-pro.html#primaryimage"},"thumbnailUrl":"https:\/\/phukienflytech.vn\/wp-content\/uploads\/2020\/05\/balo-mavic-pro-ph\u1ee5-ki\u1ec7n.png","datePublished":"2020-06-17T10:43:46+00:00","dateModified":"2020-10-18T10:05:05+00:00","description":"Leather backpack for Mavic pro is one of the most important accessory. Contact us to buy Leather backpack for Mavic pro for best price","breadcrumb":{"@id":"https:\/\/phukienflytech.vn\/en\/san-pham\/leather-backpack-for-mavic-pro.html#breadcrumb"},"inLanguage":"en-US","potentialAction":[{"@type":"ReadAction","target":["https:\/\/phukienflytech.vn\/en\/san-pham\/leather-backpack-for-mavic-pro.html"]}]},{"@type":"ImageObject","inLanguage":"en-US","@id":"https:\/\/phukienflytech.vn\/en\/san-pham\/leather-backpack-for-mavic-pro.html#primaryimage","url":"https:\/\/phukienflytech.vn\/wp-content\/uploads\/2020\/05\/balo-mavic-pro-ph\u1ee5-ki\u1ec7n.png","contentUrl":"https:\/\/phukienflytech.vn\/wp-content\/uploads\/2020\/05\/balo-mavic-pro-ph\u1ee5-ki\u1ec7n.png","width":300,"height":300},{"@type":"BreadcrumbList","@id":"https:\/\/phukienflytech.vn\/en\/san-pham\/leather-backpack-for-mavic-pro.html#breadcrumb","itemListElement":[{"@type":"ListItem","position":1,"name":"Home","item":"https:\/\/phukienflytech.vn\/en"},{"@type":"ListItem","position":2,"name":"Ph\u1ee5 ki\u1ec7n Mavic Pro","item":"https:\/\/phukienflytech.vn\/en\/phu-kien-mavic-pro.html"},{"@type":"ListItem","position":3,"name":"DJI Osmo &amp; Drone's accessories","item":"https:\/\/phukienflytech.vn\/en\/danh-muc\/dji-osmo-drones-accessories.html"},{"@type":"ListItem","position":4,"name":"Ph\u1ee5 ki\u1ec7n flycam Mavic Pro","item":"https:\/\/phukienflytech.vn\/danh-muc\/phu-kien-mavic-pro.html"},{"@type":"ListItem","position":5,"name":"Leather backpack for Mavic pro"}]},{"@type":"WebSite","@id":"https:\/\/phukienflytech.vn\/#website","url":"https:\/\/phukienflytech.vn\/","name":"Shop M\u00e1y \u1ea3nh - Action Camera - Gimbal - Flycam - Ph\u1ee5 ki\u1ec7n","description":"Shop M\u00e1y \u1ea3nh - Action Camera - Gimbal - Flycam - Ph\u1ee5 ki\u1ec7n","publisher":{"@id":"https:\/\/phukienflytech.vn\/#organization"},"potentialAction":[{"@type":"SearchAction","target":{"@type":"EntryPoint","urlTemplate":"https:\/\/phukienflytech.vn\/?s={search_term_string}"},"query-input":{"@type":"PropertyValueSpecification","valueRequired":true,"valueName":"search_term_string"}}],"inLanguage":"en-US"},{"@type":"Organization","@id":"https:\/\/phukienflytech.vn\/#organization","name":"DJI Store - Shop Drone, Action camera, Gimbal DJI |Phukienflytech","alternateName":"DJI Store - Shop Drone, Action camera, Gimbal DJI |Phukienflytech","url":"https:\/\/phukienflytech.vn\/","logo":{"@type":"ImageObject","inLanguage":"en-US","@id":"https:\/\/phukienflytech.vn\/#\/schema\/logo\/image\/","url":"https:\/\/phukienflytech.vn\/wp-content\/uploads\/2020\/05\/hAnh_nan.jpg1_.jpg","contentUrl":"https:\/\/phukienflytech.vn\/wp-content\/uploads\/2020\/05\/hAnh_nan.jpg1_.jpg","width":800,"height":450,"caption":"DJI Store - Shop Drone, Action camera, Gimbal DJI |Phukienflytech"},"image":{"@id":"https:\/\/phukienflytech.vn\/#\/schema\/logo\/image\/"},"sameAs":["https:\/\/facebook.com\/phukienflycam","https:\/\/www.youtube.com\/@phukienflytech","https:\/\/www.tiktok.com\/@flytech.channel?fbclid=IwY2xjawGjg7BleHRuA2FlbQIxMAABHYVGmlXpuSMs0UB2zTpYvyT4GMVfN2qJa4urF4vkSQ6FAVBwXZtDP30qQA_aem_UwMiDcUvlEbd2tXAmsc8Og"]}]}},"_links":{"self":[{"href":"https:\/\/phukienflytech.vn\/en\/wp-json\/wp\/v2\/product\/4605","targetHints":{"allow":["GET"]}}],"collection":[{"href":"https:\/\/phukienflytech.vn\/en\/wp-json\/wp\/v2\/product"}],"about":[{"href":"https:\/\/phukienflytech.vn\/en\/wp-json\/wp\/v2\/types\/product"}],"replies":[{"embeddable":true,"href":"https:\/\/phukienflytech.vn\/en\/wp-json\/wp\/v2\/comments?post=4605"}],"wp:featuredmedia":[{"embeddable":true,"href":"https:\/\/phukienflytech.vn\/en\/wp-json\/wp\/v2\/media\/4580"}],"wp:attachment":[{"href":"https:\/\/phukienflytech.vn\/en\/wp-json\/wp\/v2\/media?parent=4605"}],"wp:term":[{"taxonomy":"product_brand","embeddable":true,"href":"https:\/\/phukienflytech.vn\/en\/wp-json\/wp\/v2\/product_brand?post=4605"},{"taxonomy":"product_cat","embeddable":true,"href":"https:\/\/phukienflytech.vn\/en\/wp-json\/wp\/v2\/product_cat?post=4605"},{"taxonomy":"product_tag","embeddable":true,"href":"https:\/\/phukienflytech.vn\/en\/wp-json\/wp\/v2\/product_tag?post=4605"}],"curies":[{"name":"wp","href":"https:\/\/api.w.org\/{rel}","templated":true}]}}