{"id":4647,"date":"2020-06-19T18:14:57","date_gmt":"2020-06-19T11:14:57","guid":{"rendered":"http:\/\/27430.lamdx.vinawebsite.vn\/san-pham\/filter-nd-mavic-pro.html"},"modified":"2020-10-17T15:44:30","modified_gmt":"2020-10-17T08:44:30","slug":"nd8-filter-mavic-pro","status":"publish","type":"product","link":"https:\/\/phukienflytech.vn\/en\/san-pham\/nd8-filter-mavic-pro.html","title":{"rendered":"ND8 Filter Mavic Pro &#8211; Sunnylife"},"content":{"rendered":"<h2><span style=\"color: #0000ff;\"><em><strong>ND8 Filter Mavic Pro<\/strong><\/em><\/span><\/h2>\n<p>&nbsp;<\/p>\n<p><span style=\"font-size: 18px;\">ND8 Filter Mavic Pro<\/span><\/p>\n<p><span style=\"font-size: 18px;\"><strong>Filter ND Mavic Pro<\/strong>\u00a0h\u1eefu d\u1ee5ng v\u1edbi \u0111\u1ec3 ch\u1ee5p \u1ea3nh phong c\u1ea3nh, d\u00e0nh t\u1eb7ng cho c\u00e1c t\u00edn \u0111\u1ed3\u00a0 hay di chuy\u1ec3n, du l\u1ecbch kh\u1eafp n\u01a1i. S\u1eed d\u1ee5ng lo\u1ea1i k\u00ednh l\u1ecdc n\u00e0y c\u00f2n gi\u00fap b\u1ea1n t\u1ea1o hi\u1ec7u \u1ee9ng chuy\u1ec3n \u0111\u1ed9ng m\u1edd (nh\u00f2a) cho \u1ea3nh, v\u00ed nh\u01b0 khi ch\u1ee5p d\u00f2ng ch\u1ea3y c\u1ee7a n\u01b0\u1edbc, th\u00e1c n\u01b0\u1edbc, chuy\u1ec3n \u0111\u1ed9ng c\u1ee7a m\u1ed9t h\u00e0nh kh\u00e1ch nh\u1ea3y kh\u1ecfi t\u00e0u ho\u1eb7c m\u1ed9t \u0111\u00e1m \u0111\u00f4ng l\u1ec5 h\u1ed9i r\u1ef1c r\u1ee1 s\u1eafc m\u00e0u&#8230;<\/span><\/p>\n<p><span style=\"font-size: 18px;\"><img loading=\"lazy\" decoding=\"async\" class=\"alignnone size-medium wp-image-15916\" src=\"https:\/\/phukienflytech.vn\/wp-content\/uploads\/2020\/05\/filter-nd-mavic-pro-4634-5-400x400.jpg\" alt=\"\" width=\"400\" height=\"400\" srcset=\"https:\/\/phukienflytech.vn\/wp-content\/uploads\/2020\/05\/filter-nd-mavic-pro-4634-5-400x400.jpg 400w, https:\/\/phukienflytech.vn\/wp-content\/uploads\/2020\/05\/filter-nd-mavic-pro-4634-5-280x280.jpg 280w, https:\/\/phukienflytech.vn\/wp-content\/uploads\/2020\/05\/filter-nd-mavic-pro-4634-5-300x300.jpg 300w, https:\/\/phukienflytech.vn\/wp-content\/uploads\/2020\/05\/filter-nd-mavic-pro-4634-5-100x100.jpg 100w, https:\/\/phukienflytech.vn\/wp-content\/uploads\/2020\/05\/filter-nd-mavic-pro-4634-5.jpg 450w\" sizes=\"auto, (max-width: 400px) 100vw, 400px\" \/><\/span><\/p>\n<p><span style=\"font-size: 18px;\">Hi\u1ec7n nay, c\u00f3 r\u1ea5t nhi\u1ec1u s\u1ef1 l\u1ef1a ch\u1ecdn kh\u00e1c nhau v\u1ec1 filter cho chi\u1ebfc Mavic pro c\u1ee7a ch\u00fang ta, nh\u01b0 l\u00e0\u00a0<a href=\"http:\/\/phukienflytech.vn\/san-pham\/bo-filter-combo-mavic-pro.html\" target=\"_blank\" rel=\"noopener noreferrer\">B\u1ed9 filter combo Mavic pro<strong>\u00a0<\/strong><\/a>v\u1edbi \u0111\u1ea7y \u0111\u1ee7 c\u00e1c filter trong c\u00f9ng m\u1ed9t option, hay l\u00e0 c\u00e1c\u00a0<a href=\"http:\/\/phukienflytech.vn\/san-pham\/filter-cpl-mavic-pro.html\" target=\"_blank\" rel=\"noopener noreferrer\">Filter CPL Mavic Pro<\/a>\u00a0,<a href=\"http:\/\/phukienflytech.vn\/san-pham\/filter-mcuv-mavic-pro.html\" target=\"_blank\" rel=\"noopener noreferrer\">Filter MCUV Mavic Pro\u00a0<\/a>ho\u1eb7c\u00a0<strong>Filter ND Mavic Pro<\/strong>.\u00a0T\u1ea5t c\u1ea3 \u0111\u1ec1u ph\u1ee5 thu\u1ed9c v\u00e0o s\u1ef1 l\u1ef1a ch\u1ecdn c\u1ee7a ng\u01b0\u1eddi d\u00f9ng v\u00e0 s\u1ef1 hi\u1ec3u bi\u1ebft c\u1ee7a h\u1ecd v\u1ec1 lens cho m\u00e1y \u1ea3nh, Filter l\u00e0 m\u1ed9t trong nh\u1eefng\u00a0<strong>ph\u1ee5 ki\u1ec7n mavic pro<\/strong>\u00a0m\u00e0 ch\u00fang ta n\u00ean trang b\u1ecb. H\u00e3y c\u00f9ng tham kh\u1ea3o v\u1ec1 k\u00ednh l\u1ecdc ph\u00e2n c\u1ef1c ND d\u01b0\u1edbi \u0111\u00e2y \u0111\u1ec3 hi\u1ec3u r\u00f5 h\u01a1n v\u1ec1 m\u1ed9t trong s\u1ed1 c\u00e1c l\u1ef1a ch\u1ecdn<\/span><\/p>\n<p><span style=\"font-size: 18px;\"><img loading=\"lazy\" decoding=\"async\" class=\"alignnone wp-image-15918 size-medium\" src=\"https:\/\/phukienflytech.vn\/wp-content\/uploads\/2020\/05\/filter-nd-mavic-pro-4634-2-1-400x400.jpg\" alt=\"ND8-Filter-Mavic-Pro-5\" width=\"400\" height=\"400\" srcset=\"https:\/\/phukienflytech.vn\/wp-content\/uploads\/2020\/05\/filter-nd-mavic-pro-4634-2-1-400x400.jpg 400w, https:\/\/phukienflytech.vn\/wp-content\/uploads\/2020\/05\/filter-nd-mavic-pro-4634-2-1-280x280.jpg 280w, https:\/\/phukienflytech.vn\/wp-content\/uploads\/2020\/05\/filter-nd-mavic-pro-4634-2-1-300x300.jpg 300w, https:\/\/phukienflytech.vn\/wp-content\/uploads\/2020\/05\/filter-nd-mavic-pro-4634-2-1-100x100.jpg 100w, https:\/\/phukienflytech.vn\/wp-content\/uploads\/2020\/05\/filter-nd-mavic-pro-4634-2-1.jpg 450w\" sizes=\"auto, (max-width: 400px) 100vw, 400px\" \/><\/span><\/p>\n<h2><span style=\"color: #0000ff; font-size: 21px;\"><em><strong>Th\u00f4ng s\u1ed1 s\u1ea3n ph\u1ea9m:<\/strong><\/em><\/span><\/h2>\n<p><span style=\"font-size: 18px;\">Filter ND g\u1ed3m c\u00f3 4 lo\u1ea1i : ND4 , ND8, ND16, ND32<\/span><\/p>\n<p><span style=\"font-size: 18px;\">M\u1ee9c \u0111\u1ed9 c\u1ea3n \u00e1nh s\u00e1ng ch\u00f3i t\u0103ng d\u1ea7n : t\u1eeb 4 -&gt; 8 -&gt; 16 -&gt; 3 2<\/span><\/p>\n<p><span style=\"font-size: 18px;\"><img loading=\"lazy\" decoding=\"async\" class=\"alignnone wp-image-15690 size-medium\" src=\"https:\/\/phukienflytech.vn\/wp-content\/uploads\/2020\/05\/\u901a\u7528-7-400x400.jpg\" alt=\"ND8-Filter-Mavic-Pro-1\" width=\"400\" height=\"400\" srcset=\"https:\/\/phukienflytech.vn\/wp-content\/uploads\/2020\/05\/\u901a\u7528-7-400x400.jpg 400w, https:\/\/phukienflytech.vn\/wp-content\/uploads\/2020\/05\/\u901a\u7528-7-280x280.jpg 280w, https:\/\/phukienflytech.vn\/wp-content\/uploads\/2020\/05\/\u901a\u7528-7-768x768.jpg 768w, https:\/\/phukienflytech.vn\/wp-content\/uploads\/2020\/05\/\u901a\u7528-7-800x800.jpg 800w, https:\/\/phukienflytech.vn\/wp-content\/uploads\/2020\/05\/\u901a\u7528-7-300x300.jpg 300w, https:\/\/phukienflytech.vn\/wp-content\/uploads\/2020\/05\/\u901a\u7528-7-600x600.jpg 600w, https:\/\/phukienflytech.vn\/wp-content\/uploads\/2020\/05\/\u901a\u7528-7-100x100.jpg 100w, https:\/\/phukienflytech.vn\/wp-content\/uploads\/2020\/05\/\u901a\u7528-7.jpg 900w\" sizes=\"auto, (max-width: 400px) 100vw, 400px\" \/><\/span><\/p>\n<p><span style=\"font-size: 18px;\">K\u00ednh l\u1ecdc ND (vi\u1ebft t\u1eaft c\u1ee7a Neutral Density) l\u00e0 m\u1ed9t thi\u1ebft b\u1ecb gi\u00fap gi\u1ea3m s\u00e1ng to\u00e0n ph\u1ea7n t\u1ef1 nhi\u00ean, c\u1ea3n b\u1edbt c\u01b0\u1eddng \u0111\u1ed9 \u00e1nh s\u00e1ng l\u00e0m gi\u1ea3m t\u1ed1c \u0111\u1ed9 ch\u1ee5p \u0111\u00e1ng k\u1ec3 ngay c\u1ea3 trong b\u1ed1i c\u1ea3nh r\u1ea5t s\u00e1ng, r\u1ea5t ch\u00f3i, ch\u1ee5p m\u1eb7t tr\u1eddi ch\u1eb3ng h\u1ea1n.<\/span><\/p>\n<p><span style=\"font-size: 18px;\"><img loading=\"lazy\" decoding=\"async\" src=\"https:\/\/phukienflytech.vn\/wp-content\/uploads\/2020\/05\/filter-nd-mavic-pro-4634-3.jpg\" alt=\"\" width=\"490\" height=\"378\" \/><img loading=\"lazy\" decoding=\"async\" src=\"https:\/\/phukienflytech.vn\/wp-content\/uploads\/2020\/05\/filter-nd-mavic-pro-4634-4.jpg\" alt=\"\" width=\"344\" height=\"265\" \/><img loading=\"lazy\" decoding=\"async\" class=\"alignnone wp-image-15816\" src=\"https:\/\/phukienflytech.vn\/wp-content\/uploads\/2020\/05\/combo-3-filter-mavic-pro-phu-kien-mavic-pro-3074-2-1.jpg\" alt=\"ND8-Filter-Mavic-Pro\" width=\"533\" height=\"181\" srcset=\"https:\/\/phukienflytech.vn\/wp-content\/uploads\/2020\/05\/combo-3-filter-mavic-pro-phu-kien-mavic-pro-3074-2-1.jpg 750w, https:\/\/phukienflytech.vn\/wp-content\/uploads\/2020\/05\/combo-3-filter-mavic-pro-phu-kien-mavic-pro-3074-2-1-600x204.jpg 600w\" sizes=\"auto, (max-width: 533px) 100vw, 533px\" \/><\/span><\/p>\n<p><span style=\"font-size: 18px;\">&#8211; R\u1ea5t d\u1ec5 th\u00e1o, l\u1eafp m\u00e0 kh\u00f4ng s\u1ee3 \u1ea3nh h\u01b0\u1edbng t\u1edbi gimbal v\u00e0 camera c\u1ee7a m\u00e1y<\/span><\/p>\n<p><span style=\"font-size: 18px;\">N\u00e0o c\u00f9ng s\u1edf h\u1eefu ngay\u00a0<strong>Filter\u00a0ND Mavic Pro<\/strong><strong>\u00a0<\/strong>\u0111\u1ec3 t\u0103ng t\u00ednh th\u1ea9m m\u1ef9 b\u1ee9c h\u00ecnh v\u00e0 s\u1ef1 h\u00e0i l\u00f2ng trong b\u1ea1n v\u00e0 l\u00e0m b\u1ed9 s\u01b0u t\u1eadp\u00a0<strong>ph\u1ee5 ki\u1ec7n mavic pro<\/strong>\u00a0tr\u1edf l\u00ean \u0111\u1ea7y \u0111\u1ee7 h\u01a1n.<\/span><\/p>\n<p><span style=\"font-size: 18px;\">H\u00e3y \u0111\u1ec3\u00a0<a href=\"https:\/\/facebook.com\/phukienflycam\/\" target=\"_blank\" rel=\"noopener noreferrer\">Ph\u1ee5 Ki\u1ec7n Fly-cam Gi\u00e1 T\u1ed1t<\/a>\u00a0ti\u1ebfp s\u1ee9c \u0111am m\u00ea, c\u00f4ng vi\u1ec7c c\u1ee7a b\u1ea1n, gi\u00fap b\u1ea1n th\u00eam ni\u1ec1m h\u1ee9ng kh\u1edfi trong \u0111am m\u00ea c\u0169ng nh\u01b0 c\u00f4ng vi\u1ec7c c\u1ee7a m\u00ecnh th\u00eam su\u00f4n s\u1ebb<\/span><\/p>\n<p><span style=\"font-size: 18px;\">Nh\u00e0 s\u1ea3n xu\u1ea5t : Sunnylife \u2013 l\u00e0 m\u1ed9t trong nh\u1eefng Vendor cung c\u1ea5p c\u00e1c ph\u1ee5 ki\u1ec7n, linh ki\u1ec7n thay th\u1ebf cho DJI Flycam.<\/span><\/p>\n","protected":false},"excerpt":{"rendered":"<p>ND8 Filter Mavic Pro &nbsp; ND8 Filter Mavic Pro Filter ND Mavic Pro\u00a0h\u1eefu d\u1ee5ng v\u1edbi \u0111\u1ec3 ch\u1ee5p \u1ea3nh phong c\u1ea3nh, d\u00e0nh t\u1eb7ng cho c\u00e1c t\u00edn \u0111\u1ed3\u00a0 hay di chuy\u1ec3n, du l\u1ecbch kh\u1eafp n\u01a1i. S\u1eed d\u1ee5ng lo\u1ea1i k\u00ednh l\u1ecdc n\u00e0y c\u00f2n gi\u00fap b\u1ea1n t\u1ea1o hi\u1ec7u \u1ee9ng chuy\u1ec3n \u0111\u1ed9ng m\u1edd (nh\u00f2a) cho \u1ea3nh, v\u00ed nh\u01b0 khi ch\u1ee5p &#8230;<\/p>\n","protected":false},"featured_media":4636,"comment_status":"open","ping_status":"closed","template":"","meta":{"_acf_changed":false},"product_brand":[],"product_cat":[178],"product_tag":[315,223],"class_list":{"0":"post-4647","1":"product","2":"type-product","3":"status-publish","4":"has-post-thumbnail","6":"product_cat-mavic-pro-accessory","7":"product_tag-filter-nd-mavic-pro-en","8":"product_tag-phu-kien-mavic-pro-en","10":"first","11":"instock","12":"shipping-taxable","13":"purchasable","14":"product-type-simple"},"acf":[],"yoast_head":"<!-- This site is optimized with the Yoast SEO plugin v25.7 - https:\/\/yoast.com\/wordpress\/plugins\/seo\/ -->\n<title>ND8 Filter Mavic Pro - Mavic pro accessory - Available - Original<\/title>\n<meta name=\"description\" content=\"ND8 Filter Mavic Pro is one of the most important accessory. Contact us to buy ND8 Filter Mavic Pro for best price, fast shipping in Vietnam\" \/>\n<meta name=\"robots\" content=\"index, follow, max-snippet:-1, max-image-preview:large, max-video-preview:-1\" \/>\n<link rel=\"canonical\" href=\"https:\/\/phukienflytech.vn\/en\/san-pham\/nd8-filter-mavic-pro.html\" \/>\n<meta property=\"og:locale\" content=\"en_US\" \/>\n<meta property=\"og:type\" content=\"article\" \/>\n<meta property=\"og:title\" content=\"ND8 Filter Mavic Pro - Mavic pro accessory - Available - Original\" \/>\n<meta property=\"og:description\" content=\"ND8 Filter Mavic Pro is one of the most important accessory. Contact us to buy ND8 Filter Mavic Pro for best price, fast shipping in Vietnam\" \/>\n<meta property=\"og:url\" content=\"https:\/\/phukienflytech.vn\/en\/san-pham\/nd8-filter-mavic-pro.html\" \/>\n<meta property=\"og:site_name\" content=\"Shop M\u00e1y \u1ea3nh - Action Camera - Gimbal - Flycam - Ph\u1ee5 ki\u1ec7n\" \/>\n<meta property=\"article:publisher\" content=\"https:\/\/facebook.com\/phukienflycam\" \/>\n<meta property=\"article:modified_time\" content=\"2020-10-17T08:44:30+00:00\" \/>\n<meta property=\"og:image\" content=\"https:\/\/phukienflytech.vn\/wp-content\/uploads\/2020\/05\/filter-nd-mavic-pro-platium.png\" \/>\n\t<meta property=\"og:image:width\" content=\"300\" \/>\n\t<meta property=\"og:image:height\" content=\"300\" \/>\n\t<meta property=\"og:image:type\" content=\"image\/png\" \/>\n<meta name=\"twitter:card\" content=\"summary_large_image\" \/>\n<meta name=\"twitter:label1\" content=\"Est. reading time\" \/>\n\t<meta name=\"twitter:data1\" content=\"3 minutes\" \/>\n<script type=\"application\/ld+json\" class=\"yoast-schema-graph\">{\"@context\":\"https:\/\/schema.org\",\"@graph\":[{\"@type\":\"WebPage\",\"@id\":\"https:\/\/phukienflytech.vn\/en\/san-pham\/nd8-filter-mavic-pro.html\",\"url\":\"https:\/\/phukienflytech.vn\/en\/san-pham\/nd8-filter-mavic-pro.html\",\"name\":\"ND8 Filter Mavic Pro - Mavic pro accessory - Available - Original\",\"isPartOf\":{\"@id\":\"https:\/\/phukienflytech.vn\/#website\"},\"primaryImageOfPage\":{\"@id\":\"https:\/\/phukienflytech.vn\/en\/san-pham\/nd8-filter-mavic-pro.html#primaryimage\"},\"image\":{\"@id\":\"https:\/\/phukienflytech.vn\/en\/san-pham\/nd8-filter-mavic-pro.html#primaryimage\"},\"thumbnailUrl\":\"https:\/\/phukienflytech.vn\/wp-content\/uploads\/2020\/05\/filter-nd-mavic-pro-platium.png\",\"datePublished\":\"2020-06-19T11:14:57+00:00\",\"dateModified\":\"2020-10-17T08:44:30+00:00\",\"description\":\"ND8 Filter Mavic Pro is one of the most important accessory. Contact us to buy ND8 Filter Mavic Pro for best price, fast shipping in Vietnam\",\"breadcrumb\":{\"@id\":\"https:\/\/phukienflytech.vn\/en\/san-pham\/nd8-filter-mavic-pro.html#breadcrumb\"},\"inLanguage\":\"en-US\",\"potentialAction\":[{\"@type\":\"ReadAction\",\"target\":[\"https:\/\/phukienflytech.vn\/en\/san-pham\/nd8-filter-mavic-pro.html\"]}]},{\"@type\":\"ImageObject\",\"inLanguage\":\"en-US\",\"@id\":\"https:\/\/phukienflytech.vn\/en\/san-pham\/nd8-filter-mavic-pro.html#primaryimage\",\"url\":\"https:\/\/phukienflytech.vn\/wp-content\/uploads\/2020\/05\/filter-nd-mavic-pro-platium.png\",\"contentUrl\":\"https:\/\/phukienflytech.vn\/wp-content\/uploads\/2020\/05\/filter-nd-mavic-pro-platium.png\",\"width\":300,\"height\":300},{\"@type\":\"BreadcrumbList\",\"@id\":\"https:\/\/phukienflytech.vn\/en\/san-pham\/nd8-filter-mavic-pro.html#breadcrumb\",\"itemListElement\":[{\"@type\":\"ListItem\",\"position\":1,\"name\":\"Home\",\"item\":\"https:\/\/phukienflytech.vn\/en\"},{\"@type\":\"ListItem\",\"position\":2,\"name\":\"Ph\u1ee5 ki\u1ec7n Mavic Pro\",\"item\":\"https:\/\/phukienflytech.vn\/en\/phu-kien-mavic-pro.html\"},{\"@type\":\"ListItem\",\"position\":3,\"name\":\"DJI Osmo &amp; Drone's accessories\",\"item\":\"https:\/\/phukienflytech.vn\/en\/danh-muc\/dji-osmo-drones-accessories.html\"},{\"@type\":\"ListItem\",\"position\":4,\"name\":\"Mavic Pro Accessory\",\"item\":\"https:\/\/phukienflytech.vn\/en\/danh-muc\/mavic-pro-accessory.html\"},{\"@type\":\"ListItem\",\"position\":5,\"name\":\"ND8 Filter Mavic Pro &#8211; Sunnylife\"}]},{\"@type\":\"WebSite\",\"@id\":\"https:\/\/phukienflytech.vn\/#website\",\"url\":\"https:\/\/phukienflytech.vn\/\",\"name\":\"Shop M\u00e1y \u1ea3nh - Action Camera - Gimbal - Flycam - Ph\u1ee5 ki\u1ec7n\",\"description\":\"Shop M\u00e1y \u1ea3nh - Action Camera - Gimbal - Flycam - Ph\u1ee5 ki\u1ec7n\",\"publisher\":{\"@id\":\"https:\/\/phukienflytech.vn\/#organization\"},\"potentialAction\":[{\"@type\":\"SearchAction\",\"target\":{\"@type\":\"EntryPoint\",\"urlTemplate\":\"https:\/\/phukienflytech.vn\/?s={search_term_string}\"},\"query-input\":{\"@type\":\"PropertyValueSpecification\",\"valueRequired\":true,\"valueName\":\"search_term_string\"}}],\"inLanguage\":\"en-US\"},{\"@type\":\"Organization\",\"@id\":\"https:\/\/phukienflytech.vn\/#organization\",\"name\":\"DJI Store - Shop Drone, Action camera, Gimbal DJI |Phukienflytech\",\"alternateName\":\"DJI Store - Shop Drone, Action camera, Gimbal DJI |Phukienflytech\",\"url\":\"https:\/\/phukienflytech.vn\/\",\"logo\":{\"@type\":\"ImageObject\",\"inLanguage\":\"en-US\",\"@id\":\"https:\/\/phukienflytech.vn\/#\/schema\/logo\/image\/\",\"url\":\"https:\/\/phukienflytech.vn\/wp-content\/uploads\/2020\/05\/hAnh_nan.jpg1_.jpg\",\"contentUrl\":\"https:\/\/phukienflytech.vn\/wp-content\/uploads\/2020\/05\/hAnh_nan.jpg1_.jpg\",\"width\":800,\"height\":450,\"caption\":\"DJI Store - Shop Drone, Action camera, Gimbal DJI |Phukienflytech\"},\"image\":{\"@id\":\"https:\/\/phukienflytech.vn\/#\/schema\/logo\/image\/\"},\"sameAs\":[\"https:\/\/facebook.com\/phukienflycam\",\"https:\/\/www.youtube.com\/@phukienflytech\",\"https:\/\/www.tiktok.com\/@flytech.channel?fbclid=IwY2xjawGjg7BleHRuA2FlbQIxMAABHYVGmlXpuSMs0UB2zTpYvyT4GMVfN2qJa4urF4vkSQ6FAVBwXZtDP30qQA_aem_UwMiDcUvlEbd2tXAmsc8Og\"]}]}<\/script>\n<!-- \/ Yoast SEO plugin. -->","yoast_head_json":{"title":"ND8 Filter Mavic Pro - Mavic pro accessory - Available - Original","description":"ND8 Filter Mavic Pro is one of the most important accessory. Contact us to buy ND8 Filter Mavic Pro for best price, fast shipping in Vietnam","robots":{"index":"index","follow":"follow","max-snippet":"max-snippet:-1","max-image-preview":"max-image-preview:large","max-video-preview":"max-video-preview:-1"},"canonical":"https:\/\/phukienflytech.vn\/en\/san-pham\/nd8-filter-mavic-pro.html","og_locale":"en_US","og_type":"article","og_title":"ND8 Filter Mavic Pro - Mavic pro accessory - Available - Original","og_description":"ND8 Filter Mavic Pro is one of the most important accessory. Contact us to buy ND8 Filter Mavic Pro for best price, fast shipping in Vietnam","og_url":"https:\/\/phukienflytech.vn\/en\/san-pham\/nd8-filter-mavic-pro.html","og_site_name":"Shop M\u00e1y \u1ea3nh - Action Camera - Gimbal - Flycam - Ph\u1ee5 ki\u1ec7n","article_publisher":"https:\/\/facebook.com\/phukienflycam","article_modified_time":"2020-10-17T08:44:30+00:00","og_image":[{"width":300,"height":300,"url":"https:\/\/phukienflytech.vn\/wp-content\/uploads\/2020\/05\/filter-nd-mavic-pro-platium.png","type":"image\/png"}],"twitter_card":"summary_large_image","twitter_misc":{"Est. reading time":"3 minutes"},"schema":{"@context":"https:\/\/schema.org","@graph":[{"@type":"WebPage","@id":"https:\/\/phukienflytech.vn\/en\/san-pham\/nd8-filter-mavic-pro.html","url":"https:\/\/phukienflytech.vn\/en\/san-pham\/nd8-filter-mavic-pro.html","name":"ND8 Filter Mavic Pro - Mavic pro accessory - Available - Original","isPartOf":{"@id":"https:\/\/phukienflytech.vn\/#website"},"primaryImageOfPage":{"@id":"https:\/\/phukienflytech.vn\/en\/san-pham\/nd8-filter-mavic-pro.html#primaryimage"},"image":{"@id":"https:\/\/phukienflytech.vn\/en\/san-pham\/nd8-filter-mavic-pro.html#primaryimage"},"thumbnailUrl":"https:\/\/phukienflytech.vn\/wp-content\/uploads\/2020\/05\/filter-nd-mavic-pro-platium.png","datePublished":"2020-06-19T11:14:57+00:00","dateModified":"2020-10-17T08:44:30+00:00","description":"ND8 Filter Mavic Pro is one of the most important accessory. Contact us to buy ND8 Filter Mavic Pro for best price, fast shipping in Vietnam","breadcrumb":{"@id":"https:\/\/phukienflytech.vn\/en\/san-pham\/nd8-filter-mavic-pro.html#breadcrumb"},"inLanguage":"en-US","potentialAction":[{"@type":"ReadAction","target":["https:\/\/phukienflytech.vn\/en\/san-pham\/nd8-filter-mavic-pro.html"]}]},{"@type":"ImageObject","inLanguage":"en-US","@id":"https:\/\/phukienflytech.vn\/en\/san-pham\/nd8-filter-mavic-pro.html#primaryimage","url":"https:\/\/phukienflytech.vn\/wp-content\/uploads\/2020\/05\/filter-nd-mavic-pro-platium.png","contentUrl":"https:\/\/phukienflytech.vn\/wp-content\/uploads\/2020\/05\/filter-nd-mavic-pro-platium.png","width":300,"height":300},{"@type":"BreadcrumbList","@id":"https:\/\/phukienflytech.vn\/en\/san-pham\/nd8-filter-mavic-pro.html#breadcrumb","itemListElement":[{"@type":"ListItem","position":1,"name":"Home","item":"https:\/\/phukienflytech.vn\/en"},{"@type":"ListItem","position":2,"name":"Ph\u1ee5 ki\u1ec7n Mavic Pro","item":"https:\/\/phukienflytech.vn\/en\/phu-kien-mavic-pro.html"},{"@type":"ListItem","position":3,"name":"DJI Osmo &amp; Drone's accessories","item":"https:\/\/phukienflytech.vn\/en\/danh-muc\/dji-osmo-drones-accessories.html"},{"@type":"ListItem","position":4,"name":"Mavic Pro Accessory","item":"https:\/\/phukienflytech.vn\/en\/danh-muc\/mavic-pro-accessory.html"},{"@type":"ListItem","position":5,"name":"ND8 Filter Mavic Pro &#8211; Sunnylife"}]},{"@type":"WebSite","@id":"https:\/\/phukienflytech.vn\/#website","url":"https:\/\/phukienflytech.vn\/","name":"Shop M\u00e1y \u1ea3nh - Action Camera - Gimbal - Flycam - Ph\u1ee5 ki\u1ec7n","description":"Shop M\u00e1y \u1ea3nh - Action Camera - Gimbal - Flycam - Ph\u1ee5 ki\u1ec7n","publisher":{"@id":"https:\/\/phukienflytech.vn\/#organization"},"potentialAction":[{"@type":"SearchAction","target":{"@type":"EntryPoint","urlTemplate":"https:\/\/phukienflytech.vn\/?s={search_term_string}"},"query-input":{"@type":"PropertyValueSpecification","valueRequired":true,"valueName":"search_term_string"}}],"inLanguage":"en-US"},{"@type":"Organization","@id":"https:\/\/phukienflytech.vn\/#organization","name":"DJI Store - Shop Drone, Action camera, Gimbal DJI |Phukienflytech","alternateName":"DJI Store - Shop Drone, Action camera, Gimbal DJI |Phukienflytech","url":"https:\/\/phukienflytech.vn\/","logo":{"@type":"ImageObject","inLanguage":"en-US","@id":"https:\/\/phukienflytech.vn\/#\/schema\/logo\/image\/","url":"https:\/\/phukienflytech.vn\/wp-content\/uploads\/2020\/05\/hAnh_nan.jpg1_.jpg","contentUrl":"https:\/\/phukienflytech.vn\/wp-content\/uploads\/2020\/05\/hAnh_nan.jpg1_.jpg","width":800,"height":450,"caption":"DJI Store - Shop Drone, Action camera, Gimbal DJI |Phukienflytech"},"image":{"@id":"https:\/\/phukienflytech.vn\/#\/schema\/logo\/image\/"},"sameAs":["https:\/\/facebook.com\/phukienflycam","https:\/\/www.youtube.com\/@phukienflytech","https:\/\/www.tiktok.com\/@flytech.channel?fbclid=IwY2xjawGjg7BleHRuA2FlbQIxMAABHYVGmlXpuSMs0UB2zTpYvyT4GMVfN2qJa4urF4vkSQ6FAVBwXZtDP30qQA_aem_UwMiDcUvlEbd2tXAmsc8Og"]}]}},"_links":{"self":[{"href":"https:\/\/phukienflytech.vn\/en\/wp-json\/wp\/v2\/product\/4647","targetHints":{"allow":["GET"]}}],"collection":[{"href":"https:\/\/phukienflytech.vn\/en\/wp-json\/wp\/v2\/product"}],"about":[{"href":"https:\/\/phukienflytech.vn\/en\/wp-json\/wp\/v2\/types\/product"}],"replies":[{"embeddable":true,"href":"https:\/\/phukienflytech.vn\/en\/wp-json\/wp\/v2\/comments?post=4647"}],"wp:featuredmedia":[{"embeddable":true,"href":"https:\/\/phukienflytech.vn\/en\/wp-json\/wp\/v2\/media\/4636"}],"wp:attachment":[{"href":"https:\/\/phukienflytech.vn\/en\/wp-json\/wp\/v2\/media?parent=4647"}],"wp:term":[{"taxonomy":"product_brand","embeddable":true,"href":"https:\/\/phukienflytech.vn\/en\/wp-json\/wp\/v2\/product_brand?post=4647"},{"taxonomy":"product_cat","embeddable":true,"href":"https:\/\/phukienflytech.vn\/en\/wp-json\/wp\/v2\/product_cat?post=4647"},{"taxonomy":"product_tag","embeddable":true,"href":"https:\/\/phukienflytech.vn\/en\/wp-json\/wp\/v2\/product_tag?post=4647"}],"curies":[{"name":"wp","href":"https:\/\/api.w.org\/{rel}","templated":true}]}}