{"id":4675,"date":"2020-06-19T18:31:05","date_gmt":"2020-06-19T11:31:05","guid":{"rendered":"http:\/\/27430.lamdx.vinawebsite.vn\/san-pham\/filter-cpl-mavic-pro.html"},"modified":"2020-10-17T15:49:35","modified_gmt":"2020-10-17T08:49:35","slug":"cplfilter-mavic-pro-sunnylife","status":"publish","type":"product","link":"https:\/\/phukienflytech.vn\/en\/san-pham\/cplfilter-mavic-pro-sunnylife.html","title":{"rendered":"CPL Filter Mavic pro &#8211; Sunnylife"},"content":{"rendered":"<h2><span style=\"color: #0000ff;\"><em><strong>CPL Filter Mavic pro &#8211; Sunnylife<\/strong><\/em><\/span><\/h2>\n<p>&nbsp;<\/p>\n<p><span style=\"font-size: 18px;\">CPL Filter Mavic pro &#8211; Sunnylife<\/span><\/p>\n<p><span style=\"font-size: 18px;\">Hi\u1ec7n nay, c\u00f3 r\u1ea5t nhi\u1ec1u s\u1ef1 l\u1ef1a ch\u1ecdn kh\u00e1c nhau v\u1ec1 filter cho chi\u1ebfc Mavic pro c\u1ee7a ch\u00fang ta, nh\u01b0 l\u00e0\u00a0<a href=\"http:\/\/phukienflytech.vn\/san-pham\/bo-filter-combo-mavic-pro.html\" target=\"_blank\" rel=\"noopener noreferrer\">B\u1ed9 filter combo Mavic pro<strong>\u00a0<\/strong><\/a>v\u1edbi \u0111\u1ea7y \u0111\u1ee7 c\u00e1c filter trong c\u00f9ng m\u1ed9t option, hay l\u00e0 c\u00e1c\u00a0<strong>Filter CPL Mavic Pro<\/strong>\u00a0,\u00a0<a href=\"http:\/\/phukienflytech.vn\/san-pham\/filter-mcuv-mavic-pro.html\" target=\"_blank\" rel=\"noopener noreferrer\">filter MCUV<\/a>\u00a0ho\u1eb7c\u00a0<a href=\"http:\/\/phukienflytech.vn\/san-pham\/filter-nd-mavic-pro.html\" target=\"_blank\" rel=\"noopener noreferrer\">filter ND<\/a>. T\u1ea5t c\u1ea3 \u0111\u1ec1u ph\u1ee5 thu\u1ed9c v\u00e0o s\u1ef1 l\u1ef1a ch\u1ecdn c\u1ee7a ng\u01b0\u1eddi d\u00f9ng v\u00e0 s\u1ef1 hi\u1ec3u bi\u1ebft c\u1ee7a h\u1ecd v\u1ec1 lens cho m\u00e1y \u1ea3nh. Filter l\u00e0 m\u1ed9t trong nh\u1eefng\u00a0<strong>ph\u1ee5 ki\u1ec7n mavic pro<\/strong>\u00a0m\u00e0 ch\u00fang ta n\u00ean trang b\u1ecb H\u00e3y c\u00f9ng tham kh\u1ea3o v\u1ec1 k\u00ednh l\u1ecdc ph\u00e2n c\u1ef1c CPL d\u01b0\u1edbi \u0111\u00e2y \u0111\u1ec3 hi\u1ec3u r\u00f5 h\u01a1n v\u1ec1 m\u1ed9t trong s\u1ed1 c\u00e1c l\u1ef1a ch\u1ecdn<\/span><\/p>\n<p><span style=\"font-size: 18px;\"><img loading=\"lazy\" decoding=\"async\" class=\"alignnone size-medium wp-image-15916\" src=\"https:\/\/phukienflytech.vn\/wp-content\/uploads\/2020\/05\/filter-nd-mavic-pro-4634-5-400x400.jpg\" alt=\"\" width=\"400\" height=\"400\" srcset=\"https:\/\/phukienflytech.vn\/wp-content\/uploads\/2020\/05\/filter-nd-mavic-pro-4634-5-400x400.jpg 400w, https:\/\/phukienflytech.vn\/wp-content\/uploads\/2020\/05\/filter-nd-mavic-pro-4634-5-280x280.jpg 280w, https:\/\/phukienflytech.vn\/wp-content\/uploads\/2020\/05\/filter-nd-mavic-pro-4634-5-300x300.jpg 300w, https:\/\/phukienflytech.vn\/wp-content\/uploads\/2020\/05\/filter-nd-mavic-pro-4634-5-100x100.jpg 100w, https:\/\/phukienflytech.vn\/wp-content\/uploads\/2020\/05\/filter-nd-mavic-pro-4634-5.jpg 450w\" sizes=\"auto, (max-width: 400px) 100vw, 400px\" \/><\/span><\/p>\n<p><span style=\"font-size: 18px;\">K\u00ednh l\u1ecdc ph\u00e2n c\u1ef1c CPL (vi\u1ebft t\u1eaft c\u1ee7a Circular Polarizing Filter) l\u00e0 m\u1ed9t thi\u1ebft b\u1ecb l\u1ecdc ph\u00f9 h\u1ee3p v\u1edbi nh\u1eefng b\u1ee9c \u1ea3nh ngo\u1ea1i c\u1ea3nh, nh\u1ea5t l\u00e0 v\u00e0o nh\u1eefng ng\u00e0y n\u1eafng. N\u00f3 gi\u00fap m\u00e0u tr\u1eddi trong \u1ea3nh s\u00e2u h\u01a1n, \u0111\u1eb9p h\u01a1n, \u0111\u1ed3ng th\u1eddi ng\u0103n kh\u00f4ng cho nh\u1eefng tia s\u00e1ng \u1edf h\u01b0\u1edbng kh\u00e1c \u0111i v\u00e0o t\u1ea5m \u1ea3nh. \u0110\u1eb7c bi\u1ec7t khi mu\u1ed1n ch\u1ee5p h\u00ecnh nh\u1eefng \u0111\u1ed1i t\u01b0\u1ee3ng c\u00f3 \u0111\u1ed9 trong nh\u01b0 m\u1eb7t n\u01b0\u1edbc, th\u1ee7y tinh, s\u1eed d\u1ee5ng k\u00ednh l\u1ecdc CPL cho hi\u1ec7u qu\u1ea3 t\u1ed1t, gi\u1ea3m \u0111\u1ed9 &#8220;ch\u00f3i&#8221;. Ai \u0111\u00e3 t\u1eebng th\u1eed ch\u1ee5p m\u1eb7t h\u1ed3, b\u1ec3 c\u00e1&#8230; \u0111\u1ec1u c\u00f3 th\u1ec3 th\u1ea5y hi\u1ec7n t\u01b0\u1ee3ng ch\u1ec9 ch\u1ee5p \u0111\u01b0\u1ee3c h\u00ecnh ph\u1ea3n chi\u1ebfu ho\u1eb7c qu\u1ea7ng s\u00e1ng ch\u00f3i m\u00e0 kh\u00f4ng ch\u1ee5p \u0111\u01b0\u1ee3c \u0111\u1ed1i t\u01b0\u1ee3ng mong mu\u1ed1n. CPL s\u1ebd gi\u00fap b\u1ea1n l\u00e0m \u0111\u01b0\u1ee3c \u01b0\u1edbc mu\u1ed1n nh\u1ecf nhoi n\u00e0y.<\/span><\/p>\n<p><span style=\"font-size: 18px;\"><img loading=\"lazy\" decoding=\"async\" src=\"https:\/\/phukienflytech.vn\/wp-content\/uploads\/2020\/05\/filter-cpl-mavic-pro-4664-1.jpg\" alt=\"\" width=\"349\" height=\"264\" \/><img loading=\"lazy\" decoding=\"async\" class=\"alignnone wp-image-15809 size-full\" src=\"https:\/\/phukienflytech.vn\/wp-content\/uploads\/2020\/05\/combo-3-filter-mavic-pro-phu-kien-mavic-pro-3074-4-1.jpg\" alt=\"CPLFilter-Mavic-pro-Sunnylife-2\" width=\"512\" height=\"382\" \/><\/span><\/p>\n<p><span style=\"font-size: 18px;\"><em>\u1ea2nh ch\u1ee5p kh\u00f4ng CPL (tr\u00e1i) v\u00e0 c\u00f3 CPL (ph\u1ea3i)<\/em><\/span><\/p>\n<p><span style=\"font-size: 18px;\">K\u00ednh l\u1ecdc CPL s\u1eed d\u1ee5ng hi\u1ec7u qu\u1ea3 nh\u1ea5t khi h\u01b0\u1edbng ch\u1ee5p vu\u00f4ng g\u00f3c v\u1edbi m\u1eb7t tr\u1eddi.\u00a0 Y\u00ean t\u00e2m l\u00e0 nh\u1eefng hi\u1ec7u \u1ee9ng m\u00e0u s\u1eafc c\u1ee7a CPL th\u00ec kh\u00f3 ph\u1ea7n m\u1ec1m x\u1eed l\u00fd \u1ea3nh n\u00e0o c\u00f3 th\u1ec3 thay th\u1ebf \u0111\u01b0\u1ee3c.<\/span><\/p>\n<p><span style=\"font-size: 18px;\"><img loading=\"lazy\" decoding=\"async\" class=\"alignnone wp-image-15918 size-medium\" src=\"https:\/\/phukienflytech.vn\/wp-content\/uploads\/2020\/05\/filter-nd-mavic-pro-4634-2-1-400x400.jpg\" alt=\"CPLFilter-Mavic-pro-Sunnylife-7\" width=\"400\" height=\"400\" srcset=\"https:\/\/phukienflytech.vn\/wp-content\/uploads\/2020\/05\/filter-nd-mavic-pro-4634-2-1-400x400.jpg 400w, https:\/\/phukienflytech.vn\/wp-content\/uploads\/2020\/05\/filter-nd-mavic-pro-4634-2-1-280x280.jpg 280w, https:\/\/phukienflytech.vn\/wp-content\/uploads\/2020\/05\/filter-nd-mavic-pro-4634-2-1-300x300.jpg 300w, https:\/\/phukienflytech.vn\/wp-content\/uploads\/2020\/05\/filter-nd-mavic-pro-4634-2-1-100x100.jpg 100w, https:\/\/phukienflytech.vn\/wp-content\/uploads\/2020\/05\/filter-nd-mavic-pro-4634-2-1.jpg 450w\" sizes=\"auto, (max-width: 400px) 100vw, 400px\" \/><\/span><\/p>\n<h2><span style=\"color: #0000ff; font-size: 21px;\"><strong>C\u00e1ch s\u1eed d\u1ee5ng:<\/strong><\/span><\/h2>\n<p><span style=\"font-size: 18px;\">CPL th\u01b0\u1eddng c\u00f3 m\u1ed9t ph\u1ea7n c\u1ed1 \u0111\u1ecbnh g\u1eafn ch\u1eb7t v\u00e0o \u0111\u1ea7u \u1ed1ng k\u00ednh, m\u1ed9t ph\u1ea7n c\u00f3 th\u1ec3 t\u1ef1 xoay \u0111\u1ec3 ph\u00e2n c\u1ef1c \u00e1nh s\u00e1ng. B\u1ea1n ho\u00e0n to\u00e0n ch\u1ee7 \u0111\u1ed9ng \u0111i\u1ec1u ch\u1ec9nh khi xoay CPL quanh \u1ed1ng k\u00ednh v\u00e0 ch\u1ecdn hi\u1ec7u \u1ee9ng t\u1ed1t nh\u1ea5t cho t\u1ea5m \u1ea3nh c\u1ee7a m\u00ecnh. C\u1ea7n l\u01b0u \u00fd xoay theo chi\u1ec1u kim \u0111\u1ed3ng h\u1ed3 \u0111\u1ec3 tr\u00e1nh k\u00ednh b\u1ecb r\u01a1i kh\u1ecfi \u1ed1ng.<\/span><\/p>\n<p><span style=\"font-size: 18px;\"><img loading=\"lazy\" decoding=\"async\" src=\"https:\/\/phukienflytech.vn\/wp-content\/uploads\/2020\/05\/filter-cpl-mavic-pro-4664-3.jpg\" alt=\"\" width=\"327\" height=\"436\" \/><img loading=\"lazy\" decoding=\"async\" class=\"alignnone wp-image-15769 size-medium\" src=\"https:\/\/phukienflytech.vn\/wp-content\/uploads\/2020\/05\/\u901a\u7528-39-400x400.jpg\" alt=\"CPLFilter-Mavic-pro-Sunnylife\" width=\"400\" height=\"400\" srcset=\"https:\/\/phukienflytech.vn\/wp-content\/uploads\/2020\/05\/\u901a\u7528-39-400x400.jpg 400w, https:\/\/phukienflytech.vn\/wp-content\/uploads\/2020\/05\/\u901a\u7528-39-280x280.jpg 280w, https:\/\/phukienflytech.vn\/wp-content\/uploads\/2020\/05\/\u901a\u7528-39-768x768.jpg 768w, https:\/\/phukienflytech.vn\/wp-content\/uploads\/2020\/05\/\u901a\u7528-39-800x800.jpg 800w, https:\/\/phukienflytech.vn\/wp-content\/uploads\/2020\/05\/\u901a\u7528-39-300x300.jpg 300w, https:\/\/phukienflytech.vn\/wp-content\/uploads\/2020\/05\/\u901a\u7528-39-600x600.jpg 600w, https:\/\/phukienflytech.vn\/wp-content\/uploads\/2020\/05\/\u901a\u7528-39-100x100.jpg 100w, https:\/\/phukienflytech.vn\/wp-content\/uploads\/2020\/05\/\u901a\u7528-39.jpg 900w\" sizes=\"auto, (max-width: 400px) 100vw, 400px\" \/><\/span><\/p>\n<p><span style=\"font-size: 18px;\">&#8211; R\u1ea5t d\u1ec5 th\u00e1o, l\u1eafp m\u00e0 kh\u00f4ng s\u1ee3 \u1ea3nh h\u01b0\u1edbng t\u1edbi gimbal v\u00e0 camera c\u1ee7a m\u00e1y<\/span><\/p>\n<p><span style=\"font-size: 18px;\">N\u00e0o c\u00f9ng s\u1edf h\u1eefu ngay\u00a0<strong>Filter CPL Mavic Pro\u00a0<\/strong>\u0111\u1ec3 t\u0103ng t\u00ednh th\u1ea9m m\u1ef9 b\u1ee9c h\u00ecnh v\u00e0 s\u1ef1 h\u00e0i l\u00f2ng trong b\u1ea1n,\u00a0v\u00e0 l\u00e0m b\u1ed9 s\u01b0u t\u1eadp\u00a0<strong>ph\u1ee5 ki\u1ec7n mavic pro<\/strong>\u00a0tr\u1edf l\u00ean \u0111\u1ea7y \u0111\u1ee7 h\u01a1n.<\/span><\/p>\n<p><span style=\"font-size: 18px;\">H\u00e3y \u0111\u1ec3\u00a0<strong><a href=\"https:\/\/facebook.com\/phukienflycam\/\" target=\"_blank\" rel=\"noopener noreferrer\">Ph\u1ee5 Ki\u1ec7n Fly-cam Gi\u00e1 T\u1ed1t<\/a>\u00a0<\/strong>ti\u1ebfp s\u1ee9c \u0111am m\u00ea, c\u00f4ng vi\u1ec7c c\u1ee7a b\u1ea1n, gi\u00fap b\u1ea1n th\u00eam ni\u1ec1m h\u1ee9ng kh\u1edfi trong \u0111am m\u00ea c\u0169ng nh\u01b0 c\u00f4ng vi\u1ec7c c\u1ee7a m\u00ecnh th\u00eam su\u00f4n s\u1ebb<\/span><\/p>\n<p><span style=\"font-size: 18px;\">Nh\u00e0 s\u1ea3n xu\u1ea5t : Sunnylife \u2013 l\u00e0 m\u1ed9t trong nh\u1eefng Vendor cung c\u1ea5p c\u00e1c ph\u1ee5 ki\u1ec7n, linh ki\u1ec7n thay th\u1ebf cho DJI Flycam.<\/span><\/p>\n<p>&nbsp;<\/p>\n<p><span style=\"font-size: 18px;\">&gt;&gt; Xem th\u00eam: <span style=\"color: #0000ff;\"><strong><a style=\"color: #0000ff;\" href=\"https:\/\/phukienflytech.vn\/en\/danh-muc\/mavic-pro-accessory.html\" target=\"_blank\" rel=\"noopener noreferrer\">Ph\u1ee5 ki\u1ec7n Mavic Pro<\/a><\/strong><\/span><\/span><\/p>\n<p><span style=\"font-size: 18px;\">&gt;&gt; Li\u00ean h\u1ec7 v\u1edbi ch\u00fang t\u00f4i qua: <strong><a href=\"https:\/\/fb.com\/phukienflycam\" target=\"_blank\" rel=\"noopener noreferrer\">Fanpage<\/a><\/strong><\/span><\/p>\n","protected":false},"excerpt":{"rendered":"<p>CPL Filter Mavic pro &#8211; Sunnylife &nbsp; CPL Filter Mavic pro &#8211; Sunnylife Hi\u1ec7n nay, c\u00f3 r\u1ea5t nhi\u1ec1u s\u1ef1 l\u1ef1a ch\u1ecdn kh\u00e1c nhau v\u1ec1 filter cho chi\u1ebfc Mavic pro c\u1ee7a ch\u00fang ta, nh\u01b0 l\u00e0\u00a0B\u1ed9 filter combo Mavic pro\u00a0v\u1edbi \u0111\u1ea7y \u0111\u1ee7 c\u00e1c filter trong c\u00f9ng m\u1ed9t option, hay l\u00e0 c\u00e1c\u00a0Filter CPL Mavic Pro\u00a0,\u00a0filter MCUV\u00a0ho\u1eb7c\u00a0filter ND. T\u1ea5t &#8230;<\/p>\n","protected":false},"featured_media":4666,"comment_status":"open","ping_status":"closed","template":"","meta":{"_acf_changed":false},"product_brand":[],"product_cat":[178],"product_tag":[319,223],"class_list":{"0":"post-4675","1":"product","2":"type-product","3":"status-publish","4":"has-post-thumbnail","6":"product_cat-mavic-pro-accessory","7":"product_tag-filter-cpl-mavic-pro-en","8":"product_tag-phu-kien-mavic-pro-en","10":"first","11":"instock","12":"shipping-taxable","13":"purchasable","14":"product-type-simple"},"acf":[],"yoast_head":"<!-- This site is optimized with the Yoast SEO plugin v25.7 - https:\/\/yoast.com\/wordpress\/plugins\/seo\/ -->\n<title>CPL Filter Mavic pro - Sunnylife - Mavic pro accessory - Available - Original<\/title>\n<meta name=\"description\" content=\"CPL Filter Mavic pro - Sunnylife is one of the most important accessory. Contact us to buy CPL Filter Mavic pro - Sunnylife for best price\" \/>\n<meta name=\"robots\" content=\"index, follow, max-snippet:-1, max-image-preview:large, max-video-preview:-1\" \/>\n<link rel=\"canonical\" href=\"https:\/\/phukienflytech.vn\/en\/san-pham\/cplfilter-mavic-pro-sunnylife.html\" \/>\n<meta property=\"og:locale\" content=\"en_US\" \/>\n<meta property=\"og:type\" content=\"article\" \/>\n<meta property=\"og:title\" content=\"CPL Filter Mavic pro - Sunnylife - Mavic pro accessory - Available - Original\" \/>\n<meta property=\"og:description\" content=\"CPL Filter Mavic pro - Sunnylife is one of the most important accessory. Contact us to buy CPL Filter Mavic pro - Sunnylife for best price\" \/>\n<meta property=\"og:url\" content=\"https:\/\/phukienflytech.vn\/en\/san-pham\/cplfilter-mavic-pro-sunnylife.html\" \/>\n<meta property=\"og:site_name\" content=\"Shop M\u00e1y \u1ea3nh - Action Camera - Gimbal - Flycam - Ph\u1ee5 ki\u1ec7n\" \/>\n<meta property=\"article:publisher\" content=\"https:\/\/facebook.com\/phukienflycam\" \/>\n<meta property=\"article:modified_time\" content=\"2020-10-17T08:49:35+00:00\" \/>\n<meta property=\"og:image\" content=\"https:\/\/phukienflytech.vn\/wp-content\/uploads\/2020\/05\/filter-lens-cpl-mavic-pro-platium.png\" \/>\n\t<meta property=\"og:image:width\" content=\"300\" \/>\n\t<meta property=\"og:image:height\" content=\"300\" \/>\n\t<meta property=\"og:image:type\" content=\"image\/png\" \/>\n<meta name=\"twitter:card\" content=\"summary_large_image\" \/>\n<meta name=\"twitter:label1\" content=\"Est. reading time\" \/>\n\t<meta name=\"twitter:data1\" content=\"4 minutes\" \/>\n<script type=\"application\/ld+json\" class=\"yoast-schema-graph\">{\"@context\":\"https:\/\/schema.org\",\"@graph\":[{\"@type\":\"WebPage\",\"@id\":\"https:\/\/phukienflytech.vn\/en\/san-pham\/cplfilter-mavic-pro-sunnylife.html\",\"url\":\"https:\/\/phukienflytech.vn\/en\/san-pham\/cplfilter-mavic-pro-sunnylife.html\",\"name\":\"CPL Filter Mavic pro - Sunnylife - Mavic pro accessory - Available - Original\",\"isPartOf\":{\"@id\":\"https:\/\/phukienflytech.vn\/#website\"},\"primaryImageOfPage\":{\"@id\":\"https:\/\/phukienflytech.vn\/en\/san-pham\/cplfilter-mavic-pro-sunnylife.html#primaryimage\"},\"image\":{\"@id\":\"https:\/\/phukienflytech.vn\/en\/san-pham\/cplfilter-mavic-pro-sunnylife.html#primaryimage\"},\"thumbnailUrl\":\"https:\/\/phukienflytech.vn\/wp-content\/uploads\/2020\/05\/filter-lens-cpl-mavic-pro-platium.png\",\"datePublished\":\"2020-06-19T11:31:05+00:00\",\"dateModified\":\"2020-10-17T08:49:35+00:00\",\"description\":\"CPL Filter Mavic pro - Sunnylife is one of the most important accessory. Contact us to buy CPL Filter Mavic pro - Sunnylife for best price\",\"breadcrumb\":{\"@id\":\"https:\/\/phukienflytech.vn\/en\/san-pham\/cplfilter-mavic-pro-sunnylife.html#breadcrumb\"},\"inLanguage\":\"en-US\",\"potentialAction\":[{\"@type\":\"ReadAction\",\"target\":[\"https:\/\/phukienflytech.vn\/en\/san-pham\/cplfilter-mavic-pro-sunnylife.html\"]}]},{\"@type\":\"ImageObject\",\"inLanguage\":\"en-US\",\"@id\":\"https:\/\/phukienflytech.vn\/en\/san-pham\/cplfilter-mavic-pro-sunnylife.html#primaryimage\",\"url\":\"https:\/\/phukienflytech.vn\/wp-content\/uploads\/2020\/05\/filter-lens-cpl-mavic-pro-platium.png\",\"contentUrl\":\"https:\/\/phukienflytech.vn\/wp-content\/uploads\/2020\/05\/filter-lens-cpl-mavic-pro-platium.png\",\"width\":300,\"height\":300},{\"@type\":\"BreadcrumbList\",\"@id\":\"https:\/\/phukienflytech.vn\/en\/san-pham\/cplfilter-mavic-pro-sunnylife.html#breadcrumb\",\"itemListElement\":[{\"@type\":\"ListItem\",\"position\":1,\"name\":\"Home\",\"item\":\"https:\/\/phukienflytech.vn\/en\"},{\"@type\":\"ListItem\",\"position\":2,\"name\":\"Ph\u1ee5 ki\u1ec7n Mavic Pro\",\"item\":\"https:\/\/phukienflytech.vn\/en\/phu-kien-mavic-pro.html\"},{\"@type\":\"ListItem\",\"position\":3,\"name\":\"DJI Osmo &amp; Drone's accessories\",\"item\":\"https:\/\/phukienflytech.vn\/en\/danh-muc\/dji-osmo-drones-accessories.html\"},{\"@type\":\"ListItem\",\"position\":4,\"name\":\"Mavic Pro Accessory\",\"item\":\"https:\/\/phukienflytech.vn\/en\/danh-muc\/mavic-pro-accessory.html\"},{\"@type\":\"ListItem\",\"position\":5,\"name\":\"CPL Filter Mavic pro &#8211; Sunnylife\"}]},{\"@type\":\"WebSite\",\"@id\":\"https:\/\/phukienflytech.vn\/#website\",\"url\":\"https:\/\/phukienflytech.vn\/\",\"name\":\"Shop M\u00e1y \u1ea3nh - Action Camera - Gimbal - Flycam - Ph\u1ee5 ki\u1ec7n\",\"description\":\"Shop M\u00e1y \u1ea3nh - Action Camera - Gimbal - Flycam - Ph\u1ee5 ki\u1ec7n\",\"publisher\":{\"@id\":\"https:\/\/phukienflytech.vn\/#organization\"},\"potentialAction\":[{\"@type\":\"SearchAction\",\"target\":{\"@type\":\"EntryPoint\",\"urlTemplate\":\"https:\/\/phukienflytech.vn\/?s={search_term_string}\"},\"query-input\":{\"@type\":\"PropertyValueSpecification\",\"valueRequired\":true,\"valueName\":\"search_term_string\"}}],\"inLanguage\":\"en-US\"},{\"@type\":\"Organization\",\"@id\":\"https:\/\/phukienflytech.vn\/#organization\",\"name\":\"DJI Store - Shop Drone, Action camera, Gimbal DJI |Phukienflytech\",\"alternateName\":\"DJI Store - Shop Drone, Action camera, Gimbal DJI |Phukienflytech\",\"url\":\"https:\/\/phukienflytech.vn\/\",\"logo\":{\"@type\":\"ImageObject\",\"inLanguage\":\"en-US\",\"@id\":\"https:\/\/phukienflytech.vn\/#\/schema\/logo\/image\/\",\"url\":\"https:\/\/phukienflytech.vn\/wp-content\/uploads\/2020\/05\/hAnh_nan.jpg1_.jpg\",\"contentUrl\":\"https:\/\/phukienflytech.vn\/wp-content\/uploads\/2020\/05\/hAnh_nan.jpg1_.jpg\",\"width\":800,\"height\":450,\"caption\":\"DJI Store - Shop Drone, Action camera, Gimbal DJI |Phukienflytech\"},\"image\":{\"@id\":\"https:\/\/phukienflytech.vn\/#\/schema\/logo\/image\/\"},\"sameAs\":[\"https:\/\/facebook.com\/phukienflycam\",\"https:\/\/www.youtube.com\/@phukienflytech\",\"https:\/\/www.tiktok.com\/@flytech.channel?fbclid=IwY2xjawGjg7BleHRuA2FlbQIxMAABHYVGmlXpuSMs0UB2zTpYvyT4GMVfN2qJa4urF4vkSQ6FAVBwXZtDP30qQA_aem_UwMiDcUvlEbd2tXAmsc8Og\"]}]}<\/script>\n<!-- \/ Yoast SEO plugin. -->","yoast_head_json":{"title":"CPL Filter Mavic pro - Sunnylife - Mavic pro accessory - Available - Original","description":"CPL Filter Mavic pro - Sunnylife is one of the most important accessory. Contact us to buy CPL Filter Mavic pro - Sunnylife for best price","robots":{"index":"index","follow":"follow","max-snippet":"max-snippet:-1","max-image-preview":"max-image-preview:large","max-video-preview":"max-video-preview:-1"},"canonical":"https:\/\/phukienflytech.vn\/en\/san-pham\/cplfilter-mavic-pro-sunnylife.html","og_locale":"en_US","og_type":"article","og_title":"CPL Filter Mavic pro - Sunnylife - Mavic pro accessory - Available - Original","og_description":"CPL Filter Mavic pro - Sunnylife is one of the most important accessory. Contact us to buy CPL Filter Mavic pro - Sunnylife for best price","og_url":"https:\/\/phukienflytech.vn\/en\/san-pham\/cplfilter-mavic-pro-sunnylife.html","og_site_name":"Shop M\u00e1y \u1ea3nh - Action Camera - Gimbal - Flycam - Ph\u1ee5 ki\u1ec7n","article_publisher":"https:\/\/facebook.com\/phukienflycam","article_modified_time":"2020-10-17T08:49:35+00:00","og_image":[{"width":300,"height":300,"url":"https:\/\/phukienflytech.vn\/wp-content\/uploads\/2020\/05\/filter-lens-cpl-mavic-pro-platium.png","type":"image\/png"}],"twitter_card":"summary_large_image","twitter_misc":{"Est. reading time":"4 minutes"},"schema":{"@context":"https:\/\/schema.org","@graph":[{"@type":"WebPage","@id":"https:\/\/phukienflytech.vn\/en\/san-pham\/cplfilter-mavic-pro-sunnylife.html","url":"https:\/\/phukienflytech.vn\/en\/san-pham\/cplfilter-mavic-pro-sunnylife.html","name":"CPL Filter Mavic pro - Sunnylife - Mavic pro accessory - Available - Original","isPartOf":{"@id":"https:\/\/phukienflytech.vn\/#website"},"primaryImageOfPage":{"@id":"https:\/\/phukienflytech.vn\/en\/san-pham\/cplfilter-mavic-pro-sunnylife.html#primaryimage"},"image":{"@id":"https:\/\/phukienflytech.vn\/en\/san-pham\/cplfilter-mavic-pro-sunnylife.html#primaryimage"},"thumbnailUrl":"https:\/\/phukienflytech.vn\/wp-content\/uploads\/2020\/05\/filter-lens-cpl-mavic-pro-platium.png","datePublished":"2020-06-19T11:31:05+00:00","dateModified":"2020-10-17T08:49:35+00:00","description":"CPL Filter Mavic pro - Sunnylife is one of the most important accessory. Contact us to buy CPL Filter Mavic pro - Sunnylife for best price","breadcrumb":{"@id":"https:\/\/phukienflytech.vn\/en\/san-pham\/cplfilter-mavic-pro-sunnylife.html#breadcrumb"},"inLanguage":"en-US","potentialAction":[{"@type":"ReadAction","target":["https:\/\/phukienflytech.vn\/en\/san-pham\/cplfilter-mavic-pro-sunnylife.html"]}]},{"@type":"ImageObject","inLanguage":"en-US","@id":"https:\/\/phukienflytech.vn\/en\/san-pham\/cplfilter-mavic-pro-sunnylife.html#primaryimage","url":"https:\/\/phukienflytech.vn\/wp-content\/uploads\/2020\/05\/filter-lens-cpl-mavic-pro-platium.png","contentUrl":"https:\/\/phukienflytech.vn\/wp-content\/uploads\/2020\/05\/filter-lens-cpl-mavic-pro-platium.png","width":300,"height":300},{"@type":"BreadcrumbList","@id":"https:\/\/phukienflytech.vn\/en\/san-pham\/cplfilter-mavic-pro-sunnylife.html#breadcrumb","itemListElement":[{"@type":"ListItem","position":1,"name":"Home","item":"https:\/\/phukienflytech.vn\/en"},{"@type":"ListItem","position":2,"name":"Ph\u1ee5 ki\u1ec7n Mavic Pro","item":"https:\/\/phukienflytech.vn\/en\/phu-kien-mavic-pro.html"},{"@type":"ListItem","position":3,"name":"DJI Osmo &amp; Drone's accessories","item":"https:\/\/phukienflytech.vn\/en\/danh-muc\/dji-osmo-drones-accessories.html"},{"@type":"ListItem","position":4,"name":"Mavic Pro Accessory","item":"https:\/\/phukienflytech.vn\/en\/danh-muc\/mavic-pro-accessory.html"},{"@type":"ListItem","position":5,"name":"CPL Filter Mavic pro &#8211; Sunnylife"}]},{"@type":"WebSite","@id":"https:\/\/phukienflytech.vn\/#website","url":"https:\/\/phukienflytech.vn\/","name":"Shop M\u00e1y \u1ea3nh - Action Camera - Gimbal - Flycam - Ph\u1ee5 ki\u1ec7n","description":"Shop M\u00e1y \u1ea3nh - Action Camera - Gimbal - Flycam - Ph\u1ee5 ki\u1ec7n","publisher":{"@id":"https:\/\/phukienflytech.vn\/#organization"},"potentialAction":[{"@type":"SearchAction","target":{"@type":"EntryPoint","urlTemplate":"https:\/\/phukienflytech.vn\/?s={search_term_string}"},"query-input":{"@type":"PropertyValueSpecification","valueRequired":true,"valueName":"search_term_string"}}],"inLanguage":"en-US"},{"@type":"Organization","@id":"https:\/\/phukienflytech.vn\/#organization","name":"DJI Store - Shop Drone, Action camera, Gimbal DJI |Phukienflytech","alternateName":"DJI Store - Shop Drone, Action camera, Gimbal DJI |Phukienflytech","url":"https:\/\/phukienflytech.vn\/","logo":{"@type":"ImageObject","inLanguage":"en-US","@id":"https:\/\/phukienflytech.vn\/#\/schema\/logo\/image\/","url":"https:\/\/phukienflytech.vn\/wp-content\/uploads\/2020\/05\/hAnh_nan.jpg1_.jpg","contentUrl":"https:\/\/phukienflytech.vn\/wp-content\/uploads\/2020\/05\/hAnh_nan.jpg1_.jpg","width":800,"height":450,"caption":"DJI Store - Shop Drone, Action camera, Gimbal DJI |Phukienflytech"},"image":{"@id":"https:\/\/phukienflytech.vn\/#\/schema\/logo\/image\/"},"sameAs":["https:\/\/facebook.com\/phukienflycam","https:\/\/www.youtube.com\/@phukienflytech","https:\/\/www.tiktok.com\/@flytech.channel?fbclid=IwY2xjawGjg7BleHRuA2FlbQIxMAABHYVGmlXpuSMs0UB2zTpYvyT4GMVfN2qJa4urF4vkSQ6FAVBwXZtDP30qQA_aem_UwMiDcUvlEbd2tXAmsc8Og"]}]}},"_links":{"self":[{"href":"https:\/\/phukienflytech.vn\/en\/wp-json\/wp\/v2\/product\/4675","targetHints":{"allow":["GET"]}}],"collection":[{"href":"https:\/\/phukienflytech.vn\/en\/wp-json\/wp\/v2\/product"}],"about":[{"href":"https:\/\/phukienflytech.vn\/en\/wp-json\/wp\/v2\/types\/product"}],"replies":[{"embeddable":true,"href":"https:\/\/phukienflytech.vn\/en\/wp-json\/wp\/v2\/comments?post=4675"}],"wp:featuredmedia":[{"embeddable":true,"href":"https:\/\/phukienflytech.vn\/en\/wp-json\/wp\/v2\/media\/4666"}],"wp:attachment":[{"href":"https:\/\/phukienflytech.vn\/en\/wp-json\/wp\/v2\/media?parent=4675"}],"wp:term":[{"taxonomy":"product_brand","embeddable":true,"href":"https:\/\/phukienflytech.vn\/en\/wp-json\/wp\/v2\/product_brand?post=4675"},{"taxonomy":"product_cat","embeddable":true,"href":"https:\/\/phukienflytech.vn\/en\/wp-json\/wp\/v2\/product_cat?post=4675"},{"taxonomy":"product_tag","embeddable":true,"href":"https:\/\/phukienflytech.vn\/en\/wp-json\/wp\/v2\/product_tag?post=4675"}],"curies":[{"name":"wp","href":"https:\/\/api.w.org\/{rel}","templated":true}]}}