{"id":4766,"date":"2020-06-20T19:51:47","date_gmt":"2020-06-20T12:51:47","guid":{"rendered":"http:\/\/27430.lamdx.vinawebsite.vn\/san-pham\/den-roi-mavic-pro-pgytech-loai-a-2.html"},"modified":"2020-10-17T14:44:47","modified_gmt":"2020-10-17T07:44:47","slug":"led-lamp-mavic-pro-platinum","status":"publish","type":"product","link":"https:\/\/phukienflytech.vn\/en\/san-pham\/led-lamp-mavic-pro-platinum.html","title":{"rendered":"LED lamp kit for Mavic Pro Platinum &#8211; PGYtech"},"content":{"rendered":"<h2><span style=\"color: #0000ff;\"><em><strong>LED lamp Mavic Pro Platinum<\/strong><\/em><\/span><\/h2>\n<p>&nbsp;<\/p>\n<p><span style=\"font-size: 18px;\">LED lamp Mavic Pro Platinum<\/span><\/p>\n<p><span style=\"font-size: 18px;\">Chi\u1ebfc Mavic pro c\u1ee7a ch\u00fang ta th\u1eadt tuy\u1ec7t v\u1edbi v\u1edbi v\u00f4 s\u1ed1 c\u00e1c t\u00ednh n\u0103ng th\u00f4ng minh, v\u00e0 c\u00f3 m\u1ed9t thi\u1ebft k\u1ebf v\u00f4 c\u00f9ng g\u1ecdn g\u00e0ng v\u00e0 \u01b0a nh\u00ecn v\u1edbi c\u1eb7p m\u1eaft c\u1ea3m bi\u1ebfn \u1edf tr\u01b0\u1edbc l\u00e0m cho chi\u1ebfc Mavic Pro tr\u1edf l\u00ean c\u00f3 h\u1ed3n h\u01a1n c\u00e1c lo\u1ea1i drone kh\u00e1c tr\u00ean th\u1ecb tr\u01b0\u1eddng<\/span><\/p>\n<p><iframe loading=\"lazy\" src=\"https:\/\/www.youtube.com\/embed\/kZMdDEIiSMU\" width=\"560\" height=\"314\" allowfullscreen=\"allowfullscreen\" data-mce-fragment=\"1\"><\/iframe><\/p>\n<p><span style=\"font-size: 18px;\">Tuy nhi\u00ean, v\u1edbi \u0111a s\u1ed1 ch\u00fang ta khi s\u1edf h\u1eefu Mavic Pro sau m\u1ed9t th\u1eddi gian \u0111\u1ec1u mong mu\u1ed1n bi\u1ebfn chi\u1ebfc Mavic c\u1ee7a m\u00ecnh tr\u1edf l\u00ean ng\u1ea7u h\u01a1n, chuy\u00ean d\u1ee5ng h\u01a1n do v\u1eady nh\u00e0 s\u1ea3n xu\u1ea5t PGY \u0111\u00e3 thi\u1ebft k\u1ebf ra c\u00e1c lo\u1ea1i \u0111\u00e8n d\u1ecdi chuy\u00ean d\u1ee5ng g\u1eafn v\u00e0o c\u00e1c thi\u1ebft b\u1ecb Drone nh\u01b0: Mavic pro. Phantom 4 series\u2026<\/span><\/p>\n<p><span style=\"font-size: 18px;\"><img loading=\"lazy\" decoding=\"async\" src=\"https:\/\/phukienflytech.vn\/wp-content\/uploads\/2020\/05\/den-roi-mavic-pro-pgytech-loai-a-4758.jpg\" alt=\"\" width=\"383\" height=\"384\" \/><img loading=\"lazy\" decoding=\"async\" class=\"alignnone wp-image-16124\" src=\"https:\/\/phukienflytech.vn\/wp-content\/uploads\/2020\/05\/\u0111\u00e8n-chi\u1ebfu-s\u00e1ng-mavic-pro.jpg\" alt=\"den-roi-mavic-pro-pgytech-loai-a-phu-kien-pgytech\" width=\"400\" height=\"215\" srcset=\"https:\/\/phukienflytech.vn\/wp-content\/uploads\/2020\/05\/\u0111\u00e8n-chi\u1ebfu-s\u00e1ng-mavic-pro.jpg 1024w, https:\/\/phukienflytech.vn\/wp-content\/uploads\/2020\/05\/\u0111\u00e8n-chi\u1ebfu-s\u00e1ng-mavic-pro-745x400.jpg 745w, https:\/\/phukienflytech.vn\/wp-content\/uploads\/2020\/05\/\u0111\u00e8n-chi\u1ebfu-s\u00e1ng-mavic-pro-768x413.jpg 768w, https:\/\/phukienflytech.vn\/wp-content\/uploads\/2020\/05\/\u0111\u00e8n-chi\u1ebfu-s\u00e1ng-mavic-pro-600x322.jpg 600w\" sizes=\"auto, (max-width: 400px) 100vw, 400px\" \/> \u00a0<img loading=\"lazy\" decoding=\"async\" class=\" wp-image-16128 alignnone\" src=\"https:\/\/phukienflytech.vn\/wp-content\/uploads\/2020\/05\/g\u1eafn-led-mavic-800x238.jpg\" alt=\"\" width=\"556\" height=\"165\" srcset=\"https:\/\/phukienflytech.vn\/wp-content\/uploads\/2020\/05\/g\u1eafn-led-mavic-800x238.jpg 800w, https:\/\/phukienflytech.vn\/wp-content\/uploads\/2020\/05\/g\u1eafn-led-mavic-768x229.jpg 768w, https:\/\/phukienflytech.vn\/wp-content\/uploads\/2020\/05\/g\u1eafn-led-mavic-600x179.jpg 600w, https:\/\/phukienflytech.vn\/wp-content\/uploads\/2020\/05\/g\u1eafn-led-mavic.jpg 1000w\" sizes=\"auto, (max-width: 556px) 100vw, 556px\" \/> <img loading=\"lazy\" decoding=\"async\" class=\"alignnone wp-image-16130\" src=\"https:\/\/phukienflytech.vn\/wp-content\/uploads\/2020\/05\/maxresdefault-711x400.jpg\" alt=\"LED-lamp-Mavic-Pro-Platinum-1\" width=\"510\" height=\"287\" srcset=\"https:\/\/phukienflytech.vn\/wp-content\/uploads\/2020\/05\/maxresdefault-711x400.jpg 711w, https:\/\/phukienflytech.vn\/wp-content\/uploads\/2020\/05\/maxresdefault-768x432.jpg 768w, https:\/\/phukienflytech.vn\/wp-content\/uploads\/2020\/05\/maxresdefault-600x338.jpg 600w, https:\/\/phukienflytech.vn\/wp-content\/uploads\/2020\/05\/maxresdefault.jpg 1280w\" sizes=\"auto, (max-width: 510px) 100vw, 510px\" \/>\u00a0<img loading=\"lazy\" decoding=\"async\" class=\"alignnone wp-image-16132\" src=\"https:\/\/phukienflytech.vn\/wp-content\/uploads\/2020\/05\/PGYtech-led-light-mavic-400x400.jpg\" alt=\"den-roi-mavic-pro-pgytech-loai-a-phu-kien-chinh-hang\" width=\"454\" height=\"454\" srcset=\"https:\/\/phukienflytech.vn\/wp-content\/uploads\/2020\/05\/PGYtech-led-light-mavic-400x400.jpg 400w, https:\/\/phukienflytech.vn\/wp-content\/uploads\/2020\/05\/PGYtech-led-light-mavic-280x280.jpg 280w, https:\/\/phukienflytech.vn\/wp-content\/uploads\/2020\/05\/PGYtech-led-light-mavic-300x300.jpg 300w, https:\/\/phukienflytech.vn\/wp-content\/uploads\/2020\/05\/PGYtech-led-light-mavic-600x600.jpg 600w, https:\/\/phukienflytech.vn\/wp-content\/uploads\/2020\/05\/PGYtech-led-light-mavic-100x100.jpg 100w, https:\/\/phukienflytech.vn\/wp-content\/uploads\/2020\/05\/PGYtech-led-light-mavic.jpg 640w\" sizes=\"auto, (max-width: 454px) 100vw, 454px\" \/> \u00a0\u00a0<\/span><\/p>\n<p><span style=\"font-size: 18px;\">V\u1edbi thi\u1ebft k\u1ebf si\u00eau g\u1ecdn nh\u1eb9, \u0110\u00e8n r\u1ecdi Mavic pro lo\u1ea1i A \u0111\u1ea3m b\u1ea3o kh\u00f4ng \u1ea3nh h\u01b0\u1edfng b\u1ea5t k\u1ef3 \u0111i\u1ec1u g\u00ec t\u1edbi k\u1ef9 thu\u1eadt bay c\u0169ng nh\u01b0 qu\u00e1 tr\u00ecnh v\u1eadn h\u00e0nh chi\u1ebfc drone c\u1ee7a b\u1ea1n<\/span><\/p>\n<p><span style=\"font-size: 18px;\"><img loading=\"lazy\" decoding=\"async\" src=\"https:\/\/phukienflytech.vn\/wp-content\/uploads\/2020\/05\/den-roi-mavic-pro-pgytech-loai-a-4758-1.jpg\" alt=\"\" width=\"400\" height=\"449\" \/><img loading=\"lazy\" decoding=\"async\" class=\"alignnone wp-image-16126 size-medium\" src=\"https:\/\/phukienflytech.vn\/wp-content\/uploads\/2020\/05\/\u0111\u00e8n-pin-mavic-pro-400x400.jpg\" alt=\"LED-lamp-Mavic-Pro-Platinum-9\" width=\"400\" height=\"400\" srcset=\"https:\/\/phukienflytech.vn\/wp-content\/uploads\/2020\/05\/\u0111\u00e8n-pin-mavic-pro-400x400.jpg 400w, https:\/\/phukienflytech.vn\/wp-content\/uploads\/2020\/05\/\u0111\u00e8n-pin-mavic-pro-280x280.jpg 280w, https:\/\/phukienflytech.vn\/wp-content\/uploads\/2020\/05\/\u0111\u00e8n-pin-mavic-pro-768x768.jpg 768w, https:\/\/phukienflytech.vn\/wp-content\/uploads\/2020\/05\/\u0111\u00e8n-pin-mavic-pro-800x800.jpg 800w, https:\/\/phukienflytech.vn\/wp-content\/uploads\/2020\/05\/\u0111\u00e8n-pin-mavic-pro-300x300.jpg 300w, https:\/\/phukienflytech.vn\/wp-content\/uploads\/2020\/05\/\u0111\u00e8n-pin-mavic-pro-600x600.jpg 600w, https:\/\/phukienflytech.vn\/wp-content\/uploads\/2020\/05\/\u0111\u00e8n-pin-mavic-pro-100x100.jpg 100w, https:\/\/phukienflytech.vn\/wp-content\/uploads\/2020\/05\/\u0111\u00e8n-pin-mavic-pro.jpg 1024w\" sizes=\"auto, (max-width: 400px) 100vw, 400px\" \/><\/span><\/p>\n<p><span style=\"font-size: 18px;\">Th\u1eddi gian chi\u1ebfu s\u00e1ng:<\/span><\/p>\n<p><span style=\"font-size: 18px;\">Kho\u1ea3ng c\u00e1ch chi\u1ebfu s\u00e1ng t\u1ed1i \u0111a<\/span><\/p>\n<p><span style=\"font-size: 18px;\">Th\u1eddi gian s\u1ea1c<\/span><\/p>\n<p><span style=\"font-size: 18px;\">Nh\u00e0 s\u1ea3n xu\u1ea5t: PGYTECH \u2013 Vendor cung c\u1ea5p linh ki\u1ec7n cho flycam DJI<\/span><\/p>\n<p><span style=\"font-size: 18px;\"><img loading=\"lazy\" decoding=\"async\" class=\"alignnone wp-image-16138\" src=\"https:\/\/phukienflytech.vn\/wp-content\/uploads\/2020\/05\/s\u1eed-d\u1ee5ng-led-mavic-710x400.jpg\" alt=\"LED-lamp-Mavic-Pro-Platinum\" width=\"446\" height=\"251\" srcset=\"https:\/\/phukienflytech.vn\/wp-content\/uploads\/2020\/05\/s\u1eed-d\u1ee5ng-led-mavic-710x400.jpg 710w, https:\/\/phukienflytech.vn\/wp-content\/uploads\/2020\/05\/s\u1eed-d\u1ee5ng-led-mavic-768x432.jpg 768w, https:\/\/phukienflytech.vn\/wp-content\/uploads\/2020\/05\/s\u1eed-d\u1ee5ng-led-mavic-600x338.jpg 600w, https:\/\/phukienflytech.vn\/wp-content\/uploads\/2020\/05\/s\u1eed-d\u1ee5ng-led-mavic.jpg 1000w\" sizes=\"auto, (max-width: 446px) 100vw, 446px\" \/><\/span><\/p>\n<p>&nbsp;<\/p>\n<p><span style=\"font-size: 19px;\">&gt;&gt; Contact us on: <a href=\"https:\/\/www.facebook.com\/phukienflycam\"><strong>Facebook<\/strong><\/a><\/span><\/p>\n<p><span style=\"font-size: 19px;\"><strong>&gt;&gt; <\/strong>Learn More : <strong><a href=\"https:\/\/phukienflytech.vn\/danh-muc\/phu-kien-mavic-pro.html\">Mavic pro Accessories<\/a><\/strong><\/span><\/p>\n","protected":false},"excerpt":{"rendered":"<p>LED lamp Mavic Pro Platinum &nbsp; LED lamp Mavic Pro Platinum Chi\u1ebfc Mavic pro c\u1ee7a ch\u00fang ta th\u1eadt tuy\u1ec7t v\u1edbi v\u1edbi v\u00f4 s\u1ed1 c\u00e1c t\u00ednh n\u0103ng th\u00f4ng minh, v\u00e0 c\u00f3 m\u1ed9t thi\u1ebft k\u1ebf v\u00f4 c\u00f9ng g\u1ecdn g\u00e0ng v\u00e0 \u01b0a nh\u00ecn v\u1edbi c\u1eb7p m\u1eaft c\u1ea3m bi\u1ebfn \u1edf tr\u01b0\u1edbc l\u00e0m cho chi\u1ebfc Mavic Pro tr\u1edf l\u00ean c\u00f3 &#8230;<\/p>\n","protected":false},"featured_media":16478,"comment_status":"open","ping_status":"closed","template":"","meta":{"_acf_changed":false},"product_brand":[],"product_cat":[178],"product_tag":[331,223],"class_list":{"0":"post-4766","1":"product","2":"type-product","3":"status-publish","4":"has-post-thumbnail","6":"product_cat-mavic-pro-accessory","7":"product_tag-den-roi-mavic-pro-loai-a-en","8":"product_tag-phu-kien-mavic-pro-en","10":"first","11":"instock","12":"shipping-taxable","13":"purchasable","14":"product-type-simple"},"acf":[],"yoast_head":"<!-- This site is optimized with the Yoast SEO plugin v25.7 - https:\/\/yoast.com\/wordpress\/plugins\/seo\/ -->\n<title>LED lamp Mavic Pro Platinum - Mavic pro accessory - Available - Original<\/title>\n<meta name=\"description\" content=\"LED lamp Mavic Pro Platinum is one of the most important accessory. Contact us to buy LED lamp Mavic Pro Platinum for best price\" \/>\n<meta name=\"robots\" content=\"index, follow, max-snippet:-1, max-image-preview:large, max-video-preview:-1\" \/>\n<link rel=\"canonical\" href=\"https:\/\/phukienflytech.vn\/en\/san-pham\/led-lamp-mavic-pro-platinum.html\" \/>\n<meta property=\"og:locale\" content=\"en_US\" \/>\n<meta property=\"og:type\" content=\"article\" \/>\n<meta property=\"og:title\" content=\"LED lamp Mavic Pro Platinum - Mavic pro accessory - Available - Original\" \/>\n<meta property=\"og:description\" content=\"LED lamp Mavic Pro Platinum is one of the most important accessory. Contact us to buy LED lamp Mavic Pro Platinum for best price\" \/>\n<meta property=\"og:url\" content=\"https:\/\/phukienflytech.vn\/en\/san-pham\/led-lamp-mavic-pro-platinum.html\" \/>\n<meta property=\"og:site_name\" content=\"Shop M\u00e1y \u1ea3nh - Action Camera - Gimbal - Flycam - Ph\u1ee5 ki\u1ec7n\" \/>\n<meta property=\"article:publisher\" content=\"https:\/\/facebook.com\/phukienflycam\" \/>\n<meta property=\"article:modified_time\" content=\"2020-10-17T07:44:47+00:00\" \/>\n<meta property=\"og:image\" content=\"https:\/\/phukienflytech.vn\/wp-content\/uploads\/2020\/05\/300x300_AAn_dai_mavic.jpg\" \/>\n\t<meta property=\"og:image:width\" content=\"300\" \/>\n\t<meta property=\"og:image:height\" content=\"300\" \/>\n\t<meta property=\"og:image:type\" content=\"image\/jpeg\" \/>\n<meta name=\"twitter:card\" content=\"summary_large_image\" \/>\n<meta name=\"twitter:label1\" content=\"Est. reading time\" \/>\n\t<meta name=\"twitter:data1\" content=\"1 minute\" \/>\n<script type=\"application\/ld+json\" class=\"yoast-schema-graph\">{\"@context\":\"https:\/\/schema.org\",\"@graph\":[{\"@type\":\"WebPage\",\"@id\":\"https:\/\/phukienflytech.vn\/en\/san-pham\/led-lamp-mavic-pro-platinum.html\",\"url\":\"https:\/\/phukienflytech.vn\/en\/san-pham\/led-lamp-mavic-pro-platinum.html\",\"name\":\"LED lamp Mavic Pro Platinum - Mavic pro accessory - Available - Original\",\"isPartOf\":{\"@id\":\"https:\/\/phukienflytech.vn\/#website\"},\"primaryImageOfPage\":{\"@id\":\"https:\/\/phukienflytech.vn\/en\/san-pham\/led-lamp-mavic-pro-platinum.html#primaryimage\"},\"image\":{\"@id\":\"https:\/\/phukienflytech.vn\/en\/san-pham\/led-lamp-mavic-pro-platinum.html#primaryimage\"},\"thumbnailUrl\":\"https:\/\/phukienflytech.vn\/wp-content\/uploads\/2020\/05\/300x300_AAn_dai_mavic.jpg\",\"datePublished\":\"2020-06-20T12:51:47+00:00\",\"dateModified\":\"2020-10-17T07:44:47+00:00\",\"description\":\"LED lamp Mavic Pro Platinum is one of the most important accessory. Contact us to buy LED lamp Mavic Pro Platinum for best price\",\"breadcrumb\":{\"@id\":\"https:\/\/phukienflytech.vn\/en\/san-pham\/led-lamp-mavic-pro-platinum.html#breadcrumb\"},\"inLanguage\":\"en-US\",\"potentialAction\":[{\"@type\":\"ReadAction\",\"target\":[\"https:\/\/phukienflytech.vn\/en\/san-pham\/led-lamp-mavic-pro-platinum.html\"]}]},{\"@type\":\"ImageObject\",\"inLanguage\":\"en-US\",\"@id\":\"https:\/\/phukienflytech.vn\/en\/san-pham\/led-lamp-mavic-pro-platinum.html#primaryimage\",\"url\":\"https:\/\/phukienflytech.vn\/wp-content\/uploads\/2020\/05\/300x300_AAn_dai_mavic.jpg\",\"contentUrl\":\"https:\/\/phukienflytech.vn\/wp-content\/uploads\/2020\/05\/300x300_AAn_dai_mavic.jpg\",\"width\":300,\"height\":300},{\"@type\":\"BreadcrumbList\",\"@id\":\"https:\/\/phukienflytech.vn\/en\/san-pham\/led-lamp-mavic-pro-platinum.html#breadcrumb\",\"itemListElement\":[{\"@type\":\"ListItem\",\"position\":1,\"name\":\"Home\",\"item\":\"https:\/\/phukienflytech.vn\/en\"},{\"@type\":\"ListItem\",\"position\":2,\"name\":\"Ph\u1ee5 ki\u1ec7n Mavic Pro\",\"item\":\"https:\/\/phukienflytech.vn\/en\/phu-kien-mavic-pro.html\"},{\"@type\":\"ListItem\",\"position\":3,\"name\":\"DJI Osmo &amp; Drone's accessories\",\"item\":\"https:\/\/phukienflytech.vn\/en\/danh-muc\/dji-osmo-drones-accessories.html\"},{\"@type\":\"ListItem\",\"position\":4,\"name\":\"Mavic Pro Accessory\",\"item\":\"https:\/\/phukienflytech.vn\/en\/danh-muc\/mavic-pro-accessory.html\"},{\"@type\":\"ListItem\",\"position\":5,\"name\":\"LED lamp kit for Mavic Pro Platinum &#8211; PGYtech\"}]},{\"@type\":\"WebSite\",\"@id\":\"https:\/\/phukienflytech.vn\/#website\",\"url\":\"https:\/\/phukienflytech.vn\/\",\"name\":\"Shop M\u00e1y \u1ea3nh - Action Camera - Gimbal - Flycam - Ph\u1ee5 ki\u1ec7n\",\"description\":\"Shop M\u00e1y \u1ea3nh - Action Camera - Gimbal - Flycam - Ph\u1ee5 ki\u1ec7n\",\"publisher\":{\"@id\":\"https:\/\/phukienflytech.vn\/#organization\"},\"potentialAction\":[{\"@type\":\"SearchAction\",\"target\":{\"@type\":\"EntryPoint\",\"urlTemplate\":\"https:\/\/phukienflytech.vn\/?s={search_term_string}\"},\"query-input\":{\"@type\":\"PropertyValueSpecification\",\"valueRequired\":true,\"valueName\":\"search_term_string\"}}],\"inLanguage\":\"en-US\"},{\"@type\":\"Organization\",\"@id\":\"https:\/\/phukienflytech.vn\/#organization\",\"name\":\"DJI Store - Shop Drone, Action camera, Gimbal DJI |Phukienflytech\",\"alternateName\":\"DJI Store - Shop Drone, Action camera, Gimbal DJI |Phukienflytech\",\"url\":\"https:\/\/phukienflytech.vn\/\",\"logo\":{\"@type\":\"ImageObject\",\"inLanguage\":\"en-US\",\"@id\":\"https:\/\/phukienflytech.vn\/#\/schema\/logo\/image\/\",\"url\":\"https:\/\/phukienflytech.vn\/wp-content\/uploads\/2020\/05\/hAnh_nan.jpg1_.jpg\",\"contentUrl\":\"https:\/\/phukienflytech.vn\/wp-content\/uploads\/2020\/05\/hAnh_nan.jpg1_.jpg\",\"width\":800,\"height\":450,\"caption\":\"DJI Store - Shop Drone, Action camera, Gimbal DJI |Phukienflytech\"},\"image\":{\"@id\":\"https:\/\/phukienflytech.vn\/#\/schema\/logo\/image\/\"},\"sameAs\":[\"https:\/\/facebook.com\/phukienflycam\",\"https:\/\/www.youtube.com\/@phukienflytech\",\"https:\/\/www.tiktok.com\/@flytech.channel?fbclid=IwY2xjawGjg7BleHRuA2FlbQIxMAABHYVGmlXpuSMs0UB2zTpYvyT4GMVfN2qJa4urF4vkSQ6FAVBwXZtDP30qQA_aem_UwMiDcUvlEbd2tXAmsc8Og\"]}]}<\/script>\n<!-- \/ Yoast SEO plugin. -->","yoast_head_json":{"title":"LED lamp Mavic Pro Platinum - Mavic pro accessory - Available - Original","description":"LED lamp Mavic Pro Platinum is one of the most important accessory. Contact us to buy LED lamp Mavic Pro Platinum for best price","robots":{"index":"index","follow":"follow","max-snippet":"max-snippet:-1","max-image-preview":"max-image-preview:large","max-video-preview":"max-video-preview:-1"},"canonical":"https:\/\/phukienflytech.vn\/en\/san-pham\/led-lamp-mavic-pro-platinum.html","og_locale":"en_US","og_type":"article","og_title":"LED lamp Mavic Pro Platinum - Mavic pro accessory - Available - Original","og_description":"LED lamp Mavic Pro Platinum is one of the most important accessory. Contact us to buy LED lamp Mavic Pro Platinum for best price","og_url":"https:\/\/phukienflytech.vn\/en\/san-pham\/led-lamp-mavic-pro-platinum.html","og_site_name":"Shop M\u00e1y \u1ea3nh - Action Camera - Gimbal - Flycam - Ph\u1ee5 ki\u1ec7n","article_publisher":"https:\/\/facebook.com\/phukienflycam","article_modified_time":"2020-10-17T07:44:47+00:00","og_image":[{"width":300,"height":300,"url":"https:\/\/phukienflytech.vn\/wp-content\/uploads\/2020\/05\/300x300_AAn_dai_mavic.jpg","type":"image\/jpeg"}],"twitter_card":"summary_large_image","twitter_misc":{"Est. reading time":"1 minute"},"schema":{"@context":"https:\/\/schema.org","@graph":[{"@type":"WebPage","@id":"https:\/\/phukienflytech.vn\/en\/san-pham\/led-lamp-mavic-pro-platinum.html","url":"https:\/\/phukienflytech.vn\/en\/san-pham\/led-lamp-mavic-pro-platinum.html","name":"LED lamp Mavic Pro Platinum - Mavic pro accessory - Available - Original","isPartOf":{"@id":"https:\/\/phukienflytech.vn\/#website"},"primaryImageOfPage":{"@id":"https:\/\/phukienflytech.vn\/en\/san-pham\/led-lamp-mavic-pro-platinum.html#primaryimage"},"image":{"@id":"https:\/\/phukienflytech.vn\/en\/san-pham\/led-lamp-mavic-pro-platinum.html#primaryimage"},"thumbnailUrl":"https:\/\/phukienflytech.vn\/wp-content\/uploads\/2020\/05\/300x300_AAn_dai_mavic.jpg","datePublished":"2020-06-20T12:51:47+00:00","dateModified":"2020-10-17T07:44:47+00:00","description":"LED lamp Mavic Pro Platinum is one of the most important accessory. Contact us to buy LED lamp Mavic Pro Platinum for best price","breadcrumb":{"@id":"https:\/\/phukienflytech.vn\/en\/san-pham\/led-lamp-mavic-pro-platinum.html#breadcrumb"},"inLanguage":"en-US","potentialAction":[{"@type":"ReadAction","target":["https:\/\/phukienflytech.vn\/en\/san-pham\/led-lamp-mavic-pro-platinum.html"]}]},{"@type":"ImageObject","inLanguage":"en-US","@id":"https:\/\/phukienflytech.vn\/en\/san-pham\/led-lamp-mavic-pro-platinum.html#primaryimage","url":"https:\/\/phukienflytech.vn\/wp-content\/uploads\/2020\/05\/300x300_AAn_dai_mavic.jpg","contentUrl":"https:\/\/phukienflytech.vn\/wp-content\/uploads\/2020\/05\/300x300_AAn_dai_mavic.jpg","width":300,"height":300},{"@type":"BreadcrumbList","@id":"https:\/\/phukienflytech.vn\/en\/san-pham\/led-lamp-mavic-pro-platinum.html#breadcrumb","itemListElement":[{"@type":"ListItem","position":1,"name":"Home","item":"https:\/\/phukienflytech.vn\/en"},{"@type":"ListItem","position":2,"name":"Ph\u1ee5 ki\u1ec7n Mavic Pro","item":"https:\/\/phukienflytech.vn\/en\/phu-kien-mavic-pro.html"},{"@type":"ListItem","position":3,"name":"DJI Osmo &amp; Drone's accessories","item":"https:\/\/phukienflytech.vn\/en\/danh-muc\/dji-osmo-drones-accessories.html"},{"@type":"ListItem","position":4,"name":"Mavic Pro Accessory","item":"https:\/\/phukienflytech.vn\/en\/danh-muc\/mavic-pro-accessory.html"},{"@type":"ListItem","position":5,"name":"LED lamp kit for Mavic Pro Platinum &#8211; PGYtech"}]},{"@type":"WebSite","@id":"https:\/\/phukienflytech.vn\/#website","url":"https:\/\/phukienflytech.vn\/","name":"Shop M\u00e1y \u1ea3nh - Action Camera - Gimbal - Flycam - Ph\u1ee5 ki\u1ec7n","description":"Shop M\u00e1y \u1ea3nh - Action Camera - Gimbal - Flycam - Ph\u1ee5 ki\u1ec7n","publisher":{"@id":"https:\/\/phukienflytech.vn\/#organization"},"potentialAction":[{"@type":"SearchAction","target":{"@type":"EntryPoint","urlTemplate":"https:\/\/phukienflytech.vn\/?s={search_term_string}"},"query-input":{"@type":"PropertyValueSpecification","valueRequired":true,"valueName":"search_term_string"}}],"inLanguage":"en-US"},{"@type":"Organization","@id":"https:\/\/phukienflytech.vn\/#organization","name":"DJI Store - Shop Drone, Action camera, Gimbal DJI |Phukienflytech","alternateName":"DJI Store - Shop Drone, Action camera, Gimbal DJI |Phukienflytech","url":"https:\/\/phukienflytech.vn\/","logo":{"@type":"ImageObject","inLanguage":"en-US","@id":"https:\/\/phukienflytech.vn\/#\/schema\/logo\/image\/","url":"https:\/\/phukienflytech.vn\/wp-content\/uploads\/2020\/05\/hAnh_nan.jpg1_.jpg","contentUrl":"https:\/\/phukienflytech.vn\/wp-content\/uploads\/2020\/05\/hAnh_nan.jpg1_.jpg","width":800,"height":450,"caption":"DJI Store - Shop Drone, Action camera, Gimbal DJI |Phukienflytech"},"image":{"@id":"https:\/\/phukienflytech.vn\/#\/schema\/logo\/image\/"},"sameAs":["https:\/\/facebook.com\/phukienflycam","https:\/\/www.youtube.com\/@phukienflytech","https:\/\/www.tiktok.com\/@flytech.channel?fbclid=IwY2xjawGjg7BleHRuA2FlbQIxMAABHYVGmlXpuSMs0UB2zTpYvyT4GMVfN2qJa4urF4vkSQ6FAVBwXZtDP30qQA_aem_UwMiDcUvlEbd2tXAmsc8Og"]}]}},"_links":{"self":[{"href":"https:\/\/phukienflytech.vn\/en\/wp-json\/wp\/v2\/product\/4766","targetHints":{"allow":["GET"]}}],"collection":[{"href":"https:\/\/phukienflytech.vn\/en\/wp-json\/wp\/v2\/product"}],"about":[{"href":"https:\/\/phukienflytech.vn\/en\/wp-json\/wp\/v2\/types\/product"}],"replies":[{"embeddable":true,"href":"https:\/\/phukienflytech.vn\/en\/wp-json\/wp\/v2\/comments?post=4766"}],"wp:featuredmedia":[{"embeddable":true,"href":"https:\/\/phukienflytech.vn\/en\/wp-json\/wp\/v2\/media\/16478"}],"wp:attachment":[{"href":"https:\/\/phukienflytech.vn\/en\/wp-json\/wp\/v2\/media?parent=4766"}],"wp:term":[{"taxonomy":"product_brand","embeddable":true,"href":"https:\/\/phukienflytech.vn\/en\/wp-json\/wp\/v2\/product_brand?post=4766"},{"taxonomy":"product_cat","embeddable":true,"href":"https:\/\/phukienflytech.vn\/en\/wp-json\/wp\/v2\/product_cat?post=4766"},{"taxonomy":"product_tag","embeddable":true,"href":"https:\/\/phukienflytech.vn\/en\/wp-json\/wp\/v2\/product_tag?post=4766"}],"curies":[{"name":"wp","href":"https:\/\/api.w.org\/{rel}","templated":true}]}}