{"id":4822,"date":"2020-06-17T20:08:28","date_gmt":"2020-06-17T13:08:28","guid":{"rendered":"http:\/\/27430.lamdx.vinawebsite.vn\/san-pham\/hop-dung-dji-smart-controller-mavic-2.html"},"modified":"2020-10-13T16:55:30","modified_gmt":"2020-10-13T09:55:30","slug":"smart-controller-carrying-case","status":"publish","type":"product","link":"https:\/\/phukienflytech.vn\/en\/san-pham\/smart-controller-carrying-case.html","title":{"rendered":"Smart controller carrying case"},"content":{"rendered":"<h2>Smart controller carrying case<\/h2>\n<p>&nbsp;<\/p>\n<p><span style=\"font-size: 18px;\">Smart controller carrying case<\/span><\/p>\n<p><span style=\"font-size: 18px;\">V\u1eady th\u00ec ch\u1eafc h\u1eb3n b\u1ea1n \u0111ang mu\u1ed1n t\u00ecm cho m\u00ecnh m\u1ed9t chi\u1ebfc vali ho\u1eb7c h\u1ed9p \u0111\u1ef1ng chuy\u00ean d\u1ee5ng d\u00e0nh cho DJI Smart controller \u0111\u1ec3 thu\u1eadn ti\u1ec7n cho vi\u1ec7c b\u1ea3o v\u1ec7, v\u00e0 mang di chuy\u1ec3n ch\u00fang.<\/span><\/p>\n<p><span style=\"font-size: 18px;\"><img loading=\"lazy\" decoding=\"async\" class=\"alignnone size-medium wp-image-11980\" src=\"https:\/\/phukienflytech.vn\/wp-content\/uploads\/2020\/05\/hop-dung-dji-smart-controller-mavic-2-4781-4-400x400.jpg\" alt=\"\" width=\"400\" height=\"400\" srcset=\"https:\/\/phukienflytech.vn\/wp-content\/uploads\/2020\/05\/hop-dung-dji-smart-controller-mavic-2-4781-4-400x400.jpg 400w, https:\/\/phukienflytech.vn\/wp-content\/uploads\/2020\/05\/hop-dung-dji-smart-controller-mavic-2-4781-4-280x280.jpg 280w, https:\/\/phukienflytech.vn\/wp-content\/uploads\/2020\/05\/hop-dung-dji-smart-controller-mavic-2-4781-4-300x300.jpg 300w, https:\/\/phukienflytech.vn\/wp-content\/uploads\/2020\/05\/hop-dung-dji-smart-controller-mavic-2-4781-4-100x100.jpg 100w, https:\/\/phukienflytech.vn\/wp-content\/uploads\/2020\/05\/hop-dung-dji-smart-controller-mavic-2-4781-4.jpg 450w\" sizes=\"auto, (max-width: 400px) 100vw, 400px\" \/><\/span><\/p>\n<p><span style=\"font-size: 18px;\">Ch\u00fang t\u00f4i xin gi\u1edbi thi\u1ec7u b\u1ea1n\u00a0<em>h\u1ed9p \u0111\u1ef1ng (vali) DJI Smart controller<\/em>\u00a0chuy\u00ean d\u1ee5ng d\u01b0\u1edbi \u0111\u00e2y.<\/span><\/p>\n<p><span style=\"font-size: 18px;\">Chi ti\u1ebft s\u1ea3n ph\u1ea9m :<\/span><\/p>\n<p><span style=\"font-size: 18px;\">&#8211; V\u1ecf ngo\u00e0i :\u00a0V\u1ea3i\u00a0ch\u1ed1ng n\u01b0\u1edbc d\u1eadp n\u1ed5i .<\/span><\/p>\n<p><span style=\"font-size: 18px;\">&#8211; B\u00ean trong : khu\u00f4n c\u1ee9ng b\u1ecdc n\u1ec9 ch\u1ed1ng s\u1ed1c t\u1ed1t<\/span><\/p>\n<p><span style=\"font-size: 18px;\">&#8211; Tr\u1ecdng l\u01b0\u1ee3ng : 200g<\/span><\/p>\n<p><span style=\"font-size: 18px;\">&#8211; K\u00edch th\u01b0\u1edbc : 22cm x 16cm x 6cm<\/span><\/p>\n<p><span style=\"font-size: 18px;\">&#8211; Nh\u00e0 s\u1ea3n xu\u1ea5t : Sunnylife<\/span><\/p>\n<p><span style=\"font-size: 18px;\"><img loading=\"lazy\" decoding=\"async\" class=\"alignnone wp-image-11982 size-medium\" src=\"https:\/\/phukienflytech.vn\/wp-content\/uploads\/2020\/05\/hop-dung-dji-smart-controller-mavic-2-4781-1-1-400x400.jpg\" alt=\"Smart-controller-carrying-case-4\" width=\"400\" height=\"400\" srcset=\"https:\/\/phukienflytech.vn\/wp-content\/uploads\/2020\/05\/hop-dung-dji-smart-controller-mavic-2-4781-1-1-400x400.jpg 400w, https:\/\/phukienflytech.vn\/wp-content\/uploads\/2020\/05\/hop-dung-dji-smart-controller-mavic-2-4781-1-1-280x280.jpg 280w, https:\/\/phukienflytech.vn\/wp-content\/uploads\/2020\/05\/hop-dung-dji-smart-controller-mavic-2-4781-1-1-768x768.jpg 768w, https:\/\/phukienflytech.vn\/wp-content\/uploads\/2020\/05\/hop-dung-dji-smart-controller-mavic-2-4781-1-1-800x800.jpg 800w, https:\/\/phukienflytech.vn\/wp-content\/uploads\/2020\/05\/hop-dung-dji-smart-controller-mavic-2-4781-1-1-300x300.jpg 300w, https:\/\/phukienflytech.vn\/wp-content\/uploads\/2020\/05\/hop-dung-dji-smart-controller-mavic-2-4781-1-1-600x600.jpg 600w, https:\/\/phukienflytech.vn\/wp-content\/uploads\/2020\/05\/hop-dung-dji-smart-controller-mavic-2-4781-1-1-100x100.jpg 100w, https:\/\/phukienflytech.vn\/wp-content\/uploads\/2020\/05\/hop-dung-dji-smart-controller-mavic-2-4781-1-1.jpg 1000w\" sizes=\"auto, (max-width: 400px) 100vw, 400px\" \/><\/span><\/p>\n<p><span style=\"font-size: 18px;\"><img loading=\"lazy\" decoding=\"async\" class=\"alignnone size-medium wp-image-11984\" src=\"https:\/\/phukienflytech.vn\/wp-content\/uploads\/2020\/05\/hop-dung-dji-smart-controller-mavic-2-4781-2-1-400x400.jpg\" alt=\"\" width=\"400\" height=\"400\" srcset=\"https:\/\/phukienflytech.vn\/wp-content\/uploads\/2020\/05\/hop-dung-dji-smart-controller-mavic-2-4781-2-1-400x400.jpg 400w, https:\/\/phukienflytech.vn\/wp-content\/uploads\/2020\/05\/hop-dung-dji-smart-controller-mavic-2-4781-2-1-280x280.jpg 280w, https:\/\/phukienflytech.vn\/wp-content\/uploads\/2020\/05\/hop-dung-dji-smart-controller-mavic-2-4781-2-1-768x768.jpg 768w, https:\/\/phukienflytech.vn\/wp-content\/uploads\/2020\/05\/hop-dung-dji-smart-controller-mavic-2-4781-2-1-800x800.jpg 800w, https:\/\/phukienflytech.vn\/wp-content\/uploads\/2020\/05\/hop-dung-dji-smart-controller-mavic-2-4781-2-1-300x300.jpg 300w, https:\/\/phukienflytech.vn\/wp-content\/uploads\/2020\/05\/hop-dung-dji-smart-controller-mavic-2-4781-2-1-600x600.jpg 600w, https:\/\/phukienflytech.vn\/wp-content\/uploads\/2020\/05\/hop-dung-dji-smart-controller-mavic-2-4781-2-1-100x100.jpg 100w, https:\/\/phukienflytech.vn\/wp-content\/uploads\/2020\/05\/hop-dung-dji-smart-controller-mavic-2-4781-2-1.jpg 1000w\" sizes=\"auto, (max-width: 400px) 100vw, 400px\" \/><\/span><\/p>\n<p><span style=\"font-size: 18px;\"><img loading=\"lazy\" decoding=\"async\" class=\"alignnone wp-image-11986 size-medium\" src=\"https:\/\/phukienflytech.vn\/wp-content\/uploads\/2020\/05\/hop-dung-dji-smart-controller-mavic-2-4781-3-1-400x400.jpg\" alt=\"Smart-controller-carrying-case\" width=\"400\" height=\"400\" srcset=\"https:\/\/phukienflytech.vn\/wp-content\/uploads\/2020\/05\/hop-dung-dji-smart-controller-mavic-2-4781-3-1-400x400.jpg 400w, https:\/\/phukienflytech.vn\/wp-content\/uploads\/2020\/05\/hop-dung-dji-smart-controller-mavic-2-4781-3-1-280x280.jpg 280w, https:\/\/phukienflytech.vn\/wp-content\/uploads\/2020\/05\/hop-dung-dji-smart-controller-mavic-2-4781-3-1-768x768.jpg 768w, https:\/\/phukienflytech.vn\/wp-content\/uploads\/2020\/05\/hop-dung-dji-smart-controller-mavic-2-4781-3-1-800x800.jpg 800w, https:\/\/phukienflytech.vn\/wp-content\/uploads\/2020\/05\/hop-dung-dji-smart-controller-mavic-2-4781-3-1-300x300.jpg 300w, https:\/\/phukienflytech.vn\/wp-content\/uploads\/2020\/05\/hop-dung-dji-smart-controller-mavic-2-4781-3-1-600x600.jpg 600w, https:\/\/phukienflytech.vn\/wp-content\/uploads\/2020\/05\/hop-dung-dji-smart-controller-mavic-2-4781-3-1-100x100.jpg 100w, https:\/\/phukienflytech.vn\/wp-content\/uploads\/2020\/05\/hop-dung-dji-smart-controller-mavic-2-4781-3-1.jpg 1000w\" sizes=\"auto, (max-width: 400px) 100vw, 400px\" \/><\/span><\/p>\n<p><span style=\"font-size: 18px;\">\u00a0 Xem th\u00eam &gt;&gt;&gt; <a href=\"https:\/\/phukienflytech.vn\/danh-muc\/phu-kien-mavic-2.html\" target=\"_blank\" rel=\"noopener noreferrer\">Ph\u1ee5 ki\u1ec7n flycam DJI Mavic 2<\/a>\u00a0<\/span><\/p>\n<p><span style=\"font-size: 18px;\">Li\u00ean h\u1ec7 v\u1edbi ch\u00fang t\u00f4i qua <span style=\"font-size: 19px;\"><a href=\"https:\/\/www.facebook.com\/phukienflycam\" target=\"_blank\" rel=\"noopener noreferrer\">Fanpage<\/a><\/span><\/span><\/p>\n","protected":false},"excerpt":{"rendered":"<p>Smart controller carrying case &nbsp; Smart controller carrying case V\u1eady th\u00ec ch\u1eafc h\u1eb3n b\u1ea1n \u0111ang mu\u1ed1n t\u00ecm cho m\u00ecnh m\u1ed9t chi\u1ebfc vali ho\u1eb7c h\u1ed9p \u0111\u1ef1ng chuy\u00ean d\u1ee5ng d\u00e0nh cho DJI Smart controller \u0111\u1ec3 thu\u1eadn ti\u1ec7n cho vi\u1ec7c b\u1ea3o v\u1ec7, v\u00e0 mang di chuy\u1ec3n ch\u00fang. Ch\u00fang t\u00f4i xin gi\u1edbi thi\u1ec7u b\u1ea1n\u00a0h\u1ed9p \u0111\u1ef1ng (vali) DJI Smart controller\u00a0chuy\u00ean &#8230;<\/p>\n","protected":false},"featured_media":16440,"comment_status":"open","ping_status":"closed","template":"","meta":{"_acf_changed":false},"product_brand":[],"product_cat":[177],"product_tag":[206,209,283],"class_list":{"0":"post-4822","1":"product","2":"type-product","3":"status-publish","4":"has-post-thumbnail","6":"product_cat-mavic-2s-accessory","7":"product_tag-phu-kien-dji-en","8":"product_tag-phu-kien-mavic-2-en","9":"product_tag-phu-kien-smart-controller-en","11":"first","12":"instock","13":"shipping-taxable","14":"purchasable","15":"product-type-simple"},"acf":[],"yoast_head":"<!-- This site is optimized with the Yoast SEO plugin v25.7 - https:\/\/yoast.com\/wordpress\/plugins\/seo\/ -->\n<title>Smart controller carrying case - Mavic 2 accessory - Available - Original<\/title>\n<meta name=\"description\" content=\"Smart controller carrying case is one of the most important accessory. Contact us to buy Smart controller carrying casefor best price.\" \/>\n<meta name=\"robots\" content=\"index, follow, max-snippet:-1, max-image-preview:large, max-video-preview:-1\" \/>\n<link rel=\"canonical\" href=\"https:\/\/phukienflytech.vn\/en\/san-pham\/smart-controller-carrying-case.html\" \/>\n<meta property=\"og:locale\" content=\"en_US\" \/>\n<meta property=\"og:type\" content=\"article\" \/>\n<meta property=\"og:title\" content=\"Smart controller carrying case - Mavic 2 accessory - Available - Original\" \/>\n<meta property=\"og:description\" content=\"Smart controller carrying case is one of the most important accessory. Contact us to buy Smart controller carrying casefor best price.\" \/>\n<meta property=\"og:url\" content=\"https:\/\/phukienflytech.vn\/en\/san-pham\/smart-controller-carrying-case.html\" \/>\n<meta property=\"og:site_name\" content=\"Shop M\u00e1y \u1ea3nh - Action Camera - Gimbal - Flycam - Ph\u1ee5 ki\u1ec7n\" \/>\n<meta property=\"article:publisher\" content=\"https:\/\/facebook.com\/phukienflycam\" \/>\n<meta property=\"article:modified_time\" content=\"2020-10-13T09:55:30+00:00\" \/>\n<meta property=\"og:image\" content=\"https:\/\/phukienflytech.vn\/wp-content\/uploads\/2020\/05\/300x300_hop-vali-dung-smart-controller-mavic-2-pro-zoom2-1_-_Copy-1.png\" \/>\n\t<meta property=\"og:image:width\" content=\"300\" \/>\n\t<meta property=\"og:image:height\" content=\"300\" \/>\n\t<meta property=\"og:image:type\" content=\"image\/png\" \/>\n<meta name=\"twitter:card\" content=\"summary_large_image\" \/>\n<meta name=\"twitter:label1\" content=\"Est. reading time\" \/>\n\t<meta name=\"twitter:data1\" content=\"1 minute\" \/>\n<script type=\"application\/ld+json\" class=\"yoast-schema-graph\">{\"@context\":\"https:\/\/schema.org\",\"@graph\":[{\"@type\":\"WebPage\",\"@id\":\"https:\/\/phukienflytech.vn\/en\/san-pham\/smart-controller-carrying-case.html\",\"url\":\"https:\/\/phukienflytech.vn\/en\/san-pham\/smart-controller-carrying-case.html\",\"name\":\"Smart controller carrying case - Mavic 2 accessory - Available - Original\",\"isPartOf\":{\"@id\":\"https:\/\/phukienflytech.vn\/#website\"},\"primaryImageOfPage\":{\"@id\":\"https:\/\/phukienflytech.vn\/en\/san-pham\/smart-controller-carrying-case.html#primaryimage\"},\"image\":{\"@id\":\"https:\/\/phukienflytech.vn\/en\/san-pham\/smart-controller-carrying-case.html#primaryimage\"},\"thumbnailUrl\":\"https:\/\/phukienflytech.vn\/wp-content\/uploads\/2020\/05\/300x300_hop-vali-dung-smart-controller-mavic-2-pro-zoom2-1_-_Copy-1.png\",\"datePublished\":\"2020-06-17T13:08:28+00:00\",\"dateModified\":\"2020-10-13T09:55:30+00:00\",\"description\":\"Smart controller carrying case is one of the most important accessory. Contact us to buy Smart controller carrying casefor best price.\",\"breadcrumb\":{\"@id\":\"https:\/\/phukienflytech.vn\/en\/san-pham\/smart-controller-carrying-case.html#breadcrumb\"},\"inLanguage\":\"en-US\",\"potentialAction\":[{\"@type\":\"ReadAction\",\"target\":[\"https:\/\/phukienflytech.vn\/en\/san-pham\/smart-controller-carrying-case.html\"]}]},{\"@type\":\"ImageObject\",\"inLanguage\":\"en-US\",\"@id\":\"https:\/\/phukienflytech.vn\/en\/san-pham\/smart-controller-carrying-case.html#primaryimage\",\"url\":\"https:\/\/phukienflytech.vn\/wp-content\/uploads\/2020\/05\/300x300_hop-vali-dung-smart-controller-mavic-2-pro-zoom2-1_-_Copy-1.png\",\"contentUrl\":\"https:\/\/phukienflytech.vn\/wp-content\/uploads\/2020\/05\/300x300_hop-vali-dung-smart-controller-mavic-2-pro-zoom2-1_-_Copy-1.png\",\"width\":300,\"height\":300},{\"@type\":\"BreadcrumbList\",\"@id\":\"https:\/\/phukienflytech.vn\/en\/san-pham\/smart-controller-carrying-case.html#breadcrumb\",\"itemListElement\":[{\"@type\":\"ListItem\",\"position\":1,\"name\":\"Home\",\"item\":\"https:\/\/phukienflytech.vn\/en\"},{\"@type\":\"ListItem\",\"position\":2,\"name\":\"Ph\u1ee5 ki\u1ec7n Mavic Pro\",\"item\":\"https:\/\/phukienflytech.vn\/en\/phu-kien-mavic-pro.html\"},{\"@type\":\"ListItem\",\"position\":3,\"name\":\"DJI Osmo &amp; Drone's accessories\",\"item\":\"https:\/\/phukienflytech.vn\/en\/danh-muc\/dji-osmo-drones-accessories.html\"},{\"@type\":\"ListItem\",\"position\":4,\"name\":\"Ph\u1ee5 ki\u1ec7n DJI Mavic 2\",\"item\":\"https:\/\/phukienflytech.vn\/en\/danh-muc\/mavic-2s-accessory.html\"},{\"@type\":\"ListItem\",\"position\":5,\"name\":\"Smart controller carrying case\"}]},{\"@type\":\"WebSite\",\"@id\":\"https:\/\/phukienflytech.vn\/#website\",\"url\":\"https:\/\/phukienflytech.vn\/\",\"name\":\"Shop M\u00e1y \u1ea3nh - Action Camera - Gimbal - Flycam - Ph\u1ee5 ki\u1ec7n\",\"description\":\"Shop M\u00e1y \u1ea3nh - Action Camera - Gimbal - Flycam - Ph\u1ee5 ki\u1ec7n\",\"publisher\":{\"@id\":\"https:\/\/phukienflytech.vn\/#organization\"},\"potentialAction\":[{\"@type\":\"SearchAction\",\"target\":{\"@type\":\"EntryPoint\",\"urlTemplate\":\"https:\/\/phukienflytech.vn\/?s={search_term_string}\"},\"query-input\":{\"@type\":\"PropertyValueSpecification\",\"valueRequired\":true,\"valueName\":\"search_term_string\"}}],\"inLanguage\":\"en-US\"},{\"@type\":\"Organization\",\"@id\":\"https:\/\/phukienflytech.vn\/#organization\",\"name\":\"DJI Store - Shop Drone, Action camera, Gimbal DJI |Phukienflytech\",\"alternateName\":\"DJI Store - Shop Drone, Action camera, Gimbal DJI |Phukienflytech\",\"url\":\"https:\/\/phukienflytech.vn\/\",\"logo\":{\"@type\":\"ImageObject\",\"inLanguage\":\"en-US\",\"@id\":\"https:\/\/phukienflytech.vn\/#\/schema\/logo\/image\/\",\"url\":\"https:\/\/phukienflytech.vn\/wp-content\/uploads\/2020\/05\/hAnh_nan.jpg1_.jpg\",\"contentUrl\":\"https:\/\/phukienflytech.vn\/wp-content\/uploads\/2020\/05\/hAnh_nan.jpg1_.jpg\",\"width\":800,\"height\":450,\"caption\":\"DJI Store - Shop Drone, Action camera, Gimbal DJI |Phukienflytech\"},\"image\":{\"@id\":\"https:\/\/phukienflytech.vn\/#\/schema\/logo\/image\/\"},\"sameAs\":[\"https:\/\/facebook.com\/phukienflycam\",\"https:\/\/www.youtube.com\/@phukienflytech\",\"https:\/\/www.tiktok.com\/@flytech.channel?fbclid=IwY2xjawGjg7BleHRuA2FlbQIxMAABHYVGmlXpuSMs0UB2zTpYvyT4GMVfN2qJa4urF4vkSQ6FAVBwXZtDP30qQA_aem_UwMiDcUvlEbd2tXAmsc8Og\"]}]}<\/script>\n<!-- \/ Yoast SEO plugin. -->","yoast_head_json":{"title":"Smart controller carrying case - Mavic 2 accessory - Available - Original","description":"Smart controller carrying case is one of the most important accessory. Contact us to buy Smart controller carrying casefor best price.","robots":{"index":"index","follow":"follow","max-snippet":"max-snippet:-1","max-image-preview":"max-image-preview:large","max-video-preview":"max-video-preview:-1"},"canonical":"https:\/\/phukienflytech.vn\/en\/san-pham\/smart-controller-carrying-case.html","og_locale":"en_US","og_type":"article","og_title":"Smart controller carrying case - Mavic 2 accessory - Available - Original","og_description":"Smart controller carrying case is one of the most important accessory. Contact us to buy Smart controller carrying casefor best price.","og_url":"https:\/\/phukienflytech.vn\/en\/san-pham\/smart-controller-carrying-case.html","og_site_name":"Shop M\u00e1y \u1ea3nh - Action Camera - Gimbal - Flycam - Ph\u1ee5 ki\u1ec7n","article_publisher":"https:\/\/facebook.com\/phukienflycam","article_modified_time":"2020-10-13T09:55:30+00:00","og_image":[{"width":300,"height":300,"url":"https:\/\/phukienflytech.vn\/wp-content\/uploads\/2020\/05\/300x300_hop-vali-dung-smart-controller-mavic-2-pro-zoom2-1_-_Copy-1.png","type":"image\/png"}],"twitter_card":"summary_large_image","twitter_misc":{"Est. reading time":"1 minute"},"schema":{"@context":"https:\/\/schema.org","@graph":[{"@type":"WebPage","@id":"https:\/\/phukienflytech.vn\/en\/san-pham\/smart-controller-carrying-case.html","url":"https:\/\/phukienflytech.vn\/en\/san-pham\/smart-controller-carrying-case.html","name":"Smart controller carrying case - Mavic 2 accessory - Available - Original","isPartOf":{"@id":"https:\/\/phukienflytech.vn\/#website"},"primaryImageOfPage":{"@id":"https:\/\/phukienflytech.vn\/en\/san-pham\/smart-controller-carrying-case.html#primaryimage"},"image":{"@id":"https:\/\/phukienflytech.vn\/en\/san-pham\/smart-controller-carrying-case.html#primaryimage"},"thumbnailUrl":"https:\/\/phukienflytech.vn\/wp-content\/uploads\/2020\/05\/300x300_hop-vali-dung-smart-controller-mavic-2-pro-zoom2-1_-_Copy-1.png","datePublished":"2020-06-17T13:08:28+00:00","dateModified":"2020-10-13T09:55:30+00:00","description":"Smart controller carrying case is one of the most important accessory. Contact us to buy Smart controller carrying casefor best price.","breadcrumb":{"@id":"https:\/\/phukienflytech.vn\/en\/san-pham\/smart-controller-carrying-case.html#breadcrumb"},"inLanguage":"en-US","potentialAction":[{"@type":"ReadAction","target":["https:\/\/phukienflytech.vn\/en\/san-pham\/smart-controller-carrying-case.html"]}]},{"@type":"ImageObject","inLanguage":"en-US","@id":"https:\/\/phukienflytech.vn\/en\/san-pham\/smart-controller-carrying-case.html#primaryimage","url":"https:\/\/phukienflytech.vn\/wp-content\/uploads\/2020\/05\/300x300_hop-vali-dung-smart-controller-mavic-2-pro-zoom2-1_-_Copy-1.png","contentUrl":"https:\/\/phukienflytech.vn\/wp-content\/uploads\/2020\/05\/300x300_hop-vali-dung-smart-controller-mavic-2-pro-zoom2-1_-_Copy-1.png","width":300,"height":300},{"@type":"BreadcrumbList","@id":"https:\/\/phukienflytech.vn\/en\/san-pham\/smart-controller-carrying-case.html#breadcrumb","itemListElement":[{"@type":"ListItem","position":1,"name":"Home","item":"https:\/\/phukienflytech.vn\/en"},{"@type":"ListItem","position":2,"name":"Ph\u1ee5 ki\u1ec7n Mavic Pro","item":"https:\/\/phukienflytech.vn\/en\/phu-kien-mavic-pro.html"},{"@type":"ListItem","position":3,"name":"DJI Osmo &amp; Drone's accessories","item":"https:\/\/phukienflytech.vn\/en\/danh-muc\/dji-osmo-drones-accessories.html"},{"@type":"ListItem","position":4,"name":"Ph\u1ee5 ki\u1ec7n DJI Mavic 2","item":"https:\/\/phukienflytech.vn\/en\/danh-muc\/mavic-2s-accessory.html"},{"@type":"ListItem","position":5,"name":"Smart controller carrying case"}]},{"@type":"WebSite","@id":"https:\/\/phukienflytech.vn\/#website","url":"https:\/\/phukienflytech.vn\/","name":"Shop M\u00e1y \u1ea3nh - Action Camera - Gimbal - Flycam - Ph\u1ee5 ki\u1ec7n","description":"Shop M\u00e1y \u1ea3nh - Action Camera - Gimbal - Flycam - Ph\u1ee5 ki\u1ec7n","publisher":{"@id":"https:\/\/phukienflytech.vn\/#organization"},"potentialAction":[{"@type":"SearchAction","target":{"@type":"EntryPoint","urlTemplate":"https:\/\/phukienflytech.vn\/?s={search_term_string}"},"query-input":{"@type":"PropertyValueSpecification","valueRequired":true,"valueName":"search_term_string"}}],"inLanguage":"en-US"},{"@type":"Organization","@id":"https:\/\/phukienflytech.vn\/#organization","name":"DJI Store - Shop Drone, Action camera, Gimbal DJI |Phukienflytech","alternateName":"DJI Store - Shop Drone, Action camera, Gimbal DJI |Phukienflytech","url":"https:\/\/phukienflytech.vn\/","logo":{"@type":"ImageObject","inLanguage":"en-US","@id":"https:\/\/phukienflytech.vn\/#\/schema\/logo\/image\/","url":"https:\/\/phukienflytech.vn\/wp-content\/uploads\/2020\/05\/hAnh_nan.jpg1_.jpg","contentUrl":"https:\/\/phukienflytech.vn\/wp-content\/uploads\/2020\/05\/hAnh_nan.jpg1_.jpg","width":800,"height":450,"caption":"DJI Store - Shop Drone, Action camera, Gimbal DJI |Phukienflytech"},"image":{"@id":"https:\/\/phukienflytech.vn\/#\/schema\/logo\/image\/"},"sameAs":["https:\/\/facebook.com\/phukienflycam","https:\/\/www.youtube.com\/@phukienflytech","https:\/\/www.tiktok.com\/@flytech.channel?fbclid=IwY2xjawGjg7BleHRuA2FlbQIxMAABHYVGmlXpuSMs0UB2zTpYvyT4GMVfN2qJa4urF4vkSQ6FAVBwXZtDP30qQA_aem_UwMiDcUvlEbd2tXAmsc8Og"]}]}},"_links":{"self":[{"href":"https:\/\/phukienflytech.vn\/en\/wp-json\/wp\/v2\/product\/4822","targetHints":{"allow":["GET"]}}],"collection":[{"href":"https:\/\/phukienflytech.vn\/en\/wp-json\/wp\/v2\/product"}],"about":[{"href":"https:\/\/phukienflytech.vn\/en\/wp-json\/wp\/v2\/types\/product"}],"replies":[{"embeddable":true,"href":"https:\/\/phukienflytech.vn\/en\/wp-json\/wp\/v2\/comments?post=4822"}],"wp:featuredmedia":[{"embeddable":true,"href":"https:\/\/phukienflytech.vn\/en\/wp-json\/wp\/v2\/media\/16440"}],"wp:attachment":[{"href":"https:\/\/phukienflytech.vn\/en\/wp-json\/wp\/v2\/media?parent=4822"}],"wp:term":[{"taxonomy":"product_brand","embeddable":true,"href":"https:\/\/phukienflytech.vn\/en\/wp-json\/wp\/v2\/product_brand?post=4822"},{"taxonomy":"product_cat","embeddable":true,"href":"https:\/\/phukienflytech.vn\/en\/wp-json\/wp\/v2\/product_cat?post=4822"},{"taxonomy":"product_tag","embeddable":true,"href":"https:\/\/phukienflytech.vn\/en\/wp-json\/wp\/v2\/product_tag?post=4822"}],"curies":[{"name":"wp","href":"https:\/\/api.w.org\/{rel}","templated":true}]}}