{"id":4823,"date":"2020-06-24T20:10:55","date_gmt":"2020-06-24T13:10:55","guid":{"rendered":"http:\/\/27430.lamdx.vinawebsite.vn\/san-pham\/sac-pin-phantom-4-tren-oto.html"},"modified":"2021-01-16T10:26:07","modified_gmt":"2021-01-16T03:26:07","slug":"phantom-4-car-charger","status":"publish","type":"product","link":"https:\/\/phukienflytech.vn\/en\/san-pham\/phantom-4-car-charger.html","title":{"rendered":"Phantom 4 car charger"},"content":{"rendered":"<h2><em><strong><span style=\"font-size: 21px; color: #0000ff;\">Phantom 4 car charger<\/span><\/strong><\/em><\/h2>\n<p><span style=\"font-size: 18px;\">Phantom 4 car charger<\/span><\/p>\n<p><span style=\"font-size: 18px;\">Nhu c\u1ea7u du l\u1ecbch tr\u00ean oto c\u00e1 nh\u00e2n, du l\u1ecbch r\u1ea5t th\u01b0\u1eddng xuy\u00ean tr\u00ean c\u00e1c qu\u00e3ng \u0111\u01b0\u1eddng d\u00e0i tr\u1edf l\u00ean m\u1ed9t ph\u1ed5 bi\u1ebfn. Ch\u00fang ta th\u01b0\u1eddng ch\u1ec9 c\u00f3 t\u1eeb 2-3 <strong><a href=\"https:\/\/phukienflytech.vn\/en\/san-pham\/pin-phantom-4-proproadv-pin-thong-minh-chinh-hang-dji.html\" target=\"_blank\" rel=\"noopener noreferrer\"><span style=\"color: #0000ff;\">Pin phantom 4<\/span><\/a><\/strong> cho chi\u1ebfc Mavic c\u1ee7a m\u00ecnh.\u00a0<\/span><\/p>\n<p>&nbsp;<\/p>\n<p><span style=\"font-size: 18px;\"><img loading=\"lazy\" decoding=\"async\" class=\"alignnone size-full wp-image-12137\" src=\"https:\/\/phukienflytech.vn\/wp-content\/uploads\/2020\/05\/sac-pin-phantom-4-tren-oto-4802-5.jpg\" alt=\"\" width=\"450\" height=\"327\" \/><\/span><\/p>\n<p>&nbsp;<\/p>\n<p style=\"text-align: justify;\"><span style=\"font-size: 18px;\">Th\u00f4ng th\u01b0\u1eddng c\u00e1c Pilot c\u1ee7a Mavic Pro \u01b0u ti\u00ean s\u1eed d\u1ee5ng\u00a0<strong><a href=\"https:\/\/phukienflytech.vn\/en\/san-pham\/bo-sac-nhanh-phantom-4.html\" target=\"_blank\" rel=\"noopener noreferrer\"><span style=\"color: #0000ff;\">B\u1ed9 s\u1ea1c nhanh Phantom 4<\/span><\/a><\/strong> \u0111\u1ec3 ti\u1ebft ki\u1ec7m th\u1eddi gian t\u1ed1i \u0111a cho vi\u1ec7c s\u1ea1c pin. N\u1ebfu ph\u1ea3i di chuy\u1ec3n th\u01b0\u1eddng xuy\u00ean tr\u00ean oto th\u00ec <strong>S\u1ea1c pin Phantom 4 tr\u00ean oto <\/strong>l\u00e0 l\u1ef1a ch\u1ecdn th\u1eadt ph\u00f9 h\u1ee3p<\/span><\/p>\n<p>&nbsp;<\/p>\n<p><span style=\"font-size: 18px;\"><img loading=\"lazy\" decoding=\"async\" class=\"alignnone wp-image-12139 size-medium\" src=\"https:\/\/phukienflytech.vn\/wp-content\/uploads\/2020\/05\/sac-pin-phantom-4-tren-oto-4802-1-1-400x400.jpg\" alt=\"Phantom-4-car-charger-2\" width=\"400\" height=\"400\" srcset=\"https:\/\/phukienflytech.vn\/wp-content\/uploads\/2020\/05\/sac-pin-phantom-4-tren-oto-4802-1-1-400x400.jpg 400w, https:\/\/phukienflytech.vn\/wp-content\/uploads\/2020\/05\/sac-pin-phantom-4-tren-oto-4802-1-1-280x280.jpg 280w, https:\/\/phukienflytech.vn\/wp-content\/uploads\/2020\/05\/sac-pin-phantom-4-tren-oto-4802-1-1-300x300.jpg 300w, https:\/\/phukienflytech.vn\/wp-content\/uploads\/2020\/05\/sac-pin-phantom-4-tren-oto-4802-1-1-100x100.jpg 100w, https:\/\/phukienflytech.vn\/wp-content\/uploads\/2020\/05\/sac-pin-phantom-4-tren-oto-4802-1-1.jpg 450w\" sizes=\"auto, (max-width: 400px) 100vw, 400px\" \/><\/span><\/p>\n<p>&nbsp;<\/p>\n<h2><span style=\"font-size: 21px;\"><strong><span style=\"color: #0000ff;\">Th\u00f4ng tin s\u1ea3n ph\u1ea9m Phantom 4 car charger:\u00a0<\/span><\/strong><\/span><\/h2>\n<ul>\n<li><span style=\"font-size: 18px;\">H\u00e3ng s\u1ea3n xu\u1ea5t: Yxtech<\/span><\/li>\n<li><span style=\"font-size: 18px;\">\u0110\u1ea7u v\u00e0o: T\u1ed1i \u0111a 11V-16V 10A<\/span><\/li>\n<li><span style=\"font-size: 18px;\">\u0110\u1ea7u ra: 17,5V 5A 87W<\/span><\/li>\n<li><span style=\"font-size: 18px;\">V\u1ecf l\u00e0m b\u1eb1ng nh\u1ef1a ABC + PC<\/span><\/li>\n<li><span style=\"font-size: 18px;\">Nhi\u1ec7t \u0111\u1ed9 ho\u1ea1t \u0111\u1ed9ng: 0\u00a0\u00b0 C \u0111\u1ebfn 45 \u00b0 C\u00a0<\/span><\/li>\n<li><span style=\"font-size: 18px;\">Th\u1eddi gian s\u1ea1c: kho\u1ea3ng 50 cho pin v\u00e0 90 ph\u00fat cho c\u1ea3 pin v\u00e0 tay khi\u1ec3n<\/span><\/li>\n<li><span style=\"font-size: 18px;\">Tr\u1ecdng l\u01b0\u1ee3ng: 140g<\/span><\/li>\n<\/ul>\n<p>&nbsp;<\/p>\n<p><span style=\"font-size: 18px;\"><img loading=\"lazy\" decoding=\"async\" class=\"alignnone wp-image-12141 size-thumbnail\" src=\"https:\/\/phukienflytech.vn\/wp-content\/uploads\/2020\/05\/sac-pin-phantom-4-tren-oto-4802-2-1-280x280.jpg\" alt=\"Phantom-4-car-charger-1\" width=\"280\" height=\"280\" srcset=\"https:\/\/phukienflytech.vn\/wp-content\/uploads\/2020\/05\/sac-pin-phantom-4-tren-oto-4802-2-1-280x280.jpg 280w, https:\/\/phukienflytech.vn\/wp-content\/uploads\/2020\/05\/sac-pin-phantom-4-tren-oto-4802-2-1-100x100.jpg 100w\" sizes=\"auto, (max-width: 280px) 100vw, 280px\" \/><\/span><\/p>\n<p>&nbsp;<\/p>\n<p style=\"text-align: justify;\"><span style=\"font-size: 18px;\">S\u1ea1c pin v\u1edbi th\u1eddi gian t\u01b0\u01a1ng t\u1ef1 nh\u01b0 d\u00f9ng adapter c\u1ee7a m\u00e1y. H\u00e3y trang b\u1ecb th\u00eam v\u00e0o b\u1ed9 s\u01b0u t\u1eadp <strong>ph\u1ee5 ki\u1ec7n mavic Phantom 4<\/strong>\u00a0c\u1ee7a m\u00ecnh th\u00eam \u0111\u1ea7y \u0111\u1ee7 h\u01a1n nh\u00e9<\/span><\/p>\n<p>&nbsp;<\/p>\n<h2><span style=\"font-size: 21px; color: #0000ff;\"><strong>Ch\u00ednh s\u00e1ch b\u1ea3o h\u00e0nh s\u1ea1c pin Phantom 4 tr\u00ean oto<\/strong><\/span><\/h2>\n<ul>\n<li><span style=\"font-size: 18px;\">B\u1ea3o h\u00e0nh : 3 th\u00e1ng<\/span><\/li>\n<li><span style=\"font-size: 18px;\">\u0110\u1ed5i m\u1edbi khi c\u00f3 l\u1ed7i : 1 tu\u1ea7n \u0111\u1ea7u\u00a0<\/span><\/li>\n<\/ul>\n<p><span style=\"font-size: 18px;\"><strong>\u0110i\u1ec1u ki\u1ec7n b\u1ea3o h\u00e0nh:<\/strong><\/span><\/p>\n<ul>\n<li><span style=\"font-size: 18px;\">S\u1ea1c kh\u00f4ng kh\u1edfi \u0111\u1ed9ng v\u00e0 t\u1eaft \u0111\u01b0\u1ee3c<\/span><\/li>\n<li><span style=\"font-size: 18px;\">L\u1ed7i k\u1ebft n\u1ed1i v\u1edbi m\u00e1y bay, s\u1ea1c\u00a0<\/span><\/li>\n<li><span style=\"font-size: 18px;\">S\u1ea1c b\u1ecb h\u01b0 h\u1ecfng do qu\u00e1 tr\u00ecnh v\u1eadn chuy\u1ec3n t\u1eeb Shop t\u1edbi ng\u01b0\u1eddi mua<\/span><\/li>\n<li><span style=\"font-size: 18px;\">S\u1ea1c c\u00f2n nguy\u00ean v\u1eb9n tem, phi\u1ebfu b\u1ea3o h\u00e0nh v\u00e0 trong th\u1eddi gian b\u1ea3o h\u00e0nh<\/span><\/li>\n<li><span style=\"font-size: 18px;\">T\u1ea5t c\u1ea3 c\u00e1c l\u1ed7i do ng\u01b0\u1eddi d\u00f9ng kh\u00f4ng tu\u00e2n th\u1ee7 quy tr\u00ecnh v\u00e0 nguy\u00ean t\u1eafc s\u1eed d\u1ee5ng d\u1eabn t\u1edbi h\u01b0 h\u1ecfng, r\u01a1i r\u1edbt \u0111\u1ec1u kh\u00f4ng \u0111\u01b0\u1ee3c b\u1ea3o h\u00e0nh.<\/span><\/li>\n<\/ul>\n<p><span style=\"font-size: 18px;\"><strong>L\u01b0u \u00fd:\u00a0<\/strong><\/span><\/p>\n<ul>\n<li><span style=\"font-size: 18px;\">S\u1ea3n ph\u1ea9m s\u1ebd c\u00f3 th\u1ebb b\u1ea3o h\u00e0nh v\u00e0 tem b\u1ea3o h\u00e0nh \u0111\u01b0\u1ee3c vi\u1ebft tr\u00ean pin<\/span><\/li>\n<li><span style=\"font-size: 18px;\">Trong tr\u01b0\u1eddng h\u1ee3p \u0111\u1ed5i m\u1edbi, ch\u00fang t\u00f4i s\u1ebd kh\u00f4ng nh\u1eadn l\u1ea1i h\u00e0ng khi h\u1ed9p v\u00e0 c\u00e1c gi\u1ea5y t\u1edd \u0111i k\u00e8m b\u1ecb h\u1ecfng ho\u1eb7c m\u1ea5t.<\/span><\/li>\n<\/ul>\n<p>&nbsp;<\/p>\n<p style=\"text-align: justify;\"><span style=\"font-size: 18px;\">H\u00e3y \u0111\u1ec3\u00a0<strong><a href=\"https:\/\/facebook.com\/phukienflycam\/\" target=\"_blank\" rel=\"noopener noreferrer\">Ph\u1ee5 Ki\u1ec7n Fly-cam Gi\u00e1 T\u1ed1t<\/a>\u00a0<\/strong>ti\u1ebfp s\u1ee9c \u0111am m\u00ea, c\u00f4ng vi\u1ec7c c\u1ee7a b\u1ea1n, gi\u00fap b\u1ea1n th\u00eam ni\u1ec1m h\u1ee9ng kh\u1edfi trong \u0111am m\u00ea c\u0169ng nh\u01b0 c\u00f4ng vi\u1ec7c c\u1ee7a m\u00ecnh th\u00eam su\u00f4n s\u1ebb<\/span><\/p>\n<p>&nbsp;<\/p>\n<p><span style=\"font-size: 18px;\"><img loading=\"lazy\" decoding=\"async\" class=\"alignnone\" src=\"https:\/\/phukienflytech.vn\/wp-content\/uploads\/2020\/07\/tai-sao-nen-su-dung-pin-mavic-mini-chinh-hang-10151-4-1-800x251.png\" alt=\"Phantom-4-car-charger\" width=\"800\" height=\"251\" \/><\/span><\/p>\n<p>&nbsp;<\/p>\n","protected":false},"excerpt":{"rendered":"<p>Phantom 4 car charger Phantom 4 car charger Nhu c\u1ea7u du l\u1ecbch tr\u00ean oto c\u00e1 nh\u00e2n, du l\u1ecbch r\u1ea5t th\u01b0\u1eddng xuy\u00ean tr\u00ean c\u00e1c qu\u00e3ng \u0111\u01b0\u1eddng d\u00e0i tr\u1edf l\u00ean m\u1ed9t ph\u1ed5 bi\u1ebfn. Ch\u00fang ta th\u01b0\u1eddng ch\u1ec9 c\u00f3 t\u1eeb 2-3 Pin phantom 4 cho chi\u1ebfc Mavic c\u1ee7a m\u00ecnh.\u00a0 &nbsp; &nbsp; Th\u00f4ng th\u01b0\u1eddng c\u00e1c Pilot c\u1ee7a Mavic Pro &#8230;<\/p>\n","protected":false},"featured_media":16288,"comment_status":"open","ping_status":"closed","template":"","meta":{"_acf_changed":false},"product_brand":[],"product_cat":[182],"product_tag":[206,227],"class_list":{"0":"post-4823","1":"product","2":"type-product","3":"status-publish","4":"has-post-thumbnail","6":"product_cat-phantom-4-accessory","7":"product_tag-phu-kien-dji-en","8":"product_tag-phu-kien-phantom-4-en","10":"first","11":"instock","12":"sale","13":"shipping-taxable","14":"purchasable","15":"product-type-simple"},"acf":[],"yoast_head":"<!-- This site is optimized with the Yoast SEO plugin v25.7 - https:\/\/yoast.com\/wordpress\/plugins\/seo\/ -->\n<title>Phantom 4 car charger - Phantom accessory - available - original.<\/title>\n<meta name=\"description\" content=\"Phantom 4 car charger is one of the most important accessory. Contact us to buy Phantom 4 car charger for best price, fast shipping.\" \/>\n<meta name=\"robots\" content=\"index, follow, max-snippet:-1, max-image-preview:large, max-video-preview:-1\" \/>\n<link rel=\"canonical\" href=\"https:\/\/phukienflytech.vn\/en\/san-pham\/phantom-4-car-charger.html\" \/>\n<meta property=\"og:locale\" content=\"en_US\" \/>\n<meta property=\"og:type\" content=\"article\" \/>\n<meta property=\"og:title\" content=\"Phantom 4 car charger - Phantom accessory - available - original.\" \/>\n<meta property=\"og:description\" content=\"Phantom 4 car charger is one of the most important accessory. Contact us to buy Phantom 4 car charger for best price, fast shipping.\" \/>\n<meta property=\"og:url\" content=\"https:\/\/phukienflytech.vn\/en\/san-pham\/phantom-4-car-charger.html\" \/>\n<meta property=\"og:site_name\" content=\"Shop M\u00e1y \u1ea3nh - Action Camera - Gimbal - Flycam - Ph\u1ee5 ki\u1ec7n\" \/>\n<meta property=\"article:publisher\" content=\"https:\/\/facebook.com\/phukienflycam\" \/>\n<meta property=\"article:modified_time\" content=\"2021-01-16T03:26:07+00:00\" \/>\n<meta property=\"og:image\" content=\"https:\/\/phukienflytech.vn\/wp-content\/uploads\/2020\/05\/DJI-Phantom-4-Car-Charger-For-Phantom-4-Battery-and-Remote-Controller-Outdoor-Charging-Fast-Charging.jpg\" \/>\n\t<meta property=\"og:image:width\" content=\"243\" \/>\n\t<meta property=\"og:image:height\" content=\"243\" \/>\n\t<meta property=\"og:image:type\" content=\"image\/jpeg\" \/>\n<meta name=\"twitter:card\" content=\"summary_large_image\" \/>\n<meta name=\"twitter:label1\" content=\"Est. reading time\" \/>\n\t<meta name=\"twitter:data1\" content=\"3 minutes\" \/>\n<script type=\"application\/ld+json\" class=\"yoast-schema-graph\">{\"@context\":\"https:\/\/schema.org\",\"@graph\":[{\"@type\":\"WebPage\",\"@id\":\"https:\/\/phukienflytech.vn\/en\/san-pham\/phantom-4-car-charger.html\",\"url\":\"https:\/\/phukienflytech.vn\/en\/san-pham\/phantom-4-car-charger.html\",\"name\":\"Phantom 4 car charger - Phantom accessory - available - original.\",\"isPartOf\":{\"@id\":\"https:\/\/phukienflytech.vn\/#website\"},\"primaryImageOfPage\":{\"@id\":\"https:\/\/phukienflytech.vn\/en\/san-pham\/phantom-4-car-charger.html#primaryimage\"},\"image\":{\"@id\":\"https:\/\/phukienflytech.vn\/en\/san-pham\/phantom-4-car-charger.html#primaryimage\"},\"thumbnailUrl\":\"https:\/\/phukienflytech.vn\/wp-content\/uploads\/2020\/05\/DJI-Phantom-4-Car-Charger-For-Phantom-4-Battery-and-Remote-Controller-Outdoor-Charging-Fast-Charging.jpg\",\"datePublished\":\"2020-06-24T13:10:55+00:00\",\"dateModified\":\"2021-01-16T03:26:07+00:00\",\"description\":\"Phantom 4 car charger is one of the most important accessory. Contact us to buy Phantom 4 car charger for best price, fast shipping.\",\"breadcrumb\":{\"@id\":\"https:\/\/phukienflytech.vn\/en\/san-pham\/phantom-4-car-charger.html#breadcrumb\"},\"inLanguage\":\"en-US\",\"potentialAction\":[{\"@type\":\"ReadAction\",\"target\":[\"https:\/\/phukienflytech.vn\/en\/san-pham\/phantom-4-car-charger.html\"]}]},{\"@type\":\"ImageObject\",\"inLanguage\":\"en-US\",\"@id\":\"https:\/\/phukienflytech.vn\/en\/san-pham\/phantom-4-car-charger.html#primaryimage\",\"url\":\"https:\/\/phukienflytech.vn\/wp-content\/uploads\/2020\/05\/DJI-Phantom-4-Car-Charger-For-Phantom-4-Battery-and-Remote-Controller-Outdoor-Charging-Fast-Charging.jpg\",\"contentUrl\":\"https:\/\/phukienflytech.vn\/wp-content\/uploads\/2020\/05\/DJI-Phantom-4-Car-Charger-For-Phantom-4-Battery-and-Remote-Controller-Outdoor-Charging-Fast-Charging.jpg\",\"width\":243,\"height\":243},{\"@type\":\"BreadcrumbList\",\"@id\":\"https:\/\/phukienflytech.vn\/en\/san-pham\/phantom-4-car-charger.html#breadcrumb\",\"itemListElement\":[{\"@type\":\"ListItem\",\"position\":1,\"name\":\"Home\",\"item\":\"https:\/\/phukienflytech.vn\/en\"},{\"@type\":\"ListItem\",\"position\":2,\"name\":\"Ph\u1ee5 ki\u1ec7n Mavic Pro\",\"item\":\"https:\/\/phukienflytech.vn\/en\/phu-kien-mavic-pro.html\"},{\"@type\":\"ListItem\",\"position\":3,\"name\":\"DJI Osmo &amp; Drone's accessories\",\"item\":\"https:\/\/phukienflytech.vn\/en\/danh-muc\/dji-osmo-drones-accessories.html\"},{\"@type\":\"ListItem\",\"position\":4,\"name\":\"Ph\u1ee5 ki\u1ec7n flycam Phantom 4\",\"item\":\"https:\/\/phukienflytech.vn\/en\/danh-muc\/phantom-4-accessory.html\"},{\"@type\":\"ListItem\",\"position\":5,\"name\":\"Phantom 4 car charger\"}]},{\"@type\":\"WebSite\",\"@id\":\"https:\/\/phukienflytech.vn\/#website\",\"url\":\"https:\/\/phukienflytech.vn\/\",\"name\":\"Shop M\u00e1y \u1ea3nh - Action Camera - Gimbal - Flycam - Ph\u1ee5 ki\u1ec7n\",\"description\":\"Shop M\u00e1y \u1ea3nh - Action Camera - Gimbal - Flycam - Ph\u1ee5 ki\u1ec7n\",\"publisher\":{\"@id\":\"https:\/\/phukienflytech.vn\/#organization\"},\"potentialAction\":[{\"@type\":\"SearchAction\",\"target\":{\"@type\":\"EntryPoint\",\"urlTemplate\":\"https:\/\/phukienflytech.vn\/?s={search_term_string}\"},\"query-input\":{\"@type\":\"PropertyValueSpecification\",\"valueRequired\":true,\"valueName\":\"search_term_string\"}}],\"inLanguage\":\"en-US\"},{\"@type\":\"Organization\",\"@id\":\"https:\/\/phukienflytech.vn\/#organization\",\"name\":\"DJI Store - Shop Drone, Action camera, Gimbal DJI |Phukienflytech\",\"alternateName\":\"DJI Store - Shop Drone, Action camera, Gimbal DJI |Phukienflytech\",\"url\":\"https:\/\/phukienflytech.vn\/\",\"logo\":{\"@type\":\"ImageObject\",\"inLanguage\":\"en-US\",\"@id\":\"https:\/\/phukienflytech.vn\/#\/schema\/logo\/image\/\",\"url\":\"https:\/\/phukienflytech.vn\/wp-content\/uploads\/2020\/05\/hAnh_nan.jpg1_.jpg\",\"contentUrl\":\"https:\/\/phukienflytech.vn\/wp-content\/uploads\/2020\/05\/hAnh_nan.jpg1_.jpg\",\"width\":800,\"height\":450,\"caption\":\"DJI Store - Shop Drone, Action camera, Gimbal DJI |Phukienflytech\"},\"image\":{\"@id\":\"https:\/\/phukienflytech.vn\/#\/schema\/logo\/image\/\"},\"sameAs\":[\"https:\/\/facebook.com\/phukienflycam\",\"https:\/\/www.youtube.com\/@phukienflytech\",\"https:\/\/www.tiktok.com\/@flytech.channel?fbclid=IwY2xjawGjg7BleHRuA2FlbQIxMAABHYVGmlXpuSMs0UB2zTpYvyT4GMVfN2qJa4urF4vkSQ6FAVBwXZtDP30qQA_aem_UwMiDcUvlEbd2tXAmsc8Og\"]}]}<\/script>\n<!-- \/ Yoast SEO plugin. -->","yoast_head_json":{"title":"Phantom 4 car charger - Phantom accessory - available - original.","description":"Phantom 4 car charger is one of the most important accessory. Contact us to buy Phantom 4 car charger for best price, fast shipping.","robots":{"index":"index","follow":"follow","max-snippet":"max-snippet:-1","max-image-preview":"max-image-preview:large","max-video-preview":"max-video-preview:-1"},"canonical":"https:\/\/phukienflytech.vn\/en\/san-pham\/phantom-4-car-charger.html","og_locale":"en_US","og_type":"article","og_title":"Phantom 4 car charger - Phantom accessory - available - original.","og_description":"Phantom 4 car charger is one of the most important accessory. Contact us to buy Phantom 4 car charger for best price, fast shipping.","og_url":"https:\/\/phukienflytech.vn\/en\/san-pham\/phantom-4-car-charger.html","og_site_name":"Shop M\u00e1y \u1ea3nh - Action Camera - Gimbal - Flycam - Ph\u1ee5 ki\u1ec7n","article_publisher":"https:\/\/facebook.com\/phukienflycam","article_modified_time":"2021-01-16T03:26:07+00:00","og_image":[{"width":243,"height":243,"url":"https:\/\/phukienflytech.vn\/wp-content\/uploads\/2020\/05\/DJI-Phantom-4-Car-Charger-For-Phantom-4-Battery-and-Remote-Controller-Outdoor-Charging-Fast-Charging.jpg","type":"image\/jpeg"}],"twitter_card":"summary_large_image","twitter_misc":{"Est. reading time":"3 minutes"},"schema":{"@context":"https:\/\/schema.org","@graph":[{"@type":"WebPage","@id":"https:\/\/phukienflytech.vn\/en\/san-pham\/phantom-4-car-charger.html","url":"https:\/\/phukienflytech.vn\/en\/san-pham\/phantom-4-car-charger.html","name":"Phantom 4 car charger - Phantom accessory - available - original.","isPartOf":{"@id":"https:\/\/phukienflytech.vn\/#website"},"primaryImageOfPage":{"@id":"https:\/\/phukienflytech.vn\/en\/san-pham\/phantom-4-car-charger.html#primaryimage"},"image":{"@id":"https:\/\/phukienflytech.vn\/en\/san-pham\/phantom-4-car-charger.html#primaryimage"},"thumbnailUrl":"https:\/\/phukienflytech.vn\/wp-content\/uploads\/2020\/05\/DJI-Phantom-4-Car-Charger-For-Phantom-4-Battery-and-Remote-Controller-Outdoor-Charging-Fast-Charging.jpg","datePublished":"2020-06-24T13:10:55+00:00","dateModified":"2021-01-16T03:26:07+00:00","description":"Phantom 4 car charger is one of the most important accessory. Contact us to buy Phantom 4 car charger for best price, fast shipping.","breadcrumb":{"@id":"https:\/\/phukienflytech.vn\/en\/san-pham\/phantom-4-car-charger.html#breadcrumb"},"inLanguage":"en-US","potentialAction":[{"@type":"ReadAction","target":["https:\/\/phukienflytech.vn\/en\/san-pham\/phantom-4-car-charger.html"]}]},{"@type":"ImageObject","inLanguage":"en-US","@id":"https:\/\/phukienflytech.vn\/en\/san-pham\/phantom-4-car-charger.html#primaryimage","url":"https:\/\/phukienflytech.vn\/wp-content\/uploads\/2020\/05\/DJI-Phantom-4-Car-Charger-For-Phantom-4-Battery-and-Remote-Controller-Outdoor-Charging-Fast-Charging.jpg","contentUrl":"https:\/\/phukienflytech.vn\/wp-content\/uploads\/2020\/05\/DJI-Phantom-4-Car-Charger-For-Phantom-4-Battery-and-Remote-Controller-Outdoor-Charging-Fast-Charging.jpg","width":243,"height":243},{"@type":"BreadcrumbList","@id":"https:\/\/phukienflytech.vn\/en\/san-pham\/phantom-4-car-charger.html#breadcrumb","itemListElement":[{"@type":"ListItem","position":1,"name":"Home","item":"https:\/\/phukienflytech.vn\/en"},{"@type":"ListItem","position":2,"name":"Ph\u1ee5 ki\u1ec7n Mavic Pro","item":"https:\/\/phukienflytech.vn\/en\/phu-kien-mavic-pro.html"},{"@type":"ListItem","position":3,"name":"DJI Osmo &amp; Drone's accessories","item":"https:\/\/phukienflytech.vn\/en\/danh-muc\/dji-osmo-drones-accessories.html"},{"@type":"ListItem","position":4,"name":"Ph\u1ee5 ki\u1ec7n flycam Phantom 4","item":"https:\/\/phukienflytech.vn\/en\/danh-muc\/phantom-4-accessory.html"},{"@type":"ListItem","position":5,"name":"Phantom 4 car charger"}]},{"@type":"WebSite","@id":"https:\/\/phukienflytech.vn\/#website","url":"https:\/\/phukienflytech.vn\/","name":"Shop M\u00e1y \u1ea3nh - Action Camera - Gimbal - Flycam - Ph\u1ee5 ki\u1ec7n","description":"Shop M\u00e1y \u1ea3nh - Action Camera - Gimbal - Flycam - Ph\u1ee5 ki\u1ec7n","publisher":{"@id":"https:\/\/phukienflytech.vn\/#organization"},"potentialAction":[{"@type":"SearchAction","target":{"@type":"EntryPoint","urlTemplate":"https:\/\/phukienflytech.vn\/?s={search_term_string}"},"query-input":{"@type":"PropertyValueSpecification","valueRequired":true,"valueName":"search_term_string"}}],"inLanguage":"en-US"},{"@type":"Organization","@id":"https:\/\/phukienflytech.vn\/#organization","name":"DJI Store - Shop Drone, Action camera, Gimbal DJI |Phukienflytech","alternateName":"DJI Store - Shop Drone, Action camera, Gimbal DJI |Phukienflytech","url":"https:\/\/phukienflytech.vn\/","logo":{"@type":"ImageObject","inLanguage":"en-US","@id":"https:\/\/phukienflytech.vn\/#\/schema\/logo\/image\/","url":"https:\/\/phukienflytech.vn\/wp-content\/uploads\/2020\/05\/hAnh_nan.jpg1_.jpg","contentUrl":"https:\/\/phukienflytech.vn\/wp-content\/uploads\/2020\/05\/hAnh_nan.jpg1_.jpg","width":800,"height":450,"caption":"DJI Store - Shop Drone, Action camera, Gimbal DJI |Phukienflytech"},"image":{"@id":"https:\/\/phukienflytech.vn\/#\/schema\/logo\/image\/"},"sameAs":["https:\/\/facebook.com\/phukienflycam","https:\/\/www.youtube.com\/@phukienflytech","https:\/\/www.tiktok.com\/@flytech.channel?fbclid=IwY2xjawGjg7BleHRuA2FlbQIxMAABHYVGmlXpuSMs0UB2zTpYvyT4GMVfN2qJa4urF4vkSQ6FAVBwXZtDP30qQA_aem_UwMiDcUvlEbd2tXAmsc8Og"]}]}},"_links":{"self":[{"href":"https:\/\/phukienflytech.vn\/en\/wp-json\/wp\/v2\/product\/4823","targetHints":{"allow":["GET"]}}],"collection":[{"href":"https:\/\/phukienflytech.vn\/en\/wp-json\/wp\/v2\/product"}],"about":[{"href":"https:\/\/phukienflytech.vn\/en\/wp-json\/wp\/v2\/types\/product"}],"replies":[{"embeddable":true,"href":"https:\/\/phukienflytech.vn\/en\/wp-json\/wp\/v2\/comments?post=4823"}],"wp:featuredmedia":[{"embeddable":true,"href":"https:\/\/phukienflytech.vn\/en\/wp-json\/wp\/v2\/media\/16288"}],"wp:attachment":[{"href":"https:\/\/phukienflytech.vn\/en\/wp-json\/wp\/v2\/media?parent=4823"}],"wp:term":[{"taxonomy":"product_brand","embeddable":true,"href":"https:\/\/phukienflytech.vn\/en\/wp-json\/wp\/v2\/product_brand?post=4823"},{"taxonomy":"product_cat","embeddable":true,"href":"https:\/\/phukienflytech.vn\/en\/wp-json\/wp\/v2\/product_cat?post=4823"},{"taxonomy":"product_tag","embeddable":true,"href":"https:\/\/phukienflytech.vn\/en\/wp-json\/wp\/v2\/product_tag?post=4823"}],"curies":[{"name":"wp","href":"https:\/\/api.w.org\/{rel}","templated":true}]}}