{"id":4846,"date":"2020-06-20T20:19:27","date_gmt":"2020-06-20T13:19:27","guid":{"rendered":"http:\/\/27430.lamdx.vinawebsite.vn\/san-pham\/tam-bao-ve-man-hinh-va-joystick-dji-smart-controller-pgytech.html"},"modified":"2023-03-07T10:26:14","modified_gmt":"2023-03-07T03:26:14","slug":"smart-controller-cover","status":"publish","type":"product","link":"https:\/\/phukienflytech.vn\/en\/san-pham\/smart-controller-cover.html","title":{"rendered":"Smart controller joystick &#038; screen protection cover &#8211; PGYtech"},"content":{"rendered":"<h2><span style=\"color: #0000ff;\"><em><strong>Smart controller cover<\/strong><\/em><\/span><\/h2>\n<p>&nbsp;<\/p>\n<p><span style=\"font-size: 18px;\">Smart controller cover<\/span><\/p>\n<p><span style=\"font-size: 18px;\">T\u1ea5m b\u1ea3o v\u1ec7 m\u00e0n h\u00ecnh v\u00e0 joystick DJI smart controller \u2013 PGYTECH<\/span><\/p>\n<p><span style=\"font-size: 18px;\">Ph\u1ee5 ki\u1ec7n dji mavic 2 pro zoom cao c\u1ea5p PGYTECH<\/span><\/p>\n<p><span style=\"font-size: 18px;\">Ph\u1ee5 ki\u1ec7n DJI mavic 2 pro zoom<\/span><\/p>\n<h2><span style=\"font-size: 18px;\"><strong><span style=\"color: #0000ff;\"><img loading=\"lazy\" decoding=\"async\" class=\"alignnone wp-image-11961 size-medium\" src=\"https:\/\/phukienflytech.vn\/wp-content\/uploads\/2020\/05\/tam-bao-ve-man-hinh-va-joystick-dji-smart-controller-pgytech-4821-474x400.png\" alt=\"Smart-controller-cover-2\" width=\"474\" height=\"400\" srcset=\"https:\/\/phukienflytech.vn\/wp-content\/uploads\/2020\/05\/tam-bao-ve-man-hinh-va-joystick-dji-smart-controller-pgytech-4821-474x400.png 474w, https:\/\/phukienflytech.vn\/wp-content\/uploads\/2020\/05\/tam-bao-ve-man-hinh-va-joystick-dji-smart-controller-pgytech-4821-600x506.png 600w, https:\/\/phukienflytech.vn\/wp-content\/uploads\/2020\/05\/tam-bao-ve-man-hinh-va-joystick-dji-smart-controller-pgytech-4821.png 616w\" sizes=\"auto, (max-width: 474px) 100vw, 474px\" \/><\/span><\/strong><\/span><\/h2>\n<p><span style=\"font-size: 18px;\">L\u00e0 m\u1ed9t trong nh\u1eefng b\u1ed9 ph\u1eadn d\u1ec5 d\u00e0ng b\u1ecb h\u01b0 t\u1ed5n h\u1ecfng h\u00f3c m\u1ed7i khi di chuy\u1ec3n do c\u00f3 k\u00edch th\u01b0\u1edbc kh\u00e1 l\u1edbn,\u00a0DJI smart controller\u00a0ch\u00ednh l\u00e0 b\u1ed9 ph\u1eadn lu\u00f4n \u0111\u01b0\u1ee3c ng\u01b0\u1eddi d\u00f9ng quan t\u00e2m b\u1ea3o v\u1ec7 m\u1ed7i khi s\u1eed d\u1ee5ng. Ch\u00ednh v\u00ec l\u1ebd \u0111\u00f3, h\u00e3ng\u00a0PGYTECH\u00a0\u0111\u00e3 cho ra m\u1eaft\u00a0t\u1ea5m b\u1ea3o v\u1ec7 m\u00e0n h\u00ecnh v\u00e0 joystick dji smart controller\u00a0gi\u00fap ng\u01b0\u1eddi d\u00f9ng c\u00f3 th\u1ec3 d\u1ec5 d\u00e0ng b\u1ea3o v\u1ec7 cho chi\u1ebfc smart controller c\u1ee7a m\u00ecnh.<\/span><\/p>\n<h2><span style=\"font-size: 18px;\"><strong><span style=\"color: #0000ff;\"><img loading=\"lazy\" decoding=\"async\" class=\"alignnone wp-image-11963 size-medium\" src=\"https:\/\/phukienflytech.vn\/wp-content\/uploads\/2020\/05\/tam-bao-ve-man-hinh-va-joystick-dji-smart-controller-pgytech-4821-1-474x400.png\" alt=\"Smart-controller-cover-9\" width=\"474\" height=\"400\" srcset=\"https:\/\/phukienflytech.vn\/wp-content\/uploads\/2020\/05\/tam-bao-ve-man-hinh-va-joystick-dji-smart-controller-pgytech-4821-1-474x400.png 474w, https:\/\/phukienflytech.vn\/wp-content\/uploads\/2020\/05\/tam-bao-ve-man-hinh-va-joystick-dji-smart-controller-pgytech-4821-1-600x506.png 600w, https:\/\/phukienflytech.vn\/wp-content\/uploads\/2020\/05\/tam-bao-ve-man-hinh-va-joystick-dji-smart-controller-pgytech-4821-1.png 616w\" sizes=\"auto, (max-width: 474px) 100vw, 474px\" \/><\/span><\/strong><\/span><\/h2>\n<p><span style=\"font-size: 18px;\">Chi ti\u1ebft c\u1ee7a\u00a0t\u1ea5m b\u1ea3o v\u1ec7 m\u00e0n h\u00ecnh v\u00e0 joystick dji smart controller<\/span><\/p>\n<p><span style=\"font-size: 18px;\">K\u00edch th\u01b0\u1edbc: 18,2&#215;12,8&#215;4,4cm<\/span><\/p>\n<p><span style=\"font-size: 18px;\">Tr\u1ecdng l\u01b0\u1ee3ng: 80,4g<\/span><\/p>\n<p><span style=\"font-size: 18px;\">Ch\u1ea5t li\u1ec7u: TPU<\/span><\/p>\n<p><span style=\"font-size: 18px;\">Nh\u00e0 s\u1ea3n xu\u1ea5t: PGYTECH<\/span><\/p>\n<h2><span style=\"font-size: 18px;\"><strong><span style=\"color: #0000ff;\"><img loading=\"lazy\" decoding=\"async\" class=\"alignnone size-medium wp-image-11965\" src=\"https:\/\/phukienflytech.vn\/wp-content\/uploads\/2020\/05\/tam-bao-ve-man-hinh-va-joystick-dji-smart-controller-pgytech-4821-2-1-400x400.jpg\" alt=\"\" width=\"400\" height=\"400\" srcset=\"https:\/\/phukienflytech.vn\/wp-content\/uploads\/2020\/05\/tam-bao-ve-man-hinh-va-joystick-dji-smart-controller-pgytech-4821-2-1-400x400.jpg 400w, https:\/\/phukienflytech.vn\/wp-content\/uploads\/2020\/05\/tam-bao-ve-man-hinh-va-joystick-dji-smart-controller-pgytech-4821-2-1-280x280.jpg 280w, https:\/\/phukienflytech.vn\/wp-content\/uploads\/2020\/05\/tam-bao-ve-man-hinh-va-joystick-dji-smart-controller-pgytech-4821-2-1-300x300.jpg 300w, https:\/\/phukienflytech.vn\/wp-content\/uploads\/2020\/05\/tam-bao-ve-man-hinh-va-joystick-dji-smart-controller-pgytech-4821-2-1-600x600.jpg 600w, https:\/\/phukienflytech.vn\/wp-content\/uploads\/2020\/05\/tam-bao-ve-man-hinh-va-joystick-dji-smart-controller-pgytech-4821-2-1-100x100.jpg 100w, https:\/\/phukienflytech.vn\/wp-content\/uploads\/2020\/05\/tam-bao-ve-man-hinh-va-joystick-dji-smart-controller-pgytech-4821-2-1.jpg 640w\" sizes=\"auto, (max-width: 400px) 100vw, 400px\" \/><\/span><\/strong><\/span><\/h2>\n<h2><span style=\"font-size: 21px;\"><strong><span style=\"color: #0000ff;\">C\u00f4ng d\u1ee5ng Smart controller cover PGYtech<\/span><\/strong><\/span><\/h2>\n<p><span style=\"font-size: 18px;\">b\u1ea3o v\u1ec7 m\u00e0n h\u00ecnh v\u00e0 joystick cho chi\u1ebfc DJI smart controller<\/span><\/p>\n<p><span style=\"font-size: 18px;\">D\u1ec5 d\u00e0ng th\u00e1o l\u1eafp v\u00e0 mang theo khi s\u1eed d\u1ee5ng<\/span><\/p>\n<h2><span style=\"font-size: 18px;\"><strong><span style=\"color: #0000ff;\"><img loading=\"lazy\" decoding=\"async\" class=\"alignnone wp-image-11967\" src=\"https:\/\/phukienflytech.vn\/wp-content\/uploads\/2020\/05\/tam-bao-ve-man-hinh-va-joystick-dji-smart-controller-pgytech-4821-3-588x400.png\" alt=\"\" width=\"529\" height=\"360\" srcset=\"https:\/\/phukienflytech.vn\/wp-content\/uploads\/2020\/05\/tam-bao-ve-man-hinh-va-joystick-dji-smart-controller-pgytech-4821-3-588x400.png 588w, https:\/\/phukienflytech.vn\/wp-content\/uploads\/2020\/05\/tam-bao-ve-man-hinh-va-joystick-dji-smart-controller-pgytech-4821-3-768x522.png 768w, https:\/\/phukienflytech.vn\/wp-content\/uploads\/2020\/05\/tam-bao-ve-man-hinh-va-joystick-dji-smart-controller-pgytech-4821-3-1176x800.png 1176w, https:\/\/phukienflytech.vn\/wp-content\/uploads\/2020\/05\/tam-bao-ve-man-hinh-va-joystick-dji-smart-controller-pgytech-4821-3-600x408.png 600w, https:\/\/phukienflytech.vn\/wp-content\/uploads\/2020\/05\/tam-bao-ve-man-hinh-va-joystick-dji-smart-controller-pgytech-4821-3.png 1250w\" sizes=\"auto, (max-width: 529px) 100vw, 529px\" \/><\/span><\/strong><\/span><\/h2>\n<p><span style=\"font-size: 18px;\">H\u00e3y\u00a0 trang b\u1ecb cho m\u00ecnh m\u1eabu\u00a0ph\u1ee5 ki\u1ec7n DJI Smart controller mavic 2\u00a0ngay \u0111\u1ec3 c\u00f3 th\u1ec3 b\u1ea3o v\u1ec7 cho chi\u1ebfc Smart controller m\u1ed9t c\u00e1ch chuy\u00ean nghi\u1ec7p nh\u1ea5t.<\/span><\/p>\n<h2><span style=\"font-size: 18px;\"><strong><span style=\"color: #0000ff;\"><img loading=\"lazy\" decoding=\"async\" class=\"alignnone wp-image-11969\" src=\"https:\/\/phukienflytech.vn\/wp-content\/uploads\/2020\/05\/tam-bao-ve-man-hinh-va-joystick-dji-smart-controller-pgytech-4821-4-562x400.png\" alt=\"Smart-controller-cover\" width=\"511\" height=\"364\" srcset=\"https:\/\/phukienflytech.vn\/wp-content\/uploads\/2020\/05\/tam-bao-ve-man-hinh-va-joystick-dji-smart-controller-pgytech-4821-4-562x400.png 562w, https:\/\/phukienflytech.vn\/wp-content\/uploads\/2020\/05\/tam-bao-ve-man-hinh-va-joystick-dji-smart-controller-pgytech-4821-4-768x547.png 768w, https:\/\/phukienflytech.vn\/wp-content\/uploads\/2020\/05\/tam-bao-ve-man-hinh-va-joystick-dji-smart-controller-pgytech-4821-4-1124x800.png 1124w, https:\/\/phukienflytech.vn\/wp-content\/uploads\/2020\/05\/tam-bao-ve-man-hinh-va-joystick-dji-smart-controller-pgytech-4821-4-600x427.png 600w, https:\/\/phukienflytech.vn\/wp-content\/uploads\/2020\/05\/tam-bao-ve-man-hinh-va-joystick-dji-smart-controller-pgytech-4821-4.png 1250w\" sizes=\"auto, (max-width: 511px) 100vw, 511px\" \/><\/span><\/strong><\/span><\/h2>\n<h3><span style=\"font-size: 18px;\"><strong> Ph\u1ee5 ki\u1ec7n Smart controller cover mavic 2<\/strong><\/span><\/h3>\n<h2><span style=\"font-size: 21px;\"><strong><span style=\"color: #0000ff;\">Mua ph\u1ee5 ki\u1ec7n DJI Mavic 2 pro zoom\u00a0\u00a0\u1edf \u0111\u00e2u?<\/span><\/strong><\/span><\/h2>\n<p><span style=\"font-size: 18px;\">\u1ede ph\u1ee5 ki\u1ec7n fly-cam gi\u00e1 t\u1ed1t b\u1ea1n c\u00f3 th\u1ec3 t\u00ecm mua \u0111\u01b0\u1ee3c nh\u1eefng ph\u1ee5 ki\u1ec7n dji ch\u1ea5t l\u01b0\u1ee3ng nh\u1ea5t m\u00e0 kh\u00f4ng c\u1ea7n lo l\u1eafng gi\u00e1 c\u1ee7a s\u1ea3n ph\u1ea9m. H\u00e3y \u0111\u1ebfn v\u1edbi ph\u1ee5 ki\u1ec7n fly-cam gi\u00e1 t\u1ed1t \u0111\u1ec3 c\u00f3 \u0111\u01b0\u1ee3c\u00a0gi\u00e1 mavic 2 pro, gi\u00e1 mavic 2 zoom,.. t\u1ed1t nh\u1ea5t v\u1edbi mong mu\u1ed1n l\u1ea5p \u0111\u1ea7y \u0111am m\u00ea trong b\u1ea1n.<\/span><\/p>\n<p><span style=\"font-size: 18px;\">C\u00e1c b\u1ea1n c\u00f3 th\u1ec3 li\u00ean h\u1ec7 qua<span style=\"font-size: 20px;\"> <a href=\"https:\/\/www.facebook.com\/phukienflycam\" target=\"_blank\" rel=\"noopener noreferrer\">fanpage<\/a><\/span> ph\u1ee5 ki\u1ec7n flytech.<\/span><\/p>\n<p><span style=\"font-size: 18px;\">T\u00ecm hi\u1ec3u th\u00eam v\u1ec1 c\u00e1c s\u1ea3n ph\u1ea9m c\u1ee7a mavic 2<span style=\"font-size: 20px;\"><a href=\"https:\/\/phukienflytech.vn\/danh-muc\/phu-kien-mavic-2.html\" target=\"_blank\" rel=\"noopener noreferrer\"> t\u1ea1i \u0111\u00e2y !<\/a><\/span><\/span><\/p>\n","protected":false},"excerpt":{"rendered":"<p>Smart controller cover &nbsp; Smart controller cover T\u1ea5m b\u1ea3o v\u1ec7 m\u00e0n h\u00ecnh v\u00e0 joystick DJI smart controller \u2013 PGYTECH Ph\u1ee5 ki\u1ec7n dji mavic 2 pro zoom cao c\u1ea5p PGYTECH Ph\u1ee5 ki\u1ec7n DJI mavic 2 pro zoom L\u00e0 m\u1ed9t trong nh\u1eefng b\u1ed9 ph\u1eadn d\u1ec5 d\u00e0ng b\u1ecb h\u01b0 t\u1ed5n h\u1ecfng h\u00f3c m\u1ed7i khi di chuy\u1ec3n do c\u00f3 &#8230;<\/p>\n","protected":false},"featured_media":4835,"comment_status":"open","ping_status":"closed","template":"","meta":{"_acf_changed":false},"product_brand":[],"product_cat":[177],"product_tag":[206,209,283],"class_list":{"0":"post-4846","1":"product","2":"type-product","3":"status-publish","4":"has-post-thumbnail","6":"product_cat-mavic-2s-accessory","7":"product_tag-phu-kien-dji-en","8":"product_tag-phu-kien-mavic-2-en","9":"product_tag-phu-kien-smart-controller-en","11":"first","12":"instock","13":"shipping-taxable","14":"purchasable","15":"product-type-variable"},"acf":[],"yoast_head":"<!-- This site is optimized with the Yoast SEO plugin v25.7 - https:\/\/yoast.com\/wordpress\/plugins\/seo\/ -->\n<title>Smart controller cover - Mavic 2 accessory - Available - Original PGYtech<\/title>\n<meta name=\"description\" content=\"Smart controller cover is one of the most important accessory. Contact us to buy Smart controller cover for best price, good warranty.\" \/>\n<meta name=\"robots\" content=\"index, follow, max-snippet:-1, max-image-preview:large, max-video-preview:-1\" \/>\n<link rel=\"canonical\" href=\"https:\/\/phukienflytech.vn\/en\/san-pham\/smart-controller-cover.html\" \/>\n<meta property=\"og:locale\" content=\"en_US\" \/>\n<meta property=\"og:type\" content=\"article\" \/>\n<meta property=\"og:title\" content=\"Smart controller cover - Mavic 2 accessory - Available - Original PGYtech\" \/>\n<meta property=\"og:description\" content=\"Smart controller cover is one of the most important accessory. Contact us to buy Smart controller cover for best price, good warranty.\" \/>\n<meta property=\"og:url\" content=\"https:\/\/phukienflytech.vn\/en\/san-pham\/smart-controller-cover.html\" \/>\n<meta property=\"og:site_name\" content=\"Shop M\u00e1y \u1ea3nh - Action Camera - Gimbal - Flycam - Ph\u1ee5 ki\u1ec7n\" \/>\n<meta property=\"article:publisher\" content=\"https:\/\/facebook.com\/phukienflycam\" \/>\n<meta property=\"article:modified_time\" content=\"2023-03-07T03:26:14+00:00\" \/>\n<meta property=\"og:image\" content=\"https:\/\/phukienflytech.vn\/wp-content\/uploads\/2020\/05\/300x300_tam-bao-ve-man-hinh-smart-controler-mavic-2-pro-zoom-phu-kien-flycam-pgytech1.png\" \/>\n\t<meta property=\"og:image:width\" content=\"300\" \/>\n\t<meta property=\"og:image:height\" content=\"300\" \/>\n\t<meta property=\"og:image:type\" content=\"image\/png\" \/>\n<meta name=\"twitter:card\" content=\"summary_large_image\" \/>\n<meta name=\"twitter:label1\" content=\"Est. reading time\" \/>\n\t<meta name=\"twitter:data1\" content=\"2 minutes\" \/>\n<script type=\"application\/ld+json\" class=\"yoast-schema-graph\">{\"@context\":\"https:\/\/schema.org\",\"@graph\":[{\"@type\":\"WebPage\",\"@id\":\"https:\/\/phukienflytech.vn\/en\/san-pham\/smart-controller-cover.html\",\"url\":\"https:\/\/phukienflytech.vn\/en\/san-pham\/smart-controller-cover.html\",\"name\":\"Smart controller cover - Mavic 2 accessory - Available - Original PGYtech\",\"isPartOf\":{\"@id\":\"https:\/\/phukienflytech.vn\/#website\"},\"primaryImageOfPage\":{\"@id\":\"https:\/\/phukienflytech.vn\/en\/san-pham\/smart-controller-cover.html#primaryimage\"},\"image\":{\"@id\":\"https:\/\/phukienflytech.vn\/en\/san-pham\/smart-controller-cover.html#primaryimage\"},\"thumbnailUrl\":\"https:\/\/phukienflytech.vn\/wp-content\/uploads\/2020\/05\/300x300_tam-bao-ve-man-hinh-smart-controler-mavic-2-pro-zoom-phu-kien-flycam-pgytech1.png\",\"datePublished\":\"2020-06-20T13:19:27+00:00\",\"dateModified\":\"2023-03-07T03:26:14+00:00\",\"description\":\"Smart controller cover is one of the most important accessory. Contact us to buy Smart controller cover for best price, good warranty.\",\"breadcrumb\":{\"@id\":\"https:\/\/phukienflytech.vn\/en\/san-pham\/smart-controller-cover.html#breadcrumb\"},\"inLanguage\":\"en-US\",\"potentialAction\":[{\"@type\":\"ReadAction\",\"target\":[\"https:\/\/phukienflytech.vn\/en\/san-pham\/smart-controller-cover.html\"]}]},{\"@type\":\"ImageObject\",\"inLanguage\":\"en-US\",\"@id\":\"https:\/\/phukienflytech.vn\/en\/san-pham\/smart-controller-cover.html#primaryimage\",\"url\":\"https:\/\/phukienflytech.vn\/wp-content\/uploads\/2020\/05\/300x300_tam-bao-ve-man-hinh-smart-controler-mavic-2-pro-zoom-phu-kien-flycam-pgytech1.png\",\"contentUrl\":\"https:\/\/phukienflytech.vn\/wp-content\/uploads\/2020\/05\/300x300_tam-bao-ve-man-hinh-smart-controler-mavic-2-pro-zoom-phu-kien-flycam-pgytech1.png\",\"width\":300,\"height\":300},{\"@type\":\"BreadcrumbList\",\"@id\":\"https:\/\/phukienflytech.vn\/en\/san-pham\/smart-controller-cover.html#breadcrumb\",\"itemListElement\":[{\"@type\":\"ListItem\",\"position\":1,\"name\":\"Home\",\"item\":\"https:\/\/phukienflytech.vn\/en\"},{\"@type\":\"ListItem\",\"position\":2,\"name\":\"Ph\u1ee5 ki\u1ec7n Mavic Pro\",\"item\":\"https:\/\/phukienflytech.vn\/en\/phu-kien-mavic-pro.html\"},{\"@type\":\"ListItem\",\"position\":3,\"name\":\"DJI Osmo &amp; Drone's accessories\",\"item\":\"https:\/\/phukienflytech.vn\/en\/danh-muc\/dji-osmo-drones-accessories.html\"},{\"@type\":\"ListItem\",\"position\":4,\"name\":\"Ph\u1ee5 ki\u1ec7n DJI Mavic 2\",\"item\":\"https:\/\/phukienflytech.vn\/en\/danh-muc\/mavic-2s-accessory.html\"},{\"@type\":\"ListItem\",\"position\":5,\"name\":\"Smart controller joystick &#038; screen protection cover &#8211; PGYtech\"}]},{\"@type\":\"WebSite\",\"@id\":\"https:\/\/phukienflytech.vn\/#website\",\"url\":\"https:\/\/phukienflytech.vn\/\",\"name\":\"Shop M\u00e1y \u1ea3nh - Action Camera - Gimbal - Flycam - Ph\u1ee5 ki\u1ec7n\",\"description\":\"Shop M\u00e1y \u1ea3nh - Action Camera - Gimbal - Flycam - Ph\u1ee5 ki\u1ec7n\",\"publisher\":{\"@id\":\"https:\/\/phukienflytech.vn\/#organization\"},\"potentialAction\":[{\"@type\":\"SearchAction\",\"target\":{\"@type\":\"EntryPoint\",\"urlTemplate\":\"https:\/\/phukienflytech.vn\/?s={search_term_string}\"},\"query-input\":{\"@type\":\"PropertyValueSpecification\",\"valueRequired\":true,\"valueName\":\"search_term_string\"}}],\"inLanguage\":\"en-US\"},{\"@type\":\"Organization\",\"@id\":\"https:\/\/phukienflytech.vn\/#organization\",\"name\":\"DJI Store - Shop Drone, Action camera, Gimbal DJI |Phukienflytech\",\"alternateName\":\"DJI Store - Shop Drone, Action camera, Gimbal DJI |Phukienflytech\",\"url\":\"https:\/\/phukienflytech.vn\/\",\"logo\":{\"@type\":\"ImageObject\",\"inLanguage\":\"en-US\",\"@id\":\"https:\/\/phukienflytech.vn\/#\/schema\/logo\/image\/\",\"url\":\"https:\/\/phukienflytech.vn\/wp-content\/uploads\/2020\/05\/hAnh_nan.jpg1_.jpg\",\"contentUrl\":\"https:\/\/phukienflytech.vn\/wp-content\/uploads\/2020\/05\/hAnh_nan.jpg1_.jpg\",\"width\":800,\"height\":450,\"caption\":\"DJI Store - Shop Drone, Action camera, Gimbal DJI |Phukienflytech\"},\"image\":{\"@id\":\"https:\/\/phukienflytech.vn\/#\/schema\/logo\/image\/\"},\"sameAs\":[\"https:\/\/facebook.com\/phukienflycam\",\"https:\/\/www.youtube.com\/@phukienflytech\",\"https:\/\/www.tiktok.com\/@flytech.channel?fbclid=IwY2xjawGjg7BleHRuA2FlbQIxMAABHYVGmlXpuSMs0UB2zTpYvyT4GMVfN2qJa4urF4vkSQ6FAVBwXZtDP30qQA_aem_UwMiDcUvlEbd2tXAmsc8Og\"]}]}<\/script>\n<!-- \/ Yoast SEO plugin. -->","yoast_head_json":{"title":"Smart controller cover - Mavic 2 accessory - Available - Original PGYtech","description":"Smart controller cover is one of the most important accessory. Contact us to buy Smart controller cover for best price, good warranty.","robots":{"index":"index","follow":"follow","max-snippet":"max-snippet:-1","max-image-preview":"max-image-preview:large","max-video-preview":"max-video-preview:-1"},"canonical":"https:\/\/phukienflytech.vn\/en\/san-pham\/smart-controller-cover.html","og_locale":"en_US","og_type":"article","og_title":"Smart controller cover - Mavic 2 accessory - Available - Original PGYtech","og_description":"Smart controller cover is one of the most important accessory. Contact us to buy Smart controller cover for best price, good warranty.","og_url":"https:\/\/phukienflytech.vn\/en\/san-pham\/smart-controller-cover.html","og_site_name":"Shop M\u00e1y \u1ea3nh - Action Camera - Gimbal - Flycam - Ph\u1ee5 ki\u1ec7n","article_publisher":"https:\/\/facebook.com\/phukienflycam","article_modified_time":"2023-03-07T03:26:14+00:00","og_image":[{"width":300,"height":300,"url":"https:\/\/phukienflytech.vn\/wp-content\/uploads\/2020\/05\/300x300_tam-bao-ve-man-hinh-smart-controler-mavic-2-pro-zoom-phu-kien-flycam-pgytech1.png","type":"image\/png"}],"twitter_card":"summary_large_image","twitter_misc":{"Est. reading time":"2 minutes"},"schema":{"@context":"https:\/\/schema.org","@graph":[{"@type":"WebPage","@id":"https:\/\/phukienflytech.vn\/en\/san-pham\/smart-controller-cover.html","url":"https:\/\/phukienflytech.vn\/en\/san-pham\/smart-controller-cover.html","name":"Smart controller cover - Mavic 2 accessory - Available - Original PGYtech","isPartOf":{"@id":"https:\/\/phukienflytech.vn\/#website"},"primaryImageOfPage":{"@id":"https:\/\/phukienflytech.vn\/en\/san-pham\/smart-controller-cover.html#primaryimage"},"image":{"@id":"https:\/\/phukienflytech.vn\/en\/san-pham\/smart-controller-cover.html#primaryimage"},"thumbnailUrl":"https:\/\/phukienflytech.vn\/wp-content\/uploads\/2020\/05\/300x300_tam-bao-ve-man-hinh-smart-controler-mavic-2-pro-zoom-phu-kien-flycam-pgytech1.png","datePublished":"2020-06-20T13:19:27+00:00","dateModified":"2023-03-07T03:26:14+00:00","description":"Smart controller cover is one of the most important accessory. Contact us to buy Smart controller cover for best price, good warranty.","breadcrumb":{"@id":"https:\/\/phukienflytech.vn\/en\/san-pham\/smart-controller-cover.html#breadcrumb"},"inLanguage":"en-US","potentialAction":[{"@type":"ReadAction","target":["https:\/\/phukienflytech.vn\/en\/san-pham\/smart-controller-cover.html"]}]},{"@type":"ImageObject","inLanguage":"en-US","@id":"https:\/\/phukienflytech.vn\/en\/san-pham\/smart-controller-cover.html#primaryimage","url":"https:\/\/phukienflytech.vn\/wp-content\/uploads\/2020\/05\/300x300_tam-bao-ve-man-hinh-smart-controler-mavic-2-pro-zoom-phu-kien-flycam-pgytech1.png","contentUrl":"https:\/\/phukienflytech.vn\/wp-content\/uploads\/2020\/05\/300x300_tam-bao-ve-man-hinh-smart-controler-mavic-2-pro-zoom-phu-kien-flycam-pgytech1.png","width":300,"height":300},{"@type":"BreadcrumbList","@id":"https:\/\/phukienflytech.vn\/en\/san-pham\/smart-controller-cover.html#breadcrumb","itemListElement":[{"@type":"ListItem","position":1,"name":"Home","item":"https:\/\/phukienflytech.vn\/en"},{"@type":"ListItem","position":2,"name":"Ph\u1ee5 ki\u1ec7n Mavic Pro","item":"https:\/\/phukienflytech.vn\/en\/phu-kien-mavic-pro.html"},{"@type":"ListItem","position":3,"name":"DJI Osmo &amp; Drone's accessories","item":"https:\/\/phukienflytech.vn\/en\/danh-muc\/dji-osmo-drones-accessories.html"},{"@type":"ListItem","position":4,"name":"Ph\u1ee5 ki\u1ec7n DJI Mavic 2","item":"https:\/\/phukienflytech.vn\/en\/danh-muc\/mavic-2s-accessory.html"},{"@type":"ListItem","position":5,"name":"Smart controller joystick &#038; screen protection cover &#8211; PGYtech"}]},{"@type":"WebSite","@id":"https:\/\/phukienflytech.vn\/#website","url":"https:\/\/phukienflytech.vn\/","name":"Shop M\u00e1y \u1ea3nh - Action Camera - Gimbal - Flycam - Ph\u1ee5 ki\u1ec7n","description":"Shop M\u00e1y \u1ea3nh - Action Camera - Gimbal - Flycam - Ph\u1ee5 ki\u1ec7n","publisher":{"@id":"https:\/\/phukienflytech.vn\/#organization"},"potentialAction":[{"@type":"SearchAction","target":{"@type":"EntryPoint","urlTemplate":"https:\/\/phukienflytech.vn\/?s={search_term_string}"},"query-input":{"@type":"PropertyValueSpecification","valueRequired":true,"valueName":"search_term_string"}}],"inLanguage":"en-US"},{"@type":"Organization","@id":"https:\/\/phukienflytech.vn\/#organization","name":"DJI Store - Shop Drone, Action camera, Gimbal DJI |Phukienflytech","alternateName":"DJI Store - Shop Drone, Action camera, Gimbal DJI |Phukienflytech","url":"https:\/\/phukienflytech.vn\/","logo":{"@type":"ImageObject","inLanguage":"en-US","@id":"https:\/\/phukienflytech.vn\/#\/schema\/logo\/image\/","url":"https:\/\/phukienflytech.vn\/wp-content\/uploads\/2020\/05\/hAnh_nan.jpg1_.jpg","contentUrl":"https:\/\/phukienflytech.vn\/wp-content\/uploads\/2020\/05\/hAnh_nan.jpg1_.jpg","width":800,"height":450,"caption":"DJI Store - Shop Drone, Action camera, Gimbal DJI |Phukienflytech"},"image":{"@id":"https:\/\/phukienflytech.vn\/#\/schema\/logo\/image\/"},"sameAs":["https:\/\/facebook.com\/phukienflycam","https:\/\/www.youtube.com\/@phukienflytech","https:\/\/www.tiktok.com\/@flytech.channel?fbclid=IwY2xjawGjg7BleHRuA2FlbQIxMAABHYVGmlXpuSMs0UB2zTpYvyT4GMVfN2qJa4urF4vkSQ6FAVBwXZtDP30qQA_aem_UwMiDcUvlEbd2tXAmsc8Og"]}]}},"_links":{"self":[{"href":"https:\/\/phukienflytech.vn\/en\/wp-json\/wp\/v2\/product\/4846","targetHints":{"allow":["GET"]}}],"collection":[{"href":"https:\/\/phukienflytech.vn\/en\/wp-json\/wp\/v2\/product"}],"about":[{"href":"https:\/\/phukienflytech.vn\/en\/wp-json\/wp\/v2\/types\/product"}],"replies":[{"embeddable":true,"href":"https:\/\/phukienflytech.vn\/en\/wp-json\/wp\/v2\/comments?post=4846"}],"wp:featuredmedia":[{"embeddable":true,"href":"https:\/\/phukienflytech.vn\/en\/wp-json\/wp\/v2\/media\/4835"}],"wp:attachment":[{"href":"https:\/\/phukienflytech.vn\/en\/wp-json\/wp\/v2\/media?parent=4846"}],"wp:term":[{"taxonomy":"product_brand","embeddable":true,"href":"https:\/\/phukienflytech.vn\/en\/wp-json\/wp\/v2\/product_brand?post=4846"},{"taxonomy":"product_cat","embeddable":true,"href":"https:\/\/phukienflytech.vn\/en\/wp-json\/wp\/v2\/product_cat?post=4846"},{"taxonomy":"product_tag","embeddable":true,"href":"https:\/\/phukienflytech.vn\/en\/wp-json\/wp\/v2\/product_tag?post=4846"}],"curies":[{"name":"wp","href":"https:\/\/api.w.org\/{rel}","templated":true}]}}